{"id":143623,"date":"2023-05-14T14:03:23","date_gmt":"2023-05-14T14:03:23","guid":{"rendered":"http:\/\/talkpal.ai\/donsk-malfraedi\/"},"modified":"2025-12-13T15:26:43","modified_gmt":"2025-12-13T15:26:43","slug":"donsk-malfraedi","status":"publish","type":"page","link":"https:\/\/talkpal.ai\/is\/donsk-malfraedi\/","title":{"rendered":"D\u00f6nsk m\u00e1lfr\u00e6\u00f0i"},"content":{"rendered":"\r\n\r\n\r\n<section class=\"languageChallengeSection\">\r\n    <div class=\"languageInfoWrapper\">\r\n        \r\n        <h1>D\u00f6nsk m\u00e1lfr\u00e6\u00f0i<\/h1>\r\n        <p>L\u00e6r\u00f0u grunnatri\u00f0i danskrar <a href=\"https:\/\/talkpal.ai\/grammar\/\">m\u00e1lfr\u00e6\u00f0i<\/a> og byrja\u00f0u a\u00f0 eiga samskipti af \u00f6ryggi \u00e1 \u00feessu heillandi skandinav\u00edska tungum\u00e1li. Me\u00f0 \u00fev\u00ed a\u00f0 n\u00e1 t\u00f6kum \u00e1 grunnreglum og uppbyggingu munt \u00fe\u00fa \u00f6\u00f0last \u00fe\u00e1 f\u00e6rni sem \u00fearf til a\u00f0 tengjast d\u00f6nskum\u00e6landi f\u00f3lki og upplifa r\u00edka menningu \u00feeirra af eigin raun. Byrja\u00f0u a\u00f0 l\u00e6ra d\u00f6nsku m\u00e1lfr\u00e6\u00f0i \u00ed dag og taktu fyrsta skrefi\u00f0 \u00ed \u00e1tt a\u00f0 f\u00e6rni \u00ed tali!\n\n<\/p>\r\n\r\n                            <a class=\"getStartedHidden\" href=\"https:\/\/app.talkpal.ai\/signup?lng=\">Byrja\u00f0u<\/a>\r\n        \r\n    <\/div>\r\n\r\n    <figure>\r\n    <img decoding=\"async\" width=\"768\" height=\"768\" src=\"https:\/\/talkpal.ai\/wp-content\/uploads\/2023\/06\/danish-768x768.png\" class=\"languageImage no-lazy\" alt=\"Language learning for career enhancement\" fetchpriority=\"high\" sizes=\"(max-width: 768px) 150px, 768px\" srcset=\"https:\/\/talkpal.ai\/wp-content\/uploads\/2023\/06\/danish-768x768.png 768w, https:\/\/talkpal.ai\/wp-content\/uploads\/2023\/06\/danish-300x300.png 300w\" \/>\r\n    \r\n\r\n    <\/figure>\r\n\r\n            <a class=\"getStartedVisible\" href=\"https:\/\/app.talkpal.ai\/signup?lng=\">Byrja\u00f0u<\/a>\r\n    \r\n<\/section>\r\n<section class=\"promotionalBanner\">\r\n    <p class=\"promotionalText\">Skilvirkasta lei\u00f0in til a\u00f0 l\u00e6ra tungum\u00e1l<\/p>\r\n    <a class=\"promotionalLink\" href=\"https:\/\/app.talkpal.ai\/signup?lng=\">Pr\u00f3fa\u00f0u Talkpal \u00f3keypis<\/a>\r\n<\/section>\n<div class=\"wp-block-group pageContainerStyle\"><div class=\"wp-block-group__inner-container is-layout-constrained wp-block-group-is-layout-constrained\">\n<h2 class=\"wp-block-heading\" id=\"h-delving-into-the-depths-of-danish-grammar-unraveling-its-idiosyncrasies-and-charm\">A\u00f0 kafa ofan \u00ed dj\u00fap danskrar m\u00e1lfr\u00e6\u00f0i: A\u00f0 afhj\u00fapa s\u00e9rkenni hennar og sjarma<\/h2>\n\n\n\n<p>Manstu eftir \u00feeim t\u00edma \u00feegar \u00fea\u00f0 a\u00f0 l\u00e6ra <a href=\"https:\/\/talkpal.ai\/learn-english-with-ai\/\">enska<\/a> m\u00e1lfr\u00e6\u00f0i virtist eins og bar\u00e1tta upp \u00e1 vi\u00f0 me\u00f0 ofgn\u00f3tt af reglum, undantekningum og fl\u00f3knum hugt\u00f6kum? Ef \u00fe\u00fa ert n\u00fana a\u00f0 leggja metna\u00f0 \u00feinn \u00ed a\u00f0 l\u00e6ra d\u00f6nsku, undirb\u00faa \u00feig fyrir a\u00f0ra hr\u00edfandi fer\u00f0 \u00ed gegnum margbreytileika og yndi danskrar m\u00e1lfr\u00e6\u00f0i.<\/p>\n\n\n\n<p><a href=\"https:\/\/talkpal.ai\/learn-danish\/\">Danska<\/a>, nor\u00f0urgerm\u00f6nsk tungum\u00e1l, deilir l\u00edkt me\u00f0 tungum\u00e1lum eins og norsku og s\u00e6nsku. Hins vegar hefur \u00fea\u00f0 s\u00edna einst\u00f6ku eiginleika sem <a href=\"https:\/\/talkpal.ai\/locations\/language-courses-in-gera\/\">gera<\/a> \u00fea\u00f0 a\u00f0 gimsteini sem vert er a\u00f0 sko\u00f0a \u00edtarlega. Byrjum \u00e1 \u00fev\u00ed a\u00f0 rifja upp undur danskrar m\u00e1lfr\u00e6\u00f0i, eina reglu \u00ed einu.<\/p>\n\n\n\n<p><strong>Sl\u00e1andi einkenni danskrar m\u00e1lfr\u00e6\u00f0i<\/strong> er einfaldleiki hennar \u00feegar kemur a\u00f0 or\u00f0ar\u00f6\u00f0. Danska fylgir efnis-verb-object (SVO) uppbyggingu, eins og enska, sem gerir <a href=\"https:\/\/talkpal.ai\/english-speaking-course\/\">enskum\u00e6landi<\/a> tilt\u00f6lulega au\u00f0velt fyrir a\u00f0 skilja. Hins vegar er \u00fat\u00farsn\u00faningur &#8211; notkun V2 or\u00f0ar\u00f6\u00f0 \u00ed a\u00f0alsetningum, sem \u00fe\u00fd\u00f0ir a\u00f0 s\u00f6gnin ver\u00f0ur alltaf a\u00f0 vera annar \u00fe\u00e1tturinn. \u00deessi regla b\u00e6tir snertingu af s\u00e9rst\u00f6\u00f0u vi\u00f0 danska tungu.<\/p>\n\n\n\n<p>Annar hjartf\u00f3lginn \u00fe\u00e1ttur \u00ed danskri m\u00e1lfr\u00e6\u00f0i er <strong>tveggja kynja kerfi<\/strong> \u00feess. \u00de\u00f3 a\u00f0 sum tungum\u00e1l eins og <a href=\"https:\/\/talkpal.ai\/learn-french\/\">franska<\/a> e\u00f0a <a href=\"https:\/\/talkpal.ai\/learn-spanish\/\">sp\u00e6nska<\/a> samanstandi af a\u00f0skildum kynjum fyrir karlkyn og kvenkyn, einfaldar danska \u00feetta me\u00f0 \u00fev\u00ed a\u00f0 nota tv\u00f6 meginkyn: sameiginlegt og hvorugkyn. \u00cd d\u00f6nsku falla flest nafnor\u00f0 undir \u201ealgengt\u201c flokkinn, sem gerir kynjasamkomulag me\u00f0 l\u00fdsingaror\u00f0um og greinum tilt\u00f6lulega einfalt a\u00f0 skilja.<\/p>\n\n\n\n<p>Kafa\u00f0u ofan \u00ed <strong>svi\u00f0 sagnbeygingar<\/strong> og \u00fe\u00fa munt komast a\u00f0 \u00fev\u00ed a\u00f0 danska skarar fram \u00far \u00f6\u00f0rum tungum\u00e1lum var\u00f0andi einfaldleika. Danskar sagnir breytast ekki eftir vi\u00f0fangsefninu, sem gerir \u00fea\u00f0 gola a\u00f0 leggja \u00e1 minni\u00f0 og skilja mismunandi form. Reglulegar sagnir fylgja fyrirsj\u00e1anlegu mynstri og jafnvel \u00f3reglulegar sagnir valda litlum \u00e1skorunum \u00fear sem \u00f3regla \u00feeirra er mj\u00f6g l\u00famskur.<\/p>\n\n\n\n<p>D\u00f6nsk m\u00e1lfr\u00e6\u00f0i b\u00fd\u00f0ur upp \u00e1 einstaka eiginleika me\u00f0 notkun sinni \u00e1 <strong>\u00f3\u00e1kve\u00f0num, greinum og s\u00fdnikennslu<\/strong>. \u00d3\u00e1kve\u00f0inn hlutur jafngildir \u201ea\u201c e\u00f0a \u201ean\u201c \u00e1 ensku og \u00e1 d\u00f6nsku getur hann veri\u00f0 \u201een\u201c fyrir algengt kyn e\u00f0a \u201eet\u201c fyrir hvorugkynsnafnor\u00f0. \u00c1kve\u00f0na greinin, svipa\u00f0 og \u201ethe\u201c \u00e1 ensku, festist vi\u00f0 enda nafnor\u00f0sins sj\u00e1lfs og sameinast \u00ed eitt or\u00f0. S\u00fdnikennsla, sem gefa til kynna tiltekin nafnor\u00f0, breytast einnig eftir kyni nafnor\u00f0sins og b\u00e6ta vi\u00f0 s\u00e9rst\u00f6\u00f0u og sjarma.<\/p>\n\n\n\n<p>Gleymum ekki fegur\u00f0 <strong>dansks frambur\u00f0ar<\/strong> sem krefst \u00feess a\u00f0 \u00feekkja s\u00e9rkennandi s\u00e9rhlj\u00f3\u00f0 hans og milda\u00f0a samhlj\u00f3\u00f0a. St\u00f8d (raddstopp) a\u00f0greinir \u00fea\u00f0 enn frekar fr\u00e1 \u00f6\u00f0rum germ\u00f6nskum m\u00e1lum og gefur d\u00f6nsku einstakan hlj\u00f3m og a\u00f0dr\u00e1ttarafl.<\/p>\n\n\n\n<p>Me\u00f0 \u00fev\u00ed a\u00f0 s\u00f6kkva \u00fe\u00e9r ni\u00f0ur \u00ed danskri m\u00e1lfr\u00e6\u00f0i muntu ekki a\u00f0eins l\u00e6ra n\u00fdtt tungum\u00e1l heldur einnig au\u00f0ga menningarlega \u00feekkingu \u00fe\u00edna og skilning \u00e1 Danm\u00f6rku og \u00edb\u00faum \u00feess. \u00der\u00e1tt fyrir a\u00f0 vera stundum krefjandi b\u00fd\u00f0ur d\u00f6nsk m\u00e1lfr\u00e6\u00f0i upp \u00e1 einstaka n\u00e1msupplifun sem opnar dyr a\u00f0 \u00f3teljandi t\u00f6frum og s\u00e9rvisku sem gera \u00fea\u00f0 a\u00f0 \u00f3m\u00f3tst\u00e6\u00f0ilegu tungum\u00e1li til a\u00f0 kanna. Svo skaltu gr\u00edpa tungum\u00e1lab\u00e6kurnar \u00fe\u00ednar og leggja af sta\u00f0 \u00ed danskt m\u00e1lfr\u00e6\u00f0i\u00e6vint\u00fdri sem lofar a\u00f0 t\u00f6fra \u00feig og hvetja \u00feig vi\u00f0 hvert f\u00f3tm\u00e1l!<\/p>\n<\/div><\/div>\n\r\n<section class=\"learnNavigationSection\">\r\n            \r\n        <a href=\"https:\/\/talkpal.ai\/is\/laerdu-donsku\/\">\r\n            <div class=\"learnNavigationWrapper\">\r\n                <div class=\"learnNavigationContent\">\r\n                    <img decoding=\"async\" src=\"https:\/\/talkpal.ai\/wp-content\/uploads\/2024\/08\/Danish.jpg\" alt=\"Danish Flag\">\r\n                    <div>\r\n                        <h4>Um d\u00f6nskun\u00e1m<\/h4>\r\n                        <p>Finndu \u00fat allt um danska m\u00e1lfr\u00e6\u00f0i.<\/p>\r\n                    <\/div>\r\n                <\/div>\r\n            <\/div>\r\n        <\/a>\r\n\r\n        \r\n        <a href=\"https:\/\/talkpal.ai\/is\/danskar-malfraediaefingar\/\">\r\n            <div class=\"learnNavigationWrapper\">\r\n                <div class=\"learnNavigationContent\">\r\n                    <img decoding=\"async\" src=\"https:\/\/talkpal.ai\/wp-content\/uploads\/2024\/08\/Danish.jpg\" alt=\"Danish Flag\">\r\n                    <div>\r\n                        <h4>D\u00f6nsk m\u00e1lfr\u00e6\u00f0i\u00e6fing<\/h4>\r\n                        <p>\u00c6f\u00f0u danska m\u00e1lfr\u00e6\u00f0i.<\/p>\r\n                    <\/div>\r\n                <\/div>\r\n            <\/div>\r\n        <\/a>\r\n\r\n        \r\n        <a href=\"https:\/\/talkpal.ai\/vocabulary_language\/danish\/\">\r\n            <div class=\"learnNavigationWrapper\">\r\n                <div class=\"learnNavigationContent\">\r\n                    <img decoding=\"async\" src=\"https:\/\/talkpal.ai\/wp-content\/uploads\/2024\/08\/Danish.jpg\" alt=\"Danish Flag\">\r\n                    <div>\r\n                        <h4>Danskur or\u00f0afor\u00f0i<\/h4>\r\n                        <p>St\u00e6kka\u00f0u danskan or\u00f0afor\u00f0a \u00feinn.<\/p>\r\n                    <\/div>\r\n                <\/div>\r\n            <\/div>\r\n        <\/a>\r\n\r\n            <\/section>","protected":false},"excerpt":{"rendered":"<p>A\u00f0 kafa ofan \u00ed dj\u00fap danskrar m\u00e1lfr\u00e6\u00f0i: A\u00f0 afhj\u00fapa s\u00e9rkenni hennar og sjarma Manstu eftir \u00feeim t\u00edma \u00feegar \u00fea\u00f0 a\u00f0 l\u00e6ra enska m\u00e1lfr\u00e6\u00f0i virtist eins og bar\u00e1tta upp \u00e1 vi\u00f0 me\u00f0 ofgn\u00f3tt af reglum, undantekningum og fl\u00f3knum hugt\u00f6kum? Ef \u00fe\u00fa ert n\u00fana a\u00f0 leggja metna\u00f0 \u00feinn \u00ed a\u00f0 l\u00e6ra d\u00f6nsku, undirb\u00faa \u00feig fyrir a\u00f0ra hr\u00edfandi [&hellip;]<\/p>\n","protected":false},"author":1,"featured_media":110951,"parent":0,"menu_order":0,"comment_status":"closed","ping_status":"closed","template":"LearningContentPage.php","meta":{"_acf_changed":false,"footnotes":""},"class_list":["post-143623","page","type-page","status-publish","has-post-thumbnail","hentry"],"acf":[],"yoast_head":"<!-- This site is optimized with the Yoast SEO Premium plugin v27.2 (Yoast SEO v27.2) - https:\/\/yoast.com\/product\/yoast-seo-premium-wordpress\/ -->\n<title>D\u00f6nsk m\u00e1lfr\u00e6\u00f0i - Talkpal<\/title>\n<meta name=\"description\" content=\"Kanna\u00f0u fl\u00e6kjur danskrar m\u00e1lfr\u00e6\u00f0i og uppg\u00f6tva\u00f0u einst\u00f6ku reglur hennar og einkenni. L\u00e6r\u00f0u a\u00f0 rata um tungum\u00e1li\u00f0 \u00e1reynslulaust.\" \/>\n<meta name=\"robots\" content=\"index, follow, max-snippet:-1, max-image-preview:large, max-video-preview:-1\" \/>\n<link rel=\"canonical\" href=\"https:\/\/talkpal.ai\/is\/donsk-malfraedi\/\" \/>\n<meta property=\"og:locale\" content=\"is_IS\" \/>\n<meta property=\"og:type\" content=\"article\" \/>\n<meta property=\"og:title\" content=\"D\u00f6nsk m\u00e1lfr\u00e6\u00f0i\" \/>\n<meta property=\"og:description\" content=\"A\u00f0 kafa ofan \u00ed dj\u00fap danskrar m\u00e1lfr\u00e6\u00f0i: A\u00f0 afhj\u00fapa s\u00e9rkenni hennar og sjarma Manstu eftir \u00feeim t\u00edma \u00feegar \u00fea\u00f0 a\u00f0 l\u00e6ra enska m\u00e1lfr\u00e6\u00f0i virtist eins og\" \/>\n<meta property=\"og:url\" content=\"https:\/\/talkpal.ai\/is\/donsk-malfraedi\/\" \/>\n<meta property=\"og:site_name\" content=\"Talkpal\" \/>\n<meta property=\"article:publisher\" content=\"https:\/\/www.facebook.com\/profile.php?id=100090733639311\" \/>\n<meta property=\"article:modified_time\" content=\"2025-12-13T15:26:43+00:00\" \/>\n<meta property=\"og:image\" content=\"https:\/\/talkpal.ai\/wp-content\/uploads\/2023\/05\/denmark.png\" \/>\n\t<meta property=\"og:image:width\" content=\"512\" \/>\n\t<meta property=\"og:image:height\" content=\"512\" \/>\n\t<meta property=\"og:image:type\" content=\"image\/png\" \/>\n<meta name=\"twitter:card\" content=\"summary_large_image\" \/>\n<meta name=\"twitter:site\" content=\"@talkpalai\" \/>\n<meta name=\"twitter:label1\" content=\"Est. reading time\" \/>\n\t<meta name=\"twitter:data1\" content=\"3 minutes\" \/>\n<script type=\"application\/ld+json\" class=\"yoast-schema-graph\">{\"@context\":\"https:\/\/schema.org\",\"@graph\":[{\"@type\":\"WebPage\",\"@id\":\"https:\/\/talkpal.ai\/is\/donsk-malfraedi\/\",\"url\":\"https:\/\/talkpal.ai\/is\/donsk-malfraedi\/\",\"name\":\"D\u00f6nsk m\u00e1lfr\u00e6\u00f0i - Talkpal\",\"isPartOf\":{\"@id\":\"https:\/\/talkpal.ai\/is\/#website\"},\"primaryImageOfPage\":{\"@id\":\"https:\/\/talkpal.ai\/is\/donsk-malfraedi\/#primaryimage\"},\"image\":{\"@id\":\"https:\/\/talkpal.ai\/is\/donsk-malfraedi\/#primaryimage\"},\"thumbnailUrl\":\"https:\/\/talkpal.ai\/wp-content\/uploads\/2023\/05\/denmark.png\",\"datePublished\":\"2023-05-14T14:03:23+00:00\",\"dateModified\":\"2025-12-13T15:26:43+00:00\",\"description\":\"Kanna\u00f0u fl\u00e6kjur danskrar m\u00e1lfr\u00e6\u00f0i og uppg\u00f6tva\u00f0u einst\u00f6ku reglur hennar og einkenni. L\u00e6r\u00f0u a\u00f0 rata um tungum\u00e1li\u00f0 \u00e1reynslulaust.\",\"breadcrumb\":{\"@id\":\"https:\/\/talkpal.ai\/is\/donsk-malfraedi\/#breadcrumb\"},\"inLanguage\":\"is\",\"potentialAction\":[{\"@type\":\"ReadAction\",\"target\":[\"https:\/\/talkpal.ai\/is\/donsk-malfraedi\/\"]}]},{\"@type\":\"ImageObject\",\"inLanguage\":\"is\",\"@id\":\"https:\/\/talkpal.ai\/is\/donsk-malfraedi\/#primaryimage\",\"url\":\"https:\/\/talkpal.ai\/wp-content\/uploads\/2023\/05\/denmark.png\",\"contentUrl\":\"https:\/\/talkpal.ai\/wp-content\/uploads\/2023\/05\/denmark.png\",\"width\":512,\"height\":512},{\"@type\":\"BreadcrumbList\",\"@id\":\"https:\/\/talkpal.ai\/is\/donsk-malfraedi\/#breadcrumb\",\"itemListElement\":[{\"@type\":\"ListItem\",\"position\":1,\"name\":\"Homepage\",\"item\":\"https:\/\/talkpal.ai\/is\/\"},{\"@type\":\"ListItem\",\"position\":2,\"name\":\"D\u00f6nsk m\u00e1lfr\u00e6\u00f0i\"}]},{\"@type\":\"WebSite\",\"@id\":\"https:\/\/talkpal.ai\/is\/#website\",\"url\":\"https:\/\/talkpal.ai\/is\/\",\"name\":\"Talkpal\",\"description\":\"AI Language Learning\",\"publisher\":{\"@id\":\"https:\/\/talkpal.ai\/is\/#organization\"},\"alternateName\":\"Talkpal AI\",\"potentialAction\":[{\"@type\":\"SearchAction\",\"target\":{\"@type\":\"EntryPoint\",\"urlTemplate\":\"https:\/\/talkpal.ai\/is\/?s={search_term_string}\"},\"query-input\":{\"@type\":\"PropertyValueSpecification\",\"valueRequired\":true,\"valueName\":\"search_term_string\"}}],\"inLanguage\":\"is\"},{\"@type\":\"Organization\",\"@id\":\"https:\/\/talkpal.ai\/is\/#organization\",\"name\":\"Talkpal, Inc.\",\"alternateName\":\"Talkpal AI\",\"url\":\"https:\/\/talkpal.ai\/is\/\",\"logo\":{\"@type\":\"ImageObject\",\"inLanguage\":\"is\",\"@id\":\"https:\/\/talkpal.ai\/is\/#\/schema\/logo\/image\/\",\"url\":\"https:\/\/talkpal.ai\/wp-content\/uploads\/2024\/03\/Talkpal-Logo-Icon.png\",\"contentUrl\":\"https:\/\/talkpal.ai\/wp-content\/uploads\/2024\/03\/Talkpal-Logo-Icon.png\",\"width\":2880,\"height\":2880,\"caption\":\"Talkpal, Inc.\"},\"image\":{\"@id\":\"https:\/\/talkpal.ai\/is\/#\/schema\/logo\/image\/\"},\"sameAs\":[\"https:\/\/www.facebook.com\/profile.php?id=100090733639311\",\"https:\/\/x.com\/talkpalai\",\"https:\/\/www.linkedin.com\/company\/talkpal\/\",\"https:\/\/www.youtube.com\/@TalkPal\/\",\"https:\/\/www.tiktok.com\/@talkpal\",\"https:\/\/www.instagram.com\/talkpal_ai\/\",\"https:\/\/www.crunchbase.com\/organization\/talkpal-9cde\",\"https:\/\/www.g2.com\/products\/talkpal-for-business\/\",\"https:\/\/www.trustpilot.com\/review\/talkpal.ai\",\"https:\/\/www.capterra.com\/p\/10006800\/TalkPal\/\"],\"description\":\"Talkpal is a language learning web and mobile education app, powered by the latest AI technologies, that provides engaging experiences to its customers in many different languages to help them improve their language skills. Users can chat about unlimited amount of topics with the app and use other modes to practice their language learning.\",\"email\":\"support@talkpal.ai\",\"legalName\":\"Talkpal, Inc.\",\"foundingDate\":\"2023-04-03\",\"duns\":\"118989042\",\"numberOfEmployees\":{\"@type\":\"QuantitativeValue\",\"minValue\":\"11\",\"maxValue\":\"50\"},\"publishingPrinciples\":\"https:\/\/talkpal.ai\/publishing-principles\/\",\"actionableFeedbackPolicy\":\"https:\/\/talkpal.ai\/actionable-feedback-policy\/\",\"correctionsPolicy\":\"https:\/\/talkpal.ai\/corrections-policy\/\",\"ethicsPolicy\":\"https:\/\/talkpal.ai\/ethics-policy\/\",\"diversityPolicy\":\"https:\/\/talkpal.ai\/diversity-policy\/\",\"diversityStaffingReport\":\"https:\/\/talkpal.ai\/diversity-policy\/\"}]}<\/script>\n<!-- \/ Yoast SEO Premium plugin. -->","yoast_head_json":{"title":"D\u00f6nsk m\u00e1lfr\u00e6\u00f0i - Talkpal","description":"Kanna\u00f0u fl\u00e6kjur danskrar m\u00e1lfr\u00e6\u00f0i og uppg\u00f6tva\u00f0u einst\u00f6ku reglur hennar og einkenni. L\u00e6r\u00f0u a\u00f0 rata um tungum\u00e1li\u00f0 \u00e1reynslulaust.","robots":{"index":"index","follow":"follow","max-snippet":"max-snippet:-1","max-image-preview":"max-image-preview:large","max-video-preview":"max-video-preview:-1"},"canonical":"https:\/\/talkpal.ai\/is\/donsk-malfraedi\/","og_locale":"is_IS","og_type":"article","og_title":"D\u00f6nsk m\u00e1lfr\u00e6\u00f0i","og_description":"A\u00f0 kafa ofan \u00ed dj\u00fap danskrar m\u00e1lfr\u00e6\u00f0i: A\u00f0 afhj\u00fapa s\u00e9rkenni hennar og sjarma Manstu eftir \u00feeim t\u00edma \u00feegar \u00fea\u00f0 a\u00f0 l\u00e6ra enska m\u00e1lfr\u00e6\u00f0i virtist eins og","og_url":"https:\/\/talkpal.ai\/is\/donsk-malfraedi\/","og_site_name":"Talkpal","article_publisher":"https:\/\/www.facebook.com\/profile.php?id=100090733639311","article_modified_time":"2025-12-13T15:26:43+00:00","og_image":[{"width":512,"height":512,"url":"https:\/\/talkpal.ai\/wp-content\/uploads\/2023\/05\/denmark.png","type":"image\/png"}],"twitter_card":"summary_large_image","twitter_site":"@talkpalai","twitter_misc":{"Est. reading time":"3 minutes"},"schema":{"@context":"https:\/\/schema.org","@graph":[{"@type":"WebPage","@id":"https:\/\/talkpal.ai\/is\/donsk-malfraedi\/","url":"https:\/\/talkpal.ai\/is\/donsk-malfraedi\/","name":"D\u00f6nsk m\u00e1lfr\u00e6\u00f0i - Talkpal","isPartOf":{"@id":"https:\/\/talkpal.ai\/is\/#website"},"primaryImageOfPage":{"@id":"https:\/\/talkpal.ai\/is\/donsk-malfraedi\/#primaryimage"},"image":{"@id":"https:\/\/talkpal.ai\/is\/donsk-malfraedi\/#primaryimage"},"thumbnailUrl":"https:\/\/talkpal.ai\/wp-content\/uploads\/2023\/05\/denmark.png","datePublished":"2023-05-14T14:03:23+00:00","dateModified":"2025-12-13T15:26:43+00:00","description":"Kanna\u00f0u fl\u00e6kjur danskrar m\u00e1lfr\u00e6\u00f0i og uppg\u00f6tva\u00f0u einst\u00f6ku reglur hennar og einkenni. L\u00e6r\u00f0u a\u00f0 rata um tungum\u00e1li\u00f0 \u00e1reynslulaust.","breadcrumb":{"@id":"https:\/\/talkpal.ai\/is\/donsk-malfraedi\/#breadcrumb"},"inLanguage":"is","potentialAction":[{"@type":"ReadAction","target":["https:\/\/talkpal.ai\/is\/donsk-malfraedi\/"]}]},{"@type":"ImageObject","inLanguage":"is","@id":"https:\/\/talkpal.ai\/is\/donsk-malfraedi\/#primaryimage","url":"https:\/\/talkpal.ai\/wp-content\/uploads\/2023\/05\/denmark.png","contentUrl":"https:\/\/talkpal.ai\/wp-content\/uploads\/2023\/05\/denmark.png","width":512,"height":512},{"@type":"BreadcrumbList","@id":"https:\/\/talkpal.ai\/is\/donsk-malfraedi\/#breadcrumb","itemListElement":[{"@type":"ListItem","position":1,"name":"Homepage","item":"https:\/\/talkpal.ai\/is\/"},{"@type":"ListItem","position":2,"name":"D\u00f6nsk m\u00e1lfr\u00e6\u00f0i"}]},{"@type":"WebSite","@id":"https:\/\/talkpal.ai\/is\/#website","url":"https:\/\/talkpal.ai\/is\/","name":"Talkpal","description":"AI Language Learning","publisher":{"@id":"https:\/\/talkpal.ai\/is\/#organization"},"alternateName":"Talkpal AI","potentialAction":[{"@type":"SearchAction","target":{"@type":"EntryPoint","urlTemplate":"https:\/\/talkpal.ai\/is\/?s={search_term_string}"},"query-input":{"@type":"PropertyValueSpecification","valueRequired":true,"valueName":"search_term_string"}}],"inLanguage":"is"},{"@type":"Organization","@id":"https:\/\/talkpal.ai\/is\/#organization","name":"Talkpal, Inc.","alternateName":"Talkpal AI","url":"https:\/\/talkpal.ai\/is\/","logo":{"@type":"ImageObject","inLanguage":"is","@id":"https:\/\/talkpal.ai\/is\/#\/schema\/logo\/image\/","url":"https:\/\/talkpal.ai\/wp-content\/uploads\/2024\/03\/Talkpal-Logo-Icon.png","contentUrl":"https:\/\/talkpal.ai\/wp-content\/uploads\/2024\/03\/Talkpal-Logo-Icon.png","width":2880,"height":2880,"caption":"Talkpal, Inc."},"image":{"@id":"https:\/\/talkpal.ai\/is\/#\/schema\/logo\/image\/"},"sameAs":["https:\/\/www.facebook.com\/profile.php?id=100090733639311","https:\/\/x.com\/talkpalai","https:\/\/www.linkedin.com\/company\/talkpal\/","https:\/\/www.youtube.com\/@TalkPal\/","https:\/\/www.tiktok.com\/@talkpal","https:\/\/www.instagram.com\/talkpal_ai\/","https:\/\/www.crunchbase.com\/organization\/talkpal-9cde","https:\/\/www.g2.com\/products\/talkpal-for-business\/","https:\/\/www.trustpilot.com\/review\/talkpal.ai","https:\/\/www.capterra.com\/p\/10006800\/TalkPal\/"],"description":"Talkpal is a language learning web and mobile education app, powered by the latest AI technologies, that provides engaging experiences to its customers in many different languages to help them improve their language skills. Users can chat about unlimited amount of topics with the app and use other modes to practice their language learning.","email":"support@talkpal.ai","legalName":"Talkpal, Inc.","foundingDate":"2023-04-03","duns":"118989042","numberOfEmployees":{"@type":"QuantitativeValue","minValue":"11","maxValue":"50"},"publishingPrinciples":"https:\/\/talkpal.ai\/publishing-principles\/","actionableFeedbackPolicy":"https:\/\/talkpal.ai\/actionable-feedback-policy\/","correctionsPolicy":"https:\/\/talkpal.ai\/corrections-policy\/","ethicsPolicy":"https:\/\/talkpal.ai\/ethics-policy\/","diversityPolicy":"https:\/\/talkpal.ai\/diversity-policy\/","diversityStaffingReport":"https:\/\/talkpal.ai\/diversity-policy\/"}]}},"_links":{"self":[{"href":"https:\/\/talkpal.ai\/is\/wp-json\/wp\/v2\/pages\/143623","targetHints":{"allow":["GET"]}}],"collection":[{"href":"https:\/\/talkpal.ai\/is\/wp-json\/wp\/v2\/pages"}],"about":[{"href":"https:\/\/talkpal.ai\/is\/wp-json\/wp\/v2\/types\/page"}],"author":[{"embeddable":true,"href":"https:\/\/talkpal.ai\/is\/wp-json\/wp\/v2\/users\/1"}],"replies":[{"embeddable":true,"href":"https:\/\/talkpal.ai\/is\/wp-json\/wp\/v2\/comments?post=143623"}],"version-history":[{"count":0,"href":"https:\/\/talkpal.ai\/is\/wp-json\/wp\/v2\/pages\/143623\/revisions"}],"wp:featuredmedia":[{"embeddable":true,"href":"https:\/\/talkpal.ai\/is\/wp-json\/wp\/v2\/media\/110951"}],"wp:attachment":[{"href":"https:\/\/talkpal.ai\/is\/wp-json\/wp\/v2\/media?parent=143623"}],"curies":[{"name":"wp","href":"https:\/\/api.w.org\/{rel}","templated":true}]}}