{"id":143292,"date":"2023-05-14T14:03:07","date_gmt":"2023-05-14T14:03:07","guid":{"rendered":"http:\/\/talkpal.ai\/tekknesk-malfraedi\/"},"modified":"2025-12-13T15:23:30","modified_gmt":"2025-12-13T15:23:30","slug":"tekknesk-malfraedi","status":"publish","type":"page","link":"https:\/\/talkpal.ai\/is\/tekknesk-malfraedi\/","title":{"rendered":"T\u00e9kknesk m\u00e1lfr\u00e6\u00f0i"},"content":{"rendered":"\r\n\r\n\r\n<section class=\"languageChallengeSection\">\r\n    <div class=\"languageInfoWrapper\">\r\n        \r\n        <h1>T\u00e9kknesk m\u00e1lfr\u00e6\u00f0i<\/h1>\r\n        <p>Kanna\u00f0u fl\u00e6kjur t\u00e9kkneskrar <a href=\"https:\/\/talkpal.ai\/grammar\/\">m\u00e1lfr\u00e6\u00f0i<\/a> og opna\u00f0u dyrnar a\u00f0 skilningi \u00e1 \u00feessu mi\u00f0-evr\u00f3pska tungum\u00e1li. Me\u00f0 \u00fev\u00ed a\u00f0 n\u00e1 t\u00f6kum \u00e1 grunnreglum og -mynstrum munt \u00fe\u00fa eiga skilvirkari samskipti og \u00f6\u00f0last d\u00fdpri inns\u00fdn \u00ed <a href=\"https:\/\/talkpal.ai\/learn-czech\/\">t\u00e9kkneska<\/a> menningu. Byrja\u00f0u a\u00f0 l\u00e6ra t\u00e9kkneska m\u00e1lfr\u00e6\u00f0i \u00ed dag og taktu fyrsta skrefi\u00f0 \u00ed \u00e1tt a\u00f0 f\u00e6rni \u00ed tali!<\/p>\r\n\r\n                            <a class=\"getStartedHidden\" href=\"https:\/\/app.talkpal.ai\/signup?lng=\">Byrja\u00f0u<\/a>\r\n        \r\n    <\/div>\r\n\r\n    <figure>\r\n    <img decoding=\"async\" width=\"768\" height=\"768\" src=\"https:\/\/talkpal.ai\/wp-content\/uploads\/2023\/06\/Czech-768x768.png\" class=\"languageImage no-lazy\" alt=\"Language learning for intellectual development\" fetchpriority=\"high\" sizes=\"(max-width: 768px) 150px, 768px\" srcset=\"https:\/\/talkpal.ai\/wp-content\/uploads\/2023\/06\/Czech-768x768.png 768w, https:\/\/talkpal.ai\/wp-content\/uploads\/2023\/06\/Czech-300x300.png 300w\" \/>\r\n    \r\n\r\n    <\/figure>\r\n\r\n            <a class=\"getStartedVisible\" href=\"https:\/\/app.talkpal.ai\/signup?lng=\">Byrja\u00f0u<\/a>\r\n    \r\n<\/section>\r\n<section class=\"promotionalBanner\">\r\n    <p class=\"promotionalText\">Skilvirkasta lei\u00f0in til a\u00f0 l\u00e6ra tungum\u00e1l<\/p>\r\n    <a class=\"promotionalLink\" href=\"https:\/\/app.talkpal.ai\/signup?lng=\">Pr\u00f3fa\u00f0u Talkpal \u00f3keypis<\/a>\r\n<\/section>\n<div class=\"wp-block-group pageContainerStyle\"><div class=\"wp-block-group__inner-container is-layout-constrained wp-block-group-is-layout-constrained\">\n<h2 class=\"wp-block-heading\" id=\"h-czech-grammar-making-sense-of-the-czech-language-s-unique-structure\">T\u00e9kknesk m\u00e1lfr\u00e6\u00f0i: A\u00f0 skilja einstaka uppbyggingu t\u00e9kknesku tungum\u00e1lsins<\/h2>\n\n\n\n<p>Ef \u00fe\u00fa hefur einhvern t\u00edma reynt a\u00f0 <a href=\"https:\/\/talkpal.ai\/learn-czech\/\">l\u00e6ra t\u00e9kknesku<\/a> \u2013 e\u00f0a jafnvel bara sko\u00f0a\u00f0 t\u00e9kkneska grein e\u00f0a b\u00f3k \u2013 hefur \u00fe\u00fa l\u00edklega teki\u00f0 eftir \u00fev\u00ed a\u00f0 m\u00e1lfr\u00e6\u00f0i hennar getur veri\u00f0 frekar krefjandi. Almennt talin eitt fl\u00f3knasta tungum\u00e1lakerfi\u00f0 hefur <a href=\"https:\/\/talkpal.ai\/czech-grammar\/\">t\u00e9kknesk m\u00e1lfr\u00e6\u00f0i<\/a> rugla\u00f0 marga erlenda <a href=\"https:\/\/talkpal.ai\/talkpal-discount-for-students\/\">nemendur<\/a>. En ekki l\u00e1ta \u00fea\u00f0 hr\u00e6\u00f0a \u00feig! S\u00e9rkenni t\u00e9kkneskrar m\u00e1lfr\u00e6\u00f0i eru \u00fea\u00f0 sem gerir \u00fea\u00f0 heillandi og einstakt. \u00cd \u00feessari grein munum vi\u00f0 afhj\u00fapa nokkra lykil\u00fe\u00e6tti t\u00e9kkneskrar m\u00e1lfr\u00e6\u00f0i \u00e1 samtals h\u00e1tt, sem hj\u00e1lpar \u00fe\u00e9r a\u00f0 skilja \u00feetta fallega tungum\u00e1l d\u00fdpra.<\/p>\n\n\n\n<h3 class=\"wp-block-heading\" id=\"h-1-nouns-declensions-and-cases-galore\">1. Nafnor\u00f0 &#8211; fallbeygingar og fallbeygingar!<\/h3>\n\n\n\n<p>Eitt af \u00fev\u00ed fyrsta sem \u00fe\u00fa munt taka eftir vi\u00f0 t\u00e9kkneska m\u00e1lfr\u00e6\u00f0i er beygingar nafnor\u00f0sins. Fallbeyging er h\u00f3pur nafnor\u00f0a me\u00f0 svipu\u00f0 m\u00e1lfr\u00e6\u00f0ileg einkenni og t\u00e9kkneska hefur allt a\u00f0 14 mismunandi fallbeygingar. Hvernig er \u00fea\u00f0 fyrir fj\u00f6lbreytnina? Hver fallbeyging hefur s\u00e9rstakt mynstur til a\u00f0 t\u00e1kna eint\u00f6lu- og fleirt\u00f6lunafnor\u00f0.<\/p>\n\n\n\n<p>T\u00e9kknesk nafnor\u00f0 hafa einnig sj\u00f6 mismunandi tilvik: nafnor\u00f0, genitive, dative, accusative, vocative, locative og instrumental. \u00de\u00f3 a\u00f0 sl\u00edk <a href=\"https:\/\/talkpal.ai\/locations\/language-courses-in-tala\/\">tala<\/a> g\u00e6ti virst \u00f3gnvekjandi, \u00fe\u00e1 er nau\u00f0synlegt a\u00f0 l\u00e6ra um \u00feessi m\u00e1l vegna \u00feess a\u00f0 \u00feau eru lykilatri\u00f0i \u00ed a\u00f0 mi\u00f0la merkingu. Til d\u00e6mis, \u00ed t\u00e9kknesku, er or\u00f0ar\u00f6\u00f0in ekki eins mikilv\u00e6g og h\u00fan er \u00e1 ensku \u2013 \u00fea\u00f0 eru tilvikin sem gefa til kynna tengsl milli or\u00f0a.<\/p>\n\n\n\n<h3 class=\"wp-block-heading\" id=\"h-2-adjectives-agreeing-with-nouns\">2. L\u00fdsingaror\u00f0 &#8211; A\u00f0 sam\u00feykkja nafnor\u00f0<\/h3>\n\n\n\n<p>T\u00e9kknesk l\u00fdsingaror\u00f0 hafa s\u00e9rstaka skyldu: \u00feau ver\u00f0a a\u00f0 vera samm\u00e1la nafnor\u00f0unum sem \u00feau breyta \u00ed kyni, t\u00f6lu og falli. Hugsa\u00f0u um \u00fea\u00f0 sem kraftmiki\u00f0 d\u00fa\u00f3, m\u00e1lfr\u00e6\u00f0itang\u00f3inn, \u00fear sem annar helmingurinn lagar sig tignarlega a\u00f0 hinni. \u00deessi samningur hj\u00e1lpar til vi\u00f0 a\u00f0 skapa samr\u00e6mi \u00ed setningum og eykur sk\u00fdrleika.<\/p>\n\n\n\n<p>Til d\u00e6mis er or\u00f0i\u00f0 fyrir \u201efallegt\u201c \u00e1 t\u00e9kknesku \u201ekr\u00e1sn\u00fd\u201c. Ef \u00fe\u00fa ert a\u00f0 l\u00fdsa fallegu h\u00fasi (d\u016fm), sem er karlkyns, muntu nota \u201ekr\u00e1sn\u00fd d\u016fm\u201c. Fyrir fallega stelpu (d\u00edvka), sem er kvenleg, ver\u00f0ur h\u00fan \u201ekr\u00e1sn\u00e1 d\u00edvka\u201c. Og fyrir fallegan dag (den), sem er hvorugkyn, muntu segja \u201ekr\u00e1sn\u00fd den\u201c. Sj\u00e1\u00f0u hvernig l\u00fdsingaror\u00f0i\u00f0 dansar \u00e1samt nafnor\u00f0inu?<\/p>\n\n\n\n<h3 class=\"wp-block-heading\" id=\"h-3-verbs-the-art-of-conjugation\">3. Sagnir &#8211; Listin a\u00f0 beygja<\/h3>\n\n\n\n<p>\u00c1 t\u00e9kknesku \u00f6\u00f0last listin a\u00f0 beygingu \u2013 \u00fea\u00f0 er a\u00f0 breyta sagnaformum bygg\u00f0um \u00e1 spennu, skapi og pers\u00f3nu \u2013 sitt eigi\u00f0 l\u00edf. T\u00e9kkneskar sagnir falla \u00ed tvo flokka: fullkominn og \u00f3fullkominn. Fullkomnar sagnir gefa til kynna a\u00f0 a\u00f0ger\u00f0 s\u00e9 loki\u00f0, en \u00f3fullkomnar sagnir benda til \u00e1framhaldandi e\u00f0a venjulegra athafna.  <\/p>\n\n\n\n<p><a href=\"https:\/\/talkpal.ai\/czech-grammar\/\">T\u00e9kknesk m\u00e1lfr\u00e6\u00f0i<\/a> hefur nokkur spennandi s\u00e9rkenni \u00feegar kemur a\u00f0 s\u00f6gnum. Til d\u00e6mis myndast framt\u00ed\u00f0arspenna a\u00f0eins reglulega fyrir \u00f3fullkomnar sagnir. Fyrir fullkomnar sagnir sameinast \u00fea\u00f0 n\u00fat\u00ed\u00f0inni! Einnig, frekar en <a href=\"https:\/\/talkpal.ai\/culture\/what-is-the-verb-ad-hafa-and-when-is-it-used\/\">a\u00f0 hafa<\/a> \u00e1kve\u00f0na a\u00f0ger\u00f0alausa r\u00f6dd, fellir t\u00e9kkneska \u00f3virkar byggingar me\u00f0 hj\u00e1lpars\u00f6gnum. Vi\u00f0 skulum ekki gleyma afturhvarfssagnir t\u00e9kknesku, \u00fear sem athafnir sn\u00faa aftur a\u00f0 vi\u00f0fangsefninu og b\u00e6ta enn einu lagi af bl\u00e6brig\u00f0um vi\u00f0 \u00feetta forvitnilega tungum\u00e1l.<\/p>\n\n\n\n<h3 class=\"wp-block-heading\" id=\"h-4-pronouns-the-mirror-of-linguistic-diversity\">4. Forn\u00f6fn: Spegill tungum\u00e1lalegrar fj\u00f6lbreytni<\/h3>\n\n\n\n<p>Forn\u00f6fn \u00ed t\u00e9kkneskri m\u00e1lfr\u00e6\u00f0i \u2013 vi\u00f0 erum a\u00f0 tala um pers\u00f3nuforn\u00f6fn, eignarfallsforn\u00f6fn, s\u00fdnikennandi, spurnarforn\u00f6fn og afst\u00e6\u00f0 forn\u00f6fn \u2013 \u00f6ll s\u00fdna sama fj\u00f6lbreytileika og a\u00f0rir hlutar m\u00e1lsins. \u00deeir ver\u00f0a l\u00edka a\u00f0 koma s\u00e9r saman um kyn, t\u00f6lu og h\u00e1stafi me\u00f0 nafnor\u00f0unum sem \u00feeir skipta \u00fat e\u00f0a v\u00edsa til.<\/p>\n\n\n\n<p>Til d\u00e6mis, ef \u00fe\u00fa ert a\u00f0 tala um b\u00f3k sem \u00fe\u00e9r l\u00edkar vi\u00f0, myndir\u00f0u segja \u201eM\u00e1m r\u00e1d tu knihu\u201c (m\u00e9r l\u00edkar vi\u00f0 \u00fe\u00e1 b\u00f3k). H\u00e9r er \u201etu\u201c kvenkynsform s\u00fdnifornafnsins \u201e\u00fea\u00f0\u201c sem er \u00ed samr\u00e6mi vi\u00f0 \u201ekniha\u201c (b\u00f3k), sem er l\u00edka kvenlegt.<\/p>\n\n\n\n<h3 class=\"wp-block-heading\" id=\"h-5-embracing-the-challenge\">5. A\u00f0 fa\u00f0ma \u00e1skorunina<\/h3>\n\n\n\n<p>T\u00e9kknesk m\u00e1lfr\u00e6\u00f0i kann a\u00f0 vera vandr\u00e6\u00f0aleg og \u00f3gnvekjandi, en \u00fea\u00f0 er l\u00edka \u00fea\u00f0 sem gerir \u00feetta heillandi tungum\u00e1l \u00e1berandi. Ekki skorast undan \u00e1skoruninni! Mundu a\u00f0 \u00feetta sn\u00fdst ekki um a\u00f0 n\u00e1 t\u00f6kum \u00e1 \u00f6llu \u00ed einu heldur taka framf\u00f6rum skref fyrir skref. Gef\u00f0u \u00fe\u00e9r t\u00edma til a\u00f0 skilja hi\u00f0 einstaka kerfi t\u00e9kkneskrar m\u00e1lfr\u00e6\u00f0i og \u00fe\u00fa munt vera \u00e1 g\u00f3\u00f0ri lei\u00f0 me\u00f0 a\u00f0 n\u00e1 t\u00f6kum \u00e1 \u00feessu fallega, fl\u00f3kna tungum\u00e1li. Og \u00feegar \u00fe\u00fa tekur \u00e1 m\u00f3ti \u00feeim yndislegu bl\u00e6brig\u00f0um sem t\u00e9kknesk m\u00e1lfr\u00e6\u00f0i hefur upp \u00e1 a\u00f0 bj\u00f3\u00f0a muntu \u00e1n efa uppg\u00f6tva n\u00fdfengi\u00f0 \u00feakkl\u00e6ti fyrir ranghala hennar. Gle\u00f0ilegt n\u00e1m!<\/p>\n<\/div><\/div>\n\r\n<section class=\"learnNavigationSection\">\r\n            \r\n        <a href=\"https:\/\/talkpal.ai\/is\/laerdu-tekknesku\/\">\r\n            <div class=\"learnNavigationWrapper\">\r\n                <div class=\"learnNavigationContent\">\r\n                    <img decoding=\"async\" src=\"https:\/\/talkpal.ai\/wp-content\/uploads\/2024\/08\/Czech.jpg\" alt=\"Czech Flag\">\r\n                    <div>\r\n                        <h4>Um t\u00e9kkneska n\u00e1m<\/h4>\r\n                        <p>Finndu \u00fat allt um t\u00e9kkneska m\u00e1lfr\u00e6\u00f0i.<\/p>\r\n                    <\/div>\r\n                <\/div>\r\n            <\/div>\r\n        <\/a>\r\n\r\n        \r\n        <a href=\"https:\/\/talkpal.ai\/is\/tekkneska-malfraedi-aefingar\/\">\r\n            <div class=\"learnNavigationWrapper\">\r\n                <div class=\"learnNavigationContent\">\r\n                    <img decoding=\"async\" src=\"https:\/\/talkpal.ai\/wp-content\/uploads\/2024\/08\/Czech.jpg\" alt=\"Czech Flag\">\r\n                    <div>\r\n                        <h4>T\u00e9kknesk m\u00e1lfr\u00e6\u00f0i\u00e6fing<\/h4>\r\n                        <p>\u00c6f\u00f0u t\u00e9kkneska m\u00e1lfr\u00e6\u00f0i.<\/p>\r\n                    <\/div>\r\n                <\/div>\r\n            <\/div>\r\n        <\/a>\r\n\r\n        \r\n        <a href=\"https:\/\/talkpal.ai\/vocabulary_language\/czech\/\">\r\n            <div class=\"learnNavigationWrapper\">\r\n                <div class=\"learnNavigationContent\">\r\n                    <img decoding=\"async\" src=\"https:\/\/talkpal.ai\/wp-content\/uploads\/2024\/08\/Czech.jpg\" alt=\"Czech Flag\">\r\n                    <div>\r\n                        <h4>T\u00e9kkneskur or\u00f0afor\u00f0i<\/h4>\r\n                        <p>St\u00e6kka\u00f0u t\u00e9kkneskan or\u00f0afor\u00f0a \u00feinn.<\/p>\r\n                    <\/div>\r\n                <\/div>\r\n            <\/div>\r\n        <\/a>\r\n\r\n            <\/section>","protected":false},"excerpt":{"rendered":"<p>T\u00e9kknesk m\u00e1lfr\u00e6\u00f0i: A\u00f0 skilja einstaka uppbyggingu t\u00e9kknesku tungum\u00e1lsins Ef \u00fe\u00fa hefur einhvern t\u00edma reynt a\u00f0 l\u00e6ra t\u00e9kknesku \u2013 e\u00f0a jafnvel bara sko\u00f0a\u00f0 t\u00e9kkneska grein e\u00f0a b\u00f3k \u2013 hefur \u00fe\u00fa l\u00edklega teki\u00f0 eftir \u00fev\u00ed a\u00f0 m\u00e1lfr\u00e6\u00f0i hennar getur veri\u00f0 frekar krefjandi. Almennt talin eitt fl\u00f3knasta tungum\u00e1lakerfi\u00f0 hefur t\u00e9kknesk m\u00e1lfr\u00e6\u00f0i rugla\u00f0 marga erlenda nemendur. En ekki l\u00e1ta [&hellip;]<\/p>\n","protected":false},"author":1,"featured_media":111826,"parent":0,"menu_order":0,"comment_status":"closed","ping_status":"closed","template":"LearningContentPage.php","meta":{"_acf_changed":false,"footnotes":""},"class_list":["post-143292","page","type-page","status-publish","has-post-thumbnail","hentry"],"acf":[],"yoast_head":"<!-- This site is optimized with the Yoast SEO Premium plugin v27.2 (Yoast SEO v27.2) - https:\/\/yoast.com\/product\/yoast-seo-premium-wordpress\/ -->\n<title>T\u00e9kknesk m\u00e1lfr\u00e6\u00f0i - Talkpal<\/title>\n<meta name=\"description\" content=\"Opna\u00f0u leyndard\u00f3ma t\u00e9kkneskrar m\u00e1lfr\u00e6\u00f0i. L\u00e6r\u00f0u um einstaka fl\u00e6kjustig \u00feess og hvernig \u00e1 a\u00f0 n\u00e1 t\u00f6kum \u00e1 nafnor\u00f0sbeygingum \u00e1 \u00e1hrifar\u00edkan h\u00e1tt.\" \/>\n<meta name=\"robots\" content=\"index, follow, max-snippet:-1, max-image-preview:large, max-video-preview:-1\" \/>\n<link rel=\"canonical\" href=\"https:\/\/talkpal.ai\/is\/tekknesk-malfraedi\/\" \/>\n<meta property=\"og:locale\" content=\"is_IS\" \/>\n<meta property=\"og:type\" content=\"article\" \/>\n<meta property=\"og:title\" content=\"T\u00e9kknesk m\u00e1lfr\u00e6\u00f0i\" \/>\n<meta property=\"og:description\" content=\"T\u00e9kknesk m\u00e1lfr\u00e6\u00f0i: A\u00f0 skilja einstaka uppbyggingu t\u00e9kknesku tungum\u00e1lsins Ef \u00fe\u00fa hefur einhvern t\u00edma reynt a\u00f0 l\u00e6ra t\u00e9kknesku \u2013 e\u00f0a jafnvel bara sko\u00f0a\u00f0\" \/>\n<meta property=\"og:url\" content=\"https:\/\/talkpal.ai\/is\/tekknesk-malfraedi\/\" \/>\n<meta property=\"og:site_name\" content=\"Talkpal\" \/>\n<meta property=\"article:publisher\" content=\"https:\/\/www.facebook.com\/profile.php?id=100090733639311\" \/>\n<meta property=\"article:modified_time\" content=\"2025-12-13T15:23:30+00:00\" \/>\n<meta property=\"og:image\" content=\"https:\/\/talkpal.ai\/wp-content\/uploads\/2023\/05\/czech-republic.png\" \/>\n\t<meta property=\"og:image:width\" content=\"512\" \/>\n\t<meta property=\"og:image:height\" content=\"512\" \/>\n\t<meta property=\"og:image:type\" content=\"image\/png\" \/>\n<meta name=\"twitter:card\" content=\"summary_large_image\" \/>\n<meta name=\"twitter:site\" content=\"@talkpalai\" \/>\n<meta name=\"twitter:label1\" content=\"Est. reading time\" \/>\n\t<meta name=\"twitter:data1\" content=\"4 minutes\" \/>\n<script type=\"application\/ld+json\" class=\"yoast-schema-graph\">{\"@context\":\"https:\/\/schema.org\",\"@graph\":[{\"@type\":\"WebPage\",\"@id\":\"https:\/\/talkpal.ai\/is\/tekknesk-malfraedi\/\",\"url\":\"https:\/\/talkpal.ai\/is\/tekknesk-malfraedi\/\",\"name\":\"T\u00e9kknesk m\u00e1lfr\u00e6\u00f0i - Talkpal\",\"isPartOf\":{\"@id\":\"https:\/\/talkpal.ai\/is\/#website\"},\"primaryImageOfPage\":{\"@id\":\"https:\/\/talkpal.ai\/is\/tekknesk-malfraedi\/#primaryimage\"},\"image\":{\"@id\":\"https:\/\/talkpal.ai\/is\/tekknesk-malfraedi\/#primaryimage\"},\"thumbnailUrl\":\"https:\/\/talkpal.ai\/wp-content\/uploads\/2023\/05\/czech-republic.png\",\"datePublished\":\"2023-05-14T14:03:07+00:00\",\"dateModified\":\"2025-12-13T15:23:30+00:00\",\"description\":\"Opna\u00f0u leyndard\u00f3ma t\u00e9kkneskrar m\u00e1lfr\u00e6\u00f0i. L\u00e6r\u00f0u um einstaka fl\u00e6kjustig \u00feess og hvernig \u00e1 a\u00f0 n\u00e1 t\u00f6kum \u00e1 nafnor\u00f0sbeygingum \u00e1 \u00e1hrifar\u00edkan h\u00e1tt.\",\"breadcrumb\":{\"@id\":\"https:\/\/talkpal.ai\/is\/tekknesk-malfraedi\/#breadcrumb\"},\"inLanguage\":\"is\",\"potentialAction\":[{\"@type\":\"ReadAction\",\"target\":[\"https:\/\/talkpal.ai\/is\/tekknesk-malfraedi\/\"]}]},{\"@type\":\"ImageObject\",\"inLanguage\":\"is\",\"@id\":\"https:\/\/talkpal.ai\/is\/tekknesk-malfraedi\/#primaryimage\",\"url\":\"https:\/\/talkpal.ai\/wp-content\/uploads\/2023\/05\/czech-republic.png\",\"contentUrl\":\"https:\/\/talkpal.ai\/wp-content\/uploads\/2023\/05\/czech-republic.png\",\"width\":512,\"height\":512},{\"@type\":\"BreadcrumbList\",\"@id\":\"https:\/\/talkpal.ai\/is\/tekknesk-malfraedi\/#breadcrumb\",\"itemListElement\":[{\"@type\":\"ListItem\",\"position\":1,\"name\":\"Homepage\",\"item\":\"https:\/\/talkpal.ai\/is\/\"},{\"@type\":\"ListItem\",\"position\":2,\"name\":\"T\u00e9kknesk m\u00e1lfr\u00e6\u00f0i\"}]},{\"@type\":\"WebSite\",\"@id\":\"https:\/\/talkpal.ai\/is\/#website\",\"url\":\"https:\/\/talkpal.ai\/is\/\",\"name\":\"Talkpal\",\"description\":\"AI Language Learning\",\"publisher\":{\"@id\":\"https:\/\/talkpal.ai\/is\/#organization\"},\"alternateName\":\"Talkpal AI\",\"potentialAction\":[{\"@type\":\"SearchAction\",\"target\":{\"@type\":\"EntryPoint\",\"urlTemplate\":\"https:\/\/talkpal.ai\/is\/?s={search_term_string}\"},\"query-input\":{\"@type\":\"PropertyValueSpecification\",\"valueRequired\":true,\"valueName\":\"search_term_string\"}}],\"inLanguage\":\"is\"},{\"@type\":\"Organization\",\"@id\":\"https:\/\/talkpal.ai\/is\/#organization\",\"name\":\"Talkpal, Inc.\",\"alternateName\":\"Talkpal AI\",\"url\":\"https:\/\/talkpal.ai\/is\/\",\"logo\":{\"@type\":\"ImageObject\",\"inLanguage\":\"is\",\"@id\":\"https:\/\/talkpal.ai\/is\/#\/schema\/logo\/image\/\",\"url\":\"https:\/\/talkpal.ai\/wp-content\/uploads\/2024\/03\/Talkpal-Logo-Icon.png\",\"contentUrl\":\"https:\/\/talkpal.ai\/wp-content\/uploads\/2024\/03\/Talkpal-Logo-Icon.png\",\"width\":2880,\"height\":2880,\"caption\":\"Talkpal, Inc.\"},\"image\":{\"@id\":\"https:\/\/talkpal.ai\/is\/#\/schema\/logo\/image\/\"},\"sameAs\":[\"https:\/\/www.facebook.com\/profile.php?id=100090733639311\",\"https:\/\/x.com\/talkpalai\",\"https:\/\/www.linkedin.com\/company\/talkpal\/\",\"https:\/\/www.youtube.com\/@TalkPal\/\",\"https:\/\/www.tiktok.com\/@talkpal\",\"https:\/\/www.instagram.com\/talkpal_ai\/\",\"https:\/\/www.crunchbase.com\/organization\/talkpal-9cde\",\"https:\/\/www.g2.com\/products\/talkpal-for-business\/\",\"https:\/\/www.trustpilot.com\/review\/talkpal.ai\",\"https:\/\/www.capterra.com\/p\/10006800\/TalkPal\/\"],\"description\":\"Talkpal is a language learning web and mobile education app, powered by the latest AI technologies, that provides engaging experiences to its customers in many different languages to help them improve their language skills. Users can chat about unlimited amount of topics with the app and use other modes to practice their language learning.\",\"email\":\"support@talkpal.ai\",\"legalName\":\"Talkpal, Inc.\",\"foundingDate\":\"2023-04-03\",\"duns\":\"118989042\",\"numberOfEmployees\":{\"@type\":\"QuantitativeValue\",\"minValue\":\"11\",\"maxValue\":\"50\"},\"publishingPrinciples\":\"https:\/\/talkpal.ai\/publishing-principles\/\",\"actionableFeedbackPolicy\":\"https:\/\/talkpal.ai\/actionable-feedback-policy\/\",\"correctionsPolicy\":\"https:\/\/talkpal.ai\/corrections-policy\/\",\"ethicsPolicy\":\"https:\/\/talkpal.ai\/ethics-policy\/\",\"diversityPolicy\":\"https:\/\/talkpal.ai\/diversity-policy\/\",\"diversityStaffingReport\":\"https:\/\/talkpal.ai\/diversity-policy\/\"}]}<\/script>\n<!-- \/ Yoast SEO Premium plugin. -->","yoast_head_json":{"title":"T\u00e9kknesk m\u00e1lfr\u00e6\u00f0i - Talkpal","description":"Opna\u00f0u leyndard\u00f3ma t\u00e9kkneskrar m\u00e1lfr\u00e6\u00f0i. L\u00e6r\u00f0u um einstaka fl\u00e6kjustig \u00feess og hvernig \u00e1 a\u00f0 n\u00e1 t\u00f6kum \u00e1 nafnor\u00f0sbeygingum \u00e1 \u00e1hrifar\u00edkan h\u00e1tt.","robots":{"index":"index","follow":"follow","max-snippet":"max-snippet:-1","max-image-preview":"max-image-preview:large","max-video-preview":"max-video-preview:-1"},"canonical":"https:\/\/talkpal.ai\/is\/tekknesk-malfraedi\/","og_locale":"is_IS","og_type":"article","og_title":"T\u00e9kknesk m\u00e1lfr\u00e6\u00f0i","og_description":"T\u00e9kknesk m\u00e1lfr\u00e6\u00f0i: A\u00f0 skilja einstaka uppbyggingu t\u00e9kknesku tungum\u00e1lsins Ef \u00fe\u00fa hefur einhvern t\u00edma reynt a\u00f0 l\u00e6ra t\u00e9kknesku \u2013 e\u00f0a jafnvel bara sko\u00f0a\u00f0","og_url":"https:\/\/talkpal.ai\/is\/tekknesk-malfraedi\/","og_site_name":"Talkpal","article_publisher":"https:\/\/www.facebook.com\/profile.php?id=100090733639311","article_modified_time":"2025-12-13T15:23:30+00:00","og_image":[{"width":512,"height":512,"url":"https:\/\/talkpal.ai\/wp-content\/uploads\/2023\/05\/czech-republic.png","type":"image\/png"}],"twitter_card":"summary_large_image","twitter_site":"@talkpalai","twitter_misc":{"Est. reading time":"4 minutes"},"schema":{"@context":"https:\/\/schema.org","@graph":[{"@type":"WebPage","@id":"https:\/\/talkpal.ai\/is\/tekknesk-malfraedi\/","url":"https:\/\/talkpal.ai\/is\/tekknesk-malfraedi\/","name":"T\u00e9kknesk m\u00e1lfr\u00e6\u00f0i - Talkpal","isPartOf":{"@id":"https:\/\/talkpal.ai\/is\/#website"},"primaryImageOfPage":{"@id":"https:\/\/talkpal.ai\/is\/tekknesk-malfraedi\/#primaryimage"},"image":{"@id":"https:\/\/talkpal.ai\/is\/tekknesk-malfraedi\/#primaryimage"},"thumbnailUrl":"https:\/\/talkpal.ai\/wp-content\/uploads\/2023\/05\/czech-republic.png","datePublished":"2023-05-14T14:03:07+00:00","dateModified":"2025-12-13T15:23:30+00:00","description":"Opna\u00f0u leyndard\u00f3ma t\u00e9kkneskrar m\u00e1lfr\u00e6\u00f0i. L\u00e6r\u00f0u um einstaka fl\u00e6kjustig \u00feess og hvernig \u00e1 a\u00f0 n\u00e1 t\u00f6kum \u00e1 nafnor\u00f0sbeygingum \u00e1 \u00e1hrifar\u00edkan h\u00e1tt.","breadcrumb":{"@id":"https:\/\/talkpal.ai\/is\/tekknesk-malfraedi\/#breadcrumb"},"inLanguage":"is","potentialAction":[{"@type":"ReadAction","target":["https:\/\/talkpal.ai\/is\/tekknesk-malfraedi\/"]}]},{"@type":"ImageObject","inLanguage":"is","@id":"https:\/\/talkpal.ai\/is\/tekknesk-malfraedi\/#primaryimage","url":"https:\/\/talkpal.ai\/wp-content\/uploads\/2023\/05\/czech-republic.png","contentUrl":"https:\/\/talkpal.ai\/wp-content\/uploads\/2023\/05\/czech-republic.png","width":512,"height":512},{"@type":"BreadcrumbList","@id":"https:\/\/talkpal.ai\/is\/tekknesk-malfraedi\/#breadcrumb","itemListElement":[{"@type":"ListItem","position":1,"name":"Homepage","item":"https:\/\/talkpal.ai\/is\/"},{"@type":"ListItem","position":2,"name":"T\u00e9kknesk m\u00e1lfr\u00e6\u00f0i"}]},{"@type":"WebSite","@id":"https:\/\/talkpal.ai\/is\/#website","url":"https:\/\/talkpal.ai\/is\/","name":"Talkpal","description":"AI Language Learning","publisher":{"@id":"https:\/\/talkpal.ai\/is\/#organization"},"alternateName":"Talkpal AI","potentialAction":[{"@type":"SearchAction","target":{"@type":"EntryPoint","urlTemplate":"https:\/\/talkpal.ai\/is\/?s={search_term_string}"},"query-input":{"@type":"PropertyValueSpecification","valueRequired":true,"valueName":"search_term_string"}}],"inLanguage":"is"},{"@type":"Organization","@id":"https:\/\/talkpal.ai\/is\/#organization","name":"Talkpal, Inc.","alternateName":"Talkpal AI","url":"https:\/\/talkpal.ai\/is\/","logo":{"@type":"ImageObject","inLanguage":"is","@id":"https:\/\/talkpal.ai\/is\/#\/schema\/logo\/image\/","url":"https:\/\/talkpal.ai\/wp-content\/uploads\/2024\/03\/Talkpal-Logo-Icon.png","contentUrl":"https:\/\/talkpal.ai\/wp-content\/uploads\/2024\/03\/Talkpal-Logo-Icon.png","width":2880,"height":2880,"caption":"Talkpal, Inc."},"image":{"@id":"https:\/\/talkpal.ai\/is\/#\/schema\/logo\/image\/"},"sameAs":["https:\/\/www.facebook.com\/profile.php?id=100090733639311","https:\/\/x.com\/talkpalai","https:\/\/www.linkedin.com\/company\/talkpal\/","https:\/\/www.youtube.com\/@TalkPal\/","https:\/\/www.tiktok.com\/@talkpal","https:\/\/www.instagram.com\/talkpal_ai\/","https:\/\/www.crunchbase.com\/organization\/talkpal-9cde","https:\/\/www.g2.com\/products\/talkpal-for-business\/","https:\/\/www.trustpilot.com\/review\/talkpal.ai","https:\/\/www.capterra.com\/p\/10006800\/TalkPal\/"],"description":"Talkpal is a language learning web and mobile education app, powered by the latest AI technologies, that provides engaging experiences to its customers in many different languages to help them improve their language skills. Users can chat about unlimited amount of topics with the app and use other modes to practice their language learning.","email":"support@talkpal.ai","legalName":"Talkpal, Inc.","foundingDate":"2023-04-03","duns":"118989042","numberOfEmployees":{"@type":"QuantitativeValue","minValue":"11","maxValue":"50"},"publishingPrinciples":"https:\/\/talkpal.ai\/publishing-principles\/","actionableFeedbackPolicy":"https:\/\/talkpal.ai\/actionable-feedback-policy\/","correctionsPolicy":"https:\/\/talkpal.ai\/corrections-policy\/","ethicsPolicy":"https:\/\/talkpal.ai\/ethics-policy\/","diversityPolicy":"https:\/\/talkpal.ai\/diversity-policy\/","diversityStaffingReport":"https:\/\/talkpal.ai\/diversity-policy\/"}]}},"_links":{"self":[{"href":"https:\/\/talkpal.ai\/is\/wp-json\/wp\/v2\/pages\/143292","targetHints":{"allow":["GET"]}}],"collection":[{"href":"https:\/\/talkpal.ai\/is\/wp-json\/wp\/v2\/pages"}],"about":[{"href":"https:\/\/talkpal.ai\/is\/wp-json\/wp\/v2\/types\/page"}],"author":[{"embeddable":true,"href":"https:\/\/talkpal.ai\/is\/wp-json\/wp\/v2\/users\/1"}],"replies":[{"embeddable":true,"href":"https:\/\/talkpal.ai\/is\/wp-json\/wp\/v2\/comments?post=143292"}],"version-history":[{"count":0,"href":"https:\/\/talkpal.ai\/is\/wp-json\/wp\/v2\/pages\/143292\/revisions"}],"wp:featuredmedia":[{"embeddable":true,"href":"https:\/\/talkpal.ai\/is\/wp-json\/wp\/v2\/media\/111826"}],"wp:attachment":[{"href":"https:\/\/talkpal.ai\/is\/wp-json\/wp\/v2\/media?parent=143292"}],"curies":[{"name":"wp","href":"https:\/\/api.w.org\/{rel}","templated":true}]}}