{"id":143004,"date":"2023-05-14T14:02:30","date_gmt":"2023-05-14T14:02:30","guid":{"rendered":"http:\/\/talkpal.ai\/grisk-malfraedi\/"},"modified":"2025-12-13T15:34:34","modified_gmt":"2025-12-13T15:34:34","slug":"grisk-malfraedi","status":"publish","type":"page","link":"https:\/\/talkpal.ai\/is\/grisk-malfraedi\/","title":{"rendered":"Gr\u00edsk m\u00e1lfr\u00e6\u00f0i"},"content":{"rendered":"\r\n\r\n\r\n<section class=\"languageChallengeSection\">\r\n    <div class=\"languageInfoWrapper\">\r\n        \r\n        <h1>Gr\u00edsk m\u00e1lfr\u00e6\u00f0i<\/h1>\r\n        <p>L\u00e6r\u00f0u <a href=\"https:\/\/talkpal.ai\/learn-greek\/\">gr\u00edska<\/a> <a href=\"https:\/\/talkpal.ai\/grammar\/\">m\u00e1lfr\u00e6\u00f0i<\/a> og st\u00edg\u00f0u inn \u00ed heim eins elsta og \u00e1hrifamesta tungum\u00e1ls mannkynsins. <a href=\"https:\/\/talkpal.ai\/learn-greek\/\">Gr\u00edska<\/a> kynnir \u00fe\u00e9r einstaka stafr\u00f3fi\u00f0, tj\u00e1ningarfullar sagnabeygingar og kerfi nafnor\u00f0a sem m\u00f3ta merkingu. \u00deegar \u00fe\u00fa kannar munt \u00fe\u00fa afhj\u00fapa r\u00e6tur margra enskra or\u00f0a og tengjast r\u00edkri menningararfleif\u00f0. Kaf\u00f0u \u00fe\u00e9r til og nj\u00f3ttu \u00feeirrar gefandi \u00e1skorunar a\u00f0 l\u00e6ra gr\u00edska m\u00e1lfr\u00e6\u00f0i!<\/p>\r\n\r\n                            <a class=\"getStartedHidden\" href=\"https:\/\/app.talkpal.ai\/signup?lng=\">Byrja\u00f0u<\/a>\r\n        \r\n    <\/div>\r\n\r\n    <figure>\r\n    <img decoding=\"async\" width=\"768\" height=\"768\" src=\"https:\/\/talkpal.ai\/wp-content\/uploads\/2023\/06\/greek-768x768.png\" class=\"languageImage no-lazy\" alt=\"Language learning to boost personal capability\" fetchpriority=\"high\" sizes=\"(max-width: 768px) 150px, 768px\" srcset=\"https:\/\/talkpal.ai\/wp-content\/uploads\/2023\/06\/greek-768x768.png 768w, https:\/\/talkpal.ai\/wp-content\/uploads\/2023\/06\/greek-300x300.png 300w\" \/>\r\n    \r\n\r\n    <\/figure>\r\n\r\n            <a class=\"getStartedVisible\" href=\"https:\/\/app.talkpal.ai\/signup?lng=\">Byrja\u00f0u<\/a>\r\n    \r\n<\/section>\r\n<section class=\"promotionalBanner\">\r\n    <p class=\"promotionalText\">Skilvirkasta lei\u00f0in til a\u00f0 l\u00e6ra tungum\u00e1l<\/p>\r\n    <a class=\"promotionalLink\" href=\"https:\/\/app.talkpal.ai\/signup?lng=\">Pr\u00f3fa\u00f0u Talkpal \u00f3keypis<\/a>\r\n<\/section>\n<div class=\"wp-block-group pageContainerStyle\"><div class=\"wp-block-group__inner-container is-layout-constrained wp-block-group-is-layout-constrained\">\n<h2 class=\"wp-block-heading\" id=\"h-demystifying-greek-grammar-a-comprehensive-guide\">Afm\u00fdkjandi gr\u00edsk m\u00e1lfr\u00e6\u00f0i: Alhli\u00f0a lei\u00f0arv\u00edsir<\/h2>\n\n\n\n<p>Gr\u00edska, gl\u00e6silegt og fornt tungum\u00e1l, skipar s\u00e9rstakan sess \u00ed m\u00e1ls\u00f6gunni og er enn \u00e1hrifamikil \u00ed dag. Me\u00f0 sterkan grunn \u00ed gr\u00edskri m\u00e1lfr\u00e6\u00f0i f\u00e6r\u00f0u a\u00f0gang a\u00f0 miklum menningar- og s\u00f6gulegum au\u00f0lindum \u00e1 <a href=\"https:\/\/talkpal.ai\/locations\/language-courses-in-sama\/\">sama<\/a> t\u00edma og \u00fe\u00fa opnar anna\u00f0 lag af merkingu \u00ed enskum or\u00f0afor\u00f0a. Andst\u00e6tt \u00fev\u00ed sem almennt er tali\u00f0 er <a href=\"https:\/\/talkpal.ai\/greek-grammar\/\">gr\u00edsk m\u00e1lfr\u00e6\u00f0i<\/a> ekki eins \u00f3gnvekjandi og h\u00fan kann a\u00f0 vir\u00f0ast \u00ed fyrstu. \u00cd \u00feessari grein munum vi\u00f0 hj\u00e1lpa \u00fe\u00e9r a\u00f0 fletta \u00ed gegnum mikilv\u00e6ga \u00fe\u00e6tti gr\u00edskrar m\u00e1lfr\u00e6\u00f0i til a\u00f0 <a href=\"https:\/\/talkpal.ai\/locations\/language-courses-in-gera\/\">gera<\/a> \u00fe\u00e9r kleift a\u00f0 n\u00e1lgast \u00feetta tungum\u00e1l af sj\u00e1lfstrausti og eldm\u00f3\u00f0i.<\/p>\n\n\n\n<h3 class=\"wp-block-heading\" id=\"h-1-understanding-greek-nouns-cases-and-articles\">1. A\u00f0 skilja gr\u00edsk nafnor\u00f0, m\u00e1l og greinar<\/h3>\n\n\n\n<p>Gr\u00edsk nafnor\u00f0 eru flokku\u00f0 \u00ed \u00ferj\u00fa kyn: karlkyn, kvenkyn og hvorugkyn. Hvert nafnor\u00f0 tilheyrir einni af \u00feremur beygingum, sem \u00e1kvar\u00f0a endingar nafnor\u00f0sins \u00fat fr\u00e1 kyni \u00feess, t\u00f6lu (eint\u00f6lu e\u00f0a fleirt\u00f6lu) og h\u00e1st\u00f6fum. \u00c1 gr\u00edsku eru fimm tilfelli: nafnor\u00f0, genitive, dative, \u00e1sakandi og vocative.<\/p>\n\n\n\n<p>Mikilv\u00e6gur \u00fe\u00e1ttur \u00ed gr\u00edskri m\u00e1lfr\u00e6\u00f0i sn\u00fdst um greinina. Svipa\u00f0 og <a href=\"https:\/\/talkpal.ai\/learn-english-with-ai\/\">enska<\/a> \u201ethe\u201c er gr\u00edska afmarka\u00f0a greinin mikilv\u00e6g til a\u00f0 skilja gr\u00edska texta. Gr\u00edski greinirinn ver\u00f0ur a\u00f0 vera samm\u00e1la nafnor\u00f0inu \u00ed kyni, t\u00f6lu og falli. Gr\u00edska hefur einnig \u00f3\u00e1kve\u00f0inn grein sem virkar eins og &#8216;a&#8217; e\u00f0a &#8216;an&#8217; \u00e1 ensku.<\/p>\n\n\n\n<h3 class=\"wp-block-heading\" id=\"h-2-tackling-greek-verbs-conjugation-and-moods\">2. A\u00f0 takast \u00e1 vi\u00f0 gr\u00edskar sagnir: Samtenging og skap<\/h3>\n\n\n\n<p>Gr\u00edskar sagnir einkennast af spennu, r\u00f6dd, skapi, pers\u00f3nu og t\u00f6lu. Sagnir \u00ed gr\u00edsku eru beyg\u00f0ar eftir spennu \u00feeirra, sem gefur til kynna hven\u00e6r a\u00f0ger\u00f0 \u00e1 s\u00e9r sta\u00f0. \u00dea\u00f0 eru sj\u00f6 meginhlutar gr\u00edskrar sagnar, sem hver samsvarar spennu:<\/p>\n\n\n\n<p><strong>\u2014 N\u00faverandi<\/strong><\/p>\n\n\n\n<p><strong>\u2014 Framt\u00ed\u00f0<\/strong><\/p>\n\n\n\n<p><strong>&#8211; Aorist (einf\u00f6ld fort\u00ed\u00f0)<\/strong><\/p>\n\n\n\n<p><strong>\u2014 Fullkomi\u00f0<\/strong><\/p>\n\n\n\n<p><strong>&#8211; Framt\u00ed\u00f0in fullkomin<\/strong><\/p>\n\n\n\n<p><strong>\u2013 Fj\u00f6lbreytt<\/strong><\/p>\n\n\n\n<p><strong>\u2013 Aorist \u00f3virkur<\/strong><\/p>\n\n\n\n<p>A\u00f0 auki hafa gr\u00edskar sagnir \u00fdmsar lundir sem tj\u00e1 vi\u00f0horf r\u00e6\u00f0umanns til athafnarinnar. \u00deessar stemningar eru mikilv\u00e6gar, lei\u00f0beinandi og vi\u00f0tengingarh\u00e1ttur.<\/p>\n\n\n\n<h3 class=\"wp-block-heading\" id=\"h-3-crafting-expressive-sentences-with-greek-adjectives-and-adverbs\">3. B\u00faa til svipmiklar setningar me\u00f0 gr\u00edskum l\u00fdsingaror\u00f0um og atviksor\u00f0um<\/h3>\n\n\n\n<p>Gr\u00edsk l\u00fdsingaror\u00f0 b\u00e6ta lit og l\u00fdsingu vi\u00f0 setningarnar \u00fe\u00ednar. Svipa\u00f0 og nafnor\u00f0 ver\u00f0a l\u00fdsingaror\u00f0 \u00e1 gr\u00edsku a\u00f0 vera samm\u00e1la \u00ed kyni, t\u00f6lu og falli vi\u00f0 nafnor\u00f0i\u00f0 sem \u00feau l\u00fdsa. Ennfremur tilheyra l\u00fdsingaror\u00f0 einni af \u00feremur fallbeygingum, sem \u00e1kvar\u00f0ar endingu \u00feeirra.<\/p>\n\n\n\n<p>Gr\u00edsk atviksor\u00f0 breyta s\u00f6gnum, l\u00fdsingaror\u00f0um e\u00f0a \u00f6\u00f0rum atviksor\u00f0um. \u00deeir tj\u00e1 hvernig, hven\u00e6r, hvar e\u00f0a a\u00f0 hve miklu leyti a\u00f0ger\u00f0 er framkv\u00e6md. \u00d3l\u00edkt l\u00fdsingaror\u00f0um \u00feurfa atviksor\u00f0 ekki a\u00f0 vera samm\u00e1la nafnor\u00f0um \u00ed kyni, t\u00f6lu e\u00f0a falli. \u00cd m\u00f6rgum tilfellum eru atviksor\u00f0 myndu\u00f0 me\u00f0 \u00fev\u00ed a\u00f0 b\u00e6ta s\u00e9rst\u00f6kum endingum vi\u00f0 l\u00fdsingaror\u00f0sr\u00e6tur.<\/p>\n\n\n\n<h3 class=\"wp-block-heading\" id=\"h-4-exploring-greek-pronouns-and-greek-sentence-structure\">4. A\u00f0 kanna gr\u00edsk forn\u00f6fn og gr\u00edska setningager\u00f0<\/h3>\n\n\n\n<p>Forn\u00f6fn gegna mikilv\u00e6gu hlutverki \u00ed gr\u00edskri m\u00e1lfr\u00e6\u00f0i \u00fear sem \u00feau koma \u00ed sta\u00f0 nafnor\u00f0a og ver\u00f0a a\u00f0 vera \u00ed samr\u00e6mi vi\u00f0 nafnor\u00f0i\u00f0 sem \u00feau t\u00e1kna \u00ed kyni, t\u00f6lu og falli. \u00dea\u00f0 eru pers\u00f3nuleg, sj\u00e1lfhverf, s\u00fdnileg, afst\u00e6\u00f0, spyrjandi og \u00f3\u00e1kve\u00f0in forn\u00f6fn \u00e1 gr\u00edsku.<\/p>\n\n\n\n<p>Gr\u00edsk setningaskipan fylgir fyrst og fremst efnis-s\u00f6gn-hlut (SVO) r\u00f6\u00f0. Hins vegar, vegna mj\u00f6g beyg\u00f0s e\u00f0lis, b\u00fd\u00f0ur gr\u00edska upp \u00e1 meiri sveigjanleika \u00ed or\u00f0ar\u00f6\u00f0, sem gerir r\u00e1\u00f0 fyrir \u00e1herslu og lj\u00f3\u00f0r\u00e6nni tj\u00e1ningu. \u00deessi sveigjanleiki g\u00e6ti virst krefjandi \u00ed fyrstu en ver\u00f0ur a\u00f0gengilegri eftir \u00fev\u00ed sem \u00fe\u00fa \u00feekkir bl\u00e6brig\u00f0i tungum\u00e1lsins.<\/p>\n\n\n\n<h3 class=\"wp-block-heading\" id=\"h-conclusion\">Ni\u00f0ursta\u00f0a<\/h3>\n\n\n\n<p>\u00deegar \u00fe\u00fa leggur af sta\u00f0 \u00ed fer\u00f0 \u00fe\u00edna til a\u00f0 n\u00e1 t\u00f6kum \u00e1 gr\u00edskri m\u00e1lfr\u00e6\u00f0i, mundu a\u00f0 \u00e6fing og \u00ferautseigja skipta sk\u00f6pum til a\u00f0 n\u00e1 \u00e1rangri. Taktu \u00fe\u00e9r t\u00edma \u00ed a\u00f0 afhj\u00fapa margbreytileika gr\u00edskra nafnor\u00f0a, sagna, l\u00fdsingaror\u00f0a, atviksor\u00f0a og setningager\u00f0ar. \u00deegar \u00fe\u00fa kafar d\u00fdpra \u00ed \u00feetta heillandi tungum\u00e1l muntu komast a\u00f0 \u00fev\u00ed a\u00f0 gr\u00edsk m\u00e1lfr\u00e6\u00f0i ver\u00f0ur kunnuglegri og minna \u00f3gnvekjandi. Gangi \u00fe\u00e9r vel, og \u03ba\u03b1\u03bb\u03ae \u03b5\u03c0\u03b9\u03c4\u03c5\u03c7\u03af\u03b1!<\/p>\n<\/div><\/div>\n\r\n<section class=\"learnNavigationSection\">\r\n            \r\n        <a href=\"https:\/\/talkpal.ai\/is\/laerdu-grisku\/\">\r\n            <div class=\"learnNavigationWrapper\">\r\n                <div class=\"learnNavigationContent\">\r\n                    <img decoding=\"async\" src=\"https:\/\/talkpal.ai\/wp-content\/uploads\/2024\/08\/Greek.jpg\" alt=\"Greek Flag\">\r\n                    <div>\r\n                        <h4>Um gr\u00edskun\u00e1m<\/h4>\r\n                        <p>Kynntu \u00fe\u00e9r allt um gr\u00edska m\u00e1lfr\u00e6\u00f0i.<\/p>\r\n                    <\/div>\r\n                <\/div>\r\n            <\/div>\r\n        <\/a>\r\n\r\n        \r\n        <a href=\"https:\/\/talkpal.ai\/is\/griska-malfraedi-aefingar\/\">\r\n            <div class=\"learnNavigationWrapper\">\r\n                <div class=\"learnNavigationContent\">\r\n                    <img decoding=\"async\" src=\"https:\/\/talkpal.ai\/wp-content\/uploads\/2024\/08\/Greek.jpg\" alt=\"Greek Flag\">\r\n                    <div>\r\n                        <h4>\u00c6fing \u00ed gr\u00edskri m\u00e1lfr\u00e6\u00f0i<\/h4>\r\n                        <p>\u00c6f\u00f0u gr\u00edska m\u00e1lfr\u00e6\u00f0i.<\/p>\r\n                    <\/div>\r\n                <\/div>\r\n            <\/div>\r\n        <\/a>\r\n\r\n        \r\n        <a href=\"https:\/\/talkpal.ai\/vocabulary_language\/greek\/\">\r\n            <div class=\"learnNavigationWrapper\">\r\n                <div class=\"learnNavigationContent\">\r\n                    <img decoding=\"async\" src=\"https:\/\/talkpal.ai\/wp-content\/uploads\/2024\/08\/Greek.jpg\" alt=\"Greek Flag\">\r\n                    <div>\r\n                        <h4>Gr\u00edskur or\u00f0afor\u00f0i<\/h4>\r\n                        <p>St\u00e6kka\u00f0u gr\u00edska or\u00f0afor\u00f0a \u00feinn.<\/p>\r\n                    <\/div>\r\n                <\/div>\r\n            <\/div>\r\n        <\/a>\r\n\r\n            <\/section>","protected":false},"excerpt":{"rendered":"<p>Afm\u00fdkjandi gr\u00edsk m\u00e1lfr\u00e6\u00f0i: Alhli\u00f0a lei\u00f0arv\u00edsir Gr\u00edska, gl\u00e6silegt og fornt tungum\u00e1l, skipar s\u00e9rstakan sess \u00ed m\u00e1ls\u00f6gunni og er enn \u00e1hrifamikil \u00ed dag. Me\u00f0 sterkan grunn \u00ed gr\u00edskri m\u00e1lfr\u00e6\u00f0i f\u00e6r\u00f0u a\u00f0gang a\u00f0 miklum menningar- og s\u00f6gulegum au\u00f0lindum \u00e1 sama t\u00edma og \u00fe\u00fa opnar anna\u00f0 lag af merkingu \u00ed enskum or\u00f0afor\u00f0a. Andst\u00e6tt \u00fev\u00ed sem almennt er tali\u00f0 er [&hellip;]<\/p>\n","protected":false},"author":1,"featured_media":112713,"parent":0,"menu_order":0,"comment_status":"closed","ping_status":"closed","template":"LearningContentPage.php","meta":{"_acf_changed":false,"footnotes":""},"class_list":["post-143004","page","type-page","status-publish","has-post-thumbnail","hentry"],"acf":[],"yoast_head":"<!-- This site is optimized with the Yoast SEO Premium plugin v27.2 (Yoast SEO v27.2) - https:\/\/yoast.com\/product\/yoast-seo-premium-wordpress\/ -->\n<title>Gr\u00edsk m\u00e1lfr\u00e6\u00f0i - Talkpal<\/title>\n<meta name=\"description\" content=\"N\u00e1\u00f0u t\u00f6kum \u00e1 gr\u00edskri m\u00e1lfr\u00e6\u00f0i af \u00f6ryggi - l\u00e6r\u00f0u mikilv\u00e6gar reglur, \u00e6f\u00f0u \u00feig \u00ed a\u00f0 mynda setningar og styrktu f\u00e6rni \u00fe\u00edna flj\u00f3tt me\u00f0 Talkpal gervigreind.\" \/>\n<meta name=\"robots\" content=\"index, follow, max-snippet:-1, max-image-preview:large, max-video-preview:-1\" \/>\n<link rel=\"canonical\" href=\"https:\/\/talkpal.ai\/is\/grisk-malfraedi\/\" \/>\n<meta property=\"og:locale\" content=\"is_IS\" \/>\n<meta property=\"og:type\" content=\"article\" \/>\n<meta property=\"og:title\" content=\"Gr\u00edsk m\u00e1lfr\u00e6\u00f0i\" \/>\n<meta property=\"og:description\" content=\"Afm\u00fdkjandi gr\u00edsk m\u00e1lfr\u00e6\u00f0i: Alhli\u00f0a lei\u00f0arv\u00edsir Gr\u00edska, gl\u00e6silegt og fornt tungum\u00e1l, skipar s\u00e9rstakan sess \u00ed m\u00e1ls\u00f6gunni og er enn \u00e1hrifamikil \u00ed dag. Me\u00f0\" \/>\n<meta property=\"og:url\" content=\"https:\/\/talkpal.ai\/is\/grisk-malfraedi\/\" \/>\n<meta property=\"og:site_name\" content=\"Talkpal\" \/>\n<meta property=\"article:publisher\" content=\"https:\/\/www.facebook.com\/profile.php?id=100090733639311\" \/>\n<meta property=\"article:modified_time\" content=\"2025-12-13T15:34:34+00:00\" \/>\n<meta property=\"og:image\" content=\"https:\/\/talkpal.ai\/wp-content\/uploads\/2023\/05\/greece.png\" \/>\n\t<meta property=\"og:image:width\" content=\"512\" \/>\n\t<meta property=\"og:image:height\" content=\"512\" \/>\n\t<meta property=\"og:image:type\" content=\"image\/png\" \/>\n<meta name=\"twitter:card\" content=\"summary_large_image\" \/>\n<meta name=\"twitter:site\" content=\"@talkpalai\" \/>\n<meta name=\"twitter:label1\" content=\"Est. reading time\" \/>\n\t<meta name=\"twitter:data1\" content=\"3 minutes\" \/>\n<script type=\"application\/ld+json\" class=\"yoast-schema-graph\">{\"@context\":\"https:\/\/schema.org\",\"@graph\":[{\"@type\":\"WebPage\",\"@id\":\"https:\/\/talkpal.ai\/is\/grisk-malfraedi\/\",\"url\":\"https:\/\/talkpal.ai\/is\/grisk-malfraedi\/\",\"name\":\"Gr\u00edsk m\u00e1lfr\u00e6\u00f0i - Talkpal\",\"isPartOf\":{\"@id\":\"https:\/\/talkpal.ai\/is\/#website\"},\"primaryImageOfPage\":{\"@id\":\"https:\/\/talkpal.ai\/is\/grisk-malfraedi\/#primaryimage\"},\"image\":{\"@id\":\"https:\/\/talkpal.ai\/is\/grisk-malfraedi\/#primaryimage\"},\"thumbnailUrl\":\"https:\/\/talkpal.ai\/wp-content\/uploads\/2023\/05\/greece.png\",\"datePublished\":\"2023-05-14T14:02:30+00:00\",\"dateModified\":\"2025-12-13T15:34:34+00:00\",\"description\":\"N\u00e1\u00f0u t\u00f6kum \u00e1 gr\u00edskri m\u00e1lfr\u00e6\u00f0i af \u00f6ryggi - l\u00e6r\u00f0u mikilv\u00e6gar reglur, \u00e6f\u00f0u \u00feig \u00ed a\u00f0 mynda setningar og styrktu f\u00e6rni \u00fe\u00edna flj\u00f3tt me\u00f0 Talkpal gervigreind.\",\"breadcrumb\":{\"@id\":\"https:\/\/talkpal.ai\/is\/grisk-malfraedi\/#breadcrumb\"},\"inLanguage\":\"is\",\"potentialAction\":[{\"@type\":\"ReadAction\",\"target\":[\"https:\/\/talkpal.ai\/is\/grisk-malfraedi\/\"]}]},{\"@type\":\"ImageObject\",\"inLanguage\":\"is\",\"@id\":\"https:\/\/talkpal.ai\/is\/grisk-malfraedi\/#primaryimage\",\"url\":\"https:\/\/talkpal.ai\/wp-content\/uploads\/2023\/05\/greece.png\",\"contentUrl\":\"https:\/\/talkpal.ai\/wp-content\/uploads\/2023\/05\/greece.png\",\"width\":512,\"height\":512},{\"@type\":\"BreadcrumbList\",\"@id\":\"https:\/\/talkpal.ai\/is\/grisk-malfraedi\/#breadcrumb\",\"itemListElement\":[{\"@type\":\"ListItem\",\"position\":1,\"name\":\"Homepage\",\"item\":\"https:\/\/talkpal.ai\/is\/\"},{\"@type\":\"ListItem\",\"position\":2,\"name\":\"Gr\u00edsk m\u00e1lfr\u00e6\u00f0i\"}]},{\"@type\":\"WebSite\",\"@id\":\"https:\/\/talkpal.ai\/is\/#website\",\"url\":\"https:\/\/talkpal.ai\/is\/\",\"name\":\"Talkpal\",\"description\":\"AI Language Learning\",\"publisher\":{\"@id\":\"https:\/\/talkpal.ai\/is\/#organization\"},\"alternateName\":\"Talkpal AI\",\"potentialAction\":[{\"@type\":\"SearchAction\",\"target\":{\"@type\":\"EntryPoint\",\"urlTemplate\":\"https:\/\/talkpal.ai\/is\/?s={search_term_string}\"},\"query-input\":{\"@type\":\"PropertyValueSpecification\",\"valueRequired\":true,\"valueName\":\"search_term_string\"}}],\"inLanguage\":\"is\"},{\"@type\":\"Organization\",\"@id\":\"https:\/\/talkpal.ai\/is\/#organization\",\"name\":\"Talkpal, Inc.\",\"alternateName\":\"Talkpal AI\",\"url\":\"https:\/\/talkpal.ai\/is\/\",\"logo\":{\"@type\":\"ImageObject\",\"inLanguage\":\"is\",\"@id\":\"https:\/\/talkpal.ai\/is\/#\/schema\/logo\/image\/\",\"url\":\"https:\/\/talkpal.ai\/wp-content\/uploads\/2024\/03\/Talkpal-Logo-Icon.png\",\"contentUrl\":\"https:\/\/talkpal.ai\/wp-content\/uploads\/2024\/03\/Talkpal-Logo-Icon.png\",\"width\":2880,\"height\":2880,\"caption\":\"Talkpal, Inc.\"},\"image\":{\"@id\":\"https:\/\/talkpal.ai\/is\/#\/schema\/logo\/image\/\"},\"sameAs\":[\"https:\/\/www.facebook.com\/profile.php?id=100090733639311\",\"https:\/\/x.com\/talkpalai\",\"https:\/\/www.linkedin.com\/company\/talkpal\/\",\"https:\/\/www.youtube.com\/@TalkPal\/\",\"https:\/\/www.tiktok.com\/@talkpal\",\"https:\/\/www.instagram.com\/talkpal_ai\/\",\"https:\/\/www.crunchbase.com\/organization\/talkpal-9cde\",\"https:\/\/www.g2.com\/products\/talkpal-for-business\/\",\"https:\/\/www.trustpilot.com\/review\/talkpal.ai\",\"https:\/\/www.capterra.com\/p\/10006800\/TalkPal\/\"],\"description\":\"Talkpal is a language learning web and mobile education app, powered by the latest AI technologies, that provides engaging experiences to its customers in many different languages to help them improve their language skills. Users can chat about unlimited amount of topics with the app and use other modes to practice their language learning.\",\"email\":\"support@talkpal.ai\",\"legalName\":\"Talkpal, Inc.\",\"foundingDate\":\"2023-04-03\",\"duns\":\"118989042\",\"numberOfEmployees\":{\"@type\":\"QuantitativeValue\",\"minValue\":\"11\",\"maxValue\":\"50\"},\"publishingPrinciples\":\"https:\/\/talkpal.ai\/publishing-principles\/\",\"actionableFeedbackPolicy\":\"https:\/\/talkpal.ai\/actionable-feedback-policy\/\",\"correctionsPolicy\":\"https:\/\/talkpal.ai\/corrections-policy\/\",\"ethicsPolicy\":\"https:\/\/talkpal.ai\/ethics-policy\/\",\"diversityPolicy\":\"https:\/\/talkpal.ai\/diversity-policy\/\",\"diversityStaffingReport\":\"https:\/\/talkpal.ai\/diversity-policy\/\"}]}<\/script>\n<!-- \/ Yoast SEO Premium plugin. -->","yoast_head_json":{"title":"Gr\u00edsk m\u00e1lfr\u00e6\u00f0i - Talkpal","description":"N\u00e1\u00f0u t\u00f6kum \u00e1 gr\u00edskri m\u00e1lfr\u00e6\u00f0i af \u00f6ryggi - l\u00e6r\u00f0u mikilv\u00e6gar reglur, \u00e6f\u00f0u \u00feig \u00ed a\u00f0 mynda setningar og styrktu f\u00e6rni \u00fe\u00edna flj\u00f3tt me\u00f0 Talkpal gervigreind.","robots":{"index":"index","follow":"follow","max-snippet":"max-snippet:-1","max-image-preview":"max-image-preview:large","max-video-preview":"max-video-preview:-1"},"canonical":"https:\/\/talkpal.ai\/is\/grisk-malfraedi\/","og_locale":"is_IS","og_type":"article","og_title":"Gr\u00edsk m\u00e1lfr\u00e6\u00f0i","og_description":"Afm\u00fdkjandi gr\u00edsk m\u00e1lfr\u00e6\u00f0i: Alhli\u00f0a lei\u00f0arv\u00edsir Gr\u00edska, gl\u00e6silegt og fornt tungum\u00e1l, skipar s\u00e9rstakan sess \u00ed m\u00e1ls\u00f6gunni og er enn \u00e1hrifamikil \u00ed dag. Me\u00f0","og_url":"https:\/\/talkpal.ai\/is\/grisk-malfraedi\/","og_site_name":"Talkpal","article_publisher":"https:\/\/www.facebook.com\/profile.php?id=100090733639311","article_modified_time":"2025-12-13T15:34:34+00:00","og_image":[{"width":512,"height":512,"url":"https:\/\/talkpal.ai\/wp-content\/uploads\/2023\/05\/greece.png","type":"image\/png"}],"twitter_card":"summary_large_image","twitter_site":"@talkpalai","twitter_misc":{"Est. reading time":"3 minutes"},"schema":{"@context":"https:\/\/schema.org","@graph":[{"@type":"WebPage","@id":"https:\/\/talkpal.ai\/is\/grisk-malfraedi\/","url":"https:\/\/talkpal.ai\/is\/grisk-malfraedi\/","name":"Gr\u00edsk m\u00e1lfr\u00e6\u00f0i - Talkpal","isPartOf":{"@id":"https:\/\/talkpal.ai\/is\/#website"},"primaryImageOfPage":{"@id":"https:\/\/talkpal.ai\/is\/grisk-malfraedi\/#primaryimage"},"image":{"@id":"https:\/\/talkpal.ai\/is\/grisk-malfraedi\/#primaryimage"},"thumbnailUrl":"https:\/\/talkpal.ai\/wp-content\/uploads\/2023\/05\/greece.png","datePublished":"2023-05-14T14:02:30+00:00","dateModified":"2025-12-13T15:34:34+00:00","description":"N\u00e1\u00f0u t\u00f6kum \u00e1 gr\u00edskri m\u00e1lfr\u00e6\u00f0i af \u00f6ryggi - l\u00e6r\u00f0u mikilv\u00e6gar reglur, \u00e6f\u00f0u \u00feig \u00ed a\u00f0 mynda setningar og styrktu f\u00e6rni \u00fe\u00edna flj\u00f3tt me\u00f0 Talkpal gervigreind.","breadcrumb":{"@id":"https:\/\/talkpal.ai\/is\/grisk-malfraedi\/#breadcrumb"},"inLanguage":"is","potentialAction":[{"@type":"ReadAction","target":["https:\/\/talkpal.ai\/is\/grisk-malfraedi\/"]}]},{"@type":"ImageObject","inLanguage":"is","@id":"https:\/\/talkpal.ai\/is\/grisk-malfraedi\/#primaryimage","url":"https:\/\/talkpal.ai\/wp-content\/uploads\/2023\/05\/greece.png","contentUrl":"https:\/\/talkpal.ai\/wp-content\/uploads\/2023\/05\/greece.png","width":512,"height":512},{"@type":"BreadcrumbList","@id":"https:\/\/talkpal.ai\/is\/grisk-malfraedi\/#breadcrumb","itemListElement":[{"@type":"ListItem","position":1,"name":"Homepage","item":"https:\/\/talkpal.ai\/is\/"},{"@type":"ListItem","position":2,"name":"Gr\u00edsk m\u00e1lfr\u00e6\u00f0i"}]},{"@type":"WebSite","@id":"https:\/\/talkpal.ai\/is\/#website","url":"https:\/\/talkpal.ai\/is\/","name":"Talkpal","description":"AI Language Learning","publisher":{"@id":"https:\/\/talkpal.ai\/is\/#organization"},"alternateName":"Talkpal AI","potentialAction":[{"@type":"SearchAction","target":{"@type":"EntryPoint","urlTemplate":"https:\/\/talkpal.ai\/is\/?s={search_term_string}"},"query-input":{"@type":"PropertyValueSpecification","valueRequired":true,"valueName":"search_term_string"}}],"inLanguage":"is"},{"@type":"Organization","@id":"https:\/\/talkpal.ai\/is\/#organization","name":"Talkpal, Inc.","alternateName":"Talkpal AI","url":"https:\/\/talkpal.ai\/is\/","logo":{"@type":"ImageObject","inLanguage":"is","@id":"https:\/\/talkpal.ai\/is\/#\/schema\/logo\/image\/","url":"https:\/\/talkpal.ai\/wp-content\/uploads\/2024\/03\/Talkpal-Logo-Icon.png","contentUrl":"https:\/\/talkpal.ai\/wp-content\/uploads\/2024\/03\/Talkpal-Logo-Icon.png","width":2880,"height":2880,"caption":"Talkpal, Inc."},"image":{"@id":"https:\/\/talkpal.ai\/is\/#\/schema\/logo\/image\/"},"sameAs":["https:\/\/www.facebook.com\/profile.php?id=100090733639311","https:\/\/x.com\/talkpalai","https:\/\/www.linkedin.com\/company\/talkpal\/","https:\/\/www.youtube.com\/@TalkPal\/","https:\/\/www.tiktok.com\/@talkpal","https:\/\/www.instagram.com\/talkpal_ai\/","https:\/\/www.crunchbase.com\/organization\/talkpal-9cde","https:\/\/www.g2.com\/products\/talkpal-for-business\/","https:\/\/www.trustpilot.com\/review\/talkpal.ai","https:\/\/www.capterra.com\/p\/10006800\/TalkPal\/"],"description":"Talkpal is a language learning web and mobile education app, powered by the latest AI technologies, that provides engaging experiences to its customers in many different languages to help them improve their language skills. Users can chat about unlimited amount of topics with the app and use other modes to practice their language learning.","email":"support@talkpal.ai","legalName":"Talkpal, Inc.","foundingDate":"2023-04-03","duns":"118989042","numberOfEmployees":{"@type":"QuantitativeValue","minValue":"11","maxValue":"50"},"publishingPrinciples":"https:\/\/talkpal.ai\/publishing-principles\/","actionableFeedbackPolicy":"https:\/\/talkpal.ai\/actionable-feedback-policy\/","correctionsPolicy":"https:\/\/talkpal.ai\/corrections-policy\/","ethicsPolicy":"https:\/\/talkpal.ai\/ethics-policy\/","diversityPolicy":"https:\/\/talkpal.ai\/diversity-policy\/","diversityStaffingReport":"https:\/\/talkpal.ai\/diversity-policy\/"}]}},"_links":{"self":[{"href":"https:\/\/talkpal.ai\/is\/wp-json\/wp\/v2\/pages\/143004","targetHints":{"allow":["GET"]}}],"collection":[{"href":"https:\/\/talkpal.ai\/is\/wp-json\/wp\/v2\/pages"}],"about":[{"href":"https:\/\/talkpal.ai\/is\/wp-json\/wp\/v2\/types\/page"}],"author":[{"embeddable":true,"href":"https:\/\/talkpal.ai\/is\/wp-json\/wp\/v2\/users\/1"}],"replies":[{"embeddable":true,"href":"https:\/\/talkpal.ai\/is\/wp-json\/wp\/v2\/comments?post=143004"}],"version-history":[{"count":0,"href":"https:\/\/talkpal.ai\/is\/wp-json\/wp\/v2\/pages\/143004\/revisions"}],"wp:featuredmedia":[{"embeddable":true,"href":"https:\/\/talkpal.ai\/is\/wp-json\/wp\/v2\/media\/112713"}],"wp:attachment":[{"href":"https:\/\/talkpal.ai\/is\/wp-json\/wp\/v2\/media?parent=143004"}],"curies":[{"name":"wp","href":"https:\/\/api.w.org\/{rel}","templated":true}]}}