{"id":142667,"date":"2023-05-14T14:01:53","date_gmt":"2023-05-14T14:01:53","guid":{"rendered":"http:\/\/talkpal.ai\/eistnesk-malfraedi\/"},"modified":"2025-12-13T15:31:15","modified_gmt":"2025-12-13T15:31:15","slug":"eistnesk-malfraedi","status":"publish","type":"page","link":"https:\/\/talkpal.ai\/is\/eistnesk-malfraedi\/","title":{"rendered":"Eistnesk m\u00e1lfr\u00e6\u00f0i"},"content":{"rendered":"\r\n\r\n\r\n<section class=\"languageChallengeSection\">\r\n    <div class=\"languageInfoWrapper\">\r\n        \r\n        <h1>Eistnesk m\u00e1lfr\u00e6\u00f0i<\/h1>\r\n        <p>Ertu a\u00f0 hugsa um a\u00f0 l\u00e6ra eistnesku? St\u00edg\u00f0u inn \u00ed heim eistneskrar <a href=\"https:\/\/talkpal.ai\/grammar\/\">m\u00e1lfr\u00e6\u00f0i<\/a>, \u00fear sem kekkjun, s\u00e9rhlj\u00f3\u00f0asamhlj\u00f3mur og fj\u00f6lbreytt nafnor\u00f0af\u00f6ll skapa einstaka tungum\u00e1laupplifun. Byrja\u00f0u a\u00f0 kanna eistnesku \u00ed dag &#8211; a\u00f0 n\u00e1 g\u00f3\u00f0um t\u00f6kum \u00e1 eistneskri m\u00e1lfr\u00e6\u00f0i mun ekki a\u00f0eins auka f\u00e6rni \u00fe\u00edna heldur einnig tengja \u00feig vi\u00f0 r\u00edka menningu og s\u00f6gu Eistlands!<\/p>\r\n\r\n                            <a class=\"getStartedHidden\" href=\"https:\/\/app.talkpal.ai\/signup?lng=\">Byrja\u00f0u<\/a>\r\n        \r\n    <\/div>\r\n\r\n    <figure>\r\n    <img decoding=\"async\" width=\"768\" height=\"768\" src=\"https:\/\/talkpal.ai\/wp-content\/uploads\/2023\/06\/Estonian-768x768.png\" class=\"languageImage no-lazy\" alt=\"Secret tricks of language learning\" fetchpriority=\"high\" sizes=\"(max-width: 768px) 150px, 768px\" srcset=\"https:\/\/talkpal.ai\/wp-content\/uploads\/2023\/06\/Estonian-768x768.png 768w, https:\/\/talkpal.ai\/wp-content\/uploads\/2023\/06\/Estonian-300x300.png 300w\" \/>\r\n    \r\n\r\n    <\/figure>\r\n\r\n            <a class=\"getStartedVisible\" href=\"https:\/\/app.talkpal.ai\/signup?lng=\">Byrja\u00f0u<\/a>\r\n    \r\n<\/section>\r\n<section class=\"promotionalBanner\">\r\n    <p class=\"promotionalText\">Skilvirkasta lei\u00f0in til a\u00f0 l\u00e6ra tungum\u00e1l<\/p>\r\n    <a class=\"promotionalLink\" href=\"https:\/\/app.talkpal.ai\/signup?lng=\">Pr\u00f3fa\u00f0u Talkpal \u00f3keypis<\/a>\r\n<\/section>\n<div class=\"wp-block-group pageContainerStyle\"><div class=\"wp-block-group__inner-container is-layout-constrained wp-block-group-is-layout-constrained\">\n<h2 class=\"wp-block-heading\" id=\"h-estonian-grammar-the-gateway-to-a-unique-language-journey\">Eistnesk m\u00e1lfr\u00e6\u00f0i: G\u00e1ttin a\u00f0 einstakri tungum\u00e1lafer\u00f0<\/h2>\n\n\n\n<p>Velkomin \u00ed heillandi heim eistnesku! Me\u00f0 yfir eina millj\u00f3n m\u00f3\u00f0urm\u00e1lsmanna b\u00fd\u00f0ur <a href=\"https:\/\/talkpal.ai\/learn-estonian\/\">eistneska<\/a> \u00fe\u00e9r einstakt t\u00e6kif\u00e6ri til a\u00f0 v\u00edkka sj\u00f3ndeildarhringinn \u00ed tungum\u00e1lum og uppg\u00f6tva lifandi menningu. \u00de\u00f3 a\u00f0 ranghala eistneskrar m\u00e1lfr\u00e6\u00f0i kunni a\u00f0 vir\u00f0ast \u00f3gnvekjandi vi\u00f0 fyrstu s\u00fdn, \u00fe\u00e1 er \u00feessi vinalega byrjendahandb\u00f3k h\u00e9r til a\u00f0 brj\u00f3ta ni\u00f0ur grunn eistneskrar m\u00e1lfr\u00e6\u00f0i \u00e1 einfaldan og gr\u00edpandi h\u00e1tt.<\/p>\n\n\n\n<h3 class=\"wp-block-heading\" id=\"h-1-embracing-the-estonian-alphabet\">1. Fa\u00f0ma eistneska stafr\u00f3fi\u00f0<\/h3>\n\n\n\n<p>Fer\u00f0in til a\u00f0 n\u00e1 t\u00f6kum \u00e1 eistnesku hefst me\u00f0 stafr\u00f3finu. Eistneska notar latneska letri\u00f0, a\u00f0 vi\u00f0b\u00e6ttum n\u00edu s\u00e9rst\u00f6fum: \u00c4, \u00d6, \u00dc, \u00d5, \u0160, \u017d og hli\u00f0st\u00e6\u00f0um l\u00e1gst\u00f6fum. A\u00f0 kynna \u00fe\u00e9r \u00feessar pers\u00f3nur mun skapa sterkan grunn fyrir eistneska n\u00e1msupplifun \u00fe\u00edna.<\/p>\n\n\n\n<h3 class=\"wp-block-heading\" id=\"h-2-getting-a-grip-on-estonian-nouns\">2. A\u00f0 n\u00e1 t\u00f6kum \u00e1 eistneskum nafnor\u00f0um<\/h3>\n\n\n\n<p>\u00d3l\u00edkt m\u00f6rgum evr\u00f3pskum tungum\u00e1lum gerir eistneska ekki greinarmun \u00e1 karlkyni og kvenkyni. Nafnor\u00f0 eru \u00feess \u00ed sta\u00f0 flokku\u00f0 sem anna\u00f0 hvort eint\u00f6lu e\u00f0a fleirt\u00f6lu og hvert nafnor\u00f0 hefur 14 stafi. \u00de\u00f3 a\u00f0 \u00feetta kann a\u00f0 vir\u00f0ast yfir\u00feyrmandi, \u00fe\u00e1 er nau\u00f0synlegt a\u00f0 skilja a\u00f0 formfr\u00e6\u00f0ileg uppbygging nafnor\u00f0a er nokku\u00f0 regluleg, sem gerir \u00fea\u00f0 au\u00f0veldara a\u00f0 l\u00e6ra. Til a\u00f0 <a href=\"https:\/\/talkpal.ai\/ko\/ai-%ec%96%b8%ec%96%b4-%ea%b5%90%ec%82%ac\/\">byrja<\/a> skaltu einbeita \u00fe\u00e9r a\u00f0 \u00fev\u00ed a\u00f0 n\u00e1 t\u00f6kum \u00e1 algengustu tilvikunum: Nafnver\u00f0, Genitive og Partitive.<\/p>\n\n\n\n<h3 class=\"wp-block-heading\" id=\"h-3-conquering-estonian-verb-conjugation\">3. A\u00f0 sigra eistneska sagnasamtengingu<\/h3>\n\n\n\n<p>Eistnesk sagnir eru beyg\u00f0ar \u00fat fr\u00e1 spennu, pers\u00f3nu og t\u00f6lu. \u00dea\u00f0 eru a\u00f0eins \u00ferj\u00e1r t\u00ed\u00f0ir: n\u00fat\u00ed\u00f0, fort\u00ed\u00f0 (k\u00f3\u00f0u\u00f0 me\u00f0 fort\u00ed\u00f0ar\u00fe\u00e1ttt\u00f6ku) og framt\u00ed\u00f0 (tj\u00e1\u00f0 me\u00f0 n\u00faverandi spennumynd sagnarinnar, \u00e1samt framt\u00ed\u00f0arhj\u00e1lp).<\/p>\n\n\n\n<p>Til d\u00e6mis, h\u00e9r eru samtengingar fyrir s\u00f6gnina \u201elugema\u201c (a\u00f0 lesa):<\/p>\n\n\n\n<p><strong>\u2013 N\u00fat\u00edmi: Ma loen (\u00e9g las)<\/strong><\/p>\n\n\n\n<p><strong>\u2013 Fort\u00ed\u00f0: Ma lugesin (\u00e9g las\/\u00e9g hef lesi\u00f0)<\/strong><\/p>\n\n\n\n<p><strong>\u2013 Framt\u00ed\u00f0: Ma loen raamatuid (\u00e9g mun lesa b\u00e6kur)<\/strong><\/p>\n\n\n\n<h3 class=\"wp-block-heading\" id=\"h-4-unraveling-the-mystery-of-estonian-pronouns\">4. A\u00f0 afhj\u00fapa leyndard\u00f3m eistneskra fornafna<\/h3>\n\n\n\n<p>Forn\u00f6fn \u00e1 eistnesku \u00fej\u00f3na \u00feeim tilgangi a\u00f0 koma \u00ed sta\u00f0 nafnor\u00f0a og <a href=\"https:\/\/talkpal.ai\/locations\/language-courses-in-gera\/\">gera<\/a> tal sl\u00e9ttara og kraftmeira. Einbeittu \u00fe\u00e9r a\u00f0 \u00fev\u00ed a\u00f0 l\u00e6ra pers\u00f3nuleg og eignarforn\u00f6fn:<\/p>\n\n\n\n<p><strong>&#8211; Pers\u00f3nuleg forn\u00f6fn: mina (\u00e9g), sina (\u00fe\u00fa, \u00f3formlegt), tema (hann\/h\u00fan), meie (vi\u00f0), teie (\u00fe\u00fa, fleirt\u00f6lu\/formlegt), nemad (\u00feeir)<\/strong><\/p>\n\n\n\n<p><strong>\u2013 Eignarforn\u00f6fn: minu (m\u00edn), sinu (\u00fe\u00edn, \u00f3formleg), tema (hans\/h\u00fan), meie (okkar), teie (\u00fe\u00edn, fleirt\u00f6lu\/formleg), nende (\u00feeirra)<\/strong><\/p>\n\n\n\n<h3 class=\"wp-block-heading\" id=\"h-5-no-articles-no-problem\">5. Engar greinar, ekkert m\u00e1l!<\/h3>\n\n\n\n<p>Eistneska notar ekki \u00e1kve\u00f0nar e\u00f0a \u00f3\u00e1kve\u00f0nar greinar, sem gerir \u00fe\u00e9r kleift a\u00f0 anda l\u00e9ttar. Til d\u00e6mis:<\/p>\n\n\n\n<p><strong>\u2013 Koer \u2013 \u201ehundur\u201c e\u00f0a \u201ehundur\u201c<\/strong><\/p>\n\n\n\n<p><strong>\u2013 Maja \u2013 \u201eh\u00fas\u201c e\u00f0a \u201eh\u00fas\u201c<\/strong><\/p>\n\n\n\n<p>A\u00f0 n\u00e1 t\u00f6kum \u00e1 eistneskri m\u00e1lfr\u00e6\u00f0i er spennandi og au\u00f0gandi ferli sem opnar dyr a\u00f0 r\u00edkri menningarupplifun. Mundu a\u00f0 \u00e6fing er lykilatri\u00f0i, svo s\u00f6kkva \u00fe\u00e9r ni\u00f0ur \u00ed eistneska m\u00e1lfr\u00e6\u00f0i, taka \u00fe\u00e1tt \u00ed m\u00f3\u00f0urm\u00e1li og byggja upp sterkan grunn fyrir tungum\u00e1lafer\u00f0 \u00fe\u00edna. Ed\u00fa! (Gangi \u00fe\u00e9r vel!)<\/p>\n<\/div><\/div>\n\r\n<section class=\"learnNavigationSection\">\r\n            \r\n        <a href=\"https:\/\/talkpal.ai\/is\/laerdu-eistnesku\/\">\r\n            <div class=\"learnNavigationWrapper\">\r\n                <div class=\"learnNavigationContent\">\r\n                    <img decoding=\"async\" src=\"https:\/\/talkpal.ai\/wp-content\/uploads\/2024\/08\/Estonian.jpg\" alt=\"Estonian Flag\">\r\n                    <div>\r\n                        <h4>Um eistneskun\u00e1m<\/h4>\r\n                        <p>Finndu \u00fat allt um eistneska m\u00e1lfr\u00e6\u00f0i.<\/p>\r\n                    <\/div>\r\n                <\/div>\r\n            <\/div>\r\n        <\/a>\r\n\r\n        \r\n        <a href=\"https:\/\/talkpal.ai\/is\/eistneskar-malfraediaefingar\/\">\r\n            <div class=\"learnNavigationWrapper\">\r\n                <div class=\"learnNavigationContent\">\r\n                    <img decoding=\"async\" src=\"https:\/\/talkpal.ai\/wp-content\/uploads\/2024\/08\/Estonian.jpg\" alt=\"Estonian Flag\">\r\n                    <div>\r\n                        <h4>Eistnesk m\u00e1lfr\u00e6\u00f0i\u00e6fing<\/h4>\r\n                        <p>\u00c6f\u00f0u eistneska m\u00e1lfr\u00e6\u00f0i.<\/p>\r\n                    <\/div>\r\n                <\/div>\r\n            <\/div>\r\n        <\/a>\r\n\r\n        \r\n        <a href=\"https:\/\/talkpal.ai\/vocabulary_language\/estonian\/\">\r\n            <div class=\"learnNavigationWrapper\">\r\n                <div class=\"learnNavigationContent\">\r\n                    <img decoding=\"async\" src=\"https:\/\/talkpal.ai\/wp-content\/uploads\/2024\/08\/Estonian.jpg\" alt=\"Estonian Flag\">\r\n                    <div>\r\n                        <h4>Eistneskur or\u00f0afor\u00f0i<\/h4>\r\n                        <p>St\u00e6kka\u00f0u eistneskan or\u00f0afor\u00f0a \u00feinn.<\/p>\r\n                    <\/div>\r\n                <\/div>\r\n            <\/div>\r\n        <\/a>\r\n\r\n            <\/section>","protected":false},"excerpt":{"rendered":"<p>Eistnesk m\u00e1lfr\u00e6\u00f0i: G\u00e1ttin a\u00f0 einstakri tungum\u00e1lafer\u00f0 Velkomin \u00ed heillandi heim eistnesku! Me\u00f0 yfir eina millj\u00f3n m\u00f3\u00f0urm\u00e1lsmanna b\u00fd\u00f0ur eistneska \u00fe\u00e9r einstakt t\u00e6kif\u00e6ri til a\u00f0 v\u00edkka sj\u00f3ndeildarhringinn \u00ed tungum\u00e1lum og uppg\u00f6tva lifandi menningu. \u00de\u00f3 a\u00f0 ranghala eistneskrar m\u00e1lfr\u00e6\u00f0i kunni a\u00f0 vir\u00f0ast \u00f3gnvekjandi vi\u00f0 fyrstu s\u00fdn, \u00fe\u00e1 er \u00feessi vinalega byrjendahandb\u00f3k h\u00e9r til a\u00f0 brj\u00f3ta ni\u00f0ur grunn eistneskrar [&hellip;]<\/p>\n","protected":false},"author":1,"featured_media":112465,"parent":0,"menu_order":0,"comment_status":"closed","ping_status":"closed","template":"LearningContentPage.php","meta":{"_acf_changed":false,"footnotes":""},"class_list":["post-142667","page","type-page","status-publish","has-post-thumbnail","hentry"],"acf":[],"yoast_head":"<!-- This site is optimized with the Yoast SEO Premium plugin v27.2 (Yoast SEO v27.2) - https:\/\/yoast.com\/product\/yoast-seo-premium-wordpress\/ -->\n<title>Eistnesk m\u00e1lfr\u00e6\u00f0i - Talkpal<\/title>\n<meta name=\"description\" content=\"Kanna\u00f0u grundvallarhugt\u00f6k eistneskrar m\u00e1lfr\u00e6\u00f0i, \u00fear \u00e1 me\u00f0al f\u00f6ll, sagnir, setningager\u00f0, frambur\u00f0 og r\u00e1\u00f0.\" \/>\n<meta name=\"robots\" content=\"index, follow, max-snippet:-1, max-image-preview:large, max-video-preview:-1\" \/>\n<link rel=\"canonical\" href=\"https:\/\/talkpal.ai\/is\/eistnesk-malfraedi\/\" \/>\n<meta property=\"og:locale\" content=\"is_IS\" \/>\n<meta property=\"og:type\" content=\"article\" \/>\n<meta property=\"og:title\" content=\"Eistnesk m\u00e1lfr\u00e6\u00f0i\" \/>\n<meta property=\"og:description\" content=\"Eistnesk m\u00e1lfr\u00e6\u00f0i: G\u00e1ttin a\u00f0 einstakri tungum\u00e1lafer\u00f0 Velkomin \u00ed heillandi heim eistnesku! Me\u00f0 yfir eina millj\u00f3n m\u00f3\u00f0urm\u00e1lsmanna b\u00fd\u00f0ur eistneska \u00fe\u00e9r\" \/>\n<meta property=\"og:url\" content=\"https:\/\/talkpal.ai\/is\/eistnesk-malfraedi\/\" \/>\n<meta property=\"og:site_name\" content=\"Talkpal\" \/>\n<meta property=\"article:publisher\" content=\"https:\/\/www.facebook.com\/profile.php?id=100090733639311\" \/>\n<meta property=\"article:modified_time\" content=\"2025-12-13T15:31:15+00:00\" \/>\n<meta property=\"og:image\" content=\"https:\/\/talkpal.ai\/wp-content\/uploads\/2023\/05\/estonia.png\" \/>\n\t<meta property=\"og:image:width\" content=\"512\" \/>\n\t<meta property=\"og:image:height\" content=\"512\" \/>\n\t<meta property=\"og:image:type\" content=\"image\/png\" \/>\n<meta name=\"twitter:card\" content=\"summary_large_image\" \/>\n<meta name=\"twitter:site\" content=\"@talkpalai\" \/>\n<meta name=\"twitter:label1\" content=\"Est. reading time\" \/>\n\t<meta name=\"twitter:data1\" content=\"2 minutes\" \/>\n<script type=\"application\/ld+json\" class=\"yoast-schema-graph\">{\"@context\":\"https:\/\/schema.org\",\"@graph\":[{\"@type\":\"WebPage\",\"@id\":\"https:\/\/talkpal.ai\/is\/eistnesk-malfraedi\/\",\"url\":\"https:\/\/talkpal.ai\/is\/eistnesk-malfraedi\/\",\"name\":\"Eistnesk m\u00e1lfr\u00e6\u00f0i - Talkpal\",\"isPartOf\":{\"@id\":\"https:\/\/talkpal.ai\/is\/#website\"},\"primaryImageOfPage\":{\"@id\":\"https:\/\/talkpal.ai\/is\/eistnesk-malfraedi\/#primaryimage\"},\"image\":{\"@id\":\"https:\/\/talkpal.ai\/is\/eistnesk-malfraedi\/#primaryimage\"},\"thumbnailUrl\":\"https:\/\/talkpal.ai\/wp-content\/uploads\/2023\/05\/estonia.png\",\"datePublished\":\"2023-05-14T14:01:53+00:00\",\"dateModified\":\"2025-12-13T15:31:15+00:00\",\"description\":\"Kanna\u00f0u grundvallarhugt\u00f6k eistneskrar m\u00e1lfr\u00e6\u00f0i, \u00fear \u00e1 me\u00f0al f\u00f6ll, sagnir, setningager\u00f0, frambur\u00f0 og r\u00e1\u00f0.\",\"breadcrumb\":{\"@id\":\"https:\/\/talkpal.ai\/is\/eistnesk-malfraedi\/#breadcrumb\"},\"inLanguage\":\"is\",\"potentialAction\":[{\"@type\":\"ReadAction\",\"target\":[\"https:\/\/talkpal.ai\/is\/eistnesk-malfraedi\/\"]}]},{\"@type\":\"ImageObject\",\"inLanguage\":\"is\",\"@id\":\"https:\/\/talkpal.ai\/is\/eistnesk-malfraedi\/#primaryimage\",\"url\":\"https:\/\/talkpal.ai\/wp-content\/uploads\/2023\/05\/estonia.png\",\"contentUrl\":\"https:\/\/talkpal.ai\/wp-content\/uploads\/2023\/05\/estonia.png\",\"width\":512,\"height\":512},{\"@type\":\"BreadcrumbList\",\"@id\":\"https:\/\/talkpal.ai\/is\/eistnesk-malfraedi\/#breadcrumb\",\"itemListElement\":[{\"@type\":\"ListItem\",\"position\":1,\"name\":\"Homepage\",\"item\":\"https:\/\/talkpal.ai\/is\/\"},{\"@type\":\"ListItem\",\"position\":2,\"name\":\"Eistnesk m\u00e1lfr\u00e6\u00f0i\"}]},{\"@type\":\"WebSite\",\"@id\":\"https:\/\/talkpal.ai\/is\/#website\",\"url\":\"https:\/\/talkpal.ai\/is\/\",\"name\":\"Talkpal\",\"description\":\"AI Language Learning\",\"publisher\":{\"@id\":\"https:\/\/talkpal.ai\/is\/#organization\"},\"alternateName\":\"Talkpal AI\",\"potentialAction\":[{\"@type\":\"SearchAction\",\"target\":{\"@type\":\"EntryPoint\",\"urlTemplate\":\"https:\/\/talkpal.ai\/is\/?s={search_term_string}\"},\"query-input\":{\"@type\":\"PropertyValueSpecification\",\"valueRequired\":true,\"valueName\":\"search_term_string\"}}],\"inLanguage\":\"is\"},{\"@type\":\"Organization\",\"@id\":\"https:\/\/talkpal.ai\/is\/#organization\",\"name\":\"Talkpal, Inc.\",\"alternateName\":\"Talkpal AI\",\"url\":\"https:\/\/talkpal.ai\/is\/\",\"logo\":{\"@type\":\"ImageObject\",\"inLanguage\":\"is\",\"@id\":\"https:\/\/talkpal.ai\/is\/#\/schema\/logo\/image\/\",\"url\":\"https:\/\/talkpal.ai\/wp-content\/uploads\/2024\/03\/Talkpal-Logo-Icon.png\",\"contentUrl\":\"https:\/\/talkpal.ai\/wp-content\/uploads\/2024\/03\/Talkpal-Logo-Icon.png\",\"width\":2880,\"height\":2880,\"caption\":\"Talkpal, Inc.\"},\"image\":{\"@id\":\"https:\/\/talkpal.ai\/is\/#\/schema\/logo\/image\/\"},\"sameAs\":[\"https:\/\/www.facebook.com\/profile.php?id=100090733639311\",\"https:\/\/x.com\/talkpalai\",\"https:\/\/www.linkedin.com\/company\/talkpal\/\",\"https:\/\/www.youtube.com\/@TalkPal\/\",\"https:\/\/www.tiktok.com\/@talkpal\",\"https:\/\/www.instagram.com\/talkpal_ai\/\",\"https:\/\/www.crunchbase.com\/organization\/talkpal-9cde\",\"https:\/\/www.g2.com\/products\/talkpal-for-business\/\",\"https:\/\/www.trustpilot.com\/review\/talkpal.ai\",\"https:\/\/www.capterra.com\/p\/10006800\/TalkPal\/\"],\"description\":\"Talkpal is a language learning web and mobile education app, powered by the latest AI technologies, that provides engaging experiences to its customers in many different languages to help them improve their language skills. Users can chat about unlimited amount of topics with the app and use other modes to practice their language learning.\",\"email\":\"support@talkpal.ai\",\"legalName\":\"Talkpal, Inc.\",\"foundingDate\":\"2023-04-03\",\"duns\":\"118989042\",\"numberOfEmployees\":{\"@type\":\"QuantitativeValue\",\"minValue\":\"11\",\"maxValue\":\"50\"},\"publishingPrinciples\":\"https:\/\/talkpal.ai\/publishing-principles\/\",\"actionableFeedbackPolicy\":\"https:\/\/talkpal.ai\/actionable-feedback-policy\/\",\"correctionsPolicy\":\"https:\/\/talkpal.ai\/corrections-policy\/\",\"ethicsPolicy\":\"https:\/\/talkpal.ai\/ethics-policy\/\",\"diversityPolicy\":\"https:\/\/talkpal.ai\/diversity-policy\/\",\"diversityStaffingReport\":\"https:\/\/talkpal.ai\/diversity-policy\/\"}]}<\/script>\n<!-- \/ Yoast SEO Premium plugin. -->","yoast_head_json":{"title":"Eistnesk m\u00e1lfr\u00e6\u00f0i - Talkpal","description":"Kanna\u00f0u grundvallarhugt\u00f6k eistneskrar m\u00e1lfr\u00e6\u00f0i, \u00fear \u00e1 me\u00f0al f\u00f6ll, sagnir, setningager\u00f0, frambur\u00f0 og r\u00e1\u00f0.","robots":{"index":"index","follow":"follow","max-snippet":"max-snippet:-1","max-image-preview":"max-image-preview:large","max-video-preview":"max-video-preview:-1"},"canonical":"https:\/\/talkpal.ai\/is\/eistnesk-malfraedi\/","og_locale":"is_IS","og_type":"article","og_title":"Eistnesk m\u00e1lfr\u00e6\u00f0i","og_description":"Eistnesk m\u00e1lfr\u00e6\u00f0i: G\u00e1ttin a\u00f0 einstakri tungum\u00e1lafer\u00f0 Velkomin \u00ed heillandi heim eistnesku! Me\u00f0 yfir eina millj\u00f3n m\u00f3\u00f0urm\u00e1lsmanna b\u00fd\u00f0ur eistneska \u00fe\u00e9r","og_url":"https:\/\/talkpal.ai\/is\/eistnesk-malfraedi\/","og_site_name":"Talkpal","article_publisher":"https:\/\/www.facebook.com\/profile.php?id=100090733639311","article_modified_time":"2025-12-13T15:31:15+00:00","og_image":[{"width":512,"height":512,"url":"https:\/\/talkpal.ai\/wp-content\/uploads\/2023\/05\/estonia.png","type":"image\/png"}],"twitter_card":"summary_large_image","twitter_site":"@talkpalai","twitter_misc":{"Est. reading time":"2 minutes"},"schema":{"@context":"https:\/\/schema.org","@graph":[{"@type":"WebPage","@id":"https:\/\/talkpal.ai\/is\/eistnesk-malfraedi\/","url":"https:\/\/talkpal.ai\/is\/eistnesk-malfraedi\/","name":"Eistnesk m\u00e1lfr\u00e6\u00f0i - Talkpal","isPartOf":{"@id":"https:\/\/talkpal.ai\/is\/#website"},"primaryImageOfPage":{"@id":"https:\/\/talkpal.ai\/is\/eistnesk-malfraedi\/#primaryimage"},"image":{"@id":"https:\/\/talkpal.ai\/is\/eistnesk-malfraedi\/#primaryimage"},"thumbnailUrl":"https:\/\/talkpal.ai\/wp-content\/uploads\/2023\/05\/estonia.png","datePublished":"2023-05-14T14:01:53+00:00","dateModified":"2025-12-13T15:31:15+00:00","description":"Kanna\u00f0u grundvallarhugt\u00f6k eistneskrar m\u00e1lfr\u00e6\u00f0i, \u00fear \u00e1 me\u00f0al f\u00f6ll, sagnir, setningager\u00f0, frambur\u00f0 og r\u00e1\u00f0.","breadcrumb":{"@id":"https:\/\/talkpal.ai\/is\/eistnesk-malfraedi\/#breadcrumb"},"inLanguage":"is","potentialAction":[{"@type":"ReadAction","target":["https:\/\/talkpal.ai\/is\/eistnesk-malfraedi\/"]}]},{"@type":"ImageObject","inLanguage":"is","@id":"https:\/\/talkpal.ai\/is\/eistnesk-malfraedi\/#primaryimage","url":"https:\/\/talkpal.ai\/wp-content\/uploads\/2023\/05\/estonia.png","contentUrl":"https:\/\/talkpal.ai\/wp-content\/uploads\/2023\/05\/estonia.png","width":512,"height":512},{"@type":"BreadcrumbList","@id":"https:\/\/talkpal.ai\/is\/eistnesk-malfraedi\/#breadcrumb","itemListElement":[{"@type":"ListItem","position":1,"name":"Homepage","item":"https:\/\/talkpal.ai\/is\/"},{"@type":"ListItem","position":2,"name":"Eistnesk m\u00e1lfr\u00e6\u00f0i"}]},{"@type":"WebSite","@id":"https:\/\/talkpal.ai\/is\/#website","url":"https:\/\/talkpal.ai\/is\/","name":"Talkpal","description":"AI Language Learning","publisher":{"@id":"https:\/\/talkpal.ai\/is\/#organization"},"alternateName":"Talkpal AI","potentialAction":[{"@type":"SearchAction","target":{"@type":"EntryPoint","urlTemplate":"https:\/\/talkpal.ai\/is\/?s={search_term_string}"},"query-input":{"@type":"PropertyValueSpecification","valueRequired":true,"valueName":"search_term_string"}}],"inLanguage":"is"},{"@type":"Organization","@id":"https:\/\/talkpal.ai\/is\/#organization","name":"Talkpal, Inc.","alternateName":"Talkpal AI","url":"https:\/\/talkpal.ai\/is\/","logo":{"@type":"ImageObject","inLanguage":"is","@id":"https:\/\/talkpal.ai\/is\/#\/schema\/logo\/image\/","url":"https:\/\/talkpal.ai\/wp-content\/uploads\/2024\/03\/Talkpal-Logo-Icon.png","contentUrl":"https:\/\/talkpal.ai\/wp-content\/uploads\/2024\/03\/Talkpal-Logo-Icon.png","width":2880,"height":2880,"caption":"Talkpal, Inc."},"image":{"@id":"https:\/\/talkpal.ai\/is\/#\/schema\/logo\/image\/"},"sameAs":["https:\/\/www.facebook.com\/profile.php?id=100090733639311","https:\/\/x.com\/talkpalai","https:\/\/www.linkedin.com\/company\/talkpal\/","https:\/\/www.youtube.com\/@TalkPal\/","https:\/\/www.tiktok.com\/@talkpal","https:\/\/www.instagram.com\/talkpal_ai\/","https:\/\/www.crunchbase.com\/organization\/talkpal-9cde","https:\/\/www.g2.com\/products\/talkpal-for-business\/","https:\/\/www.trustpilot.com\/review\/talkpal.ai","https:\/\/www.capterra.com\/p\/10006800\/TalkPal\/"],"description":"Talkpal is a language learning web and mobile education app, powered by the latest AI technologies, that provides engaging experiences to its customers in many different languages to help them improve their language skills. Users can chat about unlimited amount of topics with the app and use other modes to practice their language learning.","email":"support@talkpal.ai","legalName":"Talkpal, Inc.","foundingDate":"2023-04-03","duns":"118989042","numberOfEmployees":{"@type":"QuantitativeValue","minValue":"11","maxValue":"50"},"publishingPrinciples":"https:\/\/talkpal.ai\/publishing-principles\/","actionableFeedbackPolicy":"https:\/\/talkpal.ai\/actionable-feedback-policy\/","correctionsPolicy":"https:\/\/talkpal.ai\/corrections-policy\/","ethicsPolicy":"https:\/\/talkpal.ai\/ethics-policy\/","diversityPolicy":"https:\/\/talkpal.ai\/diversity-policy\/","diversityStaffingReport":"https:\/\/talkpal.ai\/diversity-policy\/"}]}},"_links":{"self":[{"href":"https:\/\/talkpal.ai\/is\/wp-json\/wp\/v2\/pages\/142667","targetHints":{"allow":["GET"]}}],"collection":[{"href":"https:\/\/talkpal.ai\/is\/wp-json\/wp\/v2\/pages"}],"about":[{"href":"https:\/\/talkpal.ai\/is\/wp-json\/wp\/v2\/types\/page"}],"author":[{"embeddable":true,"href":"https:\/\/talkpal.ai\/is\/wp-json\/wp\/v2\/users\/1"}],"replies":[{"embeddable":true,"href":"https:\/\/talkpal.ai\/is\/wp-json\/wp\/v2\/comments?post=142667"}],"version-history":[{"count":0,"href":"https:\/\/talkpal.ai\/is\/wp-json\/wp\/v2\/pages\/142667\/revisions"}],"wp:featuredmedia":[{"embeddable":true,"href":"https:\/\/talkpal.ai\/is\/wp-json\/wp\/v2\/media\/112465"}],"wp:attachment":[{"href":"https:\/\/talkpal.ai\/is\/wp-json\/wp\/v2\/media?parent=142667"}],"curies":[{"name":"wp","href":"https:\/\/api.w.org\/{rel}","templated":true}]}}