{"id":142349,"date":"2023-05-14T14:01:16","date_gmt":"2023-05-14T14:01:16","guid":{"rendered":"http:\/\/talkpal.ai\/kroatisk-malfraedi\/"},"modified":"2025-12-11T16:41:17","modified_gmt":"2025-12-11T16:41:17","slug":"kroatisk-malfraedi","status":"publish","type":"page","link":"https:\/\/talkpal.ai\/is\/kroatisk-malfraedi\/","title":{"rendered":"Kr\u00f3at\u00edsk m\u00e1lfr\u00e6\u00f0i"},"content":{"rendered":"\r\n\r\n\r\n<section class=\"languageChallengeSection\">\r\n    <div class=\"languageInfoWrapper\">\r\n        \r\n        <h1>Kr\u00f3at\u00edsk m\u00e1lfr\u00e6\u00f0i<\/h1>\r\n        <p>Uppg\u00f6tva\u00f0u heillandi uppbyggingu kr\u00f3at\u00edsku me\u00f0 \u00fev\u00ed a\u00f0 l\u00e6ra nau\u00f0synlegar m\u00e1lfr\u00e6\u00f0ireglur hennar. A\u00f0 n\u00e1 g\u00f3\u00f0um t\u00f6kum \u00e1 kr\u00f3at\u00edskri <a href=\"https:\/\/talkpal.ai\/grammar\/\">m\u00e1lfr\u00e6\u00f0i<\/a> mun opna n\u00fd t\u00e6kif\u00e6ri til samskipta og hj\u00e1lpa \u00fe\u00e9r a\u00f0 upplifa menningu og arfleif\u00f0 landsins betur. Byrja\u00f0u a\u00f0 l\u00e6ra kr\u00f3at\u00edsku m\u00e1lfr\u00e6\u00f0i \u00ed dag og taktu fyrsta skrefi\u00f0 \u00ed \u00e1tt a\u00f0 f\u00e6rni \u00ed or\u00f0um!<\/p>\r\n\r\n                            <a class=\"getStartedHidden\" href=\"https:\/\/app.talkpal.ai\/signup?lng=\">Byrja\u00f0u<\/a>\r\n        \r\n    <\/div>\r\n\r\n    <figure>\r\n    <img decoding=\"async\" width=\"768\" height=\"768\" src=\"https:\/\/talkpal.ai\/wp-content\/uploads\/2023\/06\/croatian-768x768.png\" class=\"languageImage no-lazy\" alt=\"Language learning for successful interaction\" fetchpriority=\"high\" sizes=\"(max-width: 768px) 150px, 768px\" srcset=\"https:\/\/talkpal.ai\/wp-content\/uploads\/2023\/06\/croatian-768x768.png 768w, https:\/\/talkpal.ai\/wp-content\/uploads\/2023\/06\/croatian-300x300.png 300w\" \/>\r\n    \r\n\r\n    <\/figure>\r\n\r\n            <a class=\"getStartedVisible\" href=\"https:\/\/app.talkpal.ai\/signup?lng=\">Byrja\u00f0u<\/a>\r\n    \r\n<\/section>\r\n<section class=\"promotionalBanner\">\r\n    <p class=\"promotionalText\">Skilvirkasta lei\u00f0in til a\u00f0 l\u00e6ra tungum\u00e1l<\/p>\r\n    <a class=\"promotionalLink\" href=\"https:\/\/app.talkpal.ai\/signup?lng=\">Pr\u00f3fa\u00f0u Talkpal \u00f3keypis<\/a>\r\n<\/section>\n<div class=\"wp-block-group pageContainerStyle\"><div class=\"wp-block-group__inner-container is-layout-constrained wp-block-group-is-layout-constrained\">\n<h2 class=\"wp-block-heading\" id=\"h-a-journey-through-croatian-grammar-unraveling-the-complexities-made-easy\">Fer\u00f0 \u00ed gegnum kr\u00f3at\u00edska m\u00e1lfr\u00e6\u00f0i: Au\u00f0velt a\u00f0 afhj\u00fapa margbreytileikann<\/h2>\n\n\n\n<p>Kr\u00f3at\u00edsk m\u00e1lfr\u00e6\u00f0i: a\u00f0la\u00f0andi og \u00f3gnvekjandi, einf\u00f6ld og fl\u00f3kin, dularfull og heillandi. \u00deegar \u00fe\u00fa leggur af sta\u00f0 \u00ed \u00fe\u00e1 fer\u00f0 a\u00f0 l\u00e6ra <a href=\"https:\/\/talkpal.ai\/learn-croatian\/\">kr\u00f3at\u00edska<\/a> tungum\u00e1li\u00f0 g\u00e6tir\u00f0u fundi\u00f0 fyrir ofvi\u00f0a af hugsuninni um a\u00f0 skilja m\u00e1lfr\u00e6\u00f0ilega ranghala \u00feess. En \u00f3ttastu ekki, \u00f3hugnanlegi m\u00e1lv\u00edsindama\u00f0ur, \u00fev\u00ed vi\u00f0 erum h\u00e9r til a\u00f0 lei\u00f0beina \u00fe\u00e9r hvert f\u00f3tm\u00e1l!<\/p>\n\n\n\n<p>\u00cd \u00feessari grein munum vi\u00f0 veita grunnskilning \u00e1 kr\u00f3at\u00edskum m\u00e1lfr\u00e6\u00f0ihugt\u00f6kum og veita r\u00e1\u00f0 og brellur til a\u00f0 n\u00e1 t\u00f6kum \u00e1 \u00feessu fallega slavneska tungum\u00e1li. Halla\u00f0u \u00fe\u00e9r bara aftur, slaka\u00f0u \u00e1 og leyf\u00f0u okkur a\u00f0 einfalda \u00feetta a\u00f0 \u00fev\u00ed er vir\u00f0ist fl\u00f3kna m\u00e1l!<\/p>\n\n\n\n<h3 class=\"wp-block-heading\" id=\"h-1-heavenly-nouns-declining-in-style\">1. Himnesk nafnor\u00f0: Minnkandi \u00ed st\u00edl<\/h3>\n\n\n\n<p>Ef \u00fe\u00fa ert kunnugur tungum\u00e1lum eins og lat\u00ednu e\u00f0a \u00fe\u00fdsku, \u00fe\u00e1 er hugtaki\u00f0 um beygingu nafnor\u00f0s ekki n\u00fdtt fyrir \u00fe\u00e9r. Kr\u00f3at\u00edsk m\u00e1lfr\u00e6\u00f0i er bygg\u00f0 \u00e1 grunni fallbeygingar, me\u00f0 alls sj\u00f6 tilvikum. J\u00e1, \u00fe\u00fa heyr\u00f0ir \u00fea\u00f0 r\u00e9tt! Hvert nafnor\u00f0 \u00e1 kr\u00f3at\u00edsku getur haft allt a\u00f0 sj\u00f6 mismunandi form, allt eftir hlutverki \u00feess \u00ed setningunni. En hvers vegna \u00feessi l\u00e6ti, spyr\u00f0u? \u00dea\u00f0 dregur \u00far \u00fe\u00f6rfinni fyrir forsetningar og gerir tungum\u00e1li\u00f0 n\u00e1kv\u00e6mara.  <\/p>\n\n\n\n<p>H\u00e9r er stutt yfirlit yfir m\u00e1lin:<\/p>\n\n\n\n<p><strong>\u2013 Nefnifall:<\/strong> Efni setningar<\/p>\n\n\n\n<p><strong>\u2013 E\u00f0lisfall:<\/strong> Gefur til kynna eign e\u00f0a uppruna<\/p>\n\n\n\n<p><strong>\u2013 Dative:<\/strong> \u00d3beini hluturinn e\u00f0a \u00e1fangasta\u00f0urinn<\/p>\n\n\n\n<p><strong>\u2013 \u00c1k\u00e6randi:<\/strong> Hinn beini hlutur e\u00f0a markmi\u00f0<\/p>\n\n\n\n<p><strong>\u2013 Vocative:<\/strong> Nota\u00f0 til a\u00f0 \u00e1varpa e\u00f0a hringja \u00ed einhvern<\/p>\n\n\n\n<p><strong>\u2013 Sta\u00f0setning:<\/strong> Gefur til kynna sta\u00f0setningu<\/p>\n\n\n\n<p><strong>\u2013 Hlj\u00f3\u00f0f\u00e6raleikur:<\/strong> L\u00fdsir h\u00e6tti, h\u00e1tt e\u00f0a undirleik<\/p>\n\n\n\n<p>N\u00fa, \u00e1\u00f0ur en \u00fe\u00fa byrjar a\u00f0 \u00f6rv\u00e6nta, mundu a\u00f0 \u00e6fingin skapar meistarann. Regluleg \u00fatsetning og notkun tungum\u00e1lsins mun hj\u00e1lpa \u00fe\u00e9r a\u00f0 n\u00e1 sm\u00e1m saman t\u00f6kum \u00e1 \u00feessum fallbeygjum og ver\u00f0a kr\u00f3at\u00edskur m\u00e1lfr\u00e6\u00f0isnillingur!<\/p>\n\n\n\n<h3 class=\"wp-block-heading\" id=\"h-2-adorable-adjectives-agreements-galore\">2. D\u00e1samleg l\u00fdsingaror\u00f0: Samningar<\/h3>\n\n\n\n<p>\u00cd heimi kr\u00f3at\u00edskrar m\u00e1lfr\u00e6\u00f0i vilja l\u00fdsingaror\u00f0 vera \u00fe\u00e6gileg. \u00deeir breytast eftir kyni, t\u00f6lu og falli nafnor\u00f0sins sem \u00feeir breyta. \u00deetta \u00fe\u00fd\u00f0ir a\u00f0 \u00fe\u00fa \u00fearft a\u00f0 stilla form l\u00fdsingaror\u00f0sins eftir \u00fev\u00ed hvort nafnor\u00f0i\u00f0 er karlkyns, kvenkyns e\u00f0a hvorugkyns, sem og hvort \u00fea\u00f0 er eint\u00f6lu e\u00f0a fleirt\u00f6lu.<\/p>\n\n\n\n<p>\u00cd erfi\u00f0leikum me\u00f0 samkomulag? H\u00e9r er sm\u00e1 \u00e1bending: einbeittu \u00fe\u00e9r a\u00f0 \u00fev\u00ed a\u00f0 l\u00e6ra r\u00f3t l\u00fdsingaror\u00f0s, og restin fellur \u00e1 sinn sta\u00f0. Til d\u00e6mis, r\u00f3tarl\u00fdsingaror\u00f0i\u00f0 fyrir \u201efallegt\u201c er \u201elijep-\u201c og \u00fe\u00fa getur b\u00fai\u00f0 til form eins og \u201elijepa\u201c (kvenkyns, nefnifall) e\u00f0a \u201elijepim\u201c (karlkyns\/ hvorugkyns, hlj\u00f3\u00f0f\u00e6raleikur) me\u00f0 \u00fev\u00ed a\u00f0 nota \u00fdmsar endingar.<\/p>\n\n\n\n<h3 class=\"wp-block-heading\" id=\"h-3-vibrant-verbs-conjugating-to-perfection\">3. Lifandi sagnir: samtenging til fullkomnunar<\/h3>\n\n\n\n<p>Ertu farinn a\u00f0 sj\u00e1 mynstur h\u00e9r? R\u00e9tt eins og nafnor\u00f0 og l\u00fdsingaror\u00f0 eru kr\u00f3at\u00edskar sagnir einnig fullar af tilbrig\u00f0um. \u00cd \u00feessu tungum\u00e1li gangast sagnir undir beygingu bygg\u00f0ar \u00e1 spennu, skapi, \u00fe\u00e6tti, pers\u00f3nu og t\u00f6lu.<\/p>\n\n\n\n<p>\u00dea\u00f0 eru \u00ferj\u00e1r meginspennur \u00e1 kr\u00f3at\u00edsku: fort\u00ed\u00f0, n\u00fat\u00ed\u00f0 og framt\u00ed\u00f0. \u00de\u00f3 a\u00f0 n\u00faverandi spenna g\u00e6ti virst tilt\u00f6lulega au\u00f0velt a\u00f0 skilja, getur fort\u00ed\u00f0 og framt\u00ed\u00f0 spenna veri\u00f0 fl\u00f3kin. En ekki hafa \u00e1hyggjur! \u00c6fing og \u00fatsetning fyrir tungum\u00e1linu mun hj\u00e1lpa \u00fe\u00e9r a\u00f0 sigrast \u00e1 \u00feessum hindrunum \u00e1 sk\u00f6mmum t\u00edma.<\/p>\n\n\n\n<h3 class=\"wp-block-heading\" id=\"h-4-prepositions-cases-dynamic-duo\">4. Forsetningar + M\u00e1l = Dynamic Duo!<\/h3>\n\n\n\n<p>Kr\u00f3at\u00edskar forsetningar geta veri\u00f0 svol\u00edti\u00f0 erfi\u00f0ar, \u00fear sem \u00fe\u00e6r eru n\u00e1tengdar nafnor\u00f0stilvikunum. Til d\u00e6mis er forsetningin \u201eu\u201c (\u00ed, inn) notu\u00f0 me\u00f0 t\u00f6kufalli ef h\u00fan t\u00e1knar hreyfingu e\u00f0a stefnu, en ef h\u00fan s\u00fdnir sta\u00f0setningu, \u00fe\u00e1 virkar h\u00fan me\u00f0 sta\u00f0setningarfalli.<\/p>\n\n\n\n<p>Til a\u00f0 for\u00f0ast rugling skaltu tengja forsetningu vi\u00f0 m\u00e1li\u00f0 sem h\u00fan krefst. Mundu til d\u00e6mis eftir \u201eu + sta\u00f0setning = \u00ed\u201c og \u201eu + \u00e1lyktun = inn.<\/p>\n\n\n\n<h3 class=\"wp-block-heading\" id=\"h-5-tame-the-complexities-practice-makes-perfect\">5. Temdu margbreytileikann: \u00c6fingin skapar meistarann<\/h3>\n\n\n\n<p>Vi\u00f0 fyrstu s\u00fdn kann kr\u00f3at\u00edsk m\u00e1lfr\u00e6\u00f0i a\u00f0 vir\u00f0ast eins og v\u00f6lundarh\u00fas, en haf\u00f0u \u00ed huga a\u00f0 \u00e6fing er leyndarm\u00e1li\u00f0 til a\u00f0 n\u00e1 \u00e1rangri. S\u00f6kkva \u00fe\u00e9r ni\u00f0ur \u00ed tungum\u00e1li\u00f0 me\u00f0 \u00fev\u00ed a\u00f0 lesa, skrifa, hlusta og spjalla. Breyttu \u00e1skorunum \u00ed sigra me\u00f0 \u00fev\u00ed a\u00f0 leyfa heilanum a\u00f0 gleypa og laga sig a\u00f0 n\u00fdju tungum\u00e1laumhverfi.<\/p>\n\n\n\n<p>Svo, n\u00fa \u00feegar \u00fe\u00fa hefur d\u00fdft t\u00e1num \u00ed heillandi v\u00f6tn kr\u00f3at\u00edskrar m\u00e1lfr\u00e6\u00f0i, ertu tilb\u00fainn a\u00f0 kafa d\u00fdpra? Fa\u00f0ma\u00f0u margbreytileikann, nj\u00f3ttu bl\u00e6brig\u00f0anna og mundu a\u00f0 me\u00f0 \u00ferautseigju og \u00e1str\u00ed\u00f0u getur\u00f0u opna\u00f0 hina s\u00f6nnu fegur\u00f0 kr\u00f3at\u00edska tungum\u00e1lsins. Sretno! (Gangi \u00fe\u00e9r vel!)<\/p>\n<\/div><\/div>\n\r\n<section class=\"learnNavigationSection\">\r\n            \r\n        <a href=\"https:\/\/talkpal.ai\/is\/laerdu-kroatisku\/\">\r\n            <div class=\"learnNavigationWrapper\">\r\n                <div class=\"learnNavigationContent\">\r\n                    <img decoding=\"async\" src=\"https:\/\/talkpal.ai\/wp-content\/uploads\/2024\/08\/Croatian.jpg\" alt=\"Croatian Flag\">\r\n                    <div>\r\n                        <h4>Um kr\u00f3at\u00edskun\u00e1m<\/h4>\r\n                        <p>Finndu \u00fat allt um kr\u00f3at\u00edska m\u00e1lfr\u00e6\u00f0i.<\/p>\r\n                    <\/div>\r\n                <\/div>\r\n            <\/div>\r\n        <\/a>\r\n\r\n        \r\n        <a href=\"https:\/\/talkpal.ai\/is\/kroatiska-malfraedi-aefingar\/\">\r\n            <div class=\"learnNavigationWrapper\">\r\n                <div class=\"learnNavigationContent\">\r\n                    <img decoding=\"async\" src=\"https:\/\/talkpal.ai\/wp-content\/uploads\/2024\/08\/Croatian.jpg\" alt=\"Croatian Flag\">\r\n                    <div>\r\n                        <h4>Kr\u00f3at\u00edsk m\u00e1lfr\u00e6\u00f0i\u00e6fing<\/h4>\r\n                        <p>\u00c6f\u00f0u kr\u00f3at\u00edska m\u00e1lfr\u00e6\u00f0i.<\/p>\r\n                    <\/div>\r\n                <\/div>\r\n            <\/div>\r\n        <\/a>\r\n\r\n        \r\n        <a href=\"https:\/\/talkpal.ai\/vocabulary_language\/croatian\/\">\r\n            <div class=\"learnNavigationWrapper\">\r\n                <div class=\"learnNavigationContent\">\r\n                    <img decoding=\"async\" src=\"https:\/\/talkpal.ai\/wp-content\/uploads\/2024\/08\/Croatian.jpg\" alt=\"Croatian Flag\">\r\n                    <div>\r\n                        <h4>Kr\u00f3at\u00edskur or\u00f0afor\u00f0i<\/h4>\r\n                        <p>St\u00e6kka\u00f0u kr\u00f3at\u00edskan or\u00f0afor\u00f0a \u00feinn.<\/p>\r\n                    <\/div>\r\n                <\/div>\r\n            <\/div>\r\n        <\/a>\r\n\r\n            <\/section>","protected":false},"excerpt":{"rendered":"<p>Fer\u00f0 \u00ed gegnum kr\u00f3at\u00edska m\u00e1lfr\u00e6\u00f0i: Au\u00f0velt a\u00f0 afhj\u00fapa margbreytileikann Kr\u00f3at\u00edsk m\u00e1lfr\u00e6\u00f0i: a\u00f0la\u00f0andi og \u00f3gnvekjandi, einf\u00f6ld og fl\u00f3kin, dularfull og heillandi. \u00deegar \u00fe\u00fa leggur af sta\u00f0 \u00ed \u00fe\u00e1 fer\u00f0 a\u00f0 l\u00e6ra kr\u00f3at\u00edska tungum\u00e1li\u00f0 g\u00e6tir\u00f0u fundi\u00f0 fyrir ofvi\u00f0a af hugsuninni um a\u00f0 skilja m\u00e1lfr\u00e6\u00f0ilega ranghala \u00feess. En \u00f3ttastu ekki, \u00f3hugnanlegi m\u00e1lv\u00edsindama\u00f0ur, \u00fev\u00ed vi\u00f0 erum h\u00e9r til a\u00f0 [&hellip;]<\/p>\n","protected":false},"author":1,"featured_media":110236,"parent":0,"menu_order":0,"comment_status":"closed","ping_status":"closed","template":"LearningContentPage.php","meta":{"_acf_changed":false,"footnotes":""},"class_list":["post-142349","page","type-page","status-publish","has-post-thumbnail","hentry"],"acf":[],"yoast_head":"<!-- This site is optimized with the Yoast SEO Premium plugin v27.2 (Yoast SEO v27.2) - https:\/\/yoast.com\/product\/yoast-seo-premium-wordpress\/ -->\n<title>Kr\u00f3at\u00edsk m\u00e1lfr\u00e6\u00f0i - Talkpal<\/title>\n<meta name=\"description\" content=\"Kanna\u00f0u kr\u00f3at\u00edska m\u00e1lfr\u00e6\u00f0i og auktu skilning \u00feinn \u00e1 tungum\u00e1linu me\u00f0 nau\u00f0synlegum r\u00e1\u00f0um og \u00farr\u00e6\u00f0um.\" \/>\n<meta name=\"robots\" content=\"index, follow, max-snippet:-1, max-image-preview:large, max-video-preview:-1\" \/>\n<link rel=\"canonical\" href=\"https:\/\/talkpal.ai\/is\/kroatisk-malfraedi\/\" \/>\n<meta property=\"og:locale\" content=\"is_IS\" \/>\n<meta property=\"og:type\" content=\"article\" \/>\n<meta property=\"og:title\" content=\"Kr\u00f3at\u00edsk m\u00e1lfr\u00e6\u00f0i\" \/>\n<meta property=\"og:description\" content=\"Fer\u00f0 \u00ed gegnum kr\u00f3at\u00edska m\u00e1lfr\u00e6\u00f0i: Au\u00f0velt a\u00f0 afhj\u00fapa margbreytileikann Kr\u00f3at\u00edsk m\u00e1lfr\u00e6\u00f0i: a\u00f0la\u00f0andi og \u00f3gnvekjandi, einf\u00f6ld og fl\u00f3kin, dularfull og\" \/>\n<meta property=\"og:url\" content=\"https:\/\/talkpal.ai\/is\/kroatisk-malfraedi\/\" \/>\n<meta property=\"og:site_name\" content=\"Talkpal\" \/>\n<meta property=\"article:publisher\" content=\"https:\/\/www.facebook.com\/profile.php?id=100090733639311\" \/>\n<meta property=\"article:modified_time\" content=\"2025-12-11T16:41:17+00:00\" \/>\n<meta property=\"og:image\" content=\"https:\/\/talkpal.ai\/wp-content\/uploads\/2023\/05\/croatia.png\" \/>\n\t<meta property=\"og:image:width\" content=\"512\" \/>\n\t<meta property=\"og:image:height\" content=\"512\" \/>\n\t<meta property=\"og:image:type\" content=\"image\/png\" \/>\n<meta name=\"twitter:card\" content=\"summary_large_image\" \/>\n<meta name=\"twitter:site\" content=\"@talkpalai\" \/>\n<meta name=\"twitter:label1\" content=\"Est. reading time\" \/>\n\t<meta name=\"twitter:data1\" content=\"4 minutes\" \/>\n<script type=\"application\/ld+json\" class=\"yoast-schema-graph\">{\"@context\":\"https:\/\/schema.org\",\"@graph\":[{\"@type\":\"WebPage\",\"@id\":\"https:\/\/talkpal.ai\/is\/kroatisk-malfraedi\/\",\"url\":\"https:\/\/talkpal.ai\/is\/kroatisk-malfraedi\/\",\"name\":\"Kr\u00f3at\u00edsk m\u00e1lfr\u00e6\u00f0i - Talkpal\",\"isPartOf\":{\"@id\":\"https:\/\/talkpal.ai\/is\/#website\"},\"primaryImageOfPage\":{\"@id\":\"https:\/\/talkpal.ai\/is\/kroatisk-malfraedi\/#primaryimage\"},\"image\":{\"@id\":\"https:\/\/talkpal.ai\/is\/kroatisk-malfraedi\/#primaryimage\"},\"thumbnailUrl\":\"https:\/\/talkpal.ai\/wp-content\/uploads\/2023\/05\/croatia.png\",\"datePublished\":\"2023-05-14T14:01:16+00:00\",\"dateModified\":\"2025-12-11T16:41:17+00:00\",\"description\":\"Kanna\u00f0u kr\u00f3at\u00edska m\u00e1lfr\u00e6\u00f0i og auktu skilning \u00feinn \u00e1 tungum\u00e1linu me\u00f0 nau\u00f0synlegum r\u00e1\u00f0um og \u00farr\u00e6\u00f0um.\",\"breadcrumb\":{\"@id\":\"https:\/\/talkpal.ai\/is\/kroatisk-malfraedi\/#breadcrumb\"},\"inLanguage\":\"is\",\"potentialAction\":[{\"@type\":\"ReadAction\",\"target\":[\"https:\/\/talkpal.ai\/is\/kroatisk-malfraedi\/\"]}]},{\"@type\":\"ImageObject\",\"inLanguage\":\"is\",\"@id\":\"https:\/\/talkpal.ai\/is\/kroatisk-malfraedi\/#primaryimage\",\"url\":\"https:\/\/talkpal.ai\/wp-content\/uploads\/2023\/05\/croatia.png\",\"contentUrl\":\"https:\/\/talkpal.ai\/wp-content\/uploads\/2023\/05\/croatia.png\",\"width\":512,\"height\":512},{\"@type\":\"BreadcrumbList\",\"@id\":\"https:\/\/talkpal.ai\/is\/kroatisk-malfraedi\/#breadcrumb\",\"itemListElement\":[{\"@type\":\"ListItem\",\"position\":1,\"name\":\"Homepage\",\"item\":\"https:\/\/talkpal.ai\/is\/\"},{\"@type\":\"ListItem\",\"position\":2,\"name\":\"Kr\u00f3at\u00edsk m\u00e1lfr\u00e6\u00f0i\"}]},{\"@type\":\"WebSite\",\"@id\":\"https:\/\/talkpal.ai\/is\/#website\",\"url\":\"https:\/\/talkpal.ai\/is\/\",\"name\":\"Talkpal\",\"description\":\"AI Language Learning\",\"publisher\":{\"@id\":\"https:\/\/talkpal.ai\/is\/#organization\"},\"alternateName\":\"Talkpal AI\",\"potentialAction\":[{\"@type\":\"SearchAction\",\"target\":{\"@type\":\"EntryPoint\",\"urlTemplate\":\"https:\/\/talkpal.ai\/is\/?s={search_term_string}\"},\"query-input\":{\"@type\":\"PropertyValueSpecification\",\"valueRequired\":true,\"valueName\":\"search_term_string\"}}],\"inLanguage\":\"is\"},{\"@type\":\"Organization\",\"@id\":\"https:\/\/talkpal.ai\/is\/#organization\",\"name\":\"Talkpal, Inc.\",\"alternateName\":\"Talkpal AI\",\"url\":\"https:\/\/talkpal.ai\/is\/\",\"logo\":{\"@type\":\"ImageObject\",\"inLanguage\":\"is\",\"@id\":\"https:\/\/talkpal.ai\/is\/#\/schema\/logo\/image\/\",\"url\":\"https:\/\/talkpal.ai\/wp-content\/uploads\/2024\/03\/Talkpal-Logo-Icon.png\",\"contentUrl\":\"https:\/\/talkpal.ai\/wp-content\/uploads\/2024\/03\/Talkpal-Logo-Icon.png\",\"width\":2880,\"height\":2880,\"caption\":\"Talkpal, Inc.\"},\"image\":{\"@id\":\"https:\/\/talkpal.ai\/is\/#\/schema\/logo\/image\/\"},\"sameAs\":[\"https:\/\/www.facebook.com\/profile.php?id=100090733639311\",\"https:\/\/x.com\/talkpalai\",\"https:\/\/www.linkedin.com\/company\/talkpal\/\",\"https:\/\/www.youtube.com\/@TalkPal\/\",\"https:\/\/www.tiktok.com\/@talkpal\",\"https:\/\/www.instagram.com\/talkpal_ai\/\",\"https:\/\/www.crunchbase.com\/organization\/talkpal-9cde\",\"https:\/\/www.g2.com\/products\/talkpal-for-business\/\",\"https:\/\/www.trustpilot.com\/review\/talkpal.ai\",\"https:\/\/www.capterra.com\/p\/10006800\/TalkPal\/\"],\"description\":\"Talkpal is a language learning web and mobile education app, powered by the latest AI technologies, that provides engaging experiences to its customers in many different languages to help them improve their language skills. Users can chat about unlimited amount of topics with the app and use other modes to practice their language learning.\",\"email\":\"support@talkpal.ai\",\"legalName\":\"Talkpal, Inc.\",\"foundingDate\":\"2023-04-03\",\"duns\":\"118989042\",\"numberOfEmployees\":{\"@type\":\"QuantitativeValue\",\"minValue\":\"11\",\"maxValue\":\"50\"},\"publishingPrinciples\":\"https:\/\/talkpal.ai\/publishing-principles\/\",\"actionableFeedbackPolicy\":\"https:\/\/talkpal.ai\/actionable-feedback-policy\/\",\"correctionsPolicy\":\"https:\/\/talkpal.ai\/corrections-policy\/\",\"ethicsPolicy\":\"https:\/\/talkpal.ai\/ethics-policy\/\",\"diversityPolicy\":\"https:\/\/talkpal.ai\/diversity-policy\/\",\"diversityStaffingReport\":\"https:\/\/talkpal.ai\/diversity-policy\/\"}]}<\/script>\n<!-- \/ Yoast SEO Premium plugin. -->","yoast_head_json":{"title":"Kr\u00f3at\u00edsk m\u00e1lfr\u00e6\u00f0i - Talkpal","description":"Kanna\u00f0u kr\u00f3at\u00edska m\u00e1lfr\u00e6\u00f0i og auktu skilning \u00feinn \u00e1 tungum\u00e1linu me\u00f0 nau\u00f0synlegum r\u00e1\u00f0um og \u00farr\u00e6\u00f0um.","robots":{"index":"index","follow":"follow","max-snippet":"max-snippet:-1","max-image-preview":"max-image-preview:large","max-video-preview":"max-video-preview:-1"},"canonical":"https:\/\/talkpal.ai\/is\/kroatisk-malfraedi\/","og_locale":"is_IS","og_type":"article","og_title":"Kr\u00f3at\u00edsk m\u00e1lfr\u00e6\u00f0i","og_description":"Fer\u00f0 \u00ed gegnum kr\u00f3at\u00edska m\u00e1lfr\u00e6\u00f0i: Au\u00f0velt a\u00f0 afhj\u00fapa margbreytileikann Kr\u00f3at\u00edsk m\u00e1lfr\u00e6\u00f0i: a\u00f0la\u00f0andi og \u00f3gnvekjandi, einf\u00f6ld og fl\u00f3kin, dularfull og","og_url":"https:\/\/talkpal.ai\/is\/kroatisk-malfraedi\/","og_site_name":"Talkpal","article_publisher":"https:\/\/www.facebook.com\/profile.php?id=100090733639311","article_modified_time":"2025-12-11T16:41:17+00:00","og_image":[{"width":512,"height":512,"url":"https:\/\/talkpal.ai\/wp-content\/uploads\/2023\/05\/croatia.png","type":"image\/png"}],"twitter_card":"summary_large_image","twitter_site":"@talkpalai","twitter_misc":{"Est. reading time":"4 minutes"},"schema":{"@context":"https:\/\/schema.org","@graph":[{"@type":"WebPage","@id":"https:\/\/talkpal.ai\/is\/kroatisk-malfraedi\/","url":"https:\/\/talkpal.ai\/is\/kroatisk-malfraedi\/","name":"Kr\u00f3at\u00edsk m\u00e1lfr\u00e6\u00f0i - Talkpal","isPartOf":{"@id":"https:\/\/talkpal.ai\/is\/#website"},"primaryImageOfPage":{"@id":"https:\/\/talkpal.ai\/is\/kroatisk-malfraedi\/#primaryimage"},"image":{"@id":"https:\/\/talkpal.ai\/is\/kroatisk-malfraedi\/#primaryimage"},"thumbnailUrl":"https:\/\/talkpal.ai\/wp-content\/uploads\/2023\/05\/croatia.png","datePublished":"2023-05-14T14:01:16+00:00","dateModified":"2025-12-11T16:41:17+00:00","description":"Kanna\u00f0u kr\u00f3at\u00edska m\u00e1lfr\u00e6\u00f0i og auktu skilning \u00feinn \u00e1 tungum\u00e1linu me\u00f0 nau\u00f0synlegum r\u00e1\u00f0um og \u00farr\u00e6\u00f0um.","breadcrumb":{"@id":"https:\/\/talkpal.ai\/is\/kroatisk-malfraedi\/#breadcrumb"},"inLanguage":"is","potentialAction":[{"@type":"ReadAction","target":["https:\/\/talkpal.ai\/is\/kroatisk-malfraedi\/"]}]},{"@type":"ImageObject","inLanguage":"is","@id":"https:\/\/talkpal.ai\/is\/kroatisk-malfraedi\/#primaryimage","url":"https:\/\/talkpal.ai\/wp-content\/uploads\/2023\/05\/croatia.png","contentUrl":"https:\/\/talkpal.ai\/wp-content\/uploads\/2023\/05\/croatia.png","width":512,"height":512},{"@type":"BreadcrumbList","@id":"https:\/\/talkpal.ai\/is\/kroatisk-malfraedi\/#breadcrumb","itemListElement":[{"@type":"ListItem","position":1,"name":"Homepage","item":"https:\/\/talkpal.ai\/is\/"},{"@type":"ListItem","position":2,"name":"Kr\u00f3at\u00edsk m\u00e1lfr\u00e6\u00f0i"}]},{"@type":"WebSite","@id":"https:\/\/talkpal.ai\/is\/#website","url":"https:\/\/talkpal.ai\/is\/","name":"Talkpal","description":"AI Language Learning","publisher":{"@id":"https:\/\/talkpal.ai\/is\/#organization"},"alternateName":"Talkpal AI","potentialAction":[{"@type":"SearchAction","target":{"@type":"EntryPoint","urlTemplate":"https:\/\/talkpal.ai\/is\/?s={search_term_string}"},"query-input":{"@type":"PropertyValueSpecification","valueRequired":true,"valueName":"search_term_string"}}],"inLanguage":"is"},{"@type":"Organization","@id":"https:\/\/talkpal.ai\/is\/#organization","name":"Talkpal, Inc.","alternateName":"Talkpal AI","url":"https:\/\/talkpal.ai\/is\/","logo":{"@type":"ImageObject","inLanguage":"is","@id":"https:\/\/talkpal.ai\/is\/#\/schema\/logo\/image\/","url":"https:\/\/talkpal.ai\/wp-content\/uploads\/2024\/03\/Talkpal-Logo-Icon.png","contentUrl":"https:\/\/talkpal.ai\/wp-content\/uploads\/2024\/03\/Talkpal-Logo-Icon.png","width":2880,"height":2880,"caption":"Talkpal, Inc."},"image":{"@id":"https:\/\/talkpal.ai\/is\/#\/schema\/logo\/image\/"},"sameAs":["https:\/\/www.facebook.com\/profile.php?id=100090733639311","https:\/\/x.com\/talkpalai","https:\/\/www.linkedin.com\/company\/talkpal\/","https:\/\/www.youtube.com\/@TalkPal\/","https:\/\/www.tiktok.com\/@talkpal","https:\/\/www.instagram.com\/talkpal_ai\/","https:\/\/www.crunchbase.com\/organization\/talkpal-9cde","https:\/\/www.g2.com\/products\/talkpal-for-business\/","https:\/\/www.trustpilot.com\/review\/talkpal.ai","https:\/\/www.capterra.com\/p\/10006800\/TalkPal\/"],"description":"Talkpal is a language learning web and mobile education app, powered by the latest AI technologies, that provides engaging experiences to its customers in many different languages to help them improve their language skills. Users can chat about unlimited amount of topics with the app and use other modes to practice their language learning.","email":"support@talkpal.ai","legalName":"Talkpal, Inc.","foundingDate":"2023-04-03","duns":"118989042","numberOfEmployees":{"@type":"QuantitativeValue","minValue":"11","maxValue":"50"},"publishingPrinciples":"https:\/\/talkpal.ai\/publishing-principles\/","actionableFeedbackPolicy":"https:\/\/talkpal.ai\/actionable-feedback-policy\/","correctionsPolicy":"https:\/\/talkpal.ai\/corrections-policy\/","ethicsPolicy":"https:\/\/talkpal.ai\/ethics-policy\/","diversityPolicy":"https:\/\/talkpal.ai\/diversity-policy\/","diversityStaffingReport":"https:\/\/talkpal.ai\/diversity-policy\/"}]}},"_links":{"self":[{"href":"https:\/\/talkpal.ai\/is\/wp-json\/wp\/v2\/pages\/142349","targetHints":{"allow":["GET"]}}],"collection":[{"href":"https:\/\/talkpal.ai\/is\/wp-json\/wp\/v2\/pages"}],"about":[{"href":"https:\/\/talkpal.ai\/is\/wp-json\/wp\/v2\/types\/page"}],"author":[{"embeddable":true,"href":"https:\/\/talkpal.ai\/is\/wp-json\/wp\/v2\/users\/1"}],"replies":[{"embeddable":true,"href":"https:\/\/talkpal.ai\/is\/wp-json\/wp\/v2\/comments?post=142349"}],"version-history":[{"count":0,"href":"https:\/\/talkpal.ai\/is\/wp-json\/wp\/v2\/pages\/142349\/revisions"}],"wp:featuredmedia":[{"embeddable":true,"href":"https:\/\/talkpal.ai\/is\/wp-json\/wp\/v2\/media\/110236"}],"wp:attachment":[{"href":"https:\/\/talkpal.ai\/is\/wp-json\/wp\/v2\/media?parent=142349"}],"curies":[{"name":"wp","href":"https:\/\/api.w.org\/{rel}","templated":true}]}}