{"id":142099,"date":"2023-05-14T14:00:56","date_gmt":"2023-05-14T14:00:56","guid":{"rendered":"http:\/\/talkpal.ai\/katalonsk-malfraedi\/"},"modified":"2025-05-22T18:36:17","modified_gmt":"2025-05-22T18:36:17","slug":"katalonsk-malfraedi","status":"publish","type":"page","link":"https:\/\/talkpal.ai\/is\/katalonsk-malfraedi\/","title":{"rendered":"Katal\u00f3nsk m\u00e1lfr\u00e6\u00f0i"},"content":{"rendered":"\r\n\r\n\r\n<section class=\"languageChallengeSection\">\r\n    <div class=\"languageInfoWrapper\">\r\n        \r\n        <h1>Katal\u00f3nsk m\u00e1lfr\u00e6\u00f0i<\/h1>\r\n        <p>Kaf\u00f0u \u00fe\u00e9r inn \u00ed heim katal\u00f3nskrar <a href=\"https:\/\/talkpal.ai\/grammar\/\">m\u00e1lfr\u00e6\u00f0i<\/a> og uppg\u00f6tva\u00f0u einstaka uppbyggingu \u00feessa l\u00edflega r\u00f3m\u00f6nsku tungum\u00e1ls. A\u00f0 n\u00e1 g\u00f3\u00f0um t\u00f6kum \u00e1 grunnatri\u00f0unum mun hj\u00e1lpa \u00fe\u00e9r a\u00f0 eiga skilvirkari samskipti og tengjast katal\u00f3nskri menningu \u00e1 d\u00fdpri h\u00e1tt. Byrja\u00f0u a\u00f0 l\u00e6ra katal\u00f3nsku m\u00e1lfr\u00e6\u00f0i \u00ed dag og taktu fyrsta skrefi\u00f0 \u00ed \u00e1tt a\u00f0 f\u00e6rni \u00ed talsetningu!\n\n<\/p>\r\n\r\n                            <a class=\"getStartedHidden\" href=\"https:\/\/app.talkpal.ai\/signup?lng=\">Byrja\u00f0u<\/a>\r\n        \r\n    <\/div>\r\n\r\n    <figure>\r\n    <img decoding=\"async\" width=\"768\" height=\"768\" src=\"https:\/\/talkpal.ai\/wp-content\/uploads\/2023\/06\/catalan-768x768.png\" class=\"languageImage no-lazy\" alt=\"Language learning techniques for fast learning\" fetchpriority=\"high\" sizes=\"(max-width: 768px) 150px, 768px\" srcset=\"https:\/\/talkpal.ai\/wp-content\/uploads\/2023\/06\/catalan-768x768.png 768w, https:\/\/talkpal.ai\/wp-content\/uploads\/2023\/06\/catalan-300x300.png 300w\" \/>\r\n    \r\n\r\n    <\/figure>\r\n\r\n            <a class=\"getStartedVisible\" href=\"https:\/\/app.talkpal.ai\/signup?lng=\">Byrja\u00f0u<\/a>\r\n    \r\n<\/section>\r\n<section class=\"promotionalBanner\">\r\n    <p class=\"promotionalText\">Skilvirkasta lei\u00f0in til a\u00f0 l\u00e6ra tungum\u00e1l<\/p>\r\n    <a class=\"promotionalLink\" href=\"https:\/\/app.talkpal.ai\/signup?lng=\">Pr\u00f3fa\u00f0u Talkpal \u00f3keypis<\/a>\r\n<\/section>\n<div class=\"wp-block-group pageContainerStyle\"><div class=\"wp-block-group__inner-container is-layout-constrained wp-block-group-is-layout-constrained\">\n<h2 class=\"wp-block-heading\" id=\"h-catalan-grammar-a-quick-guide-for-language-enthusiasts\">Katal\u00f3nsk m\u00e1lfr\u00e6\u00f0i: Flj\u00f3tleg lei\u00f0arv\u00edsir fyrir tungum\u00e1la\u00e1hugamenn<\/h2>\n\n\n\n<p>\u00c6tlar \u00fe\u00fa a\u00f0 l\u00e6ra katal\u00f3nsku e\u00f0a bara forvitinn um \u00feetta fallega r\u00f3mant\u00edska tungum\u00e1l? Horf\u00f0u ekki lengra! Vi\u00f0 erum h\u00e9r til a\u00f0 fara me\u00f0 \u00feig \u00ed skyndifer\u00f0 um <a href=\"https:\/\/talkpal.ai\/learn-catalan\/\">katal\u00f3nska<\/a> m\u00e1lfr\u00e6\u00f0i og \u00fatb\u00faa \u00feig me\u00f0 grunnatri\u00f0in. Vi\u00f0 skulum kafa ofan \u00ed \u00feetta heillandi tungum\u00e1l og kanna hvernig \u00fea\u00f0 virkar \u00e1 m\u00e1lfr\u00e6\u00f0ilegu stigi.<\/p>\n\n\n\n<p><a href=\"https:\/\/talkpal.ai\/learn-catalan\/\">Katal\u00f3nska<\/a>, tala\u00f0 af um 10 millj\u00f3num manna, a\u00f0allega \u00ed Katal\u00f3n\u00edu, <a href=\"https:\/\/talkpal.ai\/locations\/language-courses-in-valencia\/\">Valencia<\/a> og Balearic Islands, hefur einstaka bl\u00f6ndu af \u00e1hrifum fr\u00e1 lat\u00ednu, sp\u00e6nsku og fr\u00f6nsku. R\u00e9tt eins og \u00fe\u00fa og \u00e9g, au\u00f0ga tungum\u00e1l sig enn frekar me\u00f0 \u00fev\u00ed a\u00f0 f\u00e1 mismunandi bl\u00e6brig\u00f0i a\u00f0 l\u00e1ni hvert fr\u00e1 \u00f6\u00f0ru me\u00f0 t\u00edmanum. En spennandi!<\/p>\n\n\n\n<p><strong>N\u00fa skulum vi\u00f0 l\u00e6ra nokkra grunn\u00fe\u00e6tti katal\u00f3nskrar m\u00e1lfr\u00e6\u00f0i:<\/strong><\/p>\n\n\n\n<h3 class=\"wp-block-heading\" id=\"h-1-nouns-and-gender\">1. Nafnor\u00f0 og kyn:<\/h3>\n\n\n\n<p>Syngdu \u00fea\u00f0 me\u00f0 m\u00e9r &#8211; &#8216;Hvert nafnor\u00f0 hefur m\u00e1tt!&#8217; R\u00e9tt eins og \u00ed \u00f6\u00f0rum r\u00f3m\u00f6nskum m\u00e1lum eru katal\u00f3nsk nafnor\u00f0 anna\u00f0 hvort karlkyns e\u00f0a kvenkyns og \u00feetta \u201ekyn\u201c hefur \u00e1hrif \u00e1 hvernig \u00feau eru notu\u00f0 me\u00f0 greinum og l\u00fdsingaror\u00f0um. Ekki hafa \u00e1hyggjur, \u00fe\u00f3! Oftast eru nafnor\u00f0 sem enda \u00e1 &#8216;-a&#8217; kvenkyns, en \u00feau sem enda \u00e1 &#8216;-o&#8217; (e\u00f0a \u00f6\u00f0rum samhlj\u00f3\u00f0um) eru karlkyns. Haf\u00f0u samt \u00ed huga undantekningar &#8211; \u00feeir elska a\u00f0 l\u00e6\u00f0ast upp a\u00f0 \u00fe\u00e9r!<\/p>\n\n\n\n<h3 class=\"wp-block-heading\" id=\"h-2-articles\">2. Greinar:<\/h3>\n\n\n\n<p>L\u00edfi\u00f0 v\u00e6ri lei\u00f0inlegt \u00e1n greina, er \u00fea\u00f0 ekki? \u00deegar kemur a\u00f0 katal\u00f3nsku h\u00f6fum vi\u00f0 \u00e1kve\u00f0inn greini til a\u00f0 benda \u00e1 \u00e1kve\u00f0na hluti e\u00f0a f\u00f3lk (eins og \u201ehundinn\u201c e\u00f0a \u201eb\u00f3kina\u201c) og \u00f3\u00e1kve\u00f0inn greini fyrir almennar tilv\u00edsanir (eins og \u201ehundur\u201c e\u00f0a \u201eb\u00f3k\u201c).  <\/p>\n\n\n\n<p>\u00c1kve\u00f0nar greinar \u00e1 katal\u00f3nsku eru \u201eel\u201c fyrir karlkynsnafnor\u00f0 \u00ed eint\u00f6lu, \u201ela\u201c fyrir kvenkynsnafnor\u00f0 \u00ed eint\u00f6lu, \u201eels\u201c fyrir karlkynsnafnor\u00f0 \u00ed fleirt\u00f6lu og \u201eles\u201c fyrir kvenkynsnafnor\u00f0 \u00ed fleirt\u00f6lu. \u00d3\u00e1kve\u00f0nar greinar eru aftur \u00e1 m\u00f3ti \u201eun\u201c fyrir karlkynsnafnor\u00f0 \u00ed eint\u00f6lu og \u201euna\u201c fyrir kvenkynsnafnor\u00f0 \u00ed eint\u00f6lu. \u00cd fleirt\u00f6lu eru engir s\u00e9rstakir \u00f3\u00e1kve\u00f0nir hlutir. Au\u00f0velt, ekki satt?<\/p>\n\n\n\n<h3 class=\"wp-block-heading\" id=\"h-3-adjectives\">3. L\u00fdsingaror\u00f0:<\/h3>\n\n\n\n<p>L\u00fdsingaror\u00f0 b\u00e6ta brag\u00f0i vi\u00f0 setningarnar \u00fe\u00ednar me\u00f0 \u00fev\u00ed a\u00f0 l\u00fdsa nafnor\u00f0um og \u00e1 katal\u00f3nsku eru \u00feau samm\u00e1la \u00ed kyni og t\u00f6lu me\u00f0 nafnor\u00f0unum sem \u00feau breyta. \u00cd flestum tilfellum eru l\u00fdsingaror\u00f0 sem enda \u00e1 \u201e-o\u201c karlkyns og \u00feau sem enda \u00e1 \u201e-a\u201c eru kvenkyn. Til a\u00f0 mynda fleirt\u00f6lu, breyttu \u201e-o\u201c \u00ed \u201e-os\u201c (karlkyn) og \u201e-a\u201c \u00ed \u201e-es\u201c (kvenkyns). Haf\u00f0u \u00ed huga a\u00f0 sum l\u00fdsingaror\u00f0 hafa einstakt form fyrir b\u00e6\u00f0i kyn og a\u00f0eins fleirt\u00f6lu merki breytingar. Hlj\u00f3mar skemmtilegt, ekki satt?<\/p>\n\n\n\n<h3 class=\"wp-block-heading\" id=\"h-4-verbs-and-conjugation\">4. Sagnir og samtenging:<\/h3>\n\n\n\n<p>Hjarta allra tungum\u00e1la! Sagnir \u00e1 katal\u00f3nsku eru flokka\u00f0ar \u00ed \u00ferj\u00e1 h\u00f3pa \u00fat fr\u00e1 \u00f3endanlegum endingum \u00feeirra: \u201e-ar,\u201c \u201e-er,\u201c og \u201e-ir. Hver h\u00f3pur hefur sitt s\u00e9rstaka beygingarmynstur fyrir mismunandi t\u00ed\u00f0ir, skap og forn\u00f6fn &#8211; r\u00e9tt eins og a\u00f0 dansa vi\u00f0 mismunandi takta. Katal\u00f3nska hefur einnig hj\u00e1lparsagnir (eins og &#8216;<a href=\"https:\/\/talkpal.ai\/culture\/what-is-the-verb-ad-hafa-and-when-is-it-used\/\">a\u00f0 hafa<\/a>&#8217; og &#8216;a\u00f0 vera&#8217;) sem sameinast \u00f6\u00f0rum sagnir til a\u00f0 b\u00faa til samsettar t\u00ed\u00f0ir og \u00f3virka r\u00f6dd. Svo, far\u00f0u \u00ed danssk\u00f3na \u00fe\u00edna og byrja\u00f0u a\u00f0 kanna l\u00edflegan heim katal\u00f3nskra sagna.<\/p>\n\n\n\n<h3 class=\"wp-block-heading\" id=\"h-5-word-order\">5. Or\u00f0ar\u00f6\u00f0:<\/h3>\n\n\n\n<p>Vi\u00f0 skulum setja \u00feessi or\u00f0 \u00ed r\u00e9tta r\u00f6\u00f0! Katal\u00f3nska fylgir venjulega efnis-s\u00f6gn-hlut (SVO) or\u00f0ar\u00f6\u00f0, r\u00e9tt eins og <a href=\"https:\/\/talkpal.ai\/learn-english-with-ai\/\">enska<\/a>. Sveigjanleiki \u00ed or\u00f0ar\u00f6\u00f0 er \u00fe\u00f3 leyf\u00f0ur til \u00e1herslu- e\u00f0a st\u00edlbrag\u00f0s. L\u00fdsingaror\u00f0 koma venjulega \u00e1 eftir nafnor\u00f0inu sem \u00feeir l\u00fdsa, en \u00fe\u00fa g\u00e6tir s\u00e9\u00f0 \u00feau \u00e1 undan nafnor\u00f0inu til a\u00f0 leggja \u00e1herslu \u00e1 mikilv\u00e6gi \u00feeirra. Mundu a\u00f0 \u00e6fingin skapar meistarann \u00feegar kemur a\u00f0 \u00fev\u00ed a\u00f0 n\u00e1 t\u00f6kum \u00e1 or\u00f0ar\u00f6\u00f0 \u00e1 katal\u00f3nsku.<\/p>\n\n\n\n<h3 class=\"wp-block-heading\" id=\"h-6-pronouns-and-prepositions\">6. Forn\u00f6fn og forsetningar:<\/h3>\n\n\n\n<p>S\u00ed\u00f0ast en ekki s\u00edst! Katal\u00f3nska hefur efnisforn\u00f6fn (\u00e9g, \u00fe\u00fa, hann, h\u00fan o.s.frv.) og hlutforn\u00f6fn (\u00e9g, \u00fe\u00fa, hann, h\u00fan o.s.frv.), sem geta teki\u00f0 mismunandi breytingum eftir hlutverki \u00feeirra innan setningar. A\u00f0 auki hj\u00e1lpa katal\u00f3nskar forsetningar (eins og \u201ea,\u201c \u201ede,\u201c \u201een,\u201c \u201eamb\u201c) \u00fe\u00e9r a\u00f0 tengja or\u00f0 og or\u00f0asamb\u00f6nd og s\u00fdna tengsl \u00feeirra \u00e1 milli.<\/p>\n\n\n\n<p>Ja h\u00e9rna! N\u00fa hefur \u00fe\u00fa undirst\u00f6\u00f0uatri\u00f0i katal\u00f3nskrar m\u00e1lfr\u00e6\u00f0i undir belti. Haltu \u00e1fram a\u00f0 kanna, spyrja spurninga og \u00e6fa \u00feetta yndislega tungum\u00e1l. Mundu a\u00f0 l\u00e6ra n\u00fdtt tungum\u00e1l er eins og a\u00f0 leggja upp \u00ed spennandi fer\u00f0alag. \u00de\u00fa munt hafa \u00fe\u00ednar h\u00e6\u00f0ir og h\u00e6\u00f0ir, en ver\u00f0launin eru fyrirhafnarinnar vir\u00f0i. Ver\u00f0i \u00fe\u00e9r a\u00f0 g\u00f3\u00f0u!<\/p>\n<\/div><\/div>\n\r\n<section class=\"learnNavigationSection\">\r\n            \r\n        <a href=\"https:\/\/talkpal.ai\/is\/laerdu-katalonsku\/\">\r\n            <div class=\"learnNavigationWrapper\">\r\n                <div class=\"learnNavigationContent\">\r\n                    <img decoding=\"async\" src=\"https:\/\/talkpal.ai\/wp-content\/uploads\/2024\/08\/Catalan.jpg\" alt=\"Catalan Flag\">\r\n                    <div>\r\n                        <h4>Um katal\u00f3nska n\u00e1m<\/h4>\r\n                        <p>Finndu \u00fat allt um katal\u00f3nska m\u00e1lfr\u00e6\u00f0i.<\/p>\r\n                    <\/div>\r\n                <\/div>\r\n            <\/div>\r\n        <\/a>\r\n\r\n        \r\n        <a href=\"https:\/\/talkpal.ai\/is\/katalonska-malfraedi-aefingar\/\">\r\n            <div class=\"learnNavigationWrapper\">\r\n                <div class=\"learnNavigationContent\">\r\n                    <img decoding=\"async\" src=\"https:\/\/talkpal.ai\/wp-content\/uploads\/2024\/08\/Catalan.jpg\" alt=\"Catalan Flag\">\r\n                    <div>\r\n                        <h4>Katal\u00f3nsk m\u00e1lfr\u00e6\u00f0i\u00e6fing<\/h4>\r\n                        <p>\u00c6f\u00f0u katal\u00f3nska m\u00e1lfr\u00e6\u00f0i.<\/p>\r\n                    <\/div>\r\n                <\/div>\r\n            <\/div>\r\n        <\/a>\r\n\r\n        \r\n        <a href=\"https:\/\/talkpal.ai\/vocabulary_language\/catalan\/\">\r\n            <div class=\"learnNavigationWrapper\">\r\n                <div class=\"learnNavigationContent\">\r\n                    <img decoding=\"async\" src=\"https:\/\/talkpal.ai\/wp-content\/uploads\/2024\/08\/Catalan.jpg\" alt=\"Catalan Flag\">\r\n                    <div>\r\n                        <h4>Katal\u00f3nskur or\u00f0afor\u00f0i<\/h4>\r\n                        <p>St\u00e6kka\u00f0u katal\u00f3nska or\u00f0afor\u00f0a \u00feinn.<\/p>\r\n                    <\/div>\r\n                <\/div>\r\n            <\/div>\r\n        <\/a>\r\n\r\n            <\/section>","protected":false},"excerpt":{"rendered":"<p>Katal\u00f3nsk m\u00e1lfr\u00e6\u00f0i: Flj\u00f3tleg lei\u00f0arv\u00edsir fyrir tungum\u00e1la\u00e1hugamenn \u00c6tlar \u00fe\u00fa a\u00f0 l\u00e6ra katal\u00f3nsku e\u00f0a bara forvitinn um \u00feetta fallega r\u00f3mant\u00edska tungum\u00e1l? Horf\u00f0u ekki lengra! Vi\u00f0 erum h\u00e9r til a\u00f0 fara me\u00f0 \u00feig \u00ed skyndifer\u00f0 um katal\u00f3nska m\u00e1lfr\u00e6\u00f0i og \u00fatb\u00faa \u00feig me\u00f0 grunnatri\u00f0in. Vi\u00f0 skulum kafa ofan \u00ed \u00feetta heillandi tungum\u00e1l og kanna hvernig \u00fea\u00f0 virkar \u00e1 m\u00e1lfr\u00e6\u00f0ilegu [&hellip;]<\/p>\n","protected":false},"author":1,"featured_media":142108,"parent":0,"menu_order":0,"comment_status":"closed","ping_status":"closed","template":"LearningContentPage.php","meta":{"_acf_changed":false,"footnotes":""},"class_list":["post-142099","page","type-page","status-publish","has-post-thumbnail","hentry"],"acf":[],"yoast_head":"<!-- This site is optimized with the Yoast SEO Premium plugin v27.2 (Yoast SEO v27.2) - https:\/\/yoast.com\/product\/yoast-seo-premium-wordpress\/ -->\n<title>Katal\u00f3nsk m\u00e1lfr\u00e6\u00f0i - Talkpal<\/title>\n<meta name=\"description\" content=\"Uppg\u00f6tva\u00f0u grunnatri\u00f0i katal\u00f3nskrar m\u00e1lfr\u00e6\u00f0i og byrja\u00f0u fer\u00f0alag \u00feitt inn \u00ed \u00feetta fallega r\u00f3m\u00f6nsku tungum\u00e1l \u00ed dag!\" \/>\n<meta name=\"robots\" content=\"index, follow, max-snippet:-1, max-image-preview:large, max-video-preview:-1\" \/>\n<link rel=\"canonical\" href=\"https:\/\/talkpal.ai\/is\/katalonsk-malfraedi\/\" \/>\n<meta property=\"og:locale\" content=\"is_IS\" \/>\n<meta property=\"og:type\" content=\"article\" \/>\n<meta property=\"og:title\" content=\"Katal\u00f3nsk m\u00e1lfr\u00e6\u00f0i\" \/>\n<meta property=\"og:description\" content=\"Katal\u00f3nsk m\u00e1lfr\u00e6\u00f0i: Flj\u00f3tleg lei\u00f0arv\u00edsir fyrir tungum\u00e1la\u00e1hugamenn \u00c6tlar \u00fe\u00fa a\u00f0 l\u00e6ra katal\u00f3nsku e\u00f0a bara forvitinn um \u00feetta fallega r\u00f3mant\u00edska tungum\u00e1l?\" \/>\n<meta property=\"og:url\" content=\"https:\/\/talkpal.ai\/is\/katalonsk-malfraedi\/\" \/>\n<meta property=\"og:site_name\" content=\"Talkpal\" \/>\n<meta property=\"article:publisher\" content=\"https:\/\/www.facebook.com\/profile.php?id=100090733639311\" \/>\n<meta property=\"article:modified_time\" content=\"2025-05-22T18:36:17+00:00\" \/>\n<meta property=\"og:image\" content=\"https:\/\/talkpal.ai\/wp-content\/uploads\/2023\/08\/Catalan.png\" \/>\n\t<meta property=\"og:image:width\" content=\"479\" \/>\n\t<meta property=\"og:image:height\" content=\"479\" \/>\n\t<meta property=\"og:image:type\" content=\"image\/png\" \/>\n<meta name=\"twitter:card\" content=\"summary_large_image\" \/>\n<meta name=\"twitter:site\" content=\"@talkpalai\" \/>\n<meta name=\"twitter:label1\" content=\"Est. reading time\" \/>\n\t<meta name=\"twitter:data1\" content=\"4 minutes\" \/>\n<script type=\"application\/ld+json\" class=\"yoast-schema-graph\">{\"@context\":\"https:\/\/schema.org\",\"@graph\":[{\"@type\":\"WebPage\",\"@id\":\"https:\/\/talkpal.ai\/is\/katalonsk-malfraedi\/\",\"url\":\"https:\/\/talkpal.ai\/is\/katalonsk-malfraedi\/\",\"name\":\"Katal\u00f3nsk m\u00e1lfr\u00e6\u00f0i - Talkpal\",\"isPartOf\":{\"@id\":\"https:\/\/talkpal.ai\/is\/#website\"},\"primaryImageOfPage\":{\"@id\":\"https:\/\/talkpal.ai\/is\/katalonsk-malfraedi\/#primaryimage\"},\"image\":{\"@id\":\"https:\/\/talkpal.ai\/is\/katalonsk-malfraedi\/#primaryimage\"},\"thumbnailUrl\":\"https:\/\/talkpal.ai\/wp-content\/uploads\/2023\/08\/Catalan.png\",\"datePublished\":\"2023-05-14T14:00:56+00:00\",\"dateModified\":\"2025-05-22T18:36:17+00:00\",\"description\":\"Uppg\u00f6tva\u00f0u grunnatri\u00f0i katal\u00f3nskrar m\u00e1lfr\u00e6\u00f0i og byrja\u00f0u fer\u00f0alag \u00feitt inn \u00ed \u00feetta fallega r\u00f3m\u00f6nsku tungum\u00e1l \u00ed dag!\",\"breadcrumb\":{\"@id\":\"https:\/\/talkpal.ai\/is\/katalonsk-malfraedi\/#breadcrumb\"},\"inLanguage\":\"is\",\"potentialAction\":[{\"@type\":\"ReadAction\",\"target\":[\"https:\/\/talkpal.ai\/is\/katalonsk-malfraedi\/\"]}]},{\"@type\":\"ImageObject\",\"inLanguage\":\"is\",\"@id\":\"https:\/\/talkpal.ai\/is\/katalonsk-malfraedi\/#primaryimage\",\"url\":\"https:\/\/talkpal.ai\/wp-content\/uploads\/2023\/08\/Catalan.png\",\"contentUrl\":\"https:\/\/talkpal.ai\/wp-content\/uploads\/2023\/08\/Catalan.png\",\"width\":479,\"height\":479},{\"@type\":\"BreadcrumbList\",\"@id\":\"https:\/\/talkpal.ai\/is\/katalonsk-malfraedi\/#breadcrumb\",\"itemListElement\":[{\"@type\":\"ListItem\",\"position\":1,\"name\":\"Homepage\",\"item\":\"https:\/\/talkpal.ai\/is\/\"},{\"@type\":\"ListItem\",\"position\":2,\"name\":\"Katal\u00f3nsk m\u00e1lfr\u00e6\u00f0i\"}]},{\"@type\":\"WebSite\",\"@id\":\"https:\/\/talkpal.ai\/is\/#website\",\"url\":\"https:\/\/talkpal.ai\/is\/\",\"name\":\"Talkpal\",\"description\":\"AI Language Learning\",\"publisher\":{\"@id\":\"https:\/\/talkpal.ai\/is\/#organization\"},\"alternateName\":\"Talkpal AI\",\"potentialAction\":[{\"@type\":\"SearchAction\",\"target\":{\"@type\":\"EntryPoint\",\"urlTemplate\":\"https:\/\/talkpal.ai\/is\/?s={search_term_string}\"},\"query-input\":{\"@type\":\"PropertyValueSpecification\",\"valueRequired\":true,\"valueName\":\"search_term_string\"}}],\"inLanguage\":\"is\"},{\"@type\":\"Organization\",\"@id\":\"https:\/\/talkpal.ai\/is\/#organization\",\"name\":\"Talkpal, Inc.\",\"alternateName\":\"Talkpal AI\",\"url\":\"https:\/\/talkpal.ai\/is\/\",\"logo\":{\"@type\":\"ImageObject\",\"inLanguage\":\"is\",\"@id\":\"https:\/\/talkpal.ai\/is\/#\/schema\/logo\/image\/\",\"url\":\"https:\/\/talkpal.ai\/wp-content\/uploads\/2024\/03\/Talkpal-Logo-Icon.png\",\"contentUrl\":\"https:\/\/talkpal.ai\/wp-content\/uploads\/2024\/03\/Talkpal-Logo-Icon.png\",\"width\":2880,\"height\":2880,\"caption\":\"Talkpal, Inc.\"},\"image\":{\"@id\":\"https:\/\/talkpal.ai\/is\/#\/schema\/logo\/image\/\"},\"sameAs\":[\"https:\/\/www.facebook.com\/profile.php?id=100090733639311\",\"https:\/\/x.com\/talkpalai\",\"https:\/\/www.linkedin.com\/company\/talkpal\/\",\"https:\/\/www.youtube.com\/@TalkPal\/\",\"https:\/\/www.tiktok.com\/@talkpal\",\"https:\/\/www.instagram.com\/talkpal_ai\/\",\"https:\/\/www.crunchbase.com\/organization\/talkpal-9cde\",\"https:\/\/www.g2.com\/products\/talkpal-for-business\/\",\"https:\/\/www.trustpilot.com\/review\/talkpal.ai\",\"https:\/\/www.capterra.com\/p\/10006800\/TalkPal\/\"],\"description\":\"Talkpal is a language learning web and mobile education app, powered by the latest AI technologies, that provides engaging experiences to its customers in many different languages to help them improve their language skills. Users can chat about unlimited amount of topics with the app and use other modes to practice their language learning.\",\"email\":\"support@talkpal.ai\",\"legalName\":\"Talkpal, Inc.\",\"foundingDate\":\"2023-04-03\",\"duns\":\"118989042\",\"numberOfEmployees\":{\"@type\":\"QuantitativeValue\",\"minValue\":\"11\",\"maxValue\":\"50\"},\"publishingPrinciples\":\"https:\/\/talkpal.ai\/publishing-principles\/\",\"actionableFeedbackPolicy\":\"https:\/\/talkpal.ai\/actionable-feedback-policy\/\",\"correctionsPolicy\":\"https:\/\/talkpal.ai\/corrections-policy\/\",\"ethicsPolicy\":\"https:\/\/talkpal.ai\/ethics-policy\/\",\"diversityPolicy\":\"https:\/\/talkpal.ai\/diversity-policy\/\",\"diversityStaffingReport\":\"https:\/\/talkpal.ai\/diversity-policy\/\"}]}<\/script>\n<!-- \/ Yoast SEO Premium plugin. -->","yoast_head_json":{"title":"Katal\u00f3nsk m\u00e1lfr\u00e6\u00f0i - Talkpal","description":"Uppg\u00f6tva\u00f0u grunnatri\u00f0i katal\u00f3nskrar m\u00e1lfr\u00e6\u00f0i og byrja\u00f0u fer\u00f0alag \u00feitt inn \u00ed \u00feetta fallega r\u00f3m\u00f6nsku tungum\u00e1l \u00ed dag!","robots":{"index":"index","follow":"follow","max-snippet":"max-snippet:-1","max-image-preview":"max-image-preview:large","max-video-preview":"max-video-preview:-1"},"canonical":"https:\/\/talkpal.ai\/is\/katalonsk-malfraedi\/","og_locale":"is_IS","og_type":"article","og_title":"Katal\u00f3nsk m\u00e1lfr\u00e6\u00f0i","og_description":"Katal\u00f3nsk m\u00e1lfr\u00e6\u00f0i: Flj\u00f3tleg lei\u00f0arv\u00edsir fyrir tungum\u00e1la\u00e1hugamenn \u00c6tlar \u00fe\u00fa a\u00f0 l\u00e6ra katal\u00f3nsku e\u00f0a bara forvitinn um \u00feetta fallega r\u00f3mant\u00edska tungum\u00e1l?","og_url":"https:\/\/talkpal.ai\/is\/katalonsk-malfraedi\/","og_site_name":"Talkpal","article_publisher":"https:\/\/www.facebook.com\/profile.php?id=100090733639311","article_modified_time":"2025-05-22T18:36:17+00:00","og_image":[{"width":479,"height":479,"url":"https:\/\/talkpal.ai\/wp-content\/uploads\/2023\/08\/Catalan.png","type":"image\/png"}],"twitter_card":"summary_large_image","twitter_site":"@talkpalai","twitter_misc":{"Est. reading time":"4 minutes"},"schema":{"@context":"https:\/\/schema.org","@graph":[{"@type":"WebPage","@id":"https:\/\/talkpal.ai\/is\/katalonsk-malfraedi\/","url":"https:\/\/talkpal.ai\/is\/katalonsk-malfraedi\/","name":"Katal\u00f3nsk m\u00e1lfr\u00e6\u00f0i - Talkpal","isPartOf":{"@id":"https:\/\/talkpal.ai\/is\/#website"},"primaryImageOfPage":{"@id":"https:\/\/talkpal.ai\/is\/katalonsk-malfraedi\/#primaryimage"},"image":{"@id":"https:\/\/talkpal.ai\/is\/katalonsk-malfraedi\/#primaryimage"},"thumbnailUrl":"https:\/\/talkpal.ai\/wp-content\/uploads\/2023\/08\/Catalan.png","datePublished":"2023-05-14T14:00:56+00:00","dateModified":"2025-05-22T18:36:17+00:00","description":"Uppg\u00f6tva\u00f0u grunnatri\u00f0i katal\u00f3nskrar m\u00e1lfr\u00e6\u00f0i og byrja\u00f0u fer\u00f0alag \u00feitt inn \u00ed \u00feetta fallega r\u00f3m\u00f6nsku tungum\u00e1l \u00ed dag!","breadcrumb":{"@id":"https:\/\/talkpal.ai\/is\/katalonsk-malfraedi\/#breadcrumb"},"inLanguage":"is","potentialAction":[{"@type":"ReadAction","target":["https:\/\/talkpal.ai\/is\/katalonsk-malfraedi\/"]}]},{"@type":"ImageObject","inLanguage":"is","@id":"https:\/\/talkpal.ai\/is\/katalonsk-malfraedi\/#primaryimage","url":"https:\/\/talkpal.ai\/wp-content\/uploads\/2023\/08\/Catalan.png","contentUrl":"https:\/\/talkpal.ai\/wp-content\/uploads\/2023\/08\/Catalan.png","width":479,"height":479},{"@type":"BreadcrumbList","@id":"https:\/\/talkpal.ai\/is\/katalonsk-malfraedi\/#breadcrumb","itemListElement":[{"@type":"ListItem","position":1,"name":"Homepage","item":"https:\/\/talkpal.ai\/is\/"},{"@type":"ListItem","position":2,"name":"Katal\u00f3nsk m\u00e1lfr\u00e6\u00f0i"}]},{"@type":"WebSite","@id":"https:\/\/talkpal.ai\/is\/#website","url":"https:\/\/talkpal.ai\/is\/","name":"Talkpal","description":"AI Language Learning","publisher":{"@id":"https:\/\/talkpal.ai\/is\/#organization"},"alternateName":"Talkpal AI","potentialAction":[{"@type":"SearchAction","target":{"@type":"EntryPoint","urlTemplate":"https:\/\/talkpal.ai\/is\/?s={search_term_string}"},"query-input":{"@type":"PropertyValueSpecification","valueRequired":true,"valueName":"search_term_string"}}],"inLanguage":"is"},{"@type":"Organization","@id":"https:\/\/talkpal.ai\/is\/#organization","name":"Talkpal, Inc.","alternateName":"Talkpal AI","url":"https:\/\/talkpal.ai\/is\/","logo":{"@type":"ImageObject","inLanguage":"is","@id":"https:\/\/talkpal.ai\/is\/#\/schema\/logo\/image\/","url":"https:\/\/talkpal.ai\/wp-content\/uploads\/2024\/03\/Talkpal-Logo-Icon.png","contentUrl":"https:\/\/talkpal.ai\/wp-content\/uploads\/2024\/03\/Talkpal-Logo-Icon.png","width":2880,"height":2880,"caption":"Talkpal, Inc."},"image":{"@id":"https:\/\/talkpal.ai\/is\/#\/schema\/logo\/image\/"},"sameAs":["https:\/\/www.facebook.com\/profile.php?id=100090733639311","https:\/\/x.com\/talkpalai","https:\/\/www.linkedin.com\/company\/talkpal\/","https:\/\/www.youtube.com\/@TalkPal\/","https:\/\/www.tiktok.com\/@talkpal","https:\/\/www.instagram.com\/talkpal_ai\/","https:\/\/www.crunchbase.com\/organization\/talkpal-9cde","https:\/\/www.g2.com\/products\/talkpal-for-business\/","https:\/\/www.trustpilot.com\/review\/talkpal.ai","https:\/\/www.capterra.com\/p\/10006800\/TalkPal\/"],"description":"Talkpal is a language learning web and mobile education app, powered by the latest AI technologies, that provides engaging experiences to its customers in many different languages to help them improve their language skills. Users can chat about unlimited amount of topics with the app and use other modes to practice their language learning.","email":"support@talkpal.ai","legalName":"Talkpal, Inc.","foundingDate":"2023-04-03","duns":"118989042","numberOfEmployees":{"@type":"QuantitativeValue","minValue":"11","maxValue":"50"},"publishingPrinciples":"https:\/\/talkpal.ai\/publishing-principles\/","actionableFeedbackPolicy":"https:\/\/talkpal.ai\/actionable-feedback-policy\/","correctionsPolicy":"https:\/\/talkpal.ai\/corrections-policy\/","ethicsPolicy":"https:\/\/talkpal.ai\/ethics-policy\/","diversityPolicy":"https:\/\/talkpal.ai\/diversity-policy\/","diversityStaffingReport":"https:\/\/talkpal.ai\/diversity-policy\/"}]}},"_links":{"self":[{"href":"https:\/\/talkpal.ai\/is\/wp-json\/wp\/v2\/pages\/142099","targetHints":{"allow":["GET"]}}],"collection":[{"href":"https:\/\/talkpal.ai\/is\/wp-json\/wp\/v2\/pages"}],"about":[{"href":"https:\/\/talkpal.ai\/is\/wp-json\/wp\/v2\/types\/page"}],"author":[{"embeddable":true,"href":"https:\/\/talkpal.ai\/is\/wp-json\/wp\/v2\/users\/1"}],"replies":[{"embeddable":true,"href":"https:\/\/talkpal.ai\/is\/wp-json\/wp\/v2\/comments?post=142099"}],"version-history":[{"count":0,"href":"https:\/\/talkpal.ai\/is\/wp-json\/wp\/v2\/pages\/142099\/revisions"}],"wp:featuredmedia":[{"embeddable":true,"href":"https:\/\/talkpal.ai\/is\/wp-json\/wp\/v2\/media\/142108"}],"wp:attachment":[{"href":"https:\/\/talkpal.ai\/is\/wp-json\/wp\/v2\/media?parent=142099"}],"curies":[{"name":"wp","href":"https:\/\/api.w.org\/{rel}","templated":true}]}}