{"id":141680,"date":"2023-05-14T14:00:39","date_gmt":"2023-05-14T14:00:39","guid":{"rendered":"http:\/\/talkpal.ai\/bulgorsk-malfraedi\/"},"modified":"2025-05-22T14:36:24","modified_gmt":"2025-05-22T14:36:24","slug":"bulgorsk-malfraedi","status":"publish","type":"page","link":"https:\/\/talkpal.ai\/is\/bulgorsk-malfraedi\/","title":{"rendered":"B\u00falg\u00f6rsk m\u00e1lfr\u00e6\u00f0i"},"content":{"rendered":"\r\n\r\n\r\n<section class=\"languageChallengeSection\">\r\n    <div class=\"languageInfoWrapper\">\r\n        \r\n        <h1>B\u00falg\u00f6rsk m\u00e1lfr\u00e6\u00f0i<\/h1>\r\n        <p>Kanna\u00f0u einstaka eiginleika b\u00falgarskrar <a href=\"https:\/\/talkpal.ai\/grammar\/\">m\u00e1lfr\u00e6\u00f0i<\/a> og \u00f6\u00f0lastu verkf\u00e6rin til a\u00f0 eiga samskipti af \u00f6ryggi \u00e1 \u00feessu l\u00edflega slavneska tungum\u00e1li. Me\u00f0 \u00fev\u00ed a\u00f0 skilja grunnreglurnar munt \u00fe\u00fa auka getu \u00fe\u00edna til a\u00f0 tengjast m\u00f3\u00f0urm\u00e1lsf\u00f3lki og kafa d\u00fdpra \u00ed r\u00edka arfleif\u00f0 B\u00falgar\u00edu. Byrja\u00f0u b\u00falg\u00f6rsku m\u00e1lfr\u00e6\u00f0ifer\u00f0alag \u00feitt \u00ed dag og taktu fyrsta skrefi\u00f0 \u00ed \u00e1tt a\u00f0 \u00fev\u00ed a\u00f0 n\u00e1 t\u00f6kum \u00e1 tungum\u00e1linu!<\/p>\r\n\r\n                            <a class=\"getStartedHidden\" href=\"https:\/\/app.talkpal.ai\/signup?lng=\">Byrja\u00f0u<\/a>\r\n        \r\n    <\/div>\r\n\r\n    <figure>\r\n    <img decoding=\"async\" width=\"768\" height=\"768\" src=\"https:\/\/talkpal.ai\/wp-content\/uploads\/2023\/06\/bulgarian-768x768.png\" class=\"languageImage no-lazy\" alt=\"Language learning for deeper cultural understanding\" fetchpriority=\"high\" sizes=\"(max-width: 768px) 150px, 768px\" srcset=\"https:\/\/talkpal.ai\/wp-content\/uploads\/2023\/06\/bulgarian-768x768.png 768w, https:\/\/talkpal.ai\/wp-content\/uploads\/2023\/06\/bulgarian-300x300.png 300w\" \/>\r\n    \r\n\r\n    <\/figure>\r\n\r\n            <a class=\"getStartedVisible\" href=\"https:\/\/app.talkpal.ai\/signup?lng=\">Byrja\u00f0u<\/a>\r\n    \r\n<\/section>\r\n<section class=\"promotionalBanner\">\r\n    <p class=\"promotionalText\">Skilvirkasta lei\u00f0in til a\u00f0 l\u00e6ra tungum\u00e1l<\/p>\r\n    <a class=\"promotionalLink\" href=\"https:\/\/app.talkpal.ai\/signup?lng=\">Pr\u00f3fa\u00f0u Talkpal \u00f3keypis<\/a>\r\n<\/section>\n<div class=\"wp-block-group pageContainerStyle\"><div class=\"wp-block-group__inner-container is-layout-constrained wp-block-group-is-layout-constrained\">\n<h2 class=\"wp-block-heading\" id=\"h-the-ultimate-guide-to-bulgarian-grammar-navigating-the-intricacies-of-a-rich-language\">The Ultimate Guide to Bulgarian Grammar: Navigating the ranghala \u00e1 r\u00edku tungum\u00e1li<\/h2>\n\n\n\n<p><a href=\"https:\/\/talkpal.ai\/bulgarian-grammar\/\">B\u00falgarsk m\u00e1lfr\u00e6\u00f0i<\/a>, eins og tungum\u00e1li\u00f0 sj\u00e1lft, er heillandi blanda af einfaldleika, margbreytileika og r\u00edkri menningars\u00f6gu. Sem eitt elsta slavneska tungum\u00e1li\u00f0 b\u00fd\u00f0ur <a href=\"https:\/\/talkpal.ai\/learn-bulgarian\/\">b\u00falgarska<\/a> nemendum upp \u00e1 tungum\u00e1laspennu og \u00e1skoranir jafnvel f\u00e6rustu r\u00e6\u00f0umenn. \u00cd \u00feessari handb\u00f3k munum vi\u00f0 kanna helstu meginreglur b\u00falgarskrar m\u00e1lfr\u00e6\u00f0i, afst\u00fdra margbreytileika hennar og hj\u00e1lpa \u00fe\u00e9r \u00e1 fer\u00f0 \u00feinni til a\u00f0 n\u00e1 t\u00f6kum \u00e1 \u00feessu fallega tungum\u00e1li. Vi\u00f0 skulum kafa inn!<\/p>\n\n\n\n<h2 class=\"wp-block-heading\" id=\"h-the-nuts-and-bolts-bulgarian-sentence-structure\">Hneturnar og boltarnir: b\u00falgarska setningaskipan<\/h2>\n\n\n\n<p>\u00cd kjarna \u00feess er b\u00falgarska m\u00e1lfr\u00e6\u00f0i alveg einf\u00f6ld. Tungum\u00e1li\u00f0 fylgir setningaskipan Subject-Verb-Object (SVO), svipa\u00f0 og <a href=\"https:\/\/talkpal.ai\/learn-english-with-ai\/\">enska<\/a> og m\u00f6rg \u00f6nnur tungum\u00e1l. Til d\u00e6mis \u00fe\u00fd\u00f0ir setningin \u201e\u00c9g bor\u00f0a epli\u201c yfir \u00e1 \u201e\u0410\u0437 \u044f\u043c \u044f\u0431\u044a\u043b\u043a\u0430\u201c (Az yam yabalka). Einfalt, ekki satt? Hins vegar, \u00feegar vi\u00f0 gr\u00f6fum d\u00fdpra, muntu uppg\u00f6tva a\u00f0 <a href=\"https:\/\/talkpal.ai\/bulgarian-grammar\/\">b\u00falgarsk m\u00e1lfr\u00e6\u00f0i<\/a> er full af \u00f3v\u00e6ntum og einst\u00f6kum einkennum.<\/p>\n\n\n\n<h3 class=\"wp-block-heading\" id=\"h-meet-the-family-bulgarian-nouns-and-their-genders\">Hittu fj\u00f6lskylduna: B\u00falg\u00f6rsk nafnor\u00f0 og kyn \u00feeirra<\/h3>\n\n\n\n<p>Einn vandr\u00e6\u00f0alegasti \u00fe\u00e1tturinn \u00ed b\u00falg\u00f6rskri m\u00e1lfr\u00e6\u00f0i fyrir <a href=\"https:\/\/talkpal.ai\/english-speaking-course\/\">enskum\u00e6landi<\/a> er hugmyndin um m\u00e1lfr\u00e6\u00f0ilegt kyn. \u00c1 b\u00falg\u00f6rsku er hverju nafnor\u00f0i \u00fathluta\u00f0 einu af \u00feremur kynjum &#8211; karlkyns, kvenkyns og hvorugkyns. Nau\u00f0synlegt er a\u00f0 \u00feekkja kyn nafnor\u00f0s \u00fear sem \u00fea\u00f0 hefur \u00e1hrif \u00e1 form l\u00fdsingaror\u00f0a og fornafna og samtengingu sagnanna sem fylgja.<\/p>\n\n\n\n<p>Svo, hvernig \u00e1kvar\u00f0ar \u00fe\u00fa kyn nafnor\u00f0s? Almennt s\u00e9\u00f0 sn\u00fdst \u00feetta allt um endirinn:<\/p>\n\n\n\n<p><strong>\u2013 Karlkynsnafnor\u00f0 enda venjulega \u00e1 samhlj\u00f3\u00f0i.<\/strong><\/p>\n\n\n\n<p><strong>&#8211; Kvenkynsnafnor\u00f0 enda venjulega \u00e1 -\u0430 (-a) e\u00f0a -\u044f (-ya).<\/strong><\/p>\n\n\n\n<p><strong>\u2013 Hvorugkynsnafnor\u00f0 enda oft \u00e1 -\u043e (-o) e\u00f0a -\u0435 (-\u0435).<\/strong><\/p>\n\n\n\n<p>Til d\u00e6mis \u00fe\u00fd\u00f0ir &#8222;\u043c\u044a\u0436&#8220; (mazh) &#8222;karl&#8220; og er karlkyns, &#8222;\u0436\u0435\u043d\u0430&#8220; (zhena) \u00fe\u00fd\u00f0ir &#8222;kona&#8220; og er kvenkyns, og &#8222;\u0434\u0435\u0442\u0435&#8220; (dete) \u00fe\u00fd\u00f0ir &#8222;barn&#8220; og er hvorugkyn.<\/p>\n\n\n\n<p>Au\u00f0vita\u00f0 eru til undantekningar og \u00feess vegna er nau\u00f0synlegt a\u00f0 l\u00e6ra nafnor\u00f0 \u00e1samt kyni \u00feeirra.<\/p>\n\n\n\n<h3 class=\"wp-block-heading\" id=\"h-playing-with-numbers-bulgarian-plurals\">Leika me\u00f0 t\u00f6lur: B\u00falgarska fleirt\u00f6lu<\/h3>\n\n\n\n<p>\u00deegar \u00fe\u00fa hefur n\u00e1\u00f0 t\u00f6kum \u00e1 kyni b\u00falg\u00f6rskra nafnor\u00f0a er kominn t\u00edmi til a\u00f0 takast \u00e1 vi\u00f0 fleirt\u00f6luor\u00f0 \u00feeirra. Almennt s\u00e9\u00f0 myndar \u00fe\u00fa fleirt\u00f6lu me\u00f0 \u00fev\u00ed a\u00f0 b\u00e6ta vi\u00f0 s\u00e9rst\u00f6kum endingum sem samsvara kyni nafnor\u00f0sins:<\/p>\n\n\n\n<p><strong>\u2013 Karlkynsnafnor\u00f0 breyta s\u00ed\u00f0ustu samhlj\u00f3\u00f0i \u00ed -\u0438 (-i) e\u00f0a b\u00e6ta vi\u00f0 -\u043e\u0432\u0435 (-ove).<\/strong><\/p>\n\n\n\n<p><strong>\u2013 Kvenkynsnafnor\u00f0 koma \u00ed sta\u00f0 -\u0430 e\u00f0a -\u044f fyrir -\u0438 e\u00f0a -\u0435.<\/strong><\/p>\n\n\n\n<p><strong>\u2013 Hvorugkynsnafnor\u00f0 koma \u00ed sta\u00f0 -\u043e e\u00f0a -\u0435 fyrir -\u0430.<\/strong><\/p>\n\n\n\n<p>Til d\u00e6mis ver\u00f0ur \u201e\u0443\u0447\u0435\u043d\u0438\u043a\u201c (uchenik, karlkyns) \u201e\u0443\u0447\u0435\u043d\u0438\u0446\u0438\u201c (uchenici, nemendur) og \u201e\u043a\u043d\u0438\u0433\u0430\u201c (kniga, kvenkyn) ver\u00f0ur a\u00f0 \u201e\u043a\u043d\u0438\u0433\u0438\u201c (knigi, b\u00e6kur).<\/p>\n\n\n\n<p>\u00deessi regla hefur undantekningar, svo fylgstu me\u00f0 \u00f3reglulegum fleirt\u00f6lum og st\u00e6kka\u00f0u or\u00f0afor\u00f0a \u00feinn \u00ed samr\u00e6mi vi\u00f0 \u00fea\u00f0.<\/p>\n\n\n\n<h3 class=\"wp-block-heading\" id=\"h-the-art-of-conjugation-bulgarian-verbs\">Listin a\u00f0 beygja: b\u00falgarskar sagnir<\/h3>\n\n\n\n<p>B\u00falgarskar sagnir geta veri\u00f0 \u00f3gnvekjandi vegna fj\u00f6lda spennu, skaps og beyginga. Hins vegar er lykillinn a\u00f0 \u00fev\u00ed a\u00f0 sprunga \u00fe\u00e1 a\u00f0 \u00feekkja mynstur og \u00e6fa reglulega.<\/p>\n\n\n\n<p>\u00cd b\u00falg\u00f6rsku er s\u00f6gnum skipt \u00ed \u00ferj\u00e1 h\u00f3pa eftir \u00f3endanlegri endingu \u00feeirra, -\u0430 (-a), -\u0435 (-\u0435) e\u00f0a -\u0438 (-i). Hver h\u00f3pur hefur s\u00ednar s\u00e9rst\u00f6ku beygingarreglur. T\u00f6kum til d\u00e6mis s\u00f6gnina \u201e\u043f\u0438\u0448\u0430\u201c (pisha, \u201ea\u00f0 skrifa\u201c):<\/p>\n\n\n\n<p><strong>N\u00fat\u00ed\u00f0: \u0410\u0437 \u043f\u0438\u0448\u0430 (Az pisha, \u201e\u00e9g skrifa\u201c)<\/strong><\/p>\n\n\n\n<p><strong>\u00de\u00e1t\u00ed\u00f0: \u0410\u0437 \u043f\u0438\u0441\u0430\u0445 (Az pisah, \u201e\u00e9g skrifa\u00f0i\u201c)<\/strong><\/p>\n\n\n\n<p><strong>Framt\u00ed\u00f0art\u00edmi: \u0410\u0437 \u0449\u0435 \u043f\u0438\u0448\u0430 (Az shte pisha, \u201e\u00e9g mun skrifa\u201c)<\/strong><\/p>\n\n\n\n<p>Eins og \u00fe\u00fa s\u00e9r\u00f0 breytast endarnir \u00ed samr\u00e6mi vi\u00f0 spennuna. Og \u00feetta kl\u00f3rar ekki einu sinni yfirbor\u00f0i\u00f0 \u00e1 b\u00falg\u00f6rsku sagnatengingu! Hins vegar, ekki l\u00e1ta \u00fea\u00f0 yfirbuga \u00feig. Me\u00f0 \u00e6fingu og \u00feolinm\u00e6\u00f0i muntu byrja a\u00f0 \u00feekkja mynstrin og sigra \u00feessa \u00e1skorun.<\/p>\n\n\n\n<h3 class=\"wp-block-heading\" id=\"h-the-finishing-touches-bulgarian-adjectives-adverbs-and-more\">Fr\u00e1gangurinn: b\u00falgarsk l\u00fdsingaror\u00f0, atviksor\u00f0 og fleira<\/h3>\n\n\n\n<p>\u00deegar kemur a\u00f0 b\u00falg\u00f6rskum l\u00fdsingaror\u00f0um og atviksor\u00f0um gegna \u00feau mikilv\u00e6gu hlutverki vi\u00f0 a\u00f0 b\u00e6ta d\u00fdpt og margbreytileika vi\u00f0 r\u00e6\u00f0u \u00fe\u00edna. L\u00fdsingaror\u00f0 ver\u00f0a a\u00f0 vera \u00ed samr\u00e6mi vi\u00f0 nafnor\u00f0in sem \u00feau breyta me\u00f0 tilliti til kyns og \u00fe\u00fa munt venjulega finna 3 form &#8211; karlkyn, kvenkyn og hvorugkyn.<\/p>\n\n\n\n<p>Til d\u00e6mis \u00fe\u00fd\u00f0ir \u201e\u0434\u043e\u0431\u044a\u0440\u201c (dobur) \u201eg\u00f3\u00f0\u201c og birtist sem \u201e\u0434\u043e\u0431\u044a\u0440 \u043c\u044a\u0436\u201c (dobur mazh, \u201eg\u00f3\u00f0ur ma\u00f0ur\u201c), \u201e\u0434\u043e\u0431\u0440\u0430 \u0436\u0435\u043d\u0430\u201c (dobra zhena, \u201eg\u00f3\u00f0 kona\u201c) og \u201e\u0434\u043e\u0431\u0440\u043e \u0434\u0435\u0442\u0435\u201c ( dobro dete, \u201egott barn\u201c). Atviksor\u00f0 fylgja svipu\u00f0um mynstrum, oft dregin af l\u00fdsingaror\u00f0um.<\/p>\n\n\n\n<p>A\u00f0 lokum m\u00e1 segja a\u00f0 fl\u00e6kjur og s\u00e9rkenni b\u00falg\u00f6rskrar m\u00e1lfr\u00e6\u00f0i, \u00fe\u00f3tt fl\u00f3kin s\u00e9u, gefa tungum\u00e1linu gr\u00edpandi fegur\u00f0 og karakter. Me\u00f0 bl\u00f6ndu af \u00ferautseigju, forvitni og hagn\u00fdtri beitingu muntu flj\u00f3tlega vafra um b\u00falgarska m\u00e1lfr\u00e6\u00f0i me\u00f0 au\u00f0veldum og sj\u00e1lfstrausti. Gle\u00f0ilegt n\u00e1m!<\/p>\n<\/div><\/div>\n\r\n<section class=\"learnNavigationSection\">\r\n            \r\n        <a href=\"https:\/\/talkpal.ai\/is\/laerdu-bulgorsku\/\">\r\n            <div class=\"learnNavigationWrapper\">\r\n                <div class=\"learnNavigationContent\">\r\n                    <img decoding=\"async\" src=\"https:\/\/talkpal.ai\/wp-content\/uploads\/2024\/08\/Bulgarian.jpg\" alt=\"Bulgarian Flag\">\r\n                    <div>\r\n                        <h4>Um b\u00falg\u00f6rskun\u00e1m<\/h4>\r\n                        <p>Finndu \u00fat allt um b\u00falgarska m\u00e1lfr\u00e6\u00f0i.<\/p>\r\n                    <\/div>\r\n                <\/div>\r\n            <\/div>\r\n        <\/a>\r\n\r\n        \r\n        <a href=\"https:\/\/talkpal.ai\/is\/bulgarska-malfraedi-aefingar\/\">\r\n            <div class=\"learnNavigationWrapper\">\r\n                <div class=\"learnNavigationContent\">\r\n                    <img decoding=\"async\" src=\"https:\/\/talkpal.ai\/wp-content\/uploads\/2024\/08\/Bulgarian.jpg\" alt=\"Bulgarian Flag\">\r\n                    <div>\r\n                        <h4>B\u00falgarska m\u00e1lfr\u00e6\u00f0i\u00e6fing<\/h4>\r\n                        <p>\u00c6f\u00f0u b\u00falgarska m\u00e1lfr\u00e6\u00f0i.<\/p>\r\n                    <\/div>\r\n                <\/div>\r\n            <\/div>\r\n        <\/a>\r\n\r\n        \r\n        <a href=\"https:\/\/talkpal.ai\/vocabulary_language\/bulgarian\/\">\r\n            <div class=\"learnNavigationWrapper\">\r\n                <div class=\"learnNavigationContent\">\r\n                    <img decoding=\"async\" src=\"https:\/\/talkpal.ai\/wp-content\/uploads\/2024\/08\/Bulgarian.jpg\" alt=\"Bulgarian Flag\">\r\n                    <div>\r\n                        <h4>B\u00falgarskur or\u00f0afor\u00f0i<\/h4>\r\n                        <p>St\u00e6kka\u00f0u b\u00falg\u00f6rskan or\u00f0afor\u00f0a \u00feinn.<\/p>\r\n                    <\/div>\r\n                <\/div>\r\n            <\/div>\r\n        <\/a>\r\n\r\n            <\/section>","protected":false},"excerpt":{"rendered":"<p>The Ultimate Guide to Bulgarian Grammar: Navigating the ranghala \u00e1 r\u00edku tungum\u00e1li B\u00falgarsk m\u00e1lfr\u00e6\u00f0i, eins og tungum\u00e1li\u00f0 sj\u00e1lft, er heillandi blanda af einfaldleika, margbreytileika og r\u00edkri menningars\u00f6gu. Sem eitt elsta slavneska tungum\u00e1li\u00f0 b\u00fd\u00f0ur b\u00falgarska nemendum upp \u00e1 tungum\u00e1laspennu og \u00e1skoranir jafnvel f\u00e6rustu r\u00e6\u00f0umenn. \u00cd \u00feessari handb\u00f3k munum vi\u00f0 kanna helstu meginreglur b\u00falgarskrar m\u00e1lfr\u00e6\u00f0i, afst\u00fdra margbreytileika [&hellip;]<\/p>\n","protected":false},"author":1,"featured_media":111233,"parent":0,"menu_order":0,"comment_status":"closed","ping_status":"closed","template":"LearningContentPage.php","meta":{"_acf_changed":false,"footnotes":""},"class_list":["post-141680","page","type-page","status-publish","has-post-thumbnail","hentry"],"acf":[],"yoast_head":"<!-- This site is optimized with the Yoast SEO Premium plugin v27.2 (Yoast SEO v27.2) - https:\/\/yoast.com\/product\/yoast-seo-premium-wordpress\/ -->\n<title>B\u00falg\u00f6rsk m\u00e1lfr\u00e6\u00f0i - Talkpal<\/title>\n<meta name=\"description\" content=\"Kanna\u00f0u grunnatri\u00f0i b\u00falgarskrar m\u00e1lfr\u00e6\u00f0i til a\u00f0 b\u00e6ta tungum\u00e1lakunn\u00e1ttu og samskiptah\u00e6fni.\" \/>\n<meta name=\"robots\" content=\"index, follow, max-snippet:-1, max-image-preview:large, max-video-preview:-1\" \/>\n<link rel=\"canonical\" href=\"https:\/\/talkpal.ai\/is\/bulgorsk-malfraedi\/\" \/>\n<meta property=\"og:locale\" content=\"is_IS\" \/>\n<meta property=\"og:type\" content=\"article\" \/>\n<meta property=\"og:title\" content=\"B\u00falg\u00f6rsk m\u00e1lfr\u00e6\u00f0i\" \/>\n<meta property=\"og:description\" content=\"The Ultimate Guide to Bulgarian Grammar: Navigating the ranghala \u00e1 r\u00edku tungum\u00e1li B\u00falgarsk m\u00e1lfr\u00e6\u00f0i, eins og tungum\u00e1li\u00f0 sj\u00e1lft, er heillandi blanda af\" \/>\n<meta property=\"og:url\" content=\"https:\/\/talkpal.ai\/is\/bulgorsk-malfraedi\/\" \/>\n<meta property=\"og:site_name\" content=\"Talkpal\" \/>\n<meta property=\"article:publisher\" content=\"https:\/\/www.facebook.com\/profile.php?id=100090733639311\" \/>\n<meta property=\"article:modified_time\" content=\"2025-05-22T14:36:24+00:00\" \/>\n<meta property=\"og:image\" content=\"https:\/\/talkpal.ai\/wp-content\/uploads\/2023\/05\/bulgaria.png\" \/>\n\t<meta property=\"og:image:width\" content=\"512\" \/>\n\t<meta property=\"og:image:height\" content=\"512\" \/>\n\t<meta property=\"og:image:type\" content=\"image\/png\" \/>\n<meta name=\"twitter:card\" content=\"summary_large_image\" \/>\n<meta name=\"twitter:site\" content=\"@talkpalai\" \/>\n<meta name=\"twitter:label1\" content=\"Est. reading time\" \/>\n\t<meta name=\"twitter:data1\" content=\"4 minutes\" \/>\n<script type=\"application\/ld+json\" class=\"yoast-schema-graph\">{\"@context\":\"https:\/\/schema.org\",\"@graph\":[{\"@type\":\"WebPage\",\"@id\":\"https:\/\/talkpal.ai\/is\/bulgorsk-malfraedi\/\",\"url\":\"https:\/\/talkpal.ai\/is\/bulgorsk-malfraedi\/\",\"name\":\"B\u00falg\u00f6rsk m\u00e1lfr\u00e6\u00f0i - Talkpal\",\"isPartOf\":{\"@id\":\"https:\/\/talkpal.ai\/is\/#website\"},\"primaryImageOfPage\":{\"@id\":\"https:\/\/talkpal.ai\/is\/bulgorsk-malfraedi\/#primaryimage\"},\"image\":{\"@id\":\"https:\/\/talkpal.ai\/is\/bulgorsk-malfraedi\/#primaryimage\"},\"thumbnailUrl\":\"https:\/\/talkpal.ai\/wp-content\/uploads\/2023\/05\/bulgaria.png\",\"datePublished\":\"2023-05-14T14:00:39+00:00\",\"dateModified\":\"2025-05-22T14:36:24+00:00\",\"description\":\"Kanna\u00f0u grunnatri\u00f0i b\u00falgarskrar m\u00e1lfr\u00e6\u00f0i til a\u00f0 b\u00e6ta tungum\u00e1lakunn\u00e1ttu og samskiptah\u00e6fni.\",\"breadcrumb\":{\"@id\":\"https:\/\/talkpal.ai\/is\/bulgorsk-malfraedi\/#breadcrumb\"},\"inLanguage\":\"is\",\"potentialAction\":[{\"@type\":\"ReadAction\",\"target\":[\"https:\/\/talkpal.ai\/is\/bulgorsk-malfraedi\/\"]}]},{\"@type\":\"ImageObject\",\"inLanguage\":\"is\",\"@id\":\"https:\/\/talkpal.ai\/is\/bulgorsk-malfraedi\/#primaryimage\",\"url\":\"https:\/\/talkpal.ai\/wp-content\/uploads\/2023\/05\/bulgaria.png\",\"contentUrl\":\"https:\/\/talkpal.ai\/wp-content\/uploads\/2023\/05\/bulgaria.png\",\"width\":512,\"height\":512},{\"@type\":\"BreadcrumbList\",\"@id\":\"https:\/\/talkpal.ai\/is\/bulgorsk-malfraedi\/#breadcrumb\",\"itemListElement\":[{\"@type\":\"ListItem\",\"position\":1,\"name\":\"Homepage\",\"item\":\"https:\/\/talkpal.ai\/is\/\"},{\"@type\":\"ListItem\",\"position\":2,\"name\":\"B\u00falg\u00f6rsk m\u00e1lfr\u00e6\u00f0i\"}]},{\"@type\":\"WebSite\",\"@id\":\"https:\/\/talkpal.ai\/is\/#website\",\"url\":\"https:\/\/talkpal.ai\/is\/\",\"name\":\"Talkpal\",\"description\":\"AI Language Learning\",\"publisher\":{\"@id\":\"https:\/\/talkpal.ai\/is\/#organization\"},\"alternateName\":\"Talkpal AI\",\"potentialAction\":[{\"@type\":\"SearchAction\",\"target\":{\"@type\":\"EntryPoint\",\"urlTemplate\":\"https:\/\/talkpal.ai\/is\/?s={search_term_string}\"},\"query-input\":{\"@type\":\"PropertyValueSpecification\",\"valueRequired\":true,\"valueName\":\"search_term_string\"}}],\"inLanguage\":\"is\"},{\"@type\":\"Organization\",\"@id\":\"https:\/\/talkpal.ai\/is\/#organization\",\"name\":\"Talkpal, Inc.\",\"alternateName\":\"Talkpal AI\",\"url\":\"https:\/\/talkpal.ai\/is\/\",\"logo\":{\"@type\":\"ImageObject\",\"inLanguage\":\"is\",\"@id\":\"https:\/\/talkpal.ai\/is\/#\/schema\/logo\/image\/\",\"url\":\"https:\/\/talkpal.ai\/wp-content\/uploads\/2024\/03\/Talkpal-Logo-Icon.png\",\"contentUrl\":\"https:\/\/talkpal.ai\/wp-content\/uploads\/2024\/03\/Talkpal-Logo-Icon.png\",\"width\":2880,\"height\":2880,\"caption\":\"Talkpal, Inc.\"},\"image\":{\"@id\":\"https:\/\/talkpal.ai\/is\/#\/schema\/logo\/image\/\"},\"sameAs\":[\"https:\/\/www.facebook.com\/profile.php?id=100090733639311\",\"https:\/\/x.com\/talkpalai\",\"https:\/\/www.linkedin.com\/company\/talkpal\/\",\"https:\/\/www.youtube.com\/@TalkPal\/\",\"https:\/\/www.tiktok.com\/@talkpal\",\"https:\/\/www.instagram.com\/talkpal_ai\/\",\"https:\/\/www.crunchbase.com\/organization\/talkpal-9cde\",\"https:\/\/www.g2.com\/products\/talkpal-for-business\/\",\"https:\/\/www.trustpilot.com\/review\/talkpal.ai\",\"https:\/\/www.capterra.com\/p\/10006800\/TalkPal\/\"],\"description\":\"Talkpal is a language learning web and mobile education app, powered by the latest AI technologies, that provides engaging experiences to its customers in many different languages to help them improve their language skills. Users can chat about unlimited amount of topics with the app and use other modes to practice their language learning.\",\"email\":\"support@talkpal.ai\",\"legalName\":\"Talkpal, Inc.\",\"foundingDate\":\"2023-04-03\",\"duns\":\"118989042\",\"numberOfEmployees\":{\"@type\":\"QuantitativeValue\",\"minValue\":\"11\",\"maxValue\":\"50\"},\"publishingPrinciples\":\"https:\/\/talkpal.ai\/publishing-principles\/\",\"actionableFeedbackPolicy\":\"https:\/\/talkpal.ai\/actionable-feedback-policy\/\",\"correctionsPolicy\":\"https:\/\/talkpal.ai\/corrections-policy\/\",\"ethicsPolicy\":\"https:\/\/talkpal.ai\/ethics-policy\/\",\"diversityPolicy\":\"https:\/\/talkpal.ai\/diversity-policy\/\",\"diversityStaffingReport\":\"https:\/\/talkpal.ai\/diversity-policy\/\"}]}<\/script>\n<!-- \/ Yoast SEO Premium plugin. -->","yoast_head_json":{"title":"B\u00falg\u00f6rsk m\u00e1lfr\u00e6\u00f0i - Talkpal","description":"Kanna\u00f0u grunnatri\u00f0i b\u00falgarskrar m\u00e1lfr\u00e6\u00f0i til a\u00f0 b\u00e6ta tungum\u00e1lakunn\u00e1ttu og samskiptah\u00e6fni.","robots":{"index":"index","follow":"follow","max-snippet":"max-snippet:-1","max-image-preview":"max-image-preview:large","max-video-preview":"max-video-preview:-1"},"canonical":"https:\/\/talkpal.ai\/is\/bulgorsk-malfraedi\/","og_locale":"is_IS","og_type":"article","og_title":"B\u00falg\u00f6rsk m\u00e1lfr\u00e6\u00f0i","og_description":"The Ultimate Guide to Bulgarian Grammar: Navigating the ranghala \u00e1 r\u00edku tungum\u00e1li B\u00falgarsk m\u00e1lfr\u00e6\u00f0i, eins og tungum\u00e1li\u00f0 sj\u00e1lft, er heillandi blanda af","og_url":"https:\/\/talkpal.ai\/is\/bulgorsk-malfraedi\/","og_site_name":"Talkpal","article_publisher":"https:\/\/www.facebook.com\/profile.php?id=100090733639311","article_modified_time":"2025-05-22T14:36:24+00:00","og_image":[{"width":512,"height":512,"url":"https:\/\/talkpal.ai\/wp-content\/uploads\/2023\/05\/bulgaria.png","type":"image\/png"}],"twitter_card":"summary_large_image","twitter_site":"@talkpalai","twitter_misc":{"Est. reading time":"4 minutes"},"schema":{"@context":"https:\/\/schema.org","@graph":[{"@type":"WebPage","@id":"https:\/\/talkpal.ai\/is\/bulgorsk-malfraedi\/","url":"https:\/\/talkpal.ai\/is\/bulgorsk-malfraedi\/","name":"B\u00falg\u00f6rsk m\u00e1lfr\u00e6\u00f0i - Talkpal","isPartOf":{"@id":"https:\/\/talkpal.ai\/is\/#website"},"primaryImageOfPage":{"@id":"https:\/\/talkpal.ai\/is\/bulgorsk-malfraedi\/#primaryimage"},"image":{"@id":"https:\/\/talkpal.ai\/is\/bulgorsk-malfraedi\/#primaryimage"},"thumbnailUrl":"https:\/\/talkpal.ai\/wp-content\/uploads\/2023\/05\/bulgaria.png","datePublished":"2023-05-14T14:00:39+00:00","dateModified":"2025-05-22T14:36:24+00:00","description":"Kanna\u00f0u grunnatri\u00f0i b\u00falgarskrar m\u00e1lfr\u00e6\u00f0i til a\u00f0 b\u00e6ta tungum\u00e1lakunn\u00e1ttu og samskiptah\u00e6fni.","breadcrumb":{"@id":"https:\/\/talkpal.ai\/is\/bulgorsk-malfraedi\/#breadcrumb"},"inLanguage":"is","potentialAction":[{"@type":"ReadAction","target":["https:\/\/talkpal.ai\/is\/bulgorsk-malfraedi\/"]}]},{"@type":"ImageObject","inLanguage":"is","@id":"https:\/\/talkpal.ai\/is\/bulgorsk-malfraedi\/#primaryimage","url":"https:\/\/talkpal.ai\/wp-content\/uploads\/2023\/05\/bulgaria.png","contentUrl":"https:\/\/talkpal.ai\/wp-content\/uploads\/2023\/05\/bulgaria.png","width":512,"height":512},{"@type":"BreadcrumbList","@id":"https:\/\/talkpal.ai\/is\/bulgorsk-malfraedi\/#breadcrumb","itemListElement":[{"@type":"ListItem","position":1,"name":"Homepage","item":"https:\/\/talkpal.ai\/is\/"},{"@type":"ListItem","position":2,"name":"B\u00falg\u00f6rsk m\u00e1lfr\u00e6\u00f0i"}]},{"@type":"WebSite","@id":"https:\/\/talkpal.ai\/is\/#website","url":"https:\/\/talkpal.ai\/is\/","name":"Talkpal","description":"AI Language Learning","publisher":{"@id":"https:\/\/talkpal.ai\/is\/#organization"},"alternateName":"Talkpal AI","potentialAction":[{"@type":"SearchAction","target":{"@type":"EntryPoint","urlTemplate":"https:\/\/talkpal.ai\/is\/?s={search_term_string}"},"query-input":{"@type":"PropertyValueSpecification","valueRequired":true,"valueName":"search_term_string"}}],"inLanguage":"is"},{"@type":"Organization","@id":"https:\/\/talkpal.ai\/is\/#organization","name":"Talkpal, Inc.","alternateName":"Talkpal AI","url":"https:\/\/talkpal.ai\/is\/","logo":{"@type":"ImageObject","inLanguage":"is","@id":"https:\/\/talkpal.ai\/is\/#\/schema\/logo\/image\/","url":"https:\/\/talkpal.ai\/wp-content\/uploads\/2024\/03\/Talkpal-Logo-Icon.png","contentUrl":"https:\/\/talkpal.ai\/wp-content\/uploads\/2024\/03\/Talkpal-Logo-Icon.png","width":2880,"height":2880,"caption":"Talkpal, Inc."},"image":{"@id":"https:\/\/talkpal.ai\/is\/#\/schema\/logo\/image\/"},"sameAs":["https:\/\/www.facebook.com\/profile.php?id=100090733639311","https:\/\/x.com\/talkpalai","https:\/\/www.linkedin.com\/company\/talkpal\/","https:\/\/www.youtube.com\/@TalkPal\/","https:\/\/www.tiktok.com\/@talkpal","https:\/\/www.instagram.com\/talkpal_ai\/","https:\/\/www.crunchbase.com\/organization\/talkpal-9cde","https:\/\/www.g2.com\/products\/talkpal-for-business\/","https:\/\/www.trustpilot.com\/review\/talkpal.ai","https:\/\/www.capterra.com\/p\/10006800\/TalkPal\/"],"description":"Talkpal is a language learning web and mobile education app, powered by the latest AI technologies, that provides engaging experiences to its customers in many different languages to help them improve their language skills. Users can chat about unlimited amount of topics with the app and use other modes to practice their language learning.","email":"support@talkpal.ai","legalName":"Talkpal, Inc.","foundingDate":"2023-04-03","duns":"118989042","numberOfEmployees":{"@type":"QuantitativeValue","minValue":"11","maxValue":"50"},"publishingPrinciples":"https:\/\/talkpal.ai\/publishing-principles\/","actionableFeedbackPolicy":"https:\/\/talkpal.ai\/actionable-feedback-policy\/","correctionsPolicy":"https:\/\/talkpal.ai\/corrections-policy\/","ethicsPolicy":"https:\/\/talkpal.ai\/ethics-policy\/","diversityPolicy":"https:\/\/talkpal.ai\/diversity-policy\/","diversityStaffingReport":"https:\/\/talkpal.ai\/diversity-policy\/"}]}},"_links":{"self":[{"href":"https:\/\/talkpal.ai\/is\/wp-json\/wp\/v2\/pages\/141680","targetHints":{"allow":["GET"]}}],"collection":[{"href":"https:\/\/talkpal.ai\/is\/wp-json\/wp\/v2\/pages"}],"about":[{"href":"https:\/\/talkpal.ai\/is\/wp-json\/wp\/v2\/types\/page"}],"author":[{"embeddable":true,"href":"https:\/\/talkpal.ai\/is\/wp-json\/wp\/v2\/users\/1"}],"replies":[{"embeddable":true,"href":"https:\/\/talkpal.ai\/is\/wp-json\/wp\/v2\/comments?post=141680"}],"version-history":[{"count":0,"href":"https:\/\/talkpal.ai\/is\/wp-json\/wp\/v2\/pages\/141680\/revisions"}],"wp:featuredmedia":[{"embeddable":true,"href":"https:\/\/talkpal.ai\/is\/wp-json\/wp\/v2\/media\/111233"}],"wp:attachment":[{"href":"https:\/\/talkpal.ai\/is\/wp-json\/wp\/v2\/media?parent=141680"}],"curies":[{"name":"wp","href":"https:\/\/api.w.org\/{rel}","templated":true}]}}