{"id":141104,"date":"2023-05-14T13:59:42","date_gmt":"2023-05-14T13:59:42","guid":{"rendered":"http:\/\/talkpal.ai\/hvitrussnesk-malfraedi\/"},"modified":"2025-05-22T13:49:38","modified_gmt":"2025-05-22T13:49:38","slug":"hvitrussnesk-malfraedi","status":"publish","type":"page","link":"https:\/\/talkpal.ai\/is\/hvitrussnesk-malfraedi\/","title":{"rendered":"Hv\u00edtr\u00fassnesk m\u00e1lfr\u00e6\u00f0i"},"content":{"rendered":"\r\n\r\n\r\n<section class=\"languageChallengeSection\">\r\n    <div class=\"languageInfoWrapper\">\r\n        \r\n        <h1>Hv\u00edtr\u00fassnesk m\u00e1lfr\u00e6\u00f0i<\/h1>\r\n        <p>Uppg\u00f6tva\u00f0u fegur\u00f0 og au\u00f0leg\u00f0 hv\u00edtr\u00fassnesku tungum\u00e1lsins me\u00f0 \u00fev\u00ed a\u00f0 l\u00e6ra grundvallarreglur <a href=\"https:\/\/talkpal.ai\/grammar\/\">m\u00e1lfr\u00e6\u00f0i<\/a> \u00feess. A\u00f0 \u00f6\u00f0last g\u00f3\u00f0an skilning \u00e1 hv\u00edtr\u00fassneskri m\u00e1lfr\u00e6\u00f0i mun hj\u00e1lpa \u00fe\u00e9r a\u00f0 eiga samskipti af \u00f6ryggi og tengjast hv\u00edtr\u00fassneskri menningu. Kaf\u00f0u \u00fe\u00e9r til hl\u00edtar n\u00fana og byrja\u00f0u fer\u00f0alag \u00feitt a\u00f0 \u00fev\u00ed a\u00f0 n\u00e1 t\u00f6kum \u00e1 hv\u00edtr\u00fassnesku \u00ed dag!<\/p>\r\n\r\n                            <a class=\"getStartedHidden\" href=\"https:\/\/app.talkpal.ai\/signup?lng=\">Byrja\u00f0u<\/a>\r\n        \r\n    <\/div>\r\n\r\n    <figure>\r\n    <img decoding=\"async\" width=\"768\" height=\"768\" src=\"https:\/\/talkpal.ai\/wp-content\/uploads\/2023\/06\/belarusian-768x768.png\" class=\"languageImage no-lazy\" alt=\"Language learning for academic excellence\" fetchpriority=\"high\" sizes=\"(max-width: 768px) 150px, 768px\" srcset=\"https:\/\/talkpal.ai\/wp-content\/uploads\/2023\/06\/belarusian-768x768.png 768w, https:\/\/talkpal.ai\/wp-content\/uploads\/2023\/06\/belarusian-300x300.png 300w\" \/>\r\n    \r\n\r\n    <\/figure>\r\n\r\n            <a class=\"getStartedVisible\" href=\"https:\/\/app.talkpal.ai\/signup?lng=\">Byrja\u00f0u<\/a>\r\n    \r\n<\/section>\r\n<section class=\"promotionalBanner\">\r\n    <p class=\"promotionalText\">Skilvirkasta lei\u00f0in til a\u00f0 l\u00e6ra tungum\u00e1l<\/p>\r\n    <a class=\"promotionalLink\" href=\"https:\/\/app.talkpal.ai\/signup?lng=\">Pr\u00f3fa\u00f0u Talkpal \u00f3keypis<\/a>\r\n<\/section>\n<div class=\"wp-block-group pageContainerStyle\"><div class=\"wp-block-group__inner-container is-layout-constrained wp-block-group-is-layout-constrained\">\n<h2 class=\"wp-block-heading\" id=\"h-belarusian-grammar-a-closer-look-at-the-slavic-language-s-intricacies\">Hv\u00edtr\u00fassnesk m\u00e1lfr\u00e6\u00f0i: N\u00e1nari sko\u00f0un \u00e1 ranghala slavneska tungum\u00e1lsins<\/h2>\n\n\n\n<p>Ert \u00fe\u00fa upprennandi marghyrningur me\u00f0 hrifningu \u00e1 slavneskum tungum\u00e1lum? E\u00f0a ertu kannski bara forvitinn um m\u00e1lfr\u00e6\u00f0ilega ranghala tungum\u00e1la fr\u00e1 \u00feessu \u00e1hugaver\u00f0a sv\u00e6\u00f0i? Ef svo er, spenntu belti\u00f0! \u00cd \u00feessari grein \u00e6tlum vi\u00f0 a\u00f0 kanna d\u00e1samlegan heim hv\u00edtr\u00fassneskrar m\u00e1lfr\u00e6\u00f0i, sem er minna \u00feekktur en \u00fe\u00f3 heillandi me\u00f0limur slavnesku tungum\u00e1lafj\u00f6lskyldunnar.<\/p>\n\n\n\n<p>Vi\u00f0 skulum kafa inn, eigum vi\u00f0 \u00fea\u00f0?<\/p>\n\n\n\n<h3 class=\"wp-block-heading\" id=\"h-first-things-first-what-is-belarusian\">Fyrstu hlutirnir fyrst: Hva\u00f0 er hv\u00edtr\u00fassneska?<\/h3>\n\n\n\n<p><a href=\"https:\/\/talkpal.ai\/learn-belarusian\/\">Hv\u00edtr\u00fassneska<\/a> er opinbert tungum\u00e1l Hv\u00edta-R\u00fasslands, landlukt land sta\u00f0sett \u00ed Austur-Evr\u00f3pu milli R\u00fasslands, \u00dakra\u00ednu, P\u00f3llands, Lith\u00e1ens og Lettlands. Me\u00f0 um \u00fea\u00f0 bil 7.9 millj\u00f3nir h\u00e1talara hefur <a href=\"https:\/\/talkpal.ai\/learn-belarusian\/\">hv\u00edtr\u00fassneska<\/a> hjartf\u00f3lginn sjarma fyrir m\u00e1lfr\u00e6\u00f0inga og tungum\u00e1la\u00e1hugamenn. Sem slavneskt tungum\u00e1l hefur hv\u00edtr\u00fassneska margt l\u00edkt me\u00f0 r\u00fassnesku, \u00fakra\u00ednsku og p\u00f3lsku; Hins vegar tekur \u00fea\u00f0 einnig til sinna eigin einst\u00f6ku eiginleika sem a\u00f0greina \u00fea\u00f0 fr\u00e1 systkinum s\u00ednum.<\/p>\n\n\n\n<h3 class=\"wp-block-heading\" id=\"h-the-building-blocks-nouns-pronouns-and-cases\">Byggingareiningarnar: nafnor\u00f0, forn\u00f6fn og f\u00f6ll<\/h3>\n\n\n\n<p>Eins og \u00f6nnur slavnesk tungum\u00e1l sn\u00fdst <a href=\"https:\/\/talkpal.ai\/belarusian-grammar\/\">hv\u00edtr\u00fassnesk m\u00e1lfr\u00e6\u00f0i<\/a> um beygingu or\u00f0a. \u00deetta \u00fe\u00fd\u00f0ir a\u00f0 endingar or\u00f0a breytast \u00ed samr\u00e6mi vi\u00f0 m\u00e1lfr\u00e6\u00f0ilegt hlutverk \u00feeirra \u00ed setningu. \u00deetta er mest \u00e1berandi \u00ed nafnor\u00f0um, forn\u00f6fnum og l\u00fdsingaror\u00f0um \u00feegar \u00feau eru notu\u00f0 \u00ed mismunandi tilvikum. Hv\u00edtr\u00fassneska hefur sex tilfelli, sem eru sem h\u00e9r segir:<\/p>\n\n\n\n<p><strong>1. Nefnifall \u2013 gefur til kynna efni setningar<\/strong><\/p>\n\n\n\n<p><strong>2. E\u00f0lisfall \u2013 s\u00fdnir eign e\u00f0a hlut neitunar<\/strong><\/p>\n\n\n\n<p><strong>3. Dative \u2013 merkir \u00f3beina hlut setningar<\/strong><\/p>\n\n\n\n<p><strong>4. \u00c1sakandi \u2013 t\u00e1knar beinan hlut setningar<\/strong><\/p>\n\n\n\n<p><strong>5. Hlj\u00f3\u00f0f\u00e6ri \u2013 tj\u00e1ir me\u00f0 hva\u00f0a h\u00e6tti e\u00f0a a\u00f0fer\u00f0 a\u00f0ger\u00f0 er framkv\u00e6md<\/strong><\/p>\n\n\n\n<p><strong>6. Forsetningaror\u00f0 e\u00f0a sta\u00f0setning \u2013 tilgreinir sta\u00f0setningu e\u00f0a hlut forsetninga<\/strong><\/p>\n\n\n\n<p>Auk tilvika hafa hv\u00edtr\u00fassnesk nafnor\u00f0 einnig \u00ferj\u00fa kyn (karlkyns, kvenkyn og hvorugkyn) og tv\u00e6r t\u00f6lur (eint\u00f6lu og fleirt\u00f6lu). Hver samsetning kyns og talna hefur s\u00e9rstakar endingar \u00ed hverju tilviki, sem gerir \u00fea\u00f0 mikilv\u00e6gt a\u00f0 leggja \u00fe\u00e6r \u00e1 minni\u00f0 til a\u00f0 sm\u00ed\u00f0a m\u00e1lfr\u00e6\u00f0ilega r\u00e9ttar setningar.<\/p>\n\n\n\n<h3 class=\"wp-block-heading\" id=\"h-let-s-talk-verbs-tenses-aspects-and-moods\">Vi\u00f0 skulum tala sagnir: t\u00ed\u00f0ir, \u00fe\u00e6ttir og skap<\/h3>\n\n\n\n<p>Hv\u00edtr\u00fassneskar sagnir eru fr\u00e1b\u00e6rlega fl\u00f3knar, fullar af bl\u00e6brig\u00f0um og fl\u00f3knum. \u00deeir hafa \u00ferj\u00e1r spennur (fort\u00ed\u00f0, n\u00fat\u00ed\u00f0 og framt\u00ed\u00f0), tv\u00e6r hli\u00f0ar (fullkomnar og \u00f3fullkomnar), auk \u00feriggja skaplyndis (lei\u00f0beinandi, mikilv\u00e6gt og skilyrt). \u00dea\u00f0 sem gerir hv\u00edtr\u00fassneskar sagnir \u00e1berandi fr\u00e1 \u00f6\u00f0rum slavneskum tungum\u00e1lum er v\u00ed\u00f0t\u00e6k notkun \u00feeirra \u00e1 \u00fe\u00e6tti.<\/p>\n\n\n\n<p>\u00de\u00e1ttur v\u00edsar til \u00feess hvort a\u00f0ger\u00f0 er talin loki\u00f0 (fullkomin) e\u00f0a yfirstandandi (\u00f3fullkomin). Margar sagnir koma \u00ed p\u00f6rum sem gefa til kynna mismunandi \u00fe\u00e6tti, oft me\u00f0 \u00fev\u00ed a\u00f0 nota einstakt forskeyti e\u00f0a vi\u00f0skeyti. Leikni \u00ed \u00fe\u00e6tti er nau\u00f0synleg til a\u00f0 \u00e1tta sig \u00e1 n\u00e6mi hv\u00edtr\u00fassnesku tungum\u00e1lsins.<\/p>\n\n\n\n<h3 class=\"wp-block-heading\" id=\"h-adjectives-adverbs-and-other-delights\">L\u00fdsingaror\u00f0, atviksor\u00f0 og \u00f6nnur unun<\/h3>\n\n\n\n<p>Hv\u00edtr\u00fassnesk l\u00fdsingaror\u00f0 eru samm\u00e1la nafnor\u00f0unum sem \u00feau breyta hva\u00f0 var\u00f0ar kyn, fj\u00f6lda og fall. \u00deeir hafa einnig samanbur\u00f0ar- og yfirbur\u00f0aform til a\u00f0 tj\u00e1 mismikla eiginleika. A\u00f0 auki eru m\u00f6rg atviksor\u00f0 dregin af l\u00fdsingaror\u00f0um me\u00f0 \u00fev\u00ed einfaldlega a\u00f0 b\u00e6ta vi\u00f0 vi\u00f0skeytinu &#8216;-\u0430&#8217; fyrir karlkyn og &#8216;-\u044b&#8217; fyrir kvenkyn.<\/p>\n\n\n\n<p>Hv\u00edtr\u00fassneska tungum\u00e1li\u00f0 b\u00fd\u00f0ur einnig upp \u00e1 heillandi \u00farval af samtengingum, forsetningum, t\u00f6lust\u00f6fum og \u00f6gnum til a\u00f0 hj\u00e1lpa \u00fe\u00e9r a\u00f0 b\u00faa til vanda\u00f0ar og svipmiklar setningar. Me\u00f0 n\u00e6gri \u00e6fingu muntu flj\u00f3tlega geta fl\u00e9tta\u00f0 or\u00f0um \u00fe\u00ednum saman eins og sannur hv\u00edtr\u00fassneskur or\u00f0asmi\u00f0ur.<\/p>\n\n\n\n<h3 class=\"wp-block-heading\" id=\"h-in-closing-the-magic-of-belarusian-grammar\">A\u00f0 lokum: Galdur hv\u00edtr\u00fassneskrar m\u00e1lfr\u00e6\u00f0i<\/h3>\n\n\n\n<p>Vi\u00f0 fyrstu s\u00fdn kann <a href=\"https:\/\/talkpal.ai\/belarusian-grammar\/\">hv\u00edtr\u00fassnesk m\u00e1lfr\u00e6\u00f0i<\/a> a\u00f0 vir\u00f0ast \u00f3gnvekjandi. Hins vegar, \u00feegar \u00fe\u00fa kafar d\u00fdpra \u00ed r\u00edkulegt veggteppi \u00feess af m\u00e1lum, hli\u00f0um og \u00f6\u00f0rum tungum\u00e1lalegum s\u00e9rkenni, muntu uppg\u00f6tva tungum\u00e1l fullt af d\u00fdpt, bl\u00e6brig\u00f0um og tj\u00e1ningargle\u00f0i. A\u00f0 fa\u00f0ma \u00e1skorun hv\u00edtr\u00fassneskrar m\u00e1lfr\u00e6\u00f0i mun ekki a\u00f0eins veita \u00fe\u00e9r meiri skilning \u00e1 slavnesku fj\u00f6lskyldunni \u00ed heild heldur einnig veita \u00fe\u00e9r a\u00f0gang a\u00f0 fallegri og lifandi menningu sem b\u00ed\u00f0ur k\u00f6nnunar \u00feinnar.<\/p>\n\n\n\n<p>N\u00fa, vopna\u00f0ur n\u00fdfundnum skilningi \u00e1 hv\u00edtr\u00fassneskri m\u00e1lfr\u00e6\u00f0i, hvers vegna ekki a\u00f0 kafa d\u00fdpra \u00ed \u00feetta heillandi tungum\u00e1l? Hver veit &#8211; kannski muntu finna \u00feig einn daginn \u00e1 r\u00f6lti um g\u00f6tur <a href=\"https:\/\/talkpal.ai\/locations\/language-courses-in-minsk\/\">Minsk<\/a> og spjalla \u00e1reynslulaust vi\u00f0 heimamenn \u00e1 m\u00f3\u00f0urm\u00e1li \u00feeirra. Gle\u00f0ilegt n\u00e1m!<\/p>\n<\/div><\/div>\n\r\n<section class=\"learnNavigationSection\">\r\n            \r\n        <a href=\"https:\/\/talkpal.ai\/is\/laerdu-hvitrussnesku\/\">\r\n            <div class=\"learnNavigationWrapper\">\r\n                <div class=\"learnNavigationContent\">\r\n                    <img decoding=\"async\" src=\"https:\/\/talkpal.ai\/wp-content\/uploads\/2024\/08\/Belarusian.jpg\" alt=\"Belarusian Flag\">\r\n                    <div>\r\n                        <h4>Um hv\u00edtr\u00fassneskun\u00e1m<\/h4>\r\n                        <p>Finndu \u00fat allt um hv\u00edtr\u00fassneska m\u00e1lfr\u00e6\u00f0i.<\/p>\r\n                    <\/div>\r\n                <\/div>\r\n            <\/div>\r\n        <\/a>\r\n\r\n        \r\n        <a href=\"https:\/\/talkpal.ai\/is\/hvitrussneska-malfraedi-aefingar\/\">\r\n            <div class=\"learnNavigationWrapper\">\r\n                <div class=\"learnNavigationContent\">\r\n                    <img decoding=\"async\" src=\"https:\/\/talkpal.ai\/wp-content\/uploads\/2024\/08\/Belarusian.jpg\" alt=\"Belarusian Flag\">\r\n                    <div>\r\n                        <h4>Hv\u00edtr\u00fassnesk m\u00e1lfr\u00e6\u00f0i\u00e6fing<\/h4>\r\n                        <p>\u00c6f\u00f0u \u00feig \u00ed hv\u00edtr\u00fassneskri m\u00e1lfr\u00e6\u00f0i.<\/p>\r\n                    <\/div>\r\n                <\/div>\r\n            <\/div>\r\n        <\/a>\r\n\r\n        \r\n        <a href=\"https:\/\/talkpal.ai\/vocabulary_language\/belarusian\/\">\r\n            <div class=\"learnNavigationWrapper\">\r\n                <div class=\"learnNavigationContent\">\r\n                    <img decoding=\"async\" src=\"https:\/\/talkpal.ai\/wp-content\/uploads\/2024\/08\/Belarusian.jpg\" alt=\"Belarusian Flag\">\r\n                    <div>\r\n                        <h4>Hv\u00edtr\u00fassneskur or\u00f0afor\u00f0i<\/h4>\r\n                        <p>St\u00e6kka\u00f0u hv\u00edtr\u00fassneskan or\u00f0afor\u00f0a \u00feinn.<\/p>\r\n                    <\/div>\r\n                <\/div>\r\n            <\/div>\r\n        <\/a>\r\n\r\n            <\/section>","protected":false},"excerpt":{"rendered":"<p>Hv\u00edtr\u00fassnesk m\u00e1lfr\u00e6\u00f0i: N\u00e1nari sko\u00f0un \u00e1 ranghala slavneska tungum\u00e1lsins Ert \u00fe\u00fa upprennandi marghyrningur me\u00f0 hrifningu \u00e1 slavneskum tungum\u00e1lum? E\u00f0a ertu kannski bara forvitinn um m\u00e1lfr\u00e6\u00f0ilega ranghala tungum\u00e1la fr\u00e1 \u00feessu \u00e1hugaver\u00f0a sv\u00e6\u00f0i? Ef svo er, spenntu belti\u00f0! \u00cd \u00feessari grein \u00e6tlum vi\u00f0 a\u00f0 kanna d\u00e1samlegan heim hv\u00edtr\u00fassneskrar m\u00e1lfr\u00e6\u00f0i, sem er minna \u00feekktur en \u00fe\u00f3 heillandi me\u00f0limur slavnesku [&hellip;]<\/p>\n","protected":false},"author":1,"featured_media":110603,"parent":0,"menu_order":0,"comment_status":"closed","ping_status":"closed","template":"LearningContentPage.php","meta":{"_acf_changed":false,"footnotes":""},"class_list":["post-141104","page","type-page","status-publish","has-post-thumbnail","hentry"],"acf":[],"yoast_head":"<!-- This site is optimized with the Yoast SEO Premium plugin v27.2 (Yoast SEO v27.2) - https:\/\/yoast.com\/product\/yoast-seo-premium-wordpress\/ -->\n<title>Hv\u00edtr\u00fassnesk m\u00e1lfr\u00e6\u00f0i - Talkpal<\/title>\n<meta name=\"description\" content=\"N\u00e1\u00f0u t\u00f6kum \u00e1 hv\u00edtr\u00fassnesku m\u00e1lfr\u00e6\u00f0i \u00e1reynslulaust me\u00f0 Talkpal , tungum\u00e1lakennaranum \u00fe\u00ednum sem byggir \u00e1 gervigreind. F\u00e1\u00f0u sk\u00fdrar \u00fatsk\u00fdringar, gagnleg r\u00e1\u00f0 og gagnvirkar \u00e6fingar!\" \/>\n<meta name=\"robots\" content=\"index, follow, max-snippet:-1, max-image-preview:large, max-video-preview:-1\" \/>\n<link rel=\"canonical\" href=\"https:\/\/talkpal.ai\/is\/hvitrussnesk-malfraedi\/\" \/>\n<meta property=\"og:locale\" content=\"is_IS\" \/>\n<meta property=\"og:type\" content=\"article\" \/>\n<meta property=\"og:title\" content=\"Hv\u00edtr\u00fassnesk m\u00e1lfr\u00e6\u00f0i\" \/>\n<meta property=\"og:description\" content=\"Hv\u00edtr\u00fassnesk m\u00e1lfr\u00e6\u00f0i: N\u00e1nari sko\u00f0un \u00e1 ranghala slavneska tungum\u00e1lsins Ert \u00fe\u00fa upprennandi marghyrningur me\u00f0 hrifningu \u00e1 slavneskum tungum\u00e1lum? E\u00f0a ertu\" \/>\n<meta property=\"og:url\" content=\"https:\/\/talkpal.ai\/is\/hvitrussnesk-malfraedi\/\" \/>\n<meta property=\"og:site_name\" content=\"Talkpal\" \/>\n<meta property=\"article:publisher\" content=\"https:\/\/www.facebook.com\/profile.php?id=100090733639311\" \/>\n<meta property=\"article:modified_time\" content=\"2025-05-22T13:49:38+00:00\" \/>\n<meta property=\"og:image\" content=\"https:\/\/talkpal.ai\/wp-content\/uploads\/2023\/05\/belarus.png\" \/>\n\t<meta property=\"og:image:width\" content=\"512\" \/>\n\t<meta property=\"og:image:height\" content=\"512\" \/>\n\t<meta property=\"og:image:type\" content=\"image\/png\" \/>\n<meta name=\"twitter:card\" content=\"summary_large_image\" \/>\n<meta name=\"twitter:site\" content=\"@talkpalai\" \/>\n<meta name=\"twitter:label1\" content=\"Est. reading time\" \/>\n\t<meta name=\"twitter:data1\" content=\"4 minutes\" \/>\n<script type=\"application\/ld+json\" class=\"yoast-schema-graph\">{\"@context\":\"https:\/\/schema.org\",\"@graph\":[{\"@type\":\"WebPage\",\"@id\":\"https:\/\/talkpal.ai\/is\/hvitrussnesk-malfraedi\/\",\"url\":\"https:\/\/talkpal.ai\/is\/hvitrussnesk-malfraedi\/\",\"name\":\"Hv\u00edtr\u00fassnesk m\u00e1lfr\u00e6\u00f0i - Talkpal\",\"isPartOf\":{\"@id\":\"https:\/\/talkpal.ai\/is\/#website\"},\"primaryImageOfPage\":{\"@id\":\"https:\/\/talkpal.ai\/is\/hvitrussnesk-malfraedi\/#primaryimage\"},\"image\":{\"@id\":\"https:\/\/talkpal.ai\/is\/hvitrussnesk-malfraedi\/#primaryimage\"},\"thumbnailUrl\":\"https:\/\/talkpal.ai\/wp-content\/uploads\/2023\/05\/belarus.png\",\"datePublished\":\"2023-05-14T13:59:42+00:00\",\"dateModified\":\"2025-05-22T13:49:38+00:00\",\"description\":\"N\u00e1\u00f0u t\u00f6kum \u00e1 hv\u00edtr\u00fassnesku m\u00e1lfr\u00e6\u00f0i \u00e1reynslulaust me\u00f0 Talkpal , tungum\u00e1lakennaranum \u00fe\u00ednum sem byggir \u00e1 gervigreind. F\u00e1\u00f0u sk\u00fdrar \u00fatsk\u00fdringar, gagnleg r\u00e1\u00f0 og gagnvirkar \u00e6fingar!\",\"breadcrumb\":{\"@id\":\"https:\/\/talkpal.ai\/is\/hvitrussnesk-malfraedi\/#breadcrumb\"},\"inLanguage\":\"is\",\"potentialAction\":[{\"@type\":\"ReadAction\",\"target\":[\"https:\/\/talkpal.ai\/is\/hvitrussnesk-malfraedi\/\"]}]},{\"@type\":\"ImageObject\",\"inLanguage\":\"is\",\"@id\":\"https:\/\/talkpal.ai\/is\/hvitrussnesk-malfraedi\/#primaryimage\",\"url\":\"https:\/\/talkpal.ai\/wp-content\/uploads\/2023\/05\/belarus.png\",\"contentUrl\":\"https:\/\/talkpal.ai\/wp-content\/uploads\/2023\/05\/belarus.png\",\"width\":512,\"height\":512},{\"@type\":\"BreadcrumbList\",\"@id\":\"https:\/\/talkpal.ai\/is\/hvitrussnesk-malfraedi\/#breadcrumb\",\"itemListElement\":[{\"@type\":\"ListItem\",\"position\":1,\"name\":\"Homepage\",\"item\":\"https:\/\/talkpal.ai\/is\/\"},{\"@type\":\"ListItem\",\"position\":2,\"name\":\"Hv\u00edtr\u00fassnesk m\u00e1lfr\u00e6\u00f0i\"}]},{\"@type\":\"WebSite\",\"@id\":\"https:\/\/talkpal.ai\/is\/#website\",\"url\":\"https:\/\/talkpal.ai\/is\/\",\"name\":\"Talkpal\",\"description\":\"AI Language Learning\",\"publisher\":{\"@id\":\"https:\/\/talkpal.ai\/is\/#organization\"},\"alternateName\":\"Talkpal AI\",\"potentialAction\":[{\"@type\":\"SearchAction\",\"target\":{\"@type\":\"EntryPoint\",\"urlTemplate\":\"https:\/\/talkpal.ai\/is\/?s={search_term_string}\"},\"query-input\":{\"@type\":\"PropertyValueSpecification\",\"valueRequired\":true,\"valueName\":\"search_term_string\"}}],\"inLanguage\":\"is\"},{\"@type\":\"Organization\",\"@id\":\"https:\/\/talkpal.ai\/is\/#organization\",\"name\":\"Talkpal, Inc.\",\"alternateName\":\"Talkpal AI\",\"url\":\"https:\/\/talkpal.ai\/is\/\",\"logo\":{\"@type\":\"ImageObject\",\"inLanguage\":\"is\",\"@id\":\"https:\/\/talkpal.ai\/is\/#\/schema\/logo\/image\/\",\"url\":\"https:\/\/talkpal.ai\/wp-content\/uploads\/2024\/03\/Talkpal-Logo-Icon.png\",\"contentUrl\":\"https:\/\/talkpal.ai\/wp-content\/uploads\/2024\/03\/Talkpal-Logo-Icon.png\",\"width\":2880,\"height\":2880,\"caption\":\"Talkpal, Inc.\"},\"image\":{\"@id\":\"https:\/\/talkpal.ai\/is\/#\/schema\/logo\/image\/\"},\"sameAs\":[\"https:\/\/www.facebook.com\/profile.php?id=100090733639311\",\"https:\/\/x.com\/talkpalai\",\"https:\/\/www.linkedin.com\/company\/talkpal\/\",\"https:\/\/www.youtube.com\/@TalkPal\/\",\"https:\/\/www.tiktok.com\/@talkpal\",\"https:\/\/www.instagram.com\/talkpal_ai\/\",\"https:\/\/www.crunchbase.com\/organization\/talkpal-9cde\",\"https:\/\/www.g2.com\/products\/talkpal-for-business\/\",\"https:\/\/www.trustpilot.com\/review\/talkpal.ai\",\"https:\/\/www.capterra.com\/p\/10006800\/TalkPal\/\"],\"description\":\"Talkpal is a language learning web and mobile education app, powered by the latest AI technologies, that provides engaging experiences to its customers in many different languages to help them improve their language skills. Users can chat about unlimited amount of topics with the app and use other modes to practice their language learning.\",\"email\":\"support@talkpal.ai\",\"legalName\":\"Talkpal, Inc.\",\"foundingDate\":\"2023-04-03\",\"duns\":\"118989042\",\"numberOfEmployees\":{\"@type\":\"QuantitativeValue\",\"minValue\":\"11\",\"maxValue\":\"50\"},\"publishingPrinciples\":\"https:\/\/talkpal.ai\/publishing-principles\/\",\"actionableFeedbackPolicy\":\"https:\/\/talkpal.ai\/actionable-feedback-policy\/\",\"correctionsPolicy\":\"https:\/\/talkpal.ai\/corrections-policy\/\",\"ethicsPolicy\":\"https:\/\/talkpal.ai\/ethics-policy\/\",\"diversityPolicy\":\"https:\/\/talkpal.ai\/diversity-policy\/\",\"diversityStaffingReport\":\"https:\/\/talkpal.ai\/diversity-policy\/\"}]}<\/script>\n<!-- \/ Yoast SEO Premium plugin. -->","yoast_head_json":{"title":"Hv\u00edtr\u00fassnesk m\u00e1lfr\u00e6\u00f0i - Talkpal","description":"N\u00e1\u00f0u t\u00f6kum \u00e1 hv\u00edtr\u00fassnesku m\u00e1lfr\u00e6\u00f0i \u00e1reynslulaust me\u00f0 Talkpal , tungum\u00e1lakennaranum \u00fe\u00ednum sem byggir \u00e1 gervigreind. F\u00e1\u00f0u sk\u00fdrar \u00fatsk\u00fdringar, gagnleg r\u00e1\u00f0 og gagnvirkar \u00e6fingar!","robots":{"index":"index","follow":"follow","max-snippet":"max-snippet:-1","max-image-preview":"max-image-preview:large","max-video-preview":"max-video-preview:-1"},"canonical":"https:\/\/talkpal.ai\/is\/hvitrussnesk-malfraedi\/","og_locale":"is_IS","og_type":"article","og_title":"Hv\u00edtr\u00fassnesk m\u00e1lfr\u00e6\u00f0i","og_description":"Hv\u00edtr\u00fassnesk m\u00e1lfr\u00e6\u00f0i: N\u00e1nari sko\u00f0un \u00e1 ranghala slavneska tungum\u00e1lsins Ert \u00fe\u00fa upprennandi marghyrningur me\u00f0 hrifningu \u00e1 slavneskum tungum\u00e1lum? E\u00f0a ertu","og_url":"https:\/\/talkpal.ai\/is\/hvitrussnesk-malfraedi\/","og_site_name":"Talkpal","article_publisher":"https:\/\/www.facebook.com\/profile.php?id=100090733639311","article_modified_time":"2025-05-22T13:49:38+00:00","og_image":[{"width":512,"height":512,"url":"https:\/\/talkpal.ai\/wp-content\/uploads\/2023\/05\/belarus.png","type":"image\/png"}],"twitter_card":"summary_large_image","twitter_site":"@talkpalai","twitter_misc":{"Est. reading time":"4 minutes"},"schema":{"@context":"https:\/\/schema.org","@graph":[{"@type":"WebPage","@id":"https:\/\/talkpal.ai\/is\/hvitrussnesk-malfraedi\/","url":"https:\/\/talkpal.ai\/is\/hvitrussnesk-malfraedi\/","name":"Hv\u00edtr\u00fassnesk m\u00e1lfr\u00e6\u00f0i - Talkpal","isPartOf":{"@id":"https:\/\/talkpal.ai\/is\/#website"},"primaryImageOfPage":{"@id":"https:\/\/talkpal.ai\/is\/hvitrussnesk-malfraedi\/#primaryimage"},"image":{"@id":"https:\/\/talkpal.ai\/is\/hvitrussnesk-malfraedi\/#primaryimage"},"thumbnailUrl":"https:\/\/talkpal.ai\/wp-content\/uploads\/2023\/05\/belarus.png","datePublished":"2023-05-14T13:59:42+00:00","dateModified":"2025-05-22T13:49:38+00:00","description":"N\u00e1\u00f0u t\u00f6kum \u00e1 hv\u00edtr\u00fassnesku m\u00e1lfr\u00e6\u00f0i \u00e1reynslulaust me\u00f0 Talkpal , tungum\u00e1lakennaranum \u00fe\u00ednum sem byggir \u00e1 gervigreind. F\u00e1\u00f0u sk\u00fdrar \u00fatsk\u00fdringar, gagnleg r\u00e1\u00f0 og gagnvirkar \u00e6fingar!","breadcrumb":{"@id":"https:\/\/talkpal.ai\/is\/hvitrussnesk-malfraedi\/#breadcrumb"},"inLanguage":"is","potentialAction":[{"@type":"ReadAction","target":["https:\/\/talkpal.ai\/is\/hvitrussnesk-malfraedi\/"]}]},{"@type":"ImageObject","inLanguage":"is","@id":"https:\/\/talkpal.ai\/is\/hvitrussnesk-malfraedi\/#primaryimage","url":"https:\/\/talkpal.ai\/wp-content\/uploads\/2023\/05\/belarus.png","contentUrl":"https:\/\/talkpal.ai\/wp-content\/uploads\/2023\/05\/belarus.png","width":512,"height":512},{"@type":"BreadcrumbList","@id":"https:\/\/talkpal.ai\/is\/hvitrussnesk-malfraedi\/#breadcrumb","itemListElement":[{"@type":"ListItem","position":1,"name":"Homepage","item":"https:\/\/talkpal.ai\/is\/"},{"@type":"ListItem","position":2,"name":"Hv\u00edtr\u00fassnesk m\u00e1lfr\u00e6\u00f0i"}]},{"@type":"WebSite","@id":"https:\/\/talkpal.ai\/is\/#website","url":"https:\/\/talkpal.ai\/is\/","name":"Talkpal","description":"AI Language Learning","publisher":{"@id":"https:\/\/talkpal.ai\/is\/#organization"},"alternateName":"Talkpal AI","potentialAction":[{"@type":"SearchAction","target":{"@type":"EntryPoint","urlTemplate":"https:\/\/talkpal.ai\/is\/?s={search_term_string}"},"query-input":{"@type":"PropertyValueSpecification","valueRequired":true,"valueName":"search_term_string"}}],"inLanguage":"is"},{"@type":"Organization","@id":"https:\/\/talkpal.ai\/is\/#organization","name":"Talkpal, Inc.","alternateName":"Talkpal AI","url":"https:\/\/talkpal.ai\/is\/","logo":{"@type":"ImageObject","inLanguage":"is","@id":"https:\/\/talkpal.ai\/is\/#\/schema\/logo\/image\/","url":"https:\/\/talkpal.ai\/wp-content\/uploads\/2024\/03\/Talkpal-Logo-Icon.png","contentUrl":"https:\/\/talkpal.ai\/wp-content\/uploads\/2024\/03\/Talkpal-Logo-Icon.png","width":2880,"height":2880,"caption":"Talkpal, Inc."},"image":{"@id":"https:\/\/talkpal.ai\/is\/#\/schema\/logo\/image\/"},"sameAs":["https:\/\/www.facebook.com\/profile.php?id=100090733639311","https:\/\/x.com\/talkpalai","https:\/\/www.linkedin.com\/company\/talkpal\/","https:\/\/www.youtube.com\/@TalkPal\/","https:\/\/www.tiktok.com\/@talkpal","https:\/\/www.instagram.com\/talkpal_ai\/","https:\/\/www.crunchbase.com\/organization\/talkpal-9cde","https:\/\/www.g2.com\/products\/talkpal-for-business\/","https:\/\/www.trustpilot.com\/review\/talkpal.ai","https:\/\/www.capterra.com\/p\/10006800\/TalkPal\/"],"description":"Talkpal is a language learning web and mobile education app, powered by the latest AI technologies, that provides engaging experiences to its customers in many different languages to help them improve their language skills. Users can chat about unlimited amount of topics with the app and use other modes to practice their language learning.","email":"support@talkpal.ai","legalName":"Talkpal, Inc.","foundingDate":"2023-04-03","duns":"118989042","numberOfEmployees":{"@type":"QuantitativeValue","minValue":"11","maxValue":"50"},"publishingPrinciples":"https:\/\/talkpal.ai\/publishing-principles\/","actionableFeedbackPolicy":"https:\/\/talkpal.ai\/actionable-feedback-policy\/","correctionsPolicy":"https:\/\/talkpal.ai\/corrections-policy\/","ethicsPolicy":"https:\/\/talkpal.ai\/ethics-policy\/","diversityPolicy":"https:\/\/talkpal.ai\/diversity-policy\/","diversityStaffingReport":"https:\/\/talkpal.ai\/diversity-policy\/"}]}},"_links":{"self":[{"href":"https:\/\/talkpal.ai\/is\/wp-json\/wp\/v2\/pages\/141104","targetHints":{"allow":["GET"]}}],"collection":[{"href":"https:\/\/talkpal.ai\/is\/wp-json\/wp\/v2\/pages"}],"about":[{"href":"https:\/\/talkpal.ai\/is\/wp-json\/wp\/v2\/types\/page"}],"author":[{"embeddable":true,"href":"https:\/\/talkpal.ai\/is\/wp-json\/wp\/v2\/users\/1"}],"replies":[{"embeddable":true,"href":"https:\/\/talkpal.ai\/is\/wp-json\/wp\/v2\/comments?post=141104"}],"version-history":[{"count":0,"href":"https:\/\/talkpal.ai\/is\/wp-json\/wp\/v2\/pages\/141104\/revisions"}],"wp:featuredmedia":[{"embeddable":true,"href":"https:\/\/talkpal.ai\/is\/wp-json\/wp\/v2\/media\/110603"}],"wp:attachment":[{"href":"https:\/\/talkpal.ai\/is\/wp-json\/wp\/v2\/media?parent=141104"}],"curies":[{"name":"wp","href":"https:\/\/api.w.org\/{rel}","templated":true}]}}