{"id":140804,"date":"2023-05-14T13:59:24","date_gmt":"2023-05-14T13:59:24","guid":{"rendered":"http:\/\/talkpal.ai\/afrikaans-malfraedi\/"},"modified":"2025-05-22T19:04:37","modified_gmt":"2025-05-22T19:04:37","slug":"afrikaans-malfraedi","status":"publish","type":"page","link":"https:\/\/talkpal.ai\/is\/afrikaans-malfraedi\/","title":{"rendered":"Afrikaans m\u00e1lfr\u00e6\u00f0i"},"content":{"rendered":"\r\n\r\n\r\n<section class=\"languageChallengeSection\">\r\n    <div class=\"languageInfoWrapper\">\r\n        \r\n        <h1>Afrikaans m\u00e1lfr\u00e6\u00f0i<\/h1>\r\n        <p>Uppg\u00f6tva\u00f0u einfaldleika afr\u00edk\u00f6nskunnar me\u00f0 \u00fev\u00ed a\u00f0 l\u00e6ra nau\u00f0synlegar m\u00e1lfr\u00e6\u00f0ireglur hennar. A\u00f0 n\u00e1 g\u00f3\u00f0um t\u00f6kum \u00e1 <a href=\"https:\/\/talkpal.ai\/grammar\/\">m\u00e1lfr\u00e6\u00f0i<\/a> afr\u00edk\u00f6nsku mun gera \u00fe\u00e9r kleift a\u00f0 eiga skilvirk samskipti og nj\u00f3ta r\u00edkrar menningar \u00feeirra sem <a href=\"https:\/\/talkpal.ai\/locations\/language-courses-in-tala\/\">tala<\/a> hana. Byrja\u00f0u m\u00e1lfr\u00e6\u00f0ifer\u00f0alag \u00feitt \u00ed afr\u00edk\u00f6nsku \u00ed dag og taktu fyrsta skrefi\u00f0 \u00ed \u00e1tt a\u00f0 f\u00e6rni \u00ed tali.<\/p>\r\n\r\n                            <a class=\"getStartedHidden\" href=\"https:\/\/app.talkpal.ai\/signup?lng=\">Byrja\u00f0u<\/a>\r\n        \r\n    <\/div>\r\n\r\n    <figure>\r\n    <img decoding=\"async\" width=\"768\" height=\"768\" src=\"https:\/\/talkpal.ai\/wp-content\/uploads\/2023\/06\/TalkPal-Afrikaans-768x768.png\" class=\"languageImage no-lazy\" alt=\"Language learning for global awareness\" fetchpriority=\"high\" sizes=\"(max-width: 768px) 150px, 768px\" srcset=\"https:\/\/talkpal.ai\/wp-content\/uploads\/2023\/06\/TalkPal-Afrikaans-768x768.png 768w, https:\/\/talkpal.ai\/wp-content\/uploads\/2023\/06\/TalkPal-Afrikaans-300x300.png 300w\" \/>\r\n    \r\n\r\n    <\/figure>\r\n\r\n            <a class=\"getStartedVisible\" href=\"https:\/\/app.talkpal.ai\/signup?lng=\">Byrja\u00f0u<\/a>\r\n    \r\n<\/section>\r\n<section class=\"promotionalBanner\">\r\n    <p class=\"promotionalText\">Skilvirkasta lei\u00f0in til a\u00f0 l\u00e6ra tungum\u00e1l<\/p>\r\n    <a class=\"promotionalLink\" href=\"https:\/\/app.talkpal.ai\/signup?lng=\">Pr\u00f3fa\u00f0u Talkpal \u00f3keypis<\/a>\r\n<\/section>\n<div class=\"wp-block-group pageContainerStyle\"><div class=\"wp-block-group__inner-container is-layout-constrained wp-block-group-is-layout-constrained\">\n<h2 class=\"wp-block-heading\" id=\"h-mastering-afrikaans-grammar-your-ultimate-guide\">A\u00f0 n\u00e1 t\u00f6kum \u00e1 afr\u00edkanskri m\u00e1lfr\u00e6\u00f0i: Fullkominn lei\u00f0arv\u00edsir \u00feinn<\/h2>\n\n\n\n<p><strong>Goeie dag<\/strong>, tungum\u00e1la\u00e1hugamenn! Ertu tilb\u00fainn til a\u00f0 leggja af sta\u00f0 \u00ed fer\u00f0alag inn \u00ed heim <a href=\"https:\/\/talkpal.ai\/es\/gramatica-afrikaans\/\">afrikaans m\u00e1lfr\u00e6\u00f0i<\/a>? \u00de\u00fa ert kominn \u00e1 r\u00e9ttan sta\u00f0. \u00deessi grein er full af au\u00f0skiljanlegum uppl\u00fdsingum og samtalst\u00f3n og mun lei\u00f0a \u00feig \u00ed gegnum heillandi svi\u00f0 <a href=\"https:\/\/talkpal.ai\/learn-afrikaans\/\">afrikaans<\/a> m\u00e1lfr\u00e6\u00f0i. Br\u00e1\u00f0um muntu geta sm\u00ed\u00f0a\u00f0 setningar og \u00e1tt \u00fe\u00fd\u00f0ingarmikil samt\u00f6l vi\u00f0 m\u00f3\u00f0urm\u00e1l. Svo, vi\u00f0 skulum <a href=\"https:\/\/talkpal.ai\/ko\/ai-%ec%96%b8%ec%96%b4-%ea%b5%90%ec%82%ac\/\">byrja<\/a>!<\/p>\n\n\n\n<p><strong>En fyrst, hvers vegna afrikaans m\u00e1lfr\u00e6\u00f0i?<\/strong><\/p>\n\n\n\n<p>Ef \u00fe\u00fa ert a\u00f0 l\u00e6ra <a href=\"https:\/\/talkpal.ai\/learn-afrikaans\/\">afr\u00edkanska<\/a> er sterkur grunnur \u00ed m\u00e1lfr\u00e6\u00f0i lykilatri\u00f0i til a\u00f0 tala, lesa og skrifa reiprennandi. \u00de\u00f3 a\u00f0 afr\u00edkanska m\u00e1lfr\u00e6\u00f0i g\u00e6ti virst fl\u00f3kin \u00ed fyrstu, er h\u00fan tilt\u00f6lulega einf\u00f6ld \u00feegar \u00fe\u00fa skiptir henni ni\u00f0ur \u00ed sm\u00e6rri, vi\u00f0r\u00e1\u00f0anlegri hluti. Svo, vi\u00f0 skulum hefja fer\u00f0 \u00fe\u00edna \u00ed \u00e1tt a\u00f0 \u00fev\u00ed a\u00f0 n\u00e1 t\u00f6kum \u00e1 Afrikaans m\u00e1lfr\u00e6\u00f0i!<\/p>\n\n\n\n<h3 class=\"wp-block-heading\" id=\"h-1-nouns-gender-and-articles\">1. Nafnor\u00f0, kyn og greinar<\/h3>\n\n\n\n<p>\u00d3l\u00edkt m\u00f6rgum \u00f6\u00f0rum tungum\u00e1lum hafa afrikaans nafnor\u00f0 ekki kyn, sem gerir \u00feau einfaldari a\u00f0 l\u00e6ra. Greinurinn \u201edie\u201c (the) er nota\u00f0ur fyrir \u00f6ll nafnor\u00f0, en \u00f3\u00e1kve\u00f0ni greinurinn \u201e&#8217;n\u201c e\u00f0a \u201eeen\u201c (a\/an) er einnig kynhlutlaus.  <\/p>\n\n\n\n<p>Til d\u00e6mis:<\/p>\n\n\n\n<p>\u2013 die hond (hundurinn)<\/p>\n\n\n\n<p>\u2013 &#8216;n hond (hundur)<\/p>\n\n\n\n<h3 class=\"wp-block-heading\" id=\"h-2-adjectives\">2. L\u00fdsingaror\u00f0<\/h3>\n\n\n\n<p>\u00c1 afr\u00edk\u00f6nsku eru l\u00fdsingaror\u00f0 venjulega \u00e1 undan nafnor\u00f0inu sem \u00feeir breyta og eru samm\u00e1la nafnor\u00f0inu \u00ed t\u00f6lu. L\u00fdsingaror\u00f0 hafa ekki kynjasamr\u00e6mi. Til d\u00e6mis:<\/p>\n\n\n\n<p>\u2013 &#8216;n groot huis (st\u00f3rt h\u00fas)<\/p>\n\n\n\n<p>\u2013 twee groot huise (tv\u00f6 st\u00f3r h\u00fas)<\/p>\n\n\n\n<p>Sum l\u00fdsingaror\u00f0 \u00feurfa vi\u00f0b\u00f3tar \u201e-e\u201c \u00feegar l\u00fdst er fleirt\u00f6lu nafnor\u00f0i:<\/p>\n\n\n\n<p>\u2013 &#8216;n ou man (gamall ma\u00f0ur)<\/p>\n\n\n\n<p>\u2013 twee ou manne (tveir gamlir menn)<\/p>\n\n\n\n<h3 class=\"wp-block-heading\" id=\"h-3-verbs-and-tense\">3. Sagnir og spenna<\/h3>\n\n\n\n<p>Afrikaans sagnir eru tilt\u00f6lulega au\u00f0velt a\u00f0 l\u00e6ra \u00fear sem \u00fe\u00e6r eru ekki beyg\u00f0ar \u00fat fr\u00e1 efni setningarinnar. Einnig hefur afrikaans f\u00e6rri spennur en m\u00f6rg \u00f6nnur tungum\u00e1l. Til a\u00f0 gefa \u00fe\u00e9r smakk af afr\u00edkanska sagnor\u00f0um skulum vi\u00f0 r\u00e6\u00f0a venjulegar sagnir \u00ed n\u00fat\u00ed\u00f0:<\/p>\n\n\n\n<p>\u2013 Ek <a href=\"https:\/\/talkpal.ai\/locations\/language-courses-in-leer\/\">leer<\/a> (\u00e9g l\u00e6ri)<\/p>\n\n\n\n<p>\u2013 Jy\/u leer (\u00fe\u00fa l\u00e6rir, \u00f3formlegt\/formlegt)<\/p>\n\n\n\n<p>\u2013 Hy\/sy\/dit leer (hann\/h\u00fan\/\u00fea\u00f0 l\u00e6rir)<\/p>\n\n\n\n<p>\u2013 Ons\/julle leer (vi\u00f0\/\u00fei\u00f0 l\u00e6ri\u00f0 \u00f6ll)<\/p>\n\n\n\n<p>\u2013 \u00deeir l\u00e6ra (\u00feeir l\u00e6ra)<\/p>\n\n\n\n<p>Mundu a\u00f0 \u00feetta er bara toppurinn \u00e1 \u00edsjakanum! \u00deegar l\u00ed\u00f0ur \u00e1 n\u00e1mi\u00f0 muntu lenda \u00ed \u00fdmsum \u00f6\u00f0rum spennum og nokkrum \u00f3reglulegum s\u00f6gnum.<\/p>\n\n\n\n<h3 class=\"wp-block-heading\" id=\"h-4-pronouns-prepositions-and-more\">4. Forn\u00f6fn, forsetningar og fleira!<\/h3>\n\n\n\n<p>Afrikaans m\u00e1lfr\u00e6\u00f0i n\u00e6r yfir a\u00f0ra \u00fe\u00e6tti eins og forn\u00f6fn (ek, jy, hy, sy, osfrv), forsetningar (\u00ed, op, met, osfrv.) \u00deegar \u00fe\u00fa l\u00e6rir tungum\u00e1li\u00f0 \u00fearftu a\u00f0 n\u00e1 g\u00f3\u00f0um t\u00f6kum \u00e1 hverjum og einum \u00feessara \u00fe\u00e1tta fyrir vel \u00e1valt reiprennandi.<\/p>\n\n\n\n<p>A\u00f0 lokum, a\u00f0 n\u00e1 t\u00f6kum \u00e1 afr\u00edkanskri m\u00e1lfr\u00e6\u00f0i krefst \u00ferautseigju, \u00e6fingar og \u00feolinm\u00e6\u00f0i. En \u00feegar \u00fe\u00fa hefur skili\u00f0 ranghala tungum\u00e1lsins, muntu vera \u00e1 g\u00f3\u00f0ri lei\u00f0 me\u00f0 a\u00f0 tala vi\u00f0 m\u00f3\u00f0urm\u00e1l, upplifa r\u00edka menningu og s\u00f6gu hins afr\u00edkanska-m\u00e6landi heims og d\u00fdpka \u00e1st \u00fe\u00edna \u00e1 tungum\u00e1linu. Sterkte (gangi \u00fe\u00e9r vel)!<\/p>\n<\/div><\/div>\n\r\n<section class=\"learnNavigationSection\">\r\n            \r\n        <a href=\"https:\/\/talkpal.ai\/is\/laerdu-afrikaans\/\">\r\n            <div class=\"learnNavigationWrapper\">\r\n                <div class=\"learnNavigationContent\">\r\n                    <img decoding=\"async\" src=\"https:\/\/talkpal.ai\/wp-content\/uploads\/2024\/08\/Afrikaans.jpg\" alt=\"South Africa Flag\">\r\n                    <div>\r\n                        <h4>Um Afrikaans n\u00e1m<\/h4>\r\n                        <p>Finndu \u00fat allt um afrikaans m\u00e1lfr\u00e6\u00f0i.<\/p>\r\n                    <\/div>\r\n                <\/div>\r\n            <\/div>\r\n        <\/a>\r\n\r\n        \r\n        <a href=\"https:\/\/talkpal.ai\/is\/afrikaans-malfraedi-aefingar\/\">\r\n            <div class=\"learnNavigationWrapper\">\r\n                <div class=\"learnNavigationContent\">\r\n                    <img decoding=\"async\" src=\"https:\/\/talkpal.ai\/wp-content\/uploads\/2024\/08\/Afrikaans.jpg\" alt=\"South Africa Flag\">\r\n                    <div>\r\n                        <h4>Afrikaans m\u00e1lfr\u00e6\u00f0i\u00e6fing<\/h4>\r\n                        <p>\u00c6f\u00f0u afrikaans m\u00e1lfr\u00e6\u00f0i.<\/p>\r\n                    <\/div>\r\n                <\/div>\r\n            <\/div>\r\n        <\/a>\r\n\r\n        \r\n        <a href=\"https:\/\/talkpal.ai\/vocabulary_language\/afrikaans\/\">\r\n            <div class=\"learnNavigationWrapper\">\r\n                <div class=\"learnNavigationContent\">\r\n                    <img decoding=\"async\" src=\"https:\/\/talkpal.ai\/wp-content\/uploads\/2024\/08\/Afrikaans.jpg\" alt=\"South Africa Flag\">\r\n                    <div>\r\n                        <h4>Afrikaans or\u00f0afor\u00f0i<\/h4>\r\n                        <p>St\u00e6kka\u00f0u afr\u00edkanska or\u00f0afor\u00f0a \u00feinn.<\/p>\r\n                    <\/div>\r\n                <\/div>\r\n            <\/div>\r\n        <\/a>\r\n\r\n            <\/section>","protected":false},"excerpt":{"rendered":"<p>A\u00f0 n\u00e1 t\u00f6kum \u00e1 afr\u00edkanskri m\u00e1lfr\u00e6\u00f0i: Fullkominn lei\u00f0arv\u00edsir \u00feinn Goeie dag, tungum\u00e1la\u00e1hugamenn! Ertu tilb\u00fainn til a\u00f0 leggja af sta\u00f0 \u00ed fer\u00f0alag inn \u00ed heim afrikaans m\u00e1lfr\u00e6\u00f0i? \u00de\u00fa ert kominn \u00e1 r\u00e9ttan sta\u00f0. \u00deessi grein er full af au\u00f0skiljanlegum uppl\u00fdsingum og samtalst\u00f3n og mun lei\u00f0a \u00feig \u00ed gegnum heillandi svi\u00f0 afrikaans m\u00e1lfr\u00e6\u00f0i. Br\u00e1\u00f0um muntu geta sm\u00ed\u00f0a\u00f0 [&hellip;]<\/p>\n","protected":false},"author":1,"featured_media":108961,"parent":0,"menu_order":0,"comment_status":"closed","ping_status":"closed","template":"LearningContentPage.php","meta":{"_acf_changed":false,"footnotes":""},"class_list":["post-140804","page","type-page","status-publish","has-post-thumbnail","hentry"],"acf":[],"yoast_head":"<!-- This site is optimized with the Yoast SEO Premium plugin v27.2 (Yoast SEO v27.2) - https:\/\/yoast.com\/product\/yoast-seo-premium-wordpress\/ -->\n<title>Afrikaans m\u00e1lfr\u00e6\u00f0i - Talkpal<\/title>\n<meta name=\"description\" content=\"Kanna\u00f0u m\u00e1lfr\u00e6\u00f0i afr\u00edk\u00f6nsku me\u00f0 byrjendav\u00e6num lei\u00f0beiningum okkar. N\u00e1\u00f0u t\u00f6kum \u00e1 setningager\u00f0 og b\u00e6ttu samr\u00e6\u00f0uh\u00e6fileika \u00fe\u00edna.\" \/>\n<meta name=\"robots\" content=\"index, follow, max-snippet:-1, max-image-preview:large, max-video-preview:-1\" \/>\n<link rel=\"canonical\" href=\"https:\/\/talkpal.ai\/is\/afrikaans-malfraedi\/\" \/>\n<meta property=\"og:locale\" content=\"is_IS\" \/>\n<meta property=\"og:type\" content=\"article\" \/>\n<meta property=\"og:title\" content=\"Afrikaans m\u00e1lfr\u00e6\u00f0i\" \/>\n<meta property=\"og:description\" content=\"A\u00f0 n\u00e1 t\u00f6kum \u00e1 afr\u00edkanskri m\u00e1lfr\u00e6\u00f0i: Fullkominn lei\u00f0arv\u00edsir \u00feinn Goeie dag, tungum\u00e1la\u00e1hugamenn! Ertu tilb\u00fainn til a\u00f0 leggja af sta\u00f0 \u00ed fer\u00f0alag inn \u00ed heim\" \/>\n<meta property=\"og:url\" content=\"https:\/\/talkpal.ai\/is\/afrikaans-malfraedi\/\" \/>\n<meta property=\"og:site_name\" content=\"Talkpal\" \/>\n<meta property=\"article:publisher\" content=\"https:\/\/www.facebook.com\/profile.php?id=100090733639311\" \/>\n<meta property=\"article:modified_time\" content=\"2025-05-22T19:04:37+00:00\" \/>\n<meta property=\"og:image\" content=\"https:\/\/talkpal.ai\/wp-content\/uploads\/2023\/05\/south-africa.png\" \/>\n\t<meta property=\"og:image:width\" content=\"512\" \/>\n\t<meta property=\"og:image:height\" content=\"512\" \/>\n\t<meta property=\"og:image:type\" content=\"image\/png\" \/>\n<meta name=\"twitter:card\" content=\"summary_large_image\" \/>\n<meta name=\"twitter:site\" content=\"@talkpalai\" \/>\n<meta name=\"twitter:label1\" content=\"Est. reading time\" \/>\n\t<meta name=\"twitter:data1\" content=\"3 minutes\" \/>\n<script type=\"application\/ld+json\" class=\"yoast-schema-graph\">{\"@context\":\"https:\/\/schema.org\",\"@graph\":[{\"@type\":\"WebPage\",\"@id\":\"https:\/\/talkpal.ai\/is\/afrikaans-malfraedi\/\",\"url\":\"https:\/\/talkpal.ai\/is\/afrikaans-malfraedi\/\",\"name\":\"Afrikaans m\u00e1lfr\u00e6\u00f0i - Talkpal\",\"isPartOf\":{\"@id\":\"https:\/\/talkpal.ai\/is\/#website\"},\"primaryImageOfPage\":{\"@id\":\"https:\/\/talkpal.ai\/is\/afrikaans-malfraedi\/#primaryimage\"},\"image\":{\"@id\":\"https:\/\/talkpal.ai\/is\/afrikaans-malfraedi\/#primaryimage\"},\"thumbnailUrl\":\"https:\/\/talkpal.ai\/wp-content\/uploads\/2023\/05\/south-africa.png\",\"datePublished\":\"2023-05-14T13:59:24+00:00\",\"dateModified\":\"2025-05-22T19:04:37+00:00\",\"description\":\"Kanna\u00f0u m\u00e1lfr\u00e6\u00f0i afr\u00edk\u00f6nsku me\u00f0 byrjendav\u00e6num lei\u00f0beiningum okkar. N\u00e1\u00f0u t\u00f6kum \u00e1 setningager\u00f0 og b\u00e6ttu samr\u00e6\u00f0uh\u00e6fileika \u00fe\u00edna.\",\"breadcrumb\":{\"@id\":\"https:\/\/talkpal.ai\/is\/afrikaans-malfraedi\/#breadcrumb\"},\"inLanguage\":\"is\",\"potentialAction\":[{\"@type\":\"ReadAction\",\"target\":[\"https:\/\/talkpal.ai\/is\/afrikaans-malfraedi\/\"]}]},{\"@type\":\"ImageObject\",\"inLanguage\":\"is\",\"@id\":\"https:\/\/talkpal.ai\/is\/afrikaans-malfraedi\/#primaryimage\",\"url\":\"https:\/\/talkpal.ai\/wp-content\/uploads\/2023\/05\/south-africa.png\",\"contentUrl\":\"https:\/\/talkpal.ai\/wp-content\/uploads\/2023\/05\/south-africa.png\",\"width\":512,\"height\":512},{\"@type\":\"BreadcrumbList\",\"@id\":\"https:\/\/talkpal.ai\/is\/afrikaans-malfraedi\/#breadcrumb\",\"itemListElement\":[{\"@type\":\"ListItem\",\"position\":1,\"name\":\"Homepage\",\"item\":\"https:\/\/talkpal.ai\/is\/\"},{\"@type\":\"ListItem\",\"position\":2,\"name\":\"Afrikaans m\u00e1lfr\u00e6\u00f0i\"}]},{\"@type\":\"WebSite\",\"@id\":\"https:\/\/talkpal.ai\/is\/#website\",\"url\":\"https:\/\/talkpal.ai\/is\/\",\"name\":\"Talkpal\",\"description\":\"AI Language Learning\",\"publisher\":{\"@id\":\"https:\/\/talkpal.ai\/is\/#organization\"},\"alternateName\":\"Talkpal AI\",\"potentialAction\":[{\"@type\":\"SearchAction\",\"target\":{\"@type\":\"EntryPoint\",\"urlTemplate\":\"https:\/\/talkpal.ai\/is\/?s={search_term_string}\"},\"query-input\":{\"@type\":\"PropertyValueSpecification\",\"valueRequired\":true,\"valueName\":\"search_term_string\"}}],\"inLanguage\":\"is\"},{\"@type\":\"Organization\",\"@id\":\"https:\/\/talkpal.ai\/is\/#organization\",\"name\":\"Talkpal, Inc.\",\"alternateName\":\"Talkpal AI\",\"url\":\"https:\/\/talkpal.ai\/is\/\",\"logo\":{\"@type\":\"ImageObject\",\"inLanguage\":\"is\",\"@id\":\"https:\/\/talkpal.ai\/is\/#\/schema\/logo\/image\/\",\"url\":\"https:\/\/talkpal.ai\/wp-content\/uploads\/2024\/03\/Talkpal-Logo-Icon.png\",\"contentUrl\":\"https:\/\/talkpal.ai\/wp-content\/uploads\/2024\/03\/Talkpal-Logo-Icon.png\",\"width\":2880,\"height\":2880,\"caption\":\"Talkpal, Inc.\"},\"image\":{\"@id\":\"https:\/\/talkpal.ai\/is\/#\/schema\/logo\/image\/\"},\"sameAs\":[\"https:\/\/www.facebook.com\/profile.php?id=100090733639311\",\"https:\/\/x.com\/talkpalai\",\"https:\/\/www.linkedin.com\/company\/talkpal\/\",\"https:\/\/www.youtube.com\/@TalkPal\/\",\"https:\/\/www.tiktok.com\/@talkpal\",\"https:\/\/www.instagram.com\/talkpal_ai\/\",\"https:\/\/www.crunchbase.com\/organization\/talkpal-9cde\",\"https:\/\/www.g2.com\/products\/talkpal-for-business\/\",\"https:\/\/www.trustpilot.com\/review\/talkpal.ai\",\"https:\/\/www.capterra.com\/p\/10006800\/TalkPal\/\"],\"description\":\"Talkpal is a language learning web and mobile education app, powered by the latest AI technologies, that provides engaging experiences to its customers in many different languages to help them improve their language skills. Users can chat about unlimited amount of topics with the app and use other modes to practice their language learning.\",\"email\":\"support@talkpal.ai\",\"legalName\":\"Talkpal, Inc.\",\"foundingDate\":\"2023-04-03\",\"duns\":\"118989042\",\"numberOfEmployees\":{\"@type\":\"QuantitativeValue\",\"minValue\":\"11\",\"maxValue\":\"50\"},\"publishingPrinciples\":\"https:\/\/talkpal.ai\/publishing-principles\/\",\"actionableFeedbackPolicy\":\"https:\/\/talkpal.ai\/actionable-feedback-policy\/\",\"correctionsPolicy\":\"https:\/\/talkpal.ai\/corrections-policy\/\",\"ethicsPolicy\":\"https:\/\/talkpal.ai\/ethics-policy\/\",\"diversityPolicy\":\"https:\/\/talkpal.ai\/diversity-policy\/\",\"diversityStaffingReport\":\"https:\/\/talkpal.ai\/diversity-policy\/\"}]}<\/script>\n<!-- \/ Yoast SEO Premium plugin. -->","yoast_head_json":{"title":"Afrikaans m\u00e1lfr\u00e6\u00f0i - Talkpal","description":"Kanna\u00f0u m\u00e1lfr\u00e6\u00f0i afr\u00edk\u00f6nsku me\u00f0 byrjendav\u00e6num lei\u00f0beiningum okkar. N\u00e1\u00f0u t\u00f6kum \u00e1 setningager\u00f0 og b\u00e6ttu samr\u00e6\u00f0uh\u00e6fileika \u00fe\u00edna.","robots":{"index":"index","follow":"follow","max-snippet":"max-snippet:-1","max-image-preview":"max-image-preview:large","max-video-preview":"max-video-preview:-1"},"canonical":"https:\/\/talkpal.ai\/is\/afrikaans-malfraedi\/","og_locale":"is_IS","og_type":"article","og_title":"Afrikaans m\u00e1lfr\u00e6\u00f0i","og_description":"A\u00f0 n\u00e1 t\u00f6kum \u00e1 afr\u00edkanskri m\u00e1lfr\u00e6\u00f0i: Fullkominn lei\u00f0arv\u00edsir \u00feinn Goeie dag, tungum\u00e1la\u00e1hugamenn! Ertu tilb\u00fainn til a\u00f0 leggja af sta\u00f0 \u00ed fer\u00f0alag inn \u00ed heim","og_url":"https:\/\/talkpal.ai\/is\/afrikaans-malfraedi\/","og_site_name":"Talkpal","article_publisher":"https:\/\/www.facebook.com\/profile.php?id=100090733639311","article_modified_time":"2025-05-22T19:04:37+00:00","og_image":[{"width":512,"height":512,"url":"https:\/\/talkpal.ai\/wp-content\/uploads\/2023\/05\/south-africa.png","type":"image\/png"}],"twitter_card":"summary_large_image","twitter_site":"@talkpalai","twitter_misc":{"Est. reading time":"3 minutes"},"schema":{"@context":"https:\/\/schema.org","@graph":[{"@type":"WebPage","@id":"https:\/\/talkpal.ai\/is\/afrikaans-malfraedi\/","url":"https:\/\/talkpal.ai\/is\/afrikaans-malfraedi\/","name":"Afrikaans m\u00e1lfr\u00e6\u00f0i - Talkpal","isPartOf":{"@id":"https:\/\/talkpal.ai\/is\/#website"},"primaryImageOfPage":{"@id":"https:\/\/talkpal.ai\/is\/afrikaans-malfraedi\/#primaryimage"},"image":{"@id":"https:\/\/talkpal.ai\/is\/afrikaans-malfraedi\/#primaryimage"},"thumbnailUrl":"https:\/\/talkpal.ai\/wp-content\/uploads\/2023\/05\/south-africa.png","datePublished":"2023-05-14T13:59:24+00:00","dateModified":"2025-05-22T19:04:37+00:00","description":"Kanna\u00f0u m\u00e1lfr\u00e6\u00f0i afr\u00edk\u00f6nsku me\u00f0 byrjendav\u00e6num lei\u00f0beiningum okkar. N\u00e1\u00f0u t\u00f6kum \u00e1 setningager\u00f0 og b\u00e6ttu samr\u00e6\u00f0uh\u00e6fileika \u00fe\u00edna.","breadcrumb":{"@id":"https:\/\/talkpal.ai\/is\/afrikaans-malfraedi\/#breadcrumb"},"inLanguage":"is","potentialAction":[{"@type":"ReadAction","target":["https:\/\/talkpal.ai\/is\/afrikaans-malfraedi\/"]}]},{"@type":"ImageObject","inLanguage":"is","@id":"https:\/\/talkpal.ai\/is\/afrikaans-malfraedi\/#primaryimage","url":"https:\/\/talkpal.ai\/wp-content\/uploads\/2023\/05\/south-africa.png","contentUrl":"https:\/\/talkpal.ai\/wp-content\/uploads\/2023\/05\/south-africa.png","width":512,"height":512},{"@type":"BreadcrumbList","@id":"https:\/\/talkpal.ai\/is\/afrikaans-malfraedi\/#breadcrumb","itemListElement":[{"@type":"ListItem","position":1,"name":"Homepage","item":"https:\/\/talkpal.ai\/is\/"},{"@type":"ListItem","position":2,"name":"Afrikaans m\u00e1lfr\u00e6\u00f0i"}]},{"@type":"WebSite","@id":"https:\/\/talkpal.ai\/is\/#website","url":"https:\/\/talkpal.ai\/is\/","name":"Talkpal","description":"AI Language Learning","publisher":{"@id":"https:\/\/talkpal.ai\/is\/#organization"},"alternateName":"Talkpal AI","potentialAction":[{"@type":"SearchAction","target":{"@type":"EntryPoint","urlTemplate":"https:\/\/talkpal.ai\/is\/?s={search_term_string}"},"query-input":{"@type":"PropertyValueSpecification","valueRequired":true,"valueName":"search_term_string"}}],"inLanguage":"is"},{"@type":"Organization","@id":"https:\/\/talkpal.ai\/is\/#organization","name":"Talkpal, Inc.","alternateName":"Talkpal AI","url":"https:\/\/talkpal.ai\/is\/","logo":{"@type":"ImageObject","inLanguage":"is","@id":"https:\/\/talkpal.ai\/is\/#\/schema\/logo\/image\/","url":"https:\/\/talkpal.ai\/wp-content\/uploads\/2024\/03\/Talkpal-Logo-Icon.png","contentUrl":"https:\/\/talkpal.ai\/wp-content\/uploads\/2024\/03\/Talkpal-Logo-Icon.png","width":2880,"height":2880,"caption":"Talkpal, Inc."},"image":{"@id":"https:\/\/talkpal.ai\/is\/#\/schema\/logo\/image\/"},"sameAs":["https:\/\/www.facebook.com\/profile.php?id=100090733639311","https:\/\/x.com\/talkpalai","https:\/\/www.linkedin.com\/company\/talkpal\/","https:\/\/www.youtube.com\/@TalkPal\/","https:\/\/www.tiktok.com\/@talkpal","https:\/\/www.instagram.com\/talkpal_ai\/","https:\/\/www.crunchbase.com\/organization\/talkpal-9cde","https:\/\/www.g2.com\/products\/talkpal-for-business\/","https:\/\/www.trustpilot.com\/review\/talkpal.ai","https:\/\/www.capterra.com\/p\/10006800\/TalkPal\/"],"description":"Talkpal is a language learning web and mobile education app, powered by the latest AI technologies, that provides engaging experiences to its customers in many different languages to help them improve their language skills. Users can chat about unlimited amount of topics with the app and use other modes to practice their language learning.","email":"support@talkpal.ai","legalName":"Talkpal, Inc.","foundingDate":"2023-04-03","duns":"118989042","numberOfEmployees":{"@type":"QuantitativeValue","minValue":"11","maxValue":"50"},"publishingPrinciples":"https:\/\/talkpal.ai\/publishing-principles\/","actionableFeedbackPolicy":"https:\/\/talkpal.ai\/actionable-feedback-policy\/","correctionsPolicy":"https:\/\/talkpal.ai\/corrections-policy\/","ethicsPolicy":"https:\/\/talkpal.ai\/ethics-policy\/","diversityPolicy":"https:\/\/talkpal.ai\/diversity-policy\/","diversityStaffingReport":"https:\/\/talkpal.ai\/diversity-policy\/"}]}},"_links":{"self":[{"href":"https:\/\/talkpal.ai\/is\/wp-json\/wp\/v2\/pages\/140804","targetHints":{"allow":["GET"]}}],"collection":[{"href":"https:\/\/talkpal.ai\/is\/wp-json\/wp\/v2\/pages"}],"about":[{"href":"https:\/\/talkpal.ai\/is\/wp-json\/wp\/v2\/types\/page"}],"author":[{"embeddable":true,"href":"https:\/\/talkpal.ai\/is\/wp-json\/wp\/v2\/users\/1"}],"replies":[{"embeddable":true,"href":"https:\/\/talkpal.ai\/is\/wp-json\/wp\/v2\/comments?post=140804"}],"version-history":[{"count":0,"href":"https:\/\/talkpal.ai\/is\/wp-json\/wp\/v2\/pages\/140804\/revisions"}],"wp:featuredmedia":[{"embeddable":true,"href":"https:\/\/talkpal.ai\/is\/wp-json\/wp\/v2\/media\/108961"}],"wp:attachment":[{"href":"https:\/\/talkpal.ai\/is\/wp-json\/wp\/v2\/media?parent=140804"}],"curies":[{"name":"wp","href":"https:\/\/api.w.org\/{rel}","templated":true}]}}