{"id":140437,"date":"2023-05-14T13:54:14","date_gmt":"2023-05-14T13:54:14","guid":{"rendered":"http:\/\/talkpal.ai\/armenska-malfraedi\/"},"modified":"2025-05-21T10:55:26","modified_gmt":"2025-05-21T10:55:26","slug":"armenska-malfraedi","status":"publish","type":"page","link":"https:\/\/talkpal.ai\/is\/armenska-malfraedi\/","title":{"rendered":"Armenska m\u00e1lfr\u00e6\u00f0i"},"content":{"rendered":"\r\n\r\n\r\n<section class=\"languageChallengeSection\">\r\n    <div class=\"languageInfoWrapper\">\r\n        \r\n        <h1>Armenska m\u00e1lfr\u00e6\u00f0i<\/h1>\r\n        <p>Tilb\u00fainn\/n a\u00f0 kanna n\u00fdtt tungum\u00e1l? Armensk <a href=\"https:\/\/talkpal.ai\/grammar\/\">m\u00e1lfr\u00e6\u00f0i<\/a> er inngangur a\u00f0 heimi heillandi mynstra og einstakra hef\u00f0a! \u00deegar \u00fe\u00fa l\u00e6rir <a href=\"https:\/\/talkpal.ai\/learn-armenian\/\">armenska<\/a> m\u00e1lfr\u00e6\u00f0i munt \u00fe\u00fa ekki a\u00f0eins n\u00e1 t\u00f6kum \u00e1 tungum\u00e1linu heldur einnig tengjast dj\u00fapri menningararfleif\u00f0 Armen\u00edu. K\u00f6fum ofan \u00ed \u00feetta saman og nj\u00f3tum fer\u00f0alagsins inn \u00ed armensku!<\/p>\r\n\r\n                            <a class=\"getStartedHidden\" href=\"https:\/\/app.talkpal.ai\/signup?lng=\">Byrja\u00f0u<\/a>\r\n        \r\n    <\/div>\r\n\r\n    <figure>\r\n    <img decoding=\"async\" width=\"768\" height=\"768\" src=\"https:\/\/talkpal.ai\/wp-content\/uploads\/2023\/06\/armenian-768x768.png\" class=\"languageImage no-lazy\" alt=\"Language learning for higher cognition\" fetchpriority=\"high\" sizes=\"(max-width: 768px) 150px, 768px\" srcset=\"https:\/\/talkpal.ai\/wp-content\/uploads\/2023\/06\/armenian-768x768.png 768w, https:\/\/talkpal.ai\/wp-content\/uploads\/2023\/06\/armenian-300x300.png 300w\" \/>\r\n    \r\n\r\n    <\/figure>\r\n\r\n            <a class=\"getStartedVisible\" href=\"https:\/\/app.talkpal.ai\/signup?lng=\">Byrja\u00f0u<\/a>\r\n    \r\n<\/section>\r\n<section class=\"promotionalBanner\">\r\n    <p class=\"promotionalText\">Skilvirkasta lei\u00f0in til a\u00f0 l\u00e6ra tungum\u00e1l<\/p>\r\n    <a class=\"promotionalLink\" href=\"https:\/\/app.talkpal.ai\/signup?lng=\">Pr\u00f3fa\u00f0u Talkpal \u00f3keypis<\/a>\r\n<\/section>\n<div class=\"wp-block-group pageContainerStyle\"><div class=\"wp-block-group__inner-container is-layout-constrained wp-block-group-is-layout-constrained\">\n<h2 class=\"wp-block-heading\" id=\"h-discovering-the-richness-of-armenian-grammar\">Uppg\u00f6tva\u00f0u au\u00f0leg\u00f0 armenska m\u00e1lfr\u00e6\u00f0i<\/h2>\n\n\n\n<p><a href=\"https:\/\/talkpal.ai\/learn-armenian\/\">Armenska<\/a>, einstakt og heillandi tungum\u00e1l, skipar s\u00e9rstakan sess \u00ed ind\u00f3evr\u00f3psku fj\u00f6lskyldunni. A\u00f0 l\u00e6ra armensku au\u00f0gar ekki a\u00f0eins tungum\u00e1laskr\u00e1 \u00fe\u00edna heldur gerir \u00fe\u00e9r einnig kleift a\u00f0 kafa ofan \u00ed r\u00edka s\u00f6gu og menningu Armen\u00edu. \u00de\u00f3 a\u00f0 armenska m\u00e1lfr\u00e6\u00f0i g\u00e6ti virst \u00f3gnvekjandi vi\u00f0 fyrstu s\u00fdn, einfaldar \u00fea\u00f0 ferli\u00f0 a\u00f0 brj\u00f3ta hana ni\u00f0ur \u00ed nau\u00f0synlega \u00fe\u00e6tti. \u00cd \u00feessari grein munum vi\u00f0 kynna \u00fe\u00e9r gr\u00edpandi heim armenskrar m\u00e1lfr\u00e6\u00f0i og gefa r\u00e1\u00f0 um hvernig \u00fe\u00fa getur n\u00e1\u00f0 t\u00f6kum \u00e1 fl\u00e6kjum hennar.<\/p>\n\n\n\n<h3 class=\"wp-block-heading\" id=\"h-1-the-armenian-alphabet\">1. Armenska stafr\u00f3fi\u00f0<\/h3>\n\n\n\n<p>Armenska hefur sitt s\u00e9rstaka stafr\u00f3f, sem samanstendur af 39 b\u00f3kst\u00f6fum, sem hver t\u00e1knar \u00e1kve\u00f0na hlj\u00f3\u00f0ritun e\u00f0a samsetningu hlj\u00f3\u00f0rita. Til a\u00f0 l\u00e6ra armenska m\u00e1lfr\u00e6\u00f0i er mikilv\u00e6gt a\u00f0 kynnast \u00feessu einstaka ritkerfi me\u00f0 \u00fev\u00ed a\u00f0 \u00e6fa sig \u00ed a\u00f0 lesa og skrifa armenska texta.<\/p>\n\n\n\n<h3 class=\"wp-block-heading\" id=\"h-2-nouns-gender-and-cases\">2. Nafnor\u00f0: Kyn og m\u00e1l<\/h3>\n\n\n\n<p>Armenska nafnor\u00f0 hafa ekki m\u00e1lfr\u00e6\u00f0ilegt kyn eins og m\u00f6rg \u00f6nnur tungum\u00e1l. Hins vegar hafa \u00feeir nokkur tilfelli, \u00fear \u00e1 me\u00f0al nafnor\u00f0, \u00e1sakandi, dative, genitive, instrumental, ablative og locative. A\u00f0 l\u00e6ra reglurnar um myndun \u00feessara m\u00e1la gerir \u00fe\u00e9r kleift a\u00f0 skilja betur og skipuleggja armenskar setningar.<\/p>\n\n\n\n<h3 class=\"wp-block-heading\" id=\"h-3-verbs-conjugation-and-tense\">3. Sagnir: Samtenging og spenna<\/h3>\n\n\n\n<p>Armenskar sagnir eru beyg\u00f0ar eftir spennu \u00feeirra, skapi og \u00fe\u00e6tti. \u00dea\u00f0 eru sj\u00f6 grunnspennur \u00e1 armensku, \u00fear \u00e1 me\u00f0al n\u00fat\u00ed\u00f0, \u00f3fullkomin, fullkomin, \u00f3s\u00e6\u00f0arleg, framt\u00ed\u00f0, pl\u00fat\u00f3fullkomin og framt\u00ed\u00f0in fullkomin. Venjulegar sagnir fylgja s\u00e9rst\u00f6ku beygingarmynstri, sem gerir \u00fe\u00e6r tilt\u00f6lulega au\u00f0velt a\u00f0 l\u00e6ra \u00feegar \u00fe\u00fa skilur reglurnar.<\/p>\n\n\n\n<h3 class=\"wp-block-heading\" id=\"h-4-adjectives-agreement-and-placement\">4. L\u00fdsingaror\u00f0: Samkomulag og sta\u00f0setning<\/h3>\n\n\n\n<p>\u00cd armensku m\u00e1lfr\u00e6\u00f0i koma l\u00fdsingaror\u00f0 yfirleitt \u00e1 undan nafnor\u00f0inu sem \u00feau breyta og \u00feau \u00feurfa ekki a\u00f0 vera samm\u00e1la ef um nafnor\u00f0i\u00f0 er a\u00f0 r\u00e6\u00f0a. Hins vegar er h\u00e6gt a\u00f0 hafna l\u00fdsingaror\u00f0um ef \u00feau eru notu\u00f0 efnislega (sem nafnor\u00f0) e\u00f0a eru \u00e1 undan \u00e1kve\u00f0num s\u00fdni- og eignarforn\u00f6fnum.<\/p>\n\n\n\n<p><strong>D\u00e6mi:<\/strong><\/p>\n\n\n\n<p>\u2013 \u057d\u0578\u0582\u0580\u0562 \u057f\u0561\u0573\u0561\u0580 (\u00fathverfi tachar) \u2013 heilagt musteri<\/p>\n\n\n\n<p>\u2013 \u0561\u0575\u057d \u0574\u0565\u056e \u057f\u0578\u0582\u0576 (ays <a href=\"https:\/\/talkpal.ai\/locations\/language-courses-in-metz\/\">metz<\/a> tun) \u2013 \u00feetta st\u00f3ra h\u00fas<\/p>\n\n\n\n<h3 class=\"wp-block-heading\" id=\"h-5-evidentiality-in-verbs\">5. S\u00f6nnunarg\u00f6gn \u00ed s\u00f6gnum<\/h3>\n\n\n\n<p>Einn einstakur \u00fe\u00e1ttur \u00ed armensku m\u00e1lfr\u00e6\u00f0i er notkun s\u00f6nnunargagna sagna. \u00deessi eiginleiki s\u00fdnir uppsprettu \u00feekkingar r\u00e6\u00f0umanns (pers\u00f3nuleg reynsla, heyrnarsagnir e\u00f0a \u00e1lyktanir) var\u00f0andi a\u00f0ger\u00f0ina \u00ed setningu. A\u00f0 gefa gaum a\u00f0 \u00feessum bl\u00e6brig\u00f0um getur hj\u00e1lpa\u00f0 \u00fe\u00e9r a\u00f0 veita samhengi og sk\u00fdrleika \u00ed samtali \u00fe\u00ednu.<\/p>\n\n\n\n<h3 class=\"wp-block-heading\" id=\"h-6-engaging-with-the-language\">6. A\u00f0 taka \u00fe\u00e1tt \u00ed tungum\u00e1linu<\/h3>\n\n\n\n<p>\u00c1hrifar\u00edkasta lei\u00f0in til a\u00f0 skilja og innr\u00e6ta armenska m\u00e1lfr\u00e6\u00f0i er <a href=\"https:\/\/talkpal.ai\/culture\/what-is-the-verb-ad-hafa-and-when-is-it-used\/\">a\u00f0 hafa<\/a> reglulega samskipti vi\u00f0 tungum\u00e1li\u00f0. Me\u00f0 \u00fev\u00ed a\u00f0 lesa armenskar b\u00f3kmenntir, horfa \u00e1 kvikmyndir e\u00f0a sj\u00f3nvarps\u00fe\u00e6tti og eiga virkan samskipti vi\u00f0 m\u00f3\u00f0urm\u00e1l muntu styrkja skilning \u00feinn \u00e1 m\u00e1lfr\u00e6\u00f0i og auka or\u00f0afor\u00f0a \u00feinn samt\u00edmis.<\/p>\n\n\n\n<h3 class=\"wp-block-heading\" id=\"h-conclusion\">Ni\u00f0ursta\u00f0a<\/h3>\n\n\n\n<p>\u00de\u00f3 a\u00f0 armenska m\u00e1lfr\u00e6\u00f0i kann a\u00f0 vir\u00f0ast fl\u00f3ki\u00f0, a\u00f0 n\u00e1lgast \u00fea\u00f0 skref fyrir skref og \u00e6fa st\u00f6\u00f0ugt mun hj\u00e1lpa \u00fe\u00e9r a\u00f0 ver\u00f0a f\u00e6r \u00ed \u00feessu fallega tungum\u00e1li. Taktu vi\u00f0 \u00e1skoruninni \u00feegar \u00fe\u00fa leggur af sta\u00f0 \u00ed \u00e6vint\u00fdri\u00f0 \u00feitt \u00e1 armensku tungum\u00e1linu og \u00fe\u00fa munt flj\u00f3tlega finna sj\u00e1lfan \u00feig a\u00f0 vafra um bl\u00e6brig\u00f0i m\u00e1lfr\u00e6\u00f0i \u00feess me\u00f0 auknu sj\u00e1lfstrausti. Hamingjusamur a\u00f0 l\u00e6ra, og nj\u00f3ta kanna au\u00f0leg\u00f0 armenska m\u00e1lfr\u00e6\u00f0i!<\/p>\n<\/div><\/div>\n\r\n<section class=\"learnNavigationSection\">\r\n            \r\n        <a href=\"https:\/\/talkpal.ai\/is\/laerdu-armensku\/\">\r\n            <div class=\"learnNavigationWrapper\">\r\n                <div class=\"learnNavigationContent\">\r\n                    <img decoding=\"async\" src=\"https:\/\/talkpal.ai\/wp-content\/uploads\/2024\/08\/Armenian.jpg\" alt=\"Armenian Flag\">\r\n                    <div>\r\n                        <h4>Um Armen\u00edun\u00e1m<\/h4>\r\n                        <p>Finndu \u00fat allt um armenska m\u00e1lfr\u00e6\u00f0i.<\/p>\r\n                    <\/div>\r\n                <\/div>\r\n            <\/div>\r\n        <\/a>\r\n\r\n        \r\n        <a href=\"https:\/\/talkpal.ai\/is\/armenska-malfraedi-aefingar\/\">\r\n            <div class=\"learnNavigationWrapper\">\r\n                <div class=\"learnNavigationContent\">\r\n                    <img decoding=\"async\" src=\"https:\/\/talkpal.ai\/wp-content\/uploads\/2024\/08\/Armenian.jpg\" alt=\"Armenian Flag\">\r\n                    <div>\r\n                        <h4>Armensk m\u00e1lfr\u00e6\u00f0i\u00e6fing<\/h4>\r\n                        <p>\u00c6f\u00f0u armenska m\u00e1lfr\u00e6\u00f0i.<\/p>\r\n                    <\/div>\r\n                <\/div>\r\n            <\/div>\r\n        <\/a>\r\n\r\n        \r\n        <a href=\"https:\/\/talkpal.ai\/vocabulary_language\/armenian\/\">\r\n            <div class=\"learnNavigationWrapper\">\r\n                <div class=\"learnNavigationContent\">\r\n                    <img decoding=\"async\" src=\"https:\/\/talkpal.ai\/wp-content\/uploads\/2024\/08\/Armenian.jpg\" alt=\"Armenian Flag\">\r\n                    <div>\r\n                        <h4>Armenskur or\u00f0afor\u00f0i<\/h4>\r\n                        <p>St\u00e6kka\u00f0u armenska or\u00f0afor\u00f0a \u00feinn.<\/p>\r\n                    <\/div>\r\n                <\/div>\r\n            <\/div>\r\n        <\/a>\r\n\r\n            <\/section>","protected":false},"excerpt":{"rendered":"<p>Uppg\u00f6tva\u00f0u au\u00f0leg\u00f0 armenska m\u00e1lfr\u00e6\u00f0i Armenska, einstakt og heillandi tungum\u00e1l, skipar s\u00e9rstakan sess \u00ed ind\u00f3evr\u00f3psku fj\u00f6lskyldunni. A\u00f0 l\u00e6ra armensku au\u00f0gar ekki a\u00f0eins tungum\u00e1laskr\u00e1 \u00fe\u00edna heldur gerir \u00fe\u00e9r einnig kleift a\u00f0 kafa ofan \u00ed r\u00edka s\u00f6gu og menningu Armen\u00edu. \u00de\u00f3 a\u00f0 armenska m\u00e1lfr\u00e6\u00f0i g\u00e6ti virst \u00f3gnvekjandi vi\u00f0 fyrstu s\u00fdn, einfaldar \u00fea\u00f0 ferli\u00f0 a\u00f0 brj\u00f3ta hana ni\u00f0ur \u00ed [&hellip;]<\/p>\n","protected":false},"author":1,"featured_media":109141,"parent":0,"menu_order":0,"comment_status":"closed","ping_status":"closed","template":"LearningContentPage.php","meta":{"_acf_changed":false,"footnotes":""},"class_list":["post-140437","page","type-page","status-publish","has-post-thumbnail","hentry"],"acf":[],"yoast_head":"<!-- This site is optimized with the Yoast SEO Premium plugin v27.2 (Yoast SEO v27.2) - https:\/\/yoast.com\/product\/yoast-seo-premium-wordpress\/ -->\n<title>Armenska m\u00e1lfr\u00e6\u00f0i - Talkpal<\/title>\n<meta name=\"description\" content=\"Opna\u00f0u leyndard\u00f3ma armenskrar m\u00e1lfr\u00e6\u00f0i og sko\u00f0a\u00f0u r\u00edka menningu Armen\u00edu \u00e1 me\u00f0an \u00fe\u00fa n\u00e6r\u00f0 t\u00f6kum \u00e1 \u00feessu heillandi tungum\u00e1li.\" \/>\n<meta name=\"robots\" content=\"index, follow, max-snippet:-1, max-image-preview:large, max-video-preview:-1\" \/>\n<link rel=\"canonical\" href=\"https:\/\/talkpal.ai\/is\/armenska-malfraedi\/\" \/>\n<meta property=\"og:locale\" content=\"is_IS\" \/>\n<meta property=\"og:type\" content=\"article\" \/>\n<meta property=\"og:title\" content=\"Armenska m\u00e1lfr\u00e6\u00f0i\" \/>\n<meta property=\"og:description\" content=\"Uppg\u00f6tva\u00f0u au\u00f0leg\u00f0 armenska m\u00e1lfr\u00e6\u00f0i Armenska, einstakt og heillandi tungum\u00e1l, skipar s\u00e9rstakan sess \u00ed ind\u00f3evr\u00f3psku fj\u00f6lskyldunni. A\u00f0 l\u00e6ra armensku au\u00f0gar\" \/>\n<meta property=\"og:url\" content=\"https:\/\/talkpal.ai\/is\/armenska-malfraedi\/\" \/>\n<meta property=\"og:site_name\" content=\"Talkpal\" \/>\n<meta property=\"article:publisher\" content=\"https:\/\/www.facebook.com\/profile.php?id=100090733639311\" \/>\n<meta property=\"article:modified_time\" content=\"2025-05-21T10:55:26+00:00\" \/>\n<meta property=\"og:image\" content=\"https:\/\/talkpal.ai\/wp-content\/uploads\/2023\/05\/armenia.png\" \/>\n\t<meta property=\"og:image:width\" content=\"512\" \/>\n\t<meta property=\"og:image:height\" content=\"512\" \/>\n\t<meta property=\"og:image:type\" content=\"image\/png\" \/>\n<meta name=\"twitter:card\" content=\"summary_large_image\" \/>\n<meta name=\"twitter:site\" content=\"@talkpalai\" \/>\n<meta name=\"twitter:label1\" content=\"Est. reading time\" \/>\n\t<meta name=\"twitter:data1\" content=\"3 minutes\" \/>\n<script type=\"application\/ld+json\" class=\"yoast-schema-graph\">{\"@context\":\"https:\/\/schema.org\",\"@graph\":[{\"@type\":\"WebPage\",\"@id\":\"https:\/\/talkpal.ai\/is\/armenska-malfraedi\/\",\"url\":\"https:\/\/talkpal.ai\/is\/armenska-malfraedi\/\",\"name\":\"Armenska m\u00e1lfr\u00e6\u00f0i - Talkpal\",\"isPartOf\":{\"@id\":\"https:\/\/talkpal.ai\/is\/#website\"},\"primaryImageOfPage\":{\"@id\":\"https:\/\/talkpal.ai\/is\/armenska-malfraedi\/#primaryimage\"},\"image\":{\"@id\":\"https:\/\/talkpal.ai\/is\/armenska-malfraedi\/#primaryimage\"},\"thumbnailUrl\":\"https:\/\/talkpal.ai\/wp-content\/uploads\/2023\/05\/armenia.png\",\"datePublished\":\"2023-05-14T13:54:14+00:00\",\"dateModified\":\"2025-05-21T10:55:26+00:00\",\"description\":\"Opna\u00f0u leyndard\u00f3ma armenskrar m\u00e1lfr\u00e6\u00f0i og sko\u00f0a\u00f0u r\u00edka menningu Armen\u00edu \u00e1 me\u00f0an \u00fe\u00fa n\u00e6r\u00f0 t\u00f6kum \u00e1 \u00feessu heillandi tungum\u00e1li.\",\"breadcrumb\":{\"@id\":\"https:\/\/talkpal.ai\/is\/armenska-malfraedi\/#breadcrumb\"},\"inLanguage\":\"is\",\"potentialAction\":[{\"@type\":\"ReadAction\",\"target\":[\"https:\/\/talkpal.ai\/is\/armenska-malfraedi\/\"]}]},{\"@type\":\"ImageObject\",\"inLanguage\":\"is\",\"@id\":\"https:\/\/talkpal.ai\/is\/armenska-malfraedi\/#primaryimage\",\"url\":\"https:\/\/talkpal.ai\/wp-content\/uploads\/2023\/05\/armenia.png\",\"contentUrl\":\"https:\/\/talkpal.ai\/wp-content\/uploads\/2023\/05\/armenia.png\",\"width\":512,\"height\":512},{\"@type\":\"BreadcrumbList\",\"@id\":\"https:\/\/talkpal.ai\/is\/armenska-malfraedi\/#breadcrumb\",\"itemListElement\":[{\"@type\":\"ListItem\",\"position\":1,\"name\":\"Homepage\",\"item\":\"https:\/\/talkpal.ai\/is\/\"},{\"@type\":\"ListItem\",\"position\":2,\"name\":\"Armenska m\u00e1lfr\u00e6\u00f0i\"}]},{\"@type\":\"WebSite\",\"@id\":\"https:\/\/talkpal.ai\/is\/#website\",\"url\":\"https:\/\/talkpal.ai\/is\/\",\"name\":\"Talkpal\",\"description\":\"AI Language Learning\",\"publisher\":{\"@id\":\"https:\/\/talkpal.ai\/is\/#organization\"},\"alternateName\":\"Talkpal AI\",\"potentialAction\":[{\"@type\":\"SearchAction\",\"target\":{\"@type\":\"EntryPoint\",\"urlTemplate\":\"https:\/\/talkpal.ai\/is\/?s={search_term_string}\"},\"query-input\":{\"@type\":\"PropertyValueSpecification\",\"valueRequired\":true,\"valueName\":\"search_term_string\"}}],\"inLanguage\":\"is\"},{\"@type\":\"Organization\",\"@id\":\"https:\/\/talkpal.ai\/is\/#organization\",\"name\":\"Talkpal, Inc.\",\"alternateName\":\"Talkpal AI\",\"url\":\"https:\/\/talkpal.ai\/is\/\",\"logo\":{\"@type\":\"ImageObject\",\"inLanguage\":\"is\",\"@id\":\"https:\/\/talkpal.ai\/is\/#\/schema\/logo\/image\/\",\"url\":\"https:\/\/talkpal.ai\/wp-content\/uploads\/2024\/03\/Talkpal-Logo-Icon.png\",\"contentUrl\":\"https:\/\/talkpal.ai\/wp-content\/uploads\/2024\/03\/Talkpal-Logo-Icon.png\",\"width\":2880,\"height\":2880,\"caption\":\"Talkpal, Inc.\"},\"image\":{\"@id\":\"https:\/\/talkpal.ai\/is\/#\/schema\/logo\/image\/\"},\"sameAs\":[\"https:\/\/www.facebook.com\/profile.php?id=100090733639311\",\"https:\/\/x.com\/talkpalai\",\"https:\/\/www.linkedin.com\/company\/talkpal\/\",\"https:\/\/www.youtube.com\/@TalkPal\/\",\"https:\/\/www.tiktok.com\/@talkpal\",\"https:\/\/www.instagram.com\/talkpal_ai\/\",\"https:\/\/www.crunchbase.com\/organization\/talkpal-9cde\",\"https:\/\/www.g2.com\/products\/talkpal-for-business\/\",\"https:\/\/www.trustpilot.com\/review\/talkpal.ai\",\"https:\/\/www.capterra.com\/p\/10006800\/TalkPal\/\"],\"description\":\"Talkpal is a language learning web and mobile education app, powered by the latest AI technologies, that provides engaging experiences to its customers in many different languages to help them improve their language skills. Users can chat about unlimited amount of topics with the app and use other modes to practice their language learning.\",\"email\":\"support@talkpal.ai\",\"legalName\":\"Talkpal, Inc.\",\"foundingDate\":\"2023-04-03\",\"duns\":\"118989042\",\"numberOfEmployees\":{\"@type\":\"QuantitativeValue\",\"minValue\":\"11\",\"maxValue\":\"50\"},\"publishingPrinciples\":\"https:\/\/talkpal.ai\/publishing-principles\/\",\"actionableFeedbackPolicy\":\"https:\/\/talkpal.ai\/actionable-feedback-policy\/\",\"correctionsPolicy\":\"https:\/\/talkpal.ai\/corrections-policy\/\",\"ethicsPolicy\":\"https:\/\/talkpal.ai\/ethics-policy\/\",\"diversityPolicy\":\"https:\/\/talkpal.ai\/diversity-policy\/\",\"diversityStaffingReport\":\"https:\/\/talkpal.ai\/diversity-policy\/\"}]}<\/script>\n<!-- \/ Yoast SEO Premium plugin. -->","yoast_head_json":{"title":"Armenska m\u00e1lfr\u00e6\u00f0i - Talkpal","description":"Opna\u00f0u leyndard\u00f3ma armenskrar m\u00e1lfr\u00e6\u00f0i og sko\u00f0a\u00f0u r\u00edka menningu Armen\u00edu \u00e1 me\u00f0an \u00fe\u00fa n\u00e6r\u00f0 t\u00f6kum \u00e1 \u00feessu heillandi tungum\u00e1li.","robots":{"index":"index","follow":"follow","max-snippet":"max-snippet:-1","max-image-preview":"max-image-preview:large","max-video-preview":"max-video-preview:-1"},"canonical":"https:\/\/talkpal.ai\/is\/armenska-malfraedi\/","og_locale":"is_IS","og_type":"article","og_title":"Armenska m\u00e1lfr\u00e6\u00f0i","og_description":"Uppg\u00f6tva\u00f0u au\u00f0leg\u00f0 armenska m\u00e1lfr\u00e6\u00f0i Armenska, einstakt og heillandi tungum\u00e1l, skipar s\u00e9rstakan sess \u00ed ind\u00f3evr\u00f3psku fj\u00f6lskyldunni. A\u00f0 l\u00e6ra armensku au\u00f0gar","og_url":"https:\/\/talkpal.ai\/is\/armenska-malfraedi\/","og_site_name":"Talkpal","article_publisher":"https:\/\/www.facebook.com\/profile.php?id=100090733639311","article_modified_time":"2025-05-21T10:55:26+00:00","og_image":[{"width":512,"height":512,"url":"https:\/\/talkpal.ai\/wp-content\/uploads\/2023\/05\/armenia.png","type":"image\/png"}],"twitter_card":"summary_large_image","twitter_site":"@talkpalai","twitter_misc":{"Est. reading time":"3 minutes"},"schema":{"@context":"https:\/\/schema.org","@graph":[{"@type":"WebPage","@id":"https:\/\/talkpal.ai\/is\/armenska-malfraedi\/","url":"https:\/\/talkpal.ai\/is\/armenska-malfraedi\/","name":"Armenska m\u00e1lfr\u00e6\u00f0i - Talkpal","isPartOf":{"@id":"https:\/\/talkpal.ai\/is\/#website"},"primaryImageOfPage":{"@id":"https:\/\/talkpal.ai\/is\/armenska-malfraedi\/#primaryimage"},"image":{"@id":"https:\/\/talkpal.ai\/is\/armenska-malfraedi\/#primaryimage"},"thumbnailUrl":"https:\/\/talkpal.ai\/wp-content\/uploads\/2023\/05\/armenia.png","datePublished":"2023-05-14T13:54:14+00:00","dateModified":"2025-05-21T10:55:26+00:00","description":"Opna\u00f0u leyndard\u00f3ma armenskrar m\u00e1lfr\u00e6\u00f0i og sko\u00f0a\u00f0u r\u00edka menningu Armen\u00edu \u00e1 me\u00f0an \u00fe\u00fa n\u00e6r\u00f0 t\u00f6kum \u00e1 \u00feessu heillandi tungum\u00e1li.","breadcrumb":{"@id":"https:\/\/talkpal.ai\/is\/armenska-malfraedi\/#breadcrumb"},"inLanguage":"is","potentialAction":[{"@type":"ReadAction","target":["https:\/\/talkpal.ai\/is\/armenska-malfraedi\/"]}]},{"@type":"ImageObject","inLanguage":"is","@id":"https:\/\/talkpal.ai\/is\/armenska-malfraedi\/#primaryimage","url":"https:\/\/talkpal.ai\/wp-content\/uploads\/2023\/05\/armenia.png","contentUrl":"https:\/\/talkpal.ai\/wp-content\/uploads\/2023\/05\/armenia.png","width":512,"height":512},{"@type":"BreadcrumbList","@id":"https:\/\/talkpal.ai\/is\/armenska-malfraedi\/#breadcrumb","itemListElement":[{"@type":"ListItem","position":1,"name":"Homepage","item":"https:\/\/talkpal.ai\/is\/"},{"@type":"ListItem","position":2,"name":"Armenska m\u00e1lfr\u00e6\u00f0i"}]},{"@type":"WebSite","@id":"https:\/\/talkpal.ai\/is\/#website","url":"https:\/\/talkpal.ai\/is\/","name":"Talkpal","description":"AI Language Learning","publisher":{"@id":"https:\/\/talkpal.ai\/is\/#organization"},"alternateName":"Talkpal AI","potentialAction":[{"@type":"SearchAction","target":{"@type":"EntryPoint","urlTemplate":"https:\/\/talkpal.ai\/is\/?s={search_term_string}"},"query-input":{"@type":"PropertyValueSpecification","valueRequired":true,"valueName":"search_term_string"}}],"inLanguage":"is"},{"@type":"Organization","@id":"https:\/\/talkpal.ai\/is\/#organization","name":"Talkpal, Inc.","alternateName":"Talkpal AI","url":"https:\/\/talkpal.ai\/is\/","logo":{"@type":"ImageObject","inLanguage":"is","@id":"https:\/\/talkpal.ai\/is\/#\/schema\/logo\/image\/","url":"https:\/\/talkpal.ai\/wp-content\/uploads\/2024\/03\/Talkpal-Logo-Icon.png","contentUrl":"https:\/\/talkpal.ai\/wp-content\/uploads\/2024\/03\/Talkpal-Logo-Icon.png","width":2880,"height":2880,"caption":"Talkpal, Inc."},"image":{"@id":"https:\/\/talkpal.ai\/is\/#\/schema\/logo\/image\/"},"sameAs":["https:\/\/www.facebook.com\/profile.php?id=100090733639311","https:\/\/x.com\/talkpalai","https:\/\/www.linkedin.com\/company\/talkpal\/","https:\/\/www.youtube.com\/@TalkPal\/","https:\/\/www.tiktok.com\/@talkpal","https:\/\/www.instagram.com\/talkpal_ai\/","https:\/\/www.crunchbase.com\/organization\/talkpal-9cde","https:\/\/www.g2.com\/products\/talkpal-for-business\/","https:\/\/www.trustpilot.com\/review\/talkpal.ai","https:\/\/www.capterra.com\/p\/10006800\/TalkPal\/"],"description":"Talkpal is a language learning web and mobile education app, powered by the latest AI technologies, that provides engaging experiences to its customers in many different languages to help them improve their language skills. Users can chat about unlimited amount of topics with the app and use other modes to practice their language learning.","email":"support@talkpal.ai","legalName":"Talkpal, Inc.","foundingDate":"2023-04-03","duns":"118989042","numberOfEmployees":{"@type":"QuantitativeValue","minValue":"11","maxValue":"50"},"publishingPrinciples":"https:\/\/talkpal.ai\/publishing-principles\/","actionableFeedbackPolicy":"https:\/\/talkpal.ai\/actionable-feedback-policy\/","correctionsPolicy":"https:\/\/talkpal.ai\/corrections-policy\/","ethicsPolicy":"https:\/\/talkpal.ai\/ethics-policy\/","diversityPolicy":"https:\/\/talkpal.ai\/diversity-policy\/","diversityStaffingReport":"https:\/\/talkpal.ai\/diversity-policy\/"}]}},"_links":{"self":[{"href":"https:\/\/talkpal.ai\/is\/wp-json\/wp\/v2\/pages\/140437","targetHints":{"allow":["GET"]}}],"collection":[{"href":"https:\/\/talkpal.ai\/is\/wp-json\/wp\/v2\/pages"}],"about":[{"href":"https:\/\/talkpal.ai\/is\/wp-json\/wp\/v2\/types\/page"}],"author":[{"embeddable":true,"href":"https:\/\/talkpal.ai\/is\/wp-json\/wp\/v2\/users\/1"}],"replies":[{"embeddable":true,"href":"https:\/\/talkpal.ai\/is\/wp-json\/wp\/v2\/comments?post=140437"}],"version-history":[{"count":0,"href":"https:\/\/talkpal.ai\/is\/wp-json\/wp\/v2\/pages\/140437\/revisions"}],"wp:featuredmedia":[{"embeddable":true,"href":"https:\/\/talkpal.ai\/is\/wp-json\/wp\/v2\/media\/109141"}],"wp:attachment":[{"href":"https:\/\/talkpal.ai\/is\/wp-json\/wp\/v2\/media?parent=140437"}],"curies":[{"name":"wp","href":"https:\/\/api.w.org\/{rel}","templated":true}]}}