{"id":140141,"date":"2023-05-14T13:53:48","date_gmt":"2023-05-14T13:53:48","guid":{"rendered":"http:\/\/talkpal.ai\/aserbaidsjanska-malfraedi\/"},"modified":"2025-05-22T08:24:19","modified_gmt":"2025-05-22T08:24:19","slug":"aserbaidsjanska-malfraedi","status":"publish","type":"page","link":"https:\/\/talkpal.ai\/is\/aserbaidsjanska-malfraedi\/","title":{"rendered":"Aserba\u00eddsjanska m\u00e1lfr\u00e6\u00f0i"},"content":{"rendered":"\r\n\r\n\r\n<section class=\"languageChallengeSection\">\r\n    <div class=\"languageInfoWrapper\">\r\n        \r\n        <h1>Aserba\u00eddsjanska m\u00e1lfr\u00e6\u00f0i<\/h1>\r\n        <p>Tilb\u00fainn\/n a\u00f0 nj\u00f3ta fegur\u00f0ar aserska tungum\u00e1lsins? Kaf\u00f0u \u00fe\u00e9r ofan \u00ed aserska <a href=\"https:\/\/talkpal.ai\/grammar\/\">m\u00e1lfr\u00e6\u00f0i<\/a> og uppg\u00f6tva\u00f0u einstaka uppbyggingu hennar, allt fr\u00e1 s\u00e9rhlj\u00f3\u00f0asamhlj\u00f3mi til tj\u00e1ningarfullra sagna. Byrja\u00f0u a\u00f0 l\u00e6ra \u00ed dag og upplif\u00f0u hvernig \u00fea\u00f0 a\u00f0 n\u00e1 t\u00f6kum \u00e1 m\u00e1lfr\u00e6\u00f0i opnar \u00fe\u00e9r lei\u00f0 til reiprennandi samr\u00e6\u00f0na og d\u00fdpri skilnings \u00e1 aserska menningu!<\/p>\r\n\r\n                            <a class=\"getStartedHidden\" href=\"https:\/\/app.talkpal.ai\/signup?lng=\">Byrja\u00f0u<\/a>\r\n        \r\n    <\/div>\r\n\r\n    <figure>\r\n    <img decoding=\"async\" width=\"768\" height=\"768\" src=\"https:\/\/talkpal.ai\/wp-content\/uploads\/2023\/06\/azerbaijani-768x768.png\" class=\"languageImage no-lazy\" alt=\"Language learning for enhanced cognitive skills\" fetchpriority=\"high\" sizes=\"(max-width: 768px) 150px, 768px\" srcset=\"https:\/\/talkpal.ai\/wp-content\/uploads\/2023\/06\/azerbaijani-768x768.png 768w, https:\/\/talkpal.ai\/wp-content\/uploads\/2023\/06\/azerbaijani-300x300.png 300w\" \/>\r\n    \r\n\r\n    <\/figure>\r\n\r\n            <a class=\"getStartedVisible\" href=\"https:\/\/app.talkpal.ai\/signup?lng=\">Byrja\u00f0u<\/a>\r\n    \r\n<\/section>\r\n<section class=\"promotionalBanner\">\r\n    <p class=\"promotionalText\">Skilvirkasta lei\u00f0in til a\u00f0 l\u00e6ra tungum\u00e1l<\/p>\r\n    <a class=\"promotionalLink\" href=\"https:\/\/app.talkpal.ai\/signup?lng=\">Pr\u00f3fa\u00f0u Talkpal \u00f3keypis<\/a>\r\n<\/section>\n<div class=\"wp-block-group pageContainerStyle\"><div class=\"wp-block-group__inner-container is-layout-constrained wp-block-group-is-layout-constrained\">\n<h2 class=\"wp-block-heading\" id=\"h-a-comprehensive-guide-to-azerbaijani-grammar\">Alhli\u00f0a lei\u00f0arv\u00edsir um m\u00e1lfr\u00e6\u00f0i Aserba\u00eddsjan<\/h2>\n\n\n\n<p>Hefur \u00fe\u00e9r einhvern t\u00edma dotti\u00f0 \u00ed hug a\u00f0 l\u00e6ra aserba\u00eddsjansku? Sem opinbert tungum\u00e1l <a href=\"https:\/\/talkpal.ai\/learn-azerbaijani\/\">Aserba\u00eddsjan<\/a> og tala\u00f0 af millj\u00f3num manna \u00e1 K\u00e1kasus sv\u00e6\u00f0inu er Aserba\u00eddsjanska einstakt og heillandi tungum\u00e1l. Me\u00f0 r\u00edka s\u00f6gu, fj\u00f6lbreytta menningu og bl\u00f6ndu af \u00e1hrifum fr\u00e1 tyrknesku, r\u00fassnesku og persnesku tungum\u00e1lum veitir Aserba\u00eddsjanska einstaka tungum\u00e1laupplifun. En \u0137ttastu ekki, vinur minn! \u00cd \u00feessari grein munum vi\u00f0 afhj\u00fapa undur aserba\u00eddsjanskrar m\u00e1lfr\u00e6\u00f0i, <a href=\"https:\/\/talkpal.ai\/locations\/language-courses-in-gera\/\">gera<\/a> \u00fea\u00f0 a\u00f0gengilegt og \u00feora \u00e9g a\u00f0 segja, skemmtilegt fyrir tungum\u00e1la\u00e1hugamenn eins og \u00feig.<\/p>\n\n\n\n<p><strong>Vi\u00f0 skulum byrja, eigum vi\u00f0 \u00fea\u00f0?<\/strong><\/p>\n\n\n\n<h3 class=\"wp-block-heading\" id=\"h-1-the-azerbaijani-alphabet-a-fusion-of-beauty-and-simplicity\">1. Aserba\u00eddsjanska stafr\u00f3fi\u00f0: Samruni fegur\u00f0ar og einfaldleika<\/h3>\n\n\n\n<p>Aserba\u00eddsjanska stafr\u00f3fi\u00f0 er byggt \u00e1 latnesku letri, sem samanstendur af 32 b\u00f3kst\u00f6fum. Ekki hafa \u00e1hyggjur, \u00fe\u00fa \u00fearft ekki a\u00f0 r\u00e1\u00f0a dulm\u00e1lsstafi, \u00fear sem \u00fea\u00f0 l\u00edkist <a href=\"https:\/\/talkpal.ai\/learn-english-with-ai\/\">enska<\/a> stafr\u00f3finu mj\u00f6g. Sumir stafir hafa hins vegar einstaka kommur og diacritical merki til a\u00f0 t\u00e1kna tiltekin Azerbaijani hlj\u00f3\u00f0. Hver er lykillinn? A\u00f0 n\u00e1 t\u00f6kum \u00e1 stafr\u00f3finu er fyrsta litla en nau\u00f0synlega skrefi\u00f0 \u00ed a\u00f0 l\u00e6ra tungum\u00e1li\u00f0.<\/p>\n\n\n\n<h3 class=\"wp-block-heading\" id=\"h-2-word-order-simple-as-s-o-v\">2. Word Order: Einfalt eins og SOV!<\/h3>\n\n\n\n<p>\u00d3l\u00edkt ensku, sem fylgir efnis-verb-object (SVO) or\u00f0ar\u00f6\u00f0, er aserba\u00eddsjanska SOV tungum\u00e1l. \u00dea\u00f0 \u00fe\u00fd\u00f0ir a\u00f0 \u00fe\u00fa finnur venjulega efni\u00f0 \u00ed upphafi setningar, s\u00ed\u00f0an hlutnum og endar \u00e1 s\u00f6gninni. \u00deetta g\u00e6ti virst svol\u00edti\u00f0 skr\u00edti\u00f0 \u00ed fyrstu, en tr\u00fa\u00f0u m\u00e9r, \u00fe\u00fa munt n\u00e1 t\u00f6kum \u00e1 \u00feessu \u00e1 sk\u00f6mmum t\u00edma! Til d\u00e6mis, \u00e1 ensku, segjum vi\u00f0 \u201e\u00c9g elska Azerbaijan\u201c. \u00c1 aserba\u00eddsjan v\u00e6ri setningin \u201eM\u0259n Az\u0259rbaycan\u0131 sevir\u0259m\u201c (b\u00f3kstaflega \u201e\u00e9g aserba\u00eddsjan elska\u201c). Stykki af k\u00f6ku, ekki satt?<\/p>\n\n\n\n<h3 class=\"wp-block-heading\" id=\"h-3-noun-cases-a-colorful-display-of-linguistic-variety\">3. Nafnor\u00f0am\u00e1l: litr\u00edk s\u00fdning \u00e1 tungum\u00e1lafj\u00f6lbreytni<\/h3>\n\n\n\n<p>Einn mest \u00e1berandi eiginleiki aserba\u00eddsjanskrar m\u00e1lfr\u00e6\u00f0i eru nafnor\u00f0atilfelli \u00feess. Tungum\u00e1li\u00f0 st\u00e1tar af sex a\u00f0skildum tilvikum, sem hvert \u00fej\u00f3nar \u00e1kve\u00f0nu hlutverki. \u00deetta eru: nafnor\u00f0, genitive, dative, accusative, locative og ablative. \u00dea\u00f0 kann a\u00f0 hlj\u00f3ma \u00f3gnvekjandi, en \u00f3ttastu ekki! R\u00e9tt eins og a\u00f0 m\u00e1la mynd me\u00f0 mismunandi litum, b\u00e6ta \u00feessi m\u00e1l d\u00fdpt og merkingu vi\u00f0 setningarnar \u00fe\u00ednar. Til d\u00e6mis getur \u201ekitab\u201c (b\u00f3k) breyst \u00ed \u201ekitab\u0131n\u201c (b\u00f3karinnar) til a\u00f0 koma eignum \u00e1 framf\u00e6ri. \u00deegar \u00fe\u00fa kynnir \u00fe\u00e9r \u00feessi m\u00e1l sm\u00e1m saman, muntu <a href=\"https:\/\/talkpal.ai\/ko\/ai-%ec%96%b8%ec%96%b4-%ea%b5%90%ec%82%ac\/\">byrja<\/a> a\u00f0 meta mikilv\u00e6gi \u00feeirra \u00ed tungum\u00e1linu.<\/p>\n\n\n\n<h3 class=\"wp-block-heading\" id=\"h-4-verb-conjugation-express-yourself-with-ease\">4. Sagnbeyging: Tj\u00e1\u00f0u \u00feig au\u00f0veldlega<\/h3>\n\n\n\n<p>Aserba\u00eddsjanskar sagnir eru r\u00edkar og svipmiklar, sem gerir \u00fe\u00e9r kleift a\u00f0 koma \u00e1 framf\u00e6ri fj\u00f6lm\u00f6rgum a\u00f0ger\u00f0um, tilfinningum, fyrir\u00e6tlunum og fleiru. Lykillinn a\u00f0 \u00fev\u00ed a\u00f0 n\u00e1 t\u00f6kum \u00e1 aserba\u00eddsjanskri sagnbeygingu liggur \u00ed \u00fev\u00ed a\u00f0 skilja \u00f3endanlega formi\u00f0 (grunn, \u00f3samtengt form sagnarinnar) og \u00fdmis vi\u00f0skeyti sem gefa til kynna spennu, pers\u00f3nu og t\u00f6lu. Til d\u00e6mis getur \u00f3endanlegur \u201eg\u00f6rm\u0259k\u201c (a\u00f0 sj\u00e1) or\u00f0i\u00f0 \u201eg\u00f6r\u00fcr\u0259m\u201c (\u00e9g s\u00e9) e\u00f0a \u201eg\u00f6rd\u00fcm\u201c (\u00e9g s\u00e1) \u00ed gegnum t\u00f6fra samtengingar. \u00c6fingin skapar meistarann, svo haltu \u00e1fram og \u00fe\u00fa munt ver\u00f0a sagnbeygingarf\u00edfl \u00e1 sk\u00f6mmum t\u00edma!<\/p>\n\n\n\n<h3 class=\"wp-block-heading\" id=\"h-5-it-s-all-about-the-context-dig-deep-into-the-azerbaijani-mindset\">5. \u00deetta sn\u00fdst allt um samhengi\u00f0: grafi\u00f0 dj\u00fapt inn \u00ed aserska hugarfari\u00f0!<\/h3>\n\n\n\n<p>\u00deegar \u00fe\u00fa byrjar a\u00f0 setja saman setningar og s\u00f6kkva \u00fe\u00e9r ni\u00f0ur \u00ed aserba\u00eddsjanska tungum\u00e1li\u00f0, haf\u00f0u alltaf \u00ed huga a\u00f0 samhengi skiptir sk\u00f6pum. Aserba\u00eddsjanska menning, <a href=\"https:\/\/talkpal.ai\/locations\/language-courses-in-saga\/\">saga<\/a> og heimsmynd eiga st\u00f3ran \u00fe\u00e1tt \u00ed a\u00f0 m\u00f3ta tungum\u00e1li\u00f0. \u00deess vegna, eins og \u00feeir segja, &#8222;\u00feegar \u00fe\u00fa ert \u00ed R\u00f3m, ger\u00f0u eins og R\u00f3mverjar gera.&#8220; Kafa\u00f0u \u00ed hugarfar Aserba\u00eddsjan til a\u00f0 f\u00e1 sanna tilfinningu fyrir tungum\u00e1linu. Taktu \u00fe\u00e1tt \u00ed m\u00f3\u00f0urm\u00e1li, kanna\u00f0u sta\u00f0bundnar b\u00f3kmenntir og tileinka\u00f0u \u00fe\u00e9r s\u00e9rkenni tungum\u00e1lsins. Treystu m\u00e9r, \u00fe\u00fa munt ekki a\u00f0eins b\u00e6ta tungum\u00e1lakunn\u00e1ttu \u00fe\u00edna heldur einnig \u00f6\u00f0last \u00f3gleymanlega upplifun og minningar.<\/p>\n\n\n\n<p>A\u00f0 lokum g\u00e6ti m\u00e1lfr\u00e6\u00f0i Aserba\u00eddsjan virst krefjandi \u00ed fyrstu, en me\u00f0 hollustu, \u00e6fingu og brennandi \u00e1huga \u00e1 menningunni muntu ver\u00f0a atvinnuma\u00f0ur \u00e1 sk\u00f6mmum t\u00edma! Af hverju a\u00f0 b\u00ed\u00f0a? Taktu t\u00e6kif\u00e6ri\u00f0 og legg\u00f0u af sta\u00f0 \u00ed \u00feetta spennandi tungum\u00e1la\u00e6vint\u00fdri sem mun skilja \u00feig eftir \u00ed lotningu fyrir fegur\u00f0 og d\u00fdpt aserba\u00eddsjanska tungum\u00e1lsins.<\/p>\n<\/div><\/div>\n\r\n<section class=\"learnNavigationSection\">\r\n            \r\n        <a href=\"https:\/\/talkpal.ai\/is\/laerdu-aserbaidsjanska\/\">\r\n            <div class=\"learnNavigationWrapper\">\r\n                <div class=\"learnNavigationContent\">\r\n                    <img decoding=\"async\" src=\"https:\/\/talkpal.ai\/wp-content\/uploads\/2024\/08\/Azerbaijani.jpg\" alt=\"Azerbaijani Flag\">\r\n                    <div>\r\n                        <h4>Um Aserba\u00eddsjan n\u00e1m<\/h4>\r\n                        <p>Finndu \u00fat allt um Azerbaijani m\u00e1lfr\u00e6\u00f0i.<\/p>\r\n                    <\/div>\r\n                <\/div>\r\n            <\/div>\r\n        <\/a>\r\n\r\n        \r\n        <a href=\"https:\/\/talkpal.ai\/is\/azerbaijani-malfraedi-aefingar\/\">\r\n            <div class=\"learnNavigationWrapper\">\r\n                <div class=\"learnNavigationContent\">\r\n                    <img decoding=\"async\" src=\"https:\/\/talkpal.ai\/wp-content\/uploads\/2024\/08\/Azerbaijani.jpg\" alt=\"Azerbaijani Flag\">\r\n                    <div>\r\n                        <h4>Aserba\u00eddsjan m\u00e1lfr\u00e6\u00f0i\u00e6fing<\/h4>\r\n                        <p>\u00c6f\u00f0u aserba\u00eddsjanska m\u00e1lfr\u00e6\u00f0i.<\/p>\r\n                    <\/div>\r\n                <\/div>\r\n            <\/div>\r\n        <\/a>\r\n\r\n        \r\n        <a href=\"https:\/\/talkpal.ai\/vocabulary_language\/azerbaijani\/\">\r\n            <div class=\"learnNavigationWrapper\">\r\n                <div class=\"learnNavigationContent\">\r\n                    <img decoding=\"async\" src=\"https:\/\/talkpal.ai\/wp-content\/uploads\/2024\/08\/Azerbaijani.jpg\" alt=\"Azerbaijani Flag\">\r\n                    <div>\r\n                        <h4>Aserba\u00eddsjan or\u00f0afor\u00f0a<\/h4>\r\n                        <p>St\u00e6kka\u00f0u aserska or\u00f0afor\u00f0a \u00feinn.<\/p>\r\n                    <\/div>\r\n                <\/div>\r\n            <\/div>\r\n        <\/a>\r\n\r\n            <\/section>","protected":false},"excerpt":{"rendered":"<p>Alhli\u00f0a lei\u00f0arv\u00edsir um m\u00e1lfr\u00e6\u00f0i Aserba\u00eddsjan Hefur \u00fe\u00e9r einhvern t\u00edma dotti\u00f0 \u00ed hug a\u00f0 l\u00e6ra aserba\u00eddsjansku? Sem opinbert tungum\u00e1l Aserba\u00eddsjan og tala\u00f0 af millj\u00f3num manna \u00e1 K\u00e1kasus sv\u00e6\u00f0inu er Aserba\u00eddsjanska einstakt og heillandi tungum\u00e1l. Me\u00f0 r\u00edka s\u00f6gu, fj\u00f6lbreytta menningu og bl\u00f6ndu af \u00e1hrifum fr\u00e1 tyrknesku, r\u00fassnesku og persnesku tungum\u00e1lum veitir Aserba\u00eddsjanska einstaka tungum\u00e1laupplifun. En \u0137ttastu ekki, [&hellip;]<\/p>\n","protected":false},"author":1,"featured_media":109441,"parent":0,"menu_order":0,"comment_status":"closed","ping_status":"closed","template":"LearningContentPage.php","meta":{"_acf_changed":false,"footnotes":""},"class_list":["post-140141","page","type-page","status-publish","has-post-thumbnail","hentry"],"acf":[],"yoast_head":"<!-- This site is optimized with the Yoast SEO Premium plugin v27.2 (Yoast SEO v27.2) - https:\/\/yoast.com\/product\/yoast-seo-premium-wordpress\/ -->\n<title>Aserba\u00eddsjanska m\u00e1lfr\u00e6\u00f0i - Talkpal<\/title>\n<meta name=\"description\" content=\"N\u00e1\u00f0u t\u00f6kum \u00e1 aserb\u00f6nsku m\u00e1lfr\u00e6\u00f0i \u00e1reynslulaust me\u00f0 Talkpal , gervigreindarkn\u00fanum kennara \u00fe\u00ednum. Uppg\u00f6tva\u00f0u einfaldar \u00fatsk\u00fdringar, gagnvirkar \u00e6fingar og hagn\u00fdt r\u00e1\u00f0\" \/>\n<meta name=\"robots\" content=\"index, follow, max-snippet:-1, max-image-preview:large, max-video-preview:-1\" \/>\n<link rel=\"canonical\" href=\"https:\/\/talkpal.ai\/is\/aserbaidsjanska-malfraedi\/\" \/>\n<meta property=\"og:locale\" content=\"is_IS\" \/>\n<meta property=\"og:type\" content=\"article\" \/>\n<meta property=\"og:title\" content=\"Aserba\u00eddsjanska m\u00e1lfr\u00e6\u00f0i\" \/>\n<meta property=\"og:description\" content=\"Alhli\u00f0a lei\u00f0arv\u00edsir um m\u00e1lfr\u00e6\u00f0i Aserba\u00eddsjan Hefur \u00fe\u00e9r einhvern t\u00edma dotti\u00f0 \u00ed hug a\u00f0 l\u00e6ra aserba\u00eddsjansku? Sem opinbert tungum\u00e1l Aserba\u00eddsjan og tala\u00f0 af\" \/>\n<meta property=\"og:url\" content=\"https:\/\/talkpal.ai\/is\/aserbaidsjanska-malfraedi\/\" \/>\n<meta property=\"og:site_name\" content=\"Talkpal\" \/>\n<meta property=\"article:publisher\" content=\"https:\/\/www.facebook.com\/profile.php?id=100090733639311\" \/>\n<meta property=\"article:modified_time\" content=\"2025-05-22T08:24:19+00:00\" \/>\n<meta property=\"og:image\" content=\"https:\/\/talkpal.ai\/wp-content\/uploads\/2023\/05\/azerbaijan.png\" \/>\n\t<meta property=\"og:image:width\" content=\"512\" \/>\n\t<meta property=\"og:image:height\" content=\"512\" \/>\n\t<meta property=\"og:image:type\" content=\"image\/png\" \/>\n<meta name=\"twitter:card\" content=\"summary_large_image\" \/>\n<meta name=\"twitter:site\" content=\"@talkpalai\" \/>\n<meta name=\"twitter:label1\" content=\"Est. reading time\" \/>\n\t<meta name=\"twitter:data1\" content=\"3 minutes\" \/>\n<script type=\"application\/ld+json\" class=\"yoast-schema-graph\">{\"@context\":\"https:\/\/schema.org\",\"@graph\":[{\"@type\":\"WebPage\",\"@id\":\"https:\/\/talkpal.ai\/is\/aserbaidsjanska-malfraedi\/\",\"url\":\"https:\/\/talkpal.ai\/is\/aserbaidsjanska-malfraedi\/\",\"name\":\"Aserba\u00eddsjanska m\u00e1lfr\u00e6\u00f0i - Talkpal\",\"isPartOf\":{\"@id\":\"https:\/\/talkpal.ai\/is\/#website\"},\"primaryImageOfPage\":{\"@id\":\"https:\/\/talkpal.ai\/is\/aserbaidsjanska-malfraedi\/#primaryimage\"},\"image\":{\"@id\":\"https:\/\/talkpal.ai\/is\/aserbaidsjanska-malfraedi\/#primaryimage\"},\"thumbnailUrl\":\"https:\/\/talkpal.ai\/wp-content\/uploads\/2023\/05\/azerbaijan.png\",\"datePublished\":\"2023-05-14T13:53:48+00:00\",\"dateModified\":\"2025-05-22T08:24:19+00:00\",\"description\":\"N\u00e1\u00f0u t\u00f6kum \u00e1 aserb\u00f6nsku m\u00e1lfr\u00e6\u00f0i \u00e1reynslulaust me\u00f0 Talkpal , gervigreindarkn\u00fanum kennara \u00fe\u00ednum. Uppg\u00f6tva\u00f0u einfaldar \u00fatsk\u00fdringar, gagnvirkar \u00e6fingar og hagn\u00fdt r\u00e1\u00f0\",\"breadcrumb\":{\"@id\":\"https:\/\/talkpal.ai\/is\/aserbaidsjanska-malfraedi\/#breadcrumb\"},\"inLanguage\":\"is\",\"potentialAction\":[{\"@type\":\"ReadAction\",\"target\":[\"https:\/\/talkpal.ai\/is\/aserbaidsjanska-malfraedi\/\"]}]},{\"@type\":\"ImageObject\",\"inLanguage\":\"is\",\"@id\":\"https:\/\/talkpal.ai\/is\/aserbaidsjanska-malfraedi\/#primaryimage\",\"url\":\"https:\/\/talkpal.ai\/wp-content\/uploads\/2023\/05\/azerbaijan.png\",\"contentUrl\":\"https:\/\/talkpal.ai\/wp-content\/uploads\/2023\/05\/azerbaijan.png\",\"width\":512,\"height\":512},{\"@type\":\"BreadcrumbList\",\"@id\":\"https:\/\/talkpal.ai\/is\/aserbaidsjanska-malfraedi\/#breadcrumb\",\"itemListElement\":[{\"@type\":\"ListItem\",\"position\":1,\"name\":\"Homepage\",\"item\":\"https:\/\/talkpal.ai\/is\/\"},{\"@type\":\"ListItem\",\"position\":2,\"name\":\"Aserba\u00eddsjanska m\u00e1lfr\u00e6\u00f0i\"}]},{\"@type\":\"WebSite\",\"@id\":\"https:\/\/talkpal.ai\/is\/#website\",\"url\":\"https:\/\/talkpal.ai\/is\/\",\"name\":\"Talkpal\",\"description\":\"AI Language Learning\",\"publisher\":{\"@id\":\"https:\/\/talkpal.ai\/is\/#organization\"},\"alternateName\":\"Talkpal AI\",\"potentialAction\":[{\"@type\":\"SearchAction\",\"target\":{\"@type\":\"EntryPoint\",\"urlTemplate\":\"https:\/\/talkpal.ai\/is\/?s={search_term_string}\"},\"query-input\":{\"@type\":\"PropertyValueSpecification\",\"valueRequired\":true,\"valueName\":\"search_term_string\"}}],\"inLanguage\":\"is\"},{\"@type\":\"Organization\",\"@id\":\"https:\/\/talkpal.ai\/is\/#organization\",\"name\":\"Talkpal, Inc.\",\"alternateName\":\"Talkpal AI\",\"url\":\"https:\/\/talkpal.ai\/is\/\",\"logo\":{\"@type\":\"ImageObject\",\"inLanguage\":\"is\",\"@id\":\"https:\/\/talkpal.ai\/is\/#\/schema\/logo\/image\/\",\"url\":\"https:\/\/talkpal.ai\/wp-content\/uploads\/2024\/03\/Talkpal-Logo-Icon.png\",\"contentUrl\":\"https:\/\/talkpal.ai\/wp-content\/uploads\/2024\/03\/Talkpal-Logo-Icon.png\",\"width\":2880,\"height\":2880,\"caption\":\"Talkpal, Inc.\"},\"image\":{\"@id\":\"https:\/\/talkpal.ai\/is\/#\/schema\/logo\/image\/\"},\"sameAs\":[\"https:\/\/www.facebook.com\/profile.php?id=100090733639311\",\"https:\/\/x.com\/talkpalai\",\"https:\/\/www.linkedin.com\/company\/talkpal\/\",\"https:\/\/www.youtube.com\/@TalkPal\/\",\"https:\/\/www.tiktok.com\/@talkpal\",\"https:\/\/www.instagram.com\/talkpal_ai\/\",\"https:\/\/www.crunchbase.com\/organization\/talkpal-9cde\",\"https:\/\/www.g2.com\/products\/talkpal-for-business\/\",\"https:\/\/www.trustpilot.com\/review\/talkpal.ai\",\"https:\/\/www.capterra.com\/p\/10006800\/TalkPal\/\"],\"description\":\"Talkpal is a language learning web and mobile education app, powered by the latest AI technologies, that provides engaging experiences to its customers in many different languages to help them improve their language skills. Users can chat about unlimited amount of topics with the app and use other modes to practice their language learning.\",\"email\":\"support@talkpal.ai\",\"legalName\":\"Talkpal, Inc.\",\"foundingDate\":\"2023-04-03\",\"duns\":\"118989042\",\"numberOfEmployees\":{\"@type\":\"QuantitativeValue\",\"minValue\":\"11\",\"maxValue\":\"50\"},\"publishingPrinciples\":\"https:\/\/talkpal.ai\/publishing-principles\/\",\"actionableFeedbackPolicy\":\"https:\/\/talkpal.ai\/actionable-feedback-policy\/\",\"correctionsPolicy\":\"https:\/\/talkpal.ai\/corrections-policy\/\",\"ethicsPolicy\":\"https:\/\/talkpal.ai\/ethics-policy\/\",\"diversityPolicy\":\"https:\/\/talkpal.ai\/diversity-policy\/\",\"diversityStaffingReport\":\"https:\/\/talkpal.ai\/diversity-policy\/\"}]}<\/script>\n<!-- \/ Yoast SEO Premium plugin. -->","yoast_head_json":{"title":"Aserba\u00eddsjanska m\u00e1lfr\u00e6\u00f0i - Talkpal","description":"N\u00e1\u00f0u t\u00f6kum \u00e1 aserb\u00f6nsku m\u00e1lfr\u00e6\u00f0i \u00e1reynslulaust me\u00f0 Talkpal , gervigreindarkn\u00fanum kennara \u00fe\u00ednum. Uppg\u00f6tva\u00f0u einfaldar \u00fatsk\u00fdringar, gagnvirkar \u00e6fingar og hagn\u00fdt r\u00e1\u00f0","robots":{"index":"index","follow":"follow","max-snippet":"max-snippet:-1","max-image-preview":"max-image-preview:large","max-video-preview":"max-video-preview:-1"},"canonical":"https:\/\/talkpal.ai\/is\/aserbaidsjanska-malfraedi\/","og_locale":"is_IS","og_type":"article","og_title":"Aserba\u00eddsjanska m\u00e1lfr\u00e6\u00f0i","og_description":"Alhli\u00f0a lei\u00f0arv\u00edsir um m\u00e1lfr\u00e6\u00f0i Aserba\u00eddsjan Hefur \u00fe\u00e9r einhvern t\u00edma dotti\u00f0 \u00ed hug a\u00f0 l\u00e6ra aserba\u00eddsjansku? Sem opinbert tungum\u00e1l Aserba\u00eddsjan og tala\u00f0 af","og_url":"https:\/\/talkpal.ai\/is\/aserbaidsjanska-malfraedi\/","og_site_name":"Talkpal","article_publisher":"https:\/\/www.facebook.com\/profile.php?id=100090733639311","article_modified_time":"2025-05-22T08:24:19+00:00","og_image":[{"width":512,"height":512,"url":"https:\/\/talkpal.ai\/wp-content\/uploads\/2023\/05\/azerbaijan.png","type":"image\/png"}],"twitter_card":"summary_large_image","twitter_site":"@talkpalai","twitter_misc":{"Est. reading time":"3 minutes"},"schema":{"@context":"https:\/\/schema.org","@graph":[{"@type":"WebPage","@id":"https:\/\/talkpal.ai\/is\/aserbaidsjanska-malfraedi\/","url":"https:\/\/talkpal.ai\/is\/aserbaidsjanska-malfraedi\/","name":"Aserba\u00eddsjanska m\u00e1lfr\u00e6\u00f0i - Talkpal","isPartOf":{"@id":"https:\/\/talkpal.ai\/is\/#website"},"primaryImageOfPage":{"@id":"https:\/\/talkpal.ai\/is\/aserbaidsjanska-malfraedi\/#primaryimage"},"image":{"@id":"https:\/\/talkpal.ai\/is\/aserbaidsjanska-malfraedi\/#primaryimage"},"thumbnailUrl":"https:\/\/talkpal.ai\/wp-content\/uploads\/2023\/05\/azerbaijan.png","datePublished":"2023-05-14T13:53:48+00:00","dateModified":"2025-05-22T08:24:19+00:00","description":"N\u00e1\u00f0u t\u00f6kum \u00e1 aserb\u00f6nsku m\u00e1lfr\u00e6\u00f0i \u00e1reynslulaust me\u00f0 Talkpal , gervigreindarkn\u00fanum kennara \u00fe\u00ednum. Uppg\u00f6tva\u00f0u einfaldar \u00fatsk\u00fdringar, gagnvirkar \u00e6fingar og hagn\u00fdt r\u00e1\u00f0","breadcrumb":{"@id":"https:\/\/talkpal.ai\/is\/aserbaidsjanska-malfraedi\/#breadcrumb"},"inLanguage":"is","potentialAction":[{"@type":"ReadAction","target":["https:\/\/talkpal.ai\/is\/aserbaidsjanska-malfraedi\/"]}]},{"@type":"ImageObject","inLanguage":"is","@id":"https:\/\/talkpal.ai\/is\/aserbaidsjanska-malfraedi\/#primaryimage","url":"https:\/\/talkpal.ai\/wp-content\/uploads\/2023\/05\/azerbaijan.png","contentUrl":"https:\/\/talkpal.ai\/wp-content\/uploads\/2023\/05\/azerbaijan.png","width":512,"height":512},{"@type":"BreadcrumbList","@id":"https:\/\/talkpal.ai\/is\/aserbaidsjanska-malfraedi\/#breadcrumb","itemListElement":[{"@type":"ListItem","position":1,"name":"Homepage","item":"https:\/\/talkpal.ai\/is\/"},{"@type":"ListItem","position":2,"name":"Aserba\u00eddsjanska m\u00e1lfr\u00e6\u00f0i"}]},{"@type":"WebSite","@id":"https:\/\/talkpal.ai\/is\/#website","url":"https:\/\/talkpal.ai\/is\/","name":"Talkpal","description":"AI Language Learning","publisher":{"@id":"https:\/\/talkpal.ai\/is\/#organization"},"alternateName":"Talkpal AI","potentialAction":[{"@type":"SearchAction","target":{"@type":"EntryPoint","urlTemplate":"https:\/\/talkpal.ai\/is\/?s={search_term_string}"},"query-input":{"@type":"PropertyValueSpecification","valueRequired":true,"valueName":"search_term_string"}}],"inLanguage":"is"},{"@type":"Organization","@id":"https:\/\/talkpal.ai\/is\/#organization","name":"Talkpal, Inc.","alternateName":"Talkpal AI","url":"https:\/\/talkpal.ai\/is\/","logo":{"@type":"ImageObject","inLanguage":"is","@id":"https:\/\/talkpal.ai\/is\/#\/schema\/logo\/image\/","url":"https:\/\/talkpal.ai\/wp-content\/uploads\/2024\/03\/Talkpal-Logo-Icon.png","contentUrl":"https:\/\/talkpal.ai\/wp-content\/uploads\/2024\/03\/Talkpal-Logo-Icon.png","width":2880,"height":2880,"caption":"Talkpal, Inc."},"image":{"@id":"https:\/\/talkpal.ai\/is\/#\/schema\/logo\/image\/"},"sameAs":["https:\/\/www.facebook.com\/profile.php?id=100090733639311","https:\/\/x.com\/talkpalai","https:\/\/www.linkedin.com\/company\/talkpal\/","https:\/\/www.youtube.com\/@TalkPal\/","https:\/\/www.tiktok.com\/@talkpal","https:\/\/www.instagram.com\/talkpal_ai\/","https:\/\/www.crunchbase.com\/organization\/talkpal-9cde","https:\/\/www.g2.com\/products\/talkpal-for-business\/","https:\/\/www.trustpilot.com\/review\/talkpal.ai","https:\/\/www.capterra.com\/p\/10006800\/TalkPal\/"],"description":"Talkpal is a language learning web and mobile education app, powered by the latest AI technologies, that provides engaging experiences to its customers in many different languages to help them improve their language skills. Users can chat about unlimited amount of topics with the app and use other modes to practice their language learning.","email":"support@talkpal.ai","legalName":"Talkpal, Inc.","foundingDate":"2023-04-03","duns":"118989042","numberOfEmployees":{"@type":"QuantitativeValue","minValue":"11","maxValue":"50"},"publishingPrinciples":"https:\/\/talkpal.ai\/publishing-principles\/","actionableFeedbackPolicy":"https:\/\/talkpal.ai\/actionable-feedback-policy\/","correctionsPolicy":"https:\/\/talkpal.ai\/corrections-policy\/","ethicsPolicy":"https:\/\/talkpal.ai\/ethics-policy\/","diversityPolicy":"https:\/\/talkpal.ai\/diversity-policy\/","diversityStaffingReport":"https:\/\/talkpal.ai\/diversity-policy\/"}]}},"_links":{"self":[{"href":"https:\/\/talkpal.ai\/is\/wp-json\/wp\/v2\/pages\/140141","targetHints":{"allow":["GET"]}}],"collection":[{"href":"https:\/\/talkpal.ai\/is\/wp-json\/wp\/v2\/pages"}],"about":[{"href":"https:\/\/talkpal.ai\/is\/wp-json\/wp\/v2\/types\/page"}],"author":[{"embeddable":true,"href":"https:\/\/talkpal.ai\/is\/wp-json\/wp\/v2\/users\/1"}],"replies":[{"embeddable":true,"href":"https:\/\/talkpal.ai\/is\/wp-json\/wp\/v2\/comments?post=140141"}],"version-history":[{"count":0,"href":"https:\/\/talkpal.ai\/is\/wp-json\/wp\/v2\/pages\/140141\/revisions"}],"wp:featuredmedia":[{"embeddable":true,"href":"https:\/\/talkpal.ai\/is\/wp-json\/wp\/v2\/media\/109441"}],"wp:attachment":[{"href":"https:\/\/talkpal.ai\/is\/wp-json\/wp\/v2\/media?parent=140141"}],"curies":[{"name":"wp","href":"https:\/\/api.w.org\/{rel}","templated":true}]}}