{"id":139873,"date":"2023-05-14T13:52:49","date_gmt":"2023-05-14T13:52:49","guid":{"rendered":"http:\/\/talkpal.ai\/russnesk-malfraedi\/"},"modified":"2025-12-13T15:17:26","modified_gmt":"2025-12-13T15:17:26","slug":"russnesk-malfraedi","status":"publish","type":"page","link":"https:\/\/talkpal.ai\/is\/russnesk-malfraedi\/","title":{"rendered":"R\u00fassnesk m\u00e1lfr\u00e6\u00f0i"},"content":{"rendered":"\r\n\r\n\r\n<section class=\"languageChallengeSection\">\r\n    <div class=\"languageInfoWrapper\">\r\n        \r\n        <h1>R\u00fassnesk m\u00e1lfr\u00e6\u00f0i<\/h1>\r\n        <p>Byrja\u00f0u \u00e6vint\u00fdri \u00feitt \u00ed r\u00fassnesku og opna\u00f0u dyr a\u00f0 r\u00edkri menningu og s\u00f6gu. A\u00f0 n\u00e1 g\u00f3\u00f0um t\u00f6kum \u00e1 r\u00fassneskri <a href=\"https:\/\/talkpal.ai\/grammar\/\">m\u00e1lfr\u00e6\u00f0i<\/a> og or\u00f0afor\u00f0a mun auka fer\u00f0a-, starfs- og samskiptam\u00f6guleika \u00fe\u00edna. Byrja\u00f0u a\u00f0 l\u00e6ra r\u00fassnesku \u00ed dag og taktu fyrsta skrefi\u00f0 \u00ed \u00e1tt a\u00f0 reiprennandi tali!\n\n<\/p>\r\n\r\n                            <a class=\"getStartedHidden\" href=\"https:\/\/app.talkpal.ai\/signup?lng=\">Byrja\u00f0u<\/a>\r\n        \r\n    <\/div>\r\n\r\n    <figure>\r\n    <img decoding=\"async\" width=\"768\" height=\"768\" src=\"https:\/\/talkpal.ai\/wp-content\/uploads\/2023\/06\/russian-768x768.png\" class=\"languageImage no-lazy\" alt=\"Language learning for multicultural understanding\" fetchpriority=\"high\" sizes=\"(max-width: 768px) 150px, 768px\" srcset=\"https:\/\/talkpal.ai\/wp-content\/uploads\/2023\/06\/russian-768x768.png 768w, https:\/\/talkpal.ai\/wp-content\/uploads\/2023\/06\/russian-300x300.png 300w\" \/>\r\n    \r\n\r\n    <\/figure>\r\n\r\n            <a class=\"getStartedVisible\" href=\"https:\/\/app.talkpal.ai\/signup?lng=\">Byrja\u00f0u<\/a>\r\n    \r\n<\/section>\r\n<section class=\"promotionalBanner\">\r\n    <p class=\"promotionalText\">Skilvirkasta lei\u00f0in til a\u00f0 l\u00e6ra tungum\u00e1l<\/p>\r\n    <a class=\"promotionalLink\" href=\"https:\/\/app.talkpal.ai\/signup?lng=\">Pr\u00f3fa\u00f0u Talkpal \u00f3keypis<\/a>\r\n<\/section>\n<div class=\"wp-block-group pageContainerStyle\"><div class=\"wp-block-group__inner-container is-layout-constrained wp-block-group-is-layout-constrained\">\n<h1 class=\"wp-block-heading\" id=\"h-russian-grammar-unlock-the-secrets-to-mastering-russian\">R\u00fassnesk m\u00e1lfr\u00e6\u00f0i: Opna\u00f0u leyndarm\u00e1lin til a\u00f0 n\u00e1 t\u00f6kum \u00e1 r\u00fassnesku<\/h1>\n\n\n\n<p>Til hamingju me\u00f0 a\u00f0 taka djarft skref \u00ed \u00e1tt a\u00f0 \u00fev\u00ed a\u00f0 l\u00e6ra r\u00fassnesku! Me\u00f0 meira en 258 millj\u00f3nir h\u00e1talara um allan heim er <a href=\"https:\/\/talkpal.ai\/learn-russian\/\">r\u00fassneska<\/a> heillandi og gefandi tungum\u00e1l sem b\u00fd\u00f0ur upp \u00e1 inns\u00fdn \u00ed r\u00edka menningu og s\u00f6gu. \u00deegar kemur a\u00f0 r\u00fassneskri m\u00e1lfr\u00e6\u00f0i getur \u00fea\u00f0 virst \u00f3gnvekjandi, en \u00f3ttastu ekki! \u00deessi vinalega, byrjendahandb\u00f3k er h\u00e9r til a\u00f0 brj\u00f3ta ni\u00f0ur grundvallaratri\u00f0i r\u00fassneskrar m\u00e1lfr\u00e6\u00f0i \u00e1 einfaldan og gr\u00edpandi h\u00e1tt.<\/p>\n\n\n\n<h3 class=\"wp-block-heading\" id=\"h-1-the-russian-alphabet-your-starting-point\">1. R\u00fassneska stafr\u00f3fi\u00f0: Upphafspunktur \u00feinn<\/h3>\n\n\n\n<p>Lykillinn a\u00f0 \u00fev\u00ed a\u00f0 sigla \u00ed r\u00fassneskri m\u00e1lfr\u00e6\u00f0i er a\u00f0 n\u00e1 t\u00f6kum \u00e1 k\u00fdrill\u00edska stafr\u00f3finu. Me\u00f0 33 b\u00f3kst\u00f6fum, 10 s\u00e9rhlj\u00f3\u00f0um og 21 samhlj\u00f3\u00f0um myndar \u00fea\u00f0 grunninn a\u00f0 lestri, ritun og skilningi \u00e1 tungum\u00e1linu. A\u00f0 kynna \u00fe\u00e9r stafr\u00f3fi\u00f0 mun skapa traustan grunn til a\u00f0 byggja <a href=\"https:\/\/talkpal.ai\/learn-russian\/\">r\u00fassneska<\/a> m\u00e1lfr\u00e6\u00f0ikunn\u00e1ttu \u00fe\u00edna \u00e1.<\/p>\n\n\n\n<h3 class=\"wp-block-heading\" id=\"h-2-nouns-and-cases-the-core-of-russian-grammar\">2. Nafnor\u00f0 og m\u00e1l: Kjarni r\u00fassneskrar m\u00e1lfr\u00e6\u00f0i<\/h3>\n\n\n\n<p><a href=\"https:\/\/talkpal.ai\/russian-grammar\/\">R\u00fassnesk m\u00e1lfr\u00e6\u00f0i<\/a> leggur \u00e1herslu \u00e1 notkun m\u00e1la til a\u00f0 koma merkingu og samhengi \u00e1 framf\u00e6ri. Me\u00f0 sex tilvikum &#8211; nafnor\u00f0, genitive, dative, \u00e1sakandi, instrumental og forsetningu &#8211; breyta r\u00fassnesk nafnor\u00f0 endingu sinni til a\u00f0 s\u00fdna hlutverk sitt \u00ed setningu. \u00deess vegna ver\u00f0ur or\u00f0i\u00f0 r\u00f6\u00f0 minna gagnr\u00fdni\u00f0 en \u00ed ensku. Til d\u00e6mis:<\/p>\n\n\n\n<p>\u00c9g gef vini m\u00ednum b\u00f3k.<\/p>\n\n\n\n<p>r\u00fassneska: \u044f \u0434\u0430\u044e \u0434\u0440\u0443\u0433\u0443 \u043a\u043d\u0438\u0433\u0443 (Ya dayu drugu knigu)<\/p>\n\n\n\n<p>H\u00e9r eru \u201e\u0434\u0440\u0443\u0433\u0443\u201c (til vinar) og \u201e\u043a\u043d\u0438\u0433\u0443\u201c (b\u00f3k) \u00ed Dative og Accusative tilfellum, \u00ed s\u00f6mu r\u00f6\u00f0.<\/p>\n\n\n\n<h3 class=\"wp-block-heading\" id=\"h-3-mastering-gender-and-plurals\">3. A\u00f0 n\u00e1 t\u00f6kum \u00e1 kyni og fleirt\u00f6lu<\/h3>\n\n\n\n<p>\u00cd r\u00fassneskri m\u00e1lfr\u00e6\u00f0i er nafnor\u00f0um \u00fathluta\u00f0 einu af \u00feremur kynjum: karlkyns, kvenkyns e\u00f0a hvorugkyns. Endir nafnor\u00f0s gefur venjulega til kynna kyn \u00feess:<\/p>\n\n\n\n<p>\u2013 Karlkyn: endar \u00e1 samhlj\u00f3\u00f0i e\u00f0a \u201e-\u0439\u201c<\/p>\n\n\n\n<p>\u2013 Kvenlegt: endar \u00e1 \u201e-\u0430\u201c e\u00f0a \u201e-\u044f\u201c<\/p>\n\n\n\n<p>\u2013 Hvorugkyn: endar \u00e1 \u201e-\u043e\u201c e\u00f0a \u201e-\u0435\u201c<\/p>\n\n\n\n<p>Til a\u00f0 mynda fleirt\u00f6lu breytast endingar nafnor\u00f0a eftir kyni \u00feeirra og \u00fev\u00ed m\u00e1li sem \u00feau eru \u00ed.<\/p>\n\n\n\n<h3 class=\"wp-block-heading\" id=\"h-4-conquer-verb-conjugation\">4. Sigra\u00f0u sagnasamtengingu<\/h3>\n\n\n\n<p>Eins og m\u00f6rg tungum\u00e1l breyta r\u00fassneskar sagnir formi (beyging) \u00fat fr\u00e1 spennu, pers\u00f3nu og t\u00f6lu. R\u00fassneskar sagnir koma einnig \u00ed tveimur \u00fe\u00e1ttum: fullkominn og \u00f3fullkominn. Fullkominn \u00fe\u00e1ttur gefur til kynna loki\u00f0 a\u00f0ger\u00f0, en \u00f3fullkominn \u00fe\u00e1ttur v\u00edsar til \u00e1framhaldandi e\u00f0a venjulegra a\u00f0ger\u00f0a.<\/p>\n\n\n\n<p>Til a\u00f0 <a href=\"https:\/\/talkpal.ai\/ko\/ai-%ec%96%b8%ec%96%b4-%ea%b5%90%ec%82%ac\/\">byrja<\/a> skaltu einbeita \u00fe\u00e9r a\u00f0 \u00fev\u00ed a\u00f0 skilja n\u00faverandi spennu\u00ferungna samtengingu fyrir \u00f3fullkomnar sagnir og fort\u00ed\u00f0arspennu fyrir b\u00e1\u00f0a \u00fe\u00e6tti. Til d\u00e6mis:<\/p>\n\n\n\n<p>N\u00fat\u00ed\u00f0 (\u00f3fullkomin): \u042f \u0447\u0438\u0442\u0430\u044e (Ya chitayu) \u2013 \u201e\u00c9g les\u201c e\u00f0a \u201e\u00e9g er a\u00f0 lesa\u201c<\/p>\n\n\n\n<p>\u00de\u00e1t\u00ed\u00f0 (\u00f3fullkomin): \u042f \u0447\u0438\u0442\u0430\u043b (Ya chital) \u2013 \u201e\u00c9g var a\u00f0 lesa\u201c<\/p>\n\n\n\n<p>\u00de\u00e1t\u00ed\u00f0 (fullkomin): \u042f \u043f\u0440\u043e\u0447\u0438\u0442\u0430\u043b (Ya prochital) \u2013 \u201e\u00c9g hef lesi\u00f0\u201c e\u00f0a \u201e\u00e9g las (og kl\u00e1ra\u00f0i)\u201c<\/p>\n\n\n\n<h3 class=\"wp-block-heading\" id=\"h-5-embrace-russian-pronouns\">5. Fa\u00f0ma\u00f0u r\u00fassnesk forn\u00f6fn<\/h3>\n\n\n\n<p>Forn\u00f6fn \u00ed r\u00fassneskri m\u00e1lfr\u00e6\u00f0i koma \u00ed sta\u00f0 nafnor\u00f0a og eru mikilv\u00e6g fyrir flj\u00f3tandi tal. Kafa\u00f0u \u00ed a\u00f0 l\u00e6ra pers\u00f3nuleg og eignarforn\u00f6fn, svo sem:<\/p>\n\n\n\n<p>Pers\u00f3nuforn\u00f6fn: \u044f (I), \u0442\u044b (\u00fe\u00fa, \u00f3formlegt), \u043e\u043d\/\u043e\u043d\u0430\/\u043e\u043d\u043e (hann\/h\u00fan\/\u00fea\u00f0), \u0432\u044b (\u00fe\u00fa, formlegt e\u00f0a fleirt\u00f6lu), \u043c\u044b (vi\u00f0), \u043e\u043d\u0438 (\u00feeir)<\/p>\n\n\n\n<p>Eignarforn\u00f6fn: \u043c\u043e\u0439\/\u043c\u043e\u044f\/\u043c\u043e\u0451 (minn), \u0442\u0432\u043e\u0439\/\u0442\u0432\u043e\u044f\/\u0442\u0432\u043e\u0451 (ur, \u00f3formlegt), \u0435\u0433\u043e\/\u0435\u0451\/\u0438\u0445 (hans\/h\u00fan\/\u00feeirra), \u0432\u0430\u0448\/\u0432\u0430\u0448\u0430\/\u0432\u0430\u0448\u0435 (ur, formlegt e\u00f0a fleirt\u00f6lu), \u043d\u0430\u0448\/\u043d\u0430\u0448\u0430\/\u043d\u0430\u0448\u0435 (okkar)<\/p>\n\n\n\n<p>Ekki gleyma \u00fev\u00ed a\u00f0 r\u00fassnesk forn\u00f6fn \u00feurfa a\u00f0 vera \u00ed samr\u00e6mi vi\u00f0 kyn og fall nafnor\u00f0sins sem \u00feau koma \u00ed sta\u00f0inn fyrir.<\/p>\n\n\n\n<p>Til hamingju! \u00de\u00fa hefur teki\u00f0 fyrstu skrefin \u00ed \u00e1tt a\u00f0 \u00fev\u00ed a\u00f0 n\u00e1 t\u00f6kum \u00e1 ranghala r\u00fassneskrar m\u00e1lfr\u00e6\u00f0i. Mundu a\u00f0 \u00e6fingin er lykilatri\u00f0i, svo kafa\u00f0u d\u00fdpra \u00ed tungum\u00e1li\u00f0, taktu \u00fe\u00e1tt \u00ed m\u00f3\u00f0urm\u00e1li og styrktu n\u00e1msgrunn \u00feinn. \u0423\u0434\u0430\u0447\u0438! (Gangi \u00fe\u00e9r vel!)<\/p>\n<\/div><\/div>\n\r\n<section class=\"learnNavigationSection\">\r\n            \r\n        <a href=\"https:\/\/talkpal.ai\/is\/laerdu-russnesku\/\">\r\n            <div class=\"learnNavigationWrapper\">\r\n                <div class=\"learnNavigationContent\">\r\n                    <img decoding=\"async\" src=\"https:\/\/talkpal.ai\/wp-content\/uploads\/2024\/08\/Russian.jpg\" alt=\"Russian Flag\">\r\n                    <div>\r\n                        <h4>Um r\u00fassneskun\u00e1m<\/h4>\r\n                        <p>Finndu \u00fat allt um r\u00fassneska m\u00e1lfr\u00e6\u00f0i.<\/p>\r\n                    <\/div>\r\n                <\/div>\r\n            <\/div>\r\n        <\/a>\r\n\r\n        \r\n        <a href=\"https:\/\/talkpal.ai\/is\/russneskar-malfraediaefingar\/\">\r\n            <div class=\"learnNavigationWrapper\">\r\n                <div class=\"learnNavigationContent\">\r\n                    <img decoding=\"async\" src=\"https:\/\/talkpal.ai\/wp-content\/uploads\/2024\/08\/Russian.jpg\" alt=\"Russian Flag\">\r\n                    <div>\r\n                        <h4>R\u00fassnesk m\u00e1lfr\u00e6\u00f0i\u00e6fing<\/h4>\r\n                        <p>\u00c6f\u00f0u r\u00fassneska m\u00e1lfr\u00e6\u00f0i.<\/p>\r\n                    <\/div>\r\n                <\/div>\r\n            <\/div>\r\n        <\/a>\r\n\r\n        \r\n        <a href=\"https:\/\/talkpal.ai\/vocabulary_language\/russian\/\">\r\n            <div class=\"learnNavigationWrapper\">\r\n                <div class=\"learnNavigationContent\">\r\n                    <img decoding=\"async\" src=\"https:\/\/talkpal.ai\/wp-content\/uploads\/2024\/08\/Russian.jpg\" alt=\"Russian Flag\">\r\n                    <div>\r\n                        <h4>R\u00fassneskur or\u00f0afor\u00f0i<\/h4>\r\n                        <p>St\u00e6kka\u00f0u r\u00fassneska or\u00f0afor\u00f0a \u00feinn.<\/p>\r\n                    <\/div>\r\n                <\/div>\r\n            <\/div>\r\n        <\/a>\r\n\r\n            <\/section>","protected":false},"excerpt":{"rendered":"<p>R\u00fassnesk m\u00e1lfr\u00e6\u00f0i: Opna\u00f0u leyndarm\u00e1lin til a\u00f0 n\u00e1 t\u00f6kum \u00e1 r\u00fassnesku Til hamingju me\u00f0 a\u00f0 taka djarft skref \u00ed \u00e1tt a\u00f0 \u00fev\u00ed a\u00f0 l\u00e6ra r\u00fassnesku! Me\u00f0 meira en 258 millj\u00f3nir h\u00e1talara um allan heim er r\u00fassneska heillandi og gefandi tungum\u00e1l sem b\u00fd\u00f0ur upp \u00e1 inns\u00fdn \u00ed r\u00edka menningu og s\u00f6gu. \u00deegar kemur a\u00f0 r\u00fassneskri m\u00e1lfr\u00e6\u00f0i getur [&hellip;]<\/p>\n","protected":false},"author":1,"featured_media":108088,"parent":0,"menu_order":0,"comment_status":"closed","ping_status":"closed","template":"LearningContentPage.php","meta":{"_acf_changed":false,"footnotes":""},"class_list":["post-139873","page","type-page","status-publish","has-post-thumbnail","hentry"],"acf":[],"yoast_head":"<!-- This site is optimized with the Yoast SEO Premium plugin v27.2 (Yoast SEO v27.2) - https:\/\/yoast.com\/product\/yoast-seo-premium-wordpress\/ -->\n<title>R\u00fassnesk m\u00e1lfr\u00e6\u00f0i - Talkpal<\/title>\n<meta name=\"description\" content=\"Opna\u00f0u heim r\u00fassneskrar m\u00e1lfr\u00e6\u00f0i me\u00f0 byrjendahandb\u00f3k okkar. N\u00e1\u00f0u t\u00f6kum \u00e1 kyrill\u00edska stafr\u00f3finu og bygg\u00f0u upp tungum\u00e1lakunn\u00e1ttu \u00fe\u00edna.\" \/>\n<meta name=\"robots\" content=\"index, follow, max-snippet:-1, max-image-preview:large, max-video-preview:-1\" \/>\n<link rel=\"canonical\" href=\"https:\/\/talkpal.ai\/is\/russnesk-malfraedi\/\" \/>\n<meta property=\"og:locale\" content=\"is_IS\" \/>\n<meta property=\"og:type\" content=\"article\" \/>\n<meta property=\"og:title\" content=\"R\u00fassnesk m\u00e1lfr\u00e6\u00f0i\" \/>\n<meta property=\"og:description\" content=\"R\u00fassnesk m\u00e1lfr\u00e6\u00f0i: Opna\u00f0u leyndarm\u00e1lin til a\u00f0 n\u00e1 t\u00f6kum \u00e1 r\u00fassnesku Til hamingju me\u00f0 a\u00f0 taka djarft skref \u00ed \u00e1tt a\u00f0 \u00fev\u00ed a\u00f0 l\u00e6ra r\u00fassnesku! Me\u00f0 meira en 258\" \/>\n<meta property=\"og:url\" content=\"https:\/\/talkpal.ai\/is\/russnesk-malfraedi\/\" \/>\n<meta property=\"og:site_name\" content=\"Talkpal\" \/>\n<meta property=\"article:publisher\" content=\"https:\/\/www.facebook.com\/profile.php?id=100090733639311\" \/>\n<meta property=\"article:modified_time\" content=\"2025-12-13T15:17:26+00:00\" \/>\n<meta property=\"og:image\" content=\"https:\/\/talkpal.ai\/wp-content\/uploads\/2023\/04\/rusia.png\" \/>\n\t<meta property=\"og:image:width\" content=\"512\" \/>\n\t<meta property=\"og:image:height\" content=\"512\" \/>\n\t<meta property=\"og:image:type\" content=\"image\/png\" \/>\n<meta name=\"twitter:card\" content=\"summary_large_image\" \/>\n<meta name=\"twitter:site\" content=\"@talkpalai\" \/>\n<meta name=\"twitter:label1\" content=\"Est. reading time\" \/>\n\t<meta name=\"twitter:data1\" content=\"3 minutes\" \/>\n<script type=\"application\/ld+json\" class=\"yoast-schema-graph\">{\"@context\":\"https:\/\/schema.org\",\"@graph\":[{\"@type\":\"WebPage\",\"@id\":\"https:\/\/talkpal.ai\/is\/russnesk-malfraedi\/\",\"url\":\"https:\/\/talkpal.ai\/is\/russnesk-malfraedi\/\",\"name\":\"R\u00fassnesk m\u00e1lfr\u00e6\u00f0i - Talkpal\",\"isPartOf\":{\"@id\":\"https:\/\/talkpal.ai\/is\/#website\"},\"primaryImageOfPage\":{\"@id\":\"https:\/\/talkpal.ai\/is\/russnesk-malfraedi\/#primaryimage\"},\"image\":{\"@id\":\"https:\/\/talkpal.ai\/is\/russnesk-malfraedi\/#primaryimage\"},\"thumbnailUrl\":\"https:\/\/talkpal.ai\/wp-content\/uploads\/2023\/04\/rusia.png\",\"datePublished\":\"2023-05-14T13:52:49+00:00\",\"dateModified\":\"2025-12-13T15:17:26+00:00\",\"description\":\"Opna\u00f0u heim r\u00fassneskrar m\u00e1lfr\u00e6\u00f0i me\u00f0 byrjendahandb\u00f3k okkar. N\u00e1\u00f0u t\u00f6kum \u00e1 kyrill\u00edska stafr\u00f3finu og bygg\u00f0u upp tungum\u00e1lakunn\u00e1ttu \u00fe\u00edna.\",\"breadcrumb\":{\"@id\":\"https:\/\/talkpal.ai\/is\/russnesk-malfraedi\/#breadcrumb\"},\"inLanguage\":\"is\",\"potentialAction\":[{\"@type\":\"ReadAction\",\"target\":[\"https:\/\/talkpal.ai\/is\/russnesk-malfraedi\/\"]}]},{\"@type\":\"ImageObject\",\"inLanguage\":\"is\",\"@id\":\"https:\/\/talkpal.ai\/is\/russnesk-malfraedi\/#primaryimage\",\"url\":\"https:\/\/talkpal.ai\/wp-content\/uploads\/2023\/04\/rusia.png\",\"contentUrl\":\"https:\/\/talkpal.ai\/wp-content\/uploads\/2023\/04\/rusia.png\",\"width\":512,\"height\":512},{\"@type\":\"BreadcrumbList\",\"@id\":\"https:\/\/talkpal.ai\/is\/russnesk-malfraedi\/#breadcrumb\",\"itemListElement\":[{\"@type\":\"ListItem\",\"position\":1,\"name\":\"Homepage\",\"item\":\"https:\/\/talkpal.ai\/is\/\"},{\"@type\":\"ListItem\",\"position\":2,\"name\":\"R\u00fassnesk m\u00e1lfr\u00e6\u00f0i\"}]},{\"@type\":\"WebSite\",\"@id\":\"https:\/\/talkpal.ai\/is\/#website\",\"url\":\"https:\/\/talkpal.ai\/is\/\",\"name\":\"Talkpal\",\"description\":\"AI Language Learning\",\"publisher\":{\"@id\":\"https:\/\/talkpal.ai\/is\/#organization\"},\"alternateName\":\"Talkpal AI\",\"potentialAction\":[{\"@type\":\"SearchAction\",\"target\":{\"@type\":\"EntryPoint\",\"urlTemplate\":\"https:\/\/talkpal.ai\/is\/?s={search_term_string}\"},\"query-input\":{\"@type\":\"PropertyValueSpecification\",\"valueRequired\":true,\"valueName\":\"search_term_string\"}}],\"inLanguage\":\"is\"},{\"@type\":\"Organization\",\"@id\":\"https:\/\/talkpal.ai\/is\/#organization\",\"name\":\"Talkpal, Inc.\",\"alternateName\":\"Talkpal AI\",\"url\":\"https:\/\/talkpal.ai\/is\/\",\"logo\":{\"@type\":\"ImageObject\",\"inLanguage\":\"is\",\"@id\":\"https:\/\/talkpal.ai\/is\/#\/schema\/logo\/image\/\",\"url\":\"https:\/\/talkpal.ai\/wp-content\/uploads\/2024\/03\/Talkpal-Logo-Icon.png\",\"contentUrl\":\"https:\/\/talkpal.ai\/wp-content\/uploads\/2024\/03\/Talkpal-Logo-Icon.png\",\"width\":2880,\"height\":2880,\"caption\":\"Talkpal, Inc.\"},\"image\":{\"@id\":\"https:\/\/talkpal.ai\/is\/#\/schema\/logo\/image\/\"},\"sameAs\":[\"https:\/\/www.facebook.com\/profile.php?id=100090733639311\",\"https:\/\/x.com\/talkpalai\",\"https:\/\/www.linkedin.com\/company\/talkpal\/\",\"https:\/\/www.youtube.com\/@TalkPal\/\",\"https:\/\/www.tiktok.com\/@talkpal\",\"https:\/\/www.instagram.com\/talkpal_ai\/\",\"https:\/\/www.crunchbase.com\/organization\/talkpal-9cde\",\"https:\/\/www.g2.com\/products\/talkpal-for-business\/\",\"https:\/\/www.trustpilot.com\/review\/talkpal.ai\",\"https:\/\/www.capterra.com\/p\/10006800\/TalkPal\/\"],\"description\":\"Talkpal is a language learning web and mobile education app, powered by the latest AI technologies, that provides engaging experiences to its customers in many different languages to help them improve their language skills. Users can chat about unlimited amount of topics with the app and use other modes to practice their language learning.\",\"email\":\"support@talkpal.ai\",\"legalName\":\"Talkpal, Inc.\",\"foundingDate\":\"2023-04-03\",\"duns\":\"118989042\",\"numberOfEmployees\":{\"@type\":\"QuantitativeValue\",\"minValue\":\"11\",\"maxValue\":\"50\"},\"publishingPrinciples\":\"https:\/\/talkpal.ai\/publishing-principles\/\",\"actionableFeedbackPolicy\":\"https:\/\/talkpal.ai\/actionable-feedback-policy\/\",\"correctionsPolicy\":\"https:\/\/talkpal.ai\/corrections-policy\/\",\"ethicsPolicy\":\"https:\/\/talkpal.ai\/ethics-policy\/\",\"diversityPolicy\":\"https:\/\/talkpal.ai\/diversity-policy\/\",\"diversityStaffingReport\":\"https:\/\/talkpal.ai\/diversity-policy\/\"}]}<\/script>\n<!-- \/ Yoast SEO Premium plugin. -->","yoast_head_json":{"title":"R\u00fassnesk m\u00e1lfr\u00e6\u00f0i - Talkpal","description":"Opna\u00f0u heim r\u00fassneskrar m\u00e1lfr\u00e6\u00f0i me\u00f0 byrjendahandb\u00f3k okkar. N\u00e1\u00f0u t\u00f6kum \u00e1 kyrill\u00edska stafr\u00f3finu og bygg\u00f0u upp tungum\u00e1lakunn\u00e1ttu \u00fe\u00edna.","robots":{"index":"index","follow":"follow","max-snippet":"max-snippet:-1","max-image-preview":"max-image-preview:large","max-video-preview":"max-video-preview:-1"},"canonical":"https:\/\/talkpal.ai\/is\/russnesk-malfraedi\/","og_locale":"is_IS","og_type":"article","og_title":"R\u00fassnesk m\u00e1lfr\u00e6\u00f0i","og_description":"R\u00fassnesk m\u00e1lfr\u00e6\u00f0i: Opna\u00f0u leyndarm\u00e1lin til a\u00f0 n\u00e1 t\u00f6kum \u00e1 r\u00fassnesku Til hamingju me\u00f0 a\u00f0 taka djarft skref \u00ed \u00e1tt a\u00f0 \u00fev\u00ed a\u00f0 l\u00e6ra r\u00fassnesku! Me\u00f0 meira en 258","og_url":"https:\/\/talkpal.ai\/is\/russnesk-malfraedi\/","og_site_name":"Talkpal","article_publisher":"https:\/\/www.facebook.com\/profile.php?id=100090733639311","article_modified_time":"2025-12-13T15:17:26+00:00","og_image":[{"width":512,"height":512,"url":"https:\/\/talkpal.ai\/wp-content\/uploads\/2023\/04\/rusia.png","type":"image\/png"}],"twitter_card":"summary_large_image","twitter_site":"@talkpalai","twitter_misc":{"Est. reading time":"3 minutes"},"schema":{"@context":"https:\/\/schema.org","@graph":[{"@type":"WebPage","@id":"https:\/\/talkpal.ai\/is\/russnesk-malfraedi\/","url":"https:\/\/talkpal.ai\/is\/russnesk-malfraedi\/","name":"R\u00fassnesk m\u00e1lfr\u00e6\u00f0i - Talkpal","isPartOf":{"@id":"https:\/\/talkpal.ai\/is\/#website"},"primaryImageOfPage":{"@id":"https:\/\/talkpal.ai\/is\/russnesk-malfraedi\/#primaryimage"},"image":{"@id":"https:\/\/talkpal.ai\/is\/russnesk-malfraedi\/#primaryimage"},"thumbnailUrl":"https:\/\/talkpal.ai\/wp-content\/uploads\/2023\/04\/rusia.png","datePublished":"2023-05-14T13:52:49+00:00","dateModified":"2025-12-13T15:17:26+00:00","description":"Opna\u00f0u heim r\u00fassneskrar m\u00e1lfr\u00e6\u00f0i me\u00f0 byrjendahandb\u00f3k okkar. N\u00e1\u00f0u t\u00f6kum \u00e1 kyrill\u00edska stafr\u00f3finu og bygg\u00f0u upp tungum\u00e1lakunn\u00e1ttu \u00fe\u00edna.","breadcrumb":{"@id":"https:\/\/talkpal.ai\/is\/russnesk-malfraedi\/#breadcrumb"},"inLanguage":"is","potentialAction":[{"@type":"ReadAction","target":["https:\/\/talkpal.ai\/is\/russnesk-malfraedi\/"]}]},{"@type":"ImageObject","inLanguage":"is","@id":"https:\/\/talkpal.ai\/is\/russnesk-malfraedi\/#primaryimage","url":"https:\/\/talkpal.ai\/wp-content\/uploads\/2023\/04\/rusia.png","contentUrl":"https:\/\/talkpal.ai\/wp-content\/uploads\/2023\/04\/rusia.png","width":512,"height":512},{"@type":"BreadcrumbList","@id":"https:\/\/talkpal.ai\/is\/russnesk-malfraedi\/#breadcrumb","itemListElement":[{"@type":"ListItem","position":1,"name":"Homepage","item":"https:\/\/talkpal.ai\/is\/"},{"@type":"ListItem","position":2,"name":"R\u00fassnesk m\u00e1lfr\u00e6\u00f0i"}]},{"@type":"WebSite","@id":"https:\/\/talkpal.ai\/is\/#website","url":"https:\/\/talkpal.ai\/is\/","name":"Talkpal","description":"AI Language Learning","publisher":{"@id":"https:\/\/talkpal.ai\/is\/#organization"},"alternateName":"Talkpal AI","potentialAction":[{"@type":"SearchAction","target":{"@type":"EntryPoint","urlTemplate":"https:\/\/talkpal.ai\/is\/?s={search_term_string}"},"query-input":{"@type":"PropertyValueSpecification","valueRequired":true,"valueName":"search_term_string"}}],"inLanguage":"is"},{"@type":"Organization","@id":"https:\/\/talkpal.ai\/is\/#organization","name":"Talkpal, Inc.","alternateName":"Talkpal AI","url":"https:\/\/talkpal.ai\/is\/","logo":{"@type":"ImageObject","inLanguage":"is","@id":"https:\/\/talkpal.ai\/is\/#\/schema\/logo\/image\/","url":"https:\/\/talkpal.ai\/wp-content\/uploads\/2024\/03\/Talkpal-Logo-Icon.png","contentUrl":"https:\/\/talkpal.ai\/wp-content\/uploads\/2024\/03\/Talkpal-Logo-Icon.png","width":2880,"height":2880,"caption":"Talkpal, Inc."},"image":{"@id":"https:\/\/talkpal.ai\/is\/#\/schema\/logo\/image\/"},"sameAs":["https:\/\/www.facebook.com\/profile.php?id=100090733639311","https:\/\/x.com\/talkpalai","https:\/\/www.linkedin.com\/company\/talkpal\/","https:\/\/www.youtube.com\/@TalkPal\/","https:\/\/www.tiktok.com\/@talkpal","https:\/\/www.instagram.com\/talkpal_ai\/","https:\/\/www.crunchbase.com\/organization\/talkpal-9cde","https:\/\/www.g2.com\/products\/talkpal-for-business\/","https:\/\/www.trustpilot.com\/review\/talkpal.ai","https:\/\/www.capterra.com\/p\/10006800\/TalkPal\/"],"description":"Talkpal is a language learning web and mobile education app, powered by the latest AI technologies, that provides engaging experiences to its customers in many different languages to help them improve their language skills. Users can chat about unlimited amount of topics with the app and use other modes to practice their language learning.","email":"support@talkpal.ai","legalName":"Talkpal, Inc.","foundingDate":"2023-04-03","duns":"118989042","numberOfEmployees":{"@type":"QuantitativeValue","minValue":"11","maxValue":"50"},"publishingPrinciples":"https:\/\/talkpal.ai\/publishing-principles\/","actionableFeedbackPolicy":"https:\/\/talkpal.ai\/actionable-feedback-policy\/","correctionsPolicy":"https:\/\/talkpal.ai\/corrections-policy\/","ethicsPolicy":"https:\/\/talkpal.ai\/ethics-policy\/","diversityPolicy":"https:\/\/talkpal.ai\/diversity-policy\/","diversityStaffingReport":"https:\/\/talkpal.ai\/diversity-policy\/"}]}},"_links":{"self":[{"href":"https:\/\/talkpal.ai\/is\/wp-json\/wp\/v2\/pages\/139873","targetHints":{"allow":["GET"]}}],"collection":[{"href":"https:\/\/talkpal.ai\/is\/wp-json\/wp\/v2\/pages"}],"about":[{"href":"https:\/\/talkpal.ai\/is\/wp-json\/wp\/v2\/types\/page"}],"author":[{"embeddable":true,"href":"https:\/\/talkpal.ai\/is\/wp-json\/wp\/v2\/users\/1"}],"replies":[{"embeddable":true,"href":"https:\/\/talkpal.ai\/is\/wp-json\/wp\/v2\/comments?post=139873"}],"version-history":[{"count":0,"href":"https:\/\/talkpal.ai\/is\/wp-json\/wp\/v2\/pages\/139873\/revisions"}],"wp:featuredmedia":[{"embeddable":true,"href":"https:\/\/talkpal.ai\/is\/wp-json\/wp\/v2\/media\/108088"}],"wp:attachment":[{"href":"https:\/\/talkpal.ai\/is\/wp-json\/wp\/v2\/media?parent=139873"}],"curies":[{"name":"wp","href":"https:\/\/api.w.org\/{rel}","templated":true}]}}