{"id":135838,"date":"2023-06-16T10:51:16","date_gmt":"2023-06-16T10:51:16","guid":{"rendered":"http:\/\/talkpal.ai\/ukrainian-malfraedi-aefingar\/"},"modified":"2025-12-17T16:21:40","modified_gmt":"2025-12-17T16:21:40","slug":"ukrainian-malfraedi-aefingar","status":"publish","type":"page","link":"https:\/\/talkpal.ai\/is\/ukrainian-malfraedi-aefingar\/","title":{"rendered":"Ukrainian M\u00e1lfr\u00e6\u00f0i \u00c6fingar"},"content":{"rendered":"\r\n\r\n\r\n<section class=\"languageChallengeSection\">\r\n    <div class=\"languageInfoWrapper\">\r\n        \r\n        <h1>Ukrainian M\u00e1lfr\u00e6\u00f0i \u00c6fingar<\/h1>\r\n        <p>Viltu taka \u00fakra\u00ednskukunn\u00e1ttu \u00fe\u00edna \u00e1 n\u00e6sta stig? A\u00f0 \u00e6fa m\u00e1lfr\u00e6\u00f0i\u00e6fingar er lykilatri\u00f0i til a\u00f0 n\u00e1 t\u00f6kum \u00e1 setningager\u00f0, sagnor\u00f0um og einst\u00f6kum mynstrum \u00fakra\u00ednsku tungum\u00e1lsins. Byrja\u00f0u a\u00f0 vinna \u00ed \u00fakra\u00ednskri <a href=\"https:\/\/talkpal.ai\/grammar\/\">m\u00e1lfr\u00e6\u00f0i<\/a> \u00ed dag og horf\u00f0u \u00e1 sj\u00e1lfstraust \u00feitt og f\u00e6rni vaxa me\u00f0 hverri \u00e6fingu!<\/p>\r\n\r\n                            <a class=\"getStartedHidden\" href=\"https:\/\/app.talkpal.ai\/signup?lng=\">Byrja\u00f0u<\/a>\r\n        \r\n    <\/div>\r\n\r\n    <figure>\r\n    <img decoding=\"async\" width=\"768\" height=\"768\" src=\"https:\/\/talkpal.ai\/wp-content\/uploads\/2023\/06\/Ukrainian-768x768.png\" class=\"languageImage no-lazy\" alt=\"Language learning - Your doorway to the world\" fetchpriority=\"high\" sizes=\"(max-width: 768px) 150px, 768px\" srcset=\"https:\/\/talkpal.ai\/wp-content\/uploads\/2023\/06\/Ukrainian-768x768.png 768w, https:\/\/talkpal.ai\/wp-content\/uploads\/2023\/06\/Ukrainian-300x300.png 300w\" \/>\r\n    \r\n\r\n    <\/figure>\r\n\r\n            <a class=\"getStartedVisible\" href=\"https:\/\/app.talkpal.ai\/signup?lng=\">Byrja\u00f0u<\/a>\r\n    \r\n<\/section>\r\n\r\n\r\n<!-- <section class=\"grammarSection\">\r\n    <div class=\"grammarLinks\">\r\n            <\/div>\r\n<\/section> -->\r\n\r\n\r\n\r\n\r\n<section class=\"promotionalBanner\">\r\n    <p class=\"promotionalText\">Skilvirkasta lei\u00f0in til a\u00f0 l\u00e6ra tungum\u00e1l<\/p>\r\n    <a class=\"promotionalLink\" href=\"https:\/\/app.talkpal.ai\/signup?lng=\">Pr\u00f3fa\u00f0u Talkpal \u00f3keypis<\/a>\r\n<\/section>\n<div class=\"wp-block-group pageContainerStyle\"><div class=\"wp-block-group__inner-container is-layout-constrained wp-block-group-is-layout-constrained\">\n<h2 class=\"wp-block-heading\" id=\"h-ukrainian-grammar-topics\">Ukrainian Grammar Topics<\/h2>\n\n\n\n<p>A\u00f0 l\u00e6ra n\u00fdtt tungum\u00e1l getur veri\u00f0 spennandi en krefjandi vi\u00f0leitni og <a href=\"https:\/\/talkpal.ai\/learn-ukrainian\/\">\u00fakra\u00ednska<\/a> tungum\u00e1li\u00f0 er engin undantekning. <a href=\"https:\/\/talkpal.ai\/learn-ukrainian\/\">\u00dakra\u00ednska<\/a>, austurslavneskt tungum\u00e1l, er opinbert tungum\u00e1l \u00ed \u00dakra\u00ednu og st\u00e1tar af r\u00edkri s\u00f6gu og fj\u00f6lbreyttri m\u00e1lfr\u00e6\u00f0ilegri uppbyggingu. \u00deegar \u00fe\u00fa leggur af sta\u00f0 \u00ed fer\u00f0 \u00fe\u00edna til a\u00f0 ver\u00f0a f\u00e6r \u00ed \u00fakra\u00ednsku eru nokkur lykilm\u00e1lfr\u00e6\u00f0iefni sem \u00fe\u00fa \u00fearft a\u00f0 n\u00e1 t\u00f6kum \u00e1, \u00fear \u00e1 me\u00f0al t\u00ed\u00f0ir, sagnir, nafnor\u00f0, greinar, forn\u00f6fn, l\u00fdsingaror\u00f0, atviksor\u00f0, forsetningar og setningager\u00f0. A\u00f0 skilja og beita \u00feessum m\u00e1lfr\u00e6\u00f0ireglum r\u00e9tt mun b\u00e6ta tungum\u00e1li\u00f0 verulega. Svo, vi\u00f0 skulum kafa ofan \u00ed hvert efni og kanna r\u00f6\u00f0ina \u00fear sem \u00fe\u00fa \u00e6ttir a\u00f0 l\u00e6ra \u00feau.<\/p>\n\n\n\n<h3 class=\"wp-block-heading\" id=\"h-1-nouns\">1. Nafnor\u00f0:<\/h3>\n\n\n\n<p>Byrja\u00f0u \u00e1 \u00fev\u00ed a\u00f0 l\u00e6ra \u00fakra\u00ednsk nafnor\u00f0 \u00fear sem \u00feau eru grunnurinn a\u00f0 tungum\u00e1linu. Kynntu \u00fe\u00e9r kyn \u00feeirra (karlkyns, kvenlegt og hvorugkyn) og fleirt\u00f6luform \u00feeirra. Skilningur \u00e1 fallbeygingum nafnor\u00f0a (tilvikum) skiptir sk\u00f6pum fyrir r\u00e9tta setningamyndun.<\/p>\n\n\n\n<h3 class=\"wp-block-heading\" id=\"h-2-pronouns\">2. Forn\u00f6fn:<\/h3>\n\n\n\n<p>N\u00e6st skaltu l\u00e6ra forn\u00f6fn &#8211; or\u00f0 sem koma \u00ed sta\u00f0 nafnor\u00f0a \u00ed setningu. \u00deeir hafa einnig kynja- og fallgreinar, svo \u00fea\u00f0 er nau\u00f0synlegt a\u00f0 l\u00e6ra vi\u00f0eigandi form til a\u00f0 nota eftir nafnor\u00f0inu sem \u00feeir eru a\u00f0 skipta \u00fat.<\/p>\n\n\n\n<h3 class=\"wp-block-heading\" id=\"h-3-verbs\">3. Sagnir:<\/h3>\n\n\n\n<p>Sagnir eru a\u00f0ger\u00f0aror\u00f0 \u00ed setningu. \u00c1 \u00fakra\u00ednsku hafa sagnir mismunandi form bygg\u00f0 \u00e1 spennu, skapi og \u00fe\u00e6tti. Byrja\u00f0u \u00e1 \u00fev\u00ed a\u00f0 l\u00e6ra n\u00faverandi spennu\u00ferungin lei\u00f0beinandi form sagna, sem mun hj\u00e1lpa \u00fe\u00e9r a\u00f0 skilja grunn setningager\u00f0.<\/p>\n\n\n\n<h3 class=\"wp-block-heading\" id=\"h-4-tenses-indicative\">4. Spennur lei\u00f0beinandi:<\/h3>\n\n\n\n<p>\u00deegar \u00fe\u00fa ert s\u00e1tt vi\u00f0 sagnir \u00ed n\u00fat\u00ed\u00f0 skaltu halda \u00e1fram a\u00f0 l\u00e6ra fort\u00ed\u00f0 og framt\u00ed\u00f0 \u00ed lei\u00f0beinandi skapi. \u00deetta gerir \u00fe\u00e9r kleift a\u00f0 eiga samskipti um atbur\u00f0i sem \u00feegar hafa \u00e1tt s\u00e9r sta\u00f0 e\u00f0a munu eiga s\u00e9r sta\u00f0 \u00ed framt\u00ed\u00f0inni.<\/p>\n\n\n\n<h3 class=\"wp-block-heading\" id=\"h-5-tenses-subjunctive\">5. Spenntur vi\u00f0tengingarh\u00e1ttur:<\/h3>\n\n\n\n<p>Eftir <a href=\"https:\/\/talkpal.ai\/culture\/what-is-the-verb-ad-hafa-and-when-is-it-used\/\">a\u00f0 hafa<\/a> n\u00e1\u00f0 t\u00f6kum \u00e1 lei\u00f0beinandi skapinu skaltu kanna vi\u00f0tengingarh\u00e1ttarh\u00e1ttinn, sem tj\u00e1ir \u00edmynda\u00f0ar a\u00f0st\u00e6\u00f0ur, \u00f3skir e\u00f0a till\u00f6gur. Vi\u00f0tengingarh\u00e1ttur kemur a\u00f0allega fram \u00ed fort\u00ed\u00f0 og framt\u00ed\u00f0 spennu \u00e1 \u00fakra\u00ednsku.<\/p>\n\n\n\n<h3 class=\"wp-block-heading\" id=\"h-6-tense-comparison\">6. Spenntur samanbur\u00f0ur:<\/h3>\n\n\n\n<p>L\u00e6r\u00f0u hvernig \u00e1 a\u00f0 bera saman spennur \u00ed \u00fakra\u00ednsku til a\u00f0 tj\u00e1 mismunandi vissu e\u00f0a m\u00f6guleika. \u00deetta mun hj\u00e1lpa \u00fe\u00e9r a\u00f0 skilja og b\u00faa til fl\u00f3knari setningar.<\/p>\n\n\n\n<h3 class=\"wp-block-heading\" id=\"h-7-adjectives\">7. L\u00fdsingaror\u00f0:<\/h3>\n\n\n\n<p>L\u00fdsingaror\u00f0 l\u00fdsa eiginleikum nafnor\u00f0a. \u00deeir eru samm\u00e1la \u00ed kyni, t\u00f6lu og falli me\u00f0 nafnor\u00f0inu sem \u00feeir breyta. A\u00f0 l\u00e6ra l\u00fdsingaror\u00f0 mun hj\u00e1lpa \u00fe\u00e9r a\u00f0 b\u00e6ta sm\u00e1atri\u00f0um vi\u00f0 setningarnar \u00fe\u00ednar.<\/p>\n\n\n\n<h3 class=\"wp-block-heading\" id=\"h-8-adverbs\">8. Atviksor\u00f0:<\/h3>\n\n\n\n<p>Atviksor\u00f0 l\u00fdsa h\u00e1tt, sta\u00f0 e\u00f0a t\u00edma athafnar. \u00deau hafna ekki eins og l\u00fdsingaror\u00f0, en \u00feau gegna mikilv\u00e6gu hlutverki vi\u00f0 a\u00f0 <a href=\"https:\/\/talkpal.ai\/locations\/language-courses-in-gera\/\">gera<\/a> setningar \u00fe\u00ednar uppl\u00fdsandi og gr\u00edpandi.<\/p>\n\n\n\n<h3 class=\"wp-block-heading\" id=\"h-9-prepositions\">9. Forsetningar:<\/h3>\n\n\n\n<p>Forsetningar s\u00fdna sambandi\u00f0 milli or\u00f0a \u00ed setningu (t.d. sta\u00f0setningu, stefnu e\u00f0a t\u00edma). L\u00e6r\u00f0u hvernig \u00e1 a\u00f0 nota forsetningar r\u00e9tt til a\u00f0 for\u00f0ast rugling og koma fyrirhuga\u00f0ri merkingu \u00feinni til skila.<\/p>\n\n\n\n<h3 class=\"wp-block-heading\" id=\"h-10-sentence-structure\">10. Setningaskipan:<\/h3>\n\n\n\n<p>A\u00f0 lokum skaltu kynna \u00fe\u00e9r \u00fakra\u00ednska setningager\u00f0. \u00deetta felur \u00ed s\u00e9r a\u00f0 skilja or\u00f0ar\u00f6\u00f0 efnis-sagna-hlutar (SVO) og hvernig \u00e1 a\u00f0 nota tilvik og a\u00f0ra m\u00e1lfr\u00e6\u00f0ilega \u00fe\u00e6tti til a\u00f0 mynda sk\u00fdrar, samfelldar setningar.<\/p>\n\n\n\n<h3 class=\"wp-block-heading\" id=\"h-11-articles\">11. Greinar:<\/h3>\n\n\n\n<p>\u00dakra\u00ednska hefur ekki greinar eins og \u201ethe\u201c e\u00f0a \u201ea\u201c \u00e1 ensku, en \u00fea\u00f0 er nau\u00f0synlegt a\u00f0 skilja hvernig \u00e1kve\u00f0ni og \u00f3\u00e1kve\u00f0ni er mi\u00f0la\u00f0 \u00e1 tungum\u00e1linu, venjulega me\u00f0 \u00fev\u00ed a\u00f0 nota s\u00fdnileg forn\u00f6fn e\u00f0a samhengi.<\/p>\n\n\n\n<p>Me\u00f0 \u00fev\u00ed a\u00f0 l\u00e6ra \u00feessi m\u00e1lfr\u00e6\u00f0i efni \u00ed lei\u00f0beinandi r\u00f6\u00f0, ver\u00f0ur \u00fe\u00fa sm\u00e1m saman a\u00f0 byggja upp sterkan grunn \u00ed \u00fakra\u00ednsku og framfarir \u00ed \u00e1tt a\u00f0 reiprennandi \u00ed tungum\u00e1linu.<\/p>\n<\/div><\/div>\n\r\n<section class=\"learnNavigationSection\">\r\n            \r\n        <a href=\"https:\/\/talkpal.ai\/is\/laerdu-ukrainsku\/\">\r\n            <div class=\"learnNavigationWrapper\">\r\n                <div class=\"learnNavigationContent\">\r\n                    <img decoding=\"async\" src=\"https:\/\/talkpal.ai\/wp-content\/uploads\/2024\/08\/Ukrainian.jpg\" alt=\"Ukrainian Flag\">\r\n                    <div>\r\n                        <h4>Um \u00fakra\u00ednskun\u00e1m<\/h4>\r\n                        <p>Finndu \u00fat allt um \u00fakra\u00ednska m\u00e1lfr\u00e6\u00f0i.<\/p>\r\n                    <\/div>\r\n                <\/div>\r\n            <\/div>\r\n        <\/a>\r\n\r\n        \r\n        <a href=\"https:\/\/talkpal.ai\/is\/ukrainsk-malfraedi\/\">\r\n            <div class=\"learnNavigationWrapper\">\r\n                <div class=\"learnNavigationContent\">\r\n                    <img decoding=\"async\" src=\"https:\/\/talkpal.ai\/wp-content\/uploads\/2024\/08\/Ukrainian.jpg\" alt=\"Ukrainian Flag\">\r\n                    <div>\r\n                        <h4>Ukrainian Grammar Lessons<\/h4>\r\n                        <p>\u00c6f\u00f0u \u00fakra\u00ednska m\u00e1lfr\u00e6\u00f0i.<\/p>\r\n                    <\/div>\r\n                <\/div>\r\n            <\/div>\r\n        <\/a>\r\n\r\n        \r\n        <a href=\"https:\/\/talkpal.ai\/vocabulary_language\/ukrainian\/\">\r\n            <div class=\"learnNavigationWrapper\">\r\n                <div class=\"learnNavigationContent\">\r\n                    <img decoding=\"async\" src=\"https:\/\/talkpal.ai\/wp-content\/uploads\/2024\/08\/Ukrainian.jpg\" alt=\"Ukrainian Flag\">\r\n                    <div>\r\n                        <h4>\u00dakra\u00ednskur or\u00f0afor\u00f0i<\/h4>\r\n                        <p>St\u00e6kka\u00f0u \u00fakra\u00ednskan or\u00f0afor\u00f0a \u00feinn.<\/p>\r\n                    <\/div>\r\n                <\/div>\r\n            <\/div>\r\n        <\/a>\r\n\r\n            <\/section>","protected":false},"excerpt":{"rendered":"<p>Ukrainian Grammar Topics A\u00f0 l\u00e6ra n\u00fdtt tungum\u00e1l getur veri\u00f0 spennandi en krefjandi vi\u00f0leitni og \u00fakra\u00ednska tungum\u00e1li\u00f0 er engin undantekning. \u00dakra\u00ednska, austurslavneskt tungum\u00e1l, er opinbert tungum\u00e1l \u00ed \u00dakra\u00ednu og st\u00e1tar af r\u00edkri s\u00f6gu og fj\u00f6lbreyttri m\u00e1lfr\u00e6\u00f0ilegri uppbyggingu. \u00deegar \u00fe\u00fa leggur af sta\u00f0 \u00ed fer\u00f0 \u00fe\u00edna til a\u00f0 ver\u00f0a f\u00e6r \u00ed \u00fakra\u00ednsku eru nokkur lykilm\u00e1lfr\u00e6\u00f0iefni sem \u00fe\u00fa [&hellip;]<\/p>\n","protected":false},"author":6,"featured_media":108659,"parent":0,"menu_order":0,"comment_status":"closed","ping_status":"closed","template":"LearningContentPage.php","meta":{"_acf_changed":false,"footnotes":""},"class_list":["post-135838","page","type-page","status-publish","has-post-thumbnail","hentry"],"acf":[],"yoast_head":"<!-- This site is optimized with the Yoast SEO Premium plugin v27.2 (Yoast SEO v27.2) - https:\/\/yoast.com\/product\/yoast-seo-premium-wordpress\/ -->\n<title>Ukrainian M\u00e1lfr\u00e6\u00f0i \u00c6fingar - Talkpal<\/title>\n<meta name=\"description\" content=\"B\u00e6ttu \u00fakra\u00ednskukunn\u00e1ttu \u00fe\u00edna me\u00f0 gr\u00edpandi \u00fakra\u00ednsku m\u00e1lfr\u00e6\u00f0i\u00e6fingum sem fjalla um nau\u00f0synleg m\u00e1lfr\u00e6\u00f0iefni til a\u00f0 tryggja reiprennandi \u00fakra\u00ednsku.\" \/>\n<meta name=\"robots\" content=\"index, follow, max-snippet:-1, max-image-preview:large, max-video-preview:-1\" \/>\n<link rel=\"canonical\" href=\"https:\/\/talkpal.ai\/is\/ukrainian-malfraedi-aefingar\/\" \/>\n<meta property=\"og:locale\" content=\"is_IS\" \/>\n<meta property=\"og:type\" content=\"article\" \/>\n<meta property=\"og:title\" content=\"Ukrainian M\u00e1lfr\u00e6\u00f0i \u00c6fingar\" \/>\n<meta property=\"og:description\" content=\"Ukrainian Grammar Topics A\u00f0 l\u00e6ra n\u00fdtt tungum\u00e1l getur veri\u00f0 spennandi en krefjandi vi\u00f0leitni og \u00fakra\u00ednska tungum\u00e1li\u00f0 er engin undantekning. \u00dakra\u00ednska,\" \/>\n<meta property=\"og:url\" content=\"https:\/\/talkpal.ai\/is\/ukrainian-malfraedi-aefingar\/\" \/>\n<meta property=\"og:site_name\" content=\"Talkpal\" \/>\n<meta property=\"article:publisher\" content=\"https:\/\/www.facebook.com\/profile.php?id=100090733639311\" \/>\n<meta property=\"article:modified_time\" content=\"2025-12-17T16:21:40+00:00\" \/>\n<meta property=\"og:image\" content=\"https:\/\/talkpal.ai\/wp-content\/uploads\/2023\/04\/ukraine.png\" \/>\n\t<meta property=\"og:image:width\" content=\"512\" \/>\n\t<meta property=\"og:image:height\" content=\"512\" \/>\n\t<meta property=\"og:image:type\" content=\"image\/png\" \/>\n<meta name=\"twitter:card\" content=\"summary_large_image\" \/>\n<meta name=\"twitter:site\" content=\"@talkpalai\" \/>\n<meta name=\"twitter:label1\" content=\"Est. reading time\" \/>\n\t<meta name=\"twitter:data1\" content=\"3 minutes\" \/>\n<script type=\"application\/ld+json\" class=\"yoast-schema-graph\">{\"@context\":\"https:\/\/schema.org\",\"@graph\":[{\"@type\":\"WebPage\",\"@id\":\"https:\/\/talkpal.ai\/is\/ukrainian-malfraedi-aefingar\/\",\"url\":\"https:\/\/talkpal.ai\/is\/ukrainian-malfraedi-aefingar\/\",\"name\":\"Ukrainian M\u00e1lfr\u00e6\u00f0i \u00c6fingar - Talkpal\",\"isPartOf\":{\"@id\":\"https:\/\/talkpal.ai\/is\/#website\"},\"primaryImageOfPage\":{\"@id\":\"https:\/\/talkpal.ai\/is\/ukrainian-malfraedi-aefingar\/#primaryimage\"},\"image\":{\"@id\":\"https:\/\/talkpal.ai\/is\/ukrainian-malfraedi-aefingar\/#primaryimage\"},\"thumbnailUrl\":\"https:\/\/talkpal.ai\/wp-content\/uploads\/2023\/04\/ukraine.png\",\"datePublished\":\"2023-06-16T10:51:16+00:00\",\"dateModified\":\"2025-12-17T16:21:40+00:00\",\"description\":\"B\u00e6ttu \u00fakra\u00ednskukunn\u00e1ttu \u00fe\u00edna me\u00f0 gr\u00edpandi \u00fakra\u00ednsku m\u00e1lfr\u00e6\u00f0i\u00e6fingum sem fjalla um nau\u00f0synleg m\u00e1lfr\u00e6\u00f0iefni til a\u00f0 tryggja reiprennandi \u00fakra\u00ednsku.\",\"breadcrumb\":{\"@id\":\"https:\/\/talkpal.ai\/is\/ukrainian-malfraedi-aefingar\/#breadcrumb\"},\"inLanguage\":\"is\",\"potentialAction\":[{\"@type\":\"ReadAction\",\"target\":[\"https:\/\/talkpal.ai\/is\/ukrainian-malfraedi-aefingar\/\"]}]},{\"@type\":\"ImageObject\",\"inLanguage\":\"is\",\"@id\":\"https:\/\/talkpal.ai\/is\/ukrainian-malfraedi-aefingar\/#primaryimage\",\"url\":\"https:\/\/talkpal.ai\/wp-content\/uploads\/2023\/04\/ukraine.png\",\"contentUrl\":\"https:\/\/talkpal.ai\/wp-content\/uploads\/2023\/04\/ukraine.png\",\"width\":512,\"height\":512,\"caption\":\"TalkPal Ukrainian Flag\"},{\"@type\":\"BreadcrumbList\",\"@id\":\"https:\/\/talkpal.ai\/is\/ukrainian-malfraedi-aefingar\/#breadcrumb\",\"itemListElement\":[{\"@type\":\"ListItem\",\"position\":1,\"name\":\"Homepage\",\"item\":\"https:\/\/talkpal.ai\/is\/\"},{\"@type\":\"ListItem\",\"position\":2,\"name\":\"Ukrainian M\u00e1lfr\u00e6\u00f0i \u00c6fingar\"}]},{\"@type\":\"WebSite\",\"@id\":\"https:\/\/talkpal.ai\/is\/#website\",\"url\":\"https:\/\/talkpal.ai\/is\/\",\"name\":\"Talkpal\",\"description\":\"AI Language Learning\",\"publisher\":{\"@id\":\"https:\/\/talkpal.ai\/is\/#organization\"},\"alternateName\":\"Talkpal AI\",\"potentialAction\":[{\"@type\":\"SearchAction\",\"target\":{\"@type\":\"EntryPoint\",\"urlTemplate\":\"https:\/\/talkpal.ai\/is\/?s={search_term_string}\"},\"query-input\":{\"@type\":\"PropertyValueSpecification\",\"valueRequired\":true,\"valueName\":\"search_term_string\"}}],\"inLanguage\":\"is\"},{\"@type\":\"Organization\",\"@id\":\"https:\/\/talkpal.ai\/is\/#organization\",\"name\":\"Talkpal, Inc.\",\"alternateName\":\"Talkpal AI\",\"url\":\"https:\/\/talkpal.ai\/is\/\",\"logo\":{\"@type\":\"ImageObject\",\"inLanguage\":\"is\",\"@id\":\"https:\/\/talkpal.ai\/is\/#\/schema\/logo\/image\/\",\"url\":\"https:\/\/talkpal.ai\/wp-content\/uploads\/2024\/03\/Talkpal-Logo-Icon.png\",\"contentUrl\":\"https:\/\/talkpal.ai\/wp-content\/uploads\/2024\/03\/Talkpal-Logo-Icon.png\",\"width\":2880,\"height\":2880,\"caption\":\"Talkpal, Inc.\"},\"image\":{\"@id\":\"https:\/\/talkpal.ai\/is\/#\/schema\/logo\/image\/\"},\"sameAs\":[\"https:\/\/www.facebook.com\/profile.php?id=100090733639311\",\"https:\/\/x.com\/talkpalai\",\"https:\/\/www.linkedin.com\/company\/talkpal\/\",\"https:\/\/www.youtube.com\/@TalkPal\/\",\"https:\/\/www.tiktok.com\/@talkpal\",\"https:\/\/www.instagram.com\/talkpal_ai\/\",\"https:\/\/www.crunchbase.com\/organization\/talkpal-9cde\",\"https:\/\/www.g2.com\/products\/talkpal-for-business\/\",\"https:\/\/www.trustpilot.com\/review\/talkpal.ai\",\"https:\/\/www.capterra.com\/p\/10006800\/TalkPal\/\"],\"description\":\"Talkpal is a language learning web and mobile education app, powered by the latest AI technologies, that provides engaging experiences to its customers in many different languages to help them improve their language skills. Users can chat about unlimited amount of topics with the app and use other modes to practice their language learning.\",\"email\":\"support@talkpal.ai\",\"legalName\":\"Talkpal, Inc.\",\"foundingDate\":\"2023-04-03\",\"duns\":\"118989042\",\"numberOfEmployees\":{\"@type\":\"QuantitativeValue\",\"minValue\":\"11\",\"maxValue\":\"50\"},\"publishingPrinciples\":\"https:\/\/talkpal.ai\/publishing-principles\/\",\"actionableFeedbackPolicy\":\"https:\/\/talkpal.ai\/actionable-feedback-policy\/\",\"correctionsPolicy\":\"https:\/\/talkpal.ai\/corrections-policy\/\",\"ethicsPolicy\":\"https:\/\/talkpal.ai\/ethics-policy\/\",\"diversityPolicy\":\"https:\/\/talkpal.ai\/diversity-policy\/\",\"diversityStaffingReport\":\"https:\/\/talkpal.ai\/diversity-policy\/\"}]}<\/script>\n<!-- \/ Yoast SEO Premium plugin. -->","yoast_head_json":{"title":"Ukrainian M\u00e1lfr\u00e6\u00f0i \u00c6fingar - Talkpal","description":"B\u00e6ttu \u00fakra\u00ednskukunn\u00e1ttu \u00fe\u00edna me\u00f0 gr\u00edpandi \u00fakra\u00ednsku m\u00e1lfr\u00e6\u00f0i\u00e6fingum sem fjalla um nau\u00f0synleg m\u00e1lfr\u00e6\u00f0iefni til a\u00f0 tryggja reiprennandi \u00fakra\u00ednsku.","robots":{"index":"index","follow":"follow","max-snippet":"max-snippet:-1","max-image-preview":"max-image-preview:large","max-video-preview":"max-video-preview:-1"},"canonical":"https:\/\/talkpal.ai\/is\/ukrainian-malfraedi-aefingar\/","og_locale":"is_IS","og_type":"article","og_title":"Ukrainian M\u00e1lfr\u00e6\u00f0i \u00c6fingar","og_description":"Ukrainian Grammar Topics A\u00f0 l\u00e6ra n\u00fdtt tungum\u00e1l getur veri\u00f0 spennandi en krefjandi vi\u00f0leitni og \u00fakra\u00ednska tungum\u00e1li\u00f0 er engin undantekning. \u00dakra\u00ednska,","og_url":"https:\/\/talkpal.ai\/is\/ukrainian-malfraedi-aefingar\/","og_site_name":"Talkpal","article_publisher":"https:\/\/www.facebook.com\/profile.php?id=100090733639311","article_modified_time":"2025-12-17T16:21:40+00:00","og_image":[{"width":512,"height":512,"url":"https:\/\/talkpal.ai\/wp-content\/uploads\/2023\/04\/ukraine.png","type":"image\/png"}],"twitter_card":"summary_large_image","twitter_site":"@talkpalai","twitter_misc":{"Est. reading time":"3 minutes"},"schema":{"@context":"https:\/\/schema.org","@graph":[{"@type":"WebPage","@id":"https:\/\/talkpal.ai\/is\/ukrainian-malfraedi-aefingar\/","url":"https:\/\/talkpal.ai\/is\/ukrainian-malfraedi-aefingar\/","name":"Ukrainian M\u00e1lfr\u00e6\u00f0i \u00c6fingar - Talkpal","isPartOf":{"@id":"https:\/\/talkpal.ai\/is\/#website"},"primaryImageOfPage":{"@id":"https:\/\/talkpal.ai\/is\/ukrainian-malfraedi-aefingar\/#primaryimage"},"image":{"@id":"https:\/\/talkpal.ai\/is\/ukrainian-malfraedi-aefingar\/#primaryimage"},"thumbnailUrl":"https:\/\/talkpal.ai\/wp-content\/uploads\/2023\/04\/ukraine.png","datePublished":"2023-06-16T10:51:16+00:00","dateModified":"2025-12-17T16:21:40+00:00","description":"B\u00e6ttu \u00fakra\u00ednskukunn\u00e1ttu \u00fe\u00edna me\u00f0 gr\u00edpandi \u00fakra\u00ednsku m\u00e1lfr\u00e6\u00f0i\u00e6fingum sem fjalla um nau\u00f0synleg m\u00e1lfr\u00e6\u00f0iefni til a\u00f0 tryggja reiprennandi \u00fakra\u00ednsku.","breadcrumb":{"@id":"https:\/\/talkpal.ai\/is\/ukrainian-malfraedi-aefingar\/#breadcrumb"},"inLanguage":"is","potentialAction":[{"@type":"ReadAction","target":["https:\/\/talkpal.ai\/is\/ukrainian-malfraedi-aefingar\/"]}]},{"@type":"ImageObject","inLanguage":"is","@id":"https:\/\/talkpal.ai\/is\/ukrainian-malfraedi-aefingar\/#primaryimage","url":"https:\/\/talkpal.ai\/wp-content\/uploads\/2023\/04\/ukraine.png","contentUrl":"https:\/\/talkpal.ai\/wp-content\/uploads\/2023\/04\/ukraine.png","width":512,"height":512,"caption":"TalkPal Ukrainian Flag"},{"@type":"BreadcrumbList","@id":"https:\/\/talkpal.ai\/is\/ukrainian-malfraedi-aefingar\/#breadcrumb","itemListElement":[{"@type":"ListItem","position":1,"name":"Homepage","item":"https:\/\/talkpal.ai\/is\/"},{"@type":"ListItem","position":2,"name":"Ukrainian M\u00e1lfr\u00e6\u00f0i \u00c6fingar"}]},{"@type":"WebSite","@id":"https:\/\/talkpal.ai\/is\/#website","url":"https:\/\/talkpal.ai\/is\/","name":"Talkpal","description":"AI Language Learning","publisher":{"@id":"https:\/\/talkpal.ai\/is\/#organization"},"alternateName":"Talkpal AI","potentialAction":[{"@type":"SearchAction","target":{"@type":"EntryPoint","urlTemplate":"https:\/\/talkpal.ai\/is\/?s={search_term_string}"},"query-input":{"@type":"PropertyValueSpecification","valueRequired":true,"valueName":"search_term_string"}}],"inLanguage":"is"},{"@type":"Organization","@id":"https:\/\/talkpal.ai\/is\/#organization","name":"Talkpal, Inc.","alternateName":"Talkpal AI","url":"https:\/\/talkpal.ai\/is\/","logo":{"@type":"ImageObject","inLanguage":"is","@id":"https:\/\/talkpal.ai\/is\/#\/schema\/logo\/image\/","url":"https:\/\/talkpal.ai\/wp-content\/uploads\/2024\/03\/Talkpal-Logo-Icon.png","contentUrl":"https:\/\/talkpal.ai\/wp-content\/uploads\/2024\/03\/Talkpal-Logo-Icon.png","width":2880,"height":2880,"caption":"Talkpal, Inc."},"image":{"@id":"https:\/\/talkpal.ai\/is\/#\/schema\/logo\/image\/"},"sameAs":["https:\/\/www.facebook.com\/profile.php?id=100090733639311","https:\/\/x.com\/talkpalai","https:\/\/www.linkedin.com\/company\/talkpal\/","https:\/\/www.youtube.com\/@TalkPal\/","https:\/\/www.tiktok.com\/@talkpal","https:\/\/www.instagram.com\/talkpal_ai\/","https:\/\/www.crunchbase.com\/organization\/talkpal-9cde","https:\/\/www.g2.com\/products\/talkpal-for-business\/","https:\/\/www.trustpilot.com\/review\/talkpal.ai","https:\/\/www.capterra.com\/p\/10006800\/TalkPal\/"],"description":"Talkpal is a language learning web and mobile education app, powered by the latest AI technologies, that provides engaging experiences to its customers in many different languages to help them improve their language skills. Users can chat about unlimited amount of topics with the app and use other modes to practice their language learning.","email":"support@talkpal.ai","legalName":"Talkpal, Inc.","foundingDate":"2023-04-03","duns":"118989042","numberOfEmployees":{"@type":"QuantitativeValue","minValue":"11","maxValue":"50"},"publishingPrinciples":"https:\/\/talkpal.ai\/publishing-principles\/","actionableFeedbackPolicy":"https:\/\/talkpal.ai\/actionable-feedback-policy\/","correctionsPolicy":"https:\/\/talkpal.ai\/corrections-policy\/","ethicsPolicy":"https:\/\/talkpal.ai\/ethics-policy\/","diversityPolicy":"https:\/\/talkpal.ai\/diversity-policy\/","diversityStaffingReport":"https:\/\/talkpal.ai\/diversity-policy\/"}]}},"_links":{"self":[{"href":"https:\/\/talkpal.ai\/is\/wp-json\/wp\/v2\/pages\/135838","targetHints":{"allow":["GET"]}}],"collection":[{"href":"https:\/\/talkpal.ai\/is\/wp-json\/wp\/v2\/pages"}],"about":[{"href":"https:\/\/talkpal.ai\/is\/wp-json\/wp\/v2\/types\/page"}],"author":[{"embeddable":true,"href":"https:\/\/talkpal.ai\/is\/wp-json\/wp\/v2\/users\/6"}],"replies":[{"embeddable":true,"href":"https:\/\/talkpal.ai\/is\/wp-json\/wp\/v2\/comments?post=135838"}],"version-history":[{"count":0,"href":"https:\/\/talkpal.ai\/is\/wp-json\/wp\/v2\/pages\/135838\/revisions"}],"wp:featuredmedia":[{"embeddable":true,"href":"https:\/\/talkpal.ai\/is\/wp-json\/wp\/v2\/media\/108659"}],"wp:attachment":[{"href":"https:\/\/talkpal.ai\/is\/wp-json\/wp\/v2\/media?parent=135838"}],"curies":[{"name":"wp","href":"https:\/\/api.w.org\/{rel}","templated":true}]}}