{"id":135509,"date":"2023-06-16T10:42:00","date_gmt":"2023-06-16T10:42:00","guid":{"rendered":"http:\/\/talkpal.ai\/portugalska-malfraedi-aefingar\/"},"modified":"2025-12-17T16:19:50","modified_gmt":"2025-12-17T16:19:50","slug":"portugalska-malfraedi-aefingar","status":"publish","type":"page","link":"https:\/\/talkpal.ai\/is\/portugalska-malfraedi-aefingar\/","title":{"rendered":"Port\u00fagalska M\u00e1lfr\u00e6\u00f0i \u00c6fingar"},"content":{"rendered":"\r\n\r\n\r\n<section class=\"languageChallengeSection\">\r\n    <div class=\"languageInfoWrapper\">\r\n        \r\n        <h1>Port\u00fagalska M\u00e1lfr\u00e6\u00f0i \u00c6fingar<\/h1>\r\n        <p>Langar \u00feig a\u00f0 styrkja port\u00fag\u00f6lskukunn\u00e1ttu \u00fe\u00edna? \u00c6f\u00f0u \u00feig \u00ed <a href=\"https:\/\/talkpal.ai\/grammar\/\">m\u00e1lfr\u00e6\u00f0i<\/a> til a\u00f0 n\u00e1 t\u00f6kum \u00e1 setningager\u00f0, sagnbeygingum og einst\u00f6kum mynstrum port\u00fagalsku tungum\u00e1lsins. Byrja\u00f0u a\u00f0 \u00e6fa port\u00fag\u00f6lsku m\u00e1lfr\u00e6\u00f0ina n\u00fana og sj\u00e1\u00f0u sj\u00e1lfstraust \u00feitt og f\u00e6rni vaxa me\u00f0 hverri \u00e6fingu!<\/p>\r\n\r\n                            <a class=\"getStartedHidden\" href=\"https:\/\/app.talkpal.ai\/signup?lng=\">Byrja\u00f0u<\/a>\r\n        \r\n    <\/div>\r\n\r\n    <figure>\r\n    <img decoding=\"async\" width=\"768\" height=\"768\" src=\"https:\/\/talkpal.ai\/wp-content\/uploads\/2023\/06\/portuguese-768x768.png\" class=\"languageImage no-lazy\" alt=\"Language learning for broader world view\" fetchpriority=\"high\" sizes=\"(max-width: 768px) 150px, 768px\" srcset=\"https:\/\/talkpal.ai\/wp-content\/uploads\/2023\/06\/portuguese-768x768.png 768w, https:\/\/talkpal.ai\/wp-content\/uploads\/2023\/06\/portuguese-300x300.png 300w\" \/>\r\n    \r\n\r\n    <\/figure>\r\n\r\n            <a class=\"getStartedVisible\" href=\"https:\/\/app.talkpal.ai\/signup?lng=\">Byrja\u00f0u<\/a>\r\n    \r\n<\/section>\r\n\r\n\r\n<!-- <section class=\"grammarSection\">\r\n    <div class=\"grammarLinks\">\r\n            <\/div>\r\n<\/section> -->\r\n\r\n\r\n\r\n\r\n<section class=\"promotionalBanner\">\r\n    <p class=\"promotionalText\">Skilvirkasta lei\u00f0in til a\u00f0 l\u00e6ra tungum\u00e1l<\/p>\r\n    <a class=\"promotionalLink\" href=\"https:\/\/app.talkpal.ai\/signup?lng=\">Pr\u00f3fa\u00f0u Talkpal \u00f3keypis<\/a>\r\n<\/section>\n<div class=\"wp-block-group pageContainerStyle\"><div class=\"wp-block-group__inner-container is-layout-constrained wp-block-group-is-layout-constrained\">\n<h2 class=\"wp-block-heading\" id=\"h-portuguese-grammar-topics\">Port\u00fag\u00f6lsk m\u00e1lfr\u00e6\u00f0i efni<\/h2>\n\n\n\n<p>A\u00f0 l\u00e6ra n\u00fdtt tungum\u00e1l getur veri\u00f0 spennandi og gefandi reynsla og <a href=\"https:\/\/talkpal.ai\/learn-portuguese\/\">port\u00fagalska<\/a> er engin undantekning. Sem sj\u00f6tta tala\u00f0asta tungum\u00e1l \u00ed heimi b\u00fd\u00f0ur \u00fea\u00f0 upp \u00e1 fj\u00f6lm\u00f6rg t\u00e6kif\u00e6ri til pers\u00f3nulegs og faglegs vaxtar. A\u00f0 skilja og n\u00e1 t\u00f6kum \u00e1 tungum\u00e1lafl\u00e6kjum \u00feess og m\u00e1lfr\u00e6\u00f0i getur opna\u00f0 dyr a\u00f0 r\u00edkri menningarupplifun \u00ed l\u00f6ndum eins og Port\u00fagal, Brasil\u00edu og \u00fdmsum Afr\u00edku\u00fej\u00f3\u00f0um. Til a\u00f0 au\u00f0velda fer\u00f0 \u00fe\u00edna inn \u00ed heim port\u00fag\u00f6lsku l\u00fdsir \u00feessi handb\u00f3k r\u00f6\u00f0 m\u00e1lfr\u00e6\u00f0iefna sem \u00fe\u00fa \u00e6ttir a\u00f0 fylgja og tryggir a\u00f0 \u00fe\u00fa byggir upp sterkan grunn og framfarir \u00e1 \u00fe\u00e6gilegum hra\u00f0a.<\/p>\n\n\n\n<h3 class=\"wp-block-heading\" id=\"h-1-articles\">1. Greinar:<\/h3>\n\n\n\n<p>Byrja\u00f0u \u00e1 \u00fev\u00ed a\u00f0 l\u00e6ra \u00e1kve\u00f0nar og \u00f3\u00e1kve\u00f0nar greinar, sem eru nau\u00f0synlegar byggingareiningar tungum\u00e1lsins. \u00deetta veitir ramma til a\u00f0 skilja kyn og fj\u00f6lda nafnor\u00f0a \u00ed setningum.<\/p>\n\n\n\n<h3 class=\"wp-block-heading\" id=\"h-2-nouns\">2. Nafnor\u00f0:<\/h3>\n\n\n\n<p>Kynntu \u00fe\u00e9r port\u00fag\u00f6lsk nafnor\u00f0, \u00fear \u00e1 me\u00f0al kyn \u00feeirra (karlkyn e\u00f0a kvenkyn) og n\u00famer (eint\u00f6lu e\u00f0a fleirt\u00f6lu). \u00deessi \u00feekking mun skipta sk\u00f6pum til a\u00f0 mynda samhangandi setningar og samr\u00e6mi vi\u00f0 a\u00f0ra \u00fe\u00e6tti, svo sem l\u00fdsingaror\u00f0.<\/p>\n\n\n\n<h3 class=\"wp-block-heading\" id=\"h-3-adjectives\">3. L\u00fdsingaror\u00f0:<\/h3>\n\n\n\n<p>L\u00e6r\u00f0u hvernig \u00e1 a\u00f0 l\u00fdsa nafnor\u00f0um me\u00f0 l\u00fdsingaror\u00f0um, sem ver\u00f0a a\u00f0 vera \u00ed samr\u00e6mi vi\u00f0 nafnor\u00f0i\u00f0 \u00ed kyni og t\u00f6lu. \u00deetta mun auka getu \u00fe\u00edna til a\u00f0 tj\u00e1 hugmyndir og l\u00fdsa hlutum e\u00f0a f\u00f3lki \u00e1 port\u00fag\u00f6lsku.<\/p>\n\n\n\n<h3 class=\"wp-block-heading\" id=\"h-4-pronouns\">4. Forn\u00f6fn:<\/h3>\n\n\n\n<p>Kafa\u00f0u inn \u00ed heim fornafna, \u00fear \u00e1 me\u00f0al pers\u00f3nuleg, eignarfallsleg, s\u00fdnandi og afst\u00e6\u00f0 forn\u00f6fn. \u00deetta kemur \u00ed sta\u00f0 nafnor\u00f0a \u00ed setningum og hj\u00e1lpar til vi\u00f0 a\u00f0 for\u00f0ast \u00f3\u00fearfa endurtekningu.<\/p>\n\n\n\n<h3 class=\"wp-block-heading\" id=\"h-5-verbs\">5. Sagnir:<\/h3>\n\n\n\n<p>Skilja mismunandi sagnbeygingar \u00e1 port\u00fag\u00f6lsku, sem eru nau\u00f0synlegar til a\u00f0 tj\u00e1 a\u00f0ger\u00f0ir, atbur\u00f0i og r\u00edki. Byrja\u00f0u \u00e1 venjulegum s\u00f6gnum og far\u00f0u s\u00ed\u00f0an yfir \u00ed \u00f3reglulegar sagnir og \u00fdmsar beygingar \u00feeirra.<\/p>\n\n\n\n<h3 class=\"wp-block-heading\" id=\"h-6-tenses-indicative\">6. Spennur lei\u00f0beinandi:<\/h3>\n\n\n\n<p>L\u00e6r\u00f0u lei\u00f0beinandi skap, sem er nota\u00f0 til a\u00f0 tj\u00e1 sta\u00f0reyndir e\u00f0a vissu. \u00deetta felur \u00ed s\u00e9r a\u00f0 skilja mismunandi t\u00ed\u00f0ir eins og n\u00fat\u00ed\u00f0, fort\u00ed\u00f0 og framt\u00ed\u00f0, svo og beygingar \u00feeirra fyrir mismunandi ger\u00f0ir sagna.<\/p>\n\n\n\n<h3 class=\"wp-block-heading\" id=\"h-7-tenses-subjunctive\">7. Spenntur vi\u00f0tengingarh\u00e1ttur:<\/h3>\n\n\n\n<p>Kafa\u00f0u \u00ed vi\u00f0tengingarh\u00e1tt, sem mi\u00f0lar efasemdum, m\u00f6guleika e\u00f0a \u00f3vissu. \u00deetta felur \u00ed s\u00e9r a\u00f0 l\u00e6ra n\u00fat\u00ed\u00f0, fort\u00ed\u00f0 og framt\u00ed\u00f0 vi\u00f0tengingarh\u00e1tta og samtengingar \u00feeirra.<\/p>\n\n\n\n<h3 class=\"wp-block-heading\" id=\"h-8-tense-comparison\">8. Spenntur samanbur\u00f0ur:<\/h3>\n\n\n\n<p>Rannsaka\u00f0u hvernig \u00e1 a\u00f0 bera saman og andst\u00e6\u00f0a mismunandi t\u00ed\u00f0um b\u00e6\u00f0i \u00ed lei\u00f0beinandi og vi\u00f0tengingarh\u00e6tti. \u00deetta mun hj\u00e1lpa \u00fe\u00e9r a\u00f0 velja vi\u00f0eigandi spennu fyrir \u00fdmsar a\u00f0st\u00e6\u00f0ur og a\u00f0st\u00e6\u00f0ur.<\/p>\n\n\n\n<h3 class=\"wp-block-heading\" id=\"h-9-adverbs\">9. Atviksor\u00f0:<\/h3>\n\n\n\n<p>L\u00e6r\u00f0u um atviksor\u00f0 sem breyta s\u00f6gnum, l\u00fdsingaror\u00f0um e\u00f0a \u00f6\u00f0rum atviksor\u00f0um og veita frekari uppl\u00fdsingar um h\u00e1tt, sta\u00f0 e\u00f0a t\u00edma a\u00f0ger\u00f0ar.<\/p>\n\n\n\n<h3 class=\"wp-block-heading\" id=\"h-10-prepositions\">10. Forsetningar:<\/h3>\n\n\n\n<p>Kynntu \u00fe\u00e9r notkun forsetninga sem koma \u00e1 tengslum milli or\u00f0a \u00ed setningu, svo sem sta\u00f0setningu, stefnu, t\u00edma e\u00f0a tilgangi.<\/p>\n\n\n\n<h3 class=\"wp-block-heading\" id=\"h-11-sentence-structure\">11. Setningaskipan:<\/h3>\n\n\n\n<p>A\u00f0 lokum skaltu skilja grunnsetningaskipan \u00e1 port\u00fag\u00f6lsku, \u00fear \u00e1 me\u00f0al or\u00f0ar\u00f6\u00f0, afneitun og mynda spurningar. \u00deetta gerir \u00fe\u00e9r kleift a\u00f0 sm\u00ed\u00f0a \u00feroskandi og m\u00e1lfr\u00e6\u00f0ilega r\u00e9ttar setningar, sem gerir kleift a\u00f0 eiga skilvirk samskipti \u00e1 port\u00fag\u00f6lsku.<\/p>\n<\/div><\/div>\n\r\n<section class=\"learnNavigationSection\">\r\n            \r\n        <a href=\"https:\/\/talkpal.ai\/is\/laerdu-portugolsku\/\">\r\n            <div class=\"learnNavigationWrapper\">\r\n                <div class=\"learnNavigationContent\">\r\n                    <img decoding=\"async\" src=\"https:\/\/talkpal.ai\/wp-content\/uploads\/2024\/08\/Portuguese.jpg\" alt=\"Portuguese Flag\">\r\n                    <div>\r\n                        <h4>Um n\u00e1m \u00ed Port\u00fagal<\/h4>\r\n                        <p>Kynntu \u00fe\u00e9r allt um port\u00fagalska m\u00e1lfr\u00e6\u00f0i.<\/p>\r\n                    <\/div>\r\n                <\/div>\r\n            <\/div>\r\n        <\/a>\r\n\r\n        \r\n        <a href=\"https:\/\/talkpal.ai\/is\/portugolsk-malfraedi\/\">\r\n            <div class=\"learnNavigationWrapper\">\r\n                <div class=\"learnNavigationContent\">\r\n                    <img decoding=\"async\" src=\"https:\/\/talkpal.ai\/wp-content\/uploads\/2024\/08\/Portuguese.jpg\" alt=\"Portuguese Flag\">\r\n                    <div>\r\n                        <h4>Port\u00fag\u00f6lsk m\u00e1lfr\u00e6\u00f0ikennsla<\/h4>\r\n                        <p>\u00c6f\u00f0u port\u00fagalska m\u00e1lfr\u00e6\u00f0i.<\/p>\r\n                    <\/div>\r\n                <\/div>\r\n            <\/div>\r\n        <\/a>\r\n\r\n        \r\n        <a href=\"https:\/\/talkpal.ai\/vocabulary_language\/portuguese\/\">\r\n            <div class=\"learnNavigationWrapper\">\r\n                <div class=\"learnNavigationContent\">\r\n                    <img decoding=\"async\" src=\"https:\/\/talkpal.ai\/wp-content\/uploads\/2024\/08\/Portuguese.jpg\" alt=\"Portuguese Flag\">\r\n                    <div>\r\n                        <h4>Port\u00fagalskur or\u00f0afor\u00f0i<\/h4>\r\n                        <p>St\u00e6kka\u00f0u port\u00fagalska or\u00f0afor\u00f0a \u00feinn.<\/p>\r\n                    <\/div>\r\n                <\/div>\r\n            <\/div>\r\n        <\/a>\r\n\r\n            <\/section>","protected":false},"excerpt":{"rendered":"<p>Port\u00fag\u00f6lsk m\u00e1lfr\u00e6\u00f0i efni A\u00f0 l\u00e6ra n\u00fdtt tungum\u00e1l getur veri\u00f0 spennandi og gefandi reynsla og port\u00fagalska er engin undantekning. Sem sj\u00f6tta tala\u00f0asta tungum\u00e1l \u00ed heimi b\u00fd\u00f0ur \u00fea\u00f0 upp \u00e1 fj\u00f6lm\u00f6rg t\u00e6kif\u00e6ri til pers\u00f3nulegs og faglegs vaxtar. A\u00f0 skilja og n\u00e1 t\u00f6kum \u00e1 tungum\u00e1lafl\u00e6kjum \u00feess og m\u00e1lfr\u00e6\u00f0i getur opna\u00f0 dyr a\u00f0 r\u00edkri menningarupplifun \u00ed l\u00f6ndum eins og [&hellip;]<\/p>\n","protected":false},"author":6,"featured_media":107859,"parent":0,"menu_order":0,"comment_status":"closed","ping_status":"closed","template":"LearningContentPage.php","meta":{"_acf_changed":false,"footnotes":""},"class_list":["post-135509","page","type-page","status-publish","has-post-thumbnail","hentry"],"acf":[],"yoast_head":"<!-- This site is optimized with the Yoast SEO Premium plugin v27.2 (Yoast SEO v27.2) - https:\/\/yoast.com\/product\/yoast-seo-premium-wordpress\/ -->\n<title>Port\u00fagalska M\u00e1lfr\u00e6\u00f0i \u00c6fingar - Talkpal<\/title>\n<meta name=\"description\" content=\"Styrktu port\u00fag\u00f6lsku m\u00e1lfr\u00e6\u00f0ikunn\u00e1ttu \u00fe\u00edna me\u00f0 gagnvirkum \u00e6fingum sem eru hanna\u00f0ar fyrir \u00f6ll stig.\" \/>\n<meta name=\"robots\" content=\"index, follow, max-snippet:-1, max-image-preview:large, max-video-preview:-1\" \/>\n<link rel=\"canonical\" href=\"https:\/\/talkpal.ai\/is\/portugalska-malfraedi-aefingar\/\" \/>\n<meta property=\"og:locale\" content=\"is_IS\" \/>\n<meta property=\"og:type\" content=\"article\" \/>\n<meta property=\"og:title\" content=\"Port\u00fagalska M\u00e1lfr\u00e6\u00f0i \u00c6fingar\" \/>\n<meta property=\"og:description\" content=\"Port\u00fag\u00f6lsk m\u00e1lfr\u00e6\u00f0i efni A\u00f0 l\u00e6ra n\u00fdtt tungum\u00e1l getur veri\u00f0 spennandi og gefandi reynsla og port\u00fagalska er engin undantekning. Sem sj\u00f6tta tala\u00f0asta\" \/>\n<meta property=\"og:url\" content=\"https:\/\/talkpal.ai\/is\/portugalska-malfraedi-aefingar\/\" \/>\n<meta property=\"og:site_name\" content=\"Talkpal\" \/>\n<meta property=\"article:publisher\" content=\"https:\/\/www.facebook.com\/profile.php?id=100090733639311\" \/>\n<meta property=\"article:modified_time\" content=\"2025-12-17T16:19:50+00:00\" \/>\n<meta property=\"og:image\" content=\"https:\/\/talkpal.ai\/wp-content\/uploads\/2023\/04\/portugal.png\" \/>\n\t<meta property=\"og:image:width\" content=\"512\" \/>\n\t<meta property=\"og:image:height\" content=\"512\" \/>\n\t<meta property=\"og:image:type\" content=\"image\/png\" \/>\n<meta name=\"twitter:card\" content=\"summary_large_image\" \/>\n<meta name=\"twitter:site\" content=\"@talkpalai\" \/>\n<meta name=\"twitter:label1\" content=\"Est. reading time\" \/>\n\t<meta name=\"twitter:data1\" content=\"3 minutes\" \/>\n<script type=\"application\/ld+json\" class=\"yoast-schema-graph\">{\"@context\":\"https:\/\/schema.org\",\"@graph\":[{\"@type\":\"WebPage\",\"@id\":\"https:\/\/talkpal.ai\/is\/portugalska-malfraedi-aefingar\/\",\"url\":\"https:\/\/talkpal.ai\/is\/portugalska-malfraedi-aefingar\/\",\"name\":\"Port\u00fagalska M\u00e1lfr\u00e6\u00f0i \u00c6fingar - Talkpal\",\"isPartOf\":{\"@id\":\"https:\/\/talkpal.ai\/is\/#website\"},\"primaryImageOfPage\":{\"@id\":\"https:\/\/talkpal.ai\/is\/portugalska-malfraedi-aefingar\/#primaryimage\"},\"image\":{\"@id\":\"https:\/\/talkpal.ai\/is\/portugalska-malfraedi-aefingar\/#primaryimage\"},\"thumbnailUrl\":\"https:\/\/talkpal.ai\/wp-content\/uploads\/2023\/04\/portugal.png\",\"datePublished\":\"2023-06-16T10:42:00+00:00\",\"dateModified\":\"2025-12-17T16:19:50+00:00\",\"description\":\"Styrktu port\u00fag\u00f6lsku m\u00e1lfr\u00e6\u00f0ikunn\u00e1ttu \u00fe\u00edna me\u00f0 gagnvirkum \u00e6fingum sem eru hanna\u00f0ar fyrir \u00f6ll stig.\",\"breadcrumb\":{\"@id\":\"https:\/\/talkpal.ai\/is\/portugalska-malfraedi-aefingar\/#breadcrumb\"},\"inLanguage\":\"is\",\"potentialAction\":[{\"@type\":\"ReadAction\",\"target\":[\"https:\/\/talkpal.ai\/is\/portugalska-malfraedi-aefingar\/\"]}]},{\"@type\":\"ImageObject\",\"inLanguage\":\"is\",\"@id\":\"https:\/\/talkpal.ai\/is\/portugalska-malfraedi-aefingar\/#primaryimage\",\"url\":\"https:\/\/talkpal.ai\/wp-content\/uploads\/2023\/04\/portugal.png\",\"contentUrl\":\"https:\/\/talkpal.ai\/wp-content\/uploads\/2023\/04\/portugal.png\",\"width\":512,\"height\":512},{\"@type\":\"BreadcrumbList\",\"@id\":\"https:\/\/talkpal.ai\/is\/portugalska-malfraedi-aefingar\/#breadcrumb\",\"itemListElement\":[{\"@type\":\"ListItem\",\"position\":1,\"name\":\"Homepage\",\"item\":\"https:\/\/talkpal.ai\/is\/\"},{\"@type\":\"ListItem\",\"position\":2,\"name\":\"Port\u00fagalska M\u00e1lfr\u00e6\u00f0i \u00c6fingar\"}]},{\"@type\":\"WebSite\",\"@id\":\"https:\/\/talkpal.ai\/is\/#website\",\"url\":\"https:\/\/talkpal.ai\/is\/\",\"name\":\"Talkpal\",\"description\":\"AI Language Learning\",\"publisher\":{\"@id\":\"https:\/\/talkpal.ai\/is\/#organization\"},\"alternateName\":\"Talkpal AI\",\"potentialAction\":[{\"@type\":\"SearchAction\",\"target\":{\"@type\":\"EntryPoint\",\"urlTemplate\":\"https:\/\/talkpal.ai\/is\/?s={search_term_string}\"},\"query-input\":{\"@type\":\"PropertyValueSpecification\",\"valueRequired\":true,\"valueName\":\"search_term_string\"}}],\"inLanguage\":\"is\"},{\"@type\":\"Organization\",\"@id\":\"https:\/\/talkpal.ai\/is\/#organization\",\"name\":\"Talkpal, Inc.\",\"alternateName\":\"Talkpal AI\",\"url\":\"https:\/\/talkpal.ai\/is\/\",\"logo\":{\"@type\":\"ImageObject\",\"inLanguage\":\"is\",\"@id\":\"https:\/\/talkpal.ai\/is\/#\/schema\/logo\/image\/\",\"url\":\"https:\/\/talkpal.ai\/wp-content\/uploads\/2024\/03\/Talkpal-Logo-Icon.png\",\"contentUrl\":\"https:\/\/talkpal.ai\/wp-content\/uploads\/2024\/03\/Talkpal-Logo-Icon.png\",\"width\":2880,\"height\":2880,\"caption\":\"Talkpal, Inc.\"},\"image\":{\"@id\":\"https:\/\/talkpal.ai\/is\/#\/schema\/logo\/image\/\"},\"sameAs\":[\"https:\/\/www.facebook.com\/profile.php?id=100090733639311\",\"https:\/\/x.com\/talkpalai\",\"https:\/\/www.linkedin.com\/company\/talkpal\/\",\"https:\/\/www.youtube.com\/@TalkPal\/\",\"https:\/\/www.tiktok.com\/@talkpal\",\"https:\/\/www.instagram.com\/talkpal_ai\/\",\"https:\/\/www.crunchbase.com\/organization\/talkpal-9cde\",\"https:\/\/www.g2.com\/products\/talkpal-for-business\/\",\"https:\/\/www.trustpilot.com\/review\/talkpal.ai\",\"https:\/\/www.capterra.com\/p\/10006800\/TalkPal\/\"],\"description\":\"Talkpal is a language learning web and mobile education app, powered by the latest AI technologies, that provides engaging experiences to its customers in many different languages to help them improve their language skills. Users can chat about unlimited amount of topics with the app and use other modes to practice their language learning.\",\"email\":\"support@talkpal.ai\",\"legalName\":\"Talkpal, Inc.\",\"foundingDate\":\"2023-04-03\",\"duns\":\"118989042\",\"numberOfEmployees\":{\"@type\":\"QuantitativeValue\",\"minValue\":\"11\",\"maxValue\":\"50\"},\"publishingPrinciples\":\"https:\/\/talkpal.ai\/publishing-principles\/\",\"actionableFeedbackPolicy\":\"https:\/\/talkpal.ai\/actionable-feedback-policy\/\",\"correctionsPolicy\":\"https:\/\/talkpal.ai\/corrections-policy\/\",\"ethicsPolicy\":\"https:\/\/talkpal.ai\/ethics-policy\/\",\"diversityPolicy\":\"https:\/\/talkpal.ai\/diversity-policy\/\",\"diversityStaffingReport\":\"https:\/\/talkpal.ai\/diversity-policy\/\"}]}<\/script>\n<!-- \/ Yoast SEO Premium plugin. -->","yoast_head_json":{"title":"Port\u00fagalska M\u00e1lfr\u00e6\u00f0i \u00c6fingar - Talkpal","description":"Styrktu port\u00fag\u00f6lsku m\u00e1lfr\u00e6\u00f0ikunn\u00e1ttu \u00fe\u00edna me\u00f0 gagnvirkum \u00e6fingum sem eru hanna\u00f0ar fyrir \u00f6ll stig.","robots":{"index":"index","follow":"follow","max-snippet":"max-snippet:-1","max-image-preview":"max-image-preview:large","max-video-preview":"max-video-preview:-1"},"canonical":"https:\/\/talkpal.ai\/is\/portugalska-malfraedi-aefingar\/","og_locale":"is_IS","og_type":"article","og_title":"Port\u00fagalska M\u00e1lfr\u00e6\u00f0i \u00c6fingar","og_description":"Port\u00fag\u00f6lsk m\u00e1lfr\u00e6\u00f0i efni A\u00f0 l\u00e6ra n\u00fdtt tungum\u00e1l getur veri\u00f0 spennandi og gefandi reynsla og port\u00fagalska er engin undantekning. Sem sj\u00f6tta tala\u00f0asta","og_url":"https:\/\/talkpal.ai\/is\/portugalska-malfraedi-aefingar\/","og_site_name":"Talkpal","article_publisher":"https:\/\/www.facebook.com\/profile.php?id=100090733639311","article_modified_time":"2025-12-17T16:19:50+00:00","og_image":[{"width":512,"height":512,"url":"https:\/\/talkpal.ai\/wp-content\/uploads\/2023\/04\/portugal.png","type":"image\/png"}],"twitter_card":"summary_large_image","twitter_site":"@talkpalai","twitter_misc":{"Est. reading time":"3 minutes"},"schema":{"@context":"https:\/\/schema.org","@graph":[{"@type":"WebPage","@id":"https:\/\/talkpal.ai\/is\/portugalska-malfraedi-aefingar\/","url":"https:\/\/talkpal.ai\/is\/portugalska-malfraedi-aefingar\/","name":"Port\u00fagalska M\u00e1lfr\u00e6\u00f0i \u00c6fingar - Talkpal","isPartOf":{"@id":"https:\/\/talkpal.ai\/is\/#website"},"primaryImageOfPage":{"@id":"https:\/\/talkpal.ai\/is\/portugalska-malfraedi-aefingar\/#primaryimage"},"image":{"@id":"https:\/\/talkpal.ai\/is\/portugalska-malfraedi-aefingar\/#primaryimage"},"thumbnailUrl":"https:\/\/talkpal.ai\/wp-content\/uploads\/2023\/04\/portugal.png","datePublished":"2023-06-16T10:42:00+00:00","dateModified":"2025-12-17T16:19:50+00:00","description":"Styrktu port\u00fag\u00f6lsku m\u00e1lfr\u00e6\u00f0ikunn\u00e1ttu \u00fe\u00edna me\u00f0 gagnvirkum \u00e6fingum sem eru hanna\u00f0ar fyrir \u00f6ll stig.","breadcrumb":{"@id":"https:\/\/talkpal.ai\/is\/portugalska-malfraedi-aefingar\/#breadcrumb"},"inLanguage":"is","potentialAction":[{"@type":"ReadAction","target":["https:\/\/talkpal.ai\/is\/portugalska-malfraedi-aefingar\/"]}]},{"@type":"ImageObject","inLanguage":"is","@id":"https:\/\/talkpal.ai\/is\/portugalska-malfraedi-aefingar\/#primaryimage","url":"https:\/\/talkpal.ai\/wp-content\/uploads\/2023\/04\/portugal.png","contentUrl":"https:\/\/talkpal.ai\/wp-content\/uploads\/2023\/04\/portugal.png","width":512,"height":512},{"@type":"BreadcrumbList","@id":"https:\/\/talkpal.ai\/is\/portugalska-malfraedi-aefingar\/#breadcrumb","itemListElement":[{"@type":"ListItem","position":1,"name":"Homepage","item":"https:\/\/talkpal.ai\/is\/"},{"@type":"ListItem","position":2,"name":"Port\u00fagalska M\u00e1lfr\u00e6\u00f0i \u00c6fingar"}]},{"@type":"WebSite","@id":"https:\/\/talkpal.ai\/is\/#website","url":"https:\/\/talkpal.ai\/is\/","name":"Talkpal","description":"AI Language Learning","publisher":{"@id":"https:\/\/talkpal.ai\/is\/#organization"},"alternateName":"Talkpal AI","potentialAction":[{"@type":"SearchAction","target":{"@type":"EntryPoint","urlTemplate":"https:\/\/talkpal.ai\/is\/?s={search_term_string}"},"query-input":{"@type":"PropertyValueSpecification","valueRequired":true,"valueName":"search_term_string"}}],"inLanguage":"is"},{"@type":"Organization","@id":"https:\/\/talkpal.ai\/is\/#organization","name":"Talkpal, Inc.","alternateName":"Talkpal AI","url":"https:\/\/talkpal.ai\/is\/","logo":{"@type":"ImageObject","inLanguage":"is","@id":"https:\/\/talkpal.ai\/is\/#\/schema\/logo\/image\/","url":"https:\/\/talkpal.ai\/wp-content\/uploads\/2024\/03\/Talkpal-Logo-Icon.png","contentUrl":"https:\/\/talkpal.ai\/wp-content\/uploads\/2024\/03\/Talkpal-Logo-Icon.png","width":2880,"height":2880,"caption":"Talkpal, Inc."},"image":{"@id":"https:\/\/talkpal.ai\/is\/#\/schema\/logo\/image\/"},"sameAs":["https:\/\/www.facebook.com\/profile.php?id=100090733639311","https:\/\/x.com\/talkpalai","https:\/\/www.linkedin.com\/company\/talkpal\/","https:\/\/www.youtube.com\/@TalkPal\/","https:\/\/www.tiktok.com\/@talkpal","https:\/\/www.instagram.com\/talkpal_ai\/","https:\/\/www.crunchbase.com\/organization\/talkpal-9cde","https:\/\/www.g2.com\/products\/talkpal-for-business\/","https:\/\/www.trustpilot.com\/review\/talkpal.ai","https:\/\/www.capterra.com\/p\/10006800\/TalkPal\/"],"description":"Talkpal is a language learning web and mobile education app, powered by the latest AI technologies, that provides engaging experiences to its customers in many different languages to help them improve their language skills. Users can chat about unlimited amount of topics with the app and use other modes to practice their language learning.","email":"support@talkpal.ai","legalName":"Talkpal, Inc.","foundingDate":"2023-04-03","duns":"118989042","numberOfEmployees":{"@type":"QuantitativeValue","minValue":"11","maxValue":"50"},"publishingPrinciples":"https:\/\/talkpal.ai\/publishing-principles\/","actionableFeedbackPolicy":"https:\/\/talkpal.ai\/actionable-feedback-policy\/","correctionsPolicy":"https:\/\/talkpal.ai\/corrections-policy\/","ethicsPolicy":"https:\/\/talkpal.ai\/ethics-policy\/","diversityPolicy":"https:\/\/talkpal.ai\/diversity-policy\/","diversityStaffingReport":"https:\/\/talkpal.ai\/diversity-policy\/"}]}},"_links":{"self":[{"href":"https:\/\/talkpal.ai\/is\/wp-json\/wp\/v2\/pages\/135509","targetHints":{"allow":["GET"]}}],"collection":[{"href":"https:\/\/talkpal.ai\/is\/wp-json\/wp\/v2\/pages"}],"about":[{"href":"https:\/\/talkpal.ai\/is\/wp-json\/wp\/v2\/types\/page"}],"author":[{"embeddable":true,"href":"https:\/\/talkpal.ai\/is\/wp-json\/wp\/v2\/users\/6"}],"replies":[{"embeddable":true,"href":"https:\/\/talkpal.ai\/is\/wp-json\/wp\/v2\/comments?post=135509"}],"version-history":[{"count":0,"href":"https:\/\/talkpal.ai\/is\/wp-json\/wp\/v2\/pages\/135509\/revisions"}],"wp:featuredmedia":[{"embeddable":true,"href":"https:\/\/talkpal.ai\/is\/wp-json\/wp\/v2\/media\/107859"}],"wp:attachment":[{"href":"https:\/\/talkpal.ai\/is\/wp-json\/wp\/v2\/media?parent=135509"}],"curies":[{"name":"wp","href":"https:\/\/api.w.org\/{rel}","templated":true}]}}