{"id":135132,"date":"2023-06-16T10:27:33","date_gmt":"2023-06-16T10:27:33","guid":{"rendered":"http:\/\/talkpal.ai\/koreska-malfraedi-aefingar\/"},"modified":"2025-12-17T16:57:59","modified_gmt":"2025-12-17T16:57:59","slug":"koreska-malfraedi-aefingar","status":"publish","type":"page","link":"https:\/\/talkpal.ai\/is\/koreska-malfraedi-aefingar\/","title":{"rendered":"K\u00f3reska M\u00e1lfr\u00e6\u00f0i \u00c6fingar"},"content":{"rendered":"\r\n\r\n\r\n<section class=\"languageChallengeSection\">\r\n    <div class=\"languageInfoWrapper\">\r\n        \r\n        <h1>K\u00f3reska M\u00e1lfr\u00e6\u00f0i \u00c6fingar<\/h1>\r\n        <p>Langar \u00feig a\u00f0 styrkja k\u00f3reskukunn\u00e1ttu \u00fe\u00edna? A\u00f0 einbeita s\u00e9r a\u00f0 m\u00e1lfr\u00e6\u00f0i\u00e6fingum er fr\u00e1b\u00e6r lei\u00f0 til a\u00f0 n\u00e1 t\u00f6kum \u00e1 setningager\u00f0, sagnor\u00f0aendingum og daglegum or\u00f0asamb\u00f6ndum. Kaf\u00f0u \u00fe\u00e9r til og \u00e6f\u00f0u <a href=\"https:\/\/talkpal.ai\/learn-korean\/\">k\u00f3reska<\/a> <a href=\"https:\/\/talkpal.ai\/grammar\/\">m\u00e1lfr\u00e6\u00f0i<\/a> reglulega \u2014 hver \u00e6fing f\u00e6rir \u00feig n\u00e6r n\u00e1tt\u00farulegum og \u00f6ruggum samskiptum. Byrja\u00f0u \u00ed dag og horf\u00f0u \u00e1 k\u00f3reskukunn\u00e1ttu \u00fe\u00edna vaxa skref fyrir skref!<\/p>\r\n\r\n                            <a class=\"getStartedHidden\" href=\"https:\/\/app.talkpal.ai\/signup?lng=\">Byrja\u00f0u<\/a>\r\n        \r\n    <\/div>\r\n\r\n    <figure>\r\n    <img decoding=\"async\" width=\"768\" height=\"768\" src=\"https:\/\/talkpal.ai\/wp-content\/uploads\/2023\/06\/korean-768x768.png\" class=\"languageImage no-lazy\" alt=\"Line-by-line learning for language acquisition\" fetchpriority=\"high\" sizes=\"(max-width: 768px) 150px, 768px\" srcset=\"https:\/\/talkpal.ai\/wp-content\/uploads\/2023\/06\/korean-768x768.png 768w, https:\/\/talkpal.ai\/wp-content\/uploads\/2023\/06\/korean-300x300.png 300w\" \/>\r\n    \r\n\r\n    <\/figure>\r\n\r\n            <a class=\"getStartedVisible\" href=\"https:\/\/app.talkpal.ai\/signup?lng=\">Byrja\u00f0u<\/a>\r\n    \r\n<\/section>\r\n\r\n\r\n<!-- <section class=\"grammarSection\">\r\n    <div class=\"grammarLinks\">\r\n            <\/div>\r\n<\/section> -->\r\n\r\n\r\n\r\n\r\n<section class=\"promotionalBanner\">\r\n    <p class=\"promotionalText\">Skilvirkasta lei\u00f0in til a\u00f0 l\u00e6ra tungum\u00e1l<\/p>\r\n    <a class=\"promotionalLink\" href=\"https:\/\/app.talkpal.ai\/signup?lng=\">Pr\u00f3fa\u00f0u Talkpal \u00f3keypis<\/a>\r\n<\/section>\n<div class=\"wp-block-group pageContainerStyle\"><div class=\"wp-block-group__inner-container is-layout-constrained wp-block-group-is-layout-constrained\">\n<h2 class=\"wp-block-heading\" id=\"h-korean-grammar-topics\">K\u00f3resk m\u00e1lfr\u00e6\u00f0i efni<\/h2>\n\n\n\n<p>A\u00f0 l\u00e6ra k\u00f3resku getur veri\u00f0 spennandi og gefandi reynsla \u00fear sem \u00fea\u00f0 opnar n\u00fd menningar- og atvinnut\u00e6kif\u00e6ri. K\u00f3reska tungum\u00e1li\u00f0 \u00e1 s\u00e9r r\u00edka s\u00f6gu og er tala\u00f0 af millj\u00f3num manna um allan heim. Einn lykil\u00fe\u00e1tturinn \u00ed \u00fev\u00ed a\u00f0 l\u00e6ra hva\u00f0a tungum\u00e1l sem er er a\u00f0 skilja m\u00e1lfr\u00e6\u00f0i \u00feess. \u00deegar um k\u00f3resku er a\u00f0 r\u00e6\u00f0a er m\u00e1lfr\u00e6\u00f0in nokku\u00f0 fr\u00e1brug\u00f0in m\u00f6rgum vestr\u00e6num tungum\u00e1lum, en me\u00f0 r\u00e9ttri n\u00e1lgun er h\u00e6gt a\u00f0 skilja hana kerfisbundi\u00f0. \u00cd \u00feessari grein munum vi\u00f0 kanna \u00fdmis k\u00f3resk m\u00e1lfr\u00e6\u00f0iefni, \u00fear \u00e1 me\u00f0al t\u00ed\u00f0ir, sagnir, nafnor\u00f0, greinar, forn\u00f6fn, l\u00fdsingaror\u00f0, atviksor\u00f0, forsetningar og setningager\u00f0. Me\u00f0 \u00fev\u00ed a\u00f0 skilja og n\u00e1 t\u00f6kum \u00e1 \u00feessum hugt\u00f6kum muntu vera \u00e1 g\u00f3\u00f0ri lei\u00f0 me\u00f0 a\u00f0 ver\u00f0a vandvirkur \u00ed k\u00f3resku.<\/p>\n\n\n\n<h3 class=\"wp-block-heading\" id=\"h-1-nouns\">1. Nafnor\u00f0:<\/h3>\n\n\n\n<p>\u00c1 k\u00f3resku eru nafnor\u00f0 nau\u00f0synlegir byggingareiningar setninga. \u00deeir t\u00e1kna f\u00f3lk, sta\u00f0i, hluti e\u00f0a hugmyndir. K\u00f3resk nafnor\u00f0 hafa ekki kyn- e\u00f0a talnamun, sem gerir \u00feau tilt\u00f6lulega einf\u00f6ld a\u00f0 l\u00e6ra. A\u00f0 kynna \u00fe\u00e9r algeng k\u00f3resk nafnor\u00f0 mun hj\u00e1lpa \u00fe\u00e9r a\u00f0 byggja upp sterkan or\u00f0afor\u00f0agrunn.<\/p>\n\n\n\n<h3 class=\"wp-block-heading\" id=\"h-2-verbs\">2. Sagnir:<\/h3>\n\n\n\n<p>K\u00f3reskar sagnir eru mikilv\u00e6gar til a\u00f0 koma \u00e1 framf\u00e6ri a\u00f0ger\u00f0um og tilveru\u00e1standi. \u00deeir koma venjulega \u00ed lok setningar og hafa \u00fdmis form eftir spennu og kurteisi. Skilningur \u00e1 beygingarreglum fyrir mismunandi sagnaform er nau\u00f0synlegur fyrir skilvirk samskipti \u00e1 k\u00f3resku.<\/p>\n\n\n\n<h3 class=\"wp-block-heading\" id=\"h-3-adjectives\">3. L\u00fdsingaror\u00f0:<\/h3>\n\n\n\n<p>\u00c1 k\u00f3resku eru l\u00fdsingaror\u00f0 notu\u00f0 til a\u00f0 l\u00fdsa nafnor\u00f0um og hafa svipa\u00f0ar beygingarreglur og sagnir. \u00deeir geta veri\u00f0 nota\u00f0ir fyrir e\u00f0a eftir nafnor\u00f0i og form \u00feeirra getur breyst eftir spennu og kurteisi. A\u00f0 l\u00e6ra algeng l\u00fdsingaror\u00f0 og notkun \u00feeirra mun auka l\u00fdsandi h\u00e6fileika \u00fe\u00edna \u00e1 k\u00f3resku.<\/p>\n\n\n\n<h3 class=\"wp-block-heading\" id=\"h-4-adverbs\">4. Atviksor\u00f0:<\/h3>\n\n\n\n<p>Atviksor\u00f0 \u00e1 k\u00f3resku veita frekari uppl\u00fdsingar um sagnir, l\u00fdsingaror\u00f0 e\u00f0a \u00f6nnur atviksor\u00f0. \u00deeir koma venjulega \u00e1 undan or\u00f0inu sem \u00feeir breyta og hafa ekki s\u00e9rstakar beygingarreglur. A\u00f0 fella atviksor\u00f0 inn \u00ed k\u00f3resku setningarnar \u00fe\u00ednar getur b\u00e6tt d\u00fdpt og bl\u00e6brig\u00f0i vi\u00f0 tj\u00e1ningu \u00fe\u00edna.<\/p>\n\n\n\n<h3 class=\"wp-block-heading\" id=\"h-5-pronouns\">5. Forn\u00f6fn:<\/h3>\n\n\n\n<p>K\u00f3resk forn\u00f6fn hj\u00e1lpa til vi\u00f0 a\u00f0 for\u00f0ast offrambo\u00f0 og <a href=\"https:\/\/talkpal.ai\/locations\/language-courses-in-gera\/\">gera<\/a> setningar hnitmi\u00f0a\u00f0ri. \u00deeir koma \u00ed sta\u00f0 nafnor\u00f0a sem \u00feegar hafa veri\u00f0 nefnd e\u00f0a eru skilin \u00ed samhengi. K\u00f3resk forn\u00f6fn hafa mismunandi form byggt \u00e1 f\u00e9lagslegri st\u00f6\u00f0u og kyni vi\u00f0fangsefnisins, sem gerir \u00feau a\u00f0 mikilv\u00e6gum \u00fe\u00e6tti tungum\u00e1lsins til a\u00f0 n\u00e1 t\u00f6kum \u00e1.<\/p>\n\n\n\n<h3 class=\"wp-block-heading\" id=\"h-6-prepositions\">6. Forsetningar:<\/h3>\n\n\n\n<p>\u00c1 k\u00f3resku eru forsetningar nota\u00f0ar til a\u00f0 tj\u00e1 tengsl nafnor\u00f0a \u00ed setningu, svo sem sta\u00f0setningu, stefnu e\u00f0a eignarfall. \u00d3l\u00edkt ensku koma k\u00f3reskar forsetningar venjulega \u00e1 eftir nafnor\u00f0inu sem \u00fe\u00e6r breyta og mynda eina einingu sem kallast afst\u00f6\u00f0usetning. A\u00f0 skilja r\u00e9tta notkun \u00feessara agna er mikilv\u00e6gt til a\u00f0 b\u00faa til samfelldar k\u00f3reskar setningar.<\/p>\n\n\n\n<h3 class=\"wp-block-heading\" id=\"h-7-sentence-structure\">7. Setningaskipan:<\/h3>\n\n\n\n<p>Grunnuppbygging k\u00f3reskrar setningar er <a href=\"https:\/\/talkpal.ai\/culture\/how-do-you-structure-a-sentence-using-subject-object-verb-order-in-uzbek\/\">subject-object-verb<\/a> (SOV). \u00deetta \u00fe\u00fd\u00f0ir a\u00f0 s\u00f6gnin kemur venjulega s\u00ed\u00f0ast \u00ed setningu, sem getur veri\u00f0 veruleg breyting fyrir <a href=\"https:\/\/talkpal.ai\/english-speaking-course\/\">enskum\u00e6landi<\/a>. A\u00f0 l\u00e6ra r\u00e9tta or\u00f0ar\u00f6\u00f0 og setningager\u00f0 gerir \u00fe\u00e9r kleift a\u00f0 eiga skilvirkari samskipti \u00e1 k\u00f3resku.<\/p>\n\n\n\n<h3 class=\"wp-block-heading\" id=\"h-8-tenses-indicative-and-subjunctive\">8. Spennur lei\u00f0beinandi og vi\u00f0tengingarh\u00e1ttur:<\/h3>\n\n\n\n<p>K\u00f3reska hefur mismunandi sagnaform til a\u00f0 tj\u00e1 a\u00f0ger\u00f0ir e\u00f0a r\u00edki \u00ed fort\u00ed\u00f0, n\u00fat\u00ed\u00f0 og framt\u00ed\u00f0. Lei\u00f0beinandi stemningin er notu\u00f0 fyrir sta\u00f0h\u00e6fingar um sta\u00f0reyndir, en vi\u00f0tengingarh\u00e1ttur gefur til kynna \u00f3vissu, m\u00f6guleika e\u00f0a \u00edmynda\u00f0ar a\u00f0st\u00e6\u00f0ur. A\u00f0 \u00feekkja og nota \u00feessi sagnaform r\u00e9tt er nau\u00f0synlegt fyrir sk\u00fdr samskipti \u00e1 k\u00f3resku.<\/p>\n\n\n\n<h3 class=\"wp-block-heading\" id=\"h-9-tense-comparison\">9. Spenntur samanbur\u00f0ur:<\/h3>\n\n\n\n<p>A\u00f0 bera saman atbur\u00f0i \u00ed mismunandi t\u00edmaramma krefst skilnings \u00e1 bl\u00e6brig\u00f0um k\u00f3reskrar sagnbeygingar. Me\u00f0 \u00fev\u00ed a\u00f0 l\u00e6ra hvernig \u00e1 a\u00f0 bera saman atbur\u00f0i \u00ed fort\u00ed\u00f0, n\u00fat\u00ed\u00f0 og framt\u00ed\u00f0 me\u00f0 \u00fev\u00ed a\u00f0 nota vi\u00f0eigandi sagnaform getur\u00f0u komi\u00f0 fl\u00f3knum hugmyndum og samb\u00f6ndum \u00e1 framf\u00e6ri \u00e1 k\u00f3resku.<\/p>\n\n\n\n<h3 class=\"wp-block-heading\" id=\"h-10-articles\">10. Greinar:<\/h3>\n\n\n\n<p>\u00d3l\u00edkt ensku hefur k\u00f3reska ekki \u00e1kve\u00f0nar e\u00f0a \u00f3\u00e1kve\u00f0nar greinar. \u00deess \u00ed sta\u00f0 byggir tungum\u00e1li\u00f0 \u00e1 samhengi og notkun tiltekinna agna til a\u00f0 koma \u00e1 framf\u00e6ri skilgreiningu e\u00f0a \u00f3\u00e1kve\u00f0ni nafnor\u00f0s. A\u00f0 n\u00e1 t\u00f6kum \u00e1 \u00feessum agnum gerir \u00fe\u00e9r kleift a\u00f0 tj\u00e1 \u00feig n\u00e1kv\u00e6mari \u00e1 k\u00f3resku.<\/p>\n<\/div><\/div>\n\r\n<section class=\"learnNavigationSection\">\r\n            \r\n        <a href=\"https:\/\/talkpal.ai\/is\/laerdu-koresku\/\">\r\n            <div class=\"learnNavigationWrapper\">\r\n                <div class=\"learnNavigationContent\">\r\n                    <img decoding=\"async\" src=\"https:\/\/talkpal.ai\/wp-content\/uploads\/2024\/08\/Korean.jpg\" alt=\"Korean Flag\">\r\n                    <div>\r\n                        <h4>Um k\u00f3reskun\u00e1m<\/h4>\r\n                        <p>Finndu \u00fat allt um k\u00f3reska m\u00e1lfr\u00e6\u00f0i.<\/p>\r\n                    <\/div>\r\n                <\/div>\r\n            <\/div>\r\n        <\/a>\r\n\r\n        \r\n        <a href=\"https:\/\/talkpal.ai\/is\/koresk-malfraedi\/\">\r\n            <div class=\"learnNavigationWrapper\">\r\n                <div class=\"learnNavigationContent\">\r\n                    <img decoding=\"async\" src=\"https:\/\/talkpal.ai\/wp-content\/uploads\/2024\/08\/Korean.jpg\" alt=\"Korean Flag\">\r\n                    <div>\r\n                        <h4>K\u00f3resk m\u00e1lfr\u00e6\u00f0ikennsla<\/h4>\r\n                        <p>\u00c6f\u00f0u k\u00f3reska m\u00e1lfr\u00e6\u00f0i.<\/p>\r\n                    <\/div>\r\n                <\/div>\r\n            <\/div>\r\n        <\/a>\r\n\r\n        \r\n        <a href=\"https:\/\/talkpal.ai\/vocabulary_language\/korean\/\">\r\n            <div class=\"learnNavigationWrapper\">\r\n                <div class=\"learnNavigationContent\">\r\n                    <img decoding=\"async\" src=\"https:\/\/talkpal.ai\/wp-content\/uploads\/2024\/08\/Korean.jpg\" alt=\"Korean Flag\">\r\n                    <div>\r\n                        <h4>K\u00f3reskur or\u00f0afor\u00f0i<\/h4>\r\n                        <p>St\u00e6kka\u00f0u k\u00f3reskan or\u00f0afor\u00f0a \u00feinn.<\/p>\r\n                    <\/div>\r\n                <\/div>\r\n            <\/div>\r\n        <\/a>\r\n\r\n            <\/section>","protected":false},"excerpt":{"rendered":"<p>K\u00f3resk m\u00e1lfr\u00e6\u00f0i efni A\u00f0 l\u00e6ra k\u00f3resku getur veri\u00f0 spennandi og gefandi reynsla \u00fear sem \u00fea\u00f0 opnar n\u00fd menningar- og atvinnut\u00e6kif\u00e6ri. K\u00f3reska tungum\u00e1li\u00f0 \u00e1 s\u00e9r r\u00edka s\u00f6gu og er tala\u00f0 af millj\u00f3num manna um allan heim. Einn lykil\u00fe\u00e1tturinn \u00ed \u00fev\u00ed a\u00f0 l\u00e6ra hva\u00f0a tungum\u00e1l sem er er a\u00f0 skilja m\u00e1lfr\u00e6\u00f0i \u00feess. \u00deegar um k\u00f3resku er a\u00f0 [&hellip;]<\/p>\n","protected":false},"author":6,"featured_media":107722,"parent":0,"menu_order":0,"comment_status":"closed","ping_status":"closed","template":"LearningContentPage.php","meta":{"_acf_changed":false,"footnotes":""},"class_list":["post-135132","page","type-page","status-publish","has-post-thumbnail","hentry"],"acf":[],"yoast_head":"<!-- This site is optimized with the Yoast SEO Premium plugin v27.2 (Yoast SEO v27.2) - https:\/\/yoast.com\/product\/yoast-seo-premium-wordpress\/ -->\n<title>K\u00f3reska M\u00e1lfr\u00e6\u00f0i \u00c6fingar - Talkpal<\/title>\n<meta name=\"description\" content=\"B\u00e6ttu k\u00f3resku m\u00e1lfr\u00e6\u00f0ina \u00fe\u00edna au\u00f0veldlega - \u00e6f\u00f0u \u00feig me\u00f0 gagnvirkum \u00e6fingum, n\u00e1\u00f0u t\u00f6kum \u00e1 tungum\u00e1lamynstri og bygg\u00f0u upp sj\u00e1lfstraust\" \/>\n<meta name=\"robots\" content=\"index, follow, max-snippet:-1, max-image-preview:large, max-video-preview:-1\" \/>\n<link rel=\"canonical\" href=\"https:\/\/talkpal.ai\/is\/koreska-malfraedi-aefingar\/\" \/>\n<meta property=\"og:locale\" content=\"is_IS\" \/>\n<meta property=\"og:type\" content=\"article\" \/>\n<meta property=\"og:title\" content=\"K\u00f3reska M\u00e1lfr\u00e6\u00f0i \u00c6fingar\" \/>\n<meta property=\"og:description\" content=\"K\u00f3resk m\u00e1lfr\u00e6\u00f0i efni A\u00f0 l\u00e6ra k\u00f3resku getur veri\u00f0 spennandi og gefandi reynsla \u00fear sem \u00fea\u00f0 opnar n\u00fd menningar- og atvinnut\u00e6kif\u00e6ri. K\u00f3reska tungum\u00e1li\u00f0 \u00e1 s\u00e9r\" \/>\n<meta property=\"og:url\" content=\"https:\/\/talkpal.ai\/is\/koreska-malfraedi-aefingar\/\" \/>\n<meta property=\"og:site_name\" content=\"Talkpal\" \/>\n<meta property=\"article:publisher\" content=\"https:\/\/www.facebook.com\/profile.php?id=100090733639311\" \/>\n<meta property=\"article:modified_time\" content=\"2025-12-17T16:57:59+00:00\" \/>\n<meta property=\"og:image\" content=\"https:\/\/talkpal.ai\/wp-content\/uploads\/2023\/04\/south-korea.png\" \/>\n\t<meta property=\"og:image:width\" content=\"512\" \/>\n\t<meta property=\"og:image:height\" content=\"512\" \/>\n\t<meta property=\"og:image:type\" content=\"image\/png\" \/>\n<meta name=\"twitter:card\" content=\"summary_large_image\" \/>\n<meta name=\"twitter:site\" content=\"@talkpalai\" \/>\n<meta name=\"twitter:label1\" content=\"Est. reading time\" \/>\n\t<meta name=\"twitter:data1\" content=\"4 minutes\" \/>\n<script type=\"application\/ld+json\" class=\"yoast-schema-graph\">{\"@context\":\"https:\/\/schema.org\",\"@graph\":[{\"@type\":\"WebPage\",\"@id\":\"https:\/\/talkpal.ai\/is\/koreska-malfraedi-aefingar\/\",\"url\":\"https:\/\/talkpal.ai\/is\/koreska-malfraedi-aefingar\/\",\"name\":\"K\u00f3reska M\u00e1lfr\u00e6\u00f0i \u00c6fingar - Talkpal\",\"isPartOf\":{\"@id\":\"https:\/\/talkpal.ai\/is\/#website\"},\"primaryImageOfPage\":{\"@id\":\"https:\/\/talkpal.ai\/is\/koreska-malfraedi-aefingar\/#primaryimage\"},\"image\":{\"@id\":\"https:\/\/talkpal.ai\/is\/koreska-malfraedi-aefingar\/#primaryimage\"},\"thumbnailUrl\":\"https:\/\/talkpal.ai\/wp-content\/uploads\/2023\/04\/south-korea.png\",\"datePublished\":\"2023-06-16T10:27:33+00:00\",\"dateModified\":\"2025-12-17T16:57:59+00:00\",\"description\":\"B\u00e6ttu k\u00f3resku m\u00e1lfr\u00e6\u00f0ina \u00fe\u00edna au\u00f0veldlega - \u00e6f\u00f0u \u00feig me\u00f0 gagnvirkum \u00e6fingum, n\u00e1\u00f0u t\u00f6kum \u00e1 tungum\u00e1lamynstri og bygg\u00f0u upp sj\u00e1lfstraust\",\"breadcrumb\":{\"@id\":\"https:\/\/talkpal.ai\/is\/koreska-malfraedi-aefingar\/#breadcrumb\"},\"inLanguage\":\"is\",\"potentialAction\":[{\"@type\":\"ReadAction\",\"target\":[\"https:\/\/talkpal.ai\/is\/koreska-malfraedi-aefingar\/\"]}]},{\"@type\":\"ImageObject\",\"inLanguage\":\"is\",\"@id\":\"https:\/\/talkpal.ai\/is\/koreska-malfraedi-aefingar\/#primaryimage\",\"url\":\"https:\/\/talkpal.ai\/wp-content\/uploads\/2023\/04\/south-korea.png\",\"contentUrl\":\"https:\/\/talkpal.ai\/wp-content\/uploads\/2023\/04\/south-korea.png\",\"width\":512,\"height\":512},{\"@type\":\"BreadcrumbList\",\"@id\":\"https:\/\/talkpal.ai\/is\/koreska-malfraedi-aefingar\/#breadcrumb\",\"itemListElement\":[{\"@type\":\"ListItem\",\"position\":1,\"name\":\"Homepage\",\"item\":\"https:\/\/talkpal.ai\/is\/\"},{\"@type\":\"ListItem\",\"position\":2,\"name\":\"K\u00f3reska M\u00e1lfr\u00e6\u00f0i \u00c6fingar\"}]},{\"@type\":\"WebSite\",\"@id\":\"https:\/\/talkpal.ai\/is\/#website\",\"url\":\"https:\/\/talkpal.ai\/is\/\",\"name\":\"Talkpal\",\"description\":\"AI Language Learning\",\"publisher\":{\"@id\":\"https:\/\/talkpal.ai\/is\/#organization\"},\"alternateName\":\"Talkpal AI\",\"potentialAction\":[{\"@type\":\"SearchAction\",\"target\":{\"@type\":\"EntryPoint\",\"urlTemplate\":\"https:\/\/talkpal.ai\/is\/?s={search_term_string}\"},\"query-input\":{\"@type\":\"PropertyValueSpecification\",\"valueRequired\":true,\"valueName\":\"search_term_string\"}}],\"inLanguage\":\"is\"},{\"@type\":\"Organization\",\"@id\":\"https:\/\/talkpal.ai\/is\/#organization\",\"name\":\"Talkpal, Inc.\",\"alternateName\":\"Talkpal AI\",\"url\":\"https:\/\/talkpal.ai\/is\/\",\"logo\":{\"@type\":\"ImageObject\",\"inLanguage\":\"is\",\"@id\":\"https:\/\/talkpal.ai\/is\/#\/schema\/logo\/image\/\",\"url\":\"https:\/\/talkpal.ai\/wp-content\/uploads\/2024\/03\/Talkpal-Logo-Icon.png\",\"contentUrl\":\"https:\/\/talkpal.ai\/wp-content\/uploads\/2024\/03\/Talkpal-Logo-Icon.png\",\"width\":2880,\"height\":2880,\"caption\":\"Talkpal, Inc.\"},\"image\":{\"@id\":\"https:\/\/talkpal.ai\/is\/#\/schema\/logo\/image\/\"},\"sameAs\":[\"https:\/\/www.facebook.com\/profile.php?id=100090733639311\",\"https:\/\/x.com\/talkpalai\",\"https:\/\/www.linkedin.com\/company\/talkpal\/\",\"https:\/\/www.youtube.com\/@TalkPal\/\",\"https:\/\/www.tiktok.com\/@talkpal\",\"https:\/\/www.instagram.com\/talkpal_ai\/\",\"https:\/\/www.crunchbase.com\/organization\/talkpal-9cde\",\"https:\/\/www.g2.com\/products\/talkpal-for-business\/\",\"https:\/\/www.trustpilot.com\/review\/talkpal.ai\",\"https:\/\/www.capterra.com\/p\/10006800\/TalkPal\/\"],\"description\":\"Talkpal is a language learning web and mobile education app, powered by the latest AI technologies, that provides engaging experiences to its customers in many different languages to help them improve their language skills. Users can chat about unlimited amount of topics with the app and use other modes to practice their language learning.\",\"email\":\"support@talkpal.ai\",\"legalName\":\"Talkpal, Inc.\",\"foundingDate\":\"2023-04-03\",\"duns\":\"118989042\",\"numberOfEmployees\":{\"@type\":\"QuantitativeValue\",\"minValue\":\"11\",\"maxValue\":\"50\"},\"publishingPrinciples\":\"https:\/\/talkpal.ai\/publishing-principles\/\",\"actionableFeedbackPolicy\":\"https:\/\/talkpal.ai\/actionable-feedback-policy\/\",\"correctionsPolicy\":\"https:\/\/talkpal.ai\/corrections-policy\/\",\"ethicsPolicy\":\"https:\/\/talkpal.ai\/ethics-policy\/\",\"diversityPolicy\":\"https:\/\/talkpal.ai\/diversity-policy\/\",\"diversityStaffingReport\":\"https:\/\/talkpal.ai\/diversity-policy\/\"}]}<\/script>\n<!-- \/ Yoast SEO Premium plugin. -->","yoast_head_json":{"title":"K\u00f3reska M\u00e1lfr\u00e6\u00f0i \u00c6fingar - Talkpal","description":"B\u00e6ttu k\u00f3resku m\u00e1lfr\u00e6\u00f0ina \u00fe\u00edna au\u00f0veldlega - \u00e6f\u00f0u \u00feig me\u00f0 gagnvirkum \u00e6fingum, n\u00e1\u00f0u t\u00f6kum \u00e1 tungum\u00e1lamynstri og bygg\u00f0u upp sj\u00e1lfstraust","robots":{"index":"index","follow":"follow","max-snippet":"max-snippet:-1","max-image-preview":"max-image-preview:large","max-video-preview":"max-video-preview:-1"},"canonical":"https:\/\/talkpal.ai\/is\/koreska-malfraedi-aefingar\/","og_locale":"is_IS","og_type":"article","og_title":"K\u00f3reska M\u00e1lfr\u00e6\u00f0i \u00c6fingar","og_description":"K\u00f3resk m\u00e1lfr\u00e6\u00f0i efni A\u00f0 l\u00e6ra k\u00f3resku getur veri\u00f0 spennandi og gefandi reynsla \u00fear sem \u00fea\u00f0 opnar n\u00fd menningar- og atvinnut\u00e6kif\u00e6ri. K\u00f3reska tungum\u00e1li\u00f0 \u00e1 s\u00e9r","og_url":"https:\/\/talkpal.ai\/is\/koreska-malfraedi-aefingar\/","og_site_name":"Talkpal","article_publisher":"https:\/\/www.facebook.com\/profile.php?id=100090733639311","article_modified_time":"2025-12-17T16:57:59+00:00","og_image":[{"width":512,"height":512,"url":"https:\/\/talkpal.ai\/wp-content\/uploads\/2023\/04\/south-korea.png","type":"image\/png"}],"twitter_card":"summary_large_image","twitter_site":"@talkpalai","twitter_misc":{"Est. reading time":"4 minutes"},"schema":{"@context":"https:\/\/schema.org","@graph":[{"@type":"WebPage","@id":"https:\/\/talkpal.ai\/is\/koreska-malfraedi-aefingar\/","url":"https:\/\/talkpal.ai\/is\/koreska-malfraedi-aefingar\/","name":"K\u00f3reska M\u00e1lfr\u00e6\u00f0i \u00c6fingar - Talkpal","isPartOf":{"@id":"https:\/\/talkpal.ai\/is\/#website"},"primaryImageOfPage":{"@id":"https:\/\/talkpal.ai\/is\/koreska-malfraedi-aefingar\/#primaryimage"},"image":{"@id":"https:\/\/talkpal.ai\/is\/koreska-malfraedi-aefingar\/#primaryimage"},"thumbnailUrl":"https:\/\/talkpal.ai\/wp-content\/uploads\/2023\/04\/south-korea.png","datePublished":"2023-06-16T10:27:33+00:00","dateModified":"2025-12-17T16:57:59+00:00","description":"B\u00e6ttu k\u00f3resku m\u00e1lfr\u00e6\u00f0ina \u00fe\u00edna au\u00f0veldlega - \u00e6f\u00f0u \u00feig me\u00f0 gagnvirkum \u00e6fingum, n\u00e1\u00f0u t\u00f6kum \u00e1 tungum\u00e1lamynstri og bygg\u00f0u upp sj\u00e1lfstraust","breadcrumb":{"@id":"https:\/\/talkpal.ai\/is\/koreska-malfraedi-aefingar\/#breadcrumb"},"inLanguage":"is","potentialAction":[{"@type":"ReadAction","target":["https:\/\/talkpal.ai\/is\/koreska-malfraedi-aefingar\/"]}]},{"@type":"ImageObject","inLanguage":"is","@id":"https:\/\/talkpal.ai\/is\/koreska-malfraedi-aefingar\/#primaryimage","url":"https:\/\/talkpal.ai\/wp-content\/uploads\/2023\/04\/south-korea.png","contentUrl":"https:\/\/talkpal.ai\/wp-content\/uploads\/2023\/04\/south-korea.png","width":512,"height":512},{"@type":"BreadcrumbList","@id":"https:\/\/talkpal.ai\/is\/koreska-malfraedi-aefingar\/#breadcrumb","itemListElement":[{"@type":"ListItem","position":1,"name":"Homepage","item":"https:\/\/talkpal.ai\/is\/"},{"@type":"ListItem","position":2,"name":"K\u00f3reska M\u00e1lfr\u00e6\u00f0i \u00c6fingar"}]},{"@type":"WebSite","@id":"https:\/\/talkpal.ai\/is\/#website","url":"https:\/\/talkpal.ai\/is\/","name":"Talkpal","description":"AI Language Learning","publisher":{"@id":"https:\/\/talkpal.ai\/is\/#organization"},"alternateName":"Talkpal AI","potentialAction":[{"@type":"SearchAction","target":{"@type":"EntryPoint","urlTemplate":"https:\/\/talkpal.ai\/is\/?s={search_term_string}"},"query-input":{"@type":"PropertyValueSpecification","valueRequired":true,"valueName":"search_term_string"}}],"inLanguage":"is"},{"@type":"Organization","@id":"https:\/\/talkpal.ai\/is\/#organization","name":"Talkpal, Inc.","alternateName":"Talkpal AI","url":"https:\/\/talkpal.ai\/is\/","logo":{"@type":"ImageObject","inLanguage":"is","@id":"https:\/\/talkpal.ai\/is\/#\/schema\/logo\/image\/","url":"https:\/\/talkpal.ai\/wp-content\/uploads\/2024\/03\/Talkpal-Logo-Icon.png","contentUrl":"https:\/\/talkpal.ai\/wp-content\/uploads\/2024\/03\/Talkpal-Logo-Icon.png","width":2880,"height":2880,"caption":"Talkpal, Inc."},"image":{"@id":"https:\/\/talkpal.ai\/is\/#\/schema\/logo\/image\/"},"sameAs":["https:\/\/www.facebook.com\/profile.php?id=100090733639311","https:\/\/x.com\/talkpalai","https:\/\/www.linkedin.com\/company\/talkpal\/","https:\/\/www.youtube.com\/@TalkPal\/","https:\/\/www.tiktok.com\/@talkpal","https:\/\/www.instagram.com\/talkpal_ai\/","https:\/\/www.crunchbase.com\/organization\/talkpal-9cde","https:\/\/www.g2.com\/products\/talkpal-for-business\/","https:\/\/www.trustpilot.com\/review\/talkpal.ai","https:\/\/www.capterra.com\/p\/10006800\/TalkPal\/"],"description":"Talkpal is a language learning web and mobile education app, powered by the latest AI technologies, that provides engaging experiences to its customers in many different languages to help them improve their language skills. Users can chat about unlimited amount of topics with the app and use other modes to practice their language learning.","email":"support@talkpal.ai","legalName":"Talkpal, Inc.","foundingDate":"2023-04-03","duns":"118989042","numberOfEmployees":{"@type":"QuantitativeValue","minValue":"11","maxValue":"50"},"publishingPrinciples":"https:\/\/talkpal.ai\/publishing-principles\/","actionableFeedbackPolicy":"https:\/\/talkpal.ai\/actionable-feedback-policy\/","correctionsPolicy":"https:\/\/talkpal.ai\/corrections-policy\/","ethicsPolicy":"https:\/\/talkpal.ai\/ethics-policy\/","diversityPolicy":"https:\/\/talkpal.ai\/diversity-policy\/","diversityStaffingReport":"https:\/\/talkpal.ai\/diversity-policy\/"}]}},"_links":{"self":[{"href":"https:\/\/talkpal.ai\/is\/wp-json\/wp\/v2\/pages\/135132","targetHints":{"allow":["GET"]}}],"collection":[{"href":"https:\/\/talkpal.ai\/is\/wp-json\/wp\/v2\/pages"}],"about":[{"href":"https:\/\/talkpal.ai\/is\/wp-json\/wp\/v2\/types\/page"}],"author":[{"embeddable":true,"href":"https:\/\/talkpal.ai\/is\/wp-json\/wp\/v2\/users\/6"}],"replies":[{"embeddable":true,"href":"https:\/\/talkpal.ai\/is\/wp-json\/wp\/v2\/comments?post=135132"}],"version-history":[{"count":0,"href":"https:\/\/talkpal.ai\/is\/wp-json\/wp\/v2\/pages\/135132\/revisions"}],"wp:featuredmedia":[{"embeddable":true,"href":"https:\/\/talkpal.ai\/is\/wp-json\/wp\/v2\/media\/107722"}],"wp:attachment":[{"href":"https:\/\/talkpal.ai\/is\/wp-json\/wp\/v2\/media?parent=135132"}],"curies":[{"name":"wp","href":"https:\/\/api.w.org\/{rel}","templated":true}]}}