{"id":134792,"date":"2023-06-16T10:21:59","date_gmt":"2023-06-16T10:21:59","guid":{"rendered":"http:\/\/talkpal.ai\/japanska-malfraedi-aefingar\/"},"modified":"2025-12-17T16:48:35","modified_gmt":"2025-12-17T16:48:35","slug":"japanska-malfraedi-aefingar","status":"publish","type":"page","link":"https:\/\/talkpal.ai\/is\/japanska-malfraedi-aefingar\/","title":{"rendered":"Japanska M\u00e1lfr\u00e6\u00f0i \u00c6fingar"},"content":{"rendered":"\r\n\r\n\r\n<section class=\"languageChallengeSection\">\r\n    <div class=\"languageInfoWrapper\">\r\n        \r\n        <h1>Japanska M\u00e1lfr\u00e6\u00f0i \u00c6fingar<\/h1>\r\n        <p>Tilb\u00fainn\/n a\u00f0 taka jap\u00f6nskukunn\u00e1ttu \u00fe\u00edna \u00e1 n\u00e6sta stig? A\u00f0 \u00e6fa m\u00e1lfr\u00e6\u00f0i er fr\u00e1b\u00e6r lei\u00f0 til a\u00f0 skilja setningarmynstur, nota agnir r\u00e9tt og l\u00ed\u00f0a betur me\u00f0 tungum\u00e1li\u00f0. Byrja\u00f0u a\u00f0 \u00e6fa \u00feig, pr\u00f3fa\u00f0u n\u00fdjar m\u00e1lfr\u00e6\u00f0iuppl\u00fdsingar og sj\u00e1\u00f0u hvernig hver \u00e6fing f\u00e6rir \u00feig n\u00e6r fl\u00e6\u00f0i \u00ed jap\u00f6nsku \u2014 byrja\u00f0u a\u00f0 \u00e6fa \u00feig \u00ed jap\u00f6nsku m\u00e1lfr\u00e6\u00f0i \u00ed dag!<\/p>\r\n\r\n                            <a class=\"getStartedHidden\" href=\"https:\/\/app.talkpal.ai\/signup?lng=\">Byrja\u00f0u<\/a>\r\n        \r\n    <\/div>\r\n\r\n    <figure>\r\n    <img decoding=\"async\" width=\"768\" height=\"768\" src=\"https:\/\/talkpal.ai\/wp-content\/uploads\/2023\/06\/japanese-768x768.png\" class=\"languageImage no-lazy\" alt=\"Language learning for world travelers\" fetchpriority=\"high\" sizes=\"(max-width: 768px) 150px, 768px\" srcset=\"https:\/\/talkpal.ai\/wp-content\/uploads\/2023\/06\/japanese-768x768.png 768w, https:\/\/talkpal.ai\/wp-content\/uploads\/2023\/06\/japanese-300x300.png 300w\" \/>\r\n    \r\n\r\n    <\/figure>\r\n\r\n            <a class=\"getStartedVisible\" href=\"https:\/\/app.talkpal.ai\/signup?lng=\">Byrja\u00f0u<\/a>\r\n    \r\n<\/section>\r\n\r\n\r\n<!-- <section class=\"grammarSection\">\r\n    <div class=\"grammarLinks\">\r\n            <\/div>\r\n<\/section> -->\r\n\r\n\r\n\r\n\r\n<section class=\"promotionalBanner\">\r\n    <p class=\"promotionalText\">Skilvirkasta lei\u00f0in til a\u00f0 l\u00e6ra tungum\u00e1l<\/p>\r\n    <a class=\"promotionalLink\" href=\"https:\/\/app.talkpal.ai\/signup?lng=\">Pr\u00f3fa\u00f0u Talkpal \u00f3keypis<\/a>\r\n<\/section>\n<div class=\"wp-block-group pageContainerStyle\"><div class=\"wp-block-group__inner-container is-layout-constrained wp-block-group-is-layout-constrained\">\n<h2 class=\"wp-block-heading\" id=\"h-japanese-grammar-topics\">Jap\u00f6nsk m\u00e1lfr\u00e6\u00f0iefni<\/h2>\n\n\n\n<p>A\u00f0 l\u00e6ra jap\u00f6nsku getur veri\u00f0 spennandi og gefandi reynsla, \u00fear sem \u00fea\u00f0 opnar n\u00fdjan heim menningar, samskipta og pers\u00f3nulegs \u00feroska. <a href=\"https:\/\/talkpal.ai\/learn-japanese\/\">Japanska<\/a> tungum\u00e1li\u00f0 hefur einstaka uppbyggingu og m\u00e1lfr\u00e6\u00f0ikerfi, sem kann a\u00f0 vir\u00f0ast \u00f3gnvekjandi \u00ed fyrstu, en h\u00e6gt er a\u00f0 n\u00e1 t\u00f6kum \u00e1 \u00fev\u00ed me\u00f0 st\u00f6\u00f0ugri \u00e6fingu og vel skipulag\u00f0ri n\u00e1ms\u00e1\u00e6tlun. Til a\u00f0 au\u00f0velda fer\u00f0 \u00fe\u00edna inn \u00ed heim jap\u00f6nsku h\u00f6fum vi\u00f0 safna\u00f0 saman nau\u00f0synlegum m\u00e1lfr\u00e6\u00f0iefnum \u00ed r\u00f6\u00f0 sem mun hj\u00e1lpa \u00fe\u00e9r a\u00f0 byggja upp sterkan grunn og framfarir vel. Me\u00f0 \u00fev\u00ed a\u00f0 einbeita \u00fe\u00e9r a\u00f0 \u00feessum m\u00e1lfr\u00e6\u00f0i\u00fe\u00e1ttum muntu vera \u00e1 g\u00f3\u00f0ri lei\u00f0 me\u00f0 a\u00f0 n\u00e1 f\u00e6rni \u00ed jap\u00f6nsku.<\/p>\n\n\n\n<h3 class=\"wp-block-heading\" id=\"h-1-particles\">1. Agnir:<\/h3>\n\n\n\n<p>Agnir eru nau\u00f0synlegar \u00e1 jap\u00f6nsku, \u00fear sem \u00fe\u00e6r gefa til kynna <a href=\"https:\/\/talkpal.ai\/contact\/\">samband<\/a> or\u00f0a \u00ed setningu. \u00deeir virka eins og forsetningar og sta\u00f0setningar \u00ed \u00f6\u00f0rum tungum\u00e1lum. A\u00f0 l\u00e6ra agnir eins og \u306f (wa), \u304c (ga), \u3092 (wo), \u306b (ni), \u3067 (de) og \u3068 (to) mun hj\u00e1lpa \u00fe\u00e9r a\u00f0 mynda grunnsetningar og skilja virkni hvers or\u00f0s.<\/p>\n\n\n\n<h3 class=\"wp-block-heading\" id=\"h-2-nouns\">2. Nafnor\u00f0:<\/h3>\n\n\n\n<p>A\u00f0 kynna \u00fe\u00e9r algeng nafnor\u00f0 gerir \u00fe\u00e9r kleift a\u00f0 <a href=\"https:\/\/talkpal.ai\/ko\/ai-%ec%96%b8%ec%96%b4-%ea%b5%90%ec%82%ac\/\">byrja<\/a> a\u00f0 byggja upp or\u00f0afor\u00f0a \u00feinn. Jap\u00f6nsk nafnor\u00f0 hafa ekki kyn, t\u00f6lu e\u00f0a greinar, sem einfaldar n\u00e1msferli\u00f0.<\/p>\n\n\n\n<h3 class=\"wp-block-heading\" id=\"h-3-pronouns\">3. Forn\u00f6fn:<\/h3>\n\n\n\n<p>Jap\u00f6nsk forn\u00f6fn eru notu\u00f0 til a\u00f0 v\u00edsa til f\u00f3lks og hluta. Sum algeng forn\u00f6fn eru \u79c1 (watashi &#8211; \u00e9g), \u3042\u306a\u305f (anata &#8211; \u00fe\u00fa), \u5f7c (kare &#8211; hann), \u5f7c\u5973 (kanojo &#8211; h\u00fan) og \u305d\u308c (s\u00e1r &#8211; \u00fea\u00f0).<\/p>\n\n\n\n<h3 class=\"wp-block-heading\" id=\"h-4-verb-conjugation\">4. Sagnbeyging:<\/h3>\n\n\n\n<p>Japanskar sagnir hafa mismunandi beygingar bygg\u00f0ar \u00e1 spennu, kurteisi og \u00f6\u00f0rum \u00fe\u00e1ttum. A\u00f0 l\u00e6ra grunn sagnaform, svo sem or\u00f0ab\u00f3karformi\u00f0, -masu formi\u00f0 og -te formi\u00f0, mun hj\u00e1lpa \u00fe\u00e9r a\u00f0 tj\u00e1 \u00fdmsar a\u00f0ger\u00f0ir og r\u00edki.<\/p>\n\n\n\n<h3 class=\"wp-block-heading\" id=\"h-5-tenses\">5. Spennur:<\/h3>\n\n\n\n<p>Japanska hefur fort\u00ed\u00f0 og ekki fort\u00ed\u00f0, \u00fear sem hi\u00f0 s\u00ed\u00f0arnefnda er nota\u00f0 \u00ed n\u00fat\u00ed\u00f0 og framt\u00ed\u00f0. A\u00f0 skilja hvernig \u00e1 a\u00f0 samtengja sagnir \u00ed \u00feessum spennum mun hj\u00e1lpa \u00fe\u00e9r a\u00f0 tj\u00e1 t\u00edma n\u00e1kv\u00e6mlega.<\/p>\n\n\n\n<h3 class=\"wp-block-heading\" id=\"h-6-adjectives\">6. L\u00fdsingaror\u00f0:<\/h3>\n\n\n\n<p>Jap\u00f6nskum l\u00fdsingaror\u00f0um er skipt \u00ed tvo h\u00f3pa: i-l\u00fdsingaror\u00f0 og na-l\u00fdsingaror\u00f0. A\u00f0 l\u00e6ra samtengingarreglur \u00feeirra og hvernig \u00e1 a\u00f0 nota \u00fe\u00e6r \u00ed setningum mun hj\u00e1lpa \u00fe\u00e9r a\u00f0 l\u00fdsa hlutum, f\u00f3lki og a\u00f0st\u00e6\u00f0um.<\/p>\n\n\n\n<h3 class=\"wp-block-heading\" id=\"h-7-adverbs\">7. Atviksor\u00f0:<\/h3>\n\n\n\n<p>Atviksor\u00f0 breyta s\u00f6gnum, l\u00fdsingaror\u00f0um og \u00f6\u00f0rum atviksor\u00f0um og b\u00e6ta bl\u00e6brig\u00f0um vi\u00f0 setningarnar \u00fe\u00ednar. Algeng jap\u00f6nsk atviksor\u00f0 eru \u901f\u304f (hayaku &#8211; flj\u00f3tt), \u3086\u3063\u304f\u308a (yukkuri &#8211; h\u00e6gt) og \u3068\u3066\u3082 (totemo &#8211; mj\u00f6g).<\/p>\n\n\n\n<h3 class=\"wp-block-heading\" id=\"h-8-prepositions\">8. Forsetningar:<\/h3>\n\n\n\n<p>\u00de\u00f3 a\u00f0 japanska hafi ekki forsetningar \u00e1 <a href=\"https:\/\/talkpal.ai\/locations\/language-courses-in-sama\/\">sama<\/a> h\u00e1tt og <a href=\"https:\/\/talkpal.ai\/learn-english-with-ai\/\">enska<\/a>, virka sumar agnir svipa\u00f0. A\u00f0 l\u00e6ra \u00feessar agnir og notkun \u00feeirra mun hj\u00e1lpa \u00fe\u00e9r a\u00f0 tj\u00e1 sta\u00f0bundin og stundleg samb\u00f6nd.<\/p>\n\n\n\n<h3 class=\"wp-block-heading\" id=\"h-9-conjunctions\">9. Samtengingar:<\/h3>\n\n\n\n<p>Samtengingar eru nota\u00f0ar til a\u00f0 tengja or\u00f0, or\u00f0asamb\u00f6nd og \u00e1kv\u00e6\u00f0i. Algengar japanskar samtengingar innihalda \u305d\u3057\u3066 (soshiti &#8211; og), \u3057\u304b\u3057 (shikashi &#8211; \u00fe\u00f3) og \u3060\u304b\u3089 (dakara &#8211; \u00feess vegna).<\/p>\n\n\n\n<h3 class=\"wp-block-heading\" id=\"h-10-sentence-structure\">10. Setningaskipan:<\/h3>\n\n\n\n<p>Japanska fylgir efni-hlut-s\u00f6gn (SOV) setningager\u00f0. Skilningur \u00feessa uppbyggingu og \u00f6nnur setningamynstur mun hj\u00e1lpa \u00fe\u00e9r a\u00f0 b\u00faa til n\u00e1kv\u00e6mar og fl\u00f3knar setningar.<\/p>\n\n\n\n<h3 class=\"wp-block-heading\" id=\"h-11-honorifics\">11. Hei\u00f0ur:<\/h3>\n\n\n\n<p>Japanska hefur fl\u00f3ki\u00f0 hei\u00f0urskerfi sem l\u00fdsir kurteisi og vir\u00f0ingu. A\u00f0 l\u00e6ra grunnatri\u00f0i hei\u00f0ursr\u00e6\u00f0u, svo sem notkun \u3067\u3059 (desu) og \u307e\u3059 (masu), mun hj\u00e1lpa \u00fe\u00e9r a\u00f0 vafra um f\u00e9lagslegar a\u00f0st\u00e6\u00f0ur.<\/p>\n\n\n\n<h3 class=\"wp-block-heading\" id=\"h-12-expressions\">12. Or\u00f0atilt\u00e6ki:<\/h3>\n\n\n\n<p>A\u00f0 kynna \u00fe\u00e9r algeng jap\u00f6nsk or\u00f0atilt\u00e6ki og or\u00f0t\u00f6k mun hj\u00e1lpa \u00fe\u00e9r a\u00f0 hlj\u00f3ma e\u00f0lilegri og reiprennandi \u00ed samtali.<\/p>\n\n\n\n<h3 class=\"wp-block-heading\" id=\"h-13-numbers\">13. T\u00f6lur:<\/h3>\n\n\n\n<p>Japanska hefur einstakt n\u00famerakerfi, me\u00f0 mismunandi teljara fyrir \u00fdmsa hluti. A\u00f0 l\u00e6ra hvernig \u00e1 a\u00f0 telja og nota t\u00f6lur \u00ed samhengi er nau\u00f0synlegt fyrir dagleg samskipti.<\/p>\n\n\n\n<h3 class=\"wp-block-heading\" id=\"h-14-verbs\">14. Sagnir:<\/h3>\n\n\n\n<p>A\u00f0 lokum, me\u00f0 \u00fev\u00ed a\u00f0 auka sagnaor\u00f0afor\u00f0a \u00feinn gerir \u00fe\u00e9r kleift a\u00f0 tj\u00e1 margv\u00edslegar a\u00f0ger\u00f0ir og r\u00edki, sem gerir \u00fe\u00e9r kleift a\u00f0 eiga skilvirkari samskipti \u00e1 jap\u00f6nsku.<\/p>\n<\/div><\/div>\n\r\n<section class=\"learnNavigationSection\">\r\n            \r\n        <a href=\"https:\/\/talkpal.ai\/is\/laerdu-japonsku\/\">\r\n            <div class=\"learnNavigationWrapper\">\r\n                <div class=\"learnNavigationContent\">\r\n                    <img decoding=\"async\" src=\"https:\/\/talkpal.ai\/wp-content\/uploads\/2024\/08\/Japanese.jpg\" alt=\"Japanese Flag\">\r\n                    <div>\r\n                        <h4>Um jap\u00f6nskun\u00e1m<\/h4>\r\n                        <p>Finndu \u00fat allt um japanska m\u00e1lfr\u00e6\u00f0i.<\/p>\r\n                    <\/div>\r\n                <\/div>\r\n            <\/div>\r\n        <\/a>\r\n\r\n        \r\n        <a href=\"https:\/\/talkpal.ai\/is\/japonsk-malfraedi\/\">\r\n            <div class=\"learnNavigationWrapper\">\r\n                <div class=\"learnNavigationContent\">\r\n                    <img decoding=\"async\" src=\"https:\/\/talkpal.ai\/wp-content\/uploads\/2024\/08\/Japanese.jpg\" alt=\"Japanese Flag\">\r\n                    <div>\r\n                        <h4>Jap\u00f6nsk m\u00e1lfr\u00e6\u00f0ikennsla<\/h4>\r\n                        <p>\u00c6f\u00f0u japanska m\u00e1lfr\u00e6\u00f0i.<\/p>\r\n                    <\/div>\r\n                <\/div>\r\n            <\/div>\r\n        <\/a>\r\n\r\n        \r\n        <a href=\"https:\/\/talkpal.ai\/vocabulary_language\/japanese\/\">\r\n            <div class=\"learnNavigationWrapper\">\r\n                <div class=\"learnNavigationContent\">\r\n                    <img decoding=\"async\" src=\"https:\/\/talkpal.ai\/wp-content\/uploads\/2024\/08\/Japanese.jpg\" alt=\"Japanese Flag\">\r\n                    <div>\r\n                        <h4>Japanskur or\u00f0afor\u00f0i<\/h4>\r\n                        <p>St\u00e6kka\u00f0u japanskan or\u00f0afor\u00f0a \u00feinn.<\/p>\r\n                    <\/div>\r\n                <\/div>\r\n            <\/div>\r\n        <\/a>\r\n\r\n            <\/section>","protected":false},"excerpt":{"rendered":"<p>Jap\u00f6nsk m\u00e1lfr\u00e6\u00f0iefni A\u00f0 l\u00e6ra jap\u00f6nsku getur veri\u00f0 spennandi og gefandi reynsla, \u00fear sem \u00fea\u00f0 opnar n\u00fdjan heim menningar, samskipta og pers\u00f3nulegs \u00feroska. Japanska tungum\u00e1li\u00f0 hefur einstaka uppbyggingu og m\u00e1lfr\u00e6\u00f0ikerfi, sem kann a\u00f0 vir\u00f0ast \u00f3gnvekjandi \u00ed fyrstu, en h\u00e6gt er a\u00f0 n\u00e1 t\u00f6kum \u00e1 \u00fev\u00ed me\u00f0 st\u00f6\u00f0ugri \u00e6fingu og vel skipulag\u00f0ri n\u00e1ms\u00e1\u00e6tlun. Til a\u00f0 au\u00f0velda fer\u00f0 [&hellip;]<\/p>\n","protected":false},"author":6,"featured_media":107306,"parent":0,"menu_order":0,"comment_status":"closed","ping_status":"closed","template":"LearningContentPage.php","meta":{"_acf_changed":false,"footnotes":""},"class_list":["post-134792","page","type-page","status-publish","has-post-thumbnail","hentry"],"acf":[],"yoast_head":"<!-- This site is optimized with the Yoast SEO Premium plugin v27.2 (Yoast SEO v27.2) - https:\/\/yoast.com\/product\/yoast-seo-premium-wordpress\/ -->\n<title>Japanska M\u00e1lfr\u00e6\u00f0i \u00c6fingar - Talkpal<\/title>\n<meta name=\"description\" content=\"B\u00e6ttu jap\u00f6nsku m\u00e1lfr\u00e6\u00f0ikunn\u00e1ttu \u00fe\u00edna - n\u00e1\u00f0u t\u00f6kum \u00e1 setningaskipan, \u00e6f\u00f0u gagnvirkar athafnir og auktu fl\u00e6\u00f0i \u00ed jap\u00f6nsku\" \/>\n<meta name=\"robots\" content=\"index, follow, max-snippet:-1, max-image-preview:large, max-video-preview:-1\" \/>\n<link rel=\"canonical\" href=\"https:\/\/talkpal.ai\/is\/japanska-malfraedi-aefingar\/\" \/>\n<meta property=\"og:locale\" content=\"is_IS\" \/>\n<meta property=\"og:type\" content=\"article\" \/>\n<meta property=\"og:title\" content=\"Japanska M\u00e1lfr\u00e6\u00f0i \u00c6fingar\" \/>\n<meta property=\"og:description\" content=\"Jap\u00f6nsk m\u00e1lfr\u00e6\u00f0iefni A\u00f0 l\u00e6ra jap\u00f6nsku getur veri\u00f0 spennandi og gefandi reynsla, \u00fear sem \u00fea\u00f0 opnar n\u00fdjan heim menningar, samskipta og pers\u00f3nulegs \u00feroska.\" \/>\n<meta property=\"og:url\" content=\"https:\/\/talkpal.ai\/is\/japanska-malfraedi-aefingar\/\" \/>\n<meta property=\"og:site_name\" content=\"Talkpal\" \/>\n<meta property=\"article:publisher\" content=\"https:\/\/www.facebook.com\/profile.php?id=100090733639311\" \/>\n<meta property=\"article:modified_time\" content=\"2025-12-17T16:48:35+00:00\" \/>\n<meta property=\"og:image\" content=\"https:\/\/talkpal.ai\/wp-content\/uploads\/2023\/04\/japan.png\" \/>\n\t<meta property=\"og:image:width\" content=\"512\" \/>\n\t<meta property=\"og:image:height\" content=\"512\" \/>\n\t<meta property=\"og:image:type\" content=\"image\/png\" \/>\n<meta name=\"twitter:card\" content=\"summary_large_image\" \/>\n<meta name=\"twitter:site\" content=\"@talkpalai\" \/>\n<meta name=\"twitter:label1\" content=\"Est. reading time\" \/>\n\t<meta name=\"twitter:data1\" content=\"3 minutes\" \/>\n<script type=\"application\/ld+json\" class=\"yoast-schema-graph\">{\"@context\":\"https:\/\/schema.org\",\"@graph\":[{\"@type\":\"WebPage\",\"@id\":\"https:\/\/talkpal.ai\/is\/japanska-malfraedi-aefingar\/\",\"url\":\"https:\/\/talkpal.ai\/is\/japanska-malfraedi-aefingar\/\",\"name\":\"Japanska M\u00e1lfr\u00e6\u00f0i \u00c6fingar - Talkpal\",\"isPartOf\":{\"@id\":\"https:\/\/talkpal.ai\/is\/#website\"},\"primaryImageOfPage\":{\"@id\":\"https:\/\/talkpal.ai\/is\/japanska-malfraedi-aefingar\/#primaryimage\"},\"image\":{\"@id\":\"https:\/\/talkpal.ai\/is\/japanska-malfraedi-aefingar\/#primaryimage\"},\"thumbnailUrl\":\"https:\/\/talkpal.ai\/wp-content\/uploads\/2023\/04\/japan.png\",\"datePublished\":\"2023-06-16T10:21:59+00:00\",\"dateModified\":\"2025-12-17T16:48:35+00:00\",\"description\":\"B\u00e6ttu jap\u00f6nsku m\u00e1lfr\u00e6\u00f0ikunn\u00e1ttu \u00fe\u00edna - n\u00e1\u00f0u t\u00f6kum \u00e1 setningaskipan, \u00e6f\u00f0u gagnvirkar athafnir og auktu fl\u00e6\u00f0i \u00ed jap\u00f6nsku\",\"breadcrumb\":{\"@id\":\"https:\/\/talkpal.ai\/is\/japanska-malfraedi-aefingar\/#breadcrumb\"},\"inLanguage\":\"is\",\"potentialAction\":[{\"@type\":\"ReadAction\",\"target\":[\"https:\/\/talkpal.ai\/is\/japanska-malfraedi-aefingar\/\"]}]},{\"@type\":\"ImageObject\",\"inLanguage\":\"is\",\"@id\":\"https:\/\/talkpal.ai\/is\/japanska-malfraedi-aefingar\/#primaryimage\",\"url\":\"https:\/\/talkpal.ai\/wp-content\/uploads\/2023\/04\/japan.png\",\"contentUrl\":\"https:\/\/talkpal.ai\/wp-content\/uploads\/2023\/04\/japan.png\",\"width\":512,\"height\":512},{\"@type\":\"BreadcrumbList\",\"@id\":\"https:\/\/talkpal.ai\/is\/japanska-malfraedi-aefingar\/#breadcrumb\",\"itemListElement\":[{\"@type\":\"ListItem\",\"position\":1,\"name\":\"Homepage\",\"item\":\"https:\/\/talkpal.ai\/is\/\"},{\"@type\":\"ListItem\",\"position\":2,\"name\":\"Japanska M\u00e1lfr\u00e6\u00f0i \u00c6fingar\"}]},{\"@type\":\"WebSite\",\"@id\":\"https:\/\/talkpal.ai\/is\/#website\",\"url\":\"https:\/\/talkpal.ai\/is\/\",\"name\":\"Talkpal\",\"description\":\"AI Language Learning\",\"publisher\":{\"@id\":\"https:\/\/talkpal.ai\/is\/#organization\"},\"alternateName\":\"Talkpal AI\",\"potentialAction\":[{\"@type\":\"SearchAction\",\"target\":{\"@type\":\"EntryPoint\",\"urlTemplate\":\"https:\/\/talkpal.ai\/is\/?s={search_term_string}\"},\"query-input\":{\"@type\":\"PropertyValueSpecification\",\"valueRequired\":true,\"valueName\":\"search_term_string\"}}],\"inLanguage\":\"is\"},{\"@type\":\"Organization\",\"@id\":\"https:\/\/talkpal.ai\/is\/#organization\",\"name\":\"Talkpal, Inc.\",\"alternateName\":\"Talkpal AI\",\"url\":\"https:\/\/talkpal.ai\/is\/\",\"logo\":{\"@type\":\"ImageObject\",\"inLanguage\":\"is\",\"@id\":\"https:\/\/talkpal.ai\/is\/#\/schema\/logo\/image\/\",\"url\":\"https:\/\/talkpal.ai\/wp-content\/uploads\/2024\/03\/Talkpal-Logo-Icon.png\",\"contentUrl\":\"https:\/\/talkpal.ai\/wp-content\/uploads\/2024\/03\/Talkpal-Logo-Icon.png\",\"width\":2880,\"height\":2880,\"caption\":\"Talkpal, Inc.\"},\"image\":{\"@id\":\"https:\/\/talkpal.ai\/is\/#\/schema\/logo\/image\/\"},\"sameAs\":[\"https:\/\/www.facebook.com\/profile.php?id=100090733639311\",\"https:\/\/x.com\/talkpalai\",\"https:\/\/www.linkedin.com\/company\/talkpal\/\",\"https:\/\/www.youtube.com\/@TalkPal\/\",\"https:\/\/www.tiktok.com\/@talkpal\",\"https:\/\/www.instagram.com\/talkpal_ai\/\",\"https:\/\/www.crunchbase.com\/organization\/talkpal-9cde\",\"https:\/\/www.g2.com\/products\/talkpal-for-business\/\",\"https:\/\/www.trustpilot.com\/review\/talkpal.ai\",\"https:\/\/www.capterra.com\/p\/10006800\/TalkPal\/\"],\"description\":\"Talkpal is a language learning web and mobile education app, powered by the latest AI technologies, that provides engaging experiences to its customers in many different languages to help them improve their language skills. Users can chat about unlimited amount of topics with the app and use other modes to practice their language learning.\",\"email\":\"support@talkpal.ai\",\"legalName\":\"Talkpal, Inc.\",\"foundingDate\":\"2023-04-03\",\"duns\":\"118989042\",\"numberOfEmployees\":{\"@type\":\"QuantitativeValue\",\"minValue\":\"11\",\"maxValue\":\"50\"},\"publishingPrinciples\":\"https:\/\/talkpal.ai\/publishing-principles\/\",\"actionableFeedbackPolicy\":\"https:\/\/talkpal.ai\/actionable-feedback-policy\/\",\"correctionsPolicy\":\"https:\/\/talkpal.ai\/corrections-policy\/\",\"ethicsPolicy\":\"https:\/\/talkpal.ai\/ethics-policy\/\",\"diversityPolicy\":\"https:\/\/talkpal.ai\/diversity-policy\/\",\"diversityStaffingReport\":\"https:\/\/talkpal.ai\/diversity-policy\/\"}]}<\/script>\n<!-- \/ Yoast SEO Premium plugin. -->","yoast_head_json":{"title":"Japanska M\u00e1lfr\u00e6\u00f0i \u00c6fingar - Talkpal","description":"B\u00e6ttu jap\u00f6nsku m\u00e1lfr\u00e6\u00f0ikunn\u00e1ttu \u00fe\u00edna - n\u00e1\u00f0u t\u00f6kum \u00e1 setningaskipan, \u00e6f\u00f0u gagnvirkar athafnir og auktu fl\u00e6\u00f0i \u00ed jap\u00f6nsku","robots":{"index":"index","follow":"follow","max-snippet":"max-snippet:-1","max-image-preview":"max-image-preview:large","max-video-preview":"max-video-preview:-1"},"canonical":"https:\/\/talkpal.ai\/is\/japanska-malfraedi-aefingar\/","og_locale":"is_IS","og_type":"article","og_title":"Japanska M\u00e1lfr\u00e6\u00f0i \u00c6fingar","og_description":"Jap\u00f6nsk m\u00e1lfr\u00e6\u00f0iefni A\u00f0 l\u00e6ra jap\u00f6nsku getur veri\u00f0 spennandi og gefandi reynsla, \u00fear sem \u00fea\u00f0 opnar n\u00fdjan heim menningar, samskipta og pers\u00f3nulegs \u00feroska.","og_url":"https:\/\/talkpal.ai\/is\/japanska-malfraedi-aefingar\/","og_site_name":"Talkpal","article_publisher":"https:\/\/www.facebook.com\/profile.php?id=100090733639311","article_modified_time":"2025-12-17T16:48:35+00:00","og_image":[{"width":512,"height":512,"url":"https:\/\/talkpal.ai\/wp-content\/uploads\/2023\/04\/japan.png","type":"image\/png"}],"twitter_card":"summary_large_image","twitter_site":"@talkpalai","twitter_misc":{"Est. reading time":"3 minutes"},"schema":{"@context":"https:\/\/schema.org","@graph":[{"@type":"WebPage","@id":"https:\/\/talkpal.ai\/is\/japanska-malfraedi-aefingar\/","url":"https:\/\/talkpal.ai\/is\/japanska-malfraedi-aefingar\/","name":"Japanska M\u00e1lfr\u00e6\u00f0i \u00c6fingar - Talkpal","isPartOf":{"@id":"https:\/\/talkpal.ai\/is\/#website"},"primaryImageOfPage":{"@id":"https:\/\/talkpal.ai\/is\/japanska-malfraedi-aefingar\/#primaryimage"},"image":{"@id":"https:\/\/talkpal.ai\/is\/japanska-malfraedi-aefingar\/#primaryimage"},"thumbnailUrl":"https:\/\/talkpal.ai\/wp-content\/uploads\/2023\/04\/japan.png","datePublished":"2023-06-16T10:21:59+00:00","dateModified":"2025-12-17T16:48:35+00:00","description":"B\u00e6ttu jap\u00f6nsku m\u00e1lfr\u00e6\u00f0ikunn\u00e1ttu \u00fe\u00edna - n\u00e1\u00f0u t\u00f6kum \u00e1 setningaskipan, \u00e6f\u00f0u gagnvirkar athafnir og auktu fl\u00e6\u00f0i \u00ed jap\u00f6nsku","breadcrumb":{"@id":"https:\/\/talkpal.ai\/is\/japanska-malfraedi-aefingar\/#breadcrumb"},"inLanguage":"is","potentialAction":[{"@type":"ReadAction","target":["https:\/\/talkpal.ai\/is\/japanska-malfraedi-aefingar\/"]}]},{"@type":"ImageObject","inLanguage":"is","@id":"https:\/\/talkpal.ai\/is\/japanska-malfraedi-aefingar\/#primaryimage","url":"https:\/\/talkpal.ai\/wp-content\/uploads\/2023\/04\/japan.png","contentUrl":"https:\/\/talkpal.ai\/wp-content\/uploads\/2023\/04\/japan.png","width":512,"height":512},{"@type":"BreadcrumbList","@id":"https:\/\/talkpal.ai\/is\/japanska-malfraedi-aefingar\/#breadcrumb","itemListElement":[{"@type":"ListItem","position":1,"name":"Homepage","item":"https:\/\/talkpal.ai\/is\/"},{"@type":"ListItem","position":2,"name":"Japanska M\u00e1lfr\u00e6\u00f0i \u00c6fingar"}]},{"@type":"WebSite","@id":"https:\/\/talkpal.ai\/is\/#website","url":"https:\/\/talkpal.ai\/is\/","name":"Talkpal","description":"AI Language Learning","publisher":{"@id":"https:\/\/talkpal.ai\/is\/#organization"},"alternateName":"Talkpal AI","potentialAction":[{"@type":"SearchAction","target":{"@type":"EntryPoint","urlTemplate":"https:\/\/talkpal.ai\/is\/?s={search_term_string}"},"query-input":{"@type":"PropertyValueSpecification","valueRequired":true,"valueName":"search_term_string"}}],"inLanguage":"is"},{"@type":"Organization","@id":"https:\/\/talkpal.ai\/is\/#organization","name":"Talkpal, Inc.","alternateName":"Talkpal AI","url":"https:\/\/talkpal.ai\/is\/","logo":{"@type":"ImageObject","inLanguage":"is","@id":"https:\/\/talkpal.ai\/is\/#\/schema\/logo\/image\/","url":"https:\/\/talkpal.ai\/wp-content\/uploads\/2024\/03\/Talkpal-Logo-Icon.png","contentUrl":"https:\/\/talkpal.ai\/wp-content\/uploads\/2024\/03\/Talkpal-Logo-Icon.png","width":2880,"height":2880,"caption":"Talkpal, Inc."},"image":{"@id":"https:\/\/talkpal.ai\/is\/#\/schema\/logo\/image\/"},"sameAs":["https:\/\/www.facebook.com\/profile.php?id=100090733639311","https:\/\/x.com\/talkpalai","https:\/\/www.linkedin.com\/company\/talkpal\/","https:\/\/www.youtube.com\/@TalkPal\/","https:\/\/www.tiktok.com\/@talkpal","https:\/\/www.instagram.com\/talkpal_ai\/","https:\/\/www.crunchbase.com\/organization\/talkpal-9cde","https:\/\/www.g2.com\/products\/talkpal-for-business\/","https:\/\/www.trustpilot.com\/review\/talkpal.ai","https:\/\/www.capterra.com\/p\/10006800\/TalkPal\/"],"description":"Talkpal is a language learning web and mobile education app, powered by the latest AI technologies, that provides engaging experiences to its customers in many different languages to help them improve their language skills. Users can chat about unlimited amount of topics with the app and use other modes to practice their language learning.","email":"support@talkpal.ai","legalName":"Talkpal, Inc.","foundingDate":"2023-04-03","duns":"118989042","numberOfEmployees":{"@type":"QuantitativeValue","minValue":"11","maxValue":"50"},"publishingPrinciples":"https:\/\/talkpal.ai\/publishing-principles\/","actionableFeedbackPolicy":"https:\/\/talkpal.ai\/actionable-feedback-policy\/","correctionsPolicy":"https:\/\/talkpal.ai\/corrections-policy\/","ethicsPolicy":"https:\/\/talkpal.ai\/ethics-policy\/","diversityPolicy":"https:\/\/talkpal.ai\/diversity-policy\/","diversityStaffingReport":"https:\/\/talkpal.ai\/diversity-policy\/"}]}},"_links":{"self":[{"href":"https:\/\/talkpal.ai\/is\/wp-json\/wp\/v2\/pages\/134792","targetHints":{"allow":["GET"]}}],"collection":[{"href":"https:\/\/talkpal.ai\/is\/wp-json\/wp\/v2\/pages"}],"about":[{"href":"https:\/\/talkpal.ai\/is\/wp-json\/wp\/v2\/types\/page"}],"author":[{"embeddable":true,"href":"https:\/\/talkpal.ai\/is\/wp-json\/wp\/v2\/users\/6"}],"replies":[{"embeddable":true,"href":"https:\/\/talkpal.ai\/is\/wp-json\/wp\/v2\/comments?post=134792"}],"version-history":[{"count":0,"href":"https:\/\/talkpal.ai\/is\/wp-json\/wp\/v2\/pages\/134792\/revisions"}],"wp:featuredmedia":[{"embeddable":true,"href":"https:\/\/talkpal.ai\/is\/wp-json\/wp\/v2\/media\/107306"}],"wp:attachment":[{"href":"https:\/\/talkpal.ai\/is\/wp-json\/wp\/v2\/media?parent=134792"}],"curies":[{"name":"wp","href":"https:\/\/api.w.org\/{rel}","templated":true}]}}