{"id":134383,"date":"2023-06-16T10:15:21","date_gmt":"2023-06-16T10:15:21","guid":{"rendered":"http:\/\/talkpal.ai\/hindi-malfraedi-aefingar\/"},"modified":"2025-12-17T16:18:20","modified_gmt":"2025-12-17T16:18:20","slug":"hindi-malfraedi-aefingar","status":"publish","type":"page","link":"https:\/\/talkpal.ai\/is\/hindi-malfraedi-aefingar\/","title":{"rendered":"Hind\u00ed m\u00e1lfr\u00e6\u00f0i \u00c6fingar"},"content":{"rendered":"\r\n\r\n\r\n<section class=\"languageChallengeSection\">\r\n    <div class=\"languageInfoWrapper\">\r\n        \r\n        <h1>Hind\u00ed m\u00e1lfr\u00e6\u00f0i \u00c6fingar<\/h1>\r\n        <p>Viltu \u00f6\u00f0last meira sj\u00e1lfstraust \u00ed <a href=\"https:\/\/talkpal.ai\/learn-hindi\/\">hind\u00ed<\/a>? A\u00f0 \u00e6fa <a href=\"https:\/\/talkpal.ai\/grammar\/\">m\u00e1lfr\u00e6\u00f0i<\/a> er fr\u00e1b\u00e6r lei\u00f0 til a\u00f0 n\u00e1 t\u00f6kum \u00e1 setningager\u00f0, sagnor\u00f0um og einst\u00f6kum mynstrum <a href=\"https:\/\/talkpal.ai\/learn-hindi\/\">hind\u00ed<\/a>. Byrja\u00f0u a\u00f0 vinna \u00ed m\u00e1lfr\u00e6\u00f0i hind\u00ed \u00ed dag og sj\u00e1\u00f0u skilning \u00feinn og fl\u00e6\u00f0i vaxa me\u00f0 hverri \u00e6fingu!\n\n<\/p>\r\n\r\n                            <a class=\"getStartedHidden\" href=\"https:\/\/app.talkpal.ai\/signup?lng=\">Byrja\u00f0u<\/a>\r\n        \r\n    <\/div>\r\n\r\n    <figure>\r\n    <img decoding=\"async\" width=\"768\" height=\"768\" src=\"https:\/\/talkpal.ai\/wp-content\/uploads\/2023\/06\/hindi-768x768.png\" class=\"languageImage no-lazy\" alt=\"Language learning for mental agility\" fetchpriority=\"high\" sizes=\"(max-width: 768px) 150px, 768px\" srcset=\"https:\/\/talkpal.ai\/wp-content\/uploads\/2023\/06\/hindi-768x768.png 768w, https:\/\/talkpal.ai\/wp-content\/uploads\/2023\/06\/hindi-300x300.png 300w\" \/>\r\n    \r\n\r\n    <\/figure>\r\n\r\n            <a class=\"getStartedVisible\" href=\"https:\/\/app.talkpal.ai\/signup?lng=\">Byrja\u00f0u<\/a>\r\n    \r\n<\/section>\r\n\r\n\r\n<!-- <section class=\"grammarSection\">\r\n    <div class=\"grammarLinks\">\r\n            <\/div>\r\n<\/section> -->\r\n\r\n\r\n\r\n\r\n<section class=\"promotionalBanner\">\r\n    <p class=\"promotionalText\">Skilvirkasta lei\u00f0in til a\u00f0 l\u00e6ra tungum\u00e1l<\/p>\r\n    <a class=\"promotionalLink\" href=\"https:\/\/app.talkpal.ai\/signup?lng=\">Pr\u00f3fa\u00f0u Talkpal \u00f3keypis<\/a>\r\n<\/section>\n<div class=\"wp-block-group pageContainerStyle\"><div class=\"wp-block-group__inner-container is-layout-constrained wp-block-group-is-layout-constrained\">\n<h2 class=\"wp-block-heading\" id=\"h-hindi-grammar-topics\">Hind\u00ed m\u00e1lfr\u00e6\u00f0i efni<\/h2>\n\n\n\n<p>A\u00f0 l\u00e6ra n\u00fdtt tungum\u00e1l getur veri\u00f0 spennandi en samt krefjandi reynsla, s\u00e9rstaklega \u00feegar kemur a\u00f0 \u00fev\u00ed a\u00f0 skilja og n\u00e1 t\u00f6kum \u00e1 m\u00e1lfr\u00e6\u00f0i \u00feess. Hind\u00ed, sem er eitt mest tala\u00f0a tungum\u00e1l \u00ed heimi, b\u00fd\u00f0ur upp \u00e1 einstaka og r\u00edka tungum\u00e1laupplifun. \u00deegar \u00fe\u00fa leggur af sta\u00f0 \u00ed fer\u00f0 \u00fe\u00edna til a\u00f0 l\u00e6ra hind\u00ed, er nau\u00f0synlegt a\u00f0 \u00e1tta sig \u00e1 grundvallaratri\u00f0um \u00ed m\u00e1lfr\u00e6\u00f0i sem munu leggja sterkan grunn a\u00f0 tungum\u00e1lakunn\u00e1ttu \u00feinni. \u00deessi handb\u00f3k mun kynna \u00fe\u00e9r helstu m\u00e1lfr\u00e6\u00f0iefni hind\u00ed, \u00feyrping \u00ed r\u00f6\u00f0 sem mun au\u00f0velda n\u00e1msferli\u00f0 \u00feitt.<\/p>\n\n\n\n<h3 class=\"wp-block-heading\" id=\"h-1-nouns\">1. Nafnor\u00f0:<\/h3>\n\n\n\n<p>Byrja\u00f0u hind\u00ed n\u00e1msfer\u00f0 \u00fe\u00edna me\u00f0 nafnor\u00f0um, \u00fear sem \u00feau eru byggingareiningar hvers tungum\u00e1ls. \u00cd hind\u00ed, nafnor\u00f0 eru flokku\u00f0 \u00ed tv\u00f6 kyn (karlkyns og kvenkyns) og geta veri\u00f0 eint\u00f6lu e\u00f0a fleirt\u00f6lu. A\u00f0 skilja grunnatri\u00f0i hind\u00ed nafnor\u00f0a mun hj\u00e1lpa til vi\u00f0 a\u00f0 mynda einfaldar setningar og or\u00f0asamb\u00f6nd.<\/p>\n\n\n\n<h3 class=\"wp-block-heading\" id=\"h-2-pronouns\">2. Forn\u00f6fn:<\/h3>\n\n\n\n<p>Forn\u00f6fn koma \u00ed sta\u00f0 nafnor\u00f0a \u00ed setningu og hj\u00e1lpa til vi\u00f0 a\u00f0 for\u00f0ast endurtekningu. Hind\u00ed forn\u00f6fnum er skipt \u00ed \u00ferj\u00e1 flokka &#8211; pers\u00f3nuleg, s\u00fdnikennslu og spyrjandi. Kynntu \u00fe\u00e9r mismunandi ger\u00f0ir fornafna til a\u00f0 auka samskiptah\u00e6fileika \u00fe\u00edna.<\/p>\n\n\n\n<h3 class=\"wp-block-heading\" id=\"h-3-adjectives\">3. L\u00fdsingaror\u00f0:<\/h3>\n\n\n\n<p>L\u00fdsingaror\u00f0 l\u00fdsa eiginleikum nafnor\u00f0a og fornafna. \u00c1 hind\u00ed, l\u00fdsingaror\u00f0 samm\u00e1la nafnor\u00f0inu sem \u00feeir l\u00fdsa \u00ed kyni og t\u00f6lu. A\u00f0 l\u00e6ra l\u00fdsingaror\u00f0 gerir \u00fe\u00e9r kleift a\u00f0 tj\u00e1 hugsanir \u00fe\u00ednar og sko\u00f0anir \u00e1 l\u00edflegri h\u00e1tt.<\/p>\n\n\n\n<h3 class=\"wp-block-heading\" id=\"h-4-verbs\">4. Sagnir:<\/h3>\n\n\n\n<p>Sagnir t\u00e1kna athafnir e\u00f0a tilveru\u00e1stand. Hind\u00ed sagnir hafa \u00ferj\u00e1r meginspennur &#8211; fort\u00ed\u00f0, n\u00fat\u00ed\u00f0 og framt\u00ed\u00f0 &#8211; og geta veri\u00f0 lei\u00f0beinandi e\u00f0a vi\u00f0tengingarh\u00e1ttur. A\u00f0 \u00f6\u00f0last traustan skilning \u00e1 hind\u00ed s\u00f6gnum og samtengingum \u00feeirra gerir \u00fe\u00e9r kleift a\u00f0 tj\u00e1 a\u00f0ger\u00f0ir og atbur\u00f0i n\u00e1kv\u00e6mlega.<\/p>\n\n\n\n<h3 class=\"wp-block-heading\" id=\"h-5-tenses-indicative\">5. Spennur lei\u00f0beinandi:<\/h3>\n\n\n\n<p>Lei\u00f0beinandi spennur \u00e1 hind\u00ed tj\u00e1 sta\u00f0reyndir e\u00f0a vissu og eru nota\u00f0ar \u00ed daglegum samt\u00f6lum. L\u00e6r\u00f0u reglurnar og samtengingarnar fyrir fort\u00ed\u00f0, n\u00fat\u00ed\u00f0 og framt\u00ed\u00f0 lei\u00f0beinandi spennu til a\u00f0 eiga sk\u00fdr og skilvirk samskipti.<\/p>\n\n\n\n<h3 class=\"wp-block-heading\" id=\"h-6-tenses-subjunctive\">6. Spenntur vi\u00f0tengingarh\u00e1ttur:<\/h3>\n\n\n\n<p>Vi\u00f0tengingarh\u00e1ttur \u00e1 hind\u00ed t\u00e1knar a\u00f0ger\u00f0ir e\u00f0a atbur\u00f0i sem eru \u00f3vissir, \u00edmynda\u00f0ir e\u00f0a andst\u00e6\u00f0ir sta\u00f0reyndum. A\u00f0 n\u00e1 t\u00f6kum \u00e1 vi\u00f0tengingarh\u00e6tti gerir \u00fe\u00e9r kleift a\u00f0 tj\u00e1 efasemdir, m\u00f6guleika og \u00f3skir.<\/p>\n\n\n\n<h3 class=\"wp-block-heading\" id=\"h-7-tense-comparison\">7. Spenntur samanbur\u00f0ur:<\/h3>\n\n\n\n<p>A\u00f0 bera saman mismunandi spennur \u00e1 hind\u00ed hj\u00e1lpar \u00fe\u00e9r a\u00f0 skilja tengsl a\u00f0ger\u00f0a og atbur\u00f0a \u00ed t\u00edma. \u00c6f\u00f0u \u00feig \u00ed a\u00f0 mynda setningar me\u00f0 \u00fev\u00ed a\u00f0 nota \u00fdmsar spennur til a\u00f0 \u00fer\u00f3a alhli\u00f0a skilning \u00e1 stundlegum samb\u00f6ndum.<\/p>\n\n\n\n<h3 class=\"wp-block-heading\" id=\"h-8-adverbs\">8. Atviksor\u00f0:<\/h3>\n\n\n\n<p>Atviksor\u00f0 breyta s\u00f6gnum, l\u00fdsingaror\u00f0um e\u00f0a \u00f6\u00f0rum atviksor\u00f0um og veita frekari uppl\u00fdsingar um athafnir e\u00f0a eiginleika. L\u00e6r\u00f0u algeng hind\u00ed atviksor\u00f0 og sta\u00f0setningu \u00feeirra \u00ed setningum til a\u00f0 auka l\u00fdsandi h\u00e6fileika \u00fe\u00edna.<\/p>\n\n\n\n<h3 class=\"wp-block-heading\" id=\"h-9-prepositions\">9. Forsetningar:<\/h3>\n\n\n\n<p>Forsetningar \u00e1 hind\u00ed tengja nafnor\u00f0, forn\u00f6fn e\u00f0a or\u00f0asamb\u00f6nd vi\u00f0 \u00f6nnur or\u00f0 \u00ed setningu. \u00deeir gefa til kynna tengsl eins og sta\u00f0setningu, t\u00edma og stefnu. Kynntu \u00fe\u00e9r hind\u00ed forsetningar og notkun \u00feeirra til a\u00f0 b\u00faa til fl\u00f3knari setningar.<\/p>\n\n\n\n<h3 class=\"wp-block-heading\" id=\"h-10-articles\">10. Greinar:<\/h3>\n\n\n\n<p>Hind\u00ed hefur ekki greinar eins og ensku (\u00e1, a, an), en \u00fea\u00f0 notar innlegg til a\u00f0 koma svipu\u00f0um merkingum \u00e1 framf\u00e6ri. A\u00f0 skilja notkun sta\u00f0a \u00e1 hind\u00ed mun hj\u00e1lpa \u00fe\u00e9r a\u00f0 koma sk\u00fdrleika og \u00f3\u00e1kve\u00f0ni \u00e1 framf\u00e6ri r\u00e9tt \u00ed setningum \u00fe\u00ednum.<\/p>\n\n\n\n<h3 class=\"wp-block-heading\" id=\"h-11-sentence-structure\">11. Setningaskipan:<\/h3>\n\n\n\n<p>A\u00f0 lokum skaltu l\u00e6ra grunn setningaskipan \u00e1 hind\u00ed, sem fylgir <a href=\"https:\/\/talkpal.ai\/culture\/how-do-you-structure-a-sentence-using-subject-object-verb-order-in-uzbek\/\">Subject-Object-Verb<\/a> (SOV) mynstri. Skilningur \u00e1 hind\u00ed setningager\u00f0 gerir \u00fe\u00e9r kleift a\u00f0 eiga samskipti \u00e1 \u00e1hrifar\u00edkan og sk\u00fdran h\u00e1tt.<\/p>\n\n\n\n<p>Me\u00f0 \u00fev\u00ed a\u00f0 fylgja \u00feessari r\u00f6\u00f0 hind\u00ed m\u00e1lfr\u00e6\u00f0iefna muntu vera vel \u00ed stakk b\u00fainn til a\u00f0 skilja, <a href=\"https:\/\/talkpal.ai\/locations\/language-courses-in-tala\/\">tala<\/a> og skrifa \u00e1 hind\u00ed, sem gerir \u00fe\u00e9r kleift a\u00f0 s\u00f6kkva \u00fe\u00e9r a\u00f0 fullu ni\u00f0ur \u00ed r\u00edka menningu og hef\u00f0ir hind\u00edm\u00e6landi sv\u00e6\u00f0a.<\/p>\n<\/div><\/div>\n\r\n<section class=\"learnNavigationSection\">\r\n            \r\n        <a href=\"https:\/\/talkpal.ai\/is\/laerdu-hindi\/\">\r\n            <div class=\"learnNavigationWrapper\">\r\n                <div class=\"learnNavigationContent\">\r\n                    <img decoding=\"async\" src=\"https:\/\/talkpal.ai\/wp-content\/uploads\/2024\/08\/Hindi.jpg\" alt=\"Indian Flag\">\r\n                    <div>\r\n                        <h4>Um hind\u00edn\u00e1m<\/h4>\r\n                        <p>Finndu \u00fat allt um hind\u00ed m\u00e1lfr\u00e6\u00f0i.<\/p>\r\n                    <\/div>\r\n                <\/div>\r\n            <\/div>\r\n        <\/a>\r\n\r\n        \r\n        <a href=\"https:\/\/talkpal.ai\/is\/hindi-malfraedi\/\">\r\n            <div class=\"learnNavigationWrapper\">\r\n                <div class=\"learnNavigationContent\">\r\n                    <img decoding=\"async\" src=\"https:\/\/talkpal.ai\/wp-content\/uploads\/2024\/08\/Hindi.jpg\" alt=\"Indian Flag\">\r\n                    <div>\r\n                        <h4>Hind\u00ed m\u00e1lfr\u00e6\u00f0i kennslustundir<\/h4>\r\n                        <p>\u00c6f\u00f0u hind\u00ed m\u00e1lfr\u00e6\u00f0i.<\/p>\r\n                    <\/div>\r\n                <\/div>\r\n            <\/div>\r\n        <\/a>\r\n\r\n        \r\n        <a href=\"https:\/\/talkpal.ai\/vocabulary_language\/hindi\/\">\r\n            <div class=\"learnNavigationWrapper\">\r\n                <div class=\"learnNavigationContent\">\r\n                    <img decoding=\"async\" src=\"https:\/\/talkpal.ai\/wp-content\/uploads\/2024\/08\/Hindi.jpg\" alt=\"Indian Flag\">\r\n                    <div>\r\n                        <h4>Or\u00f0afor\u00f0i hind\u00ed<\/h4>\r\n                        <p>St\u00e6kka\u00f0u hind\u00ed or\u00f0afor\u00f0a \u00feinn.<\/p>\r\n                    <\/div>\r\n                <\/div>\r\n            <\/div>\r\n        <\/a>\r\n\r\n            <\/section>","protected":false},"excerpt":{"rendered":"<p>Hind\u00ed m\u00e1lfr\u00e6\u00f0i efni A\u00f0 l\u00e6ra n\u00fdtt tungum\u00e1l getur veri\u00f0 spennandi en samt krefjandi reynsla, s\u00e9rstaklega \u00feegar kemur a\u00f0 \u00fev\u00ed a\u00f0 skilja og n\u00e1 t\u00f6kum \u00e1 m\u00e1lfr\u00e6\u00f0i \u00feess. Hind\u00ed, sem er eitt mest tala\u00f0a tungum\u00e1l \u00ed heimi, b\u00fd\u00f0ur upp \u00e1 einstaka og r\u00edka tungum\u00e1laupplifun. \u00deegar \u00fe\u00fa leggur af sta\u00f0 \u00ed fer\u00f0 \u00fe\u00edna til a\u00f0 l\u00e6ra hind\u00ed, [&hellip;]<\/p>\n","protected":false},"author":6,"featured_media":188212,"parent":0,"menu_order":0,"comment_status":"closed","ping_status":"closed","template":"LearningContentPage.php","meta":{"_acf_changed":false,"footnotes":""},"class_list":["post-134383","page","type-page","status-publish","has-post-thumbnail","hentry"],"acf":[],"yoast_head":"<!-- This site is optimized with the Yoast SEO Premium plugin v27.2 (Yoast SEO v27.2) - https:\/\/yoast.com\/product\/yoast-seo-premium-wordpress\/ -->\n<title>Hind\u00ed m\u00e1lfr\u00e6\u00f0i \u00c6fingar - Talkpal<\/title>\n<meta name=\"description\" content=\"\u00c6f\u00f0u hind\u00ed m\u00e1lfr\u00e6\u00f0i au\u00f0veldlega - pr\u00f3fa\u00f0u gagnvirkar \u00e6fingar til a\u00f0 b\u00e6ta f\u00e6rni \u00fe\u00edna og l\u00e6ra hra\u00f0ar me\u00f0 Talkpal AI.\" \/>\n<meta name=\"robots\" content=\"index, follow, max-snippet:-1, max-image-preview:large, max-video-preview:-1\" \/>\n<link rel=\"canonical\" href=\"https:\/\/talkpal.ai\/is\/hindi-malfraedi-aefingar\/\" \/>\n<meta property=\"og:locale\" content=\"is_IS\" \/>\n<meta property=\"og:type\" content=\"article\" \/>\n<meta property=\"og:title\" content=\"Hind\u00ed m\u00e1lfr\u00e6\u00f0i \u00c6fingar\" \/>\n<meta property=\"og:description\" content=\"Hind\u00ed m\u00e1lfr\u00e6\u00f0i efni A\u00f0 l\u00e6ra n\u00fdtt tungum\u00e1l getur veri\u00f0 spennandi en samt krefjandi reynsla, s\u00e9rstaklega \u00feegar kemur a\u00f0 \u00fev\u00ed a\u00f0 skilja og n\u00e1 t\u00f6kum \u00e1 m\u00e1lfr\u00e6\u00f0i\" \/>\n<meta property=\"og:url\" content=\"https:\/\/talkpal.ai\/is\/hindi-malfraedi-aefingar\/\" \/>\n<meta property=\"og:site_name\" content=\"Talkpal\" \/>\n<meta property=\"article:publisher\" content=\"https:\/\/www.facebook.com\/profile.php?id=100090733639311\" \/>\n<meta property=\"article:modified_time\" content=\"2025-12-17T16:18:20+00:00\" \/>\n<meta property=\"og:image\" content=\"https:\/\/talkpal.ai\/wp-content\/uploads\/2024\/02\/india.png\" \/>\n\t<meta property=\"og:image:width\" content=\"517\" \/>\n\t<meta property=\"og:image:height\" content=\"517\" \/>\n\t<meta property=\"og:image:type\" content=\"image\/png\" \/>\n<meta name=\"twitter:card\" content=\"summary_large_image\" \/>\n<meta name=\"twitter:site\" content=\"@talkpalai\" \/>\n<meta name=\"twitter:label1\" content=\"Est. reading time\" \/>\n\t<meta name=\"twitter:data1\" content=\"3 minutes\" \/>\n<script type=\"application\/ld+json\" class=\"yoast-schema-graph\">{\"@context\":\"https:\/\/schema.org\",\"@graph\":[{\"@type\":\"WebPage\",\"@id\":\"https:\/\/talkpal.ai\/is\/hindi-malfraedi-aefingar\/\",\"url\":\"https:\/\/talkpal.ai\/is\/hindi-malfraedi-aefingar\/\",\"name\":\"Hind\u00ed m\u00e1lfr\u00e6\u00f0i \u00c6fingar - Talkpal\",\"isPartOf\":{\"@id\":\"https:\/\/talkpal.ai\/is\/#website\"},\"primaryImageOfPage\":{\"@id\":\"https:\/\/talkpal.ai\/is\/hindi-malfraedi-aefingar\/#primaryimage\"},\"image\":{\"@id\":\"https:\/\/talkpal.ai\/is\/hindi-malfraedi-aefingar\/#primaryimage\"},\"thumbnailUrl\":\"https:\/\/talkpal.ai\/wp-content\/uploads\/2024\/02\/india.png\",\"datePublished\":\"2023-06-16T10:15:21+00:00\",\"dateModified\":\"2025-12-17T16:18:20+00:00\",\"description\":\"\u00c6f\u00f0u hind\u00ed m\u00e1lfr\u00e6\u00f0i au\u00f0veldlega - pr\u00f3fa\u00f0u gagnvirkar \u00e6fingar til a\u00f0 b\u00e6ta f\u00e6rni \u00fe\u00edna og l\u00e6ra hra\u00f0ar me\u00f0 Talkpal AI.\",\"breadcrumb\":{\"@id\":\"https:\/\/talkpal.ai\/is\/hindi-malfraedi-aefingar\/#breadcrumb\"},\"inLanguage\":\"is\",\"potentialAction\":[{\"@type\":\"ReadAction\",\"target\":[\"https:\/\/talkpal.ai\/is\/hindi-malfraedi-aefingar\/\"]}]},{\"@type\":\"ImageObject\",\"inLanguage\":\"is\",\"@id\":\"https:\/\/talkpal.ai\/is\/hindi-malfraedi-aefingar\/#primaryimage\",\"url\":\"https:\/\/talkpal.ai\/wp-content\/uploads\/2024\/02\/india.png\",\"contentUrl\":\"https:\/\/talkpal.ai\/wp-content\/uploads\/2024\/02\/india.png\",\"width\":517,\"height\":517,\"caption\":\"TalkPal Indian Flag\"},{\"@type\":\"BreadcrumbList\",\"@id\":\"https:\/\/talkpal.ai\/is\/hindi-malfraedi-aefingar\/#breadcrumb\",\"itemListElement\":[{\"@type\":\"ListItem\",\"position\":1,\"name\":\"Homepage\",\"item\":\"https:\/\/talkpal.ai\/is\/\"},{\"@type\":\"ListItem\",\"position\":2,\"name\":\"Hind\u00ed m\u00e1lfr\u00e6\u00f0i \u00c6fingar\"}]},{\"@type\":\"WebSite\",\"@id\":\"https:\/\/talkpal.ai\/is\/#website\",\"url\":\"https:\/\/talkpal.ai\/is\/\",\"name\":\"Talkpal\",\"description\":\"AI Language Learning\",\"publisher\":{\"@id\":\"https:\/\/talkpal.ai\/is\/#organization\"},\"alternateName\":\"Talkpal AI\",\"potentialAction\":[{\"@type\":\"SearchAction\",\"target\":{\"@type\":\"EntryPoint\",\"urlTemplate\":\"https:\/\/talkpal.ai\/is\/?s={search_term_string}\"},\"query-input\":{\"@type\":\"PropertyValueSpecification\",\"valueRequired\":true,\"valueName\":\"search_term_string\"}}],\"inLanguage\":\"is\"},{\"@type\":\"Organization\",\"@id\":\"https:\/\/talkpal.ai\/is\/#organization\",\"name\":\"Talkpal, Inc.\",\"alternateName\":\"Talkpal AI\",\"url\":\"https:\/\/talkpal.ai\/is\/\",\"logo\":{\"@type\":\"ImageObject\",\"inLanguage\":\"is\",\"@id\":\"https:\/\/talkpal.ai\/is\/#\/schema\/logo\/image\/\",\"url\":\"https:\/\/talkpal.ai\/wp-content\/uploads\/2024\/03\/Talkpal-Logo-Icon.png\",\"contentUrl\":\"https:\/\/talkpal.ai\/wp-content\/uploads\/2024\/03\/Talkpal-Logo-Icon.png\",\"width\":2880,\"height\":2880,\"caption\":\"Talkpal, Inc.\"},\"image\":{\"@id\":\"https:\/\/talkpal.ai\/is\/#\/schema\/logo\/image\/\"},\"sameAs\":[\"https:\/\/www.facebook.com\/profile.php?id=100090733639311\",\"https:\/\/x.com\/talkpalai\",\"https:\/\/www.linkedin.com\/company\/talkpal\/\",\"https:\/\/www.youtube.com\/@TalkPal\/\",\"https:\/\/www.tiktok.com\/@talkpal\",\"https:\/\/www.instagram.com\/talkpal_ai\/\",\"https:\/\/www.crunchbase.com\/organization\/talkpal-9cde\",\"https:\/\/www.g2.com\/products\/talkpal-for-business\/\",\"https:\/\/www.trustpilot.com\/review\/talkpal.ai\",\"https:\/\/www.capterra.com\/p\/10006800\/TalkPal\/\"],\"description\":\"Talkpal is a language learning web and mobile education app, powered by the latest AI technologies, that provides engaging experiences to its customers in many different languages to help them improve their language skills. Users can chat about unlimited amount of topics with the app and use other modes to practice their language learning.\",\"email\":\"support@talkpal.ai\",\"legalName\":\"Talkpal, Inc.\",\"foundingDate\":\"2023-04-03\",\"duns\":\"118989042\",\"numberOfEmployees\":{\"@type\":\"QuantitativeValue\",\"minValue\":\"11\",\"maxValue\":\"50\"},\"publishingPrinciples\":\"https:\/\/talkpal.ai\/publishing-principles\/\",\"actionableFeedbackPolicy\":\"https:\/\/talkpal.ai\/actionable-feedback-policy\/\",\"correctionsPolicy\":\"https:\/\/talkpal.ai\/corrections-policy\/\",\"ethicsPolicy\":\"https:\/\/talkpal.ai\/ethics-policy\/\",\"diversityPolicy\":\"https:\/\/talkpal.ai\/diversity-policy\/\",\"diversityStaffingReport\":\"https:\/\/talkpal.ai\/diversity-policy\/\"}]}<\/script>\n<!-- \/ Yoast SEO Premium plugin. -->","yoast_head_json":{"title":"Hind\u00ed m\u00e1lfr\u00e6\u00f0i \u00c6fingar - Talkpal","description":"\u00c6f\u00f0u hind\u00ed m\u00e1lfr\u00e6\u00f0i au\u00f0veldlega - pr\u00f3fa\u00f0u gagnvirkar \u00e6fingar til a\u00f0 b\u00e6ta f\u00e6rni \u00fe\u00edna og l\u00e6ra hra\u00f0ar me\u00f0 Talkpal AI.","robots":{"index":"index","follow":"follow","max-snippet":"max-snippet:-1","max-image-preview":"max-image-preview:large","max-video-preview":"max-video-preview:-1"},"canonical":"https:\/\/talkpal.ai\/is\/hindi-malfraedi-aefingar\/","og_locale":"is_IS","og_type":"article","og_title":"Hind\u00ed m\u00e1lfr\u00e6\u00f0i \u00c6fingar","og_description":"Hind\u00ed m\u00e1lfr\u00e6\u00f0i efni A\u00f0 l\u00e6ra n\u00fdtt tungum\u00e1l getur veri\u00f0 spennandi en samt krefjandi reynsla, s\u00e9rstaklega \u00feegar kemur a\u00f0 \u00fev\u00ed a\u00f0 skilja og n\u00e1 t\u00f6kum \u00e1 m\u00e1lfr\u00e6\u00f0i","og_url":"https:\/\/talkpal.ai\/is\/hindi-malfraedi-aefingar\/","og_site_name":"Talkpal","article_publisher":"https:\/\/www.facebook.com\/profile.php?id=100090733639311","article_modified_time":"2025-12-17T16:18:20+00:00","og_image":[{"width":517,"height":517,"url":"https:\/\/talkpal.ai\/wp-content\/uploads\/2024\/02\/india.png","type":"image\/png"}],"twitter_card":"summary_large_image","twitter_site":"@talkpalai","twitter_misc":{"Est. reading time":"3 minutes"},"schema":{"@context":"https:\/\/schema.org","@graph":[{"@type":"WebPage","@id":"https:\/\/talkpal.ai\/is\/hindi-malfraedi-aefingar\/","url":"https:\/\/talkpal.ai\/is\/hindi-malfraedi-aefingar\/","name":"Hind\u00ed m\u00e1lfr\u00e6\u00f0i \u00c6fingar - Talkpal","isPartOf":{"@id":"https:\/\/talkpal.ai\/is\/#website"},"primaryImageOfPage":{"@id":"https:\/\/talkpal.ai\/is\/hindi-malfraedi-aefingar\/#primaryimage"},"image":{"@id":"https:\/\/talkpal.ai\/is\/hindi-malfraedi-aefingar\/#primaryimage"},"thumbnailUrl":"https:\/\/talkpal.ai\/wp-content\/uploads\/2024\/02\/india.png","datePublished":"2023-06-16T10:15:21+00:00","dateModified":"2025-12-17T16:18:20+00:00","description":"\u00c6f\u00f0u hind\u00ed m\u00e1lfr\u00e6\u00f0i au\u00f0veldlega - pr\u00f3fa\u00f0u gagnvirkar \u00e6fingar til a\u00f0 b\u00e6ta f\u00e6rni \u00fe\u00edna og l\u00e6ra hra\u00f0ar me\u00f0 Talkpal AI.","breadcrumb":{"@id":"https:\/\/talkpal.ai\/is\/hindi-malfraedi-aefingar\/#breadcrumb"},"inLanguage":"is","potentialAction":[{"@type":"ReadAction","target":["https:\/\/talkpal.ai\/is\/hindi-malfraedi-aefingar\/"]}]},{"@type":"ImageObject","inLanguage":"is","@id":"https:\/\/talkpal.ai\/is\/hindi-malfraedi-aefingar\/#primaryimage","url":"https:\/\/talkpal.ai\/wp-content\/uploads\/2024\/02\/india.png","contentUrl":"https:\/\/talkpal.ai\/wp-content\/uploads\/2024\/02\/india.png","width":517,"height":517,"caption":"TalkPal Indian Flag"},{"@type":"BreadcrumbList","@id":"https:\/\/talkpal.ai\/is\/hindi-malfraedi-aefingar\/#breadcrumb","itemListElement":[{"@type":"ListItem","position":1,"name":"Homepage","item":"https:\/\/talkpal.ai\/is\/"},{"@type":"ListItem","position":2,"name":"Hind\u00ed m\u00e1lfr\u00e6\u00f0i \u00c6fingar"}]},{"@type":"WebSite","@id":"https:\/\/talkpal.ai\/is\/#website","url":"https:\/\/talkpal.ai\/is\/","name":"Talkpal","description":"AI Language Learning","publisher":{"@id":"https:\/\/talkpal.ai\/is\/#organization"},"alternateName":"Talkpal AI","potentialAction":[{"@type":"SearchAction","target":{"@type":"EntryPoint","urlTemplate":"https:\/\/talkpal.ai\/is\/?s={search_term_string}"},"query-input":{"@type":"PropertyValueSpecification","valueRequired":true,"valueName":"search_term_string"}}],"inLanguage":"is"},{"@type":"Organization","@id":"https:\/\/talkpal.ai\/is\/#organization","name":"Talkpal, Inc.","alternateName":"Talkpal AI","url":"https:\/\/talkpal.ai\/is\/","logo":{"@type":"ImageObject","inLanguage":"is","@id":"https:\/\/talkpal.ai\/is\/#\/schema\/logo\/image\/","url":"https:\/\/talkpal.ai\/wp-content\/uploads\/2024\/03\/Talkpal-Logo-Icon.png","contentUrl":"https:\/\/talkpal.ai\/wp-content\/uploads\/2024\/03\/Talkpal-Logo-Icon.png","width":2880,"height":2880,"caption":"Talkpal, Inc."},"image":{"@id":"https:\/\/talkpal.ai\/is\/#\/schema\/logo\/image\/"},"sameAs":["https:\/\/www.facebook.com\/profile.php?id=100090733639311","https:\/\/x.com\/talkpalai","https:\/\/www.linkedin.com\/company\/talkpal\/","https:\/\/www.youtube.com\/@TalkPal\/","https:\/\/www.tiktok.com\/@talkpal","https:\/\/www.instagram.com\/talkpal_ai\/","https:\/\/www.crunchbase.com\/organization\/talkpal-9cde","https:\/\/www.g2.com\/products\/talkpal-for-business\/","https:\/\/www.trustpilot.com\/review\/talkpal.ai","https:\/\/www.capterra.com\/p\/10006800\/TalkPal\/"],"description":"Talkpal is a language learning web and mobile education app, powered by the latest AI technologies, that provides engaging experiences to its customers in many different languages to help them improve their language skills. Users can chat about unlimited amount of topics with the app and use other modes to practice their language learning.","email":"support@talkpal.ai","legalName":"Talkpal, Inc.","foundingDate":"2023-04-03","duns":"118989042","numberOfEmployees":{"@type":"QuantitativeValue","minValue":"11","maxValue":"50"},"publishingPrinciples":"https:\/\/talkpal.ai\/publishing-principles\/","actionableFeedbackPolicy":"https:\/\/talkpal.ai\/actionable-feedback-policy\/","correctionsPolicy":"https:\/\/talkpal.ai\/corrections-policy\/","ethicsPolicy":"https:\/\/talkpal.ai\/ethics-policy\/","diversityPolicy":"https:\/\/talkpal.ai\/diversity-policy\/","diversityStaffingReport":"https:\/\/talkpal.ai\/diversity-policy\/"}]}},"_links":{"self":[{"href":"https:\/\/talkpal.ai\/is\/wp-json\/wp\/v2\/pages\/134383","targetHints":{"allow":["GET"]}}],"collection":[{"href":"https:\/\/talkpal.ai\/is\/wp-json\/wp\/v2\/pages"}],"about":[{"href":"https:\/\/talkpal.ai\/is\/wp-json\/wp\/v2\/types\/page"}],"author":[{"embeddable":true,"href":"https:\/\/talkpal.ai\/is\/wp-json\/wp\/v2\/users\/6"}],"replies":[{"embeddable":true,"href":"https:\/\/talkpal.ai\/is\/wp-json\/wp\/v2\/comments?post=134383"}],"version-history":[{"count":0,"href":"https:\/\/talkpal.ai\/is\/wp-json\/wp\/v2\/pages\/134383\/revisions"}],"wp:featuredmedia":[{"embeddable":true,"href":"https:\/\/talkpal.ai\/is\/wp-json\/wp\/v2\/media\/188212"}],"wp:attachment":[{"href":"https:\/\/talkpal.ai\/is\/wp-json\/wp\/v2\/media?parent=134383"}],"curies":[{"name":"wp","href":"https:\/\/api.w.org\/{rel}","templated":true}]}}