{"id":133978,"date":"2023-06-16T10:07:13","date_gmt":"2023-06-16T10:07:13","guid":{"rendered":"http:\/\/talkpal.ai\/finnskar-malfraediaefingar\/"},"modified":"2025-12-17T15:32:45","modified_gmt":"2025-12-17T15:32:45","slug":"finnskar-malfraediaefingar","status":"publish","type":"page","link":"https:\/\/talkpal.ai\/is\/finnskar-malfraediaefingar\/","title":{"rendered":"Finnskar m\u00e1lfr\u00e6\u00f0i\u00e6fingar"},"content":{"rendered":"\r\n\r\n\r\n<section class=\"languageChallengeSection\">\r\n    <div class=\"languageInfoWrapper\">\r\n        \r\n        <h1>Finnskar m\u00e1lfr\u00e6\u00f0i\u00e6fingar<\/h1>\r\n        <p>Tilb\u00fainn\/n a\u00f0 takast \u00e1 vi\u00f0 einstaka uppbyggingu finnsku? A\u00f0 \u00e6fa sig \u00ed m\u00e1lfr\u00e6\u00f0i er fr\u00e1b\u00e6r lei\u00f0 til a\u00f0 venjast or\u00f0endum, f\u00f6llum og setningamynstrum sem <a href=\"https:\/\/talkpal.ai\/locations\/language-courses-in-gera\/\">gera<\/a> finnsku s\u00e9rstaka. Kaf\u00f0u \u00fe\u00e9r ofan \u00ed <a href=\"https:\/\/talkpal.ai\/learn-finnish\/\">finnska<\/a> m\u00e1lfr\u00e6\u00f0i \u00ed dag og sj\u00e1\u00f0u f\u00e6rni \u00fe\u00edna og sj\u00e1lfstraust vaxa me\u00f0 hverri \u00e6fingu!<\/p>\r\n\r\n                            <a class=\"getStartedHidden\" href=\"https:\/\/app.talkpal.ai\/signup?lng=\">Byrja\u00f0u<\/a>\r\n        \r\n    <\/div>\r\n\r\n    <figure>\r\n    <img decoding=\"async\" width=\"768\" height=\"768\" src=\"https:\/\/talkpal.ai\/wp-content\/uploads\/2023\/06\/Finnish-768x768.png\" class=\"languageImage no-lazy\" alt=\"Develop your language aptitude learning\" fetchpriority=\"high\" sizes=\"(max-width: 768px) 150px, 768px\" srcset=\"https:\/\/talkpal.ai\/wp-content\/uploads\/2023\/06\/Finnish-768x768.png 768w, https:\/\/talkpal.ai\/wp-content\/uploads\/2023\/06\/Finnish-300x300.png 300w\" \/>\r\n    \r\n\r\n    <\/figure>\r\n\r\n            <a class=\"getStartedVisible\" href=\"https:\/\/app.talkpal.ai\/signup?lng=\">Byrja\u00f0u<\/a>\r\n    \r\n<\/section>\r\n\r\n\r\n<!-- <section class=\"grammarSection\">\r\n    <div class=\"grammarLinks\">\r\n            <\/div>\r\n<\/section> -->\r\n\r\n\r\n\r\n\r\n<section class=\"promotionalBanner\">\r\n    <p class=\"promotionalText\">Skilvirkasta lei\u00f0in til a\u00f0 l\u00e6ra tungum\u00e1l<\/p>\r\n    <a class=\"promotionalLink\" href=\"https:\/\/app.talkpal.ai\/signup?lng=\">Pr\u00f3fa\u00f0u Talkpal \u00f3keypis<\/a>\r\n<\/section>\n<div class=\"wp-block-group pageContainerStyle\"><div class=\"wp-block-group__inner-container is-layout-constrained wp-block-group-is-layout-constrained\">\n<h2 class=\"wp-block-heading\" id=\"h-finnish-grammar-topics\">Finnsk m\u00e1lfr\u00e6\u00f0i<\/h2>\n\n\n\n<p>Finnskun\u00e1m getur veri\u00f0 gefandi reynsla fyrir tungum\u00e1la\u00e1hugamenn \u00fear sem tungum\u00e1li\u00f0 er einstakt og heillandi tungum\u00e1l me\u00f0 r\u00edka menningars\u00f6gu. <a href=\"https:\/\/talkpal.ai\/finnish-grammar\/\">Finnsk m\u00e1lfr\u00e6\u00f0i<\/a> kann a\u00f0 vir\u00f0ast krefjandi \u00ed fyrstu, en me\u00f0 kerfisbundinni n\u00e1lgun og \u00e1herslu \u00e1 nau\u00f0synleg efni getur\u00f0u teki\u00f0 st\u00f6\u00f0ugum framf\u00f6rum og a\u00f0 lokum or\u00f0i\u00f0 reiprennandi \u00e1 \u00feessu fallega tungum\u00e1li. \u00cd \u00feessari handb\u00f3k munum vi\u00f0 r\u00e6\u00f0a finnsku m\u00e1lfr\u00e6\u00f0iefnin \u00ed r\u00f6\u00f0 sem mun hj\u00e1lpa \u00fe\u00e9r a\u00f0 l\u00e6ra tungum\u00e1li\u00f0 \u00e1 \u00e1hrifar\u00edkan h\u00e1tt, sem n\u00e6r yfir t\u00ed\u00f0ir, sagnir, nafnor\u00f0, greinar, l\u00fdsingaror\u00f0, atviksor\u00f0, p\u00f3stsetningar og setningager\u00f0.<\/p>\n\n\n\n<h3 class=\"wp-block-heading\" id=\"h-1-nouns\">1. Nafnor\u00f0:<\/h3>\n\n\n\n<p>Byrja\u00f0u \u00e1 \u00fev\u00ed a\u00f0 l\u00e6ra finnsk nafnor\u00f0, \u00fear sem \u00feau mynda grunninn a\u00f0 setningager\u00f0. Finnsk nafnor\u00f0 hafa 15 fall sem eru nau\u00f0synleg til a\u00f0 skilja uppbyggingu tungum\u00e1lsins. Kynntu \u00fe\u00e9r hin \u00fdmsu nafnor\u00f0 og hlutverk \u00feeirra \u00ed setningu.<\/p>\n\n\n\n<h3 class=\"wp-block-heading\" id=\"h-2-articles\">2. Greinar:<\/h3>\n\n\n\n<p>Finnska er ekki me\u00f0 greinar eins og \u201ethe\u201c e\u00f0a \u201ea\u201c \u00e1 ensku, sem gerir \u00fea\u00f0 au\u00f0veldara fyrir <a href=\"https:\/\/talkpal.ai\/talkpal-discount-for-students\/\">nemendur<\/a>. \u00deess \u00ed sta\u00f0 r\u00e6\u00f0st merking nafnor\u00f0s af samhengi og fallendingum.<\/p>\n\n\n\n<h3 class=\"wp-block-heading\" id=\"h-3-adjectives\">3. L\u00fdsingaror\u00f0:<\/h3>\n\n\n\n<p>L\u00fdsingaror\u00f0 l\u00fdsa nafnor\u00f0um og eru samm\u00e1la \u00feeim \u00ed falli og t\u00f6lu. L\u00e6r\u00f0u hvernig \u00e1 a\u00f0 mynda og nota l\u00fdsingaror\u00f0 til a\u00f0 gera setningarnar \u00fe\u00ednar meira l\u00fdsandi og svipmiklar.<\/p>\n\n\n\n<h3 class=\"wp-block-heading\" id=\"h-4-verbs\">4. Sagnir:<\/h3>\n\n\n\n<p>Finnskar sagnir eru nau\u00f0synlegar til a\u00f0 tj\u00e1 athafnir og \u00e1stand. Kynntu \u00fe\u00e9r helstu beygingarmynstur sagna og algengustu \u00f3reglulegu sagnirnar.<\/p>\n\n\n\n<h3 class=\"wp-block-heading\" id=\"h-5-tenses-indicative\">5. Spennur lei\u00f0beinandi:<\/h3>\n\n\n\n<p>Skilja lei\u00f0beinandi skapi\u00f0, sem er nota\u00f0 til a\u00f0 tj\u00e1 fullyr\u00f0ingar, sta\u00f0reyndir og sko\u00f0anir. Finnska hefur fj\u00f3rar meginspennur \u00ed l\u00fdsandi skapi: n\u00fat\u00ed\u00f0, fort\u00ed\u00f0 (\u00f3fullkomin), fullkomin og pl\u00fat\u00f3fullkomin. L\u00e6r\u00f0u hvernig \u00e1 a\u00f0 mynda og nota \u00feessar spennur r\u00e9tt.<\/p>\n\n\n\n<h3 class=\"wp-block-heading\" id=\"h-6-tenses-potential\">6. Spennum\u00f6guleikar:<\/h3>\n\n\n\n<p>Hugsanlegt skap er nota\u00f0 til a\u00f0 tj\u00e1 m\u00f6guleika, l\u00edkur e\u00f0a efasemdir. \u00dea\u00f0 hefur tv\u00e6r spennur: n\u00faverandi m\u00f6guleika og fyrri m\u00f6guleika. L\u00e6r\u00f0u hvernig \u00e1 a\u00f0 mynda og nota \u00feessar spennur til a\u00f0 b\u00e6ta bl\u00e6brig\u00f0i vi\u00f0 setningarnar \u00fe\u00ednar.<\/p>\n\n\n\n<h3 class=\"wp-block-heading\" id=\"h-7-tenses-imperative\">7. Spenntur mikilv\u00e6gt:<\/h3>\n\n\n\n<p>Mikilv\u00e6gt skap er nota\u00f0 til a\u00f0 gefa skipanir og gera bei\u00f0nir. L\u00e6r\u00f0u hvernig \u00e1 a\u00f0 m\u00f3ta mikilv\u00e6gi \u00e1 finnsku og nota \u00fea\u00f0 \u00e1 vi\u00f0eigandi h\u00e1tt \u00ed \u00fdmsum a\u00f0st\u00e6\u00f0um.<\/p>\n\n\n\n<h3 class=\"wp-block-heading\" id=\"h-8-tense-comparison\">8. Spenntur samanbur\u00f0ur:<\/h3>\n\n\n\n<p>Skilja hvernig \u00e1 a\u00f0 bera saman mismunandi spennu og skap \u00ed finnsku. \u00deessi f\u00e6rni gerir \u00fe\u00e9r kleift a\u00f0 tj\u00e1 fl\u00f3knar hugmyndir og tengsl milli atbur\u00f0a.<\/p>\n\n\n\n<h3 class=\"wp-block-heading\" id=\"h-9-adverbs\">9. Atviksor\u00f0:<\/h3>\n\n\n\n<p>Atviksor\u00f0 breyta s\u00f6gnum, l\u00fdsingaror\u00f0um e\u00f0a \u00f6\u00f0rum atviksor\u00f0um og veita frekari uppl\u00fdsingar um athafnir e\u00f0a eiginleika. L\u00e6r\u00f0u mismunandi ger\u00f0ir atviksor\u00f0a og hvernig \u00e1 a\u00f0 nota \u00feau \u00e1 \u00e1hrifar\u00edkan h\u00e1tt \u00ed setningum \u00fe\u00ednum.<\/p>\n\n\n\n<h3 class=\"wp-block-heading\" id=\"h-10-postpositions\">10. St\u00f6\u00f0ur:<\/h3>\n\n\n\n<p>Finnska notar p\u00f3stsetningar \u00ed sta\u00f0 forsetninga til a\u00f0 gefa til kynna tengsl milli or\u00f0a. L\u00e6r\u00f0u algengustu f\u00e6rslurnar og hvernig \u00fe\u00e6r virka \u00ed setningu.<\/p>\n\n\n\n<h3 class=\"wp-block-heading\" id=\"h-11-sentence-structure\">11. Setningaskipan:<\/h3>\n\n\n\n<p>A\u00f0 lokum skaltu kynna \u00fe\u00e9r grunnsetningaskipan finnskunnar, sem fylgir mynstri efnis-sagna-hlutar (SVO). L\u00e6r\u00f0u hvernig \u00e1 a\u00f0 b\u00faa til einfaldar og fl\u00f3knar setningar me\u00f0 \u00fev\u00ed a\u00f0 nota m\u00e1lfr\u00e6\u00f0iefnin sem \u00fe\u00fa hefur l\u00e6rt og \u00e6f\u00f0u \u00feig \u00ed a\u00f0 sameina \u00feau til a\u00f0 tj\u00e1 hugsanir \u00fe\u00ednar n\u00e1kv\u00e6mlega og reiprennandi.<\/p>\n<\/div><\/div>\n\r\n<section class=\"learnNavigationSection\">\r\n            \r\n        <a href=\"https:\/\/talkpal.ai\/is\/laerdu-finnsku\/\">\r\n            <div class=\"learnNavigationWrapper\">\r\n                <div class=\"learnNavigationContent\">\r\n                    <img decoding=\"async\" src=\"https:\/\/talkpal.ai\/wp-content\/uploads\/2024\/08\/Finnish.jpg\" alt=\"Finnish Flag\">\r\n                    <div>\r\n                        <h4>Um finnskun\u00e1m<\/h4>\r\n                        <p>Finndu \u00fat allt um finnska m\u00e1lfr\u00e6\u00f0i.<\/p>\r\n                    <\/div>\r\n                <\/div>\r\n            <\/div>\r\n        <\/a>\r\n\r\n        \r\n        <a href=\"https:\/\/talkpal.ai\/is\/finnsk-malfraedi\/\">\r\n            <div class=\"learnNavigationWrapper\">\r\n                <div class=\"learnNavigationContent\">\r\n                    <img decoding=\"async\" src=\"https:\/\/talkpal.ai\/wp-content\/uploads\/2024\/08\/Finnish.jpg\" alt=\"Finnish Flag\">\r\n                    <div>\r\n                        <h4>Finnsk m\u00e1lfr\u00e6\u00f0ikennsla<\/h4>\r\n                        <p>\u00c6f\u00f0u \u00feig \u00ed finnskri m\u00e1lfr\u00e6\u00f0i.<\/p>\r\n                    <\/div>\r\n                <\/div>\r\n            <\/div>\r\n        <\/a>\r\n\r\n        \r\n        <a href=\"https:\/\/talkpal.ai\/vocabulary_language\/finnish\/\">\r\n            <div class=\"learnNavigationWrapper\">\r\n                <div class=\"learnNavigationContent\">\r\n                    <img decoding=\"async\" src=\"https:\/\/talkpal.ai\/wp-content\/uploads\/2024\/08\/Finnish.jpg\" alt=\"Finnish Flag\">\r\n                    <div>\r\n                        <h4>Finnskur or\u00f0afor\u00f0i<\/h4>\r\n                        <p>St\u00e6kka\u00f0u finnskan or\u00f0afor\u00f0a \u00feinn.<\/p>\r\n                    <\/div>\r\n                <\/div>\r\n            <\/div>\r\n        <\/a>\r\n\r\n            <\/section>\n<p><\/p>\n","protected":false},"excerpt":{"rendered":"<p>Finnsk m\u00e1lfr\u00e6\u00f0i Finnskun\u00e1m getur veri\u00f0 gefandi reynsla fyrir tungum\u00e1la\u00e1hugamenn \u00fear sem tungum\u00e1li\u00f0 er einstakt og heillandi tungum\u00e1l me\u00f0 r\u00edka menningars\u00f6gu. Finnsk m\u00e1lfr\u00e6\u00f0i kann a\u00f0 vir\u00f0ast krefjandi \u00ed fyrstu, en me\u00f0 kerfisbundinni n\u00e1lgun og \u00e1herslu \u00e1 nau\u00f0synleg efni getur\u00f0u teki\u00f0 st\u00f6\u00f0ugum framf\u00f6rum og a\u00f0 lokum or\u00f0i\u00f0 reiprennandi \u00e1 \u00feessu fallega tungum\u00e1li. \u00cd \u00feessari handb\u00f3k munum vi\u00f0 [&hellip;]<\/p>\n","protected":false},"author":6,"featured_media":106681,"parent":0,"menu_order":0,"comment_status":"closed","ping_status":"closed","template":"LearningContentPage.php","meta":{"_acf_changed":false,"footnotes":""},"class_list":["post-133978","page","type-page","status-publish","has-post-thumbnail","hentry"],"acf":[],"yoast_head":"<!-- This site is optimized with the Yoast SEO Premium plugin v27.2 (Yoast SEO v27.2) - https:\/\/yoast.com\/product\/yoast-seo-premium-wordpress\/ -->\n<title>Finnskar m\u00e1lfr\u00e6\u00f0i\u00e6fingar - Talkpal<\/title>\n<meta name=\"description\" content=\"\u00c6f\u00f0u og b\u00e6ttu finnsku m\u00e1lfr\u00e6\u00f0ikunn\u00e1ttu \u00fe\u00edna me\u00f0 \u00feessum gagnvirku og \u00e1hrifar\u00edku \u00e6fingum. Hentar \u00f6llum n\u00e1msstigum.\" \/>\n<meta name=\"robots\" content=\"index, follow, max-snippet:-1, max-image-preview:large, max-video-preview:-1\" \/>\n<link rel=\"canonical\" href=\"https:\/\/talkpal.ai\/is\/finnskar-malfraediaefingar\/\" \/>\n<meta property=\"og:locale\" content=\"is_IS\" \/>\n<meta property=\"og:type\" content=\"article\" \/>\n<meta property=\"og:title\" content=\"Finnskar m\u00e1lfr\u00e6\u00f0i\u00e6fingar\" \/>\n<meta property=\"og:description\" content=\"Finnsk m\u00e1lfr\u00e6\u00f0i Finnskun\u00e1m getur veri\u00f0 gefandi reynsla fyrir tungum\u00e1la\u00e1hugamenn \u00fear sem tungum\u00e1li\u00f0 er einstakt og heillandi tungum\u00e1l me\u00f0 r\u00edka\" \/>\n<meta property=\"og:url\" content=\"https:\/\/talkpal.ai\/is\/finnskar-malfraediaefingar\/\" \/>\n<meta property=\"og:site_name\" content=\"Talkpal\" \/>\n<meta property=\"article:publisher\" content=\"https:\/\/www.facebook.com\/profile.php?id=100090733639311\" \/>\n<meta property=\"article:modified_time\" content=\"2025-12-17T15:32:45+00:00\" \/>\n<meta property=\"og:image\" content=\"https:\/\/talkpal.ai\/wp-content\/uploads\/2023\/04\/finland.png\" \/>\n\t<meta property=\"og:image:width\" content=\"512\" \/>\n\t<meta property=\"og:image:height\" content=\"512\" \/>\n\t<meta property=\"og:image:type\" content=\"image\/png\" \/>\n<meta name=\"twitter:card\" content=\"summary_large_image\" \/>\n<meta name=\"twitter:site\" content=\"@talkpalai\" \/>\n<meta name=\"twitter:label1\" content=\"Est. reading time\" \/>\n\t<meta name=\"twitter:data1\" content=\"3 minutes\" \/>\n<script type=\"application\/ld+json\" class=\"yoast-schema-graph\">{\"@context\":\"https:\/\/schema.org\",\"@graph\":[{\"@type\":\"WebPage\",\"@id\":\"https:\/\/talkpal.ai\/is\/finnskar-malfraediaefingar\/\",\"url\":\"https:\/\/talkpal.ai\/is\/finnskar-malfraediaefingar\/\",\"name\":\"Finnskar m\u00e1lfr\u00e6\u00f0i\u00e6fingar - Talkpal\",\"isPartOf\":{\"@id\":\"https:\/\/talkpal.ai\/is\/#website\"},\"primaryImageOfPage\":{\"@id\":\"https:\/\/talkpal.ai\/is\/finnskar-malfraediaefingar\/#primaryimage\"},\"image\":{\"@id\":\"https:\/\/talkpal.ai\/is\/finnskar-malfraediaefingar\/#primaryimage\"},\"thumbnailUrl\":\"https:\/\/talkpal.ai\/wp-content\/uploads\/2023\/04\/finland.png\",\"datePublished\":\"2023-06-16T10:07:13+00:00\",\"dateModified\":\"2025-12-17T15:32:45+00:00\",\"description\":\"\u00c6f\u00f0u og b\u00e6ttu finnsku m\u00e1lfr\u00e6\u00f0ikunn\u00e1ttu \u00fe\u00edna me\u00f0 \u00feessum gagnvirku og \u00e1hrifar\u00edku \u00e6fingum. Hentar \u00f6llum n\u00e1msstigum.\",\"breadcrumb\":{\"@id\":\"https:\/\/talkpal.ai\/is\/finnskar-malfraediaefingar\/#breadcrumb\"},\"inLanguage\":\"is\",\"potentialAction\":[{\"@type\":\"ReadAction\",\"target\":[\"https:\/\/talkpal.ai\/is\/finnskar-malfraediaefingar\/\"]}]},{\"@type\":\"ImageObject\",\"inLanguage\":\"is\",\"@id\":\"https:\/\/talkpal.ai\/is\/finnskar-malfraediaefingar\/#primaryimage\",\"url\":\"https:\/\/talkpal.ai\/wp-content\/uploads\/2023\/04\/finland.png\",\"contentUrl\":\"https:\/\/talkpal.ai\/wp-content\/uploads\/2023\/04\/finland.png\",\"width\":512,\"height\":512,\"caption\":\"TalkPal finland Flag\"},{\"@type\":\"BreadcrumbList\",\"@id\":\"https:\/\/talkpal.ai\/is\/finnskar-malfraediaefingar\/#breadcrumb\",\"itemListElement\":[{\"@type\":\"ListItem\",\"position\":1,\"name\":\"Homepage\",\"item\":\"https:\/\/talkpal.ai\/is\/\"},{\"@type\":\"ListItem\",\"position\":2,\"name\":\"Finnskar m\u00e1lfr\u00e6\u00f0i\u00e6fingar\"}]},{\"@type\":\"WebSite\",\"@id\":\"https:\/\/talkpal.ai\/is\/#website\",\"url\":\"https:\/\/talkpal.ai\/is\/\",\"name\":\"Talkpal\",\"description\":\"AI Language Learning\",\"publisher\":{\"@id\":\"https:\/\/talkpal.ai\/is\/#organization\"},\"alternateName\":\"Talkpal AI\",\"potentialAction\":[{\"@type\":\"SearchAction\",\"target\":{\"@type\":\"EntryPoint\",\"urlTemplate\":\"https:\/\/talkpal.ai\/is\/?s={search_term_string}\"},\"query-input\":{\"@type\":\"PropertyValueSpecification\",\"valueRequired\":true,\"valueName\":\"search_term_string\"}}],\"inLanguage\":\"is\"},{\"@type\":\"Organization\",\"@id\":\"https:\/\/talkpal.ai\/is\/#organization\",\"name\":\"Talkpal, Inc.\",\"alternateName\":\"Talkpal AI\",\"url\":\"https:\/\/talkpal.ai\/is\/\",\"logo\":{\"@type\":\"ImageObject\",\"inLanguage\":\"is\",\"@id\":\"https:\/\/talkpal.ai\/is\/#\/schema\/logo\/image\/\",\"url\":\"https:\/\/talkpal.ai\/wp-content\/uploads\/2024\/03\/Talkpal-Logo-Icon.png\",\"contentUrl\":\"https:\/\/talkpal.ai\/wp-content\/uploads\/2024\/03\/Talkpal-Logo-Icon.png\",\"width\":2880,\"height\":2880,\"caption\":\"Talkpal, Inc.\"},\"image\":{\"@id\":\"https:\/\/talkpal.ai\/is\/#\/schema\/logo\/image\/\"},\"sameAs\":[\"https:\/\/www.facebook.com\/profile.php?id=100090733639311\",\"https:\/\/x.com\/talkpalai\",\"https:\/\/www.linkedin.com\/company\/talkpal\/\",\"https:\/\/www.youtube.com\/@TalkPal\/\",\"https:\/\/www.tiktok.com\/@talkpal\",\"https:\/\/www.instagram.com\/talkpal_ai\/\",\"https:\/\/www.crunchbase.com\/organization\/talkpal-9cde\",\"https:\/\/www.g2.com\/products\/talkpal-for-business\/\",\"https:\/\/www.trustpilot.com\/review\/talkpal.ai\",\"https:\/\/www.capterra.com\/p\/10006800\/TalkPal\/\"],\"description\":\"Talkpal is a language learning web and mobile education app, powered by the latest AI technologies, that provides engaging experiences to its customers in many different languages to help them improve their language skills. Users can chat about unlimited amount of topics with the app and use other modes to practice their language learning.\",\"email\":\"support@talkpal.ai\",\"legalName\":\"Talkpal, Inc.\",\"foundingDate\":\"2023-04-03\",\"duns\":\"118989042\",\"numberOfEmployees\":{\"@type\":\"QuantitativeValue\",\"minValue\":\"11\",\"maxValue\":\"50\"},\"publishingPrinciples\":\"https:\/\/talkpal.ai\/publishing-principles\/\",\"actionableFeedbackPolicy\":\"https:\/\/talkpal.ai\/actionable-feedback-policy\/\",\"correctionsPolicy\":\"https:\/\/talkpal.ai\/corrections-policy\/\",\"ethicsPolicy\":\"https:\/\/talkpal.ai\/ethics-policy\/\",\"diversityPolicy\":\"https:\/\/talkpal.ai\/diversity-policy\/\",\"diversityStaffingReport\":\"https:\/\/talkpal.ai\/diversity-policy\/\"}]}<\/script>\n<!-- \/ Yoast SEO Premium plugin. -->","yoast_head_json":{"title":"Finnskar m\u00e1lfr\u00e6\u00f0i\u00e6fingar - Talkpal","description":"\u00c6f\u00f0u og b\u00e6ttu finnsku m\u00e1lfr\u00e6\u00f0ikunn\u00e1ttu \u00fe\u00edna me\u00f0 \u00feessum gagnvirku og \u00e1hrifar\u00edku \u00e6fingum. Hentar \u00f6llum n\u00e1msstigum.","robots":{"index":"index","follow":"follow","max-snippet":"max-snippet:-1","max-image-preview":"max-image-preview:large","max-video-preview":"max-video-preview:-1"},"canonical":"https:\/\/talkpal.ai\/is\/finnskar-malfraediaefingar\/","og_locale":"is_IS","og_type":"article","og_title":"Finnskar m\u00e1lfr\u00e6\u00f0i\u00e6fingar","og_description":"Finnsk m\u00e1lfr\u00e6\u00f0i Finnskun\u00e1m getur veri\u00f0 gefandi reynsla fyrir tungum\u00e1la\u00e1hugamenn \u00fear sem tungum\u00e1li\u00f0 er einstakt og heillandi tungum\u00e1l me\u00f0 r\u00edka","og_url":"https:\/\/talkpal.ai\/is\/finnskar-malfraediaefingar\/","og_site_name":"Talkpal","article_publisher":"https:\/\/www.facebook.com\/profile.php?id=100090733639311","article_modified_time":"2025-12-17T15:32:45+00:00","og_image":[{"width":512,"height":512,"url":"https:\/\/talkpal.ai\/wp-content\/uploads\/2023\/04\/finland.png","type":"image\/png"}],"twitter_card":"summary_large_image","twitter_site":"@talkpalai","twitter_misc":{"Est. reading time":"3 minutes"},"schema":{"@context":"https:\/\/schema.org","@graph":[{"@type":"WebPage","@id":"https:\/\/talkpal.ai\/is\/finnskar-malfraediaefingar\/","url":"https:\/\/talkpal.ai\/is\/finnskar-malfraediaefingar\/","name":"Finnskar m\u00e1lfr\u00e6\u00f0i\u00e6fingar - Talkpal","isPartOf":{"@id":"https:\/\/talkpal.ai\/is\/#website"},"primaryImageOfPage":{"@id":"https:\/\/talkpal.ai\/is\/finnskar-malfraediaefingar\/#primaryimage"},"image":{"@id":"https:\/\/talkpal.ai\/is\/finnskar-malfraediaefingar\/#primaryimage"},"thumbnailUrl":"https:\/\/talkpal.ai\/wp-content\/uploads\/2023\/04\/finland.png","datePublished":"2023-06-16T10:07:13+00:00","dateModified":"2025-12-17T15:32:45+00:00","description":"\u00c6f\u00f0u og b\u00e6ttu finnsku m\u00e1lfr\u00e6\u00f0ikunn\u00e1ttu \u00fe\u00edna me\u00f0 \u00feessum gagnvirku og \u00e1hrifar\u00edku \u00e6fingum. Hentar \u00f6llum n\u00e1msstigum.","breadcrumb":{"@id":"https:\/\/talkpal.ai\/is\/finnskar-malfraediaefingar\/#breadcrumb"},"inLanguage":"is","potentialAction":[{"@type":"ReadAction","target":["https:\/\/talkpal.ai\/is\/finnskar-malfraediaefingar\/"]}]},{"@type":"ImageObject","inLanguage":"is","@id":"https:\/\/talkpal.ai\/is\/finnskar-malfraediaefingar\/#primaryimage","url":"https:\/\/talkpal.ai\/wp-content\/uploads\/2023\/04\/finland.png","contentUrl":"https:\/\/talkpal.ai\/wp-content\/uploads\/2023\/04\/finland.png","width":512,"height":512,"caption":"TalkPal finland Flag"},{"@type":"BreadcrumbList","@id":"https:\/\/talkpal.ai\/is\/finnskar-malfraediaefingar\/#breadcrumb","itemListElement":[{"@type":"ListItem","position":1,"name":"Homepage","item":"https:\/\/talkpal.ai\/is\/"},{"@type":"ListItem","position":2,"name":"Finnskar m\u00e1lfr\u00e6\u00f0i\u00e6fingar"}]},{"@type":"WebSite","@id":"https:\/\/talkpal.ai\/is\/#website","url":"https:\/\/talkpal.ai\/is\/","name":"Talkpal","description":"AI Language Learning","publisher":{"@id":"https:\/\/talkpal.ai\/is\/#organization"},"alternateName":"Talkpal AI","potentialAction":[{"@type":"SearchAction","target":{"@type":"EntryPoint","urlTemplate":"https:\/\/talkpal.ai\/is\/?s={search_term_string}"},"query-input":{"@type":"PropertyValueSpecification","valueRequired":true,"valueName":"search_term_string"}}],"inLanguage":"is"},{"@type":"Organization","@id":"https:\/\/talkpal.ai\/is\/#organization","name":"Talkpal, Inc.","alternateName":"Talkpal AI","url":"https:\/\/talkpal.ai\/is\/","logo":{"@type":"ImageObject","inLanguage":"is","@id":"https:\/\/talkpal.ai\/is\/#\/schema\/logo\/image\/","url":"https:\/\/talkpal.ai\/wp-content\/uploads\/2024\/03\/Talkpal-Logo-Icon.png","contentUrl":"https:\/\/talkpal.ai\/wp-content\/uploads\/2024\/03\/Talkpal-Logo-Icon.png","width":2880,"height":2880,"caption":"Talkpal, Inc."},"image":{"@id":"https:\/\/talkpal.ai\/is\/#\/schema\/logo\/image\/"},"sameAs":["https:\/\/www.facebook.com\/profile.php?id=100090733639311","https:\/\/x.com\/talkpalai","https:\/\/www.linkedin.com\/company\/talkpal\/","https:\/\/www.youtube.com\/@TalkPal\/","https:\/\/www.tiktok.com\/@talkpal","https:\/\/www.instagram.com\/talkpal_ai\/","https:\/\/www.crunchbase.com\/organization\/talkpal-9cde","https:\/\/www.g2.com\/products\/talkpal-for-business\/","https:\/\/www.trustpilot.com\/review\/talkpal.ai","https:\/\/www.capterra.com\/p\/10006800\/TalkPal\/"],"description":"Talkpal is a language learning web and mobile education app, powered by the latest AI technologies, that provides engaging experiences to its customers in many different languages to help them improve their language skills. Users can chat about unlimited amount of topics with the app and use other modes to practice their language learning.","email":"support@talkpal.ai","legalName":"Talkpal, Inc.","foundingDate":"2023-04-03","duns":"118989042","numberOfEmployees":{"@type":"QuantitativeValue","minValue":"11","maxValue":"50"},"publishingPrinciples":"https:\/\/talkpal.ai\/publishing-principles\/","actionableFeedbackPolicy":"https:\/\/talkpal.ai\/actionable-feedback-policy\/","correctionsPolicy":"https:\/\/talkpal.ai\/corrections-policy\/","ethicsPolicy":"https:\/\/talkpal.ai\/ethics-policy\/","diversityPolicy":"https:\/\/talkpal.ai\/diversity-policy\/","diversityStaffingReport":"https:\/\/talkpal.ai\/diversity-policy\/"}]}},"_links":{"self":[{"href":"https:\/\/talkpal.ai\/is\/wp-json\/wp\/v2\/pages\/133978","targetHints":{"allow":["GET"]}}],"collection":[{"href":"https:\/\/talkpal.ai\/is\/wp-json\/wp\/v2\/pages"}],"about":[{"href":"https:\/\/talkpal.ai\/is\/wp-json\/wp\/v2\/types\/page"}],"author":[{"embeddable":true,"href":"https:\/\/talkpal.ai\/is\/wp-json\/wp\/v2\/users\/6"}],"replies":[{"embeddable":true,"href":"https:\/\/talkpal.ai\/is\/wp-json\/wp\/v2\/comments?post=133978"}],"version-history":[{"count":0,"href":"https:\/\/talkpal.ai\/is\/wp-json\/wp\/v2\/pages\/133978\/revisions"}],"wp:featuredmedia":[{"embeddable":true,"href":"https:\/\/talkpal.ai\/is\/wp-json\/wp\/v2\/media\/106681"}],"wp:attachment":[{"href":"https:\/\/talkpal.ai\/is\/wp-json\/wp\/v2\/media?parent=133978"}],"curies":[{"name":"wp","href":"https:\/\/api.w.org\/{rel}","templated":true}]}}