{"id":133689,"date":"2023-06-16T10:01:38","date_gmt":"2023-06-16T10:01:38","guid":{"rendered":"http:\/\/talkpal.ai\/saenskar-malfraediaefingar\/"},"modified":"2025-12-17T15:30:29","modified_gmt":"2025-12-17T15:30:29","slug":"saenskar-malfraediaefingar","status":"publish","type":"page","link":"https:\/\/talkpal.ai\/is\/saenskar-malfraediaefingar\/","title":{"rendered":"S\u00e6nskar m\u00e1lfr\u00e6\u00f0i\u00e6fingar"},"content":{"rendered":"\r\n\r\n\r\n<section class=\"languageChallengeSection\">\r\n    <div class=\"languageInfoWrapper\">\r\n        \r\n        <h1>S\u00e6nskar m\u00e1lfr\u00e6\u00f0i\u00e6fingar<\/h1>\r\n        <p>Tilb\u00fainn\/n a\u00f0 b\u00e6ta s\u00e6nskukunn\u00e1ttu \u00fe\u00edna? A\u00f0 \u00e6fa m\u00e1lfr\u00e6\u00f0i er fr\u00e1b\u00e6r lei\u00f0 til a\u00f0 n\u00e1 t\u00f6kum \u00e1 setningager\u00f0, sagnor\u00f0um og einst\u00f6kum mynstrum s\u00e6nsku tungum\u00e1lsins. Byrja\u00f0u a\u00f0 vinna \u00ed s\u00e6nskri m\u00e1lfr\u00e6\u00f0i \u00ed dag og horf\u00f0u \u00e1 f\u00e6rni \u00fe\u00edna og sj\u00e1lfstraust vaxa me\u00f0 hverri \u00e6fingu!\n\n<\/p>\r\n\r\n                            <a class=\"getStartedHidden\" href=\"https:\/\/app.talkpal.ai\/signup?lng=\">Byrja\u00f0u<\/a>\r\n        \r\n    <\/div>\r\n\r\n    <figure>\r\n    <img decoding=\"async\" width=\"768\" height=\"768\" src=\"https:\/\/talkpal.ai\/wp-content\/uploads\/2023\/06\/swedish-768x768.png\" class=\"languageImage no-lazy\" alt=\"Language learning for improved concentration\" fetchpriority=\"high\" sizes=\"(max-width: 768px) 150px, 768px\" srcset=\"https:\/\/talkpal.ai\/wp-content\/uploads\/2023\/06\/swedish-768x768.png 768w, https:\/\/talkpal.ai\/wp-content\/uploads\/2023\/06\/swedish-300x300.png 300w\" \/>\r\n    \r\n\r\n    <\/figure>\r\n\r\n            <a class=\"getStartedVisible\" href=\"https:\/\/app.talkpal.ai\/signup?lng=\">Byrja\u00f0u<\/a>\r\n    \r\n<\/section>\r\n\r\n\r\n<!-- <section class=\"grammarSection\">\r\n    <div class=\"grammarLinks\">\r\n            <\/div>\r\n<\/section> -->\r\n\r\n\r\n\r\n\r\n<section class=\"promotionalBanner\">\r\n    <p class=\"promotionalText\">Skilvirkasta lei\u00f0in til a\u00f0 l\u00e6ra tungum\u00e1l<\/p>\r\n    <a class=\"promotionalLink\" href=\"https:\/\/app.talkpal.ai\/signup?lng=\">Pr\u00f3fa\u00f0u Talkpal \u00f3keypis<\/a>\r\n<\/section>\n<div class=\"wp-block-group pageContainerStyle\"><div class=\"wp-block-group__inner-container is-layout-constrained wp-block-group-is-layout-constrained\">\n<h2 class=\"wp-block-heading\" id=\"h-swedish-grammar-topics\">S\u00e6nsk m\u00e1lfr\u00e6\u00f0iefni<\/h2>\n\n\n\n<p>A\u00f0 l\u00e6ra s\u00e6nsku, opinbert tungum\u00e1l \u00ed Sv\u00ed\u00fej\u00f3\u00f0 og eitt af opinberum tungum\u00e1lum Finnlands, getur veri\u00f0 gefandi reynsla. \u00dea\u00f0 mun ekki a\u00f0eins afhj\u00fapa \u00feig fyrir r\u00edkri menningu og s\u00f6gu, heldur mun \u00fea\u00f0 einnig au\u00f0velda \u00fe\u00e9r samskipti vi\u00f0 yfir 10 millj\u00f3nir m\u00f3\u00f0urm\u00e1lsmanna. Til a\u00f0 l\u00e6ra s\u00e6nsku \u00e1 \u00e1hrifar\u00edkan h\u00e1tt er mikilv\u00e6gt a\u00f0 skilja hin \u00fdmsu m\u00e1lfr\u00e6\u00f0iefni og hvernig \u00feau tengjast hvert \u00f6\u00f0ru. \u00deessi lei\u00f0arv\u00edsir veitir \u00fe\u00e9r yfirlit yfir helstu s\u00e6nsk m\u00e1lfr\u00e6\u00f0iefni, skipul\u00f6g\u00f0 \u00ed r\u00f6\u00f0 sem hj\u00e1lpar \u00fe\u00e9r a\u00f0 byggja upp tungum\u00e1lakunn\u00e1ttu \u00fe\u00edna sm\u00e1m saman og \u00e1 \u00e1hrifar\u00edkan h\u00e1tt.<\/p>\n\n\n\n<h3 class=\"wp-block-heading\" id=\"h-1-nouns\">1. Nafnor\u00f0:<\/h3>\n\n\n\n<p>Byrja\u00f0u s\u00e6nskufer\u00f0ina \u00fe\u00edna me\u00f0 \u00fev\u00ed a\u00f0 kynna \u00fe\u00e9r nafnor\u00f0 \u00fear sem \u00feau eru byggingareiningar allra tungum\u00e1la. \u00cd s\u00e6nsku hafa nafnor\u00f0 tv\u00f6 kyn (algengt og hvorugkyn) sem hafa \u00e1hrif \u00e1 greinar og l\u00fdsingaror\u00f0 sem notu\u00f0 eru me\u00f0 \u00feeim. \u00deeir hafa einnig eint\u00f6lu- og fleirt\u00f6lumyndir, svo og \u00e1kve\u00f0in og \u00f3\u00e1kve\u00f0in form.<\/p>\n\n\n\n<h3 class=\"wp-block-heading\" id=\"h-2-articles\">2. Greinar:<\/h3>\n\n\n\n<p>\u00deegar \u00fe\u00fa hefur skili\u00f0 nafnor\u00f0 skaltu fara yfir \u00ed greinar sem eru nau\u00f0synlegar til a\u00f0 \u00e1kvar\u00f0a kyn og fj\u00f6lda nafnor\u00f0s. \u00cd s\u00e6nsku eru \u00e1kve\u00f0nir og \u00f3\u00e1kve\u00f0nir greinar sem eru \u00ed samr\u00e6mi vi\u00f0 kyn og n\u00famer nafnor\u00f0sins sem \u00feeir breyta.<\/p>\n\n\n\n<h3 class=\"wp-block-heading\" id=\"h-3-adjectives\">3. L\u00fdsingaror\u00f0:<\/h3>\n\n\n\n<p>L\u00fdsingaror\u00f0 eru notu\u00f0 til a\u00f0 l\u00fdsa nafnor\u00f0um og eru samm\u00e1la \u00ed kyni, t\u00f6lu og skilgreiningu vi\u00f0 nafnor\u00f0i\u00f0 sem \u00feau breyta. A\u00f0 l\u00e6ra l\u00fdsingaror\u00f0 mun hj\u00e1lpa \u00fe\u00e9r a\u00f0 tj\u00e1 fl\u00f3knari hugmyndir og l\u00fdsingar \u00e1 s\u00e6nsku.<\/p>\n\n\n\n<h3 class=\"wp-block-heading\" id=\"h-4-pronouns\">4. Forn\u00f6fn:<\/h3>\n\n\n\n<p>Forn\u00f6fn koma \u00ed sta\u00f0 nafnor\u00f0a \u00ed setningum og eru nau\u00f0synleg til a\u00f0 <a href=\"https:\/\/talkpal.ai\/locations\/language-courses-in-gera\/\">gera<\/a> r\u00e6\u00f0u \u00fe\u00edna flj\u00f3tandi og n\u00e1tt\u00farulegri. <a href=\"https:\/\/talkpal.ai\/learn-swedish\/\">S\u00e6nska<\/a> hefur pers\u00f3nu-, eignarfalls-, sj\u00e1lfhverf og afst\u00e6\u00f0 forn\u00f6fn, hvert me\u00f0 s\u00ednar reglur um samkomulag og notkun.<\/p>\n\n\n\n<h3 class=\"wp-block-heading\" id=\"h-5-verbs\">5. Sagnir:<\/h3>\n\n\n\n<p>Sagnir tj\u00e1 athafnir, atbur\u00f0i e\u00f0a tilveru\u00e1stand og eru mikilv\u00e6gur hluti af hva\u00f0a tungum\u00e1li sem er. \u00cd s\u00e6nsku eru sagnir beyg\u00f0ar eftir spennu og skapi. Byrja\u00f0u \u00e1 \u00fev\u00ed a\u00f0 l\u00e6ra n\u00faverandi spenntur lei\u00f0beinandi, sem er algengasta og gagnlegasta formi\u00f0.<\/p>\n\n\n\n<h3 class=\"wp-block-heading\" id=\"h-6-tenses-indicative\">6. Spennur lei\u00f0beinandi:<\/h3>\n\n\n\n<p>A\u00f0 halda \u00e1fram fr\u00e1 n\u00fat\u00ed\u00f0inni, l\u00e6ra fort\u00ed\u00f0 og framt\u00ed\u00f0 spennu \u00ed lei\u00f0beinandi skapi. \u00deetta gerir \u00fe\u00e9r kleift a\u00f0 <a href=\"https:\/\/talkpal.ai\/locations\/language-courses-in-tala\/\">tala<\/a> um atbur\u00f0i og a\u00f0ger\u00f0ir sem hafa \u00e1tt s\u00e9r sta\u00f0 e\u00f0a munu gerast og auka getu \u00fe\u00edna til a\u00f0 tj\u00e1 \u00feig \u00e1 s\u00e6nsku.<\/p>\n\n\n\n<h3 class=\"wp-block-heading\" id=\"h-7-tenses-subjunctive\">7. Spenntur vi\u00f0tengingarh\u00e1ttur:<\/h3>\n\n\n\n<p>\u00der\u00e1tt fyrir a\u00f0 vera sjaldg\u00e6fari en lei\u00f0beinandi er vi\u00f0tengingarh\u00e1ttur nota\u00f0ur til a\u00f0 tj\u00e1 \u00edmynda\u00f0a e\u00f0a \u00f3vissa atbur\u00f0i. A\u00f0 l\u00e6ra vi\u00f0tengingarh\u00e1ttarform sagna mun auka getu \u00fe\u00edna til a\u00f0 tj\u00e1 bl\u00e6brig\u00f0ar\u00edkari hugmyndir.<\/p>\n\n\n\n<h3 class=\"wp-block-heading\" id=\"h-8-tense-comparison\">8. Spenntur samanbur\u00f0ur:<\/h3>\n\n\n\n<p>A\u00f0 skilja hvernig \u00e1 a\u00f0 bera saman mismunandi spennur gerir \u00fe\u00e9r kleift a\u00f0 tj\u00e1 fl\u00f3knari hugmyndir um t\u00edma og atbur\u00f0i. \u00deetta felur \u00ed s\u00e9r a\u00f0 vita hvernig \u00e1 a\u00f0 nota fort\u00ed\u00f0 og framt\u00ed\u00f0 saman, auk \u00feess a\u00f0 skilja hvernig mismunandi spennur hafa samskipti \u00ed fl\u00f3knum setningum.<\/p>\n\n\n\n<h3 class=\"wp-block-heading\" id=\"h-9-adverbs\">9. Atviksor\u00f0:<\/h3>\n\n\n\n<p>Atviksor\u00f0 breyta s\u00f6gnum, l\u00fdsingaror\u00f0um e\u00f0a \u00f6\u00f0rum atviksor\u00f0um og veita frekari uppl\u00fdsingar um athafnir e\u00f0a eiginleika. A\u00f0 l\u00e6ra s\u00e6nsk atviksor\u00f0 hj\u00e1lpar \u00fe\u00e9r a\u00f0 tj\u00e1 hugmyndir af meiri n\u00e1kv\u00e6mni og \u00e1 \u00e1hrifar\u00edkari h\u00e1tt.<\/p>\n\n\n\n<h3 class=\"wp-block-heading\" id=\"h-10-prepositions\">10. Forsetningar:<\/h3>\n\n\n\n<p>Forsetningar tengja nafnor\u00f0, forn\u00f6fn og or\u00f0asamb\u00f6nd vi\u00f0 \u00f6nnur or\u00f0 \u00ed setningu og tj\u00e1 tengsl eins og sta\u00f0setningu, stefnu og t\u00edma. A\u00f0 n\u00e1 t\u00f6kum \u00e1 forsetningum er grundvallaratri\u00f0i til a\u00f0 b\u00faa til sk\u00fdrar og merkingarb\u00e6rar setningar \u00e1 s\u00e6nsku.<\/p>\n\n\n\n<h3 class=\"wp-block-heading\" id=\"h-11-sentence-structure\">11. Setningaskipan:<\/h3>\n\n\n\n<p>A\u00f0 lokum, skilningur \u00e1 grundvallarreglum s\u00e6nskrar setningager\u00f0ar mun lei\u00f0a saman \u00f6ll fyrri m\u00e1lfr\u00e6\u00f0iefni, sem gerir \u00fe\u00e9r kleift a\u00f0 b\u00faa til vel m\u00f3ta\u00f0ar setningar og tj\u00e1 \u00feig n\u00e1kv\u00e6mlega og \u00e1 \u00e1hrifar\u00edkan h\u00e1tt \u00e1 tungum\u00e1linu.<\/p>\n<\/div><\/div>\n\r\n<section class=\"learnNavigationSection\">\r\n            \r\n        <a href=\"https:\/\/talkpal.ai\/is\/laerdu-saensku\/\">\r\n            <div class=\"learnNavigationWrapper\">\r\n                <div class=\"learnNavigationContent\">\r\n                    <img decoding=\"async\" src=\"https:\/\/talkpal.ai\/wp-content\/uploads\/2024\/08\/Swedish.jpg\" alt=\"Swedish Flag\">\r\n                    <div>\r\n                        <h4>Um s\u00e6nskun\u00e1m<\/h4>\r\n                        <p>Kynntu \u00fe\u00e9r allt um s\u00e6nska m\u00e1lfr\u00e6\u00f0i.<\/p>\r\n                    <\/div>\r\n                <\/div>\r\n            <\/div>\r\n        <\/a>\r\n\r\n        \r\n        <a href=\"https:\/\/talkpal.ai\/is\/saensk-malfraedi\/\">\r\n            <div class=\"learnNavigationWrapper\">\r\n                <div class=\"learnNavigationContent\">\r\n                    <img decoding=\"async\" src=\"https:\/\/talkpal.ai\/wp-content\/uploads\/2024\/08\/Swedish.jpg\" alt=\"Swedish Flag\">\r\n                    <div>\r\n                        <h4>S\u00e6nsk m\u00e1lfr\u00e6\u00f0i\u00e6fing<\/h4>\r\n                        <p>\u00c6f\u00f0u s\u00e6nska m\u00e1lfr\u00e6\u00f0i.<\/p>\r\n                    <\/div>\r\n                <\/div>\r\n            <\/div>\r\n        <\/a>\r\n\r\n        \r\n        <a href=\"https:\/\/talkpal.ai\/vocabulary_language\/swedish\/\">\r\n            <div class=\"learnNavigationWrapper\">\r\n                <div class=\"learnNavigationContent\">\r\n                    <img decoding=\"async\" src=\"https:\/\/talkpal.ai\/wp-content\/uploads\/2024\/08\/Swedish.jpg\" alt=\"Swedish Flag\">\r\n                    <div>\r\n                        <h4>S\u00e6nskur or\u00f0afor\u00f0i<\/h4>\r\n                        <p>St\u00e6kka\u00f0u s\u00e6nskan or\u00f0afor\u00f0a \u00feinn.<\/p>\r\n                    <\/div>\r\n                <\/div>\r\n            <\/div>\r\n        <\/a>\r\n\r\n            <\/section>","protected":false},"excerpt":{"rendered":"<p>S\u00e6nsk m\u00e1lfr\u00e6\u00f0iefni A\u00f0 l\u00e6ra s\u00e6nsku, opinbert tungum\u00e1l \u00ed Sv\u00ed\u00fej\u00f3\u00f0 og eitt af opinberum tungum\u00e1lum Finnlands, getur veri\u00f0 gefandi reynsla. \u00dea\u00f0 mun ekki a\u00f0eins afhj\u00fapa \u00feig fyrir r\u00edkri menningu og s\u00f6gu, heldur mun \u00fea\u00f0 einnig au\u00f0velda \u00fe\u00e9r samskipti vi\u00f0 yfir 10 millj\u00f3nir m\u00f3\u00f0urm\u00e1lsmanna. Til a\u00f0 l\u00e6ra s\u00e6nsku \u00e1 \u00e1hrifar\u00edkan h\u00e1tt er mikilv\u00e6gt a\u00f0 skilja hin \u00fdmsu [&hellip;]<\/p>\n","protected":false},"author":6,"featured_media":108371,"parent":0,"menu_order":0,"comment_status":"closed","ping_status":"closed","template":"LearningContentPage.php","meta":{"_acf_changed":false,"footnotes":""},"class_list":["post-133689","page","type-page","status-publish","has-post-thumbnail","hentry"],"acf":[],"yoast_head":"<!-- This site is optimized with the Yoast SEO Premium plugin v27.2 (Yoast SEO v27.2) - https:\/\/yoast.com\/product\/yoast-seo-premium-wordpress\/ -->\n<title>S\u00e6nskar m\u00e1lfr\u00e6\u00f0i\u00e6fingar - Talkpal<\/title>\n<meta name=\"description\" content=\"B\u00e6ttu tungum\u00e1lakunn\u00e1ttu \u00fe\u00edna me\u00f0 gr\u00edpandi s\u00e6nskum m\u00e1lfr\u00e6\u00f0i\u00e6fingum sem eru hanna\u00f0ar fyrir alla n\u00e1msstig.\" \/>\n<meta name=\"robots\" content=\"index, follow, max-snippet:-1, max-image-preview:large, max-video-preview:-1\" \/>\n<link rel=\"canonical\" href=\"https:\/\/talkpal.ai\/is\/saenskar-malfraediaefingar\/\" \/>\n<meta property=\"og:locale\" content=\"is_IS\" \/>\n<meta property=\"og:type\" content=\"article\" \/>\n<meta property=\"og:title\" content=\"S\u00e6nskar m\u00e1lfr\u00e6\u00f0i\u00e6fingar\" \/>\n<meta property=\"og:description\" content=\"S\u00e6nsk m\u00e1lfr\u00e6\u00f0iefni A\u00f0 l\u00e6ra s\u00e6nsku, opinbert tungum\u00e1l \u00ed Sv\u00ed\u00fej\u00f3\u00f0 og eitt af opinberum tungum\u00e1lum Finnlands, getur veri\u00f0 gefandi reynsla. \u00dea\u00f0 mun ekki a\u00f0eins\" \/>\n<meta property=\"og:url\" content=\"https:\/\/talkpal.ai\/is\/saenskar-malfraediaefingar\/\" \/>\n<meta property=\"og:site_name\" content=\"Talkpal\" \/>\n<meta property=\"article:publisher\" content=\"https:\/\/www.facebook.com\/profile.php?id=100090733639311\" \/>\n<meta property=\"article:modified_time\" content=\"2025-12-17T15:30:29+00:00\" \/>\n<meta property=\"og:image\" content=\"https:\/\/talkpal.ai\/wp-content\/uploads\/2023\/04\/sweden.png\" \/>\n\t<meta property=\"og:image:width\" content=\"512\" \/>\n\t<meta property=\"og:image:height\" content=\"512\" \/>\n\t<meta property=\"og:image:type\" content=\"image\/png\" \/>\n<meta name=\"twitter:card\" content=\"summary_large_image\" \/>\n<meta name=\"twitter:site\" content=\"@talkpalai\" \/>\n<meta name=\"twitter:label1\" content=\"Est. reading time\" \/>\n\t<meta name=\"twitter:data1\" content=\"3 minutes\" \/>\n<script type=\"application\/ld+json\" class=\"yoast-schema-graph\">{\"@context\":\"https:\/\/schema.org\",\"@graph\":[{\"@type\":\"WebPage\",\"@id\":\"https:\/\/talkpal.ai\/is\/saenskar-malfraediaefingar\/\",\"url\":\"https:\/\/talkpal.ai\/is\/saenskar-malfraediaefingar\/\",\"name\":\"S\u00e6nskar m\u00e1lfr\u00e6\u00f0i\u00e6fingar - Talkpal\",\"isPartOf\":{\"@id\":\"https:\/\/talkpal.ai\/is\/#website\"},\"primaryImageOfPage\":{\"@id\":\"https:\/\/talkpal.ai\/is\/saenskar-malfraediaefingar\/#primaryimage\"},\"image\":{\"@id\":\"https:\/\/talkpal.ai\/is\/saenskar-malfraediaefingar\/#primaryimage\"},\"thumbnailUrl\":\"https:\/\/talkpal.ai\/wp-content\/uploads\/2023\/04\/sweden.png\",\"datePublished\":\"2023-06-16T10:01:38+00:00\",\"dateModified\":\"2025-12-17T15:30:29+00:00\",\"description\":\"B\u00e6ttu tungum\u00e1lakunn\u00e1ttu \u00fe\u00edna me\u00f0 gr\u00edpandi s\u00e6nskum m\u00e1lfr\u00e6\u00f0i\u00e6fingum sem eru hanna\u00f0ar fyrir alla n\u00e1msstig.\",\"breadcrumb\":{\"@id\":\"https:\/\/talkpal.ai\/is\/saenskar-malfraediaefingar\/#breadcrumb\"},\"inLanguage\":\"is\",\"potentialAction\":[{\"@type\":\"ReadAction\",\"target\":[\"https:\/\/talkpal.ai\/is\/saenskar-malfraediaefingar\/\"]}]},{\"@type\":\"ImageObject\",\"inLanguage\":\"is\",\"@id\":\"https:\/\/talkpal.ai\/is\/saenskar-malfraediaefingar\/#primaryimage\",\"url\":\"https:\/\/talkpal.ai\/wp-content\/uploads\/2023\/04\/sweden.png\",\"contentUrl\":\"https:\/\/talkpal.ai\/wp-content\/uploads\/2023\/04\/sweden.png\",\"width\":512,\"height\":512},{\"@type\":\"BreadcrumbList\",\"@id\":\"https:\/\/talkpal.ai\/is\/saenskar-malfraediaefingar\/#breadcrumb\",\"itemListElement\":[{\"@type\":\"ListItem\",\"position\":1,\"name\":\"Homepage\",\"item\":\"https:\/\/talkpal.ai\/is\/\"},{\"@type\":\"ListItem\",\"position\":2,\"name\":\"S\u00e6nskar m\u00e1lfr\u00e6\u00f0i\u00e6fingar\"}]},{\"@type\":\"WebSite\",\"@id\":\"https:\/\/talkpal.ai\/is\/#website\",\"url\":\"https:\/\/talkpal.ai\/is\/\",\"name\":\"Talkpal\",\"description\":\"AI Language Learning\",\"publisher\":{\"@id\":\"https:\/\/talkpal.ai\/is\/#organization\"},\"alternateName\":\"Talkpal AI\",\"potentialAction\":[{\"@type\":\"SearchAction\",\"target\":{\"@type\":\"EntryPoint\",\"urlTemplate\":\"https:\/\/talkpal.ai\/is\/?s={search_term_string}\"},\"query-input\":{\"@type\":\"PropertyValueSpecification\",\"valueRequired\":true,\"valueName\":\"search_term_string\"}}],\"inLanguage\":\"is\"},{\"@type\":\"Organization\",\"@id\":\"https:\/\/talkpal.ai\/is\/#organization\",\"name\":\"Talkpal, Inc.\",\"alternateName\":\"Talkpal AI\",\"url\":\"https:\/\/talkpal.ai\/is\/\",\"logo\":{\"@type\":\"ImageObject\",\"inLanguage\":\"is\",\"@id\":\"https:\/\/talkpal.ai\/is\/#\/schema\/logo\/image\/\",\"url\":\"https:\/\/talkpal.ai\/wp-content\/uploads\/2024\/03\/Talkpal-Logo-Icon.png\",\"contentUrl\":\"https:\/\/talkpal.ai\/wp-content\/uploads\/2024\/03\/Talkpal-Logo-Icon.png\",\"width\":2880,\"height\":2880,\"caption\":\"Talkpal, Inc.\"},\"image\":{\"@id\":\"https:\/\/talkpal.ai\/is\/#\/schema\/logo\/image\/\"},\"sameAs\":[\"https:\/\/www.facebook.com\/profile.php?id=100090733639311\",\"https:\/\/x.com\/talkpalai\",\"https:\/\/www.linkedin.com\/company\/talkpal\/\",\"https:\/\/www.youtube.com\/@TalkPal\/\",\"https:\/\/www.tiktok.com\/@talkpal\",\"https:\/\/www.instagram.com\/talkpal_ai\/\",\"https:\/\/www.crunchbase.com\/organization\/talkpal-9cde\",\"https:\/\/www.g2.com\/products\/talkpal-for-business\/\",\"https:\/\/www.trustpilot.com\/review\/talkpal.ai\",\"https:\/\/www.capterra.com\/p\/10006800\/TalkPal\/\"],\"description\":\"Talkpal is a language learning web and mobile education app, powered by the latest AI technologies, that provides engaging experiences to its customers in many different languages to help them improve their language skills. Users can chat about unlimited amount of topics with the app and use other modes to practice their language learning.\",\"email\":\"support@talkpal.ai\",\"legalName\":\"Talkpal, Inc.\",\"foundingDate\":\"2023-04-03\",\"duns\":\"118989042\",\"numberOfEmployees\":{\"@type\":\"QuantitativeValue\",\"minValue\":\"11\",\"maxValue\":\"50\"},\"publishingPrinciples\":\"https:\/\/talkpal.ai\/publishing-principles\/\",\"actionableFeedbackPolicy\":\"https:\/\/talkpal.ai\/actionable-feedback-policy\/\",\"correctionsPolicy\":\"https:\/\/talkpal.ai\/corrections-policy\/\",\"ethicsPolicy\":\"https:\/\/talkpal.ai\/ethics-policy\/\",\"diversityPolicy\":\"https:\/\/talkpal.ai\/diversity-policy\/\",\"diversityStaffingReport\":\"https:\/\/talkpal.ai\/diversity-policy\/\"}]}<\/script>\n<!-- \/ Yoast SEO Premium plugin. -->","yoast_head_json":{"title":"S\u00e6nskar m\u00e1lfr\u00e6\u00f0i\u00e6fingar - Talkpal","description":"B\u00e6ttu tungum\u00e1lakunn\u00e1ttu \u00fe\u00edna me\u00f0 gr\u00edpandi s\u00e6nskum m\u00e1lfr\u00e6\u00f0i\u00e6fingum sem eru hanna\u00f0ar fyrir alla n\u00e1msstig.","robots":{"index":"index","follow":"follow","max-snippet":"max-snippet:-1","max-image-preview":"max-image-preview:large","max-video-preview":"max-video-preview:-1"},"canonical":"https:\/\/talkpal.ai\/is\/saenskar-malfraediaefingar\/","og_locale":"is_IS","og_type":"article","og_title":"S\u00e6nskar m\u00e1lfr\u00e6\u00f0i\u00e6fingar","og_description":"S\u00e6nsk m\u00e1lfr\u00e6\u00f0iefni A\u00f0 l\u00e6ra s\u00e6nsku, opinbert tungum\u00e1l \u00ed Sv\u00ed\u00fej\u00f3\u00f0 og eitt af opinberum tungum\u00e1lum Finnlands, getur veri\u00f0 gefandi reynsla. \u00dea\u00f0 mun ekki a\u00f0eins","og_url":"https:\/\/talkpal.ai\/is\/saenskar-malfraediaefingar\/","og_site_name":"Talkpal","article_publisher":"https:\/\/www.facebook.com\/profile.php?id=100090733639311","article_modified_time":"2025-12-17T15:30:29+00:00","og_image":[{"width":512,"height":512,"url":"https:\/\/talkpal.ai\/wp-content\/uploads\/2023\/04\/sweden.png","type":"image\/png"}],"twitter_card":"summary_large_image","twitter_site":"@talkpalai","twitter_misc":{"Est. reading time":"3 minutes"},"schema":{"@context":"https:\/\/schema.org","@graph":[{"@type":"WebPage","@id":"https:\/\/talkpal.ai\/is\/saenskar-malfraediaefingar\/","url":"https:\/\/talkpal.ai\/is\/saenskar-malfraediaefingar\/","name":"S\u00e6nskar m\u00e1lfr\u00e6\u00f0i\u00e6fingar - Talkpal","isPartOf":{"@id":"https:\/\/talkpal.ai\/is\/#website"},"primaryImageOfPage":{"@id":"https:\/\/talkpal.ai\/is\/saenskar-malfraediaefingar\/#primaryimage"},"image":{"@id":"https:\/\/talkpal.ai\/is\/saenskar-malfraediaefingar\/#primaryimage"},"thumbnailUrl":"https:\/\/talkpal.ai\/wp-content\/uploads\/2023\/04\/sweden.png","datePublished":"2023-06-16T10:01:38+00:00","dateModified":"2025-12-17T15:30:29+00:00","description":"B\u00e6ttu tungum\u00e1lakunn\u00e1ttu \u00fe\u00edna me\u00f0 gr\u00edpandi s\u00e6nskum m\u00e1lfr\u00e6\u00f0i\u00e6fingum sem eru hanna\u00f0ar fyrir alla n\u00e1msstig.","breadcrumb":{"@id":"https:\/\/talkpal.ai\/is\/saenskar-malfraediaefingar\/#breadcrumb"},"inLanguage":"is","potentialAction":[{"@type":"ReadAction","target":["https:\/\/talkpal.ai\/is\/saenskar-malfraediaefingar\/"]}]},{"@type":"ImageObject","inLanguage":"is","@id":"https:\/\/talkpal.ai\/is\/saenskar-malfraediaefingar\/#primaryimage","url":"https:\/\/talkpal.ai\/wp-content\/uploads\/2023\/04\/sweden.png","contentUrl":"https:\/\/talkpal.ai\/wp-content\/uploads\/2023\/04\/sweden.png","width":512,"height":512},{"@type":"BreadcrumbList","@id":"https:\/\/talkpal.ai\/is\/saenskar-malfraediaefingar\/#breadcrumb","itemListElement":[{"@type":"ListItem","position":1,"name":"Homepage","item":"https:\/\/talkpal.ai\/is\/"},{"@type":"ListItem","position":2,"name":"S\u00e6nskar m\u00e1lfr\u00e6\u00f0i\u00e6fingar"}]},{"@type":"WebSite","@id":"https:\/\/talkpal.ai\/is\/#website","url":"https:\/\/talkpal.ai\/is\/","name":"Talkpal","description":"AI Language Learning","publisher":{"@id":"https:\/\/talkpal.ai\/is\/#organization"},"alternateName":"Talkpal AI","potentialAction":[{"@type":"SearchAction","target":{"@type":"EntryPoint","urlTemplate":"https:\/\/talkpal.ai\/is\/?s={search_term_string}"},"query-input":{"@type":"PropertyValueSpecification","valueRequired":true,"valueName":"search_term_string"}}],"inLanguage":"is"},{"@type":"Organization","@id":"https:\/\/talkpal.ai\/is\/#organization","name":"Talkpal, Inc.","alternateName":"Talkpal AI","url":"https:\/\/talkpal.ai\/is\/","logo":{"@type":"ImageObject","inLanguage":"is","@id":"https:\/\/talkpal.ai\/is\/#\/schema\/logo\/image\/","url":"https:\/\/talkpal.ai\/wp-content\/uploads\/2024\/03\/Talkpal-Logo-Icon.png","contentUrl":"https:\/\/talkpal.ai\/wp-content\/uploads\/2024\/03\/Talkpal-Logo-Icon.png","width":2880,"height":2880,"caption":"Talkpal, Inc."},"image":{"@id":"https:\/\/talkpal.ai\/is\/#\/schema\/logo\/image\/"},"sameAs":["https:\/\/www.facebook.com\/profile.php?id=100090733639311","https:\/\/x.com\/talkpalai","https:\/\/www.linkedin.com\/company\/talkpal\/","https:\/\/www.youtube.com\/@TalkPal\/","https:\/\/www.tiktok.com\/@talkpal","https:\/\/www.instagram.com\/talkpal_ai\/","https:\/\/www.crunchbase.com\/organization\/talkpal-9cde","https:\/\/www.g2.com\/products\/talkpal-for-business\/","https:\/\/www.trustpilot.com\/review\/talkpal.ai","https:\/\/www.capterra.com\/p\/10006800\/TalkPal\/"],"description":"Talkpal is a language learning web and mobile education app, powered by the latest AI technologies, that provides engaging experiences to its customers in many different languages to help them improve their language skills. Users can chat about unlimited amount of topics with the app and use other modes to practice their language learning.","email":"support@talkpal.ai","legalName":"Talkpal, Inc.","foundingDate":"2023-04-03","duns":"118989042","numberOfEmployees":{"@type":"QuantitativeValue","minValue":"11","maxValue":"50"},"publishingPrinciples":"https:\/\/talkpal.ai\/publishing-principles\/","actionableFeedbackPolicy":"https:\/\/talkpal.ai\/actionable-feedback-policy\/","correctionsPolicy":"https:\/\/talkpal.ai\/corrections-policy\/","ethicsPolicy":"https:\/\/talkpal.ai\/ethics-policy\/","diversityPolicy":"https:\/\/talkpal.ai\/diversity-policy\/","diversityStaffingReport":"https:\/\/talkpal.ai\/diversity-policy\/"}]}},"_links":{"self":[{"href":"https:\/\/talkpal.ai\/is\/wp-json\/wp\/v2\/pages\/133689","targetHints":{"allow":["GET"]}}],"collection":[{"href":"https:\/\/talkpal.ai\/is\/wp-json\/wp\/v2\/pages"}],"about":[{"href":"https:\/\/talkpal.ai\/is\/wp-json\/wp\/v2\/types\/page"}],"author":[{"embeddable":true,"href":"https:\/\/talkpal.ai\/is\/wp-json\/wp\/v2\/users\/6"}],"replies":[{"embeddable":true,"href":"https:\/\/talkpal.ai\/is\/wp-json\/wp\/v2\/comments?post=133689"}],"version-history":[{"count":0,"href":"https:\/\/talkpal.ai\/is\/wp-json\/wp\/v2\/pages\/133689\/revisions"}],"wp:featuredmedia":[{"embeddable":true,"href":"https:\/\/talkpal.ai\/is\/wp-json\/wp\/v2\/media\/108371"}],"wp:attachment":[{"href":"https:\/\/talkpal.ai\/is\/wp-json\/wp\/v2\/media?parent=133689"}],"curies":[{"name":"wp","href":"https:\/\/api.w.org\/{rel}","templated":true}]}}