{"id":133182,"date":"2023-06-16T09:41:10","date_gmt":"2023-06-16T09:41:10","guid":{"rendered":"http:\/\/talkpal.ai\/hollenska-malfraedi-aefingar\/"},"modified":"2025-12-17T15:28:16","modified_gmt":"2025-12-17T15:28:16","slug":"hollenska-malfraedi-aefingar","status":"publish","type":"page","link":"https:\/\/talkpal.ai\/is\/hollenska-malfraedi-aefingar\/","title":{"rendered":"Hollenska M\u00e1lfr\u00e6\u00f0i \u00c6fingar"},"content":{"rendered":"\r\n\r\n\r\n<section class=\"languageChallengeSection\">\r\n    <div class=\"languageInfoWrapper\">\r\n        \r\n        <h1>Hollenska M\u00e1lfr\u00e6\u00f0i \u00c6fingar<\/h1>\r\n        <p>Viltu \u00f6\u00f0last meira sj\u00e1lfstraust \u00ed hollensku? A\u00f0 \u00e6fa m\u00e1lfr\u00e6\u00f0i\u00e6fingar er fr\u00e1b\u00e6r lei\u00f0 til a\u00f0 n\u00e1 t\u00f6kum \u00e1 setningager\u00f0, sagnbeygingum og einst\u00f6kum mynstrum hollensku tungum\u00e1lsins. Byrja\u00f0u a\u00f0 vinna \u00ed hollenskri m\u00e1lfr\u00e6\u00f0i \u00ed dag og horf\u00f0u \u00e1 f\u00e6rni \u00fe\u00edna og fl\u00e6\u00f0i vaxa me\u00f0 hverri \u00e6fingu!\n\n<\/p>\r\n\r\n                            <a class=\"getStartedHidden\" href=\"https:\/\/app.talkpal.ai\/signup?lng=\">Byrja\u00f0u<\/a>\r\n        \r\n    <\/div>\r\n\r\n    <figure>\r\n    <img decoding=\"async\" width=\"768\" height=\"768\" src=\"https:\/\/talkpal.ai\/wp-content\/uploads\/2023\/06\/Dutch-768x768.png\" class=\"languageImage no-lazy\" alt=\"Developing skills through language learning\" fetchpriority=\"high\" sizes=\"(max-width: 768px) 150px, 768px\" srcset=\"https:\/\/talkpal.ai\/wp-content\/uploads\/2023\/06\/Dutch-768x768.png 768w, https:\/\/talkpal.ai\/wp-content\/uploads\/2023\/06\/Dutch-300x300.png 300w\" \/>\r\n    \r\n\r\n    <\/figure>\r\n\r\n            <a class=\"getStartedVisible\" href=\"https:\/\/app.talkpal.ai\/signup?lng=\">Byrja\u00f0u<\/a>\r\n    \r\n<\/section>\r\n\r\n\r\n<!-- <section class=\"grammarSection\">\r\n    <div class=\"grammarLinks\">\r\n            <\/div>\r\n<\/section> -->\r\n\r\n\r\n\r\n\r\n<section class=\"promotionalBanner\">\r\n    <p class=\"promotionalText\">Skilvirkasta lei\u00f0in til a\u00f0 l\u00e6ra tungum\u00e1l<\/p>\r\n    <a class=\"promotionalLink\" href=\"https:\/\/app.talkpal.ai\/signup?lng=\">Pr\u00f3fa\u00f0u Talkpal \u00f3keypis<\/a>\r\n<\/section>\n<div class=\"wp-block-group pageContainerStyle\"><div class=\"wp-block-group__inner-container is-layout-constrained wp-block-group-is-layout-constrained\">\n<h2 class=\"wp-block-heading\" id=\"h-dutch-grammar-topics\">Hollensk m\u00e1lfr\u00e6\u00f0i efni<\/h2>\n\n\n\n<p>A\u00f0 l\u00e6ra hollensku getur veri\u00f0 spennandi og gefandi reynsla \u00fear sem \u00fea\u00f0 opnar dyrnar a\u00f0 r\u00edkri menningu, s\u00f6gu og t\u00e6kif\u00e6rum til pers\u00f3nulegs og faglegs vaxtar. <a href=\"https:\/\/talkpal.ai\/learn-dutch\/\">Hollenska<\/a> tungum\u00e1li\u00f0, \u00fe\u00f3 \u00fea\u00f0 s\u00e9 n\u00e1skylt ensku og \u00fe\u00fdsku, hefur s\u00ednar einst\u00f6ku m\u00e1lfr\u00e6\u00f0ireglur og uppbyggingu, sem kann a\u00f0 vir\u00f0ast krefjandi \u00ed fyrstu. Hins vegar, me\u00f0 hollustu og r\u00e9ttri n\u00e1lgun, getur\u00f0u n\u00e1\u00f0 t\u00f6kum \u00e1 hollensku og \u00e1tt reiprennandi samskipti vi\u00f0 m\u00f3\u00f0urm\u00e1lsmenn. \u00cd \u00feessari handb\u00f3k munum vi\u00f0 kanna nokkur nau\u00f0synleg hollensk m\u00e1lfr\u00e6\u00f0iefni, flokku\u00f0 \u00ed r\u00f6\u00f0 sem mun hj\u00e1lpa \u00fe\u00e9r a\u00f0 l\u00e6ra tungum\u00e1li\u00f0 \u00e1 kerfisbundinn og skilvirkan h\u00e1tt.<\/p>\n\n\n\n<h3 class=\"wp-block-heading\" id=\"h-1-nouns-and-articles\">1. Nafnor\u00f0 og greinar:<\/h3>\n\n\n\n<p>Byrja\u00f0u \u00e1 \u00fev\u00ed a\u00f0 kynna \u00fe\u00e9r hollensk nafnor\u00f0 og kynjaflokkun \u00feeirra (algeng og hvorugkyn). L\u00e6r\u00f0u \u00e1kve\u00f0na og \u00f3\u00e1kve\u00f0na greinar sem fylgja \u00feeim, svo og fleirt\u00f6lu og sm\u00e6kkunarendingar.<\/p>\n\n\n\n<h3 class=\"wp-block-heading\" id=\"h-2-adjectives\">2. L\u00fdsingaror\u00f0:<\/h3>\n\n\n\n<p>N\u00e6st skaltu kynna \u00fe\u00e9r reglur um samr\u00e6mi l\u00fdsingaror\u00f0a vi\u00f0 nafnor\u00f0 hva\u00f0 var\u00f0ar kyn, t\u00f6lu og tilvist \u00e1kve\u00f0inna greina. L\u00e6r\u00f0u hvernig l\u00fdsingaror\u00f0 beygjast \u00fat fr\u00e1 \u00feessum \u00fe\u00e1ttum og hvernig \u00e1 a\u00f0 nota samanbur\u00f0ar- og greinarform.<\/p>\n\n\n\n<h3 class=\"wp-block-heading\" id=\"h-3-pronouns\">3. Forn\u00f6fn:<\/h3>\n\n\n\n<p>Kafa\u00f0u inn \u00ed heim hollenskra fornafna, \u00fear \u00e1 me\u00f0al pers\u00f3nuleg, eignarfallsleg, s\u00fdnandi, ni\u00f0randi og afst\u00e6\u00f0 forn\u00f6fn. Skilja hvernig \u00feau koma \u00ed sta\u00f0 nafnor\u00f0a og hvernig \u00feau eru samm\u00e1la \u00feeim hva\u00f0 var\u00f0ar kyn og fj\u00f6lda.<\/p>\n\n\n\n<h3 class=\"wp-block-heading\" id=\"h-4-verbs\">4. Sagnir:<\/h3>\n\n\n\n<p>Einbeittu \u00fe\u00e9r n\u00fa a\u00f0 hollenskum s\u00f6gnum og beygingarmynstri \u00feeirra \u00ed n\u00fat\u00ed\u00f0, fort\u00ed\u00f0 og framt\u00ed\u00f0. L\u00e6r\u00f0u muninn \u00e1 sterkum, veikum og \u00f3reglulegum s\u00f6gnum og kynntu \u00fe\u00e9r reglurnar til a\u00f0 mynda fullkomna og pluperfect spennu.<\/p>\n\n\n\n<h3 class=\"wp-block-heading\" id=\"h-5-tenses-indicative\">5. Spennur lei\u00f0beinandi:<\/h3>\n\n\n\n<p>Rannsaka\u00f0u lei\u00f0beinandi stemningu \u00e1 hollensku, sem er notu\u00f0 til a\u00f0 tj\u00e1 yfirl\u00fdsingar um sta\u00f0reyndir og l\u00edkur. L\u00e6r\u00f0u hvernig \u00e1 a\u00f0 beygja sagnir \u00ed n\u00fat\u00ed\u00f0, fort\u00ed\u00f0 og framt\u00ed\u00f0 \u00ed \u00feessu skapi, sem og skilyrt og mikilv\u00e6g form.<\/p>\n\n\n\n<h3 class=\"wp-block-heading\" id=\"h-6-tenses-subjunctive\">6. Spenntur vi\u00f0tengingarh\u00e1ttur:<\/h3>\n\n\n\n<p>\u00der\u00e1tt fyrir a\u00f0 vera sjaldg\u00e6fari \u00ed n\u00fat\u00edma hollensku er vi\u00f0tengingarh\u00e1ttur nau\u00f0synlegur til a\u00f0 skilja eldri texta og formlegt m\u00e1l. L\u00e6r\u00f0u hvernig \u00e1 a\u00f0 mynda vi\u00f0tengingarh\u00e1tt \u00e1 hollensku og hven\u00e6r \u00e1 a\u00f0 nota \u00fea\u00f0.<\/p>\n\n\n\n<h3 class=\"wp-block-heading\" id=\"h-7-tense-comparison\">7. Spenntur samanbur\u00f0ur:<\/h3>\n\n\n\n<p>Eftir <a href=\"https:\/\/talkpal.ai\/culture\/what-is-the-verb-ad-hafa-and-when-is-it-used\/\">a\u00f0 hafa<\/a> n\u00e1\u00f0 t\u00f6kum \u00e1 hinum \u00fdmsu spennum skaltu einbeita \u00fe\u00e9r a\u00f0 \u00fev\u00ed a\u00f0 skilja muninn og l\u00edkt \u00e1 milli \u00feeirra. L\u00e6r\u00f0u hvernig \u00e1 a\u00f0 nota hvert spenntur r\u00e9tt \u00ed samhengi og hvernig \u00feeir hafa samskipti s\u00edn \u00e1 milli.<\/p>\n\n\n\n<h3 class=\"wp-block-heading\" id=\"h-8-adverbs\">8. Atviksor\u00f0:<\/h3>\n\n\n\n<p>L\u00e6r\u00f0u hollensk atviksor\u00f0 og \u00fdmis hlutverk \u00feeirra \u00ed setningum. L\u00e6r\u00f0u hvernig \u00e1 a\u00f0 mynda atviksor\u00f0 \u00far l\u00fdsingaror\u00f0um og hvernig \u00e1 a\u00f0 nota \u00feau til a\u00f0 breyta s\u00f6gnum, l\u00fdsingaror\u00f0um og \u00f6\u00f0rum atviksor\u00f0um.<\/p>\n\n\n\n<h3 class=\"wp-block-heading\" id=\"h-9-prepositions\">9. Forsetningar:<\/h3>\n\n\n\n<p>\u00der\u00f3a\u00f0u sterkan skilning \u00e1 hollenskum forsetningum og notkun \u00feeirra me\u00f0 nafnor\u00f0um, forn\u00f6fnum og s\u00f6gnum. L\u00e6r\u00f0u hvernig \u00feeir tj\u00e1 samb\u00f6nd \u00ed t\u00edma, r\u00fami og \u00f6\u00f0ru samhengi.<\/p>\n\n\n\n<h3 class=\"wp-block-heading\" id=\"h-10-sentence-structure\">10. Setningaskipan:<\/h3>\n\n\n\n<p>A\u00f0 lokum skaltu koma \u00feessu \u00f6llu saman me\u00f0 \u00fev\u00ed a\u00f0 l\u00e6ra <a href=\"https:\/\/talkpal.ai\/learn-dutch\/\">hollenska<\/a> setningager\u00f0 og or\u00f0ar\u00f6\u00f0. L\u00e6r\u00f0u reglurnar til a\u00f0 sm\u00ed\u00f0a einfaldar og fl\u00f3knar setningar, \u00fear \u00e1 me\u00f0al yfirl\u00fdsingar-, yfirheyrslu-, br\u00fdn- og upphr\u00f3punarsetningar.<\/p>\n\n\n\n<p>Me\u00f0 \u00fev\u00ed a\u00f0 fylgja \u00feessari r\u00f6\u00f0 m\u00e1lfr\u00e6\u00f0iefna og verja t\u00edma til a\u00f0 \u00e6fa og endursko\u00f0a muntu vera \u00e1 g\u00f3\u00f0ri lei\u00f0 me\u00f0 a\u00f0 n\u00e1 t\u00f6kum \u00e1 hollensku. Mundu a\u00f0 samkv\u00e6mni og \u00feolinm\u00e6\u00f0i eru lykillinn a\u00f0 \u00fev\u00ed a\u00f0 l\u00e6ra hva\u00f0a n\u00fdtt tungum\u00e1l sem er. Gangi \u00fe\u00e9r vel og nj\u00f3ttu fer\u00f0arinnar!<\/p>\n<\/div><\/div>\n\r\n<section class=\"learnNavigationSection\">\r\n            \r\n        <a href=\"https:\/\/talkpal.ai\/is\/laerdu-hollensku\/\">\r\n            <div class=\"learnNavigationWrapper\">\r\n                <div class=\"learnNavigationContent\">\r\n                    <img decoding=\"async\" src=\"https:\/\/talkpal.ai\/wp-content\/uploads\/2024\/08\/Dutch.jpg\" alt=\"Netherlands Flag\">\r\n                    <div>\r\n                        <h4>Um hollenskun\u00e1m<\/h4>\r\n                        <p>Finndu \u00fat allt um hollenska m\u00e1lfr\u00e6\u00f0i.<\/p>\r\n                    <\/div>\r\n                <\/div>\r\n            <\/div>\r\n        <\/a>\r\n\r\n        \r\n        <a href=\"https:\/\/talkpal.ai\/is\/hollensk-malfraedi\/\">\r\n            <div class=\"learnNavigationWrapper\">\r\n                <div class=\"learnNavigationContent\">\r\n                    <img decoding=\"async\" src=\"https:\/\/talkpal.ai\/wp-content\/uploads\/2024\/08\/Dutch.jpg\" alt=\"Netherlands Flag\">\r\n                    <div>\r\n                        <h4>Hollensk m\u00e1lfr\u00e6\u00f0ikennsla<\/h4>\r\n                        <p>\u00c6f\u00f0u hollenska m\u00e1lfr\u00e6\u00f0i.<\/p>\r\n                    <\/div>\r\n                <\/div>\r\n            <\/div>\r\n        <\/a>\r\n\r\n        \r\n        <a href=\"https:\/\/talkpal.ai\/vocabulary_language\/dutch\/\">\r\n            <div class=\"learnNavigationWrapper\">\r\n                <div class=\"learnNavigationContent\">\r\n                    <img decoding=\"async\" src=\"https:\/\/talkpal.ai\/wp-content\/uploads\/2024\/08\/Dutch.jpg\" alt=\"Netherlands Flag\">\r\n                    <div>\r\n                        <h4>Hollenskur or\u00f0afor\u00f0i<\/h4>\r\n                        <p>St\u00e6kka\u00f0u hollenska or\u00f0afor\u00f0a \u00feinn.<\/p>\r\n                    <\/div>\r\n                <\/div>\r\n            <\/div>\r\n        <\/a>\r\n\r\n            <\/section>","protected":false},"excerpt":{"rendered":"<p>Hollensk m\u00e1lfr\u00e6\u00f0i efni A\u00f0 l\u00e6ra hollensku getur veri\u00f0 spennandi og gefandi reynsla \u00fear sem \u00fea\u00f0 opnar dyrnar a\u00f0 r\u00edkri menningu, s\u00f6gu og t\u00e6kif\u00e6rum til pers\u00f3nulegs og faglegs vaxtar. Hollenska tungum\u00e1li\u00f0, \u00fe\u00f3 \u00fea\u00f0 s\u00e9 n\u00e1skylt ensku og \u00fe\u00fdsku, hefur s\u00ednar einst\u00f6ku m\u00e1lfr\u00e6\u00f0ireglur og uppbyggingu, sem kann a\u00f0 vir\u00f0ast krefjandi \u00ed fyrstu. Hins vegar, me\u00f0 hollustu og [&hellip;]<\/p>\n","protected":false},"author":6,"featured_media":106395,"parent":0,"menu_order":0,"comment_status":"closed","ping_status":"closed","template":"LearningContentPage.php","meta":{"_acf_changed":false,"footnotes":""},"class_list":["post-133182","page","type-page","status-publish","has-post-thumbnail","hentry"],"acf":[],"yoast_head":"<!-- This site is optimized with the Yoast SEO Premium plugin v27.2 (Yoast SEO v27.2) - https:\/\/yoast.com\/product\/yoast-seo-premium-wordpress\/ -->\n<title>Hollenska M\u00e1lfr\u00e6\u00f0i \u00c6fingar - Talkpal<\/title>\n<meta name=\"description\" content=\"B\u00e6ttu tungum\u00e1lakunn\u00e1ttu \u00fe\u00edna me\u00f0 gagnvirkum m\u00e1lfr\u00e6\u00f0i\u00e6fingum \u00ed hollensku fr\u00e1 Talkpal , tungum\u00e1lakennaranum \u00fe\u00ednum sem byggir \u00e1 gervigreind.\" \/>\n<meta name=\"robots\" content=\"index, follow, max-snippet:-1, max-image-preview:large, max-video-preview:-1\" \/>\n<link rel=\"canonical\" href=\"https:\/\/talkpal.ai\/is\/hollenska-malfraedi-aefingar\/\" \/>\n<meta property=\"og:locale\" content=\"is_IS\" \/>\n<meta property=\"og:type\" content=\"article\" \/>\n<meta property=\"og:title\" content=\"Hollenska M\u00e1lfr\u00e6\u00f0i \u00c6fingar\" \/>\n<meta property=\"og:description\" content=\"Hollensk m\u00e1lfr\u00e6\u00f0i efni A\u00f0 l\u00e6ra hollensku getur veri\u00f0 spennandi og gefandi reynsla \u00fear sem \u00fea\u00f0 opnar dyrnar a\u00f0 r\u00edkri menningu, s\u00f6gu og t\u00e6kif\u00e6rum til\" \/>\n<meta property=\"og:url\" content=\"https:\/\/talkpal.ai\/is\/hollenska-malfraedi-aefingar\/\" \/>\n<meta property=\"og:site_name\" content=\"Talkpal\" \/>\n<meta property=\"article:publisher\" content=\"https:\/\/www.facebook.com\/profile.php?id=100090733639311\" \/>\n<meta property=\"article:modified_time\" content=\"2025-12-17T15:28:16+00:00\" \/>\n<meta property=\"og:image\" content=\"https:\/\/talkpal.ai\/wp-content\/uploads\/2023\/04\/netherlands-dutch.png\" \/>\n\t<meta property=\"og:image:width\" content=\"512\" \/>\n\t<meta property=\"og:image:height\" content=\"512\" \/>\n\t<meta property=\"og:image:type\" content=\"image\/png\" \/>\n<meta name=\"twitter:card\" content=\"summary_large_image\" \/>\n<meta name=\"twitter:site\" content=\"@talkpalai\" \/>\n<meta name=\"twitter:label1\" content=\"Est. reading time\" \/>\n\t<meta name=\"twitter:data1\" content=\"3 minutes\" \/>\n<script type=\"application\/ld+json\" class=\"yoast-schema-graph\">{\"@context\":\"https:\/\/schema.org\",\"@graph\":[{\"@type\":\"WebPage\",\"@id\":\"https:\/\/talkpal.ai\/is\/hollenska-malfraedi-aefingar\/\",\"url\":\"https:\/\/talkpal.ai\/is\/hollenska-malfraedi-aefingar\/\",\"name\":\"Hollenska M\u00e1lfr\u00e6\u00f0i \u00c6fingar - Talkpal\",\"isPartOf\":{\"@id\":\"https:\/\/talkpal.ai\/is\/#website\"},\"primaryImageOfPage\":{\"@id\":\"https:\/\/talkpal.ai\/is\/hollenska-malfraedi-aefingar\/#primaryimage\"},\"image\":{\"@id\":\"https:\/\/talkpal.ai\/is\/hollenska-malfraedi-aefingar\/#primaryimage\"},\"thumbnailUrl\":\"https:\/\/talkpal.ai\/wp-content\/uploads\/2023\/04\/netherlands-dutch.png\",\"datePublished\":\"2023-06-16T09:41:10+00:00\",\"dateModified\":\"2025-12-17T15:28:16+00:00\",\"description\":\"B\u00e6ttu tungum\u00e1lakunn\u00e1ttu \u00fe\u00edna me\u00f0 gagnvirkum m\u00e1lfr\u00e6\u00f0i\u00e6fingum \u00ed hollensku fr\u00e1 Talkpal , tungum\u00e1lakennaranum \u00fe\u00ednum sem byggir \u00e1 gervigreind.\",\"breadcrumb\":{\"@id\":\"https:\/\/talkpal.ai\/is\/hollenska-malfraedi-aefingar\/#breadcrumb\"},\"inLanguage\":\"is\",\"potentialAction\":[{\"@type\":\"ReadAction\",\"target\":[\"https:\/\/talkpal.ai\/is\/hollenska-malfraedi-aefingar\/\"]}]},{\"@type\":\"ImageObject\",\"inLanguage\":\"is\",\"@id\":\"https:\/\/talkpal.ai\/is\/hollenska-malfraedi-aefingar\/#primaryimage\",\"url\":\"https:\/\/talkpal.ai\/wp-content\/uploads\/2023\/04\/netherlands-dutch.png\",\"contentUrl\":\"https:\/\/talkpal.ai\/wp-content\/uploads\/2023\/04\/netherlands-dutch.png\",\"width\":512,\"height\":512},{\"@type\":\"BreadcrumbList\",\"@id\":\"https:\/\/talkpal.ai\/is\/hollenska-malfraedi-aefingar\/#breadcrumb\",\"itemListElement\":[{\"@type\":\"ListItem\",\"position\":1,\"name\":\"Homepage\",\"item\":\"https:\/\/talkpal.ai\/is\/\"},{\"@type\":\"ListItem\",\"position\":2,\"name\":\"Hollenska M\u00e1lfr\u00e6\u00f0i \u00c6fingar\"}]},{\"@type\":\"WebSite\",\"@id\":\"https:\/\/talkpal.ai\/is\/#website\",\"url\":\"https:\/\/talkpal.ai\/is\/\",\"name\":\"Talkpal\",\"description\":\"AI Language Learning\",\"publisher\":{\"@id\":\"https:\/\/talkpal.ai\/is\/#organization\"},\"alternateName\":\"Talkpal AI\",\"potentialAction\":[{\"@type\":\"SearchAction\",\"target\":{\"@type\":\"EntryPoint\",\"urlTemplate\":\"https:\/\/talkpal.ai\/is\/?s={search_term_string}\"},\"query-input\":{\"@type\":\"PropertyValueSpecification\",\"valueRequired\":true,\"valueName\":\"search_term_string\"}}],\"inLanguage\":\"is\"},{\"@type\":\"Organization\",\"@id\":\"https:\/\/talkpal.ai\/is\/#organization\",\"name\":\"Talkpal, Inc.\",\"alternateName\":\"Talkpal AI\",\"url\":\"https:\/\/talkpal.ai\/is\/\",\"logo\":{\"@type\":\"ImageObject\",\"inLanguage\":\"is\",\"@id\":\"https:\/\/talkpal.ai\/is\/#\/schema\/logo\/image\/\",\"url\":\"https:\/\/talkpal.ai\/wp-content\/uploads\/2024\/03\/Talkpal-Logo-Icon.png\",\"contentUrl\":\"https:\/\/talkpal.ai\/wp-content\/uploads\/2024\/03\/Talkpal-Logo-Icon.png\",\"width\":2880,\"height\":2880,\"caption\":\"Talkpal, Inc.\"},\"image\":{\"@id\":\"https:\/\/talkpal.ai\/is\/#\/schema\/logo\/image\/\"},\"sameAs\":[\"https:\/\/www.facebook.com\/profile.php?id=100090733639311\",\"https:\/\/x.com\/talkpalai\",\"https:\/\/www.linkedin.com\/company\/talkpal\/\",\"https:\/\/www.youtube.com\/@TalkPal\/\",\"https:\/\/www.tiktok.com\/@talkpal\",\"https:\/\/www.instagram.com\/talkpal_ai\/\",\"https:\/\/www.crunchbase.com\/organization\/talkpal-9cde\",\"https:\/\/www.g2.com\/products\/talkpal-for-business\/\",\"https:\/\/www.trustpilot.com\/review\/talkpal.ai\",\"https:\/\/www.capterra.com\/p\/10006800\/TalkPal\/\"],\"description\":\"Talkpal is a language learning web and mobile education app, powered by the latest AI technologies, that provides engaging experiences to its customers in many different languages to help them improve their language skills. Users can chat about unlimited amount of topics with the app and use other modes to practice their language learning.\",\"email\":\"support@talkpal.ai\",\"legalName\":\"Talkpal, Inc.\",\"foundingDate\":\"2023-04-03\",\"duns\":\"118989042\",\"numberOfEmployees\":{\"@type\":\"QuantitativeValue\",\"minValue\":\"11\",\"maxValue\":\"50\"},\"publishingPrinciples\":\"https:\/\/talkpal.ai\/publishing-principles\/\",\"actionableFeedbackPolicy\":\"https:\/\/talkpal.ai\/actionable-feedback-policy\/\",\"correctionsPolicy\":\"https:\/\/talkpal.ai\/corrections-policy\/\",\"ethicsPolicy\":\"https:\/\/talkpal.ai\/ethics-policy\/\",\"diversityPolicy\":\"https:\/\/talkpal.ai\/diversity-policy\/\",\"diversityStaffingReport\":\"https:\/\/talkpal.ai\/diversity-policy\/\"}]}<\/script>\n<!-- \/ Yoast SEO Premium plugin. -->","yoast_head_json":{"title":"Hollenska M\u00e1lfr\u00e6\u00f0i \u00c6fingar - Talkpal","description":"B\u00e6ttu tungum\u00e1lakunn\u00e1ttu \u00fe\u00edna me\u00f0 gagnvirkum m\u00e1lfr\u00e6\u00f0i\u00e6fingum \u00ed hollensku fr\u00e1 Talkpal , tungum\u00e1lakennaranum \u00fe\u00ednum sem byggir \u00e1 gervigreind.","robots":{"index":"index","follow":"follow","max-snippet":"max-snippet:-1","max-image-preview":"max-image-preview:large","max-video-preview":"max-video-preview:-1"},"canonical":"https:\/\/talkpal.ai\/is\/hollenska-malfraedi-aefingar\/","og_locale":"is_IS","og_type":"article","og_title":"Hollenska M\u00e1lfr\u00e6\u00f0i \u00c6fingar","og_description":"Hollensk m\u00e1lfr\u00e6\u00f0i efni A\u00f0 l\u00e6ra hollensku getur veri\u00f0 spennandi og gefandi reynsla \u00fear sem \u00fea\u00f0 opnar dyrnar a\u00f0 r\u00edkri menningu, s\u00f6gu og t\u00e6kif\u00e6rum til","og_url":"https:\/\/talkpal.ai\/is\/hollenska-malfraedi-aefingar\/","og_site_name":"Talkpal","article_publisher":"https:\/\/www.facebook.com\/profile.php?id=100090733639311","article_modified_time":"2025-12-17T15:28:16+00:00","og_image":[{"width":512,"height":512,"url":"https:\/\/talkpal.ai\/wp-content\/uploads\/2023\/04\/netherlands-dutch.png","type":"image\/png"}],"twitter_card":"summary_large_image","twitter_site":"@talkpalai","twitter_misc":{"Est. reading time":"3 minutes"},"schema":{"@context":"https:\/\/schema.org","@graph":[{"@type":"WebPage","@id":"https:\/\/talkpal.ai\/is\/hollenska-malfraedi-aefingar\/","url":"https:\/\/talkpal.ai\/is\/hollenska-malfraedi-aefingar\/","name":"Hollenska M\u00e1lfr\u00e6\u00f0i \u00c6fingar - Talkpal","isPartOf":{"@id":"https:\/\/talkpal.ai\/is\/#website"},"primaryImageOfPage":{"@id":"https:\/\/talkpal.ai\/is\/hollenska-malfraedi-aefingar\/#primaryimage"},"image":{"@id":"https:\/\/talkpal.ai\/is\/hollenska-malfraedi-aefingar\/#primaryimage"},"thumbnailUrl":"https:\/\/talkpal.ai\/wp-content\/uploads\/2023\/04\/netherlands-dutch.png","datePublished":"2023-06-16T09:41:10+00:00","dateModified":"2025-12-17T15:28:16+00:00","description":"B\u00e6ttu tungum\u00e1lakunn\u00e1ttu \u00fe\u00edna me\u00f0 gagnvirkum m\u00e1lfr\u00e6\u00f0i\u00e6fingum \u00ed hollensku fr\u00e1 Talkpal , tungum\u00e1lakennaranum \u00fe\u00ednum sem byggir \u00e1 gervigreind.","breadcrumb":{"@id":"https:\/\/talkpal.ai\/is\/hollenska-malfraedi-aefingar\/#breadcrumb"},"inLanguage":"is","potentialAction":[{"@type":"ReadAction","target":["https:\/\/talkpal.ai\/is\/hollenska-malfraedi-aefingar\/"]}]},{"@type":"ImageObject","inLanguage":"is","@id":"https:\/\/talkpal.ai\/is\/hollenska-malfraedi-aefingar\/#primaryimage","url":"https:\/\/talkpal.ai\/wp-content\/uploads\/2023\/04\/netherlands-dutch.png","contentUrl":"https:\/\/talkpal.ai\/wp-content\/uploads\/2023\/04\/netherlands-dutch.png","width":512,"height":512},{"@type":"BreadcrumbList","@id":"https:\/\/talkpal.ai\/is\/hollenska-malfraedi-aefingar\/#breadcrumb","itemListElement":[{"@type":"ListItem","position":1,"name":"Homepage","item":"https:\/\/talkpal.ai\/is\/"},{"@type":"ListItem","position":2,"name":"Hollenska M\u00e1lfr\u00e6\u00f0i \u00c6fingar"}]},{"@type":"WebSite","@id":"https:\/\/talkpal.ai\/is\/#website","url":"https:\/\/talkpal.ai\/is\/","name":"Talkpal","description":"AI Language Learning","publisher":{"@id":"https:\/\/talkpal.ai\/is\/#organization"},"alternateName":"Talkpal AI","potentialAction":[{"@type":"SearchAction","target":{"@type":"EntryPoint","urlTemplate":"https:\/\/talkpal.ai\/is\/?s={search_term_string}"},"query-input":{"@type":"PropertyValueSpecification","valueRequired":true,"valueName":"search_term_string"}}],"inLanguage":"is"},{"@type":"Organization","@id":"https:\/\/talkpal.ai\/is\/#organization","name":"Talkpal, Inc.","alternateName":"Talkpal AI","url":"https:\/\/talkpal.ai\/is\/","logo":{"@type":"ImageObject","inLanguage":"is","@id":"https:\/\/talkpal.ai\/is\/#\/schema\/logo\/image\/","url":"https:\/\/talkpal.ai\/wp-content\/uploads\/2024\/03\/Talkpal-Logo-Icon.png","contentUrl":"https:\/\/talkpal.ai\/wp-content\/uploads\/2024\/03\/Talkpal-Logo-Icon.png","width":2880,"height":2880,"caption":"Talkpal, Inc."},"image":{"@id":"https:\/\/talkpal.ai\/is\/#\/schema\/logo\/image\/"},"sameAs":["https:\/\/www.facebook.com\/profile.php?id=100090733639311","https:\/\/x.com\/talkpalai","https:\/\/www.linkedin.com\/company\/talkpal\/","https:\/\/www.youtube.com\/@TalkPal\/","https:\/\/www.tiktok.com\/@talkpal","https:\/\/www.instagram.com\/talkpal_ai\/","https:\/\/www.crunchbase.com\/organization\/talkpal-9cde","https:\/\/www.g2.com\/products\/talkpal-for-business\/","https:\/\/www.trustpilot.com\/review\/talkpal.ai","https:\/\/www.capterra.com\/p\/10006800\/TalkPal\/"],"description":"Talkpal is a language learning web and mobile education app, powered by the latest AI technologies, that provides engaging experiences to its customers in many different languages to help them improve their language skills. Users can chat about unlimited amount of topics with the app and use other modes to practice their language learning.","email":"support@talkpal.ai","legalName":"Talkpal, Inc.","foundingDate":"2023-04-03","duns":"118989042","numberOfEmployees":{"@type":"QuantitativeValue","minValue":"11","maxValue":"50"},"publishingPrinciples":"https:\/\/talkpal.ai\/publishing-principles\/","actionableFeedbackPolicy":"https:\/\/talkpal.ai\/actionable-feedback-policy\/","correctionsPolicy":"https:\/\/talkpal.ai\/corrections-policy\/","ethicsPolicy":"https:\/\/talkpal.ai\/ethics-policy\/","diversityPolicy":"https:\/\/talkpal.ai\/diversity-policy\/","diversityStaffingReport":"https:\/\/talkpal.ai\/diversity-policy\/"}]}},"_links":{"self":[{"href":"https:\/\/talkpal.ai\/is\/wp-json\/wp\/v2\/pages\/133182","targetHints":{"allow":["GET"]}}],"collection":[{"href":"https:\/\/talkpal.ai\/is\/wp-json\/wp\/v2\/pages"}],"about":[{"href":"https:\/\/talkpal.ai\/is\/wp-json\/wp\/v2\/types\/page"}],"author":[{"embeddable":true,"href":"https:\/\/talkpal.ai\/is\/wp-json\/wp\/v2\/users\/6"}],"replies":[{"embeddable":true,"href":"https:\/\/talkpal.ai\/is\/wp-json\/wp\/v2\/comments?post=133182"}],"version-history":[{"count":0,"href":"https:\/\/talkpal.ai\/is\/wp-json\/wp\/v2\/pages\/133182\/revisions"}],"wp:featuredmedia":[{"embeddable":true,"href":"https:\/\/talkpal.ai\/is\/wp-json\/wp\/v2\/media\/106395"}],"wp:attachment":[{"href":"https:\/\/talkpal.ai\/is\/wp-json\/wp\/v2\/media?parent=133182"}],"curies":[{"name":"wp","href":"https:\/\/api.w.org\/{rel}","templated":true}]}}