{"id":132882,"date":"2023-06-16T09:39:29","date_gmt":"2023-06-16T09:39:29","guid":{"rendered":"http:\/\/talkpal.ai\/kinverska-malfraedi-aefingar\/"},"modified":"2025-05-22T21:25:13","modified_gmt":"2025-05-22T21:25:13","slug":"kinverska-malfraedi-aefingar","status":"publish","type":"page","link":"https:\/\/talkpal.ai\/is\/kinverska-malfraedi-aefingar\/","title":{"rendered":"K\u00ednverska M\u00e1lfr\u00e6\u00f0i \u00c6fingar"},"content":{"rendered":"\r\n\r\n\r\n<section class=\"languageChallengeSection\">\r\n    <div class=\"languageInfoWrapper\">\r\n        \r\n        <h1>K\u00ednverska M\u00e1lfr\u00e6\u00f0i \u00c6fingar<\/h1>\r\n        <p>Viltu b\u00e6ta k\u00ednverskukunn\u00e1ttu \u00fe\u00edna? A\u00f0 einbeita s\u00e9r a\u00f0 m\u00e1lfr\u00e6\u00f0i\u00e6fingum mun hj\u00e1lpa \u00fe\u00e9r a\u00f0 skilja setningarbyggingu, n\u00e1 t\u00f6kum \u00e1 nau\u00f0synlegum mynstrum og byggja upp sj\u00e1lfstraust \u00feitt \u00ed daglegum samr\u00e6\u00f0um. Byrja\u00f0u a\u00f0 \u00e6fa <a href=\"https:\/\/talkpal.ai\/learn-chinese\/\">k\u00ednverska<\/a> <a href=\"https:\/\/talkpal.ai\/grammar\/\">m\u00e1lfr\u00e6\u00f0i<\/a> \u00ed dag og taktu st\u00f6\u00f0ug skref \u00ed \u00e1tt a\u00f0 f\u00e6rni \u00ed hverri \u00e6fingu!<\/p>\r\n\r\n                            <a class=\"getStartedHidden\" href=\"https:\/\/app.talkpal.ai\/signup?lng=\">Byrja\u00f0u<\/a>\r\n        \r\n    <\/div>\r\n\r\n    <figure>\r\n    <img decoding=\"async\" width=\"768\" height=\"768\" src=\"https:\/\/talkpal.ai\/wp-content\/uploads\/2023\/06\/chinese-768x768.png\" class=\"languageImage no-lazy\" alt=\"Language learning for flexible communication\" fetchpriority=\"high\" sizes=\"(max-width: 768px) 150px, 768px\" srcset=\"https:\/\/talkpal.ai\/wp-content\/uploads\/2023\/06\/chinese-768x768.png 768w, https:\/\/talkpal.ai\/wp-content\/uploads\/2023\/06\/chinese-300x300.png 300w\" \/>\r\n    \r\n\r\n    <\/figure>\r\n\r\n            <a class=\"getStartedVisible\" href=\"https:\/\/app.talkpal.ai\/signup?lng=\">Byrja\u00f0u<\/a>\r\n    \r\n<\/section>\r\n\r\n\r\n<!-- <section class=\"grammarSection\">\r\n    <div class=\"grammarLinks\">\r\n            <\/div>\r\n<\/section> -->\r\n\r\n\r\n\r\n\r\n<section class=\"promotionalBanner\">\r\n    <p class=\"promotionalText\">Skilvirkasta lei\u00f0in til a\u00f0 l\u00e6ra tungum\u00e1l<\/p>\r\n    <a class=\"promotionalLink\" href=\"https:\/\/app.talkpal.ai\/signup?lng=\">Pr\u00f3fa\u00f0u Talkpal \u00f3keypis<\/a>\r\n<\/section>\n<div class=\"wp-block-group pageContainerStyle\"><div class=\"wp-block-group__inner-container is-layout-constrained wp-block-group-is-layout-constrained\">\n<h2 class=\"wp-block-heading\" id=\"h-chinese-grammar-topics\">K\u00ednversk m\u00e1lfr\u00e6\u00f0i efni<\/h2>\n\n\n\n<p><a href=\"https:\/\/talkpal.ai\/chinese-grammar\/\">K\u00ednversk m\u00e1lfr\u00e6\u00f0i<\/a> kann a\u00f0 vir\u00f0ast \u00f3gnvekjandi \u00ed fyrstu, en h\u00fan er nau\u00f0synleg til a\u00f0 n\u00e1 t\u00f6kum \u00e1 tungum\u00e1linu. Me\u00f0 s\u00ednu einstaka stafakerfi og t\u00f3nfr\u00e6\u00f0ilegu e\u00f0li fylgir k\u00ednversk m\u00e1lfr\u00e6\u00f0i \u00f6\u00f0rum reglum en tungum\u00e1l eins og <a href=\"https:\/\/talkpal.ai\/learn-english-with-ai\/\">enska<\/a>. A\u00f0 l\u00e6ra \u00feessar reglur \u00ed r\u00e9ttri r\u00f6\u00f0 mun hj\u00e1lpa \u00fe\u00e9r a\u00f0 n\u00e1 betri \u00e1rangri \u00ed tungum\u00e1lan\u00e1mi \u00fe\u00ednu. Eftirfarandi efni ver\u00f0a r\u00e6dd \u00ed r\u00e1\u00f0lag\u00f0ri n\u00e1msr\u00f6\u00f0: T\u00ed\u00f0ir, sagnir, nafnor\u00f0, greinar, forn\u00f6fn, l\u00fdsingaror\u00f0, atviksor\u00f0, forsetningar og setningager\u00f0. \u00deessi handb\u00f3k mun veita stuttar sk\u00fdringar \u00e1 hverju efni til a\u00f0 hj\u00e1lpa \u00fe\u00e9r a\u00f0 skilja betur hlutverk \u00feeirra \u00e1 k\u00ednversku.<\/p>\n\n\n\n<h3 class=\"wp-block-heading\" id=\"h-1-tenses\">1. Spennur:<\/h3>\n\n\n\n<p>\u00d3l\u00edkt ensku hefur <a href=\"https:\/\/talkpal.ai\/learn-chinese\/\">k\u00ednverska<\/a> ekki fl\u00f3knar sagnbeygingar til a\u00f0 gefa til kynna spennu. \u00deess \u00ed sta\u00f0 notar \u00fea\u00f0 t\u00edmaor\u00f0 e\u00f0a agnir til a\u00f0 s\u00fdna hven\u00e6r a\u00f0ger\u00f0 \u00e1 s\u00e9r sta\u00f0. Til a\u00f0 tj\u00e1 athafnir \u00ed fort\u00ed\u00f0, n\u00fat\u00ed\u00f0 e\u00f0a framt\u00ed\u00f0 \u00e6ttir \u00fe\u00fa fyrst a\u00f0 kynna \u00fe\u00e9r algeng t\u00edmaor\u00f0 eins og \u201e\u00ed g\u00e6r\u201c, \u201e\u00ed dag\u201c og \u201e\u00e1 morgun\u201c.<\/p>\n\n\n\n<h3 class=\"wp-block-heading\" id=\"h-2-verbs\">2. Sagnir:<\/h3>\n\n\n\n<p>\u00deegar \u00fe\u00fa hefur skili\u00f0 spennu er nau\u00f0synlegt a\u00f0 l\u00e6ra grunnsagnir \u00e1 k\u00ednversku. Sagnir eru mikilv\u00e6gar \u00fear sem \u00fe\u00e6r tj\u00e1 athafnir og \u00e1stand og \u00fe\u00e6r haldast oft \u00f3breyttar \u00ed mismunandi t\u00ed\u00f0um. Einbeittu \u00fe\u00e9r a\u00f0 \u00fev\u00ed a\u00f0 l\u00e6ra algengustu sagnirnar og vi\u00f0eigandi notkun \u00feeirra.<\/p>\n\n\n\n<h3 class=\"wp-block-heading\" id=\"h-3-nouns\">3. Nafnor\u00f0:<\/h3>\n\n\n\n<p>Nafnor\u00f0 eru byggingareiningar tungum\u00e1ls og t\u00e1kna f\u00f3lk, sta\u00f0i, hluti e\u00f0a hugmyndir. \u00c1 k\u00ednversku eru nafnor\u00f0 almennt einf\u00f6ld og \u00fe\u00fa getur byrja\u00f0 \u00e1 \u00fev\u00ed a\u00f0 l\u00e6ra algengustu og gagnlegustu til a\u00f0 auka or\u00f0afor\u00f0a \u00feinn.<\/p>\n\n\n\n<h3 class=\"wp-block-heading\" id=\"h-4-articles\">4. Greinar:<\/h3>\n\n\n\n<p>K\u00ednverska hefur ekki greinar eins og \u201ea\u201c e\u00f0a \u201ethe\u201c \u00e1 ensku. Hins vegar eru m\u00e6lior\u00f0 sem fylgja nafnor\u00f0um til a\u00f0 gefa til kynna magn. \u00deessi m\u00e6lior\u00f0 eru nau\u00f0synleg \u00feegar r\u00e6tt er um upph\u00e6\u00f0ir e\u00f0a fj\u00f6lda tiltekinna li\u00f0a.<\/p>\n\n\n\n<h3 class=\"wp-block-heading\" id=\"h-5-pronouns\">5. Forn\u00f6fn:<\/h3>\n\n\n\n<p>Forn\u00f6fn eru notu\u00f0 til a\u00f0 koma \u00ed sta\u00f0 nafnor\u00f0a \u00ed setningu og eru mikilv\u00e6g til a\u00f0 for\u00f0ast endurtekningu. \u00c1 k\u00ednversku breytast forn\u00f6fn eftir hlutverki \u00feeirra innan setningar, svo sem efni, hlut e\u00f0a eignarfalli. L\u00e6r\u00f0u hin \u00fdmsu forn\u00f6fn og r\u00e9tta notkun \u00feeirra til a\u00f0 b\u00e6ta setningager\u00f0 \u00fe\u00edna.<\/p>\n\n\n\n<h3 class=\"wp-block-heading\" id=\"h-6-adjectives\">6. L\u00fdsingaror\u00f0:<\/h3>\n\n\n\n<p>L\u00fdsingaror\u00f0 eru notu\u00f0 til a\u00f0 l\u00fdsa e\u00f0a breyta nafnor\u00f0um og \u00feau gegna mikilv\u00e6gu hlutverki vi\u00f0 a\u00f0 <a href=\"https:\/\/talkpal.ai\/locations\/language-courses-in-gera\/\">gera<\/a> setningarnar \u00fe\u00ednar svipmeiri og gr\u00edpandi. L\u00e6r\u00f0u algengustu l\u00fdsingaror\u00f0in og sta\u00f0setningu \u00feeirra \u00ed tengslum vi\u00f0 nafnor\u00f0i\u00f0 innan setningar.<\/p>\n\n\n\n<h3 class=\"wp-block-heading\" id=\"h-7-adverbs\">7. Atviksor\u00f0:<\/h3>\n\n\n\n<p>Atviksor\u00f0 eru nau\u00f0synleg til a\u00f0 veita frekari uppl\u00fdsingar um sagnir, l\u00fdsingaror\u00f0 e\u00f0a \u00f6nnur atviksor\u00f0. \u00deeir geta l\u00fdst \u00fev\u00ed hvernig, hven\u00e6r e\u00f0a hvar a\u00f0ger\u00f0 \u00e1 s\u00e9r sta\u00f0. Kynntu \u00fe\u00e9r algeng atviksor\u00f0 og notkun \u00feeirra til a\u00f0 auka l\u00fdsandi h\u00e6fileika \u00fe\u00edna.<\/p>\n\n\n\n<h3 class=\"wp-block-heading\" id=\"h-8-prepositions\">8. Forsetningar:<\/h3>\n\n\n\n<p>Forsetningar eru nota\u00f0ar til a\u00f0 gefa til kynna <a href=\"https:\/\/talkpal.ai\/contact\/\">samband<\/a> nafnor\u00f0a e\u00f0a fornafna innan setningar. \u00deeir tj\u00e1 oft sta\u00f0bundin e\u00f0a t\u00edmaleg tengsl, svo sem \u201e\u00ed\u201c, \u201e\u00e1\u201c e\u00f0a \u201e\u00e1\u201c. A\u00f0 l\u00e6ra algengustu forsetningarnar og r\u00e9tta notkun \u00feeirra mun b\u00e6ta setningager\u00f0 \u00fe\u00edna til muna.<\/p>\n\n\n\n<h3 class=\"wp-block-heading\" id=\"h-9-sentence-structure\">9. Setningaskipan:<\/h3>\n\n\n\n<p>A\u00f0 lokum er skilningur \u00e1 k\u00ednverskri setningager\u00f0 lykillinn a\u00f0 \u00fev\u00ed a\u00f0 mynda samfelldar og m\u00e1lfr\u00e6\u00f0ilega r\u00e9ttar setningar. K\u00ednverska fylgir subject-verb-object (SVO) uppbyggingu, svipa\u00f0 og enska. Hins vegar er munur \u00e1 or\u00f0ar\u00f6\u00f0 og sta\u00f0setningu \u00fdmissa m\u00e1lfr\u00e6\u00f0ilegra \u00fe\u00e1tta. L\u00e6r\u00f0u grunn setningamynstur og \u00e6f\u00f0u \u00feig \u00ed a\u00f0 sm\u00ed\u00f0a setningar me\u00f0 \u00feeim \u00fe\u00e1ttum sem \u00fe\u00fa hefur l\u00e6rt, svo sem t\u00ed\u00f0um, s\u00f6gnum, nafnor\u00f0um, forn\u00f6fnum, l\u00fdsingaror\u00f0um, atviksor\u00f0um og forsetningum.<\/p>\n\n\n\n<p>Me\u00f0 \u00fev\u00ed a\u00f0 fylgja \u00feessari r\u00f6\u00f0 og einbeita \u00fe\u00e9r a\u00f0 hverju efni muntu \u00fer\u00f3a sterkan grunn \u00ed k\u00ednverskri m\u00e1lfr\u00e6\u00f0i og vera \u00e1 g\u00f3\u00f0ri lei\u00f0 me\u00f0 a\u00f0 n\u00e1 reiprennandi tungum\u00e1linu.<\/p>\n<\/div><\/div>\n\r\n<section class=\"learnNavigationSection\">\r\n            \r\n        <a href=\"https:\/\/talkpal.ai\/is\/laerdu-kinversku\/\">\r\n            <div class=\"learnNavigationWrapper\">\r\n                <div class=\"learnNavigationContent\">\r\n                    <img decoding=\"async\" src=\"https:\/\/talkpal.ai\/wp-content\/uploads\/2024\/08\/Chinese.jpg\" alt=\"Chinese Flag\u00a0\">\r\n                    <div>\r\n                        <h4>Um k\u00ednverskun\u00e1m<\/h4>\r\n                        <p>Finndu \u00fat allt um k\u00ednverska m\u00e1lfr\u00e6\u00f0i.<\/p>\r\n                    <\/div>\r\n                <\/div>\r\n            <\/div>\r\n        <\/a>\r\n\r\n        \r\n        <a href=\"https:\/\/talkpal.ai\/is\/kinversk-malfraedi\/\">\r\n            <div class=\"learnNavigationWrapper\">\r\n                <div class=\"learnNavigationContent\">\r\n                    <img decoding=\"async\" src=\"https:\/\/talkpal.ai\/wp-content\/uploads\/2024\/08\/Chinese.jpg\" alt=\"Chinese Flag\u00a0\">\r\n                    <div>\r\n                        <h4>K\u00ednverska m\u00e1lfr\u00e6\u00f0i kennslustundir<\/h4>\r\n                        <p>\u00c6f\u00f0u \u00feig \u00ed k\u00ednverskri m\u00e1lfr\u00e6\u00f0i.<\/p>\r\n                    <\/div>\r\n                <\/div>\r\n            <\/div>\r\n        <\/a>\r\n\r\n        \r\n        <a href=\"https:\/\/talkpal.ai\/vocabulary_language\/chinese\/\">\r\n            <div class=\"learnNavigationWrapper\">\r\n                <div class=\"learnNavigationContent\">\r\n                    <img decoding=\"async\" src=\"https:\/\/talkpal.ai\/wp-content\/uploads\/2024\/08\/Chinese.jpg\" alt=\"Chinese Flag\u00a0\">\r\n                    <div>\r\n                        <h4>K\u00ednverskur or\u00f0afor\u00f0i<\/h4>\r\n                        <p>St\u00e6kka\u00f0u k\u00ednverska or\u00f0afor\u00f0a \u00feinn.<\/p>\r\n                    <\/div>\r\n                <\/div>\r\n            <\/div>\r\n        <\/a>\r\n\r\n            <\/section>","protected":false},"excerpt":{"rendered":"<p>K\u00ednversk m\u00e1lfr\u00e6\u00f0i efni K\u00ednversk m\u00e1lfr\u00e6\u00f0i kann a\u00f0 vir\u00f0ast \u00f3gnvekjandi \u00ed fyrstu, en h\u00fan er nau\u00f0synleg til a\u00f0 n\u00e1 t\u00f6kum \u00e1 tungum\u00e1linu. Me\u00f0 s\u00ednu einstaka stafakerfi og t\u00f3nfr\u00e6\u00f0ilegu e\u00f0li fylgir k\u00ednversk m\u00e1lfr\u00e6\u00f0i \u00f6\u00f0rum reglum en tungum\u00e1l eins og enska. A\u00f0 l\u00e6ra \u00feessar reglur \u00ed r\u00e9ttri r\u00f6\u00f0 mun hj\u00e1lpa \u00fe\u00e9r a\u00f0 n\u00e1 betri \u00e1rangri \u00ed tungum\u00e1lan\u00e1mi \u00fe\u00ednu. [&hellip;]<\/p>\n","protected":false},"author":6,"featured_media":106082,"parent":0,"menu_order":0,"comment_status":"closed","ping_status":"closed","template":"LearningContentPage.php","meta":{"_acf_changed":false,"footnotes":""},"class_list":["post-132882","page","type-page","status-publish","has-post-thumbnail","hentry"],"acf":[],"yoast_head":"<!-- This site is optimized with the Yoast SEO Premium plugin v27.2 (Yoast SEO v27.2) - https:\/\/yoast.com\/product\/yoast-seo-premium-wordpress\/ -->\n<title>K\u00ednverska M\u00e1lfr\u00e6\u00f0i \u00c6fingar - Talkpal<\/title>\n<meta name=\"description\" content=\"N\u00e1\u00f0u g\u00f3\u00f0um t\u00f6kum \u00e1 k\u00ednverskri m\u00e1lfr\u00e6\u00f0i me\u00f0 \u00edtarlegri handb\u00f3k okkar sem fjallar um t\u00ed\u00f0ir, sagnir og fleira til a\u00f0 b\u00e6ta tungum\u00e1lakunn\u00e1ttu \u00fe\u00edna.\" \/>\n<meta name=\"robots\" content=\"index, follow, max-snippet:-1, max-image-preview:large, max-video-preview:-1\" \/>\n<link rel=\"canonical\" href=\"https:\/\/talkpal.ai\/is\/kinverska-malfraedi-aefingar\/\" \/>\n<meta property=\"og:locale\" content=\"is_IS\" \/>\n<meta property=\"og:type\" content=\"article\" \/>\n<meta property=\"og:title\" content=\"K\u00ednverska M\u00e1lfr\u00e6\u00f0i \u00c6fingar\" \/>\n<meta property=\"og:description\" content=\"K\u00ednversk m\u00e1lfr\u00e6\u00f0i efni K\u00ednversk m\u00e1lfr\u00e6\u00f0i kann a\u00f0 vir\u00f0ast \u00f3gnvekjandi \u00ed fyrstu, en h\u00fan er nau\u00f0synleg til a\u00f0 n\u00e1 t\u00f6kum \u00e1 tungum\u00e1linu. Me\u00f0 s\u00ednu einstaka\" \/>\n<meta property=\"og:url\" content=\"https:\/\/talkpal.ai\/is\/kinverska-malfraedi-aefingar\/\" \/>\n<meta property=\"og:site_name\" content=\"Talkpal\" \/>\n<meta property=\"article:publisher\" content=\"https:\/\/www.facebook.com\/profile.php?id=100090733639311\" \/>\n<meta property=\"article:modified_time\" content=\"2025-05-22T21:25:13+00:00\" \/>\n<meta property=\"og:image\" content=\"https:\/\/talkpal.ai\/wp-content\/uploads\/2023\/04\/china.png\" \/>\n\t<meta property=\"og:image:width\" content=\"512\" \/>\n\t<meta property=\"og:image:height\" content=\"512\" \/>\n\t<meta property=\"og:image:type\" content=\"image\/png\" \/>\n<meta name=\"twitter:card\" content=\"summary_large_image\" \/>\n<meta name=\"twitter:site\" content=\"@talkpalai\" \/>\n<meta name=\"twitter:label1\" content=\"Est. reading time\" \/>\n\t<meta name=\"twitter:data1\" content=\"3 minutes\" \/>\n<script type=\"application\/ld+json\" class=\"yoast-schema-graph\">{\"@context\":\"https:\/\/schema.org\",\"@graph\":[{\"@type\":\"WebPage\",\"@id\":\"https:\/\/talkpal.ai\/is\/kinverska-malfraedi-aefingar\/\",\"url\":\"https:\/\/talkpal.ai\/is\/kinverska-malfraedi-aefingar\/\",\"name\":\"K\u00ednverska M\u00e1lfr\u00e6\u00f0i \u00c6fingar - Talkpal\",\"isPartOf\":{\"@id\":\"https:\/\/talkpal.ai\/is\/#website\"},\"primaryImageOfPage\":{\"@id\":\"https:\/\/talkpal.ai\/is\/kinverska-malfraedi-aefingar\/#primaryimage\"},\"image\":{\"@id\":\"https:\/\/talkpal.ai\/is\/kinverska-malfraedi-aefingar\/#primaryimage\"},\"thumbnailUrl\":\"https:\/\/talkpal.ai\/wp-content\/uploads\/2023\/04\/china.png\",\"datePublished\":\"2023-06-16T09:39:29+00:00\",\"dateModified\":\"2025-05-22T21:25:13+00:00\",\"description\":\"N\u00e1\u00f0u g\u00f3\u00f0um t\u00f6kum \u00e1 k\u00ednverskri m\u00e1lfr\u00e6\u00f0i me\u00f0 \u00edtarlegri handb\u00f3k okkar sem fjallar um t\u00ed\u00f0ir, sagnir og fleira til a\u00f0 b\u00e6ta tungum\u00e1lakunn\u00e1ttu \u00fe\u00edna.\",\"breadcrumb\":{\"@id\":\"https:\/\/talkpal.ai\/is\/kinverska-malfraedi-aefingar\/#breadcrumb\"},\"inLanguage\":\"is\",\"potentialAction\":[{\"@type\":\"ReadAction\",\"target\":[\"https:\/\/talkpal.ai\/is\/kinverska-malfraedi-aefingar\/\"]}]},{\"@type\":\"ImageObject\",\"inLanguage\":\"is\",\"@id\":\"https:\/\/talkpal.ai\/is\/kinverska-malfraedi-aefingar\/#primaryimage\",\"url\":\"https:\/\/talkpal.ai\/wp-content\/uploads\/2023\/04\/china.png\",\"contentUrl\":\"https:\/\/talkpal.ai\/wp-content\/uploads\/2023\/04\/china.png\",\"width\":512,\"height\":512},{\"@type\":\"BreadcrumbList\",\"@id\":\"https:\/\/talkpal.ai\/is\/kinverska-malfraedi-aefingar\/#breadcrumb\",\"itemListElement\":[{\"@type\":\"ListItem\",\"position\":1,\"name\":\"Homepage\",\"item\":\"https:\/\/talkpal.ai\/is\/\"},{\"@type\":\"ListItem\",\"position\":2,\"name\":\"K\u00ednverska M\u00e1lfr\u00e6\u00f0i \u00c6fingar\"}]},{\"@type\":\"WebSite\",\"@id\":\"https:\/\/talkpal.ai\/is\/#website\",\"url\":\"https:\/\/talkpal.ai\/is\/\",\"name\":\"Talkpal\",\"description\":\"AI Language Learning\",\"publisher\":{\"@id\":\"https:\/\/talkpal.ai\/is\/#organization\"},\"alternateName\":\"Talkpal AI\",\"potentialAction\":[{\"@type\":\"SearchAction\",\"target\":{\"@type\":\"EntryPoint\",\"urlTemplate\":\"https:\/\/talkpal.ai\/is\/?s={search_term_string}\"},\"query-input\":{\"@type\":\"PropertyValueSpecification\",\"valueRequired\":true,\"valueName\":\"search_term_string\"}}],\"inLanguage\":\"is\"},{\"@type\":\"Organization\",\"@id\":\"https:\/\/talkpal.ai\/is\/#organization\",\"name\":\"Talkpal, Inc.\",\"alternateName\":\"Talkpal AI\",\"url\":\"https:\/\/talkpal.ai\/is\/\",\"logo\":{\"@type\":\"ImageObject\",\"inLanguage\":\"is\",\"@id\":\"https:\/\/talkpal.ai\/is\/#\/schema\/logo\/image\/\",\"url\":\"https:\/\/talkpal.ai\/wp-content\/uploads\/2024\/03\/Talkpal-Logo-Icon.png\",\"contentUrl\":\"https:\/\/talkpal.ai\/wp-content\/uploads\/2024\/03\/Talkpal-Logo-Icon.png\",\"width\":2880,\"height\":2880,\"caption\":\"Talkpal, Inc.\"},\"image\":{\"@id\":\"https:\/\/talkpal.ai\/is\/#\/schema\/logo\/image\/\"},\"sameAs\":[\"https:\/\/www.facebook.com\/profile.php?id=100090733639311\",\"https:\/\/x.com\/talkpalai\",\"https:\/\/www.linkedin.com\/company\/talkpal\/\",\"https:\/\/www.youtube.com\/@TalkPal\/\",\"https:\/\/www.tiktok.com\/@talkpal\",\"https:\/\/www.instagram.com\/talkpal_ai\/\",\"https:\/\/www.crunchbase.com\/organization\/talkpal-9cde\",\"https:\/\/www.g2.com\/products\/talkpal-for-business\/\",\"https:\/\/www.trustpilot.com\/review\/talkpal.ai\",\"https:\/\/www.capterra.com\/p\/10006800\/TalkPal\/\"],\"description\":\"Talkpal is a language learning web and mobile education app, powered by the latest AI technologies, that provides engaging experiences to its customers in many different languages to help them improve their language skills. Users can chat about unlimited amount of topics with the app and use other modes to practice their language learning.\",\"email\":\"support@talkpal.ai\",\"legalName\":\"Talkpal, Inc.\",\"foundingDate\":\"2023-04-03\",\"duns\":\"118989042\",\"numberOfEmployees\":{\"@type\":\"QuantitativeValue\",\"minValue\":\"11\",\"maxValue\":\"50\"},\"publishingPrinciples\":\"https:\/\/talkpal.ai\/publishing-principles\/\",\"actionableFeedbackPolicy\":\"https:\/\/talkpal.ai\/actionable-feedback-policy\/\",\"correctionsPolicy\":\"https:\/\/talkpal.ai\/corrections-policy\/\",\"ethicsPolicy\":\"https:\/\/talkpal.ai\/ethics-policy\/\",\"diversityPolicy\":\"https:\/\/talkpal.ai\/diversity-policy\/\",\"diversityStaffingReport\":\"https:\/\/talkpal.ai\/diversity-policy\/\"}]}<\/script>\n<!-- \/ Yoast SEO Premium plugin. -->","yoast_head_json":{"title":"K\u00ednverska M\u00e1lfr\u00e6\u00f0i \u00c6fingar - Talkpal","description":"N\u00e1\u00f0u g\u00f3\u00f0um t\u00f6kum \u00e1 k\u00ednverskri m\u00e1lfr\u00e6\u00f0i me\u00f0 \u00edtarlegri handb\u00f3k okkar sem fjallar um t\u00ed\u00f0ir, sagnir og fleira til a\u00f0 b\u00e6ta tungum\u00e1lakunn\u00e1ttu \u00fe\u00edna.","robots":{"index":"index","follow":"follow","max-snippet":"max-snippet:-1","max-image-preview":"max-image-preview:large","max-video-preview":"max-video-preview:-1"},"canonical":"https:\/\/talkpal.ai\/is\/kinverska-malfraedi-aefingar\/","og_locale":"is_IS","og_type":"article","og_title":"K\u00ednverska M\u00e1lfr\u00e6\u00f0i \u00c6fingar","og_description":"K\u00ednversk m\u00e1lfr\u00e6\u00f0i efni K\u00ednversk m\u00e1lfr\u00e6\u00f0i kann a\u00f0 vir\u00f0ast \u00f3gnvekjandi \u00ed fyrstu, en h\u00fan er nau\u00f0synleg til a\u00f0 n\u00e1 t\u00f6kum \u00e1 tungum\u00e1linu. Me\u00f0 s\u00ednu einstaka","og_url":"https:\/\/talkpal.ai\/is\/kinverska-malfraedi-aefingar\/","og_site_name":"Talkpal","article_publisher":"https:\/\/www.facebook.com\/profile.php?id=100090733639311","article_modified_time":"2025-05-22T21:25:13+00:00","og_image":[{"width":512,"height":512,"url":"https:\/\/talkpal.ai\/wp-content\/uploads\/2023\/04\/china.png","type":"image\/png"}],"twitter_card":"summary_large_image","twitter_site":"@talkpalai","twitter_misc":{"Est. reading time":"3 minutes"},"schema":{"@context":"https:\/\/schema.org","@graph":[{"@type":"WebPage","@id":"https:\/\/talkpal.ai\/is\/kinverska-malfraedi-aefingar\/","url":"https:\/\/talkpal.ai\/is\/kinverska-malfraedi-aefingar\/","name":"K\u00ednverska M\u00e1lfr\u00e6\u00f0i \u00c6fingar - Talkpal","isPartOf":{"@id":"https:\/\/talkpal.ai\/is\/#website"},"primaryImageOfPage":{"@id":"https:\/\/talkpal.ai\/is\/kinverska-malfraedi-aefingar\/#primaryimage"},"image":{"@id":"https:\/\/talkpal.ai\/is\/kinverska-malfraedi-aefingar\/#primaryimage"},"thumbnailUrl":"https:\/\/talkpal.ai\/wp-content\/uploads\/2023\/04\/china.png","datePublished":"2023-06-16T09:39:29+00:00","dateModified":"2025-05-22T21:25:13+00:00","description":"N\u00e1\u00f0u g\u00f3\u00f0um t\u00f6kum \u00e1 k\u00ednverskri m\u00e1lfr\u00e6\u00f0i me\u00f0 \u00edtarlegri handb\u00f3k okkar sem fjallar um t\u00ed\u00f0ir, sagnir og fleira til a\u00f0 b\u00e6ta tungum\u00e1lakunn\u00e1ttu \u00fe\u00edna.","breadcrumb":{"@id":"https:\/\/talkpal.ai\/is\/kinverska-malfraedi-aefingar\/#breadcrumb"},"inLanguage":"is","potentialAction":[{"@type":"ReadAction","target":["https:\/\/talkpal.ai\/is\/kinverska-malfraedi-aefingar\/"]}]},{"@type":"ImageObject","inLanguage":"is","@id":"https:\/\/talkpal.ai\/is\/kinverska-malfraedi-aefingar\/#primaryimage","url":"https:\/\/talkpal.ai\/wp-content\/uploads\/2023\/04\/china.png","contentUrl":"https:\/\/talkpal.ai\/wp-content\/uploads\/2023\/04\/china.png","width":512,"height":512},{"@type":"BreadcrumbList","@id":"https:\/\/talkpal.ai\/is\/kinverska-malfraedi-aefingar\/#breadcrumb","itemListElement":[{"@type":"ListItem","position":1,"name":"Homepage","item":"https:\/\/talkpal.ai\/is\/"},{"@type":"ListItem","position":2,"name":"K\u00ednverska M\u00e1lfr\u00e6\u00f0i \u00c6fingar"}]},{"@type":"WebSite","@id":"https:\/\/talkpal.ai\/is\/#website","url":"https:\/\/talkpal.ai\/is\/","name":"Talkpal","description":"AI Language Learning","publisher":{"@id":"https:\/\/talkpal.ai\/is\/#organization"},"alternateName":"Talkpal AI","potentialAction":[{"@type":"SearchAction","target":{"@type":"EntryPoint","urlTemplate":"https:\/\/talkpal.ai\/is\/?s={search_term_string}"},"query-input":{"@type":"PropertyValueSpecification","valueRequired":true,"valueName":"search_term_string"}}],"inLanguage":"is"},{"@type":"Organization","@id":"https:\/\/talkpal.ai\/is\/#organization","name":"Talkpal, Inc.","alternateName":"Talkpal AI","url":"https:\/\/talkpal.ai\/is\/","logo":{"@type":"ImageObject","inLanguage":"is","@id":"https:\/\/talkpal.ai\/is\/#\/schema\/logo\/image\/","url":"https:\/\/talkpal.ai\/wp-content\/uploads\/2024\/03\/Talkpal-Logo-Icon.png","contentUrl":"https:\/\/talkpal.ai\/wp-content\/uploads\/2024\/03\/Talkpal-Logo-Icon.png","width":2880,"height":2880,"caption":"Talkpal, Inc."},"image":{"@id":"https:\/\/talkpal.ai\/is\/#\/schema\/logo\/image\/"},"sameAs":["https:\/\/www.facebook.com\/profile.php?id=100090733639311","https:\/\/x.com\/talkpalai","https:\/\/www.linkedin.com\/company\/talkpal\/","https:\/\/www.youtube.com\/@TalkPal\/","https:\/\/www.tiktok.com\/@talkpal","https:\/\/www.instagram.com\/talkpal_ai\/","https:\/\/www.crunchbase.com\/organization\/talkpal-9cde","https:\/\/www.g2.com\/products\/talkpal-for-business\/","https:\/\/www.trustpilot.com\/review\/talkpal.ai","https:\/\/www.capterra.com\/p\/10006800\/TalkPal\/"],"description":"Talkpal is a language learning web and mobile education app, powered by the latest AI technologies, that provides engaging experiences to its customers in many different languages to help them improve their language skills. Users can chat about unlimited amount of topics with the app and use other modes to practice their language learning.","email":"support@talkpal.ai","legalName":"Talkpal, Inc.","foundingDate":"2023-04-03","duns":"118989042","numberOfEmployees":{"@type":"QuantitativeValue","minValue":"11","maxValue":"50"},"publishingPrinciples":"https:\/\/talkpal.ai\/publishing-principles\/","actionableFeedbackPolicy":"https:\/\/talkpal.ai\/actionable-feedback-policy\/","correctionsPolicy":"https:\/\/talkpal.ai\/corrections-policy\/","ethicsPolicy":"https:\/\/talkpal.ai\/ethics-policy\/","diversityPolicy":"https:\/\/talkpal.ai\/diversity-policy\/","diversityStaffingReport":"https:\/\/talkpal.ai\/diversity-policy\/"}]}},"_links":{"self":[{"href":"https:\/\/talkpal.ai\/is\/wp-json\/wp\/v2\/pages\/132882","targetHints":{"allow":["GET"]}}],"collection":[{"href":"https:\/\/talkpal.ai\/is\/wp-json\/wp\/v2\/pages"}],"about":[{"href":"https:\/\/talkpal.ai\/is\/wp-json\/wp\/v2\/types\/page"}],"author":[{"embeddable":true,"href":"https:\/\/talkpal.ai\/is\/wp-json\/wp\/v2\/users\/6"}],"replies":[{"embeddable":true,"href":"https:\/\/talkpal.ai\/is\/wp-json\/wp\/v2\/comments?post=132882"}],"version-history":[{"count":0,"href":"https:\/\/talkpal.ai\/is\/wp-json\/wp\/v2\/pages\/132882\/revisions"}],"wp:featuredmedia":[{"embeddable":true,"href":"https:\/\/talkpal.ai\/is\/wp-json\/wp\/v2\/media\/106082"}],"wp:attachment":[{"href":"https:\/\/talkpal.ai\/is\/wp-json\/wp\/v2\/media?parent=132882"}],"curies":[{"name":"wp","href":"https:\/\/api.w.org\/{rel}","templated":true}]}}