{"id":132550,"date":"2023-06-16T09:31:38","date_gmt":"2023-06-16T09:31:38","guid":{"rendered":"http:\/\/talkpal.ai\/arabiskar-malfraediaefingar\/"},"modified":"2025-05-22T20:16:26","modified_gmt":"2025-05-22T20:16:26","slug":"arabiskar-malfraediaefingar","status":"publish","type":"page","link":"https:\/\/talkpal.ai\/is\/arabiskar-malfraediaefingar\/","title":{"rendered":"Arab\u00edskar m\u00e1lfr\u00e6\u00f0i\u00e6fingar"},"content":{"rendered":"\r\n\r\n\r\n<section class=\"languageChallengeSection\">\r\n    <div class=\"languageInfoWrapper\">\r\n        \r\n        <h1>Arab\u00edskar m\u00e1lfr\u00e6\u00f0i\u00e6fingar<\/h1>\r\n        <p>Tilb\u00fainn\/n a\u00f0 b\u00e6ta arab\u00edskukunn\u00e1ttu \u00fe\u00edna? A\u00f0 \u00e6fa m\u00e1lfr\u00e6\u00f0i\u00e6fingar er nau\u00f0synlegt til a\u00f0 n\u00e1 t\u00f6kum \u00e1 setningager\u00f0, sagnor\u00f0um og einst\u00f6kum mynstrum arab\u00edsku tungum\u00e1lsins. Einbeittu \u00fe\u00e9r a\u00f0 \u00feessum \u00e6fingum til a\u00f0 auka sj\u00e1lfstraust \u00feitt, st\u00e6kka or\u00f0afor\u00f0a \u00feinn og gera \u00fea\u00f0 mun au\u00f0veldara a\u00f0 tj\u00e1 sig \u00e1 arab\u00edsku. Byrja\u00f0u a\u00f0 \u00e6fa \u00feig \u00ed dag og sj\u00e1\u00f0u tungum\u00e1lakunn\u00e1ttu \u00fe\u00edna vaxa!<\/p>\r\n\r\n                            <a class=\"getStartedHidden\" href=\"https:\/\/app.talkpal.ai\/signup?lng=\">Byrja\u00f0u<\/a>\r\n        \r\n    <\/div>\r\n\r\n    <figure>\r\n    <img decoding=\"async\" width=\"768\" height=\"768\" src=\"https:\/\/talkpal.ai\/wp-content\/uploads\/2023\/06\/arabic-768x768.png\" class=\"languageImage no-lazy\" alt=\"Language learning for linguistic diversity\" fetchpriority=\"high\" sizes=\"(max-width: 768px) 150px, 768px\" srcset=\"https:\/\/talkpal.ai\/wp-content\/uploads\/2023\/06\/arabic-768x768.png 768w, https:\/\/talkpal.ai\/wp-content\/uploads\/2023\/06\/arabic-300x300.png 300w\" \/>\r\n    \r\n\r\n    <\/figure>\r\n\r\n            <a class=\"getStartedVisible\" href=\"https:\/\/app.talkpal.ai\/signup?lng=\">Byrja\u00f0u<\/a>\r\n    \r\n<\/section>\r\n\r\n\r\n<!-- <section class=\"grammarSection\">\r\n    <div class=\"grammarLinks\">\r\n            <\/div>\r\n<\/section> -->\r\n\r\n\r\n\r\n\r\n<section class=\"promotionalBanner\">\r\n    <p class=\"promotionalText\">Skilvirkasta lei\u00f0in til a\u00f0 l\u00e6ra tungum\u00e1l<\/p>\r\n    <a class=\"promotionalLink\" href=\"https:\/\/app.talkpal.ai\/signup?lng=\">Pr\u00f3fa\u00f0u Talkpal \u00f3keypis<\/a>\r\n<\/section>\n<div class=\"wp-block-group pageContainerStyle\"><div class=\"wp-block-group__inner-container is-layout-constrained wp-block-group-is-layout-constrained\">\n<h2 class=\"wp-block-heading\" id=\"h-arabic-grammar-topics\">Arab\u00edsk m\u00e1lfr\u00e6\u00f0i efni<\/h2>\n\n\n\n<p>Arab\u00edska tungum\u00e1li\u00f0, me\u00f0 r\u00edka s\u00f6gu s\u00edna og menningarlega \u00fe\u00fd\u00f0ingu, er heillandi og gefandi vi\u00f0leitni fyrir tungum\u00e1lanemendur. Sem eitt af sex opinberum tungum\u00e1lum Sameinu\u00f0u \u00fej\u00f3\u00f0anna og tala\u00f0 af yfir 420 millj\u00f3num manna um allan heim, opnar arab\u00edskun\u00e1m t\u00e6kif\u00e6ri til al\u00fej\u00f3\u00f0legra samskipta og skilnings. Hins vegar a\u00f0 n\u00e1 t\u00f6kum \u00e1 tungum\u00e1linu krefst \u00edtarlegs skilnings \u00e1 einst\u00f6kum m\u00e1lfr\u00e6\u00f0ireglum \u00feess og uppbyggingu. \u00cd \u00feessari grein munum vi\u00f0 kanna nau\u00f0synleg arab\u00edsk m\u00e1lfr\u00e6\u00f0iefni sem hj\u00e1lpa \u00fe\u00e9r a\u00f0 byggja upp sterkan grunn \u00ed tungum\u00e1linu, allt fr\u00e1 grunnspennum og sagnbeygingum til fl\u00f3knari nafn- og munnlegrar setningager\u00f0ar.<\/p>\n\n\n\n<h3 class=\"wp-block-heading\" id=\"h-1-tenses-indicative\">1. Spennur lei\u00f0beinandi:<\/h3>\n\n\n\n<p>Lei\u00f0beinandi spenna er notu\u00f0 til a\u00f0 tj\u00e1 a\u00f0ger\u00f0ir e\u00f0a \u00e1stand \u00ed n\u00fat\u00ed\u00f0, fort\u00ed\u00f0 e\u00f0a framt\u00ed\u00f0. \u00c1 arab\u00edsku breytist s\u00f6gnin beyging \u00fat fr\u00e1 spennu. Byrja\u00f0u \u00e1 \u00fev\u00ed a\u00f0 l\u00e6ra grunnsamtengingar fyrir venjulegar sagnir og kynntu \u00fe\u00e9r mismunandi mynstur fyrir n\u00fat\u00ed\u00f0, fort\u00ed\u00f0 og framt\u00ed\u00f0.<\/p>\n\n\n\n<h3 class=\"wp-block-heading\" id=\"h-2-tenses-subjunctive\">2. Spenntur vi\u00f0tengingarh\u00e1ttur:<\/h3>\n\n\n\n<p>Vi\u00f0tengingarh\u00e1ttur er nota\u00f0ur til a\u00f0 tj\u00e1 \u00f3vissu, efa e\u00f0a l\u00f6ngun. \u00dea\u00f0 er mikilv\u00e6gt a\u00f0 l\u00e6ra s\u00e9rstakar sagnartengingar og hvernig \u00fe\u00e6r eru fr\u00e1brug\u00f0nar lei\u00f0beinandi t\u00edma. \u00deetta mun hj\u00e1lpa \u00fe\u00e9r a\u00f0 koma \u00e1 framf\u00e6ri bl\u00e6brig\u00f0ar\u00edkari hugsunum og tilfinningum \u00ed samskiptum \u00fe\u00ednum.<\/p>\n\n\n\n<h3 class=\"wp-block-heading\" id=\"h-3-tense-comparison\">3. Spenntur samanbur\u00f0ur:<\/h3>\n\n\n\n<p>\u00dea\u00f0 er mikilv\u00e6gt a\u00f0 skilja muninn \u00e1 lei\u00f0beinandi og vi\u00f0tengingarh\u00e6tti. Einbeittu \u00fe\u00e9r a\u00f0 \u00fev\u00ed hvernig sagnbeygingum er breytt og samhenginu \u00fear sem hver spenna er notu\u00f0.<\/p>\n\n\n\n<h3 class=\"wp-block-heading\" id=\"h-4-verbs\">4. Sagnir:<\/h3>\n\n\n\n<p>Arab\u00edskar sagnir eru flokka\u00f0ar \u00ed mismunandi form \u00fat fr\u00e1 r\u00f3tarb\u00f3kst\u00f6fum og mynstri. L\u00e6r\u00f0u t\u00edu grunnform sagna og beygingarreglur \u00feeirra, sem mun hj\u00e1lpa \u00fe\u00e9r a\u00f0 \u00feekkja og nota sagnir r\u00e9tt vi\u00f0 \u00fdmsar a\u00f0st\u00e6\u00f0ur.<\/p>\n\n\n\n<h3 class=\"wp-block-heading\" id=\"h-5-nouns\">5. Nafnor\u00f0:<\/h3>\n\n\n\n<p>Arab\u00edsk nafnor\u00f0 eru anna\u00f0 hvort karlkyns e\u00f0a kvenkyns og endingar \u00feeirra breytast eftir m\u00e1lfr\u00e6\u00f0ilegu hlutverki \u00feeirra \u00ed setningu. L\u00e6r\u00f0u mismunandi nafnor\u00f0amynstur og hvernig \u00feau ver\u00f0a fyrir \u00e1hrifum af fallmerkingum og \u00f6\u00f0rum m\u00e1lfr\u00e6\u00f0ilegum \u00fe\u00e1ttum.<\/p>\n\n\n\n<h3 class=\"wp-block-heading\" id=\"h-6-articles\">6. Greinar:<\/h3>\n\n\n\n<p>Arab\u00edska hefur \u00e1kve\u00f0na og \u00f3\u00e1kve\u00f0na greini, sem gegna mikilv\u00e6gu hlutverki vi\u00f0 a\u00f0 bera kennsl \u00e1 nafnor\u00f0. L\u00e6r\u00f0u reglur og notkun \u00e1 \u00e1kve\u00f0nu greininni \u201eal-\u201c og fjarveru \u00f3\u00e1kve\u00f0ins greinar \u00e1 arab\u00edsku.<\/p>\n\n\n\n<h3 class=\"wp-block-heading\" id=\"h-7-definite-and-indefinite-articles\">7. \u00c1kve\u00f0nar og \u00f3\u00e1kve\u00f0nar greinar:<\/h3>\n\n\n\n<p>Eins og fyrr segir er nau\u00f0synlegt a\u00f0 skilja notkun \u00e1kve\u00f0inna og \u00f3\u00e1kve\u00f0inna greina \u00e1 arab\u00edsku. \u00c6f\u00f0u \u00feig \u00ed a\u00f0 nota \u00feau \u00ed setningum me\u00f0 mismunandi nafnor\u00f0um til a\u00f0 styrkja t\u00f6k \u00fe\u00edn \u00e1 hugtakinu.<\/p>\n\n\n\n<h3 class=\"wp-block-heading\" id=\"h-8-pronouns\">8. Forn\u00f6fn:<\/h3>\n\n\n\n<p>Arab\u00edsk forn\u00f6fn eru sundurli\u00f0u\u00f0 \u00ed pers\u00f3nuleg, s\u00fdnileg og afst\u00e6\u00f0 forn\u00f6fn. L\u00e6r\u00f0u form \u00feeirra og notkun, svo og reglur um a\u00f0 tengja \u00feau vi\u00f0 sagnir, nafnor\u00f0 og forsetningar.<\/p>\n\n\n\n<h3 class=\"wp-block-heading\" id=\"h-9-adjectives\">9. L\u00fdsingaror\u00f0:<\/h3>\n\n\n\n<p>L\u00fdsingaror\u00f0 \u00e1 arab\u00edsku eru samm\u00e1la nafnor\u00f0unum sem \u00feau breyta \u00ed kyni og t\u00f6lu. L\u00e6r\u00f0u reglurnar um samkomulag l\u00fdsingaror\u00f0a og grunnmynstur l\u00fdsingaror\u00f0a.<\/p>\n\n\n\n<h3 class=\"wp-block-heading\" id=\"h-10-adverbs\">10. Atviksor\u00f0:<\/h3>\n\n\n\n<p>Kynntu \u00fe\u00e9r algeng arab\u00edsk atviksor\u00f0 og sta\u00f0setningu \u00feeirra \u00ed setningum. Skilningur \u00e1 virkni atviksor\u00f0a mun hj\u00e1lpa \u00fe\u00e9r a\u00f0 mi\u00f0la \u00edtarlegri uppl\u00fdsingum \u00ed samskiptum \u00fe\u00ednum.<\/p>\n\n\n\n<h3 class=\"wp-block-heading\" id=\"h-11-prepositions\">11. Forsetningar:<\/h3>\n\n\n\n<p>Arab\u00edskar forsetningar eru nau\u00f0synlegar til a\u00f0 tengja saman or\u00f0 og or\u00f0asamb\u00f6nd og tj\u00e1 tengsl \u00feeirra \u00e1 milli. L\u00e6r\u00f0u hinar \u00fdmsu forsetningar og notkun \u00feeirra \u00ed setningum.<\/p>\n\n\n\n<h3 class=\"wp-block-heading\" id=\"h-12-idaafa-genitive-construction\">12. Idaafa (Genitive Construction):<\/h3>\n\n\n\n<p>Idaafa byggingin er notu\u00f0 til a\u00f0 tj\u00e1 eignarfall e\u00f0a tengsl nafnor\u00f0a. L\u00e6r\u00f0u reglur og mynstur til a\u00f0 mynda Idaafa byggingar, sem eru \u00f3a\u00f0skiljanlegur hluti af arab\u00edskri <a href=\"https:\/\/talkpal.ai\/grammar\/\">m\u00e1lfr\u00e6\u00f0i<\/a>.<\/p>\n\n\n\n<h3 class=\"wp-block-heading\" id=\"h-13-sentence-structure\">13. Setningaskipan:<\/h3>\n\n\n\n<p>Arab\u00edskar setningar geta veri\u00f0 anna\u00f0 hvort nafnlausar e\u00f0a munnlegar. L\u00e6r\u00f0u grunnuppbyggingu beggja tegunda setninga og \u00e6f\u00f0u \u00feig \u00ed a\u00f0 mynda setningar me\u00f0 mismunandi hlutum.<\/p>\n\n\n\n<h3 class=\"wp-block-heading\" id=\"h-14-nominal-and-verbal-sentences\">14. Nafn- og munnlegar setningar:<\/h3>\n\n\n\n<p>Kafa\u00f0u d\u00fdpra \u00ed muninn \u00e1 nafn- og munnlegum setningum og l\u00e6r\u00f0u hvernig \u00e1 a\u00f0 nota \u00fe\u00e6r \u00e1 \u00e1hrifar\u00edkan h\u00e1tt \u00ed \u00fdmsu samhengi.<\/p>\n\n\n\n<h3 class=\"wp-block-heading\" id=\"h-15-subject-and-predicate-in-arabic\">15. Efni og forsp\u00e1 \u00e1 arab\u00edsku:<\/h3>\n\n\n\n<p>Skilningur \u00e1 hlutverkum vi\u00f0fangsefnisins og forsp\u00e1 \u00ed arab\u00edskum setningum er grundvallaratri\u00f0i fyrir \u00e1rangursr\u00edk samskipti. L\u00e6r\u00f0u reglurnar til a\u00f0 bera kennsl \u00e1 og nota vi\u00f0fangsefni og forsp\u00e1r \u00ed mismunandi setningager\u00f0um.<\/p>\n<\/div><\/div>\n\r\n<section class=\"learnNavigationSection\">\r\n            \r\n        <a href=\"https:\/\/talkpal.ai\/is\/laerdu-arabisku\/\">\r\n            <div class=\"learnNavigationWrapper\">\r\n                <div class=\"learnNavigationContent\">\r\n                    <img decoding=\"async\" src=\"https:\/\/talkpal.ai\/wp-content\/uploads\/2024\/08\/Arabic.jpg\" alt=\"Arabic Flag\">\r\n                    <div>\r\n                        <h4>Um arab\u00edsku n\u00e1m<\/h4>\r\n                        <p>Finndu \u00fat allt um arab\u00edska m\u00e1lfr\u00e6\u00f0i.<\/p>\r\n                    <\/div>\r\n                <\/div>\r\n            <\/div>\r\n        <\/a>\r\n\r\n        \r\n        <a href=\"https:\/\/talkpal.ai\/is\/arabisk-malfraedi\/\">\r\n            <div class=\"learnNavigationWrapper\">\r\n                <div class=\"learnNavigationContent\">\r\n                    <img decoding=\"async\" src=\"https:\/\/talkpal.ai\/wp-content\/uploads\/2024\/08\/Arabic.jpg\" alt=\"Arabic Flag\">\r\n                    <div>\r\n                        <h4>Arab\u00edsk m\u00e1lfr\u00e6\u00f0ikennsla<\/h4>\r\n                        <p>\u00c6f\u00f0u \u00feig \u00ed arab\u00edskri m\u00e1lfr\u00e6\u00f0i.<\/p>\r\n                    <\/div>\r\n                <\/div>\r\n            <\/div>\r\n        <\/a>\r\n\r\n        \r\n        <a href=\"https:\/\/talkpal.ai\/vocabulary_language\/arabic\/\">\r\n            <div class=\"learnNavigationWrapper\">\r\n                <div class=\"learnNavigationContent\">\r\n                    <img decoding=\"async\" src=\"https:\/\/talkpal.ai\/wp-content\/uploads\/2024\/08\/Arabic.jpg\" alt=\"Arabic Flag\">\r\n                    <div>\r\n                        <h4>Arab\u00edskur or\u00f0afor\u00f0i<\/h4>\r\n                        <p>St\u00e6kka\u00f0u arab\u00edska or\u00f0afor\u00f0a \u00feinn.<\/p>\r\n                    <\/div>\r\n                <\/div>\r\n            <\/div>\r\n        <\/a>\r\n\r\n            <\/section>","protected":false},"excerpt":{"rendered":"<p>Arab\u00edsk m\u00e1lfr\u00e6\u00f0i efni Arab\u00edska tungum\u00e1li\u00f0, me\u00f0 r\u00edka s\u00f6gu s\u00edna og menningarlega \u00fe\u00fd\u00f0ingu, er heillandi og gefandi vi\u00f0leitni fyrir tungum\u00e1lanemendur. Sem eitt af sex opinberum tungum\u00e1lum Sameinu\u00f0u \u00fej\u00f3\u00f0anna og tala\u00f0 af yfir 420 millj\u00f3num manna um allan heim, opnar arab\u00edskun\u00e1m t\u00e6kif\u00e6ri til al\u00fej\u00f3\u00f0legra samskipta og skilnings. Hins vegar a\u00f0 n\u00e1 t\u00f6kum \u00e1 tungum\u00e1linu krefst \u00edtarlegs skilnings [&hellip;]<\/p>\n","protected":false},"author":6,"featured_media":105874,"parent":0,"menu_order":0,"comment_status":"closed","ping_status":"closed","template":"LearningContentPage.php","meta":{"_acf_changed":false,"footnotes":""},"class_list":["post-132550","page","type-page","status-publish","has-post-thumbnail","hentry"],"acf":[],"yoast_head":"<!-- This site is optimized with the Yoast SEO Premium plugin v27.2 (Yoast SEO v27.2) - https:\/\/yoast.com\/product\/yoast-seo-premium-wordpress\/ -->\n<title>Arab\u00edskar m\u00e1lfr\u00e6\u00f0i\u00e6fingar - Talkpal<\/title>\n<meta name=\"description\" content=\"Auktu skilning \u00feinn me\u00f0 \u00e6fingum \u00ed arab\u00edskri m\u00e1lfr\u00e6\u00f0i sem fjalla um nau\u00f0synlegar reglur og uppbyggingu til a\u00f0 n\u00e1 t\u00f6kum \u00e1 tungum\u00e1linu.\" \/>\n<meta name=\"robots\" content=\"index, follow, max-snippet:-1, max-image-preview:large, max-video-preview:-1\" \/>\n<link rel=\"canonical\" href=\"https:\/\/talkpal.ai\/is\/arabiskar-malfraediaefingar\/\" \/>\n<meta property=\"og:locale\" content=\"is_IS\" \/>\n<meta property=\"og:type\" content=\"article\" \/>\n<meta property=\"og:title\" content=\"Arab\u00edskar m\u00e1lfr\u00e6\u00f0i\u00e6fingar\" \/>\n<meta property=\"og:description\" content=\"Arab\u00edsk m\u00e1lfr\u00e6\u00f0i efni Arab\u00edska tungum\u00e1li\u00f0, me\u00f0 r\u00edka s\u00f6gu s\u00edna og menningarlega \u00fe\u00fd\u00f0ingu, er heillandi og gefandi vi\u00f0leitni fyrir tungum\u00e1lanemendur. Sem\" \/>\n<meta property=\"og:url\" content=\"https:\/\/talkpal.ai\/is\/arabiskar-malfraediaefingar\/\" \/>\n<meta property=\"og:site_name\" content=\"Talkpal\" \/>\n<meta property=\"article:publisher\" content=\"https:\/\/www.facebook.com\/profile.php?id=100090733639311\" \/>\n<meta property=\"article:modified_time\" content=\"2025-05-22T20:16:26+00:00\" \/>\n<meta property=\"og:image\" content=\"https:\/\/talkpal.ai\/wp-content\/uploads\/2023\/04\/arabic-united-arab-emirates.png\" \/>\n\t<meta property=\"og:image:width\" content=\"512\" \/>\n\t<meta property=\"og:image:height\" content=\"512\" \/>\n\t<meta property=\"og:image:type\" content=\"image\/png\" \/>\n<meta name=\"twitter:card\" content=\"summary_large_image\" \/>\n<meta name=\"twitter:site\" content=\"@talkpalai\" \/>\n<meta name=\"twitter:label1\" content=\"Est. reading time\" \/>\n\t<meta name=\"twitter:data1\" content=\"3 minutes\" \/>\n<script type=\"application\/ld+json\" class=\"yoast-schema-graph\">{\"@context\":\"https:\/\/schema.org\",\"@graph\":[{\"@type\":\"WebPage\",\"@id\":\"https:\/\/talkpal.ai\/is\/arabiskar-malfraediaefingar\/\",\"url\":\"https:\/\/talkpal.ai\/is\/arabiskar-malfraediaefingar\/\",\"name\":\"Arab\u00edskar m\u00e1lfr\u00e6\u00f0i\u00e6fingar - Talkpal\",\"isPartOf\":{\"@id\":\"https:\/\/talkpal.ai\/is\/#website\"},\"primaryImageOfPage\":{\"@id\":\"https:\/\/talkpal.ai\/is\/arabiskar-malfraediaefingar\/#primaryimage\"},\"image\":{\"@id\":\"https:\/\/talkpal.ai\/is\/arabiskar-malfraediaefingar\/#primaryimage\"},\"thumbnailUrl\":\"https:\/\/talkpal.ai\/wp-content\/uploads\/2023\/04\/arabic-united-arab-emirates.png\",\"datePublished\":\"2023-06-16T09:31:38+00:00\",\"dateModified\":\"2025-05-22T20:16:26+00:00\",\"description\":\"Auktu skilning \u00feinn me\u00f0 \u00e6fingum \u00ed arab\u00edskri m\u00e1lfr\u00e6\u00f0i sem fjalla um nau\u00f0synlegar reglur og uppbyggingu til a\u00f0 n\u00e1 t\u00f6kum \u00e1 tungum\u00e1linu.\",\"breadcrumb\":{\"@id\":\"https:\/\/talkpal.ai\/is\/arabiskar-malfraediaefingar\/#breadcrumb\"},\"inLanguage\":\"is\",\"potentialAction\":[{\"@type\":\"ReadAction\",\"target\":[\"https:\/\/talkpal.ai\/is\/arabiskar-malfraediaefingar\/\"]}]},{\"@type\":\"ImageObject\",\"inLanguage\":\"is\",\"@id\":\"https:\/\/talkpal.ai\/is\/arabiskar-malfraediaefingar\/#primaryimage\",\"url\":\"https:\/\/talkpal.ai\/wp-content\/uploads\/2023\/04\/arabic-united-arab-emirates.png\",\"contentUrl\":\"https:\/\/talkpal.ai\/wp-content\/uploads\/2023\/04\/arabic-united-arab-emirates.png\",\"width\":512,\"height\":512},{\"@type\":\"BreadcrumbList\",\"@id\":\"https:\/\/talkpal.ai\/is\/arabiskar-malfraediaefingar\/#breadcrumb\",\"itemListElement\":[{\"@type\":\"ListItem\",\"position\":1,\"name\":\"Homepage\",\"item\":\"https:\/\/talkpal.ai\/is\/\"},{\"@type\":\"ListItem\",\"position\":2,\"name\":\"Arab\u00edskar m\u00e1lfr\u00e6\u00f0i\u00e6fingar\"}]},{\"@type\":\"WebSite\",\"@id\":\"https:\/\/talkpal.ai\/is\/#website\",\"url\":\"https:\/\/talkpal.ai\/is\/\",\"name\":\"Talkpal\",\"description\":\"AI Language Learning\",\"publisher\":{\"@id\":\"https:\/\/talkpal.ai\/is\/#organization\"},\"alternateName\":\"Talkpal AI\",\"potentialAction\":[{\"@type\":\"SearchAction\",\"target\":{\"@type\":\"EntryPoint\",\"urlTemplate\":\"https:\/\/talkpal.ai\/is\/?s={search_term_string}\"},\"query-input\":{\"@type\":\"PropertyValueSpecification\",\"valueRequired\":true,\"valueName\":\"search_term_string\"}}],\"inLanguage\":\"is\"},{\"@type\":\"Organization\",\"@id\":\"https:\/\/talkpal.ai\/is\/#organization\",\"name\":\"Talkpal, Inc.\",\"alternateName\":\"Talkpal AI\",\"url\":\"https:\/\/talkpal.ai\/is\/\",\"logo\":{\"@type\":\"ImageObject\",\"inLanguage\":\"is\",\"@id\":\"https:\/\/talkpal.ai\/is\/#\/schema\/logo\/image\/\",\"url\":\"https:\/\/talkpal.ai\/wp-content\/uploads\/2024\/03\/Talkpal-Logo-Icon.png\",\"contentUrl\":\"https:\/\/talkpal.ai\/wp-content\/uploads\/2024\/03\/Talkpal-Logo-Icon.png\",\"width\":2880,\"height\":2880,\"caption\":\"Talkpal, Inc.\"},\"image\":{\"@id\":\"https:\/\/talkpal.ai\/is\/#\/schema\/logo\/image\/\"},\"sameAs\":[\"https:\/\/www.facebook.com\/profile.php?id=100090733639311\",\"https:\/\/x.com\/talkpalai\",\"https:\/\/www.linkedin.com\/company\/talkpal\/\",\"https:\/\/www.youtube.com\/@TalkPal\/\",\"https:\/\/www.tiktok.com\/@talkpal\",\"https:\/\/www.instagram.com\/talkpal_ai\/\",\"https:\/\/www.crunchbase.com\/organization\/talkpal-9cde\",\"https:\/\/www.g2.com\/products\/talkpal-for-business\/\",\"https:\/\/www.trustpilot.com\/review\/talkpal.ai\",\"https:\/\/www.capterra.com\/p\/10006800\/TalkPal\/\"],\"description\":\"Talkpal is a language learning web and mobile education app, powered by the latest AI technologies, that provides engaging experiences to its customers in many different languages to help them improve their language skills. Users can chat about unlimited amount of topics with the app and use other modes to practice their language learning.\",\"email\":\"support@talkpal.ai\",\"legalName\":\"Talkpal, Inc.\",\"foundingDate\":\"2023-04-03\",\"duns\":\"118989042\",\"numberOfEmployees\":{\"@type\":\"QuantitativeValue\",\"minValue\":\"11\",\"maxValue\":\"50\"},\"publishingPrinciples\":\"https:\/\/talkpal.ai\/publishing-principles\/\",\"actionableFeedbackPolicy\":\"https:\/\/talkpal.ai\/actionable-feedback-policy\/\",\"correctionsPolicy\":\"https:\/\/talkpal.ai\/corrections-policy\/\",\"ethicsPolicy\":\"https:\/\/talkpal.ai\/ethics-policy\/\",\"diversityPolicy\":\"https:\/\/talkpal.ai\/diversity-policy\/\",\"diversityStaffingReport\":\"https:\/\/talkpal.ai\/diversity-policy\/\"}]}<\/script>\n<!-- \/ Yoast SEO Premium plugin. -->","yoast_head_json":{"title":"Arab\u00edskar m\u00e1lfr\u00e6\u00f0i\u00e6fingar - Talkpal","description":"Auktu skilning \u00feinn me\u00f0 \u00e6fingum \u00ed arab\u00edskri m\u00e1lfr\u00e6\u00f0i sem fjalla um nau\u00f0synlegar reglur og uppbyggingu til a\u00f0 n\u00e1 t\u00f6kum \u00e1 tungum\u00e1linu.","robots":{"index":"index","follow":"follow","max-snippet":"max-snippet:-1","max-image-preview":"max-image-preview:large","max-video-preview":"max-video-preview:-1"},"canonical":"https:\/\/talkpal.ai\/is\/arabiskar-malfraediaefingar\/","og_locale":"is_IS","og_type":"article","og_title":"Arab\u00edskar m\u00e1lfr\u00e6\u00f0i\u00e6fingar","og_description":"Arab\u00edsk m\u00e1lfr\u00e6\u00f0i efni Arab\u00edska tungum\u00e1li\u00f0, me\u00f0 r\u00edka s\u00f6gu s\u00edna og menningarlega \u00fe\u00fd\u00f0ingu, er heillandi og gefandi vi\u00f0leitni fyrir tungum\u00e1lanemendur. Sem","og_url":"https:\/\/talkpal.ai\/is\/arabiskar-malfraediaefingar\/","og_site_name":"Talkpal","article_publisher":"https:\/\/www.facebook.com\/profile.php?id=100090733639311","article_modified_time":"2025-05-22T20:16:26+00:00","og_image":[{"width":512,"height":512,"url":"https:\/\/talkpal.ai\/wp-content\/uploads\/2023\/04\/arabic-united-arab-emirates.png","type":"image\/png"}],"twitter_card":"summary_large_image","twitter_site":"@talkpalai","twitter_misc":{"Est. reading time":"3 minutes"},"schema":{"@context":"https:\/\/schema.org","@graph":[{"@type":"WebPage","@id":"https:\/\/talkpal.ai\/is\/arabiskar-malfraediaefingar\/","url":"https:\/\/talkpal.ai\/is\/arabiskar-malfraediaefingar\/","name":"Arab\u00edskar m\u00e1lfr\u00e6\u00f0i\u00e6fingar - Talkpal","isPartOf":{"@id":"https:\/\/talkpal.ai\/is\/#website"},"primaryImageOfPage":{"@id":"https:\/\/talkpal.ai\/is\/arabiskar-malfraediaefingar\/#primaryimage"},"image":{"@id":"https:\/\/talkpal.ai\/is\/arabiskar-malfraediaefingar\/#primaryimage"},"thumbnailUrl":"https:\/\/talkpal.ai\/wp-content\/uploads\/2023\/04\/arabic-united-arab-emirates.png","datePublished":"2023-06-16T09:31:38+00:00","dateModified":"2025-05-22T20:16:26+00:00","description":"Auktu skilning \u00feinn me\u00f0 \u00e6fingum \u00ed arab\u00edskri m\u00e1lfr\u00e6\u00f0i sem fjalla um nau\u00f0synlegar reglur og uppbyggingu til a\u00f0 n\u00e1 t\u00f6kum \u00e1 tungum\u00e1linu.","breadcrumb":{"@id":"https:\/\/talkpal.ai\/is\/arabiskar-malfraediaefingar\/#breadcrumb"},"inLanguage":"is","potentialAction":[{"@type":"ReadAction","target":["https:\/\/talkpal.ai\/is\/arabiskar-malfraediaefingar\/"]}]},{"@type":"ImageObject","inLanguage":"is","@id":"https:\/\/talkpal.ai\/is\/arabiskar-malfraediaefingar\/#primaryimage","url":"https:\/\/talkpal.ai\/wp-content\/uploads\/2023\/04\/arabic-united-arab-emirates.png","contentUrl":"https:\/\/talkpal.ai\/wp-content\/uploads\/2023\/04\/arabic-united-arab-emirates.png","width":512,"height":512},{"@type":"BreadcrumbList","@id":"https:\/\/talkpal.ai\/is\/arabiskar-malfraediaefingar\/#breadcrumb","itemListElement":[{"@type":"ListItem","position":1,"name":"Homepage","item":"https:\/\/talkpal.ai\/is\/"},{"@type":"ListItem","position":2,"name":"Arab\u00edskar m\u00e1lfr\u00e6\u00f0i\u00e6fingar"}]},{"@type":"WebSite","@id":"https:\/\/talkpal.ai\/is\/#website","url":"https:\/\/talkpal.ai\/is\/","name":"Talkpal","description":"AI Language Learning","publisher":{"@id":"https:\/\/talkpal.ai\/is\/#organization"},"alternateName":"Talkpal AI","potentialAction":[{"@type":"SearchAction","target":{"@type":"EntryPoint","urlTemplate":"https:\/\/talkpal.ai\/is\/?s={search_term_string}"},"query-input":{"@type":"PropertyValueSpecification","valueRequired":true,"valueName":"search_term_string"}}],"inLanguage":"is"},{"@type":"Organization","@id":"https:\/\/talkpal.ai\/is\/#organization","name":"Talkpal, Inc.","alternateName":"Talkpal AI","url":"https:\/\/talkpal.ai\/is\/","logo":{"@type":"ImageObject","inLanguage":"is","@id":"https:\/\/talkpal.ai\/is\/#\/schema\/logo\/image\/","url":"https:\/\/talkpal.ai\/wp-content\/uploads\/2024\/03\/Talkpal-Logo-Icon.png","contentUrl":"https:\/\/talkpal.ai\/wp-content\/uploads\/2024\/03\/Talkpal-Logo-Icon.png","width":2880,"height":2880,"caption":"Talkpal, Inc."},"image":{"@id":"https:\/\/talkpal.ai\/is\/#\/schema\/logo\/image\/"},"sameAs":["https:\/\/www.facebook.com\/profile.php?id=100090733639311","https:\/\/x.com\/talkpalai","https:\/\/www.linkedin.com\/company\/talkpal\/","https:\/\/www.youtube.com\/@TalkPal\/","https:\/\/www.tiktok.com\/@talkpal","https:\/\/www.instagram.com\/talkpal_ai\/","https:\/\/www.crunchbase.com\/organization\/talkpal-9cde","https:\/\/www.g2.com\/products\/talkpal-for-business\/","https:\/\/www.trustpilot.com\/review\/talkpal.ai","https:\/\/www.capterra.com\/p\/10006800\/TalkPal\/"],"description":"Talkpal is a language learning web and mobile education app, powered by the latest AI technologies, that provides engaging experiences to its customers in many different languages to help them improve their language skills. Users can chat about unlimited amount of topics with the app and use other modes to practice their language learning.","email":"support@talkpal.ai","legalName":"Talkpal, Inc.","foundingDate":"2023-04-03","duns":"118989042","numberOfEmployees":{"@type":"QuantitativeValue","minValue":"11","maxValue":"50"},"publishingPrinciples":"https:\/\/talkpal.ai\/publishing-principles\/","actionableFeedbackPolicy":"https:\/\/talkpal.ai\/actionable-feedback-policy\/","correctionsPolicy":"https:\/\/talkpal.ai\/corrections-policy\/","ethicsPolicy":"https:\/\/talkpal.ai\/ethics-policy\/","diversityPolicy":"https:\/\/talkpal.ai\/diversity-policy\/","diversityStaffingReport":"https:\/\/talkpal.ai\/diversity-policy\/"}]}},"_links":{"self":[{"href":"https:\/\/talkpal.ai\/is\/wp-json\/wp\/v2\/pages\/132550","targetHints":{"allow":["GET"]}}],"collection":[{"href":"https:\/\/talkpal.ai\/is\/wp-json\/wp\/v2\/pages"}],"about":[{"href":"https:\/\/talkpal.ai\/is\/wp-json\/wp\/v2\/types\/page"}],"author":[{"embeddable":true,"href":"https:\/\/talkpal.ai\/is\/wp-json\/wp\/v2\/users\/6"}],"replies":[{"embeddable":true,"href":"https:\/\/talkpal.ai\/is\/wp-json\/wp\/v2\/comments?post=132550"}],"version-history":[{"count":0,"href":"https:\/\/talkpal.ai\/is\/wp-json\/wp\/v2\/pages\/132550\/revisions"}],"wp:featuredmedia":[{"embeddable":true,"href":"https:\/\/talkpal.ai\/is\/wp-json\/wp\/v2\/media\/105874"}],"wp:attachment":[{"href":"https:\/\/talkpal.ai\/is\/wp-json\/wp\/v2\/media?parent=132550"}],"curies":[{"name":"wp","href":"https:\/\/api.w.org\/{rel}","templated":true}]}}