{"id":132327,"date":"2023-06-16T09:22:36","date_gmt":"2023-06-16T09:22:36","guid":{"rendered":"http:\/\/talkpal.ai\/italska-malfraedi-aefingar\/"},"modified":"2025-12-17T16:14:21","modified_gmt":"2025-12-17T16:14:21","slug":"italska-malfraedi-aefingar","status":"publish","type":"page","link":"https:\/\/talkpal.ai\/is\/italska-malfraedi-aefingar\/","title":{"rendered":"\u00cdtalska M\u00e1lfr\u00e6\u00f0i \u00c6fingar"},"content":{"rendered":"\r\n\r\n\r\n<section class=\"languageChallengeSection\">\r\n    <div class=\"languageInfoWrapper\">\r\n        \r\n        <h1>\u00cdtalska M\u00e1lfr\u00e6\u00f0i \u00c6fingar<\/h1>\r\n        <p>Tilb\u00fainn\/n a\u00f0 byggja upp sj\u00e1lfstraust \u00feitt \u00ed \u00edt\u00f6lsku? A\u00f0 \u00e6fa <a href=\"https:\/\/talkpal.ai\/grammar\/\">m\u00e1lfr\u00e6\u00f0i<\/a> er besta lei\u00f0in til a\u00f0 n\u00e1 t\u00f6kum \u00e1 setningager\u00f0, sagnbeygingum og einst\u00f6kum eiginleikum \u00edt\u00f6lsku tungum\u00e1lsins. Byrja\u00f0u a\u00f0 vinna \u00ed \u00edt\u00f6lsku m\u00e1lfr\u00e6\u00f0i \u00feinni \u00ed dag og sj\u00e1\u00f0u f\u00e6rni \u00fe\u00edna og fl\u00e6\u00f0i batna me\u00f0 hverju skrefi!\n\n<\/p>\r\n\r\n                            <a class=\"getStartedHidden\" href=\"https:\/\/app.talkpal.ai\/signup?lng=\">Byrja\u00f0u<\/a>\r\n        \r\n    <\/div>\r\n\r\n    <figure>\r\n    <img decoding=\"async\" width=\"768\" height=\"768\" src=\"https:\/\/talkpal.ai\/wp-content\/uploads\/2023\/06\/italian-768x768.png\" class=\"languageImage no-lazy\" alt=\"Language learning for increased memory capacity\" fetchpriority=\"high\" sizes=\"(max-width: 768px) 150px, 768px\" srcset=\"https:\/\/talkpal.ai\/wp-content\/uploads\/2023\/06\/italian-768x768.png 768w, https:\/\/talkpal.ai\/wp-content\/uploads\/2023\/06\/italian-300x300.png 300w\" \/>\r\n    \r\n\r\n    <\/figure>\r\n\r\n            <a class=\"getStartedVisible\" href=\"https:\/\/app.talkpal.ai\/signup?lng=\">Byrja\u00f0u<\/a>\r\n    \r\n<\/section>\r\n\r\n\r\n<!-- <section class=\"grammarSection\">\r\n    <div class=\"grammarLinks\">\r\n            <\/div>\r\n<\/section> -->\r\n\r\n\r\n\r\n\r\n<section class=\"promotionalBanner\">\r\n    <p class=\"promotionalText\">Skilvirkasta lei\u00f0in til a\u00f0 l\u00e6ra tungum\u00e1l<\/p>\r\n    <a class=\"promotionalLink\" href=\"https:\/\/app.talkpal.ai\/signup?lng=\">Pr\u00f3fa\u00f0u Talkpal \u00f3keypis<\/a>\r\n<\/section>\n<div class=\"wp-block-group pageContainerStyle\"><div class=\"wp-block-group__inner-container is-layout-constrained wp-block-group-is-layout-constrained\">\n<h2 class=\"wp-block-heading\" id=\"h-italian-grammar-topics\">\u00cdt\u00f6lsk m\u00e1lfr\u00e6\u00f0i efni<\/h2>\n\n\n\n<p>A\u00f0 l\u00e6ra n\u00fdtt tungum\u00e1l er spennandi fer\u00f0alag sem opnar n\u00fd t\u00e6kif\u00e6ri og menningarlega reynslu. Eitt fallegasta og \u00fatbreiddasta tungum\u00e1li\u00f0 er <a href=\"https:\/\/talkpal.ai\/learn-italian\/\">\u00edtalska<\/a>, \u00feekkt fyrir t\u00f3nlistarh\u00e6fileika, svipbrig\u00f0i og r\u00edka s\u00f6gu. Til a\u00f0 l\u00e6ra \u00edt\u00f6lsku \u00e1 \u00e1hrifar\u00edkan h\u00e1tt er mikilv\u00e6gt <a href=\"https:\/\/talkpal.ai\/culture\/what-is-the-verb-ad-hafa-and-when-is-it-used\/\">a\u00f0 hafa<\/a> sk\u00fdran skilning \u00e1 m\u00e1lfr\u00e6\u00f0i \u00feess, sem \u00fej\u00f3nar sem grunnur a\u00f0 uppbyggingu tungum\u00e1lakunn\u00e1ttu. \u00deetta felur \u00ed s\u00e9r a\u00f0 n\u00e1 t\u00f6kum \u00e1 \u00fdmsum \u00fe\u00e1ttum, svo sem t\u00ed\u00f0um, s\u00f6gnum, nafnor\u00f0um, greinum og fleiru. \u00cd \u00feessari handb\u00f3k munum vi\u00f0 kanna r\u00f6\u00f0 m\u00e1lfr\u00e6\u00f0iefna sem hj\u00e1lpa \u00fe\u00e9r a\u00f0 l\u00e6ra \u00edt\u00f6lsku \u00e1 skipulag\u00f0an og skilvirkan h\u00e1tt.<\/p>\n\n\n\n<h3 class=\"wp-block-heading\" id=\"h-1-nouns-and-articles\">1. Nafnor\u00f0 og greinar:<\/h3>\n\n\n\n<p>Byrja\u00f0u \u00edt\u00f6lskun\u00e1msfer\u00f0 \u00fe\u00edna me\u00f0 nafnor\u00f0um og greinum, \u00fear sem \u00feau eru grunneiningar hverrar setningar. Nafnor\u00f0 eru or\u00f0 sem t\u00e1kna f\u00f3lk, sta\u00f0i, hluti e\u00f0a hugmyndir. \u00c1 \u00edt\u00f6lsku hafa nafnor\u00f0 kyn (karlkyns og kvenkyns) og t\u00f6lur (eint\u00f6lu og fleirt\u00f6lu). Greinar eru or\u00f0in sem fylgja nafnor\u00f0um og \u00feau hafa einnig kyn og t\u00f6lu. Kynntu \u00fe\u00e9r \u00e1kve\u00f0na (il, la, o.s.frv.) og \u00f3\u00e1kve\u00f0na hluti (un, una, o.s.frv.) til a\u00f0 mynda einfaldar setningar.<\/p>\n\n\n\n<h3 class=\"wp-block-heading\" id=\"h-2-adjectives\">2. L\u00fdsingaror\u00f0:<\/h3>\n\n\n\n<p>L\u00fdsingaror\u00f0 veita uppl\u00fdsingar um nafnor\u00f0, svo sem lit, st\u00e6r\u00f0 e\u00f0a g\u00e6\u00f0i. \u00c1 \u00edt\u00f6lsku eru l\u00fdsingaror\u00f0 samm\u00e1la \u00ed kyni og t\u00f6lu vi\u00f0 nafnor\u00f0i\u00f0 sem \u00feau l\u00fdsa. L\u00e6r\u00f0u reglurnar um sta\u00f0setningu l\u00fdsingaror\u00f0a og sam\u00feykki til a\u00f0 auka l\u00fdsandi tungum\u00e1lakunn\u00e1ttu \u00fe\u00edna.<\/p>\n\n\n\n<h3 class=\"wp-block-heading\" id=\"h-3-pronouns\">3. Forn\u00f6fn:<\/h3>\n\n\n\n<p>Forn\u00f6fn koma \u00ed sta\u00f0 nafnor\u00f0a \u00ed setningum til a\u00f0 for\u00f0ast endurtekningu. Rannsaka\u00f0u efnisforn\u00f6fn (io, tu, lui o.s.frv.), bein og \u00f3bein hlutforn\u00f6fn (lo, la, gli o.s.frv.) og eignarforn\u00f6fn (mio, tuo, suo o.s.frv.) til a\u00f0 b\u00e6ta meiri fj\u00f6lbreytni \u00ed r\u00e6\u00f0u \u00feinni.<\/p>\n\n\n\n<h3 class=\"wp-block-heading\" id=\"h-4-verbs-and-tenses-indicative\">4. Sagnir og spennur til lei\u00f0beiningar:<\/h3>\n\n\n\n<p>Sagnir tj\u00e1 athafnir, \u00e1stand e\u00f0a atvik. \u00cdtalskar sagnir hafa mismunandi beygingar bygg\u00f0ar \u00e1 efni, spennu og skapi. Byrja\u00f0u \u00e1 reglulegum s\u00f6gnum \u00ed n\u00fat\u00ed\u00f0 v\u00edsbendingu, svo sem parlare (a\u00f0 <a href=\"https:\/\/talkpal.ai\/locations\/language-courses-in-tala\/\">tala<\/a>), og l\u00e6r\u00f0u sm\u00e1m saman a\u00f0rar spennur, eins og fort\u00ed\u00f0 (<a href=\"https:\/\/talkpal.ai\/ar\/grammar_exercises\/passato-prossimo-%d8%aa%d9%85%d8%a7%d8%b1%d9%8a%d9%86-%d9%84%d9%84%d9%82%d9%88%d8%a7%d8%b9%d8%af-%d8%a7%d9%84%d8%a5%d9%8a%d8%b7%d8%a7%d9%84%d9%8a%d8%a9\/\">passato prossimo<\/a>) og framt\u00ed\u00f0 (framt\u00ed\u00f0 semplice).<\/p>\n\n\n\n<h3 class=\"wp-block-heading\" id=\"h-5-tenses-subjunctive\">5. Spenntur vi\u00f0tengingarh\u00e1ttur:<\/h3>\n\n\n\n<p>Vi\u00f0tengingarh\u00e1ttur l\u00fdsir efasemdum, \u00f3vissu e\u00f0a pers\u00f3nulegum sko\u00f0unum. L\u00e6r\u00f0u fj\u00f6gur vi\u00f0tengingarh\u00e1ttar (n\u00fat\u00ed\u00f0, fort\u00ed\u00f0, \u00f3fullkomin og fort\u00ed\u00f0 fullkomin) og notkun \u00feeirra til a\u00f0 tj\u00e1 langanir, \u00f3skir og \u00edmynda\u00f0ar a\u00f0st\u00e6\u00f0ur.<\/p>\n\n\n\n<h3 class=\"wp-block-heading\" id=\"h-6-tense-comparison\">6. Spenntur samanbur\u00f0ur:<\/h3>\n\n\n\n<p>\u00der\u00f3a\u00f0u getu \u00fe\u00edna til a\u00f0 bera saman a\u00f0ger\u00f0ir yfir mismunandi t\u00edmaramma me\u00f0 \u00fev\u00ed a\u00f0 l\u00e6ra hvernig \u00e1 a\u00f0 nota samanbur\u00f0ar- og greinarform l\u00fdsingaror\u00f0a og atviksor\u00f0a. \u00deetta gerir \u00fe\u00e9r kleift a\u00f0 <a href=\"https:\/\/talkpal.ai\/locations\/language-courses-in-gera\/\">gera<\/a> samanbur\u00f0 \u00e1 f\u00f3lki, hlutum e\u00f0a a\u00f0st\u00e6\u00f0um.<\/p>\n\n\n\n<h3 class=\"wp-block-heading\" id=\"h-7-adverbs\">7. Atviksor\u00f0:<\/h3>\n\n\n\n<p>Atviksor\u00f0 breyta s\u00f6gnum, l\u00fdsingaror\u00f0um e\u00f0a \u00f6\u00f0rum atviksor\u00f0um me\u00f0 \u00fev\u00ed a\u00f0 veita frekari uppl\u00fdsingar um t\u00edma, h\u00e1tt, e\u00f0a gr\u00e1\u00f0u. L\u00e6r\u00f0u algeng \u00edt\u00f6lsk atviksor\u00f0 og sta\u00f0setningu \u00feeirra \u00ed setningum til a\u00f0 auka reiprennandi \u00fe\u00edna.<\/p>\n\n\n\n<h3 class=\"wp-block-heading\" id=\"h-8-prepositions\">8. Forsetningar:<\/h3>\n\n\n\n<p>Forsetningar eru nau\u00f0synlegar til a\u00f0 tengja saman or\u00f0 og or\u00f0asamb\u00f6nd, sem gefa til kynna tengsl eins og sta\u00f0setningu, t\u00edma e\u00f0a ors\u00f6k. Master algengar \u00edtalskar forsetningar (di, a, da o.s.frv.) og notkun \u00feeirra \u00ed \u00fdmsu samhengi.<\/p>\n\n\n\n<h3 class=\"wp-block-heading\" id=\"h-9-sentence-structure\">9. Setningaskipan:<\/h3>\n\n\n\n<p>A\u00f0 lokum skaltu koma \u00f6llum m\u00e1lfr\u00e6\u00f0i\u00fe\u00e1ttunum saman me\u00f0 \u00fev\u00ed a\u00f0 l\u00e6ra \u00edtalska setningager\u00f0. L\u00e6r\u00f0u um efnis-s\u00f6gn-hlut r\u00f6\u00f0, afneitun og mynda spurningar til a\u00f0 b\u00faa til n\u00e1kv\u00e6mar og \u00feroskandi setningar.<\/p>\n\n\n\n<p>Me\u00f0 \u00fev\u00ed a\u00f0 fylgja \u00feessari r\u00f6\u00f0 m\u00e1lfr\u00e6\u00f0ivi\u00f0fangsefna og verja t\u00edma til a\u00f0 \u00e6fa \u00feig og endursko\u00f0a muntu vera \u00e1 g\u00f3\u00f0ri lei\u00f0 me\u00f0 a\u00f0 n\u00e1 t\u00f6kum \u00e1 \u00edt\u00f6lsku og nj\u00f3ta r\u00edkrar tungum\u00e1la- og menningarupplifunar sem h\u00fan b\u00fd\u00f0ur upp \u00e1.<\/p>\n<\/div><\/div>\n\r\n<section class=\"learnNavigationSection\">\r\n            \r\n        <a href=\"https:\/\/talkpal.ai\/is\/laerdu-itolsku\/\">\r\n            <div class=\"learnNavigationWrapper\">\r\n                <div class=\"learnNavigationContent\">\r\n                    <img decoding=\"async\" src=\"https:\/\/talkpal.ai\/wp-content\/uploads\/2024\/08\/Italian.jpg\" alt=\"Italian Flag\">\r\n                    <div>\r\n                        <h4>Um \u00edt\u00f6lskun\u00e1m<\/h4>\r\n                        <p>Finndu \u00fat allt um \u00edtalska m\u00e1lfr\u00e6\u00f0i.<\/p>\r\n                    <\/div>\r\n                <\/div>\r\n            <\/div>\r\n        <\/a>\r\n\r\n        \r\n        <a href=\"https:\/\/talkpal.ai\/is\/itolsk-malfraedi\/\">\r\n            <div class=\"learnNavigationWrapper\">\r\n                <div class=\"learnNavigationContent\">\r\n                    <img decoding=\"async\" src=\"https:\/\/talkpal.ai\/wp-content\/uploads\/2024\/08\/Italian.jpg\" alt=\"Italian Flag\">\r\n                    <div>\r\n                        <h4>\u00cdt\u00f6lsk m\u00e1lfr\u00e6\u00f0ikennsla<\/h4>\r\n                        <p>\u00c6f\u00f0u \u00edtalska m\u00e1lfr\u00e6\u00f0i.<\/p>\r\n                    <\/div>\r\n                <\/div>\r\n            <\/div>\r\n        <\/a>\r\n\r\n        \r\n        <a href=\"https:\/\/talkpal.ai\/vocabulary_language\/italian\/\">\r\n            <div class=\"learnNavigationWrapper\">\r\n                <div class=\"learnNavigationContent\">\r\n                    <img decoding=\"async\" src=\"https:\/\/talkpal.ai\/wp-content\/uploads\/2024\/08\/Italian.jpg\" alt=\"Italian Flag\">\r\n                    <div>\r\n                        <h4>\u00cdtalskur or\u00f0afor\u00f0i<\/h4>\r\n                        <p>St\u00e6kka\u00f0u \u00edtalska or\u00f0afor\u00f0a \u00feinn.<\/p>\r\n                    <\/div>\r\n                <\/div>\r\n            <\/div>\r\n        <\/a>\r\n\r\n            <\/section>","protected":false},"excerpt":{"rendered":"<p>\u00cdt\u00f6lsk m\u00e1lfr\u00e6\u00f0i efni A\u00f0 l\u00e6ra n\u00fdtt tungum\u00e1l er spennandi fer\u00f0alag sem opnar n\u00fd t\u00e6kif\u00e6ri og menningarlega reynslu. Eitt fallegasta og \u00fatbreiddasta tungum\u00e1li\u00f0 er \u00edtalska, \u00feekkt fyrir t\u00f3nlistarh\u00e6fileika, svipbrig\u00f0i og r\u00edka s\u00f6gu. Til a\u00f0 l\u00e6ra \u00edt\u00f6lsku \u00e1 \u00e1hrifar\u00edkan h\u00e1tt er mikilv\u00e6gt a\u00f0 hafa sk\u00fdran skilning \u00e1 m\u00e1lfr\u00e6\u00f0i \u00feess, sem \u00fej\u00f3nar sem grunnur a\u00f0 uppbyggingu tungum\u00e1lakunn\u00e1ttu. \u00deetta [&hellip;]<\/p>\n","protected":false},"author":6,"featured_media":76230,"parent":0,"menu_order":0,"comment_status":"closed","ping_status":"closed","template":"LearningContentPage.php","meta":{"_acf_changed":false,"footnotes":""},"class_list":["post-132327","page","type-page","status-publish","has-post-thumbnail","hentry"],"acf":[],"yoast_head":"<!-- This site is optimized with the Yoast SEO Premium plugin v27.2 (Yoast SEO v27.2) - https:\/\/yoast.com\/product\/yoast-seo-premium-wordpress\/ -->\n<title>\u00cdtalska M\u00e1lfr\u00e6\u00f0i \u00c6fingar - Talkpal<\/title>\n<meta name=\"description\" content=\"Styrktu \u00edt\u00f6lsku m\u00e1lfr\u00e6\u00f0i \u00fe\u00edna \u00e1 \u00e1hrifar\u00edkan h\u00e1tt - b\u00e6ttu f\u00e6rni \u00fe\u00edna me\u00f0 verklegum \u00e6fingum, gagnvirkri \u00e6fingu og tafarlausri endurgj\u00f6f.\" \/>\n<meta name=\"robots\" content=\"index, follow, max-snippet:-1, max-image-preview:large, max-video-preview:-1\" \/>\n<link rel=\"canonical\" href=\"https:\/\/talkpal.ai\/is\/italska-malfraedi-aefingar\/\" \/>\n<meta property=\"og:locale\" content=\"is_IS\" \/>\n<meta property=\"og:type\" content=\"article\" \/>\n<meta property=\"og:title\" content=\"\u00cdtalska M\u00e1lfr\u00e6\u00f0i \u00c6fingar\" \/>\n<meta property=\"og:description\" content=\"\u00cdt\u00f6lsk m\u00e1lfr\u00e6\u00f0i efni A\u00f0 l\u00e6ra n\u00fdtt tungum\u00e1l er spennandi fer\u00f0alag sem opnar n\u00fd t\u00e6kif\u00e6ri og menningarlega reynslu. Eitt fallegasta og \u00fatbreiddasta\" \/>\n<meta property=\"og:url\" content=\"https:\/\/talkpal.ai\/is\/italska-malfraedi-aefingar\/\" \/>\n<meta property=\"og:site_name\" content=\"Talkpal\" \/>\n<meta property=\"article:publisher\" content=\"https:\/\/www.facebook.com\/profile.php?id=100090733639311\" \/>\n<meta property=\"article:modified_time\" content=\"2025-12-17T16:14:21+00:00\" \/>\n<meta property=\"og:image\" content=\"https:\/\/talkpal.ai\/wp-content\/uploads\/2023\/03\/italy.png\" \/>\n\t<meta property=\"og:image:width\" content=\"512\" \/>\n\t<meta property=\"og:image:height\" content=\"512\" \/>\n\t<meta property=\"og:image:type\" content=\"image\/png\" \/>\n<meta name=\"twitter:card\" content=\"summary_large_image\" \/>\n<meta name=\"twitter:site\" content=\"@talkpalai\" \/>\n<meta name=\"twitter:label1\" content=\"Est. reading time\" \/>\n\t<meta name=\"twitter:data1\" content=\"3 minutes\" \/>\n<script type=\"application\/ld+json\" class=\"yoast-schema-graph\">{\"@context\":\"https:\/\/schema.org\",\"@graph\":[{\"@type\":\"WebPage\",\"@id\":\"https:\/\/talkpal.ai\/is\/italska-malfraedi-aefingar\/\",\"url\":\"https:\/\/talkpal.ai\/is\/italska-malfraedi-aefingar\/\",\"name\":\"\u00cdtalska M\u00e1lfr\u00e6\u00f0i \u00c6fingar - Talkpal\",\"isPartOf\":{\"@id\":\"https:\/\/talkpal.ai\/is\/#website\"},\"primaryImageOfPage\":{\"@id\":\"https:\/\/talkpal.ai\/is\/italska-malfraedi-aefingar\/#primaryimage\"},\"image\":{\"@id\":\"https:\/\/talkpal.ai\/is\/italska-malfraedi-aefingar\/#primaryimage\"},\"thumbnailUrl\":\"https:\/\/talkpal.ai\/wp-content\/uploads\/2023\/03\/italy.png\",\"datePublished\":\"2023-06-16T09:22:36+00:00\",\"dateModified\":\"2025-12-17T16:14:21+00:00\",\"description\":\"Styrktu \u00edt\u00f6lsku m\u00e1lfr\u00e6\u00f0i \u00fe\u00edna \u00e1 \u00e1hrifar\u00edkan h\u00e1tt - b\u00e6ttu f\u00e6rni \u00fe\u00edna me\u00f0 verklegum \u00e6fingum, gagnvirkri \u00e6fingu og tafarlausri endurgj\u00f6f.\",\"breadcrumb\":{\"@id\":\"https:\/\/talkpal.ai\/is\/italska-malfraedi-aefingar\/#breadcrumb\"},\"inLanguage\":\"is\",\"potentialAction\":[{\"@type\":\"ReadAction\",\"target\":[\"https:\/\/talkpal.ai\/is\/italska-malfraedi-aefingar\/\"]}]},{\"@type\":\"ImageObject\",\"inLanguage\":\"is\",\"@id\":\"https:\/\/talkpal.ai\/is\/italska-malfraedi-aefingar\/#primaryimage\",\"url\":\"https:\/\/talkpal.ai\/wp-content\/uploads\/2023\/03\/italy.png\",\"contentUrl\":\"https:\/\/talkpal.ai\/wp-content\/uploads\/2023\/03\/italy.png\",\"width\":512,\"height\":512,\"caption\":\"TalkPal AI learn Italian\"},{\"@type\":\"BreadcrumbList\",\"@id\":\"https:\/\/talkpal.ai\/is\/italska-malfraedi-aefingar\/#breadcrumb\",\"itemListElement\":[{\"@type\":\"ListItem\",\"position\":1,\"name\":\"Homepage\",\"item\":\"https:\/\/talkpal.ai\/is\/\"},{\"@type\":\"ListItem\",\"position\":2,\"name\":\"\u00cdtalska M\u00e1lfr\u00e6\u00f0i \u00c6fingar\"}]},{\"@type\":\"WebSite\",\"@id\":\"https:\/\/talkpal.ai\/is\/#website\",\"url\":\"https:\/\/talkpal.ai\/is\/\",\"name\":\"Talkpal\",\"description\":\"AI Language Learning\",\"publisher\":{\"@id\":\"https:\/\/talkpal.ai\/is\/#organization\"},\"alternateName\":\"Talkpal AI\",\"potentialAction\":[{\"@type\":\"SearchAction\",\"target\":{\"@type\":\"EntryPoint\",\"urlTemplate\":\"https:\/\/talkpal.ai\/is\/?s={search_term_string}\"},\"query-input\":{\"@type\":\"PropertyValueSpecification\",\"valueRequired\":true,\"valueName\":\"search_term_string\"}}],\"inLanguage\":\"is\"},{\"@type\":\"Organization\",\"@id\":\"https:\/\/talkpal.ai\/is\/#organization\",\"name\":\"Talkpal, Inc.\",\"alternateName\":\"Talkpal AI\",\"url\":\"https:\/\/talkpal.ai\/is\/\",\"logo\":{\"@type\":\"ImageObject\",\"inLanguage\":\"is\",\"@id\":\"https:\/\/talkpal.ai\/is\/#\/schema\/logo\/image\/\",\"url\":\"https:\/\/talkpal.ai\/wp-content\/uploads\/2024\/03\/Talkpal-Logo-Icon.png\",\"contentUrl\":\"https:\/\/talkpal.ai\/wp-content\/uploads\/2024\/03\/Talkpal-Logo-Icon.png\",\"width\":2880,\"height\":2880,\"caption\":\"Talkpal, Inc.\"},\"image\":{\"@id\":\"https:\/\/talkpal.ai\/is\/#\/schema\/logo\/image\/\"},\"sameAs\":[\"https:\/\/www.facebook.com\/profile.php?id=100090733639311\",\"https:\/\/x.com\/talkpalai\",\"https:\/\/www.linkedin.com\/company\/talkpal\/\",\"https:\/\/www.youtube.com\/@TalkPal\/\",\"https:\/\/www.tiktok.com\/@talkpal\",\"https:\/\/www.instagram.com\/talkpal_ai\/\",\"https:\/\/www.crunchbase.com\/organization\/talkpal-9cde\",\"https:\/\/www.g2.com\/products\/talkpal-for-business\/\",\"https:\/\/www.trustpilot.com\/review\/talkpal.ai\",\"https:\/\/www.capterra.com\/p\/10006800\/TalkPal\/\"],\"description\":\"Talkpal is a language learning web and mobile education app, powered by the latest AI technologies, that provides engaging experiences to its customers in many different languages to help them improve their language skills. Users can chat about unlimited amount of topics with the app and use other modes to practice their language learning.\",\"email\":\"support@talkpal.ai\",\"legalName\":\"Talkpal, Inc.\",\"foundingDate\":\"2023-04-03\",\"duns\":\"118989042\",\"numberOfEmployees\":{\"@type\":\"QuantitativeValue\",\"minValue\":\"11\",\"maxValue\":\"50\"},\"publishingPrinciples\":\"https:\/\/talkpal.ai\/publishing-principles\/\",\"actionableFeedbackPolicy\":\"https:\/\/talkpal.ai\/actionable-feedback-policy\/\",\"correctionsPolicy\":\"https:\/\/talkpal.ai\/corrections-policy\/\",\"ethicsPolicy\":\"https:\/\/talkpal.ai\/ethics-policy\/\",\"diversityPolicy\":\"https:\/\/talkpal.ai\/diversity-policy\/\",\"diversityStaffingReport\":\"https:\/\/talkpal.ai\/diversity-policy\/\"}]}<\/script>\n<!-- \/ Yoast SEO Premium plugin. -->","yoast_head_json":{"title":"\u00cdtalska M\u00e1lfr\u00e6\u00f0i \u00c6fingar - Talkpal","description":"Styrktu \u00edt\u00f6lsku m\u00e1lfr\u00e6\u00f0i \u00fe\u00edna \u00e1 \u00e1hrifar\u00edkan h\u00e1tt - b\u00e6ttu f\u00e6rni \u00fe\u00edna me\u00f0 verklegum \u00e6fingum, gagnvirkri \u00e6fingu og tafarlausri endurgj\u00f6f.","robots":{"index":"index","follow":"follow","max-snippet":"max-snippet:-1","max-image-preview":"max-image-preview:large","max-video-preview":"max-video-preview:-1"},"canonical":"https:\/\/talkpal.ai\/is\/italska-malfraedi-aefingar\/","og_locale":"is_IS","og_type":"article","og_title":"\u00cdtalska M\u00e1lfr\u00e6\u00f0i \u00c6fingar","og_description":"\u00cdt\u00f6lsk m\u00e1lfr\u00e6\u00f0i efni A\u00f0 l\u00e6ra n\u00fdtt tungum\u00e1l er spennandi fer\u00f0alag sem opnar n\u00fd t\u00e6kif\u00e6ri og menningarlega reynslu. Eitt fallegasta og \u00fatbreiddasta","og_url":"https:\/\/talkpal.ai\/is\/italska-malfraedi-aefingar\/","og_site_name":"Talkpal","article_publisher":"https:\/\/www.facebook.com\/profile.php?id=100090733639311","article_modified_time":"2025-12-17T16:14:21+00:00","og_image":[{"width":512,"height":512,"url":"https:\/\/talkpal.ai\/wp-content\/uploads\/2023\/03\/italy.png","type":"image\/png"}],"twitter_card":"summary_large_image","twitter_site":"@talkpalai","twitter_misc":{"Est. reading time":"3 minutes"},"schema":{"@context":"https:\/\/schema.org","@graph":[{"@type":"WebPage","@id":"https:\/\/talkpal.ai\/is\/italska-malfraedi-aefingar\/","url":"https:\/\/talkpal.ai\/is\/italska-malfraedi-aefingar\/","name":"\u00cdtalska M\u00e1lfr\u00e6\u00f0i \u00c6fingar - Talkpal","isPartOf":{"@id":"https:\/\/talkpal.ai\/is\/#website"},"primaryImageOfPage":{"@id":"https:\/\/talkpal.ai\/is\/italska-malfraedi-aefingar\/#primaryimage"},"image":{"@id":"https:\/\/talkpal.ai\/is\/italska-malfraedi-aefingar\/#primaryimage"},"thumbnailUrl":"https:\/\/talkpal.ai\/wp-content\/uploads\/2023\/03\/italy.png","datePublished":"2023-06-16T09:22:36+00:00","dateModified":"2025-12-17T16:14:21+00:00","description":"Styrktu \u00edt\u00f6lsku m\u00e1lfr\u00e6\u00f0i \u00fe\u00edna \u00e1 \u00e1hrifar\u00edkan h\u00e1tt - b\u00e6ttu f\u00e6rni \u00fe\u00edna me\u00f0 verklegum \u00e6fingum, gagnvirkri \u00e6fingu og tafarlausri endurgj\u00f6f.","breadcrumb":{"@id":"https:\/\/talkpal.ai\/is\/italska-malfraedi-aefingar\/#breadcrumb"},"inLanguage":"is","potentialAction":[{"@type":"ReadAction","target":["https:\/\/talkpal.ai\/is\/italska-malfraedi-aefingar\/"]}]},{"@type":"ImageObject","inLanguage":"is","@id":"https:\/\/talkpal.ai\/is\/italska-malfraedi-aefingar\/#primaryimage","url":"https:\/\/talkpal.ai\/wp-content\/uploads\/2023\/03\/italy.png","contentUrl":"https:\/\/talkpal.ai\/wp-content\/uploads\/2023\/03\/italy.png","width":512,"height":512,"caption":"TalkPal AI learn Italian"},{"@type":"BreadcrumbList","@id":"https:\/\/talkpal.ai\/is\/italska-malfraedi-aefingar\/#breadcrumb","itemListElement":[{"@type":"ListItem","position":1,"name":"Homepage","item":"https:\/\/talkpal.ai\/is\/"},{"@type":"ListItem","position":2,"name":"\u00cdtalska M\u00e1lfr\u00e6\u00f0i \u00c6fingar"}]},{"@type":"WebSite","@id":"https:\/\/talkpal.ai\/is\/#website","url":"https:\/\/talkpal.ai\/is\/","name":"Talkpal","description":"AI Language Learning","publisher":{"@id":"https:\/\/talkpal.ai\/is\/#organization"},"alternateName":"Talkpal AI","potentialAction":[{"@type":"SearchAction","target":{"@type":"EntryPoint","urlTemplate":"https:\/\/talkpal.ai\/is\/?s={search_term_string}"},"query-input":{"@type":"PropertyValueSpecification","valueRequired":true,"valueName":"search_term_string"}}],"inLanguage":"is"},{"@type":"Organization","@id":"https:\/\/talkpal.ai\/is\/#organization","name":"Talkpal, Inc.","alternateName":"Talkpal AI","url":"https:\/\/talkpal.ai\/is\/","logo":{"@type":"ImageObject","inLanguage":"is","@id":"https:\/\/talkpal.ai\/is\/#\/schema\/logo\/image\/","url":"https:\/\/talkpal.ai\/wp-content\/uploads\/2024\/03\/Talkpal-Logo-Icon.png","contentUrl":"https:\/\/talkpal.ai\/wp-content\/uploads\/2024\/03\/Talkpal-Logo-Icon.png","width":2880,"height":2880,"caption":"Talkpal, Inc."},"image":{"@id":"https:\/\/talkpal.ai\/is\/#\/schema\/logo\/image\/"},"sameAs":["https:\/\/www.facebook.com\/profile.php?id=100090733639311","https:\/\/x.com\/talkpalai","https:\/\/www.linkedin.com\/company\/talkpal\/","https:\/\/www.youtube.com\/@TalkPal\/","https:\/\/www.tiktok.com\/@talkpal","https:\/\/www.instagram.com\/talkpal_ai\/","https:\/\/www.crunchbase.com\/organization\/talkpal-9cde","https:\/\/www.g2.com\/products\/talkpal-for-business\/","https:\/\/www.trustpilot.com\/review\/talkpal.ai","https:\/\/www.capterra.com\/p\/10006800\/TalkPal\/"],"description":"Talkpal is a language learning web and mobile education app, powered by the latest AI technologies, that provides engaging experiences to its customers in many different languages to help them improve their language skills. Users can chat about unlimited amount of topics with the app and use other modes to practice their language learning.","email":"support@talkpal.ai","legalName":"Talkpal, Inc.","foundingDate":"2023-04-03","duns":"118989042","numberOfEmployees":{"@type":"QuantitativeValue","minValue":"11","maxValue":"50"},"publishingPrinciples":"https:\/\/talkpal.ai\/publishing-principles\/","actionableFeedbackPolicy":"https:\/\/talkpal.ai\/actionable-feedback-policy\/","correctionsPolicy":"https:\/\/talkpal.ai\/corrections-policy\/","ethicsPolicy":"https:\/\/talkpal.ai\/ethics-policy\/","diversityPolicy":"https:\/\/talkpal.ai\/diversity-policy\/","diversityStaffingReport":"https:\/\/talkpal.ai\/diversity-policy\/"}]}},"_links":{"self":[{"href":"https:\/\/talkpal.ai\/is\/wp-json\/wp\/v2\/pages\/132327","targetHints":{"allow":["GET"]}}],"collection":[{"href":"https:\/\/talkpal.ai\/is\/wp-json\/wp\/v2\/pages"}],"about":[{"href":"https:\/\/talkpal.ai\/is\/wp-json\/wp\/v2\/types\/page"}],"author":[{"embeddable":true,"href":"https:\/\/talkpal.ai\/is\/wp-json\/wp\/v2\/users\/6"}],"replies":[{"embeddable":true,"href":"https:\/\/talkpal.ai\/is\/wp-json\/wp\/v2\/comments?post=132327"}],"version-history":[{"count":0,"href":"https:\/\/talkpal.ai\/is\/wp-json\/wp\/v2\/pages\/132327\/revisions"}],"wp:featuredmedia":[{"embeddable":true,"href":"https:\/\/talkpal.ai\/is\/wp-json\/wp\/v2\/media\/76230"}],"wp:attachment":[{"href":"https:\/\/talkpal.ai\/is\/wp-json\/wp\/v2\/media?parent=132327"}],"curies":[{"name":"wp","href":"https:\/\/api.w.org\/{rel}","templated":true}]}}