{"id":132124,"date":"2023-06-16T09:14:18","date_gmt":"2023-06-16T09:14:18","guid":{"rendered":"http:\/\/talkpal.ai\/thyska-malfraedi-aefingar\/"},"modified":"2025-12-17T16:12:04","modified_gmt":"2025-12-17T16:12:04","slug":"thyska-malfraedi-aefingar","status":"publish","type":"page","link":"https:\/\/talkpal.ai\/is\/thyska-malfraedi-aefingar\/","title":{"rendered":"\u00de\u00fdska M\u00e1lfr\u00e6\u00f0i \u00c6fingar"},"content":{"rendered":"\r\n\r\n\r\n<section class=\"languageChallengeSection\">\r\n    <div class=\"languageInfoWrapper\">\r\n        \r\n        <h1>\u00de\u00fdska M\u00e1lfr\u00e6\u00f0i \u00c6fingar<\/h1>\r\n        <p>Tilb\u00fainn\/n a\u00f0 styrkja \u00fe\u00fdsku m\u00e1lfr\u00e6\u00f0ina \u00fe\u00edna? A\u00f0 \u00e6fa <a href=\"https:\/\/talkpal.ai\/grammar\/\">m\u00e1lfr\u00e6\u00f0i<\/a> er fullkomin lei\u00f0 til a\u00f0 n\u00e1 t\u00f6kum \u00e1 \u00fe\u00fdsku. Byrja\u00f0u a\u00f0 vinna \u00ed \u00feessu \u00ed dag og sj\u00e1\u00f0u sj\u00e1lfstraust \u00feitt og fl\u00e6\u00f0i vaxa me\u00f0 hverri \u00e6fingu!\n\n<\/p>\r\n\r\n                            <a class=\"getStartedHidden\" href=\"https:\/\/app.talkpal.ai\/signup?lng=\">Byrja\u00f0u<\/a>\r\n        \r\n    <\/div>\r\n\r\n    <figure>\r\n    <img decoding=\"async\" width=\"768\" height=\"768\" src=\"https:\/\/talkpal.ai\/wp-content\/uploads\/2023\/06\/german-768x768.png\" class=\"languageImage no-lazy\" alt=\"Language learning for global networking\" fetchpriority=\"high\" sizes=\"(max-width: 768px) 150px, 768px\" srcset=\"https:\/\/talkpal.ai\/wp-content\/uploads\/2023\/06\/german-768x768.png 768w, https:\/\/talkpal.ai\/wp-content\/uploads\/2023\/06\/german-300x300.png 300w\" \/>\r\n    \r\n\r\n    <\/figure>\r\n\r\n            <a class=\"getStartedVisible\" href=\"https:\/\/app.talkpal.ai\/signup?lng=\">Byrja\u00f0u<\/a>\r\n    \r\n<\/section>\r\n\r\n\r\n<!-- <section class=\"grammarSection\">\r\n    <div class=\"grammarLinks\">\r\n            <\/div>\r\n<\/section> -->\r\n\r\n\r\n\r\n\r\n<section class=\"promotionalBanner\">\r\n    <p class=\"promotionalText\">Skilvirkasta lei\u00f0in til a\u00f0 l\u00e6ra tungum\u00e1l<\/p>\r\n    <a class=\"promotionalLink\" href=\"https:\/\/app.talkpal.ai\/signup?lng=\">Pr\u00f3fa\u00f0u Talkpal \u00f3keypis<\/a>\r\n<\/section>\n<div class=\"wp-block-group pageContainerStyle\"><div class=\"wp-block-group__inner-container is-layout-constrained wp-block-group-is-layout-constrained\">\n<h2 class=\"wp-block-heading\" id=\"h-german-grammar-topics\">\u00de\u00fdsk m\u00e1lfr\u00e6\u00f0i efni<\/h2>\n\n\n\n<p>A\u00f0 l\u00e6ra n\u00fdtt tungum\u00e1l getur veri\u00f0 \u00f3gnvekjandi verkefni, en me\u00f0 r\u00e9ttri n\u00e1lgun getur \u00fea\u00f0 veri\u00f0 spennandi og gefandi reynsla. <a href=\"https:\/\/talkpal.ai\/learn-german\/\">\u00de\u00fdska<\/a> er mj\u00f6g skipulagt og r\u00f6kr\u00e9tt tungum\u00e1l, sem gerir \u00fea\u00f0 au\u00f0veldara a\u00f0 l\u00e6ra ef \u00fe\u00fa hefur sk\u00fdran skilning \u00e1 m\u00e1lfr\u00e6\u00f0ireglum \u00feess. \u00deessi handb\u00f3k mun hj\u00e1lpa \u00fe\u00e9r a\u00f0 skilja lykil\u00fe\u00e6tti \u00fe\u00fdskrar m\u00e1lfr\u00e6\u00f0i, svo sem t\u00ed\u00f0ir, sagnir, nafnor\u00f0 og greinar, forn\u00f6fn, l\u00fdsingaror\u00f0, fallbeygingu, atviksor\u00f0, forsetningar og setningager\u00f0. Me\u00f0 \u00fev\u00ed a\u00f0 fylgja \u00feessari r\u00f6\u00f0 muntu geta \u00fer\u00f3ast \u00ed \u00fe\u00fdskun\u00e1msfer\u00f0 \u00feinni \u00e1 \u00e1hrifar\u00edkan og skilvirkan h\u00e1tt.<\/p>\n\n\n\n<h3 class=\"wp-block-heading\" id=\"h-1-nouns-and-articles\">1. Nafnor\u00f0 og greinar:<\/h3>\n\n\n\n<p>Byrja\u00f0u \u00e1 \u00fev\u00ed a\u00f0 l\u00e6ra grunnatri\u00f0i \u00fe\u00fdskra nafnor\u00f0a og me\u00f0fylgjandi greinar \u00feeirra. \u00de\u00fdska hefur \u00ferj\u00fa kyn (karlkyns, kvenkyns og hvorugkyn) og fj\u00f6gur tilfelli (nafnor\u00f0, \u00e1sakandi, dative og genitive). Skilningur \u00e1 \u00feessum reglum mun hj\u00e1lpa \u00fe\u00e9r a\u00f0 \u00e1kvar\u00f0a r\u00e9tta grein fyrir hvert nafnor\u00f0 og leggja grunninn a\u00f0 \u00fe\u00fdskri m\u00e1lfr\u00e6\u00f0i\u00feekkingu \u00feinni.<\/p>\n\n\n\n<h3 class=\"wp-block-heading\" id=\"h-2-pronouns\">2. Forn\u00f6fn:<\/h3>\n\n\n\n<p>Forn\u00f6fn koma \u00ed sta\u00f0 nafnor\u00f0a \u00ed setningu og hafa mismunandi form eftir kyni, t\u00f6lu og falli. Kynntu \u00fe\u00e9r \u00fe\u00fdsk forn\u00f6fn, svo sem pers\u00f3nuleg, eignarhaldsleg, sj\u00e1lfhverf og afst\u00e6\u00f0 forn\u00f6fn, til a\u00f0 b\u00faa til fl\u00f3knari setningar og tj\u00e1 hugsanir \u00fe\u00ednar n\u00e1kv\u00e6mari.<\/p>\n\n\n\n<h3 class=\"wp-block-heading\" id=\"h-3-verbs\">3. Sagnir:<\/h3>\n\n\n\n<p>Sagnir eru mikilv\u00e6gar vi\u00f0 myndun setninga, \u00fear sem \u00fe\u00e6r tj\u00e1 athafnir og \u00e1stand. L\u00e6r\u00f0u mismunandi ger\u00f0ir \u00fe\u00fdskra sagna, svo sem reglulegar, \u00f3reglulegar, formlegar og ni\u00f0randi sagnir, \u00e1samt beygingum \u00feeirra \u00ed n\u00fat\u00ed\u00f0, fort\u00ed\u00f0 og framt\u00ed\u00f0. \u00deetta gerir \u00fe\u00e9r kleift a\u00f0 eiga skilvirk samskipti vi\u00f0 \u00fdmsar a\u00f0st\u00e6\u00f0ur.<\/p>\n\n\n\n<h3 class=\"wp-block-heading\" id=\"h-4-tenses\">4. Spennur:<\/h3>\n\n\n\n<p>Spennur gefa til kynna hven\u00e6r a\u00f0ger\u00f0 \u00e1 s\u00e9r sta\u00f0. \u00c1 \u00fe\u00fdsku eru sex spennur: n\u00fat\u00ed\u00f0, einf\u00f6ld fort\u00ed\u00f0, n\u00fat\u00ed\u00f0 fullkomin, fort\u00ed\u00f0 fullkomin, framt\u00ed\u00f0 og framt\u00ed\u00f0 fullkomin spenna. Skilningur \u00e1 reglum og notkun \u00feessara spennu mun hj\u00e1lpa \u00fe\u00e9r a\u00f0 tj\u00e1 \u00feig sk\u00fdrt og n\u00e1kv\u00e6mlega.<\/p>\n\n\n\n<h3 class=\"wp-block-heading\" id=\"h-5-adjectives\">5. L\u00fdsingaror\u00f0:<\/h3>\n\n\n\n<p>L\u00fdsingaror\u00f0 l\u00fdsa eiginleikum nafnor\u00f0a og fornafna og eru samm\u00e1la \u00ed kyni, t\u00f6lu og falli me\u00f0 nafnor\u00f0inu sem \u00feau breyta. L\u00e6r\u00f0u reglurnar um fallbeygingu l\u00fdsingaror\u00f0a, svo og samanbur\u00f0ar- og greinarform, til a\u00f0 b\u00e6ta l\u00fdsingar \u00fe\u00ednar og <a href=\"https:\/\/talkpal.ai\/locations\/language-courses-in-gera\/\">gera<\/a> r\u00e6\u00f0u \u00fe\u00edna litr\u00edkari.<\/p>\n\n\n\n<h3 class=\"wp-block-heading\" id=\"h-6-declension\">6. Fallbeyging:<\/h3>\n\n\n\n<p>Fallbeyging er ferli\u00f0 vi\u00f0 a\u00f0 breyta nafnor\u00f0um, forn\u00f6fnum og l\u00fdsingaror\u00f0um til a\u00f0 gefa til kynna m\u00e1lfr\u00e6\u00f0ilegt hlutverk \u00feeirra \u00ed setningu. Kynntu \u00fe\u00e9r \u00fe\u00fdsku m\u00e1lin fj\u00f6gur og hvernig \u00feau hafa \u00e1hrif \u00e1 endingar or\u00f0a, sem gerir \u00fe\u00e9r kleift a\u00f0 sm\u00ed\u00f0a m\u00e1lfr\u00e6\u00f0ilega r\u00e9ttar setningar.<\/p>\n\n\n\n<h3 class=\"wp-block-heading\" id=\"h-7-adverbs\">7. Atviksor\u00f0:<\/h3>\n\n\n\n<p>Atviksor\u00f0 veita frekari uppl\u00fdsingar um sagnir, l\u00fdsingaror\u00f0 e\u00f0a \u00f6nnur atviksor\u00f0. L\u00e6r\u00f0u mismunandi ger\u00f0ir af \u00fe\u00fdskum atviksor\u00f0um, svo sem \u00feeim sem gefa til kynna t\u00edma, h\u00e1tt og sta\u00f0 og hvernig \u00e1 a\u00f0 nota \u00feau \u00e1 \u00e1hrifar\u00edkan h\u00e1tt til a\u00f0 b\u00e6ta bl\u00e6brig\u00f0i og n\u00e1kv\u00e6mni vi\u00f0 r\u00e6\u00f0u \u00fe\u00edna.<\/p>\n\n\n\n<h3 class=\"wp-block-heading\" id=\"h-8-prepositions\">8. Forsetningar:<\/h3>\n\n\n\n<p>Forsetningar eru nota\u00f0ar til a\u00f0 gefa til kynna <a href=\"https:\/\/talkpal.ai\/contact\/\">samband<\/a> nafnor\u00f0a e\u00f0a fornafna og annarra \u00fe\u00e1tta \u00ed setningu. Rannsaka\u00f0u hinar \u00fdmsu \u00fe\u00fdsku forsetningar og notkun \u00feeirra \u00ed mismunandi tilvikum til a\u00f0 \u00f6\u00f0last betri skilning \u00e1 \u00fev\u00ed hvernig setningar eru bygg\u00f0ar upp.<\/p>\n\n\n\n<h3 class=\"wp-block-heading\" id=\"h-9-sentence-structure\">9. Setningaskipan:<\/h3>\n\n\n\n<p>A\u00f0 lokum skaltu kynna \u00fe\u00e9r \u00fe\u00fdska setningager\u00f0, \u00fear \u00e1 me\u00f0al or\u00f0ar\u00f6\u00f0, v\u00edkjandi \u00e1kv\u00e6\u00f0i og samtengingar. A\u00f0 skilja \u00feessar reglur mun hj\u00e1lpa \u00fe\u00e9r a\u00f0 b\u00faa til samfelldar og vel uppbygg\u00f0ar setningar, sem gerir \u00fe\u00e9r kleift a\u00f0 tj\u00e1 hugsanir \u00fe\u00ednar sk\u00fdrt og \u00e1 \u00e1hrifar\u00edkan h\u00e1tt \u00e1 \u00fe\u00fdsku.<\/p>\n<\/div><\/div>\n\r\n<section class=\"learnNavigationSection\">\r\n            \r\n        <a href=\"https:\/\/talkpal.ai\/is\/laerdu-thysku\/\">\r\n            <div class=\"learnNavigationWrapper\">\r\n                <div class=\"learnNavigationContent\">\r\n                    <img decoding=\"async\" src=\"https:\/\/talkpal.ai\/wp-content\/uploads\/2024\/08\/German.jpg\" alt=\"German Flag\">\r\n                    <div>\r\n                        <h4>Um \u00fe\u00fdskun\u00e1m<\/h4>\r\n                        <p>Finndu \u00fat allt um \u00fe\u00fdska m\u00e1lfr\u00e6\u00f0i.<\/p>\r\n                    <\/div>\r\n                <\/div>\r\n            <\/div>\r\n        <\/a>\r\n\r\n        \r\n        <a href=\"https:\/\/talkpal.ai\/is\/thysk-malfraedi\/\">\r\n            <div class=\"learnNavigationWrapper\">\r\n                <div class=\"learnNavigationContent\">\r\n                    <img decoding=\"async\" src=\"https:\/\/talkpal.ai\/wp-content\/uploads\/2024\/08\/German.jpg\" alt=\"German Flag\">\r\n                    <div>\r\n                        <h4>\u00de\u00fdska m\u00e1lfr\u00e6\u00f0i kennslustundir<\/h4>\r\n                        <p>\u00c6f\u00f0u \u00fe\u00fdska m\u00e1lfr\u00e6\u00f0i.<\/p>\r\n                    <\/div>\r\n                <\/div>\r\n            <\/div>\r\n        <\/a>\r\n\r\n        \r\n        <a href=\"https:\/\/talkpal.ai\/vocabulary_language\/german\/\">\r\n            <div class=\"learnNavigationWrapper\">\r\n                <div class=\"learnNavigationContent\">\r\n                    <img decoding=\"async\" src=\"https:\/\/talkpal.ai\/wp-content\/uploads\/2024\/08\/German.jpg\" alt=\"German Flag\">\r\n                    <div>\r\n                        <h4>\u00de\u00fdskur or\u00f0afor\u00f0i<\/h4>\r\n                        <p>St\u00e6kka\u00f0u \u00fe\u00fdskan or\u00f0afor\u00f0a \u00feinn.<\/p>\r\n                    <\/div>\r\n                <\/div>\r\n            <\/div>\r\n        <\/a>\r\n\r\n            <\/section>","protected":false},"excerpt":{"rendered":"<p>\u00de\u00fdsk m\u00e1lfr\u00e6\u00f0i efni A\u00f0 l\u00e6ra n\u00fdtt tungum\u00e1l getur veri\u00f0 \u00f3gnvekjandi verkefni, en me\u00f0 r\u00e9ttri n\u00e1lgun getur \u00fea\u00f0 veri\u00f0 spennandi og gefandi reynsla. \u00de\u00fdska er mj\u00f6g skipulagt og r\u00f6kr\u00e9tt tungum\u00e1l, sem gerir \u00fea\u00f0 au\u00f0veldara a\u00f0 l\u00e6ra ef \u00fe\u00fa hefur sk\u00fdran skilning \u00e1 m\u00e1lfr\u00e6\u00f0ireglum \u00feess. \u00deessi handb\u00f3k mun hj\u00e1lpa \u00fe\u00e9r a\u00f0 skilja lykil\u00fe\u00e6tti \u00fe\u00fdskrar m\u00e1lfr\u00e6\u00f0i, svo sem [&hellip;]<\/p>\n","protected":false},"author":6,"featured_media":75608,"parent":0,"menu_order":0,"comment_status":"closed","ping_status":"closed","template":"LearningContentPage.php","meta":{"_acf_changed":false,"footnotes":""},"class_list":["post-132124","page","type-page","status-publish","has-post-thumbnail","hentry"],"acf":[],"yoast_head":"<!-- This site is optimized with the Yoast SEO Premium plugin v27.2 (Yoast SEO v27.2) - https:\/\/yoast.com\/product\/yoast-seo-premium-wordpress\/ -->\n<title>\u00de\u00fdska M\u00e1lfr\u00e6\u00f0i \u00c6fingar - Talkpal<\/title>\n<meta name=\"description\" content=\"B\u00e6ttu \u00fe\u00fdsku m\u00e1lfr\u00e6\u00f0i \u00fe\u00edna me\u00f0 verklegum \u00e6fingum \u2014 b\u00e6ttu \u00feig hratt, \u00e6f\u00f0u \u00feig gagnvirkt og \u00f6\u00f0la\u00f0u \u00fe\u00e9r sj\u00e1lfstraust \u00ed tungum\u00e1linu me\u00f0 Talkpal gervigreind.\" \/>\n<meta name=\"robots\" content=\"index, follow, max-snippet:-1, max-image-preview:large, max-video-preview:-1\" \/>\n<link rel=\"canonical\" href=\"https:\/\/talkpal.ai\/is\/thyska-malfraedi-aefingar\/\" \/>\n<meta property=\"og:locale\" content=\"is_IS\" \/>\n<meta property=\"og:type\" content=\"article\" \/>\n<meta property=\"og:title\" content=\"\u00de\u00fdska M\u00e1lfr\u00e6\u00f0i \u00c6fingar\" \/>\n<meta property=\"og:description\" content=\"\u00de\u00fdsk m\u00e1lfr\u00e6\u00f0i efni A\u00f0 l\u00e6ra n\u00fdtt tungum\u00e1l getur veri\u00f0 \u00f3gnvekjandi verkefni, en me\u00f0 r\u00e9ttri n\u00e1lgun getur \u00fea\u00f0 veri\u00f0 spennandi og gefandi reynsla. \u00de\u00fdska er\" \/>\n<meta property=\"og:url\" content=\"https:\/\/talkpal.ai\/is\/thyska-malfraedi-aefingar\/\" \/>\n<meta property=\"og:site_name\" content=\"Talkpal\" \/>\n<meta property=\"article:publisher\" content=\"https:\/\/www.facebook.com\/profile.php?id=100090733639311\" \/>\n<meta property=\"article:modified_time\" content=\"2025-12-17T16:12:04+00:00\" \/>\n<meta property=\"og:image\" content=\"https:\/\/talkpal.ai\/wp-content\/uploads\/2023\/03\/germany.png\" \/>\n\t<meta property=\"og:image:width\" content=\"512\" \/>\n\t<meta property=\"og:image:height\" content=\"512\" \/>\n\t<meta property=\"og:image:type\" content=\"image\/png\" \/>\n<meta name=\"twitter:card\" content=\"summary_large_image\" \/>\n<meta name=\"twitter:site\" content=\"@talkpalai\" \/>\n<meta name=\"twitter:label1\" content=\"Est. reading time\" \/>\n\t<meta name=\"twitter:data1\" content=\"3 minutes\" \/>\n<script type=\"application\/ld+json\" class=\"yoast-schema-graph\">{\"@context\":\"https:\/\/schema.org\",\"@graph\":[{\"@type\":\"WebPage\",\"@id\":\"https:\/\/talkpal.ai\/is\/thyska-malfraedi-aefingar\/\",\"url\":\"https:\/\/talkpal.ai\/is\/thyska-malfraedi-aefingar\/\",\"name\":\"\u00de\u00fdska M\u00e1lfr\u00e6\u00f0i \u00c6fingar - Talkpal\",\"isPartOf\":{\"@id\":\"https:\/\/talkpal.ai\/is\/#website\"},\"primaryImageOfPage\":{\"@id\":\"https:\/\/talkpal.ai\/is\/thyska-malfraedi-aefingar\/#primaryimage\"},\"image\":{\"@id\":\"https:\/\/talkpal.ai\/is\/thyska-malfraedi-aefingar\/#primaryimage\"},\"thumbnailUrl\":\"https:\/\/talkpal.ai\/wp-content\/uploads\/2023\/03\/germany.png\",\"datePublished\":\"2023-06-16T09:14:18+00:00\",\"dateModified\":\"2025-12-17T16:12:04+00:00\",\"description\":\"B\u00e6ttu \u00fe\u00fdsku m\u00e1lfr\u00e6\u00f0i \u00fe\u00edna me\u00f0 verklegum \u00e6fingum \u2014 b\u00e6ttu \u00feig hratt, \u00e6f\u00f0u \u00feig gagnvirkt og \u00f6\u00f0la\u00f0u \u00fe\u00e9r sj\u00e1lfstraust \u00ed tungum\u00e1linu me\u00f0 Talkpal gervigreind.\",\"breadcrumb\":{\"@id\":\"https:\/\/talkpal.ai\/is\/thyska-malfraedi-aefingar\/#breadcrumb\"},\"inLanguage\":\"is\",\"potentialAction\":[{\"@type\":\"ReadAction\",\"target\":[\"https:\/\/talkpal.ai\/is\/thyska-malfraedi-aefingar\/\"]}]},{\"@type\":\"ImageObject\",\"inLanguage\":\"is\",\"@id\":\"https:\/\/talkpal.ai\/is\/thyska-malfraedi-aefingar\/#primaryimage\",\"url\":\"https:\/\/talkpal.ai\/wp-content\/uploads\/2023\/03\/germany.png\",\"contentUrl\":\"https:\/\/talkpal.ai\/wp-content\/uploads\/2023\/03\/germany.png\",\"width\":512,\"height\":512,\"caption\":\"TalkPal AI learn German\"},{\"@type\":\"BreadcrumbList\",\"@id\":\"https:\/\/talkpal.ai\/is\/thyska-malfraedi-aefingar\/#breadcrumb\",\"itemListElement\":[{\"@type\":\"ListItem\",\"position\":1,\"name\":\"Homepage\",\"item\":\"https:\/\/talkpal.ai\/is\/\"},{\"@type\":\"ListItem\",\"position\":2,\"name\":\"\u00de\u00fdska M\u00e1lfr\u00e6\u00f0i \u00c6fingar\"}]},{\"@type\":\"WebSite\",\"@id\":\"https:\/\/talkpal.ai\/is\/#website\",\"url\":\"https:\/\/talkpal.ai\/is\/\",\"name\":\"Talkpal\",\"description\":\"AI Language Learning\",\"publisher\":{\"@id\":\"https:\/\/talkpal.ai\/is\/#organization\"},\"alternateName\":\"Talkpal AI\",\"potentialAction\":[{\"@type\":\"SearchAction\",\"target\":{\"@type\":\"EntryPoint\",\"urlTemplate\":\"https:\/\/talkpal.ai\/is\/?s={search_term_string}\"},\"query-input\":{\"@type\":\"PropertyValueSpecification\",\"valueRequired\":true,\"valueName\":\"search_term_string\"}}],\"inLanguage\":\"is\"},{\"@type\":\"Organization\",\"@id\":\"https:\/\/talkpal.ai\/is\/#organization\",\"name\":\"Talkpal, Inc.\",\"alternateName\":\"Talkpal AI\",\"url\":\"https:\/\/talkpal.ai\/is\/\",\"logo\":{\"@type\":\"ImageObject\",\"inLanguage\":\"is\",\"@id\":\"https:\/\/talkpal.ai\/is\/#\/schema\/logo\/image\/\",\"url\":\"https:\/\/talkpal.ai\/wp-content\/uploads\/2024\/03\/Talkpal-Logo-Icon.png\",\"contentUrl\":\"https:\/\/talkpal.ai\/wp-content\/uploads\/2024\/03\/Talkpal-Logo-Icon.png\",\"width\":2880,\"height\":2880,\"caption\":\"Talkpal, Inc.\"},\"image\":{\"@id\":\"https:\/\/talkpal.ai\/is\/#\/schema\/logo\/image\/\"},\"sameAs\":[\"https:\/\/www.facebook.com\/profile.php?id=100090733639311\",\"https:\/\/x.com\/talkpalai\",\"https:\/\/www.linkedin.com\/company\/talkpal\/\",\"https:\/\/www.youtube.com\/@TalkPal\/\",\"https:\/\/www.tiktok.com\/@talkpal\",\"https:\/\/www.instagram.com\/talkpal_ai\/\",\"https:\/\/www.crunchbase.com\/organization\/talkpal-9cde\",\"https:\/\/www.g2.com\/products\/talkpal-for-business\/\",\"https:\/\/www.trustpilot.com\/review\/talkpal.ai\",\"https:\/\/www.capterra.com\/p\/10006800\/TalkPal\/\"],\"description\":\"Talkpal is a language learning web and mobile education app, powered by the latest AI technologies, that provides engaging experiences to its customers in many different languages to help them improve their language skills. Users can chat about unlimited amount of topics with the app and use other modes to practice their language learning.\",\"email\":\"support@talkpal.ai\",\"legalName\":\"Talkpal, Inc.\",\"foundingDate\":\"2023-04-03\",\"duns\":\"118989042\",\"numberOfEmployees\":{\"@type\":\"QuantitativeValue\",\"minValue\":\"11\",\"maxValue\":\"50\"},\"publishingPrinciples\":\"https:\/\/talkpal.ai\/publishing-principles\/\",\"actionableFeedbackPolicy\":\"https:\/\/talkpal.ai\/actionable-feedback-policy\/\",\"correctionsPolicy\":\"https:\/\/talkpal.ai\/corrections-policy\/\",\"ethicsPolicy\":\"https:\/\/talkpal.ai\/ethics-policy\/\",\"diversityPolicy\":\"https:\/\/talkpal.ai\/diversity-policy\/\",\"diversityStaffingReport\":\"https:\/\/talkpal.ai\/diversity-policy\/\"}]}<\/script>\n<!-- \/ Yoast SEO Premium plugin. -->","yoast_head_json":{"title":"\u00de\u00fdska M\u00e1lfr\u00e6\u00f0i \u00c6fingar - Talkpal","description":"B\u00e6ttu \u00fe\u00fdsku m\u00e1lfr\u00e6\u00f0i \u00fe\u00edna me\u00f0 verklegum \u00e6fingum \u2014 b\u00e6ttu \u00feig hratt, \u00e6f\u00f0u \u00feig gagnvirkt og \u00f6\u00f0la\u00f0u \u00fe\u00e9r sj\u00e1lfstraust \u00ed tungum\u00e1linu me\u00f0 Talkpal gervigreind.","robots":{"index":"index","follow":"follow","max-snippet":"max-snippet:-1","max-image-preview":"max-image-preview:large","max-video-preview":"max-video-preview:-1"},"canonical":"https:\/\/talkpal.ai\/is\/thyska-malfraedi-aefingar\/","og_locale":"is_IS","og_type":"article","og_title":"\u00de\u00fdska M\u00e1lfr\u00e6\u00f0i \u00c6fingar","og_description":"\u00de\u00fdsk m\u00e1lfr\u00e6\u00f0i efni A\u00f0 l\u00e6ra n\u00fdtt tungum\u00e1l getur veri\u00f0 \u00f3gnvekjandi verkefni, en me\u00f0 r\u00e9ttri n\u00e1lgun getur \u00fea\u00f0 veri\u00f0 spennandi og gefandi reynsla. \u00de\u00fdska er","og_url":"https:\/\/talkpal.ai\/is\/thyska-malfraedi-aefingar\/","og_site_name":"Talkpal","article_publisher":"https:\/\/www.facebook.com\/profile.php?id=100090733639311","article_modified_time":"2025-12-17T16:12:04+00:00","og_image":[{"width":512,"height":512,"url":"https:\/\/talkpal.ai\/wp-content\/uploads\/2023\/03\/germany.png","type":"image\/png"}],"twitter_card":"summary_large_image","twitter_site":"@talkpalai","twitter_misc":{"Est. reading time":"3 minutes"},"schema":{"@context":"https:\/\/schema.org","@graph":[{"@type":"WebPage","@id":"https:\/\/talkpal.ai\/is\/thyska-malfraedi-aefingar\/","url":"https:\/\/talkpal.ai\/is\/thyska-malfraedi-aefingar\/","name":"\u00de\u00fdska M\u00e1lfr\u00e6\u00f0i \u00c6fingar - Talkpal","isPartOf":{"@id":"https:\/\/talkpal.ai\/is\/#website"},"primaryImageOfPage":{"@id":"https:\/\/talkpal.ai\/is\/thyska-malfraedi-aefingar\/#primaryimage"},"image":{"@id":"https:\/\/talkpal.ai\/is\/thyska-malfraedi-aefingar\/#primaryimage"},"thumbnailUrl":"https:\/\/talkpal.ai\/wp-content\/uploads\/2023\/03\/germany.png","datePublished":"2023-06-16T09:14:18+00:00","dateModified":"2025-12-17T16:12:04+00:00","description":"B\u00e6ttu \u00fe\u00fdsku m\u00e1lfr\u00e6\u00f0i \u00fe\u00edna me\u00f0 verklegum \u00e6fingum \u2014 b\u00e6ttu \u00feig hratt, \u00e6f\u00f0u \u00feig gagnvirkt og \u00f6\u00f0la\u00f0u \u00fe\u00e9r sj\u00e1lfstraust \u00ed tungum\u00e1linu me\u00f0 Talkpal gervigreind.","breadcrumb":{"@id":"https:\/\/talkpal.ai\/is\/thyska-malfraedi-aefingar\/#breadcrumb"},"inLanguage":"is","potentialAction":[{"@type":"ReadAction","target":["https:\/\/talkpal.ai\/is\/thyska-malfraedi-aefingar\/"]}]},{"@type":"ImageObject","inLanguage":"is","@id":"https:\/\/talkpal.ai\/is\/thyska-malfraedi-aefingar\/#primaryimage","url":"https:\/\/talkpal.ai\/wp-content\/uploads\/2023\/03\/germany.png","contentUrl":"https:\/\/talkpal.ai\/wp-content\/uploads\/2023\/03\/germany.png","width":512,"height":512,"caption":"TalkPal AI learn German"},{"@type":"BreadcrumbList","@id":"https:\/\/talkpal.ai\/is\/thyska-malfraedi-aefingar\/#breadcrumb","itemListElement":[{"@type":"ListItem","position":1,"name":"Homepage","item":"https:\/\/talkpal.ai\/is\/"},{"@type":"ListItem","position":2,"name":"\u00de\u00fdska M\u00e1lfr\u00e6\u00f0i \u00c6fingar"}]},{"@type":"WebSite","@id":"https:\/\/talkpal.ai\/is\/#website","url":"https:\/\/talkpal.ai\/is\/","name":"Talkpal","description":"AI Language Learning","publisher":{"@id":"https:\/\/talkpal.ai\/is\/#organization"},"alternateName":"Talkpal AI","potentialAction":[{"@type":"SearchAction","target":{"@type":"EntryPoint","urlTemplate":"https:\/\/talkpal.ai\/is\/?s={search_term_string}"},"query-input":{"@type":"PropertyValueSpecification","valueRequired":true,"valueName":"search_term_string"}}],"inLanguage":"is"},{"@type":"Organization","@id":"https:\/\/talkpal.ai\/is\/#organization","name":"Talkpal, Inc.","alternateName":"Talkpal AI","url":"https:\/\/talkpal.ai\/is\/","logo":{"@type":"ImageObject","inLanguage":"is","@id":"https:\/\/talkpal.ai\/is\/#\/schema\/logo\/image\/","url":"https:\/\/talkpal.ai\/wp-content\/uploads\/2024\/03\/Talkpal-Logo-Icon.png","contentUrl":"https:\/\/talkpal.ai\/wp-content\/uploads\/2024\/03\/Talkpal-Logo-Icon.png","width":2880,"height":2880,"caption":"Talkpal, Inc."},"image":{"@id":"https:\/\/talkpal.ai\/is\/#\/schema\/logo\/image\/"},"sameAs":["https:\/\/www.facebook.com\/profile.php?id=100090733639311","https:\/\/x.com\/talkpalai","https:\/\/www.linkedin.com\/company\/talkpal\/","https:\/\/www.youtube.com\/@TalkPal\/","https:\/\/www.tiktok.com\/@talkpal","https:\/\/www.instagram.com\/talkpal_ai\/","https:\/\/www.crunchbase.com\/organization\/talkpal-9cde","https:\/\/www.g2.com\/products\/talkpal-for-business\/","https:\/\/www.trustpilot.com\/review\/talkpal.ai","https:\/\/www.capterra.com\/p\/10006800\/TalkPal\/"],"description":"Talkpal is a language learning web and mobile education app, powered by the latest AI technologies, that provides engaging experiences to its customers in many different languages to help them improve their language skills. Users can chat about unlimited amount of topics with the app and use other modes to practice their language learning.","email":"support@talkpal.ai","legalName":"Talkpal, Inc.","foundingDate":"2023-04-03","duns":"118989042","numberOfEmployees":{"@type":"QuantitativeValue","minValue":"11","maxValue":"50"},"publishingPrinciples":"https:\/\/talkpal.ai\/publishing-principles\/","actionableFeedbackPolicy":"https:\/\/talkpal.ai\/actionable-feedback-policy\/","correctionsPolicy":"https:\/\/talkpal.ai\/corrections-policy\/","ethicsPolicy":"https:\/\/talkpal.ai\/ethics-policy\/","diversityPolicy":"https:\/\/talkpal.ai\/diversity-policy\/","diversityStaffingReport":"https:\/\/talkpal.ai\/diversity-policy\/"}]}},"_links":{"self":[{"href":"https:\/\/talkpal.ai\/is\/wp-json\/wp\/v2\/pages\/132124","targetHints":{"allow":["GET"]}}],"collection":[{"href":"https:\/\/talkpal.ai\/is\/wp-json\/wp\/v2\/pages"}],"about":[{"href":"https:\/\/talkpal.ai\/is\/wp-json\/wp\/v2\/types\/page"}],"author":[{"embeddable":true,"href":"https:\/\/talkpal.ai\/is\/wp-json\/wp\/v2\/users\/6"}],"replies":[{"embeddable":true,"href":"https:\/\/talkpal.ai\/is\/wp-json\/wp\/v2\/comments?post=132124"}],"version-history":[{"count":0,"href":"https:\/\/talkpal.ai\/is\/wp-json\/wp\/v2\/pages\/132124\/revisions"}],"wp:featuredmedia":[{"embeddable":true,"href":"https:\/\/talkpal.ai\/is\/wp-json\/wp\/v2\/media\/75608"}],"wp:attachment":[{"href":"https:\/\/talkpal.ai\/is\/wp-json\/wp\/v2\/media?parent=132124"}],"curies":[{"name":"wp","href":"https:\/\/api.w.org\/{rel}","templated":true}]}}