{"id":131850,"date":"2023-06-16T08:35:52","date_gmt":"2023-06-16T08:35:52","guid":{"rendered":"http:\/\/talkpal.ai\/franskar-malfraediaefingar\/"},"modified":"2025-12-17T16:47:30","modified_gmt":"2025-12-17T16:47:30","slug":"franskar-malfraediaefingar","status":"publish","type":"page","link":"https:\/\/talkpal.ai\/is\/franskar-malfraediaefingar\/","title":{"rendered":"Franskar m\u00e1lfr\u00e6\u00f0i\u00e6fingar"},"content":{"rendered":"\r\n\r\n\r\n<section class=\"languageChallengeSection\">\r\n    <div class=\"languageInfoWrapper\">\r\n        \r\n        <h1>Franskar m\u00e1lfr\u00e6\u00f0i\u00e6fingar<\/h1>\r\n        <p>Langar \u00feig a\u00f0 n\u00e1 g\u00f3\u00f0um t\u00f6kum \u00e1 fr\u00f6nsku? A\u00f0 \u00e6fa m\u00e1lfr\u00e6\u00f0i\u00e6fingar er fr\u00e1b\u00e6r lei\u00f0 til a\u00f0 skilja setningarbyggingu, sagnbeygingar og einst\u00f6k mynstur franskrar tungu. Byrja\u00f0u a\u00f0 vinna \u00ed fr\u00f6nsku m\u00e1lfr\u00e6\u00f0inni \u00ed dag og sj\u00e1\u00f0u sj\u00e1lfstraust \u00feitt og f\u00e6rni vaxa me\u00f0 hverri \u00e6fingu!\n\n<\/p>\r\n\r\n                            <a class=\"getStartedHidden\" href=\"https:\/\/app.talkpal.ai\/signup?lng=\">Byrja\u00f0u<\/a>\r\n        \r\n    <\/div>\r\n\r\n    <figure>\r\n    <img decoding=\"async\" width=\"768\" height=\"768\" src=\"https:\/\/talkpal.ai\/wp-content\/uploads\/2023\/06\/french-768x768.png\" class=\"languageImage no-lazy\" alt=\"Language learning strategies for professionals\" fetchpriority=\"high\" sizes=\"(max-width: 768px) 150px, 768px\" srcset=\"https:\/\/talkpal.ai\/wp-content\/uploads\/2023\/06\/french-768x768.png 768w, https:\/\/talkpal.ai\/wp-content\/uploads\/2023\/06\/french-300x300.png 300w\" \/>\r\n    \r\n\r\n    <\/figure>\r\n\r\n            <a class=\"getStartedVisible\" href=\"https:\/\/app.talkpal.ai\/signup?lng=\">Byrja\u00f0u<\/a>\r\n    \r\n<\/section>\r\n\r\n\r\n<!-- <section class=\"grammarSection\">\r\n    <div class=\"grammarLinks\">\r\n            <\/div>\r\n<\/section> -->\r\n\r\n\r\n\r\n\r\n<section class=\"promotionalBanner\">\r\n    <p class=\"promotionalText\">Skilvirkasta lei\u00f0in til a\u00f0 l\u00e6ra tungum\u00e1l<\/p>\r\n    <a class=\"promotionalLink\" href=\"https:\/\/app.talkpal.ai\/signup?lng=\">Pr\u00f3fa\u00f0u Talkpal \u00f3keypis<\/a>\r\n<\/section>\n<div class=\"wp-block-group pageContainerStyle\"><div class=\"wp-block-group__inner-container is-layout-constrained wp-block-group-is-layout-constrained\">\n<h2 class=\"wp-block-heading\" id=\"h-french-grammar-topics\">Fr\u00f6nsk m\u00e1lfr\u00e6\u00f0i efni<\/h2>\n\n\n\n<p>A\u00f0 l\u00e6ra fr\u00f6nsku getur veri\u00f0 spennandi og gefandi reynsla. Sem tungum\u00e1l r\u00edkt af s\u00f6gu og menningu b\u00fd\u00f0ur <a href=\"https:\/\/talkpal.ai\/learn-french\/\">franska<\/a> upp \u00e1 einstakt sj\u00f3narhorn \u00e1 heiminn og er nau\u00f0synlegt samskiptat\u00e6ki \u00e1 \u00fdmsum svi\u00f0um. Til a\u00f0 l\u00e6ra fr\u00f6nsku \u00e1 \u00e1hrifar\u00edkan h\u00e1tt er mikilv\u00e6gt <a href=\"https:\/\/talkpal.ai\/culture\/what-is-the-verb-ad-hafa-and-when-is-it-used\/\">a\u00f0 hafa<\/a> g\u00f3\u00f0 t\u00f6k \u00e1 <a href=\"https:\/\/talkpal.ai\/grammar\/\">m\u00e1lfr\u00e6\u00f0i<\/a> \u00feess, sem er grunnurinn a\u00f0 hva\u00f0a tungum\u00e1li sem er. Eftirfarandi r\u00f6\u00f0 franskra m\u00e1lfr\u00e6\u00f0iefna, \u00fear \u00e1 me\u00f0al l\u00fdsingaror\u00f0, atviksor\u00f0, greinar, nafnor\u00f0, forsetningar, forn\u00f6fn og \u00e1kv\u00f6r\u00f0unaror\u00f0, setningager\u00f0, spennur &#8211; lei\u00f0beinandi og sagnir, mun hj\u00e1lpa \u00fe\u00e9r \u00e1 fer\u00f0 \u00feinni til a\u00f0 n\u00e1 t\u00f6kum \u00e1 tungum\u00e1linu.<\/p>\n\n\n\n<h3 class=\"wp-block-heading\" id=\"h-1-nouns\">1. Nafnor\u00f0:<\/h3>\n\n\n\n<p>Nafnor\u00f0 eru a\u00f0albyggingareiningar hvers tungum\u00e1ls, \u00fear sem \u00feau t\u00e1kna f\u00f3lk, sta\u00f0i, hluti e\u00f0a hugmyndir. \u00c1 fr\u00f6nsku hafa nafnor\u00f0 kyn (karlkyns e\u00f0a kvenkyns) og geta veri\u00f0 eint\u00f6lu e\u00f0a fleirt\u00f6lu. Mikilv\u00e6gt er a\u00f0 skilja kyn og fj\u00f6lda nafnor\u00f0a \u00fear sem \u00fea\u00f0 hefur \u00e1hrif \u00e1 form annarra or\u00f0a \u00ed setningu, svo sem l\u00fdsingaror\u00f0um, greinum og forn\u00f6fnum.<\/p>\n\n\n\n<h3 class=\"wp-block-heading\" id=\"h-2-articles\">2. Greinar:<\/h3>\n\n\n\n<p>Greinar eru nau\u00f0synlegar \u00ed franskri m\u00e1lfr\u00e6\u00f0i, \u00fear sem \u00fe\u00e6r veita uppl\u00fdsingar um kyn og fj\u00f6lda nafnor\u00f0s. \u00dea\u00f0 eru \u00ferj\u00e1r tegundir greina \u00e1 fr\u00f6nsku: \u00e1kve\u00f0in (le, la, les), \u00f3\u00e1kve\u00f0in (un, une, des) og hlutdr\u00e6g (du, de la, des). Notkun vi\u00f0eigandi greinar hj\u00e1lpar til vi\u00f0 a\u00f0 koma \u00e1 framf\u00e6ri fyrirhuga\u00f0ri merkingu setningar.<\/p>\n\n\n\n<h3 class=\"wp-block-heading\" id=\"h-3-adjectives\">3. L\u00fdsingaror\u00f0:<\/h3>\n\n\n\n<p>L\u00fdsingaror\u00f0 eru notu\u00f0 til a\u00f0 l\u00fdsa e\u00f0a breyta nafnor\u00f0um. \u00c1 fr\u00f6nsku ver\u00f0a l\u00fdsingaror\u00f0 a\u00f0 vera samm\u00e1la nafnor\u00f0inu sem \u00feau breyta \u00ed kyni og t\u00f6lu. A\u00f0 auki getur sta\u00f0a l\u00fdsingaror\u00f0a \u00ed setningu veri\u00f0 mismunandi, \u00fe\u00f3 a\u00f0 flest l\u00fdsingaror\u00f0 fylgi nafnor\u00f0inu sem \u00feau l\u00fdsa.<\/p>\n\n\n\n<h3 class=\"wp-block-heading\" id=\"h-4-pronouns-and-determiners\">4. Forn\u00f6fn og \u00e1kvar\u00f0andi a\u00f0ilar:<\/h3>\n\n\n\n<p>Forn\u00f6fn koma \u00ed sta\u00f0 nafnor\u00f0a til a\u00f0 for\u00f0ast endurtekningu, en \u00e1kvar\u00f0andi a\u00f0ilar tilgreina e\u00f0a magngreina nafnor\u00f0. B\u00e6\u00f0i forn\u00f6fn og \u00e1kvar\u00f0andi ver\u00f0a a\u00f0 vera samm\u00e1la nafnor\u00f0inu sem \u00feau koma \u00ed sta\u00f0 e\u00f0a fylgja \u00ed kyni og t\u00f6lu. Fr\u00f6nsk forn\u00f6fn innihalda efnisforn\u00f6fn (je, tu, il o.s.frv.), hlutforn\u00f6fn (me, te, lui o.s.frv.) og ni\u00f0randi forn\u00f6fn (me, te, se o.s.frv.). \u00c1kvar\u00f0andi eru eignarfallsl\u00fdsingaror\u00f0 (m\u00e1n, ma, mes o.s.frv.) og s\u00fdnandi l\u00fdsingaror\u00f0 (ce, cette, ces osfrv.).<\/p>\n\n\n\n<h3 class=\"wp-block-heading\" id=\"h-5-verbs\">5. Sagnir:<\/h3>\n\n\n\n<p>Sagnir tj\u00e1 athafnir, \u00e1stand e\u00f0a atvik. \u00c1 fr\u00f6nsku eru sagnir beyg\u00f0ar til a\u00f0 vera samm\u00e1la vi\u00f0fangsefninu \u00ed eigin pers\u00f3nu og t\u00f6lu og tj\u00e1 mismunandi t\u00ed\u00f0ir og skap. Reglulegar sagnir fylgja fyrirsj\u00e1anlegu mynstri en \u00f3reglulegar sagnir krefjast minningar.<\/p>\n\n\n\n<h3 class=\"wp-block-heading\" id=\"h-6-tenses-indicative\">6. Tenses \u2013 Lei\u00f0beinandi:<\/h3>\n\n\n\n<p>Lei\u00f0beinandi stemning er notu\u00f0 til a\u00f0 tj\u00e1 sta\u00f0reyndir og hlutl\u00e6gar fullyr\u00f0ingar. \u00dea\u00f0 eru \u00e1tta spennur \u00ed fr\u00f6nsku t\u00e1kninu: n\u00fat\u00ed\u00f0, framt\u00ed\u00f0, \u00f3fullkomin, einf\u00f6ld fort\u00ed\u00f0, pl\u00fat\u00f3fullkomin, framt\u00ed\u00f0 fullkomin, fort\u00ed\u00f0 skilyrt og fort\u00ed\u00f0 fullkomin. A\u00f0 skilja og n\u00e1 t\u00f6kum \u00e1 \u00feessum spennum er mikilv\u00e6gt til a\u00f0 tj\u00e1 t\u00edma og r\u00f6\u00f0 \u00e1 fr\u00f6nsku.<\/p>\n\n\n\n<h3 class=\"wp-block-heading\" id=\"h-7-adverbs\">7. Atviksor\u00f0:<\/h3>\n\n\n\n<p>Atviksor\u00f0 breyta s\u00f6gnum, l\u00fdsingaror\u00f0um e\u00f0a \u00f6\u00f0rum atviksor\u00f0um og veita frekari uppl\u00fdsingar um ath\u00f6fn, \u00e1stand e\u00f0a g\u00e6\u00f0i. \u00cd fr\u00f6nsku eru flest atviksor\u00f0 myndu\u00f0 me\u00f0 \u00fev\u00ed a\u00f0 b\u00e6ta -ment vi\u00f0 kvenkynsform l\u00fdsingaror\u00f0sins. Atviksor\u00f0 fylgja yfirleitt s\u00f6gninni sem \u00feau breyta.<\/p>\n\n\n\n<h3 class=\"wp-block-heading\" id=\"h-8-prepositions\">8. Forsetningar:<\/h3>\n\n\n\n<p>Forsetningar tengja saman or\u00f0 e\u00f0a or\u00f0ah\u00f3pa sem gefa til kynna tengsl eins og sta\u00f0setningu, stefnu, t\u00edma e\u00f0a ors\u00f6k. Algengar franskar forsetningar eru \u00e0 (hj\u00e1, til), de (af, fr\u00e1), en (\u00ed, \u00e1) og hella (fyrir). A\u00f0 l\u00e6ra forsetningar og notkun \u00feeirra er nau\u00f0synlegt til a\u00f0 b\u00faa til samhangandi setningar.<\/p>\n\n\n\n<h3 class=\"wp-block-heading\" id=\"h-9-sentence-structure\">9. Setningaskipan:<\/h3>\n\n\n\n<p><a href=\"https:\/\/talkpal.ai\/is\/20-franskar-setningar-og-dagleg-ordasambond-til-ad-auka-reiprennandi\/\">Franskar setningar<\/a> fylgja efnis-s\u00f6gn-hlut (SVO) uppbyggingu, svipa\u00f0 og <a href=\"https:\/\/talkpal.ai\/learn-english-with-ai\/\">enska<\/a>. Hins vegar getur or\u00f0ar\u00f6\u00f0 veri\u00f0 mismunandi eftir notkun fornafna, neitunar og \u00e1herslu. Skilningur \u00e1 setningager\u00f0 er mikilv\u00e6gur til a\u00f0 mynda sk\u00fdrar og n\u00e1kv\u00e6mar fullyr\u00f0ingar og spurningar \u00e1 fr\u00f6nsku.<\/p>\n<\/div><\/div>\n\r\n<section class=\"learnNavigationSection\">\r\n            \r\n        <a href=\"https:\/\/talkpal.ai\/is\/laerdu-fronsku\/\">\r\n            <div class=\"learnNavigationWrapper\">\r\n                <div class=\"learnNavigationContent\">\r\n                    <img decoding=\"async\" src=\"https:\/\/talkpal.ai\/wp-content\/uploads\/2024\/08\/French.jpg\" alt=\"French Flag\">\r\n                    <div>\r\n                        <h4>Um fr\u00f6nskun\u00e1m<\/h4>\r\n                        <p>Finndu \u00fat allt um franska m\u00e1lfr\u00e6\u00f0i.<\/p>\r\n                    <\/div>\r\n                <\/div>\r\n            <\/div>\r\n        <\/a>\r\n\r\n        \r\n        <a href=\"https:\/\/talkpal.ai\/is\/fronsk-malfraedi\/\">\r\n            <div class=\"learnNavigationWrapper\">\r\n                <div class=\"learnNavigationContent\">\r\n                    <img decoding=\"async\" src=\"https:\/\/talkpal.ai\/wp-content\/uploads\/2024\/08\/French.jpg\" alt=\"French Flag\">\r\n                    <div>\r\n                        <h4>Franska kennslustundir \u00ed m\u00e1lfr\u00e6\u00f0i<\/h4>\r\n                        <p>\u00c6f\u00f0u franska m\u00e1lfr\u00e6\u00f0i.<\/p>\r\n                    <\/div>\r\n                <\/div>\r\n            <\/div>\r\n        <\/a>\r\n\r\n        \r\n        <a href=\"https:\/\/talkpal.ai\/vocabulary_language\/french\/\">\r\n            <div class=\"learnNavigationWrapper\">\r\n                <div class=\"learnNavigationContent\">\r\n                    <img decoding=\"async\" src=\"https:\/\/talkpal.ai\/wp-content\/uploads\/2024\/08\/French.jpg\" alt=\"French Flag\">\r\n                    <div>\r\n                        <h4>Franskur or\u00f0afor\u00f0i<\/h4>\r\n                        <p>St\u00e6kka\u00f0u franskan or\u00f0afor\u00f0a \u00feinn.<\/p>\r\n                    <\/div>\r\n                <\/div>\r\n            <\/div>\r\n        <\/a>\r\n\r\n            <\/section>","protected":false},"excerpt":{"rendered":"<p>Fr\u00f6nsk m\u00e1lfr\u00e6\u00f0i efni A\u00f0 l\u00e6ra fr\u00f6nsku getur veri\u00f0 spennandi og gefandi reynsla. Sem tungum\u00e1l r\u00edkt af s\u00f6gu og menningu b\u00fd\u00f0ur franska upp \u00e1 einstakt sj\u00f3narhorn \u00e1 heiminn og er nau\u00f0synlegt samskiptat\u00e6ki \u00e1 \u00fdmsum svi\u00f0um. Til a\u00f0 l\u00e6ra fr\u00f6nsku \u00e1 \u00e1hrifar\u00edkan h\u00e1tt er mikilv\u00e6gt a\u00f0 hafa g\u00f3\u00f0 t\u00f6k \u00e1 m\u00e1lfr\u00e6\u00f0i \u00feess, sem er grunnurinn a\u00f0 hva\u00f0a [&hellip;]<\/p>\n","protected":false},"author":6,"featured_media":75932,"parent":0,"menu_order":0,"comment_status":"closed","ping_status":"closed","template":"LearningContentPage.php","meta":{"_acf_changed":false,"footnotes":""},"class_list":["post-131850","page","type-page","status-publish","has-post-thumbnail","hentry"],"acf":[],"yoast_head":"<!-- This site is optimized with the Yoast SEO Premium plugin v27.2 (Yoast SEO v27.2) - https:\/\/yoast.com\/product\/yoast-seo-premium-wordpress\/ -->\n<title>Franskar m\u00e1lfr\u00e6\u00f0i\u00e6fingar - Talkpal<\/title>\n<meta name=\"description\" content=\"\u00c6f\u00f0u og b\u00e6ttu franska m\u00e1lfr\u00e6\u00f0ikunn\u00e1ttu \u00fe\u00edna me\u00f0 gagnvirkum \u00e6fingum sem eru hanna\u00f0ar fyrir \u00f6ll stig. B\u00e6ttu tungum\u00e1lakunn\u00e1ttu \u00fe\u00edna!\" \/>\n<meta name=\"robots\" content=\"index, follow, max-snippet:-1, max-image-preview:large, max-video-preview:-1\" \/>\n<link rel=\"canonical\" href=\"https:\/\/talkpal.ai\/is\/franskar-malfraediaefingar\/\" \/>\n<meta property=\"og:locale\" content=\"is_IS\" \/>\n<meta property=\"og:type\" content=\"article\" \/>\n<meta property=\"og:title\" content=\"Franskar m\u00e1lfr\u00e6\u00f0i\u00e6fingar\" \/>\n<meta property=\"og:description\" content=\"Fr\u00f6nsk m\u00e1lfr\u00e6\u00f0i efni A\u00f0 l\u00e6ra fr\u00f6nsku getur veri\u00f0 spennandi og gefandi reynsla. Sem tungum\u00e1l r\u00edkt af s\u00f6gu og menningu b\u00fd\u00f0ur franska upp \u00e1 einstakt\" \/>\n<meta property=\"og:url\" content=\"https:\/\/talkpal.ai\/is\/franskar-malfraediaefingar\/\" \/>\n<meta property=\"og:site_name\" content=\"Talkpal\" \/>\n<meta property=\"article:publisher\" content=\"https:\/\/www.facebook.com\/profile.php?id=100090733639311\" \/>\n<meta property=\"article:modified_time\" content=\"2025-12-17T16:47:30+00:00\" \/>\n<meta property=\"og:image\" content=\"https:\/\/talkpal.ai\/wp-content\/uploads\/2023\/03\/france.png\" \/>\n\t<meta property=\"og:image:width\" content=\"512\" \/>\n\t<meta property=\"og:image:height\" content=\"512\" \/>\n\t<meta property=\"og:image:type\" content=\"image\/png\" \/>\n<meta name=\"twitter:card\" content=\"summary_large_image\" \/>\n<meta name=\"twitter:site\" content=\"@talkpalai\" \/>\n<meta name=\"twitter:label1\" content=\"Est. reading time\" \/>\n\t<meta name=\"twitter:data1\" content=\"3 minutes\" \/>\n<script type=\"application\/ld+json\" class=\"yoast-schema-graph\">{\"@context\":\"https:\/\/schema.org\",\"@graph\":[{\"@type\":\"WebPage\",\"@id\":\"https:\/\/talkpal.ai\/is\/franskar-malfraediaefingar\/\",\"url\":\"https:\/\/talkpal.ai\/is\/franskar-malfraediaefingar\/\",\"name\":\"Franskar m\u00e1lfr\u00e6\u00f0i\u00e6fingar - Talkpal\",\"isPartOf\":{\"@id\":\"https:\/\/talkpal.ai\/is\/#website\"},\"primaryImageOfPage\":{\"@id\":\"https:\/\/talkpal.ai\/is\/franskar-malfraediaefingar\/#primaryimage\"},\"image\":{\"@id\":\"https:\/\/talkpal.ai\/is\/franskar-malfraediaefingar\/#primaryimage\"},\"thumbnailUrl\":\"https:\/\/talkpal.ai\/wp-content\/uploads\/2023\/03\/france.png\",\"datePublished\":\"2023-06-16T08:35:52+00:00\",\"dateModified\":\"2025-12-17T16:47:30+00:00\",\"description\":\"\u00c6f\u00f0u og b\u00e6ttu franska m\u00e1lfr\u00e6\u00f0ikunn\u00e1ttu \u00fe\u00edna me\u00f0 gagnvirkum \u00e6fingum sem eru hanna\u00f0ar fyrir \u00f6ll stig. B\u00e6ttu tungum\u00e1lakunn\u00e1ttu \u00fe\u00edna!\",\"breadcrumb\":{\"@id\":\"https:\/\/talkpal.ai\/is\/franskar-malfraediaefingar\/#breadcrumb\"},\"inLanguage\":\"is\",\"potentialAction\":[{\"@type\":\"ReadAction\",\"target\":[\"https:\/\/talkpal.ai\/is\/franskar-malfraediaefingar\/\"]}]},{\"@type\":\"ImageObject\",\"inLanguage\":\"is\",\"@id\":\"https:\/\/talkpal.ai\/is\/franskar-malfraediaefingar\/#primaryimage\",\"url\":\"https:\/\/talkpal.ai\/wp-content\/uploads\/2023\/03\/france.png\",\"contentUrl\":\"https:\/\/talkpal.ai\/wp-content\/uploads\/2023\/03\/france.png\",\"width\":512,\"height\":512,\"caption\":\"TalkPal AI learn French\"},{\"@type\":\"BreadcrumbList\",\"@id\":\"https:\/\/talkpal.ai\/is\/franskar-malfraediaefingar\/#breadcrumb\",\"itemListElement\":[{\"@type\":\"ListItem\",\"position\":1,\"name\":\"Homepage\",\"item\":\"https:\/\/talkpal.ai\/is\/\"},{\"@type\":\"ListItem\",\"position\":2,\"name\":\"Franskar m\u00e1lfr\u00e6\u00f0i\u00e6fingar\"}]},{\"@type\":\"WebSite\",\"@id\":\"https:\/\/talkpal.ai\/is\/#website\",\"url\":\"https:\/\/talkpal.ai\/is\/\",\"name\":\"Talkpal\",\"description\":\"AI Language Learning\",\"publisher\":{\"@id\":\"https:\/\/talkpal.ai\/is\/#organization\"},\"alternateName\":\"Talkpal AI\",\"potentialAction\":[{\"@type\":\"SearchAction\",\"target\":{\"@type\":\"EntryPoint\",\"urlTemplate\":\"https:\/\/talkpal.ai\/is\/?s={search_term_string}\"},\"query-input\":{\"@type\":\"PropertyValueSpecification\",\"valueRequired\":true,\"valueName\":\"search_term_string\"}}],\"inLanguage\":\"is\"},{\"@type\":\"Organization\",\"@id\":\"https:\/\/talkpal.ai\/is\/#organization\",\"name\":\"Talkpal, Inc.\",\"alternateName\":\"Talkpal AI\",\"url\":\"https:\/\/talkpal.ai\/is\/\",\"logo\":{\"@type\":\"ImageObject\",\"inLanguage\":\"is\",\"@id\":\"https:\/\/talkpal.ai\/is\/#\/schema\/logo\/image\/\",\"url\":\"https:\/\/talkpal.ai\/wp-content\/uploads\/2024\/03\/Talkpal-Logo-Icon.png\",\"contentUrl\":\"https:\/\/talkpal.ai\/wp-content\/uploads\/2024\/03\/Talkpal-Logo-Icon.png\",\"width\":2880,\"height\":2880,\"caption\":\"Talkpal, Inc.\"},\"image\":{\"@id\":\"https:\/\/talkpal.ai\/is\/#\/schema\/logo\/image\/\"},\"sameAs\":[\"https:\/\/www.facebook.com\/profile.php?id=100090733639311\",\"https:\/\/x.com\/talkpalai\",\"https:\/\/www.linkedin.com\/company\/talkpal\/\",\"https:\/\/www.youtube.com\/@TalkPal\/\",\"https:\/\/www.tiktok.com\/@talkpal\",\"https:\/\/www.instagram.com\/talkpal_ai\/\",\"https:\/\/www.crunchbase.com\/organization\/talkpal-9cde\",\"https:\/\/www.g2.com\/products\/talkpal-for-business\/\",\"https:\/\/www.trustpilot.com\/review\/talkpal.ai\",\"https:\/\/www.capterra.com\/p\/10006800\/TalkPal\/\"],\"description\":\"Talkpal is a language learning web and mobile education app, powered by the latest AI technologies, that provides engaging experiences to its customers in many different languages to help them improve their language skills. Users can chat about unlimited amount of topics with the app and use other modes to practice their language learning.\",\"email\":\"support@talkpal.ai\",\"legalName\":\"Talkpal, Inc.\",\"foundingDate\":\"2023-04-03\",\"duns\":\"118989042\",\"numberOfEmployees\":{\"@type\":\"QuantitativeValue\",\"minValue\":\"11\",\"maxValue\":\"50\"},\"publishingPrinciples\":\"https:\/\/talkpal.ai\/publishing-principles\/\",\"actionableFeedbackPolicy\":\"https:\/\/talkpal.ai\/actionable-feedback-policy\/\",\"correctionsPolicy\":\"https:\/\/talkpal.ai\/corrections-policy\/\",\"ethicsPolicy\":\"https:\/\/talkpal.ai\/ethics-policy\/\",\"diversityPolicy\":\"https:\/\/talkpal.ai\/diversity-policy\/\",\"diversityStaffingReport\":\"https:\/\/talkpal.ai\/diversity-policy\/\"}]}<\/script>\n<!-- \/ Yoast SEO Premium plugin. -->","yoast_head_json":{"title":"Franskar m\u00e1lfr\u00e6\u00f0i\u00e6fingar - Talkpal","description":"\u00c6f\u00f0u og b\u00e6ttu franska m\u00e1lfr\u00e6\u00f0ikunn\u00e1ttu \u00fe\u00edna me\u00f0 gagnvirkum \u00e6fingum sem eru hanna\u00f0ar fyrir \u00f6ll stig. B\u00e6ttu tungum\u00e1lakunn\u00e1ttu \u00fe\u00edna!","robots":{"index":"index","follow":"follow","max-snippet":"max-snippet:-1","max-image-preview":"max-image-preview:large","max-video-preview":"max-video-preview:-1"},"canonical":"https:\/\/talkpal.ai\/is\/franskar-malfraediaefingar\/","og_locale":"is_IS","og_type":"article","og_title":"Franskar m\u00e1lfr\u00e6\u00f0i\u00e6fingar","og_description":"Fr\u00f6nsk m\u00e1lfr\u00e6\u00f0i efni A\u00f0 l\u00e6ra fr\u00f6nsku getur veri\u00f0 spennandi og gefandi reynsla. Sem tungum\u00e1l r\u00edkt af s\u00f6gu og menningu b\u00fd\u00f0ur franska upp \u00e1 einstakt","og_url":"https:\/\/talkpal.ai\/is\/franskar-malfraediaefingar\/","og_site_name":"Talkpal","article_publisher":"https:\/\/www.facebook.com\/profile.php?id=100090733639311","article_modified_time":"2025-12-17T16:47:30+00:00","og_image":[{"width":512,"height":512,"url":"https:\/\/talkpal.ai\/wp-content\/uploads\/2023\/03\/france.png","type":"image\/png"}],"twitter_card":"summary_large_image","twitter_site":"@talkpalai","twitter_misc":{"Est. reading time":"3 minutes"},"schema":{"@context":"https:\/\/schema.org","@graph":[{"@type":"WebPage","@id":"https:\/\/talkpal.ai\/is\/franskar-malfraediaefingar\/","url":"https:\/\/talkpal.ai\/is\/franskar-malfraediaefingar\/","name":"Franskar m\u00e1lfr\u00e6\u00f0i\u00e6fingar - Talkpal","isPartOf":{"@id":"https:\/\/talkpal.ai\/is\/#website"},"primaryImageOfPage":{"@id":"https:\/\/talkpal.ai\/is\/franskar-malfraediaefingar\/#primaryimage"},"image":{"@id":"https:\/\/talkpal.ai\/is\/franskar-malfraediaefingar\/#primaryimage"},"thumbnailUrl":"https:\/\/talkpal.ai\/wp-content\/uploads\/2023\/03\/france.png","datePublished":"2023-06-16T08:35:52+00:00","dateModified":"2025-12-17T16:47:30+00:00","description":"\u00c6f\u00f0u og b\u00e6ttu franska m\u00e1lfr\u00e6\u00f0ikunn\u00e1ttu \u00fe\u00edna me\u00f0 gagnvirkum \u00e6fingum sem eru hanna\u00f0ar fyrir \u00f6ll stig. B\u00e6ttu tungum\u00e1lakunn\u00e1ttu \u00fe\u00edna!","breadcrumb":{"@id":"https:\/\/talkpal.ai\/is\/franskar-malfraediaefingar\/#breadcrumb"},"inLanguage":"is","potentialAction":[{"@type":"ReadAction","target":["https:\/\/talkpal.ai\/is\/franskar-malfraediaefingar\/"]}]},{"@type":"ImageObject","inLanguage":"is","@id":"https:\/\/talkpal.ai\/is\/franskar-malfraediaefingar\/#primaryimage","url":"https:\/\/talkpal.ai\/wp-content\/uploads\/2023\/03\/france.png","contentUrl":"https:\/\/talkpal.ai\/wp-content\/uploads\/2023\/03\/france.png","width":512,"height":512,"caption":"TalkPal AI learn French"},{"@type":"BreadcrumbList","@id":"https:\/\/talkpal.ai\/is\/franskar-malfraediaefingar\/#breadcrumb","itemListElement":[{"@type":"ListItem","position":1,"name":"Homepage","item":"https:\/\/talkpal.ai\/is\/"},{"@type":"ListItem","position":2,"name":"Franskar m\u00e1lfr\u00e6\u00f0i\u00e6fingar"}]},{"@type":"WebSite","@id":"https:\/\/talkpal.ai\/is\/#website","url":"https:\/\/talkpal.ai\/is\/","name":"Talkpal","description":"AI Language Learning","publisher":{"@id":"https:\/\/talkpal.ai\/is\/#organization"},"alternateName":"Talkpal AI","potentialAction":[{"@type":"SearchAction","target":{"@type":"EntryPoint","urlTemplate":"https:\/\/talkpal.ai\/is\/?s={search_term_string}"},"query-input":{"@type":"PropertyValueSpecification","valueRequired":true,"valueName":"search_term_string"}}],"inLanguage":"is"},{"@type":"Organization","@id":"https:\/\/talkpal.ai\/is\/#organization","name":"Talkpal, Inc.","alternateName":"Talkpal AI","url":"https:\/\/talkpal.ai\/is\/","logo":{"@type":"ImageObject","inLanguage":"is","@id":"https:\/\/talkpal.ai\/is\/#\/schema\/logo\/image\/","url":"https:\/\/talkpal.ai\/wp-content\/uploads\/2024\/03\/Talkpal-Logo-Icon.png","contentUrl":"https:\/\/talkpal.ai\/wp-content\/uploads\/2024\/03\/Talkpal-Logo-Icon.png","width":2880,"height":2880,"caption":"Talkpal, Inc."},"image":{"@id":"https:\/\/talkpal.ai\/is\/#\/schema\/logo\/image\/"},"sameAs":["https:\/\/www.facebook.com\/profile.php?id=100090733639311","https:\/\/x.com\/talkpalai","https:\/\/www.linkedin.com\/company\/talkpal\/","https:\/\/www.youtube.com\/@TalkPal\/","https:\/\/www.tiktok.com\/@talkpal","https:\/\/www.instagram.com\/talkpal_ai\/","https:\/\/www.crunchbase.com\/organization\/talkpal-9cde","https:\/\/www.g2.com\/products\/talkpal-for-business\/","https:\/\/www.trustpilot.com\/review\/talkpal.ai","https:\/\/www.capterra.com\/p\/10006800\/TalkPal\/"],"description":"Talkpal is a language learning web and mobile education app, powered by the latest AI technologies, that provides engaging experiences to its customers in many different languages to help them improve their language skills. Users can chat about unlimited amount of topics with the app and use other modes to practice their language learning.","email":"support@talkpal.ai","legalName":"Talkpal, Inc.","foundingDate":"2023-04-03","duns":"118989042","numberOfEmployees":{"@type":"QuantitativeValue","minValue":"11","maxValue":"50"},"publishingPrinciples":"https:\/\/talkpal.ai\/publishing-principles\/","actionableFeedbackPolicy":"https:\/\/talkpal.ai\/actionable-feedback-policy\/","correctionsPolicy":"https:\/\/talkpal.ai\/corrections-policy\/","ethicsPolicy":"https:\/\/talkpal.ai\/ethics-policy\/","diversityPolicy":"https:\/\/talkpal.ai\/diversity-policy\/","diversityStaffingReport":"https:\/\/talkpal.ai\/diversity-policy\/"}]}},"_links":{"self":[{"href":"https:\/\/talkpal.ai\/is\/wp-json\/wp\/v2\/pages\/131850","targetHints":{"allow":["GET"]}}],"collection":[{"href":"https:\/\/talkpal.ai\/is\/wp-json\/wp\/v2\/pages"}],"about":[{"href":"https:\/\/talkpal.ai\/is\/wp-json\/wp\/v2\/types\/page"}],"author":[{"embeddable":true,"href":"https:\/\/talkpal.ai\/is\/wp-json\/wp\/v2\/users\/6"}],"replies":[{"embeddable":true,"href":"https:\/\/talkpal.ai\/is\/wp-json\/wp\/v2\/comments?post=131850"}],"version-history":[{"count":0,"href":"https:\/\/talkpal.ai\/is\/wp-json\/wp\/v2\/pages\/131850\/revisions"}],"wp:featuredmedia":[{"embeddable":true,"href":"https:\/\/talkpal.ai\/is\/wp-json\/wp\/v2\/media\/75932"}],"wp:attachment":[{"href":"https:\/\/talkpal.ai\/is\/wp-json\/wp\/v2\/media?parent=131850"}],"curies":[{"name":"wp","href":"https:\/\/api.w.org\/{rel}","templated":true}]}}