{"id":131597,"date":"2023-06-15T07:00:21","date_gmt":"2023-06-15T07:00:21","guid":{"rendered":"http:\/\/talkpal.ai\/spaenska-malfraedi-aefingar\/"},"modified":"2025-12-17T16:37:44","modified_gmt":"2025-12-17T16:37:44","slug":"spaenska-malfraedi-aefingar","status":"publish","type":"page","link":"https:\/\/talkpal.ai\/is\/spaenska-malfraedi-aefingar\/","title":{"rendered":"Sp\u00e6nska M\u00e1lfr\u00e6\u00f0i \u00c6fingar"},"content":{"rendered":"\r\n\r\n\r\n<section class=\"languageChallengeSection\">\r\n    <div class=\"languageInfoWrapper\">\r\n        \r\n        <h1>Sp\u00e6nska M\u00e1lfr\u00e6\u00f0i \u00c6fingar<\/h1>\r\n        <p>Tilb\u00fainn\/n a\u00f0 b\u00e6ta sp\u00e6nskuna \u00fe\u00edna? A\u00f0 \u00e6fa m\u00e1lfr\u00e6\u00f0i\u00e6fingar er fr\u00e1b\u00e6r lei\u00f0 til a\u00f0 n\u00e1 t\u00f6kum \u00e1 setningager\u00f0, sagnbeygingum og einst\u00f6kum mynstrum sp\u00e6nsku tungum\u00e1lsins. Byrja\u00f0u a\u00f0 vinna \u00ed sp\u00e6nskri <a href=\"https:\/\/talkpal.ai\/grammar\/\">m\u00e1lfr\u00e6\u00f0i<\/a> \u00ed dag og sj\u00e1\u00f0u sj\u00e1lfstraust \u00feitt og f\u00e6rni vaxa me\u00f0 hverri \u00e6fingu!\n\n<\/p>\r\n\r\n                            <a class=\"getStartedHidden\" href=\"https:\/\/app.talkpal.ai\/signup?lng=\">Byrja\u00f0u<\/a>\r\n        \r\n    <\/div>\r\n\r\n    <figure>\r\n    <img decoding=\"async\" width=\"768\" height=\"768\" src=\"https:\/\/talkpal.ai\/wp-content\/uploads\/2023\/06\/Spanish-768x768.png\" class=\"languageImage no-lazy\" alt=\"Practical application of language learning\" fetchpriority=\"high\" sizes=\"(max-width: 768px) 150px, 768px\" srcset=\"https:\/\/talkpal.ai\/wp-content\/uploads\/2023\/06\/Spanish-768x768.png 768w, https:\/\/talkpal.ai\/wp-content\/uploads\/2023\/06\/Spanish-300x300.png 300w\" \/>\r\n    \r\n\r\n    <\/figure>\r\n\r\n            <a class=\"getStartedVisible\" href=\"https:\/\/app.talkpal.ai\/signup?lng=\">Byrja\u00f0u<\/a>\r\n    \r\n<\/section>\r\n\r\n\r\n<!-- <section class=\"grammarSection\">\r\n    <div class=\"grammarLinks\">\r\n            <\/div>\r\n<\/section> -->\r\n\r\n\r\n\r\n\r\n<section class=\"promotionalBanner\">\r\n    <p class=\"promotionalText\">Skilvirkasta lei\u00f0in til a\u00f0 l\u00e6ra tungum\u00e1l<\/p>\r\n    <a class=\"promotionalLink\" href=\"https:\/\/app.talkpal.ai\/signup?lng=\">Pr\u00f3fa\u00f0u Talkpal \u00f3keypis<\/a>\r\n<\/section>\n<div class=\"wp-block-group pageContainerStyle\"><div class=\"wp-block-group__inner-container is-layout-constrained wp-block-group-is-layout-constrained\">\n<h2 class=\"wp-block-heading\" id=\"h-spanish-grammar-topics\">Sp\u00e6nska M\u00e1lfr\u00e6\u00f0i Topics<\/h2>\n\n\n\n<p>A\u00f0 l\u00e6ra n\u00fdtt tungum\u00e1l getur veri\u00f0 spennandi og gefandi vi\u00f0leitni og <a href=\"https:\/\/talkpal.ai\/learn-spanish\/\">sp\u00e6nska<\/a> er engin undantekning. Sem anna\u00f0 mest tala\u00f0a tungum\u00e1l \u00ed heimi getur \u00fea\u00f0 opna\u00f0 n\u00fd t\u00e6kif\u00e6ri til fer\u00f0alaga, vinnu og menningarsamskipta. Hvort sem \u00fe\u00fa ert algj\u00f6r byrjandi e\u00f0a vilt b\u00e6ta n\u00faverandi f\u00e6rni \u00fe\u00edna, \u00fe\u00e1 er nau\u00f0synlegt a\u00f0 skilja og n\u00e1 t\u00f6kum \u00e1 sp\u00e6nskri <a href=\"https:\/\/talkpal.ai\/grammar\/\">m\u00e1lfr\u00e6\u00f0i<\/a>. Allt fr\u00e1 spennum og s\u00f6gnum til setningager\u00f0ar og forsetninga, hver \u00fe\u00e1ttur tungum\u00e1lsins gegnir mikilv\u00e6gu hlutverki \u00ed getu \u00feinni til a\u00f0 eiga skilvirk samskipti. \u00cd \u00feessari handb\u00f3k munum vi\u00f0 kanna mikilv\u00e6g sp\u00e6nsk m\u00e1lfr\u00e6\u00f0iefni og kynna \u00feau \u00ed r\u00f6kr\u00e9ttri r\u00f6\u00f0 til a\u00f0 hj\u00e1lpa \u00fe\u00e9r a\u00f0 l\u00e6ra tungum\u00e1li\u00f0 \u00e1 au\u00f0veldan h\u00e1tt.<\/p>\n\n\n\n<h3 class=\"wp-block-heading\" id=\"h-1-nouns-and-articles\">1. Nafnor\u00f0 og greinar:<\/h3>\n\n\n\n<p>Byrja\u00f0u \u00e1 \u00fev\u00ed a\u00f0 kynna \u00fe\u00e9r sp\u00e6nsk nafnor\u00f0 og kyn \u00feeirra, svo og \u00e1kve\u00f0na og \u00f3\u00e1kve\u00f0na greini. \u00deessar grunneiningar munu hj\u00e1lpa \u00fe\u00e9r a\u00f0 skilja og mynda einfaldar setningar og setningar.<\/p>\n\n\n\n<h3 class=\"wp-block-heading\" id=\"h-2-adjectives\">2. L\u00fdsingaror\u00f0:<\/h3>\n\n\n\n<p>L\u00fdsingaror\u00f0 eru nau\u00f0synleg til a\u00f0 l\u00fdsa nafnor\u00f0um og \u00e1 sp\u00e6nsku ver\u00f0a \u00feau a\u00f0 vera samm\u00e1la \u00ed kyni og t\u00f6lu vi\u00f0 nafnor\u00f0i\u00f0 sem \u00feeir breyta. A\u00f0 l\u00e6ra reglurnar um sta\u00f0setningu l\u00fdsingaror\u00f0a og samkomulag mun auka getu \u00fe\u00edna til a\u00f0 tj\u00e1 \u00feig \u00e1 sp\u00e6nsku til muna.<\/p>\n\n\n\n<h3 class=\"wp-block-heading\" id=\"h-3-pronouns\">3. Forn\u00f6fn:<\/h3>\n\n\n\n<p>Forn\u00f6fn koma \u00ed sta\u00f0 nafnor\u00f0a og eru nau\u00f0synleg til a\u00f0 <a href=\"https:\/\/talkpal.ai\/locations\/language-courses-in-gera\/\">gera<\/a> samr\u00e6\u00f0ur flj\u00f3tandi og n\u00e1tt\u00farulegri. Einbeittu \u00fe\u00e9r a\u00f0 efnisforn\u00f6fnum, beinum og \u00f3beinum hlutforn\u00f6fnum og ni\u00f0randi forn\u00f6fnum, vertu viss um a\u00f0 \u00fe\u00fa skiljir notkun \u00feeirra og sta\u00f0setningu \u00ed setningum.<\/p>\n\n\n\n<h3 class=\"wp-block-heading\" id=\"h-4-verbs\">4. Sagnir:<\/h3>\n\n\n\n<p>Sagnir eru bur\u00f0ar\u00e1s hvers tungum\u00e1ls og <a href=\"https:\/\/talkpal.ai\/learn-spanish\/\">sp\u00e6nska<\/a> er ekkert \u00f6\u00f0ruv\u00edsi. Byrja\u00f0u \u00e1 \u00fev\u00ed a\u00f0 l\u00e6ra algengustu reglulegu og \u00f3reglulegu sagnirnar, svo og beygingar \u00feeirra \u00ed n\u00faverandi spennu\u00ferungnu lei\u00f0beinandi skapi.<\/p>\n\n\n\n<h3 class=\"wp-block-heading\" id=\"h-5-tenses-indicative\">5. Spennur lei\u00f0beinandi:<\/h3>\n\n\n\n<p>\u00deegar \u00fe\u00fa hefur n\u00e1\u00f0 t\u00f6kum \u00e1 grunn sagnasamtengingu skaltu auka \u00feekkingu \u00fe\u00edna til a\u00f0 fela \u00ed s\u00e9r a\u00f0rar lei\u00f0beinandi spennur, svo sem preterite, \u00f3fullkominn, framt\u00ed\u00f0ar- og skilyrtan spennu. \u00deetta gerir \u00fe\u00e9r kleift a\u00f0 tj\u00e1 a\u00f0ger\u00f0ir og atbur\u00f0i yfir mismunandi t\u00edmaramma.<\/p>\n\n\n\n<h3 class=\"wp-block-heading\" id=\"h-6-adverbs\">6. Atviksor\u00f0:<\/h3>\n\n\n\n<p>Atviksor\u00f0 veita frekari uppl\u00fdsingar um sagnir, l\u00fdsingaror\u00f0 e\u00f0a \u00f6nnur atviksor\u00f0. L\u00e6r\u00f0u mismunandi ger\u00f0ir atviksor\u00f0a og sta\u00f0setningu \u00feeirra \u00ed setningum til a\u00f0 b\u00e6ta sm\u00e1atri\u00f0um og bl\u00e6brig\u00f0um vi\u00f0 r\u00e6\u00f0u \u00fe\u00edna.<\/p>\n\n\n\n<h3 class=\"wp-block-heading\" id=\"h-7-prepositions\">7. Forsetningar:<\/h3>\n\n\n\n<p>Forsetningar eru nau\u00f0synlegar til a\u00f0 tj\u00e1 tengsl milli or\u00f0a, svo sem sta\u00f0setningu, stefnu e\u00f0a t\u00edma. Kynntu \u00fe\u00e9r algengustu sp\u00e6nsku forsetningarnar og notkun \u00feeirra \u00ed \u00fdmsu samhengi.<\/p>\n\n\n\n<h3 class=\"wp-block-heading\" id=\"h-8-tenses-subjunctive\">8. Spenntur vi\u00f0tengingarh\u00e1ttur:<\/h3>\n\n\n\n<p>Vi\u00f0tengingarh\u00e1ttur er nota\u00f0ur til a\u00f0 tj\u00e1 efasemdir, \u00f3vissu e\u00f0a \u00edmynda\u00f0ar a\u00f0st\u00e6\u00f0ur. Kynntu \u00fe\u00e9r beygingarreglur fyrir reglulegar og \u00f3reglulegar sagnir \u00ed n\u00fat\u00ed\u00f0, fort\u00ed\u00f0 og framt\u00ed\u00f0ar vi\u00f0tengingarh\u00e1ttum til a\u00f0 auka tj\u00e1ningargetu \u00fe\u00edna.<\/p>\n\n\n\n<h3 class=\"wp-block-heading\" id=\"h-9-tense-comparison\">9. Spenntur samanbur\u00f0ur:<\/h3>\n\n\n\n<p>A\u00f0 skilja bl\u00e6brig\u00f0i milli mismunandi spennu og skaps mun hj\u00e1lpa \u00fe\u00e9r a\u00f0 velja vi\u00f0eigandi form til a\u00f0 koma fyrirhuga\u00f0ri merkingu \u00feinni \u00e1 framf\u00e6ri. \u00c6f\u00f0u \u00feig \u00ed a\u00f0 bera saman og andst\u00e6\u00f0a lei\u00f0beinandi og vi\u00f0tengingarh\u00e1ttum, sem og hinum \u00fdmsu fyrri t\u00ed\u00f0um, til a\u00f0 n\u00e1 meiri stj\u00f3rn \u00e1 tungum\u00e1linu.<\/p>\n\n\n\n<h3 class=\"wp-block-heading\" id=\"h-10-sentence-structure\">10. Setningaskipan:<\/h3>\n\n\n\n<p>A\u00f0 lokum skaltu kanna mismunandi setningager\u00f0, \u00fear \u00e1 me\u00f0al einfaldar, samsettar og fl\u00f3knar setningar. L\u00e6r\u00f0u hvernig \u00e1 a\u00f0 nota samh\u00e6fingu og v\u00edkjandi samtengingar til a\u00f0 b\u00faa til fl\u00f3knari hugmyndir og \u00fer\u00f3a getu \u00fe\u00edna til a\u00f0 eiga skilvirk samskipti \u00e1 sp\u00e6nsku.<\/p>\n<\/div><\/div>\n\r\n<section class=\"learnNavigationSection\">\r\n            \r\n        <a href=\"https:\/\/talkpal.ai\/is\/laerdu-spaensku\/\">\r\n            <div class=\"learnNavigationWrapper\">\r\n                <div class=\"learnNavigationContent\">\r\n                    <img decoding=\"async\" src=\"https:\/\/talkpal.ai\/wp-content\/uploads\/2024\/08\/Spanish.jpg\" alt=\"Spanish Flag\">\r\n                    <div>\r\n                        <h4>Um sp\u00e6nskun\u00e1m<\/h4>\r\n                        <p>Finndu \u00fat allt um sp\u00e6nska m\u00e1lfr\u00e6\u00f0i.<\/p>\r\n                    <\/div>\r\n                <\/div>\r\n            <\/div>\r\n        <\/a>\r\n\r\n        \r\n        <a href=\"https:\/\/talkpal.ai\/is\/spaensk-malfraedi\/\">\r\n            <div class=\"learnNavigationWrapper\">\r\n                <div class=\"learnNavigationContent\">\r\n                    <img decoding=\"async\" src=\"https:\/\/talkpal.ai\/wp-content\/uploads\/2024\/08\/Spanish.jpg\" alt=\"Spanish Flag\">\r\n                    <div>\r\n                        <h4>Sp\u00e6nsk m\u00e1lfr\u00e6\u00f0ikennsla<\/h4>\r\n                        <p>\u00c6f\u00f0u sp\u00e6nska m\u00e1lfr\u00e6\u00f0i.<\/p>\r\n                    <\/div>\r\n                <\/div>\r\n            <\/div>\r\n        <\/a>\r\n\r\n        \r\n        <a href=\"https:\/\/talkpal.ai\/vocabulary_language\/spanish\/\">\r\n            <div class=\"learnNavigationWrapper\">\r\n                <div class=\"learnNavigationContent\">\r\n                    <img decoding=\"async\" src=\"https:\/\/talkpal.ai\/wp-content\/uploads\/2024\/08\/Spanish.jpg\" alt=\"Spanish Flag\">\r\n                    <div>\r\n                        <h4>Sp\u00e6nskur or\u00f0afor\u00f0i<\/h4>\r\n                        <p>St\u00e6kka\u00f0u sp\u00e6nsku or\u00f0afor\u00f0a \u00feinn.<\/p>\r\n                    <\/div>\r\n                <\/div>\r\n            <\/div>\r\n        <\/a>\r\n\r\n            <\/section>","protected":false},"excerpt":{"rendered":"<p>Sp\u00e6nska M\u00e1lfr\u00e6\u00f0i Topics A\u00f0 l\u00e6ra n\u00fdtt tungum\u00e1l getur veri\u00f0 spennandi og gefandi vi\u00f0leitni og sp\u00e6nska er engin undantekning. Sem anna\u00f0 mest tala\u00f0a tungum\u00e1l \u00ed heimi getur \u00fea\u00f0 opna\u00f0 n\u00fd t\u00e6kif\u00e6ri til fer\u00f0alaga, vinnu og menningarsamskipta. Hvort sem \u00fe\u00fa ert algj\u00f6r byrjandi e\u00f0a vilt b\u00e6ta n\u00faverandi f\u00e6rni \u00fe\u00edna, \u00fe\u00e1 er nau\u00f0synlegt a\u00f0 skilja og n\u00e1 t\u00f6kum [&hellip;]<\/p>\n","protected":false},"author":1,"featured_media":75385,"parent":0,"menu_order":0,"comment_status":"closed","ping_status":"closed","template":"LearningContentPage.php","meta":{"_acf_changed":false,"footnotes":""},"class_list":["post-131597","page","type-page","status-publish","has-post-thumbnail","hentry"],"acf":[],"yoast_head":"<!-- This site is optimized with the Yoast SEO Premium plugin v27.2 (Yoast SEO v27.2) - https:\/\/yoast.com\/product\/yoast-seo-premium-wordpress\/ -->\n<title>Sp\u00e6nska M\u00e1lfr\u00e6\u00f0i \u00c6fingar - Talkpal<\/title>\n<meta name=\"description\" content=\"B\u00e6ttu sp\u00e6nsku m\u00e1lfr\u00e6\u00f0i \u00fe\u00edna me\u00f0 gagnvirkum \u00e6fingum sem eru hanna\u00f0ar fyrir \u00f6ll f\u00e6rnistig. \u00c6f\u00f0u \u00feig \u00ed sagnir, setningager\u00f0, or\u00f0afor\u00f0a og fleira!\" \/>\n<meta name=\"robots\" content=\"index, follow, max-snippet:-1, max-image-preview:large, max-video-preview:-1\" \/>\n<link rel=\"canonical\" href=\"https:\/\/talkpal.ai\/is\/spaenska-malfraedi-aefingar\/\" \/>\n<meta property=\"og:locale\" content=\"is_IS\" \/>\n<meta property=\"og:type\" content=\"article\" \/>\n<meta property=\"og:title\" content=\"Sp\u00e6nska M\u00e1lfr\u00e6\u00f0i \u00c6fingar\" \/>\n<meta property=\"og:description\" content=\"Sp\u00e6nska M\u00e1lfr\u00e6\u00f0i Topics A\u00f0 l\u00e6ra n\u00fdtt tungum\u00e1l getur veri\u00f0 spennandi og gefandi vi\u00f0leitni og sp\u00e6nska er engin undantekning. Sem anna\u00f0 mest tala\u00f0a tungum\u00e1l\" \/>\n<meta property=\"og:url\" content=\"https:\/\/talkpal.ai\/is\/spaenska-malfraedi-aefingar\/\" \/>\n<meta property=\"og:site_name\" content=\"Talkpal\" \/>\n<meta property=\"article:publisher\" content=\"https:\/\/www.facebook.com\/profile.php?id=100090733639311\" \/>\n<meta property=\"article:modified_time\" content=\"2025-12-17T16:37:44+00:00\" \/>\n<meta property=\"og:image\" content=\"https:\/\/talkpal.ai\/wp-content\/uploads\/2023\/03\/spain.png\" \/>\n\t<meta property=\"og:image:width\" content=\"512\" \/>\n\t<meta property=\"og:image:height\" content=\"512\" \/>\n\t<meta property=\"og:image:type\" content=\"image\/png\" \/>\n<meta name=\"twitter:card\" content=\"summary_large_image\" \/>\n<meta name=\"twitter:site\" content=\"@talkpalai\" \/>\n<meta name=\"twitter:label1\" content=\"Est. reading time\" \/>\n\t<meta name=\"twitter:data1\" content=\"3 minutes\" \/>\n<script type=\"application\/ld+json\" class=\"yoast-schema-graph\">{\"@context\":\"https:\/\/schema.org\",\"@graph\":[{\"@type\":\"WebPage\",\"@id\":\"https:\/\/talkpal.ai\/is\/spaenska-malfraedi-aefingar\/\",\"url\":\"https:\/\/talkpal.ai\/is\/spaenska-malfraedi-aefingar\/\",\"name\":\"Sp\u00e6nska M\u00e1lfr\u00e6\u00f0i \u00c6fingar - Talkpal\",\"isPartOf\":{\"@id\":\"https:\/\/talkpal.ai\/is\/#website\"},\"primaryImageOfPage\":{\"@id\":\"https:\/\/talkpal.ai\/is\/spaenska-malfraedi-aefingar\/#primaryimage\"},\"image\":{\"@id\":\"https:\/\/talkpal.ai\/is\/spaenska-malfraedi-aefingar\/#primaryimage\"},\"thumbnailUrl\":\"https:\/\/talkpal.ai\/wp-content\/uploads\/2023\/03\/spain.png\",\"datePublished\":\"2023-06-15T07:00:21+00:00\",\"dateModified\":\"2025-12-17T16:37:44+00:00\",\"description\":\"B\u00e6ttu sp\u00e6nsku m\u00e1lfr\u00e6\u00f0i \u00fe\u00edna me\u00f0 gagnvirkum \u00e6fingum sem eru hanna\u00f0ar fyrir \u00f6ll f\u00e6rnistig. \u00c6f\u00f0u \u00feig \u00ed sagnir, setningager\u00f0, or\u00f0afor\u00f0a og fleira!\",\"breadcrumb\":{\"@id\":\"https:\/\/talkpal.ai\/is\/spaenska-malfraedi-aefingar\/#breadcrumb\"},\"inLanguage\":\"is\",\"potentialAction\":[{\"@type\":\"ReadAction\",\"target\":[\"https:\/\/talkpal.ai\/is\/spaenska-malfraedi-aefingar\/\"]}]},{\"@type\":\"ImageObject\",\"inLanguage\":\"is\",\"@id\":\"https:\/\/talkpal.ai\/is\/spaenska-malfraedi-aefingar\/#primaryimage\",\"url\":\"https:\/\/talkpal.ai\/wp-content\/uploads\/2023\/03\/spain.png\",\"contentUrl\":\"https:\/\/talkpal.ai\/wp-content\/uploads\/2023\/03\/spain.png\",\"width\":512,\"height\":512,\"caption\":\"TalkPal AI learn Spanish\"},{\"@type\":\"BreadcrumbList\",\"@id\":\"https:\/\/talkpal.ai\/is\/spaenska-malfraedi-aefingar\/#breadcrumb\",\"itemListElement\":[{\"@type\":\"ListItem\",\"position\":1,\"name\":\"Homepage\",\"item\":\"https:\/\/talkpal.ai\/is\/\"},{\"@type\":\"ListItem\",\"position\":2,\"name\":\"Sp\u00e6nska M\u00e1lfr\u00e6\u00f0i \u00c6fingar\"}]},{\"@type\":\"WebSite\",\"@id\":\"https:\/\/talkpal.ai\/is\/#website\",\"url\":\"https:\/\/talkpal.ai\/is\/\",\"name\":\"Talkpal\",\"description\":\"AI Language Learning\",\"publisher\":{\"@id\":\"https:\/\/talkpal.ai\/is\/#organization\"},\"alternateName\":\"Talkpal AI\",\"potentialAction\":[{\"@type\":\"SearchAction\",\"target\":{\"@type\":\"EntryPoint\",\"urlTemplate\":\"https:\/\/talkpal.ai\/is\/?s={search_term_string}\"},\"query-input\":{\"@type\":\"PropertyValueSpecification\",\"valueRequired\":true,\"valueName\":\"search_term_string\"}}],\"inLanguage\":\"is\"},{\"@type\":\"Organization\",\"@id\":\"https:\/\/talkpal.ai\/is\/#organization\",\"name\":\"Talkpal, Inc.\",\"alternateName\":\"Talkpal AI\",\"url\":\"https:\/\/talkpal.ai\/is\/\",\"logo\":{\"@type\":\"ImageObject\",\"inLanguage\":\"is\",\"@id\":\"https:\/\/talkpal.ai\/is\/#\/schema\/logo\/image\/\",\"url\":\"https:\/\/talkpal.ai\/wp-content\/uploads\/2024\/03\/Talkpal-Logo-Icon.png\",\"contentUrl\":\"https:\/\/talkpal.ai\/wp-content\/uploads\/2024\/03\/Talkpal-Logo-Icon.png\",\"width\":2880,\"height\":2880,\"caption\":\"Talkpal, Inc.\"},\"image\":{\"@id\":\"https:\/\/talkpal.ai\/is\/#\/schema\/logo\/image\/\"},\"sameAs\":[\"https:\/\/www.facebook.com\/profile.php?id=100090733639311\",\"https:\/\/x.com\/talkpalai\",\"https:\/\/www.linkedin.com\/company\/talkpal\/\",\"https:\/\/www.youtube.com\/@TalkPal\/\",\"https:\/\/www.tiktok.com\/@talkpal\",\"https:\/\/www.instagram.com\/talkpal_ai\/\",\"https:\/\/www.crunchbase.com\/organization\/talkpal-9cde\",\"https:\/\/www.g2.com\/products\/talkpal-for-business\/\",\"https:\/\/www.trustpilot.com\/review\/talkpal.ai\",\"https:\/\/www.capterra.com\/p\/10006800\/TalkPal\/\"],\"description\":\"Talkpal is a language learning web and mobile education app, powered by the latest AI technologies, that provides engaging experiences to its customers in many different languages to help them improve their language skills. Users can chat about unlimited amount of topics with the app and use other modes to practice their language learning.\",\"email\":\"support@talkpal.ai\",\"legalName\":\"Talkpal, Inc.\",\"foundingDate\":\"2023-04-03\",\"duns\":\"118989042\",\"numberOfEmployees\":{\"@type\":\"QuantitativeValue\",\"minValue\":\"11\",\"maxValue\":\"50\"},\"publishingPrinciples\":\"https:\/\/talkpal.ai\/publishing-principles\/\",\"actionableFeedbackPolicy\":\"https:\/\/talkpal.ai\/actionable-feedback-policy\/\",\"correctionsPolicy\":\"https:\/\/talkpal.ai\/corrections-policy\/\",\"ethicsPolicy\":\"https:\/\/talkpal.ai\/ethics-policy\/\",\"diversityPolicy\":\"https:\/\/talkpal.ai\/diversity-policy\/\",\"diversityStaffingReport\":\"https:\/\/talkpal.ai\/diversity-policy\/\"}]}<\/script>\n<!-- \/ Yoast SEO Premium plugin. -->","yoast_head_json":{"title":"Sp\u00e6nska M\u00e1lfr\u00e6\u00f0i \u00c6fingar - Talkpal","description":"B\u00e6ttu sp\u00e6nsku m\u00e1lfr\u00e6\u00f0i \u00fe\u00edna me\u00f0 gagnvirkum \u00e6fingum sem eru hanna\u00f0ar fyrir \u00f6ll f\u00e6rnistig. \u00c6f\u00f0u \u00feig \u00ed sagnir, setningager\u00f0, or\u00f0afor\u00f0a og fleira!","robots":{"index":"index","follow":"follow","max-snippet":"max-snippet:-1","max-image-preview":"max-image-preview:large","max-video-preview":"max-video-preview:-1"},"canonical":"https:\/\/talkpal.ai\/is\/spaenska-malfraedi-aefingar\/","og_locale":"is_IS","og_type":"article","og_title":"Sp\u00e6nska M\u00e1lfr\u00e6\u00f0i \u00c6fingar","og_description":"Sp\u00e6nska M\u00e1lfr\u00e6\u00f0i Topics A\u00f0 l\u00e6ra n\u00fdtt tungum\u00e1l getur veri\u00f0 spennandi og gefandi vi\u00f0leitni og sp\u00e6nska er engin undantekning. Sem anna\u00f0 mest tala\u00f0a tungum\u00e1l","og_url":"https:\/\/talkpal.ai\/is\/spaenska-malfraedi-aefingar\/","og_site_name":"Talkpal","article_publisher":"https:\/\/www.facebook.com\/profile.php?id=100090733639311","article_modified_time":"2025-12-17T16:37:44+00:00","og_image":[{"width":512,"height":512,"url":"https:\/\/talkpal.ai\/wp-content\/uploads\/2023\/03\/spain.png","type":"image\/png"}],"twitter_card":"summary_large_image","twitter_site":"@talkpalai","twitter_misc":{"Est. reading time":"3 minutes"},"schema":{"@context":"https:\/\/schema.org","@graph":[{"@type":"WebPage","@id":"https:\/\/talkpal.ai\/is\/spaenska-malfraedi-aefingar\/","url":"https:\/\/talkpal.ai\/is\/spaenska-malfraedi-aefingar\/","name":"Sp\u00e6nska M\u00e1lfr\u00e6\u00f0i \u00c6fingar - Talkpal","isPartOf":{"@id":"https:\/\/talkpal.ai\/is\/#website"},"primaryImageOfPage":{"@id":"https:\/\/talkpal.ai\/is\/spaenska-malfraedi-aefingar\/#primaryimage"},"image":{"@id":"https:\/\/talkpal.ai\/is\/spaenska-malfraedi-aefingar\/#primaryimage"},"thumbnailUrl":"https:\/\/talkpal.ai\/wp-content\/uploads\/2023\/03\/spain.png","datePublished":"2023-06-15T07:00:21+00:00","dateModified":"2025-12-17T16:37:44+00:00","description":"B\u00e6ttu sp\u00e6nsku m\u00e1lfr\u00e6\u00f0i \u00fe\u00edna me\u00f0 gagnvirkum \u00e6fingum sem eru hanna\u00f0ar fyrir \u00f6ll f\u00e6rnistig. \u00c6f\u00f0u \u00feig \u00ed sagnir, setningager\u00f0, or\u00f0afor\u00f0a og fleira!","breadcrumb":{"@id":"https:\/\/talkpal.ai\/is\/spaenska-malfraedi-aefingar\/#breadcrumb"},"inLanguage":"is","potentialAction":[{"@type":"ReadAction","target":["https:\/\/talkpal.ai\/is\/spaenska-malfraedi-aefingar\/"]}]},{"@type":"ImageObject","inLanguage":"is","@id":"https:\/\/talkpal.ai\/is\/spaenska-malfraedi-aefingar\/#primaryimage","url":"https:\/\/talkpal.ai\/wp-content\/uploads\/2023\/03\/spain.png","contentUrl":"https:\/\/talkpal.ai\/wp-content\/uploads\/2023\/03\/spain.png","width":512,"height":512,"caption":"TalkPal AI learn Spanish"},{"@type":"BreadcrumbList","@id":"https:\/\/talkpal.ai\/is\/spaenska-malfraedi-aefingar\/#breadcrumb","itemListElement":[{"@type":"ListItem","position":1,"name":"Homepage","item":"https:\/\/talkpal.ai\/is\/"},{"@type":"ListItem","position":2,"name":"Sp\u00e6nska M\u00e1lfr\u00e6\u00f0i \u00c6fingar"}]},{"@type":"WebSite","@id":"https:\/\/talkpal.ai\/is\/#website","url":"https:\/\/talkpal.ai\/is\/","name":"Talkpal","description":"AI Language Learning","publisher":{"@id":"https:\/\/talkpal.ai\/is\/#organization"},"alternateName":"Talkpal AI","potentialAction":[{"@type":"SearchAction","target":{"@type":"EntryPoint","urlTemplate":"https:\/\/talkpal.ai\/is\/?s={search_term_string}"},"query-input":{"@type":"PropertyValueSpecification","valueRequired":true,"valueName":"search_term_string"}}],"inLanguage":"is"},{"@type":"Organization","@id":"https:\/\/talkpal.ai\/is\/#organization","name":"Talkpal, Inc.","alternateName":"Talkpal AI","url":"https:\/\/talkpal.ai\/is\/","logo":{"@type":"ImageObject","inLanguage":"is","@id":"https:\/\/talkpal.ai\/is\/#\/schema\/logo\/image\/","url":"https:\/\/talkpal.ai\/wp-content\/uploads\/2024\/03\/Talkpal-Logo-Icon.png","contentUrl":"https:\/\/talkpal.ai\/wp-content\/uploads\/2024\/03\/Talkpal-Logo-Icon.png","width":2880,"height":2880,"caption":"Talkpal, Inc."},"image":{"@id":"https:\/\/talkpal.ai\/is\/#\/schema\/logo\/image\/"},"sameAs":["https:\/\/www.facebook.com\/profile.php?id=100090733639311","https:\/\/x.com\/talkpalai","https:\/\/www.linkedin.com\/company\/talkpal\/","https:\/\/www.youtube.com\/@TalkPal\/","https:\/\/www.tiktok.com\/@talkpal","https:\/\/www.instagram.com\/talkpal_ai\/","https:\/\/www.crunchbase.com\/organization\/talkpal-9cde","https:\/\/www.g2.com\/products\/talkpal-for-business\/","https:\/\/www.trustpilot.com\/review\/talkpal.ai","https:\/\/www.capterra.com\/p\/10006800\/TalkPal\/"],"description":"Talkpal is a language learning web and mobile education app, powered by the latest AI technologies, that provides engaging experiences to its customers in many different languages to help them improve their language skills. Users can chat about unlimited amount of topics with the app and use other modes to practice their language learning.","email":"support@talkpal.ai","legalName":"Talkpal, Inc.","foundingDate":"2023-04-03","duns":"118989042","numberOfEmployees":{"@type":"QuantitativeValue","minValue":"11","maxValue":"50"},"publishingPrinciples":"https:\/\/talkpal.ai\/publishing-principles\/","actionableFeedbackPolicy":"https:\/\/talkpal.ai\/actionable-feedback-policy\/","correctionsPolicy":"https:\/\/talkpal.ai\/corrections-policy\/","ethicsPolicy":"https:\/\/talkpal.ai\/ethics-policy\/","diversityPolicy":"https:\/\/talkpal.ai\/diversity-policy\/","diversityStaffingReport":"https:\/\/talkpal.ai\/diversity-policy\/"}]}},"_links":{"self":[{"href":"https:\/\/talkpal.ai\/is\/wp-json\/wp\/v2\/pages\/131597","targetHints":{"allow":["GET"]}}],"collection":[{"href":"https:\/\/talkpal.ai\/is\/wp-json\/wp\/v2\/pages"}],"about":[{"href":"https:\/\/talkpal.ai\/is\/wp-json\/wp\/v2\/types\/page"}],"author":[{"embeddable":true,"href":"https:\/\/talkpal.ai\/is\/wp-json\/wp\/v2\/users\/1"}],"replies":[{"embeddable":true,"href":"https:\/\/talkpal.ai\/is\/wp-json\/wp\/v2\/comments?post=131597"}],"version-history":[{"count":0,"href":"https:\/\/talkpal.ai\/is\/wp-json\/wp\/v2\/pages\/131597\/revisions"}],"wp:featuredmedia":[{"embeddable":true,"href":"https:\/\/talkpal.ai\/is\/wp-json\/wp\/v2\/media\/75385"}],"wp:attachment":[{"href":"https:\/\/talkpal.ai\/is\/wp-json\/wp\/v2\/media?parent=131597"}],"curies":[{"name":"wp","href":"https:\/\/api.w.org\/{rel}","templated":true}]}}