{"id":131147,"date":"2023-05-14T13:53:24","date_gmt":"2023-05-14T13:53:24","guid":{"rendered":"http:\/\/talkpal.ai\/ukrainsk-malfraedi\/"},"modified":"2025-12-11T16:36:52","modified_gmt":"2025-12-11T16:36:52","slug":"ukrainsk-malfraedi","status":"publish","type":"page","link":"https:\/\/talkpal.ai\/is\/ukrainsk-malfraedi\/","title":{"rendered":"\u00dakra\u00ednsk m\u00e1lfr\u00e6\u00f0i"},"content":{"rendered":"\r\n\r\n\r\n<section class=\"languageChallengeSection\">\r\n    <div class=\"languageInfoWrapper\">\r\n        \r\n        <h1>\u00dakra\u00ednsk m\u00e1lfr\u00e6\u00f0i<\/h1>\r\n        <p>Kanna\u00f0u uppbyggingu \u00fakra\u00ednsku tungum\u00e1lsins me\u00f0 \u00fev\u00ed a\u00f0 l\u00e6ra helstu m\u00e1lfr\u00e6\u00f0ireglur \u00feess. A\u00f0 n\u00e1 g\u00f3\u00f0um t\u00f6kum \u00e1 \u00fakra\u00ednskri <a href=\"https:\/\/talkpal.ai\/grammar\/\">m\u00e1lfr\u00e6\u00f0i<\/a> mun hj\u00e1lpa \u00fe\u00e9r a\u00f0 eiga \u00f6rugg samskipti og tengjast \u00fakra\u00ednskri menningu og arfleif\u00f0 d\u00fdpri. Byrja\u00f0u \u00fakra\u00ednsku m\u00e1lfr\u00e6\u00f0ifer\u00f0alag \u00feitt \u00ed dag og taktu fyrsta skrefi\u00f0 \u00ed \u00e1tt a\u00f0 reiprennandi \u00fakra\u00ednsku!<\/p>\r\n\r\n                            <a class=\"getStartedHidden\" href=\"https:\/\/app.talkpal.ai\/signup?lng=\">Byrja\u00f0u<\/a>\r\n        \r\n    <\/div>\r\n\r\n    <figure>\r\n    <img decoding=\"async\" width=\"768\" height=\"768\" src=\"https:\/\/talkpal.ai\/wp-content\/uploads\/2023\/06\/Ukrainian-768x768.png\" class=\"languageImage no-lazy\" alt=\"Language learning - Your doorway to the world\" fetchpriority=\"high\" sizes=\"(max-width: 768px) 150px, 768px\" srcset=\"https:\/\/talkpal.ai\/wp-content\/uploads\/2023\/06\/Ukrainian-768x768.png 768w, https:\/\/talkpal.ai\/wp-content\/uploads\/2023\/06\/Ukrainian-300x300.png 300w\" \/>\r\n    \r\n\r\n    <\/figure>\r\n\r\n            <a class=\"getStartedVisible\" href=\"https:\/\/app.talkpal.ai\/signup?lng=\">Byrja\u00f0u<\/a>\r\n    \r\n<\/section>\r\n<section class=\"promotionalBanner\">\r\n    <p class=\"promotionalText\">Skilvirkasta lei\u00f0in til a\u00f0 l\u00e6ra tungum\u00e1l<\/p>\r\n    <a class=\"promotionalLink\" href=\"https:\/\/app.talkpal.ai\/signup?lng=\">Pr\u00f3fa\u00f0u Talkpal \u00f3keypis<\/a>\r\n<\/section>\n<div class=\"wp-block-group pageContainerStyle\"><div class=\"wp-block-group__inner-container is-layout-constrained wp-block-group-is-layout-constrained\">\n<h2 class=\"wp-block-heading\" id=\"h-a-comprehensive-guide-to-mastering-ukrainian-grammar\">Alhli\u00f0a lei\u00f0arv\u00edsir til a\u00f0 n\u00e1 t\u00f6kum \u00e1 \u00fakra\u00ednskri m\u00e1lfr\u00e6\u00f0i<\/h2>\n\n\n\n<p><a href=\"https:\/\/talkpal.ai\/learn-ukrainian\/\">\u00dakra\u00ednska<\/a>, fallegt og mel\u00f3d\u00edskt tungum\u00e1l, hefur vaki\u00f0 vaxandi \u00e1huga tungum\u00e1la\u00e1hugamanna um allan heim. A\u00f0 l\u00e6ra \u00fakra\u00ednsku veitir \u00fe\u00e9r a\u00f0gang a\u00f0 r\u00edkum menningararfi og gerir \u00fe\u00e9r kleift a\u00f0 eiga samskipti vi\u00f0 millj\u00f3nir manna \u00ed \u00dakra\u00ednu og n\u00e1grannal\u00f6ndunum. \u00de\u00f3 a\u00f0 k\u00f6fun \u00ed <a href=\"https:\/\/talkpal.ai\/learn-ukrainian\/\">\u00fakra\u00ednska<\/a> m\u00e1lfr\u00e6\u00f0i g\u00e6ti fundist \u00f3gnvekjandi \u00ed fyrstu, <a href=\"https:\/\/talkpal.ai\/culture\/what-is-the-verb-ad-hafa-and-when-is-it-used\/\">a\u00f0 hafa<\/a> sterkan grunn \u00ed henni mun <a href=\"https:\/\/talkpal.ai\/locations\/language-courses-in-gera\/\">gera<\/a> \u00fe\u00e9r kleift a\u00f0 kanna bl\u00e6brig\u00f0i tungum\u00e1lsins og meta fegur\u00f0 \u00feess a\u00f0 fullu. \u00deessi grein mun lei\u00f0beina \u00fe\u00e9r skref fyrir skref \u00ed gegnum \u00fakra\u00ednska m\u00e1lfr\u00e6\u00f0i meginatri\u00f0um, \u00fatb\u00faa \u00feig til a\u00f0 hefja tungum\u00e1lafer\u00f0 \u00fe\u00edna af \u00f6ryggi.<\/p>\n\n\n\n<h3 class=\"wp-block-heading\" id=\"h-1-mastering-ukrainian-nouns-and-cases\">1. A\u00f0 n\u00e1 t\u00f6kum \u00e1 \u00fakra\u00ednskum nafnor\u00f0um og tilvikum<\/h3>\n\n\n\n<p>A mi\u00f0l\u00e6gur l\u00f6gun af \u00fakra\u00ednska m\u00e1lfr\u00e6\u00f0i er m\u00e1lkerfi \u00feess. \u00deegar \u00fe\u00fa notar nafnor\u00f0 \u00fearftu a\u00f0 \u00feekkja kyn \u00feeirra (karlkyn, kvenkyn e\u00f0a hvorugkyn) og vera me\u00f0vita\u00f0ur um samhengi\u00f0 sem g\u00e6ti krafist breytinga \u00e1 endingu \u00feeirra. The Ukrainian tungum\u00e1l hefur sj\u00f6 tilvikum:<\/p>\n\n\n\n<p>\u2013 Nefnifall: efni setningar<\/p>\n\n\n\n<p>&#8211; E\u00f0lisfall: gefur til kynna eign, magn og afneitun<\/p>\n\n\n\n<p>\u2013 Dative: \u00f3beinn hlutur e\u00f0a hreyfing \u00ed \u00e1tt a\u00f0 markmi\u00f0i<\/p>\n\n\n\n<p>\u2013 \u00c1sakandi: bein hlutur e\u00f0a hreyfing sem mi\u00f0ar a\u00f0 einhverju<\/p>\n\n\n\n<p>\u2013 Hlj\u00f3\u00f0f\u00e6ri: t\u00e1knar a\u00f0fer\u00f0 e\u00f0a verkf\u00e6ri<\/p>\n\n\n\n<p>\u2013 Sta\u00f0setning: gefur til kynna sta\u00f0setningu<\/p>\n\n\n\n<p>\u2013 Or\u00f0or\u00f0: nota\u00f0 til a\u00f0 \u00e1varpa e\u00f0a hringja \u00ed einhvern<\/p>\n\n\n\n<p>\u00de\u00fa \u00fearft a\u00f0 borga eftirtekt til nafnor\u00f0aendinga og -beygingar, \u00fear sem \u00fe\u00e6r breytast eftir \u00fev\u00ed hva\u00f0a falli er nota\u00f0, og kyni og n\u00fameri nafnor\u00f0sins.<\/p>\n\n\n\n<h3 class=\"wp-block-heading\" id=\"h-2-navigating-the-ukrainian-verb-system\">2. Siglingar um \u00fakra\u00ednska sagnakerfi\u00f0<\/h3>\n\n\n\n<p>\u00dakra\u00ednskar sagnir eru samtengdar \u00fat fr\u00e1 pers\u00f3nu, t\u00f6lu, spennu, skapi og r\u00f6dd. \u00cd \u00fakra\u00ednsku, \u00fea\u00f0 eru fj\u00f3rir \u00fe\u00e6ttir sagnir &#8211; fullkominn, \u00f3fullkominn, endurtekin og inceptive:<\/p>\n\n\n\n<p>\u2013 Fullkomi\u00f0: t\u00e1knar loki\u00f0 a\u00f0ger\u00f0ir<\/p>\n\n\n\n<p>&#8211; \u00d3fullkomi\u00f0: l\u00fdsir \u00e1framhaldandi, vanabundnum e\u00f0a endurteknum a\u00f0ger\u00f0um<\/p>\n\n\n\n<p>\u2013 Endurteki\u00f0: mi\u00f0lar a\u00f0ger\u00f0um sem endurteknar eru me\u00f0 tilteknu millibili<\/p>\n\n\n\n<p>\u2013 Inceptive: gefur til kynna upphaf a\u00f0ger\u00f0ar<\/p>\n\n\n\n<p>Til a\u00f0 vafra um \u00fakra\u00ednska sagnakerfi\u00f0 \u00e6ttir \u00fe\u00fa a\u00f0 kynna \u00fe\u00e9r \u00ferj\u00e1r helstu sagnasamtengingar. Beygingarferli\u00f0 felur \u00ed s\u00e9r a\u00f0 breyta endingum s\u00f6gnarinnar r\u00f3t \u00ed samr\u00e6mi vi\u00f0 spennu, skap og vi\u00f0fangsefni.<\/p>\n\n\n\n<h3 class=\"wp-block-heading\" id=\"h-3-perfecting-ukrainian-adjectives-and-pronouns\">3. Fullkomnun \u00fakra\u00ednskra l\u00fdsingaror\u00f0a og fornafna<\/h3>\n\n\n\n<p>L\u00fdsingaror\u00f0 \u00e1 \u00fakra\u00ednsku ver\u00f0a a\u00f0 vera samm\u00e1la nafnor\u00f0inu sem \u00feeir l\u00fdsa, \u00ed kyni, t\u00f6lu og falli. \u00deetta \u00fe\u00fd\u00f0ir a\u00f0 \u00feegar \u00fe\u00fa notar l\u00fdsingaror\u00f0 \u00fearftu a\u00f0 vera gaum a\u00f0 endingum \u00feess, \u00fear sem \u00fe\u00e6r munu breytast til a\u00f0 samr\u00e6mast nafnor\u00f0inu. A\u00f0 auki geta l\u00fdsingaror\u00f0 \u00e1 \u00fakra\u00ednsku veri\u00f0 anna\u00f0 hvort l\u00f6ng e\u00f0a stutt form, \u00fear sem hver og einn hefur notkun s\u00edna eftir samhengi.<\/p>\n\n\n\n<p>Forn\u00f6fn eru notu\u00f0 \u00ed sta\u00f0 nafnor\u00f0a og ver\u00f0a einnig a\u00f0 vera \u00ed samr\u00e6mi vi\u00f0 nafnor\u00f0i\u00f0 sem \u00feau koma \u00ed sta\u00f0inn, \u00ed kyni, t\u00f6lu og falli. Pers\u00f3nuleg forn\u00f6fn \u00e1 \u00fakra\u00ednsku innihalda \u201e\u044f\u201c (\u00e9g), \u201e\u0442\u0438\u201c (\u00fe\u00fa, eint\u00f6lu), \u201e\u0432\u0456\u043d\/\u0432\u043e\u043d\u0430\/\u0432\u043e\u043d\u043e\u201c (hann\/h\u00fan\/\u00fea\u00f0), \u201e\u043c\u0438\u201c (vi\u00f0), \u201e\u0432\u0438\u201c (\u00fe\u00fa, fleirt\u00f6lu e\u00f0a formlegt), og \u201e\u0432\u043e\u043d\u0438\u201c (\u00feeir). \u00dea\u00f0 eru l\u00edka eignarfalls-, s\u00fdnikennslu- og hlutfallsleg forn\u00f6fn \u00e1 \u00fakra\u00ednsku.<\/p>\n\n\n\n<h3 class=\"wp-block-heading\" id=\"h-4-putting-it-all-together-sentence-structure\">4. A\u00f0 setja \u00feetta allt saman: Setningaskipan<\/h3>\n\n\n\n<p>\u00dakra\u00ednska fylgir efni-verb-object (SVO) setningaskipan, svipa\u00f0 og <a href=\"https:\/\/talkpal.ai\/learn-english-with-ai\/\">enska<\/a>. Hins vegar, \u00f3l\u00edkt ensku, hefur \u00fakra\u00ednska meiri sveigjanleika \u00ed or\u00f0ar\u00f6\u00f0 vegna m\u00e1lakerfis s\u00edns. \u00deessi sveigjanleiki gerir r\u00e6\u00f0um\u00f6nnum kleift a\u00f0 leggja \u00e1herslu \u00e1 \u00e1kve\u00f0in or\u00f0 e\u00f0a hugmyndir me\u00f0 \u00fev\u00ed a\u00f0 setja \u00feau \u00ed mismunandi st\u00f6\u00f0ur innan setningar. \u00de\u00f3 a\u00f0 h\u00fasb\u00f3ndi \u00feessa fj\u00f6lh\u00e6fni getur teki\u00f0 t\u00edma, gerir \u00fea\u00f0 \u00fe\u00e9r kleift a\u00f0 tj\u00e1 \u00feig meira listr\u00e6nt og fluidly \u00ed \u00fakra\u00ednsku.<\/p>\n\n\n\n<h3 class=\"wp-block-heading\" id=\"h-conclusion\">Ni\u00f0ursta\u00f0a<\/h3>\n\n\n\n<p>\u00deegar \u00fe\u00fa leggur af sta\u00f0 \u00ed \u00fakra\u00ednska tungum\u00e1lafer\u00f0 \u00fe\u00edna, mundu a\u00f0 \u00fea\u00f0 tekur \u00e6fingu og \u00ferautseigju a\u00f0 ver\u00f0a reiprennandi \u00ed m\u00e1lfr\u00e6\u00f0i. Kynntu \u00fe\u00e9r hina \u00fdmsu \u00fe\u00e6tti \u00fakra\u00ednskrar m\u00e1lfr\u00e6\u00f0i sm\u00e1m saman, fr\u00e1 nafnor\u00f0um og tilvikum til sagna og setningager\u00f0ar. Nj\u00f3ttu n\u00e1msferlisins og nj\u00f3ttu fegur\u00f0ar og tj\u00e1ningar \u00fakra\u00ednska tungum\u00e1lsins. \u0412\u0434\u0430\u0447\u0456! (Gangi \u00fe\u00e9r vel!)<\/p>\n<\/div><\/div>\n\r\n<section class=\"learnNavigationSection\">\r\n            \r\n        <a href=\"https:\/\/talkpal.ai\/is\/laerdu-ukrainsku\/\">\r\n            <div class=\"learnNavigationWrapper\">\r\n                <div class=\"learnNavigationContent\">\r\n                    <img decoding=\"async\" src=\"https:\/\/talkpal.ai\/wp-content\/uploads\/2024\/08\/Ukrainian.jpg\" alt=\"Ukrainian Flag\">\r\n                    <div>\r\n                        <h4>Um \u00fakra\u00ednskun\u00e1m<\/h4>\r\n                        <p>Finndu \u00fat allt um \u00fakra\u00ednska m\u00e1lfr\u00e6\u00f0i.<\/p>\r\n                    <\/div>\r\n                <\/div>\r\n            <\/div>\r\n        <\/a>\r\n\r\n        \r\n        <a href=\"https:\/\/talkpal.ai\/is\/ukrainian-malfraedi-aefingar\/\">\r\n            <div class=\"learnNavigationWrapper\">\r\n                <div class=\"learnNavigationContent\">\r\n                    <img decoding=\"async\" src=\"https:\/\/talkpal.ai\/wp-content\/uploads\/2024\/08\/Ukrainian.jpg\" alt=\"Ukrainian Flag\">\r\n                    <div>\r\n                        <h4>\u00dakra\u00ednsk m\u00e1lfr\u00e6\u00f0i\u00e6fing<\/h4>\r\n                        <p>\u00c6f\u00f0u \u00fakra\u00ednska m\u00e1lfr\u00e6\u00f0i.<\/p>\r\n                    <\/div>\r\n                <\/div>\r\n            <\/div>\r\n        <\/a>\r\n\r\n        \r\n        <a href=\"https:\/\/talkpal.ai\/vocabulary_language\/ukrainian\/\">\r\n            <div class=\"learnNavigationWrapper\">\r\n                <div class=\"learnNavigationContent\">\r\n                    <img decoding=\"async\" src=\"https:\/\/talkpal.ai\/wp-content\/uploads\/2024\/08\/Ukrainian.jpg\" alt=\"Ukrainian Flag\">\r\n                    <div>\r\n                        <h4>\u00dakra\u00ednskur or\u00f0afor\u00f0i<\/h4>\r\n                        <p>St\u00e6kka\u00f0u \u00fakra\u00ednskan or\u00f0afor\u00f0a \u00feinn.<\/p>\r\n                    <\/div>\r\n                <\/div>\r\n            <\/div>\r\n        <\/a>\r\n\r\n            <\/section>","protected":false},"excerpt":{"rendered":"<p>Alhli\u00f0a lei\u00f0arv\u00edsir til a\u00f0 n\u00e1 t\u00f6kum \u00e1 \u00fakra\u00ednskri m\u00e1lfr\u00e6\u00f0i \u00dakra\u00ednska, fallegt og mel\u00f3d\u00edskt tungum\u00e1l, hefur vaki\u00f0 vaxandi \u00e1huga tungum\u00e1la\u00e1hugamanna um allan heim. A\u00f0 l\u00e6ra \u00fakra\u00ednsku veitir \u00fe\u00e9r a\u00f0gang a\u00f0 r\u00edkum menningararfi og gerir \u00fe\u00e9r kleift a\u00f0 eiga samskipti vi\u00f0 millj\u00f3nir manna \u00ed \u00dakra\u00ednu og n\u00e1grannal\u00f6ndunum. \u00de\u00f3 a\u00f0 k\u00f6fun \u00ed \u00fakra\u00ednska m\u00e1lfr\u00e6\u00f0i g\u00e6ti fundist \u00f3gnvekjandi \u00ed [&hellip;]<\/p>\n","protected":false},"author":1,"featured_media":108659,"parent":0,"menu_order":0,"comment_status":"closed","ping_status":"closed","template":"LearningContentPage.php","meta":{"_acf_changed":false,"footnotes":""},"class_list":["post-131147","page","type-page","status-publish","has-post-thumbnail","hentry"],"acf":[],"yoast_head":"<!-- This site is optimized with the Yoast SEO Premium plugin v27.2 (Yoast SEO v27.2) - https:\/\/yoast.com\/product\/yoast-seo-premium-wordpress\/ -->\n<title>\u00dakra\u00ednsk m\u00e1lfr\u00e6\u00f0i - Talkpal<\/title>\n<meta name=\"description\" content=\"Opna\u00f0u fegur\u00f0 \u00fakra\u00ednsku m\u00e1lfr\u00e6\u00f0innar me\u00f0 nau\u00f0synlegum r\u00e1\u00f0um og inns\u00fdn til a\u00f0 b\u00e6ta tungum\u00e1lan\u00e1msferil \u00feinn.\" \/>\n<meta name=\"robots\" content=\"index, follow, max-snippet:-1, max-image-preview:large, max-video-preview:-1\" \/>\n<link rel=\"canonical\" href=\"https:\/\/talkpal.ai\/is\/ukrainsk-malfraedi\/\" \/>\n<meta property=\"og:locale\" content=\"is_IS\" \/>\n<meta property=\"og:type\" content=\"article\" \/>\n<meta property=\"og:title\" content=\"\u00dakra\u00ednsk m\u00e1lfr\u00e6\u00f0i\" \/>\n<meta property=\"og:description\" content=\"Alhli\u00f0a lei\u00f0arv\u00edsir til a\u00f0 n\u00e1 t\u00f6kum \u00e1 \u00fakra\u00ednskri m\u00e1lfr\u00e6\u00f0i \u00dakra\u00ednska, fallegt og mel\u00f3d\u00edskt tungum\u00e1l, hefur vaki\u00f0 vaxandi \u00e1huga tungum\u00e1la\u00e1hugamanna um allan\" \/>\n<meta property=\"og:url\" content=\"https:\/\/talkpal.ai\/is\/ukrainsk-malfraedi\/\" \/>\n<meta property=\"og:site_name\" content=\"Talkpal\" \/>\n<meta property=\"article:publisher\" content=\"https:\/\/www.facebook.com\/profile.php?id=100090733639311\" \/>\n<meta property=\"article:modified_time\" content=\"2025-12-11T16:36:52+00:00\" \/>\n<meta property=\"og:image\" content=\"https:\/\/talkpal.ai\/wp-content\/uploads\/2023\/04\/ukraine.png\" \/>\n\t<meta property=\"og:image:width\" content=\"512\" \/>\n\t<meta property=\"og:image:height\" content=\"512\" \/>\n\t<meta property=\"og:image:type\" content=\"image\/png\" \/>\n<meta name=\"twitter:card\" content=\"summary_large_image\" \/>\n<meta name=\"twitter:site\" content=\"@talkpalai\" \/>\n<meta name=\"twitter:label1\" content=\"Est. reading time\" \/>\n\t<meta name=\"twitter:data1\" content=\"3 minutes\" \/>\n<script type=\"application\/ld+json\" class=\"yoast-schema-graph\">{\"@context\":\"https:\/\/schema.org\",\"@graph\":[{\"@type\":\"WebPage\",\"@id\":\"https:\/\/talkpal.ai\/is\/ukrainsk-malfraedi\/\",\"url\":\"https:\/\/talkpal.ai\/is\/ukrainsk-malfraedi\/\",\"name\":\"\u00dakra\u00ednsk m\u00e1lfr\u00e6\u00f0i - Talkpal\",\"isPartOf\":{\"@id\":\"https:\/\/talkpal.ai\/is\/#website\"},\"primaryImageOfPage\":{\"@id\":\"https:\/\/talkpal.ai\/is\/ukrainsk-malfraedi\/#primaryimage\"},\"image\":{\"@id\":\"https:\/\/talkpal.ai\/is\/ukrainsk-malfraedi\/#primaryimage\"},\"thumbnailUrl\":\"https:\/\/talkpal.ai\/wp-content\/uploads\/2023\/04\/ukraine.png\",\"datePublished\":\"2023-05-14T13:53:24+00:00\",\"dateModified\":\"2025-12-11T16:36:52+00:00\",\"description\":\"Opna\u00f0u fegur\u00f0 \u00fakra\u00ednsku m\u00e1lfr\u00e6\u00f0innar me\u00f0 nau\u00f0synlegum r\u00e1\u00f0um og inns\u00fdn til a\u00f0 b\u00e6ta tungum\u00e1lan\u00e1msferil \u00feinn.\",\"breadcrumb\":{\"@id\":\"https:\/\/talkpal.ai\/is\/ukrainsk-malfraedi\/#breadcrumb\"},\"inLanguage\":\"is\",\"potentialAction\":[{\"@type\":\"ReadAction\",\"target\":[\"https:\/\/talkpal.ai\/is\/ukrainsk-malfraedi\/\"]}]},{\"@type\":\"ImageObject\",\"inLanguage\":\"is\",\"@id\":\"https:\/\/talkpal.ai\/is\/ukrainsk-malfraedi\/#primaryimage\",\"url\":\"https:\/\/talkpal.ai\/wp-content\/uploads\/2023\/04\/ukraine.png\",\"contentUrl\":\"https:\/\/talkpal.ai\/wp-content\/uploads\/2023\/04\/ukraine.png\",\"width\":512,\"height\":512,\"caption\":\"TalkPal Ukrainian Flag\"},{\"@type\":\"BreadcrumbList\",\"@id\":\"https:\/\/talkpal.ai\/is\/ukrainsk-malfraedi\/#breadcrumb\",\"itemListElement\":[{\"@type\":\"ListItem\",\"position\":1,\"name\":\"Homepage\",\"item\":\"https:\/\/talkpal.ai\/is\/\"},{\"@type\":\"ListItem\",\"position\":2,\"name\":\"\u00dakra\u00ednsk m\u00e1lfr\u00e6\u00f0i\"}]},{\"@type\":\"WebSite\",\"@id\":\"https:\/\/talkpal.ai\/is\/#website\",\"url\":\"https:\/\/talkpal.ai\/is\/\",\"name\":\"Talkpal\",\"description\":\"AI Language Learning\",\"publisher\":{\"@id\":\"https:\/\/talkpal.ai\/is\/#organization\"},\"alternateName\":\"Talkpal AI\",\"potentialAction\":[{\"@type\":\"SearchAction\",\"target\":{\"@type\":\"EntryPoint\",\"urlTemplate\":\"https:\/\/talkpal.ai\/is\/?s={search_term_string}\"},\"query-input\":{\"@type\":\"PropertyValueSpecification\",\"valueRequired\":true,\"valueName\":\"search_term_string\"}}],\"inLanguage\":\"is\"},{\"@type\":\"Organization\",\"@id\":\"https:\/\/talkpal.ai\/is\/#organization\",\"name\":\"Talkpal, Inc.\",\"alternateName\":\"Talkpal AI\",\"url\":\"https:\/\/talkpal.ai\/is\/\",\"logo\":{\"@type\":\"ImageObject\",\"inLanguage\":\"is\",\"@id\":\"https:\/\/talkpal.ai\/is\/#\/schema\/logo\/image\/\",\"url\":\"https:\/\/talkpal.ai\/wp-content\/uploads\/2024\/03\/Talkpal-Logo-Icon.png\",\"contentUrl\":\"https:\/\/talkpal.ai\/wp-content\/uploads\/2024\/03\/Talkpal-Logo-Icon.png\",\"width\":2880,\"height\":2880,\"caption\":\"Talkpal, Inc.\"},\"image\":{\"@id\":\"https:\/\/talkpal.ai\/is\/#\/schema\/logo\/image\/\"},\"sameAs\":[\"https:\/\/www.facebook.com\/profile.php?id=100090733639311\",\"https:\/\/x.com\/talkpalai\",\"https:\/\/www.linkedin.com\/company\/talkpal\/\",\"https:\/\/www.youtube.com\/@TalkPal\/\",\"https:\/\/www.tiktok.com\/@talkpal\",\"https:\/\/www.instagram.com\/talkpal_ai\/\",\"https:\/\/www.crunchbase.com\/organization\/talkpal-9cde\",\"https:\/\/www.g2.com\/products\/talkpal-for-business\/\",\"https:\/\/www.trustpilot.com\/review\/talkpal.ai\",\"https:\/\/www.capterra.com\/p\/10006800\/TalkPal\/\"],\"description\":\"Talkpal is a language learning web and mobile education app, powered by the latest AI technologies, that provides engaging experiences to its customers in many different languages to help them improve their language skills. Users can chat about unlimited amount of topics with the app and use other modes to practice their language learning.\",\"email\":\"support@talkpal.ai\",\"legalName\":\"Talkpal, Inc.\",\"foundingDate\":\"2023-04-03\",\"duns\":\"118989042\",\"numberOfEmployees\":{\"@type\":\"QuantitativeValue\",\"minValue\":\"11\",\"maxValue\":\"50\"},\"publishingPrinciples\":\"https:\/\/talkpal.ai\/publishing-principles\/\",\"actionableFeedbackPolicy\":\"https:\/\/talkpal.ai\/actionable-feedback-policy\/\",\"correctionsPolicy\":\"https:\/\/talkpal.ai\/corrections-policy\/\",\"ethicsPolicy\":\"https:\/\/talkpal.ai\/ethics-policy\/\",\"diversityPolicy\":\"https:\/\/talkpal.ai\/diversity-policy\/\",\"diversityStaffingReport\":\"https:\/\/talkpal.ai\/diversity-policy\/\"}]}<\/script>\n<!-- \/ Yoast SEO Premium plugin. -->","yoast_head_json":{"title":"\u00dakra\u00ednsk m\u00e1lfr\u00e6\u00f0i - Talkpal","description":"Opna\u00f0u fegur\u00f0 \u00fakra\u00ednsku m\u00e1lfr\u00e6\u00f0innar me\u00f0 nau\u00f0synlegum r\u00e1\u00f0um og inns\u00fdn til a\u00f0 b\u00e6ta tungum\u00e1lan\u00e1msferil \u00feinn.","robots":{"index":"index","follow":"follow","max-snippet":"max-snippet:-1","max-image-preview":"max-image-preview:large","max-video-preview":"max-video-preview:-1"},"canonical":"https:\/\/talkpal.ai\/is\/ukrainsk-malfraedi\/","og_locale":"is_IS","og_type":"article","og_title":"\u00dakra\u00ednsk m\u00e1lfr\u00e6\u00f0i","og_description":"Alhli\u00f0a lei\u00f0arv\u00edsir til a\u00f0 n\u00e1 t\u00f6kum \u00e1 \u00fakra\u00ednskri m\u00e1lfr\u00e6\u00f0i \u00dakra\u00ednska, fallegt og mel\u00f3d\u00edskt tungum\u00e1l, hefur vaki\u00f0 vaxandi \u00e1huga tungum\u00e1la\u00e1hugamanna um allan","og_url":"https:\/\/talkpal.ai\/is\/ukrainsk-malfraedi\/","og_site_name":"Talkpal","article_publisher":"https:\/\/www.facebook.com\/profile.php?id=100090733639311","article_modified_time":"2025-12-11T16:36:52+00:00","og_image":[{"width":512,"height":512,"url":"https:\/\/talkpal.ai\/wp-content\/uploads\/2023\/04\/ukraine.png","type":"image\/png"}],"twitter_card":"summary_large_image","twitter_site":"@talkpalai","twitter_misc":{"Est. reading time":"3 minutes"},"schema":{"@context":"https:\/\/schema.org","@graph":[{"@type":"WebPage","@id":"https:\/\/talkpal.ai\/is\/ukrainsk-malfraedi\/","url":"https:\/\/talkpal.ai\/is\/ukrainsk-malfraedi\/","name":"\u00dakra\u00ednsk m\u00e1lfr\u00e6\u00f0i - Talkpal","isPartOf":{"@id":"https:\/\/talkpal.ai\/is\/#website"},"primaryImageOfPage":{"@id":"https:\/\/talkpal.ai\/is\/ukrainsk-malfraedi\/#primaryimage"},"image":{"@id":"https:\/\/talkpal.ai\/is\/ukrainsk-malfraedi\/#primaryimage"},"thumbnailUrl":"https:\/\/talkpal.ai\/wp-content\/uploads\/2023\/04\/ukraine.png","datePublished":"2023-05-14T13:53:24+00:00","dateModified":"2025-12-11T16:36:52+00:00","description":"Opna\u00f0u fegur\u00f0 \u00fakra\u00ednsku m\u00e1lfr\u00e6\u00f0innar me\u00f0 nau\u00f0synlegum r\u00e1\u00f0um og inns\u00fdn til a\u00f0 b\u00e6ta tungum\u00e1lan\u00e1msferil \u00feinn.","breadcrumb":{"@id":"https:\/\/talkpal.ai\/is\/ukrainsk-malfraedi\/#breadcrumb"},"inLanguage":"is","potentialAction":[{"@type":"ReadAction","target":["https:\/\/talkpal.ai\/is\/ukrainsk-malfraedi\/"]}]},{"@type":"ImageObject","inLanguage":"is","@id":"https:\/\/talkpal.ai\/is\/ukrainsk-malfraedi\/#primaryimage","url":"https:\/\/talkpal.ai\/wp-content\/uploads\/2023\/04\/ukraine.png","contentUrl":"https:\/\/talkpal.ai\/wp-content\/uploads\/2023\/04\/ukraine.png","width":512,"height":512,"caption":"TalkPal Ukrainian Flag"},{"@type":"BreadcrumbList","@id":"https:\/\/talkpal.ai\/is\/ukrainsk-malfraedi\/#breadcrumb","itemListElement":[{"@type":"ListItem","position":1,"name":"Homepage","item":"https:\/\/talkpal.ai\/is\/"},{"@type":"ListItem","position":2,"name":"\u00dakra\u00ednsk m\u00e1lfr\u00e6\u00f0i"}]},{"@type":"WebSite","@id":"https:\/\/talkpal.ai\/is\/#website","url":"https:\/\/talkpal.ai\/is\/","name":"Talkpal","description":"AI Language Learning","publisher":{"@id":"https:\/\/talkpal.ai\/is\/#organization"},"alternateName":"Talkpal AI","potentialAction":[{"@type":"SearchAction","target":{"@type":"EntryPoint","urlTemplate":"https:\/\/talkpal.ai\/is\/?s={search_term_string}"},"query-input":{"@type":"PropertyValueSpecification","valueRequired":true,"valueName":"search_term_string"}}],"inLanguage":"is"},{"@type":"Organization","@id":"https:\/\/talkpal.ai\/is\/#organization","name":"Talkpal, Inc.","alternateName":"Talkpal AI","url":"https:\/\/talkpal.ai\/is\/","logo":{"@type":"ImageObject","inLanguage":"is","@id":"https:\/\/talkpal.ai\/is\/#\/schema\/logo\/image\/","url":"https:\/\/talkpal.ai\/wp-content\/uploads\/2024\/03\/Talkpal-Logo-Icon.png","contentUrl":"https:\/\/talkpal.ai\/wp-content\/uploads\/2024\/03\/Talkpal-Logo-Icon.png","width":2880,"height":2880,"caption":"Talkpal, Inc."},"image":{"@id":"https:\/\/talkpal.ai\/is\/#\/schema\/logo\/image\/"},"sameAs":["https:\/\/www.facebook.com\/profile.php?id=100090733639311","https:\/\/x.com\/talkpalai","https:\/\/www.linkedin.com\/company\/talkpal\/","https:\/\/www.youtube.com\/@TalkPal\/","https:\/\/www.tiktok.com\/@talkpal","https:\/\/www.instagram.com\/talkpal_ai\/","https:\/\/www.crunchbase.com\/organization\/talkpal-9cde","https:\/\/www.g2.com\/products\/talkpal-for-business\/","https:\/\/www.trustpilot.com\/review\/talkpal.ai","https:\/\/www.capterra.com\/p\/10006800\/TalkPal\/"],"description":"Talkpal is a language learning web and mobile education app, powered by the latest AI technologies, that provides engaging experiences to its customers in many different languages to help them improve their language skills. Users can chat about unlimited amount of topics with the app and use other modes to practice their language learning.","email":"support@talkpal.ai","legalName":"Talkpal, Inc.","foundingDate":"2023-04-03","duns":"118989042","numberOfEmployees":{"@type":"QuantitativeValue","minValue":"11","maxValue":"50"},"publishingPrinciples":"https:\/\/talkpal.ai\/publishing-principles\/","actionableFeedbackPolicy":"https:\/\/talkpal.ai\/actionable-feedback-policy\/","correctionsPolicy":"https:\/\/talkpal.ai\/corrections-policy\/","ethicsPolicy":"https:\/\/talkpal.ai\/ethics-policy\/","diversityPolicy":"https:\/\/talkpal.ai\/diversity-policy\/","diversityStaffingReport":"https:\/\/talkpal.ai\/diversity-policy\/"}]}},"_links":{"self":[{"href":"https:\/\/talkpal.ai\/is\/wp-json\/wp\/v2\/pages\/131147","targetHints":{"allow":["GET"]}}],"collection":[{"href":"https:\/\/talkpal.ai\/is\/wp-json\/wp\/v2\/pages"}],"about":[{"href":"https:\/\/talkpal.ai\/is\/wp-json\/wp\/v2\/types\/page"}],"author":[{"embeddable":true,"href":"https:\/\/talkpal.ai\/is\/wp-json\/wp\/v2\/users\/1"}],"replies":[{"embeddable":true,"href":"https:\/\/talkpal.ai\/is\/wp-json\/wp\/v2\/comments?post=131147"}],"version-history":[{"count":0,"href":"https:\/\/talkpal.ai\/is\/wp-json\/wp\/v2\/pages\/131147\/revisions"}],"wp:featuredmedia":[{"embeddable":true,"href":"https:\/\/talkpal.ai\/is\/wp-json\/wp\/v2\/media\/108659"}],"wp:attachment":[{"href":"https:\/\/talkpal.ai\/is\/wp-json\/wp\/v2\/media?parent=131147"}],"curies":[{"name":"wp","href":"https:\/\/api.w.org\/{rel}","templated":true}]}}