{"id":130758,"date":"2023-05-14T13:53:07","date_gmt":"2023-05-14T13:53:07","guid":{"rendered":"http:\/\/talkpal.ai\/saensk-malfraedi\/"},"modified":"2025-12-11T16:32:54","modified_gmt":"2025-12-11T16:32:54","slug":"saensk-malfraedi","status":"publish","type":"page","link":"https:\/\/talkpal.ai\/is\/saensk-malfraedi\/","title":{"rendered":"S\u00e6nsk m\u00e1lfr\u00e6\u00f0i"},"content":{"rendered":"\r\n\r\n\r\n<section class=\"languageChallengeSection\">\r\n    <div class=\"languageInfoWrapper\">\r\n        \r\n        <h1>S\u00e6nsk m\u00e1lfr\u00e6\u00f0i<\/h1>\r\n        <p>Opna\u00f0u fegur\u00f0 s\u00e6nsku tungum\u00e1lsins me\u00f0 \u00fev\u00ed a\u00f0 n\u00e1 t\u00f6kum \u00e1 nau\u00f0synlegum m\u00e1lfr\u00e6\u00f0ireglum \u00feess. G\u00f3\u00f0 \u00feekking \u00e1 s\u00e6nskri <a href=\"https:\/\/talkpal.ai\/grammar\/\">m\u00e1lfr\u00e6\u00f0i<\/a> gerir \u00fe\u00e9r kleift a\u00f0 eiga \u00f6rugg samskipti og tengjast s\u00e6nskri menningu. Byrja\u00f0u a\u00f0 l\u00e6ra <a href=\"https:\/\/talkpal.ai\/learn-swedish\/\">s\u00e6nska<\/a> m\u00e1lfr\u00e6\u00f0i \u00ed dag og taktu fyrsta skrefi\u00f0 \u00ed \u00e1tt a\u00f0 f\u00e6rni \u00ed s\u00e6nsku!<\/p>\r\n\r\n                            <a class=\"getStartedHidden\" href=\"https:\/\/app.talkpal.ai\/signup?lng=\">Byrja\u00f0u<\/a>\r\n        \r\n    <\/div>\r\n\r\n    <figure>\r\n    <img decoding=\"async\" width=\"768\" height=\"768\" src=\"https:\/\/talkpal.ai\/wp-content\/uploads\/2023\/06\/swedish-768x768.png\" class=\"languageImage no-lazy\" alt=\"Language learning for improved concentration\" fetchpriority=\"high\" sizes=\"(max-width: 768px) 150px, 768px\" srcset=\"https:\/\/talkpal.ai\/wp-content\/uploads\/2023\/06\/swedish-768x768.png 768w, https:\/\/talkpal.ai\/wp-content\/uploads\/2023\/06\/swedish-300x300.png 300w\" \/>\r\n    \r\n\r\n    <\/figure>\r\n\r\n            <a class=\"getStartedVisible\" href=\"https:\/\/app.talkpal.ai\/signup?lng=\">Byrja\u00f0u<\/a>\r\n    \r\n<\/section>\r\n<section class=\"promotionalBanner\">\r\n    <p class=\"promotionalText\">Skilvirkasta lei\u00f0in til a\u00f0 l\u00e6ra tungum\u00e1l<\/p>\r\n    <a class=\"promotionalLink\" href=\"https:\/\/app.talkpal.ai\/signup?lng=\">Pr\u00f3fa\u00f0u Talkpal \u00f3keypis<\/a>\r\n<\/section>\n<div class=\"wp-block-group pageContainerStyle\"><div class=\"wp-block-group__inner-container is-layout-constrained wp-block-group-is-layout-constrained\">\n<h2 class=\"wp-block-heading\" id=\"h-demystifying-swedish-grammar-a-comprehensive-guide-to-master-its-rules-and-nuances\">Afm\u00fdkjandi s\u00e6nsk m\u00e1lfr\u00e6\u00f0i: Alhli\u00f0a lei\u00f0arv\u00edsir til a\u00f0 n\u00e1 t\u00f6kum \u00e1 reglum s\u00ednum og bl\u00e6brig\u00f0um<\/h2>\n\n\n\n<p>S\u00e6nska, t\u00f6lu\u00f0 af um \u00fea\u00f0 bil 10 millj\u00f3num manna, er r\u00edkt og mel\u00f3d\u00edskt tungum\u00e1l sem tilheyrir nor\u00f0urgerm\u00f6nsku fj\u00f6lskyldunni. \u00der\u00e1tt fyrir a\u00f0 <a href=\"https:\/\/talkpal.ai\/swedish-grammar\/\">s\u00e6nsk m\u00e1lfr\u00e6\u00f0i<\/a> s\u00e9 tilt\u00f6lulega einf\u00f6ld mi\u00f0a\u00f0 vi\u00f0 sum \u00f6nnur tungum\u00e1l er skilningur \u00e1 reglum hennar og uppbyggingu lykillinn a\u00f0 \u00fev\u00ed a\u00f0 b\u00e6ta tungum\u00e1lakunn\u00e1ttu \u00fe\u00edna. \u00cd \u00feessari grein munum vi\u00f0 lei\u00f0a \u00feig \u00ed gegnum grundvallar\u00fe\u00e6tti s\u00e6nsku m\u00e1lfr\u00e6\u00f0innar og veita gagnlegar <a href=\"https:\/\/talkpal.ai\/contact\/\">\u00e1bendingar<\/a> til a\u00f0 auka s\u00e6nskukunn\u00e1ttu \u00fe\u00edna.<\/p>\n\n\n\n<h3 class=\"wp-block-heading\" id=\"h-essential-components-of-swedish-grammar\">Mikilv\u00e6gir \u00fe\u00e6ttir s\u00e6nskrar m\u00e1lfr\u00e6\u00f0i:<\/h3>\n\n\n\n<p>S\u00e6nsk m\u00e1lfr\u00e6\u00f0i deilir l\u00edkt me\u00f0 enskri m\u00e1lfr\u00e6\u00f0i, sem au\u00f0veldar <a href=\"https:\/\/talkpal.ai\/english-speaking-course\/\">enskum\u00e6landi<\/a> a\u00f0 tileinka s\u00e9r. H\u00e9r eru nokkrir mikilv\u00e6gir \u00fe\u00e6ttir s\u00e6nskrar m\u00e1lfr\u00e6\u00f0i sem vert er a\u00f0 kynna s\u00e9r:<\/p>\n\n\n\n<p><strong>1. Nafnor\u00f0<\/strong> : S\u00e6nsk nafnor\u00f0 skiptast \u00ed tv\u00f6 m\u00e1lfr\u00e6\u00f0ileg kyn: algengt (en) og hvorugkyn (ett). Hvert nafnor\u00f0 tilheyrir einum af \u00feessum flokkum, sem mikilv\u00e6gt er <a href=\"https:\/\/talkpal.ai\/culture\/what-is-the-verb-ad-hafa-and-when-is-it-used\/\">a\u00f0 hafa<\/a> \u00ed huga \u00feegar nota\u00f0ir eru \u00f3\u00e1kve\u00f0nir og \u00e1kve\u00f0nir hlutir. S\u00e6nsk nafnor\u00f0 hafa einnig fleirt\u00f6lumyndir, me\u00f0 nokkrum mismunandi mynstrum sem \u00fearf a\u00f0 muna.<\/p>\n\n\n\n<p><strong>2. L\u00fdsingaror\u00f0:<\/strong> L\u00fdsingaror\u00f0 \u00e1 s\u00e6nsku eru \u00ed samr\u00e6mi vi\u00f0 kyn nafnor\u00f0sins. \u00dea\u00f0 fer eftir kyni nafnor\u00f0sins, \u00fea\u00f0 eru \u00ferj\u00e1r ger\u00f0ir l\u00fdsingaror\u00f0a: j\u00e1kv\u00e6tt, samanbur\u00f0ar og yfirbur\u00f0a. L\u00fdsingaror\u00f0 eru einnig samm\u00e1la \u00ed t\u00f6lu (eint\u00f6lu e\u00f0a fleirt\u00f6lu).<\/p>\n\n\n\n<p><strong>3. Sagnir:<\/strong> S\u00e6nskar sagnir eru flokka\u00f0ar \u00ed fj\u00f3ra h\u00f3pa, hver me\u00f0 beygingarmynstri. Sagnir eru samtengdar \u00fat fr\u00e1 t\u00edma (n\u00fat\u00ed\u00f0, fort\u00ed\u00f0 e\u00f0a framt\u00ed\u00f0) en eru ekki samtengdar eftir efninu, eins og \u00e1 ensku. \u00deess \u00ed sta\u00f0 haldast s\u00e6nskar sagnamyndir st\u00f6\u00f0ugar \u00f3h\u00e1\u00f0 efninu. Auk \u00feess hafa s\u00e6nskar sagnir ekki samfelld form (\u00fe.e. -ing) eins og \u00ed ensku.<\/p>\n\n\n\n<p>4. Setningaskipan: S\u00e6nsk <strong>setningaskipan<\/strong> er venjulega Subject-Verb-Object (SVO), l\u00edkt og <a href=\"https:\/\/talkpal.ai\/learn-english-with-ai\/\">enska<\/a>. S\u00e6nska notar \u00fe\u00f3 oft V2 or\u00f0ar\u00f6\u00f0unarregluna, \u00fear sem s\u00f6gnin kemur fyrir \u00ed annarri st\u00f6\u00f0u \u00ed l\u00fdsandi setningum og spurningum.<\/p>\n\n\n\n<h3 class=\"wp-block-heading\" id=\"h-tips-for-learning-swedish-grammar\">R\u00e1\u00f0 til a\u00f0 l\u00e6ra s\u00e6nska m\u00e1lfr\u00e6\u00f0i:<\/h3>\n\n\n\n<p>Til a\u00f0 gera s\u00e6nskun\u00e1mi\u00f0 \u00feitt sl\u00e9ttara eru h\u00e9r nokkur hagn\u00fdt r\u00e1\u00f0 til a\u00f0 fylgja:<\/p>\n\n\n\n<p><strong>1. \u00c6f\u00f0u reglulega:<\/strong> Samr\u00e6mi er lykilatri\u00f0i. Gef\u00f0u \u00fe\u00e9r t\u00edma \u00e1 hverjum degi e\u00f0a viku til a\u00f0 \u00e6fa m\u00e1lfr\u00e6\u00f0i\u00e6fingar, lestur og ritun \u00e1 s\u00e6nsku.<\/p>\n\n\n\n<p><strong>2. Nota\u00f0u innf\u00e6ddar au\u00f0lindir:<\/strong> S\u00f6kkva \u00fe\u00e9r ni\u00f0ur \u00ed innf\u00e6ddur s\u00e6nskt efni eins og b\u00f3kmenntir, fr\u00e9ttagreinar og podcast. \u00deetta mun ekki a\u00f0eins hj\u00e1lpa \u00fe\u00e9r a\u00f0 skilja s\u00e6nska m\u00e1lfr\u00e6\u00f0i \u00ed samhengi heldur einnig b\u00e6ta lestrar- og hlustunarf\u00e6rni \u00fe\u00edna.<\/p>\n\n\n\n<p><strong>3. L\u00e6r\u00f0u nafnor\u00f0 kyn og fleirt\u00f6lu:<\/strong> \u00dea\u00f0 skiptir sk\u00f6pum a\u00f0 leggja \u00e1 minni\u00f0 kyn (en e\u00f0a ett) og fleirt\u00f6luform s\u00e6nskra nafnor\u00f0a. A\u00f0 \u00e6fa me\u00f0 t\u00edmanum mun a\u00f0 lokum hj\u00e1lpa \u00fe\u00e9r a\u00f0 innbyr\u00f0a \u00feessar reglur.<\/p>\n\n\n\n<p><strong>4. Tengstu \u00feeim sem hafa<\/strong> s\u00e6nsku a\u00f0 m\u00f3\u00f0urm\u00e1li: A\u00f0 taka \u00fe\u00e1tt \u00ed samt\u00f6lum vi\u00f0 s\u00e6nskum\u00e6landi a\u00f0 m\u00f3\u00f0urm\u00e1li gerir \u00fe\u00e9r kleift a\u00f0 \u00e6fa m\u00e1lfr\u00e6\u00f0i og f\u00e1 d\u00fdrm\u00e6t vi\u00f0br\u00f6g\u00f0. \u00cdhuga\u00f0u a\u00f0 ganga \u00ed tungum\u00e1laskiptah\u00f3pa e\u00f0a m\u00e1l\u00feing \u00e1 netinu til a\u00f0 tengjast s\u00e6nskum\u00e6landi einstaklingum.<\/p>\n\n\n\n<p><strong>5. Vertu \u00feolinm\u00f3\u00f0ur og \u00ferautseigur:<\/strong> Mundu a\u00f0 m\u00e1lfr\u00e6\u00f0in\u00e1m er ferli. Vertu sta\u00f0r\u00e1\u00f0inn, haltu \u00e1fram a\u00f0 \u00e6fa og fagna\u00f0u framf\u00f6rum \u00e1 lei\u00f0inni.<\/p>\n\n\n\n<h2 class=\"wp-block-heading\" id=\"h-conclusion\">\u00c1lyktun:<\/h2>\n\n\n\n<p>\u00de\u00f3 a\u00f0 s\u00e6nsk m\u00e1lfr\u00e6\u00f0i vir\u00f0ist fl\u00f3kin er h\u00e6gt a\u00f0 n\u00e1 t\u00f6kum \u00e1 henni af al\u00fa\u00f0 og skilningi \u00e1 \u00f3a\u00f0skiljanlegum \u00fe\u00e1ttum hennar. Me\u00f0 \u00fev\u00ed a\u00f0 fylgja till\u00f6gum okkar og s\u00f6kkva \u00fe\u00e9r ni\u00f0ur \u00ed tungum\u00e1li\u00f0 muntu ver\u00f0a vitni a\u00f0 st\u00f6\u00f0ugum framf\u00f6rum \u00ed s\u00e6nskukunn\u00e1ttu \u00feinni. Taktu \u00e1skoruninni opnum \u00f6rmum og nj\u00f3ttu fer\u00f0arinnar \u00ed \u00e1tt a\u00f0 s\u00e6nskri m\u00e1lfr\u00e6\u00f0ikunn\u00e1ttu!<\/p>\n<\/div><\/div>\n\r\n<section class=\"learnNavigationSection\">\r\n            \r\n        <a href=\"https:\/\/talkpal.ai\/is\/laerdu-saensku\/\">\r\n            <div class=\"learnNavigationWrapper\">\r\n                <div class=\"learnNavigationContent\">\r\n                    <img decoding=\"async\" src=\"https:\/\/talkpal.ai\/wp-content\/uploads\/2024\/08\/Swedish.jpg\" alt=\"Swedish Flag\">\r\n                    <div>\r\n                        <h4>Um s\u00e6nskun\u00e1m<\/h4>\r\n                        <p>Kynntu \u00fe\u00e9r allt um s\u00e6nska m\u00e1lfr\u00e6\u00f0i.<\/p>\r\n                    <\/div>\r\n                <\/div>\r\n            <\/div>\r\n        <\/a>\r\n\r\n        \r\n        <a href=\"https:\/\/talkpal.ai\/is\/saenskar-malfraediaefingar\/\">\r\n            <div class=\"learnNavigationWrapper\">\r\n                <div class=\"learnNavigationContent\">\r\n                    <img decoding=\"async\" src=\"https:\/\/talkpal.ai\/wp-content\/uploads\/2024\/08\/Swedish.jpg\" alt=\"Swedish Flag\">\r\n                    <div>\r\n                        <h4>S\u00e6nsk m\u00e1lfr\u00e6\u00f0i\u00e6fing<\/h4>\r\n                        <p>\u00c6f\u00f0u s\u00e6nska m\u00e1lfr\u00e6\u00f0i.<\/p>\r\n                    <\/div>\r\n                <\/div>\r\n            <\/div>\r\n        <\/a>\r\n\r\n        \r\n        <a href=\"https:\/\/talkpal.ai\/vocabulary_language\/swedish\/\">\r\n            <div class=\"learnNavigationWrapper\">\r\n                <div class=\"learnNavigationContent\">\r\n                    <img decoding=\"async\" src=\"https:\/\/talkpal.ai\/wp-content\/uploads\/2024\/08\/Swedish.jpg\" alt=\"Swedish Flag\">\r\n                    <div>\r\n                        <h4>S\u00e6nskur or\u00f0afor\u00f0i<\/h4>\r\n                        <p>St\u00e6kka\u00f0u s\u00e6nskan or\u00f0afor\u00f0a \u00feinn.<\/p>\r\n                    <\/div>\r\n                <\/div>\r\n            <\/div>\r\n        <\/a>\r\n\r\n            <\/section>","protected":false},"excerpt":{"rendered":"<p>Afm\u00fdkjandi s\u00e6nsk m\u00e1lfr\u00e6\u00f0i: Alhli\u00f0a lei\u00f0arv\u00edsir til a\u00f0 n\u00e1 t\u00f6kum \u00e1 reglum s\u00ednum og bl\u00e6brig\u00f0um S\u00e6nska, t\u00f6lu\u00f0 af um \u00fea\u00f0 bil 10 millj\u00f3num manna, er r\u00edkt og mel\u00f3d\u00edskt tungum\u00e1l sem tilheyrir nor\u00f0urgerm\u00f6nsku fj\u00f6lskyldunni. \u00der\u00e1tt fyrir a\u00f0 s\u00e6nsk m\u00e1lfr\u00e6\u00f0i s\u00e9 tilt\u00f6lulega einf\u00f6ld mi\u00f0a\u00f0 vi\u00f0 sum \u00f6nnur tungum\u00e1l er skilningur \u00e1 reglum hennar og uppbyggingu lykillinn a\u00f0 \u00fev\u00ed [&hellip;]<\/p>\n","protected":false},"author":1,"featured_media":108371,"parent":0,"menu_order":0,"comment_status":"closed","ping_status":"closed","template":"LearningContentPage.php","meta":{"_acf_changed":false,"footnotes":""},"class_list":["post-130758","page","type-page","status-publish","has-post-thumbnail","hentry"],"acf":[],"yoast_head":"<!-- This site is optimized with the Yoast SEO Premium plugin v27.2 (Yoast SEO v27.2) - https:\/\/yoast.com\/product\/yoast-seo-premium-wordpress\/ -->\n<title>S\u00e6nsk m\u00e1lfr\u00e6\u00f0i - Talkpal<\/title>\n<meta name=\"description\" content=\"Uppg\u00f6tva\u00f0u leyndard\u00f3ma s\u00e6nskrar m\u00e1lfr\u00e6\u00f0i til a\u00f0 b\u00e6ta tungum\u00e1lakunn\u00e1ttu \u00fe\u00edna me\u00f0 grundvallarreglum og gagnlegum r\u00e1\u00f0um.\" \/>\n<meta name=\"robots\" content=\"index, follow, max-snippet:-1, max-image-preview:large, max-video-preview:-1\" \/>\n<link rel=\"canonical\" href=\"https:\/\/talkpal.ai\/is\/saensk-malfraedi\/\" \/>\n<meta property=\"og:locale\" content=\"is_IS\" \/>\n<meta property=\"og:type\" content=\"article\" \/>\n<meta property=\"og:title\" content=\"S\u00e6nsk m\u00e1lfr\u00e6\u00f0i\" \/>\n<meta property=\"og:description\" content=\"Afm\u00fdkjandi s\u00e6nsk m\u00e1lfr\u00e6\u00f0i: Alhli\u00f0a lei\u00f0arv\u00edsir til a\u00f0 n\u00e1 t\u00f6kum \u00e1 reglum s\u00ednum og bl\u00e6brig\u00f0um S\u00e6nska, t\u00f6lu\u00f0 af um \u00fea\u00f0 bil 10 millj\u00f3num manna, er r\u00edkt og\" \/>\n<meta property=\"og:url\" content=\"https:\/\/talkpal.ai\/is\/saensk-malfraedi\/\" \/>\n<meta property=\"og:site_name\" content=\"Talkpal\" \/>\n<meta property=\"article:publisher\" content=\"https:\/\/www.facebook.com\/profile.php?id=100090733639311\" \/>\n<meta property=\"article:modified_time\" content=\"2025-12-11T16:32:54+00:00\" \/>\n<meta property=\"og:image\" content=\"https:\/\/talkpal.ai\/wp-content\/uploads\/2023\/04\/sweden.png\" \/>\n\t<meta property=\"og:image:width\" content=\"512\" \/>\n\t<meta property=\"og:image:height\" content=\"512\" \/>\n\t<meta property=\"og:image:type\" content=\"image\/png\" \/>\n<meta name=\"twitter:card\" content=\"summary_large_image\" \/>\n<meta name=\"twitter:site\" content=\"@talkpalai\" \/>\n<meta name=\"twitter:label1\" content=\"Est. reading time\" \/>\n\t<meta name=\"twitter:data1\" content=\"3 minutes\" \/>\n<script type=\"application\/ld+json\" class=\"yoast-schema-graph\">{\"@context\":\"https:\/\/schema.org\",\"@graph\":[{\"@type\":\"WebPage\",\"@id\":\"https:\/\/talkpal.ai\/is\/saensk-malfraedi\/\",\"url\":\"https:\/\/talkpal.ai\/is\/saensk-malfraedi\/\",\"name\":\"S\u00e6nsk m\u00e1lfr\u00e6\u00f0i - Talkpal\",\"isPartOf\":{\"@id\":\"https:\/\/talkpal.ai\/is\/#website\"},\"primaryImageOfPage\":{\"@id\":\"https:\/\/talkpal.ai\/is\/saensk-malfraedi\/#primaryimage\"},\"image\":{\"@id\":\"https:\/\/talkpal.ai\/is\/saensk-malfraedi\/#primaryimage\"},\"thumbnailUrl\":\"https:\/\/talkpal.ai\/wp-content\/uploads\/2023\/04\/sweden.png\",\"datePublished\":\"2023-05-14T13:53:07+00:00\",\"dateModified\":\"2025-12-11T16:32:54+00:00\",\"description\":\"Uppg\u00f6tva\u00f0u leyndard\u00f3ma s\u00e6nskrar m\u00e1lfr\u00e6\u00f0i til a\u00f0 b\u00e6ta tungum\u00e1lakunn\u00e1ttu \u00fe\u00edna me\u00f0 grundvallarreglum og gagnlegum r\u00e1\u00f0um.\",\"breadcrumb\":{\"@id\":\"https:\/\/talkpal.ai\/is\/saensk-malfraedi\/#breadcrumb\"},\"inLanguage\":\"is\",\"potentialAction\":[{\"@type\":\"ReadAction\",\"target\":[\"https:\/\/talkpal.ai\/is\/saensk-malfraedi\/\"]}]},{\"@type\":\"ImageObject\",\"inLanguage\":\"is\",\"@id\":\"https:\/\/talkpal.ai\/is\/saensk-malfraedi\/#primaryimage\",\"url\":\"https:\/\/talkpal.ai\/wp-content\/uploads\/2023\/04\/sweden.png\",\"contentUrl\":\"https:\/\/talkpal.ai\/wp-content\/uploads\/2023\/04\/sweden.png\",\"width\":512,\"height\":512},{\"@type\":\"BreadcrumbList\",\"@id\":\"https:\/\/talkpal.ai\/is\/saensk-malfraedi\/#breadcrumb\",\"itemListElement\":[{\"@type\":\"ListItem\",\"position\":1,\"name\":\"Homepage\",\"item\":\"https:\/\/talkpal.ai\/is\/\"},{\"@type\":\"ListItem\",\"position\":2,\"name\":\"S\u00e6nsk m\u00e1lfr\u00e6\u00f0i\"}]},{\"@type\":\"WebSite\",\"@id\":\"https:\/\/talkpal.ai\/is\/#website\",\"url\":\"https:\/\/talkpal.ai\/is\/\",\"name\":\"Talkpal\",\"description\":\"AI Language Learning\",\"publisher\":{\"@id\":\"https:\/\/talkpal.ai\/is\/#organization\"},\"alternateName\":\"Talkpal AI\",\"potentialAction\":[{\"@type\":\"SearchAction\",\"target\":{\"@type\":\"EntryPoint\",\"urlTemplate\":\"https:\/\/talkpal.ai\/is\/?s={search_term_string}\"},\"query-input\":{\"@type\":\"PropertyValueSpecification\",\"valueRequired\":true,\"valueName\":\"search_term_string\"}}],\"inLanguage\":\"is\"},{\"@type\":\"Organization\",\"@id\":\"https:\/\/talkpal.ai\/is\/#organization\",\"name\":\"Talkpal, Inc.\",\"alternateName\":\"Talkpal AI\",\"url\":\"https:\/\/talkpal.ai\/is\/\",\"logo\":{\"@type\":\"ImageObject\",\"inLanguage\":\"is\",\"@id\":\"https:\/\/talkpal.ai\/is\/#\/schema\/logo\/image\/\",\"url\":\"https:\/\/talkpal.ai\/wp-content\/uploads\/2024\/03\/Talkpal-Logo-Icon.png\",\"contentUrl\":\"https:\/\/talkpal.ai\/wp-content\/uploads\/2024\/03\/Talkpal-Logo-Icon.png\",\"width\":2880,\"height\":2880,\"caption\":\"Talkpal, Inc.\"},\"image\":{\"@id\":\"https:\/\/talkpal.ai\/is\/#\/schema\/logo\/image\/\"},\"sameAs\":[\"https:\/\/www.facebook.com\/profile.php?id=100090733639311\",\"https:\/\/x.com\/talkpalai\",\"https:\/\/www.linkedin.com\/company\/talkpal\/\",\"https:\/\/www.youtube.com\/@TalkPal\/\",\"https:\/\/www.tiktok.com\/@talkpal\",\"https:\/\/www.instagram.com\/talkpal_ai\/\",\"https:\/\/www.crunchbase.com\/organization\/talkpal-9cde\",\"https:\/\/www.g2.com\/products\/talkpal-for-business\/\",\"https:\/\/www.trustpilot.com\/review\/talkpal.ai\",\"https:\/\/www.capterra.com\/p\/10006800\/TalkPal\/\"],\"description\":\"Talkpal is a language learning web and mobile education app, powered by the latest AI technologies, that provides engaging experiences to its customers in many different languages to help them improve their language skills. Users can chat about unlimited amount of topics with the app and use other modes to practice their language learning.\",\"email\":\"support@talkpal.ai\",\"legalName\":\"Talkpal, Inc.\",\"foundingDate\":\"2023-04-03\",\"duns\":\"118989042\",\"numberOfEmployees\":{\"@type\":\"QuantitativeValue\",\"minValue\":\"11\",\"maxValue\":\"50\"},\"publishingPrinciples\":\"https:\/\/talkpal.ai\/publishing-principles\/\",\"actionableFeedbackPolicy\":\"https:\/\/talkpal.ai\/actionable-feedback-policy\/\",\"correctionsPolicy\":\"https:\/\/talkpal.ai\/corrections-policy\/\",\"ethicsPolicy\":\"https:\/\/talkpal.ai\/ethics-policy\/\",\"diversityPolicy\":\"https:\/\/talkpal.ai\/diversity-policy\/\",\"diversityStaffingReport\":\"https:\/\/talkpal.ai\/diversity-policy\/\"}]}<\/script>\n<!-- \/ Yoast SEO Premium plugin. -->","yoast_head_json":{"title":"S\u00e6nsk m\u00e1lfr\u00e6\u00f0i - Talkpal","description":"Uppg\u00f6tva\u00f0u leyndard\u00f3ma s\u00e6nskrar m\u00e1lfr\u00e6\u00f0i til a\u00f0 b\u00e6ta tungum\u00e1lakunn\u00e1ttu \u00fe\u00edna me\u00f0 grundvallarreglum og gagnlegum r\u00e1\u00f0um.","robots":{"index":"index","follow":"follow","max-snippet":"max-snippet:-1","max-image-preview":"max-image-preview:large","max-video-preview":"max-video-preview:-1"},"canonical":"https:\/\/talkpal.ai\/is\/saensk-malfraedi\/","og_locale":"is_IS","og_type":"article","og_title":"S\u00e6nsk m\u00e1lfr\u00e6\u00f0i","og_description":"Afm\u00fdkjandi s\u00e6nsk m\u00e1lfr\u00e6\u00f0i: Alhli\u00f0a lei\u00f0arv\u00edsir til a\u00f0 n\u00e1 t\u00f6kum \u00e1 reglum s\u00ednum og bl\u00e6brig\u00f0um S\u00e6nska, t\u00f6lu\u00f0 af um \u00fea\u00f0 bil 10 millj\u00f3num manna, er r\u00edkt og","og_url":"https:\/\/talkpal.ai\/is\/saensk-malfraedi\/","og_site_name":"Talkpal","article_publisher":"https:\/\/www.facebook.com\/profile.php?id=100090733639311","article_modified_time":"2025-12-11T16:32:54+00:00","og_image":[{"width":512,"height":512,"url":"https:\/\/talkpal.ai\/wp-content\/uploads\/2023\/04\/sweden.png","type":"image\/png"}],"twitter_card":"summary_large_image","twitter_site":"@talkpalai","twitter_misc":{"Est. reading time":"3 minutes"},"schema":{"@context":"https:\/\/schema.org","@graph":[{"@type":"WebPage","@id":"https:\/\/talkpal.ai\/is\/saensk-malfraedi\/","url":"https:\/\/talkpal.ai\/is\/saensk-malfraedi\/","name":"S\u00e6nsk m\u00e1lfr\u00e6\u00f0i - Talkpal","isPartOf":{"@id":"https:\/\/talkpal.ai\/is\/#website"},"primaryImageOfPage":{"@id":"https:\/\/talkpal.ai\/is\/saensk-malfraedi\/#primaryimage"},"image":{"@id":"https:\/\/talkpal.ai\/is\/saensk-malfraedi\/#primaryimage"},"thumbnailUrl":"https:\/\/talkpal.ai\/wp-content\/uploads\/2023\/04\/sweden.png","datePublished":"2023-05-14T13:53:07+00:00","dateModified":"2025-12-11T16:32:54+00:00","description":"Uppg\u00f6tva\u00f0u leyndard\u00f3ma s\u00e6nskrar m\u00e1lfr\u00e6\u00f0i til a\u00f0 b\u00e6ta tungum\u00e1lakunn\u00e1ttu \u00fe\u00edna me\u00f0 grundvallarreglum og gagnlegum r\u00e1\u00f0um.","breadcrumb":{"@id":"https:\/\/talkpal.ai\/is\/saensk-malfraedi\/#breadcrumb"},"inLanguage":"is","potentialAction":[{"@type":"ReadAction","target":["https:\/\/talkpal.ai\/is\/saensk-malfraedi\/"]}]},{"@type":"ImageObject","inLanguage":"is","@id":"https:\/\/talkpal.ai\/is\/saensk-malfraedi\/#primaryimage","url":"https:\/\/talkpal.ai\/wp-content\/uploads\/2023\/04\/sweden.png","contentUrl":"https:\/\/talkpal.ai\/wp-content\/uploads\/2023\/04\/sweden.png","width":512,"height":512},{"@type":"BreadcrumbList","@id":"https:\/\/talkpal.ai\/is\/saensk-malfraedi\/#breadcrumb","itemListElement":[{"@type":"ListItem","position":1,"name":"Homepage","item":"https:\/\/talkpal.ai\/is\/"},{"@type":"ListItem","position":2,"name":"S\u00e6nsk m\u00e1lfr\u00e6\u00f0i"}]},{"@type":"WebSite","@id":"https:\/\/talkpal.ai\/is\/#website","url":"https:\/\/talkpal.ai\/is\/","name":"Talkpal","description":"AI Language Learning","publisher":{"@id":"https:\/\/talkpal.ai\/is\/#organization"},"alternateName":"Talkpal AI","potentialAction":[{"@type":"SearchAction","target":{"@type":"EntryPoint","urlTemplate":"https:\/\/talkpal.ai\/is\/?s={search_term_string}"},"query-input":{"@type":"PropertyValueSpecification","valueRequired":true,"valueName":"search_term_string"}}],"inLanguage":"is"},{"@type":"Organization","@id":"https:\/\/talkpal.ai\/is\/#organization","name":"Talkpal, Inc.","alternateName":"Talkpal AI","url":"https:\/\/talkpal.ai\/is\/","logo":{"@type":"ImageObject","inLanguage":"is","@id":"https:\/\/talkpal.ai\/is\/#\/schema\/logo\/image\/","url":"https:\/\/talkpal.ai\/wp-content\/uploads\/2024\/03\/Talkpal-Logo-Icon.png","contentUrl":"https:\/\/talkpal.ai\/wp-content\/uploads\/2024\/03\/Talkpal-Logo-Icon.png","width":2880,"height":2880,"caption":"Talkpal, Inc."},"image":{"@id":"https:\/\/talkpal.ai\/is\/#\/schema\/logo\/image\/"},"sameAs":["https:\/\/www.facebook.com\/profile.php?id=100090733639311","https:\/\/x.com\/talkpalai","https:\/\/www.linkedin.com\/company\/talkpal\/","https:\/\/www.youtube.com\/@TalkPal\/","https:\/\/www.tiktok.com\/@talkpal","https:\/\/www.instagram.com\/talkpal_ai\/","https:\/\/www.crunchbase.com\/organization\/talkpal-9cde","https:\/\/www.g2.com\/products\/talkpal-for-business\/","https:\/\/www.trustpilot.com\/review\/talkpal.ai","https:\/\/www.capterra.com\/p\/10006800\/TalkPal\/"],"description":"Talkpal is a language learning web and mobile education app, powered by the latest AI technologies, that provides engaging experiences to its customers in many different languages to help them improve their language skills. Users can chat about unlimited amount of topics with the app and use other modes to practice their language learning.","email":"support@talkpal.ai","legalName":"Talkpal, Inc.","foundingDate":"2023-04-03","duns":"118989042","numberOfEmployees":{"@type":"QuantitativeValue","minValue":"11","maxValue":"50"},"publishingPrinciples":"https:\/\/talkpal.ai\/publishing-principles\/","actionableFeedbackPolicy":"https:\/\/talkpal.ai\/actionable-feedback-policy\/","correctionsPolicy":"https:\/\/talkpal.ai\/corrections-policy\/","ethicsPolicy":"https:\/\/talkpal.ai\/ethics-policy\/","diversityPolicy":"https:\/\/talkpal.ai\/diversity-policy\/","diversityStaffingReport":"https:\/\/talkpal.ai\/diversity-policy\/"}]}},"_links":{"self":[{"href":"https:\/\/talkpal.ai\/is\/wp-json\/wp\/v2\/pages\/130758","targetHints":{"allow":["GET"]}}],"collection":[{"href":"https:\/\/talkpal.ai\/is\/wp-json\/wp\/v2\/pages"}],"about":[{"href":"https:\/\/talkpal.ai\/is\/wp-json\/wp\/v2\/types\/page"}],"author":[{"embeddable":true,"href":"https:\/\/talkpal.ai\/is\/wp-json\/wp\/v2\/users\/1"}],"replies":[{"embeddable":true,"href":"https:\/\/talkpal.ai\/is\/wp-json\/wp\/v2\/comments?post=130758"}],"version-history":[{"count":0,"href":"https:\/\/talkpal.ai\/is\/wp-json\/wp\/v2\/pages\/130758\/revisions"}],"wp:featuredmedia":[{"embeddable":true,"href":"https:\/\/talkpal.ai\/is\/wp-json\/wp\/v2\/media\/108371"}],"wp:attachment":[{"href":"https:\/\/talkpal.ai\/is\/wp-json\/wp\/v2\/media?parent=130758"}],"curies":[{"name":"wp","href":"https:\/\/api.w.org\/{rel}","templated":true}]}}