{"id":130468,"date":"2023-05-14T13:52:27","date_gmt":"2023-05-14T13:52:27","guid":{"rendered":"http:\/\/talkpal.ai\/koresk-malfraedi\/"},"modified":"2025-12-11T16:29:15","modified_gmt":"2025-12-11T16:29:15","slug":"koresk-malfraedi","status":"publish","type":"page","link":"https:\/\/talkpal.ai\/is\/koresk-malfraedi\/","title":{"rendered":"K\u00f3resk m\u00e1lfr\u00e6\u00f0i"},"content":{"rendered":"\r\n\r\n\r\n<section class=\"languageChallengeSection\">\r\n    <div class=\"languageInfoWrapper\">\r\n        \r\n        <h1>K\u00f3resk m\u00e1lfr\u00e6\u00f0i<\/h1>\r\n        <p>Byrja\u00f0u a\u00f0 n\u00e1 t\u00f6kum \u00e1 k\u00f3reskri <a href=\"https:\/\/talkpal.ai\/grammar\/\">m\u00e1lfr\u00e6\u00f0i<\/a> me\u00f0 au\u00f0veldum lei\u00f0beiningum og hagn\u00fdtum d\u00e6mum. L\u00e6r\u00f0u a\u00f0 mynda setningar, nota agnir og samtengda sagnor\u00f0 til a\u00f0 tj\u00e1 \u00feig r\u00e9tt. \u00c6f\u00f0u \u00feig \u00ed a\u00f0 \u00fej\u00e1lfa f\u00e6rni \u00fe\u00edna me\u00f0 gagnvirkum \u00e6fingum sem eru hanna\u00f0ar til a\u00f0 byggja upp sj\u00e1lfstraust \u00feitt. Taktu n\u00e6sta skref \u00ed k\u00f3resku tungum\u00e1lafer\u00f0alagi \u00fe\u00ednu og b\u00e6ttu f\u00e6rni \u00fe\u00edna \u00ed dag!<\/p>\r\n\r\n                            <a class=\"getStartedHidden\" href=\"https:\/\/app.talkpal.ai\/signup?lng=\">Byrja\u00f0u<\/a>\r\n        \r\n    <\/div>\r\n\r\n    <figure>\r\n    <img decoding=\"async\" width=\"768\" height=\"768\" src=\"https:\/\/talkpal.ai\/wp-content\/uploads\/2023\/06\/korean-768x768.png\" class=\"languageImage no-lazy\" alt=\"Line-by-line learning for language acquisition\" fetchpriority=\"high\" sizes=\"(max-width: 768px) 150px, 768px\" srcset=\"https:\/\/talkpal.ai\/wp-content\/uploads\/2023\/06\/korean-768x768.png 768w, https:\/\/talkpal.ai\/wp-content\/uploads\/2023\/06\/korean-300x300.png 300w\" \/>\r\n    \r\n\r\n    <\/figure>\r\n\r\n            <a class=\"getStartedVisible\" href=\"https:\/\/app.talkpal.ai\/signup?lng=\">Byrja\u00f0u<\/a>\r\n    \r\n<\/section>\r\n<section class=\"promotionalBanner\">\r\n    <p class=\"promotionalText\">Skilvirkasta lei\u00f0in til a\u00f0 l\u00e6ra tungum\u00e1l<\/p>\r\n    <a class=\"promotionalLink\" href=\"https:\/\/app.talkpal.ai\/signup?lng=\">Pr\u00f3fa\u00f0u Talkpal \u00f3keypis<\/a>\r\n<\/section>\n<div class=\"wp-block-group pageContainerStyle\"><div class=\"wp-block-group__inner-container is-layout-constrained wp-block-group-is-layout-constrained\">\n<h2 class=\"wp-block-heading\" id=\"h-demystifying-korean-grammar-a-beginner-s-guide\">A\u00f0 afhj\u00fapa dularfulla k\u00f3reska m\u00e1lfr\u00e6\u00f0i: Lei\u00f0arv\u00edsir fyrir byrjendur<\/h2>\n\n\n\n<p>A\u00f0 l\u00e6ra k\u00f3resku getur opna\u00f0 heim t\u00e6kif\u00e6ra, hvort sem \u00fea\u00f0 er a\u00f0 sko\u00f0a <a href=\"https:\/\/talkpal.ai\/learn-korean\/\">k\u00f3reska<\/a> matarger\u00f0, horfa \u00e1 n\u00fdjustu K-drama e\u00f0a vinna me\u00f0 einu af m\u00f6rgum n\u00fdsk\u00f6punarfyrirt\u00e6kjum Su\u00f0ur-K\u00f3reu. Sem ekki m\u00f3\u00f0urm\u00e1li a\u00f0 kafa \u00ed \u00feetta heillandi tungum\u00e1l getur einn erfi\u00f0asti \u00fe\u00e1tturinn veri\u00f0 a\u00f0 n\u00e1 t\u00f6kum \u00e1 m\u00e1lfr\u00e6\u00f0i \u00feess. <a href=\"https:\/\/talkpal.ai\/korean-grammar\/\">K\u00f3resk m\u00e1lfr\u00e6\u00f0i<\/a> kann a\u00f0 vir\u00f0ast fl\u00f3kin vi\u00f0 fyrstu s\u00fdn, en h\u00fan hefur r\u00f6kfr\u00e6\u00f0i og samkv\u00e6mni sem getur veri\u00f0 a\u00f0gengilegri en \u00fe\u00fa g\u00e6tir haldi\u00f0. \u00cd \u00feessari grein munum vi\u00f0 brj\u00f3ta ni\u00f0ur lykileiginleika k\u00f3reskrar m\u00e1lfr\u00e6\u00f0i og veita d\u00fdrm\u00e6ta inns\u00fdn til a\u00f0 <a href=\"https:\/\/talkpal.ai\/locations\/language-courses-in-gera\/\">gera<\/a> fer\u00f0 \u00fe\u00edna til reiprennandi sl\u00e9tt og skemmtileg.<\/p>\n\n\n\n<h3 class=\"wp-block-heading\" id=\"h-1-word-nbsp-order-nbsp-get-in-the-flow\"><b>1. Or\u00f0ar\u00f6\u00f0<\/b><b> &#8211; Komdu \u00ed fl\u00e6\u00f0i\u00f0!<\/b><\/h3>\n\n\n\n<p>\u00dea\u00f0 fyrsta sem \u00fe\u00fa \u00fearft a\u00f0 vita um k\u00f3reska m\u00e1lfr\u00e6\u00f0i er grunn or\u00f0ar\u00f6\u00f0 hennar: <a href=\"https:\/\/talkpal.ai\/culture\/how-do-you-structure-a-sentence-using-subject-object-verb-order-in-uzbek\/\">Subject-Object-Verb<\/a> (SOV). \u00deetta \u00fe\u00fd\u00f0ir a\u00f0 sagnir koma \u00ed lok setningar, \u00f3l\u00edkt ensku Subject-Verb-Object (SVO) r\u00f6\u00f0inni. \u00deetta getur teki\u00f0 sm\u00e1 t\u00edma a\u00f0 venjast, en lykillinn a\u00f0 reiprennandi er a\u00f0 s\u00e6tta sig vi\u00f0 \u00feessa n\u00fdju uppbyggingu.<\/p>\n\n\n\n<p>\u00c1bending: \u00c6f\u00f0u \u00feig \u00ed a\u00f0 mynda einfaldar k\u00f3reskar setningar me\u00f0 \u00fev\u00ed a\u00f0 \u00fe\u00fd\u00f0a ensk or\u00f0asamb\u00f6nd og endurra\u00f0a r\u00f6\u00f0 or\u00f0anna. Einbeittu \u00fe\u00e9r a\u00f0 \u00fev\u00ed a\u00f0 skilja r\u00f6kfr\u00e6\u00f0ina \u00e1 bak vi\u00f0 SOV uppbygginguna til a\u00f0 ver\u00f0a \u00f6ruggari me\u00f0 hana.<\/p>\n\n\n\n<h3 class=\"wp-block-heading\" id=\"h-2-particles-attach-and-connect\">2. Agnir &#8211; Festu og tengdu!<\/h3>\n\n\n\n<p>K\u00f3reskar setningar nota \u00f6rsm\u00e1a m\u00e1lfr\u00e6\u00f0ilegar uppl\u00fdsingar sem kallast agnir til a\u00f0 \u00e1kvar\u00f0a virkni or\u00f0s \u00ed setningu. Til d\u00e6mis merkja \uc774\/\uac00 og \uc740\/\ub294 myndefni\u00f0, en \uc744\/\ub97c gefa til kynna hlutinn. Agnir eru \u00f3missandi \u00fe\u00e1ttur \u00ed k\u00f3reskri m\u00e1lfr\u00e6\u00f0i, en notkun \u00feeirra g\u00e6ti fundist yfir\u00feyrmandi \u00ed upphafi.<\/p>\n\n\n\n<p>\u00c1bending: T\u00e6kla\u00f0u eina \u00f6gn \u00ed einu, vertu s\u00e1ttur vi\u00f0 notkun hennar og merkingu. B\u00fa\u00f0u til lista yfir d\u00e6mi um setningar \u00fear sem hver \u00f6gn er notu\u00f0 til a\u00f0 b\u00faa til safn vi\u00f0mi\u00f0unarefnis.<\/p>\n\n\n\n<h3 class=\"wp-block-heading\" id=\"h-3-verb-conjugation-keep-it-simple\">3. Sagnbeyging \u2013 Haf\u00f0u \u00fea\u00f0 einfalt!<\/h3>\n\n\n\n<p>K\u00f3reskar sagnir eru \u00f3tr\u00falega st\u00f6\u00f0ugar, sem getur gert \u00fe\u00e6r au\u00f0veldara a\u00f0 l\u00e6ra en sagnir \u00ed \u00f6\u00f0rum tungum\u00e1lum. Allar k\u00f3reskar sagnir enda \u00e1 \ub2e4 (da) \u00ed grunnmynd sinni og til a\u00f0 b\u00faa til mismunandi t\u00ed\u00f0ir e\u00f0a kurteisisstig b\u00e6tir\u00f0u einfaldlega vi\u00f0 \u00fdmsum endingum. Algengustu eru \u2013\uc694 (yo) fyrir \u00f3formlega kurteisi og \u2013\uc2b5\ub2c8\ub2e4 (seumnida) fyrir formlegri a\u00f0st\u00e6\u00f0ur.<\/p>\n\n\n\n<p>R\u00e1\u00f0: L\u00e6r\u00f0u a\u00f0 beygja nokkrar nau\u00f0synlegar sagnir \u00e1 mismunandi kurteisisstigum, eins og \ud558\ub2e4 (a\u00f0 gera), \uba39\ub2e4 (a\u00f0 bor\u00f0a), \uc790\ub2e4 (a\u00f0 sofa) og \uac00\ub2e4 (a\u00f0 fara). Byrja\u00f0u s\u00ed\u00f0an a\u00f0 fella \u00fe\u00e6r inn \u00ed setningar til a\u00f0 kynnast betur og \u00fe\u00e6gilegra me\u00f0 a\u00f0 nota \u00fdmsar samtengingar.<\/p>\n\n\n\n<h3 class=\"wp-block-heading\" id=\"h-4-adjectives-treat-them-like-verbs\">4. L\u00fdsingaror\u00f0 &#8211; Komdu fram vi\u00f0 \u00feau eins og sagnir!<\/h3>\n\n\n\n<p>\u00cd k\u00f3reskri m\u00e1lfr\u00e6\u00f0i virka l\u00fdsingaror\u00f0 \u00e1 svipa\u00f0an h\u00e1tt og sagnir og eru beyg\u00f0 me\u00f0 <a href=\"https:\/\/talkpal.ai\/locations\/language-courses-in-sama\/\">sama<\/a> kerfi. M\u00f6rg l\u00fdsingaror\u00f0 enda \u00e1 ~\ud558\ub2e4 (-hada) og er h\u00e6gt a\u00f0 beygja \u00feau \u00e1 sama h\u00e1tt og \u00fe\u00fa myndir beygja sagnir.<\/p>\n\n\n\n<p>\u00c1bending: \u00c6f\u00f0u \u00feig \u00ed a\u00f0 samtengja algeng l\u00fdsingaror\u00f0 eins og \uc88b\ub2e4 (a\u00f0 vera g\u00f3\u00f0ur), \uc608\uc058\ub2e4 (a\u00f0 vera fallegur), \ub192\ub2e4 (a\u00f0 vera h\u00e1r), \ub0ae\ub2e4 (a\u00f0 vera l\u00e1gur) og \ud06c\ub2e4 (a\u00f0 vera st\u00f3r). A\u00f0 fella \u00fe\u00e6r inn \u00ed setningar mun hj\u00e1lpa til vi\u00f0 a\u00f0 styrkja skilning \u00feinn.<\/p>\n\n\n\n<h3 class=\"wp-block-heading\" id=\"h-5-honorifics-show-your-respect\">5. Hei\u00f0ursver\u00f0laun &#8211; S\u00fdndu vir\u00f0ingu \u00fe\u00edna!<\/h3>\n\n\n\n<p>K\u00f3resk menning leggur \u00e1herslu \u00e1 a\u00f0 s\u00fdna \u00f6ldungum og \u00feeim sem eru \u00ed valdast\u00f6\u00f0um vir\u00f0ingu. \u00deetta endurspeglast \u00ed tungum\u00e1li \u00feess me\u00f0 hei\u00f0ursor\u00f0um, sem eru s\u00e9rst\u00f6k or\u00f0aform og m\u00e1lfr\u00e6\u00f0ileg uppbygging sem notu\u00f0 er til a\u00f0 s\u00fdna kurteisi. Nokkur lykild\u00e6mi eru notkun agnarinnar \u2013\uaed8\uc11c (-kkeseo) \u00ed sta\u00f0 \u2013\uc774\/\uac00 \u00feegar v\u00edsa\u00f0 er til einhvers af vir\u00f0ingu e\u00f0a notkun \u2013\uc2dc (-si) \u00e1 sagnir sem kurteisimerki.<\/p>\n\n\n\n<p>\u00c1bending: L\u00e6r\u00f0u grunnatri\u00f0i \u00feess a\u00f0 nota hei\u00f0ursmerki, en ekki hafa miklar \u00e1hyggjur af \u00fev\u00ed a\u00f0 ver\u00f0a s\u00e9rfr\u00e6\u00f0ingur strax. Sem enskum\u00e6landi munu K\u00f3reumenn l\u00edklega skilja ef \u00fe\u00fa gerir mist\u00f6k, en a\u00f0 s\u00fdna vi\u00f0leitni til a\u00f0 s\u00fdna vir\u00f0ingu ver\u00f0ur vel \u00feegi\u00f0.<\/p>\n\n\n\n<h3 class=\"wp-block-heading\" id=\"h-conclusion\">\u00c1lyktun:<\/h3>\n\n\n\n<p>K\u00f3resk m\u00e1lfr\u00e6\u00f0i kann a\u00f0 vir\u00f0ast krefjandi \u00ed fyrstu, en \u00feegar \u00fe\u00fa \u00f6\u00f0last reynslu og skilning muntu finna r\u00f6kr\u00e9ttan og samkv\u00e6man ramma. Me\u00f0 \u00fev\u00ed a\u00f0 einbeita \u00fe\u00e9r a\u00f0 lykilhugt\u00f6kum eins og or\u00f0ar\u00f6\u00f0, \u00f6gnum og sagnatengingu muntu flj\u00f3tlega byggja setningar eins og atvinnuma\u00f0ur. Fa\u00f0ma\u00f0u \u00e1st \u00fe\u00edna \u00e1 \u00feessu tj\u00e1ningarfulla tungum\u00e1li og horf\u00f0u \u00e1 hvernig \u00fe\u00fa n\u00e6r\u00f0 g\u00f3\u00f0um t\u00f6kum \u00e1 k\u00f3reskri m\u00e1lfr\u00e6\u00f0i opnar heim m\u00f6guleika. \ud654\uc774\ud305 (hb\u00ed\u00f0ur) \u2013 l\u00e1ta<\/p>\n<\/div><\/div>\n\r\n<section class=\"learnNavigationSection\">\r\n            \r\n        <a href=\"https:\/\/talkpal.ai\/is\/laerdu-koresku\/\">\r\n            <div class=\"learnNavigationWrapper\">\r\n                <div class=\"learnNavigationContent\">\r\n                    <img decoding=\"async\" src=\"https:\/\/talkpal.ai\/wp-content\/uploads\/2024\/08\/Korean.jpg\" alt=\"Korean Flag\">\r\n                    <div>\r\n                        <h4>Um k\u00f3reskun\u00e1m<\/h4>\r\n                        <p>Finndu \u00fat allt um k\u00f3reska m\u00e1lfr\u00e6\u00f0i.<\/p>\r\n                    <\/div>\r\n                <\/div>\r\n            <\/div>\r\n        <\/a>\r\n\r\n        \r\n        <a href=\"https:\/\/talkpal.ai\/is\/koreska-malfraedi-aefingar\/\">\r\n            <div class=\"learnNavigationWrapper\">\r\n                <div class=\"learnNavigationContent\">\r\n                    <img decoding=\"async\" src=\"https:\/\/talkpal.ai\/wp-content\/uploads\/2024\/08\/Korean.jpg\" alt=\"Korean Flag\">\r\n                    <div>\r\n                        <h4>K\u00f3resk m\u00e1lfr\u00e6\u00f0i\u00e6fing<\/h4>\r\n                        <p>\u00c6f\u00f0u k\u00f3reska m\u00e1lfr\u00e6\u00f0i.<\/p>\r\n                    <\/div>\r\n                <\/div>\r\n            <\/div>\r\n        <\/a>\r\n\r\n        \r\n        <a href=\"https:\/\/talkpal.ai\/vocabulary_language\/korean\/\">\r\n            <div class=\"learnNavigationWrapper\">\r\n                <div class=\"learnNavigationContent\">\r\n                    <img decoding=\"async\" src=\"https:\/\/talkpal.ai\/wp-content\/uploads\/2024\/08\/Korean.jpg\" alt=\"Korean Flag\">\r\n                    <div>\r\n                        <h4>K\u00f3reskur or\u00f0afor\u00f0i<\/h4>\r\n                        <p>St\u00e6kka\u00f0u k\u00f3reskan or\u00f0afor\u00f0a \u00feinn.<\/p>\r\n                    <\/div>\r\n                <\/div>\r\n            <\/div>\r\n        <\/a>\r\n\r\n            <\/section>","protected":false},"excerpt":{"rendered":"<p>A\u00f0 afhj\u00fapa dularfulla k\u00f3reska m\u00e1lfr\u00e6\u00f0i: Lei\u00f0arv\u00edsir fyrir byrjendur A\u00f0 l\u00e6ra k\u00f3resku getur opna\u00f0 heim t\u00e6kif\u00e6ra, hvort sem \u00fea\u00f0 er a\u00f0 sko\u00f0a k\u00f3reska matarger\u00f0, horfa \u00e1 n\u00fdjustu K-drama e\u00f0a vinna me\u00f0 einu af m\u00f6rgum n\u00fdsk\u00f6punarfyrirt\u00e6kjum Su\u00f0ur-K\u00f3reu. Sem ekki m\u00f3\u00f0urm\u00e1li a\u00f0 kafa \u00ed \u00feetta heillandi tungum\u00e1l getur einn erfi\u00f0asti \u00fe\u00e1tturinn veri\u00f0 a\u00f0 n\u00e1 t\u00f6kum \u00e1 m\u00e1lfr\u00e6\u00f0i \u00feess. [&hellip;]<\/p>\n","protected":false},"author":1,"featured_media":107722,"parent":0,"menu_order":0,"comment_status":"closed","ping_status":"closed","template":"LearningContentPage.php","meta":{"_acf_changed":false,"footnotes":""},"class_list":["post-130468","page","type-page","status-publish","has-post-thumbnail","hentry"],"acf":[],"yoast_head":"<!-- This site is optimized with the Yoast SEO Premium plugin v27.2 (Yoast SEO v27.2) - https:\/\/yoast.com\/product\/yoast-seo-premium-wordpress\/ -->\n<title>K\u00f3resk m\u00e1lfr\u00e6\u00f0i - Talkpal<\/title>\n<meta name=\"description\" content=\"N\u00e1\u00f0u t\u00f6kum \u00e1 k\u00f3reskri m\u00e1lfr\u00e6\u00f0i af \u00f6ryggi - styrktu setningarbyggingu, sk\u00fdr\u00f0u reglur og b\u00e6ttu m\u00e1lfr\u00e6\u00f0ina au\u00f0veldlega\" \/>\n<meta name=\"robots\" content=\"index, follow, max-snippet:-1, max-image-preview:large, max-video-preview:-1\" \/>\n<link rel=\"canonical\" href=\"https:\/\/talkpal.ai\/is\/koresk-malfraedi\/\" \/>\n<meta property=\"og:locale\" content=\"is_IS\" \/>\n<meta property=\"og:type\" content=\"article\" \/>\n<meta property=\"og:title\" content=\"K\u00f3resk m\u00e1lfr\u00e6\u00f0i\" \/>\n<meta property=\"og:description\" content=\"A\u00f0 afhj\u00fapa dularfulla k\u00f3reska m\u00e1lfr\u00e6\u00f0i: Lei\u00f0arv\u00edsir fyrir byrjendur A\u00f0 l\u00e6ra k\u00f3resku getur opna\u00f0 heim t\u00e6kif\u00e6ra, hvort sem \u00fea\u00f0 er a\u00f0 sko\u00f0a k\u00f3reska\" \/>\n<meta property=\"og:url\" content=\"https:\/\/talkpal.ai\/is\/koresk-malfraedi\/\" \/>\n<meta property=\"og:site_name\" content=\"Talkpal\" \/>\n<meta property=\"article:publisher\" content=\"https:\/\/www.facebook.com\/profile.php?id=100090733639311\" \/>\n<meta property=\"article:modified_time\" content=\"2025-12-11T16:29:15+00:00\" \/>\n<meta property=\"og:image\" content=\"https:\/\/talkpal.ai\/wp-content\/uploads\/2023\/04\/south-korea.png\" \/>\n\t<meta property=\"og:image:width\" content=\"512\" \/>\n\t<meta property=\"og:image:height\" content=\"512\" \/>\n\t<meta property=\"og:image:type\" content=\"image\/png\" \/>\n<meta name=\"twitter:card\" content=\"summary_large_image\" \/>\n<meta name=\"twitter:site\" content=\"@talkpalai\" \/>\n<meta name=\"twitter:label1\" content=\"Est. reading time\" \/>\n\t<meta name=\"twitter:data1\" content=\"4 minutes\" \/>\n<script type=\"application\/ld+json\" class=\"yoast-schema-graph\">{\"@context\":\"https:\/\/schema.org\",\"@graph\":[{\"@type\":\"WebPage\",\"@id\":\"https:\/\/talkpal.ai\/is\/koresk-malfraedi\/\",\"url\":\"https:\/\/talkpal.ai\/is\/koresk-malfraedi\/\",\"name\":\"K\u00f3resk m\u00e1lfr\u00e6\u00f0i - Talkpal\",\"isPartOf\":{\"@id\":\"https:\/\/talkpal.ai\/is\/#website\"},\"primaryImageOfPage\":{\"@id\":\"https:\/\/talkpal.ai\/is\/koresk-malfraedi\/#primaryimage\"},\"image\":{\"@id\":\"https:\/\/talkpal.ai\/is\/koresk-malfraedi\/#primaryimage\"},\"thumbnailUrl\":\"https:\/\/talkpal.ai\/wp-content\/uploads\/2023\/04\/south-korea.png\",\"datePublished\":\"2023-05-14T13:52:27+00:00\",\"dateModified\":\"2025-12-11T16:29:15+00:00\",\"description\":\"N\u00e1\u00f0u t\u00f6kum \u00e1 k\u00f3reskri m\u00e1lfr\u00e6\u00f0i af \u00f6ryggi - styrktu setningarbyggingu, sk\u00fdr\u00f0u reglur og b\u00e6ttu m\u00e1lfr\u00e6\u00f0ina au\u00f0veldlega\",\"breadcrumb\":{\"@id\":\"https:\/\/talkpal.ai\/is\/koresk-malfraedi\/#breadcrumb\"},\"inLanguage\":\"is\",\"potentialAction\":[{\"@type\":\"ReadAction\",\"target\":[\"https:\/\/talkpal.ai\/is\/koresk-malfraedi\/\"]}]},{\"@type\":\"ImageObject\",\"inLanguage\":\"is\",\"@id\":\"https:\/\/talkpal.ai\/is\/koresk-malfraedi\/#primaryimage\",\"url\":\"https:\/\/talkpal.ai\/wp-content\/uploads\/2023\/04\/south-korea.png\",\"contentUrl\":\"https:\/\/talkpal.ai\/wp-content\/uploads\/2023\/04\/south-korea.png\",\"width\":512,\"height\":512},{\"@type\":\"BreadcrumbList\",\"@id\":\"https:\/\/talkpal.ai\/is\/koresk-malfraedi\/#breadcrumb\",\"itemListElement\":[{\"@type\":\"ListItem\",\"position\":1,\"name\":\"Homepage\",\"item\":\"https:\/\/talkpal.ai\/is\/\"},{\"@type\":\"ListItem\",\"position\":2,\"name\":\"K\u00f3resk m\u00e1lfr\u00e6\u00f0i\"}]},{\"@type\":\"WebSite\",\"@id\":\"https:\/\/talkpal.ai\/is\/#website\",\"url\":\"https:\/\/talkpal.ai\/is\/\",\"name\":\"Talkpal\",\"description\":\"AI Language Learning\",\"publisher\":{\"@id\":\"https:\/\/talkpal.ai\/is\/#organization\"},\"alternateName\":\"Talkpal AI\",\"potentialAction\":[{\"@type\":\"SearchAction\",\"target\":{\"@type\":\"EntryPoint\",\"urlTemplate\":\"https:\/\/talkpal.ai\/is\/?s={search_term_string}\"},\"query-input\":{\"@type\":\"PropertyValueSpecification\",\"valueRequired\":true,\"valueName\":\"search_term_string\"}}],\"inLanguage\":\"is\"},{\"@type\":\"Organization\",\"@id\":\"https:\/\/talkpal.ai\/is\/#organization\",\"name\":\"Talkpal, Inc.\",\"alternateName\":\"Talkpal AI\",\"url\":\"https:\/\/talkpal.ai\/is\/\",\"logo\":{\"@type\":\"ImageObject\",\"inLanguage\":\"is\",\"@id\":\"https:\/\/talkpal.ai\/is\/#\/schema\/logo\/image\/\",\"url\":\"https:\/\/talkpal.ai\/wp-content\/uploads\/2024\/03\/Talkpal-Logo-Icon.png\",\"contentUrl\":\"https:\/\/talkpal.ai\/wp-content\/uploads\/2024\/03\/Talkpal-Logo-Icon.png\",\"width\":2880,\"height\":2880,\"caption\":\"Talkpal, Inc.\"},\"image\":{\"@id\":\"https:\/\/talkpal.ai\/is\/#\/schema\/logo\/image\/\"},\"sameAs\":[\"https:\/\/www.facebook.com\/profile.php?id=100090733639311\",\"https:\/\/x.com\/talkpalai\",\"https:\/\/www.linkedin.com\/company\/talkpal\/\",\"https:\/\/www.youtube.com\/@TalkPal\/\",\"https:\/\/www.tiktok.com\/@talkpal\",\"https:\/\/www.instagram.com\/talkpal_ai\/\",\"https:\/\/www.crunchbase.com\/organization\/talkpal-9cde\",\"https:\/\/www.g2.com\/products\/talkpal-for-business\/\",\"https:\/\/www.trustpilot.com\/review\/talkpal.ai\",\"https:\/\/www.capterra.com\/p\/10006800\/TalkPal\/\"],\"description\":\"Talkpal is a language learning web and mobile education app, powered by the latest AI technologies, that provides engaging experiences to its customers in many different languages to help them improve their language skills. Users can chat about unlimited amount of topics with the app and use other modes to practice their language learning.\",\"email\":\"support@talkpal.ai\",\"legalName\":\"Talkpal, Inc.\",\"foundingDate\":\"2023-04-03\",\"duns\":\"118989042\",\"numberOfEmployees\":{\"@type\":\"QuantitativeValue\",\"minValue\":\"11\",\"maxValue\":\"50\"},\"publishingPrinciples\":\"https:\/\/talkpal.ai\/publishing-principles\/\",\"actionableFeedbackPolicy\":\"https:\/\/talkpal.ai\/actionable-feedback-policy\/\",\"correctionsPolicy\":\"https:\/\/talkpal.ai\/corrections-policy\/\",\"ethicsPolicy\":\"https:\/\/talkpal.ai\/ethics-policy\/\",\"diversityPolicy\":\"https:\/\/talkpal.ai\/diversity-policy\/\",\"diversityStaffingReport\":\"https:\/\/talkpal.ai\/diversity-policy\/\"}]}<\/script>\n<!-- \/ Yoast SEO Premium plugin. -->","yoast_head_json":{"title":"K\u00f3resk m\u00e1lfr\u00e6\u00f0i - Talkpal","description":"N\u00e1\u00f0u t\u00f6kum \u00e1 k\u00f3reskri m\u00e1lfr\u00e6\u00f0i af \u00f6ryggi - styrktu setningarbyggingu, sk\u00fdr\u00f0u reglur og b\u00e6ttu m\u00e1lfr\u00e6\u00f0ina au\u00f0veldlega","robots":{"index":"index","follow":"follow","max-snippet":"max-snippet:-1","max-image-preview":"max-image-preview:large","max-video-preview":"max-video-preview:-1"},"canonical":"https:\/\/talkpal.ai\/is\/koresk-malfraedi\/","og_locale":"is_IS","og_type":"article","og_title":"K\u00f3resk m\u00e1lfr\u00e6\u00f0i","og_description":"A\u00f0 afhj\u00fapa dularfulla k\u00f3reska m\u00e1lfr\u00e6\u00f0i: Lei\u00f0arv\u00edsir fyrir byrjendur A\u00f0 l\u00e6ra k\u00f3resku getur opna\u00f0 heim t\u00e6kif\u00e6ra, hvort sem \u00fea\u00f0 er a\u00f0 sko\u00f0a k\u00f3reska","og_url":"https:\/\/talkpal.ai\/is\/koresk-malfraedi\/","og_site_name":"Talkpal","article_publisher":"https:\/\/www.facebook.com\/profile.php?id=100090733639311","article_modified_time":"2025-12-11T16:29:15+00:00","og_image":[{"width":512,"height":512,"url":"https:\/\/talkpal.ai\/wp-content\/uploads\/2023\/04\/south-korea.png","type":"image\/png"}],"twitter_card":"summary_large_image","twitter_site":"@talkpalai","twitter_misc":{"Est. reading time":"4 minutes"},"schema":{"@context":"https:\/\/schema.org","@graph":[{"@type":"WebPage","@id":"https:\/\/talkpal.ai\/is\/koresk-malfraedi\/","url":"https:\/\/talkpal.ai\/is\/koresk-malfraedi\/","name":"K\u00f3resk m\u00e1lfr\u00e6\u00f0i - Talkpal","isPartOf":{"@id":"https:\/\/talkpal.ai\/is\/#website"},"primaryImageOfPage":{"@id":"https:\/\/talkpal.ai\/is\/koresk-malfraedi\/#primaryimage"},"image":{"@id":"https:\/\/talkpal.ai\/is\/koresk-malfraedi\/#primaryimage"},"thumbnailUrl":"https:\/\/talkpal.ai\/wp-content\/uploads\/2023\/04\/south-korea.png","datePublished":"2023-05-14T13:52:27+00:00","dateModified":"2025-12-11T16:29:15+00:00","description":"N\u00e1\u00f0u t\u00f6kum \u00e1 k\u00f3reskri m\u00e1lfr\u00e6\u00f0i af \u00f6ryggi - styrktu setningarbyggingu, sk\u00fdr\u00f0u reglur og b\u00e6ttu m\u00e1lfr\u00e6\u00f0ina au\u00f0veldlega","breadcrumb":{"@id":"https:\/\/talkpal.ai\/is\/koresk-malfraedi\/#breadcrumb"},"inLanguage":"is","potentialAction":[{"@type":"ReadAction","target":["https:\/\/talkpal.ai\/is\/koresk-malfraedi\/"]}]},{"@type":"ImageObject","inLanguage":"is","@id":"https:\/\/talkpal.ai\/is\/koresk-malfraedi\/#primaryimage","url":"https:\/\/talkpal.ai\/wp-content\/uploads\/2023\/04\/south-korea.png","contentUrl":"https:\/\/talkpal.ai\/wp-content\/uploads\/2023\/04\/south-korea.png","width":512,"height":512},{"@type":"BreadcrumbList","@id":"https:\/\/talkpal.ai\/is\/koresk-malfraedi\/#breadcrumb","itemListElement":[{"@type":"ListItem","position":1,"name":"Homepage","item":"https:\/\/talkpal.ai\/is\/"},{"@type":"ListItem","position":2,"name":"K\u00f3resk m\u00e1lfr\u00e6\u00f0i"}]},{"@type":"WebSite","@id":"https:\/\/talkpal.ai\/is\/#website","url":"https:\/\/talkpal.ai\/is\/","name":"Talkpal","description":"AI Language Learning","publisher":{"@id":"https:\/\/talkpal.ai\/is\/#organization"},"alternateName":"Talkpal AI","potentialAction":[{"@type":"SearchAction","target":{"@type":"EntryPoint","urlTemplate":"https:\/\/talkpal.ai\/is\/?s={search_term_string}"},"query-input":{"@type":"PropertyValueSpecification","valueRequired":true,"valueName":"search_term_string"}}],"inLanguage":"is"},{"@type":"Organization","@id":"https:\/\/talkpal.ai\/is\/#organization","name":"Talkpal, Inc.","alternateName":"Talkpal AI","url":"https:\/\/talkpal.ai\/is\/","logo":{"@type":"ImageObject","inLanguage":"is","@id":"https:\/\/talkpal.ai\/is\/#\/schema\/logo\/image\/","url":"https:\/\/talkpal.ai\/wp-content\/uploads\/2024\/03\/Talkpal-Logo-Icon.png","contentUrl":"https:\/\/talkpal.ai\/wp-content\/uploads\/2024\/03\/Talkpal-Logo-Icon.png","width":2880,"height":2880,"caption":"Talkpal, Inc."},"image":{"@id":"https:\/\/talkpal.ai\/is\/#\/schema\/logo\/image\/"},"sameAs":["https:\/\/www.facebook.com\/profile.php?id=100090733639311","https:\/\/x.com\/talkpalai","https:\/\/www.linkedin.com\/company\/talkpal\/","https:\/\/www.youtube.com\/@TalkPal\/","https:\/\/www.tiktok.com\/@talkpal","https:\/\/www.instagram.com\/talkpal_ai\/","https:\/\/www.crunchbase.com\/organization\/talkpal-9cde","https:\/\/www.g2.com\/products\/talkpal-for-business\/","https:\/\/www.trustpilot.com\/review\/talkpal.ai","https:\/\/www.capterra.com\/p\/10006800\/TalkPal\/"],"description":"Talkpal is a language learning web and mobile education app, powered by the latest AI technologies, that provides engaging experiences to its customers in many different languages to help them improve their language skills. Users can chat about unlimited amount of topics with the app and use other modes to practice their language learning.","email":"support@talkpal.ai","legalName":"Talkpal, Inc.","foundingDate":"2023-04-03","duns":"118989042","numberOfEmployees":{"@type":"QuantitativeValue","minValue":"11","maxValue":"50"},"publishingPrinciples":"https:\/\/talkpal.ai\/publishing-principles\/","actionableFeedbackPolicy":"https:\/\/talkpal.ai\/actionable-feedback-policy\/","correctionsPolicy":"https:\/\/talkpal.ai\/corrections-policy\/","ethicsPolicy":"https:\/\/talkpal.ai\/ethics-policy\/","diversityPolicy":"https:\/\/talkpal.ai\/diversity-policy\/","diversityStaffingReport":"https:\/\/talkpal.ai\/diversity-policy\/"}]}},"_links":{"self":[{"href":"https:\/\/talkpal.ai\/is\/wp-json\/wp\/v2\/pages\/130468","targetHints":{"allow":["GET"]}}],"collection":[{"href":"https:\/\/talkpal.ai\/is\/wp-json\/wp\/v2\/pages"}],"about":[{"href":"https:\/\/talkpal.ai\/is\/wp-json\/wp\/v2\/types\/page"}],"author":[{"embeddable":true,"href":"https:\/\/talkpal.ai\/is\/wp-json\/wp\/v2\/users\/1"}],"replies":[{"embeddable":true,"href":"https:\/\/talkpal.ai\/is\/wp-json\/wp\/v2\/comments?post=130468"}],"version-history":[{"count":0,"href":"https:\/\/talkpal.ai\/is\/wp-json\/wp\/v2\/pages\/130468\/revisions"}],"wp:featuredmedia":[{"embeddable":true,"href":"https:\/\/talkpal.ai\/is\/wp-json\/wp\/v2\/media\/107722"}],"wp:attachment":[{"href":"https:\/\/talkpal.ai\/is\/wp-json\/wp\/v2\/media?parent=130468"}],"curies":[{"name":"wp","href":"https:\/\/api.w.org\/{rel}","templated":true}]}}