{"id":130117,"date":"2023-05-14T13:51:46","date_gmt":"2023-05-14T13:51:46","guid":{"rendered":"http:\/\/talkpal.ai\/portugolsk-malfraedi\/"},"modified":"2025-12-11T16:47:27","modified_gmt":"2025-12-11T16:47:27","slug":"portugolsk-malfraedi","status":"publish","type":"page","link":"https:\/\/talkpal.ai\/is\/portugolsk-malfraedi\/","title":{"rendered":"Port\u00fag\u00f6lsk m\u00e1lfr\u00e6\u00f0i"},"content":{"rendered":"\r\n\r\n\r\n<section class=\"languageChallengeSection\">\r\n    <div class=\"languageInfoWrapper\">\r\n        \r\n        <h1>Port\u00fag\u00f6lsk m\u00e1lfr\u00e6\u00f0i<\/h1>\r\n        <p>Kanna\u00f0u grunnatri\u00f0i port\u00fag\u00f6lsku m\u00e1lfr\u00e6\u00f0innar og opna\u00f0u heim t\u00e6kif\u00e6ra til a\u00f0 tengjast millj\u00f3num m\u00e1lfr\u00e6\u00f0inga um allan heim. Me\u00f0 \u00fev\u00ed a\u00f0 n\u00e1 t\u00f6kum \u00e1 lykilreglum og uppbyggingu munt \u00fe\u00fa vera tilb\u00fainn til a\u00f0 eiga samskipti af \u00f6ryggi og nj\u00f3ta port\u00fagalskrar menningar til fulls. Byrja\u00f0u a\u00f0 l\u00e6ra port\u00fag\u00f6lsku <a href=\"https:\/\/talkpal.ai\/grammar\/\">m\u00e1lfr\u00e6\u00f0i<\/a> \u00ed dag og taktu fyrsta skrefi\u00f0 \u00ed \u00e1tt a\u00f0 f\u00e6rni \u00ed port\u00fag\u00f6lsku!<\/p>\r\n\r\n                            <a class=\"getStartedHidden\" href=\"https:\/\/app.talkpal.ai\/signup?lng=\">Byrja\u00f0u<\/a>\r\n        \r\n    <\/div>\r\n\r\n    <figure>\r\n    <img decoding=\"async\" width=\"768\" height=\"768\" src=\"https:\/\/talkpal.ai\/wp-content\/uploads\/2023\/06\/portuguese-768x768.png\" class=\"languageImage no-lazy\" alt=\"Language learning for broader world view\" fetchpriority=\"high\" sizes=\"(max-width: 768px) 150px, 768px\" srcset=\"https:\/\/talkpal.ai\/wp-content\/uploads\/2023\/06\/portuguese-768x768.png 768w, https:\/\/talkpal.ai\/wp-content\/uploads\/2023\/06\/portuguese-300x300.png 300w\" \/>\r\n    \r\n\r\n    <\/figure>\r\n\r\n            <a class=\"getStartedVisible\" href=\"https:\/\/app.talkpal.ai\/signup?lng=\">Byrja\u00f0u<\/a>\r\n    \r\n<\/section>\r\n<section class=\"promotionalBanner\">\r\n    <p class=\"promotionalText\">Skilvirkasta lei\u00f0in til a\u00f0 l\u00e6ra tungum\u00e1l<\/p>\r\n    <a class=\"promotionalLink\" href=\"https:\/\/app.talkpal.ai\/signup?lng=\">Pr\u00f3fa\u00f0u Talkpal \u00f3keypis<\/a>\r\n<\/section>\n<div class=\"wp-block-group pageContainerStyle\"><div class=\"wp-block-group__inner-container is-layout-constrained wp-block-group-is-layout-constrained\">\n<h2 class=\"wp-block-heading\" id=\"h-a-beginner-s-guide-to-understanding-portuguese-grammar\">Lei\u00f0beiningar fyrir byrjendur til a\u00f0 skilja port\u00fagalska m\u00e1lfr\u00e6\u00f0i<\/h2>\n\n\n\n<p>Hvort sem \u00fe\u00fa ert a\u00f0 skipuleggja fer\u00f0 til Port\u00fagal e\u00f0a einfaldlega hefur \u00e1huga \u00e1 a\u00f0 n\u00e1 t\u00f6kum \u00e1 n\u00fdju tungum\u00e1li getur \u00fea\u00f0 veri\u00f0 spennandi og gefandi reynsla a\u00f0 l\u00e6ra port\u00fag\u00f6lsku. Einn mikilv\u00e6gur \u00fe\u00e1ttur \u00ed port\u00fag\u00f6lsku tungum\u00e1lan\u00e1mi, eins og hver annar, er a\u00f0 skilja m\u00e1lfr\u00e6\u00f0i \u00feess. \u00deessi grein mun lei\u00f0a \u00feig \u00ed gegnum grunnatri\u00f0i port\u00fagalskrar m\u00e1lfr\u00e6\u00f0i, veita \u00fe\u00e9r nau\u00f0synleg r\u00e1\u00f0 og inns\u00fdn til a\u00f0 hj\u00e1lpa \u00fe\u00e9r a\u00f0 sigla og eiga samskipti \u00e1reynslulaust. Svo ef \u00fe\u00fa hefur be\u00f0i\u00f0 eftir \u00fev\u00ed a\u00f0 kafa inn \u00ed heim port\u00fag\u00f6lsku, skulum vi\u00f0 <a href=\"https:\/\/talkpal.ai\/ko\/ai-%ec%96%b8%ec%96%b4-%ea%b5%90%ec%82%ac\/\">byrja<\/a>!<\/p>\n\n\n\n<h3 class=\"wp-block-heading\" id=\"h-1-the-basics-nouns-pronouns-and-articles\">1. Grunnatri\u00f0in: nafnor\u00f0, forn\u00f6fn og greinar<\/h3>\n\n\n\n<p>Eins og \u00e1 ensku er port\u00fag\u00f6lsk m\u00e1lfr\u00e6\u00f0i bygg\u00f0 \u00ed kringum nafnor\u00f0, forn\u00f6fn og greinar. Nafnor\u00f0 \u00ed port\u00fag\u00f6lsku geta veri\u00f0 karlkyns e\u00f0a kvenkyns og \u00fea\u00f0 er mikilv\u00e6gt a\u00f0 \u00e1kvar\u00f0a kyni\u00f0 fyrir r\u00e9tta setningamyndun. Til d\u00e6mis, \u201eo menino\u201c \u00fe\u00fd\u00f0ir \u201estr\u00e1kurinn\u201c en \u201ea menina\u201c \u00fe\u00fd\u00f0ir \u201estelpan\u201c.<\/p>\n\n\n\n<p>Forn\u00f6fn \u00e1 port\u00fag\u00f6lsku, eins og <a href=\"https:\/\/talkpal.ai\/learn-english-with-ai\/\">enska<\/a>, koma \u00ed sta\u00f0inn fyrir nafnor\u00f0. \u00deeir hafa l\u00edka kyn. Pers\u00f3nuforn\u00f6fn eru eu (I), voc\u00ea\/tu (u), ele\/ela (hann\/h\u00fan), n\u00f3s (vi\u00f0) og eles\/elas (\u00feeir).<\/p>\n\n\n\n<p>\u00c1kve\u00f0nir hlutir (the) og \u00f3\u00e1kve\u00f0nir hlutir (a\/an) eru einnig kynbundnir og nau\u00f0synlegir fyrir r\u00e9tta setningager\u00f0. \u00c1 port\u00fag\u00f6lsku eru \u00e1kve\u00f0nu greinarnar \u201eo\u201c (karlkyn) og \u201ea\u201c (kvenkyns) og \u00f3\u00e1kve\u00f0nu greinarnar eru \u201eum\u201c (karlkyn) og \u201euma\u201c (kvenkyns).<\/p>\n\n\n\n<h3 class=\"wp-block-heading\" id=\"h-2-adjectives-and-adverbs-add-spice-to-your-sentences\">2. L\u00fdsingaror\u00f0 og atviksor\u00f0: B\u00e6ttu kryddi vi\u00f0 setningarnar \u00fe\u00ednar<\/h3>\n\n\n\n<p>L\u00fdsingaror\u00f0 eru or\u00f0 sem l\u00fdsa e\u00f0a breyta nafnor\u00f0um og eins og nafnor\u00f0 hafa \u00feau kyn. Venjulega eru l\u00fdsingaror\u00f0 sem enda \u00e1 \u201eo\u201c karlkyns en \u00feau sem enda \u00e1 \u201ea\u201c eru kvenkyn. \u00dea\u00f0 er nau\u00f0synlegt a\u00f0 passa kyn l\u00fdsingaror\u00f0sins vi\u00f0 nafnor\u00f0i\u00f0 sem \u00fea\u00f0 l\u00fdsir. Til d\u00e6mis \u00fe\u00fd\u00f0ir \u201ehomem alto\u201c \u201eh\u00e1vaxinn karl\u201c \u00e1 me\u00f0an \u201emulher alta\u201c \u00fe\u00fd\u00f0ir \u201eh\u00e1 kona\u201c.<\/p>\n\n\n\n<p>Atviksor\u00f0 breyta aftur \u00e1 m\u00f3ti s\u00f6gnum, l\u00fdsingaror\u00f0um e\u00f0a \u00f6\u00f0rum atviksor\u00f0um. \u00cd port\u00fag\u00f6lsku hafa atviksor\u00f0 venjulega ekki kynbundin form. Sum algeng atviksor\u00f0 eru \u201erapidamente\u201c (flj\u00f3tt), \u201elentamente\u201c (h\u00e6gt) og \u201esempre\u201c (alltaf).<\/p>\n\n\n\n<h3 class=\"wp-block-heading\" id=\"h-3-verbs-the-action-words\">3. Sagnir: A\u00f0ger\u00f0aror\u00f0in<\/h3>\n\n\n\n<p>Port\u00fagalskar sagnir eru flokka\u00f0ar \u00ed \u00ferj\u00e1 beygingarflokka (-ar, -er, -ir) og form \u00feeirra breytast eftir spennu og efni. \u00deetta eru nokkrar nau\u00f0synlegar t\u00ed\u00f0ir sem \u00fe\u00fa \u00fearft a\u00f0 vita:<\/p>\n\n\n\n<p>\u2013 N\u00fat\u00ed\u00f0 (<a href=\"https:\/\/talkpal.ai\/zh-hans\/grammar_exercises\/presente-%e8%a5%bf%e7%8f%ad%e7%89%99%e8%af%ad%e6%b3%95%e7%bb%83%e4%b9%a0\/\">Presente<\/a>): L\u00fdsir a\u00f0ger\u00f0um sem gerast n\u00fana e\u00f0a vanabundnum a\u00f0ger\u00f0um.<br\/>\u2013 \u00de\u00e1t\u00ed\u00f0 (Pret\u00e9rito): L\u00fdsir ath\u00f6fnum sem ger\u00f0ust \u00ed fort\u00ed\u00f0inni. \u00dea\u00f0 eru tv\u00e6r tegundir: <a href=\"https:\/\/talkpal.ai\/grammar\/preterite-perfect-in-portuguese-grammar\/\">Pret\u00e9rito Perfeito<\/a> (einf\u00f6ld fort\u00ed\u00f0) og <a href=\"https:\/\/talkpal.ai\/grammar\/preterito-imperfeito-in-portuguese-grammar\/\">Pret\u00e9rito Imperfeito<\/a> (fort\u00ed\u00f0 samfelld).<br\/>\u2013 <a href=\"https:\/\/talkpal.ai\/fr\/grammar\/future-continue-en-grammaire-ourdou\/\">Future tense<\/a> (<a href=\"https:\/\/talkpal.ai\/ja\/grammar_exercises\/futuro-%e3%82%b9%e3%83%9a%e3%82%a4%e3%83%b3%e8%aa%9e%e3%81%ae%e6%96%87%e6%b3%95%e3%81%ae%e6%bc%94%e7%bf%92\/\">Futuro<\/a>): L\u00fdsir a\u00f0ger\u00f0um sem munu gerast \u00ed framt\u00ed\u00f0inni.<\/p>\n\n\n\n<p>A\u00f0 n\u00e1 t\u00f6kum \u00e1 sagnbeygingu getur veri\u00f0 \u00e1skorun \u00e1 port\u00fag\u00f6lsku, en \u00e6fing og samkv\u00e6mni mun hj\u00e1lpa \u00fe\u00e9r a\u00f0 \u00e1tta \u00feig \u00e1 \u00fev\u00ed \u00e1 skilvirkari h\u00e1tt.<\/p>\n\n\n\n<h3 class=\"wp-block-heading\" id=\"h-4-word-order-building-understandable-sentences\">4. Or\u00f0ar\u00f6\u00f0: A\u00f0 byggja upp skiljanlegar setningar<\/h3>\n\n\n\n<p>D\u00e6miger\u00f0 port\u00fag\u00f6lsk setningaskipan fylgir Subject-Verb-Object (SVO) r\u00f6\u00f0inni. Til d\u00e6mis fylgir setningin \u201eEu amo pizza\u201c (\u201e\u00c9g elska pizzu\u201c) \u00feessu mynstri. Hins vegar getur port\u00fag\u00f6lsk m\u00e1lfr\u00e6\u00f0i veri\u00f0 nokku\u00f0 sveigjanleg og \u00fe\u00fa g\u00e6tir lent \u00ed afbrig\u00f0um \u00ed or\u00f0ar\u00f6\u00f0, s\u00e9rstaklega \u00ed b\u00f3kmenntum e\u00f0a \u00f3formlegum samt\u00f6lum. Samhengi og heilbrig\u00f0 skynsemi skipta sk\u00f6pum til a\u00f0 skilja \u00feessi afbrig\u00f0i.<\/p>\n\n\n\n<h3 class=\"wp-block-heading\" id=\"h-5-negation-and-interrogation-say-no-and-ask-questions\">5. Afneitun og yfirheyrsla: Seg\u00f0u nei og spyr\u00f0u spurninga<\/h3>\n\n\n\n<p>Til a\u00f0 afneita setningu \u00e1 port\u00fag\u00f6lsku setur\u00f0u einfaldlega or\u00f0i\u00f0 \u201en\u00e3o\u201c \u00e1 undan s\u00f6gninni. Til d\u00e6mis \u00fe\u00fd\u00f0ir &#8222;Eu n\u00e3o falo portugu\u00eas&#8220; &#8222;\u00e9g tala ekki port\u00fag\u00f6lsku.&#8220;<\/p>\n\n\n\n<p>Til a\u00f0 breyta fullyr\u00f0ingu \u00ed spurningu \u00e1 port\u00fag\u00f6lsku getur\u00f0u anna\u00f0 hvort breytt or\u00f0ar\u00f6\u00f0inni e\u00f0a nota\u00f0 spurnaror\u00f0 (eins og \u201equem\u201c fyrir \u201ehver,\u201c \u201eo que\u201c fyrir \u201ehva\u00f0\u201c e\u00f0a \u201eonde\u201c fyrir \u201ehvar\u201c) . Til d\u00e6mis, &#8222;Voc\u00ea fala ingl\u00eas?&#8220; \u00fe\u00fd\u00f0ir &#8222;talar \u00fe\u00fa ensku?&#8220;<\/p>\n\n\n\n<h3 class=\"wp-block-heading\" id=\"h-conclusion\">Ni\u00f0ursta\u00f0a<\/h3>\n\n\n\n<p>A\u00f0 l\u00e6ra port\u00fag\u00f6lsku m\u00e1lfr\u00e6\u00f0i kann a\u00f0 vir\u00f0ast \u00f3gnvekjandi, en ekki l\u00e1ta hugfallast! Hvert tungum\u00e1l hefur s\u00edna margbreytileika, en me\u00f0 samkv\u00e6mni, \u00e6fingu og sm\u00e1 \u00feolinm\u00e6\u00f0i muntu finna sj\u00e1lfan \u00feig \u00ed samskiptum \u00e1 \u00f6ruggan og \u00e1hrifar\u00edkan h\u00e1tt. Haf\u00f0u \u00ed huga a\u00f0 m\u00e1lfr\u00e6\u00f0in\u00e1m er a\u00f0eins einn hluti af m\u00e1ltileinkun og \u00fe\u00fa \u00e6ttir l\u00edka a\u00f0 \u00e6fa \u00feig \u00ed a\u00f0 hlusta, tala og lesa \u00e1 port\u00fag\u00f6lsku. Boa sorte! (Gangi \u00fe\u00e9r vel!)<\/p>\n<\/div><\/div>\n\r\n<section class=\"learnNavigationSection\">\r\n            \r\n        <a href=\"https:\/\/talkpal.ai\/is\/laerdu-portugolsku\/\">\r\n            <div class=\"learnNavigationWrapper\">\r\n                <div class=\"learnNavigationContent\">\r\n                    <img decoding=\"async\" src=\"https:\/\/talkpal.ai\/wp-content\/uploads\/2024\/08\/Portuguese.jpg\" alt=\"Portuguese Flag\">\r\n                    <div>\r\n                        <h4>Um n\u00e1m \u00ed Port\u00fagal<\/h4>\r\n                        <p>Kynntu \u00fe\u00e9r allt um port\u00fagalska m\u00e1lfr\u00e6\u00f0i.<\/p>\r\n                    <\/div>\r\n                <\/div>\r\n            <\/div>\r\n        <\/a>\r\n\r\n        \r\n        <a href=\"https:\/\/talkpal.ai\/is\/portugalska-malfraedi-aefingar\/\">\r\n            <div class=\"learnNavigationWrapper\">\r\n                <div class=\"learnNavigationContent\">\r\n                    <img decoding=\"async\" src=\"https:\/\/talkpal.ai\/wp-content\/uploads\/2024\/08\/Portuguese.jpg\" alt=\"Portuguese Flag\">\r\n                    <div>\r\n                        <h4>Port\u00fagalsk m\u00e1lfr\u00e6\u00f0i\u00e6fing<\/h4>\r\n                        <p>\u00c6f\u00f0u port\u00fagalska m\u00e1lfr\u00e6\u00f0i.<\/p>\r\n                    <\/div>\r\n                <\/div>\r\n            <\/div>\r\n        <\/a>\r\n\r\n        \r\n        <a href=\"https:\/\/talkpal.ai\/vocabulary_language\/portuguese\/\">\r\n            <div class=\"learnNavigationWrapper\">\r\n                <div class=\"learnNavigationContent\">\r\n                    <img decoding=\"async\" src=\"https:\/\/talkpal.ai\/wp-content\/uploads\/2024\/08\/Portuguese.jpg\" alt=\"Portuguese Flag\">\r\n                    <div>\r\n                        <h4>Port\u00fagalskur or\u00f0afor\u00f0i<\/h4>\r\n                        <p>St\u00e6kka\u00f0u port\u00fagalska or\u00f0afor\u00f0a \u00feinn.<\/p>\r\n                    <\/div>\r\n                <\/div>\r\n            <\/div>\r\n        <\/a>\r\n\r\n            <\/section>","protected":false},"excerpt":{"rendered":"<p>Lei\u00f0beiningar fyrir byrjendur til a\u00f0 skilja port\u00fagalska m\u00e1lfr\u00e6\u00f0i Hvort sem \u00fe\u00fa ert a\u00f0 skipuleggja fer\u00f0 til Port\u00fagal e\u00f0a einfaldlega hefur \u00e1huga \u00e1 a\u00f0 n\u00e1 t\u00f6kum \u00e1 n\u00fdju tungum\u00e1li getur \u00fea\u00f0 veri\u00f0 spennandi og gefandi reynsla a\u00f0 l\u00e6ra port\u00fag\u00f6lsku. Einn mikilv\u00e6gur \u00fe\u00e1ttur \u00ed port\u00fag\u00f6lsku tungum\u00e1lan\u00e1mi, eins og hver annar, er a\u00f0 skilja m\u00e1lfr\u00e6\u00f0i \u00feess. \u00deessi grein [&hellip;]<\/p>\n","protected":false},"author":1,"featured_media":107859,"parent":0,"menu_order":0,"comment_status":"closed","ping_status":"closed","template":"LearningContentPage.php","meta":{"_acf_changed":false,"footnotes":""},"class_list":["post-130117","page","type-page","status-publish","has-post-thumbnail","hentry"],"acf":[],"yoast_head":"<!-- This site is optimized with the Yoast SEO Premium plugin v27.2 (Yoast SEO v27.2) - https:\/\/yoast.com\/product\/yoast-seo-premium-wordpress\/ -->\n<title>Port\u00fag\u00f6lsk m\u00e1lfr\u00e6\u00f0i - Talkpal<\/title>\n<meta name=\"description\" content=\"N\u00e1\u00f0u t\u00f6kum \u00e1 port\u00fag\u00f6lsku m\u00e1lfr\u00e6\u00f0i me\u00f0 gagnvirkum \u00e6fingum sem eru hanna\u00f0ar fyrir \u00f6ll f\u00e6rnistig. B\u00e6ttu tungum\u00e1lakunn\u00e1ttu \u00fe\u00edna!\" \/>\n<meta name=\"robots\" content=\"index, follow, max-snippet:-1, max-image-preview:large, max-video-preview:-1\" \/>\n<link rel=\"canonical\" href=\"https:\/\/talkpal.ai\/is\/portugolsk-malfraedi\/\" \/>\n<meta property=\"og:locale\" content=\"is_IS\" \/>\n<meta property=\"og:type\" content=\"article\" \/>\n<meta property=\"og:title\" content=\"Port\u00fag\u00f6lsk m\u00e1lfr\u00e6\u00f0i\" \/>\n<meta property=\"og:description\" content=\"Lei\u00f0beiningar fyrir byrjendur til a\u00f0 skilja port\u00fagalska m\u00e1lfr\u00e6\u00f0i Hvort sem \u00fe\u00fa ert a\u00f0 skipuleggja fer\u00f0 til Port\u00fagal e\u00f0a einfaldlega hefur \u00e1huga \u00e1 a\u00f0 n\u00e1\" \/>\n<meta property=\"og:url\" content=\"https:\/\/talkpal.ai\/is\/portugolsk-malfraedi\/\" \/>\n<meta property=\"og:site_name\" content=\"Talkpal\" \/>\n<meta property=\"article:publisher\" content=\"https:\/\/www.facebook.com\/profile.php?id=100090733639311\" \/>\n<meta property=\"article:modified_time\" content=\"2025-12-11T16:47:27+00:00\" \/>\n<meta property=\"og:image\" content=\"https:\/\/talkpal.ai\/wp-content\/uploads\/2023\/04\/portugal.png\" \/>\n\t<meta property=\"og:image:width\" content=\"512\" \/>\n\t<meta property=\"og:image:height\" content=\"512\" \/>\n\t<meta property=\"og:image:type\" content=\"image\/png\" \/>\n<meta name=\"twitter:card\" content=\"summary_large_image\" \/>\n<meta name=\"twitter:site\" content=\"@talkpalai\" \/>\n<meta name=\"twitter:label1\" content=\"Est. reading time\" \/>\n\t<meta name=\"twitter:data1\" content=\"4 minutes\" \/>\n<script type=\"application\/ld+json\" class=\"yoast-schema-graph\">{\"@context\":\"https:\/\/schema.org\",\"@graph\":[{\"@type\":\"WebPage\",\"@id\":\"https:\/\/talkpal.ai\/is\/portugolsk-malfraedi\/\",\"url\":\"https:\/\/talkpal.ai\/is\/portugolsk-malfraedi\/\",\"name\":\"Port\u00fag\u00f6lsk m\u00e1lfr\u00e6\u00f0i - Talkpal\",\"isPartOf\":{\"@id\":\"https:\/\/talkpal.ai\/is\/#website\"},\"primaryImageOfPage\":{\"@id\":\"https:\/\/talkpal.ai\/is\/portugolsk-malfraedi\/#primaryimage\"},\"image\":{\"@id\":\"https:\/\/talkpal.ai\/is\/portugolsk-malfraedi\/#primaryimage\"},\"thumbnailUrl\":\"https:\/\/talkpal.ai\/wp-content\/uploads\/2023\/04\/portugal.png\",\"datePublished\":\"2023-05-14T13:51:46+00:00\",\"dateModified\":\"2025-12-11T16:47:27+00:00\",\"description\":\"N\u00e1\u00f0u t\u00f6kum \u00e1 port\u00fag\u00f6lsku m\u00e1lfr\u00e6\u00f0i me\u00f0 gagnvirkum \u00e6fingum sem eru hanna\u00f0ar fyrir \u00f6ll f\u00e6rnistig. B\u00e6ttu tungum\u00e1lakunn\u00e1ttu \u00fe\u00edna!\",\"breadcrumb\":{\"@id\":\"https:\/\/talkpal.ai\/is\/portugolsk-malfraedi\/#breadcrumb\"},\"inLanguage\":\"is\",\"potentialAction\":[{\"@type\":\"ReadAction\",\"target\":[\"https:\/\/talkpal.ai\/is\/portugolsk-malfraedi\/\"]}]},{\"@type\":\"ImageObject\",\"inLanguage\":\"is\",\"@id\":\"https:\/\/talkpal.ai\/is\/portugolsk-malfraedi\/#primaryimage\",\"url\":\"https:\/\/talkpal.ai\/wp-content\/uploads\/2023\/04\/portugal.png\",\"contentUrl\":\"https:\/\/talkpal.ai\/wp-content\/uploads\/2023\/04\/portugal.png\",\"width\":512,\"height\":512},{\"@type\":\"BreadcrumbList\",\"@id\":\"https:\/\/talkpal.ai\/is\/portugolsk-malfraedi\/#breadcrumb\",\"itemListElement\":[{\"@type\":\"ListItem\",\"position\":1,\"name\":\"Homepage\",\"item\":\"https:\/\/talkpal.ai\/is\/\"},{\"@type\":\"ListItem\",\"position\":2,\"name\":\"Port\u00fag\u00f6lsk m\u00e1lfr\u00e6\u00f0i\"}]},{\"@type\":\"WebSite\",\"@id\":\"https:\/\/talkpal.ai\/is\/#website\",\"url\":\"https:\/\/talkpal.ai\/is\/\",\"name\":\"Talkpal\",\"description\":\"AI Language Learning\",\"publisher\":{\"@id\":\"https:\/\/talkpal.ai\/is\/#organization\"},\"alternateName\":\"Talkpal AI\",\"potentialAction\":[{\"@type\":\"SearchAction\",\"target\":{\"@type\":\"EntryPoint\",\"urlTemplate\":\"https:\/\/talkpal.ai\/is\/?s={search_term_string}\"},\"query-input\":{\"@type\":\"PropertyValueSpecification\",\"valueRequired\":true,\"valueName\":\"search_term_string\"}}],\"inLanguage\":\"is\"},{\"@type\":\"Organization\",\"@id\":\"https:\/\/talkpal.ai\/is\/#organization\",\"name\":\"Talkpal, Inc.\",\"alternateName\":\"Talkpal AI\",\"url\":\"https:\/\/talkpal.ai\/is\/\",\"logo\":{\"@type\":\"ImageObject\",\"inLanguage\":\"is\",\"@id\":\"https:\/\/talkpal.ai\/is\/#\/schema\/logo\/image\/\",\"url\":\"https:\/\/talkpal.ai\/wp-content\/uploads\/2024\/03\/Talkpal-Logo-Icon.png\",\"contentUrl\":\"https:\/\/talkpal.ai\/wp-content\/uploads\/2024\/03\/Talkpal-Logo-Icon.png\",\"width\":2880,\"height\":2880,\"caption\":\"Talkpal, Inc.\"},\"image\":{\"@id\":\"https:\/\/talkpal.ai\/is\/#\/schema\/logo\/image\/\"},\"sameAs\":[\"https:\/\/www.facebook.com\/profile.php?id=100090733639311\",\"https:\/\/x.com\/talkpalai\",\"https:\/\/www.linkedin.com\/company\/talkpal\/\",\"https:\/\/www.youtube.com\/@TalkPal\/\",\"https:\/\/www.tiktok.com\/@talkpal\",\"https:\/\/www.instagram.com\/talkpal_ai\/\",\"https:\/\/www.crunchbase.com\/organization\/talkpal-9cde\",\"https:\/\/www.g2.com\/products\/talkpal-for-business\/\",\"https:\/\/www.trustpilot.com\/review\/talkpal.ai\",\"https:\/\/www.capterra.com\/p\/10006800\/TalkPal\/\"],\"description\":\"Talkpal is a language learning web and mobile education app, powered by the latest AI technologies, that provides engaging experiences to its customers in many different languages to help them improve their language skills. Users can chat about unlimited amount of topics with the app and use other modes to practice their language learning.\",\"email\":\"support@talkpal.ai\",\"legalName\":\"Talkpal, Inc.\",\"foundingDate\":\"2023-04-03\",\"duns\":\"118989042\",\"numberOfEmployees\":{\"@type\":\"QuantitativeValue\",\"minValue\":\"11\",\"maxValue\":\"50\"},\"publishingPrinciples\":\"https:\/\/talkpal.ai\/publishing-principles\/\",\"actionableFeedbackPolicy\":\"https:\/\/talkpal.ai\/actionable-feedback-policy\/\",\"correctionsPolicy\":\"https:\/\/talkpal.ai\/corrections-policy\/\",\"ethicsPolicy\":\"https:\/\/talkpal.ai\/ethics-policy\/\",\"diversityPolicy\":\"https:\/\/talkpal.ai\/diversity-policy\/\",\"diversityStaffingReport\":\"https:\/\/talkpal.ai\/diversity-policy\/\"}]}<\/script>\n<!-- \/ Yoast SEO Premium plugin. -->","yoast_head_json":{"title":"Port\u00fag\u00f6lsk m\u00e1lfr\u00e6\u00f0i - Talkpal","description":"N\u00e1\u00f0u t\u00f6kum \u00e1 port\u00fag\u00f6lsku m\u00e1lfr\u00e6\u00f0i me\u00f0 gagnvirkum \u00e6fingum sem eru hanna\u00f0ar fyrir \u00f6ll f\u00e6rnistig. B\u00e6ttu tungum\u00e1lakunn\u00e1ttu \u00fe\u00edna!","robots":{"index":"index","follow":"follow","max-snippet":"max-snippet:-1","max-image-preview":"max-image-preview:large","max-video-preview":"max-video-preview:-1"},"canonical":"https:\/\/talkpal.ai\/is\/portugolsk-malfraedi\/","og_locale":"is_IS","og_type":"article","og_title":"Port\u00fag\u00f6lsk m\u00e1lfr\u00e6\u00f0i","og_description":"Lei\u00f0beiningar fyrir byrjendur til a\u00f0 skilja port\u00fagalska m\u00e1lfr\u00e6\u00f0i Hvort sem \u00fe\u00fa ert a\u00f0 skipuleggja fer\u00f0 til Port\u00fagal e\u00f0a einfaldlega hefur \u00e1huga \u00e1 a\u00f0 n\u00e1","og_url":"https:\/\/talkpal.ai\/is\/portugolsk-malfraedi\/","og_site_name":"Talkpal","article_publisher":"https:\/\/www.facebook.com\/profile.php?id=100090733639311","article_modified_time":"2025-12-11T16:47:27+00:00","og_image":[{"width":512,"height":512,"url":"https:\/\/talkpal.ai\/wp-content\/uploads\/2023\/04\/portugal.png","type":"image\/png"}],"twitter_card":"summary_large_image","twitter_site":"@talkpalai","twitter_misc":{"Est. reading time":"4 minutes"},"schema":{"@context":"https:\/\/schema.org","@graph":[{"@type":"WebPage","@id":"https:\/\/talkpal.ai\/is\/portugolsk-malfraedi\/","url":"https:\/\/talkpal.ai\/is\/portugolsk-malfraedi\/","name":"Port\u00fag\u00f6lsk m\u00e1lfr\u00e6\u00f0i - Talkpal","isPartOf":{"@id":"https:\/\/talkpal.ai\/is\/#website"},"primaryImageOfPage":{"@id":"https:\/\/talkpal.ai\/is\/portugolsk-malfraedi\/#primaryimage"},"image":{"@id":"https:\/\/talkpal.ai\/is\/portugolsk-malfraedi\/#primaryimage"},"thumbnailUrl":"https:\/\/talkpal.ai\/wp-content\/uploads\/2023\/04\/portugal.png","datePublished":"2023-05-14T13:51:46+00:00","dateModified":"2025-12-11T16:47:27+00:00","description":"N\u00e1\u00f0u t\u00f6kum \u00e1 port\u00fag\u00f6lsku m\u00e1lfr\u00e6\u00f0i me\u00f0 gagnvirkum \u00e6fingum sem eru hanna\u00f0ar fyrir \u00f6ll f\u00e6rnistig. B\u00e6ttu tungum\u00e1lakunn\u00e1ttu \u00fe\u00edna!","breadcrumb":{"@id":"https:\/\/talkpal.ai\/is\/portugolsk-malfraedi\/#breadcrumb"},"inLanguage":"is","potentialAction":[{"@type":"ReadAction","target":["https:\/\/talkpal.ai\/is\/portugolsk-malfraedi\/"]}]},{"@type":"ImageObject","inLanguage":"is","@id":"https:\/\/talkpal.ai\/is\/portugolsk-malfraedi\/#primaryimage","url":"https:\/\/talkpal.ai\/wp-content\/uploads\/2023\/04\/portugal.png","contentUrl":"https:\/\/talkpal.ai\/wp-content\/uploads\/2023\/04\/portugal.png","width":512,"height":512},{"@type":"BreadcrumbList","@id":"https:\/\/talkpal.ai\/is\/portugolsk-malfraedi\/#breadcrumb","itemListElement":[{"@type":"ListItem","position":1,"name":"Homepage","item":"https:\/\/talkpal.ai\/is\/"},{"@type":"ListItem","position":2,"name":"Port\u00fag\u00f6lsk m\u00e1lfr\u00e6\u00f0i"}]},{"@type":"WebSite","@id":"https:\/\/talkpal.ai\/is\/#website","url":"https:\/\/talkpal.ai\/is\/","name":"Talkpal","description":"AI Language Learning","publisher":{"@id":"https:\/\/talkpal.ai\/is\/#organization"},"alternateName":"Talkpal AI","potentialAction":[{"@type":"SearchAction","target":{"@type":"EntryPoint","urlTemplate":"https:\/\/talkpal.ai\/is\/?s={search_term_string}"},"query-input":{"@type":"PropertyValueSpecification","valueRequired":true,"valueName":"search_term_string"}}],"inLanguage":"is"},{"@type":"Organization","@id":"https:\/\/talkpal.ai\/is\/#organization","name":"Talkpal, Inc.","alternateName":"Talkpal AI","url":"https:\/\/talkpal.ai\/is\/","logo":{"@type":"ImageObject","inLanguage":"is","@id":"https:\/\/talkpal.ai\/is\/#\/schema\/logo\/image\/","url":"https:\/\/talkpal.ai\/wp-content\/uploads\/2024\/03\/Talkpal-Logo-Icon.png","contentUrl":"https:\/\/talkpal.ai\/wp-content\/uploads\/2024\/03\/Talkpal-Logo-Icon.png","width":2880,"height":2880,"caption":"Talkpal, Inc."},"image":{"@id":"https:\/\/talkpal.ai\/is\/#\/schema\/logo\/image\/"},"sameAs":["https:\/\/www.facebook.com\/profile.php?id=100090733639311","https:\/\/x.com\/talkpalai","https:\/\/www.linkedin.com\/company\/talkpal\/","https:\/\/www.youtube.com\/@TalkPal\/","https:\/\/www.tiktok.com\/@talkpal","https:\/\/www.instagram.com\/talkpal_ai\/","https:\/\/www.crunchbase.com\/organization\/talkpal-9cde","https:\/\/www.g2.com\/products\/talkpal-for-business\/","https:\/\/www.trustpilot.com\/review\/talkpal.ai","https:\/\/www.capterra.com\/p\/10006800\/TalkPal\/"],"description":"Talkpal is a language learning web and mobile education app, powered by the latest AI technologies, that provides engaging experiences to its customers in many different languages to help them improve their language skills. Users can chat about unlimited amount of topics with the app and use other modes to practice their language learning.","email":"support@talkpal.ai","legalName":"Talkpal, Inc.","foundingDate":"2023-04-03","duns":"118989042","numberOfEmployees":{"@type":"QuantitativeValue","minValue":"11","maxValue":"50"},"publishingPrinciples":"https:\/\/talkpal.ai\/publishing-principles\/","actionableFeedbackPolicy":"https:\/\/talkpal.ai\/actionable-feedback-policy\/","correctionsPolicy":"https:\/\/talkpal.ai\/corrections-policy\/","ethicsPolicy":"https:\/\/talkpal.ai\/ethics-policy\/","diversityPolicy":"https:\/\/talkpal.ai\/diversity-policy\/","diversityStaffingReport":"https:\/\/talkpal.ai\/diversity-policy\/"}]}},"_links":{"self":[{"href":"https:\/\/talkpal.ai\/is\/wp-json\/wp\/v2\/pages\/130117","targetHints":{"allow":["GET"]}}],"collection":[{"href":"https:\/\/talkpal.ai\/is\/wp-json\/wp\/v2\/pages"}],"about":[{"href":"https:\/\/talkpal.ai\/is\/wp-json\/wp\/v2\/types\/page"}],"author":[{"embeddable":true,"href":"https:\/\/talkpal.ai\/is\/wp-json\/wp\/v2\/users\/1"}],"replies":[{"embeddable":true,"href":"https:\/\/talkpal.ai\/is\/wp-json\/wp\/v2\/comments?post=130117"}],"version-history":[{"count":0,"href":"https:\/\/talkpal.ai\/is\/wp-json\/wp\/v2\/pages\/130117\/revisions"}],"wp:featuredmedia":[{"embeddable":true,"href":"https:\/\/talkpal.ai\/is\/wp-json\/wp\/v2\/media\/107859"}],"wp:attachment":[{"href":"https:\/\/talkpal.ai\/is\/wp-json\/wp\/v2\/media?parent=130117"}],"curies":[{"name":"wp","href":"https:\/\/api.w.org\/{rel}","templated":true}]}}