{"id":129791,"date":"2023-05-14T13:51:09","date_gmt":"2023-05-14T13:51:09","guid":{"rendered":"http:\/\/talkpal.ai\/japonsk-malfraedi\/"},"modified":"2025-12-11T16:44:22","modified_gmt":"2025-12-11T16:44:22","slug":"japonsk-malfraedi","status":"publish","type":"page","link":"https:\/\/talkpal.ai\/is\/japonsk-malfraedi\/","title":{"rendered":"Jap\u00f6nsk m\u00e1lfr\u00e6\u00f0i"},"content":{"rendered":"\r\n\r\n\r\n<section class=\"languageChallengeSection\">\r\n    <div class=\"languageInfoWrapper\">\r\n        \r\n        <h1>Jap\u00f6nsk m\u00e1lfr\u00e6\u00f0i<\/h1>\r\n        <p>B\u00e6ttu jap\u00f6nskukunn\u00e1ttu \u00fe\u00edna me\u00f0 \u00fev\u00ed a\u00f0 n\u00e1 t\u00f6kum \u00e1 mikilv\u00e6gum m\u00e1lfr\u00e6\u00f0iatri\u00f0um me\u00f0 sk\u00fdrum \u00fatsk\u00fdringum og d\u00e6mum. Byrja\u00f0u fer\u00f0alag \u00feitt a\u00f0 f\u00e6rni \u00ed jap\u00f6nsku &#8211; kafa\u00f0u ofan \u00ed jap\u00f6nsku <a href=\"https:\/\/talkpal.ai\/grammar\/\">m\u00e1lfr\u00e6\u00f0i<\/a> \u00ed dag.<\/p>\r\n\r\n                            <a class=\"getStartedHidden\" href=\"https:\/\/app.talkpal.ai\/signup?lng=\">Byrja\u00f0u<\/a>\r\n        \r\n    <\/div>\r\n\r\n    <figure>\r\n    <img decoding=\"async\" width=\"768\" height=\"768\" src=\"https:\/\/talkpal.ai\/wp-content\/uploads\/2023\/06\/japanese-768x768.png\" class=\"languageImage no-lazy\" alt=\"Language learning for world travelers\" fetchpriority=\"high\" sizes=\"(max-width: 768px) 150px, 768px\" srcset=\"https:\/\/talkpal.ai\/wp-content\/uploads\/2023\/06\/japanese-768x768.png 768w, https:\/\/talkpal.ai\/wp-content\/uploads\/2023\/06\/japanese-300x300.png 300w\" \/>\r\n    \r\n\r\n    <\/figure>\r\n\r\n            <a class=\"getStartedVisible\" href=\"https:\/\/app.talkpal.ai\/signup?lng=\">Byrja\u00f0u<\/a>\r\n    \r\n<\/section>\r\n<section class=\"promotionalBanner\">\r\n    <p class=\"promotionalText\">Skilvirkasta lei\u00f0in til a\u00f0 l\u00e6ra tungum\u00e1l<\/p>\r\n    <a class=\"promotionalLink\" href=\"https:\/\/app.talkpal.ai\/signup?lng=\">Pr\u00f3fa\u00f0u Talkpal \u00f3keypis<\/a>\r\n<\/section>\n<div class=\"wp-block-group pageContainerStyle\"><div class=\"wp-block-group__inner-container is-layout-constrained wp-block-group-is-layout-constrained\">\n<h2 class=\"wp-block-heading\" id=\"h-mastering-the-intricacies-of-japanese-grammar\">A\u00f0 n\u00e1 t\u00f6kum \u00e1 ranghala japanskrar m\u00e1lfr\u00e6\u00f0i<\/h2>\n\n\n\n<p>Tungum\u00e1la\u00e1hugam\u00f6nnum finnst <a href=\"https:\/\/talkpal.ai\/learn-japanese\/\">japanska<\/a> oft vera heillandi og krefjandi tungum\u00e1l til a\u00f0 l\u00e6ra, a\u00f0allega vegna einstaks m\u00e1lfr\u00e6\u00f0ikerfis. \u00der\u00e1tt fyrir \u00feetta getur skilningur \u00e1 japanskri m\u00e1lfr\u00e6\u00f0i b\u00e6tt samskiptah\u00e6fileika \u00fe\u00edna og menningarskilning verulega. \u00cd \u00feessari grein munum vi\u00f0 r\u00e6\u00f0a nokkra nau\u00f0synlega \u00fe\u00e6tti japanskrar m\u00e1lfr\u00e6\u00f0i til a\u00f0 hj\u00e1lpa \u00fe\u00e9r \u00e1 tungum\u00e1lan\u00e1msfer\u00f0 \u00feinni. Svo, spenntu \u00feig og vi\u00f0 skulum kafa inn \u00ed gr\u00edpandi heim japanskrar m\u00e1lfr\u00e6\u00f0i.<\/p>\n\n\n\n<h3 class=\"wp-block-heading\" id=\"h-1-sentence-structure-sov\">1. Setning Uppbygging: SOV<\/h3>\n\n\n\n<p>\u00d3l\u00edkt ensku (Subject \u2013 Sagn \u2013 Object e\u00f0a SVO), fylgir japanska setningaskipan Subject \u2013 Object \u2013 Sagn (SOV). \u00deetta \u00fe\u00fd\u00f0ir a\u00f0 s\u00f6gnin kemur yfirleitt s\u00ed\u00f0ast \u00ed setningu. A\u00f0 n\u00e1 t\u00f6kum \u00e1 \u00feessari einst\u00f6ku or\u00f0ar\u00f6\u00f0 er mikilv\u00e6gt til a\u00f0 mynda skiljanlegar setningar \u00e1 jap\u00f6nsku.<\/p>\n\n\n\n<p>D\u00e6mi:  <\/p>\n\n\n\n<p>\u2013 \u308f\u305f\u3057\u306f\u308a\u3093\u3054\u3092\u305f\u3079\u307e\u3059\u3002 (\u00c9g bor\u00f0a epli)<\/p>\n\n\n\n<p>\u2013 Hva\u00f0 er \u00fea\u00f0 sem \u00fe\u00fa vilt. (lit. \u00c9g epli bor\u00f0a)<\/p>\n\n\n\n<h3 class=\"wp-block-heading\" id=\"h-2-particles-the-sentence-connectors\">2. Agnir: Setningatengin<\/h3>\n\n\n\n<p>Agnir gegna mikilv\u00e6gu hlutverki \u00ed japanskri m\u00e1lfr\u00e6\u00f0i me\u00f0 \u00fev\u00ed a\u00f0 merkja fall or\u00f0s \u00ed setningu. Sumar algengar agnir eru \u306f (wa), \u3092 (o), \u304c (ga), \u3067 (de) og \u306b (ni). Me\u00f0 \u00fev\u00ed a\u00f0 skilja hvernig \u00feessar agnir virka muntu komast a\u00f0 \u00fev\u00ed a\u00f0 \u00fea\u00f0 ver\u00f0ur verulega vi\u00f0r\u00e1\u00f0anlegra a\u00f0 r\u00e1\u00f0a og sm\u00ed\u00f0a japanskar setningar.<\/p>\n\n\n\n<h3 class=\"wp-block-heading\" id=\"h-3-verbs-an-introduction-to-conjugation\">3. Sagnir: Kynning \u00e1 samtengingu<\/h3>\n\n\n\n<p>Jap\u00f6nsk sagnir hafa \u00ferj\u00e1 a\u00f0alh\u00f3pa, au\u00f0kenndir me\u00f0 endi grunnformsins. \u00deessir h\u00f3par eru teknir til greina \u00feegar \u00feeir tengjast spennu, kurteisi og skapi. G\u00f3\u00f0u fr\u00e9ttirnar eru \u00fe\u00e6r a\u00f0 japanskar sagnir breytast ekki eftir efninu, sem gerir \u00fe\u00e6r minna fl\u00f3knar en \u00ed sumum \u00f6\u00f0rum tungum\u00e1lum.<\/p>\n\n\n\n<p>\u2013 H\u00f3pur 1: U-sagnir<\/p>\n\n\n\n<p>\u2013 H\u00f3pur 2: Ru-sagnir<\/p>\n\n\n\n<p>\u2013 H\u00f3pur 3: \u00d3reglulegar sagnir (a\u00f0eins tv\u00e6r sagnir \u2013 \u3059\u308b (s\u00faru) og \u6765\u308b (kuru))<\/p>\n\n\n\n<h3 class=\"wp-block-heading\" id=\"h-4-politeness-levels\">4. Kurteisi stig<\/h3>\n\n\n\n<p>Japanska er tungum\u00e1l r\u00edkt af kurteisi og m\u00e1lfr\u00e6\u00f0i tungum\u00e1lsins endurspeglar \u00fea\u00f0. \u00dea\u00f0 eru \u00ferj\u00fa a\u00f0al kurteisisstig: frj\u00e1lslegur, kurteis og hei\u00f0arlegur. A\u00f0 vi\u00f0urkenna og nota \u00feetta \u00e1 vi\u00f0eigandi h\u00e1tt er nau\u00f0synlegt fyrir e\u00f0lileg og vir\u00f0ingarfull samskipti.<\/p>\n\n\n\n<p>&#8211; Frj\u00e1lslegt: l\u00e1tlaus sagnor\u00f0 (td \u98df\u3079\u308b &#8211; taberu &#8211; a\u00f0 bor\u00f0a)<\/p>\n\n\n\n<p>\u2013 Kurteisi: \u307e\u3059 (masu) samtenging (td \u98df\u3079\u307e\u3059 \u2013 tabemasu \u2013 a\u00f0 bor\u00f0a (kurteislega))<\/p>\n\n\n\n<p>\u2013 Hei\u00f0ur: s\u00e9rstakar samtengingar og forskeyti (td \u304a\u53ec\u3057\u4e0a\u304c\u308a\u306b\u306a\u308b \u2013 omeshiagari ni naru \u2013 a\u00f0 bor\u00f0a (hei\u00f0ur))<\/p>\n\n\n\n<h3 class=\"wp-block-heading\" id=\"h-5-japanese-adjectives\">5. Jap\u00f6nsk l\u00fdsingaror\u00f0<\/h3>\n\n\n\n<p>Jap\u00f6nsk l\u00fdsingaror\u00f0 eru \u00ed tveimur ger\u00f0um: i-l\u00fdsingaror\u00f0 og na-l\u00fdsingaror\u00f0. B\u00e1\u00f0ar tegundirnar hafa einstakar beygingarreglur og hafa samskipti vi\u00f0 nafnor\u00f0 \u00e1 annan h\u00e1tt. A\u00f0 n\u00e1 t\u00f6kum \u00e1 notkun \u00feessara tveggja tegunda l\u00fdsingaror\u00f0a er mikilv\u00e6gt fyrir \u00e1rangursr\u00edk samskipti \u00e1 jap\u00f6nsku.<\/p>\n\n\n\n<h3 class=\"wp-block-heading\" id=\"h-6-engaging-with-the-language\">6. A\u00f0 taka \u00fe\u00e1tt \u00ed tungum\u00e1linu<\/h3>\n\n\n\n<p>Ein \u00e1hrifar\u00edkasta lei\u00f0in til a\u00f0 l\u00e6ra <a href=\"https:\/\/talkpal.ai\/japanese-grammar\/\">japanska m\u00e1lfr\u00e6\u00f0i<\/a> er a\u00f0 eiga st\u00f6\u00f0ug samskipti vi\u00f0 tungum\u00e1li\u00f0. Allt fr\u00e1 \u00fev\u00ed a\u00f0 horfa \u00e1 japanskar kvikmyndir og anime til a\u00f0 taka \u00fe\u00e1tt \u00ed samtalaskiptum vi\u00f0 m\u00f3\u00f0urm\u00e1lsmenn, a\u00f0 s\u00f6kkva \u00fe\u00e9r ni\u00f0ur \u00ed tungum\u00e1li\u00f0 mun hj\u00e1lpa til vi\u00f0 a\u00f0 styrkja m\u00e1lfr\u00e6\u00f0ihugt\u00f6k og auka or\u00f0afor\u00f0a \u00feinn.<\/p>\n\n\n\n<h3 class=\"wp-block-heading\" id=\"h-conclusion\">Ni\u00f0ursta\u00f0a<\/h3>\n\n\n\n<p>\u00de\u00f3 a\u00f0 jap\u00f6nsk m\u00e1lfr\u00e6\u00f0i kann a\u00f0 vir\u00f0ast yfir\u00feyrmandi \u00ed fyrstu, me\u00f0 v\u00edgslu og t\u00edma, muntu finna sj\u00e1lfan \u00feig a\u00f0 vafra um margbreytileika hennar me\u00f0 au\u00f0veldum h\u00e6tti. Lykillinn er a\u00f0 vera forvitinn og \u00e6fa reglulega. Gangi \u00fe\u00e9r vel \u00e1 fer\u00f0 \u00feinni \u00ed \u00e1tt a\u00f0 \u00fev\u00ed a\u00f0 n\u00e1 t\u00f6kum \u00e1 japanskri m\u00e1lfr\u00e6\u00f0i og nj\u00f3ttu tungum\u00e1la\u00e6vint\u00fdrisins!<\/p>\n<\/div><\/div>\n\r\n<section class=\"learnNavigationSection\">\r\n            \r\n        <a href=\"https:\/\/talkpal.ai\/is\/laerdu-japonsku\/\">\r\n            <div class=\"learnNavigationWrapper\">\r\n                <div class=\"learnNavigationContent\">\r\n                    <img decoding=\"async\" src=\"https:\/\/talkpal.ai\/wp-content\/uploads\/2024\/08\/Japanese.jpg\" alt=\"Japanese Flag\">\r\n                    <div>\r\n                        <h4>Um jap\u00f6nskun\u00e1m<\/h4>\r\n                        <p>Finndu \u00fat allt um japanska m\u00e1lfr\u00e6\u00f0i.<\/p>\r\n                    <\/div>\r\n                <\/div>\r\n            <\/div>\r\n        <\/a>\r\n\r\n        \r\n        <a href=\"https:\/\/talkpal.ai\/is\/japanska-malfraedi-aefingar\/\">\r\n            <div class=\"learnNavigationWrapper\">\r\n                <div class=\"learnNavigationContent\">\r\n                    <img decoding=\"async\" src=\"https:\/\/talkpal.ai\/wp-content\/uploads\/2024\/08\/Japanese.jpg\" alt=\"Japanese Flag\">\r\n                    <div>\r\n                        <h4>Jap\u00f6nsk m\u00e1lfr\u00e6\u00f0i\u00e6fing<\/h4>\r\n                        <p>\u00c6f\u00f0u japanska m\u00e1lfr\u00e6\u00f0i.<\/p>\r\n                    <\/div>\r\n                <\/div>\r\n            <\/div>\r\n        <\/a>\r\n\r\n        \r\n        <a href=\"https:\/\/talkpal.ai\/vocabulary_language\/japanese\/\">\r\n            <div class=\"learnNavigationWrapper\">\r\n                <div class=\"learnNavigationContent\">\r\n                    <img decoding=\"async\" src=\"https:\/\/talkpal.ai\/wp-content\/uploads\/2024\/08\/Japanese.jpg\" alt=\"Japanese Flag\">\r\n                    <div>\r\n                        <h4>Japanskur or\u00f0afor\u00f0i<\/h4>\r\n                        <p>St\u00e6kka\u00f0u japanskan or\u00f0afor\u00f0a \u00feinn.<\/p>\r\n                    <\/div>\r\n                <\/div>\r\n            <\/div>\r\n        <\/a>\r\n\r\n            <\/section>","protected":false},"excerpt":{"rendered":"<p>A\u00f0 n\u00e1 t\u00f6kum \u00e1 ranghala japanskrar m\u00e1lfr\u00e6\u00f0i Tungum\u00e1la\u00e1hugam\u00f6nnum finnst japanska oft vera heillandi og krefjandi tungum\u00e1l til a\u00f0 l\u00e6ra, a\u00f0allega vegna einstaks m\u00e1lfr\u00e6\u00f0ikerfis. \u00der\u00e1tt fyrir \u00feetta getur skilningur \u00e1 japanskri m\u00e1lfr\u00e6\u00f0i b\u00e6tt samskiptah\u00e6fileika \u00fe\u00edna og menningarskilning verulega. \u00cd \u00feessari grein munum vi\u00f0 r\u00e6\u00f0a nokkra nau\u00f0synlega \u00fe\u00e6tti japanskrar m\u00e1lfr\u00e6\u00f0i til a\u00f0 hj\u00e1lpa \u00fe\u00e9r \u00e1 tungum\u00e1lan\u00e1msfer\u00f0 \u00feinni. [&hellip;]<\/p>\n","protected":false},"author":1,"featured_media":107306,"parent":0,"menu_order":0,"comment_status":"closed","ping_status":"closed","template":"LearningContentPage.php","meta":{"_acf_changed":false,"footnotes":""},"class_list":["post-129791","page","type-page","status-publish","has-post-thumbnail","hentry"],"acf":[],"yoast_head":"<!-- This site is optimized with the Yoast SEO Premium plugin v27.2 (Yoast SEO v27.2) - https:\/\/yoast.com\/product\/yoast-seo-premium-wordpress\/ -->\n<title>Jap\u00f6nsk m\u00e1lfr\u00e6\u00f0i - Talkpal<\/title>\n<meta name=\"description\" content=\"N\u00e1\u00f0u t\u00f6kum \u00e1 jap\u00f6nsku m\u00e1lfr\u00e6\u00f0i me\u00f0 gervigreindarforritinu okkar. B\u00e6ttu tungum\u00e1lakunn\u00e1ttu \u00fe\u00edna au\u00f0veldlega me\u00f0 gervigreindarstu\u00f0ningi Talkpal .\" \/>\n<meta name=\"robots\" content=\"index, follow, max-snippet:-1, max-image-preview:large, max-video-preview:-1\" \/>\n<link rel=\"canonical\" href=\"https:\/\/talkpal.ai\/is\/japonsk-malfraedi\/\" \/>\n<meta property=\"og:locale\" content=\"is_IS\" \/>\n<meta property=\"og:type\" content=\"article\" \/>\n<meta property=\"og:title\" content=\"Jap\u00f6nsk m\u00e1lfr\u00e6\u00f0i\" \/>\n<meta property=\"og:description\" content=\"A\u00f0 n\u00e1 t\u00f6kum \u00e1 ranghala japanskrar m\u00e1lfr\u00e6\u00f0i Tungum\u00e1la\u00e1hugam\u00f6nnum finnst japanska oft vera heillandi og krefjandi tungum\u00e1l til a\u00f0 l\u00e6ra, a\u00f0allega vegna\" \/>\n<meta property=\"og:url\" content=\"https:\/\/talkpal.ai\/is\/japonsk-malfraedi\/\" \/>\n<meta property=\"og:site_name\" content=\"Talkpal\" \/>\n<meta property=\"article:publisher\" content=\"https:\/\/www.facebook.com\/profile.php?id=100090733639311\" \/>\n<meta property=\"article:modified_time\" content=\"2025-12-11T16:44:22+00:00\" \/>\n<meta property=\"og:image\" content=\"https:\/\/talkpal.ai\/wp-content\/uploads\/2023\/04\/japan.png\" \/>\n\t<meta property=\"og:image:width\" content=\"512\" \/>\n\t<meta property=\"og:image:height\" content=\"512\" \/>\n\t<meta property=\"og:image:type\" content=\"image\/png\" \/>\n<meta name=\"twitter:card\" content=\"summary_large_image\" \/>\n<meta name=\"twitter:site\" content=\"@talkpalai\" \/>\n<meta name=\"twitter:label1\" content=\"Est. reading time\" \/>\n\t<meta name=\"twitter:data1\" content=\"3 minutes\" \/>\n<script type=\"application\/ld+json\" class=\"yoast-schema-graph\">{\"@context\":\"https:\/\/schema.org\",\"@graph\":[{\"@type\":\"WebPage\",\"@id\":\"https:\/\/talkpal.ai\/is\/japonsk-malfraedi\/\",\"url\":\"https:\/\/talkpal.ai\/is\/japonsk-malfraedi\/\",\"name\":\"Jap\u00f6nsk m\u00e1lfr\u00e6\u00f0i - Talkpal\",\"isPartOf\":{\"@id\":\"https:\/\/talkpal.ai\/is\/#website\"},\"primaryImageOfPage\":{\"@id\":\"https:\/\/talkpal.ai\/is\/japonsk-malfraedi\/#primaryimage\"},\"image\":{\"@id\":\"https:\/\/talkpal.ai\/is\/japonsk-malfraedi\/#primaryimage\"},\"thumbnailUrl\":\"https:\/\/talkpal.ai\/wp-content\/uploads\/2023\/04\/japan.png\",\"datePublished\":\"2023-05-14T13:51:09+00:00\",\"dateModified\":\"2025-12-11T16:44:22+00:00\",\"description\":\"N\u00e1\u00f0u t\u00f6kum \u00e1 jap\u00f6nsku m\u00e1lfr\u00e6\u00f0i me\u00f0 gervigreindarforritinu okkar. B\u00e6ttu tungum\u00e1lakunn\u00e1ttu \u00fe\u00edna au\u00f0veldlega me\u00f0 gervigreindarstu\u00f0ningi Talkpal .\",\"breadcrumb\":{\"@id\":\"https:\/\/talkpal.ai\/is\/japonsk-malfraedi\/#breadcrumb\"},\"inLanguage\":\"is\",\"potentialAction\":[{\"@type\":\"ReadAction\",\"target\":[\"https:\/\/talkpal.ai\/is\/japonsk-malfraedi\/\"]}]},{\"@type\":\"ImageObject\",\"inLanguage\":\"is\",\"@id\":\"https:\/\/talkpal.ai\/is\/japonsk-malfraedi\/#primaryimage\",\"url\":\"https:\/\/talkpal.ai\/wp-content\/uploads\/2023\/04\/japan.png\",\"contentUrl\":\"https:\/\/talkpal.ai\/wp-content\/uploads\/2023\/04\/japan.png\",\"width\":512,\"height\":512},{\"@type\":\"BreadcrumbList\",\"@id\":\"https:\/\/talkpal.ai\/is\/japonsk-malfraedi\/#breadcrumb\",\"itemListElement\":[{\"@type\":\"ListItem\",\"position\":1,\"name\":\"Homepage\",\"item\":\"https:\/\/talkpal.ai\/is\/\"},{\"@type\":\"ListItem\",\"position\":2,\"name\":\"Jap\u00f6nsk m\u00e1lfr\u00e6\u00f0i\"}]},{\"@type\":\"WebSite\",\"@id\":\"https:\/\/talkpal.ai\/is\/#website\",\"url\":\"https:\/\/talkpal.ai\/is\/\",\"name\":\"Talkpal\",\"description\":\"AI Language Learning\",\"publisher\":{\"@id\":\"https:\/\/talkpal.ai\/is\/#organization\"},\"alternateName\":\"Talkpal AI\",\"potentialAction\":[{\"@type\":\"SearchAction\",\"target\":{\"@type\":\"EntryPoint\",\"urlTemplate\":\"https:\/\/talkpal.ai\/is\/?s={search_term_string}\"},\"query-input\":{\"@type\":\"PropertyValueSpecification\",\"valueRequired\":true,\"valueName\":\"search_term_string\"}}],\"inLanguage\":\"is\"},{\"@type\":\"Organization\",\"@id\":\"https:\/\/talkpal.ai\/is\/#organization\",\"name\":\"Talkpal, Inc.\",\"alternateName\":\"Talkpal AI\",\"url\":\"https:\/\/talkpal.ai\/is\/\",\"logo\":{\"@type\":\"ImageObject\",\"inLanguage\":\"is\",\"@id\":\"https:\/\/talkpal.ai\/is\/#\/schema\/logo\/image\/\",\"url\":\"https:\/\/talkpal.ai\/wp-content\/uploads\/2024\/03\/Talkpal-Logo-Icon.png\",\"contentUrl\":\"https:\/\/talkpal.ai\/wp-content\/uploads\/2024\/03\/Talkpal-Logo-Icon.png\",\"width\":2880,\"height\":2880,\"caption\":\"Talkpal, Inc.\"},\"image\":{\"@id\":\"https:\/\/talkpal.ai\/is\/#\/schema\/logo\/image\/\"},\"sameAs\":[\"https:\/\/www.facebook.com\/profile.php?id=100090733639311\",\"https:\/\/x.com\/talkpalai\",\"https:\/\/www.linkedin.com\/company\/talkpal\/\",\"https:\/\/www.youtube.com\/@TalkPal\/\",\"https:\/\/www.tiktok.com\/@talkpal\",\"https:\/\/www.instagram.com\/talkpal_ai\/\",\"https:\/\/www.crunchbase.com\/organization\/talkpal-9cde\",\"https:\/\/www.g2.com\/products\/talkpal-for-business\/\",\"https:\/\/www.trustpilot.com\/review\/talkpal.ai\",\"https:\/\/www.capterra.com\/p\/10006800\/TalkPal\/\"],\"description\":\"Talkpal is a language learning web and mobile education app, powered by the latest AI technologies, that provides engaging experiences to its customers in many different languages to help them improve their language skills. Users can chat about unlimited amount of topics with the app and use other modes to practice their language learning.\",\"email\":\"support@talkpal.ai\",\"legalName\":\"Talkpal, Inc.\",\"foundingDate\":\"2023-04-03\",\"duns\":\"118989042\",\"numberOfEmployees\":{\"@type\":\"QuantitativeValue\",\"minValue\":\"11\",\"maxValue\":\"50\"},\"publishingPrinciples\":\"https:\/\/talkpal.ai\/publishing-principles\/\",\"actionableFeedbackPolicy\":\"https:\/\/talkpal.ai\/actionable-feedback-policy\/\",\"correctionsPolicy\":\"https:\/\/talkpal.ai\/corrections-policy\/\",\"ethicsPolicy\":\"https:\/\/talkpal.ai\/ethics-policy\/\",\"diversityPolicy\":\"https:\/\/talkpal.ai\/diversity-policy\/\",\"diversityStaffingReport\":\"https:\/\/talkpal.ai\/diversity-policy\/\"}]}<\/script>\n<!-- \/ Yoast SEO Premium plugin. -->","yoast_head_json":{"title":"Jap\u00f6nsk m\u00e1lfr\u00e6\u00f0i - Talkpal","description":"N\u00e1\u00f0u t\u00f6kum \u00e1 jap\u00f6nsku m\u00e1lfr\u00e6\u00f0i me\u00f0 gervigreindarforritinu okkar. B\u00e6ttu tungum\u00e1lakunn\u00e1ttu \u00fe\u00edna au\u00f0veldlega me\u00f0 gervigreindarstu\u00f0ningi Talkpal .","robots":{"index":"index","follow":"follow","max-snippet":"max-snippet:-1","max-image-preview":"max-image-preview:large","max-video-preview":"max-video-preview:-1"},"canonical":"https:\/\/talkpal.ai\/is\/japonsk-malfraedi\/","og_locale":"is_IS","og_type":"article","og_title":"Jap\u00f6nsk m\u00e1lfr\u00e6\u00f0i","og_description":"A\u00f0 n\u00e1 t\u00f6kum \u00e1 ranghala japanskrar m\u00e1lfr\u00e6\u00f0i Tungum\u00e1la\u00e1hugam\u00f6nnum finnst japanska oft vera heillandi og krefjandi tungum\u00e1l til a\u00f0 l\u00e6ra, a\u00f0allega vegna","og_url":"https:\/\/talkpal.ai\/is\/japonsk-malfraedi\/","og_site_name":"Talkpal","article_publisher":"https:\/\/www.facebook.com\/profile.php?id=100090733639311","article_modified_time":"2025-12-11T16:44:22+00:00","og_image":[{"width":512,"height":512,"url":"https:\/\/talkpal.ai\/wp-content\/uploads\/2023\/04\/japan.png","type":"image\/png"}],"twitter_card":"summary_large_image","twitter_site":"@talkpalai","twitter_misc":{"Est. reading time":"3 minutes"},"schema":{"@context":"https:\/\/schema.org","@graph":[{"@type":"WebPage","@id":"https:\/\/talkpal.ai\/is\/japonsk-malfraedi\/","url":"https:\/\/talkpal.ai\/is\/japonsk-malfraedi\/","name":"Jap\u00f6nsk m\u00e1lfr\u00e6\u00f0i - Talkpal","isPartOf":{"@id":"https:\/\/talkpal.ai\/is\/#website"},"primaryImageOfPage":{"@id":"https:\/\/talkpal.ai\/is\/japonsk-malfraedi\/#primaryimage"},"image":{"@id":"https:\/\/talkpal.ai\/is\/japonsk-malfraedi\/#primaryimage"},"thumbnailUrl":"https:\/\/talkpal.ai\/wp-content\/uploads\/2023\/04\/japan.png","datePublished":"2023-05-14T13:51:09+00:00","dateModified":"2025-12-11T16:44:22+00:00","description":"N\u00e1\u00f0u t\u00f6kum \u00e1 jap\u00f6nsku m\u00e1lfr\u00e6\u00f0i me\u00f0 gervigreindarforritinu okkar. B\u00e6ttu tungum\u00e1lakunn\u00e1ttu \u00fe\u00edna au\u00f0veldlega me\u00f0 gervigreindarstu\u00f0ningi Talkpal .","breadcrumb":{"@id":"https:\/\/talkpal.ai\/is\/japonsk-malfraedi\/#breadcrumb"},"inLanguage":"is","potentialAction":[{"@type":"ReadAction","target":["https:\/\/talkpal.ai\/is\/japonsk-malfraedi\/"]}]},{"@type":"ImageObject","inLanguage":"is","@id":"https:\/\/talkpal.ai\/is\/japonsk-malfraedi\/#primaryimage","url":"https:\/\/talkpal.ai\/wp-content\/uploads\/2023\/04\/japan.png","contentUrl":"https:\/\/talkpal.ai\/wp-content\/uploads\/2023\/04\/japan.png","width":512,"height":512},{"@type":"BreadcrumbList","@id":"https:\/\/talkpal.ai\/is\/japonsk-malfraedi\/#breadcrumb","itemListElement":[{"@type":"ListItem","position":1,"name":"Homepage","item":"https:\/\/talkpal.ai\/is\/"},{"@type":"ListItem","position":2,"name":"Jap\u00f6nsk m\u00e1lfr\u00e6\u00f0i"}]},{"@type":"WebSite","@id":"https:\/\/talkpal.ai\/is\/#website","url":"https:\/\/talkpal.ai\/is\/","name":"Talkpal","description":"AI Language Learning","publisher":{"@id":"https:\/\/talkpal.ai\/is\/#organization"},"alternateName":"Talkpal AI","potentialAction":[{"@type":"SearchAction","target":{"@type":"EntryPoint","urlTemplate":"https:\/\/talkpal.ai\/is\/?s={search_term_string}"},"query-input":{"@type":"PropertyValueSpecification","valueRequired":true,"valueName":"search_term_string"}}],"inLanguage":"is"},{"@type":"Organization","@id":"https:\/\/talkpal.ai\/is\/#organization","name":"Talkpal, Inc.","alternateName":"Talkpal AI","url":"https:\/\/talkpal.ai\/is\/","logo":{"@type":"ImageObject","inLanguage":"is","@id":"https:\/\/talkpal.ai\/is\/#\/schema\/logo\/image\/","url":"https:\/\/talkpal.ai\/wp-content\/uploads\/2024\/03\/Talkpal-Logo-Icon.png","contentUrl":"https:\/\/talkpal.ai\/wp-content\/uploads\/2024\/03\/Talkpal-Logo-Icon.png","width":2880,"height":2880,"caption":"Talkpal, Inc."},"image":{"@id":"https:\/\/talkpal.ai\/is\/#\/schema\/logo\/image\/"},"sameAs":["https:\/\/www.facebook.com\/profile.php?id=100090733639311","https:\/\/x.com\/talkpalai","https:\/\/www.linkedin.com\/company\/talkpal\/","https:\/\/www.youtube.com\/@TalkPal\/","https:\/\/www.tiktok.com\/@talkpal","https:\/\/www.instagram.com\/talkpal_ai\/","https:\/\/www.crunchbase.com\/organization\/talkpal-9cde","https:\/\/www.g2.com\/products\/talkpal-for-business\/","https:\/\/www.trustpilot.com\/review\/talkpal.ai","https:\/\/www.capterra.com\/p\/10006800\/TalkPal\/"],"description":"Talkpal is a language learning web and mobile education app, powered by the latest AI technologies, that provides engaging experiences to its customers in many different languages to help them improve their language skills. Users can chat about unlimited amount of topics with the app and use other modes to practice their language learning.","email":"support@talkpal.ai","legalName":"Talkpal, Inc.","foundingDate":"2023-04-03","duns":"118989042","numberOfEmployees":{"@type":"QuantitativeValue","minValue":"11","maxValue":"50"},"publishingPrinciples":"https:\/\/talkpal.ai\/publishing-principles\/","actionableFeedbackPolicy":"https:\/\/talkpal.ai\/actionable-feedback-policy\/","correctionsPolicy":"https:\/\/talkpal.ai\/corrections-policy\/","ethicsPolicy":"https:\/\/talkpal.ai\/ethics-policy\/","diversityPolicy":"https:\/\/talkpal.ai\/diversity-policy\/","diversityStaffingReport":"https:\/\/talkpal.ai\/diversity-policy\/"}]}},"_links":{"self":[{"href":"https:\/\/talkpal.ai\/is\/wp-json\/wp\/v2\/pages\/129791","targetHints":{"allow":["GET"]}}],"collection":[{"href":"https:\/\/talkpal.ai\/is\/wp-json\/wp\/v2\/pages"}],"about":[{"href":"https:\/\/talkpal.ai\/is\/wp-json\/wp\/v2\/types\/page"}],"author":[{"embeddable":true,"href":"https:\/\/talkpal.ai\/is\/wp-json\/wp\/v2\/users\/1"}],"replies":[{"embeddable":true,"href":"https:\/\/talkpal.ai\/is\/wp-json\/wp\/v2\/comments?post=129791"}],"version-history":[{"count":0,"href":"https:\/\/talkpal.ai\/is\/wp-json\/wp\/v2\/pages\/129791\/revisions"}],"wp:featuredmedia":[{"embeddable":true,"href":"https:\/\/talkpal.ai\/is\/wp-json\/wp\/v2\/media\/107306"}],"wp:attachment":[{"href":"https:\/\/talkpal.ai\/is\/wp-json\/wp\/v2\/media?parent=129791"}],"curies":[{"name":"wp","href":"https:\/\/api.w.org\/{rel}","templated":true}]}}