{"id":129435,"date":"2023-05-14T13:50:44","date_gmt":"2023-05-14T13:50:44","guid":{"rendered":"http:\/\/talkpal.ai\/hindi-malfraedi\/"},"modified":"2025-12-13T15:12:20","modified_gmt":"2025-12-13T15:12:20","slug":"hindi-malfraedi","status":"publish","type":"page","link":"https:\/\/talkpal.ai\/is\/hindi-malfraedi\/","title":{"rendered":"Hind\u00ed m\u00e1lfr\u00e6\u00f0i"},"content":{"rendered":"\r\n\r\n\r\n<section class=\"languageChallengeSection\">\r\n    <div class=\"languageInfoWrapper\">\r\n        \r\n        <h1>Hind\u00ed m\u00e1lfr\u00e6\u00f0i<\/h1>\r\n        <p>Tilb\u00fainn\/n a\u00f0 l\u00e6ra <a href=\"https:\/\/talkpal.ai\/learn-hindi\/\">hind\u00ed<\/a>? Kaf\u00f0u \u00fe\u00e9r ofan \u00ed <a href=\"https:\/\/talkpal.ai\/grammar\/\">m\u00e1lfr\u00e6\u00f0i<\/a> hind\u00ed, \u00fear sem kynju\u00f0 nafnor\u00f0, setningarbygging sem byggir \u00e1 frumlagi, andlagi og s\u00f6gn og tj\u00e1ningarfull sagnbeygingar vekja tungum\u00e1li\u00f0 til l\u00edfsins. Byrja\u00f0u hind\u00ed-fer\u00f0alag \u00feitt \u00ed dag \u2014 a\u00f0 n\u00e1 g\u00f3\u00f0um t\u00f6kum \u00e1 m\u00e1lfr\u00e6\u00f0inni mun gera \u00fe\u00e9r kleift a\u00f0 eiga samskipti af \u00f6ryggi og tengjast l\u00edflegri menningu og hef\u00f0um Indlands!<\/p>\r\n\r\n                            <a class=\"getStartedHidden\" href=\"https:\/\/app.talkpal.ai\/signup?lng=\">Byrja\u00f0u<\/a>\r\n        \r\n    <\/div>\r\n\r\n    <figure>\r\n    <img decoding=\"async\" width=\"768\" height=\"768\" src=\"https:\/\/talkpal.ai\/wp-content\/uploads\/2023\/06\/hindi-768x768.png\" class=\"languageImage no-lazy\" alt=\"Language learning for mental agility\" fetchpriority=\"high\" sizes=\"(max-width: 768px) 150px, 768px\" srcset=\"https:\/\/talkpal.ai\/wp-content\/uploads\/2023\/06\/hindi-768x768.png 768w, https:\/\/talkpal.ai\/wp-content\/uploads\/2023\/06\/hindi-300x300.png 300w\" \/>\r\n    \r\n\r\n    <\/figure>\r\n\r\n            <a class=\"getStartedVisible\" href=\"https:\/\/app.talkpal.ai\/signup?lng=\">Byrja\u00f0u<\/a>\r\n    \r\n<\/section>\r\n<section class=\"promotionalBanner\">\r\n    <p class=\"promotionalText\">Skilvirkasta lei\u00f0in til a\u00f0 l\u00e6ra tungum\u00e1l<\/p>\r\n    <a class=\"promotionalLink\" href=\"https:\/\/app.talkpal.ai\/signup?lng=\">Pr\u00f3fa\u00f0u Talkpal \u00f3keypis<\/a>\r\n<\/section>\n<div class=\"wp-block-group pageContainerStyle\"><div class=\"wp-block-group__inner-container is-layout-constrained wp-block-group-is-layout-constrained\">\n<h2 class=\"wp-block-heading\" id=\"h-mastering-hindi-grammar-your-ultimate-guide\">A\u00f0 n\u00e1 t\u00f6kum \u00e1 hind\u00ed m\u00e1lfr\u00e6\u00f0i: Fullkominn lei\u00f0arv\u00edsir \u00feinn<\/h2>\n\n\n\n<p>Namaste, tungum\u00e1la\u00e1hugamenn! Ertu tilb\u00fainn til a\u00f0 kanna heim <a href=\"https:\/\/talkpal.ai\/hindi-grammar\/\">hind\u00ed m\u00e1lfr\u00e6\u00f0i<\/a>? \u00de\u00fa ert kominn \u00e1 r\u00e9ttan sta\u00f0. \u00deessi grein er full af au\u00f0skiljanlegum uppl\u00fdsingum og samtalst\u00f3n og mun lei\u00f0a \u00feig \u00ed gegnum heillandi svi\u00f0 hind\u00ed m\u00e1lfr\u00e6\u00f0i. Br\u00e1\u00f0um muntu geta sm\u00ed\u00f0a\u00f0 setningar og \u00e1tt \u00fe\u00fd\u00f0ingarmikil samt\u00f6l vi\u00f0 m\u00f3\u00f0urm\u00e1l. Svo, vi\u00f0 skulum kafa beint inn!<\/p>\n\n\n\n<p><strong>En fyrst, hvers vegna hind\u00ed m\u00e1lfr\u00e6\u00f0i?<\/strong><\/p>\n\n\n\n<p>Ef \u00fe\u00fa ert a\u00f0 l\u00e6ra hind\u00ed er sterkur grunnur \u00ed m\u00e1lfr\u00e6\u00f0i mikilv\u00e6gur fyrir a\u00f0 <a href=\"https:\/\/talkpal.ai\/locations\/language-courses-in-tala\/\">tala<\/a>, lesa og skrifa reiprennandi. \u00de\u00f3 a\u00f0 hind\u00ed m\u00e1lfr\u00e6\u00f0i geti upphaflega virst fl\u00f3kin, ver\u00f0ur h\u00fan a\u00f0gengilegri \u00feegar h\u00fan er skipt ni\u00f0ur \u00ed sm\u00e6rri, vi\u00f0r\u00e1\u00f0anlega hluta. \u00deessi grein ver\u00f0ur fullkominn sta\u00f0ur til a\u00f0 hefja fer\u00f0 \u00fe\u00edna \u00ed \u00e1tt a\u00f0 \u00fev\u00ed a\u00f0 n\u00e1 t\u00f6kum \u00e1 hind\u00ed m\u00e1lfr\u00e6\u00f0i!<\/p>\n\n\n\n<h3 class=\"wp-block-heading\" id=\"h-1-nouns-gender-and-cases\">1. Nafnor\u00f0, kyn og m\u00e1l<\/h3>\n\n\n\n<p>Hind\u00ed nafnor\u00f0 koma \u00ed tveimur kynjum: karlkyns og kvenkyns. \u00dea\u00f0 er mikilv\u00e6gt a\u00f0 bera kennsl \u00e1 kyn nafnor\u00f0a \u00fear sem \u00fea\u00f0 hefur \u00e1hrif \u00e1 a\u00f0ra or\u00f0flokka, eins og l\u00fdsingaror\u00f0 og sagnor\u00f0.  <\/p>\n\n\n\n<p>Einf\u00f6ld \u00feumalputtaregla: ef nafnor\u00f0 endar \u00e1 \u201e-aa\u201c (\u201e\u0906\u201c) er \u00fea\u00f0 almennt karlkyns en nafnor\u00f0 sem endar \u00e1 \u201e-ii\u201c (\u201e\u0908\u201c) er yfirleitt kvenkyns. En muni\u00f0 \u2014 eins og alltaf eru undantekningar til!  <\/p>\n\n\n\n<p>Hind\u00ed nafnor\u00f0 taka \u00e1 sig mismunandi form eftir hlutverki \u00feeirra \u00ed setningu (efni, hlutur, eignarfall o.s.frv.). \u00deessi ey\u00f0ubl\u00f6\u00f0 eru k\u00f6llu\u00f0 tilfelli. A\u00f0alm\u00e1lin \u00e1 hind\u00ed eru bein (\u201e\u0906\u092e \u0915\u094d\u0930\u092e\u201c), sk\u00e1 (\u201e\u0909\u092a \u0935\u093f\u0932\u094b\u092e\u201c) og or\u00f0atilvik (\u201e\u0938\u0902\u092c\u094b\u0927\u0928\u201c).<\/p>\n\n\n\n<h3 class=\"wp-block-heading\" id=\"h-2-pronouns-and-agreement\">2. Forn\u00f6fn og samkomulag<\/h3>\n\n\n\n<p>Hind\u00ed forn\u00f6fn (\u00e9g, \u00fe\u00fa, hann, h\u00fan o.s.frv.) breytast eftir kyni og stigveldi. Til d\u00e6mis: \u092e\u0948\u0902 (a\u00f0al \u2013 \u00e9g), \u0924\u0941\u092e (tum \u2013 \u00fe\u00fa, \u00f3formlegur), \u0906\u092a (aap \u2013 \u00fe\u00fa, formlegur), \u0935\u0939 (vah \u2013 hann\/h\u00fan), \u0939\u092e (humm \u2013 vi\u00f0) og \u0935\u0947 (ve \u2013 \u00feeir).  <\/p>\n\n\n\n<p>\u00dea\u00f0 er nau\u00f0synlegt a\u00f0 vera me\u00f0vita\u00f0ur um stigveldi \u00feegar forn\u00f6fn eru notu\u00f0. Til d\u00e6mis, \u00fe\u00f3 a\u00f0 \u201e\u0924\u0941\u092e\u201c g\u00e6ti veri\u00f0 vi\u00f0eigandi me\u00f0al vina, \u00fe\u00e1 s\u00fdnir notkun \u201e\u0906\u092a\u201c vir\u00f0ingu \u00feegar \u00e1varpa\u00f0 er eldri borgara e\u00f0a \u00f3kunnuga.<\/p>\n\n\n\n<h3 class=\"wp-block-heading\" id=\"h-3-verbs-tense-and-conjugation\">3. Sagnor\u00f0, t\u00ed\u00f0 og samtenging<\/h3>\n\n\n\n<p>Sagnir mynda bur\u00f0ar\u00e1s hind\u00ed m\u00e1lfr\u00e6\u00f0i og skilningur \u00e1 \u00feeim er mikilv\u00e6gur til a\u00f0 sm\u00ed\u00f0a setningar. Sagnir \u00e1 hind\u00ed eru almennt flokka\u00f0ar sem sagnor\u00f0 sem eru \u00f3beygjanleg (\u201e\u0938\u0915\u0930\u094d\u092e\u0915\u201c) og sagnor\u00f0 sem eru \u00f3beygjanleg (\u201e\u0905\u0915\u0930\u094d\u092e\u0915\u201c), me\u00f0 mismunandi beygingarreglum fyrir hvora s\u00f6gn.  <\/p>\n\n\n\n<p>Til a\u00f0 gefa \u00fe\u00e9r flj\u00f3tt yfirlit skulum vi\u00f0 r\u00e6\u00f0a n\u00fat\u00ed\u00f0arsamtengingu reglulegra sagna:<\/p>\n\n\n\n<p>\u2013 \u092e\u0948\u0902 \u092a\u0922\u093c\u0924\u093e \u0939\u0942\u0901 (a\u00f0al padhta hoon \u2013 \u00e9g les, karlkyns)<\/p>\n\n\n\n<p>\u2013 \u092e\u0948\u0902 \u092a\u0922\u093c\u0924\u0940 \u0939\u0942\u0901 (a\u00f0al padhti hoon \u2013 \u00e9g les, kvenkyns)<\/p>\n\n\n\n<p>\u2013 \u0924\u0941\u092e \u092a\u0922\u093c\u0924\u0947 \u0939\u094b (tum padhte ho \u2013 \u00fe\u00fa lest, \u00f3formlegt, karlkyns)<\/p>\n\n\n\n<p>\u2013 \u0924\u0941\u092e \u092a\u0922\u093c\u0924\u0940 \u0939\u094b (tum padhti ho \u2013 \u00fe\u00fa lest, \u00f3formlegt, kvenlegt)<\/p>\n\n\n\n<p>Mundu a\u00f0 \u00feetta er bara byrjunin! \u00dea\u00f0 eru margar spennur og \u00f3reglulegar sagnir til a\u00f0 n\u00e1 t\u00f6kum \u00e1, en hvert n\u00fdtt skref f\u00e6rir \u00feig n\u00e6r reiprennandi.<\/p>\n\n\n\n<h3 class=\"wp-block-heading\" id=\"h-4-adjectives-adverbs-and-more\">4. L\u00fdsingaror\u00f0, atviksor\u00f0 og fleira!<\/h3>\n\n\n\n<p>Hind\u00ed m\u00e1lfr\u00e6\u00f0i inniheldur a\u00f0ra \u00fe\u00e6tti eins og l\u00fdsingaror\u00f0 (sem ver\u00f0a a\u00f0 vera samm\u00e1la nafnor\u00f0um \u00ed kyni og t\u00f6lu), atviksor\u00f0, forsetningar og or\u00f0atilt\u00e6ki. Hver \u00fe\u00e1ttur er lykillinn a\u00f0 \u00fev\u00ed a\u00f0 ver\u00f0a reiprennandi \u00ed hind\u00ed, svo taktu eitt skref \u00ed einu.<\/p>\n\n\n\n<p>A\u00f0 lokum, \u00fea\u00f0 er engin fl\u00fdtilei\u00f0 til a\u00f0 n\u00e1 t\u00f6kum \u00e1 hind\u00ed m\u00e1lfr\u00e6\u00f0i. \u00dea\u00f0 krefst \u00ferautseigju, \u00e6fingu og \u00feolinm\u00e6\u00f0i. Hins vegar, \u00feegar \u00fe\u00fa hefur n\u00e1\u00f0 t\u00f6kum \u00e1 \u00fev\u00ed, munt \u00fe\u00fa geta meti\u00f0 bl\u00e6brig\u00f0i \u00feess a\u00f0 tala hind\u00ed, afhj\u00fapa\u00f0 r\u00edka menningu og s\u00f6gu og d\u00fdpka\u00f0 \u00e1st \u00fe\u00edna \u00e1 tungum\u00e1linu. \u0936\u0941\u092d\u0915\u093e\u092e\u0928\u093e\u090f\u0901 (shubhkaamnaayein \u2013 bestu kve\u00f0jur)!<\/p>\n<\/div><\/div>\n\r\n<section class=\"learnNavigationSection\">\r\n            \r\n        <a href=\"https:\/\/talkpal.ai\/is\/laerdu-hindi\/\">\r\n            <div class=\"learnNavigationWrapper\">\r\n                <div class=\"learnNavigationContent\">\r\n                    <img decoding=\"async\" src=\"https:\/\/talkpal.ai\/wp-content\/uploads\/2024\/08\/Hindi.jpg\" alt=\"Indian Flag\">\r\n                    <div>\r\n                        <h4>Um hind\u00edn\u00e1m<\/h4>\r\n                        <p>Finndu \u00fat allt um hind\u00ed m\u00e1lfr\u00e6\u00f0i.<\/p>\r\n                    <\/div>\r\n                <\/div>\r\n            <\/div>\r\n        <\/a>\r\n\r\n        \r\n        <a href=\"https:\/\/talkpal.ai\/is\/hindi-malfraedi-aefingar\/\">\r\n            <div class=\"learnNavigationWrapper\">\r\n                <div class=\"learnNavigationContent\">\r\n                    <img decoding=\"async\" src=\"https:\/\/talkpal.ai\/wp-content\/uploads\/2024\/08\/Hindi.jpg\" alt=\"Indian Flag\">\r\n                    <div>\r\n                        <h4>Hind\u00ed m\u00e1lfr\u00e6\u00f0i\u00e6fing<\/h4>\r\n                        <p>\u00c6f\u00f0u hind\u00ed m\u00e1lfr\u00e6\u00f0i.<\/p>\r\n                    <\/div>\r\n                <\/div>\r\n            <\/div>\r\n        <\/a>\r\n\r\n        \r\n        <a href=\"https:\/\/talkpal.ai\/vocabulary_language\/hindi\/\">\r\n            <div class=\"learnNavigationWrapper\">\r\n                <div class=\"learnNavigationContent\">\r\n                    <img decoding=\"async\" src=\"https:\/\/talkpal.ai\/wp-content\/uploads\/2024\/08\/Hindi.jpg\" alt=\"Indian Flag\">\r\n                    <div>\r\n                        <h4>Or\u00f0afor\u00f0i hind\u00ed<\/h4>\r\n                        <p>St\u00e6kka\u00f0u hind\u00ed or\u00f0afor\u00f0a \u00feinn.<\/p>\r\n                    <\/div>\r\n                <\/div>\r\n            <\/div>\r\n        <\/a>\r\n\r\n            <\/section>","protected":false},"excerpt":{"rendered":"<p>A\u00f0 n\u00e1 t\u00f6kum \u00e1 hind\u00ed m\u00e1lfr\u00e6\u00f0i: Fullkominn lei\u00f0arv\u00edsir \u00feinn Namaste, tungum\u00e1la\u00e1hugamenn! Ertu tilb\u00fainn til a\u00f0 kanna heim hind\u00ed m\u00e1lfr\u00e6\u00f0i? \u00de\u00fa ert kominn \u00e1 r\u00e9ttan sta\u00f0. \u00deessi grein er full af au\u00f0skiljanlegum uppl\u00fdsingum og samtalst\u00f3n og mun lei\u00f0a \u00feig \u00ed gegnum heillandi svi\u00f0 hind\u00ed m\u00e1lfr\u00e6\u00f0i. Br\u00e1\u00f0um muntu geta sm\u00ed\u00f0a\u00f0 setningar og \u00e1tt \u00fe\u00fd\u00f0ingarmikil samt\u00f6l vi\u00f0 m\u00f3\u00f0urm\u00e1l. [&hellip;]<\/p>\n","protected":false},"author":1,"featured_media":188212,"parent":0,"menu_order":0,"comment_status":"closed","ping_status":"closed","template":"LearningContentPage.php","meta":{"_acf_changed":false,"footnotes":""},"class_list":["post-129435","page","type-page","status-publish","has-post-thumbnail","hentry"],"acf":[],"yoast_head":"<!-- This site is optimized with the Yoast SEO Premium plugin v27.2 (Yoast SEO v27.2) - https:\/\/yoast.com\/product\/yoast-seo-premium-wordpress\/ -->\n<title>Hind\u00ed m\u00e1lfr\u00e6\u00f0i - Talkpal<\/title>\n<meta name=\"description\" content=\"N\u00e1\u00f0u t\u00f6kum \u00e1 hind\u00ed m\u00e1lfr\u00e6\u00f0i af \u00f6ryggi - l\u00e6r\u00f0u sk\u00fdrar reglur, mynda\u00f0u r\u00e9ttar setningar og tala\u00f0u betur me\u00f0 au\u00f0veldri lei\u00f0s\u00f6gn fr\u00e1 Talkpal gervigreindinni.\" \/>\n<meta name=\"robots\" content=\"index, follow, max-snippet:-1, max-image-preview:large, max-video-preview:-1\" \/>\n<link rel=\"canonical\" href=\"https:\/\/talkpal.ai\/is\/hindi-malfraedi\/\" \/>\n<meta property=\"og:locale\" content=\"is_IS\" \/>\n<meta property=\"og:type\" content=\"article\" \/>\n<meta property=\"og:title\" content=\"Hind\u00ed m\u00e1lfr\u00e6\u00f0i\" \/>\n<meta property=\"og:description\" content=\"A\u00f0 n\u00e1 t\u00f6kum \u00e1 hind\u00ed m\u00e1lfr\u00e6\u00f0i: Fullkominn lei\u00f0arv\u00edsir \u00feinn Namaste, tungum\u00e1la\u00e1hugamenn! Ertu tilb\u00fainn til a\u00f0 kanna heim hind\u00ed m\u00e1lfr\u00e6\u00f0i? \u00de\u00fa ert kominn \u00e1\" \/>\n<meta property=\"og:url\" content=\"https:\/\/talkpal.ai\/is\/hindi-malfraedi\/\" \/>\n<meta property=\"og:site_name\" content=\"Talkpal\" \/>\n<meta property=\"article:publisher\" content=\"https:\/\/www.facebook.com\/profile.php?id=100090733639311\" \/>\n<meta property=\"article:modified_time\" content=\"2025-12-13T15:12:20+00:00\" \/>\n<meta property=\"og:image\" content=\"https:\/\/talkpal.ai\/wp-content\/uploads\/2024\/02\/india.png\" \/>\n\t<meta property=\"og:image:width\" content=\"517\" \/>\n\t<meta property=\"og:image:height\" content=\"517\" \/>\n\t<meta property=\"og:image:type\" content=\"image\/png\" \/>\n<meta name=\"twitter:card\" content=\"summary_large_image\" \/>\n<meta name=\"twitter:site\" content=\"@talkpalai\" \/>\n<meta name=\"twitter:label1\" content=\"Est. reading time\" \/>\n\t<meta name=\"twitter:data1\" content=\"3 minutes\" \/>\n<script type=\"application\/ld+json\" class=\"yoast-schema-graph\">{\"@context\":\"https:\/\/schema.org\",\"@graph\":[{\"@type\":\"WebPage\",\"@id\":\"https:\/\/talkpal.ai\/is\/hindi-malfraedi\/\",\"url\":\"https:\/\/talkpal.ai\/is\/hindi-malfraedi\/\",\"name\":\"Hind\u00ed m\u00e1lfr\u00e6\u00f0i - Talkpal\",\"isPartOf\":{\"@id\":\"https:\/\/talkpal.ai\/is\/#website\"},\"primaryImageOfPage\":{\"@id\":\"https:\/\/talkpal.ai\/is\/hindi-malfraedi\/#primaryimage\"},\"image\":{\"@id\":\"https:\/\/talkpal.ai\/is\/hindi-malfraedi\/#primaryimage\"},\"thumbnailUrl\":\"https:\/\/talkpal.ai\/wp-content\/uploads\/2024\/02\/india.png\",\"datePublished\":\"2023-05-14T13:50:44+00:00\",\"dateModified\":\"2025-12-13T15:12:20+00:00\",\"description\":\"N\u00e1\u00f0u t\u00f6kum \u00e1 hind\u00ed m\u00e1lfr\u00e6\u00f0i af \u00f6ryggi - l\u00e6r\u00f0u sk\u00fdrar reglur, mynda\u00f0u r\u00e9ttar setningar og tala\u00f0u betur me\u00f0 au\u00f0veldri lei\u00f0s\u00f6gn fr\u00e1 Talkpal gervigreindinni.\",\"breadcrumb\":{\"@id\":\"https:\/\/talkpal.ai\/is\/hindi-malfraedi\/#breadcrumb\"},\"inLanguage\":\"is\",\"potentialAction\":[{\"@type\":\"ReadAction\",\"target\":[\"https:\/\/talkpal.ai\/is\/hindi-malfraedi\/\"]}]},{\"@type\":\"ImageObject\",\"inLanguage\":\"is\",\"@id\":\"https:\/\/talkpal.ai\/is\/hindi-malfraedi\/#primaryimage\",\"url\":\"https:\/\/talkpal.ai\/wp-content\/uploads\/2024\/02\/india.png\",\"contentUrl\":\"https:\/\/talkpal.ai\/wp-content\/uploads\/2024\/02\/india.png\",\"width\":517,\"height\":517,\"caption\":\"TalkPal Indian Flag\"},{\"@type\":\"BreadcrumbList\",\"@id\":\"https:\/\/talkpal.ai\/is\/hindi-malfraedi\/#breadcrumb\",\"itemListElement\":[{\"@type\":\"ListItem\",\"position\":1,\"name\":\"Homepage\",\"item\":\"https:\/\/talkpal.ai\/is\/\"},{\"@type\":\"ListItem\",\"position\":2,\"name\":\"Hind\u00ed m\u00e1lfr\u00e6\u00f0i\"}]},{\"@type\":\"WebSite\",\"@id\":\"https:\/\/talkpal.ai\/is\/#website\",\"url\":\"https:\/\/talkpal.ai\/is\/\",\"name\":\"Talkpal\",\"description\":\"AI Language Learning\",\"publisher\":{\"@id\":\"https:\/\/talkpal.ai\/is\/#organization\"},\"alternateName\":\"Talkpal AI\",\"potentialAction\":[{\"@type\":\"SearchAction\",\"target\":{\"@type\":\"EntryPoint\",\"urlTemplate\":\"https:\/\/talkpal.ai\/is\/?s={search_term_string}\"},\"query-input\":{\"@type\":\"PropertyValueSpecification\",\"valueRequired\":true,\"valueName\":\"search_term_string\"}}],\"inLanguage\":\"is\"},{\"@type\":\"Organization\",\"@id\":\"https:\/\/talkpal.ai\/is\/#organization\",\"name\":\"Talkpal, Inc.\",\"alternateName\":\"Talkpal AI\",\"url\":\"https:\/\/talkpal.ai\/is\/\",\"logo\":{\"@type\":\"ImageObject\",\"inLanguage\":\"is\",\"@id\":\"https:\/\/talkpal.ai\/is\/#\/schema\/logo\/image\/\",\"url\":\"https:\/\/talkpal.ai\/wp-content\/uploads\/2024\/03\/Talkpal-Logo-Icon.png\",\"contentUrl\":\"https:\/\/talkpal.ai\/wp-content\/uploads\/2024\/03\/Talkpal-Logo-Icon.png\",\"width\":2880,\"height\":2880,\"caption\":\"Talkpal, Inc.\"},\"image\":{\"@id\":\"https:\/\/talkpal.ai\/is\/#\/schema\/logo\/image\/\"},\"sameAs\":[\"https:\/\/www.facebook.com\/profile.php?id=100090733639311\",\"https:\/\/x.com\/talkpalai\",\"https:\/\/www.linkedin.com\/company\/talkpal\/\",\"https:\/\/www.youtube.com\/@TalkPal\/\",\"https:\/\/www.tiktok.com\/@talkpal\",\"https:\/\/www.instagram.com\/talkpal_ai\/\",\"https:\/\/www.crunchbase.com\/organization\/talkpal-9cde\",\"https:\/\/www.g2.com\/products\/talkpal-for-business\/\",\"https:\/\/www.trustpilot.com\/review\/talkpal.ai\",\"https:\/\/www.capterra.com\/p\/10006800\/TalkPal\/\"],\"description\":\"Talkpal is a language learning web and mobile education app, powered by the latest AI technologies, that provides engaging experiences to its customers in many different languages to help them improve their language skills. Users can chat about unlimited amount of topics with the app and use other modes to practice their language learning.\",\"email\":\"support@talkpal.ai\",\"legalName\":\"Talkpal, Inc.\",\"foundingDate\":\"2023-04-03\",\"duns\":\"118989042\",\"numberOfEmployees\":{\"@type\":\"QuantitativeValue\",\"minValue\":\"11\",\"maxValue\":\"50\"},\"publishingPrinciples\":\"https:\/\/talkpal.ai\/publishing-principles\/\",\"actionableFeedbackPolicy\":\"https:\/\/talkpal.ai\/actionable-feedback-policy\/\",\"correctionsPolicy\":\"https:\/\/talkpal.ai\/corrections-policy\/\",\"ethicsPolicy\":\"https:\/\/talkpal.ai\/ethics-policy\/\",\"diversityPolicy\":\"https:\/\/talkpal.ai\/diversity-policy\/\",\"diversityStaffingReport\":\"https:\/\/talkpal.ai\/diversity-policy\/\"}]}<\/script>\n<!-- \/ Yoast SEO Premium plugin. -->","yoast_head_json":{"title":"Hind\u00ed m\u00e1lfr\u00e6\u00f0i - Talkpal","description":"N\u00e1\u00f0u t\u00f6kum \u00e1 hind\u00ed m\u00e1lfr\u00e6\u00f0i af \u00f6ryggi - l\u00e6r\u00f0u sk\u00fdrar reglur, mynda\u00f0u r\u00e9ttar setningar og tala\u00f0u betur me\u00f0 au\u00f0veldri lei\u00f0s\u00f6gn fr\u00e1 Talkpal gervigreindinni.","robots":{"index":"index","follow":"follow","max-snippet":"max-snippet:-1","max-image-preview":"max-image-preview:large","max-video-preview":"max-video-preview:-1"},"canonical":"https:\/\/talkpal.ai\/is\/hindi-malfraedi\/","og_locale":"is_IS","og_type":"article","og_title":"Hind\u00ed m\u00e1lfr\u00e6\u00f0i","og_description":"A\u00f0 n\u00e1 t\u00f6kum \u00e1 hind\u00ed m\u00e1lfr\u00e6\u00f0i: Fullkominn lei\u00f0arv\u00edsir \u00feinn Namaste, tungum\u00e1la\u00e1hugamenn! Ertu tilb\u00fainn til a\u00f0 kanna heim hind\u00ed m\u00e1lfr\u00e6\u00f0i? \u00de\u00fa ert kominn \u00e1","og_url":"https:\/\/talkpal.ai\/is\/hindi-malfraedi\/","og_site_name":"Talkpal","article_publisher":"https:\/\/www.facebook.com\/profile.php?id=100090733639311","article_modified_time":"2025-12-13T15:12:20+00:00","og_image":[{"width":517,"height":517,"url":"https:\/\/talkpal.ai\/wp-content\/uploads\/2024\/02\/india.png","type":"image\/png"}],"twitter_card":"summary_large_image","twitter_site":"@talkpalai","twitter_misc":{"Est. reading time":"3 minutes"},"schema":{"@context":"https:\/\/schema.org","@graph":[{"@type":"WebPage","@id":"https:\/\/talkpal.ai\/is\/hindi-malfraedi\/","url":"https:\/\/talkpal.ai\/is\/hindi-malfraedi\/","name":"Hind\u00ed m\u00e1lfr\u00e6\u00f0i - Talkpal","isPartOf":{"@id":"https:\/\/talkpal.ai\/is\/#website"},"primaryImageOfPage":{"@id":"https:\/\/talkpal.ai\/is\/hindi-malfraedi\/#primaryimage"},"image":{"@id":"https:\/\/talkpal.ai\/is\/hindi-malfraedi\/#primaryimage"},"thumbnailUrl":"https:\/\/talkpal.ai\/wp-content\/uploads\/2024\/02\/india.png","datePublished":"2023-05-14T13:50:44+00:00","dateModified":"2025-12-13T15:12:20+00:00","description":"N\u00e1\u00f0u t\u00f6kum \u00e1 hind\u00ed m\u00e1lfr\u00e6\u00f0i af \u00f6ryggi - l\u00e6r\u00f0u sk\u00fdrar reglur, mynda\u00f0u r\u00e9ttar setningar og tala\u00f0u betur me\u00f0 au\u00f0veldri lei\u00f0s\u00f6gn fr\u00e1 Talkpal gervigreindinni.","breadcrumb":{"@id":"https:\/\/talkpal.ai\/is\/hindi-malfraedi\/#breadcrumb"},"inLanguage":"is","potentialAction":[{"@type":"ReadAction","target":["https:\/\/talkpal.ai\/is\/hindi-malfraedi\/"]}]},{"@type":"ImageObject","inLanguage":"is","@id":"https:\/\/talkpal.ai\/is\/hindi-malfraedi\/#primaryimage","url":"https:\/\/talkpal.ai\/wp-content\/uploads\/2024\/02\/india.png","contentUrl":"https:\/\/talkpal.ai\/wp-content\/uploads\/2024\/02\/india.png","width":517,"height":517,"caption":"TalkPal Indian Flag"},{"@type":"BreadcrumbList","@id":"https:\/\/talkpal.ai\/is\/hindi-malfraedi\/#breadcrumb","itemListElement":[{"@type":"ListItem","position":1,"name":"Homepage","item":"https:\/\/talkpal.ai\/is\/"},{"@type":"ListItem","position":2,"name":"Hind\u00ed m\u00e1lfr\u00e6\u00f0i"}]},{"@type":"WebSite","@id":"https:\/\/talkpal.ai\/is\/#website","url":"https:\/\/talkpal.ai\/is\/","name":"Talkpal","description":"AI Language Learning","publisher":{"@id":"https:\/\/talkpal.ai\/is\/#organization"},"alternateName":"Talkpal AI","potentialAction":[{"@type":"SearchAction","target":{"@type":"EntryPoint","urlTemplate":"https:\/\/talkpal.ai\/is\/?s={search_term_string}"},"query-input":{"@type":"PropertyValueSpecification","valueRequired":true,"valueName":"search_term_string"}}],"inLanguage":"is"},{"@type":"Organization","@id":"https:\/\/talkpal.ai\/is\/#organization","name":"Talkpal, Inc.","alternateName":"Talkpal AI","url":"https:\/\/talkpal.ai\/is\/","logo":{"@type":"ImageObject","inLanguage":"is","@id":"https:\/\/talkpal.ai\/is\/#\/schema\/logo\/image\/","url":"https:\/\/talkpal.ai\/wp-content\/uploads\/2024\/03\/Talkpal-Logo-Icon.png","contentUrl":"https:\/\/talkpal.ai\/wp-content\/uploads\/2024\/03\/Talkpal-Logo-Icon.png","width":2880,"height":2880,"caption":"Talkpal, Inc."},"image":{"@id":"https:\/\/talkpal.ai\/is\/#\/schema\/logo\/image\/"},"sameAs":["https:\/\/www.facebook.com\/profile.php?id=100090733639311","https:\/\/x.com\/talkpalai","https:\/\/www.linkedin.com\/company\/talkpal\/","https:\/\/www.youtube.com\/@TalkPal\/","https:\/\/www.tiktok.com\/@talkpal","https:\/\/www.instagram.com\/talkpal_ai\/","https:\/\/www.crunchbase.com\/organization\/talkpal-9cde","https:\/\/www.g2.com\/products\/talkpal-for-business\/","https:\/\/www.trustpilot.com\/review\/talkpal.ai","https:\/\/www.capterra.com\/p\/10006800\/TalkPal\/"],"description":"Talkpal is a language learning web and mobile education app, powered by the latest AI technologies, that provides engaging experiences to its customers in many different languages to help them improve their language skills. Users can chat about unlimited amount of topics with the app and use other modes to practice their language learning.","email":"support@talkpal.ai","legalName":"Talkpal, Inc.","foundingDate":"2023-04-03","duns":"118989042","numberOfEmployees":{"@type":"QuantitativeValue","minValue":"11","maxValue":"50"},"publishingPrinciples":"https:\/\/talkpal.ai\/publishing-principles\/","actionableFeedbackPolicy":"https:\/\/talkpal.ai\/actionable-feedback-policy\/","correctionsPolicy":"https:\/\/talkpal.ai\/corrections-policy\/","ethicsPolicy":"https:\/\/talkpal.ai\/ethics-policy\/","diversityPolicy":"https:\/\/talkpal.ai\/diversity-policy\/","diversityStaffingReport":"https:\/\/talkpal.ai\/diversity-policy\/"}]}},"_links":{"self":[{"href":"https:\/\/talkpal.ai\/is\/wp-json\/wp\/v2\/pages\/129435","targetHints":{"allow":["GET"]}}],"collection":[{"href":"https:\/\/talkpal.ai\/is\/wp-json\/wp\/v2\/pages"}],"about":[{"href":"https:\/\/talkpal.ai\/is\/wp-json\/wp\/v2\/types\/page"}],"author":[{"embeddable":true,"href":"https:\/\/talkpal.ai\/is\/wp-json\/wp\/v2\/users\/1"}],"replies":[{"embeddable":true,"href":"https:\/\/talkpal.ai\/is\/wp-json\/wp\/v2\/comments?post=129435"}],"version-history":[{"count":0,"href":"https:\/\/talkpal.ai\/is\/wp-json\/wp\/v2\/pages\/129435\/revisions"}],"wp:featuredmedia":[{"embeddable":true,"href":"https:\/\/talkpal.ai\/is\/wp-json\/wp\/v2\/media\/188212"}],"wp:attachment":[{"href":"https:\/\/talkpal.ai\/is\/wp-json\/wp\/v2\/media?parent=129435"}],"curies":[{"name":"wp","href":"https:\/\/api.w.org\/{rel}","templated":true}]}}