{"id":129095,"date":"2023-05-14T13:50:21","date_gmt":"2023-05-14T13:50:21","guid":{"rendered":"http:\/\/talkpal.ai\/finnsk-malfraedi\/"},"modified":"2025-12-11T17:00:16","modified_gmt":"2025-12-11T17:00:16","slug":"finnsk-malfraedi","status":"publish","type":"page","link":"https:\/\/talkpal.ai\/is\/finnsk-malfraedi\/","title":{"rendered":"Finnsk m\u00e1lfr\u00e6\u00f0i"},"content":{"rendered":"\r\n\r\n\r\n<section class=\"languageChallengeSection\">\r\n    <div class=\"languageInfoWrapper\">\r\n        \r\n        <h1>Finnsk m\u00e1lfr\u00e6\u00f0i<\/h1>\r\n        <p>Tilb\u00fainn\/n a\u00f0 uppg\u00f6tva leyndard\u00f3ma finnsku? Kaf\u00f0u \u00fe\u00e9r ofan \u00ed <a href=\"https:\/\/talkpal.ai\/learn-finnish\/\">finnska<\/a> <a href=\"https:\/\/talkpal.ai\/grammar\/\">m\u00e1lfr\u00e6\u00f0i<\/a>, sem er fr\u00e6g fyrir r\u00f6kfr\u00e6\u00f0ilega uppbyggingu, s\u00e9rhlj\u00f3\u00f0asamhlj\u00f3m og gl\u00e6silegt \u00farval f\u00f6lla. Byrja\u00f0u a\u00f0 l\u00e6ra \u00ed dag &#8211; a\u00f0 n\u00e1 g\u00f3\u00f0um t\u00f6kum \u00e1 finnskri m\u00e1lfr\u00e6\u00f0i mun gefa \u00fe\u00e9r sj\u00e1lfstraust til a\u00f0 tala og tengjast, um lei\u00f0 og \u00fe\u00fa opnar dyrnar a\u00f0 r\u00edkri menningu og hef\u00f0um Finnlands!<\/p>\r\n\r\n                            <a class=\"getStartedHidden\" href=\"https:\/\/app.talkpal.ai\/signup?lng=\">Byrja\u00f0u<\/a>\r\n        \r\n    <\/div>\r\n\r\n    <figure>\r\n    <img decoding=\"async\" width=\"768\" height=\"768\" src=\"https:\/\/talkpal.ai\/wp-content\/uploads\/2023\/06\/Finnish-768x768.png\" class=\"languageImage no-lazy\" alt=\"Develop your language aptitude learning\" fetchpriority=\"high\" sizes=\"(max-width: 768px) 150px, 768px\" srcset=\"https:\/\/talkpal.ai\/wp-content\/uploads\/2023\/06\/Finnish-768x768.png 768w, https:\/\/talkpal.ai\/wp-content\/uploads\/2023\/06\/Finnish-300x300.png 300w\" \/>\r\n    \r\n\r\n    <\/figure>\r\n\r\n            <a class=\"getStartedVisible\" href=\"https:\/\/app.talkpal.ai\/signup?lng=\">Byrja\u00f0u<\/a>\r\n    \r\n<\/section>\r\n<section class=\"promotionalBanner\">\r\n    <p class=\"promotionalText\">Skilvirkasta lei\u00f0in til a\u00f0 l\u00e6ra tungum\u00e1l<\/p>\r\n    <a class=\"promotionalLink\" href=\"https:\/\/app.talkpal.ai\/signup?lng=\">Pr\u00f3fa\u00f0u Talkpal \u00f3keypis<\/a>\r\n<\/section>\n<div class=\"wp-block-group pageContainerStyle\"><div class=\"wp-block-group__inner-container is-layout-constrained wp-block-group-is-layout-constrained\">\n<h2 class=\"wp-block-heading\" id=\"h-finnish-grammar-a-guide-to-mastering-the-complexities-of-the-finnish-language\">Finnsk m\u00e1lfr\u00e6\u00f0i: Lei\u00f0arv\u00edsir til a\u00f0 n\u00e1 t\u00f6kum \u00e1 margbreytileika finnskrar tungu<\/h2>\n\n\n\n<p><a href=\"https:\/\/talkpal.ai\/learn-finnish\/\">Finnska<\/a>, einstakt og heillandi tungum\u00e1l sem tala\u00f0 er af um \u00fea\u00f0 bil 5 millj\u00f3num manna, er \u00feekkt fyrir margbreytileika og s\u00e9rstakt m\u00e1lfr\u00e6\u00f0ikerfi. Vi\u00f0 fyrstu s\u00fdn kunna reglur og uppbygging finnskrar m\u00e1lfr\u00e6\u00f0i a\u00f0 vir\u00f0ast \u00f3gnvekjandi, en \u00f3ttist ekki! Me\u00f0 \u00feolinm\u00e6\u00f0i, \u00e6fingu og lei\u00f0s\u00f6gn getur\u00f0u afhj\u00fapa\u00f0 leyndard\u00f3ma finnskrar m\u00e1lfr\u00e6\u00f0i og b\u00e6tt tungum\u00e1lakunn\u00e1ttu \u00fe\u00edna. \u00cd \u00feessari grein munum vi\u00f0 veita yfirlit yfir finnska m\u00e1lfr\u00e6\u00f0i og deila nokkrum r\u00e1\u00f0um til a\u00f0 <a href=\"https:\/\/talkpal.ai\/locations\/language-courses-in-gera\/\">gera<\/a> n\u00e1msfer\u00f0ina sl\u00e9ttari.<\/p>\n\n\n\n<h3 class=\"wp-block-heading\" id=\"h-the-basics-of-finnish-grammar\">Grunnatri\u00f0i finnskrar m\u00e1lfr\u00e6\u00f0i:<\/h3>\n\n\n\n<p><a href=\"https:\/\/talkpal.ai\/finnish-grammar\/\">Finnsk m\u00e1lfr\u00e6\u00f0i<\/a>, nokku\u00f0 fr\u00e1brug\u00f0in enskri m\u00e1lfr\u00e6\u00f0i, einkennist af r\u00edkulegri notkun falla, skorti \u00e1 m\u00e1lfr\u00e6\u00f0ilegu kyni og einst\u00f6ku sagnabeygingarkerfi. H\u00e9r eru nokkrir mikilv\u00e6gir \u00fe\u00e6ttir finnskrar m\u00e1lfr\u00e6\u00f0i sem \u00fe\u00fa \u00e6ttir a\u00f0 \u00feekkja:<\/p>\n\n\n\n<p><strong>1. Nafnor\u00f0:<\/strong> Finnska hefur 15 nafnor\u00f0stilvik, sem t\u00e1knar <a href=\"https:\/\/talkpal.ai\/contact\/\">samband<\/a> nafnor\u00f0s og annarra \u00fe\u00e1tta setningar. Hvert nafnor\u00f0 hefur \u00e1kve\u00f0inn endingu sem festist vi\u00f0 stofn nafnor\u00f0sins. Nokkur d\u00e6mi um nafnor\u00f0 eru nafnor\u00f0, genitive, \u00e1sakandi og hlutdr\u00e6g.<\/p>\n\n\n\n<p><strong>2. Ekkert m\u00e1lfr\u00e6\u00f0ilegt kyn: \u00d3l\u00edkt<\/strong> m\u00f6rgum tungum\u00e1lum tengir finnska ekki kyn vi\u00f0 nafnor\u00f0. \u00cd sta\u00f0inn notar tungum\u00e1li\u00f0 eitt or\u00f0 \u2013 hann \u2013 til a\u00f0 v\u00edsa til b\u00e6\u00f0i \u201ehann\u201c og \u201eh\u00fan\u201c. \u00deessi eiginleiki einfaldar ferli\u00f0 vi\u00f0 a\u00f0 l\u00e6ra finnsku og \u00fatilokar \u00fe\u00f6rfina \u00e1 a\u00f0 leggja \u00e1 minni\u00f0 kynbundnar greinar e\u00f0a fornafnaform.<\/p>\n\n\n\n<p><strong>3. Sagnbeyging:<\/strong> Finnskar sagnir eru beyg\u00f0ar \u00fat fr\u00e1 spennu, skapi og r\u00f6dd. \u00cd finnsku eru fj\u00f3rar sagnir: n\u00fat\u00ed\u00f0, fort\u00ed\u00f0, fullkomin og pl\u00f3fullkomin. A\u00f0 auki hafa finnskar sagnir fimm skaplyndi: lei\u00f0beinandi, skilyrtur, hugsanlegur, mikilv\u00e6gur og loksins.<\/p>\n\n\n\n<p><strong>4. Samhlj\u00f3mur s\u00e9rhlj\u00f3\u00f0a<\/strong> : \u00cd finnsku er s\u00e9rhlj\u00f3\u00f0um skipt \u00ed \u00ferj\u00e1 flokka: framhli\u00f0 (\u00e4, \u00f6, y), aftan (a, o, u) og hlutlaus (i, e). Vegna samhlj\u00f3ms s\u00e9rhlj\u00f3\u00f0a geta fram- og baks\u00e9rhlj\u00f3\u00f0 yfirleitt ekki komi\u00f0 fyrir \u00ed <a href=\"https:\/\/talkpal.ai\/locations\/language-courses-in-sama\/\">sama<\/a> or\u00f0i, nema samsett or\u00f0 og sum t\u00f6kuor\u00f0.<\/p>\n\n\n\n<h3 class=\"wp-block-heading\" id=\"h-strategies-for-learning-finnish-grammar\">A\u00f0fer\u00f0ir til a\u00f0 l\u00e6ra finnska m\u00e1lfr\u00e6\u00f0i:<\/h3>\n\n\n\n<p>Skilningur \u00e1 finnskri m\u00e1lfr\u00e6\u00f0i kann a\u00f0 vir\u00f0ast yfir\u00feyrmandi, en me\u00f0 r\u00e9ttu hugarfari og n\u00e1msa\u00f0fer\u00f0um muntu geta n\u00e1\u00f0 t\u00f6kum \u00e1 \u00fev\u00ed. H\u00e9r eru nokkur gagnleg r\u00e1\u00f0 til a\u00f0 lei\u00f0beina n\u00e1mi \u00fe\u00ednu:<\/p>\n\n\n\n<p><strong>1. Taktu barnaskref:<\/strong> Byrja\u00f0u \u00e1 grunnatri\u00f0um finnskrar m\u00e1lfr\u00e6\u00f0i, svo sem nafnor\u00f0um og sagnbeygingu. Me\u00f0 \u00fev\u00ed a\u00f0 brj\u00f3ta ni\u00f0ur fl\u00f3knar reglur \u00ed sm\u00e6rri, meltanlega hluti, muntu geta n\u00e1\u00f0 st\u00f6\u00f0ugum framf\u00f6rum og byggja upp sterkan grunn.<\/p>\n\n\n\n<p><strong>2. \u00c6f\u00f0u reglulega:<\/strong> Samkv\u00e6mni er lykilatri\u00f0i \u00feegar \u00fe\u00fa l\u00e6rir tungum\u00e1l. Gef\u00f0u \u00fe\u00e9r t\u00edma \u00e1 hverjum degi e\u00f0a viku til a\u00f0 \u00e6fa m\u00e1lfr\u00e6\u00f0i me\u00f0 \u00e6fingum, lestri og ritun \u00e1 finnsku.<\/p>\n\n\n\n<p><strong>3. Nota\u00f0u innf\u00e6dd \u00farr\u00e6\u00f0i:<\/strong> Til a\u00f0 \u00f6\u00f0last betri skilning \u00e1 finnskri m\u00e1lfr\u00e6\u00f0i \u00ed samhengi skaltu s\u00f6kkva \u00fe\u00e9r ni\u00f0ur \u00ed innf\u00e6dd efni, svo sem b\u00f3kmenntir, fr\u00e9ttagreinar og hla\u00f0v\u00f6rp. \u00deetta mun hj\u00e1lpa \u00fe\u00e9r a\u00f0 innbyr\u00f0a reglurnar og b\u00e6ta hlustunar- og lestrarf\u00e6rni \u00fe\u00edna.<\/p>\n\n\n\n<p><strong>4. Tengstu \u00feeim sem hafa finnsku a\u00f0 m\u00f3\u00f0urm\u00e1li:<\/strong> A\u00f0 taka \u00fe\u00e1tt \u00ed samtali vi\u00f0 finnskum\u00e6landi a\u00f0 m\u00f3\u00f0urm\u00e1li er fr\u00e1b\u00e6r lei\u00f0 til a\u00f0 \u00e6fa m\u00e1lfr\u00e6\u00f0i og f\u00e1 d\u00fdrm\u00e6t vi\u00f0br\u00f6g\u00f0. \u00cdhuga\u00f0u a\u00f0 ganga \u00ed tungum\u00e1laskiptah\u00f3pa e\u00f0a m\u00e1l\u00feing \u00e1 netinu \u00fear sem \u00fe\u00fa getur tengst f\u00f3lki sem talar finnsku.<\/p>\n\n\n\n<p><strong>5. Vertu \u00feolinm\u00f3\u00f0ur og \u00ferautseigur:<\/strong> A\u00f0 l\u00e6ra finnska m\u00e1lfr\u00e6\u00f0i er krefjandi fer\u00f0alag, en me\u00f0 \u00feolinm\u00e6\u00f0i og einbeitni muntu opna ranghala \u00feess og ver\u00f0a f\u00e6r \u00ed tungum\u00e1linu.<\/p>\n\n\n\n<h3 class=\"wp-block-heading\" id=\"h-conclusion\">\u00c1lyktun:<\/h3>\n\n\n\n<p>Heimur finnskrar m\u00e1lfr\u00e6\u00f0i, \u00fe\u00f3tt fl\u00f3kinn s\u00e9, er forvitnilegur heimur sem h\u00e6gt er a\u00f0 afhj\u00fapa me\u00f0 sta\u00f0festu og \u00e6fingu. Me\u00f0 \u00fev\u00ed a\u00f0 kynnast kjarna\u00fe\u00e1ttum finnskrar m\u00e1lfr\u00e6\u00f0i og fylgja n\u00e1msa\u00f0fer\u00f0um okkar, muntu grei\u00f0a lei\u00f0 \u00ed \u00e1tt a\u00f0 reiprennandi og d\u00fdpri skilning \u00e1 \u00feessu gr\u00edpandi tungum\u00e1li. Svo, kafa\u00f0u ni\u00f0ur \u00ed ranghala finnskrar m\u00e1lfr\u00e6\u00f0i me\u00f0 j\u00e1kv\u00e6\u00f0u hugarfari, og \u00e1\u00f0ur en \u00fe\u00fa veist af muntu vera \u00f6ruggur um a\u00f0 vafra um tungum\u00e1lalandslag Suomi!<\/p>\n<\/div><\/div>\n\r\n<section class=\"learnNavigationSection\">\r\n            \r\n        <a href=\"https:\/\/talkpal.ai\/is\/laerdu-finnsku\/\">\r\n            <div class=\"learnNavigationWrapper\">\r\n                <div class=\"learnNavigationContent\">\r\n                    <img decoding=\"async\" src=\"https:\/\/talkpal.ai\/wp-content\/uploads\/2024\/08\/Finnish.jpg\" alt=\"Finnish Flag\">\r\n                    <div>\r\n                        <h4>Um finnskun\u00e1m<\/h4>\r\n                        <p>Finndu \u00fat allt um finnska m\u00e1lfr\u00e6\u00f0i.<\/p>\r\n                    <\/div>\r\n                <\/div>\r\n            <\/div>\r\n        <\/a>\r\n\r\n        \r\n        <a href=\"https:\/\/talkpal.ai\/is\/finnskar-malfraediaefingar\/\">\r\n            <div class=\"learnNavigationWrapper\">\r\n                <div class=\"learnNavigationContent\">\r\n                    <img decoding=\"async\" src=\"https:\/\/talkpal.ai\/wp-content\/uploads\/2024\/08\/Finnish.jpg\" alt=\"Finnish Flag\">\r\n                    <div>\r\n                        <h4>Finnsk m\u00e1lfr\u00e6\u00f0i\u00e6fing<\/h4>\r\n                        <p>\u00c6f\u00f0u \u00feig \u00ed finnskri m\u00e1lfr\u00e6\u00f0i.<\/p>\r\n                    <\/div>\r\n                <\/div>\r\n            <\/div>\r\n        <\/a>\r\n\r\n        \r\n        <a href=\"https:\/\/talkpal.ai\/vocabulary_language\/finnish\/\">\r\n            <div class=\"learnNavigationWrapper\">\r\n                <div class=\"learnNavigationContent\">\r\n                    <img decoding=\"async\" src=\"https:\/\/talkpal.ai\/wp-content\/uploads\/2024\/08\/Finnish.jpg\" alt=\"Finnish Flag\">\r\n                    <div>\r\n                        <h4>Finnskur or\u00f0afor\u00f0i<\/h4>\r\n                        <p>St\u00e6kka\u00f0u finnskan or\u00f0afor\u00f0a \u00feinn.<\/p>\r\n                    <\/div>\r\n                <\/div>\r\n            <\/div>\r\n        <\/a>\r\n\r\n            <\/section>","protected":false},"excerpt":{"rendered":"<p>Finnsk m\u00e1lfr\u00e6\u00f0i: Lei\u00f0arv\u00edsir til a\u00f0 n\u00e1 t\u00f6kum \u00e1 margbreytileika finnskrar tungu Finnska, einstakt og heillandi tungum\u00e1l sem tala\u00f0 er af um \u00fea\u00f0 bil 5 millj\u00f3num manna, er \u00feekkt fyrir margbreytileika og s\u00e9rstakt m\u00e1lfr\u00e6\u00f0ikerfi. Vi\u00f0 fyrstu s\u00fdn kunna reglur og uppbygging finnskrar m\u00e1lfr\u00e6\u00f0i a\u00f0 vir\u00f0ast \u00f3gnvekjandi, en \u00f3ttist ekki! Me\u00f0 \u00feolinm\u00e6\u00f0i, \u00e6fingu og lei\u00f0s\u00f6gn getur\u00f0u afhj\u00fapa\u00f0 [&hellip;]<\/p>\n","protected":false},"author":1,"featured_media":106681,"parent":0,"menu_order":0,"comment_status":"closed","ping_status":"closed","template":"LearningContentPage.php","meta":{"_acf_changed":false,"footnotes":""},"class_list":["post-129095","page","type-page","status-publish","has-post-thumbnail","hentry"],"acf":[],"yoast_head":"<!-- This site is optimized with the Yoast SEO Premium plugin v27.2 (Yoast SEO v27.2) - https:\/\/yoast.com\/product\/yoast-seo-premium-wordpress\/ -->\n<title>Finnsk m\u00e1lfr\u00e6\u00f0i - Talkpal<\/title>\n<meta name=\"description\" content=\"L\u00e6r\u00f0u nau\u00f0synlega \u00fe\u00e6tti finnskrar m\u00e1lfr\u00e6\u00f0i, \u00fear \u00e1 me\u00f0al f\u00f6ll, sagnir, setningarbyggingu og frambur\u00f0arr\u00e1\u00f0 til a\u00f0 n\u00e1 t\u00f6kum \u00e1 finnsku.\" \/>\n<meta name=\"robots\" content=\"index, follow, max-snippet:-1, max-image-preview:large, max-video-preview:-1\" \/>\n<link rel=\"canonical\" href=\"https:\/\/talkpal.ai\/is\/finnsk-malfraedi\/\" \/>\n<meta property=\"og:locale\" content=\"is_IS\" \/>\n<meta property=\"og:type\" content=\"article\" \/>\n<meta property=\"og:title\" content=\"Finnsk m\u00e1lfr\u00e6\u00f0i\" \/>\n<meta property=\"og:description\" content=\"Finnsk m\u00e1lfr\u00e6\u00f0i: Lei\u00f0arv\u00edsir til a\u00f0 n\u00e1 t\u00f6kum \u00e1 margbreytileika finnskrar tungu Finnska, einstakt og heillandi tungum\u00e1l sem tala\u00f0 er af um \u00fea\u00f0 bil 5\" \/>\n<meta property=\"og:url\" content=\"https:\/\/talkpal.ai\/is\/finnsk-malfraedi\/\" \/>\n<meta property=\"og:site_name\" content=\"Talkpal\" \/>\n<meta property=\"article:publisher\" content=\"https:\/\/www.facebook.com\/profile.php?id=100090733639311\" \/>\n<meta property=\"article:modified_time\" content=\"2025-12-11T17:00:16+00:00\" \/>\n<meta property=\"og:image\" content=\"https:\/\/talkpal.ai\/wp-content\/uploads\/2023\/04\/finland.png\" \/>\n\t<meta property=\"og:image:width\" content=\"512\" \/>\n\t<meta property=\"og:image:height\" content=\"512\" \/>\n\t<meta property=\"og:image:type\" content=\"image\/png\" \/>\n<meta name=\"twitter:card\" content=\"summary_large_image\" \/>\n<meta name=\"twitter:site\" content=\"@talkpalai\" \/>\n<meta name=\"twitter:label1\" content=\"Est. reading time\" \/>\n\t<meta name=\"twitter:data1\" content=\"4 minutes\" \/>\n<script type=\"application\/ld+json\" class=\"yoast-schema-graph\">{\"@context\":\"https:\/\/schema.org\",\"@graph\":[{\"@type\":\"WebPage\",\"@id\":\"https:\/\/talkpal.ai\/is\/finnsk-malfraedi\/\",\"url\":\"https:\/\/talkpal.ai\/is\/finnsk-malfraedi\/\",\"name\":\"Finnsk m\u00e1lfr\u00e6\u00f0i - Talkpal\",\"isPartOf\":{\"@id\":\"https:\/\/talkpal.ai\/is\/#website\"},\"primaryImageOfPage\":{\"@id\":\"https:\/\/talkpal.ai\/is\/finnsk-malfraedi\/#primaryimage\"},\"image\":{\"@id\":\"https:\/\/talkpal.ai\/is\/finnsk-malfraedi\/#primaryimage\"},\"thumbnailUrl\":\"https:\/\/talkpal.ai\/wp-content\/uploads\/2023\/04\/finland.png\",\"datePublished\":\"2023-05-14T13:50:21+00:00\",\"dateModified\":\"2025-12-11T17:00:16+00:00\",\"description\":\"L\u00e6r\u00f0u nau\u00f0synlega \u00fe\u00e6tti finnskrar m\u00e1lfr\u00e6\u00f0i, \u00fear \u00e1 me\u00f0al f\u00f6ll, sagnir, setningarbyggingu og frambur\u00f0arr\u00e1\u00f0 til a\u00f0 n\u00e1 t\u00f6kum \u00e1 finnsku.\",\"breadcrumb\":{\"@id\":\"https:\/\/talkpal.ai\/is\/finnsk-malfraedi\/#breadcrumb\"},\"inLanguage\":\"is\",\"potentialAction\":[{\"@type\":\"ReadAction\",\"target\":[\"https:\/\/talkpal.ai\/is\/finnsk-malfraedi\/\"]}]},{\"@type\":\"ImageObject\",\"inLanguage\":\"is\",\"@id\":\"https:\/\/talkpal.ai\/is\/finnsk-malfraedi\/#primaryimage\",\"url\":\"https:\/\/talkpal.ai\/wp-content\/uploads\/2023\/04\/finland.png\",\"contentUrl\":\"https:\/\/talkpal.ai\/wp-content\/uploads\/2023\/04\/finland.png\",\"width\":512,\"height\":512,\"caption\":\"TalkPal finland Flag\"},{\"@type\":\"BreadcrumbList\",\"@id\":\"https:\/\/talkpal.ai\/is\/finnsk-malfraedi\/#breadcrumb\",\"itemListElement\":[{\"@type\":\"ListItem\",\"position\":1,\"name\":\"Homepage\",\"item\":\"https:\/\/talkpal.ai\/is\/\"},{\"@type\":\"ListItem\",\"position\":2,\"name\":\"Finnsk m\u00e1lfr\u00e6\u00f0i\"}]},{\"@type\":\"WebSite\",\"@id\":\"https:\/\/talkpal.ai\/is\/#website\",\"url\":\"https:\/\/talkpal.ai\/is\/\",\"name\":\"Talkpal\",\"description\":\"AI Language Learning\",\"publisher\":{\"@id\":\"https:\/\/talkpal.ai\/is\/#organization\"},\"alternateName\":\"Talkpal AI\",\"potentialAction\":[{\"@type\":\"SearchAction\",\"target\":{\"@type\":\"EntryPoint\",\"urlTemplate\":\"https:\/\/talkpal.ai\/is\/?s={search_term_string}\"},\"query-input\":{\"@type\":\"PropertyValueSpecification\",\"valueRequired\":true,\"valueName\":\"search_term_string\"}}],\"inLanguage\":\"is\"},{\"@type\":\"Organization\",\"@id\":\"https:\/\/talkpal.ai\/is\/#organization\",\"name\":\"Talkpal, Inc.\",\"alternateName\":\"Talkpal AI\",\"url\":\"https:\/\/talkpal.ai\/is\/\",\"logo\":{\"@type\":\"ImageObject\",\"inLanguage\":\"is\",\"@id\":\"https:\/\/talkpal.ai\/is\/#\/schema\/logo\/image\/\",\"url\":\"https:\/\/talkpal.ai\/wp-content\/uploads\/2024\/03\/Talkpal-Logo-Icon.png\",\"contentUrl\":\"https:\/\/talkpal.ai\/wp-content\/uploads\/2024\/03\/Talkpal-Logo-Icon.png\",\"width\":2880,\"height\":2880,\"caption\":\"Talkpal, Inc.\"},\"image\":{\"@id\":\"https:\/\/talkpal.ai\/is\/#\/schema\/logo\/image\/\"},\"sameAs\":[\"https:\/\/www.facebook.com\/profile.php?id=100090733639311\",\"https:\/\/x.com\/talkpalai\",\"https:\/\/www.linkedin.com\/company\/talkpal\/\",\"https:\/\/www.youtube.com\/@TalkPal\/\",\"https:\/\/www.tiktok.com\/@talkpal\",\"https:\/\/www.instagram.com\/talkpal_ai\/\",\"https:\/\/www.crunchbase.com\/organization\/talkpal-9cde\",\"https:\/\/www.g2.com\/products\/talkpal-for-business\/\",\"https:\/\/www.trustpilot.com\/review\/talkpal.ai\",\"https:\/\/www.capterra.com\/p\/10006800\/TalkPal\/\"],\"description\":\"Talkpal is a language learning web and mobile education app, powered by the latest AI technologies, that provides engaging experiences to its customers in many different languages to help them improve their language skills. Users can chat about unlimited amount of topics with the app and use other modes to practice their language learning.\",\"email\":\"support@talkpal.ai\",\"legalName\":\"Talkpal, Inc.\",\"foundingDate\":\"2023-04-03\",\"duns\":\"118989042\",\"numberOfEmployees\":{\"@type\":\"QuantitativeValue\",\"minValue\":\"11\",\"maxValue\":\"50\"},\"publishingPrinciples\":\"https:\/\/talkpal.ai\/publishing-principles\/\",\"actionableFeedbackPolicy\":\"https:\/\/talkpal.ai\/actionable-feedback-policy\/\",\"correctionsPolicy\":\"https:\/\/talkpal.ai\/corrections-policy\/\",\"ethicsPolicy\":\"https:\/\/talkpal.ai\/ethics-policy\/\",\"diversityPolicy\":\"https:\/\/talkpal.ai\/diversity-policy\/\",\"diversityStaffingReport\":\"https:\/\/talkpal.ai\/diversity-policy\/\"}]}<\/script>\n<!-- \/ Yoast SEO Premium plugin. -->","yoast_head_json":{"title":"Finnsk m\u00e1lfr\u00e6\u00f0i - Talkpal","description":"L\u00e6r\u00f0u nau\u00f0synlega \u00fe\u00e6tti finnskrar m\u00e1lfr\u00e6\u00f0i, \u00fear \u00e1 me\u00f0al f\u00f6ll, sagnir, setningarbyggingu og frambur\u00f0arr\u00e1\u00f0 til a\u00f0 n\u00e1 t\u00f6kum \u00e1 finnsku.","robots":{"index":"index","follow":"follow","max-snippet":"max-snippet:-1","max-image-preview":"max-image-preview:large","max-video-preview":"max-video-preview:-1"},"canonical":"https:\/\/talkpal.ai\/is\/finnsk-malfraedi\/","og_locale":"is_IS","og_type":"article","og_title":"Finnsk m\u00e1lfr\u00e6\u00f0i","og_description":"Finnsk m\u00e1lfr\u00e6\u00f0i: Lei\u00f0arv\u00edsir til a\u00f0 n\u00e1 t\u00f6kum \u00e1 margbreytileika finnskrar tungu Finnska, einstakt og heillandi tungum\u00e1l sem tala\u00f0 er af um \u00fea\u00f0 bil 5","og_url":"https:\/\/talkpal.ai\/is\/finnsk-malfraedi\/","og_site_name":"Talkpal","article_publisher":"https:\/\/www.facebook.com\/profile.php?id=100090733639311","article_modified_time":"2025-12-11T17:00:16+00:00","og_image":[{"width":512,"height":512,"url":"https:\/\/talkpal.ai\/wp-content\/uploads\/2023\/04\/finland.png","type":"image\/png"}],"twitter_card":"summary_large_image","twitter_site":"@talkpalai","twitter_misc":{"Est. reading time":"4 minutes"},"schema":{"@context":"https:\/\/schema.org","@graph":[{"@type":"WebPage","@id":"https:\/\/talkpal.ai\/is\/finnsk-malfraedi\/","url":"https:\/\/talkpal.ai\/is\/finnsk-malfraedi\/","name":"Finnsk m\u00e1lfr\u00e6\u00f0i - Talkpal","isPartOf":{"@id":"https:\/\/talkpal.ai\/is\/#website"},"primaryImageOfPage":{"@id":"https:\/\/talkpal.ai\/is\/finnsk-malfraedi\/#primaryimage"},"image":{"@id":"https:\/\/talkpal.ai\/is\/finnsk-malfraedi\/#primaryimage"},"thumbnailUrl":"https:\/\/talkpal.ai\/wp-content\/uploads\/2023\/04\/finland.png","datePublished":"2023-05-14T13:50:21+00:00","dateModified":"2025-12-11T17:00:16+00:00","description":"L\u00e6r\u00f0u nau\u00f0synlega \u00fe\u00e6tti finnskrar m\u00e1lfr\u00e6\u00f0i, \u00fear \u00e1 me\u00f0al f\u00f6ll, sagnir, setningarbyggingu og frambur\u00f0arr\u00e1\u00f0 til a\u00f0 n\u00e1 t\u00f6kum \u00e1 finnsku.","breadcrumb":{"@id":"https:\/\/talkpal.ai\/is\/finnsk-malfraedi\/#breadcrumb"},"inLanguage":"is","potentialAction":[{"@type":"ReadAction","target":["https:\/\/talkpal.ai\/is\/finnsk-malfraedi\/"]}]},{"@type":"ImageObject","inLanguage":"is","@id":"https:\/\/talkpal.ai\/is\/finnsk-malfraedi\/#primaryimage","url":"https:\/\/talkpal.ai\/wp-content\/uploads\/2023\/04\/finland.png","contentUrl":"https:\/\/talkpal.ai\/wp-content\/uploads\/2023\/04\/finland.png","width":512,"height":512,"caption":"TalkPal finland Flag"},{"@type":"BreadcrumbList","@id":"https:\/\/talkpal.ai\/is\/finnsk-malfraedi\/#breadcrumb","itemListElement":[{"@type":"ListItem","position":1,"name":"Homepage","item":"https:\/\/talkpal.ai\/is\/"},{"@type":"ListItem","position":2,"name":"Finnsk m\u00e1lfr\u00e6\u00f0i"}]},{"@type":"WebSite","@id":"https:\/\/talkpal.ai\/is\/#website","url":"https:\/\/talkpal.ai\/is\/","name":"Talkpal","description":"AI Language Learning","publisher":{"@id":"https:\/\/talkpal.ai\/is\/#organization"},"alternateName":"Talkpal AI","potentialAction":[{"@type":"SearchAction","target":{"@type":"EntryPoint","urlTemplate":"https:\/\/talkpal.ai\/is\/?s={search_term_string}"},"query-input":{"@type":"PropertyValueSpecification","valueRequired":true,"valueName":"search_term_string"}}],"inLanguage":"is"},{"@type":"Organization","@id":"https:\/\/talkpal.ai\/is\/#organization","name":"Talkpal, Inc.","alternateName":"Talkpal AI","url":"https:\/\/talkpal.ai\/is\/","logo":{"@type":"ImageObject","inLanguage":"is","@id":"https:\/\/talkpal.ai\/is\/#\/schema\/logo\/image\/","url":"https:\/\/talkpal.ai\/wp-content\/uploads\/2024\/03\/Talkpal-Logo-Icon.png","contentUrl":"https:\/\/talkpal.ai\/wp-content\/uploads\/2024\/03\/Talkpal-Logo-Icon.png","width":2880,"height":2880,"caption":"Talkpal, Inc."},"image":{"@id":"https:\/\/talkpal.ai\/is\/#\/schema\/logo\/image\/"},"sameAs":["https:\/\/www.facebook.com\/profile.php?id=100090733639311","https:\/\/x.com\/talkpalai","https:\/\/www.linkedin.com\/company\/talkpal\/","https:\/\/www.youtube.com\/@TalkPal\/","https:\/\/www.tiktok.com\/@talkpal","https:\/\/www.instagram.com\/talkpal_ai\/","https:\/\/www.crunchbase.com\/organization\/talkpal-9cde","https:\/\/www.g2.com\/products\/talkpal-for-business\/","https:\/\/www.trustpilot.com\/review\/talkpal.ai","https:\/\/www.capterra.com\/p\/10006800\/TalkPal\/"],"description":"Talkpal is a language learning web and mobile education app, powered by the latest AI technologies, that provides engaging experiences to its customers in many different languages to help them improve their language skills. Users can chat about unlimited amount of topics with the app and use other modes to practice their language learning.","email":"support@talkpal.ai","legalName":"Talkpal, Inc.","foundingDate":"2023-04-03","duns":"118989042","numberOfEmployees":{"@type":"QuantitativeValue","minValue":"11","maxValue":"50"},"publishingPrinciples":"https:\/\/talkpal.ai\/publishing-principles\/","actionableFeedbackPolicy":"https:\/\/talkpal.ai\/actionable-feedback-policy\/","correctionsPolicy":"https:\/\/talkpal.ai\/corrections-policy\/","ethicsPolicy":"https:\/\/talkpal.ai\/ethics-policy\/","diversityPolicy":"https:\/\/talkpal.ai\/diversity-policy\/","diversityStaffingReport":"https:\/\/talkpal.ai\/diversity-policy\/"}]}},"_links":{"self":[{"href":"https:\/\/talkpal.ai\/is\/wp-json\/wp\/v2\/pages\/129095","targetHints":{"allow":["GET"]}}],"collection":[{"href":"https:\/\/talkpal.ai\/is\/wp-json\/wp\/v2\/pages"}],"about":[{"href":"https:\/\/talkpal.ai\/is\/wp-json\/wp\/v2\/types\/page"}],"author":[{"embeddable":true,"href":"https:\/\/talkpal.ai\/is\/wp-json\/wp\/v2\/users\/1"}],"replies":[{"embeddable":true,"href":"https:\/\/talkpal.ai\/is\/wp-json\/wp\/v2\/comments?post=129095"}],"version-history":[{"count":0,"href":"https:\/\/talkpal.ai\/is\/wp-json\/wp\/v2\/pages\/129095\/revisions"}],"wp:featuredmedia":[{"embeddable":true,"href":"https:\/\/talkpal.ai\/is\/wp-json\/wp\/v2\/media\/106681"}],"wp:attachment":[{"href":"https:\/\/talkpal.ai\/is\/wp-json\/wp\/v2\/media?parent=129095"}],"curies":[{"name":"wp","href":"https:\/\/api.w.org\/{rel}","templated":true}]}}