{"id":128759,"date":"2023-05-14T13:49:38","date_gmt":"2023-05-14T13:49:38","guid":{"rendered":"http:\/\/talkpal.ai\/hollensk-malfraedi\/"},"modified":"2025-12-11T17:04:16","modified_gmt":"2025-12-11T17:04:16","slug":"hollensk-malfraedi","status":"publish","type":"page","link":"https:\/\/talkpal.ai\/is\/hollensk-malfraedi\/","title":{"rendered":"Hollensk m\u00e1lfr\u00e6\u00f0i"},"content":{"rendered":"\r\n\r\n\r\n<section class=\"languageChallengeSection\">\r\n    <div class=\"languageInfoWrapper\">\r\n        \r\n        <h1>Hollensk m\u00e1lfr\u00e6\u00f0i<\/h1>\r\n        <p>Kanna\u00f0u grunnatri\u00f0i hollensku tungum\u00e1lsins me\u00f0 \u00fev\u00ed a\u00f0 l\u00e6ra nau\u00f0synlegar m\u00e1lfr\u00e6\u00f0ireglur \u00feess. A\u00f0 n\u00e1 g\u00f3\u00f0um t\u00f6kum \u00e1 hollenskri <a href=\"https:\/\/talkpal.ai\/grammar\/\">m\u00e1lfr\u00e6\u00f0i<\/a> mun hj\u00e1lpa \u00fe\u00e9r a\u00f0 eiga skilvirk samskipti og \u00f6\u00f0last d\u00fdpri inns\u00fdn \u00ed <a href=\"https:\/\/talkpal.ai\/learn-dutch\/\">hollenska<\/a> menningu. Byrja\u00f0u a\u00f0 l\u00e6ra hollensku m\u00e1lfr\u00e6\u00f0i \u00ed dag og taktu fyrsta skrefi\u00f0 \u00ed \u00e1tt a\u00f0 f\u00e6rni \u00ed hollensku!\n<\/p>\r\n\r\n                            <a class=\"getStartedHidden\" href=\"https:\/\/app.talkpal.ai\/signup?lng=\">Byrja\u00f0u<\/a>\r\n        \r\n    <\/div>\r\n\r\n    <figure>\r\n    <img decoding=\"async\" width=\"768\" height=\"768\" src=\"https:\/\/talkpal.ai\/wp-content\/uploads\/2023\/06\/Dutch-768x768.png\" class=\"languageImage no-lazy\" alt=\"Developing skills through language learning\" fetchpriority=\"high\" sizes=\"(max-width: 768px) 150px, 768px\" srcset=\"https:\/\/talkpal.ai\/wp-content\/uploads\/2023\/06\/Dutch-768x768.png 768w, https:\/\/talkpal.ai\/wp-content\/uploads\/2023\/06\/Dutch-300x300.png 300w\" \/>\r\n    \r\n\r\n    <\/figure>\r\n\r\n            <a class=\"getStartedVisible\" href=\"https:\/\/app.talkpal.ai\/signup?lng=\">Byrja\u00f0u<\/a>\r\n    \r\n<\/section>\r\n<section class=\"promotionalBanner\">\r\n    <p class=\"promotionalText\">Skilvirkasta lei\u00f0in til a\u00f0 l\u00e6ra tungum\u00e1l<\/p>\r\n    <a class=\"promotionalLink\" href=\"https:\/\/app.talkpal.ai\/signup?lng=\">Pr\u00f3fa\u00f0u Talkpal \u00f3keypis<\/a>\r\n<\/section>\n<div class=\"wp-block-group pageContainerStyle\"><div class=\"wp-block-group__inner-container is-layout-constrained wp-block-group-is-layout-constrained\">\n<h2 class=\"wp-block-heading\" id=\"h-dutch-grammar-master-the-mechanics-of-the-dutch-language\">Hollensk m\u00e1lfr\u00e6\u00f0i: L\u00e6r\u00f0u aflfr\u00e6\u00f0i hollenskrar tungu<\/h2>\n\n\n\n<p>Ef \u00fe\u00fa hefur teki\u00f0 st\u00f6kki\u00f0 til a\u00f0 l\u00e6ra hollensku, ert \u00fe\u00fa \u00ed spennandi fer\u00f0! Me\u00f0 yfir 23 millj\u00f3nir h\u00e1talara um allan heim er hollenska fr\u00e1b\u00e6rt tungum\u00e1l til a\u00f0 styrkja tungum\u00e1lah\u00e6fileika \u00fe\u00edna og v\u00edkka sj\u00f3ndeildarhringinn. N\u00fa g\u00e6tir\u00f0u hafa heyrt hv\u00edsla\u00f0 um margbreytileika hollenskrar m\u00e1lfr\u00e6\u00f0i, en \u00f3ttastu ekki! \u00deessi grein \u00fej\u00f3nar sem vinalegur byrjendahandb\u00f3k sem mun brj\u00f3ta ni\u00f0ur hollenska m\u00e1lfr\u00e6\u00f0i \u00e1 skemmtilegan en yfirgripsmikinn h\u00e1tt.<\/p>\n\n\n\n<h3 class=\"wp-block-heading\" id=\"h-1-the-pillar-of-dutch-grammar-word-order\">1. Sto\u00f0 hollenskrar m\u00e1lfr\u00e6\u00f0i: or\u00f0ar\u00f6\u00f0<\/h3>\n\n\n\n<p><a href=\"https:\/\/talkpal.ai\/dutch-grammar\/\">Hollensk m\u00e1lfr\u00e6\u00f0i<\/a> byggir miki\u00f0 \u00e1 or\u00f0ar\u00f6\u00f0. Almennt fylgir \u00fea\u00f0 \u201esubject-verb-object\u201c uppbyggingu svipa\u00f0 og ensku. Hollenska hefur \u00fe\u00f3 einstaka eiginleika: s\u00f6gnin \u00f6nnur (V2) or\u00f0ar\u00f6\u00f0. \u00cd setningu me\u00f0 fleiri en einni s\u00f6gn er seinni s\u00f6gninni \u00fdtt til enda. Til d\u00e6mis:<\/p>\n\n\n\n<p>\u00c9g \u00fearf a\u00f0 vinna \u00ed dag.<\/p>\n\n\n\n<p>Hollenska: \u00c9g vil vandaag werken. (b\u00f3kstaflega: \u201e\u00c9g ver\u00f0 a\u00f0 vinna \u00ed dag.\u201c)<\/p>\n\n\n\n<p>A\u00f0 n\u00e1 t\u00f6kum \u00e1 V2 or\u00f0ar\u00f6\u00f0inni er nau\u00f0synlegt \u00feegar \u00fe\u00fa l\u00e6rir hollenska m\u00e1lfr\u00e6\u00f0i.<\/p>\n\n\n\n<h3 class=\"wp-block-heading\" id=\"h-2-get-to-know-your-articles\">2. Kynntu \u00fe\u00e9r greinar \u00fe\u00ednar<\/h3>\n\n\n\n<p>Hollenska hefur tvo \u00e1kve\u00f0na hluti (&#8222;de&#8220; og &#8222;het&#8220;) og \u00f3\u00e1kve\u00f0inn greini (&#8222;een&#8220;). A\u00f0 velja \u00e1 milli tveggja \u00e1kve\u00f0inna greina getur veri\u00f0 erfi\u00f0ur, \u00e1n \u00e1kve\u00f0innar reglu til a\u00f0 fylgja. Sem byrjandi er <a href=\"https:\/\/talkpal.ai\/best-way-to-learn-2\/\">besta lei\u00f0in til a\u00f0 l\u00e6ra<\/a> \u00feau \u00ed gegnum \u00e6fingu og samhengi. Til d\u00e6mis:<\/p>\n\n\n\n<p>Ma\u00f0urinn &#8211; Ma\u00f0urinn<\/p>\n\n\n\n<p>Het st\u00falkan &#8211; St\u00falkan<\/p>\n\n\n\n<p>Een hond &#8211; Hundur<\/p>\n\n\n\n<h3 class=\"wp-block-heading\" id=\"h-3-the-dance-of-dutch-conjugations\">3. Dans hollenskra samtenginga<\/h3>\n\n\n\n<p>Eins og <a href=\"https:\/\/talkpal.ai\/learn-english-with-ai\/\">enska<\/a> breyta hollenskar sagnir um form til a\u00f0 tj\u00e1 spennu og skap. \u00cd hollensku eru \u00fer\u00edr a\u00f0alh\u00f3par sagnbeyginga: veikar sagnir, sterkar sagnir og \u00f3reglulegar sagnir.<\/p>\n\n\n\n<p>Veikar sagnir fylgja \u00e1kve\u00f0num reglum um beygingu, sem gerir \u00fe\u00e6r frekar au\u00f0veldar \u00ed n\u00e1mi.  <\/p>\n\n\n\n<p>D\u00e6mi (n\u00faverandi spenna): Ik werk, jij werkt, hij\/zij\/u werkt, wij\/jullie\/zij werken<\/p>\n\n\n\n<p>Sterkar sagnir fela \u00ed s\u00e9r s\u00e9rhlj\u00f3\u00f0abreytingar, sem oft lei\u00f0a til \u00feess a\u00f0 <a href=\"https:\/\/talkpal.ai\/talkpal-discount-for-students\/\">nemendur<\/a> leggja \u00fe\u00e6r \u00e1 minni\u00f0 hver fyrir sig.<\/p>\n\n\n\n<p>D\u00e6mi (n\u00faverandi spenna): Ik zing, jij zingt, hij\/zij\/u zingt, wij\/jullie\/zij zingen<\/p>\n\n\n\n<p>\u00d3reglulegar sagnir, eins og nafni\u00f0 gefur til kynna, fylgja ekki neinu settu mynstri fyrir samtengingu og ver\u00f0ur a\u00f0 l\u00e6ra \u00feau sj\u00e1lfst\u00e6tt.<\/p>\n\n\n\n<p>D\u00e6mi (n\u00faverandi spenna): Ik ben, jij bent, hij\/zij\/u is, wij\/jullie\/zij zijn<\/p>\n\n\n\n<h3 class=\"wp-block-heading\" id=\"h-4-a-flair-for-pronouns\">4. H\u00e6fileiki fyrir forn\u00f6fn<\/h3>\n\n\n\n<p>Forn\u00f6fn \u00ed hollenskri m\u00e1lfr\u00e6\u00f0i koma \u00ed sta\u00f0 nafnor\u00f0a og eru nau\u00f0synleg til a\u00f0 <a href=\"https:\/\/talkpal.ai\/locations\/language-courses-in-gera\/\">gera<\/a> r\u00e6\u00f0u \u00fe\u00edna kraftmeiri og flj\u00f3tandi. \u00dea\u00f0 eru pers\u00f3nuforn\u00f6fn, eignarforn\u00f6fn, s\u00fdniforn\u00f6fn og ni\u00f0randi forn\u00f6fn. Sem byrjandi skiptir sk\u00f6pum a\u00f0 skilja pers\u00f3nuleg og eignarleg forn\u00f6fn.<\/p>\n\n\n\n<p>Pers\u00f3nuforn\u00f6fn: ik (I), jij\/je (u), hij\/zij\/ze (hann\/h\u00fan), wij\/vi\u00f0 (vi\u00f0), jullie (\u00fei\u00f0 \u00f6ll), zij\/ze (\u00feeir)<\/p>\n\n\n\n<p>Eignarforn\u00f6fn: mijn (my), jouw\/je (ur), zijn\/haar (hans\/h\u00fan), ons\/onze (okkar), jullie (ur), h\u00fan\/h\u00e6na (\u00feeirra)<\/p>\n\n\n\n<h3 class=\"wp-block-heading\" id=\"h-5-cases-no-more-mostly\">5. M\u00e1l ekki fleiri (a\u00f0allega)<\/h3>\n\n\n\n<p>\u00d3l\u00edkt \u00fe\u00fdsku notar hollenska ekki lengur m\u00e1lakerfi \u00ed daglegu l\u00edfi og veitir nokkra lausn fr\u00e1 tungum\u00e1lalegum vegat\u00e1lmum. Einu undantekningarnar eru \u00feegar um er a\u00f0 r\u00e6\u00f0a hollenskar afbrig\u00f0i af \u201ehver\u201c og \u201ehvern\u201c (wie og wie, tali\u00f0 \u00ed s\u00f6mu r\u00f6\u00f0) og nokkrar fastar or\u00f0asamb\u00f6nd (eins og te allen tijde, sem \u00fe\u00fd\u00f0ir \u201e\u00e1vallt\u201c).  <\/p>\n\n\n\n<p>Til hamingju! \u00de\u00fa hefur teki\u00f0 fyrstu skrefin til a\u00f0 n\u00e1 t\u00f6kum \u00e1 hollenskri m\u00e1lfr\u00e6\u00f0i. Mundu a\u00f0 \u00e6fing er lykilatri\u00f0i, svo ekki hika vi\u00f0 a\u00f0 kafa d\u00fdpra, eiga samskipti vi\u00f0 m\u00f3\u00f0urm\u00e1l og byggja upp sterkan grunn. Veel tekst! (Gangi \u00fe\u00e9r vel!)<\/p>\n<\/div><\/div>\n\r\n<section class=\"learnNavigationSection\">\r\n            \r\n        <a href=\"https:\/\/talkpal.ai\/is\/laerdu-hollensku\/\">\r\n            <div class=\"learnNavigationWrapper\">\r\n                <div class=\"learnNavigationContent\">\r\n                    <img decoding=\"async\" src=\"https:\/\/talkpal.ai\/wp-content\/uploads\/2024\/08\/Dutch.jpg\" alt=\"Netherlands Flag\">\r\n                    <div>\r\n                        <h4>Um hollenskun\u00e1m<\/h4>\r\n                        <p>Finndu \u00fat allt um hollenska m\u00e1lfr\u00e6\u00f0i.<\/p>\r\n                    <\/div>\r\n                <\/div>\r\n            <\/div>\r\n        <\/a>\r\n\r\n        \r\n        <a href=\"https:\/\/talkpal.ai\/is\/hollenska-malfraedi-aefingar\/\">\r\n            <div class=\"learnNavigationWrapper\">\r\n                <div class=\"learnNavigationContent\">\r\n                    <img decoding=\"async\" src=\"https:\/\/talkpal.ai\/wp-content\/uploads\/2024\/08\/Dutch.jpg\" alt=\"Netherlands Flag\">\r\n                    <div>\r\n                        <h4>Hollensk m\u00e1lfr\u00e6\u00f0i\u00e6fing<\/h4>\r\n                        <p>\u00c6f\u00f0u hollenska m\u00e1lfr\u00e6\u00f0i.<\/p>\r\n                    <\/div>\r\n                <\/div>\r\n            <\/div>\r\n        <\/a>\r\n\r\n        \r\n        <a href=\"https:\/\/talkpal.ai\/vocabulary_language\/dutch\/\">\r\n            <div class=\"learnNavigationWrapper\">\r\n                <div class=\"learnNavigationContent\">\r\n                    <img decoding=\"async\" src=\"https:\/\/talkpal.ai\/wp-content\/uploads\/2024\/08\/Dutch.jpg\" alt=\"Netherlands Flag\">\r\n                    <div>\r\n                        <h4>Hollenskur or\u00f0afor\u00f0i<\/h4>\r\n                        <p>St\u00e6kka\u00f0u hollenska or\u00f0afor\u00f0a \u00feinn.<\/p>\r\n                    <\/div>\r\n                <\/div>\r\n            <\/div>\r\n        <\/a>\r\n\r\n            <\/section>","protected":false},"excerpt":{"rendered":"<p>Hollensk m\u00e1lfr\u00e6\u00f0i: L\u00e6r\u00f0u aflfr\u00e6\u00f0i hollenskrar tungu Ef \u00fe\u00fa hefur teki\u00f0 st\u00f6kki\u00f0 til a\u00f0 l\u00e6ra hollensku, ert \u00fe\u00fa \u00ed spennandi fer\u00f0! Me\u00f0 yfir 23 millj\u00f3nir h\u00e1talara um allan heim er hollenska fr\u00e1b\u00e6rt tungum\u00e1l til a\u00f0 styrkja tungum\u00e1lah\u00e6fileika \u00fe\u00edna og v\u00edkka sj\u00f3ndeildarhringinn. N\u00fa g\u00e6tir\u00f0u hafa heyrt hv\u00edsla\u00f0 um margbreytileika hollenskrar m\u00e1lfr\u00e6\u00f0i, en \u00f3ttastu ekki! \u00deessi grein \u00fej\u00f3nar [&hellip;]<\/p>\n","protected":false},"author":1,"featured_media":106395,"parent":0,"menu_order":0,"comment_status":"closed","ping_status":"closed","template":"LearningContentPage.php","meta":{"_acf_changed":false,"footnotes":""},"class_list":["post-128759","page","type-page","status-publish","has-post-thumbnail","hentry"],"acf":[],"yoast_head":"<!-- This site is optimized with the Yoast SEO Premium plugin v27.2 (Yoast SEO v27.2) - https:\/\/yoast.com\/product\/yoast-seo-premium-wordpress\/ -->\n<title>Hollensk m\u00e1lfr\u00e6\u00f0i - Talkpal<\/title>\n<meta name=\"description\" content=\"L\u00e6r\u00f0u hollensku m\u00e1lfr\u00e6\u00f0i me\u00f0 Talkpal , tungum\u00e1lakennaranum \u00fe\u00ednum sem byggir \u00e1 gervigreind. F\u00e1\u00f0u a\u00f0gang a\u00f0 sk\u00fdrum \u00fatsk\u00fdringum, hagn\u00fdtum d\u00e6mum og gagnvirkum \u00e6fingum!\" \/>\n<meta name=\"robots\" content=\"index, follow, max-snippet:-1, max-image-preview:large, max-video-preview:-1\" \/>\n<link rel=\"canonical\" href=\"https:\/\/talkpal.ai\/is\/hollensk-malfraedi\/\" \/>\n<meta property=\"og:locale\" content=\"is_IS\" \/>\n<meta property=\"og:type\" content=\"article\" \/>\n<meta property=\"og:title\" content=\"Hollensk m\u00e1lfr\u00e6\u00f0i\" \/>\n<meta property=\"og:description\" content=\"Hollensk m\u00e1lfr\u00e6\u00f0i: L\u00e6r\u00f0u aflfr\u00e6\u00f0i hollenskrar tungu Ef \u00fe\u00fa hefur teki\u00f0 st\u00f6kki\u00f0 til a\u00f0 l\u00e6ra hollensku, ert \u00fe\u00fa \u00ed spennandi fer\u00f0! Me\u00f0 yfir 23 millj\u00f3nir\" \/>\n<meta property=\"og:url\" content=\"https:\/\/talkpal.ai\/is\/hollensk-malfraedi\/\" \/>\n<meta property=\"og:site_name\" content=\"Talkpal\" \/>\n<meta property=\"article:publisher\" content=\"https:\/\/www.facebook.com\/profile.php?id=100090733639311\" \/>\n<meta property=\"article:modified_time\" content=\"2025-12-11T17:04:16+00:00\" \/>\n<meta property=\"og:image\" content=\"https:\/\/talkpal.ai\/wp-content\/uploads\/2023\/04\/netherlands-dutch.png\" \/>\n\t<meta property=\"og:image:width\" content=\"512\" \/>\n\t<meta property=\"og:image:height\" content=\"512\" \/>\n\t<meta property=\"og:image:type\" content=\"image\/png\" \/>\n<meta name=\"twitter:card\" content=\"summary_large_image\" \/>\n<meta name=\"twitter:site\" content=\"@talkpalai\" \/>\n<meta name=\"twitter:label1\" content=\"Est. reading time\" \/>\n\t<meta name=\"twitter:data1\" content=\"3 minutes\" \/>\n<script type=\"application\/ld+json\" class=\"yoast-schema-graph\">{\"@context\":\"https:\/\/schema.org\",\"@graph\":[{\"@type\":\"WebPage\",\"@id\":\"https:\/\/talkpal.ai\/is\/hollensk-malfraedi\/\",\"url\":\"https:\/\/talkpal.ai\/is\/hollensk-malfraedi\/\",\"name\":\"Hollensk m\u00e1lfr\u00e6\u00f0i - Talkpal\",\"isPartOf\":{\"@id\":\"https:\/\/talkpal.ai\/is\/#website\"},\"primaryImageOfPage\":{\"@id\":\"https:\/\/talkpal.ai\/is\/hollensk-malfraedi\/#primaryimage\"},\"image\":{\"@id\":\"https:\/\/talkpal.ai\/is\/hollensk-malfraedi\/#primaryimage\"},\"thumbnailUrl\":\"https:\/\/talkpal.ai\/wp-content\/uploads\/2023\/04\/netherlands-dutch.png\",\"datePublished\":\"2023-05-14T13:49:38+00:00\",\"dateModified\":\"2025-12-11T17:04:16+00:00\",\"description\":\"L\u00e6r\u00f0u hollensku m\u00e1lfr\u00e6\u00f0i me\u00f0 Talkpal , tungum\u00e1lakennaranum \u00fe\u00ednum sem byggir \u00e1 gervigreind. F\u00e1\u00f0u a\u00f0gang a\u00f0 sk\u00fdrum \u00fatsk\u00fdringum, hagn\u00fdtum d\u00e6mum og gagnvirkum \u00e6fingum!\",\"breadcrumb\":{\"@id\":\"https:\/\/talkpal.ai\/is\/hollensk-malfraedi\/#breadcrumb\"},\"inLanguage\":\"is\",\"potentialAction\":[{\"@type\":\"ReadAction\",\"target\":[\"https:\/\/talkpal.ai\/is\/hollensk-malfraedi\/\"]}]},{\"@type\":\"ImageObject\",\"inLanguage\":\"is\",\"@id\":\"https:\/\/talkpal.ai\/is\/hollensk-malfraedi\/#primaryimage\",\"url\":\"https:\/\/talkpal.ai\/wp-content\/uploads\/2023\/04\/netherlands-dutch.png\",\"contentUrl\":\"https:\/\/talkpal.ai\/wp-content\/uploads\/2023\/04\/netherlands-dutch.png\",\"width\":512,\"height\":512},{\"@type\":\"BreadcrumbList\",\"@id\":\"https:\/\/talkpal.ai\/is\/hollensk-malfraedi\/#breadcrumb\",\"itemListElement\":[{\"@type\":\"ListItem\",\"position\":1,\"name\":\"Homepage\",\"item\":\"https:\/\/talkpal.ai\/is\/\"},{\"@type\":\"ListItem\",\"position\":2,\"name\":\"Hollensk m\u00e1lfr\u00e6\u00f0i\"}]},{\"@type\":\"WebSite\",\"@id\":\"https:\/\/talkpal.ai\/is\/#website\",\"url\":\"https:\/\/talkpal.ai\/is\/\",\"name\":\"Talkpal\",\"description\":\"AI Language Learning\",\"publisher\":{\"@id\":\"https:\/\/talkpal.ai\/is\/#organization\"},\"alternateName\":\"Talkpal AI\",\"potentialAction\":[{\"@type\":\"SearchAction\",\"target\":{\"@type\":\"EntryPoint\",\"urlTemplate\":\"https:\/\/talkpal.ai\/is\/?s={search_term_string}\"},\"query-input\":{\"@type\":\"PropertyValueSpecification\",\"valueRequired\":true,\"valueName\":\"search_term_string\"}}],\"inLanguage\":\"is\"},{\"@type\":\"Organization\",\"@id\":\"https:\/\/talkpal.ai\/is\/#organization\",\"name\":\"Talkpal, Inc.\",\"alternateName\":\"Talkpal AI\",\"url\":\"https:\/\/talkpal.ai\/is\/\",\"logo\":{\"@type\":\"ImageObject\",\"inLanguage\":\"is\",\"@id\":\"https:\/\/talkpal.ai\/is\/#\/schema\/logo\/image\/\",\"url\":\"https:\/\/talkpal.ai\/wp-content\/uploads\/2024\/03\/Talkpal-Logo-Icon.png\",\"contentUrl\":\"https:\/\/talkpal.ai\/wp-content\/uploads\/2024\/03\/Talkpal-Logo-Icon.png\",\"width\":2880,\"height\":2880,\"caption\":\"Talkpal, Inc.\"},\"image\":{\"@id\":\"https:\/\/talkpal.ai\/is\/#\/schema\/logo\/image\/\"},\"sameAs\":[\"https:\/\/www.facebook.com\/profile.php?id=100090733639311\",\"https:\/\/x.com\/talkpalai\",\"https:\/\/www.linkedin.com\/company\/talkpal\/\",\"https:\/\/www.youtube.com\/@TalkPal\/\",\"https:\/\/www.tiktok.com\/@talkpal\",\"https:\/\/www.instagram.com\/talkpal_ai\/\",\"https:\/\/www.crunchbase.com\/organization\/talkpal-9cde\",\"https:\/\/www.g2.com\/products\/talkpal-for-business\/\",\"https:\/\/www.trustpilot.com\/review\/talkpal.ai\",\"https:\/\/www.capterra.com\/p\/10006800\/TalkPal\/\"],\"description\":\"Talkpal is a language learning web and mobile education app, powered by the latest AI technologies, that provides engaging experiences to its customers in many different languages to help them improve their language skills. Users can chat about unlimited amount of topics with the app and use other modes to practice their language learning.\",\"email\":\"support@talkpal.ai\",\"legalName\":\"Talkpal, Inc.\",\"foundingDate\":\"2023-04-03\",\"duns\":\"118989042\",\"numberOfEmployees\":{\"@type\":\"QuantitativeValue\",\"minValue\":\"11\",\"maxValue\":\"50\"},\"publishingPrinciples\":\"https:\/\/talkpal.ai\/publishing-principles\/\",\"actionableFeedbackPolicy\":\"https:\/\/talkpal.ai\/actionable-feedback-policy\/\",\"correctionsPolicy\":\"https:\/\/talkpal.ai\/corrections-policy\/\",\"ethicsPolicy\":\"https:\/\/talkpal.ai\/ethics-policy\/\",\"diversityPolicy\":\"https:\/\/talkpal.ai\/diversity-policy\/\",\"diversityStaffingReport\":\"https:\/\/talkpal.ai\/diversity-policy\/\"}]}<\/script>\n<!-- \/ Yoast SEO Premium plugin. -->","yoast_head_json":{"title":"Hollensk m\u00e1lfr\u00e6\u00f0i - Talkpal","description":"L\u00e6r\u00f0u hollensku m\u00e1lfr\u00e6\u00f0i me\u00f0 Talkpal , tungum\u00e1lakennaranum \u00fe\u00ednum sem byggir \u00e1 gervigreind. F\u00e1\u00f0u a\u00f0gang a\u00f0 sk\u00fdrum \u00fatsk\u00fdringum, hagn\u00fdtum d\u00e6mum og gagnvirkum \u00e6fingum!","robots":{"index":"index","follow":"follow","max-snippet":"max-snippet:-1","max-image-preview":"max-image-preview:large","max-video-preview":"max-video-preview:-1"},"canonical":"https:\/\/talkpal.ai\/is\/hollensk-malfraedi\/","og_locale":"is_IS","og_type":"article","og_title":"Hollensk m\u00e1lfr\u00e6\u00f0i","og_description":"Hollensk m\u00e1lfr\u00e6\u00f0i: L\u00e6r\u00f0u aflfr\u00e6\u00f0i hollenskrar tungu Ef \u00fe\u00fa hefur teki\u00f0 st\u00f6kki\u00f0 til a\u00f0 l\u00e6ra hollensku, ert \u00fe\u00fa \u00ed spennandi fer\u00f0! Me\u00f0 yfir 23 millj\u00f3nir","og_url":"https:\/\/talkpal.ai\/is\/hollensk-malfraedi\/","og_site_name":"Talkpal","article_publisher":"https:\/\/www.facebook.com\/profile.php?id=100090733639311","article_modified_time":"2025-12-11T17:04:16+00:00","og_image":[{"width":512,"height":512,"url":"https:\/\/talkpal.ai\/wp-content\/uploads\/2023\/04\/netherlands-dutch.png","type":"image\/png"}],"twitter_card":"summary_large_image","twitter_site":"@talkpalai","twitter_misc":{"Est. reading time":"3 minutes"},"schema":{"@context":"https:\/\/schema.org","@graph":[{"@type":"WebPage","@id":"https:\/\/talkpal.ai\/is\/hollensk-malfraedi\/","url":"https:\/\/talkpal.ai\/is\/hollensk-malfraedi\/","name":"Hollensk m\u00e1lfr\u00e6\u00f0i - Talkpal","isPartOf":{"@id":"https:\/\/talkpal.ai\/is\/#website"},"primaryImageOfPage":{"@id":"https:\/\/talkpal.ai\/is\/hollensk-malfraedi\/#primaryimage"},"image":{"@id":"https:\/\/talkpal.ai\/is\/hollensk-malfraedi\/#primaryimage"},"thumbnailUrl":"https:\/\/talkpal.ai\/wp-content\/uploads\/2023\/04\/netherlands-dutch.png","datePublished":"2023-05-14T13:49:38+00:00","dateModified":"2025-12-11T17:04:16+00:00","description":"L\u00e6r\u00f0u hollensku m\u00e1lfr\u00e6\u00f0i me\u00f0 Talkpal , tungum\u00e1lakennaranum \u00fe\u00ednum sem byggir \u00e1 gervigreind. F\u00e1\u00f0u a\u00f0gang a\u00f0 sk\u00fdrum \u00fatsk\u00fdringum, hagn\u00fdtum d\u00e6mum og gagnvirkum \u00e6fingum!","breadcrumb":{"@id":"https:\/\/talkpal.ai\/is\/hollensk-malfraedi\/#breadcrumb"},"inLanguage":"is","potentialAction":[{"@type":"ReadAction","target":["https:\/\/talkpal.ai\/is\/hollensk-malfraedi\/"]}]},{"@type":"ImageObject","inLanguage":"is","@id":"https:\/\/talkpal.ai\/is\/hollensk-malfraedi\/#primaryimage","url":"https:\/\/talkpal.ai\/wp-content\/uploads\/2023\/04\/netherlands-dutch.png","contentUrl":"https:\/\/talkpal.ai\/wp-content\/uploads\/2023\/04\/netherlands-dutch.png","width":512,"height":512},{"@type":"BreadcrumbList","@id":"https:\/\/talkpal.ai\/is\/hollensk-malfraedi\/#breadcrumb","itemListElement":[{"@type":"ListItem","position":1,"name":"Homepage","item":"https:\/\/talkpal.ai\/is\/"},{"@type":"ListItem","position":2,"name":"Hollensk m\u00e1lfr\u00e6\u00f0i"}]},{"@type":"WebSite","@id":"https:\/\/talkpal.ai\/is\/#website","url":"https:\/\/talkpal.ai\/is\/","name":"Talkpal","description":"AI Language Learning","publisher":{"@id":"https:\/\/talkpal.ai\/is\/#organization"},"alternateName":"Talkpal AI","potentialAction":[{"@type":"SearchAction","target":{"@type":"EntryPoint","urlTemplate":"https:\/\/talkpal.ai\/is\/?s={search_term_string}"},"query-input":{"@type":"PropertyValueSpecification","valueRequired":true,"valueName":"search_term_string"}}],"inLanguage":"is"},{"@type":"Organization","@id":"https:\/\/talkpal.ai\/is\/#organization","name":"Talkpal, Inc.","alternateName":"Talkpal AI","url":"https:\/\/talkpal.ai\/is\/","logo":{"@type":"ImageObject","inLanguage":"is","@id":"https:\/\/talkpal.ai\/is\/#\/schema\/logo\/image\/","url":"https:\/\/talkpal.ai\/wp-content\/uploads\/2024\/03\/Talkpal-Logo-Icon.png","contentUrl":"https:\/\/talkpal.ai\/wp-content\/uploads\/2024\/03\/Talkpal-Logo-Icon.png","width":2880,"height":2880,"caption":"Talkpal, Inc."},"image":{"@id":"https:\/\/talkpal.ai\/is\/#\/schema\/logo\/image\/"},"sameAs":["https:\/\/www.facebook.com\/profile.php?id=100090733639311","https:\/\/x.com\/talkpalai","https:\/\/www.linkedin.com\/company\/talkpal\/","https:\/\/www.youtube.com\/@TalkPal\/","https:\/\/www.tiktok.com\/@talkpal","https:\/\/www.instagram.com\/talkpal_ai\/","https:\/\/www.crunchbase.com\/organization\/talkpal-9cde","https:\/\/www.g2.com\/products\/talkpal-for-business\/","https:\/\/www.trustpilot.com\/review\/talkpal.ai","https:\/\/www.capterra.com\/p\/10006800\/TalkPal\/"],"description":"Talkpal is a language learning web and mobile education app, powered by the latest AI technologies, that provides engaging experiences to its customers in many different languages to help them improve their language skills. Users can chat about unlimited amount of topics with the app and use other modes to practice their language learning.","email":"support@talkpal.ai","legalName":"Talkpal, Inc.","foundingDate":"2023-04-03","duns":"118989042","numberOfEmployees":{"@type":"QuantitativeValue","minValue":"11","maxValue":"50"},"publishingPrinciples":"https:\/\/talkpal.ai\/publishing-principles\/","actionableFeedbackPolicy":"https:\/\/talkpal.ai\/actionable-feedback-policy\/","correctionsPolicy":"https:\/\/talkpal.ai\/corrections-policy\/","ethicsPolicy":"https:\/\/talkpal.ai\/ethics-policy\/","diversityPolicy":"https:\/\/talkpal.ai\/diversity-policy\/","diversityStaffingReport":"https:\/\/talkpal.ai\/diversity-policy\/"}]}},"_links":{"self":[{"href":"https:\/\/talkpal.ai\/is\/wp-json\/wp\/v2\/pages\/128759","targetHints":{"allow":["GET"]}}],"collection":[{"href":"https:\/\/talkpal.ai\/is\/wp-json\/wp\/v2\/pages"}],"about":[{"href":"https:\/\/talkpal.ai\/is\/wp-json\/wp\/v2\/types\/page"}],"author":[{"embeddable":true,"href":"https:\/\/talkpal.ai\/is\/wp-json\/wp\/v2\/users\/1"}],"replies":[{"embeddable":true,"href":"https:\/\/talkpal.ai\/is\/wp-json\/wp\/v2\/comments?post=128759"}],"version-history":[{"count":0,"href":"https:\/\/talkpal.ai\/is\/wp-json\/wp\/v2\/pages\/128759\/revisions"}],"wp:featuredmedia":[{"embeddable":true,"href":"https:\/\/talkpal.ai\/is\/wp-json\/wp\/v2\/media\/106395"}],"wp:attachment":[{"href":"https:\/\/talkpal.ai\/is\/wp-json\/wp\/v2\/media?parent=128759"}],"curies":[{"name":"wp","href":"https:\/\/api.w.org\/{rel}","templated":true}]}}