{"id":128335,"date":"2023-05-14T13:48:36","date_gmt":"2023-05-14T13:48:36","guid":{"rendered":"http:\/\/talkpal.ai\/kinversk-malfraedi\/"},"modified":"2025-06-17T16:40:04","modified_gmt":"2025-06-17T16:40:04","slug":"kinversk-malfraedi","status":"publish","type":"page","link":"https:\/\/talkpal.ai\/is\/kinversk-malfraedi\/","title":{"rendered":"K\u00ednversk m\u00e1lfr\u00e6\u00f0i"},"content":{"rendered":"\r\n\r\n\r\n<section class=\"languageChallengeSection\">\r\n    <div class=\"languageInfoWrapper\">\r\n        \r\n        <h1>K\u00ednversk m\u00e1lfr\u00e6\u00f0i<\/h1>\r\n        <p>Styrktu k\u00ednverskukunn\u00e1ttu \u00fe\u00edna me\u00f0 \u00fev\u00ed a\u00f0 l\u00e6ra helstu m\u00e1lfr\u00e6\u00f0ibyggingar og notkunarmynstur. Byrja\u00f0u a\u00f0 b\u00e6ta <a href=\"https:\/\/talkpal.ai\/learn-chinese\/\">k\u00ednverska<\/a> <a href=\"https:\/\/talkpal.ai\/grammar\/\">m\u00e1lfr\u00e6\u00f0i<\/a> \u00fe\u00edna \u00ed dag og haf\u00f0u samskipti af \u00f6ryggi!<\/p>\r\n\r\n                            <a class=\"getStartedHidden\" href=\"https:\/\/app.talkpal.ai\/signup?lng=\">Byrja\u00f0u<\/a>\r\n        \r\n    <\/div>\r\n\r\n    <figure>\r\n    <img decoding=\"async\" width=\"768\" height=\"768\" src=\"https:\/\/talkpal.ai\/wp-content\/uploads\/2023\/06\/chinese-768x768.png\" class=\"languageImage no-lazy\" alt=\"Language learning for flexible communication\" fetchpriority=\"high\" sizes=\"(max-width: 768px) 150px, 768px\" srcset=\"https:\/\/talkpal.ai\/wp-content\/uploads\/2023\/06\/chinese-768x768.png 768w, https:\/\/talkpal.ai\/wp-content\/uploads\/2023\/06\/chinese-300x300.png 300w\" \/>\r\n    \r\n\r\n    <\/figure>\r\n\r\n            <a class=\"getStartedVisible\" href=\"https:\/\/app.talkpal.ai\/signup?lng=\">Byrja\u00f0u<\/a>\r\n    \r\n<\/section>\r\n<section class=\"promotionalBanner\">\r\n    <p class=\"promotionalText\">Skilvirkasta lei\u00f0in til a\u00f0 l\u00e6ra tungum\u00e1l<\/p>\r\n    <a class=\"promotionalLink\" href=\"https:\/\/app.talkpal.ai\/signup?lng=\">Pr\u00f3fa\u00f0u Talkpal \u00f3keypis<\/a>\r\n<\/section>\n<div class=\"wp-block-group pageContainerStyle\"><div class=\"wp-block-group__inner-container is-layout-constrained wp-block-group-is-layout-constrained\">\n<h2 class=\"wp-block-heading\" id=\"h-chinese-grammar-the-key-to-mastering-mandarin\">K\u00ednversk m\u00e1lfr\u00e6\u00f0i: lykillinn a\u00f0 \u00fev\u00ed a\u00f0 n\u00e1 t\u00f6kum \u00e1 mandar\u00edn k\u00ednversku<\/h2>\n\n\n\n<p>Ert \u00fe\u00fa metna\u00f0arfullur tungum\u00e1lanemandi sem hefur einsett s\u00e9r a\u00f0 n\u00e1 t\u00f6kum \u00e1 mandar\u00edn k\u00ednversku? Ef svo er, til hamingju! A\u00f0 takast \u00e1 vi\u00f0 k\u00ednversku er fr\u00e1b\u00e6r lei\u00f0 til a\u00f0 v\u00edkka al\u00fej\u00f3\u00f0legt hugarfar \u00feitt, tengjast fj\u00f6lm\u00f6rgum h\u00e1talara og skora \u00e1 sj\u00e1lfan \u00feig vitsmunalega. Hins vegar, me\u00f0 1,2 milljar\u00f0a m\u00f3\u00f0urm\u00e1lsmanna og tungum\u00e1lakerfi sem er mj\u00f6g fr\u00e1brug\u00f0i\u00f0 vestr\u00e6num tungum\u00e1lum, getur <a href=\"https:\/\/talkpal.ai\/chinese-grammar\/\">k\u00ednversk m\u00e1lfr\u00e6\u00f0i<\/a> virst ansi \u00f3gnvekjandi. \u0136ttastu ekki! Lestu \u00e1fram fyrir byrjendav\u00e6nt hra\u00f0n\u00e1mskei\u00f0 um k\u00ednverska m\u00e1lfr\u00e6\u00f0i sem er b\u00e6\u00f0i gr\u00edpandi og fr\u00e6\u00f0andi.<\/p>\n\n\n\n<p><strong>Fyrstu hlutirnir fyrst: gleymdu \u00fev\u00ed sem \u00fe\u00fa veist um evr\u00f3psk tungum\u00e1l!<\/strong><\/p>\n\n\n\n<p>Ein helsta \u00e1st\u00e6\u00f0a \u00feess a\u00f0 tungum\u00e1lanemendur eru hr\u00e6ddir vi\u00f0 k\u00ednverska m\u00e1lfr\u00e6\u00f0i er s\u00fa a\u00f0 h\u00fan er gj\u00f6r\u00f3l\u00edk \u201evi\u00f0fangs-sagnor\u00f0-hlutur\u201c uppbyggingunni sem vi\u00f0 eigum a\u00f0 venjast \u00e1 tungum\u00e1lum eins og ensku, sp\u00e6nsku e\u00f0a fr\u00f6nsku. Svo anda\u00f0u dj\u00fapt og vi\u00f0 skulum kafa inn \u00ed gl\u00e6n\u00fdjan alheim af tungum\u00e1lareglum og hugt\u00f6kum!<\/p>\n\n\n\n<h3 class=\"wp-block-heading\" id=\"h-1-word-order-is-king\">1. Or\u00f0ar\u00f6\u00f0 er konungur<\/h3>\n\n\n\n<p>\u00de\u00f3 a\u00f0 \u00fea\u00f0 s\u00e9u engar spennur, sagnasamtengingar e\u00f0a fleirt\u00f6lur \u00ed k\u00ednverskri m\u00e1lfr\u00e6\u00f0i, er r\u00e9tt setningager\u00f0 \u00ed fyrirr\u00fami. Svo hvernig er r\u00e9ttri or\u00f0ar\u00f6\u00f0 n\u00e1\u00f0? \u00cd flestum tilfellum skaltu einfaldlega fylgja &#8222;subject-verb-object&#8220; mynstrinu (svipa\u00f0 og <a href=\"https:\/\/talkpal.ai\/learn-english-with-ai\/\">enska<\/a>). Til d\u00e6mis:<\/p>\n\n\n\n<p>\u00c9g elska \u00feig.<br\/>K\u00ednverska: \u6211\u7231\u4f60\u3002 W\u01d2 \u00e0i n\u01d0.<\/p>\n\n\n\n<p>\u00dea\u00f0 eru fl\u00f3knari mannvirki en a\u00f0 \u00fer\u00f3a sterkan grunn mun au\u00f0velda \u00feeim a\u00f0 \u00e1tta sig \u00e1 \u00feegar \u00fe\u00fa framfarir.<\/p>\n\n\n\n<h3 class=\"wp-block-heading\" id=\"h-2-particles-particles-everywhere\">2. Agnir, agnir alls sta\u00f0ar!<\/h3>\n\n\n\n<p>\u00cd k\u00ednverskri m\u00e1lfr\u00e6\u00f0i gegna agnir mikilv\u00e6gu hlutverki vi\u00f0 a\u00f0 mi\u00f0la merkingu. Ein algengasta \u00f6gnin er \u201e\u4e86 (le),\u201c sem gefur til kynna loki\u00f0 a\u00f0ger\u00f0. Til d\u00e6mis:<\/p>\n\n\n\n<p>\u6211\u5403\u4e86\u3002W\u01d2 ch\u012b le. &#8211; &#8222;\u00c9g hef \u00e9ti\u00f0.&#8220;<\/p>\n\n\n\n<p>\u00d6nnur algeng \u00f6gn er \u201e\u5427 (ba),\u201c sem breytir fullyr\u00f0ingu \u00ed till\u00f6gu e\u00f0a spurningu:<\/p>\n\n\n\n<p>\u8d70\u5427\uff01Z\u01d2u ba! &#8211; &#8222;F\u00f6rum!&#8220;<\/p>\n\n\n\n<p>A\u00f0 skilja virkni \u00fdmissa agna er lykillinn a\u00f0 \u00fev\u00ed a\u00f0 n\u00e1 t\u00f6kum \u00e1 bl\u00e6brig\u00f0um k\u00ednverskrar m\u00e1lfr\u00e6\u00f0i.<\/p>\n\n\n\n<h3 class=\"wp-block-heading\" id=\"h-3-measure-words-quality-not-quantity\">3. M\u00e6la or\u00f0: g\u00e6\u00f0i, ekki magn<\/h3>\n\n\n\n<p>\u00cd k\u00ednversku hafa nafnor\u00f0 ekki fleirt\u00f6lu. \u00deess \u00ed sta\u00f0 nota \u00feeir m\u00e6lingaror\u00f0 (einnig \u00feekkt sem flokkarar) til a\u00f0 tj\u00e1 magn. M\u00e6lior\u00f0um er b\u00e6tt vi\u00f0 milli t\u00f6lunnar og nafnor\u00f0sins. Til d\u00e6mis:<\/p>\n\n\n\n<p>\u4e00\u672c\u4e66 \u2013 Y\u012b b\u011bn <a href=\"https:\/\/talkpal.ai\/locations\/language-courses-in-shu\/\">sh\u016b<\/a> \u2013 \u201eein b\u00f3k\u201c<\/p>\n\n\n\n<p>Taktu eftir notkun \u672c (b\u011bn) sem m\u00e6lior\u00f0 fyrir b\u00e6kur. Mismunandi nafnor\u00f0 krefjast mismunandi m\u00e6likvar\u00f0a og \u00fe\u00f3 a\u00f0 \u00feetta kann a\u00f0 vir\u00f0ast vandr\u00e6\u00f0alegt \u00ed fyrstu, ver\u00f0ur \u00fea\u00f0 anna\u00f0 e\u00f0li me\u00f0 \u00e6fingum.<\/p>\n\n\n\n<h3 class=\"wp-block-heading\" id=\"h-4-the-magic-of-compound-words\">4. Galdur samsettra or\u00f0a<\/h3>\n\n\n\n<p>K\u00ednverska er full af samsettum or\u00f0um sem myndast me\u00f0 \u00fev\u00ed a\u00f0 sameina tvo e\u00f0a fleiri stafi. \u00deetta einfaldar ekki a\u00f0eins or\u00f0afor\u00f0an\u00e1m, heldur gerir \u00fea\u00f0 einnig r\u00e1\u00f0 fyrir lifandi myndm\u00e1li og samhengi. Til d\u00e6mis:<\/p>\n\n\n\n<p>\u706b\u8f66 \u2013 Hu\u01d2ch\u0113 \u2013 \u201elest\u201c (b\u00f3kstaflega: \u201esl\u00f6kkvib\u00edll\u201c)<br\/>\u7535\u8bdd \u2013 Di\u00e0nhu\u00e0 \u2013 \u201es\u00edmi\u201c (b\u00f3kstaflega: \u201erafmagn\u201c)<\/p>\n\n\n\n<p>Me\u00f0 \u00fev\u00ed a\u00f0 skilja merkingu einstakra pers\u00f3na getur\u00f0u au\u00f0veldlega \u00e1lykta\u00f0 um merkingu samsettra or\u00f0a sem \u00fe\u00fa hefur aldrei kynnst \u00e1\u00f0ur.<\/p>\n\n\n\n<h3 class=\"wp-block-heading\" id=\"h-5-no-tenses-no-problem\">5. Engin spenna? Ekkert m\u00e1l!<\/h3>\n\n\n\n<p>Einn af hressandi \u00fe\u00e1ttum k\u00ednversku er skortur \u00e1 sagnbeygingum fyrir mismunandi t\u00ed\u00f0ir. En hvernig tj\u00e1ir \u00fe\u00fa t\u00edmann? Einfaldur! L\u00e1ttu bara fylgja or\u00f0 sem gefa til kynna t\u00edmaramma, svo sem:<\/p>\n\n\n\n<p>\u6628\u5929 \u2013 Zu\u00f3ti\u0101n \u2013 \u201e\u00ed g\u00e6r\u201c<br\/>\u660e\u5929 &#8211; M\u00edngti\u0101n &#8211; &#8222;\u00e1 morgun&#8220;<\/p>\n\n\n\n<p><strong>Til d\u00e6mis:<\/strong><\/p>\n\n\n\n<p>\u6211\u6628\u5929\u5403\u4e86\u996d\u3002W\u01d2 zu\u00f3ti\u0101n ch\u012b le f\u00e0n. &#8211; &#8222;\u00c9g bor\u00f0a\u00f0i mat \u00ed g\u00e6r.&#8220;<br\/>\u6211\u660e\u5929\u5403\u996d\u3002W\u01d2 m\u00edngti\u0101n ch\u012b f\u00e0n. &#8211; &#8222;\u00c9g mun bor\u00f0a mat \u00e1 morgun.&#8220;<\/p>\n\n\n\n<p>Til hamingju! \u00de\u00fa hefur teki\u00f0 fyrstu skrefin \u00ed \u00e1tt a\u00f0 \u00fev\u00ed a\u00f0 n\u00e1 t\u00f6kum \u00e1 k\u00ednverskri m\u00e1lfr\u00e6\u00f0i. Mundu: \u00e6fingin skapar meistarann. Svo, ekki hika vi\u00f0 a\u00f0 kanna n\u00fdja m\u00e1lfr\u00e6\u00f0ilega uppbyggingu, r\u00e6\u00f0a vi\u00f0 m\u00f3\u00f0urm\u00e1l og styrkja grunninn \u00feinn. Heimur Mandarin b\u00ed\u00f0ur \u00fe\u00edn &#8211; gle\u00f0ilegt n\u00e1m!<\/p>\n<\/div><\/div>\n\r\n<section class=\"learnNavigationSection\">\r\n            \r\n        <a href=\"https:\/\/talkpal.ai\/is\/laerdu-kinversku\/\">\r\n            <div class=\"learnNavigationWrapper\">\r\n                <div class=\"learnNavigationContent\">\r\n                    <img decoding=\"async\" src=\"https:\/\/talkpal.ai\/wp-content\/uploads\/2024\/08\/Chinese.jpg\" alt=\"Chinese Flag\u00a0\">\r\n                    <div>\r\n                        <h4>Um k\u00ednverskun\u00e1m<\/h4>\r\n                        <p>Finndu \u00fat allt um k\u00ednverska m\u00e1lfr\u00e6\u00f0i.<\/p>\r\n                    <\/div>\r\n                <\/div>\r\n            <\/div>\r\n        <\/a>\r\n\r\n        \r\n        <a href=\"https:\/\/talkpal.ai\/is\/kinverska-malfraedi-aefingar\/\">\r\n            <div class=\"learnNavigationWrapper\">\r\n                <div class=\"learnNavigationContent\">\r\n                    <img decoding=\"async\" src=\"https:\/\/talkpal.ai\/wp-content\/uploads\/2024\/08\/Chinese.jpg\" alt=\"Chinese Flag\u00a0\">\r\n                    <div>\r\n                        <h4>K\u00ednversk m\u00e1lfr\u00e6\u00f0i\u00e6fing<\/h4>\r\n                        <p>\u00c6f\u00f0u \u00feig \u00ed k\u00ednverskri m\u00e1lfr\u00e6\u00f0i.<\/p>\r\n                    <\/div>\r\n                <\/div>\r\n            <\/div>\r\n        <\/a>\r\n\r\n        \r\n        <a href=\"https:\/\/talkpal.ai\/vocabulary_language\/chinese\/\">\r\n            <div class=\"learnNavigationWrapper\">\r\n                <div class=\"learnNavigationContent\">\r\n                    <img decoding=\"async\" src=\"https:\/\/talkpal.ai\/wp-content\/uploads\/2024\/08\/Chinese.jpg\" alt=\"Chinese Flag\u00a0\">\r\n                    <div>\r\n                        <h4>K\u00ednverskur or\u00f0afor\u00f0i<\/h4>\r\n                        <p>St\u00e6kka\u00f0u k\u00ednverska or\u00f0afor\u00f0a \u00feinn.<\/p>\r\n                    <\/div>\r\n                <\/div>\r\n            <\/div>\r\n        <\/a>\r\n\r\n            <\/section>","protected":false},"excerpt":{"rendered":"<p>K\u00ednversk m\u00e1lfr\u00e6\u00f0i: lykillinn a\u00f0 \u00fev\u00ed a\u00f0 n\u00e1 t\u00f6kum \u00e1 mandar\u00edn k\u00ednversku Ert \u00fe\u00fa metna\u00f0arfullur tungum\u00e1lanemandi sem hefur einsett s\u00e9r a\u00f0 n\u00e1 t\u00f6kum \u00e1 mandar\u00edn k\u00ednversku? Ef svo er, til hamingju! A\u00f0 takast \u00e1 vi\u00f0 k\u00ednversku er fr\u00e1b\u00e6r lei\u00f0 til a\u00f0 v\u00edkka al\u00fej\u00f3\u00f0legt hugarfar \u00feitt, tengjast fj\u00f6lm\u00f6rgum h\u00e1talara og skora \u00e1 sj\u00e1lfan \u00feig vitsmunalega. Hins vegar, [&hellip;]<\/p>\n","protected":false},"author":1,"featured_media":106082,"parent":0,"menu_order":0,"comment_status":"closed","ping_status":"closed","template":"LearningContentPage.php","meta":{"_acf_changed":false,"footnotes":""},"class_list":["post-128335","page","type-page","status-publish","has-post-thumbnail","hentry"],"acf":[],"yoast_head":"<!-- This site is optimized with the Yoast SEO Premium plugin v27.2 (Yoast SEO v27.2) - https:\/\/yoast.com\/product\/yoast-seo-premium-wordpress\/ -->\n<title>K\u00ednversk m\u00e1lfr\u00e6\u00f0i - Talkpal<\/title>\n<meta name=\"description\" content=\"Opna\u00f0u leyndarm\u00e1l k\u00ednverskrar m\u00e1lfr\u00e6\u00f0i til a\u00f0 \u00f6\u00f0last betri skilning \u00e1 k\u00ednverskri tungu og menningu.\" \/>\n<meta name=\"robots\" content=\"index, follow, max-snippet:-1, max-image-preview:large, max-video-preview:-1\" \/>\n<link rel=\"canonical\" href=\"https:\/\/talkpal.ai\/is\/kinversk-malfraedi\/\" \/>\n<meta property=\"og:locale\" content=\"is_IS\" \/>\n<meta property=\"og:type\" content=\"article\" \/>\n<meta property=\"og:title\" content=\"K\u00ednversk m\u00e1lfr\u00e6\u00f0i\" \/>\n<meta property=\"og:description\" content=\"K\u00ednversk m\u00e1lfr\u00e6\u00f0i: lykillinn a\u00f0 \u00fev\u00ed a\u00f0 n\u00e1 t\u00f6kum \u00e1 mandar\u00edn k\u00ednversku Ert \u00fe\u00fa metna\u00f0arfullur tungum\u00e1lanemandi sem hefur einsett s\u00e9r a\u00f0 n\u00e1 t\u00f6kum \u00e1 mandar\u00edn\" \/>\n<meta property=\"og:url\" content=\"https:\/\/talkpal.ai\/is\/kinversk-malfraedi\/\" \/>\n<meta property=\"og:site_name\" content=\"Talkpal\" \/>\n<meta property=\"article:publisher\" content=\"https:\/\/www.facebook.com\/profile.php?id=100090733639311\" \/>\n<meta property=\"article:modified_time\" content=\"2025-06-17T16:40:04+00:00\" \/>\n<meta property=\"og:image\" content=\"https:\/\/talkpal.ai\/wp-content\/uploads\/2023\/04\/china.png\" \/>\n\t<meta property=\"og:image:width\" content=\"512\" \/>\n\t<meta property=\"og:image:height\" content=\"512\" \/>\n\t<meta property=\"og:image:type\" content=\"image\/png\" \/>\n<meta name=\"twitter:card\" content=\"summary_large_image\" \/>\n<meta name=\"twitter:site\" content=\"@talkpalai\" \/>\n<meta name=\"twitter:label1\" content=\"Est. reading time\" \/>\n\t<meta name=\"twitter:data1\" content=\"3 minutes\" \/>\n<script type=\"application\/ld+json\" class=\"yoast-schema-graph\">{\"@context\":\"https:\/\/schema.org\",\"@graph\":[{\"@type\":\"WebPage\",\"@id\":\"https:\/\/talkpal.ai\/is\/kinversk-malfraedi\/\",\"url\":\"https:\/\/talkpal.ai\/is\/kinversk-malfraedi\/\",\"name\":\"K\u00ednversk m\u00e1lfr\u00e6\u00f0i - Talkpal\",\"isPartOf\":{\"@id\":\"https:\/\/talkpal.ai\/is\/#website\"},\"primaryImageOfPage\":{\"@id\":\"https:\/\/talkpal.ai\/is\/kinversk-malfraedi\/#primaryimage\"},\"image\":{\"@id\":\"https:\/\/talkpal.ai\/is\/kinversk-malfraedi\/#primaryimage\"},\"thumbnailUrl\":\"https:\/\/talkpal.ai\/wp-content\/uploads\/2023\/04\/china.png\",\"datePublished\":\"2023-05-14T13:48:36+00:00\",\"dateModified\":\"2025-06-17T16:40:04+00:00\",\"description\":\"Opna\u00f0u leyndarm\u00e1l k\u00ednverskrar m\u00e1lfr\u00e6\u00f0i til a\u00f0 \u00f6\u00f0last betri skilning \u00e1 k\u00ednverskri tungu og menningu.\",\"breadcrumb\":{\"@id\":\"https:\/\/talkpal.ai\/is\/kinversk-malfraedi\/#breadcrumb\"},\"inLanguage\":\"is\",\"potentialAction\":[{\"@type\":\"ReadAction\",\"target\":[\"https:\/\/talkpal.ai\/is\/kinversk-malfraedi\/\"]}]},{\"@type\":\"ImageObject\",\"inLanguage\":\"is\",\"@id\":\"https:\/\/talkpal.ai\/is\/kinversk-malfraedi\/#primaryimage\",\"url\":\"https:\/\/talkpal.ai\/wp-content\/uploads\/2023\/04\/china.png\",\"contentUrl\":\"https:\/\/talkpal.ai\/wp-content\/uploads\/2023\/04\/china.png\",\"width\":512,\"height\":512},{\"@type\":\"BreadcrumbList\",\"@id\":\"https:\/\/talkpal.ai\/is\/kinversk-malfraedi\/#breadcrumb\",\"itemListElement\":[{\"@type\":\"ListItem\",\"position\":1,\"name\":\"Homepage\",\"item\":\"https:\/\/talkpal.ai\/is\/\"},{\"@type\":\"ListItem\",\"position\":2,\"name\":\"K\u00ednversk m\u00e1lfr\u00e6\u00f0i\"}]},{\"@type\":\"WebSite\",\"@id\":\"https:\/\/talkpal.ai\/is\/#website\",\"url\":\"https:\/\/talkpal.ai\/is\/\",\"name\":\"Talkpal\",\"description\":\"AI Language Learning\",\"publisher\":{\"@id\":\"https:\/\/talkpal.ai\/is\/#organization\"},\"alternateName\":\"Talkpal AI\",\"potentialAction\":[{\"@type\":\"SearchAction\",\"target\":{\"@type\":\"EntryPoint\",\"urlTemplate\":\"https:\/\/talkpal.ai\/is\/?s={search_term_string}\"},\"query-input\":{\"@type\":\"PropertyValueSpecification\",\"valueRequired\":true,\"valueName\":\"search_term_string\"}}],\"inLanguage\":\"is\"},{\"@type\":\"Organization\",\"@id\":\"https:\/\/talkpal.ai\/is\/#organization\",\"name\":\"Talkpal, Inc.\",\"alternateName\":\"Talkpal AI\",\"url\":\"https:\/\/talkpal.ai\/is\/\",\"logo\":{\"@type\":\"ImageObject\",\"inLanguage\":\"is\",\"@id\":\"https:\/\/talkpal.ai\/is\/#\/schema\/logo\/image\/\",\"url\":\"https:\/\/talkpal.ai\/wp-content\/uploads\/2024\/03\/Talkpal-Logo-Icon.png\",\"contentUrl\":\"https:\/\/talkpal.ai\/wp-content\/uploads\/2024\/03\/Talkpal-Logo-Icon.png\",\"width\":2880,\"height\":2880,\"caption\":\"Talkpal, Inc.\"},\"image\":{\"@id\":\"https:\/\/talkpal.ai\/is\/#\/schema\/logo\/image\/\"},\"sameAs\":[\"https:\/\/www.facebook.com\/profile.php?id=100090733639311\",\"https:\/\/x.com\/talkpalai\",\"https:\/\/www.linkedin.com\/company\/talkpal\/\",\"https:\/\/www.youtube.com\/@TalkPal\/\",\"https:\/\/www.tiktok.com\/@talkpal\",\"https:\/\/www.instagram.com\/talkpal_ai\/\",\"https:\/\/www.crunchbase.com\/organization\/talkpal-9cde\",\"https:\/\/www.g2.com\/products\/talkpal-for-business\/\",\"https:\/\/www.trustpilot.com\/review\/talkpal.ai\",\"https:\/\/www.capterra.com\/p\/10006800\/TalkPal\/\"],\"description\":\"Talkpal is a language learning web and mobile education app, powered by the latest AI technologies, that provides engaging experiences to its customers in many different languages to help them improve their language skills. Users can chat about unlimited amount of topics with the app and use other modes to practice their language learning.\",\"email\":\"support@talkpal.ai\",\"legalName\":\"Talkpal, Inc.\",\"foundingDate\":\"2023-04-03\",\"duns\":\"118989042\",\"numberOfEmployees\":{\"@type\":\"QuantitativeValue\",\"minValue\":\"11\",\"maxValue\":\"50\"},\"publishingPrinciples\":\"https:\/\/talkpal.ai\/publishing-principles\/\",\"actionableFeedbackPolicy\":\"https:\/\/talkpal.ai\/actionable-feedback-policy\/\",\"correctionsPolicy\":\"https:\/\/talkpal.ai\/corrections-policy\/\",\"ethicsPolicy\":\"https:\/\/talkpal.ai\/ethics-policy\/\",\"diversityPolicy\":\"https:\/\/talkpal.ai\/diversity-policy\/\",\"diversityStaffingReport\":\"https:\/\/talkpal.ai\/diversity-policy\/\"}]}<\/script>\n<!-- \/ Yoast SEO Premium plugin. -->","yoast_head_json":{"title":"K\u00ednversk m\u00e1lfr\u00e6\u00f0i - Talkpal","description":"Opna\u00f0u leyndarm\u00e1l k\u00ednverskrar m\u00e1lfr\u00e6\u00f0i til a\u00f0 \u00f6\u00f0last betri skilning \u00e1 k\u00ednverskri tungu og menningu.","robots":{"index":"index","follow":"follow","max-snippet":"max-snippet:-1","max-image-preview":"max-image-preview:large","max-video-preview":"max-video-preview:-1"},"canonical":"https:\/\/talkpal.ai\/is\/kinversk-malfraedi\/","og_locale":"is_IS","og_type":"article","og_title":"K\u00ednversk m\u00e1lfr\u00e6\u00f0i","og_description":"K\u00ednversk m\u00e1lfr\u00e6\u00f0i: lykillinn a\u00f0 \u00fev\u00ed a\u00f0 n\u00e1 t\u00f6kum \u00e1 mandar\u00edn k\u00ednversku Ert \u00fe\u00fa metna\u00f0arfullur tungum\u00e1lanemandi sem hefur einsett s\u00e9r a\u00f0 n\u00e1 t\u00f6kum \u00e1 mandar\u00edn","og_url":"https:\/\/talkpal.ai\/is\/kinversk-malfraedi\/","og_site_name":"Talkpal","article_publisher":"https:\/\/www.facebook.com\/profile.php?id=100090733639311","article_modified_time":"2025-06-17T16:40:04+00:00","og_image":[{"width":512,"height":512,"url":"https:\/\/talkpal.ai\/wp-content\/uploads\/2023\/04\/china.png","type":"image\/png"}],"twitter_card":"summary_large_image","twitter_site":"@talkpalai","twitter_misc":{"Est. reading time":"3 minutes"},"schema":{"@context":"https:\/\/schema.org","@graph":[{"@type":"WebPage","@id":"https:\/\/talkpal.ai\/is\/kinversk-malfraedi\/","url":"https:\/\/talkpal.ai\/is\/kinversk-malfraedi\/","name":"K\u00ednversk m\u00e1lfr\u00e6\u00f0i - Talkpal","isPartOf":{"@id":"https:\/\/talkpal.ai\/is\/#website"},"primaryImageOfPage":{"@id":"https:\/\/talkpal.ai\/is\/kinversk-malfraedi\/#primaryimage"},"image":{"@id":"https:\/\/talkpal.ai\/is\/kinversk-malfraedi\/#primaryimage"},"thumbnailUrl":"https:\/\/talkpal.ai\/wp-content\/uploads\/2023\/04\/china.png","datePublished":"2023-05-14T13:48:36+00:00","dateModified":"2025-06-17T16:40:04+00:00","description":"Opna\u00f0u leyndarm\u00e1l k\u00ednverskrar m\u00e1lfr\u00e6\u00f0i til a\u00f0 \u00f6\u00f0last betri skilning \u00e1 k\u00ednverskri tungu og menningu.","breadcrumb":{"@id":"https:\/\/talkpal.ai\/is\/kinversk-malfraedi\/#breadcrumb"},"inLanguage":"is","potentialAction":[{"@type":"ReadAction","target":["https:\/\/talkpal.ai\/is\/kinversk-malfraedi\/"]}]},{"@type":"ImageObject","inLanguage":"is","@id":"https:\/\/talkpal.ai\/is\/kinversk-malfraedi\/#primaryimage","url":"https:\/\/talkpal.ai\/wp-content\/uploads\/2023\/04\/china.png","contentUrl":"https:\/\/talkpal.ai\/wp-content\/uploads\/2023\/04\/china.png","width":512,"height":512},{"@type":"BreadcrumbList","@id":"https:\/\/talkpal.ai\/is\/kinversk-malfraedi\/#breadcrumb","itemListElement":[{"@type":"ListItem","position":1,"name":"Homepage","item":"https:\/\/talkpal.ai\/is\/"},{"@type":"ListItem","position":2,"name":"K\u00ednversk m\u00e1lfr\u00e6\u00f0i"}]},{"@type":"WebSite","@id":"https:\/\/talkpal.ai\/is\/#website","url":"https:\/\/talkpal.ai\/is\/","name":"Talkpal","description":"AI Language Learning","publisher":{"@id":"https:\/\/talkpal.ai\/is\/#organization"},"alternateName":"Talkpal AI","potentialAction":[{"@type":"SearchAction","target":{"@type":"EntryPoint","urlTemplate":"https:\/\/talkpal.ai\/is\/?s={search_term_string}"},"query-input":{"@type":"PropertyValueSpecification","valueRequired":true,"valueName":"search_term_string"}}],"inLanguage":"is"},{"@type":"Organization","@id":"https:\/\/talkpal.ai\/is\/#organization","name":"Talkpal, Inc.","alternateName":"Talkpal AI","url":"https:\/\/talkpal.ai\/is\/","logo":{"@type":"ImageObject","inLanguage":"is","@id":"https:\/\/talkpal.ai\/is\/#\/schema\/logo\/image\/","url":"https:\/\/talkpal.ai\/wp-content\/uploads\/2024\/03\/Talkpal-Logo-Icon.png","contentUrl":"https:\/\/talkpal.ai\/wp-content\/uploads\/2024\/03\/Talkpal-Logo-Icon.png","width":2880,"height":2880,"caption":"Talkpal, Inc."},"image":{"@id":"https:\/\/talkpal.ai\/is\/#\/schema\/logo\/image\/"},"sameAs":["https:\/\/www.facebook.com\/profile.php?id=100090733639311","https:\/\/x.com\/talkpalai","https:\/\/www.linkedin.com\/company\/talkpal\/","https:\/\/www.youtube.com\/@TalkPal\/","https:\/\/www.tiktok.com\/@talkpal","https:\/\/www.instagram.com\/talkpal_ai\/","https:\/\/www.crunchbase.com\/organization\/talkpal-9cde","https:\/\/www.g2.com\/products\/talkpal-for-business\/","https:\/\/www.trustpilot.com\/review\/talkpal.ai","https:\/\/www.capterra.com\/p\/10006800\/TalkPal\/"],"description":"Talkpal is a language learning web and mobile education app, powered by the latest AI technologies, that provides engaging experiences to its customers in many different languages to help them improve their language skills. Users can chat about unlimited amount of topics with the app and use other modes to practice their language learning.","email":"support@talkpal.ai","legalName":"Talkpal, Inc.","foundingDate":"2023-04-03","duns":"118989042","numberOfEmployees":{"@type":"QuantitativeValue","minValue":"11","maxValue":"50"},"publishingPrinciples":"https:\/\/talkpal.ai\/publishing-principles\/","actionableFeedbackPolicy":"https:\/\/talkpal.ai\/actionable-feedback-policy\/","correctionsPolicy":"https:\/\/talkpal.ai\/corrections-policy\/","ethicsPolicy":"https:\/\/talkpal.ai\/ethics-policy\/","diversityPolicy":"https:\/\/talkpal.ai\/diversity-policy\/","diversityStaffingReport":"https:\/\/talkpal.ai\/diversity-policy\/"}]}},"_links":{"self":[{"href":"https:\/\/talkpal.ai\/is\/wp-json\/wp\/v2\/pages\/128335","targetHints":{"allow":["GET"]}}],"collection":[{"href":"https:\/\/talkpal.ai\/is\/wp-json\/wp\/v2\/pages"}],"about":[{"href":"https:\/\/talkpal.ai\/is\/wp-json\/wp\/v2\/types\/page"}],"author":[{"embeddable":true,"href":"https:\/\/talkpal.ai\/is\/wp-json\/wp\/v2\/users\/1"}],"replies":[{"embeddable":true,"href":"https:\/\/talkpal.ai\/is\/wp-json\/wp\/v2\/comments?post=128335"}],"version-history":[{"count":0,"href":"https:\/\/talkpal.ai\/is\/wp-json\/wp\/v2\/pages\/128335\/revisions"}],"wp:featuredmedia":[{"embeddable":true,"href":"https:\/\/talkpal.ai\/is\/wp-json\/wp\/v2\/media\/106082"}],"wp:attachment":[{"href":"https:\/\/talkpal.ai\/is\/wp-json\/wp\/v2\/media?parent=128335"}],"curies":[{"name":"wp","href":"https:\/\/api.w.org\/{rel}","templated":true}]}}