{"id":127917,"date":"2023-05-14T13:43:38","date_gmt":"2023-05-14T13:43:38","guid":{"rendered":"http:\/\/talkpal.ai\/arabisk-malfraedi\/"},"modified":"2025-05-21T11:48:47","modified_gmt":"2025-05-21T11:48:47","slug":"arabisk-malfraedi","status":"publish","type":"page","link":"https:\/\/talkpal.ai\/is\/arabisk-malfraedi\/","title":{"rendered":"Arab\u00edsk m\u00e1lfr\u00e6\u00f0i"},"content":{"rendered":"\r\n\r\n\r\n<section class=\"languageChallengeSection\">\r\n    <div class=\"languageInfoWrapper\">\r\n        \r\n        <h1>Arab\u00edsk m\u00e1lfr\u00e6\u00f0i<\/h1>\r\n        <p>B\u00e6ttu arab\u00edskukunn\u00e1ttu \u00fe\u00edna me\u00f0 \u00fev\u00ed a\u00f0 sko\u00f0a nau\u00f0synleg m\u00e1lfr\u00e6\u00f0ihugt\u00f6k og sk\u00fdrar \u00fatsk\u00fdringar skref fyrir skref. Byrja\u00f0u a\u00f0 n\u00e1 t\u00f6kum \u00e1 arab\u00edskri <a href=\"https:\/\/talkpal.ai\/grammar\/\">m\u00e1lfr\u00e6\u00f0i<\/a> n\u00fana og \u00e1tt samskipti af meiri reiprennandi og sj\u00e1lfstrausti!<\/p>\r\n\r\n                            <a class=\"getStartedHidden\" href=\"https:\/\/app.talkpal.ai\/signup?lng=\">Byrja\u00f0u<\/a>\r\n        \r\n    <\/div>\r\n\r\n    <figure>\r\n    <img decoding=\"async\" width=\"768\" height=\"768\" src=\"https:\/\/talkpal.ai\/wp-content\/uploads\/2023\/06\/arabic-768x768.png\" class=\"languageImage no-lazy\" alt=\"Language learning for linguistic diversity\" fetchpriority=\"high\" sizes=\"(max-width: 768px) 150px, 768px\" srcset=\"https:\/\/talkpal.ai\/wp-content\/uploads\/2023\/06\/arabic-768x768.png 768w, https:\/\/talkpal.ai\/wp-content\/uploads\/2023\/06\/arabic-300x300.png 300w\" \/>\r\n    \r\n\r\n    <\/figure>\r\n\r\n            <a class=\"getStartedVisible\" href=\"https:\/\/app.talkpal.ai\/signup?lng=\">Byrja\u00f0u<\/a>\r\n    \r\n<\/section>\r\n<section class=\"promotionalBanner\">\r\n    <p class=\"promotionalText\">Skilvirkasta lei\u00f0in til a\u00f0 l\u00e6ra tungum\u00e1l<\/p>\r\n    <a class=\"promotionalLink\" href=\"https:\/\/app.talkpal.ai\/signup?lng=\">Pr\u00f3fa\u00f0u Talkpal \u00f3keypis<\/a>\r\n<\/section>\n<div class=\"wp-block-group pageContainerStyle\"><div class=\"wp-block-group__inner-container is-layout-constrained wp-block-group-is-layout-constrained\">\n<h2 class=\"wp-block-heading\" id=\"h-the-intricacies-of-arabic-grammar-a-journey-through-its-roots-and-beauty\">Ranghalar arab\u00edskrar m\u00e1lfr\u00e6\u00f0i: fer\u00f0alag um r\u00e6tur s\u00ednar og fegur\u00f0<\/h2>\n\n\n\n<p><strong>Manstu \u00feegar \u00fe\u00fa byrja\u00f0ir fyrst a\u00f0 l\u00e6ra enska m\u00e1lfr\u00e6\u00f0i?<\/strong>  A\u00f0 \u00fev\u00ed er vir\u00f0ist endalausar reglur, undantekningar og hugt\u00f6k g\u00e6tu hafa valdi\u00f0 \u00fe\u00e9r ofvi\u00f0a stundum. Ef \u00fe\u00fa ert a\u00f0 hugsa um a\u00f0 l\u00e6ra arab\u00edska tungum\u00e1li\u00f0, vertu viss um a\u00f0 \u00fea\u00f0 hefur einstakt og fl\u00f3ki\u00f0 m\u00e1lfr\u00e6\u00f0ikerfi l\u00edka. Svo skulum vi\u00f0 fara \u00ed stutta en fr\u00e6\u00f0andi fer\u00f0 \u00ed gegnum r\u00e6tur og fegur\u00f0 arab\u00edskrar m\u00e1lfr\u00e6\u00f0i.<\/p>\n\n\n\n<p>Til a\u00f0 <a href=\"https:\/\/talkpal.ai\/ko\/ai-%ec%96%b8%ec%96%b4-%ea%b5%90%ec%82%ac\/\">byrja<\/a> me\u00f0 skulum vi\u00f0 koma \u00e1 nokkrum <strong>lykilmun \u00e1 arab\u00edsku og enskri m\u00e1lfr\u00e6\u00f0i.<\/strong> \u00cd arab\u00edsku er or\u00f0um skipt \u00ed \u00ferj\u00e1 flokka: nafnor\u00f0, sagnir og agnir. \u00d3l\u00edkt ensku fylgja arab\u00edsk or\u00f0 r\u00f3tarkerfi, sem \u00fe\u00fd\u00f0ir a\u00f0 \u00fe\u00fa getur raki\u00f0 kjarnamerkingu or\u00f0s me\u00f0 \u00fev\u00ed a\u00f0 bera kennsl \u00e1 r\u00f3t \u00feess. \u00deetta r\u00f3tarkerfi gefur arab\u00edsku \u00f3venjulegt d\u00fdpt og gl\u00e6sileika. \u00d3tr\u00falegur hlutur vi\u00f0 arab\u00edska m\u00e1lfr\u00e6\u00f0i er traust hennar \u00e1 mynstrum, sem gerir r\u00e6\u00f0um\u00f6nnum oft kleift a\u00f0 b\u00faa til n\u00fd or\u00f0 me\u00f0 \u00fev\u00ed a\u00f0 fylgja \u00e1kve\u00f0num mannvirkjum.<\/p>\n\n\n\n<p>Annar mikilv\u00e6gur \u00fe\u00e1ttur \u00ed <strong>arab\u00edsku m\u00e1lfr\u00e6\u00f0i er a\u00f0 \u00fea\u00f0 er kynbundi\u00f0 tungum\u00e1l<\/strong> , sem \u00fe\u00fd\u00f0ir a\u00f0 nafnor\u00f0 og l\u00fdsingaror\u00f0 hafa kynbundi\u00f0 form. Vissir \u00fe\u00fa a\u00f0 arab\u00edska hefur jafnvel tv\u00f6falt form til vi\u00f0b\u00f3tar vi\u00f0 eint\u00f6lu og fleirt\u00f6lu? \u00dea\u00f0 er satt! Arab\u00edska tv\u00edskipta formi\u00f0 er nota\u00f0 til a\u00f0 gefa til kynna p\u00f6r, svo sem augu, hendur e\u00f0a foreldra. \u00dea\u00f0 b\u00e6tir vi\u00f0 auka lagi af s\u00e9rst\u00f6\u00f0u sem ensku skortir.<\/p>\n\n\n\n<p>N\u00fa skulum vi\u00f0 r\u00e6\u00f0a <strong>sagnatengingu \u00e1 arab\u00edsku<\/strong> , sem er alveg n\u00fdr heimur sj\u00e1lfur. Arab\u00edskar sagnir eru bygg\u00f0ar \u00e1 r\u00f3tarkerfi, sem venjulega samanstendur af \u00feremur kjarna samhlj\u00f3\u00f0um. R\u00f3tin \u00e1kvar\u00f0ar grunnmerkingu sagnarinnar og me\u00f0 \u00fev\u00ed a\u00f0 b\u00e6ta vi\u00f0 s\u00e9rhlj\u00f3\u00f0amynstri b\u00fdr\u00f0u til mismunandi form sagnarinnar sem tj\u00e1 mismunandi merkingu og t\u00ed\u00f0ir. Til d\u00e6mis getur breyting s\u00e9rhlj\u00f3\u00f0a \u00ed r\u00f3t breytt spennu fr\u00e1 fort\u00ed\u00f0 til n\u00fat\u00ed\u00f0ar, e\u00f0a breytt virkri s\u00f6gn \u00ed \u00f3virka. Ansi magna\u00f0, ekki satt?<\/p>\n\n\n\n<p>Enn einn heillandi \u00fe\u00e1ttur \u00ed arab\u00edskri m\u00e1lfr\u00e6\u00f0i sem vi\u00f0 \u00feurfum a\u00f0 <a href=\"https:\/\/talkpal.ai\/locations\/language-courses-in-tala\/\">tala<\/a> um er <strong>skilgreining<\/strong>. \u00c1 ensku notum vi\u00f0 or\u00f0i\u00f0 \u201ethe\u201c til a\u00f0 gefa til kynna a\u00f0 nafnor\u00f0 s\u00e9 \u00e1kve\u00f0i\u00f0. \u00c1 arab\u00edsku er \u00feetta hugtak fellt inn \u00ed tungum\u00e1li\u00f0 \u00ed gegnum litla \u00f6gn sem kallast \u201eAl-\u201c sem er b\u00e6tt vi\u00f0 upphaf or\u00f0s. \u00deegar nafnor\u00f0 er \u00e1 undan \u201eAl-\u201c ver\u00f0ur \u00fea\u00f0 \u00e1kve\u00f0i\u00f0 \u00e1n nokkurra vi\u00f0b\u00f3tarskilyr\u00f0a. Svo, \u00ed sta\u00f0 \u00feess a\u00f0 segja \u201eh\u00fasi\u00f0 er st\u00f3rt\u201c \u00e1 arab\u00edsku, myndir\u00f0u segja \u201eAl-baytu kabir,\u201c \u00fear sem \u201eAl-baytu\u201c \u00fe\u00fd\u00f0ir \u201eh\u00fasi\u00f0\u201c.<\/p>\n\n\n\n<p><strong>Samtalsarab\u00edska<\/strong> er kraftmeiri og flj\u00f3tandi en formleg arab\u00edska, eins og raunin er me\u00f0 hva\u00f0a tungum\u00e1l sem er. Hins vegar er enn nau\u00f0synlegt a\u00f0 n\u00e1 t\u00f6kum \u00e1 meginreglum arab\u00edskrar m\u00e1lfr\u00e6\u00f0i til a\u00f0 skilja og meta tungum\u00e1li\u00f0 sannarlega. \u00deegar \u00fe\u00fa hefur n\u00e1\u00f0 t\u00f6kum \u00e1 r\u00f3tamynstrum, kynjaformum og sagnbeygingum ver\u00f0ur miklu au\u00f0veldara a\u00f0 \u00feekkja og l\u00e6ra n\u00fd or\u00f0.<\/p>\n\n\n\n<p><strong>A\u00f0 l\u00e6ra arab\u00edska m\u00e1lfr\u00e6\u00f0i<\/strong> kann a\u00f0 vir\u00f0ast \u00f3gnvekjandi \u00ed fyrstu, en me\u00f0 \u00ferautseigju og hollustu muntu geta meti\u00f0 fegur\u00f0 \u00feessa fl\u00f3kna tungum\u00e1ls. R\u00e9tt eins og a\u00f0 leysa fl\u00f3kna \u00feraut e\u00f0a r\u00e1\u00f0a dulk\u00f3\u00f0a\u00f0an k\u00f3\u00f0a, liggja ver\u00f0launin \u00ed \u00e1n\u00e6gjunni af \u00fev\u00ed a\u00f0 opna leyndard\u00f3ma arab\u00edsku tungum\u00e1lsins og s\u00f6kkva \u00fe\u00e9r ni\u00f0ur \u00ed r\u00edka menningu \u00feess, s\u00f6gu og b\u00f3kmenntir. Svo, eftir hverju ertu a\u00f0 b\u00ed\u00f0a? Kafa\u00f0u inn \u00ed heillandi heim arab\u00edskrar m\u00e1lfr\u00e6\u00f0i og uppg\u00f6tva\u00f0u hinn sanna kjarna \u00feess sj\u00e1lfur.<\/p>\n<\/div><\/div>\n\r\n<section class=\"learnNavigationSection\">\r\n            \r\n        <a href=\"https:\/\/talkpal.ai\/is\/laerdu-arabisku\/\">\r\n            <div class=\"learnNavigationWrapper\">\r\n                <div class=\"learnNavigationContent\">\r\n                    <img decoding=\"async\" src=\"https:\/\/talkpal.ai\/wp-content\/uploads\/2024\/08\/Arabic.jpg\" alt=\"Arabic Flag\">\r\n                    <div>\r\n                        <h4>Um arab\u00edsku n\u00e1m<\/h4>\r\n                        <p>Finndu \u00fat allt um arab\u00edska m\u00e1lfr\u00e6\u00f0i.<\/p>\r\n                    <\/div>\r\n                <\/div>\r\n            <\/div>\r\n        <\/a>\r\n\r\n        \r\n        <a href=\"https:\/\/talkpal.ai\/is\/arabiskar-malfraediaefingar\/\">\r\n            <div class=\"learnNavigationWrapper\">\r\n                <div class=\"learnNavigationContent\">\r\n                    <img decoding=\"async\" src=\"https:\/\/talkpal.ai\/wp-content\/uploads\/2024\/08\/Arabic.jpg\" alt=\"Arabic Flag\">\r\n                    <div>\r\n                        <h4>Arab\u00edsk m\u00e1lfr\u00e6\u00f0i\u00e6fing<\/h4>\r\n                        <p>\u00c6f\u00f0u \u00feig \u00ed arab\u00edskri m\u00e1lfr\u00e6\u00f0i.<\/p>\r\n                    <\/div>\r\n                <\/div>\r\n            <\/div>\r\n        <\/a>\r\n\r\n        \r\n        <a href=\"https:\/\/talkpal.ai\/vocabulary_language\/arabic\/\">\r\n            <div class=\"learnNavigationWrapper\">\r\n                <div class=\"learnNavigationContent\">\r\n                    <img decoding=\"async\" src=\"https:\/\/talkpal.ai\/wp-content\/uploads\/2024\/08\/Arabic.jpg\" alt=\"Arabic Flag\">\r\n                    <div>\r\n                        <h4>Arab\u00edskur or\u00f0afor\u00f0i<\/h4>\r\n                        <p>St\u00e6kka\u00f0u arab\u00edska or\u00f0afor\u00f0a \u00feinn.<\/p>\r\n                    <\/div>\r\n                <\/div>\r\n            <\/div>\r\n        <\/a>\r\n\r\n            <\/section>","protected":false},"excerpt":{"rendered":"<p>Ranghalar arab\u00edskrar m\u00e1lfr\u00e6\u00f0i: fer\u00f0alag um r\u00e6tur s\u00ednar og fegur\u00f0 Manstu \u00feegar \u00fe\u00fa byrja\u00f0ir fyrst a\u00f0 l\u00e6ra enska m\u00e1lfr\u00e6\u00f0i? A\u00f0 \u00fev\u00ed er vir\u00f0ist endalausar reglur, undantekningar og hugt\u00f6k g\u00e6tu hafa valdi\u00f0 \u00fe\u00e9r ofvi\u00f0a stundum. Ef \u00fe\u00fa ert a\u00f0 hugsa um a\u00f0 l\u00e6ra arab\u00edska tungum\u00e1li\u00f0, vertu viss um a\u00f0 \u00fea\u00f0 hefur einstakt og fl\u00f3ki\u00f0 m\u00e1lfr\u00e6\u00f0ikerfi l\u00edka. Svo [&hellip;]<\/p>\n","protected":false},"author":1,"featured_media":105874,"parent":0,"menu_order":0,"comment_status":"closed","ping_status":"closed","template":"LearningContentPage.php","meta":{"_acf_changed":false,"footnotes":""},"class_list":["post-127917","page","type-page","status-publish","has-post-thumbnail","hentry"],"acf":[],"yoast_head":"<!-- This site is optimized with the Yoast SEO Premium plugin v27.2 (Yoast SEO v27.2) - https:\/\/yoast.com\/product\/yoast-seo-premium-wordpress\/ -->\n<title>Arab\u00edsk m\u00e1lfr\u00e6\u00f0i - Talkpal<\/title>\n<meta name=\"description\" content=\"Kanna\u00f0u fl\u00e6kjur arab\u00edskrar m\u00e1lfr\u00e6\u00f0i og uppg\u00f6tva\u00f0u einstaka uppbyggingu hennar samanbori\u00f0 vi\u00f0 enska m\u00e1lfr\u00e6\u00f0i.\" \/>\n<meta name=\"robots\" content=\"index, follow, max-snippet:-1, max-image-preview:large, max-video-preview:-1\" \/>\n<link rel=\"canonical\" href=\"https:\/\/talkpal.ai\/is\/arabisk-malfraedi\/\" \/>\n<meta property=\"og:locale\" content=\"is_IS\" \/>\n<meta property=\"og:type\" content=\"article\" \/>\n<meta property=\"og:title\" content=\"Arab\u00edsk m\u00e1lfr\u00e6\u00f0i\" \/>\n<meta property=\"og:description\" content=\"Ranghalar arab\u00edskrar m\u00e1lfr\u00e6\u00f0i: fer\u00f0alag um r\u00e6tur s\u00ednar og fegur\u00f0 Manstu \u00feegar \u00fe\u00fa byrja\u00f0ir fyrst a\u00f0 l\u00e6ra enska m\u00e1lfr\u00e6\u00f0i? A\u00f0 \u00fev\u00ed er vir\u00f0ist endalausar\" \/>\n<meta property=\"og:url\" content=\"https:\/\/talkpal.ai\/is\/arabisk-malfraedi\/\" \/>\n<meta property=\"og:site_name\" content=\"Talkpal\" \/>\n<meta property=\"article:publisher\" content=\"https:\/\/www.facebook.com\/profile.php?id=100090733639311\" \/>\n<meta property=\"article:modified_time\" content=\"2025-05-21T11:48:47+00:00\" \/>\n<meta property=\"og:image\" content=\"https:\/\/talkpal.ai\/wp-content\/uploads\/2023\/04\/arabic-united-arab-emirates.png\" \/>\n\t<meta property=\"og:image:width\" content=\"512\" \/>\n\t<meta property=\"og:image:height\" content=\"512\" \/>\n\t<meta property=\"og:image:type\" content=\"image\/png\" \/>\n<meta name=\"twitter:card\" content=\"summary_large_image\" \/>\n<meta name=\"twitter:site\" content=\"@talkpalai\" \/>\n<meta name=\"twitter:label1\" content=\"Est. reading time\" \/>\n\t<meta name=\"twitter:data1\" content=\"3 minutes\" \/>\n<script type=\"application\/ld+json\" class=\"yoast-schema-graph\">{\"@context\":\"https:\/\/schema.org\",\"@graph\":[{\"@type\":\"WebPage\",\"@id\":\"https:\/\/talkpal.ai\/is\/arabisk-malfraedi\/\",\"url\":\"https:\/\/talkpal.ai\/is\/arabisk-malfraedi\/\",\"name\":\"Arab\u00edsk m\u00e1lfr\u00e6\u00f0i - Talkpal\",\"isPartOf\":{\"@id\":\"https:\/\/talkpal.ai\/is\/#website\"},\"primaryImageOfPage\":{\"@id\":\"https:\/\/talkpal.ai\/is\/arabisk-malfraedi\/#primaryimage\"},\"image\":{\"@id\":\"https:\/\/talkpal.ai\/is\/arabisk-malfraedi\/#primaryimage\"},\"thumbnailUrl\":\"https:\/\/talkpal.ai\/wp-content\/uploads\/2023\/04\/arabic-united-arab-emirates.png\",\"datePublished\":\"2023-05-14T13:43:38+00:00\",\"dateModified\":\"2025-05-21T11:48:47+00:00\",\"description\":\"Kanna\u00f0u fl\u00e6kjur arab\u00edskrar m\u00e1lfr\u00e6\u00f0i og uppg\u00f6tva\u00f0u einstaka uppbyggingu hennar samanbori\u00f0 vi\u00f0 enska m\u00e1lfr\u00e6\u00f0i.\",\"breadcrumb\":{\"@id\":\"https:\/\/talkpal.ai\/is\/arabisk-malfraedi\/#breadcrumb\"},\"inLanguage\":\"is\",\"potentialAction\":[{\"@type\":\"ReadAction\",\"target\":[\"https:\/\/talkpal.ai\/is\/arabisk-malfraedi\/\"]}]},{\"@type\":\"ImageObject\",\"inLanguage\":\"is\",\"@id\":\"https:\/\/talkpal.ai\/is\/arabisk-malfraedi\/#primaryimage\",\"url\":\"https:\/\/talkpal.ai\/wp-content\/uploads\/2023\/04\/arabic-united-arab-emirates.png\",\"contentUrl\":\"https:\/\/talkpal.ai\/wp-content\/uploads\/2023\/04\/arabic-united-arab-emirates.png\",\"width\":512,\"height\":512},{\"@type\":\"BreadcrumbList\",\"@id\":\"https:\/\/talkpal.ai\/is\/arabisk-malfraedi\/#breadcrumb\",\"itemListElement\":[{\"@type\":\"ListItem\",\"position\":1,\"name\":\"Homepage\",\"item\":\"https:\/\/talkpal.ai\/is\/\"},{\"@type\":\"ListItem\",\"position\":2,\"name\":\"Arab\u00edsk m\u00e1lfr\u00e6\u00f0i\"}]},{\"@type\":\"WebSite\",\"@id\":\"https:\/\/talkpal.ai\/is\/#website\",\"url\":\"https:\/\/talkpal.ai\/is\/\",\"name\":\"Talkpal\",\"description\":\"AI Language Learning\",\"publisher\":{\"@id\":\"https:\/\/talkpal.ai\/is\/#organization\"},\"alternateName\":\"Talkpal AI\",\"potentialAction\":[{\"@type\":\"SearchAction\",\"target\":{\"@type\":\"EntryPoint\",\"urlTemplate\":\"https:\/\/talkpal.ai\/is\/?s={search_term_string}\"},\"query-input\":{\"@type\":\"PropertyValueSpecification\",\"valueRequired\":true,\"valueName\":\"search_term_string\"}}],\"inLanguage\":\"is\"},{\"@type\":\"Organization\",\"@id\":\"https:\/\/talkpal.ai\/is\/#organization\",\"name\":\"Talkpal, Inc.\",\"alternateName\":\"Talkpal AI\",\"url\":\"https:\/\/talkpal.ai\/is\/\",\"logo\":{\"@type\":\"ImageObject\",\"inLanguage\":\"is\",\"@id\":\"https:\/\/talkpal.ai\/is\/#\/schema\/logo\/image\/\",\"url\":\"https:\/\/talkpal.ai\/wp-content\/uploads\/2024\/03\/Talkpal-Logo-Icon.png\",\"contentUrl\":\"https:\/\/talkpal.ai\/wp-content\/uploads\/2024\/03\/Talkpal-Logo-Icon.png\",\"width\":2880,\"height\":2880,\"caption\":\"Talkpal, Inc.\"},\"image\":{\"@id\":\"https:\/\/talkpal.ai\/is\/#\/schema\/logo\/image\/\"},\"sameAs\":[\"https:\/\/www.facebook.com\/profile.php?id=100090733639311\",\"https:\/\/x.com\/talkpalai\",\"https:\/\/www.linkedin.com\/company\/talkpal\/\",\"https:\/\/www.youtube.com\/@TalkPal\/\",\"https:\/\/www.tiktok.com\/@talkpal\",\"https:\/\/www.instagram.com\/talkpal_ai\/\",\"https:\/\/www.crunchbase.com\/organization\/talkpal-9cde\",\"https:\/\/www.g2.com\/products\/talkpal-for-business\/\",\"https:\/\/www.trustpilot.com\/review\/talkpal.ai\",\"https:\/\/www.capterra.com\/p\/10006800\/TalkPal\/\"],\"description\":\"Talkpal is a language learning web and mobile education app, powered by the latest AI technologies, that provides engaging experiences to its customers in many different languages to help them improve their language skills. Users can chat about unlimited amount of topics with the app and use other modes to practice their language learning.\",\"email\":\"support@talkpal.ai\",\"legalName\":\"Talkpal, Inc.\",\"foundingDate\":\"2023-04-03\",\"duns\":\"118989042\",\"numberOfEmployees\":{\"@type\":\"QuantitativeValue\",\"minValue\":\"11\",\"maxValue\":\"50\"},\"publishingPrinciples\":\"https:\/\/talkpal.ai\/publishing-principles\/\",\"actionableFeedbackPolicy\":\"https:\/\/talkpal.ai\/actionable-feedback-policy\/\",\"correctionsPolicy\":\"https:\/\/talkpal.ai\/corrections-policy\/\",\"ethicsPolicy\":\"https:\/\/talkpal.ai\/ethics-policy\/\",\"diversityPolicy\":\"https:\/\/talkpal.ai\/diversity-policy\/\",\"diversityStaffingReport\":\"https:\/\/talkpal.ai\/diversity-policy\/\"}]}<\/script>\n<!-- \/ Yoast SEO Premium plugin. -->","yoast_head_json":{"title":"Arab\u00edsk m\u00e1lfr\u00e6\u00f0i - Talkpal","description":"Kanna\u00f0u fl\u00e6kjur arab\u00edskrar m\u00e1lfr\u00e6\u00f0i og uppg\u00f6tva\u00f0u einstaka uppbyggingu hennar samanbori\u00f0 vi\u00f0 enska m\u00e1lfr\u00e6\u00f0i.","robots":{"index":"index","follow":"follow","max-snippet":"max-snippet:-1","max-image-preview":"max-image-preview:large","max-video-preview":"max-video-preview:-1"},"canonical":"https:\/\/talkpal.ai\/is\/arabisk-malfraedi\/","og_locale":"is_IS","og_type":"article","og_title":"Arab\u00edsk m\u00e1lfr\u00e6\u00f0i","og_description":"Ranghalar arab\u00edskrar m\u00e1lfr\u00e6\u00f0i: fer\u00f0alag um r\u00e6tur s\u00ednar og fegur\u00f0 Manstu \u00feegar \u00fe\u00fa byrja\u00f0ir fyrst a\u00f0 l\u00e6ra enska m\u00e1lfr\u00e6\u00f0i? A\u00f0 \u00fev\u00ed er vir\u00f0ist endalausar","og_url":"https:\/\/talkpal.ai\/is\/arabisk-malfraedi\/","og_site_name":"Talkpal","article_publisher":"https:\/\/www.facebook.com\/profile.php?id=100090733639311","article_modified_time":"2025-05-21T11:48:47+00:00","og_image":[{"width":512,"height":512,"url":"https:\/\/talkpal.ai\/wp-content\/uploads\/2023\/04\/arabic-united-arab-emirates.png","type":"image\/png"}],"twitter_card":"summary_large_image","twitter_site":"@talkpalai","twitter_misc":{"Est. reading time":"3 minutes"},"schema":{"@context":"https:\/\/schema.org","@graph":[{"@type":"WebPage","@id":"https:\/\/talkpal.ai\/is\/arabisk-malfraedi\/","url":"https:\/\/talkpal.ai\/is\/arabisk-malfraedi\/","name":"Arab\u00edsk m\u00e1lfr\u00e6\u00f0i - Talkpal","isPartOf":{"@id":"https:\/\/talkpal.ai\/is\/#website"},"primaryImageOfPage":{"@id":"https:\/\/talkpal.ai\/is\/arabisk-malfraedi\/#primaryimage"},"image":{"@id":"https:\/\/talkpal.ai\/is\/arabisk-malfraedi\/#primaryimage"},"thumbnailUrl":"https:\/\/talkpal.ai\/wp-content\/uploads\/2023\/04\/arabic-united-arab-emirates.png","datePublished":"2023-05-14T13:43:38+00:00","dateModified":"2025-05-21T11:48:47+00:00","description":"Kanna\u00f0u fl\u00e6kjur arab\u00edskrar m\u00e1lfr\u00e6\u00f0i og uppg\u00f6tva\u00f0u einstaka uppbyggingu hennar samanbori\u00f0 vi\u00f0 enska m\u00e1lfr\u00e6\u00f0i.","breadcrumb":{"@id":"https:\/\/talkpal.ai\/is\/arabisk-malfraedi\/#breadcrumb"},"inLanguage":"is","potentialAction":[{"@type":"ReadAction","target":["https:\/\/talkpal.ai\/is\/arabisk-malfraedi\/"]}]},{"@type":"ImageObject","inLanguage":"is","@id":"https:\/\/talkpal.ai\/is\/arabisk-malfraedi\/#primaryimage","url":"https:\/\/talkpal.ai\/wp-content\/uploads\/2023\/04\/arabic-united-arab-emirates.png","contentUrl":"https:\/\/talkpal.ai\/wp-content\/uploads\/2023\/04\/arabic-united-arab-emirates.png","width":512,"height":512},{"@type":"BreadcrumbList","@id":"https:\/\/talkpal.ai\/is\/arabisk-malfraedi\/#breadcrumb","itemListElement":[{"@type":"ListItem","position":1,"name":"Homepage","item":"https:\/\/talkpal.ai\/is\/"},{"@type":"ListItem","position":2,"name":"Arab\u00edsk m\u00e1lfr\u00e6\u00f0i"}]},{"@type":"WebSite","@id":"https:\/\/talkpal.ai\/is\/#website","url":"https:\/\/talkpal.ai\/is\/","name":"Talkpal","description":"AI Language Learning","publisher":{"@id":"https:\/\/talkpal.ai\/is\/#organization"},"alternateName":"Talkpal AI","potentialAction":[{"@type":"SearchAction","target":{"@type":"EntryPoint","urlTemplate":"https:\/\/talkpal.ai\/is\/?s={search_term_string}"},"query-input":{"@type":"PropertyValueSpecification","valueRequired":true,"valueName":"search_term_string"}}],"inLanguage":"is"},{"@type":"Organization","@id":"https:\/\/talkpal.ai\/is\/#organization","name":"Talkpal, Inc.","alternateName":"Talkpal AI","url":"https:\/\/talkpal.ai\/is\/","logo":{"@type":"ImageObject","inLanguage":"is","@id":"https:\/\/talkpal.ai\/is\/#\/schema\/logo\/image\/","url":"https:\/\/talkpal.ai\/wp-content\/uploads\/2024\/03\/Talkpal-Logo-Icon.png","contentUrl":"https:\/\/talkpal.ai\/wp-content\/uploads\/2024\/03\/Talkpal-Logo-Icon.png","width":2880,"height":2880,"caption":"Talkpal, Inc."},"image":{"@id":"https:\/\/talkpal.ai\/is\/#\/schema\/logo\/image\/"},"sameAs":["https:\/\/www.facebook.com\/profile.php?id=100090733639311","https:\/\/x.com\/talkpalai","https:\/\/www.linkedin.com\/company\/talkpal\/","https:\/\/www.youtube.com\/@TalkPal\/","https:\/\/www.tiktok.com\/@talkpal","https:\/\/www.instagram.com\/talkpal_ai\/","https:\/\/www.crunchbase.com\/organization\/talkpal-9cde","https:\/\/www.g2.com\/products\/talkpal-for-business\/","https:\/\/www.trustpilot.com\/review\/talkpal.ai","https:\/\/www.capterra.com\/p\/10006800\/TalkPal\/"],"description":"Talkpal is a language learning web and mobile education app, powered by the latest AI technologies, that provides engaging experiences to its customers in many different languages to help them improve their language skills. Users can chat about unlimited amount of topics with the app and use other modes to practice their language learning.","email":"support@talkpal.ai","legalName":"Talkpal, Inc.","foundingDate":"2023-04-03","duns":"118989042","numberOfEmployees":{"@type":"QuantitativeValue","minValue":"11","maxValue":"50"},"publishingPrinciples":"https:\/\/talkpal.ai\/publishing-principles\/","actionableFeedbackPolicy":"https:\/\/talkpal.ai\/actionable-feedback-policy\/","correctionsPolicy":"https:\/\/talkpal.ai\/corrections-policy\/","ethicsPolicy":"https:\/\/talkpal.ai\/ethics-policy\/","diversityPolicy":"https:\/\/talkpal.ai\/diversity-policy\/","diversityStaffingReport":"https:\/\/talkpal.ai\/diversity-policy\/"}]}},"_links":{"self":[{"href":"https:\/\/talkpal.ai\/is\/wp-json\/wp\/v2\/pages\/127917","targetHints":{"allow":["GET"]}}],"collection":[{"href":"https:\/\/talkpal.ai\/is\/wp-json\/wp\/v2\/pages"}],"about":[{"href":"https:\/\/talkpal.ai\/is\/wp-json\/wp\/v2\/types\/page"}],"author":[{"embeddable":true,"href":"https:\/\/talkpal.ai\/is\/wp-json\/wp\/v2\/users\/1"}],"replies":[{"embeddable":true,"href":"https:\/\/talkpal.ai\/is\/wp-json\/wp\/v2\/comments?post=127917"}],"version-history":[{"count":0,"href":"https:\/\/talkpal.ai\/is\/wp-json\/wp\/v2\/pages\/127917\/revisions"}],"wp:featuredmedia":[{"embeddable":true,"href":"https:\/\/talkpal.ai\/is\/wp-json\/wp\/v2\/media\/105874"}],"wp:attachment":[{"href":"https:\/\/talkpal.ai\/is\/wp-json\/wp\/v2\/media?parent=127917"}],"curies":[{"name":"wp","href":"https:\/\/api.w.org\/{rel}","templated":true}]}}