{"id":126833,"date":"2023-03-26T12:27:22","date_gmt":"2023-03-26T12:27:22","guid":{"rendered":"http:\/\/talkpal.ai\/itolsk-malfraedi\/"},"modified":"2025-05-22T18:44:08","modified_gmt":"2025-05-22T18:44:08","slug":"itolsk-malfraedi","status":"publish","type":"page","link":"https:\/\/talkpal.ai\/is\/itolsk-malfraedi\/","title":{"rendered":"\u00cdt\u00f6lsk m\u00e1lfr\u00e6\u00f0i"},"content":{"rendered":"\r\n\r\n\r\n<section class=\"languageChallengeSection\">\r\n    <div class=\"languageInfoWrapper\">\r\n        \r\n        <h1>\u00cdt\u00f6lsk m\u00e1lfr\u00e6\u00f0i<\/h1>\r\n        <p>Kynntu \u00fe\u00e9r grunnatri\u00f0i \u00edt\u00f6lsku tungum\u00e1lsins me\u00f0 \u00fev\u00ed a\u00f0 l\u00e6ra helstu m\u00e1lfr\u00e6\u00f0ireglur \u00feess. A\u00f0 n\u00e1 g\u00f3\u00f0um t\u00f6kum \u00e1 \u00edtalskri <a href=\"https:\/\/talkpal.ai\/grammar\/\">m\u00e1lfr\u00e6\u00f0i<\/a> mun hj\u00e1lpa \u00fe\u00e9r a\u00f0 tj\u00e1 \u00feig af \u00f6ryggi og tengjast d\u00fdpri menningu \u00cdtal\u00edu. Byrja\u00f0u a\u00f0 l\u00e6ra <a href=\"https:\/\/talkpal.ai\/learn-italian\/\">\u00edtalska<\/a> m\u00e1lfr\u00e6\u00f0i \u00ed dag og taktu fyrsta skrefi\u00f0 \u00ed \u00e1tt a\u00f0 f\u00e6rni \u00ed \u00edt\u00f6lsku!<\/p>\r\n\r\n                            <a class=\"getStartedHidden\" href=\"https:\/\/app.talkpal.ai\/signup?lng=\">Byrja\u00f0u<\/a>\r\n        \r\n    <\/div>\r\n\r\n    <figure>\r\n    <img decoding=\"async\" width=\"768\" height=\"768\" src=\"https:\/\/talkpal.ai\/wp-content\/uploads\/2023\/06\/italian-768x768.png\" class=\"languageImage no-lazy\" alt=\"Language learning for increased memory capacity\" fetchpriority=\"high\" sizes=\"(max-width: 768px) 150px, 768px\" srcset=\"https:\/\/talkpal.ai\/wp-content\/uploads\/2023\/06\/italian-768x768.png 768w, https:\/\/talkpal.ai\/wp-content\/uploads\/2023\/06\/italian-300x300.png 300w\" \/>\r\n    \r\n\r\n    <\/figure>\r\n\r\n            <a class=\"getStartedVisible\" href=\"https:\/\/app.talkpal.ai\/signup?lng=\">Byrja\u00f0u<\/a>\r\n    \r\n<\/section>\r\n<section class=\"promotionalBanner\">\r\n    <p class=\"promotionalText\">Skilvirkasta lei\u00f0in til a\u00f0 l\u00e6ra tungum\u00e1l<\/p>\r\n    <a class=\"promotionalLink\" href=\"https:\/\/app.talkpal.ai\/signup?lng=\">Pr\u00f3fa\u00f0u Talkpal \u00f3keypis<\/a>\r\n<\/section>\n<div class=\"wp-block-group pageContainerStyle\"><div class=\"wp-block-group__inner-container is-layout-constrained wp-block-group-is-layout-constrained\">\n<h2 class=\"wp-block-heading\" id=\"h-mastering-the-art-of-italian-grammar-your-ultimate-guide\">A\u00f0 n\u00e1 t\u00f6kum \u00e1 list \u00edtalskrar m\u00e1lfr\u00e6\u00f0i: Fullkominn lei\u00f0arv\u00edsir<\/h2>\n\n\n\n<p>Ciao, tungum\u00e1la\u00e1hugamenn! Tilb\u00fainn til a\u00f0 kafa \u00e1 hausinn inn \u00ed heim \u00edtalskrar m\u00e1lfr\u00e6\u00f0i? \u00de\u00fa ert kominn \u00e1 r\u00e9ttan sta\u00f0. Pakka\u00f0 me\u00f0 uppl\u00fdsingum sem au\u00f0velt er a\u00f0 melta og samtals \u00ed t\u00f3ni, \u00feessi grein mun lei\u00f0a \u00feig \u00ed gegnum heillandi (og stundum erfi\u00f0an) heim \u00edtalskrar m\u00e1lfr\u00e6\u00f0i svo \u00fe\u00fa getir byggt upp setningar og \u00e1tt innihaldsr\u00edk samt\u00f6l vi\u00f0 m\u00f3\u00f0urm\u00e1l. Svo, spenntu \u00feig og vi\u00f0 skulum <a href=\"https:\/\/talkpal.ai\/ko\/ai-%ec%96%b8%ec%96%b4-%ea%b5%90%ec%82%ac\/\">byrja<\/a>!<\/p>\n\n\n\n<h3 class=\"wp-block-heading\" id=\"h-but-first-why-italian-grammar\">En fyrst, hvers vegna \u00edtalsk m\u00e1lfr\u00e6\u00f0i?<\/h3>\n\n\n\n<p>Ef \u00fe\u00fa ert a\u00f0 l\u00e6ra \u00edt\u00f6lsku er sterkur grunnur \u00ed m\u00e1lfr\u00e6\u00f0i mikilv\u00e6gt til a\u00f0 <a href=\"https:\/\/talkpal.ai\/locations\/language-courses-in-tala\/\">tala<\/a>, lesa og skrifa reiprennandi. \u00cdtalsk m\u00e1lfr\u00e6\u00f0i kann a\u00f0 vir\u00f0ast fl\u00f3kin \u00ed fyrstu, en h\u00fan er tilt\u00f6lulega einf\u00f6ld \u00feegar \u00fe\u00fa skiptir henni ni\u00f0ur \u00ed sm\u00e6rri, me\u00f0f\u00e6rilegri hluti. Svo, vi\u00f0 skulum hefja fer\u00f0 \u00fe\u00edna \u00ed \u00e1tt a\u00f0 \u00fev\u00ed a\u00f0 n\u00e1 t\u00f6kum \u00e1 \u00edtalskri m\u00e1lfr\u00e6\u00f0i!<\/p>\n\n\n\n<h3 class=\"wp-block-heading\" id=\"h-1-nouns-articles-and-gender\">1. Nafnor\u00f0, greinar og kyn<\/h3>\n\n\n\n<p>\u00cdt\u00f6lsk nafnor\u00f0 koma \u00ed tveimur kynjum: karlkyns og kvenkyns. \u00d3l\u00edkt ensku, \u00fear sem kyn nafnor\u00f0sins er \u00f3vi\u00f0komandi, krefst <a href=\"https:\/\/talkpal.ai\/learn-italian\/\">\u00edtalska<\/a> r\u00e9tta kynsins fyrir r\u00e9tta setningager\u00f0. Getur\u00f0u giska\u00f0 \u00e1 kyn nafnor\u00f0a eins og \u201etavolo\u201c (bor\u00f0) e\u00f0a \u201ecasa\u201c (h\u00fas)? Ef \u00fe\u00fa giska\u00f0ir \u00e1 karlmannlegt fyrir \u201etavolo\u201c og kvenlegt fyrir \u201ecasa,\u201c bravo!<\/p>\n\n\n\n<p>\u00c1 \u00edt\u00f6lsku enda nafnor\u00f0 venjulega \u00e1 \u201e-o\u201c fyrir karlkyn og \u201e-a\u201c fyrir kvenkyn. \u00dea\u00f0 eru undantekningar \u2013 sum or\u00f0 enda \u00e1 \u201e-e\u201c og g\u00e6tu veri\u00f0 anna\u00f0 hvort kyni\u00f0 \u2013 en \u00ed bili skulum vi\u00f0 hafa \u00feessa grundvallarreglu \u00ed huga.<\/p>\n\n\n\n<p>N\u00fa skulum vi\u00f0 tala um greinar. R\u00e9tt eins og \u00e1 ensku \u00feurfum vi\u00f0 greinar \u00e1 undan nafnor\u00f0um. \u00cdtalska hefur \u00e1kve\u00f0na (il, lo, la, i, gli, le) og \u00f3\u00e1kve\u00f0na greinar (un, uno, una).<\/p>\n\n\n\n<p>Svo, hvernig veljum vi\u00f0 hva\u00f0a \u00e1kve\u00f0nu grein \u00e1 a\u00f0 nota?<\/p>\n\n\n\n<p>\u2013 \u201eil\u201c og \u201ei\u201c fyrir karlkynsnafnor\u00f0 sem byrja \u00e1 samhlj\u00f3\u00f0i, td il libro (b\u00f3kin), i libri (b\u00e6kurnar)<br\/>\u2013 \u201elo\u201c og \u201egli\u201c fyrir karlkynsnafnor\u00f0 sem byrja \u00e1 \u201es\u201c \u00e1 eftir samhlj\u00f3\u00f0i, s\u00e9rhlj\u00f3\u00f0i (nema \u201eu\u201c), e\u00f0a \u201ez,\u201c td lo <a href=\"https:\/\/talkpal.ai\/talkpal-discount-for-students\/\">studente<\/a> (nemandinn), gli <a href=\"https:\/\/talkpal.ai\/talkpal-discount-for-students\/\">studenti<\/a> (the nemendur)<br\/>\u2013 \u201ela\u201c og \u201ele\u201c fyrir kvenkynsnafnor\u00f0, td la casa (h\u00fasi\u00f0), le case (h\u00fasin)<\/p>\n\n\n\n<h3 class=\"wp-block-heading\" id=\"h-2-adjectives-and-agreement\">2. L\u00fdsingaror\u00f0 og samkomulag<\/h3>\n\n\n\n<p>L\u00fdsingaror\u00f0 \u00e1 \u00edt\u00f6lsku ver\u00f0a a\u00f0 vera \u00ed samr\u00e6mi vi\u00f0 nafnor\u00f0i\u00f0 sem \u00feau breyta \u00ed kyni og t\u00f6lu. Til d\u00e6mis, til a\u00f0 l\u00fdsa d\u00fdrindis pizzu, myndir\u00f0u segja \u201euna pizza deliziosa\u201c en ekki \u201edelizioso\u201c. Mundu a\u00f0 l\u00fdsingaror\u00f0i\u00f0 kemur venjulega \u00e1 eftir nafnor\u00f0inu \u00e1 \u00edt\u00f6lsku.<\/p>\n\n\n\n<h3 class=\"wp-block-heading\" id=\"h-3-verbs-tense-and-conjugation\">3. Sagnor\u00f0, t\u00ed\u00f0 og samtenging<\/h3>\n\n\n\n<p>\u00cdtalskar sagnir eru st\u00f3r hluti af m\u00e1lfr\u00e6\u00f0i. \u00dea\u00f0 eru \u00fer\u00edr sagnaflokkar (-are, -ere og -ire) og tonn af \u00f3reglulegum sagnum, \u00feannig a\u00f0 vi\u00f0 erum me\u00f0 verk okkar! Til a\u00f0 gefa \u00fe\u00e9r flj\u00f3tt yfirlit skulum vi\u00f0 n\u00e1 yfir n\u00fat\u00ed\u00f0 reglulegra sagna.<\/p>\n\n\n\n<p>\u2013 \u201e-eru\u201c sagnir: td parlare (a\u00f0 tala): io parlo, tu parli, lui\/lei parla, noi parliamo, voi parlate, loro parlano<br\/>\u2013 \u201e-ere\u201c sagnir: td, leggere (a\u00f0 lesa): io leggo, tu leggi, lui\/lei legge, noi leggiamo, voi leggete, loro leggono<br\/>\u2013 \u201e-ire\u201c sagnir: td finire (a\u00f0 kl\u00e1ra): io finisco, tu finisci, lui\/lei finisce, noi finiamo, voi finite, loro finiscono<\/p>\n\n\n\n<p>Haf\u00f0u \u00ed huga a\u00f0 \u00feetta er bara toppurinn \u00e1 \u00edsjakanum! \u00dea\u00f0 eru margar a\u00f0rar t\u00ed\u00f0ir og \u00f3reglulegar sagnir til a\u00f0 l\u00e6ra, en hvert fer\u00f0alag byrjar me\u00f0 einu skrefi.<\/p>\n\n\n\n<h3 class=\"wp-block-heading\" id=\"h-4-prepositions-pronouns-and-more\">4. Forsetningar, forn\u00f6fn og fleira!<\/h3>\n\n\n\n<p>\u00cdtalsk m\u00e1lfr\u00e6\u00f0i hefur marga a\u00f0ra \u00fe\u00e6tti eins og forsetningar (di, a, da, in, su, o.s.frv.), forn\u00f6fn (io, tu, lui\/lei, osfrv.), Reflexive sagnir og or\u00f0atilt\u00e6ki. Hver \u00edhluti er lykillinn a\u00f0 \u00fev\u00ed a\u00f0 opna kunn\u00e1ttu \u00fe\u00edna, svo taktu \u00fea\u00f0 eitt skref \u00ed einu.<\/p>\n\n\n\n<p>A\u00f0 lokum, \u00fea\u00f0 er engin fl\u00fdtilei\u00f0 til a\u00f0 n\u00e1 t\u00f6kum \u00e1 \u00edtalskri m\u00e1lfr\u00e6\u00f0i. \u00dea\u00f0 krefst \u00ferautseigju, \u00e6fingu og \u00feolinm\u00e6\u00f0i. En \u00feegar \u00fe\u00fa hefur n\u00e1\u00f0 t\u00f6kum \u00e1 \u00fev\u00ed muntu geta upplifa\u00f0 fegur\u00f0 \u00feess a\u00f0 spjalla \u00e1 \u00edt\u00f6lsku, uppg\u00f6tva r\u00edka menningu og s\u00f6gu og d\u00fdpka \u00feakkl\u00e6ti \u00feitt fyrir tungum\u00e1linu. Gangi \u00fe\u00e9r vel!<\/p>\n<\/div><\/div>\n\r\n<section class=\"learnNavigationSection\">\r\n            \r\n        <a href=\"https:\/\/talkpal.ai\/is\/laerdu-itolsku\/\">\r\n            <div class=\"learnNavigationWrapper\">\r\n                <div class=\"learnNavigationContent\">\r\n                    <img decoding=\"async\" src=\"https:\/\/talkpal.ai\/wp-content\/uploads\/2024\/08\/Italian.jpg\" alt=\"Italian Flag\">\r\n                    <div>\r\n                        <h4>Um \u00edt\u00f6lskun\u00e1m<\/h4>\r\n                        <p>Finndu \u00fat allt um \u00edtalska m\u00e1lfr\u00e6\u00f0i.<\/p>\r\n                    <\/div>\r\n                <\/div>\r\n            <\/div>\r\n        <\/a>\r\n\r\n        \r\n        <a href=\"https:\/\/talkpal.ai\/is\/italska-malfraedi-aefingar\/\">\r\n            <div class=\"learnNavigationWrapper\">\r\n                <div class=\"learnNavigationContent\">\r\n                    <img decoding=\"async\" src=\"https:\/\/talkpal.ai\/wp-content\/uploads\/2024\/08\/Italian.jpg\" alt=\"Italian Flag\">\r\n                    <div>\r\n                        <h4>\u00cdt\u00f6lsk m\u00e1lfr\u00e6\u00f0i\u00e6fing<\/h4>\r\n                        <p>\u00c6f\u00f0u \u00edtalska m\u00e1lfr\u00e6\u00f0i.<\/p>\r\n                    <\/div>\r\n                <\/div>\r\n            <\/div>\r\n        <\/a>\r\n\r\n        \r\n        <a href=\"https:\/\/talkpal.ai\/vocabulary_language\/italian\/\">\r\n            <div class=\"learnNavigationWrapper\">\r\n                <div class=\"learnNavigationContent\">\r\n                    <img decoding=\"async\" src=\"https:\/\/talkpal.ai\/wp-content\/uploads\/2024\/08\/Italian.jpg\" alt=\"Italian Flag\">\r\n                    <div>\r\n                        <h4>\u00cdtalskur or\u00f0afor\u00f0i<\/h4>\r\n                        <p>St\u00e6kka\u00f0u \u00edtalska or\u00f0afor\u00f0a \u00feinn.<\/p>\r\n                    <\/div>\r\n                <\/div>\r\n            <\/div>\r\n        <\/a>\r\n\r\n            <\/section>","protected":false},"excerpt":{"rendered":"<p>A\u00f0 n\u00e1 t\u00f6kum \u00e1 list \u00edtalskrar m\u00e1lfr\u00e6\u00f0i: Fullkominn lei\u00f0arv\u00edsir Ciao, tungum\u00e1la\u00e1hugamenn! Tilb\u00fainn til a\u00f0 kafa \u00e1 hausinn inn \u00ed heim \u00edtalskrar m\u00e1lfr\u00e6\u00f0i? \u00de\u00fa ert kominn \u00e1 r\u00e9ttan sta\u00f0. Pakka\u00f0 me\u00f0 uppl\u00fdsingum sem au\u00f0velt er a\u00f0 melta og samtals \u00ed t\u00f3ni, \u00feessi grein mun lei\u00f0a \u00feig \u00ed gegnum heillandi (og stundum erfi\u00f0an) heim \u00edtalskrar m\u00e1lfr\u00e6\u00f0i svo [&hellip;]<\/p>\n","protected":false},"author":1,"featured_media":76230,"parent":0,"menu_order":0,"comment_status":"closed","ping_status":"closed","template":"LearningContentPage.php","meta":{"_acf_changed":false,"footnotes":""},"class_list":["post-126833","page","type-page","status-publish","has-post-thumbnail","hentry"],"acf":[],"yoast_head":"<!-- This site is optimized with the Yoast SEO Premium plugin v27.2 (Yoast SEO v27.2) - https:\/\/yoast.com\/product\/yoast-seo-premium-wordpress\/ -->\n<title>\u00cdt\u00f6lsk m\u00e1lfr\u00e6\u00f0i - Talkpal<\/title>\n<meta name=\"description\" content=\"L\u00e6r\u00f0u \u00edtalska m\u00e1lfr\u00e6\u00f0i au\u00f0veldlega - \u00e6f\u00f0u \u00feig sk\u00fdrt, skildu reglur og tala\u00f0u betur me\u00f0 einfaldri lei\u00f0s\u00f6gn fr\u00e1 Talkpal AI.\" \/>\n<meta name=\"robots\" content=\"index, follow, max-snippet:-1, max-image-preview:large, max-video-preview:-1\" \/>\n<link rel=\"canonical\" href=\"https:\/\/talkpal.ai\/is\/itolsk-malfraedi\/\" \/>\n<meta property=\"og:locale\" content=\"is_IS\" \/>\n<meta property=\"og:type\" content=\"article\" \/>\n<meta property=\"og:title\" content=\"\u00cdt\u00f6lsk m\u00e1lfr\u00e6\u00f0i\" \/>\n<meta property=\"og:description\" content=\"A\u00f0 n\u00e1 t\u00f6kum \u00e1 list \u00edtalskrar m\u00e1lfr\u00e6\u00f0i: Fullkominn lei\u00f0arv\u00edsir Ciao, tungum\u00e1la\u00e1hugamenn! Tilb\u00fainn til a\u00f0 kafa \u00e1 hausinn inn \u00ed heim \u00edtalskrar m\u00e1lfr\u00e6\u00f0i? \u00de\u00fa\" \/>\n<meta property=\"og:url\" content=\"https:\/\/talkpal.ai\/is\/itolsk-malfraedi\/\" \/>\n<meta property=\"og:site_name\" content=\"Talkpal\" \/>\n<meta property=\"article:publisher\" content=\"https:\/\/www.facebook.com\/profile.php?id=100090733639311\" \/>\n<meta property=\"article:modified_time\" content=\"2025-05-22T18:44:08+00:00\" \/>\n<meta property=\"og:image\" content=\"https:\/\/talkpal.ai\/wp-content\/uploads\/2023\/03\/italy.png\" \/>\n\t<meta property=\"og:image:width\" content=\"512\" \/>\n\t<meta property=\"og:image:height\" content=\"512\" \/>\n\t<meta property=\"og:image:type\" content=\"image\/png\" \/>\n<meta name=\"twitter:card\" content=\"summary_large_image\" \/>\n<meta name=\"twitter:site\" content=\"@talkpalai\" \/>\n<meta name=\"twitter:label1\" content=\"Est. reading time\" \/>\n\t<meta name=\"twitter:data1\" content=\"3 minutes\" \/>\n<script type=\"application\/ld+json\" class=\"yoast-schema-graph\">{\"@context\":\"https:\/\/schema.org\",\"@graph\":[{\"@type\":\"WebPage\",\"@id\":\"https:\/\/talkpal.ai\/is\/itolsk-malfraedi\/\",\"url\":\"https:\/\/talkpal.ai\/is\/itolsk-malfraedi\/\",\"name\":\"\u00cdt\u00f6lsk m\u00e1lfr\u00e6\u00f0i - Talkpal\",\"isPartOf\":{\"@id\":\"https:\/\/talkpal.ai\/is\/#website\"},\"primaryImageOfPage\":{\"@id\":\"https:\/\/talkpal.ai\/is\/itolsk-malfraedi\/#primaryimage\"},\"image\":{\"@id\":\"https:\/\/talkpal.ai\/is\/itolsk-malfraedi\/#primaryimage\"},\"thumbnailUrl\":\"https:\/\/talkpal.ai\/wp-content\/uploads\/2023\/03\/italy.png\",\"datePublished\":\"2023-03-26T12:27:22+00:00\",\"dateModified\":\"2025-05-22T18:44:08+00:00\",\"description\":\"L\u00e6r\u00f0u \u00edtalska m\u00e1lfr\u00e6\u00f0i au\u00f0veldlega - \u00e6f\u00f0u \u00feig sk\u00fdrt, skildu reglur og tala\u00f0u betur me\u00f0 einfaldri lei\u00f0s\u00f6gn fr\u00e1 Talkpal AI.\",\"breadcrumb\":{\"@id\":\"https:\/\/talkpal.ai\/is\/itolsk-malfraedi\/#breadcrumb\"},\"inLanguage\":\"is\",\"potentialAction\":[{\"@type\":\"ReadAction\",\"target\":[\"https:\/\/talkpal.ai\/is\/itolsk-malfraedi\/\"]}]},{\"@type\":\"ImageObject\",\"inLanguage\":\"is\",\"@id\":\"https:\/\/talkpal.ai\/is\/itolsk-malfraedi\/#primaryimage\",\"url\":\"https:\/\/talkpal.ai\/wp-content\/uploads\/2023\/03\/italy.png\",\"contentUrl\":\"https:\/\/talkpal.ai\/wp-content\/uploads\/2023\/03\/italy.png\",\"width\":512,\"height\":512,\"caption\":\"TalkPal AI learn Italian\"},{\"@type\":\"BreadcrumbList\",\"@id\":\"https:\/\/talkpal.ai\/is\/itolsk-malfraedi\/#breadcrumb\",\"itemListElement\":[{\"@type\":\"ListItem\",\"position\":1,\"name\":\"Homepage\",\"item\":\"https:\/\/talkpal.ai\/is\/\"},{\"@type\":\"ListItem\",\"position\":2,\"name\":\"\u00cdt\u00f6lsk m\u00e1lfr\u00e6\u00f0i\"}]},{\"@type\":\"WebSite\",\"@id\":\"https:\/\/talkpal.ai\/is\/#website\",\"url\":\"https:\/\/talkpal.ai\/is\/\",\"name\":\"Talkpal\",\"description\":\"AI Language Learning\",\"publisher\":{\"@id\":\"https:\/\/talkpal.ai\/is\/#organization\"},\"alternateName\":\"Talkpal AI\",\"potentialAction\":[{\"@type\":\"SearchAction\",\"target\":{\"@type\":\"EntryPoint\",\"urlTemplate\":\"https:\/\/talkpal.ai\/is\/?s={search_term_string}\"},\"query-input\":{\"@type\":\"PropertyValueSpecification\",\"valueRequired\":true,\"valueName\":\"search_term_string\"}}],\"inLanguage\":\"is\"},{\"@type\":\"Organization\",\"@id\":\"https:\/\/talkpal.ai\/is\/#organization\",\"name\":\"Talkpal, Inc.\",\"alternateName\":\"Talkpal AI\",\"url\":\"https:\/\/talkpal.ai\/is\/\",\"logo\":{\"@type\":\"ImageObject\",\"inLanguage\":\"is\",\"@id\":\"https:\/\/talkpal.ai\/is\/#\/schema\/logo\/image\/\",\"url\":\"https:\/\/talkpal.ai\/wp-content\/uploads\/2024\/03\/Talkpal-Logo-Icon.png\",\"contentUrl\":\"https:\/\/talkpal.ai\/wp-content\/uploads\/2024\/03\/Talkpal-Logo-Icon.png\",\"width\":2880,\"height\":2880,\"caption\":\"Talkpal, Inc.\"},\"image\":{\"@id\":\"https:\/\/talkpal.ai\/is\/#\/schema\/logo\/image\/\"},\"sameAs\":[\"https:\/\/www.facebook.com\/profile.php?id=100090733639311\",\"https:\/\/x.com\/talkpalai\",\"https:\/\/www.linkedin.com\/company\/talkpal\/\",\"https:\/\/www.youtube.com\/@TalkPal\/\",\"https:\/\/www.tiktok.com\/@talkpal\",\"https:\/\/www.instagram.com\/talkpal_ai\/\",\"https:\/\/www.crunchbase.com\/organization\/talkpal-9cde\",\"https:\/\/www.g2.com\/products\/talkpal-for-business\/\",\"https:\/\/www.trustpilot.com\/review\/talkpal.ai\",\"https:\/\/www.capterra.com\/p\/10006800\/TalkPal\/\"],\"description\":\"Talkpal is a language learning web and mobile education app, powered by the latest AI technologies, that provides engaging experiences to its customers in many different languages to help them improve their language skills. Users can chat about unlimited amount of topics with the app and use other modes to practice their language learning.\",\"email\":\"support@talkpal.ai\",\"legalName\":\"Talkpal, Inc.\",\"foundingDate\":\"2023-04-03\",\"duns\":\"118989042\",\"numberOfEmployees\":{\"@type\":\"QuantitativeValue\",\"minValue\":\"11\",\"maxValue\":\"50\"},\"publishingPrinciples\":\"https:\/\/talkpal.ai\/publishing-principles\/\",\"actionableFeedbackPolicy\":\"https:\/\/talkpal.ai\/actionable-feedback-policy\/\",\"correctionsPolicy\":\"https:\/\/talkpal.ai\/corrections-policy\/\",\"ethicsPolicy\":\"https:\/\/talkpal.ai\/ethics-policy\/\",\"diversityPolicy\":\"https:\/\/talkpal.ai\/diversity-policy\/\",\"diversityStaffingReport\":\"https:\/\/talkpal.ai\/diversity-policy\/\"}]}<\/script>\n<!-- \/ Yoast SEO Premium plugin. -->","yoast_head_json":{"title":"\u00cdt\u00f6lsk m\u00e1lfr\u00e6\u00f0i - Talkpal","description":"L\u00e6r\u00f0u \u00edtalska m\u00e1lfr\u00e6\u00f0i au\u00f0veldlega - \u00e6f\u00f0u \u00feig sk\u00fdrt, skildu reglur og tala\u00f0u betur me\u00f0 einfaldri lei\u00f0s\u00f6gn fr\u00e1 Talkpal AI.","robots":{"index":"index","follow":"follow","max-snippet":"max-snippet:-1","max-image-preview":"max-image-preview:large","max-video-preview":"max-video-preview:-1"},"canonical":"https:\/\/talkpal.ai\/is\/itolsk-malfraedi\/","og_locale":"is_IS","og_type":"article","og_title":"\u00cdt\u00f6lsk m\u00e1lfr\u00e6\u00f0i","og_description":"A\u00f0 n\u00e1 t\u00f6kum \u00e1 list \u00edtalskrar m\u00e1lfr\u00e6\u00f0i: Fullkominn lei\u00f0arv\u00edsir Ciao, tungum\u00e1la\u00e1hugamenn! Tilb\u00fainn til a\u00f0 kafa \u00e1 hausinn inn \u00ed heim \u00edtalskrar m\u00e1lfr\u00e6\u00f0i? \u00de\u00fa","og_url":"https:\/\/talkpal.ai\/is\/itolsk-malfraedi\/","og_site_name":"Talkpal","article_publisher":"https:\/\/www.facebook.com\/profile.php?id=100090733639311","article_modified_time":"2025-05-22T18:44:08+00:00","og_image":[{"width":512,"height":512,"url":"https:\/\/talkpal.ai\/wp-content\/uploads\/2023\/03\/italy.png","type":"image\/png"}],"twitter_card":"summary_large_image","twitter_site":"@talkpalai","twitter_misc":{"Est. reading time":"3 minutes"},"schema":{"@context":"https:\/\/schema.org","@graph":[{"@type":"WebPage","@id":"https:\/\/talkpal.ai\/is\/itolsk-malfraedi\/","url":"https:\/\/talkpal.ai\/is\/itolsk-malfraedi\/","name":"\u00cdt\u00f6lsk m\u00e1lfr\u00e6\u00f0i - Talkpal","isPartOf":{"@id":"https:\/\/talkpal.ai\/is\/#website"},"primaryImageOfPage":{"@id":"https:\/\/talkpal.ai\/is\/itolsk-malfraedi\/#primaryimage"},"image":{"@id":"https:\/\/talkpal.ai\/is\/itolsk-malfraedi\/#primaryimage"},"thumbnailUrl":"https:\/\/talkpal.ai\/wp-content\/uploads\/2023\/03\/italy.png","datePublished":"2023-03-26T12:27:22+00:00","dateModified":"2025-05-22T18:44:08+00:00","description":"L\u00e6r\u00f0u \u00edtalska m\u00e1lfr\u00e6\u00f0i au\u00f0veldlega - \u00e6f\u00f0u \u00feig sk\u00fdrt, skildu reglur og tala\u00f0u betur me\u00f0 einfaldri lei\u00f0s\u00f6gn fr\u00e1 Talkpal AI.","breadcrumb":{"@id":"https:\/\/talkpal.ai\/is\/itolsk-malfraedi\/#breadcrumb"},"inLanguage":"is","potentialAction":[{"@type":"ReadAction","target":["https:\/\/talkpal.ai\/is\/itolsk-malfraedi\/"]}]},{"@type":"ImageObject","inLanguage":"is","@id":"https:\/\/talkpal.ai\/is\/itolsk-malfraedi\/#primaryimage","url":"https:\/\/talkpal.ai\/wp-content\/uploads\/2023\/03\/italy.png","contentUrl":"https:\/\/talkpal.ai\/wp-content\/uploads\/2023\/03\/italy.png","width":512,"height":512,"caption":"TalkPal AI learn Italian"},{"@type":"BreadcrumbList","@id":"https:\/\/talkpal.ai\/is\/itolsk-malfraedi\/#breadcrumb","itemListElement":[{"@type":"ListItem","position":1,"name":"Homepage","item":"https:\/\/talkpal.ai\/is\/"},{"@type":"ListItem","position":2,"name":"\u00cdt\u00f6lsk m\u00e1lfr\u00e6\u00f0i"}]},{"@type":"WebSite","@id":"https:\/\/talkpal.ai\/is\/#website","url":"https:\/\/talkpal.ai\/is\/","name":"Talkpal","description":"AI Language Learning","publisher":{"@id":"https:\/\/talkpal.ai\/is\/#organization"},"alternateName":"Talkpal AI","potentialAction":[{"@type":"SearchAction","target":{"@type":"EntryPoint","urlTemplate":"https:\/\/talkpal.ai\/is\/?s={search_term_string}"},"query-input":{"@type":"PropertyValueSpecification","valueRequired":true,"valueName":"search_term_string"}}],"inLanguage":"is"},{"@type":"Organization","@id":"https:\/\/talkpal.ai\/is\/#organization","name":"Talkpal, Inc.","alternateName":"Talkpal AI","url":"https:\/\/talkpal.ai\/is\/","logo":{"@type":"ImageObject","inLanguage":"is","@id":"https:\/\/talkpal.ai\/is\/#\/schema\/logo\/image\/","url":"https:\/\/talkpal.ai\/wp-content\/uploads\/2024\/03\/Talkpal-Logo-Icon.png","contentUrl":"https:\/\/talkpal.ai\/wp-content\/uploads\/2024\/03\/Talkpal-Logo-Icon.png","width":2880,"height":2880,"caption":"Talkpal, Inc."},"image":{"@id":"https:\/\/talkpal.ai\/is\/#\/schema\/logo\/image\/"},"sameAs":["https:\/\/www.facebook.com\/profile.php?id=100090733639311","https:\/\/x.com\/talkpalai","https:\/\/www.linkedin.com\/company\/talkpal\/","https:\/\/www.youtube.com\/@TalkPal\/","https:\/\/www.tiktok.com\/@talkpal","https:\/\/www.instagram.com\/talkpal_ai\/","https:\/\/www.crunchbase.com\/organization\/talkpal-9cde","https:\/\/www.g2.com\/products\/talkpal-for-business\/","https:\/\/www.trustpilot.com\/review\/talkpal.ai","https:\/\/www.capterra.com\/p\/10006800\/TalkPal\/"],"description":"Talkpal is a language learning web and mobile education app, powered by the latest AI technologies, that provides engaging experiences to its customers in many different languages to help them improve their language skills. Users can chat about unlimited amount of topics with the app and use other modes to practice their language learning.","email":"support@talkpal.ai","legalName":"Talkpal, Inc.","foundingDate":"2023-04-03","duns":"118989042","numberOfEmployees":{"@type":"QuantitativeValue","minValue":"11","maxValue":"50"},"publishingPrinciples":"https:\/\/talkpal.ai\/publishing-principles\/","actionableFeedbackPolicy":"https:\/\/talkpal.ai\/actionable-feedback-policy\/","correctionsPolicy":"https:\/\/talkpal.ai\/corrections-policy\/","ethicsPolicy":"https:\/\/talkpal.ai\/ethics-policy\/","diversityPolicy":"https:\/\/talkpal.ai\/diversity-policy\/","diversityStaffingReport":"https:\/\/talkpal.ai\/diversity-policy\/"}]}},"_links":{"self":[{"href":"https:\/\/talkpal.ai\/is\/wp-json\/wp\/v2\/pages\/126833","targetHints":{"allow":["GET"]}}],"collection":[{"href":"https:\/\/talkpal.ai\/is\/wp-json\/wp\/v2\/pages"}],"about":[{"href":"https:\/\/talkpal.ai\/is\/wp-json\/wp\/v2\/types\/page"}],"author":[{"embeddable":true,"href":"https:\/\/talkpal.ai\/is\/wp-json\/wp\/v2\/users\/1"}],"replies":[{"embeddable":true,"href":"https:\/\/talkpal.ai\/is\/wp-json\/wp\/v2\/comments?post=126833"}],"version-history":[{"count":0,"href":"https:\/\/talkpal.ai\/is\/wp-json\/wp\/v2\/pages\/126833\/revisions"}],"wp:featuredmedia":[{"embeddable":true,"href":"https:\/\/talkpal.ai\/is\/wp-json\/wp\/v2\/media\/76230"}],"wp:attachment":[{"href":"https:\/\/talkpal.ai\/is\/wp-json\/wp\/v2\/media?parent=126833"}],"curies":[{"name":"wp","href":"https:\/\/api.w.org\/{rel}","templated":true}]}}