{"id":124467,"date":"2023-03-26T11:55:54","date_gmt":"2023-03-26T11:55:54","guid":{"rendered":"http:\/\/talkpal.ai\/spaensk-malfraedi\/"},"modified":"2025-05-22T18:50:55","modified_gmt":"2025-05-22T18:50:55","slug":"spaensk-malfraedi","status":"publish","type":"page","link":"https:\/\/talkpal.ai\/is\/spaensk-malfraedi\/","title":{"rendered":"Sp\u00e6nsk m\u00e1lfr\u00e6\u00f0i"},"content":{"rendered":"\r\n\r\n\r\n<section class=\"languageChallengeSection\">\r\n    <div class=\"languageInfoWrapper\">\r\n        \r\n        <h1>Sp\u00e6nsk m\u00e1lfr\u00e6\u00f0i<\/h1>\r\n        <p>Kaf\u00f0u \u00fe\u00e9r inn \u00ed l\u00edflegan heim sp\u00e6nskunnar me\u00f0 \u00fev\u00ed a\u00f0 n\u00e1 t\u00f6kum \u00e1 nau\u00f0synlegum m\u00e1lfr\u00e6\u00f0ireglum hennar. A\u00f0 skilja <a href=\"https:\/\/talkpal.ai\/learn-spanish\/\">sp\u00e6nska<\/a> <a href=\"https:\/\/talkpal.ai\/grammar\/\">m\u00e1lfr\u00e6\u00f0i<\/a> mun hj\u00e1lpa \u00fe\u00e9r a\u00f0 eiga samskipti af \u00f6ryggi og opna n\u00fd tengsl vi\u00f0 millj\u00f3nir sp\u00e6nskra m\u00e1lfr\u00e6\u00f0inga um allan heim. Byrja\u00f0u a\u00f0 l\u00e6ra sp\u00e6nska m\u00e1lfr\u00e6\u00f0i \u00ed dag og taktu fyrsta skrefi\u00f0 \u00ed \u00e1tt a\u00f0 f\u00e6rni \u00ed sp\u00e6nsku!<\/p>\r\n\r\n                            <a class=\"getStartedHidden\" href=\"https:\/\/app.talkpal.ai\/signup?lng=\">Byrja\u00f0u<\/a>\r\n        \r\n    <\/div>\r\n\r\n    <figure>\r\n    <img decoding=\"async\" width=\"768\" height=\"768\" src=\"https:\/\/talkpal.ai\/wp-content\/uploads\/2023\/06\/Spanish-768x768.png\" class=\"languageImage no-lazy\" alt=\"Practical application of language learning\" fetchpriority=\"high\" sizes=\"(max-width: 768px) 150px, 768px\" srcset=\"https:\/\/talkpal.ai\/wp-content\/uploads\/2023\/06\/Spanish-768x768.png 768w, https:\/\/talkpal.ai\/wp-content\/uploads\/2023\/06\/Spanish-300x300.png 300w\" \/>\r\n    \r\n\r\n    <\/figure>\r\n\r\n            <a class=\"getStartedVisible\" href=\"https:\/\/app.talkpal.ai\/signup?lng=\">Byrja\u00f0u<\/a>\r\n    \r\n<\/section>\r\n<section class=\"promotionalBanner\">\r\n    <p class=\"promotionalText\"><\/p>\r\n    <a class=\"promotionalLink\" href=\"https:\/\/app.talkpal.ai\/signup?lng=\"><\/a>\r\n<\/section>\n<div class=\"wp-block-group pageContainerStyle\"><div class=\"wp-block-group__inner-container is-layout-constrained wp-block-group-is-layout-constrained\">\n<h2 class=\"wp-block-heading\" id=\"h-a-quick-guide-to-learning-spanish-grammar\">A Quick Guide til a\u00f0 l\u00e6ra sp\u00e6nska m\u00e1lfr\u00e6\u00f0i<\/h2>\n\n\n\n<p>Ef \u00fe\u00fa hefur einhvern t\u00edma hugsa\u00f0 um a\u00f0 l\u00e6ra n\u00fdtt tungum\u00e1l eru miklar l\u00edkur \u00e1 a\u00f0 sp\u00e6nska hafi dotti\u00f0 \u00ed hug \u00feinn. Sem eitt af mest t\u00f6lu\u00f0u tungum\u00e1lum um allan heim b\u00fd\u00f0ur sp\u00e6nska upp \u00e1 marga kosti fyrir pers\u00f3nulegan og faglegan v\u00f6xt. A\u00f0 l\u00e6ra sp\u00e6nsku mun ekki a\u00f0eins veita \u00fe\u00e9r a\u00f0gang a\u00f0 n\u00fdjum menningarheimum heldur mun \u00fea\u00f0 einnig auka samskiptah\u00e6fileika \u00fe\u00edna. \u00de\u00f3 a\u00f0 margir s\u00e9u hr\u00e6ddir vi\u00f0 a\u00f0 fl\u00e6kjast \u00ed m\u00e1lfr\u00e6\u00f0ireglum getur\u00f0u anda\u00f0 l\u00e9ttar, \u00fear sem <a href=\"https:\/\/talkpal.ai\/spanish-grammar\/\">sp\u00e6nsk m\u00e1lfr\u00e6\u00f0i<\/a> er tilt\u00f6lulega einf\u00f6ld. \u00cd \u00feessari grein munum vi\u00f0 veita \u00fe\u00e9r flj\u00f3tlegan lei\u00f0beiningar til a\u00f0 hj\u00e1lpa \u00fe\u00e9r a\u00f0 vafra um spennandi heim sp\u00e6nskrar m\u00e1lfr\u00e6\u00f0i eins og atvinnuma\u00f0ur!<\/p>\n\n\n\n<h3 class=\"wp-block-heading\" id=\"h-1-understanding-spanish-nouns-and-articles\">1. A\u00f0 skilja sp\u00e6nsk nafnor\u00f0 og greinar<\/h3>\n\n\n\n<p>Sp\u00e6nsk nafnor\u00f0, eins og \u00e1 ensku, eru notu\u00f0 til a\u00f0 bera kennsl \u00e1 f\u00f3lk, sta\u00f0i, hluti, hugmyndir og tilfinningar. Fyrsta reglan sem \u00fearf a\u00f0 muna um sp\u00e6nsk nafnor\u00f0 er a\u00f0 \u00feau hafa kyn. Sp\u00e6nsk nafnor\u00f0 eru anna\u00f0 hvort karlkyns e\u00f0a kvenkyns. Til d\u00e6mis er &#8216;libro&#8217; (b\u00f3k) karlkyns og &#8216;casa&#8217; (h\u00fas) er kvenlegt. Oft eru nafnor\u00f0 sem enda \u00e1 &#8216;o&#8217; karlkyns, en \u00feau sem enda \u00e1 &#8216;a&#8217; eru kvenkyn.<\/p>\n\n\n\n<p>Sp\u00e6nskar greinar eru svipa\u00f0ar ensku &#8216;the&#8217;, &#8216;a&#8217; e\u00f0a &#8216;an&#8217;. \u00deeir eru mikilv\u00e6gur hluti tungum\u00e1lsins \u00fear sem \u00feeir ver\u00f0a a\u00f0 vera \u00ed samr\u00e6mi vi\u00f0 kyn og fj\u00f6lda nafnor\u00f0sins sem \u00feeir l\u00fdsa. \u00dea\u00f0 eru fj\u00f3rar tegundir af sp\u00e6nskum greinum:<\/p>\n\n\n\n<p><strong>\u2013 \u00c1kve\u00f0nar greinar:<\/strong> el (karlkyns eint\u00f6lu), la (kvenkyns eint\u00f6lu), los (karlkyns fleirt\u00f6lu) og las (kvenkyns fleirt\u00f6lu).<br\/><strong>\u2013 \u00d3\u00e1kve\u00f0nar greinar:<\/strong> un (a\/karlkyns eint\u00f6lu), una (a\/kvenkyns eint\u00f6lu), unos (sum karlkyns fleirt\u00f6lu) og unas (sum kvenkyns fleirt\u00f6lu).<\/p>\n\n\n\n<h3 class=\"wp-block-heading\" id=\"h-2-slaying-spanish-verbs-conjugation-and-tenses\">2. Dr\u00e1p sp\u00e6nskra sagna: Samtenging og t\u00ed\u00f0<\/h3>\n\n\n\n<p>Einn mikilv\u00e6gasti \u00fe\u00e1tturinn \u00ed \u00fev\u00ed a\u00f0 l\u00e6ra sp\u00e6nska m\u00e1lfr\u00e6\u00f0i er a\u00f0 skilja sagnasamtengingu. Samtenging \u00fe\u00fd\u00f0ir einfaldlega a\u00f0 breyta r\u00f3tarformi sagnarinnar til a\u00f0 passa vi\u00f0 efni hennar og spennu. Til d\u00e6mis, \u00e1 sp\u00e6nsku segir\u00f0u &#8216;Yo como&#8217; (\u00e9g bor\u00f0a) og &#8216;\u00e9l kom&#8217; (hann bor\u00f0ar). Taktu eftir a\u00f0 s\u00f6gnin komandi (a\u00f0 bor\u00f0a) breytir um form \u00feegar \u00fe\u00fa skiptir um umr\u00e6\u00f0uefni.<\/p>\n\n\n\n<p><strong>Sumar algengar reglulegar sagnir \u00e1 sp\u00e6nsku eru:<\/strong><\/p>\n\n\n\n<p>&#8211; AR sagnir: habar (a\u00f0 <a href=\"https:\/\/talkpal.ai\/locations\/language-courses-in-tala\/\">tala<\/a>), amar (a\u00f0 elska) og bailar (a\u00f0 dansa).<br\/>\u2013 ER sagnir: koma (a\u00f0 bor\u00f0a), aprender (a\u00f0 l\u00e6ra) og selja (a\u00f0 selja).<br\/>&#8211; IR sagnir: vivir (a\u00f0 lifa), escribir (a\u00f0 skrifa) og descubrir (a\u00f0 uppg\u00f6tva).<\/p>\n\n\n\n<p>R\u00e9tt eins og \u00e1 ensku hefur sp\u00e6nska margar sagnir til a\u00f0 t\u00e1kna \u00feann t\u00edma \u00feegar a\u00f0ger\u00f0 \u00e1 s\u00e9r sta\u00f0. \u00deeir grundvallaratri\u00f0i eru:<\/p>\n\n\n\n<p><strong>\u2014 N\u00faverandi<\/strong><br\/><strong>\u2014 Preterit<\/strong><br\/><strong>\u2014 \u00d3fullkomi\u00f0<\/strong><br\/><strong>\u2014 Framt\u00ed\u00f0<\/strong><br\/><strong>&#8211; Skilyrt<\/strong><br\/><strong>\u2013 N\u00fat\u00ed\u00f0arfallsfall<\/strong><br\/><strong>\u2013 \u00d3fullkominn undirfallsfall<\/strong><\/p>\n\n\n\n<p>Ekki stressa \u00feig \u00e1 \u00fev\u00ed a\u00f0 l\u00e6ra allar sagnirnar \u00ed einu. Taktu \u00e1 m\u00f3ti \u00feeim einn \u00ed einu og \u00e6f\u00f0u \u00feig \u00fear til \u00fe\u00fa ert s\u00e1tt vi\u00f0 a\u00f0 nota \u00feau.<\/p>\n\n\n\n<h3 class=\"wp-block-heading\" id=\"h-3-creating-sentences-with-spanish-adjectives-and-adverbs\">3. A\u00f0 b\u00faa til setningar me\u00f0 sp\u00e6nskum l\u00fdsingaror\u00f0um og atviksor\u00f0um<\/h3>\n\n\n\n<p>L\u00fdsingaror\u00f0 og atviksor\u00f0 gegna mikilv\u00e6gu hlutverki vi\u00f0 a\u00f0 krydda sp\u00e6nsku setningarnar \u00fe\u00ednar. L\u00fdsingaror\u00f0 l\u00fdsa eiginleikum e\u00f0a einkennum nafnor\u00f0a en atviksor\u00f0 l\u00fdsa ath\u00f6fnum e\u00f0a s\u00f6gnum. \u00c1 sp\u00e6nsku ver\u00f0a l\u00fdsingaror\u00f0 a\u00f0 vera \u00ed samr\u00e6mi vi\u00f0 nafnor\u00f0i\u00f0 sem \u00feau l\u00fdsa, b\u00e6\u00f0i \u00ed kyni og t\u00f6lu.<\/p>\n\n\n\n<p>Einn lykilmunurinn \u00e1 sp\u00e6nsku og ensku er l\u00fdsingaror\u00f0ar\u00f6\u00f0in. Sp\u00e6nsk l\u00fdsingaror\u00f0 koma venjulega \u00e1 eftir nafnor\u00f0inu, td &#8216;un coche rojo&#8217; (rau\u00f0ur b\u00edll).<\/p>\n\n\n\n<p>Sp\u00e6nsk atviksor\u00f0 breytast aftur \u00e1 m\u00f3ti aldrei fyrir kyn e\u00f0a t\u00f6lu. R\u00e9tt eins og \u00e1 ensku, koma atviksor\u00f0 venjulega \u00e1 eftir s\u00f6gninni sem \u00feau breyta, td &#8216;Ella habla r\u00e1pidamente&#8217; (H\u00fan talar hratt).<\/p>\n\n\n\n<h3 class=\"wp-block-heading\" id=\"h-conclusion\">Ni\u00f0ursta\u00f0a<\/h3>\n\n\n\n<p><a href=\"https:\/\/talkpal.ai\/spanish-grammar\/\">Sp\u00e6nsk m\u00e1lfr\u00e6\u00f0i<\/a> \u00e6tti ekki a\u00f0 hr\u00e6\u00f0a \u00feig! Vissulega krefst \u00fea\u00f0 \u00e6fingar, en me\u00f0 \u00fev\u00ed a\u00f0 fylgja \u00feessum einf\u00f6ldu lei\u00f0beiningum muntu vera \u00e1 lei\u00f0inni til a\u00f0 ver\u00f0a einstakur sp\u00e6nskum\u00e6landi. Mundu alltaf a\u00f0 taka \u00fe\u00e1tt \u00ed tungum\u00e1linu \u00e1 skemmtilegan, samtalslegan h\u00e1tt, \u00feegar \u00fe\u00fa kannar nafnor\u00f0, sagnir, l\u00fdsingaror\u00f0 og atviksor\u00f0. Haltu \u00e1fram a\u00f0 \u00e6fa, fa\u00f0ma menninguna og l\u00e1ttu sp\u00e6nsku fer\u00f0ina \u00fer\u00f3ast. \u00a1Buena suerte!<\/p>\n<\/div><\/div>\n\r\n<section class=\"learnNavigationSection\">\r\n            \r\n        <a href=\"https:\/\/talkpal.ai\/is\/laerdu-spaensku\/\">\r\n            <div class=\"learnNavigationWrapper\">\r\n                <div class=\"learnNavigationContent\">\r\n                    <img decoding=\"async\" src=\"https:\/\/talkpal.ai\/wp-content\/uploads\/2024\/08\/Spanish.jpg\" alt=\"Spanish Flag\">\r\n                    <div>\r\n                        <h4>Um sp\u00e6nskun\u00e1m<\/h4>\r\n                        <p>Finndu \u00fat allt um sp\u00e6nska m\u00e1lfr\u00e6\u00f0i.<\/p>\r\n                    <\/div>\r\n                <\/div>\r\n            <\/div>\r\n        <\/a>\r\n\r\n        \r\n        <a href=\"https:\/\/talkpal.ai\/is\/spaenska-malfraedi-aefingar\/\">\r\n            <div class=\"learnNavigationWrapper\">\r\n                <div class=\"learnNavigationContent\">\r\n                    <img decoding=\"async\" src=\"https:\/\/talkpal.ai\/wp-content\/uploads\/2024\/08\/Spanish.jpg\" alt=\"Spanish Flag\">\r\n                    <div>\r\n                        <h4>Sp\u00e6nsk m\u00e1lfr\u00e6\u00f0i\u00e6fing<\/h4>\r\n                        <p>\u00c6f\u00f0u sp\u00e6nska m\u00e1lfr\u00e6\u00f0i.<\/p>\r\n                    <\/div>\r\n                <\/div>\r\n            <\/div>\r\n        <\/a>\r\n\r\n        \r\n        <a href=\"https:\/\/talkpal.ai\/vocabulary_language\/spanish\/\">\r\n            <div class=\"learnNavigationWrapper\">\r\n                <div class=\"learnNavigationContent\">\r\n                    <img decoding=\"async\" src=\"https:\/\/talkpal.ai\/wp-content\/uploads\/2024\/08\/Spanish.jpg\" alt=\"Spanish Flag\">\r\n                    <div>\r\n                        <h4>Sp\u00e6nskur or\u00f0afor\u00f0i<\/h4>\r\n                        <p>St\u00e6kka\u00f0u sp\u00e6nsku or\u00f0afor\u00f0a \u00feinn.<\/p>\r\n                    <\/div>\r\n                <\/div>\r\n            <\/div>\r\n        <\/a>\r\n\r\n            <\/section>","protected":false},"excerpt":{"rendered":"<p>A Quick Guide til a\u00f0 l\u00e6ra sp\u00e6nska m\u00e1lfr\u00e6\u00f0i Ef \u00fe\u00fa hefur einhvern t\u00edma hugsa\u00f0 um a\u00f0 l\u00e6ra n\u00fdtt tungum\u00e1l eru miklar l\u00edkur \u00e1 a\u00f0 sp\u00e6nska hafi dotti\u00f0 \u00ed hug \u00feinn. Sem eitt af mest t\u00f6lu\u00f0u tungum\u00e1lum um allan heim b\u00fd\u00f0ur sp\u00e6nska upp \u00e1 marga kosti fyrir pers\u00f3nulegan og faglegan v\u00f6xt. A\u00f0 l\u00e6ra sp\u00e6nsku mun ekki [&hellip;]<\/p>\n","protected":false},"author":1,"featured_media":75385,"parent":0,"menu_order":0,"comment_status":"closed","ping_status":"closed","template":"LearningContentPage.php","meta":{"_acf_changed":false,"footnotes":""},"class_list":["post-124467","page","type-page","status-publish","has-post-thumbnail","hentry"],"acf":[],"yoast_head":"<!-- This site is optimized with the Yoast SEO Premium plugin v27.2 (Yoast SEO v27.2) - https:\/\/yoast.com\/product\/yoast-seo-premium-wordpress\/ -->\n<title>Sp\u00e6nsk m\u00e1lfr\u00e6\u00f0i - Talkpal<\/title>\n<meta name=\"description\" content=\"B\u00e6ttu sp\u00e6nskukunn\u00e1ttu \u00fe\u00edna me\u00f0 gagnvirkum \u00e6fingum sem eru hanna\u00f0ar fyrir \u00f6ll f\u00e6rnistig. \u00c6f\u00f0u sp\u00e6nsku \u00e1 \u00e1hrifar\u00edkan h\u00e1tt!\" \/>\n<meta name=\"robots\" content=\"index, follow, max-snippet:-1, max-image-preview:large, max-video-preview:-1\" \/>\n<link rel=\"canonical\" href=\"https:\/\/talkpal.ai\/is\/spaensk-malfraedi\/\" \/>\n<meta property=\"og:locale\" content=\"is_IS\" \/>\n<meta property=\"og:type\" content=\"article\" \/>\n<meta property=\"og:title\" content=\"Sp\u00e6nsk m\u00e1lfr\u00e6\u00f0i\" \/>\n<meta property=\"og:description\" content=\"A Quick Guide til a\u00f0 l\u00e6ra sp\u00e6nska m\u00e1lfr\u00e6\u00f0i Ef \u00fe\u00fa hefur einhvern t\u00edma hugsa\u00f0 um a\u00f0 l\u00e6ra n\u00fdtt tungum\u00e1l eru miklar l\u00edkur \u00e1 a\u00f0 sp\u00e6nska hafi dotti\u00f0 \u00ed hug \u00feinn.\" \/>\n<meta property=\"og:url\" content=\"https:\/\/talkpal.ai\/is\/spaensk-malfraedi\/\" \/>\n<meta property=\"og:site_name\" content=\"Talkpal\" \/>\n<meta property=\"article:publisher\" content=\"https:\/\/www.facebook.com\/profile.php?id=100090733639311\" \/>\n<meta property=\"article:modified_time\" content=\"2025-05-22T18:50:55+00:00\" \/>\n<meta property=\"og:image\" content=\"https:\/\/talkpal.ai\/wp-content\/uploads\/2023\/03\/spain.png\" \/>\n\t<meta property=\"og:image:width\" content=\"512\" \/>\n\t<meta property=\"og:image:height\" content=\"512\" \/>\n\t<meta property=\"og:image:type\" content=\"image\/png\" \/>\n<meta name=\"twitter:card\" content=\"summary_large_image\" \/>\n<meta name=\"twitter:site\" content=\"@talkpalai\" \/>\n<meta name=\"twitter:label1\" content=\"Est. reading time\" \/>\n\t<meta name=\"twitter:data1\" content=\"4 minutes\" \/>\n<script type=\"application\/ld+json\" class=\"yoast-schema-graph\">{\"@context\":\"https:\/\/schema.org\",\"@graph\":[{\"@type\":\"WebPage\",\"@id\":\"https:\/\/talkpal.ai\/is\/spaensk-malfraedi\/\",\"url\":\"https:\/\/talkpal.ai\/is\/spaensk-malfraedi\/\",\"name\":\"Sp\u00e6nsk m\u00e1lfr\u00e6\u00f0i - Talkpal\",\"isPartOf\":{\"@id\":\"https:\/\/talkpal.ai\/is\/#website\"},\"primaryImageOfPage\":{\"@id\":\"https:\/\/talkpal.ai\/is\/spaensk-malfraedi\/#primaryimage\"},\"image\":{\"@id\":\"https:\/\/talkpal.ai\/is\/spaensk-malfraedi\/#primaryimage\"},\"thumbnailUrl\":\"https:\/\/talkpal.ai\/wp-content\/uploads\/2023\/03\/spain.png\",\"datePublished\":\"2023-03-26T11:55:54+00:00\",\"dateModified\":\"2025-05-22T18:50:55+00:00\",\"description\":\"B\u00e6ttu sp\u00e6nskukunn\u00e1ttu \u00fe\u00edna me\u00f0 gagnvirkum \u00e6fingum sem eru hanna\u00f0ar fyrir \u00f6ll f\u00e6rnistig. \u00c6f\u00f0u sp\u00e6nsku \u00e1 \u00e1hrifar\u00edkan h\u00e1tt!\",\"breadcrumb\":{\"@id\":\"https:\/\/talkpal.ai\/is\/spaensk-malfraedi\/#breadcrumb\"},\"inLanguage\":\"is\",\"potentialAction\":[{\"@type\":\"ReadAction\",\"target\":[\"https:\/\/talkpal.ai\/is\/spaensk-malfraedi\/\"]}]},{\"@type\":\"ImageObject\",\"inLanguage\":\"is\",\"@id\":\"https:\/\/talkpal.ai\/is\/spaensk-malfraedi\/#primaryimage\",\"url\":\"https:\/\/talkpal.ai\/wp-content\/uploads\/2023\/03\/spain.png\",\"contentUrl\":\"https:\/\/talkpal.ai\/wp-content\/uploads\/2023\/03\/spain.png\",\"width\":512,\"height\":512,\"caption\":\"TalkPal AI learn Spanish\"},{\"@type\":\"BreadcrumbList\",\"@id\":\"https:\/\/talkpal.ai\/is\/spaensk-malfraedi\/#breadcrumb\",\"itemListElement\":[{\"@type\":\"ListItem\",\"position\":1,\"name\":\"Homepage\",\"item\":\"https:\/\/talkpal.ai\/is\/\"},{\"@type\":\"ListItem\",\"position\":2,\"name\":\"Sp\u00e6nsk m\u00e1lfr\u00e6\u00f0i\"}]},{\"@type\":\"WebSite\",\"@id\":\"https:\/\/talkpal.ai\/is\/#website\",\"url\":\"https:\/\/talkpal.ai\/is\/\",\"name\":\"Talkpal\",\"description\":\"AI Language Learning\",\"publisher\":{\"@id\":\"https:\/\/talkpal.ai\/is\/#organization\"},\"alternateName\":\"Talkpal AI\",\"potentialAction\":[{\"@type\":\"SearchAction\",\"target\":{\"@type\":\"EntryPoint\",\"urlTemplate\":\"https:\/\/talkpal.ai\/is\/?s={search_term_string}\"},\"query-input\":{\"@type\":\"PropertyValueSpecification\",\"valueRequired\":true,\"valueName\":\"search_term_string\"}}],\"inLanguage\":\"is\"},{\"@type\":\"Organization\",\"@id\":\"https:\/\/talkpal.ai\/is\/#organization\",\"name\":\"Talkpal, Inc.\",\"alternateName\":\"Talkpal AI\",\"url\":\"https:\/\/talkpal.ai\/is\/\",\"logo\":{\"@type\":\"ImageObject\",\"inLanguage\":\"is\",\"@id\":\"https:\/\/talkpal.ai\/is\/#\/schema\/logo\/image\/\",\"url\":\"https:\/\/talkpal.ai\/wp-content\/uploads\/2024\/03\/Talkpal-Logo-Icon.png\",\"contentUrl\":\"https:\/\/talkpal.ai\/wp-content\/uploads\/2024\/03\/Talkpal-Logo-Icon.png\",\"width\":2880,\"height\":2880,\"caption\":\"Talkpal, Inc.\"},\"image\":{\"@id\":\"https:\/\/talkpal.ai\/is\/#\/schema\/logo\/image\/\"},\"sameAs\":[\"https:\/\/www.facebook.com\/profile.php?id=100090733639311\",\"https:\/\/x.com\/talkpalai\",\"https:\/\/www.linkedin.com\/company\/talkpal\/\",\"https:\/\/www.youtube.com\/@TalkPal\/\",\"https:\/\/www.tiktok.com\/@talkpal\",\"https:\/\/www.instagram.com\/talkpal_ai\/\",\"https:\/\/www.crunchbase.com\/organization\/talkpal-9cde\",\"https:\/\/www.g2.com\/products\/talkpal-for-business\/\",\"https:\/\/www.trustpilot.com\/review\/talkpal.ai\",\"https:\/\/www.capterra.com\/p\/10006800\/TalkPal\/\"],\"description\":\"Talkpal is a language learning web and mobile education app, powered by the latest AI technologies, that provides engaging experiences to its customers in many different languages to help them improve their language skills. Users can chat about unlimited amount of topics with the app and use other modes to practice their language learning.\",\"email\":\"support@talkpal.ai\",\"legalName\":\"Talkpal, Inc.\",\"foundingDate\":\"2023-04-03\",\"duns\":\"118989042\",\"numberOfEmployees\":{\"@type\":\"QuantitativeValue\",\"minValue\":\"11\",\"maxValue\":\"50\"},\"publishingPrinciples\":\"https:\/\/talkpal.ai\/publishing-principles\/\",\"actionableFeedbackPolicy\":\"https:\/\/talkpal.ai\/actionable-feedback-policy\/\",\"correctionsPolicy\":\"https:\/\/talkpal.ai\/corrections-policy\/\",\"ethicsPolicy\":\"https:\/\/talkpal.ai\/ethics-policy\/\",\"diversityPolicy\":\"https:\/\/talkpal.ai\/diversity-policy\/\",\"diversityStaffingReport\":\"https:\/\/talkpal.ai\/diversity-policy\/\"}]}<\/script>\n<!-- \/ Yoast SEO Premium plugin. -->","yoast_head_json":{"title":"Sp\u00e6nsk m\u00e1lfr\u00e6\u00f0i - Talkpal","description":"B\u00e6ttu sp\u00e6nskukunn\u00e1ttu \u00fe\u00edna me\u00f0 gagnvirkum \u00e6fingum sem eru hanna\u00f0ar fyrir \u00f6ll f\u00e6rnistig. \u00c6f\u00f0u sp\u00e6nsku \u00e1 \u00e1hrifar\u00edkan h\u00e1tt!","robots":{"index":"index","follow":"follow","max-snippet":"max-snippet:-1","max-image-preview":"max-image-preview:large","max-video-preview":"max-video-preview:-1"},"canonical":"https:\/\/talkpal.ai\/is\/spaensk-malfraedi\/","og_locale":"is_IS","og_type":"article","og_title":"Sp\u00e6nsk m\u00e1lfr\u00e6\u00f0i","og_description":"A Quick Guide til a\u00f0 l\u00e6ra sp\u00e6nska m\u00e1lfr\u00e6\u00f0i Ef \u00fe\u00fa hefur einhvern t\u00edma hugsa\u00f0 um a\u00f0 l\u00e6ra n\u00fdtt tungum\u00e1l eru miklar l\u00edkur \u00e1 a\u00f0 sp\u00e6nska hafi dotti\u00f0 \u00ed hug \u00feinn.","og_url":"https:\/\/talkpal.ai\/is\/spaensk-malfraedi\/","og_site_name":"Talkpal","article_publisher":"https:\/\/www.facebook.com\/profile.php?id=100090733639311","article_modified_time":"2025-05-22T18:50:55+00:00","og_image":[{"width":512,"height":512,"url":"https:\/\/talkpal.ai\/wp-content\/uploads\/2023\/03\/spain.png","type":"image\/png"}],"twitter_card":"summary_large_image","twitter_site":"@talkpalai","twitter_misc":{"Est. reading time":"4 minutes"},"schema":{"@context":"https:\/\/schema.org","@graph":[{"@type":"WebPage","@id":"https:\/\/talkpal.ai\/is\/spaensk-malfraedi\/","url":"https:\/\/talkpal.ai\/is\/spaensk-malfraedi\/","name":"Sp\u00e6nsk m\u00e1lfr\u00e6\u00f0i - Talkpal","isPartOf":{"@id":"https:\/\/talkpal.ai\/is\/#website"},"primaryImageOfPage":{"@id":"https:\/\/talkpal.ai\/is\/spaensk-malfraedi\/#primaryimage"},"image":{"@id":"https:\/\/talkpal.ai\/is\/spaensk-malfraedi\/#primaryimage"},"thumbnailUrl":"https:\/\/talkpal.ai\/wp-content\/uploads\/2023\/03\/spain.png","datePublished":"2023-03-26T11:55:54+00:00","dateModified":"2025-05-22T18:50:55+00:00","description":"B\u00e6ttu sp\u00e6nskukunn\u00e1ttu \u00fe\u00edna me\u00f0 gagnvirkum \u00e6fingum sem eru hanna\u00f0ar fyrir \u00f6ll f\u00e6rnistig. \u00c6f\u00f0u sp\u00e6nsku \u00e1 \u00e1hrifar\u00edkan h\u00e1tt!","breadcrumb":{"@id":"https:\/\/talkpal.ai\/is\/spaensk-malfraedi\/#breadcrumb"},"inLanguage":"is","potentialAction":[{"@type":"ReadAction","target":["https:\/\/talkpal.ai\/is\/spaensk-malfraedi\/"]}]},{"@type":"ImageObject","inLanguage":"is","@id":"https:\/\/talkpal.ai\/is\/spaensk-malfraedi\/#primaryimage","url":"https:\/\/talkpal.ai\/wp-content\/uploads\/2023\/03\/spain.png","contentUrl":"https:\/\/talkpal.ai\/wp-content\/uploads\/2023\/03\/spain.png","width":512,"height":512,"caption":"TalkPal AI learn Spanish"},{"@type":"BreadcrumbList","@id":"https:\/\/talkpal.ai\/is\/spaensk-malfraedi\/#breadcrumb","itemListElement":[{"@type":"ListItem","position":1,"name":"Homepage","item":"https:\/\/talkpal.ai\/is\/"},{"@type":"ListItem","position":2,"name":"Sp\u00e6nsk m\u00e1lfr\u00e6\u00f0i"}]},{"@type":"WebSite","@id":"https:\/\/talkpal.ai\/is\/#website","url":"https:\/\/talkpal.ai\/is\/","name":"Talkpal","description":"AI Language Learning","publisher":{"@id":"https:\/\/talkpal.ai\/is\/#organization"},"alternateName":"Talkpal AI","potentialAction":[{"@type":"SearchAction","target":{"@type":"EntryPoint","urlTemplate":"https:\/\/talkpal.ai\/is\/?s={search_term_string}"},"query-input":{"@type":"PropertyValueSpecification","valueRequired":true,"valueName":"search_term_string"}}],"inLanguage":"is"},{"@type":"Organization","@id":"https:\/\/talkpal.ai\/is\/#organization","name":"Talkpal, Inc.","alternateName":"Talkpal AI","url":"https:\/\/talkpal.ai\/is\/","logo":{"@type":"ImageObject","inLanguage":"is","@id":"https:\/\/talkpal.ai\/is\/#\/schema\/logo\/image\/","url":"https:\/\/talkpal.ai\/wp-content\/uploads\/2024\/03\/Talkpal-Logo-Icon.png","contentUrl":"https:\/\/talkpal.ai\/wp-content\/uploads\/2024\/03\/Talkpal-Logo-Icon.png","width":2880,"height":2880,"caption":"Talkpal, Inc."},"image":{"@id":"https:\/\/talkpal.ai\/is\/#\/schema\/logo\/image\/"},"sameAs":["https:\/\/www.facebook.com\/profile.php?id=100090733639311","https:\/\/x.com\/talkpalai","https:\/\/www.linkedin.com\/company\/talkpal\/","https:\/\/www.youtube.com\/@TalkPal\/","https:\/\/www.tiktok.com\/@talkpal","https:\/\/www.instagram.com\/talkpal_ai\/","https:\/\/www.crunchbase.com\/organization\/talkpal-9cde","https:\/\/www.g2.com\/products\/talkpal-for-business\/","https:\/\/www.trustpilot.com\/review\/talkpal.ai","https:\/\/www.capterra.com\/p\/10006800\/TalkPal\/"],"description":"Talkpal is a language learning web and mobile education app, powered by the latest AI technologies, that provides engaging experiences to its customers in many different languages to help them improve their language skills. Users can chat about unlimited amount of topics with the app and use other modes to practice their language learning.","email":"support@talkpal.ai","legalName":"Talkpal, Inc.","foundingDate":"2023-04-03","duns":"118989042","numberOfEmployees":{"@type":"QuantitativeValue","minValue":"11","maxValue":"50"},"publishingPrinciples":"https:\/\/talkpal.ai\/publishing-principles\/","actionableFeedbackPolicy":"https:\/\/talkpal.ai\/actionable-feedback-policy\/","correctionsPolicy":"https:\/\/talkpal.ai\/corrections-policy\/","ethicsPolicy":"https:\/\/talkpal.ai\/ethics-policy\/","diversityPolicy":"https:\/\/talkpal.ai\/diversity-policy\/","diversityStaffingReport":"https:\/\/talkpal.ai\/diversity-policy\/"}]}},"_links":{"self":[{"href":"https:\/\/talkpal.ai\/is\/wp-json\/wp\/v2\/pages\/124467","targetHints":{"allow":["GET"]}}],"collection":[{"href":"https:\/\/talkpal.ai\/is\/wp-json\/wp\/v2\/pages"}],"about":[{"href":"https:\/\/talkpal.ai\/is\/wp-json\/wp\/v2\/types\/page"}],"author":[{"embeddable":true,"href":"https:\/\/talkpal.ai\/is\/wp-json\/wp\/v2\/users\/1"}],"replies":[{"embeddable":true,"href":"https:\/\/talkpal.ai\/is\/wp-json\/wp\/v2\/comments?post=124467"}],"version-history":[{"count":0,"href":"https:\/\/talkpal.ai\/is\/wp-json\/wp\/v2\/pages\/124467\/revisions"}],"wp:featuredmedia":[{"embeddable":true,"href":"https:\/\/talkpal.ai\/is\/wp-json\/wp\/v2\/media\/75385"}],"wp:attachment":[{"href":"https:\/\/talkpal.ai\/is\/wp-json\/wp\/v2\/media?parent=124467"}],"curies":[{"name":"wp","href":"https:\/\/api.w.org\/{rel}","templated":true}]}}