{"id":124315,"date":"2023-03-26T11:45:19","date_gmt":"2023-03-26T11:45:19","guid":{"rendered":"http:\/\/talkpal.ai\/fronsk-malfraedi\/"},"modified":"2025-05-22T18:47:09","modified_gmt":"2025-05-22T18:47:09","slug":"fronsk-malfraedi","status":"publish","type":"page","link":"https:\/\/talkpal.ai\/is\/fronsk-malfraedi\/","title":{"rendered":"Fr\u00f6nsk m\u00e1lfr\u00e6\u00f0i"},"content":{"rendered":"\r\n\r\n\r\n<section class=\"languageChallengeSection\">\r\n    <div class=\"languageInfoWrapper\">\r\n        \r\n        <h1>Fr\u00f6nsk m\u00e1lfr\u00e6\u00f0i<\/h1>\r\n        <p>Upplif\u00f0u gl\u00e6sileika franskrar tungu me\u00f0 \u00fev\u00ed a\u00f0 n\u00e1 t\u00f6kum \u00e1 grundvallarm\u00e1lfr\u00e6\u00f0ireglum hennar. G\u00f3\u00f0 skilningur \u00e1 franskri <a href=\"https:\/\/talkpal.ai\/grammar\/\">m\u00e1lfr\u00e6\u00f0i<\/a> mun hj\u00e1lpa \u00fe\u00e9r a\u00f0 eiga au\u00f0velt me\u00f0 a\u00f0 eiga samskipti og meta au\u00f0leg\u00f0 franskrar menningar. Byrja\u00f0u a\u00f0 l\u00e6ra <a href=\"https:\/\/talkpal.ai\/learn-french\/\">franska<\/a> m\u00e1lfr\u00e6\u00f0i \u00ed dag og byrja\u00f0u fer\u00f0alag \u00feitt \u00ed \u00e1tt a\u00f0 f\u00e6rni \u00ed fr\u00f6nsku!<\/p>\r\n\r\n                            <a class=\"getStartedHidden\" href=\"https:\/\/app.talkpal.ai\/signup?lng=\">Byrja\u00f0u<\/a>\r\n        \r\n    <\/div>\r\n\r\n    <figure>\r\n    <img decoding=\"async\" width=\"768\" height=\"768\" src=\"https:\/\/talkpal.ai\/wp-content\/uploads\/2023\/06\/french-768x768.png\" class=\"languageImage no-lazy\" alt=\"Language learning strategies for professionals\" fetchpriority=\"high\" sizes=\"(max-width: 768px) 150px, 768px\" srcset=\"https:\/\/talkpal.ai\/wp-content\/uploads\/2023\/06\/french-768x768.png 768w, https:\/\/talkpal.ai\/wp-content\/uploads\/2023\/06\/french-300x300.png 300w\" \/>\r\n    \r\n\r\n    <\/figure>\r\n\r\n            <a class=\"getStartedVisible\" href=\"https:\/\/app.talkpal.ai\/signup?lng=\">Byrja\u00f0u<\/a>\r\n    \r\n<\/section>\r\n<section class=\"promotionalBanner\">\r\n    <p class=\"promotionalText\"><\/p>\r\n    <a class=\"promotionalLink\" href=\"https:\/\/app.talkpal.ai\/signup?lng=\"><\/a>\r\n<\/section>\n<div class=\"wp-block-group pageContainerStyle\"><div class=\"wp-block-group__inner-container is-layout-constrained wp-block-group-is-layout-constrained\">\n<h2 class=\"wp-block-heading\" id=\"h-a-beginner-s-guide-to-french-grammar\">Lei\u00f0beiningar fyrir byrjendur um franska m\u00e1lfr\u00e6\u00f0i<\/h2>\n\n\n\n<p>A\u00f0 l\u00e6ra fr\u00f6nsku getur veri\u00f0 spennandi og gefandi reynsla. Hins vegar getur veri\u00f0 krefjandi a\u00f0 n\u00e1 t\u00f6kum \u00e1 franskri m\u00e1lfr\u00e6\u00f0i, jafnvel fyrir \u00fe\u00e1 sem eru f\u00e6rir \u00ed ensku. \u00cd \u00feessari grein munum vi\u00f0 r\u00e6\u00f0a nokkur nau\u00f0synleg fr\u00f6nsk m\u00e1lfr\u00e6\u00f0ir\u00e1\u00f0 til a\u00f0 hj\u00e1lpa \u00fe\u00e9r a\u00f0 b\u00e6ta tungum\u00e1lakunn\u00e1ttu \u00fe\u00edna. Me\u00f0 \u00fev\u00ed a\u00f0 kynna \u00fe\u00e9r \u00feessar reglur og \u00e6fa \u00fe\u00e6r reglulega ertu \u00e1 g\u00f3\u00f0ri lei\u00f0 me\u00f0 a\u00f0 ver\u00f0a s\u00e9rfr\u00e6\u00f0ingur \u00ed fr\u00f6nsku m\u00e1lfr\u00e6\u00f0i.<\/p>\n\n\n\n<h3 class=\"wp-block-heading\" id=\"h-1-the-importance-of-gender-in-french-nouns\">1. Mikilv\u00e6gi kyns \u00ed fr\u00f6nskum nafnor\u00f0um<\/h3>\n\n\n\n<p>Einn mikilv\u00e6gasti munurinn \u00e1 franskri og enskri m\u00e1lfr\u00e6\u00f0i er hugtaki\u00f0 kyn. \u00d6ll fr\u00f6nsk nafnor\u00f0 eru anna\u00f0 hvort karlkyns e\u00f0a kvenkyns, sem hefur \u00e1hrif \u00e1 greinar og l\u00fdsingaror\u00f0 sem notu\u00f0 eru me\u00f0 \u00feeim. Til d\u00e6mis eru \u201ele\u201c og \u201ela\u201c \u00e1kve\u00f0nar greinar fyrir karlkyns- og kvenkynsnafnor\u00f0, \u00ed s\u00f6mu r\u00f6\u00f0. \u00deegar \u00fe\u00fa rekst \u00e1 n\u00fdtt nafnor\u00f0 er mikilv\u00e6gt a\u00f0 muna kyn \u00feess til a\u00f0 for\u00f0ast m\u00e1lfr\u00e6\u00f0ileg mist\u00f6k.<\/p>\n\n\n\n<h3 class=\"wp-block-heading\" id=\"h-2-mastering-verb-conjugations\">2. A\u00f0 n\u00e1 t\u00f6kum \u00e1 sagnbeygingum<\/h3>\n\n\n\n<p>Franskar sagnir hafa fj\u00f6lmargar beygingar bygg\u00f0ar \u00e1 spennu, skapi og efnisforn\u00f6fnum. \u00deetta kann a\u00f0 vir\u00f0ast yfir\u00feyrmandi, en \u00fea\u00f0 eru mynstur og fl\u00fdtilei\u00f0ir sem \u00fe\u00fa getur nota\u00f0 til a\u00f0 einfalda ferli\u00f0. Reglulegar sagnir tilheyra einum af \u00feremur flokkum \u00fat fr\u00e1 \u00f3endanlegum endingum \u00feeirra (-er, -ir og -re) og hver h\u00f3pur hefur s\u00ednar eigin beygingarreglur. \u00deegar \u00fe\u00fa hefur l\u00e6rt \u00feessar reglur getur\u00f0u au\u00f0veldlega samtengt umtalsver\u00f0an fj\u00f6lda franskra sagna.<\/p>\n\n\n\n<h3 class=\"wp-block-heading\" id=\"h-3-the-partitive-article-du-de-la-and-de-l\">3. Hlutagreinin: du, de la og de l&#8217;<\/h3>\n\n\n\n<p>\u00deegar \u00fe\u00fa talar um hluta e\u00f0a \u00f3tilgreint magn af einhverju \u00fearftu a\u00f0 nota hlutdeildargreinina. Hlutagreinin breytist eftir kyni nafnor\u00f0sins og hvort \u00fea\u00f0 byrjar \u00e1 s\u00e9rhlj\u00f3\u00f0i e\u00f0a samhlj\u00f3\u00f0i. Nota\u00f0u \u201edu\u201c fyrir karlkynsnafnor\u00f0, nota\u00f0u \u201ede la\u201c fyrir kvenkynsnafnor\u00f0 og fyrir nafnor\u00f0 sem <a href=\"https:\/\/talkpal.ai\/ko\/ai-%ec%96%b8%ec%96%b4-%ea%b5%90%ec%82%ac\/\">byrja<\/a> \u00e1 s\u00e9rhlj\u00f3\u00f0i e\u00f0a \u00fe\u00f6glu \u201eh\u201c, nota\u00f0u \u201ede l\u201c.<\/p>\n\n\n\n<h3 class=\"wp-block-heading\" id=\"h-4-adjective-agreement-and-placement\">4. L\u00fdsingaror\u00f0 og sta\u00f0setning<\/h3>\n\n\n\n<p>\u00cd franskri m\u00e1lfr\u00e6\u00f0i ver\u00f0a l\u00fdsingaror\u00f0 a\u00f0 vera samm\u00e1la nafnor\u00f0inu sem \u00feeir eru a\u00f0 breyta hva\u00f0 var\u00f0ar kyn og fj\u00f6lda. Oft \u00fe\u00fd\u00f0ir \u00feetta a\u00f0 \u00fe\u00fa \u00fearft a\u00f0 b\u00e6ta &#8216;e&#8217; vi\u00f0 l\u00fdsingaror\u00f0i\u00f0 til a\u00f0 <a href=\"https:\/\/talkpal.ai\/locations\/language-courses-in-gera\/\">gera<\/a> \u00fea\u00f0 kvenlegt og &#8216;s&#8217; til a\u00f0 gera \u00fea\u00f0 \u00ed fleirt\u00f6lu. A\u00f0 auki fylgja l\u00fdsingaror\u00f0 almennt nafnor\u00f0inu sem \u00feau breyta, me\u00f0 nokkrum undantekningum fyrir stutt og algeng l\u00fdsingaror\u00f0 eins og \u201ebeau\u201c, \u201evieil\u201c og \u201egrand\u201c.<\/p>\n\n\n\n<p>D\u00e6mi:<br\/>&#8211; Un chat noir (svartur k\u00f6ttur)<br\/>&#8211; Une voiture noire (svartur b\u00edll)<br\/>&#8211; Deux chats noirs (Tveir svartir kettir)<\/p>\n\n\n\n<h3 class=\"wp-block-heading\" id=\"h-5-passe-compose-past-tense-made-easy\">5. Passe Compose \u2013 Past Tense Made Easy<\/h3>\n\n\n\n<p>\u00de\u00f3 a\u00f0 \u00fea\u00f0 s\u00e9u margar lei\u00f0ir til a\u00f0 tj\u00e1 fort\u00ed\u00f0arspennu \u00e1 fr\u00f6nsku, \u00fe\u00e1 er pass\u00e8 compos\u00e9 eitt \u00fea\u00f0 gagnlegasta og au\u00f0veldasta a\u00f0 l\u00e6ra. Til a\u00f0 mynda <a href=\"https:\/\/talkpal.ai\/ar\/grammar_exercises\/passe-compose-%d8%aa%d9%85%d8%a7%d8%b1%d9%8a%d9%86-%d9%84%d9%84%d9%82%d9%88%d8%a7%d8%b9%d8%af-%d8%a7%d9%84%d9%81%d8%b1%d9%86%d8%b3%d9%8a%d8%a9\/\">pass\u00e9 compos\u00e9<\/a> \u00fearftu n\u00fat\u00ed\u00f0 aukasagnarinnar \u201eavoir\u201c e\u00f0a \u201e\u00eatre\u201c, fylgt eftir me\u00f0 \u00fe\u00e1t\u00ed\u00f0inni \u00ed a\u00f0als\u00f6gninni. Flestar sagnir nota \u201eavoir\u201c sem hj\u00e1lparor\u00f0, \u00e1 me\u00f0an sumar sagnir, a\u00f0allega sem tengjast hreyfingu og vi\u00f0brag\u00f0ssagnir, nota \u201e\u00eatre\u201c.<\/p>\n\n\n\n<p>D\u00e6mi:<br\/>\u2013 J&#8217;ai mang\u00e9 (\u00e9g \u00e1t)<br\/>\u2013 Nous sommes all\u00e9s (Vi\u00f0 f\u00f3rum)<\/p>\n\n\n\n<h3 class=\"wp-block-heading\" id=\"h-6-engaging-with-the-language\">6. A\u00f0 taka \u00fe\u00e1tt \u00ed tungum\u00e1linu<\/h3>\n\n\n\n<p>Ein besta lei\u00f0in til a\u00f0 b\u00e6ta fr\u00f6nsku m\u00e1lfr\u00e6\u00f0i \u00fe\u00edna er me\u00f0 \u00fev\u00ed a\u00f0 taka reglulega \u00fe\u00e1tt \u00ed tungum\u00e1linu. Hvort sem \u00fea\u00f0 er a\u00f0 lesa fr\u00f6nsk dagbl\u00f6\u00f0, horfa \u00e1 franskar kvikmyndir e\u00f0a <a href=\"https:\/\/talkpal.ai\/locations\/language-courses-in-tala\/\">tala<\/a> vi\u00f0 m\u00f3\u00f0urm\u00e1l, mun \u00fatsetning fyrir tungum\u00e1linu \u00ed mismunandi samhengi hj\u00e1lpa til vi\u00f0 a\u00f0 styrkja skilning \u00feinn \u00e1 m\u00e1lfr\u00e6\u00f0i og auka or\u00f0afor\u00f0a \u00feinn.<\/p>\n\n\n\n<h3 class=\"wp-block-heading\" id=\"h-conclusion\">Ni\u00f0ursta\u00f0a<\/h3>\n\n\n\n<p>A\u00f0 n\u00e1 t\u00f6kum \u00e1 franskri m\u00e1lfr\u00e6\u00f0i g\u00e6ti virst \u00f3gnvekjandi, en me\u00f0 st\u00f6\u00f0ugri \u00e6fingu og hollustu getur\u00f0u or\u00f0i\u00f0 reiprennandi \u00e1 \u00feessu fallega tungum\u00e1li. Me\u00f0 \u00fev\u00ed a\u00f0 einbeita \u00fe\u00e9r a\u00f0 grundvallarreglunum sem l\u00fdst er h\u00e9r a\u00f0 ofan og taka \u00fe\u00e1tt \u00ed tungum\u00e1linu \u00ed \u00fdmsu samhengi mun fr\u00f6nsk m\u00e1lfr\u00e6\u00f0ikunn\u00e1tta \u00fe\u00edn batna hratt. Bonne t\u00e6kif\u00e6ri \u00e1 fer\u00f0 \u00feinni til a\u00f0 n\u00e1 t\u00f6kum \u00e1 franskri m\u00e1lfr\u00e6\u00f0i!<\/p>\n<\/div><\/div>\n\r\n<section class=\"learnNavigationSection\">\r\n            \r\n        <a href=\"https:\/\/talkpal.ai\/is\/laerdu-fronsku\/\">\r\n            <div class=\"learnNavigationWrapper\">\r\n                <div class=\"learnNavigationContent\">\r\n                    <img decoding=\"async\" src=\"https:\/\/talkpal.ai\/wp-content\/uploads\/2024\/08\/French.jpg\" alt=\"French Flag\">\r\n                    <div>\r\n                        <h4>Um fr\u00f6nskun\u00e1m<\/h4>\r\n                        <p>Finndu \u00fat allt um franska m\u00e1lfr\u00e6\u00f0i.<\/p>\r\n                    <\/div>\r\n                <\/div>\r\n            <\/div>\r\n        <\/a>\r\n\r\n        \r\n        <a href=\"https:\/\/talkpal.ai\/is\/franskar-malfraediaefingar\/\">\r\n            <div class=\"learnNavigationWrapper\">\r\n                <div class=\"learnNavigationContent\">\r\n                    <img decoding=\"async\" src=\"https:\/\/talkpal.ai\/wp-content\/uploads\/2024\/08\/French.jpg\" alt=\"French Flag\">\r\n                    <div>\r\n                        <h4>Fr\u00f6nsk m\u00e1lfr\u00e6\u00f0i\u00e6fing<\/h4>\r\n                        <p>\u00c6f\u00f0u franska m\u00e1lfr\u00e6\u00f0i.<\/p>\r\n                    <\/div>\r\n                <\/div>\r\n            <\/div>\r\n        <\/a>\r\n\r\n        \r\n        <a href=\"https:\/\/talkpal.ai\/vocabulary_language\/french\/\">\r\n            <div class=\"learnNavigationWrapper\">\r\n                <div class=\"learnNavigationContent\">\r\n                    <img decoding=\"async\" src=\"https:\/\/talkpal.ai\/wp-content\/uploads\/2024\/08\/French.jpg\" alt=\"French Flag\">\r\n                    <div>\r\n                        <h4>Franskur or\u00f0afor\u00f0i<\/h4>\r\n                        <p>St\u00e6kka\u00f0u franskan or\u00f0afor\u00f0a \u00feinn.<\/p>\r\n                    <\/div>\r\n                <\/div>\r\n            <\/div>\r\n        <\/a>\r\n\r\n            <\/section>","protected":false},"excerpt":{"rendered":"<p>Lei\u00f0beiningar fyrir byrjendur um franska m\u00e1lfr\u00e6\u00f0i A\u00f0 l\u00e6ra fr\u00f6nsku getur veri\u00f0 spennandi og gefandi reynsla. Hins vegar getur veri\u00f0 krefjandi a\u00f0 n\u00e1 t\u00f6kum \u00e1 franskri m\u00e1lfr\u00e6\u00f0i, jafnvel fyrir \u00fe\u00e1 sem eru f\u00e6rir \u00ed ensku. \u00cd \u00feessari grein munum vi\u00f0 r\u00e6\u00f0a nokkur nau\u00f0synleg fr\u00f6nsk m\u00e1lfr\u00e6\u00f0ir\u00e1\u00f0 til a\u00f0 hj\u00e1lpa \u00fe\u00e9r a\u00f0 b\u00e6ta tungum\u00e1lakunn\u00e1ttu \u00fe\u00edna. Me\u00f0 \u00fev\u00ed a\u00f0 [&hellip;]<\/p>\n","protected":false},"author":1,"featured_media":75932,"parent":0,"menu_order":0,"comment_status":"closed","ping_status":"closed","template":"LearningContentPage.php","meta":{"_acf_changed":false,"footnotes":""},"class_list":["post-124315","page","type-page","status-publish","has-post-thumbnail","hentry"],"acf":[],"yoast_head":"<!-- This site is optimized with the Yoast SEO Premium plugin v27.2 (Yoast SEO v27.2) - https:\/\/yoast.com\/product\/yoast-seo-premium-wordpress\/ -->\n<title>Fr\u00f6nsk m\u00e1lfr\u00e6\u00f0i - Talkpal<\/title>\n<meta name=\"description\" content=\"N\u00e1 t\u00f6kum \u00e1 grundvallarhugt\u00f6kum \u00ed fr\u00f6nsku m\u00e1lfr\u00e6\u00f0i - n\u00e6r yfir sagnir, beygingar, t\u00ed\u00f0ir, nafnor\u00f0, greini, l\u00fdsingaror\u00f0, forn\u00f6fn og setningarbyggingu.\" \/>\n<meta name=\"robots\" content=\"index, follow, max-snippet:-1, max-image-preview:large, max-video-preview:-1\" \/>\n<link rel=\"canonical\" href=\"https:\/\/talkpal.ai\/is\/fronsk-malfraedi\/\" \/>\n<meta property=\"og:locale\" content=\"is_IS\" \/>\n<meta property=\"og:type\" content=\"article\" \/>\n<meta property=\"og:title\" content=\"Fr\u00f6nsk m\u00e1lfr\u00e6\u00f0i\" \/>\n<meta property=\"og:description\" content=\"Lei\u00f0beiningar fyrir byrjendur um franska m\u00e1lfr\u00e6\u00f0i A\u00f0 l\u00e6ra fr\u00f6nsku getur veri\u00f0 spennandi og gefandi reynsla. Hins vegar getur veri\u00f0 krefjandi a\u00f0 n\u00e1 t\u00f6kum \u00e1\" \/>\n<meta property=\"og:url\" content=\"https:\/\/talkpal.ai\/is\/fronsk-malfraedi\/\" \/>\n<meta property=\"og:site_name\" content=\"Talkpal\" \/>\n<meta property=\"article:publisher\" content=\"https:\/\/www.facebook.com\/profile.php?id=100090733639311\" \/>\n<meta property=\"article:modified_time\" content=\"2025-05-22T18:47:09+00:00\" \/>\n<meta property=\"og:image\" content=\"https:\/\/talkpal.ai\/wp-content\/uploads\/2023\/03\/france.png\" \/>\n\t<meta property=\"og:image:width\" content=\"512\" \/>\n\t<meta property=\"og:image:height\" content=\"512\" \/>\n\t<meta property=\"og:image:type\" content=\"image\/png\" \/>\n<meta name=\"twitter:card\" content=\"summary_large_image\" \/>\n<meta name=\"twitter:site\" content=\"@talkpalai\" \/>\n<meta name=\"twitter:label1\" content=\"Est. reading time\" \/>\n\t<meta name=\"twitter:data1\" content=\"3 minutes\" \/>\n<script type=\"application\/ld+json\" class=\"yoast-schema-graph\">{\"@context\":\"https:\/\/schema.org\",\"@graph\":[{\"@type\":\"WebPage\",\"@id\":\"https:\/\/talkpal.ai\/is\/fronsk-malfraedi\/\",\"url\":\"https:\/\/talkpal.ai\/is\/fronsk-malfraedi\/\",\"name\":\"Fr\u00f6nsk m\u00e1lfr\u00e6\u00f0i - Talkpal\",\"isPartOf\":{\"@id\":\"https:\/\/talkpal.ai\/is\/#website\"},\"primaryImageOfPage\":{\"@id\":\"https:\/\/talkpal.ai\/is\/fronsk-malfraedi\/#primaryimage\"},\"image\":{\"@id\":\"https:\/\/talkpal.ai\/is\/fronsk-malfraedi\/#primaryimage\"},\"thumbnailUrl\":\"https:\/\/talkpal.ai\/wp-content\/uploads\/2023\/03\/france.png\",\"datePublished\":\"2023-03-26T11:45:19+00:00\",\"dateModified\":\"2025-05-22T18:47:09+00:00\",\"description\":\"N\u00e1 t\u00f6kum \u00e1 grundvallarhugt\u00f6kum \u00ed fr\u00f6nsku m\u00e1lfr\u00e6\u00f0i - n\u00e6r yfir sagnir, beygingar, t\u00ed\u00f0ir, nafnor\u00f0, greini, l\u00fdsingaror\u00f0, forn\u00f6fn og setningarbyggingu.\",\"breadcrumb\":{\"@id\":\"https:\/\/talkpal.ai\/is\/fronsk-malfraedi\/#breadcrumb\"},\"inLanguage\":\"is\",\"potentialAction\":[{\"@type\":\"ReadAction\",\"target\":[\"https:\/\/talkpal.ai\/is\/fronsk-malfraedi\/\"]}]},{\"@type\":\"ImageObject\",\"inLanguage\":\"is\",\"@id\":\"https:\/\/talkpal.ai\/is\/fronsk-malfraedi\/#primaryimage\",\"url\":\"https:\/\/talkpal.ai\/wp-content\/uploads\/2023\/03\/france.png\",\"contentUrl\":\"https:\/\/talkpal.ai\/wp-content\/uploads\/2023\/03\/france.png\",\"width\":512,\"height\":512,\"caption\":\"TalkPal AI learn French\"},{\"@type\":\"BreadcrumbList\",\"@id\":\"https:\/\/talkpal.ai\/is\/fronsk-malfraedi\/#breadcrumb\",\"itemListElement\":[{\"@type\":\"ListItem\",\"position\":1,\"name\":\"Homepage\",\"item\":\"https:\/\/talkpal.ai\/is\/\"},{\"@type\":\"ListItem\",\"position\":2,\"name\":\"Fr\u00f6nsk m\u00e1lfr\u00e6\u00f0i\"}]},{\"@type\":\"WebSite\",\"@id\":\"https:\/\/talkpal.ai\/is\/#website\",\"url\":\"https:\/\/talkpal.ai\/is\/\",\"name\":\"Talkpal\",\"description\":\"AI Language Learning\",\"publisher\":{\"@id\":\"https:\/\/talkpal.ai\/is\/#organization\"},\"alternateName\":\"Talkpal AI\",\"potentialAction\":[{\"@type\":\"SearchAction\",\"target\":{\"@type\":\"EntryPoint\",\"urlTemplate\":\"https:\/\/talkpal.ai\/is\/?s={search_term_string}\"},\"query-input\":{\"@type\":\"PropertyValueSpecification\",\"valueRequired\":true,\"valueName\":\"search_term_string\"}}],\"inLanguage\":\"is\"},{\"@type\":\"Organization\",\"@id\":\"https:\/\/talkpal.ai\/is\/#organization\",\"name\":\"Talkpal, Inc.\",\"alternateName\":\"Talkpal AI\",\"url\":\"https:\/\/talkpal.ai\/is\/\",\"logo\":{\"@type\":\"ImageObject\",\"inLanguage\":\"is\",\"@id\":\"https:\/\/talkpal.ai\/is\/#\/schema\/logo\/image\/\",\"url\":\"https:\/\/talkpal.ai\/wp-content\/uploads\/2024\/03\/Talkpal-Logo-Icon.png\",\"contentUrl\":\"https:\/\/talkpal.ai\/wp-content\/uploads\/2024\/03\/Talkpal-Logo-Icon.png\",\"width\":2880,\"height\":2880,\"caption\":\"Talkpal, Inc.\"},\"image\":{\"@id\":\"https:\/\/talkpal.ai\/is\/#\/schema\/logo\/image\/\"},\"sameAs\":[\"https:\/\/www.facebook.com\/profile.php?id=100090733639311\",\"https:\/\/x.com\/talkpalai\",\"https:\/\/www.linkedin.com\/company\/talkpal\/\",\"https:\/\/www.youtube.com\/@TalkPal\/\",\"https:\/\/www.tiktok.com\/@talkpal\",\"https:\/\/www.instagram.com\/talkpal_ai\/\",\"https:\/\/www.crunchbase.com\/organization\/talkpal-9cde\",\"https:\/\/www.g2.com\/products\/talkpal-for-business\/\",\"https:\/\/www.trustpilot.com\/review\/talkpal.ai\",\"https:\/\/www.capterra.com\/p\/10006800\/TalkPal\/\"],\"description\":\"Talkpal is a language learning web and mobile education app, powered by the latest AI technologies, that provides engaging experiences to its customers in many different languages to help them improve their language skills. Users can chat about unlimited amount of topics with the app and use other modes to practice their language learning.\",\"email\":\"support@talkpal.ai\",\"legalName\":\"Talkpal, Inc.\",\"foundingDate\":\"2023-04-03\",\"duns\":\"118989042\",\"numberOfEmployees\":{\"@type\":\"QuantitativeValue\",\"minValue\":\"11\",\"maxValue\":\"50\"},\"publishingPrinciples\":\"https:\/\/talkpal.ai\/publishing-principles\/\",\"actionableFeedbackPolicy\":\"https:\/\/talkpal.ai\/actionable-feedback-policy\/\",\"correctionsPolicy\":\"https:\/\/talkpal.ai\/corrections-policy\/\",\"ethicsPolicy\":\"https:\/\/talkpal.ai\/ethics-policy\/\",\"diversityPolicy\":\"https:\/\/talkpal.ai\/diversity-policy\/\",\"diversityStaffingReport\":\"https:\/\/talkpal.ai\/diversity-policy\/\"}]}<\/script>\n<!-- \/ Yoast SEO Premium plugin. -->","yoast_head_json":{"title":"Fr\u00f6nsk m\u00e1lfr\u00e6\u00f0i - Talkpal","description":"N\u00e1 t\u00f6kum \u00e1 grundvallarhugt\u00f6kum \u00ed fr\u00f6nsku m\u00e1lfr\u00e6\u00f0i - n\u00e6r yfir sagnir, beygingar, t\u00ed\u00f0ir, nafnor\u00f0, greini, l\u00fdsingaror\u00f0, forn\u00f6fn og setningarbyggingu.","robots":{"index":"index","follow":"follow","max-snippet":"max-snippet:-1","max-image-preview":"max-image-preview:large","max-video-preview":"max-video-preview:-1"},"canonical":"https:\/\/talkpal.ai\/is\/fronsk-malfraedi\/","og_locale":"is_IS","og_type":"article","og_title":"Fr\u00f6nsk m\u00e1lfr\u00e6\u00f0i","og_description":"Lei\u00f0beiningar fyrir byrjendur um franska m\u00e1lfr\u00e6\u00f0i A\u00f0 l\u00e6ra fr\u00f6nsku getur veri\u00f0 spennandi og gefandi reynsla. Hins vegar getur veri\u00f0 krefjandi a\u00f0 n\u00e1 t\u00f6kum \u00e1","og_url":"https:\/\/talkpal.ai\/is\/fronsk-malfraedi\/","og_site_name":"Talkpal","article_publisher":"https:\/\/www.facebook.com\/profile.php?id=100090733639311","article_modified_time":"2025-05-22T18:47:09+00:00","og_image":[{"width":512,"height":512,"url":"https:\/\/talkpal.ai\/wp-content\/uploads\/2023\/03\/france.png","type":"image\/png"}],"twitter_card":"summary_large_image","twitter_site":"@talkpalai","twitter_misc":{"Est. reading time":"3 minutes"},"schema":{"@context":"https:\/\/schema.org","@graph":[{"@type":"WebPage","@id":"https:\/\/talkpal.ai\/is\/fronsk-malfraedi\/","url":"https:\/\/talkpal.ai\/is\/fronsk-malfraedi\/","name":"Fr\u00f6nsk m\u00e1lfr\u00e6\u00f0i - Talkpal","isPartOf":{"@id":"https:\/\/talkpal.ai\/is\/#website"},"primaryImageOfPage":{"@id":"https:\/\/talkpal.ai\/is\/fronsk-malfraedi\/#primaryimage"},"image":{"@id":"https:\/\/talkpal.ai\/is\/fronsk-malfraedi\/#primaryimage"},"thumbnailUrl":"https:\/\/talkpal.ai\/wp-content\/uploads\/2023\/03\/france.png","datePublished":"2023-03-26T11:45:19+00:00","dateModified":"2025-05-22T18:47:09+00:00","description":"N\u00e1 t\u00f6kum \u00e1 grundvallarhugt\u00f6kum \u00ed fr\u00f6nsku m\u00e1lfr\u00e6\u00f0i - n\u00e6r yfir sagnir, beygingar, t\u00ed\u00f0ir, nafnor\u00f0, greini, l\u00fdsingaror\u00f0, forn\u00f6fn og setningarbyggingu.","breadcrumb":{"@id":"https:\/\/talkpal.ai\/is\/fronsk-malfraedi\/#breadcrumb"},"inLanguage":"is","potentialAction":[{"@type":"ReadAction","target":["https:\/\/talkpal.ai\/is\/fronsk-malfraedi\/"]}]},{"@type":"ImageObject","inLanguage":"is","@id":"https:\/\/talkpal.ai\/is\/fronsk-malfraedi\/#primaryimage","url":"https:\/\/talkpal.ai\/wp-content\/uploads\/2023\/03\/france.png","contentUrl":"https:\/\/talkpal.ai\/wp-content\/uploads\/2023\/03\/france.png","width":512,"height":512,"caption":"TalkPal AI learn French"},{"@type":"BreadcrumbList","@id":"https:\/\/talkpal.ai\/is\/fronsk-malfraedi\/#breadcrumb","itemListElement":[{"@type":"ListItem","position":1,"name":"Homepage","item":"https:\/\/talkpal.ai\/is\/"},{"@type":"ListItem","position":2,"name":"Fr\u00f6nsk m\u00e1lfr\u00e6\u00f0i"}]},{"@type":"WebSite","@id":"https:\/\/talkpal.ai\/is\/#website","url":"https:\/\/talkpal.ai\/is\/","name":"Talkpal","description":"AI Language Learning","publisher":{"@id":"https:\/\/talkpal.ai\/is\/#organization"},"alternateName":"Talkpal AI","potentialAction":[{"@type":"SearchAction","target":{"@type":"EntryPoint","urlTemplate":"https:\/\/talkpal.ai\/is\/?s={search_term_string}"},"query-input":{"@type":"PropertyValueSpecification","valueRequired":true,"valueName":"search_term_string"}}],"inLanguage":"is"},{"@type":"Organization","@id":"https:\/\/talkpal.ai\/is\/#organization","name":"Talkpal, Inc.","alternateName":"Talkpal AI","url":"https:\/\/talkpal.ai\/is\/","logo":{"@type":"ImageObject","inLanguage":"is","@id":"https:\/\/talkpal.ai\/is\/#\/schema\/logo\/image\/","url":"https:\/\/talkpal.ai\/wp-content\/uploads\/2024\/03\/Talkpal-Logo-Icon.png","contentUrl":"https:\/\/talkpal.ai\/wp-content\/uploads\/2024\/03\/Talkpal-Logo-Icon.png","width":2880,"height":2880,"caption":"Talkpal, Inc."},"image":{"@id":"https:\/\/talkpal.ai\/is\/#\/schema\/logo\/image\/"},"sameAs":["https:\/\/www.facebook.com\/profile.php?id=100090733639311","https:\/\/x.com\/talkpalai","https:\/\/www.linkedin.com\/company\/talkpal\/","https:\/\/www.youtube.com\/@TalkPal\/","https:\/\/www.tiktok.com\/@talkpal","https:\/\/www.instagram.com\/talkpal_ai\/","https:\/\/www.crunchbase.com\/organization\/talkpal-9cde","https:\/\/www.g2.com\/products\/talkpal-for-business\/","https:\/\/www.trustpilot.com\/review\/talkpal.ai","https:\/\/www.capterra.com\/p\/10006800\/TalkPal\/"],"description":"Talkpal is a language learning web and mobile education app, powered by the latest AI technologies, that provides engaging experiences to its customers in many different languages to help them improve their language skills. Users can chat about unlimited amount of topics with the app and use other modes to practice their language learning.","email":"support@talkpal.ai","legalName":"Talkpal, Inc.","foundingDate":"2023-04-03","duns":"118989042","numberOfEmployees":{"@type":"QuantitativeValue","minValue":"11","maxValue":"50"},"publishingPrinciples":"https:\/\/talkpal.ai\/publishing-principles\/","actionableFeedbackPolicy":"https:\/\/talkpal.ai\/actionable-feedback-policy\/","correctionsPolicy":"https:\/\/talkpal.ai\/corrections-policy\/","ethicsPolicy":"https:\/\/talkpal.ai\/ethics-policy\/","diversityPolicy":"https:\/\/talkpal.ai\/diversity-policy\/","diversityStaffingReport":"https:\/\/talkpal.ai\/diversity-policy\/"}]}},"_links":{"self":[{"href":"https:\/\/talkpal.ai\/is\/wp-json\/wp\/v2\/pages\/124315","targetHints":{"allow":["GET"]}}],"collection":[{"href":"https:\/\/talkpal.ai\/is\/wp-json\/wp\/v2\/pages"}],"about":[{"href":"https:\/\/talkpal.ai\/is\/wp-json\/wp\/v2\/types\/page"}],"author":[{"embeddable":true,"href":"https:\/\/talkpal.ai\/is\/wp-json\/wp\/v2\/users\/1"}],"replies":[{"embeddable":true,"href":"https:\/\/talkpal.ai\/is\/wp-json\/wp\/v2\/comments?post=124315"}],"version-history":[{"count":0,"href":"https:\/\/talkpal.ai\/is\/wp-json\/wp\/v2\/pages\/124315\/revisions"}],"wp:featuredmedia":[{"embeddable":true,"href":"https:\/\/talkpal.ai\/is\/wp-json\/wp\/v2\/media\/75932"}],"wp:attachment":[{"href":"https:\/\/talkpal.ai\/is\/wp-json\/wp\/v2\/media?parent=124315"}],"curies":[{"name":"wp","href":"https:\/\/api.w.org\/{rel}","templated":true}]}}