{"id":124106,"date":"2023-03-26T11:40:15","date_gmt":"2023-03-26T11:40:15","guid":{"rendered":"http:\/\/talkpal.ai\/thysk-malfraedi\/"},"modified":"2025-05-22T19:22:43","modified_gmt":"2025-05-22T19:22:43","slug":"thysk-malfraedi","status":"publish","type":"page","link":"https:\/\/talkpal.ai\/is\/thysk-malfraedi\/","title":{"rendered":"\u00de\u00fdsk m\u00e1lfr\u00e6\u00f0i"},"content":{"rendered":"\r\n\r\n\r\n<section class=\"languageChallengeSection\">\r\n    <div class=\"languageInfoWrapper\">\r\n        \r\n        <h1>\u00de\u00fdsk m\u00e1lfr\u00e6\u00f0i<\/h1>\r\n        <p>Opna\u00f0u fyrir uppbyggingu \u00fe\u00fdsku tungum\u00e1lsins me\u00f0 \u00fev\u00ed a\u00f0 n\u00e1 t\u00f6kum \u00e1 grundvallarm\u00e1lfr\u00e6\u00f0ireglum \u00feess. A\u00f0 skilja <a href=\"https:\/\/talkpal.ai\/learn-german\/\">\u00fe\u00fdska<\/a> <a href=\"https:\/\/talkpal.ai\/grammar\/\">m\u00e1lfr\u00e6\u00f0i<\/a> mun hj\u00e1lpa \u00fe\u00e9r a\u00f0 eiga samskipti af \u00f6ryggi og meta til fulls au\u00f0leg\u00f0 \u00fe\u00fdskum\u00e6landi menningar. Byrja\u00f0u a\u00f0 l\u00e6ra \u00fe\u00fdsku m\u00e1lfr\u00e6\u00f0i \u00ed dag og taktu fyrsta skrefi\u00f0 \u00ed \u00e1tt a\u00f0 f\u00e6rni \u00ed \u00fe\u00fdsku!\n\n<\/p>\r\n\r\n                            <a class=\"getStartedHidden\" href=\"https:\/\/app.talkpal.ai\/signup?lng=\">Byrja\u00f0u<\/a>\r\n        \r\n    <\/div>\r\n\r\n    <figure>\r\n    <img decoding=\"async\" width=\"768\" height=\"768\" src=\"https:\/\/talkpal.ai\/wp-content\/uploads\/2023\/06\/german-768x768.png\" class=\"languageImage no-lazy\" alt=\"Language learning for global networking\" fetchpriority=\"high\" sizes=\"(max-width: 768px) 150px, 768px\" srcset=\"https:\/\/talkpal.ai\/wp-content\/uploads\/2023\/06\/german-768x768.png 768w, https:\/\/talkpal.ai\/wp-content\/uploads\/2023\/06\/german-300x300.png 300w\" \/>\r\n    \r\n\r\n    <\/figure>\r\n\r\n            <a class=\"getStartedVisible\" href=\"https:\/\/app.talkpal.ai\/signup?lng=\">Byrja\u00f0u<\/a>\r\n    \r\n<\/section>\r\n<section class=\"promotionalBanner\">\r\n    <p class=\"promotionalText\">Skilvirkasta lei\u00f0in til a\u00f0 l\u00e6ra tungum\u00e1l<\/p>\r\n    <a class=\"promotionalLink\" href=\"https:\/\/app.talkpal.ai\/signup?lng=\">Pr\u00f3fa\u00f0u Talkpal \u00f3keypis<\/a>\r\n<\/section>\n<div class=\"wp-block-group pageContainerStyle\"><div class=\"wp-block-group__inner-container is-layout-constrained wp-block-group-is-layout-constrained\">\n<h2 class=\"wp-block-heading\" id=\"h-unraveling-the-intricacies-of-german-grammar\">A\u00f0 afhj\u00fapa ranghala \u00fe\u00fdskrar m\u00e1lfr\u00e6\u00f0i<\/h2>\n\n\n\n<p>A\u00f0 l\u00e6ra \u00fe\u00fdsku getur veri\u00f0 spennandi og gefandi vi\u00f0leitni. \u00de\u00fa munt ekki a\u00f0eins geta tala\u00f0 vi\u00f0 meira en 130 millj\u00f3nir manna um allan heim, heldur munt \u00fe\u00fa einnig hafa a\u00f0gang a\u00f0 \u00f3grynni af b\u00f3kmenntum, t\u00f3nlist og menningars\u00f6gu. Eins og me\u00f0 <a href=\"https:\/\/talkpal.ai\/languages\/\">\u00f6ll tungum\u00e1l<\/a> krefst \u00fea\u00f0 al\u00fa\u00f0ar og \u00feolinm\u00e6\u00f0i a\u00f0 n\u00e1 t\u00f6kum \u00e1 \u00fe\u00fdsku &#8211; s\u00e9rstaklega \u00feegar kemur a\u00f0 m\u00e1lfr\u00e6\u00f0i \u00feess. G\u00f3\u00f0u fr\u00e9ttirnar eru \u00fe\u00e6r a\u00f0 margir \u00fe\u00e6ttir \u00fe\u00fdskrar m\u00e1lfr\u00e6\u00f0i eru nokku\u00f0 svipa\u00f0ir enskri m\u00e1lfr\u00e6\u00f0i, sem au\u00f0veldar <a href=\"https:\/\/talkpal.ai\/english-speaking-course\/\">enskum\u00e6landi<\/a> a\u00f0 vefja h\u00f6f\u00f0inu um. \u00cd \u00feessari grein munum vi\u00f0 kanna nokkra af helstu eiginleikum \u00fe\u00fdskrar m\u00e1lfr\u00e6\u00f0i og veita gagnlegar <a href=\"https:\/\/talkpal.ai\/contact\/\">\u00e1bendingar<\/a> og brellur til a\u00f0 hj\u00e1lpa \u00fe\u00e9r a\u00f0 n\u00e1 t\u00f6kum \u00e1 \u00feessu fallega og fl\u00f3kna tungum\u00e1li.<\/p>\n\n\n\n<h3 class=\"wp-block-heading\" id=\"h-1-nouns-and-articles-get-your-cases-right\">1. Nafnor\u00f0 og greinar \u2013 Komdu m\u00e1lum \u00fe\u00ednum \u00e1 r\u00e9ttan kj\u00f6l!<\/h3>\n\n\n\n<p>Ein fyrsta hindrunin fyrir enskum\u00e6landi sem l\u00e6ra \u00fe\u00fdsku er a\u00f0 skilja fj\u00f6gur tilvik: nafnor\u00f0, \u00e1sakandi, dative og genitive. Hvert m\u00e1l gefur til kynna mismunandi fall nafnor\u00f0s \u00ed setningu, svo sem efni, beinan hlut e\u00f0a \u00f3beinan hlut. A\u00f0 auki hefur \u00fe\u00fdska \u00ferj\u00fa m\u00e1lfr\u00e6\u00f0ileg kyn (karlkyns, kvenkyns og hvorugkyn) og greinar fyrir hvert kyn breytast eftir atvikum. Hlj\u00f3mar \u00fea\u00f0 ruglingslegt? Ekki hafa \u00e1hyggjur! Eftir \u00fev\u00ed sem \u00fe\u00fa kynnist \u00fe\u00fdsku, muntu <a href=\"https:\/\/talkpal.ai\/ko\/ai-%ec%96%b8%ec%96%b4-%ea%b5%90%ec%82%ac\/\">byrja<\/a> a\u00f0 \u00feekkja mynstur og sj\u00e1 fyrir hva\u00f0a fall og kyn \u00fe\u00fa \u00e1tt a\u00f0 nota.<\/p>\n\n\n\n<p>\u00c1bending: Ger\u00f0u graf yfir \u00e1kve\u00f0nar greinar (der, die, das) og \u00f3\u00e1kve\u00f0nar greinar (ein, eine, ein) fyrir hvert kyn og tilfelli. Legg\u00f0u \u00feetta fyrst \u00e1 minni\u00f0, \u00fear sem \u00feau munu \u00fej\u00f3na sem grunnur \u00feinn til a\u00f0 skilja \u00fe\u00fdska setningager\u00f0.<\/p>\n\n\n\n<h3 class=\"wp-block-heading\" id=\"h-2-verbs-conjugate-and-dominate\">2. Sagnir &#8211; Samtenging og r\u00e1\u00f0a!<\/h3>\n\n\n\n<p>\u00c1 \u00fe\u00fdsku eru sagnir ekki a\u00f0eins nau\u00f0synlegar til a\u00f0 tj\u00e1 athafnir heldur einnig til a\u00f0 gefa til kynna spennu og skap. R\u00e9tt eins og <a href=\"https:\/\/talkpal.ai\/learn-english-with-ai\/\">enska<\/a> \u00feurfa \u00fe\u00fdskar sagnir a\u00f0 vera beyg\u00f0ar til a\u00f0 passa vi\u00f0 efni setningarinnar. Hins vegar er nokkur lykilmunur, \u00fear \u00e1 me\u00f0al notkun venjulegra (veikra) og \u00f3reglulegra (sterkra) sagna, svo og notkun hj\u00e1lparsagna fyrir \u00e1kve\u00f0nar t\u00ed\u00f0ir. G\u00f3\u00f0u fr\u00e9ttirnar eru \u00fe\u00e6r a\u00f0 sumir \u00fe\u00e6ttir \u00fe\u00fdskrar sagnatengingar eru einfaldari en enska, svo sem a\u00f0 \u00feurfa ekki a\u00f0 nota \u201egera\u201c fyrir spurningar e\u00f0a neitanir.<\/p>\n\n\n\n<p>\u00c1bending: Byrja\u00f0u \u00e1 \u00fev\u00ed a\u00f0 n\u00e1 t\u00f6kum \u00e1 venjulegri beygingu sagna og takast s\u00ed\u00f0an \u00e1 vi\u00f0 algengustu \u00f3reglulegu sagnirnar. \u00c6f\u00f0u \u00feig \u00ed a\u00f0 nota hj\u00e1lparsagnir me\u00f0 fort\u00ed\u00f0 og framt\u00ed\u00f0, og \u00fe\u00fa munt flj\u00f3tlega geta sm\u00ed\u00f0a\u00f0 fl\u00f3knari setningar.<\/p>\n\n\n\n<h3 class=\"wp-block-heading\" id=\"h-3-adjectives-show-your-agreement\">3. L\u00fdsingaror\u00f0 &#8211; S\u00fdndu sam\u00feykki \u00feitt!<\/h3>\n\n\n\n<p>\u00deegar \u00fe\u00fa notar l\u00fdsingaror\u00f0 til a\u00f0 l\u00fdsa nafnor\u00f0um \u00e1 \u00fe\u00fdsku er nau\u00f0synlegt a\u00f0 skilja l\u00fdsingaror\u00f0ssamkomulag. \u00deetta \u00fe\u00fd\u00f0ir a\u00f0 l\u00fdsingaror\u00f0in ver\u00f0a a\u00f0 vera \u00ed samr\u00e6mi vi\u00f0 kyn og fall nafnor\u00f0sins. \u00cd sumum tilfellum mun \u00feetta krefjast \u00feess a\u00f0 ending s\u00e9 b\u00e6tt vi\u00f0 l\u00fdsingaror\u00f0i\u00f0, byggt \u00e1 grein nafnor\u00f0sins og falli.<\/p>\n\n\n\n<p>\u00c1bending: Nota\u00f0u greinat\u00f6fluna \u00fe\u00edna fr\u00e1 \u00fev\u00ed \u00e1\u00f0an til a\u00f0 hj\u00e1lpa \u00fe\u00e9r a\u00f0 muna r\u00e9tta l\u00fdsingaror\u00f0sendingu. \u00deegar \u00fe\u00fa \u00e6fir \u00feig \u00ed a\u00f0 nota l\u00fdsingaror\u00f0 \u00ed setningum skaltu gera andlega athugasemd vi\u00f0 lokamynstrin og hvernig \u00feau tengjast kyni og falli nafnor\u00f0sins.<\/p>\n\n\n\n<h3 class=\"wp-block-heading\" id=\"h-4-word-order-embrace-the-flexibility\">4. Or\u00f0ar\u00f6\u00f0 &#8211; Fa\u00f0ma\u00f0u sveigjanleikann!<\/h3>\n\n\n\n<p>Ein af m\u00f6rgum gle\u00f0i \u00fe\u00fdskrar m\u00e1lfr\u00e6\u00f0i er sveigjanleg or\u00f0ar\u00f6\u00f0 hennar. \u00d3l\u00edkt ensku, sem almennt fylgir str\u00f6ngu efnis-s\u00f6gn-hlut mynstri, geta \u00fe\u00fdskar setningar veri\u00f0 mismunandi \u00ed uppbyggingu \u00feeirra. Lykillinn er a\u00f0 skilja mikilv\u00e6gi st\u00f6\u00f0u sagnarinnar, sem venjulega kemur \u00ed \u00f6\u00f0ru s\u00e6ti \u00ed a\u00f0alsetningu og s\u00ed\u00f0ast \u00ed v\u00edkjandi setningu.<\/p>\n\n\n\n<p>\u00c1bending: Til a\u00f0 s\u00e6tta \u00feig vi\u00f0 mismunandi or\u00f0r\u00f6\u00f0armynstur skaltu pr\u00f3fa a\u00f0 \u00fe\u00fd\u00f0a einfaldar enskar setningar yfir \u00e1 \u00fe\u00fdsku og endurra\u00f0a s\u00ed\u00f0an setningunni \u00e1 me\u00f0an \u00fe\u00fa heldur s\u00f6gninni \u00e1 r\u00e9ttum sta\u00f0. \u00deetta mun hj\u00e1lpa \u00fe\u00e9r a\u00f0 ver\u00f0a leiknari \u00ed a\u00f0 b\u00faa til bl\u00e6brig\u00f0ar\u00edkar og svipmiklar setningar \u00e1 \u00fe\u00fdsku.<\/p>\n\n\n\n<h3 class=\"wp-block-heading\" id=\"h-5-prepositions-think-in-german\">5. Forsetningar \u2013 Hugsa\u00f0u \u00e1 \u00fe\u00fdsku!<\/h3>\n\n\n\n<p>A\u00f0 \u00f6llum l\u00edkindum er erfi\u00f0asti hlutinn vi\u00f0 a\u00f0 l\u00e6ra \u00fe\u00fdska m\u00e1lfr\u00e6\u00f0i a\u00f0 n\u00e1 t\u00f6kum \u00e1 forsetningum. \u00de\u00f3 a\u00f0 forsetningar s\u00e9u til \u00e1 ensku og \u00fej\u00f3na svipu\u00f0um tilgangi, er notkun \u00feeirra \u00e1 \u00fe\u00fdsku \u00f6\u00f0ruv\u00edsi og krefst \u00feess oft a\u00f0 \u00fe\u00fa \u201ehugsar \u00e1 \u00fe\u00fdsku\u201c til a\u00f0 velja r\u00e9tta. Til d\u00e6mis getur enska forsetningin \u201ein\u201c \u00fe\u00fdtt \u201ein,\u201c \u201ean\u201c e\u00f0a \u201eauf\u201c \u00e1 \u00fe\u00fdsku, allt eftir samhengi.<\/p>\n\n\n\n<p>\u00c1bending: B\u00fa\u00f0u til spj\u00f6ld me\u00f0 algengum forsetningum og enskum hli\u00f0st\u00e6\u00f0um \u00feeirra. \u00c6f\u00f0u \u00feig \u00ed a\u00f0 nota \u00fe\u00e6r \u00ed setningum og einbeittu \u00fe\u00e9r a\u00f0 \u00fev\u00ed s\u00e9rstaka samhengi sem hver forsetning er notu\u00f0 \u00ed.<\/p>\n\n\n\n<h3 class=\"wp-block-heading\" id=\"h-conclusion\">\u00c1lyktun:<\/h3>\n\n\n\n<p>\u00de\u00fdsk m\u00e1lfr\u00e6\u00f0i g\u00e6ti virst \u00f3gnvekjandi \u00ed fyrstu, en me\u00f0 hollri \u00e6fingu, \u00feolinm\u00e6\u00f0i og einbeitingu a\u00f0 \u00fev\u00ed a\u00f0 skilja undirliggjandi reglur og mynstur muntu flj\u00f3tlega b\u00faa til h\u00e1\u00fer\u00f3a\u00f0ar setningar me\u00f0 au\u00f0veldum h\u00e6tti. Me\u00f0 \u00fev\u00ed a\u00f0 skilja ranghala \u00fe\u00fdskrar m\u00e1lfr\u00e6\u00f0i munu enskum\u00e6landi ekki a\u00f0eins auka tungum\u00e1lakunn\u00e1ttu s\u00edna heldur einnig \u00fer\u00f3a n\u00fdfundi\u00f0 \u00feakkl\u00e6ti fyrir \u00feetta fallega og fl\u00f3kna tungum\u00e1l. N\u00fa, auf geht&#8217;s! T\u00edmi til kominn a\u00f0 kafa inn \u00ed heim \u00fe\u00fdskrar m\u00e1lfr\u00e6\u00f0i og opna fyrir m\u00f6guleika \u00fe\u00edna \u00e1 tungum\u00e1lan\u00e1mi.<\/p>\n<\/div><\/div>\n\r\n<section class=\"learnNavigationSection\">\r\n            \r\n        <a href=\"https:\/\/talkpal.ai\/is\/laerdu-thysku\/\">\r\n            <div class=\"learnNavigationWrapper\">\r\n                <div class=\"learnNavigationContent\">\r\n                    <img decoding=\"async\" src=\"https:\/\/talkpal.ai\/wp-content\/uploads\/2024\/08\/German.jpg\" alt=\"German Flag\">\r\n                    <div>\r\n                        <h4>Um \u00fe\u00fdskun\u00e1m<\/h4>\r\n                        <p>Finndu \u00fat allt um \u00fe\u00fdska m\u00e1lfr\u00e6\u00f0i.<\/p>\r\n                    <\/div>\r\n                <\/div>\r\n            <\/div>\r\n        <\/a>\r\n\r\n        \r\n        <a href=\"https:\/\/talkpal.ai\/is\/thyska-malfraedi-aefingar\/\">\r\n            <div class=\"learnNavigationWrapper\">\r\n                <div class=\"learnNavigationContent\">\r\n                    <img decoding=\"async\" src=\"https:\/\/talkpal.ai\/wp-content\/uploads\/2024\/08\/German.jpg\" alt=\"German Flag\">\r\n                    <div>\r\n                        <h4>\u00de\u00fdsk m\u00e1lfr\u00e6\u00f0i\u00e6fing<\/h4>\r\n                        <p>\u00c6f\u00f0u \u00fe\u00fdska m\u00e1lfr\u00e6\u00f0i.<\/p>\r\n                    <\/div>\r\n                <\/div>\r\n            <\/div>\r\n        <\/a>\r\n\r\n        \r\n        <a href=\"https:\/\/talkpal.ai\/vocabulary_language\/german\/\">\r\n            <div class=\"learnNavigationWrapper\">\r\n                <div class=\"learnNavigationContent\">\r\n                    <img decoding=\"async\" src=\"https:\/\/talkpal.ai\/wp-content\/uploads\/2024\/08\/German.jpg\" alt=\"German Flag\">\r\n                    <div>\r\n                        <h4>\u00de\u00fdskur or\u00f0afor\u00f0i<\/h4>\r\n                        <p>St\u00e6kka\u00f0u \u00fe\u00fdskan or\u00f0afor\u00f0a \u00feinn.<\/p>\r\n                    <\/div>\r\n                <\/div>\r\n            <\/div>\r\n        <\/a>\r\n\r\n            <\/section>","protected":false},"excerpt":{"rendered":"<p>A\u00f0 afhj\u00fapa ranghala \u00fe\u00fdskrar m\u00e1lfr\u00e6\u00f0i A\u00f0 l\u00e6ra \u00fe\u00fdsku getur veri\u00f0 spennandi og gefandi vi\u00f0leitni. \u00de\u00fa munt ekki a\u00f0eins geta tala\u00f0 vi\u00f0 meira en 130 millj\u00f3nir manna um allan heim, heldur munt \u00fe\u00fa einnig hafa a\u00f0gang a\u00f0 \u00f3grynni af b\u00f3kmenntum, t\u00f3nlist og menningars\u00f6gu. Eins og me\u00f0 \u00f6ll tungum\u00e1l krefst \u00fea\u00f0 al\u00fa\u00f0ar og \u00feolinm\u00e6\u00f0i a\u00f0 n\u00e1 t\u00f6kum [&hellip;]<\/p>\n","protected":false},"author":1,"featured_media":75608,"parent":0,"menu_order":0,"comment_status":"closed","ping_status":"closed","template":"LearningContentPage.php","meta":{"_acf_changed":false,"footnotes":""},"class_list":["post-124106","page","type-page","status-publish","has-post-thumbnail","hentry"],"acf":[],"yoast_head":"<!-- This site is optimized with the Yoast SEO Premium plugin v27.2 (Yoast SEO v27.2) - https:\/\/yoast.com\/product\/yoast-seo-premium-wordpress\/ -->\n<title>\u00de\u00fdsk m\u00e1lfr\u00e6\u00f0i - Talkpal<\/title>\n<meta name=\"description\" content=\"L\u00e6r\u00f0u \u00fe\u00fdska m\u00e1lfr\u00e6\u00f0i au\u00f0veldlega \u2014 skildu nau\u00f0synlegar reglur, \u00e6f\u00f0u \u00feig \u00ed setningager\u00f0 og tala\u00f0u sk\u00fdrt me\u00f0 gervigreindarst\u00fdr\u00f0um stu\u00f0ningi Talkpal .\" \/>\n<meta name=\"robots\" content=\"index, follow, max-snippet:-1, max-image-preview:large, max-video-preview:-1\" \/>\n<link rel=\"canonical\" href=\"https:\/\/talkpal.ai\/is\/thysk-malfraedi\/\" \/>\n<meta property=\"og:locale\" content=\"is_IS\" \/>\n<meta property=\"og:type\" content=\"article\" \/>\n<meta property=\"og:title\" content=\"\u00de\u00fdsk m\u00e1lfr\u00e6\u00f0i\" \/>\n<meta property=\"og:description\" content=\"A\u00f0 afhj\u00fapa ranghala \u00fe\u00fdskrar m\u00e1lfr\u00e6\u00f0i A\u00f0 l\u00e6ra \u00fe\u00fdsku getur veri\u00f0 spennandi og gefandi vi\u00f0leitni. \u00de\u00fa munt ekki a\u00f0eins geta tala\u00f0 vi\u00f0 meira en 130 millj\u00f3nir\" \/>\n<meta property=\"og:url\" content=\"https:\/\/talkpal.ai\/is\/thysk-malfraedi\/\" \/>\n<meta property=\"og:site_name\" content=\"Talkpal\" \/>\n<meta property=\"article:publisher\" content=\"https:\/\/www.facebook.com\/profile.php?id=100090733639311\" \/>\n<meta property=\"article:modified_time\" content=\"2025-05-22T19:22:43+00:00\" \/>\n<meta property=\"og:image\" content=\"https:\/\/talkpal.ai\/wp-content\/uploads\/2023\/03\/germany.png\" \/>\n\t<meta property=\"og:image:width\" content=\"512\" \/>\n\t<meta property=\"og:image:height\" content=\"512\" \/>\n\t<meta property=\"og:image:type\" content=\"image\/png\" \/>\n<meta name=\"twitter:card\" content=\"summary_large_image\" \/>\n<meta name=\"twitter:site\" content=\"@talkpalai\" \/>\n<meta name=\"twitter:label1\" content=\"Est. reading time\" \/>\n\t<meta name=\"twitter:data1\" content=\"4 minutes\" \/>\n<script type=\"application\/ld+json\" class=\"yoast-schema-graph\">{\"@context\":\"https:\/\/schema.org\",\"@graph\":[{\"@type\":\"WebPage\",\"@id\":\"https:\/\/talkpal.ai\/is\/thysk-malfraedi\/\",\"url\":\"https:\/\/talkpal.ai\/is\/thysk-malfraedi\/\",\"name\":\"\u00de\u00fdsk m\u00e1lfr\u00e6\u00f0i - Talkpal\",\"isPartOf\":{\"@id\":\"https:\/\/talkpal.ai\/is\/#website\"},\"primaryImageOfPage\":{\"@id\":\"https:\/\/talkpal.ai\/is\/thysk-malfraedi\/#primaryimage\"},\"image\":{\"@id\":\"https:\/\/talkpal.ai\/is\/thysk-malfraedi\/#primaryimage\"},\"thumbnailUrl\":\"https:\/\/talkpal.ai\/wp-content\/uploads\/2023\/03\/germany.png\",\"datePublished\":\"2023-03-26T11:40:15+00:00\",\"dateModified\":\"2025-05-22T19:22:43+00:00\",\"description\":\"L\u00e6r\u00f0u \u00fe\u00fdska m\u00e1lfr\u00e6\u00f0i au\u00f0veldlega \u2014 skildu nau\u00f0synlegar reglur, \u00e6f\u00f0u \u00feig \u00ed setningager\u00f0 og tala\u00f0u sk\u00fdrt me\u00f0 gervigreindarst\u00fdr\u00f0um stu\u00f0ningi Talkpal .\",\"breadcrumb\":{\"@id\":\"https:\/\/talkpal.ai\/is\/thysk-malfraedi\/#breadcrumb\"},\"inLanguage\":\"is\",\"potentialAction\":[{\"@type\":\"ReadAction\",\"target\":[\"https:\/\/talkpal.ai\/is\/thysk-malfraedi\/\"]}]},{\"@type\":\"ImageObject\",\"inLanguage\":\"is\",\"@id\":\"https:\/\/talkpal.ai\/is\/thysk-malfraedi\/#primaryimage\",\"url\":\"https:\/\/talkpal.ai\/wp-content\/uploads\/2023\/03\/germany.png\",\"contentUrl\":\"https:\/\/talkpal.ai\/wp-content\/uploads\/2023\/03\/germany.png\",\"width\":512,\"height\":512,\"caption\":\"TalkPal AI learn German\"},{\"@type\":\"BreadcrumbList\",\"@id\":\"https:\/\/talkpal.ai\/is\/thysk-malfraedi\/#breadcrumb\",\"itemListElement\":[{\"@type\":\"ListItem\",\"position\":1,\"name\":\"Homepage\",\"item\":\"https:\/\/talkpal.ai\/is\/\"},{\"@type\":\"ListItem\",\"position\":2,\"name\":\"\u00de\u00fdsk m\u00e1lfr\u00e6\u00f0i\"}]},{\"@type\":\"WebSite\",\"@id\":\"https:\/\/talkpal.ai\/is\/#website\",\"url\":\"https:\/\/talkpal.ai\/is\/\",\"name\":\"Talkpal\",\"description\":\"AI Language Learning\",\"publisher\":{\"@id\":\"https:\/\/talkpal.ai\/is\/#organization\"},\"alternateName\":\"Talkpal AI\",\"potentialAction\":[{\"@type\":\"SearchAction\",\"target\":{\"@type\":\"EntryPoint\",\"urlTemplate\":\"https:\/\/talkpal.ai\/is\/?s={search_term_string}\"},\"query-input\":{\"@type\":\"PropertyValueSpecification\",\"valueRequired\":true,\"valueName\":\"search_term_string\"}}],\"inLanguage\":\"is\"},{\"@type\":\"Organization\",\"@id\":\"https:\/\/talkpal.ai\/is\/#organization\",\"name\":\"Talkpal, Inc.\",\"alternateName\":\"Talkpal AI\",\"url\":\"https:\/\/talkpal.ai\/is\/\",\"logo\":{\"@type\":\"ImageObject\",\"inLanguage\":\"is\",\"@id\":\"https:\/\/talkpal.ai\/is\/#\/schema\/logo\/image\/\",\"url\":\"https:\/\/talkpal.ai\/wp-content\/uploads\/2024\/03\/Talkpal-Logo-Icon.png\",\"contentUrl\":\"https:\/\/talkpal.ai\/wp-content\/uploads\/2024\/03\/Talkpal-Logo-Icon.png\",\"width\":2880,\"height\":2880,\"caption\":\"Talkpal, Inc.\"},\"image\":{\"@id\":\"https:\/\/talkpal.ai\/is\/#\/schema\/logo\/image\/\"},\"sameAs\":[\"https:\/\/www.facebook.com\/profile.php?id=100090733639311\",\"https:\/\/x.com\/talkpalai\",\"https:\/\/www.linkedin.com\/company\/talkpal\/\",\"https:\/\/www.youtube.com\/@TalkPal\/\",\"https:\/\/www.tiktok.com\/@talkpal\",\"https:\/\/www.instagram.com\/talkpal_ai\/\",\"https:\/\/www.crunchbase.com\/organization\/talkpal-9cde\",\"https:\/\/www.g2.com\/products\/talkpal-for-business\/\",\"https:\/\/www.trustpilot.com\/review\/talkpal.ai\",\"https:\/\/www.capterra.com\/p\/10006800\/TalkPal\/\"],\"description\":\"Talkpal is a language learning web and mobile education app, powered by the latest AI technologies, that provides engaging experiences to its customers in many different languages to help them improve their language skills. Users can chat about unlimited amount of topics with the app and use other modes to practice their language learning.\",\"email\":\"support@talkpal.ai\",\"legalName\":\"Talkpal, Inc.\",\"foundingDate\":\"2023-04-03\",\"duns\":\"118989042\",\"numberOfEmployees\":{\"@type\":\"QuantitativeValue\",\"minValue\":\"11\",\"maxValue\":\"50\"},\"publishingPrinciples\":\"https:\/\/talkpal.ai\/publishing-principles\/\",\"actionableFeedbackPolicy\":\"https:\/\/talkpal.ai\/actionable-feedback-policy\/\",\"correctionsPolicy\":\"https:\/\/talkpal.ai\/corrections-policy\/\",\"ethicsPolicy\":\"https:\/\/talkpal.ai\/ethics-policy\/\",\"diversityPolicy\":\"https:\/\/talkpal.ai\/diversity-policy\/\",\"diversityStaffingReport\":\"https:\/\/talkpal.ai\/diversity-policy\/\"}]}<\/script>\n<!-- \/ Yoast SEO Premium plugin. -->","yoast_head_json":{"title":"\u00de\u00fdsk m\u00e1lfr\u00e6\u00f0i - Talkpal","description":"L\u00e6r\u00f0u \u00fe\u00fdska m\u00e1lfr\u00e6\u00f0i au\u00f0veldlega \u2014 skildu nau\u00f0synlegar reglur, \u00e6f\u00f0u \u00feig \u00ed setningager\u00f0 og tala\u00f0u sk\u00fdrt me\u00f0 gervigreindarst\u00fdr\u00f0um stu\u00f0ningi Talkpal .","robots":{"index":"index","follow":"follow","max-snippet":"max-snippet:-1","max-image-preview":"max-image-preview:large","max-video-preview":"max-video-preview:-1"},"canonical":"https:\/\/talkpal.ai\/is\/thysk-malfraedi\/","og_locale":"is_IS","og_type":"article","og_title":"\u00de\u00fdsk m\u00e1lfr\u00e6\u00f0i","og_description":"A\u00f0 afhj\u00fapa ranghala \u00fe\u00fdskrar m\u00e1lfr\u00e6\u00f0i A\u00f0 l\u00e6ra \u00fe\u00fdsku getur veri\u00f0 spennandi og gefandi vi\u00f0leitni. \u00de\u00fa munt ekki a\u00f0eins geta tala\u00f0 vi\u00f0 meira en 130 millj\u00f3nir","og_url":"https:\/\/talkpal.ai\/is\/thysk-malfraedi\/","og_site_name":"Talkpal","article_publisher":"https:\/\/www.facebook.com\/profile.php?id=100090733639311","article_modified_time":"2025-05-22T19:22:43+00:00","og_image":[{"width":512,"height":512,"url":"https:\/\/talkpal.ai\/wp-content\/uploads\/2023\/03\/germany.png","type":"image\/png"}],"twitter_card":"summary_large_image","twitter_site":"@talkpalai","twitter_misc":{"Est. reading time":"4 minutes"},"schema":{"@context":"https:\/\/schema.org","@graph":[{"@type":"WebPage","@id":"https:\/\/talkpal.ai\/is\/thysk-malfraedi\/","url":"https:\/\/talkpal.ai\/is\/thysk-malfraedi\/","name":"\u00de\u00fdsk m\u00e1lfr\u00e6\u00f0i - Talkpal","isPartOf":{"@id":"https:\/\/talkpal.ai\/is\/#website"},"primaryImageOfPage":{"@id":"https:\/\/talkpal.ai\/is\/thysk-malfraedi\/#primaryimage"},"image":{"@id":"https:\/\/talkpal.ai\/is\/thysk-malfraedi\/#primaryimage"},"thumbnailUrl":"https:\/\/talkpal.ai\/wp-content\/uploads\/2023\/03\/germany.png","datePublished":"2023-03-26T11:40:15+00:00","dateModified":"2025-05-22T19:22:43+00:00","description":"L\u00e6r\u00f0u \u00fe\u00fdska m\u00e1lfr\u00e6\u00f0i au\u00f0veldlega \u2014 skildu nau\u00f0synlegar reglur, \u00e6f\u00f0u \u00feig \u00ed setningager\u00f0 og tala\u00f0u sk\u00fdrt me\u00f0 gervigreindarst\u00fdr\u00f0um stu\u00f0ningi Talkpal .","breadcrumb":{"@id":"https:\/\/talkpal.ai\/is\/thysk-malfraedi\/#breadcrumb"},"inLanguage":"is","potentialAction":[{"@type":"ReadAction","target":["https:\/\/talkpal.ai\/is\/thysk-malfraedi\/"]}]},{"@type":"ImageObject","inLanguage":"is","@id":"https:\/\/talkpal.ai\/is\/thysk-malfraedi\/#primaryimage","url":"https:\/\/talkpal.ai\/wp-content\/uploads\/2023\/03\/germany.png","contentUrl":"https:\/\/talkpal.ai\/wp-content\/uploads\/2023\/03\/germany.png","width":512,"height":512,"caption":"TalkPal AI learn German"},{"@type":"BreadcrumbList","@id":"https:\/\/talkpal.ai\/is\/thysk-malfraedi\/#breadcrumb","itemListElement":[{"@type":"ListItem","position":1,"name":"Homepage","item":"https:\/\/talkpal.ai\/is\/"},{"@type":"ListItem","position":2,"name":"\u00de\u00fdsk m\u00e1lfr\u00e6\u00f0i"}]},{"@type":"WebSite","@id":"https:\/\/talkpal.ai\/is\/#website","url":"https:\/\/talkpal.ai\/is\/","name":"Talkpal","description":"AI Language Learning","publisher":{"@id":"https:\/\/talkpal.ai\/is\/#organization"},"alternateName":"Talkpal AI","potentialAction":[{"@type":"SearchAction","target":{"@type":"EntryPoint","urlTemplate":"https:\/\/talkpal.ai\/is\/?s={search_term_string}"},"query-input":{"@type":"PropertyValueSpecification","valueRequired":true,"valueName":"search_term_string"}}],"inLanguage":"is"},{"@type":"Organization","@id":"https:\/\/talkpal.ai\/is\/#organization","name":"Talkpal, Inc.","alternateName":"Talkpal AI","url":"https:\/\/talkpal.ai\/is\/","logo":{"@type":"ImageObject","inLanguage":"is","@id":"https:\/\/talkpal.ai\/is\/#\/schema\/logo\/image\/","url":"https:\/\/talkpal.ai\/wp-content\/uploads\/2024\/03\/Talkpal-Logo-Icon.png","contentUrl":"https:\/\/talkpal.ai\/wp-content\/uploads\/2024\/03\/Talkpal-Logo-Icon.png","width":2880,"height":2880,"caption":"Talkpal, Inc."},"image":{"@id":"https:\/\/talkpal.ai\/is\/#\/schema\/logo\/image\/"},"sameAs":["https:\/\/www.facebook.com\/profile.php?id=100090733639311","https:\/\/x.com\/talkpalai","https:\/\/www.linkedin.com\/company\/talkpal\/","https:\/\/www.youtube.com\/@TalkPal\/","https:\/\/www.tiktok.com\/@talkpal","https:\/\/www.instagram.com\/talkpal_ai\/","https:\/\/www.crunchbase.com\/organization\/talkpal-9cde","https:\/\/www.g2.com\/products\/talkpal-for-business\/","https:\/\/www.trustpilot.com\/review\/talkpal.ai","https:\/\/www.capterra.com\/p\/10006800\/TalkPal\/"],"description":"Talkpal is a language learning web and mobile education app, powered by the latest AI technologies, that provides engaging experiences to its customers in many different languages to help them improve their language skills. Users can chat about unlimited amount of topics with the app and use other modes to practice their language learning.","email":"support@talkpal.ai","legalName":"Talkpal, Inc.","foundingDate":"2023-04-03","duns":"118989042","numberOfEmployees":{"@type":"QuantitativeValue","minValue":"11","maxValue":"50"},"publishingPrinciples":"https:\/\/talkpal.ai\/publishing-principles\/","actionableFeedbackPolicy":"https:\/\/talkpal.ai\/actionable-feedback-policy\/","correctionsPolicy":"https:\/\/talkpal.ai\/corrections-policy\/","ethicsPolicy":"https:\/\/talkpal.ai\/ethics-policy\/","diversityPolicy":"https:\/\/talkpal.ai\/diversity-policy\/","diversityStaffingReport":"https:\/\/talkpal.ai\/diversity-policy\/"}]}},"_links":{"self":[{"href":"https:\/\/talkpal.ai\/is\/wp-json\/wp\/v2\/pages\/124106","targetHints":{"allow":["GET"]}}],"collection":[{"href":"https:\/\/talkpal.ai\/is\/wp-json\/wp\/v2\/pages"}],"about":[{"href":"https:\/\/talkpal.ai\/is\/wp-json\/wp\/v2\/types\/page"}],"author":[{"embeddable":true,"href":"https:\/\/talkpal.ai\/is\/wp-json\/wp\/v2\/users\/1"}],"replies":[{"embeddable":true,"href":"https:\/\/talkpal.ai\/is\/wp-json\/wp\/v2\/comments?post=124106"}],"version-history":[{"count":0,"href":"https:\/\/talkpal.ai\/is\/wp-json\/wp\/v2\/pages\/124106\/revisions"}],"wp:featuredmedia":[{"embeddable":true,"href":"https:\/\/talkpal.ai\/is\/wp-json\/wp\/v2\/media\/75608"}],"wp:attachment":[{"href":"https:\/\/talkpal.ai\/is\/wp-json\/wp\/v2\/media?parent=124106"}],"curies":[{"name":"wp","href":"https:\/\/api.w.org\/{rel}","templated":true}]}}