{"id":92332,"date":"2023-12-06T14:21:16","date_gmt":"2023-12-06T14:21:16","guid":{"rendered":"http:\/\/talkpal.ai\/sertifikat-bahasa\/"},"modified":"2026-01-07T14:19:45","modified_gmt":"2026-01-07T14:19:45","slug":"sertifikat-bahasa","status":"publish","type":"page","link":"https:\/\/talkpal.ai\/id\/sertifikat-bahasa\/","title":{"rendered":"Sertifikat Bahasa"},"content":{"rendered":"\r\n\r\n\r\n<section class=\"languageChallengeSection\">\r\n    <div class=\"languageInfoWrapper\">\r\n        \r\n        <h1>Sertifikat Bahasa<\/h1>\r\n        <p>Sertifikasi bahasa, yang diakui di seluruh dunia, sangat meningkatkan perjalanan pribadi, profesional, dan akademis seseorang. Mereka bertindak sebagai bukti kemampuan yang menonjol, membuka pintu untuk pekerjaan, pendidikan, dan pemahaman budaya.\n\nDi pasar kerja yang kompetitif, sertifikasi seperti TOEFL (Inggris), DSH (Jerman), DELF (Prancis), atau DELE (Spanyol) dapat memberikan keuntungan tersendiri. Sertifikasi ini membuktikan kemampuan linguistik, menarik bagi pengusaha di berbagai sektor seperti bisnis, perawatan kesehatan, dan pariwisata. Jelajahi dan temukan tentang berbagai sertifikasi bahasa dan pelajari bagaimana Talkpal dapat membantu Anda mempersiapkannya.<\/p>\r\n\r\n                            <a class=\"getStartedHidden\" href=\"https:\/\/app.talkpal.ai\/id\/signup?lng=\">Mulai<\/a>\r\n        \r\n    <\/div>\r\n\r\n    <figure>\r\n    <img decoding=\"async\" width=\"768\" height=\"768\" src=\"https:\/\/talkpal.ai\/wp-content\/uploads\/2026\/01\/curly-girl-with-phone-yellow-background-768x768.webp\" class=\"languageImage no-lazy\" alt=\"Default alt text\" fetchpriority=\"high\" sizes=\"(max-width: 768px) 150px, 768px\" srcset=\"https:\/\/talkpal.ai\/wp-content\/uploads\/2026\/01\/curly-girl-with-phone-yellow-background-768x768.webp 768w, https:\/\/talkpal.ai\/wp-content\/uploads\/2026\/01\/curly-girl-with-phone-yellow-background-300x300.webp 300w\" \/>\r\n    \r\n\r\n    <\/figure>\r\n\r\n            <a class=\"getStartedVisible\" href=\"https:\/\/app.talkpal.ai\/id\/signup?lng=\">Mulai<\/a>\r\n    \r\n<\/section>\n<div class=\"wp-block-group pageContainerStyle\"><div class=\"wp-block-group__inner-container is-layout-constrained wp-block-group-is-layout-constrained\">\n<h2 class=\"wp-block-heading\" id=\"h-language-certificates\">Sertifikat bahasa<\/h2>\n\n\n\r\n                    <div class=\"methodWraper\">\r\n            <div class=\"methodContent\">\r\n                <img decoding=\"async\" src=\"https:\/\/talkpal.ai\/wp-content\/uploads\/2025\/05\/check_icon.png\" alt=\"Checkmark Icon\">\r\n                <h3>Bahasa Inggris:<\/h3>\r\n            <\/div>\r\n            <p>&#8211; IELTS (Sistem Pengujian Bahasa Inggris Internasional)\n&#8211; TOEFL (Test of English as a Foreign Language)\n&#8211; Ujian Bahasa Inggris Cambridge\n&#8211; PTE (Pearson Test of English) Akademik\n&#8211; OET (Tes Bahasa Inggris untuk Pekerjaan)\n&#8211; CELPIP (Program Indeks Kemahiran Bahasa Inggris Kanada)<\/p>\r\n        <\/div>\r\n                    <div class=\"methodWraper\">\r\n            <div class=\"methodContent\">\r\n                <img decoding=\"async\" src=\"https:\/\/talkpal.ai\/wp-content\/uploads\/2025\/05\/check_icon.png\" alt=\"Checkmark Icon\">\r\n                <h3>Spanyol:<\/h3>\r\n            <\/div>\r\n            <p>&#8211; DELE (Diploma de Espa\u00f1ol como Lengua Extranjera)\n&#8211; SIELE (Servicio Internacional de Evaluaci\u00f3n de la Lengua Espa\u00f1ola)\n&#8211; CELU (Certificado de Espa\u00f1ol: Lengua y Uso)<\/p>\r\n        <\/div>\r\n                    <div class=\"methodWraper\">\r\n            <div class=\"methodContent\">\r\n                <img decoding=\"async\" src=\"https:\/\/talkpal.ai\/wp-content\/uploads\/2025\/05\/check_icon.png\" alt=\"Checkmark Icon\">\r\n                <h3>Jerman:<\/h3>\r\n            <\/div>\r\n            <p>&#8211; TestDaF (Test Deutsch als Fremdsprache) Goethe-Zertifikat\n&#8211; DSH (Deutsche Sprachpr\u00fcfung f\u00fcr den Hochschulzugang)\n&#8211; \u00d6SD (\u00d6sterreichisches Sprachdiplom Deutsch)\n&#8211; telc (<a href=\"https:\/\/talkpal.ai\/language-certificates\/\">Sertifikat Bahasa<\/a> Eropa)<\/p>\r\n        <\/div>\r\n                    <div class=\"methodWraper\">\r\n            <div class=\"methodContent\">\r\n                <img decoding=\"async\" src=\"https:\/\/talkpal.ai\/wp-content\/uploads\/2025\/05\/check_icon.png\" alt=\"Checkmark Icon\">\r\n                <h3>Perancis:<\/h3>\r\n            <\/div>\r\n            <p>&#8211; DELF\/DALF (Dipl\u00f4me d&#039;Etudes en Langue Fran\u00e7aise)\n&#8211; TEF (Test d&#039;Evaluation de Fran\u00e7ais)\n&#8211; TCF (Test de Connaissance du Fran\u00e7ais)\n&#8211; TEFAQ (Test d&#039;Evaluation de Fran\u00e7ais adapt\u00e9 au Qu\u00e9bec)<\/p>\r\n        <\/div>\r\n    <\/div><\/div>\n","protected":false},"excerpt":{"rendered":"<p>Sertifikat bahasa<\/p>\n","protected":false},"author":8,"featured_media":197962,"parent":0,"menu_order":0,"comment_status":"closed","ping_status":"closed","template":"LearningContentPage.php","meta":{"_acf_changed":false,"footnotes":""},"class_list":["post-92332","page","type-page","status-publish","has-post-thumbnail","hentry"],"acf":[],"yoast_head":"<!-- This site is optimized with the Yoast SEO Premium plugin v27.2 (Yoast SEO v27.2) - https:\/\/yoast.com\/product\/yoast-seo-premium-wordpress\/ -->\n<title>Sertifikat Bahasa - Talkpal<\/title>\n<meta name=\"description\" content=\"Tingkatkan karir Anda dengan sertifikat bahasa yang diakui - validasi keterampilan, tingkatkan kredibilitas, dan buka peluang global\" \/>\n<meta name=\"robots\" content=\"index, follow, max-snippet:-1, max-image-preview:large, max-video-preview:-1\" \/>\n<link rel=\"canonical\" href=\"https:\/\/talkpal.ai\/id\/sertifikat-bahasa\/\" \/>\n<meta property=\"og:locale\" content=\"id_ID\" \/>\n<meta property=\"og:type\" content=\"article\" \/>\n<meta property=\"og:title\" content=\"Sertifikat Bahasa\" \/>\n<meta property=\"og:description\" content=\"Sertifikat bahasa\" \/>\n<meta property=\"og:url\" content=\"https:\/\/talkpal.ai\/id\/sertifikat-bahasa\/\" \/>\n<meta property=\"og:site_name\" content=\"Talkpal\" \/>\n<meta property=\"article:publisher\" content=\"https:\/\/www.facebook.com\/profile.php?id=100090733639311\" \/>\n<meta property=\"article:modified_time\" content=\"2026-01-07T14:19:45+00:00\" \/>\n<meta property=\"og:image\" content=\"https:\/\/talkpal.ai\/wp-content\/uploads\/2024\/03\/Talkpal-Logo-Icon.png\" \/>\n\t<meta property=\"og:image:width\" content=\"5000\" \/>\n\t<meta property=\"og:image:height\" content=\"5000\" \/>\n\t<meta property=\"og:image:type\" content=\"image\/png\" \/>\n<meta name=\"twitter:card\" content=\"summary_large_image\" \/>\n<meta name=\"twitter:site\" content=\"@talkpalai\" \/>\n<script type=\"application\/ld+json\" class=\"yoast-schema-graph\">{\"@context\":\"https:\/\/schema.org\",\"@graph\":[{\"@type\":\"WebPage\",\"@id\":\"https:\/\/talkpal.ai\/id\/sertifikat-bahasa\/\",\"url\":\"https:\/\/talkpal.ai\/id\/sertifikat-bahasa\/\",\"name\":\"Sertifikat Bahasa - Talkpal\",\"isPartOf\":{\"@id\":\"https:\/\/talkpal.ai\/id\/#website\"},\"primaryImageOfPage\":{\"@id\":\"https:\/\/talkpal.ai\/id\/sertifikat-bahasa\/#primaryimage\"},\"image\":{\"@id\":\"https:\/\/talkpal.ai\/id\/sertifikat-bahasa\/#primaryimage\"},\"thumbnailUrl\":\"https:\/\/talkpal.ai\/wp-content\/uploads\/2024\/03\/Talkpal-Logo-Icon.png\",\"datePublished\":\"2023-12-06T14:21:16+00:00\",\"dateModified\":\"2026-01-07T14:19:45+00:00\",\"description\":\"Tingkatkan karir Anda dengan sertifikat bahasa yang diakui - validasi keterampilan, tingkatkan kredibilitas, dan buka peluang global\",\"breadcrumb\":{\"@id\":\"https:\/\/talkpal.ai\/id\/sertifikat-bahasa\/#breadcrumb\"},\"inLanguage\":\"id\",\"potentialAction\":[{\"@type\":\"ReadAction\",\"target\":[\"https:\/\/talkpal.ai\/id\/sertifikat-bahasa\/\"]}]},{\"@type\":\"ImageObject\",\"inLanguage\":\"id\",\"@id\":\"https:\/\/talkpal.ai\/id\/sertifikat-bahasa\/#primaryimage\",\"url\":\"https:\/\/talkpal.ai\/wp-content\/uploads\/2024\/03\/Talkpal-Logo-Icon.png\",\"contentUrl\":\"https:\/\/talkpal.ai\/wp-content\/uploads\/2024\/03\/Talkpal-Logo-Icon.png\",\"width\":5000,\"height\":5000,\"caption\":\"Logo TalkPal\"},{\"@type\":\"BreadcrumbList\",\"@id\":\"https:\/\/talkpal.ai\/id\/sertifikat-bahasa\/#breadcrumb\",\"itemListElement\":[{\"@type\":\"ListItem\",\"position\":1,\"name\":\"Homepage\",\"item\":\"https:\/\/talkpal.ai\/id\/\"},{\"@type\":\"ListItem\",\"position\":2,\"name\":\"Sertifikat Bahasa\"}]},{\"@type\":\"WebSite\",\"@id\":\"https:\/\/talkpal.ai\/id\/#website\",\"url\":\"https:\/\/talkpal.ai\/id\/\",\"name\":\"Talkpal\",\"description\":\"AI Language Learning\",\"publisher\":{\"@id\":\"https:\/\/talkpal.ai\/id\/#organization\"},\"alternateName\":\"Talkpal AI\",\"potentialAction\":[{\"@type\":\"SearchAction\",\"target\":{\"@type\":\"EntryPoint\",\"urlTemplate\":\"https:\/\/talkpal.ai\/id\/?s={search_term_string}\"},\"query-input\":{\"@type\":\"PropertyValueSpecification\",\"valueRequired\":true,\"valueName\":\"search_term_string\"}}],\"inLanguage\":\"id\"},{\"@type\":\"Organization\",\"@id\":\"https:\/\/talkpal.ai\/id\/#organization\",\"name\":\"Talkpal, Inc.\",\"alternateName\":\"Talkpal AI\",\"url\":\"https:\/\/talkpal.ai\/id\/\",\"logo\":{\"@type\":\"ImageObject\",\"inLanguage\":\"id\",\"@id\":\"https:\/\/talkpal.ai\/id\/#\/schema\/logo\/image\/\",\"url\":\"https:\/\/talkpal.ai\/wp-content\/uploads\/2024\/03\/Talkpal-Logo-Icon.png\",\"contentUrl\":\"https:\/\/talkpal.ai\/wp-content\/uploads\/2024\/03\/Talkpal-Logo-Icon.png\",\"width\":2880,\"height\":2880,\"caption\":\"Talkpal, Inc.\"},\"image\":{\"@id\":\"https:\/\/talkpal.ai\/id\/#\/schema\/logo\/image\/\"},\"sameAs\":[\"https:\/\/www.facebook.com\/profile.php?id=100090733639311\",\"https:\/\/x.com\/talkpalai\",\"https:\/\/www.linkedin.com\/company\/talkpal\/\",\"https:\/\/www.youtube.com\/@TalkPal\/\",\"https:\/\/www.tiktok.com\/@talkpal\",\"https:\/\/www.instagram.com\/talkpal_ai\/\",\"https:\/\/www.crunchbase.com\/organization\/talkpal-9cde\",\"https:\/\/www.g2.com\/products\/talkpal-for-business\/\",\"https:\/\/www.trustpilot.com\/review\/talkpal.ai\",\"https:\/\/www.capterra.com\/p\/10006800\/TalkPal\/\"],\"description\":\"Talkpal is a language learning web and mobile education app, powered by the latest AI technologies, that provides engaging experiences to its customers in many different languages to help them improve their language skills. Users can chat about unlimited amount of topics with the app and use other modes to practice their language learning.\",\"email\":\"support@talkpal.ai\",\"legalName\":\"Talkpal, Inc.\",\"foundingDate\":\"2023-04-03\",\"duns\":\"118989042\",\"numberOfEmployees\":{\"@type\":\"QuantitativeValue\",\"minValue\":\"11\",\"maxValue\":\"50\"},\"publishingPrinciples\":\"https:\/\/talkpal.ai\/publishing-principles\/\",\"actionableFeedbackPolicy\":\"https:\/\/talkpal.ai\/actionable-feedback-policy\/\",\"correctionsPolicy\":\"https:\/\/talkpal.ai\/corrections-policy\/\",\"ethicsPolicy\":\"https:\/\/talkpal.ai\/ethics-policy\/\",\"diversityPolicy\":\"https:\/\/talkpal.ai\/diversity-policy\/\",\"diversityStaffingReport\":\"https:\/\/talkpal.ai\/diversity-policy\/\"}]}<\/script>\n<!-- \/ Yoast SEO Premium plugin. -->","yoast_head_json":{"title":"Sertifikat Bahasa - Talkpal","description":"Tingkatkan karir Anda dengan sertifikat bahasa yang diakui - validasi keterampilan, tingkatkan kredibilitas, dan buka peluang global","robots":{"index":"index","follow":"follow","max-snippet":"max-snippet:-1","max-image-preview":"max-image-preview:large","max-video-preview":"max-video-preview:-1"},"canonical":"https:\/\/talkpal.ai\/id\/sertifikat-bahasa\/","og_locale":"id_ID","og_type":"article","og_title":"Sertifikat Bahasa","og_description":"Sertifikat bahasa","og_url":"https:\/\/talkpal.ai\/id\/sertifikat-bahasa\/","og_site_name":"Talkpal","article_publisher":"https:\/\/www.facebook.com\/profile.php?id=100090733639311","article_modified_time":"2026-01-07T14:19:45+00:00","og_image":[{"width":5000,"height":5000,"url":"https:\/\/talkpal.ai\/wp-content\/uploads\/2024\/03\/Talkpal-Logo-Icon.png","type":"image\/png"}],"twitter_card":"summary_large_image","twitter_site":"@talkpalai","schema":{"@context":"https:\/\/schema.org","@graph":[{"@type":"WebPage","@id":"https:\/\/talkpal.ai\/id\/sertifikat-bahasa\/","url":"https:\/\/talkpal.ai\/id\/sertifikat-bahasa\/","name":"Sertifikat Bahasa - Talkpal","isPartOf":{"@id":"https:\/\/talkpal.ai\/id\/#website"},"primaryImageOfPage":{"@id":"https:\/\/talkpal.ai\/id\/sertifikat-bahasa\/#primaryimage"},"image":{"@id":"https:\/\/talkpal.ai\/id\/sertifikat-bahasa\/#primaryimage"},"thumbnailUrl":"https:\/\/talkpal.ai\/wp-content\/uploads\/2024\/03\/Talkpal-Logo-Icon.png","datePublished":"2023-12-06T14:21:16+00:00","dateModified":"2026-01-07T14:19:45+00:00","description":"Tingkatkan karir Anda dengan sertifikat bahasa yang diakui - validasi keterampilan, tingkatkan kredibilitas, dan buka peluang global","breadcrumb":{"@id":"https:\/\/talkpal.ai\/id\/sertifikat-bahasa\/#breadcrumb"},"inLanguage":"id","potentialAction":[{"@type":"ReadAction","target":["https:\/\/talkpal.ai\/id\/sertifikat-bahasa\/"]}]},{"@type":"ImageObject","inLanguage":"id","@id":"https:\/\/talkpal.ai\/id\/sertifikat-bahasa\/#primaryimage","url":"https:\/\/talkpal.ai\/wp-content\/uploads\/2024\/03\/Talkpal-Logo-Icon.png","contentUrl":"https:\/\/talkpal.ai\/wp-content\/uploads\/2024\/03\/Talkpal-Logo-Icon.png","width":5000,"height":5000,"caption":"Logo TalkPal"},{"@type":"BreadcrumbList","@id":"https:\/\/talkpal.ai\/id\/sertifikat-bahasa\/#breadcrumb","itemListElement":[{"@type":"ListItem","position":1,"name":"Homepage","item":"https:\/\/talkpal.ai\/id\/"},{"@type":"ListItem","position":2,"name":"Sertifikat Bahasa"}]},{"@type":"WebSite","@id":"https:\/\/talkpal.ai\/id\/#website","url":"https:\/\/talkpal.ai\/id\/","name":"Talkpal","description":"AI Language Learning","publisher":{"@id":"https:\/\/talkpal.ai\/id\/#organization"},"alternateName":"Talkpal AI","potentialAction":[{"@type":"SearchAction","target":{"@type":"EntryPoint","urlTemplate":"https:\/\/talkpal.ai\/id\/?s={search_term_string}"},"query-input":{"@type":"PropertyValueSpecification","valueRequired":true,"valueName":"search_term_string"}}],"inLanguage":"id"},{"@type":"Organization","@id":"https:\/\/talkpal.ai\/id\/#organization","name":"Talkpal, Inc.","alternateName":"Talkpal AI","url":"https:\/\/talkpal.ai\/id\/","logo":{"@type":"ImageObject","inLanguage":"id","@id":"https:\/\/talkpal.ai\/id\/#\/schema\/logo\/image\/","url":"https:\/\/talkpal.ai\/wp-content\/uploads\/2024\/03\/Talkpal-Logo-Icon.png","contentUrl":"https:\/\/talkpal.ai\/wp-content\/uploads\/2024\/03\/Talkpal-Logo-Icon.png","width":2880,"height":2880,"caption":"Talkpal, Inc."},"image":{"@id":"https:\/\/talkpal.ai\/id\/#\/schema\/logo\/image\/"},"sameAs":["https:\/\/www.facebook.com\/profile.php?id=100090733639311","https:\/\/x.com\/talkpalai","https:\/\/www.linkedin.com\/company\/talkpal\/","https:\/\/www.youtube.com\/@TalkPal\/","https:\/\/www.tiktok.com\/@talkpal","https:\/\/www.instagram.com\/talkpal_ai\/","https:\/\/www.crunchbase.com\/organization\/talkpal-9cde","https:\/\/www.g2.com\/products\/talkpal-for-business\/","https:\/\/www.trustpilot.com\/review\/talkpal.ai","https:\/\/www.capterra.com\/p\/10006800\/TalkPal\/"],"description":"Talkpal is a language learning web and mobile education app, powered by the latest AI technologies, that provides engaging experiences to its customers in many different languages to help them improve their language skills. Users can chat about unlimited amount of topics with the app and use other modes to practice their language learning.","email":"support@talkpal.ai","legalName":"Talkpal, Inc.","foundingDate":"2023-04-03","duns":"118989042","numberOfEmployees":{"@type":"QuantitativeValue","minValue":"11","maxValue":"50"},"publishingPrinciples":"https:\/\/talkpal.ai\/publishing-principles\/","actionableFeedbackPolicy":"https:\/\/talkpal.ai\/actionable-feedback-policy\/","correctionsPolicy":"https:\/\/talkpal.ai\/corrections-policy\/","ethicsPolicy":"https:\/\/talkpal.ai\/ethics-policy\/","diversityPolicy":"https:\/\/talkpal.ai\/diversity-policy\/","diversityStaffingReport":"https:\/\/talkpal.ai\/diversity-policy\/"}]}},"_links":{"self":[{"href":"https:\/\/talkpal.ai\/id\/wp-json\/wp\/v2\/pages\/92332","targetHints":{"allow":["GET"]}}],"collection":[{"href":"https:\/\/talkpal.ai\/id\/wp-json\/wp\/v2\/pages"}],"about":[{"href":"https:\/\/talkpal.ai\/id\/wp-json\/wp\/v2\/types\/page"}],"author":[{"embeddable":true,"href":"https:\/\/talkpal.ai\/id\/wp-json\/wp\/v2\/users\/8"}],"replies":[{"embeddable":true,"href":"https:\/\/talkpal.ai\/id\/wp-json\/wp\/v2\/comments?post=92332"}],"version-history":[{"count":0,"href":"https:\/\/talkpal.ai\/id\/wp-json\/wp\/v2\/pages\/92332\/revisions"}],"wp:featuredmedia":[{"embeddable":true,"href":"https:\/\/talkpal.ai\/id\/wp-json\/wp\/v2\/media\/197962"}],"wp:attachment":[{"href":"https:\/\/talkpal.ai\/id\/wp-json\/wp\/v2\/media?parent=92332"}],"curies":[{"name":"wp","href":"https:\/\/api.w.org\/{rel}","templated":true}]}}