{"id":153661,"date":"2023-05-14T14:24:42","date_gmt":"2023-05-14T14:24:42","guid":{"rendered":"http:\/\/talkpal.ai\/tata-bahasa-thailand\/"},"modified":"2025-12-13T15:48:13","modified_gmt":"2025-12-13T15:48:13","slug":"tata-bahasa-thailand","status":"publish","type":"page","link":"https:\/\/talkpal.ai\/id\/tata-bahasa-thailand\/","title":{"rendered":"Tata Bahasa Thailand"},"content":{"rendered":"\r\n\r\n\r\n<section class=\"languageChallengeSection\">\r\n    <div class=\"languageInfoWrapper\">\r\n        \r\n        <h1>Tata Bahasa Thailand<\/h1>\r\n        <p>Pelajari <a href=\"https:\/\/talkpal.ai\/thai-grammar\/\">tata bahasa Thailand<\/a> dan rasakan keindahan bahasa yang logis dan ekspresif. Mulailah perjalanan Anda dan buka pintu menuju cara berpikir dan berbicara yang menarik!<\/p>\r\n\r\n                            <a class=\"getStartedHidden\" href=\"https:\/\/app.talkpal.ai\/id\/signup?lng=\">Mulai<\/a>\r\n        \r\n    <\/div>\r\n\r\n    <figure>\r\n    <img decoding=\"async\" width=\"768\" height=\"768\" src=\"https:\/\/talkpal.ai\/wp-content\/uploads\/2023\/06\/thai-768x768.png\" class=\"languageImage no-lazy\" alt=\"Language learning for improved thought process\" fetchpriority=\"high\" sizes=\"(max-width: 768px) 150px, 768px\" srcset=\"https:\/\/talkpal.ai\/wp-content\/uploads\/2023\/06\/thai-768x768.png 768w, https:\/\/talkpal.ai\/wp-content\/uploads\/2023\/06\/thai-300x300.png 300w\" \/>\r\n    \r\n\r\n    <\/figure>\r\n\r\n            <a class=\"getStartedVisible\" href=\"https:\/\/app.talkpal.ai\/id\/signup?lng=\">Mulai<\/a>\r\n    \r\n<\/section>\r\n<section class=\"promotionalBanner\">\r\n    <p class=\"promotionalText\">Cara paling efisien untuk belajar bahasa<\/p>\r\n    <a class=\"promotionalLink\" href=\"https:\/\/app.talkpal.ai\/id\/signup?lng=\">Coba Talkpal gratis<\/a>\r\n<\/section>\n<div class=\"wp-block-group pageContainerStyle\"><div class=\"wp-block-group__inner-container is-layout-constrained wp-block-group-is-layout-constrained\">\n<h2 class=\"wp-block-heading\" id=\"h-thai-grammar-exploring-a-unique-linguistic-world\">Tata Bahasa Thailand: Menjelajahi Dunia Linguistik yang Unik<\/h2>\n\n\n\n<p><a href=\"https:\/\/talkpal.ai\/thai-grammar\/\">Tata bahasa Thailand<\/a> &#8211; tampak penuh teka-teki, eksotis, dan menawan. Saat Anda <a href=\"https:\/\/talkpal.ai\/ko\/ai-%ec%96%b8%ec%96%b4-%ea%b5%90%ec%82%ac\/\">memulai<\/a> perjalanan untuk <a href=\"https:\/\/talkpal.ai\/id\/belajar-bahasa-thailand-gratis-panduan-lengkap-untuk-pemula\/\">belajar bahasa Thailand<\/a>, Anda mungkin menemukan diri Anda tiba-tiba terpesona oleh tata bahasanya. Jangan takut, rekan-rekan penjelajah linguistik saya! <a href=\"https:\/\/talkpal.ai\/locations\/language-courses-in-kami\/\">Kami<\/a> di sini untuk menawarkan bimbingan dan dukungan dalam petualangan yang menarik ini!<\/p>\n\n\n\n<p>Dalam artikel ini, <a href=\"https:\/\/talkpal.ai\/locations\/language-courses-in-kami\/\">kami<\/a> mempelajari aspek-aspek inti <a href=\"https:\/\/talkpal.ai\/id\/latihan-tata-bahasa-malta\/\">tata bahasa<\/a> Thailand, memecah konsep-konsep kunci, menjelaskan aturan, dan bahkan menyederhanakan kompleksitas. Bergabunglah dengan kami saat kami membuka tabir tata bahasa Thailand dan menyalakan hasrat Anda untuk bahasa yang luar biasa unik ini!<\/p>\n\n\n\n<h3 class=\"wp-block-heading\" id=\"h-1-nouns-no-plurals-no-genders-no-worries\">1. Kata benda: Tanpa Bentuk Jamak, Tanpa Jenis Kelamin, Jangan Khawatir!<\/h3>\n\n\n\n<p>Keindahan tata bahasa Thailand terletak pada kesederhanaannya mengenai kata benda. Kata benda Thailand tidak memiliki jenis kelamin atau bentuk jamak, membuatnya mudah digunakan dan dipahami. Untuk menunjukkan pluralitas, cukup tambahkan kata kuantitas seperti &#8220;banyak&#8221; (\u0e21\u0e32\u0e01, m\u00e2ak) atau &#8220;beberapa&#8221; (\u0e1a\u0e49\u0e32\u0e07, b\u00e2ang) atau ulangi kata benda untuk menekankan makna jamak.<\/p>\n\n\n\n<h3 class=\"wp-block-heading\" id=\"h-2-pronouns-choose-wisely-based-on-politeness\">2. Kata ganti: Pilih dengan bijak berdasarkan kesopanan<\/h3>\n\n\n\n<p>Memilih kata ganti yang tepat sangat penting dalam tata bahasa Thailand untuk menunjukkan rasa hormat dan kerendahan hati. Kata ganti dalam bahasa Thailand bervariasi berdasarkan jenis kelamin, usia, dan hubungan antara pembicara dan pendengar. Misalnya, &#8220;\u0e09\u0e31\u0e19&#8221; (ch\u0103n) adalah kata ganti orang pertama informal yang umum, sementara &#8220;\u0e1c\u0e21&#8221; (p\u014fm) sering digunakan oleh pria dalam situasi yang lebih formal.<\/p>\n\n\n\n<p>Untuk menjaga kesopanan, gunakan &#8220;\u0e04\u0e38\u0e13&#8221; (kun) untuk &#8220;Anda&#8221; dan &#8220;\u0e40\u0e02\u0e32&#8221; (k\u0103o) untuk &#8220;dia\/mereka&#8221;.<\/p>\n\n\n\n<h3 class=\"wp-block-heading\" id=\"h-3-verbs-no-conjugation-or-tenses-only-particles\">3. Kata kerja: tidak ada konjugasi atau tenses, hanya partikel<\/h3>\n\n\n\n<p>Dalam tata bahasa Thailand, kata kerja tetap tidak berubah terlepas dari tegangan, suasana hati, atau subjek. Sebaliknya, bahasa Thailand mengandalkan kata-kata sederhana yang dikenal sebagai <a href=\"https:\/\/talkpal.ai\/ja\/grammar\/%e7%b2%92%e5%ad%90%e3%81%b8\/\">partikel<\/a> untuk menunjukkan ketegangan atau sikap kalimat. Partikel-partikel ini ditempatkan di akhir kalimat.<\/p>\n\n\n\n<p>Misalnya, partikel &#8220;\u0e41\u0e25\u0e49\u0e27&#8221; (l\u00e1ew) menunjukkan bentuk lampau atau tindakan yang telah selesai, dan &#8220;\u0e01\u0e33\u0e25\u0e31\u0e07&#8221; (gam-lang) digunakan untuk tindakan yang sedang berlangsung. Oleh karena itu, &#8220;\u0e40\u0e02\u0e32\u0e01\u0e34\u0e19&#8221; (k\u0103o gin) berarti &#8220;dia makan&#8221;, sedangkan &#8220;\u0e40\u0e02\u0e32\u0e01\u0e34\u0e19\u0e41\u0e25\u0e49\u0e27&#8221; (k\u0103o gin l\u00e1ew) berarti &#8220;dia makan&#8221;.<\/p>\n\n\n\n<h3 class=\"wp-block-heading\" id=\"h-4-sentence-structure-clear-and-straightforward\">4. Struktur Kalimat: Jelas dan Lugas<\/h3>\n\n\n\n<p>Tata bahasa Thailand mengikuti struktur kalimat Subject-Verb-Object (SVO), mirip dengan bahasa Inggris, yang menyederhanakan pemahaman untuk penutur bahasa Inggris. Aturan utamanya adalah kata sifat, kata keterangan, dan kata-kata deskriptif lainnya mengikuti kata benda atau kata kerja yang mereka gambarkan.<\/p>\n\n\n\n<p>Sebagai contoh, &#8220;\u0e1c\u0e21\u0e0a\u0e2d\u0e1a\u0e2b\u0e19\u0e31\u0e07\u0e2a\u0e37\u0e2d\u0e19\u0e35\u0e49&#8221; (p\u014fm ch\u00e2wp n\u0103ng s\u011bu n\u00e9e) diterjemahkan menjadi &#8220;Saya (subjek) menyukai (kata kerja) buku ini (objek).&#8221;<\/p>\n\n\n\n<h3 class=\"wp-block-heading\" id=\"h-5-immerse-yourself-in-thai-practice-makes-perfect\">5. Benamkan Diri Anda dalam Bahasa Thailand: Latihan Membuat Sempurna<\/h3>\n\n\n\n<p>Memahami dan menguasai tata bahasa Thailand mungkin awalnya tampak menantang, tetapi kuncinya adalah ketekunan dan latihan yang konsisten. Libatkan semua indera Anda dengan membenamkan diri dalam bahasa, membaca, menulis, mendengarkan, dan berbicara dengan penutur asli. Semakin banyak paparan Anda terhadap tata bahasa Thailand, semakin banyak konsep eksotis ini akan terasa akrab dan nyaman.<\/p>\n\n\n\n<p>Jadi, apakah Anda siap untuk terjun ke dunia tata bahasa Thailand yang menarik? Rangkul tantangan dan karakteristik unik tata bahasa Thailand dan, dengan waktu, dedikasi, dan rasa petualangan, Anda dapat membuka keindahan bahasa Thailand yang menawan.<\/p>\n<\/div><\/div>\n\r\n<section class=\"learnNavigationSection\">\r\n            \r\n        <a href=\"https:\/\/talkpal.ai\/id\/belajar-bahasa-thai\/\">\r\n            <div class=\"learnNavigationWrapper\">\r\n                <div class=\"learnNavigationContent\">\r\n                    <img decoding=\"async\" src=\"https:\/\/talkpal.ai\/wp-content\/uploads\/2024\/08\/Thai.jpg\" alt=\"Thai Flag\">\r\n                    <div>\r\n                        <h4>Tentang Pembelajaran Bahasa Thailand<\/h4>\r\n                        <p>Cari tahu semua tentang tata bahasa Thailand.<\/p>\r\n                    <\/div>\r\n                <\/div>\r\n            <\/div>\r\n        <\/a>\r\n\r\n        \r\n        <a href=\"https:\/\/talkpal.ai\/id\/latihan-tata-bahasa-thailand\/\">\r\n            <div class=\"learnNavigationWrapper\">\r\n                <div class=\"learnNavigationContent\">\r\n                    <img decoding=\"async\" src=\"https:\/\/talkpal.ai\/wp-content\/uploads\/2024\/08\/Thai.jpg\" alt=\"Thai Flag\">\r\n                    <div>\r\n                        <h4>Latihan Tata Bahasa Thailand<\/h4>\r\n                        <p>Berlatih tata bahasa Thailand.<\/p>\r\n                    <\/div>\r\n                <\/div>\r\n            <\/div>\r\n        <\/a>\r\n\r\n        \r\n        <a href=\"https:\/\/talkpal.ai\/vocabulary_language\/thai\/\">\r\n            <div class=\"learnNavigationWrapper\">\r\n                <div class=\"learnNavigationContent\">\r\n                    <img decoding=\"async\" src=\"https:\/\/talkpal.ai\/wp-content\/uploads\/2024\/08\/Thai.jpg\" alt=\"Thai Flag\">\r\n                    <div>\r\n                        <h4>Kosakata Bahasa Thailand<\/h4>\r\n                        <p>Perluas kosakata bahasa Thailand Anda.<\/p>\r\n                    <\/div>\r\n                <\/div>\r\n            <\/div>\r\n        <\/a>\r\n\r\n            <\/section>","protected":false},"excerpt":{"rendered":"<p>Tata Bahasa Thailand: Menjelajahi Dunia Linguistik yang Unik Tata bahasa Thailand &#8211; tampak penuh teka-teki, eksotis, dan menawan. Saat Anda memulai perjalanan untuk belajar bahasa Thailand, Anda mungkin menemukan diri Anda tiba-tiba terpesona oleh tata bahasanya. Jangan takut, rekan-rekan penjelajah linguistik saya! Kami di sini untuk menawarkan bimbingan dan dukungan dalam petualangan yang menarik ini! [&hellip;]<\/p>\n","protected":false},"author":1,"featured_media":120702,"parent":0,"menu_order":0,"comment_status":"closed","ping_status":"closed","template":"LearningContentPage.php","meta":{"_acf_changed":false,"footnotes":""},"class_list":["post-153661","page","type-page","status-publish","has-post-thumbnail","hentry"],"acf":[],"yoast_head":"<!-- This site is optimized with the Yoast SEO Premium plugin v27.2 (Yoast SEO v27.2) - https:\/\/yoast.com\/product\/yoast-seo-premium-wordpress\/ -->\n<title>Tata Bahasa Thailand - Talkpal<\/title>\n<meta name=\"description\" content=\"Jelajahi dunia tata bahasa Thailand yang menarik. Temukan kesederhanaan dan fitur-fitur uniknya yang membuat belajar menjadi menyenangkan.\" \/>\n<meta name=\"robots\" content=\"index, follow, max-snippet:-1, max-image-preview:large, max-video-preview:-1\" \/>\n<link rel=\"canonical\" href=\"https:\/\/talkpal.ai\/id\/tata-bahasa-thailand\/\" \/>\n<meta property=\"og:locale\" content=\"id_ID\" \/>\n<meta property=\"og:type\" content=\"article\" \/>\n<meta property=\"og:title\" content=\"Tata Bahasa Thailand\" \/>\n<meta property=\"og:description\" content=\"Tata Bahasa Thailand: Menjelajahi Dunia Linguistik yang Unik Tata bahasa Thailand - tampak penuh teka-teki, eksotis, dan menawan. Saat Anda memulai\" \/>\n<meta property=\"og:url\" content=\"https:\/\/talkpal.ai\/id\/tata-bahasa-thailand\/\" \/>\n<meta property=\"og:site_name\" content=\"Talkpal\" \/>\n<meta property=\"article:publisher\" content=\"https:\/\/www.facebook.com\/profile.php?id=100090733639311\" \/>\n<meta property=\"article:modified_time\" content=\"2025-12-13T15:48:13+00:00\" \/>\n<meta property=\"og:image\" content=\"https:\/\/talkpal.ai\/wp-content\/uploads\/2023\/05\/thailand.png\" \/>\n\t<meta property=\"og:image:width\" content=\"512\" \/>\n\t<meta property=\"og:image:height\" content=\"512\" \/>\n\t<meta property=\"og:image:type\" content=\"image\/png\" \/>\n<meta name=\"twitter:card\" content=\"summary_large_image\" \/>\n<meta name=\"twitter:site\" content=\"@talkpalai\" \/>\n<meta name=\"twitter:label1\" content=\"Estimasi waktu membaca\" \/>\n\t<meta name=\"twitter:data1\" content=\"2 menit\" \/>\n<script type=\"application\/ld+json\" class=\"yoast-schema-graph\">{\"@context\":\"https:\/\/schema.org\",\"@graph\":[{\"@type\":\"WebPage\",\"@id\":\"https:\/\/talkpal.ai\/id\/tata-bahasa-thailand\/\",\"url\":\"https:\/\/talkpal.ai\/id\/tata-bahasa-thailand\/\",\"name\":\"Tata Bahasa Thailand - Talkpal\",\"isPartOf\":{\"@id\":\"https:\/\/talkpal.ai\/id\/#website\"},\"primaryImageOfPage\":{\"@id\":\"https:\/\/talkpal.ai\/id\/tata-bahasa-thailand\/#primaryimage\"},\"image\":{\"@id\":\"https:\/\/talkpal.ai\/id\/tata-bahasa-thailand\/#primaryimage\"},\"thumbnailUrl\":\"https:\/\/talkpal.ai\/wp-content\/uploads\/2023\/05\/thailand.png\",\"datePublished\":\"2023-05-14T14:24:42+00:00\",\"dateModified\":\"2025-12-13T15:48:13+00:00\",\"description\":\"Jelajahi dunia tata bahasa Thailand yang menarik. Temukan kesederhanaan dan fitur-fitur uniknya yang membuat belajar menjadi menyenangkan.\",\"breadcrumb\":{\"@id\":\"https:\/\/talkpal.ai\/id\/tata-bahasa-thailand\/#breadcrumb\"},\"inLanguage\":\"id\",\"potentialAction\":[{\"@type\":\"ReadAction\",\"target\":[\"https:\/\/talkpal.ai\/id\/tata-bahasa-thailand\/\"]}]},{\"@type\":\"ImageObject\",\"inLanguage\":\"id\",\"@id\":\"https:\/\/talkpal.ai\/id\/tata-bahasa-thailand\/#primaryimage\",\"url\":\"https:\/\/talkpal.ai\/wp-content\/uploads\/2023\/05\/thailand.png\",\"contentUrl\":\"https:\/\/talkpal.ai\/wp-content\/uploads\/2023\/05\/thailand.png\",\"width\":512,\"height\":512},{\"@type\":\"BreadcrumbList\",\"@id\":\"https:\/\/talkpal.ai\/id\/tata-bahasa-thailand\/#breadcrumb\",\"itemListElement\":[{\"@type\":\"ListItem\",\"position\":1,\"name\":\"Homepage\",\"item\":\"https:\/\/talkpal.ai\/id\/\"},{\"@type\":\"ListItem\",\"position\":2,\"name\":\"Tata Bahasa Thailand\"}]},{\"@type\":\"WebSite\",\"@id\":\"https:\/\/talkpal.ai\/id\/#website\",\"url\":\"https:\/\/talkpal.ai\/id\/\",\"name\":\"Talkpal\",\"description\":\"AI Language Learning\",\"publisher\":{\"@id\":\"https:\/\/talkpal.ai\/id\/#organization\"},\"alternateName\":\"Talkpal AI\",\"potentialAction\":[{\"@type\":\"SearchAction\",\"target\":{\"@type\":\"EntryPoint\",\"urlTemplate\":\"https:\/\/talkpal.ai\/id\/?s={search_term_string}\"},\"query-input\":{\"@type\":\"PropertyValueSpecification\",\"valueRequired\":true,\"valueName\":\"search_term_string\"}}],\"inLanguage\":\"id\"},{\"@type\":\"Organization\",\"@id\":\"https:\/\/talkpal.ai\/id\/#organization\",\"name\":\"Talkpal, Inc.\",\"alternateName\":\"Talkpal AI\",\"url\":\"https:\/\/talkpal.ai\/id\/\",\"logo\":{\"@type\":\"ImageObject\",\"inLanguage\":\"id\",\"@id\":\"https:\/\/talkpal.ai\/id\/#\/schema\/logo\/image\/\",\"url\":\"https:\/\/talkpal.ai\/wp-content\/uploads\/2024\/03\/Talkpal-Logo-Icon.png\",\"contentUrl\":\"https:\/\/talkpal.ai\/wp-content\/uploads\/2024\/03\/Talkpal-Logo-Icon.png\",\"width\":2880,\"height\":2880,\"caption\":\"Talkpal, Inc.\"},\"image\":{\"@id\":\"https:\/\/talkpal.ai\/id\/#\/schema\/logo\/image\/\"},\"sameAs\":[\"https:\/\/www.facebook.com\/profile.php?id=100090733639311\",\"https:\/\/x.com\/talkpalai\",\"https:\/\/www.linkedin.com\/company\/talkpal\/\",\"https:\/\/www.youtube.com\/@TalkPal\/\",\"https:\/\/www.tiktok.com\/@talkpal\",\"https:\/\/www.instagram.com\/talkpal_ai\/\",\"https:\/\/www.crunchbase.com\/organization\/talkpal-9cde\",\"https:\/\/www.g2.com\/products\/talkpal-for-business\/\",\"https:\/\/www.trustpilot.com\/review\/talkpal.ai\",\"https:\/\/www.capterra.com\/p\/10006800\/TalkPal\/\"],\"description\":\"Talkpal is a language learning web and mobile education app, powered by the latest AI technologies, that provides engaging experiences to its customers in many different languages to help them improve their language skills. Users can chat about unlimited amount of topics with the app and use other modes to practice their language learning.\",\"email\":\"support@talkpal.ai\",\"legalName\":\"Talkpal, Inc.\",\"foundingDate\":\"2023-04-03\",\"duns\":\"118989042\",\"numberOfEmployees\":{\"@type\":\"QuantitativeValue\",\"minValue\":\"11\",\"maxValue\":\"50\"},\"publishingPrinciples\":\"https:\/\/talkpal.ai\/publishing-principles\/\",\"actionableFeedbackPolicy\":\"https:\/\/talkpal.ai\/actionable-feedback-policy\/\",\"correctionsPolicy\":\"https:\/\/talkpal.ai\/corrections-policy\/\",\"ethicsPolicy\":\"https:\/\/talkpal.ai\/ethics-policy\/\",\"diversityPolicy\":\"https:\/\/talkpal.ai\/diversity-policy\/\",\"diversityStaffingReport\":\"https:\/\/talkpal.ai\/diversity-policy\/\"}]}<\/script>\n<!-- \/ Yoast SEO Premium plugin. -->","yoast_head_json":{"title":"Tata Bahasa Thailand - Talkpal","description":"Jelajahi dunia tata bahasa Thailand yang menarik. Temukan kesederhanaan dan fitur-fitur uniknya yang membuat belajar menjadi menyenangkan.","robots":{"index":"index","follow":"follow","max-snippet":"max-snippet:-1","max-image-preview":"max-image-preview:large","max-video-preview":"max-video-preview:-1"},"canonical":"https:\/\/talkpal.ai\/id\/tata-bahasa-thailand\/","og_locale":"id_ID","og_type":"article","og_title":"Tata Bahasa Thailand","og_description":"Tata Bahasa Thailand: Menjelajahi Dunia Linguistik yang Unik Tata bahasa Thailand - tampak penuh teka-teki, eksotis, dan menawan. Saat Anda memulai","og_url":"https:\/\/talkpal.ai\/id\/tata-bahasa-thailand\/","og_site_name":"Talkpal","article_publisher":"https:\/\/www.facebook.com\/profile.php?id=100090733639311","article_modified_time":"2025-12-13T15:48:13+00:00","og_image":[{"width":512,"height":512,"url":"https:\/\/talkpal.ai\/wp-content\/uploads\/2023\/05\/thailand.png","type":"image\/png"}],"twitter_card":"summary_large_image","twitter_site":"@talkpalai","twitter_misc":{"Estimasi waktu membaca":"2 menit"},"schema":{"@context":"https:\/\/schema.org","@graph":[{"@type":"WebPage","@id":"https:\/\/talkpal.ai\/id\/tata-bahasa-thailand\/","url":"https:\/\/talkpal.ai\/id\/tata-bahasa-thailand\/","name":"Tata Bahasa Thailand - Talkpal","isPartOf":{"@id":"https:\/\/talkpal.ai\/id\/#website"},"primaryImageOfPage":{"@id":"https:\/\/talkpal.ai\/id\/tata-bahasa-thailand\/#primaryimage"},"image":{"@id":"https:\/\/talkpal.ai\/id\/tata-bahasa-thailand\/#primaryimage"},"thumbnailUrl":"https:\/\/talkpal.ai\/wp-content\/uploads\/2023\/05\/thailand.png","datePublished":"2023-05-14T14:24:42+00:00","dateModified":"2025-12-13T15:48:13+00:00","description":"Jelajahi dunia tata bahasa Thailand yang menarik. Temukan kesederhanaan dan fitur-fitur uniknya yang membuat belajar menjadi menyenangkan.","breadcrumb":{"@id":"https:\/\/talkpal.ai\/id\/tata-bahasa-thailand\/#breadcrumb"},"inLanguage":"id","potentialAction":[{"@type":"ReadAction","target":["https:\/\/talkpal.ai\/id\/tata-bahasa-thailand\/"]}]},{"@type":"ImageObject","inLanguage":"id","@id":"https:\/\/talkpal.ai\/id\/tata-bahasa-thailand\/#primaryimage","url":"https:\/\/talkpal.ai\/wp-content\/uploads\/2023\/05\/thailand.png","contentUrl":"https:\/\/talkpal.ai\/wp-content\/uploads\/2023\/05\/thailand.png","width":512,"height":512},{"@type":"BreadcrumbList","@id":"https:\/\/talkpal.ai\/id\/tata-bahasa-thailand\/#breadcrumb","itemListElement":[{"@type":"ListItem","position":1,"name":"Homepage","item":"https:\/\/talkpal.ai\/id\/"},{"@type":"ListItem","position":2,"name":"Tata Bahasa Thailand"}]},{"@type":"WebSite","@id":"https:\/\/talkpal.ai\/id\/#website","url":"https:\/\/talkpal.ai\/id\/","name":"Talkpal","description":"AI Language Learning","publisher":{"@id":"https:\/\/talkpal.ai\/id\/#organization"},"alternateName":"Talkpal AI","potentialAction":[{"@type":"SearchAction","target":{"@type":"EntryPoint","urlTemplate":"https:\/\/talkpal.ai\/id\/?s={search_term_string}"},"query-input":{"@type":"PropertyValueSpecification","valueRequired":true,"valueName":"search_term_string"}}],"inLanguage":"id"},{"@type":"Organization","@id":"https:\/\/talkpal.ai\/id\/#organization","name":"Talkpal, Inc.","alternateName":"Talkpal AI","url":"https:\/\/talkpal.ai\/id\/","logo":{"@type":"ImageObject","inLanguage":"id","@id":"https:\/\/talkpal.ai\/id\/#\/schema\/logo\/image\/","url":"https:\/\/talkpal.ai\/wp-content\/uploads\/2024\/03\/Talkpal-Logo-Icon.png","contentUrl":"https:\/\/talkpal.ai\/wp-content\/uploads\/2024\/03\/Talkpal-Logo-Icon.png","width":2880,"height":2880,"caption":"Talkpal, Inc."},"image":{"@id":"https:\/\/talkpal.ai\/id\/#\/schema\/logo\/image\/"},"sameAs":["https:\/\/www.facebook.com\/profile.php?id=100090733639311","https:\/\/x.com\/talkpalai","https:\/\/www.linkedin.com\/company\/talkpal\/","https:\/\/www.youtube.com\/@TalkPal\/","https:\/\/www.tiktok.com\/@talkpal","https:\/\/www.instagram.com\/talkpal_ai\/","https:\/\/www.crunchbase.com\/organization\/talkpal-9cde","https:\/\/www.g2.com\/products\/talkpal-for-business\/","https:\/\/www.trustpilot.com\/review\/talkpal.ai","https:\/\/www.capterra.com\/p\/10006800\/TalkPal\/"],"description":"Talkpal is a language learning web and mobile education app, powered by the latest AI technologies, that provides engaging experiences to its customers in many different languages to help them improve their language skills. Users can chat about unlimited amount of topics with the app and use other modes to practice their language learning.","email":"support@talkpal.ai","legalName":"Talkpal, Inc.","foundingDate":"2023-04-03","duns":"118989042","numberOfEmployees":{"@type":"QuantitativeValue","minValue":"11","maxValue":"50"},"publishingPrinciples":"https:\/\/talkpal.ai\/publishing-principles\/","actionableFeedbackPolicy":"https:\/\/talkpal.ai\/actionable-feedback-policy\/","correctionsPolicy":"https:\/\/talkpal.ai\/corrections-policy\/","ethicsPolicy":"https:\/\/talkpal.ai\/ethics-policy\/","diversityPolicy":"https:\/\/talkpal.ai\/diversity-policy\/","diversityStaffingReport":"https:\/\/talkpal.ai\/diversity-policy\/"}]}},"_links":{"self":[{"href":"https:\/\/talkpal.ai\/id\/wp-json\/wp\/v2\/pages\/153661","targetHints":{"allow":["GET"]}}],"collection":[{"href":"https:\/\/talkpal.ai\/id\/wp-json\/wp\/v2\/pages"}],"about":[{"href":"https:\/\/talkpal.ai\/id\/wp-json\/wp\/v2\/types\/page"}],"author":[{"embeddable":true,"href":"https:\/\/talkpal.ai\/id\/wp-json\/wp\/v2\/users\/1"}],"replies":[{"embeddable":true,"href":"https:\/\/talkpal.ai\/id\/wp-json\/wp\/v2\/comments?post=153661"}],"version-history":[{"count":0,"href":"https:\/\/talkpal.ai\/id\/wp-json\/wp\/v2\/pages\/153661\/revisions"}],"wp:featuredmedia":[{"embeddable":true,"href":"https:\/\/talkpal.ai\/id\/wp-json\/wp\/v2\/media\/120702"}],"wp:attachment":[{"href":"https:\/\/talkpal.ai\/id\/wp-json\/wp\/v2\/media?parent=153661"}],"curies":[{"name":"wp","href":"https:\/\/api.w.org\/{rel}","templated":true}]}}