{"id":153261,"date":"2023-05-14T14:23:49","date_gmt":"2023-05-14T14:23:49","guid":{"rendered":"http:\/\/talkpal.ai\/tata-bahasa-turki\/"},"modified":"2025-12-13T15:56:57","modified_gmt":"2025-12-13T15:56:57","slug":"tata-bahasa-turki","status":"publish","type":"page","link":"https:\/\/talkpal.ai\/id\/tata-bahasa-turki\/","title":{"rendered":"Tata Bahasa Turki"},"content":{"rendered":"\r\n\r\n\r\n<section class=\"languageChallengeSection\">\r\n    <div class=\"languageInfoWrapper\">\r\n        \r\n        <h1>Tata Bahasa Turki<\/h1>\r\n        <p>Penasaran ingin belajar <a href=\"https:\/\/talkpal.ai\/learn-turkish\/\">bahasa Turki<\/a>? Jelajahi <a href=\"https:\/\/talkpal.ai\/turkish-grammar\/\">tata bahasa Turki<\/a> dan lihat bagaimana struktur logis, keselarasan vokal, dan pola kata kerja yang mudah diikuti membuatnya menarik dan mudah diakses. Mulailah perjalanan Anda hari ini-menguasai <a href=\"https:\/\/talkpal.ai\/turkish-grammar\/\">tata bahasa Turki<\/a> adalah kunci untuk berkomunikasi dengan lancar dan membuka dunia budaya dan koneksi yang semarak!<\/p>\r\n\r\n                            <a class=\"getStartedHidden\" href=\"https:\/\/app.talkpal.ai\/id\/signup?lng=\">Mulai<\/a>\r\n        \r\n    <\/div>\r\n\r\n    <figure>\r\n    <img decoding=\"async\" width=\"768\" height=\"768\" src=\"https:\/\/talkpal.ai\/wp-content\/uploads\/2023\/06\/turkish-768x768.png\" class=\"languageImage no-lazy\" alt=\"Language learning for increased focus\" fetchpriority=\"high\" sizes=\"(max-width: 768px) 150px, 768px\" srcset=\"https:\/\/talkpal.ai\/wp-content\/uploads\/2023\/06\/turkish-768x768.png 768w, https:\/\/talkpal.ai\/wp-content\/uploads\/2023\/06\/turkish-300x300.png 300w\" \/>\r\n    \r\n\r\n    <\/figure>\r\n\r\n            <a class=\"getStartedVisible\" href=\"https:\/\/app.talkpal.ai\/id\/signup?lng=\">Mulai<\/a>\r\n    \r\n<\/section>\r\n<section class=\"promotionalBanner\">\r\n    <p class=\"promotionalText\">Cara paling efisien untuk belajar bahasa<\/p>\r\n    <a class=\"promotionalLink\" href=\"https:\/\/app.talkpal.ai\/id\/signup?lng=\">Coba Talkpal gratis<\/a>\r\n<\/section>\n<div class=\"wp-block-group pageContainerStyle\"><div class=\"wp-block-group__inner-container is-layout-constrained wp-block-group-is-layout-constrained\">\n<h2 class=\"wp-block-heading\" id=\"h-the-ultimate-guide-to-turkish-grammar-navigating-the-intricacies-of-a-unique-language\">Panduan Utama untuk Tata Bahasa Turki: Menavigasi Seluk-beluk Bahasa yang Unik<\/h2>\n\n\n\n<p><a href=\"https:\/\/talkpal.ai\/id\/latihan-tata-bahasa-malta\/\">Tata bahasa<\/a> Turki, seperti bahasa <a href=\"https:\/\/talkpal.ai\/locations\/language-courses-in-itu\/\">itu<\/a> sendiri, menyajikan permadani elemen linguistik yang kaya dan menarik. Sebagai anggota keluarga bahasa Turki, bahasa Turki memikat <a href=\"https:\/\/talkpal.ai\/talkpal-discount-for-students\/\">pelajar<\/a> dengan beragam fitur dan tantangannya bahkan penutur yang paling mahir sekalipun. Dalam panduan ini, <a href=\"https:\/\/talkpal.ai\/locations\/language-courses-in-kami\/\">kami<\/a> akan menjelajahi prinsip-prinsip utama tata bahasa Turki, mengungkap kerumitannya, dan mendukung Anda dalam perjalanan Anda untuk menjadi fasih dalam bahasa yang menawan ini. Mari kita mulai!<\/p>\n\n\n\n<h3 class=\"wp-block-heading\" id=\"h-the-nuts-and-bolts-turkish-sentence-structure\">Mur dan Baut: Struktur Kalimat Turki<\/h3>\n\n\n\n<p>Pada intinya, tata bahasa Turki cukup mudah. Bahasa umumnya mengikuti struktur kalimat <a href=\"https:\/\/talkpal.ai\/culture\/how-do-you-structure-a-sentence-using-subject-object-verb-order-in-uzbek\/\">Subject-Object-Verb<\/a> (SOV), tidak seperti bahasa Inggris dan banyak bahasa lainnya. Sebagai contoh, kalimat &#8220;Saya makan apel&#8221; diterjemahkan menjadi &#8220;Ben elma yiyorum&#8221; (Ben = saya, elma = apel, yiyorum = makan). Sederhana, bukan? Namun, saat kita menggali lebih dalam, Anda akan menemukan beberapa fitur menarik dan khas dari tata bahasa Turki.<\/p>\n\n\n\n<h3 class=\"wp-block-heading\" id=\"h-meet-the-family-turkish-nouns-and-their-suffixes\">Temui Keluarga: Kata benda Turki dan sufiksnya<\/h3>\n\n\n\n<p>Salah satu karakteristik tata bahasa Turki yang paling aneh adalah penggunaan sufiks untuk mengekspresikan berbagai hubungan tata bahasa. Tidak ada preposisi dalam bahasa Turki; Sebagai gantinya, sufiks dilampirkan pada kata benda untuk menunjukkan kepemilikan, objek langsung, dan lokasi.<\/p>\n\n\n\n<p>Sebagai contoh, mari kita ambil kata &#8220;elma&#8221; (elma) yang berarti &#8220;apel&#8221;:<\/p>\n\n\n\n<p><strong>&#8211; Kepemilikan: Benim elmam (Apel saya)<\/strong><\/p>\n\n\n\n<p><strong>&#8211; Objek langsung: Elmay\u0131 yedim (Saya makan apel)<\/strong><\/p>\n\n\n\n<p><strong>&#8211; Lokasi: Elmada (Di tempat apel)<\/strong><\/p>\n\n\n\n<p>Penting untuk membiasakan diri Anda dengan sufiks ini, karena sufiks ini dapat mengubah makna kalimat Anda secara dramatis.<\/p>\n\n\n\n<h3 class=\"wp-block-heading\" id=\"h-playing-with-numbers-turkish-plurals-and-genders\">Bermain dengan Angka: Jamak dan Jenis Kelamin Turki<\/h3>\n\n\n\n<p>Saat membentuk bentuk jamak dalam bahasa Turki, Anda hanya perlu menambahkan satu sufiks: -ler atau -lar, tergantung pada vokal terdekat dalam kata tersebut. Tidak seperti banyak bahasa lain, bahasa Turki tidak memiliki jenis kelamin tata bahasa. Artinya, Anda tidak perlu khawatir untuk mempelajari akhiran atau bentuk yang berbeda untuk kata benda maskulin, feminin, atau netral.<\/p>\n\n\n\n<p>Sebagai contoh, &#8220;k\u00f6pek&#8221; (k\u00f6pek, kata benda yang berarti &#8220;anjing&#8221;) menjadi &#8220;k\u00f6pekler&#8221; (k\u00f6pekler, anjing), dan &#8220;kedi&#8221; (kedi, kata benda yang berarti &#8220;kucing&#8221;) menjadi &#8220;kediler&#8221; (kediler, kucing).<\/p>\n\n\n\n<h3 class=\"wp-block-heading\" id=\"h-the-art-of-conjugation-turkish-verbs\">Seni Konjugasi: Kata Kerja Turki<\/h3>\n\n\n\n<p>Kata kerja Turki mungkin tampak menakutkan pada awalnya, karena banyak tenses, suasana hati, dan konjugasi mereka. Namun, kunci untuk memahaminya adalah mengenali pola umum dan berlatih secara teratur.<\/p>\n\n\n\n<p>Dalam bahasa Turki, kata kerja menggunakan berbagai sufiks untuk menunjukkan tegang, suasana hati, dan orang. Batang kata kerja tetap tidak berubah. Mari kita ambil kata kerja &#8220;yemek&#8221; (yemek, &#8220;makan&#8221;) sebagai contoh:<\/p>\n\n\n\n<p><strong>Present continuous tense: Yiyorum (Saya makan)<\/strong><\/p>\n\n\n\n<p><strong>Bentuk lampau: Yedim (saya makan)<\/strong><\/p>\n\n\n\n<p><strong>Future tense: Yiyece\u011fim (Aku akan makan)<\/strong><\/p>\n\n\n\n<p>Seperti yang Anda lihat, akhir cerita berubah sesuai dengan tenses dan orang. Dengan latihan dan kesabaran, Anda akan mulai mengenali pola dan menaklukkan tantangan ini.<\/p>\n\n\n\n<h3 class=\"wp-block-heading\" id=\"h-the-finishing-touches-turkish-adjectives-adverbs-and-more\">Sentuhan Akhir: Kata Sifat Turki, Kata Keterangan, dan Lainnya<\/h3>\n\n\n\n<p>Ketika datang ke kata sifat dan kata keterangan Turki, mereka memainkan peran penting dalam menambahkan kedalaman dan kompleksitas pada pidato Anda. Kata sifat dalam bahasa Turki tidak harus sesuai dengan kata benda yang dimodifikasi, sehingga lebih mudah digunakan dibandingkan bahasa lainnya.<\/p>\n\n\n\n<p>Misalnya, &#8220;g\u00fczel&#8221; (g\u00fczel) berarti &#8220;indah&#8221;, dan Anda mungkin melihatnya sebagai &#8220;g\u00fczel \u00e7i\u00e7ek&#8221; (g\u00fczel \u00e7i\u00e7ek, &#8220;bunga yang indah&#8221;) atau &#8220;g\u00fczel k\u00f6pek&#8221; (g\u00fczel k\u00f6pek, &#8220;anjing yang indah&#8221;), tanpa perubahan untuk bentuk jamak atau jenis kelamin.<\/p>\n\n\n\n<p>Kata keterangan biasanya mengikuti pola yang sama, sering berasal dari kata sifat. Dalam bahasa Turki, banyak kata keterangan dapat dibentuk dengan menambahkan akhiran -ce atau -ca ke kata sifat, tergantung pada vokal terdekat.<\/p>\n\n\n\n<p>Kesimpulannya, kerumitan dan keunikan tata bahasa Turki, meskipun menantang, memberikan keindahan dan karakter yang menawan pada bahasa ini. Dengan kombinasi ketekunan, keingintahuan, dan penerapan praktis, Anda akan segera menguasai tata bahasa Turki dengan mudah dan percaya diri. Selamat belajar!<\/p>\n<\/div><\/div>\n\r\n<section class=\"learnNavigationSection\">\r\n            \r\n        <a href=\"https:\/\/talkpal.ai\/id\/belajar-bahasa-turki\/\">\r\n            <div class=\"learnNavigationWrapper\">\r\n                <div class=\"learnNavigationContent\">\r\n                    <img decoding=\"async\" src=\"https:\/\/talkpal.ai\/wp-content\/uploads\/2024\/08\/Turkish.jpg\" alt=\"Turkish Flag\">\r\n                    <div>\r\n                        <h4>Tentang Pembelajaran Bahasa Turki<\/h4>\r\n                        <p>Cari tahu semua tentang tata bahasa Turki.<\/p>\r\n                    <\/div>\r\n                <\/div>\r\n            <\/div>\r\n        <\/a>\r\n\r\n        \r\n        <a href=\"https:\/\/talkpal.ai\/id\/latihan-tata-bahasa-turki\/\">\r\n            <div class=\"learnNavigationWrapper\">\r\n                <div class=\"learnNavigationContent\">\r\n                    <img decoding=\"async\" src=\"https:\/\/talkpal.ai\/wp-content\/uploads\/2024\/08\/Turkish.jpg\" alt=\"Turkish Flag\">\r\n                    <div>\r\n                        <h4>Latihan Tata Bahasa Turki<\/h4>\r\n                        <p>Berlatih tata bahasa Turki.<\/p>\r\n                    <\/div>\r\n                <\/div>\r\n            <\/div>\r\n        <\/a>\r\n\r\n        \r\n        <a href=\"https:\/\/talkpal.ai\/vocabulary_language\/turkish\/\">\r\n            <div class=\"learnNavigationWrapper\">\r\n                <div class=\"learnNavigationContent\">\r\n                    <img decoding=\"async\" src=\"https:\/\/talkpal.ai\/wp-content\/uploads\/2024\/08\/Turkish.jpg\" alt=\"Turkish Flag\">\r\n                    <div>\r\n                        <h4>Kosakata Bahasa Turki<\/h4>\r\n                        <p>Perluas kosakata bahasa Turki Anda.<\/p>\r\n                    <\/div>\r\n                <\/div>\r\n            <\/div>\r\n        <\/a>\r\n\r\n            <\/section>","protected":false},"excerpt":{"rendered":"<p>Panduan Utama untuk Tata Bahasa Turki: Menavigasi Seluk-beluk Bahasa yang Unik Tata bahasa Turki, seperti bahasa itu sendiri, menyajikan permadani elemen linguistik yang kaya dan menarik. Sebagai anggota keluarga bahasa Turki, bahasa Turki memikat pelajar dengan beragam fitur dan tantangannya bahkan penutur yang paling mahir sekalipun. Dalam panduan ini, kami akan menjelajahi prinsip-prinsip utama tata [&hellip;]<\/p>\n","protected":false},"author":1,"featured_media":121114,"parent":0,"menu_order":0,"comment_status":"closed","ping_status":"closed","template":"LearningContentPage.php","meta":{"_acf_changed":false,"footnotes":""},"class_list":["post-153261","page","type-page","status-publish","has-post-thumbnail","hentry"],"acf":[],"yoast_head":"<!-- This site is optimized with the Yoast SEO Premium plugin v27.2 (Yoast SEO v27.2) - https:\/\/yoast.com\/product\/yoast-seo-premium-wordpress\/ -->\n<title>Tata Bahasa Turki - Talkpal<\/title>\n<meta name=\"description\" content=\"Buka rahasia tata bahasa Turki dengan panduan komprehensif kami mengenai prinsip-prinsip utama dan struktur kalimatnya.\" \/>\n<meta name=\"robots\" content=\"index, follow, max-snippet:-1, max-image-preview:large, max-video-preview:-1\" \/>\n<link rel=\"canonical\" href=\"https:\/\/talkpal.ai\/id\/tata-bahasa-turki\/\" \/>\n<meta property=\"og:locale\" content=\"id_ID\" \/>\n<meta property=\"og:type\" content=\"article\" \/>\n<meta property=\"og:title\" content=\"Tata Bahasa Turki\" \/>\n<meta property=\"og:description\" content=\"Panduan Utama untuk Tata Bahasa Turki: Menavigasi Seluk-beluk Bahasa yang Unik Tata bahasa Turki, seperti bahasa itu sendiri, menyajikan permadani elemen\" \/>\n<meta property=\"og:url\" content=\"https:\/\/talkpal.ai\/id\/tata-bahasa-turki\/\" \/>\n<meta property=\"og:site_name\" content=\"Talkpal\" \/>\n<meta property=\"article:publisher\" content=\"https:\/\/www.facebook.com\/profile.php?id=100090733639311\" \/>\n<meta property=\"article:modified_time\" content=\"2025-12-13T15:56:57+00:00\" \/>\n<meta property=\"og:image\" content=\"https:\/\/talkpal.ai\/wp-content\/uploads\/2023\/05\/turkish.png\" \/>\n\t<meta property=\"og:image:width\" content=\"512\" \/>\n\t<meta property=\"og:image:height\" content=\"512\" \/>\n\t<meta property=\"og:image:type\" content=\"image\/png\" \/>\n<meta name=\"twitter:card\" content=\"summary_large_image\" \/>\n<meta name=\"twitter:site\" content=\"@talkpalai\" \/>\n<meta name=\"twitter:label1\" content=\"Estimasi waktu membaca\" \/>\n\t<meta name=\"twitter:data1\" content=\"3 menit\" \/>\n<script type=\"application\/ld+json\" class=\"yoast-schema-graph\">{\"@context\":\"https:\/\/schema.org\",\"@graph\":[{\"@type\":\"WebPage\",\"@id\":\"https:\/\/talkpal.ai\/id\/tata-bahasa-turki\/\",\"url\":\"https:\/\/talkpal.ai\/id\/tata-bahasa-turki\/\",\"name\":\"Tata Bahasa Turki - Talkpal\",\"isPartOf\":{\"@id\":\"https:\/\/talkpal.ai\/id\/#website\"},\"primaryImageOfPage\":{\"@id\":\"https:\/\/talkpal.ai\/id\/tata-bahasa-turki\/#primaryimage\"},\"image\":{\"@id\":\"https:\/\/talkpal.ai\/id\/tata-bahasa-turki\/#primaryimage\"},\"thumbnailUrl\":\"https:\/\/talkpal.ai\/wp-content\/uploads\/2023\/05\/turkish.png\",\"datePublished\":\"2023-05-14T14:23:49+00:00\",\"dateModified\":\"2025-12-13T15:56:57+00:00\",\"description\":\"Buka rahasia tata bahasa Turki dengan panduan komprehensif kami mengenai prinsip-prinsip utama dan struktur kalimatnya.\",\"breadcrumb\":{\"@id\":\"https:\/\/talkpal.ai\/id\/tata-bahasa-turki\/#breadcrumb\"},\"inLanguage\":\"id\",\"potentialAction\":[{\"@type\":\"ReadAction\",\"target\":[\"https:\/\/talkpal.ai\/id\/tata-bahasa-turki\/\"]}]},{\"@type\":\"ImageObject\",\"inLanguage\":\"id\",\"@id\":\"https:\/\/talkpal.ai\/id\/tata-bahasa-turki\/#primaryimage\",\"url\":\"https:\/\/talkpal.ai\/wp-content\/uploads\/2023\/05\/turkish.png\",\"contentUrl\":\"https:\/\/talkpal.ai\/wp-content\/uploads\/2023\/05\/turkish.png\",\"width\":512,\"height\":512},{\"@type\":\"BreadcrumbList\",\"@id\":\"https:\/\/talkpal.ai\/id\/tata-bahasa-turki\/#breadcrumb\",\"itemListElement\":[{\"@type\":\"ListItem\",\"position\":1,\"name\":\"Homepage\",\"item\":\"https:\/\/talkpal.ai\/id\/\"},{\"@type\":\"ListItem\",\"position\":2,\"name\":\"Tata Bahasa Turki\"}]},{\"@type\":\"WebSite\",\"@id\":\"https:\/\/talkpal.ai\/id\/#website\",\"url\":\"https:\/\/talkpal.ai\/id\/\",\"name\":\"Talkpal\",\"description\":\"AI Language Learning\",\"publisher\":{\"@id\":\"https:\/\/talkpal.ai\/id\/#organization\"},\"alternateName\":\"Talkpal AI\",\"potentialAction\":[{\"@type\":\"SearchAction\",\"target\":{\"@type\":\"EntryPoint\",\"urlTemplate\":\"https:\/\/talkpal.ai\/id\/?s={search_term_string}\"},\"query-input\":{\"@type\":\"PropertyValueSpecification\",\"valueRequired\":true,\"valueName\":\"search_term_string\"}}],\"inLanguage\":\"id\"},{\"@type\":\"Organization\",\"@id\":\"https:\/\/talkpal.ai\/id\/#organization\",\"name\":\"Talkpal, Inc.\",\"alternateName\":\"Talkpal AI\",\"url\":\"https:\/\/talkpal.ai\/id\/\",\"logo\":{\"@type\":\"ImageObject\",\"inLanguage\":\"id\",\"@id\":\"https:\/\/talkpal.ai\/id\/#\/schema\/logo\/image\/\",\"url\":\"https:\/\/talkpal.ai\/wp-content\/uploads\/2024\/03\/Talkpal-Logo-Icon.png\",\"contentUrl\":\"https:\/\/talkpal.ai\/wp-content\/uploads\/2024\/03\/Talkpal-Logo-Icon.png\",\"width\":2880,\"height\":2880,\"caption\":\"Talkpal, Inc.\"},\"image\":{\"@id\":\"https:\/\/talkpal.ai\/id\/#\/schema\/logo\/image\/\"},\"sameAs\":[\"https:\/\/www.facebook.com\/profile.php?id=100090733639311\",\"https:\/\/x.com\/talkpalai\",\"https:\/\/www.linkedin.com\/company\/talkpal\/\",\"https:\/\/www.youtube.com\/@TalkPal\/\",\"https:\/\/www.tiktok.com\/@talkpal\",\"https:\/\/www.instagram.com\/talkpal_ai\/\",\"https:\/\/www.crunchbase.com\/organization\/talkpal-9cde\",\"https:\/\/www.g2.com\/products\/talkpal-for-business\/\",\"https:\/\/www.trustpilot.com\/review\/talkpal.ai\",\"https:\/\/www.capterra.com\/p\/10006800\/TalkPal\/\"],\"description\":\"Talkpal is a language learning web and mobile education app, powered by the latest AI technologies, that provides engaging experiences to its customers in many different languages to help them improve their language skills. Users can chat about unlimited amount of topics with the app and use other modes to practice their language learning.\",\"email\":\"support@talkpal.ai\",\"legalName\":\"Talkpal, Inc.\",\"foundingDate\":\"2023-04-03\",\"duns\":\"118989042\",\"numberOfEmployees\":{\"@type\":\"QuantitativeValue\",\"minValue\":\"11\",\"maxValue\":\"50\"},\"publishingPrinciples\":\"https:\/\/talkpal.ai\/publishing-principles\/\",\"actionableFeedbackPolicy\":\"https:\/\/talkpal.ai\/actionable-feedback-policy\/\",\"correctionsPolicy\":\"https:\/\/talkpal.ai\/corrections-policy\/\",\"ethicsPolicy\":\"https:\/\/talkpal.ai\/ethics-policy\/\",\"diversityPolicy\":\"https:\/\/talkpal.ai\/diversity-policy\/\",\"diversityStaffingReport\":\"https:\/\/talkpal.ai\/diversity-policy\/\"}]}<\/script>\n<!-- \/ Yoast SEO Premium plugin. -->","yoast_head_json":{"title":"Tata Bahasa Turki - Talkpal","description":"Buka rahasia tata bahasa Turki dengan panduan komprehensif kami mengenai prinsip-prinsip utama dan struktur kalimatnya.","robots":{"index":"index","follow":"follow","max-snippet":"max-snippet:-1","max-image-preview":"max-image-preview:large","max-video-preview":"max-video-preview:-1"},"canonical":"https:\/\/talkpal.ai\/id\/tata-bahasa-turki\/","og_locale":"id_ID","og_type":"article","og_title":"Tata Bahasa Turki","og_description":"Panduan Utama untuk Tata Bahasa Turki: Menavigasi Seluk-beluk Bahasa yang Unik Tata bahasa Turki, seperti bahasa itu sendiri, menyajikan permadani elemen","og_url":"https:\/\/talkpal.ai\/id\/tata-bahasa-turki\/","og_site_name":"Talkpal","article_publisher":"https:\/\/www.facebook.com\/profile.php?id=100090733639311","article_modified_time":"2025-12-13T15:56:57+00:00","og_image":[{"width":512,"height":512,"url":"https:\/\/talkpal.ai\/wp-content\/uploads\/2023\/05\/turkish.png","type":"image\/png"}],"twitter_card":"summary_large_image","twitter_site":"@talkpalai","twitter_misc":{"Estimasi waktu membaca":"3 menit"},"schema":{"@context":"https:\/\/schema.org","@graph":[{"@type":"WebPage","@id":"https:\/\/talkpal.ai\/id\/tata-bahasa-turki\/","url":"https:\/\/talkpal.ai\/id\/tata-bahasa-turki\/","name":"Tata Bahasa Turki - Talkpal","isPartOf":{"@id":"https:\/\/talkpal.ai\/id\/#website"},"primaryImageOfPage":{"@id":"https:\/\/talkpal.ai\/id\/tata-bahasa-turki\/#primaryimage"},"image":{"@id":"https:\/\/talkpal.ai\/id\/tata-bahasa-turki\/#primaryimage"},"thumbnailUrl":"https:\/\/talkpal.ai\/wp-content\/uploads\/2023\/05\/turkish.png","datePublished":"2023-05-14T14:23:49+00:00","dateModified":"2025-12-13T15:56:57+00:00","description":"Buka rahasia tata bahasa Turki dengan panduan komprehensif kami mengenai prinsip-prinsip utama dan struktur kalimatnya.","breadcrumb":{"@id":"https:\/\/talkpal.ai\/id\/tata-bahasa-turki\/#breadcrumb"},"inLanguage":"id","potentialAction":[{"@type":"ReadAction","target":["https:\/\/talkpal.ai\/id\/tata-bahasa-turki\/"]}]},{"@type":"ImageObject","inLanguage":"id","@id":"https:\/\/talkpal.ai\/id\/tata-bahasa-turki\/#primaryimage","url":"https:\/\/talkpal.ai\/wp-content\/uploads\/2023\/05\/turkish.png","contentUrl":"https:\/\/talkpal.ai\/wp-content\/uploads\/2023\/05\/turkish.png","width":512,"height":512},{"@type":"BreadcrumbList","@id":"https:\/\/talkpal.ai\/id\/tata-bahasa-turki\/#breadcrumb","itemListElement":[{"@type":"ListItem","position":1,"name":"Homepage","item":"https:\/\/talkpal.ai\/id\/"},{"@type":"ListItem","position":2,"name":"Tata Bahasa Turki"}]},{"@type":"WebSite","@id":"https:\/\/talkpal.ai\/id\/#website","url":"https:\/\/talkpal.ai\/id\/","name":"Talkpal","description":"AI Language Learning","publisher":{"@id":"https:\/\/talkpal.ai\/id\/#organization"},"alternateName":"Talkpal AI","potentialAction":[{"@type":"SearchAction","target":{"@type":"EntryPoint","urlTemplate":"https:\/\/talkpal.ai\/id\/?s={search_term_string}"},"query-input":{"@type":"PropertyValueSpecification","valueRequired":true,"valueName":"search_term_string"}}],"inLanguage":"id"},{"@type":"Organization","@id":"https:\/\/talkpal.ai\/id\/#organization","name":"Talkpal, Inc.","alternateName":"Talkpal AI","url":"https:\/\/talkpal.ai\/id\/","logo":{"@type":"ImageObject","inLanguage":"id","@id":"https:\/\/talkpal.ai\/id\/#\/schema\/logo\/image\/","url":"https:\/\/talkpal.ai\/wp-content\/uploads\/2024\/03\/Talkpal-Logo-Icon.png","contentUrl":"https:\/\/talkpal.ai\/wp-content\/uploads\/2024\/03\/Talkpal-Logo-Icon.png","width":2880,"height":2880,"caption":"Talkpal, Inc."},"image":{"@id":"https:\/\/talkpal.ai\/id\/#\/schema\/logo\/image\/"},"sameAs":["https:\/\/www.facebook.com\/profile.php?id=100090733639311","https:\/\/x.com\/talkpalai","https:\/\/www.linkedin.com\/company\/talkpal\/","https:\/\/www.youtube.com\/@TalkPal\/","https:\/\/www.tiktok.com\/@talkpal","https:\/\/www.instagram.com\/talkpal_ai\/","https:\/\/www.crunchbase.com\/organization\/talkpal-9cde","https:\/\/www.g2.com\/products\/talkpal-for-business\/","https:\/\/www.trustpilot.com\/review\/talkpal.ai","https:\/\/www.capterra.com\/p\/10006800\/TalkPal\/"],"description":"Talkpal is a language learning web and mobile education app, powered by the latest AI technologies, that provides engaging experiences to its customers in many different languages to help them improve their language skills. Users can chat about unlimited amount of topics with the app and use other modes to practice their language learning.","email":"support@talkpal.ai","legalName":"Talkpal, Inc.","foundingDate":"2023-04-03","duns":"118989042","numberOfEmployees":{"@type":"QuantitativeValue","minValue":"11","maxValue":"50"},"publishingPrinciples":"https:\/\/talkpal.ai\/publishing-principles\/","actionableFeedbackPolicy":"https:\/\/talkpal.ai\/actionable-feedback-policy\/","correctionsPolicy":"https:\/\/talkpal.ai\/corrections-policy\/","ethicsPolicy":"https:\/\/talkpal.ai\/ethics-policy\/","diversityPolicy":"https:\/\/talkpal.ai\/diversity-policy\/","diversityStaffingReport":"https:\/\/talkpal.ai\/diversity-policy\/"}]}},"_links":{"self":[{"href":"https:\/\/talkpal.ai\/id\/wp-json\/wp\/v2\/pages\/153261","targetHints":{"allow":["GET"]}}],"collection":[{"href":"https:\/\/talkpal.ai\/id\/wp-json\/wp\/v2\/pages"}],"about":[{"href":"https:\/\/talkpal.ai\/id\/wp-json\/wp\/v2\/types\/page"}],"author":[{"embeddable":true,"href":"https:\/\/talkpal.ai\/id\/wp-json\/wp\/v2\/users\/1"}],"replies":[{"embeddable":true,"href":"https:\/\/talkpal.ai\/id\/wp-json\/wp\/v2\/comments?post=153261"}],"version-history":[{"count":0,"href":"https:\/\/talkpal.ai\/id\/wp-json\/wp\/v2\/pages\/153261\/revisions"}],"wp:featuredmedia":[{"embeddable":true,"href":"https:\/\/talkpal.ai\/id\/wp-json\/wp\/v2\/media\/121114"}],"wp:attachment":[{"href":"https:\/\/talkpal.ai\/id\/wp-json\/wp\/v2\/media?parent=153261"}],"curies":[{"name":"wp","href":"https:\/\/api.w.org\/{rel}","templated":true}]}}