{"id":150090,"date":"2023-05-14T14:19:49","date_gmt":"2023-05-14T14:19:49","guid":{"rendered":"http:\/\/talkpal.ai\/tata-bahasa-slovakia\/"},"modified":"2025-12-12T11:11:37","modified_gmt":"2025-12-12T11:11:37","slug":"tata-bahasa-slovakia","status":"publish","type":"page","link":"https:\/\/talkpal.ai\/id\/tata-bahasa-slovakia\/","title":{"rendered":"Tata Bahasa Slovakia"},"content":{"rendered":"\r\n\r\n\r\n<section class=\"languageChallengeSection\">\r\n    <div class=\"languageInfoWrapper\">\r\n        \r\n        <h1>Tata Bahasa Slovakia<\/h1>\r\n        <p>Temukan keindahan <a href=\"https:\/\/talkpal.ai\/id\/belajar-bahasa-slowakia\/\">bahasa Slowakia<\/a> dengan mempelajari aturan <a href=\"https:\/\/talkpal.ai\/id\/latihan-tata-bahasa-malta\/\">tata bahasa<\/a> dasarnya. Memahami <a href=\"https:\/\/talkpal.ai\/id\/latihan-tata-bahasa-malta\/\">tata bahasa<\/a> Slowakia akan membantu Anda berkomunikasi dengan percaya diri dan terhubung lebih dalam dengan tradisi Slowakia yang kaya. Mulailah perjalanan Anda hari ini dan ambil langkah pertama untuk menguasai bahasa Slowakia!\n\n<\/p>\r\n\r\n                            <a class=\"getStartedHidden\" href=\"https:\/\/app.talkpal.ai\/id\/signup?lng=\">Mulai<\/a>\r\n        \r\n    <\/div>\r\n\r\n    <figure>\r\n    <img decoding=\"async\" width=\"768\" height=\"768\" src=\"https:\/\/talkpal.ai\/wp-content\/uploads\/2023\/06\/slovak-768x768.png\" class=\"languageImage no-lazy\" alt=\"Language learning for cross-cultural competence\" fetchpriority=\"high\" sizes=\"(max-width: 768px) 150px, 768px\" srcset=\"https:\/\/talkpal.ai\/wp-content\/uploads\/2023\/06\/slovak-768x768.png 768w, https:\/\/talkpal.ai\/wp-content\/uploads\/2023\/06\/slovak-300x300.png 300w\" \/>\r\n    \r\n\r\n    <\/figure>\r\n\r\n            <a class=\"getStartedVisible\" href=\"https:\/\/app.talkpal.ai\/id\/signup?lng=\">Mulai<\/a>\r\n    \r\n<\/section>\r\n<section class=\"promotionalBanner\">\r\n    <p class=\"promotionalText\">Cara paling efisien untuk belajar bahasa<\/p>\r\n    <a class=\"promotionalLink\" href=\"https:\/\/app.talkpal.ai\/id\/signup?lng=\">Coba Talkpal gratis<\/a>\r\n<\/section>\n<div class=\"wp-block-group pageContainerStyle\"><div class=\"wp-block-group__inner-container is-layout-constrained wp-block-group-is-layout-constrained\">\n<h2 class=\"wp-block-heading\" id=\"h-slovak-grammar-the-key-to-unlocking-a-beautiful-language\">Tata Bahasa Slovakia: Kunci untuk Membuka Bahasa yang Indah<\/h2>\n\n\n\n<p>Apakah Anda berencana untuk belajar bahasa <a href=\"https:\/\/talkpal.ai\/learn-slovak\/\">Slovakia<\/a> atau hanya ingin tahu tentang tata bahasanya yang unik? Anda berada di tempat yang tepat! Tata bahasa Slowakia mungkin tampak menakutkan pada pandangan pertama, tetapi jangan khawatir &#8211; sebenarnya cukup logis dan mudah dipahami. Dalam artikel ini, <a href=\"https:\/\/talkpal.ai\/locations\/language-courses-in-kami\/\">kami<\/a> akan menjelajahi seluk beluk tata bahasa Slowakia untuk membantu Anda lebih memahami dan menghargai keindahannya.<\/p>\n\n\n\n<p>Pertama, mari kita mulai dengan sedikit latar belakang. Bahasa Slovakia adalah bahasa Slavia Barat yang digunakan terutama di Slovakia, tetapi Anda juga dapat menemukan penutur di negara-negara sekitarnya. Sebagai bahasa Slavia, bahasa ini memiliki banyak kesamaan dengan bahasa lain di wilayah ini, seperti <a href=\"https:\/\/talkpal.ai\/learn-czech\/\">Ceko<\/a> dan <a href=\"https:\/\/talkpal.ai\/learn-polish\/\">Polandia<\/a>. Namun, ia memiliki aturan tata bahasa dan pola penggunaan yang berbeda yang membedakannya.<\/p>\n\n\n\n<p>Sekarang, mari kita bahas beberapa aspek terpenting dari tata bahasa Slowakia.<\/p>\n\n\n\n<h3 class=\"wp-block-heading\" id=\"h-1-nouns-and-their-cases\">1. Kata benda dan kasusnya<\/h3>\n\n\n\n<p>Salah satu fitur yang paling mencolok dari tata bahasa Slovakia adalah sistem kasusnya yang kompleks. Jika Anda terbiasa dengan <a href=\"https:\/\/talkpal.ai\/id\/sertifikat-bahasa-jerman\/\">bahasa Jerman<\/a> atau Rusia, Anda pasti tahu apa yang kami bicarakan: Kata benda dalam bahasa Slowakia berubah bentuknya tergantung pada fungsinya dalam kalimat. Dengan tujuh kasus (nominatif, genitif, datif, akusatif, lokatif, instrumental, dan vokatif), hal ini mungkin tampak membingungkan pada awalnya, tapi jangan menyerah! Setelah Anda menguasainya, ini sangat logis dan bahkan menyenangkan.<\/p>\n\n\n\n<p>Ambil contoh kata benda &#8220;chlapec&#8221; (anak laki-laki). Kata ini bisa berubah menjadi &#8220;chlapca,&#8221; &#8220;chlapcovi,&#8221; &#8220;chlapcom,&#8221; dan seterusnya, tergantung pada subjek, objek, atau penerima tindakan. Akhiran tergantung pada jenis kelamin kata benda (maskulin, feminin, atau netral) juga, memberikan lebih banyak variasi pada bahasa.<\/p>\n\n\n\n<h3 class=\"wp-block-heading\" id=\"h-2-verb-conjugation-and-tenses\">2. Konjugasi dan tenses kata kerja<\/h3>\n\n\n\n<p>Kata kerja Slovakia mengubah ujungnya berdasarkan orang dan nomor (tunggal atau jamak) subjek. Misalnya, kata kerja &#8220;vidie\u0165&#8221; (melihat) bisa menjadi &#8220;vid\u00edm&#8221; (saya melihat), &#8220;vid\u00ed\u0161&#8221; (kamu melihat), &#8220;vidia&#8221; (mereka melihat), dan lainnya.<\/p>\n\n\n\n<p>Bahasa Slovakia memiliki tiga tenses utama: masa lalu, sekarang, dan masa depan. Yang menarik adalah, tidak seperti bahasa Inggris, bahasa Slovakia biasanya tidak menggunakan kata kerja bantu untuk membentuk tenses ini. Sebaliknya, mereka dibentuk dengan mengubah akhiran kata kerja. Misalnya, &#8220;Saya melihat&#8221; adalah &#8220;vid\u00edm&#8221;, &#8220;Saya melihat&#8221; adalah &#8220;videl som&#8221;, dan &#8220;Saya akan melihat&#8221; adalah &#8220;uvid\u00edm&#8221;.<\/p>\n\n\n\n<h3 class=\"wp-block-heading\" id=\"h-3-sentence-structure-and-word-order\">3. Struktur kalimat dan urutan kata<\/h3>\n\n\n\n<p>Bahasa Slovakia memiliki urutan kata yang relatif fleksibel, berkat kasus kata benda dan sistem konjugasi kata kerja. Artinya, tidak seperti bahasa Inggris, Anda dapat menempatkan kata di posisi yang berbeda dalam kalimat tanpa mengubah artinya &#8211; misalnya, &#8220;chlapec vid\u00ed psa&#8221; (anak laki-laki melihat anjing) juga bisa menjadi &#8220;psa vid\u00ed chlapec&#8221; dan masih memiliki arti yang sama.<\/p>\n\n\n\n<p>Konon, urutan kata yang paling umum dalam bahasa Slovakia adalah subjek-kata kerja-objek atau SVO. Ini mirip dengan bahasa Inggris, dan merupakan titik awal yang baik bagi para pelajar. Ketika Anda menjadi lebih nyaman dengan bahasa, Anda dapat bereksperimen dengan urutan kata yang berbeda untuk menambahkan penekanan atau nuansa pada kalimat Anda.<\/p>\n\n\n\n<h3 class=\"wp-block-heading\" id=\"h-4-adjectives-and-adverbs\">4. Kata sifat dan kata keterangan<\/h3>\n\n\n\n<p>Sama seperti dalam banyak bahasa lain, kata sifat dan kata keterangan dalam bahasa Slovakia digunakan untuk menggambarkan kata benda dan kata kerja. Namun, mereka juga datang dengan perjanjian kasus dan aturan perjanjian gender mereka sendiri, yang dapat membuat segalanya sedikit lebih rumit. Untungnya, setelah Anda menguasai kasus kata benda dan konjugasi kata kerja, aturan-aturan ini akan datang lebih alami.<\/p>\n\n\n\n<p>Jadi, apakah Anda siap untuk menangani tata bahasa Slovakia? Dengan pola pikir dan sumber daya yang benar, <a href=\"https:\/\/talkpal.ai\/learn-slovak\/\">belajar bahasa Slovakia<\/a> adalah pengalaman berharga yang dapat membuka pintu ke budaya yang kaya dan negara yang indah. Ambil langkah demi langkah, berlatihlah secara teratur, dan jangan takut untuk membuat kesalahan &#8211; begitulah cara kita semua belajar. Ve\u013ea \u0161\u0165astia! (Semoga berhasil!)<\/p>\n<\/div><\/div>\n\r\n<section class=\"learnNavigationSection\">\r\n            \r\n        <a href=\"https:\/\/talkpal.ai\/id\/belajar-bahasa-slowakia\/\">\r\n            <div class=\"learnNavigationWrapper\">\r\n                <div class=\"learnNavigationContent\">\r\n                    <img decoding=\"async\" src=\"https:\/\/talkpal.ai\/wp-content\/uploads\/2024\/08\/Slovak.jpg\" alt=\"Slovak Flag\">\r\n                    <div>\r\n                        <h4>Tentang Pembelajaran Bahasa Slowakia<\/h4>\r\n                        <p>Cari tahu semua tentang tata bahasa Slovakia.<\/p>\r\n                    <\/div>\r\n                <\/div>\r\n            <\/div>\r\n        <\/a>\r\n\r\n        \r\n        <a href=\"https:\/\/talkpal.ai\/id\/latihan-tata-bahasa-slovakia\/\">\r\n            <div class=\"learnNavigationWrapper\">\r\n                <div class=\"learnNavigationContent\">\r\n                    <img decoding=\"async\" src=\"https:\/\/talkpal.ai\/wp-content\/uploads\/2024\/08\/Slovak.jpg\" alt=\"Slovak Flag\">\r\n                    <div>\r\n                        <h4>Latihan Tata Bahasa Slowakia<\/h4>\r\n                        <p>Berlatih tata bahasa Slovakia.<\/p>\r\n                    <\/div>\r\n                <\/div>\r\n            <\/div>\r\n        <\/a>\r\n\r\n        \r\n        <a href=\"https:\/\/talkpal.ai\/vocabulary_language\/slovak\/\">\r\n            <div class=\"learnNavigationWrapper\">\r\n                <div class=\"learnNavigationContent\">\r\n                    <img decoding=\"async\" src=\"https:\/\/talkpal.ai\/wp-content\/uploads\/2024\/08\/Slovak.jpg\" alt=\"Slovak Flag\">\r\n                    <div>\r\n                        <h4>Kosakata Bahasa Slowakia<\/h4>\r\n                        <p>Perbanyak kosakata bahasa Slowakia Anda.<\/p>\r\n                    <\/div>\r\n                <\/div>\r\n            <\/div>\r\n        <\/a>\r\n\r\n            <\/section>","protected":false},"excerpt":{"rendered":"<p>Tata Bahasa Slovakia: Kunci untuk Membuka Bahasa yang Indah Apakah Anda berencana untuk belajar bahasa Slovakia atau hanya ingin tahu tentang tata bahasanya yang unik? Anda berada di tempat yang tepat! Tata bahasa Slowakia mungkin tampak menakutkan pada pandangan pertama, tetapi jangan khawatir &#8211; sebenarnya cukup logis dan mudah dipahami. Dalam artikel ini, kami akan [&hellip;]<\/p>\n","protected":false},"author":1,"featured_media":118647,"parent":0,"menu_order":0,"comment_status":"closed","ping_status":"closed","template":"LearningContentPage.php","meta":{"_acf_changed":false,"footnotes":""},"class_list":["post-150090","page","type-page","status-publish","has-post-thumbnail","hentry"],"acf":[],"yoast_head":"<!-- This site is optimized with the Yoast SEO Premium plugin v27.2 (Yoast SEO v27.2) - https:\/\/yoast.com\/product\/yoast-seo-premium-wordpress\/ -->\n<title>Tata Bahasa Slovakia - Talkpal<\/title>\n<meta name=\"description\" content=\"Kuasai tata bahasa Slowakia dengan penjelasan yang jelas, contoh-contoh praktis, dan latihan interaktif. Tingkatkan keterampilan Anda!\" \/>\n<meta name=\"robots\" content=\"index, follow, max-snippet:-1, max-image-preview:large, max-video-preview:-1\" \/>\n<link rel=\"canonical\" href=\"https:\/\/talkpal.ai\/id\/tata-bahasa-slovakia\/\" \/>\n<meta property=\"og:locale\" content=\"id_ID\" \/>\n<meta property=\"og:type\" content=\"article\" \/>\n<meta property=\"og:title\" content=\"Tata Bahasa Slovakia\" \/>\n<meta property=\"og:description\" content=\"Tata Bahasa Slovakia: Kunci untuk Membuka Bahasa yang Indah Apakah Anda berencana untuk belajar bahasa Slovakia atau hanya ingin tahu tentang tata\" \/>\n<meta property=\"og:url\" content=\"https:\/\/talkpal.ai\/id\/tata-bahasa-slovakia\/\" \/>\n<meta property=\"og:site_name\" content=\"Talkpal\" \/>\n<meta property=\"article:publisher\" content=\"https:\/\/www.facebook.com\/profile.php?id=100090733639311\" \/>\n<meta property=\"article:modified_time\" content=\"2025-12-12T11:11:37+00:00\" \/>\n<meta property=\"og:image\" content=\"https:\/\/talkpal.ai\/wp-content\/uploads\/2023\/05\/slovakia.png\" \/>\n\t<meta property=\"og:image:width\" content=\"512\" \/>\n\t<meta property=\"og:image:height\" content=\"512\" \/>\n\t<meta property=\"og:image:type\" content=\"image\/png\" \/>\n<meta name=\"twitter:card\" content=\"summary_large_image\" \/>\n<meta name=\"twitter:site\" content=\"@talkpalai\" \/>\n<meta name=\"twitter:label1\" content=\"Estimasi waktu membaca\" \/>\n\t<meta name=\"twitter:data1\" content=\"3 menit\" \/>\n<script type=\"application\/ld+json\" class=\"yoast-schema-graph\">{\"@context\":\"https:\/\/schema.org\",\"@graph\":[{\"@type\":\"WebPage\",\"@id\":\"https:\/\/talkpal.ai\/id\/tata-bahasa-slovakia\/\",\"url\":\"https:\/\/talkpal.ai\/id\/tata-bahasa-slovakia\/\",\"name\":\"Tata Bahasa Slovakia - Talkpal\",\"isPartOf\":{\"@id\":\"https:\/\/talkpal.ai\/id\/#website\"},\"primaryImageOfPage\":{\"@id\":\"https:\/\/talkpal.ai\/id\/tata-bahasa-slovakia\/#primaryimage\"},\"image\":{\"@id\":\"https:\/\/talkpal.ai\/id\/tata-bahasa-slovakia\/#primaryimage\"},\"thumbnailUrl\":\"https:\/\/talkpal.ai\/wp-content\/uploads\/2023\/05\/slovakia.png\",\"datePublished\":\"2023-05-14T14:19:49+00:00\",\"dateModified\":\"2025-12-12T11:11:37+00:00\",\"description\":\"Kuasai tata bahasa Slowakia dengan penjelasan yang jelas, contoh-contoh praktis, dan latihan interaktif. Tingkatkan keterampilan Anda!\",\"breadcrumb\":{\"@id\":\"https:\/\/talkpal.ai\/id\/tata-bahasa-slovakia\/#breadcrumb\"},\"inLanguage\":\"id\",\"potentialAction\":[{\"@type\":\"ReadAction\",\"target\":[\"https:\/\/talkpal.ai\/id\/tata-bahasa-slovakia\/\"]}]},{\"@type\":\"ImageObject\",\"inLanguage\":\"id\",\"@id\":\"https:\/\/talkpal.ai\/id\/tata-bahasa-slovakia\/#primaryimage\",\"url\":\"https:\/\/talkpal.ai\/wp-content\/uploads\/2023\/05\/slovakia.png\",\"contentUrl\":\"https:\/\/talkpal.ai\/wp-content\/uploads\/2023\/05\/slovakia.png\",\"width\":512,\"height\":512},{\"@type\":\"BreadcrumbList\",\"@id\":\"https:\/\/talkpal.ai\/id\/tata-bahasa-slovakia\/#breadcrumb\",\"itemListElement\":[{\"@type\":\"ListItem\",\"position\":1,\"name\":\"Homepage\",\"item\":\"https:\/\/talkpal.ai\/id\/\"},{\"@type\":\"ListItem\",\"position\":2,\"name\":\"Tata Bahasa Slovakia\"}]},{\"@type\":\"WebSite\",\"@id\":\"https:\/\/talkpal.ai\/id\/#website\",\"url\":\"https:\/\/talkpal.ai\/id\/\",\"name\":\"Talkpal\",\"description\":\"AI Language Learning\",\"publisher\":{\"@id\":\"https:\/\/talkpal.ai\/id\/#organization\"},\"alternateName\":\"Talkpal AI\",\"potentialAction\":[{\"@type\":\"SearchAction\",\"target\":{\"@type\":\"EntryPoint\",\"urlTemplate\":\"https:\/\/talkpal.ai\/id\/?s={search_term_string}\"},\"query-input\":{\"@type\":\"PropertyValueSpecification\",\"valueRequired\":true,\"valueName\":\"search_term_string\"}}],\"inLanguage\":\"id\"},{\"@type\":\"Organization\",\"@id\":\"https:\/\/talkpal.ai\/id\/#organization\",\"name\":\"Talkpal, Inc.\",\"alternateName\":\"Talkpal AI\",\"url\":\"https:\/\/talkpal.ai\/id\/\",\"logo\":{\"@type\":\"ImageObject\",\"inLanguage\":\"id\",\"@id\":\"https:\/\/talkpal.ai\/id\/#\/schema\/logo\/image\/\",\"url\":\"https:\/\/talkpal.ai\/wp-content\/uploads\/2024\/03\/Talkpal-Logo-Icon.png\",\"contentUrl\":\"https:\/\/talkpal.ai\/wp-content\/uploads\/2024\/03\/Talkpal-Logo-Icon.png\",\"width\":2880,\"height\":2880,\"caption\":\"Talkpal, Inc.\"},\"image\":{\"@id\":\"https:\/\/talkpal.ai\/id\/#\/schema\/logo\/image\/\"},\"sameAs\":[\"https:\/\/www.facebook.com\/profile.php?id=100090733639311\",\"https:\/\/x.com\/talkpalai\",\"https:\/\/www.linkedin.com\/company\/talkpal\/\",\"https:\/\/www.youtube.com\/@TalkPal\/\",\"https:\/\/www.tiktok.com\/@talkpal\",\"https:\/\/www.instagram.com\/talkpal_ai\/\",\"https:\/\/www.crunchbase.com\/organization\/talkpal-9cde\",\"https:\/\/www.g2.com\/products\/talkpal-for-business\/\",\"https:\/\/www.trustpilot.com\/review\/talkpal.ai\",\"https:\/\/www.capterra.com\/p\/10006800\/TalkPal\/\"],\"description\":\"Talkpal is a language learning web and mobile education app, powered by the latest AI technologies, that provides engaging experiences to its customers in many different languages to help them improve their language skills. Users can chat about unlimited amount of topics with the app and use other modes to practice their language learning.\",\"email\":\"support@talkpal.ai\",\"legalName\":\"Talkpal, Inc.\",\"foundingDate\":\"2023-04-03\",\"duns\":\"118989042\",\"numberOfEmployees\":{\"@type\":\"QuantitativeValue\",\"minValue\":\"11\",\"maxValue\":\"50\"},\"publishingPrinciples\":\"https:\/\/talkpal.ai\/publishing-principles\/\",\"actionableFeedbackPolicy\":\"https:\/\/talkpal.ai\/actionable-feedback-policy\/\",\"correctionsPolicy\":\"https:\/\/talkpal.ai\/corrections-policy\/\",\"ethicsPolicy\":\"https:\/\/talkpal.ai\/ethics-policy\/\",\"diversityPolicy\":\"https:\/\/talkpal.ai\/diversity-policy\/\",\"diversityStaffingReport\":\"https:\/\/talkpal.ai\/diversity-policy\/\"}]}<\/script>\n<!-- \/ Yoast SEO Premium plugin. -->","yoast_head_json":{"title":"Tata Bahasa Slovakia - Talkpal","description":"Kuasai tata bahasa Slowakia dengan penjelasan yang jelas, contoh-contoh praktis, dan latihan interaktif. Tingkatkan keterampilan Anda!","robots":{"index":"index","follow":"follow","max-snippet":"max-snippet:-1","max-image-preview":"max-image-preview:large","max-video-preview":"max-video-preview:-1"},"canonical":"https:\/\/talkpal.ai\/id\/tata-bahasa-slovakia\/","og_locale":"id_ID","og_type":"article","og_title":"Tata Bahasa Slovakia","og_description":"Tata Bahasa Slovakia: Kunci untuk Membuka Bahasa yang Indah Apakah Anda berencana untuk belajar bahasa Slovakia atau hanya ingin tahu tentang tata","og_url":"https:\/\/talkpal.ai\/id\/tata-bahasa-slovakia\/","og_site_name":"Talkpal","article_publisher":"https:\/\/www.facebook.com\/profile.php?id=100090733639311","article_modified_time":"2025-12-12T11:11:37+00:00","og_image":[{"width":512,"height":512,"url":"https:\/\/talkpal.ai\/wp-content\/uploads\/2023\/05\/slovakia.png","type":"image\/png"}],"twitter_card":"summary_large_image","twitter_site":"@talkpalai","twitter_misc":{"Estimasi waktu membaca":"3 menit"},"schema":{"@context":"https:\/\/schema.org","@graph":[{"@type":"WebPage","@id":"https:\/\/talkpal.ai\/id\/tata-bahasa-slovakia\/","url":"https:\/\/talkpal.ai\/id\/tata-bahasa-slovakia\/","name":"Tata Bahasa Slovakia - Talkpal","isPartOf":{"@id":"https:\/\/talkpal.ai\/id\/#website"},"primaryImageOfPage":{"@id":"https:\/\/talkpal.ai\/id\/tata-bahasa-slovakia\/#primaryimage"},"image":{"@id":"https:\/\/talkpal.ai\/id\/tata-bahasa-slovakia\/#primaryimage"},"thumbnailUrl":"https:\/\/talkpal.ai\/wp-content\/uploads\/2023\/05\/slovakia.png","datePublished":"2023-05-14T14:19:49+00:00","dateModified":"2025-12-12T11:11:37+00:00","description":"Kuasai tata bahasa Slowakia dengan penjelasan yang jelas, contoh-contoh praktis, dan latihan interaktif. Tingkatkan keterampilan Anda!","breadcrumb":{"@id":"https:\/\/talkpal.ai\/id\/tata-bahasa-slovakia\/#breadcrumb"},"inLanguage":"id","potentialAction":[{"@type":"ReadAction","target":["https:\/\/talkpal.ai\/id\/tata-bahasa-slovakia\/"]}]},{"@type":"ImageObject","inLanguage":"id","@id":"https:\/\/talkpal.ai\/id\/tata-bahasa-slovakia\/#primaryimage","url":"https:\/\/talkpal.ai\/wp-content\/uploads\/2023\/05\/slovakia.png","contentUrl":"https:\/\/talkpal.ai\/wp-content\/uploads\/2023\/05\/slovakia.png","width":512,"height":512},{"@type":"BreadcrumbList","@id":"https:\/\/talkpal.ai\/id\/tata-bahasa-slovakia\/#breadcrumb","itemListElement":[{"@type":"ListItem","position":1,"name":"Homepage","item":"https:\/\/talkpal.ai\/id\/"},{"@type":"ListItem","position":2,"name":"Tata Bahasa Slovakia"}]},{"@type":"WebSite","@id":"https:\/\/talkpal.ai\/id\/#website","url":"https:\/\/talkpal.ai\/id\/","name":"Talkpal","description":"AI Language Learning","publisher":{"@id":"https:\/\/talkpal.ai\/id\/#organization"},"alternateName":"Talkpal AI","potentialAction":[{"@type":"SearchAction","target":{"@type":"EntryPoint","urlTemplate":"https:\/\/talkpal.ai\/id\/?s={search_term_string}"},"query-input":{"@type":"PropertyValueSpecification","valueRequired":true,"valueName":"search_term_string"}}],"inLanguage":"id"},{"@type":"Organization","@id":"https:\/\/talkpal.ai\/id\/#organization","name":"Talkpal, Inc.","alternateName":"Talkpal AI","url":"https:\/\/talkpal.ai\/id\/","logo":{"@type":"ImageObject","inLanguage":"id","@id":"https:\/\/talkpal.ai\/id\/#\/schema\/logo\/image\/","url":"https:\/\/talkpal.ai\/wp-content\/uploads\/2024\/03\/Talkpal-Logo-Icon.png","contentUrl":"https:\/\/talkpal.ai\/wp-content\/uploads\/2024\/03\/Talkpal-Logo-Icon.png","width":2880,"height":2880,"caption":"Talkpal, Inc."},"image":{"@id":"https:\/\/talkpal.ai\/id\/#\/schema\/logo\/image\/"},"sameAs":["https:\/\/www.facebook.com\/profile.php?id=100090733639311","https:\/\/x.com\/talkpalai","https:\/\/www.linkedin.com\/company\/talkpal\/","https:\/\/www.youtube.com\/@TalkPal\/","https:\/\/www.tiktok.com\/@talkpal","https:\/\/www.instagram.com\/talkpal_ai\/","https:\/\/www.crunchbase.com\/organization\/talkpal-9cde","https:\/\/www.g2.com\/products\/talkpal-for-business\/","https:\/\/www.trustpilot.com\/review\/talkpal.ai","https:\/\/www.capterra.com\/p\/10006800\/TalkPal\/"],"description":"Talkpal is a language learning web and mobile education app, powered by the latest AI technologies, that provides engaging experiences to its customers in many different languages to help them improve their language skills. Users can chat about unlimited amount of topics with the app and use other modes to practice their language learning.","email":"support@talkpal.ai","legalName":"Talkpal, Inc.","foundingDate":"2023-04-03","duns":"118989042","numberOfEmployees":{"@type":"QuantitativeValue","minValue":"11","maxValue":"50"},"publishingPrinciples":"https:\/\/talkpal.ai\/publishing-principles\/","actionableFeedbackPolicy":"https:\/\/talkpal.ai\/actionable-feedback-policy\/","correctionsPolicy":"https:\/\/talkpal.ai\/corrections-policy\/","ethicsPolicy":"https:\/\/talkpal.ai\/ethics-policy\/","diversityPolicy":"https:\/\/talkpal.ai\/diversity-policy\/","diversityStaffingReport":"https:\/\/talkpal.ai\/diversity-policy\/"}]}},"_links":{"self":[{"href":"https:\/\/talkpal.ai\/id\/wp-json\/wp\/v2\/pages\/150090","targetHints":{"allow":["GET"]}}],"collection":[{"href":"https:\/\/talkpal.ai\/id\/wp-json\/wp\/v2\/pages"}],"about":[{"href":"https:\/\/talkpal.ai\/id\/wp-json\/wp\/v2\/types\/page"}],"author":[{"embeddable":true,"href":"https:\/\/talkpal.ai\/id\/wp-json\/wp\/v2\/users\/1"}],"replies":[{"embeddable":true,"href":"https:\/\/talkpal.ai\/id\/wp-json\/wp\/v2\/comments?post=150090"}],"version-history":[{"count":0,"href":"https:\/\/talkpal.ai\/id\/wp-json\/wp\/v2\/pages\/150090\/revisions"}],"wp:featuredmedia":[{"embeddable":true,"href":"https:\/\/talkpal.ai\/id\/wp-json\/wp\/v2\/media\/118647"}],"wp:attachment":[{"href":"https:\/\/talkpal.ai\/id\/wp-json\/wp\/v2\/media?parent=150090"}],"curies":[{"name":"wp","href":"https:\/\/api.w.org\/{rel}","templated":true}]}}