{"id":147965,"date":"2023-05-14T14:12:25","date_gmt":"2023-05-14T14:12:25","guid":{"rendered":"http:\/\/talkpal.ai\/tata-bahasa-maori\/"},"modified":"2025-12-17T16:44:29","modified_gmt":"2025-12-17T16:44:29","slug":"tata-bahasa-maori","status":"publish","type":"page","link":"https:\/\/talkpal.ai\/id\/tata-bahasa-maori\/","title":{"rendered":"Tata Bahasa Maori"},"content":{"rendered":"\r\n\r\n\r\n<section class=\"languageChallengeSection\">\r\n    <div class=\"languageInfoWrapper\">\r\n        \r\n        <h1>Tata Bahasa Maori<\/h1>\r\n        <p>Tertarik untuk belajar bahasa M\u0101ori? Pelajari <a href=\"https:\/\/talkpal.ai\/id\/latihan-tata-bahasa-malta\/\">tata bahasa<\/a> M\u0101ori, yang dikenal dengan kesederhanaannya, penggunaan artikel, dan peran penting partikel untuk membentuk makna. Mulailah hari ini-menguasai tata bahasa M\u0101ori akan membantu Anda terhubung lebih dalam dengan warisan bahasa yang kaya dan budaya Aotearoa Selandia Baru yang semarak!<\/p>\r\n\r\n                            <a class=\"getStartedHidden\" href=\"https:\/\/app.talkpal.ai\/id\/signup?lng=\">Mulai<\/a>\r\n        \r\n    <\/div>\r\n\r\n    <figure>\r\n    <img decoding=\"async\" width=\"768\" height=\"768\" src=\"https:\/\/talkpal.ai\/wp-content\/uploads\/2023\/06\/maori-768x768.png\" class=\"languageImage no-lazy\" alt=\"Language learning for social and professional settings\" fetchpriority=\"high\" sizes=\"(max-width: 768px) 150px, 768px\" srcset=\"https:\/\/talkpal.ai\/wp-content\/uploads\/2023\/06\/maori-768x768.png 768w, https:\/\/talkpal.ai\/wp-content\/uploads\/2023\/06\/maori-300x300.png 300w\" \/>\r\n    \r\n\r\n    <\/figure>\r\n\r\n            <a class=\"getStartedVisible\" href=\"https:\/\/app.talkpal.ai\/id\/signup?lng=\">Mulai<\/a>\r\n    \r\n<\/section>\r\n<section class=\"promotionalBanner\">\r\n    <p class=\"promotionalText\">Cara paling efisien untuk belajar bahasa<\/p>\r\n    <a class=\"promotionalLink\" href=\"https:\/\/app.talkpal.ai\/id\/signup?lng=\">Coba Talkpal gratis<\/a>\r\n<\/section>\n<div class=\"wp-block-group pageContainerStyle\"><div class=\"wp-block-group__inner-container is-layout-constrained wp-block-group-is-layout-constrained\">\n<h2 class=\"wp-block-heading\" id=\"h-maori-grammar-your-ticket-to-a-vibrant-bicultural-world\">Tata Bahasa Maori: Tiket Anda ke Dunia Bikultural yang Semarak<\/h2>\n\n\n\n<p><a href=\"https:\/\/talkpal.ai\/culture\/how-do-you-say-lets-go-in-maori\/\">Kia ora<\/a>! <a href=\"https:\/\/talkpal.ai\/culture\/how-do-you-say-welcome-in-malay\/\">Selamat datang<\/a> di dunia indah bahasa <a href=\"https:\/\/talkpal.ai\/learn-maori\/\">Maori<\/a>. Sebagai bahasa asli Selandia Baru, Maori atau te reo Maori menawarkan Anda kesempatan unik untuk terhubung dengan budaya kuno dan komunitas penuturnya yang dinamis. Seperti bahasa apa pun, <a href=\"https:\/\/talkpal.ai\/maori-grammar\/\">tata bahasa Maori<\/a> dapat terlihat menantang, tetapi jangan khawatir! Panduan ramah pemula ini akan menyederhanakan komponen inti <a href=\"https:\/\/talkpal.ai\/maori-grammar\/\">tata bahasa Maori<\/a> untuk perjalanan yang menarik secara visual dan informatif.<\/p>\n\n\n\n<h3 class=\"wp-block-heading\" id=\"h-1-starting-with-the-basics-maori-alphabet-and-pronunciation\">1. Dimulai dengan Dasar-Dasar: Alfabet dan Pengucapan Maori<\/h3>\n\n\n\n<p>Maori menggunakan aksara Latin yang dimodifikasi, yang hanya terdiri dari 15 huruf: <a href=\"https:\/\/talkpal.ai\/locations\/language-courses-in-lima\/\">lima<\/a> vokal (a, e, i, o, dan u) dan sepuluh konsonan (h, k, m, n, p, r, t, w, ng, dan wh). Biasakan diri Anda dengan huruf-huruf ini dan pengucapannya yang berbeda, karena mereka meletakkan dasar bagi semua pembelajaran tata bahasa Maori berikutnya.<\/p>\n\n\n\n<h3 class=\"wp-block-heading\" id=\"h-2-exploring-maori-sentence-structure\">2. Menjelajahi Struktur Kalimat Maori<\/h3>\n\n\n\n<p>Pada intinya, tata bahasa Maori mengikuti struktur subjek-kata kerja sederhana (-objek), dengan kata kerja biasanya mendahului subjek. Cara paling jelas untuk memahami struktur ini adalah dengan melihatnya beraksi:<\/p>\n\n\n\n<p><strong>Bahasa Inggris: Anak sedang bermain.<\/strong><\/p>\n\n\n\n<p><strong>Maori: Kei te t\u0101karo te tamaiti.<\/strong><\/p>\n\n\n\n<p>Dalam bahasa Maori, bentuk kata kerja ditunjukkan melalui kombinasi partikel atau dengan menambahkan indikator waktu pada kalimat.<\/p>\n\n\n\n<h3 class=\"wp-block-heading\" id=\"h-3-demystifying-particles-building-blocks-of-maori-grammar\">3. Partikel Demistifikasi: Blok Bangunan Tata Bahasa Maori<\/h3>\n\n\n\n<p>Partikel memainkan peran penting dalam tata bahasa Maori, menghubungkan kata dan frasa bersama untuk menciptakan kalimat yang koheren dan ekspresif. Sebagai pemula, fokuslah untuk memahami beberapa partikel penting:<\/p>\n\n\n\n<p><strong>&#8211; Kia: digunakan untuk perintah, keinginan, dan untuk menunjukkan tujuan suatu tindakan.<\/strong><\/p>\n\n\n\n<p><strong>&#8211; Kei: digunakan untuk membentuk bentuk lampau.<\/strong><\/p>\n\n\n\n<p><strong>&#8211; Ko: digunakan untuk menandakan subjek kalimat.<\/strong><\/p>\n\n\n\n<h3 class=\"wp-block-heading\" id=\"h-4-getting-to-know-maori-pronouns\">4. Mengenal Kata Ganti Maori<\/h3>\n\n\n\n<p>Kata ganti dalam bahasa Maori menggantikan kata benda dan membantu menjaga percakapan Anda tetap alami dan lancar. Sebagai pemula, berkonsentrasilah untuk memahami kata ganti pribadi dan posesif:<\/p>\n\n\n\n<p>Kata ganti pribadi: ahau (saya), koe (Anda, tunggal), ia (dia), t\u0101ua (kami, termasuk orang yang diajak bicara), m\u0101ua (kami, tidak termasuk orang yang diajak bicara), koutou (Anda, jamak), r\u0101tau (mereka)<\/p>\n\n\n\n<p>Kata ganti posesif: taku\/t\u014dku (saya), t\u014du (Anda, tunggal), t\u014dna (nya), t\u014d t\u0101ua (kami, termasuk pembicara dan pendengar), t\u014d m\u0101ua (kami, pembicara dan orang lain), t\u014d koutou (Anda, jamak), t\u014d r\u0101tau (mereka)<\/p>\n\n\n\n<h3 class=\"wp-block-heading\" id=\"h-5-navigating-maori-nouns-and-adjectives\">5. Menavigasi Kata Benda dan Kata Sifat Maori<\/h3>\n\n\n\n<p>Kata benda dan kata sifat Maori mengikuti aturan tata bahasa sederhana, sehingga mudah dipahami oleh pemula. Kata sifat biasanya mengikuti kata benda yang dijelaskannya, dan kata benda jamak cukup dengan menambahkan partikel &#8220;ng\u0101&#8221; sebelum kata benda. Misalnya:<\/p>\n\n\n\n<p><strong>Te whare nui &#8211; &#8220;rumah besar&#8221;<\/strong><\/p>\n\n\n\n<p><strong>Ng\u0101 tamariki &#8211; &#8220;anak-anak&#8221;<\/strong><\/p>\n\n\n\n<p>Di sana Anda memilikinya! Anda telah mengambil langkah pertama untuk menguasai tata bahasa Maori dan memperkaya perjalanan Anda dengan bahasa dan budaya Maori. Ingatlah bahwa latihan, ketekunan, dan pencelupan sangat penting untuk kesuksesan, jadi terlibatlah dengan penutur asli, jelajahi teks Maori, dan perkuat fondasi bahasa Anda. Kia kaha! (Menjadi kuat!)<\/p>\n<\/div><\/div>\n\r\n<section class=\"learnNavigationSection\">\r\n            \r\n        <a href=\"https:\/\/talkpal.ai\/id\/belajar-bahasa-maori\/\">\r\n            <div class=\"learnNavigationWrapper\">\r\n                <div class=\"learnNavigationContent\">\r\n                    <img decoding=\"async\" src=\"https:\/\/talkpal.ai\/wp-content\/uploads\/2024\/08\/Maori.jpg\" alt=\"New Zealand Flag\">\r\n                    <div>\r\n                        <h4>Pelajaran Tata Bahasa Maori<\/h4>\r\n                        <p>Cari tahu semua tentang tata bahasa Maori.<\/p>\r\n                    <\/div>\r\n                <\/div>\r\n            <\/div>\r\n        <\/a>\r\n\r\n        \r\n        <a href=\"https:\/\/talkpal.ai\/id\/latihan-tata-bahasa-maori\/\">\r\n            <div class=\"learnNavigationWrapper\">\r\n                <div class=\"learnNavigationContent\">\r\n                    <img decoding=\"async\" src=\"https:\/\/talkpal.ai\/wp-content\/uploads\/2024\/08\/Maori.jpg\" alt=\"New Zealand Flag\">\r\n                    <div>\r\n                        <h4>Latihan Tata Bahasa Maori<\/h4>\r\n                        <p>Berlatih tata bahasa Maori.<\/p>\r\n                    <\/div>\r\n                <\/div>\r\n            <\/div>\r\n        <\/a>\r\n\r\n        \r\n        <a href=\"https:\/\/talkpal.ai\/vocabulary_language\/maori\/\">\r\n            <div class=\"learnNavigationWrapper\">\r\n                <div class=\"learnNavigationContent\">\r\n                    <img decoding=\"async\" src=\"https:\/\/talkpal.ai\/wp-content\/uploads\/2024\/08\/Maori.jpg\" alt=\"New Zealand Flag\">\r\n                    <div>\r\n                        <h4>Kosakata Bahasa Maori<\/h4>\r\n                        <p>Perluas kosakata bahasa Maori Anda.<\/p>\r\n                    <\/div>\r\n                <\/div>\r\n            <\/div>\r\n        <\/a>\r\n\r\n            <\/section>","protected":false},"excerpt":{"rendered":"<p>Tata Bahasa Maori: Tiket Anda ke Dunia Bikultural yang Semarak Kia ora! Selamat datang di dunia indah bahasa Maori. Sebagai bahasa asli Selandia Baru, Maori atau te reo Maori menawarkan Anda kesempatan unik untuk terhubung dengan budaya kuno dan komunitas penuturnya yang dinamis. Seperti bahasa apa pun, tata bahasa Maori dapat terlihat menantang, tetapi jangan [&hellip;]<\/p>\n","protected":false},"author":1,"featured_media":116583,"parent":0,"menu_order":0,"comment_status":"closed","ping_status":"closed","template":"LearningContentPage.php","meta":{"_acf_changed":false,"footnotes":""},"class_list":["post-147965","page","type-page","status-publish","has-post-thumbnail","hentry"],"acf":[],"yoast_head":"<!-- This site is optimized with the Yoast SEO Premium plugin v27.2 (Yoast SEO v27.2) - https:\/\/yoast.com\/product\/yoast-seo-premium-wordpress\/ -->\n<title>Tata Bahasa Maori - Talkpal<\/title>\n<meta name=\"description\" content=\"Jelajahi dasar-dasar tata bahasa Maori dengan panduan kami yang ramah bagi pemula. Temukan 15 huruf dan aturan penting te reo Maori.\" \/>\n<meta name=\"robots\" content=\"index, follow, max-snippet:-1, max-image-preview:large, max-video-preview:-1\" \/>\n<link rel=\"canonical\" href=\"https:\/\/talkpal.ai\/id\/tata-bahasa-maori\/\" \/>\n<meta property=\"og:locale\" content=\"id_ID\" \/>\n<meta property=\"og:type\" content=\"article\" \/>\n<meta property=\"og:title\" content=\"Tata Bahasa Maori\" \/>\n<meta property=\"og:description\" content=\"Tata Bahasa Maori: Tiket Anda ke Dunia Bikultural yang Semarak Kia ora! Selamat datang di dunia indah bahasa Maori. Sebagai bahasa asli Selandia Baru,\" \/>\n<meta property=\"og:url\" content=\"https:\/\/talkpal.ai\/id\/tata-bahasa-maori\/\" \/>\n<meta property=\"og:site_name\" content=\"Talkpal\" \/>\n<meta property=\"article:publisher\" content=\"https:\/\/www.facebook.com\/profile.php?id=100090733639311\" \/>\n<meta property=\"article:modified_time\" content=\"2025-12-17T16:44:29+00:00\" \/>\n<meta property=\"og:image\" content=\"https:\/\/talkpal.ai\/wp-content\/uploads\/2023\/05\/Maori-new-zealand.png\" \/>\n\t<meta property=\"og:image:width\" content=\"512\" \/>\n\t<meta property=\"og:image:height\" content=\"512\" \/>\n\t<meta property=\"og:image:type\" content=\"image\/png\" \/>\n<meta name=\"twitter:card\" content=\"summary_large_image\" \/>\n<meta name=\"twitter:site\" content=\"@talkpalai\" \/>\n<meta name=\"twitter:label1\" content=\"Estimasi waktu membaca\" \/>\n\t<meta name=\"twitter:data1\" content=\"2 menit\" \/>\n<script type=\"application\/ld+json\" class=\"yoast-schema-graph\">{\"@context\":\"https:\/\/schema.org\",\"@graph\":[{\"@type\":\"WebPage\",\"@id\":\"https:\/\/talkpal.ai\/id\/tata-bahasa-maori\/\",\"url\":\"https:\/\/talkpal.ai\/id\/tata-bahasa-maori\/\",\"name\":\"Tata Bahasa Maori - Talkpal\",\"isPartOf\":{\"@id\":\"https:\/\/talkpal.ai\/id\/#website\"},\"primaryImageOfPage\":{\"@id\":\"https:\/\/talkpal.ai\/id\/tata-bahasa-maori\/#primaryimage\"},\"image\":{\"@id\":\"https:\/\/talkpal.ai\/id\/tata-bahasa-maori\/#primaryimage\"},\"thumbnailUrl\":\"https:\/\/talkpal.ai\/wp-content\/uploads\/2023\/05\/Maori-new-zealand.png\",\"datePublished\":\"2023-05-14T14:12:25+00:00\",\"dateModified\":\"2025-12-17T16:44:29+00:00\",\"description\":\"Jelajahi dasar-dasar tata bahasa Maori dengan panduan kami yang ramah bagi pemula. Temukan 15 huruf dan aturan penting te reo Maori.\",\"breadcrumb\":{\"@id\":\"https:\/\/talkpal.ai\/id\/tata-bahasa-maori\/#breadcrumb\"},\"inLanguage\":\"id\",\"potentialAction\":[{\"@type\":\"ReadAction\",\"target\":[\"https:\/\/talkpal.ai\/id\/tata-bahasa-maori\/\"]}]},{\"@type\":\"ImageObject\",\"inLanguage\":\"id\",\"@id\":\"https:\/\/talkpal.ai\/id\/tata-bahasa-maori\/#primaryimage\",\"url\":\"https:\/\/talkpal.ai\/wp-content\/uploads\/2023\/05\/Maori-new-zealand.png\",\"contentUrl\":\"https:\/\/talkpal.ai\/wp-content\/uploads\/2023\/05\/Maori-new-zealand.png\",\"width\":512,\"height\":512},{\"@type\":\"BreadcrumbList\",\"@id\":\"https:\/\/talkpal.ai\/id\/tata-bahasa-maori\/#breadcrumb\",\"itemListElement\":[{\"@type\":\"ListItem\",\"position\":1,\"name\":\"Homepage\",\"item\":\"https:\/\/talkpal.ai\/id\/\"},{\"@type\":\"ListItem\",\"position\":2,\"name\":\"Tata Bahasa Maori\"}]},{\"@type\":\"WebSite\",\"@id\":\"https:\/\/talkpal.ai\/id\/#website\",\"url\":\"https:\/\/talkpal.ai\/id\/\",\"name\":\"Talkpal\",\"description\":\"AI Language Learning\",\"publisher\":{\"@id\":\"https:\/\/talkpal.ai\/id\/#organization\"},\"alternateName\":\"Talkpal AI\",\"potentialAction\":[{\"@type\":\"SearchAction\",\"target\":{\"@type\":\"EntryPoint\",\"urlTemplate\":\"https:\/\/talkpal.ai\/id\/?s={search_term_string}\"},\"query-input\":{\"@type\":\"PropertyValueSpecification\",\"valueRequired\":true,\"valueName\":\"search_term_string\"}}],\"inLanguage\":\"id\"},{\"@type\":\"Organization\",\"@id\":\"https:\/\/talkpal.ai\/id\/#organization\",\"name\":\"Talkpal, Inc.\",\"alternateName\":\"Talkpal AI\",\"url\":\"https:\/\/talkpal.ai\/id\/\",\"logo\":{\"@type\":\"ImageObject\",\"inLanguage\":\"id\",\"@id\":\"https:\/\/talkpal.ai\/id\/#\/schema\/logo\/image\/\",\"url\":\"https:\/\/talkpal.ai\/wp-content\/uploads\/2024\/03\/Talkpal-Logo-Icon.png\",\"contentUrl\":\"https:\/\/talkpal.ai\/wp-content\/uploads\/2024\/03\/Talkpal-Logo-Icon.png\",\"width\":2880,\"height\":2880,\"caption\":\"Talkpal, Inc.\"},\"image\":{\"@id\":\"https:\/\/talkpal.ai\/id\/#\/schema\/logo\/image\/\"},\"sameAs\":[\"https:\/\/www.facebook.com\/profile.php?id=100090733639311\",\"https:\/\/x.com\/talkpalai\",\"https:\/\/www.linkedin.com\/company\/talkpal\/\",\"https:\/\/www.youtube.com\/@TalkPal\/\",\"https:\/\/www.tiktok.com\/@talkpal\",\"https:\/\/www.instagram.com\/talkpal_ai\/\",\"https:\/\/www.crunchbase.com\/organization\/talkpal-9cde\",\"https:\/\/www.g2.com\/products\/talkpal-for-business\/\",\"https:\/\/www.trustpilot.com\/review\/talkpal.ai\",\"https:\/\/www.capterra.com\/p\/10006800\/TalkPal\/\"],\"description\":\"Talkpal is a language learning web and mobile education app, powered by the latest AI technologies, that provides engaging experiences to its customers in many different languages to help them improve their language skills. Users can chat about unlimited amount of topics with the app and use other modes to practice their language learning.\",\"email\":\"support@talkpal.ai\",\"legalName\":\"Talkpal, Inc.\",\"foundingDate\":\"2023-04-03\",\"duns\":\"118989042\",\"numberOfEmployees\":{\"@type\":\"QuantitativeValue\",\"minValue\":\"11\",\"maxValue\":\"50\"},\"publishingPrinciples\":\"https:\/\/talkpal.ai\/publishing-principles\/\",\"actionableFeedbackPolicy\":\"https:\/\/talkpal.ai\/actionable-feedback-policy\/\",\"correctionsPolicy\":\"https:\/\/talkpal.ai\/corrections-policy\/\",\"ethicsPolicy\":\"https:\/\/talkpal.ai\/ethics-policy\/\",\"diversityPolicy\":\"https:\/\/talkpal.ai\/diversity-policy\/\",\"diversityStaffingReport\":\"https:\/\/talkpal.ai\/diversity-policy\/\"}]}<\/script>\n<!-- \/ Yoast SEO Premium plugin. -->","yoast_head_json":{"title":"Tata Bahasa Maori - Talkpal","description":"Jelajahi dasar-dasar tata bahasa Maori dengan panduan kami yang ramah bagi pemula. Temukan 15 huruf dan aturan penting te reo Maori.","robots":{"index":"index","follow":"follow","max-snippet":"max-snippet:-1","max-image-preview":"max-image-preview:large","max-video-preview":"max-video-preview:-1"},"canonical":"https:\/\/talkpal.ai\/id\/tata-bahasa-maori\/","og_locale":"id_ID","og_type":"article","og_title":"Tata Bahasa Maori","og_description":"Tata Bahasa Maori: Tiket Anda ke Dunia Bikultural yang Semarak Kia ora! Selamat datang di dunia indah bahasa Maori. Sebagai bahasa asli Selandia Baru,","og_url":"https:\/\/talkpal.ai\/id\/tata-bahasa-maori\/","og_site_name":"Talkpal","article_publisher":"https:\/\/www.facebook.com\/profile.php?id=100090733639311","article_modified_time":"2025-12-17T16:44:29+00:00","og_image":[{"width":512,"height":512,"url":"https:\/\/talkpal.ai\/wp-content\/uploads\/2023\/05\/Maori-new-zealand.png","type":"image\/png"}],"twitter_card":"summary_large_image","twitter_site":"@talkpalai","twitter_misc":{"Estimasi waktu membaca":"2 menit"},"schema":{"@context":"https:\/\/schema.org","@graph":[{"@type":"WebPage","@id":"https:\/\/talkpal.ai\/id\/tata-bahasa-maori\/","url":"https:\/\/talkpal.ai\/id\/tata-bahasa-maori\/","name":"Tata Bahasa Maori - Talkpal","isPartOf":{"@id":"https:\/\/talkpal.ai\/id\/#website"},"primaryImageOfPage":{"@id":"https:\/\/talkpal.ai\/id\/tata-bahasa-maori\/#primaryimage"},"image":{"@id":"https:\/\/talkpal.ai\/id\/tata-bahasa-maori\/#primaryimage"},"thumbnailUrl":"https:\/\/talkpal.ai\/wp-content\/uploads\/2023\/05\/Maori-new-zealand.png","datePublished":"2023-05-14T14:12:25+00:00","dateModified":"2025-12-17T16:44:29+00:00","description":"Jelajahi dasar-dasar tata bahasa Maori dengan panduan kami yang ramah bagi pemula. Temukan 15 huruf dan aturan penting te reo Maori.","breadcrumb":{"@id":"https:\/\/talkpal.ai\/id\/tata-bahasa-maori\/#breadcrumb"},"inLanguage":"id","potentialAction":[{"@type":"ReadAction","target":["https:\/\/talkpal.ai\/id\/tata-bahasa-maori\/"]}]},{"@type":"ImageObject","inLanguage":"id","@id":"https:\/\/talkpal.ai\/id\/tata-bahasa-maori\/#primaryimage","url":"https:\/\/talkpal.ai\/wp-content\/uploads\/2023\/05\/Maori-new-zealand.png","contentUrl":"https:\/\/talkpal.ai\/wp-content\/uploads\/2023\/05\/Maori-new-zealand.png","width":512,"height":512},{"@type":"BreadcrumbList","@id":"https:\/\/talkpal.ai\/id\/tata-bahasa-maori\/#breadcrumb","itemListElement":[{"@type":"ListItem","position":1,"name":"Homepage","item":"https:\/\/talkpal.ai\/id\/"},{"@type":"ListItem","position":2,"name":"Tata Bahasa Maori"}]},{"@type":"WebSite","@id":"https:\/\/talkpal.ai\/id\/#website","url":"https:\/\/talkpal.ai\/id\/","name":"Talkpal","description":"AI Language Learning","publisher":{"@id":"https:\/\/talkpal.ai\/id\/#organization"},"alternateName":"Talkpal AI","potentialAction":[{"@type":"SearchAction","target":{"@type":"EntryPoint","urlTemplate":"https:\/\/talkpal.ai\/id\/?s={search_term_string}"},"query-input":{"@type":"PropertyValueSpecification","valueRequired":true,"valueName":"search_term_string"}}],"inLanguage":"id"},{"@type":"Organization","@id":"https:\/\/talkpal.ai\/id\/#organization","name":"Talkpal, Inc.","alternateName":"Talkpal AI","url":"https:\/\/talkpal.ai\/id\/","logo":{"@type":"ImageObject","inLanguage":"id","@id":"https:\/\/talkpal.ai\/id\/#\/schema\/logo\/image\/","url":"https:\/\/talkpal.ai\/wp-content\/uploads\/2024\/03\/Talkpal-Logo-Icon.png","contentUrl":"https:\/\/talkpal.ai\/wp-content\/uploads\/2024\/03\/Talkpal-Logo-Icon.png","width":2880,"height":2880,"caption":"Talkpal, Inc."},"image":{"@id":"https:\/\/talkpal.ai\/id\/#\/schema\/logo\/image\/"},"sameAs":["https:\/\/www.facebook.com\/profile.php?id=100090733639311","https:\/\/x.com\/talkpalai","https:\/\/www.linkedin.com\/company\/talkpal\/","https:\/\/www.youtube.com\/@TalkPal\/","https:\/\/www.tiktok.com\/@talkpal","https:\/\/www.instagram.com\/talkpal_ai\/","https:\/\/www.crunchbase.com\/organization\/talkpal-9cde","https:\/\/www.g2.com\/products\/talkpal-for-business\/","https:\/\/www.trustpilot.com\/review\/talkpal.ai","https:\/\/www.capterra.com\/p\/10006800\/TalkPal\/"],"description":"Talkpal is a language learning web and mobile education app, powered by the latest AI technologies, that provides engaging experiences to its customers in many different languages to help them improve their language skills. Users can chat about unlimited amount of topics with the app and use other modes to practice their language learning.","email":"support@talkpal.ai","legalName":"Talkpal, Inc.","foundingDate":"2023-04-03","duns":"118989042","numberOfEmployees":{"@type":"QuantitativeValue","minValue":"11","maxValue":"50"},"publishingPrinciples":"https:\/\/talkpal.ai\/publishing-principles\/","actionableFeedbackPolicy":"https:\/\/talkpal.ai\/actionable-feedback-policy\/","correctionsPolicy":"https:\/\/talkpal.ai\/corrections-policy\/","ethicsPolicy":"https:\/\/talkpal.ai\/ethics-policy\/","diversityPolicy":"https:\/\/talkpal.ai\/diversity-policy\/","diversityStaffingReport":"https:\/\/talkpal.ai\/diversity-policy\/"}]}},"_links":{"self":[{"href":"https:\/\/talkpal.ai\/id\/wp-json\/wp\/v2\/pages\/147965","targetHints":{"allow":["GET"]}}],"collection":[{"href":"https:\/\/talkpal.ai\/id\/wp-json\/wp\/v2\/pages"}],"about":[{"href":"https:\/\/talkpal.ai\/id\/wp-json\/wp\/v2\/types\/page"}],"author":[{"embeddable":true,"href":"https:\/\/talkpal.ai\/id\/wp-json\/wp\/v2\/users\/1"}],"replies":[{"embeddable":true,"href":"https:\/\/talkpal.ai\/id\/wp-json\/wp\/v2\/comments?post=147965"}],"version-history":[{"count":0,"href":"https:\/\/talkpal.ai\/id\/wp-json\/wp\/v2\/pages\/147965\/revisions"}],"wp:featuredmedia":[{"embeddable":true,"href":"https:\/\/talkpal.ai\/id\/wp-json\/wp\/v2\/media\/116583"}],"wp:attachment":[{"href":"https:\/\/talkpal.ai\/id\/wp-json\/wp\/v2\/media?parent=147965"}],"curies":[{"name":"wp","href":"https:\/\/api.w.org\/{rel}","templated":true}]}}