{"id":1475863,"date":"2025-11-11T12:01:19","date_gmt":"2025-11-11T12:01:19","guid":{"rendered":"https:\/\/talkpal.ai\/tata-bahasa-albania\/"},"modified":"2025-12-30T15:37:30","modified_gmt":"2025-12-30T15:37:30","slug":"tata-bahasa-albania","status":"publish","type":"page","link":"https:\/\/talkpal.ai\/id\/tata-bahasa-albania\/","title":{"rendered":"Tata Bahasa Albania"},"content":{"rendered":"\r\n\r\n\r\n<section class=\"languageChallengeSection\">\r\n    <div class=\"languageInfoWrapper\">\r\n        \r\n        <h1>Tata Bahasa Albania<\/h1>\r\n        <p><a href=\"https:\/\/talkpal.ai\/albanian-grammar\/\">Tata bahasa Albania<\/a> mungkin tampak menantang pada awalnya, tetapi fitur-fiturnya yang unik membuat belajar bahasa menjadi pengalaman yang berharga. Dengan menjelajahi alfabet, mutasi, dan aturan tata bahasanya, Anda akan mendapatkan wawasan tentang tradisi linguistik yang kaya. Mulailah perjalanan Anda dan temukan keindahan <a href=\"https:\/\/talkpal.ai\/learn-albanian\/\">bahasa Albania<\/a>!<\/p>\r\n\r\n                            <a class=\"getStartedHidden\" href=\"https:\/\/app.talkpal.ai\/id\/signup?lng=\">Mulai<\/a>\r\n        \r\n    <\/div>\r\n\r\n    <figure>\r\n    <img decoding=\"async\" width=\"768\" height=\"768\" src=\"https:\/\/talkpal.ai\/wp-content\/uploads\/2023\/06\/welsh-768x768.png\" class=\"languageImage no-lazy\" alt=\"Language learning for better cognitive abilities\" fetchpriority=\"high\" sizes=\"(max-width: 768px) 150px, 768px\" srcset=\"https:\/\/talkpal.ai\/wp-content\/uploads\/2023\/06\/welsh-768x768.png 768w, https:\/\/talkpal.ai\/wp-content\/uploads\/2023\/06\/welsh-300x300.png 300w\" \/>\r\n    \r\n\r\n    <\/figure>\r\n\r\n            <a class=\"getStartedVisible\" href=\"https:\/\/app.talkpal.ai\/id\/signup?lng=\">Mulai<\/a>\r\n    \r\n<\/section><section class=\"promotionalBanner\">\r\n    <p class=\"promotionalText\">Cara paling efisien untuk belajar bahasa<\/p>\r\n    <a class=\"promotionalLink\" href=\"https:\/\/app.talkpal.ai\/id\/signup?lng=\">Coba Talkpal gratis<\/a>\r\n<\/section>\n<div class=\"wp-block-group pageContainerStyle\"><div class=\"wp-block-group__inner-container is-layout-constrained wp-block-group-is-layout-constrained\">\n<h2 class=\"wp-block-heading\" id=\"h-navigating-the-intricacies-of-albanian-grammar\">Menavigasi seluk-beluk tata bahasa Albania<\/h2>\n\n\n\n<p><a href=\"https:\/\/talkpal.ai\/id\/belajar-bahasa-albania\/\">Bahasa Albania<\/a>, bahasa Indo-Eropa dengan cabang yang berbeda dan akar budaya yang dalam, menawarkan perjalanan yang bermanfaat bagi <a href=\"https:\/\/talkpal.ai\/talkpal-discount-for-students\/\">pelajar<\/a> yang tertarik pada <a href=\"https:\/\/talkpal.ai\/id\/latihan-tata-bahasa-malta\/\">tata bahasa<\/a> dan sistem suaranya yang unik. Saat Anda menjelajahi bahasa <a href=\"https:\/\/talkpal.ai\/locations\/language-courses-in-albania\/\">Albania<\/a>, Anda akan memperluas perangkat linguistik Anda sambil terhubung dengan budaya Albania dan dunia berbahasa Albania yang lebih luas. <a href=\"https:\/\/talkpal.ai\/albanian-grammar\/\">Tata bahasa Albania<\/a> pada awalnya terlihat rumit, tetapi memecahnya menjadi bagian-bagian inti membuat kemajuan menjadi mudah. Di bawah ini adalah panduan terfokus untuk hal-hal penting, dengan tips untuk membantu Anda menguasainya.<\/p>\n\n\n\n<h3 class=\"wp-block-heading\" id=\"h-1-albanian-alphabet-and-phonetics\">1. Alfabet dan fonetik Albania<\/h3>\n\n\n\n<p>Alfabet Albania memiliki 36 huruf, termasuk beberapa yang ditulis sebagai digraf tetapi dihitung sebagai huruf tunggal, seperti dh, gj, ll, nj, rr, sh, th, xh, zh. Ini juga menggunakan \u00e7 dan \u00eb, dan vokal y mewakili bunyi bulat depan yang dekat. Kontras antara r dan rr bermakna, dan q dan gj adalah hentian palatal yang berbeda dari k dan g. Merasa nyaman dengan suara dan huruf ini melalui membaca dengan keras dan latihan mendengarkan adalah langkah pertama yang penting.<\/p>\n\n\n\n<h3 class=\"wp-block-heading\" id=\"h-2-definite-articles-and-linkers-a-distinctive-albanian-feature\">2. Artikel dan Penghubung Pasti: Ciri Khas Albania<\/h3>\n\n\n\n<p>Ciri khas bahasa Albania adalah akhiran artikel pasti, yang melekat pada kata benda dan bervariasi berdasarkan jenis kelamin dan nomor. Fitur penting lainnya adalah <a href=\"https:\/\/talkpal.ai\/ja\/grammar\/%e7%b2%92%e5%ad%90%e3%81%b8\/\">partikel<\/a> penghubung dalam frasa kata benda, biasanya i atau e dalam konteks tak tentu dan t\u00eb atau s\u00eb dalam konteks pasti dan kasus, digunakan sebelum kata sifat dan beberapa pengubah huruf besar. Memahami kapan dan bagaimana kepastian dan penghubung muncul sangat penting untuk komunikasi yang akurat dalam bahasa Albania.<\/p>\n\n\n\n<h3 class=\"wp-block-heading\" id=\"h-3-nouns-and-pronouns-gender-and-cases\">3. Kata benda dan kata ganti: jenis kelamin dan kasus<\/h3>\n\n\n\n<p>Kata benda Albania memiliki jenis kelamin tata bahasa (maskulin atau feminin) dan mengikuti pola pembentukan jamak yang berbeda. Bahasa menandai hubungan huruf besar dalam frasa kata benda, secara tradisional lima kasus dalam bahasa standar. Kata ganti mencakup bentuk pribadi, posesif, refleksif, demonstratif, dan interogatif, serta klitik objek yang melekat pada kata kerja. Menjadi akrab dengan kata ganti ini dan penempatannya akan secara signifikan meningkatkan pemahaman Anda tentang tata bahasa Albania.<\/p>\n\n\n\n<h3 class=\"wp-block-heading\" id=\"h-4-verbs-structure-and-conjugation\">4. Kata kerja: struktur dan konjugasi<\/h3>\n\n\n\n<p>Kata kerja Albania mengikuti struktur dan pola konjugasi yang berbeda tergantung pada tense, suasana hati, dan orang. Tenses esensial meliputi masa kini, masa lalu sederhana, tidak sempurna, dan majemuk sempurna, bersama dengan masa depan yang dibentuk dengan do t\u00eb ditambah subjunctive. Albania juga menggunakan subjunktif secara ekstensif, dan mencakup suasana hati bersyarat dan imperatif. Mempelajari aturan konjugasi untuk kata kerja umum akan meningkatkan kemampuan Anda untuk berkomunikasi secara efektif dalam bahasa Albania.<\/p>\n\n\n\n<h3 class=\"wp-block-heading\" id=\"h-5-adjectives-agreement-and-placement\">5. Kata sifat: Perjanjian dan Penempatan<\/h3>\n\n\n\n<p>Dalam tata bahasa Albania, kata sifat biasanya mengikuti kata benda yang mereka modifikasi dan setujui melalui partikel penghubung yang menunjukkan jenis kelamin dan angka. Beberapa kata sifat memiliki pola komparatif dan superlatif yang tidak teratur, dan komparatif sering menggunakan m\u00eb ditambah kata sifat, sedangkan superlatif menambahkan artikel yang setuju. Menguasai kesepakatan dan penempatan membantu Anda terdengar alami.<\/p>\n\n\n\n<p><strong>Contoh:<\/strong><\/p>\n\n\n\n<p><strong>\u2013 dashuri e madhe (cinta besar)<\/strong><\/p>\n\n\n\n<p><strong>\u2013 f\u00ebmij\u00eb t\u00eb vegj\u00ebl (anak kecil)<\/strong><\/p>\n\n\n\n<h3 class=\"wp-block-heading\" id=\"h-6-engaging-with-the-language\">6. Terlibat dengan Bahasa<\/h3>\n\n\n\n<p>Cara paling efektif untuk sepenuhnya memahami dan menginternalisasi tata bahasa Albania adalah dengan secara konsisten terlibat dengan bahasa tersebut. Dengan membaca sastra Albania, menonton film atau serial televisi Albania, mengikuti berita dan podcast, dan berkomunikasi secara aktif dengan penutur asli, Anda akan memperkuat pemahaman Anda tentang tata bahasa sambil memperluas kosakata Anda.<\/p>\n\n\n\n<h3 class=\"wp-block-heading\" id=\"h-conclusion\">Kesimpulan<\/h3>\n\n\n\n<p>Meskipun tata bahasa Albania mungkin tampak rumit, Anda dapat menjadi mahir dalam bahasa yang indah ini dengan dedikasi, latihan, dan antusiasme. Dengan berfokus pada aturan dasar dan terlibat dengan bahasa di berbagai konteks, Anda akan dengan cepat meningkatkan <a href=\"https:\/\/talkpal.ai\/id\/tata-bahasa\/\">keterampilan tata bahasa<\/a> Albania Anda. Sukses dengan perjalanan bahasa Albania Anda, dan nikmati mengungkap dunia tata bahasa Albania yang ekspresif dan menawan.<\/p>\n<\/div><\/div>\n\r\n<section class=\"learnNavigationSection\">\r\n            \r\n        <a href=\"https:\/\/talkpal.ai\/id\/belajar-bahasa-albania\/\">\r\n            <div class=\"learnNavigationWrapper\">\r\n                <div class=\"learnNavigationContent\">\r\n                    <img decoding=\"async\" src=\"https:\/\/talkpal.ai\/wp-content\/uploads\/2025\/11\/Albanian.png\" alt=\"Albanian Flag\">\r\n                    <div>\r\n                        <h4>Tentang Pembelajaran Albania<\/h4>\r\n                        <p>Cari tahu semua tentang Tata Bahasa Albania.<\/p>\r\n                    <\/div>\r\n                <\/div>\r\n            <\/div>\r\n        <\/a>\r\n\r\n        \r\n        <a href=\"https:\/\/talkpal.ai\/id\/latihan-tata-bahasa-albania\/\">\r\n            <div class=\"learnNavigationWrapper\">\r\n                <div class=\"learnNavigationContent\">\r\n                    <img decoding=\"async\" src=\"https:\/\/talkpal.ai\/wp-content\/uploads\/2025\/11\/Albanian.png\" alt=\"Albanian Flag\">\r\n                    <div>\r\n                        <h4>Latihan Tata Bahasa Albania<\/h4>\r\n                        <p>Berlatih tata bahasa Albania.<\/p>\r\n                    <\/div>\r\n                <\/div>\r\n            <\/div>\r\n        <\/a>\r\n\r\n            <\/section>","protected":false},"excerpt":{"rendered":"<p>Menavigasi seluk-beluk tata bahasa Albania Bahasa Albania, bahasa Indo-Eropa dengan cabang yang berbeda dan akar budaya yang dalam, menawarkan perjalanan yang bermanfaat bagi pelajar yang tertarik pada tata bahasa dan sistem suaranya yang unik. Saat Anda menjelajahi bahasa Albania, Anda akan memperluas perangkat linguistik Anda sambil terhubung dengan budaya Albania dan dunia berbahasa Albania yang [&hellip;]<\/p>\n","protected":false},"author":20,"featured_media":0,"parent":0,"menu_order":0,"comment_status":"closed","ping_status":"closed","template":"LearningContentPage.php","meta":{"_acf_changed":false,"footnotes":""},"class_list":["post-1475863","page","type-page","status-publish","hentry"],"acf":[],"yoast_head":"<!-- This site is optimized with the Yoast SEO Premium plugin v27.2 (Yoast SEO v27.2) - https:\/\/yoast.com\/product\/yoast-seo-premium-wordpress\/ -->\n<title>Tata Bahasa Albania - Talkpal<\/title>\n<meta name=\"description\" content=\"Kuasai tata bahasa Albania yang penting, termasuk huruf besar dan kata kerja, dengan panduan pembelajaran bahasa AI interaktif Talkpal.\" \/>\n<meta name=\"robots\" content=\"index, follow, max-snippet:-1, max-image-preview:large, max-video-preview:-1\" \/>\n<link rel=\"canonical\" href=\"https:\/\/talkpal.ai\/id\/tata-bahasa-albania\/\" \/>\n<meta property=\"og:locale\" content=\"id_ID\" \/>\n<meta property=\"og:type\" content=\"article\" \/>\n<meta property=\"og:title\" content=\"Tata Bahasa Albania\" \/>\n<meta property=\"og:description\" content=\"Menavigasi seluk-beluk tata bahasa Albania Bahasa Albania, bahasa Indo-Eropa dengan cabang yang berbeda dan akar budaya yang dalam, menawarkan perjalanan\" \/>\n<meta property=\"og:url\" content=\"https:\/\/talkpal.ai\/id\/tata-bahasa-albania\/\" \/>\n<meta property=\"og:site_name\" content=\"Talkpal\" \/>\n<meta property=\"article:publisher\" content=\"https:\/\/www.facebook.com\/profile.php?id=100090733639311\" \/>\n<meta property=\"article:modified_time\" content=\"2025-12-30T15:37:30+00:00\" \/>\n<meta property=\"og:image\" content=\"https:\/\/talkpal.ai\/wp-content\/uploads\/2025\/02\/Progress-tab-16_9.png\" \/>\n\t<meta property=\"og:image:width\" content=\"2880\" \/>\n\t<meta property=\"og:image:height\" content=\"1620\" \/>\n\t<meta property=\"og:image:type\" content=\"image\/png\" \/>\n<meta name=\"twitter:card\" content=\"summary_large_image\" \/>\n<meta name=\"twitter:site\" content=\"@talkpalai\" \/>\n<meta name=\"twitter:label1\" content=\"Estimasi waktu membaca\" \/>\n\t<meta name=\"twitter:data1\" content=\"3 menit\" \/>\n<script type=\"application\/ld+json\" class=\"yoast-schema-graph\">{\"@context\":\"https:\/\/schema.org\",\"@graph\":[{\"@type\":\"WebPage\",\"@id\":\"https:\/\/talkpal.ai\/id\/tata-bahasa-albania\/\",\"url\":\"https:\/\/talkpal.ai\/id\/tata-bahasa-albania\/\",\"name\":\"Tata Bahasa Albania - Talkpal\",\"isPartOf\":{\"@id\":\"https:\/\/talkpal.ai\/id\/#website\"},\"datePublished\":\"2025-11-11T12:01:19+00:00\",\"dateModified\":\"2025-12-30T15:37:30+00:00\",\"description\":\"Kuasai tata bahasa Albania yang penting, termasuk huruf besar dan kata kerja, dengan panduan pembelajaran bahasa AI interaktif Talkpal.\",\"breadcrumb\":{\"@id\":\"https:\/\/talkpal.ai\/id\/tata-bahasa-albania\/#breadcrumb\"},\"inLanguage\":\"id\",\"potentialAction\":[{\"@type\":\"ReadAction\",\"target\":[\"https:\/\/talkpal.ai\/id\/tata-bahasa-albania\/\"]}]},{\"@type\":\"BreadcrumbList\",\"@id\":\"https:\/\/talkpal.ai\/id\/tata-bahasa-albania\/#breadcrumb\",\"itemListElement\":[{\"@type\":\"ListItem\",\"position\":1,\"name\":\"Homepage\",\"item\":\"https:\/\/talkpal.ai\/id\/\"},{\"@type\":\"ListItem\",\"position\":2,\"name\":\"Tata Bahasa Albania\"}]},{\"@type\":\"WebSite\",\"@id\":\"https:\/\/talkpal.ai\/id\/#website\",\"url\":\"https:\/\/talkpal.ai\/id\/\",\"name\":\"Talkpal\",\"description\":\"AI Language Learning\",\"publisher\":{\"@id\":\"https:\/\/talkpal.ai\/id\/#organization\"},\"alternateName\":\"Talkpal AI\",\"potentialAction\":[{\"@type\":\"SearchAction\",\"target\":{\"@type\":\"EntryPoint\",\"urlTemplate\":\"https:\/\/talkpal.ai\/id\/?s={search_term_string}\"},\"query-input\":{\"@type\":\"PropertyValueSpecification\",\"valueRequired\":true,\"valueName\":\"search_term_string\"}}],\"inLanguage\":\"id\"},{\"@type\":\"Organization\",\"@id\":\"https:\/\/talkpal.ai\/id\/#organization\",\"name\":\"Talkpal, Inc.\",\"alternateName\":\"Talkpal AI\",\"url\":\"https:\/\/talkpal.ai\/id\/\",\"logo\":{\"@type\":\"ImageObject\",\"inLanguage\":\"id\",\"@id\":\"https:\/\/talkpal.ai\/id\/#\/schema\/logo\/image\/\",\"url\":\"https:\/\/talkpal.ai\/wp-content\/uploads\/2024\/03\/Talkpal-Logo-Icon.png\",\"contentUrl\":\"https:\/\/talkpal.ai\/wp-content\/uploads\/2024\/03\/Talkpal-Logo-Icon.png\",\"width\":2880,\"height\":2880,\"caption\":\"Talkpal, Inc.\"},\"image\":{\"@id\":\"https:\/\/talkpal.ai\/id\/#\/schema\/logo\/image\/\"},\"sameAs\":[\"https:\/\/www.facebook.com\/profile.php?id=100090733639311\",\"https:\/\/x.com\/talkpalai\",\"https:\/\/www.linkedin.com\/company\/talkpal\/\",\"https:\/\/www.youtube.com\/@TalkPal\/\",\"https:\/\/www.tiktok.com\/@talkpal\",\"https:\/\/www.instagram.com\/talkpal_ai\/\",\"https:\/\/www.crunchbase.com\/organization\/talkpal-9cde\",\"https:\/\/www.g2.com\/products\/talkpal-for-business\/\",\"https:\/\/www.trustpilot.com\/review\/talkpal.ai\",\"https:\/\/www.capterra.com\/p\/10006800\/TalkPal\/\"],\"description\":\"Talkpal is a language learning web and mobile education app, powered by the latest AI technologies, that provides engaging experiences to its customers in many different languages to help them improve their language skills. Users can chat about unlimited amount of topics with the app and use other modes to practice their language learning.\",\"email\":\"support@talkpal.ai\",\"legalName\":\"Talkpal, Inc.\",\"foundingDate\":\"2023-04-03\",\"duns\":\"118989042\",\"numberOfEmployees\":{\"@type\":\"QuantitativeValue\",\"minValue\":\"11\",\"maxValue\":\"50\"},\"publishingPrinciples\":\"https:\/\/talkpal.ai\/publishing-principles\/\",\"actionableFeedbackPolicy\":\"https:\/\/talkpal.ai\/actionable-feedback-policy\/\",\"correctionsPolicy\":\"https:\/\/talkpal.ai\/corrections-policy\/\",\"ethicsPolicy\":\"https:\/\/talkpal.ai\/ethics-policy\/\",\"diversityPolicy\":\"https:\/\/talkpal.ai\/diversity-policy\/\",\"diversityStaffingReport\":\"https:\/\/talkpal.ai\/diversity-policy\/\"}]}<\/script>\n<!-- \/ Yoast SEO Premium plugin. -->","yoast_head_json":{"title":"Tata Bahasa Albania - Talkpal","description":"Kuasai tata bahasa Albania yang penting, termasuk huruf besar dan kata kerja, dengan panduan pembelajaran bahasa AI interaktif Talkpal.","robots":{"index":"index","follow":"follow","max-snippet":"max-snippet:-1","max-image-preview":"max-image-preview:large","max-video-preview":"max-video-preview:-1"},"canonical":"https:\/\/talkpal.ai\/id\/tata-bahasa-albania\/","og_locale":"id_ID","og_type":"article","og_title":"Tata Bahasa Albania","og_description":"Menavigasi seluk-beluk tata bahasa Albania Bahasa Albania, bahasa Indo-Eropa dengan cabang yang berbeda dan akar budaya yang dalam, menawarkan perjalanan","og_url":"https:\/\/talkpal.ai\/id\/tata-bahasa-albania\/","og_site_name":"Talkpal","article_publisher":"https:\/\/www.facebook.com\/profile.php?id=100090733639311","article_modified_time":"2025-12-30T15:37:30+00:00","og_image":[{"width":2880,"height":1620,"url":"https:\/\/talkpal.ai\/wp-content\/uploads\/2025\/02\/Progress-tab-16_9.png","type":"image\/png"}],"twitter_card":"summary_large_image","twitter_site":"@talkpalai","twitter_misc":{"Estimasi waktu membaca":"3 menit"},"schema":{"@context":"https:\/\/schema.org","@graph":[{"@type":"WebPage","@id":"https:\/\/talkpal.ai\/id\/tata-bahasa-albania\/","url":"https:\/\/talkpal.ai\/id\/tata-bahasa-albania\/","name":"Tata Bahasa Albania - Talkpal","isPartOf":{"@id":"https:\/\/talkpal.ai\/id\/#website"},"datePublished":"2025-11-11T12:01:19+00:00","dateModified":"2025-12-30T15:37:30+00:00","description":"Kuasai tata bahasa Albania yang penting, termasuk huruf besar dan kata kerja, dengan panduan pembelajaran bahasa AI interaktif Talkpal.","breadcrumb":{"@id":"https:\/\/talkpal.ai\/id\/tata-bahasa-albania\/#breadcrumb"},"inLanguage":"id","potentialAction":[{"@type":"ReadAction","target":["https:\/\/talkpal.ai\/id\/tata-bahasa-albania\/"]}]},{"@type":"BreadcrumbList","@id":"https:\/\/talkpal.ai\/id\/tata-bahasa-albania\/#breadcrumb","itemListElement":[{"@type":"ListItem","position":1,"name":"Homepage","item":"https:\/\/talkpal.ai\/id\/"},{"@type":"ListItem","position":2,"name":"Tata Bahasa Albania"}]},{"@type":"WebSite","@id":"https:\/\/talkpal.ai\/id\/#website","url":"https:\/\/talkpal.ai\/id\/","name":"Talkpal","description":"AI Language Learning","publisher":{"@id":"https:\/\/talkpal.ai\/id\/#organization"},"alternateName":"Talkpal AI","potentialAction":[{"@type":"SearchAction","target":{"@type":"EntryPoint","urlTemplate":"https:\/\/talkpal.ai\/id\/?s={search_term_string}"},"query-input":{"@type":"PropertyValueSpecification","valueRequired":true,"valueName":"search_term_string"}}],"inLanguage":"id"},{"@type":"Organization","@id":"https:\/\/talkpal.ai\/id\/#organization","name":"Talkpal, Inc.","alternateName":"Talkpal AI","url":"https:\/\/talkpal.ai\/id\/","logo":{"@type":"ImageObject","inLanguage":"id","@id":"https:\/\/talkpal.ai\/id\/#\/schema\/logo\/image\/","url":"https:\/\/talkpal.ai\/wp-content\/uploads\/2024\/03\/Talkpal-Logo-Icon.png","contentUrl":"https:\/\/talkpal.ai\/wp-content\/uploads\/2024\/03\/Talkpal-Logo-Icon.png","width":2880,"height":2880,"caption":"Talkpal, Inc."},"image":{"@id":"https:\/\/talkpal.ai\/id\/#\/schema\/logo\/image\/"},"sameAs":["https:\/\/www.facebook.com\/profile.php?id=100090733639311","https:\/\/x.com\/talkpalai","https:\/\/www.linkedin.com\/company\/talkpal\/","https:\/\/www.youtube.com\/@TalkPal\/","https:\/\/www.tiktok.com\/@talkpal","https:\/\/www.instagram.com\/talkpal_ai\/","https:\/\/www.crunchbase.com\/organization\/talkpal-9cde","https:\/\/www.g2.com\/products\/talkpal-for-business\/","https:\/\/www.trustpilot.com\/review\/talkpal.ai","https:\/\/www.capterra.com\/p\/10006800\/TalkPal\/"],"description":"Talkpal is a language learning web and mobile education app, powered by the latest AI technologies, that provides engaging experiences to its customers in many different languages to help them improve their language skills. Users can chat about unlimited amount of topics with the app and use other modes to practice their language learning.","email":"support@talkpal.ai","legalName":"Talkpal, Inc.","foundingDate":"2023-04-03","duns":"118989042","numberOfEmployees":{"@type":"QuantitativeValue","minValue":"11","maxValue":"50"},"publishingPrinciples":"https:\/\/talkpal.ai\/publishing-principles\/","actionableFeedbackPolicy":"https:\/\/talkpal.ai\/actionable-feedback-policy\/","correctionsPolicy":"https:\/\/talkpal.ai\/corrections-policy\/","ethicsPolicy":"https:\/\/talkpal.ai\/ethics-policy\/","diversityPolicy":"https:\/\/talkpal.ai\/diversity-policy\/","diversityStaffingReport":"https:\/\/talkpal.ai\/diversity-policy\/"}]}},"_links":{"self":[{"href":"https:\/\/talkpal.ai\/id\/wp-json\/wp\/v2\/pages\/1475863","targetHints":{"allow":["GET"]}}],"collection":[{"href":"https:\/\/talkpal.ai\/id\/wp-json\/wp\/v2\/pages"}],"about":[{"href":"https:\/\/talkpal.ai\/id\/wp-json\/wp\/v2\/types\/page"}],"author":[{"embeddable":true,"href":"https:\/\/talkpal.ai\/id\/wp-json\/wp\/v2\/users\/20"}],"replies":[{"embeddable":true,"href":"https:\/\/talkpal.ai\/id\/wp-json\/wp\/v2\/comments?post=1475863"}],"version-history":[{"count":0,"href":"https:\/\/talkpal.ai\/id\/wp-json\/wp\/v2\/pages\/1475863\/revisions"}],"wp:attachment":[{"href":"https:\/\/talkpal.ai\/id\/wp-json\/wp\/v2\/media?parent=1475863"}],"curies":[{"name":"wp","href":"https:\/\/api.w.org\/{rel}","templated":true}]}}