{"id":1469170,"date":"2025-11-12T09:53:34","date_gmt":"2025-11-12T09:53:34","guid":{"rendered":"https:\/\/talkpal.ai\/latihan-tata-bahasa-irlandia\/"},"modified":"2025-12-30T14:59:33","modified_gmt":"2025-12-30T14:59:33","slug":"latihan-tata-bahasa-irlandia","status":"publish","type":"page","link":"https:\/\/talkpal.ai\/id\/latihan-tata-bahasa-irlandia\/","title":{"rendered":"Latihan Tata Bahasa Irlandia"},"content":{"rendered":"\r\n\r\n\r\n<section class=\"languageChallengeSection\">\r\n    <div class=\"languageInfoWrapper\">\r\n        \r\n        <h1>Latihan Tata Bahasa Irlandia<\/h1>\r\n        <p>Siap untuk menyelami <a href=\"https:\/\/talkpal.ai\/irish-grammar\/\">tata bahasa Irlandia<\/a>? Berlatih beberapa hal dasar akan membantu Anda merasa nyaman dengan bahasa yang unik dan indah ini. Cobalah latihan-latihan ini untuk membangun rasa percaya diri Anda dan bersenang-senanglah di sepanjang jalan!<\/p>\r\n\r\n                            <a class=\"getStartedHidden\" href=\"https:\/\/app.talkpal.ai\/id\/signup?lng=\">Mulai<\/a>\r\n        \r\n    <\/div>\r\n\r\n    <figure>\r\n    <img decoding=\"async\" width=\"768\" height=\"768\" src=\"https:\/\/talkpal.ai\/wp-content\/uploads\/2023\/06\/welsh-768x768.png\" class=\"languageImage no-lazy\" alt=\"Language learning for better cognitive abilities\" fetchpriority=\"high\" sizes=\"(max-width: 768px) 150px, 768px\" srcset=\"https:\/\/talkpal.ai\/wp-content\/uploads\/2023\/06\/welsh-768x768.png 768w, https:\/\/talkpal.ai\/wp-content\/uploads\/2023\/06\/welsh-300x300.png 300w\" \/>\r\n    \r\n\r\n    <\/figure>\r\n\r\n            <a class=\"getStartedVisible\" href=\"https:\/\/app.talkpal.ai\/id\/signup?lng=\">Mulai<\/a>\r\n    \r\n<\/section><section class=\"promotionalBanner\">\r\n    <p class=\"promotionalText\">Cara paling efisien untuk belajar bahasa<\/p>\r\n    <a class=\"promotionalLink\" href=\"https:\/\/app.talkpal.ai\/id\/signup?lng=\">Coba Talkpal gratis<\/a>\r\n<\/section>\n<div class=\"wp-block-group pageContainerStyle\"><div class=\"wp-block-group__inner-container is-layout-constrained wp-block-group-is-layout-constrained\">\n<h2 class=\"wp-block-heading\" id=\"h-irish-grammar-topics\">Topik Tata Bahasa Irlandia<\/h2>\n\n\n\n<p><a href=\"https:\/\/talkpal.ai\/id\/kesalahan-terbesar-yang-harus-dihindari-saat-belajar-bahasa-baru\/\">Belajar bahasa baru<\/a> bisa menjadi upaya yang menantang namun bermanfaat. <a href=\"https:\/\/talkpal.ai\/learn-irish\/\">Irlandia<\/a>, bahasa Celtic yang digunakan terutama di Irlandia, tidak terkecuali. Dengan fitur dan strukturnya yang unik, <a href=\"https:\/\/talkpal.ai\/id\/talkpal-untuk-pendidikan\/\">belajar bahasa<\/a> Irlandia membutuhkan pendekatan sistematis untuk memahami tata bahasanya yang kompleks. Panduan ini menguraikan bidang-bidang utama <a href=\"https:\/\/talkpal.ai\/id\/tata-bahasa-irlandia\/\">tata bahasa Irlandia<\/a> dalam urutan logis untuk <a href=\"https:\/\/talkpal.ai\/id\/chatbot-ai-untuk-pembelajaran-bahasa\/\">pembelajaran bahasa<\/a>, mulai dari dasar-dasar seperti kata benda dan artikel, dan berkembang ke area yang lebih kompleks seperti tenses dan konstruksi kalimat.<\/p>\n\n\n\n<h3 class=\"wp-block-heading\" id=\"h-1-nouns\">1. Kata benda:<\/h3>\n\n\n\n<p>Mulailah perjalanan bahasa Irlandia Anda dengan mempelajari kata benda. Ini termasuk memahami jenis kelamin kata benda, <a href=\"https:\/\/talkpal.ai\/grammar\/common-nouns-na-gramatica-indonesia\/\">kata benda umum<\/a> dan proper, bentuk jamaknya, dan bagaimana kasus memengaruhi bentuk dan mutasi.<\/p>\n\n\n\n<h3 class=\"wp-block-heading\" id=\"h-2-articles\">2. Artikel:<\/h3>\n\n\n\n<p>Artikel dalam bahasa Irlandia digunakan secara berbeda dari dalam <a href=\"https:\/\/talkpal.ai\/ai-english-speaking-practice\/\">bahasa Inggris<\/a>. Bahasa Irlandia memiliki artikel pasti an dan na tetapi tidak ada artikel tak terbatas, <a href=\"https:\/\/talkpal.ai\/will-ai-kill-traditional-language-learning\/\">jadi<\/a> menguasai bentuk dan efeknya pada mutasi sangat penting.<\/p>\n\n\n\n<h3 class=\"wp-block-heading\" id=\"h-3-adjectives\">3. Kata sifat:<\/h3>\n\n\n\n<p>Kata sifat dalam bahasa Irlandia biasanya mengikuti kata bendanya, yang berbeda dari <a href=\"https:\/\/talkpal.ai\/learn-english-with-ai\/\">bahasa Inggris<\/a>. Anda juga perlu belajar tentang mutasi awal seperti lenition dan eklipsis dan cara membentuk komparatif dan superlatif dengan n\u00edos dan is.<\/p>\n\n\n\n<h3 class=\"wp-block-heading\" id=\"h-4-pronouns-determiners\">4. Kata Ganti \/ Penentu:<\/h3>\n\n\n\n<p>Kata ganti dan penentu sangat penting dalam bahasa Irlandia; Mereka menggantikan kata benda dan memberikan informasi tentang kuantitas, kepemilikan, dan banyak lagi. Pelajari kata ganti pribadi, penentu posesif seperti mo do a \u00e1r bhur a yang memicu mutasi, dan demonstratif seperti seo dan sin.<\/p>\n\n\n\n<h3 class=\"wp-block-heading\" id=\"h-5-verbs\">5. Kata kerja:<\/h3>\n\n\n\n<p>Kata kerja Irlandia memiliki bentuk yang berbeda tergantung pada tense, suasana hati, dan orang. Mulailah dengan sekarang dan kata kerja b\u00ed kemudian secara bertahap mengeksplorasi bentuk masa lalu dan masa depan bersama dengan kata kerja tidak beraturan kunci dan kopula adalah.<\/p>\n\n\n\n<h3 class=\"wp-block-heading\" id=\"h-6-tenses\">6. Tenses:<\/h3>\n\n\n\n<p>Setelah menguasai bentuk kata kerja, selidiki lebih dalam bentuk Irlandia. Ini termasuk memahami perbedaan antara kebiasaan saat ini, masa lalu, masa depan, dan kondisional, dan bagaimana mereka digunakan dalam konteks yang berbeda dengan b\u00ed versus kopula.<\/p>\n\n\n\n<h3 class=\"wp-block-heading\" id=\"h-7-tense-comparison\">7. Perbandingan Tegang:<\/h3>\n\n\n\n<p>Membandingkan tenses dalam bahasa Irlandia membantu dalam memahami urutan peristiwa. Membandingkan kata kerja yang <a href=\"https:\/\/talkpal.ai\/locations\/language-courses-in-sama\/\">sama<\/a> dalam berbagai bentuk akan memberikan pemahaman yang lebih baik tentang penggunaan dan aspek bahasa Irlandia.<\/p>\n\n\n\n<h3 class=\"wp-block-heading\" id=\"h-8-progressive\">8. Progresif:<\/h3>\n\n\n\n<p>Progresif dalam bahasa Irlandia digunakan untuk mengekspresikan tindakan yang sedang berlangsung. <a href=\"https:\/\/talkpal.ai\/locations\/language-courses-in-itu\/\">Itu<\/a> dibentuk dengan kata kerja b\u00ed diikuti oleh ag dan kata benda verbal misalnya T\u00e1 m\u00e9 ag l\u00e9amh.<\/p>\n\n\n\n<h3 class=\"wp-block-heading\" id=\"h-9-perfect-progressive\">9. Progresif Sempurna:<\/h3>\n\n\n\n<p>Ini digunakan untuk mengungkapkan tindakan yang telah berlangsung hingga titik tertentu. Dalam bahasa Irlandia, biasanya diungkapkan dengan b\u00ed plus tar \u00e9is a bheith ag dan kata benda verbal atau dengan ekspresi waktu untuk durasi.<\/p>\n\n\n\n<h3 class=\"wp-block-heading\" id=\"h-10-conditionals\">10. Bersyarat:<\/h3>\n\n\n\n<p>Kondisional mengekspresikan situasi hipotetis dan kemungkinan hasilnya. Mereka adalah bagian penting dari <a href=\"https:\/\/talkpal.ai\/irish-grammar\/\">tata bahasa Irlandia<\/a> dan menggunakan pola dengan m\u00e1 untuk kondisi nyata dan d\u00e1 dengan kondisi kondisional untuk yang hipotetis.<\/p>\n\n\n\n<h3 class=\"wp-block-heading\" id=\"h-11-adverbs\">11. Kata keterangan:<\/h3>\n\n\n\n<p>Kata keterangan dalam bahasa Irlandia memodifikasi kata kerja, kata sifat, atau kata keterangan lainnya. Mereka termasuk bentuk yang dibuat dengan kata sifat sebelum serta banyak kata keterangan tentang cara, tempat, waktu, dan derajat.<\/p>\n\n\n\n<h3 class=\"wp-block-heading\" id=\"h-12-prepositions\">12. Preposisi:<\/h3>\n\n\n\n<p>Preposisi menghubungkan kata dan frasa bersama. Irish menggunakan kata ganti preposisi seperti agam agat aige untuk mengekspresikan hubungan kepemilikan, waktu, tempat, dan banyak lagi.<\/p>\n\n\n\n<h3 class=\"wp-block-heading\" id=\"h-13-sentences\">13. Kalimat:<\/h3>\n\n\n\n<p>Akhirnya, berlatih membangun kalimat. Ini akan melibatkan penggunaan urutan kata Irlandia VSO, pemicu mutasi, dan b\u00ed dan kopula dalam konteks, sehingga memastikan pemahaman yang komprehensif tentang bahasa Irlandia.<\/p>\n<\/div><\/div>\n\r\n<section class=\"learnNavigationSection\">\r\n            \r\n        <a href=\"https:\/\/talkpal.ai\/id\/belajar-bahasa-irlandia\/\">\r\n            <div class=\"learnNavigationWrapper\">\r\n                <div class=\"learnNavigationContent\">\r\n                    <img decoding=\"async\" src=\"https:\/\/talkpal.ai\/wp-content\/uploads\/2025\/11\/Irish.png\" alt=\"Irish Flag\">\r\n                    <div>\r\n                        <h4>Tentang Pembelajaran Irlandia<\/h4>\r\n                        <p>Cari tahu semua tentang Tata Bahasa Irlandia.<\/p>\r\n                    <\/div>\r\n                <\/div>\r\n            <\/div>\r\n        <\/a>\r\n\r\n        \r\n        <a href=\"https:\/\/talkpal.ai\/id\/tata-bahasa-irlandia\/\">\r\n            <div class=\"learnNavigationWrapper\">\r\n                <div class=\"learnNavigationContent\">\r\n                    <img decoding=\"async\" src=\"https:\/\/talkpal.ai\/wp-content\/uploads\/2025\/11\/Irish.png\" alt=\"Irish Flag\">\r\n                    <div>\r\n                        <h4>Pelajaran Tata Bahasa Irlandia<\/h4>\r\n                        <p>Berlatih tata bahasa Irlandia.<\/p>\r\n                    <\/div>\r\n                <\/div>\r\n            <\/div>\r\n        <\/a>\r\n\r\n            <\/section>","protected":false},"excerpt":{"rendered":"<p>Topik Tata Bahasa Irlandia Belajar bahasa baru bisa menjadi upaya yang menantang namun bermanfaat. Irlandia, bahasa Celtic yang digunakan terutama di Irlandia, tidak terkecuali. Dengan fitur dan strukturnya yang unik, belajar bahasa Irlandia membutuhkan pendekatan sistematis untuk memahami tata bahasanya yang kompleks. Panduan ini menguraikan bidang-bidang utama tata bahasa Irlandia dalam urutan logis untuk pembelajaran [&hellip;]<\/p>\n","protected":false},"author":20,"featured_media":0,"parent":0,"menu_order":0,"comment_status":"closed","ping_status":"closed","template":"LearningContentPage.php","meta":{"_acf_changed":false,"footnotes":""},"class_list":["post-1469170","page","type-page","status-publish","hentry"],"acf":[],"yoast_head":"<!-- This site is optimized with the Yoast SEO Premium plugin v27.2 (Yoast SEO v27.2) - https:\/\/yoast.com\/product\/yoast-seo-premium-wordpress\/ -->\n<title>Latihan Tata Bahasa Irlandia - Talkpal<\/title>\n<meta name=\"description\" content=\"Kuasai tata bahasa Irlandia dengan latihan interaktif yang dirancang untuk membantu Anda membangun kepercayaan diri dan belajar bahasa lebih cepat.\" \/>\n<meta name=\"robots\" content=\"index, follow, max-snippet:-1, max-image-preview:large, max-video-preview:-1\" \/>\n<link rel=\"canonical\" href=\"https:\/\/talkpal.ai\/id\/latihan-tata-bahasa-irlandia\/\" \/>\n<meta property=\"og:locale\" content=\"id_ID\" \/>\n<meta property=\"og:type\" content=\"article\" \/>\n<meta property=\"og:title\" content=\"Latihan Tata Bahasa Irlandia\" \/>\n<meta property=\"og:description\" content=\"Topik Tata Bahasa Irlandia Belajar bahasa baru bisa menjadi upaya yang menantang namun bermanfaat. Irlandia, bahasa Celtic yang digunakan terutama di\" \/>\n<meta property=\"og:url\" content=\"https:\/\/talkpal.ai\/id\/latihan-tata-bahasa-irlandia\/\" \/>\n<meta property=\"og:site_name\" content=\"Talkpal\" \/>\n<meta property=\"article:publisher\" content=\"https:\/\/www.facebook.com\/profile.php?id=100090733639311\" \/>\n<meta property=\"article:modified_time\" content=\"2025-12-30T14:59:33+00:00\" \/>\n<meta property=\"og:image\" content=\"https:\/\/talkpal.ai\/wp-content\/uploads\/2025\/02\/Progress-tab-16_9.png\" \/>\n\t<meta property=\"og:image:width\" content=\"2880\" \/>\n\t<meta property=\"og:image:height\" content=\"1620\" \/>\n\t<meta property=\"og:image:type\" content=\"image\/png\" \/>\n<meta name=\"twitter:card\" content=\"summary_large_image\" \/>\n<meta name=\"twitter:site\" content=\"@talkpalai\" \/>\n<meta name=\"twitter:label1\" content=\"Estimasi waktu membaca\" \/>\n\t<meta name=\"twitter:data1\" content=\"3 menit\" \/>\n<script type=\"application\/ld+json\" class=\"yoast-schema-graph\">{\"@context\":\"https:\/\/schema.org\",\"@graph\":[{\"@type\":\"WebPage\",\"@id\":\"https:\/\/talkpal.ai\/id\/latihan-tata-bahasa-irlandia\/\",\"url\":\"https:\/\/talkpal.ai\/id\/latihan-tata-bahasa-irlandia\/\",\"name\":\"Latihan Tata Bahasa Irlandia - Talkpal\",\"isPartOf\":{\"@id\":\"https:\/\/talkpal.ai\/id\/#website\"},\"datePublished\":\"2025-11-12T09:53:34+00:00\",\"dateModified\":\"2025-12-30T14:59:33+00:00\",\"description\":\"Kuasai tata bahasa Irlandia dengan latihan interaktif yang dirancang untuk membantu Anda membangun kepercayaan diri dan belajar bahasa lebih cepat.\",\"breadcrumb\":{\"@id\":\"https:\/\/talkpal.ai\/id\/latihan-tata-bahasa-irlandia\/#breadcrumb\"},\"inLanguage\":\"id\",\"potentialAction\":[{\"@type\":\"ReadAction\",\"target\":[\"https:\/\/talkpal.ai\/id\/latihan-tata-bahasa-irlandia\/\"]}]},{\"@type\":\"BreadcrumbList\",\"@id\":\"https:\/\/talkpal.ai\/id\/latihan-tata-bahasa-irlandia\/#breadcrumb\",\"itemListElement\":[{\"@type\":\"ListItem\",\"position\":1,\"name\":\"Homepage\",\"item\":\"https:\/\/talkpal.ai\/id\/\"},{\"@type\":\"ListItem\",\"position\":2,\"name\":\"Latihan Tata Bahasa Irlandia\"}]},{\"@type\":\"WebSite\",\"@id\":\"https:\/\/talkpal.ai\/id\/#website\",\"url\":\"https:\/\/talkpal.ai\/id\/\",\"name\":\"Talkpal\",\"description\":\"AI Language Learning\",\"publisher\":{\"@id\":\"https:\/\/talkpal.ai\/id\/#organization\"},\"alternateName\":\"Talkpal AI\",\"potentialAction\":[{\"@type\":\"SearchAction\",\"target\":{\"@type\":\"EntryPoint\",\"urlTemplate\":\"https:\/\/talkpal.ai\/id\/?s={search_term_string}\"},\"query-input\":{\"@type\":\"PropertyValueSpecification\",\"valueRequired\":true,\"valueName\":\"search_term_string\"}}],\"inLanguage\":\"id\"},{\"@type\":\"Organization\",\"@id\":\"https:\/\/talkpal.ai\/id\/#organization\",\"name\":\"Talkpal, Inc.\",\"alternateName\":\"Talkpal AI\",\"url\":\"https:\/\/talkpal.ai\/id\/\",\"logo\":{\"@type\":\"ImageObject\",\"inLanguage\":\"id\",\"@id\":\"https:\/\/talkpal.ai\/id\/#\/schema\/logo\/image\/\",\"url\":\"https:\/\/talkpal.ai\/wp-content\/uploads\/2024\/03\/Talkpal-Logo-Icon.png\",\"contentUrl\":\"https:\/\/talkpal.ai\/wp-content\/uploads\/2024\/03\/Talkpal-Logo-Icon.png\",\"width\":2880,\"height\":2880,\"caption\":\"Talkpal, Inc.\"},\"image\":{\"@id\":\"https:\/\/talkpal.ai\/id\/#\/schema\/logo\/image\/\"},\"sameAs\":[\"https:\/\/www.facebook.com\/profile.php?id=100090733639311\",\"https:\/\/x.com\/talkpalai\",\"https:\/\/www.linkedin.com\/company\/talkpal\/\",\"https:\/\/www.youtube.com\/@TalkPal\/\",\"https:\/\/www.tiktok.com\/@talkpal\",\"https:\/\/www.instagram.com\/talkpal_ai\/\",\"https:\/\/www.crunchbase.com\/organization\/talkpal-9cde\",\"https:\/\/www.g2.com\/products\/talkpal-for-business\/\",\"https:\/\/www.trustpilot.com\/review\/talkpal.ai\",\"https:\/\/www.capterra.com\/p\/10006800\/TalkPal\/\"],\"description\":\"Talkpal is a language learning web and mobile education app, powered by the latest AI technologies, that provides engaging experiences to its customers in many different languages to help them improve their language skills. Users can chat about unlimited amount of topics with the app and use other modes to practice their language learning.\",\"email\":\"support@talkpal.ai\",\"legalName\":\"Talkpal, Inc.\",\"foundingDate\":\"2023-04-03\",\"duns\":\"118989042\",\"numberOfEmployees\":{\"@type\":\"QuantitativeValue\",\"minValue\":\"11\",\"maxValue\":\"50\"},\"publishingPrinciples\":\"https:\/\/talkpal.ai\/publishing-principles\/\",\"actionableFeedbackPolicy\":\"https:\/\/talkpal.ai\/actionable-feedback-policy\/\",\"correctionsPolicy\":\"https:\/\/talkpal.ai\/corrections-policy\/\",\"ethicsPolicy\":\"https:\/\/talkpal.ai\/ethics-policy\/\",\"diversityPolicy\":\"https:\/\/talkpal.ai\/diversity-policy\/\",\"diversityStaffingReport\":\"https:\/\/talkpal.ai\/diversity-policy\/\"}]}<\/script>\n<!-- \/ Yoast SEO Premium plugin. -->","yoast_head_json":{"title":"Latihan Tata Bahasa Irlandia - Talkpal","description":"Kuasai tata bahasa Irlandia dengan latihan interaktif yang dirancang untuk membantu Anda membangun kepercayaan diri dan belajar bahasa lebih cepat.","robots":{"index":"index","follow":"follow","max-snippet":"max-snippet:-1","max-image-preview":"max-image-preview:large","max-video-preview":"max-video-preview:-1"},"canonical":"https:\/\/talkpal.ai\/id\/latihan-tata-bahasa-irlandia\/","og_locale":"id_ID","og_type":"article","og_title":"Latihan Tata Bahasa Irlandia","og_description":"Topik Tata Bahasa Irlandia Belajar bahasa baru bisa menjadi upaya yang menantang namun bermanfaat. Irlandia, bahasa Celtic yang digunakan terutama di","og_url":"https:\/\/talkpal.ai\/id\/latihan-tata-bahasa-irlandia\/","og_site_name":"Talkpal","article_publisher":"https:\/\/www.facebook.com\/profile.php?id=100090733639311","article_modified_time":"2025-12-30T14:59:33+00:00","og_image":[{"width":2880,"height":1620,"url":"https:\/\/talkpal.ai\/wp-content\/uploads\/2025\/02\/Progress-tab-16_9.png","type":"image\/png"}],"twitter_card":"summary_large_image","twitter_site":"@talkpalai","twitter_misc":{"Estimasi waktu membaca":"3 menit"},"schema":{"@context":"https:\/\/schema.org","@graph":[{"@type":"WebPage","@id":"https:\/\/talkpal.ai\/id\/latihan-tata-bahasa-irlandia\/","url":"https:\/\/talkpal.ai\/id\/latihan-tata-bahasa-irlandia\/","name":"Latihan Tata Bahasa Irlandia - Talkpal","isPartOf":{"@id":"https:\/\/talkpal.ai\/id\/#website"},"datePublished":"2025-11-12T09:53:34+00:00","dateModified":"2025-12-30T14:59:33+00:00","description":"Kuasai tata bahasa Irlandia dengan latihan interaktif yang dirancang untuk membantu Anda membangun kepercayaan diri dan belajar bahasa lebih cepat.","breadcrumb":{"@id":"https:\/\/talkpal.ai\/id\/latihan-tata-bahasa-irlandia\/#breadcrumb"},"inLanguage":"id","potentialAction":[{"@type":"ReadAction","target":["https:\/\/talkpal.ai\/id\/latihan-tata-bahasa-irlandia\/"]}]},{"@type":"BreadcrumbList","@id":"https:\/\/talkpal.ai\/id\/latihan-tata-bahasa-irlandia\/#breadcrumb","itemListElement":[{"@type":"ListItem","position":1,"name":"Homepage","item":"https:\/\/talkpal.ai\/id\/"},{"@type":"ListItem","position":2,"name":"Latihan Tata Bahasa Irlandia"}]},{"@type":"WebSite","@id":"https:\/\/talkpal.ai\/id\/#website","url":"https:\/\/talkpal.ai\/id\/","name":"Talkpal","description":"AI Language Learning","publisher":{"@id":"https:\/\/talkpal.ai\/id\/#organization"},"alternateName":"Talkpal AI","potentialAction":[{"@type":"SearchAction","target":{"@type":"EntryPoint","urlTemplate":"https:\/\/talkpal.ai\/id\/?s={search_term_string}"},"query-input":{"@type":"PropertyValueSpecification","valueRequired":true,"valueName":"search_term_string"}}],"inLanguage":"id"},{"@type":"Organization","@id":"https:\/\/talkpal.ai\/id\/#organization","name":"Talkpal, Inc.","alternateName":"Talkpal AI","url":"https:\/\/talkpal.ai\/id\/","logo":{"@type":"ImageObject","inLanguage":"id","@id":"https:\/\/talkpal.ai\/id\/#\/schema\/logo\/image\/","url":"https:\/\/talkpal.ai\/wp-content\/uploads\/2024\/03\/Talkpal-Logo-Icon.png","contentUrl":"https:\/\/talkpal.ai\/wp-content\/uploads\/2024\/03\/Talkpal-Logo-Icon.png","width":2880,"height":2880,"caption":"Talkpal, Inc."},"image":{"@id":"https:\/\/talkpal.ai\/id\/#\/schema\/logo\/image\/"},"sameAs":["https:\/\/www.facebook.com\/profile.php?id=100090733639311","https:\/\/x.com\/talkpalai","https:\/\/www.linkedin.com\/company\/talkpal\/","https:\/\/www.youtube.com\/@TalkPal\/","https:\/\/www.tiktok.com\/@talkpal","https:\/\/www.instagram.com\/talkpal_ai\/","https:\/\/www.crunchbase.com\/organization\/talkpal-9cde","https:\/\/www.g2.com\/products\/talkpal-for-business\/","https:\/\/www.trustpilot.com\/review\/talkpal.ai","https:\/\/www.capterra.com\/p\/10006800\/TalkPal\/"],"description":"Talkpal is a language learning web and mobile education app, powered by the latest AI technologies, that provides engaging experiences to its customers in many different languages to help them improve their language skills. Users can chat about unlimited amount of topics with the app and use other modes to practice their language learning.","email":"support@talkpal.ai","legalName":"Talkpal, Inc.","foundingDate":"2023-04-03","duns":"118989042","numberOfEmployees":{"@type":"QuantitativeValue","minValue":"11","maxValue":"50"},"publishingPrinciples":"https:\/\/talkpal.ai\/publishing-principles\/","actionableFeedbackPolicy":"https:\/\/talkpal.ai\/actionable-feedback-policy\/","correctionsPolicy":"https:\/\/talkpal.ai\/corrections-policy\/","ethicsPolicy":"https:\/\/talkpal.ai\/ethics-policy\/","diversityPolicy":"https:\/\/talkpal.ai\/diversity-policy\/","diversityStaffingReport":"https:\/\/talkpal.ai\/diversity-policy\/"}]}},"_links":{"self":[{"href":"https:\/\/talkpal.ai\/id\/wp-json\/wp\/v2\/pages\/1469170","targetHints":{"allow":["GET"]}}],"collection":[{"href":"https:\/\/talkpal.ai\/id\/wp-json\/wp\/v2\/pages"}],"about":[{"href":"https:\/\/talkpal.ai\/id\/wp-json\/wp\/v2\/types\/page"}],"author":[{"embeddable":true,"href":"https:\/\/talkpal.ai\/id\/wp-json\/wp\/v2\/users\/20"}],"replies":[{"embeddable":true,"href":"https:\/\/talkpal.ai\/id\/wp-json\/wp\/v2\/comments?post=1469170"}],"version-history":[{"count":0,"href":"https:\/\/talkpal.ai\/id\/wp-json\/wp\/v2\/pages\/1469170\/revisions"}],"wp:attachment":[{"href":"https:\/\/talkpal.ai\/id\/wp-json\/wp\/v2\/media?parent=1469170"}],"curies":[{"name":"wp","href":"https:\/\/api.w.org\/{rel}","templated":true}]}}