{"id":1468668,"date":"2025-11-11T12:32:58","date_gmt":"2025-11-11T12:32:58","guid":{"rendered":"https:\/\/talkpal.ai\/latihan-tata-bahasa-albania\/"},"modified":"2025-12-30T15:39:38","modified_gmt":"2025-12-30T15:39:38","slug":"latihan-tata-bahasa-albania","status":"publish","type":"page","link":"https:\/\/talkpal.ai\/id\/latihan-tata-bahasa-albania\/","title":{"rendered":"Latihan Tata Bahasa Albania"},"content":{"rendered":"\r\n\r\n\r\n<section class=\"languageChallengeSection\">\r\n    <div class=\"languageInfoWrapper\">\r\n        \r\n        <h1>Latihan Tata Bahasa Albania<\/h1>\r\n        <p>Siap untuk menyelami <a href=\"https:\/\/talkpal.ai\/albanian-grammar\/\">tata bahasa Albania<\/a>? Berlatih beberapa hal dasar akan membantu Anda merasa nyaman dengan bahasa yang unik dan indah ini. Cobalah latihan-latihan ini untuk membangun rasa percaya diri Anda dan bersenang-senanglah di sepanjang jalan!<\/p>\r\n\r\n                            <a class=\"getStartedHidden\" href=\"https:\/\/app.talkpal.ai\/id\/signup?lng=\">Mulai<\/a>\r\n        \r\n    <\/div>\r\n\r\n    <figure>\r\n    <img decoding=\"async\" width=\"768\" height=\"768\" src=\"https:\/\/talkpal.ai\/wp-content\/uploads\/2023\/06\/welsh-768x768.png\" class=\"languageImage no-lazy\" alt=\"Language learning for better cognitive abilities\" fetchpriority=\"high\" sizes=\"(max-width: 768px) 150px, 768px\" srcset=\"https:\/\/talkpal.ai\/wp-content\/uploads\/2023\/06\/welsh-768x768.png 768w, https:\/\/talkpal.ai\/wp-content\/uploads\/2023\/06\/welsh-300x300.png 300w\" \/>\r\n    \r\n\r\n    <\/figure>\r\n\r\n            <a class=\"getStartedVisible\" href=\"https:\/\/app.talkpal.ai\/id\/signup?lng=\">Mulai<\/a>\r\n    \r\n<\/section><section class=\"promotionalBanner\">\r\n    <p class=\"promotionalText\">Cara paling efisien untuk belajar bahasa<\/p>\r\n    <a class=\"promotionalLink\" href=\"https:\/\/app.talkpal.ai\/id\/signup?lng=\">Coba Talkpal gratis<\/a>\r\n<\/section>\n<div class=\"wp-block-group pageContainerStyle\"><div class=\"wp-block-group__inner-container is-layout-constrained wp-block-group-is-layout-constrained\">\n<h2 class=\"wp-block-heading\" id=\"h-albanian-grammar-topics\">Topik Tata Bahasa Albania<\/h2>\n\n\n\n<p><a href=\"https:\/\/talkpal.ai\/id\/kesalahan-terbesar-yang-harus-dihindari-saat-belajar-bahasa-baru\/\">Belajar bahasa baru<\/a> bisa menjadi upaya yang menantang namun bermanfaat. <a href=\"https:\/\/talkpal.ai\/learn-albanian\/\">Bahasa Albania<\/a>, bahasa Indo-Eropa yang digunakan terutama di <a href=\"https:\/\/talkpal.ai\/locations\/language-courses-in-albania\/\">Albania<\/a>, tidak terkecuali. Dengan fitur dan strukturnya yang unik, <a href=\"https:\/\/talkpal.ai\/id\/talkpal-untuk-pendidikan\/\">belajar<\/a> <a href=\"https:\/\/talkpal.ai\/learn-albanian\/\">bahasa Albania<\/a> membutuhkan pendekatan sistematis untuk memahami tata bahasanya yang kaya. Panduan ini menguraikan bidang-bidang utama <a href=\"https:\/\/talkpal.ai\/id\/tata-bahasa-albania\/\">tata bahasa Albania<\/a> dalam urutan logis untuk <a href=\"https:\/\/talkpal.ai\/id\/chatbot-ai-untuk-pembelajaran-bahasa\/\">pembelajaran bahasa<\/a>, mulai dari dasar-dasar seperti kata benda dan artikel, dan berkembang ke area yang lebih kompleks seperti tenses dan konstruksi kalimat.<\/p>\n\n\n\n<h3 class=\"wp-block-heading\" id=\"h-1-nouns\">1. Kata benda:<\/h3>\n\n\n\n<p>Mulailah perjalanan bahasa Albania Anda dengan mempelajari kata benda. Ini termasuk memahami jenis kelamin dan angka, <a href=\"https:\/\/talkpal.ai\/grammar\/common-nouns-na-gramatica-indonesia\/\">kata benda umum<\/a> dan tepat, dan bentuk jamaknya. Kata benda Albania juga membelokkan kasus dan memiliki bentuk yang tidak terbatas dan pasti, dengan kepastian sering ditandai dengan akhiran yang melekat pada kata benda.<\/p>\n\n\n\n<h3 class=\"wp-block-heading\" id=\"h-2-articles\">2. Artikel:<\/h3>\n\n\n\n<p>Artikel dalam bahasa Albania bekerja berbeda dari <a href=\"https:\/\/talkpal.ai\/ai-english-speaking-practice\/\">bahasa Inggris<\/a>. Artikel pasti biasanya merupakan akhiran yang ditambahkan ke kata benda, sedangkan <a href=\"https:\/\/talkpal.ai\/grammar\/artigo-indefinido-na-gramatica-indonesia\/\">artikel tak tentu<\/a> adalah kata terpisah nj\u00eb dalam bentuk tunggal. Bahasa Albania juga menggunakan artikel penghubung sebelum kata sifat dan dalam konstruksi genitif tertentu, yang sepakat dalam jenis kelamin dan angka.<\/p>\n\n\n\n<h3 class=\"wp-block-heading\" id=\"h-3-adjectives\">3. Kata sifat:<\/h3>\n\n\n\n<p>Kata sifat dalam bahasa Albania biasanya mengikuti kata benda mereka. Kesepakatan ditunjukkan melalui artikel penghubung yang ditempatkan sebelum kata sifat, yang mencerminkan jenis kelamin, nomor, dan kasus kata benda. Pelajari cara membentuk komparatif dan superlatif, umumnya dengan m\u00eb untuk komparatif dan bentuk pasti untuk superlatif.<\/p>\n\n\n\n<h3 class=\"wp-block-heading\" id=\"h-4-pronouns-determiners\">4. Kata Ganti \/ Penentu:<\/h3>\n\n\n\n<p>Kata ganti dan penentu sangat penting dalam bahasa Albania; Mereka menggantikan kata benda dan memberikan informasi tentang orang, kepemilikan, jumlah, dan banyak lagi. Berikan perhatian khusus pada kata ganti objek klitik, yang sering muncul sebelum kata kerja, dan pada penentu posesif yang setuju dengan kata benda yang mereka modifikasi.<\/p>\n\n\n\n<h3 class=\"wp-block-heading\" id=\"h-5-verbs\">5. Kata kerja:<\/h3>\n\n\n\n<p>Kata kerja Albania berubah bentuk untuk orang dan bilangan dan digunakan di beberapa suasana hati seperti indikatif, subjungtif, imperatif, kondisional, dan mengagumkan. Mulailah dengan bentuk masa kini dan bentuk masa lalu yang umum, lalu perluas ke suasana hati dan suara lain, termasuk formasi pasif.<\/p>\n\n\n\n<h3 class=\"wp-block-heading\" id=\"h-6-tenses\">6. Tenses:<\/h3>\n\n\n\n<p>Setelah menguasai bentuk kata kerja, selidiki lebih dalam bentuk Albania. Bentuk kunci termasuk bentuk sekarang, tidak sempurna, aoris, sekarang sempurna, pluperfect, dan masa depan. Pelajari bagaimana setiap bentuk digunakan dalam konteks untuk mengekspresikan tindakan yang telah selesai, tindakan masa lalu yang sedang berlangsung, dan peristiwa di masa mendatang.<\/p>\n\n\n\n<h3 class=\"wp-block-heading\" id=\"h-7-tense-comparison\">7. Perbandingan Tegang:<\/h3>\n\n\n\n<p>Membandingkan tenses dalam bahasa Albania membantu dalam memahami urutan dan aspek peristiwa. Bandingkan aorist dengan sempurna saat ini, dan tidak sempurna dengan aoris, untuk melihat bagaimana bahasa Albania membedakan tindakan tunggal yang telah selesai, tindakan masa lalu yang sedang berlangsung, dan relevansi saat ini.<\/p>\n\n\n\n<h3 class=\"wp-block-heading\" id=\"h-8-progressive\">8. Progresif:<\/h3>\n\n\n\n<p>Aspek progresif dalam bahasa Albania biasanya diungkapkan dengan <a href=\"https:\/\/talkpal.ai\/ja\/grammar\/%e7%b2%92%e5%ad%90%e3%81%b8\/\">partikel<\/a> po sebelum kata kerja terbatas atau dengan struktur jam duke diikuti dengan kata benda verbal atau participle. Gunakan ini untuk mengekspresikan tindakan yang sedang berlangsung di masa kini atau masa lalu.<\/p>\n\n\n\n<h3 class=\"wp-block-heading\" id=\"h-9-perfect-progressive\">9. Progresif Sempurna:<\/h3>\n\n\n\n<p>Aspek ini digunakan untuk mengungkapkan tindakan yang telah berlangsung hingga titik tertentu. Dalam bahasa Albania, dibentuk dengan kam qen\u00eb duke diikuti oleh participle untuk <a href=\"https:\/\/talkpal.ai\/grammar\/mastering-the-present-perfect-progressive-tense-in-english-grammar\/\">present perfect progressive<\/a>, dan kisha qen\u00eb duke untuk <a href=\"https:\/\/talkpal.ai\/es\/grammar_exercises\/past-perfect-progressive-tense-para-la-gramatica-inglesa\/\">past perfect progressive<\/a>.<\/p>\n\n\n\n<h3 class=\"wp-block-heading\" id=\"h-10-conditionals\">10. Bersyarat:<\/h3>\n\n\n\n<p>Kondisional mengekspresikan situasi hipotetis dan kemungkinan hasilnya. Bahasa Albania menggunakan bentuk dengan do t\u00eb ditambah bentuk kata kerja yang sesuai untuk situasi potensial atau tidak nyata, dan klausa if yang diperkenalkan oleh n\u00ebse atau po t\u00eb. Menguasai ini akan menambah nuansa pada keterampilan bahasa Anda.<\/p>\n\n\n\n<h3 class=\"wp-block-heading\" id=\"h-11-adverbs\">11. Kata keterangan:<\/h3>\n\n\n\n<p>Kata keterangan dalam bahasa Albania memodifikasi kata kerja, kata sifat, atau kata keterangan lainnya. Mereka memberikan informasi tentang cara, tempat, waktu, derajat, dan banyak lagi, sering menggunakan bentuk yang identik dengan kata sifat atau kata keterangan tetap seperti tani, dje, k\u00ebtu, dan atje.<\/p>\n\n\n\n<h3 class=\"wp-block-heading\" id=\"h-12-prepositions\">12. Preposisi:<\/h3>\n\n\n\n<p>Preposisi menghubungkan kata dan frasa bersama. Mereka mengekspresikan hubungan waktu, tempat, arah, dan banyak lagi, menggunakan item umum seperti n\u00eb, te, tek, me, pa, p\u00ebr, nga, mbi, n\u00ebn, para, dan pas. Pelajari bagaimana mereka bergabung dengan kasus dan artikel penautan dalam frasa kata benda.<\/p>\n\n\n\n<h3 class=\"wp-block-heading\" id=\"h-13-sentences\">13. Kalimat:<\/h3>\n\n\n\n<p>Akhirnya, berlatih membangun kalimat. Bahasa Albania biasanya memiliki urutan kata yang fleksibel dengan pola SVO yang umum, menggunakan kata ganti klitik sebelum kata kerja, meniadakan dengan nuk, dan membentuk pertanyaan dengan intonasi atau dengan a. Menggunakan semua poin tata bahasa yang dipelajari sebelumnya dalam konteks akan memastikan pemahaman yang komprehensif tentang bahasa Albania.<\/p>\n<\/div><\/div>\n\r\n<section class=\"learnNavigationSection\">\r\n            \r\n        <a href=\"https:\/\/talkpal.ai\/id\/belajar-bahasa-albania\/\">\r\n            <div class=\"learnNavigationWrapper\">\r\n                <div class=\"learnNavigationContent\">\r\n                    <img decoding=\"async\" src=\"https:\/\/talkpal.ai\/wp-content\/uploads\/2025\/11\/Albanian.png\" alt=\"Albanian Flag\">\r\n                    <div>\r\n                        <h4>Tentang Pembelajaran Albania<\/h4>\r\n                        <p>Cari tahu semua tentang Tata Bahasa Albania.<\/p>\r\n                    <\/div>\r\n                <\/div>\r\n            <\/div>\r\n        <\/a>\r\n\r\n        \r\n        <a href=\"https:\/\/talkpal.ai\/id\/tata-bahasa-albania\/\">\r\n            <div class=\"learnNavigationWrapper\">\r\n                <div class=\"learnNavigationContent\">\r\n                    <img decoding=\"async\" src=\"https:\/\/talkpal.ai\/wp-content\/uploads\/2025\/11\/Albanian.png\" alt=\"Albanian Flag\">\r\n                    <div>\r\n                        <h4>Pelajaran Tata Bahasa Albania<\/h4>\r\n                        <p>Berlatih tata bahasa Albania.<\/p>\r\n                    <\/div>\r\n                <\/div>\r\n            <\/div>\r\n        <\/a>\r\n\r\n            <\/section>","protected":false},"excerpt":{"rendered":"<p>Topik Tata Bahasa Albania Belajar bahasa baru bisa menjadi upaya yang menantang namun bermanfaat. Bahasa Albania, bahasa Indo-Eropa yang digunakan terutama di Albania, tidak terkecuali. Dengan fitur dan strukturnya yang unik, belajar bahasa Albania membutuhkan pendekatan sistematis untuk memahami tata bahasanya yang kaya. Panduan ini menguraikan bidang-bidang utama tata bahasa Albania dalam urutan logis untuk [&hellip;]<\/p>\n","protected":false},"author":20,"featured_media":0,"parent":0,"menu_order":0,"comment_status":"closed","ping_status":"closed","template":"LearningContentPage.php","meta":{"_acf_changed":false,"footnotes":""},"class_list":["post-1468668","page","type-page","status-publish","hentry"],"acf":[],"yoast_head":"<!-- This site is optimized with the Yoast SEO Premium plugin v27.2 (Yoast SEO v27.2) - https:\/\/yoast.com\/product\/yoast-seo-premium-wordpress\/ -->\n<title>Latihan Tata Bahasa Albania - Talkpal<\/title>\n<meta name=\"description\" content=\"Tingkatkan kemampuan bahasa Albania Anda dengan latihan tata bahasa interaktif Talkpal yang mencakup kata benda, kata kerja, tenses, dan struktur kalimat.\" \/>\n<meta name=\"robots\" content=\"index, follow, max-snippet:-1, max-image-preview:large, max-video-preview:-1\" \/>\n<link rel=\"canonical\" href=\"https:\/\/talkpal.ai\/id\/latihan-tata-bahasa-albania\/\" \/>\n<meta property=\"og:locale\" content=\"id_ID\" \/>\n<meta property=\"og:type\" content=\"article\" \/>\n<meta property=\"og:title\" content=\"Latihan Tata Bahasa Albania\" \/>\n<meta property=\"og:description\" content=\"Topik Tata Bahasa Albania Belajar bahasa baru bisa menjadi upaya yang menantang namun bermanfaat. Bahasa Albania, bahasa Indo-Eropa yang digunakan\" \/>\n<meta property=\"og:url\" content=\"https:\/\/talkpal.ai\/id\/latihan-tata-bahasa-albania\/\" \/>\n<meta property=\"og:site_name\" content=\"Talkpal\" \/>\n<meta property=\"article:publisher\" content=\"https:\/\/www.facebook.com\/profile.php?id=100090733639311\" \/>\n<meta property=\"article:modified_time\" content=\"2025-12-30T15:39:38+00:00\" \/>\n<meta property=\"og:image\" content=\"https:\/\/talkpal.ai\/wp-content\/uploads\/2025\/02\/Progress-tab-16_9.png\" \/>\n\t<meta property=\"og:image:width\" content=\"2880\" \/>\n\t<meta property=\"og:image:height\" content=\"1620\" \/>\n\t<meta property=\"og:image:type\" content=\"image\/png\" \/>\n<meta name=\"twitter:card\" content=\"summary_large_image\" \/>\n<meta name=\"twitter:site\" content=\"@talkpalai\" \/>\n<meta name=\"twitter:label1\" content=\"Estimasi waktu membaca\" \/>\n\t<meta name=\"twitter:data1\" content=\"3 menit\" \/>\n<script type=\"application\/ld+json\" class=\"yoast-schema-graph\">{\"@context\":\"https:\/\/schema.org\",\"@graph\":[{\"@type\":\"WebPage\",\"@id\":\"https:\/\/talkpal.ai\/id\/latihan-tata-bahasa-albania\/\",\"url\":\"https:\/\/talkpal.ai\/id\/latihan-tata-bahasa-albania\/\",\"name\":\"Latihan Tata Bahasa Albania - Talkpal\",\"isPartOf\":{\"@id\":\"https:\/\/talkpal.ai\/id\/#website\"},\"datePublished\":\"2025-11-11T12:32:58+00:00\",\"dateModified\":\"2025-12-30T15:39:38+00:00\",\"description\":\"Tingkatkan kemampuan bahasa Albania Anda dengan latihan tata bahasa interaktif Talkpal yang mencakup kata benda, kata kerja, tenses, dan struktur kalimat.\",\"breadcrumb\":{\"@id\":\"https:\/\/talkpal.ai\/id\/latihan-tata-bahasa-albania\/#breadcrumb\"},\"inLanguage\":\"id\",\"potentialAction\":[{\"@type\":\"ReadAction\",\"target\":[\"https:\/\/talkpal.ai\/id\/latihan-tata-bahasa-albania\/\"]}]},{\"@type\":\"BreadcrumbList\",\"@id\":\"https:\/\/talkpal.ai\/id\/latihan-tata-bahasa-albania\/#breadcrumb\",\"itemListElement\":[{\"@type\":\"ListItem\",\"position\":1,\"name\":\"Homepage\",\"item\":\"https:\/\/talkpal.ai\/id\/\"},{\"@type\":\"ListItem\",\"position\":2,\"name\":\"Latihan Tata Bahasa Albania\"}]},{\"@type\":\"WebSite\",\"@id\":\"https:\/\/talkpal.ai\/id\/#website\",\"url\":\"https:\/\/talkpal.ai\/id\/\",\"name\":\"Talkpal\",\"description\":\"AI Language Learning\",\"publisher\":{\"@id\":\"https:\/\/talkpal.ai\/id\/#organization\"},\"alternateName\":\"Talkpal AI\",\"potentialAction\":[{\"@type\":\"SearchAction\",\"target\":{\"@type\":\"EntryPoint\",\"urlTemplate\":\"https:\/\/talkpal.ai\/id\/?s={search_term_string}\"},\"query-input\":{\"@type\":\"PropertyValueSpecification\",\"valueRequired\":true,\"valueName\":\"search_term_string\"}}],\"inLanguage\":\"id\"},{\"@type\":\"Organization\",\"@id\":\"https:\/\/talkpal.ai\/id\/#organization\",\"name\":\"Talkpal, Inc.\",\"alternateName\":\"Talkpal AI\",\"url\":\"https:\/\/talkpal.ai\/id\/\",\"logo\":{\"@type\":\"ImageObject\",\"inLanguage\":\"id\",\"@id\":\"https:\/\/talkpal.ai\/id\/#\/schema\/logo\/image\/\",\"url\":\"https:\/\/talkpal.ai\/wp-content\/uploads\/2024\/03\/Talkpal-Logo-Icon.png\",\"contentUrl\":\"https:\/\/talkpal.ai\/wp-content\/uploads\/2024\/03\/Talkpal-Logo-Icon.png\",\"width\":2880,\"height\":2880,\"caption\":\"Talkpal, Inc.\"},\"image\":{\"@id\":\"https:\/\/talkpal.ai\/id\/#\/schema\/logo\/image\/\"},\"sameAs\":[\"https:\/\/www.facebook.com\/profile.php?id=100090733639311\",\"https:\/\/x.com\/talkpalai\",\"https:\/\/www.linkedin.com\/company\/talkpal\/\",\"https:\/\/www.youtube.com\/@TalkPal\/\",\"https:\/\/www.tiktok.com\/@talkpal\",\"https:\/\/www.instagram.com\/talkpal_ai\/\",\"https:\/\/www.crunchbase.com\/organization\/talkpal-9cde\",\"https:\/\/www.g2.com\/products\/talkpal-for-business\/\",\"https:\/\/www.trustpilot.com\/review\/talkpal.ai\",\"https:\/\/www.capterra.com\/p\/10006800\/TalkPal\/\"],\"description\":\"Talkpal is a language learning web and mobile education app, powered by the latest AI technologies, that provides engaging experiences to its customers in many different languages to help them improve their language skills. Users can chat about unlimited amount of topics with the app and use other modes to practice their language learning.\",\"email\":\"support@talkpal.ai\",\"legalName\":\"Talkpal, Inc.\",\"foundingDate\":\"2023-04-03\",\"duns\":\"118989042\",\"numberOfEmployees\":{\"@type\":\"QuantitativeValue\",\"minValue\":\"11\",\"maxValue\":\"50\"},\"publishingPrinciples\":\"https:\/\/talkpal.ai\/publishing-principles\/\",\"actionableFeedbackPolicy\":\"https:\/\/talkpal.ai\/actionable-feedback-policy\/\",\"correctionsPolicy\":\"https:\/\/talkpal.ai\/corrections-policy\/\",\"ethicsPolicy\":\"https:\/\/talkpal.ai\/ethics-policy\/\",\"diversityPolicy\":\"https:\/\/talkpal.ai\/diversity-policy\/\",\"diversityStaffingReport\":\"https:\/\/talkpal.ai\/diversity-policy\/\"}]}<\/script>\n<!-- \/ Yoast SEO Premium plugin. -->","yoast_head_json":{"title":"Latihan Tata Bahasa Albania - Talkpal","description":"Tingkatkan kemampuan bahasa Albania Anda dengan latihan tata bahasa interaktif Talkpal yang mencakup kata benda, kata kerja, tenses, dan struktur kalimat.","robots":{"index":"index","follow":"follow","max-snippet":"max-snippet:-1","max-image-preview":"max-image-preview:large","max-video-preview":"max-video-preview:-1"},"canonical":"https:\/\/talkpal.ai\/id\/latihan-tata-bahasa-albania\/","og_locale":"id_ID","og_type":"article","og_title":"Latihan Tata Bahasa Albania","og_description":"Topik Tata Bahasa Albania Belajar bahasa baru bisa menjadi upaya yang menantang namun bermanfaat. Bahasa Albania, bahasa Indo-Eropa yang digunakan","og_url":"https:\/\/talkpal.ai\/id\/latihan-tata-bahasa-albania\/","og_site_name":"Talkpal","article_publisher":"https:\/\/www.facebook.com\/profile.php?id=100090733639311","article_modified_time":"2025-12-30T15:39:38+00:00","og_image":[{"width":2880,"height":1620,"url":"https:\/\/talkpal.ai\/wp-content\/uploads\/2025\/02\/Progress-tab-16_9.png","type":"image\/png"}],"twitter_card":"summary_large_image","twitter_site":"@talkpalai","twitter_misc":{"Estimasi waktu membaca":"3 menit"},"schema":{"@context":"https:\/\/schema.org","@graph":[{"@type":"WebPage","@id":"https:\/\/talkpal.ai\/id\/latihan-tata-bahasa-albania\/","url":"https:\/\/talkpal.ai\/id\/latihan-tata-bahasa-albania\/","name":"Latihan Tata Bahasa Albania - Talkpal","isPartOf":{"@id":"https:\/\/talkpal.ai\/id\/#website"},"datePublished":"2025-11-11T12:32:58+00:00","dateModified":"2025-12-30T15:39:38+00:00","description":"Tingkatkan kemampuan bahasa Albania Anda dengan latihan tata bahasa interaktif Talkpal yang mencakup kata benda, kata kerja, tenses, dan struktur kalimat.","breadcrumb":{"@id":"https:\/\/talkpal.ai\/id\/latihan-tata-bahasa-albania\/#breadcrumb"},"inLanguage":"id","potentialAction":[{"@type":"ReadAction","target":["https:\/\/talkpal.ai\/id\/latihan-tata-bahasa-albania\/"]}]},{"@type":"BreadcrumbList","@id":"https:\/\/talkpal.ai\/id\/latihan-tata-bahasa-albania\/#breadcrumb","itemListElement":[{"@type":"ListItem","position":1,"name":"Homepage","item":"https:\/\/talkpal.ai\/id\/"},{"@type":"ListItem","position":2,"name":"Latihan Tata Bahasa Albania"}]},{"@type":"WebSite","@id":"https:\/\/talkpal.ai\/id\/#website","url":"https:\/\/talkpal.ai\/id\/","name":"Talkpal","description":"AI Language Learning","publisher":{"@id":"https:\/\/talkpal.ai\/id\/#organization"},"alternateName":"Talkpal AI","potentialAction":[{"@type":"SearchAction","target":{"@type":"EntryPoint","urlTemplate":"https:\/\/talkpal.ai\/id\/?s={search_term_string}"},"query-input":{"@type":"PropertyValueSpecification","valueRequired":true,"valueName":"search_term_string"}}],"inLanguage":"id"},{"@type":"Organization","@id":"https:\/\/talkpal.ai\/id\/#organization","name":"Talkpal, Inc.","alternateName":"Talkpal AI","url":"https:\/\/talkpal.ai\/id\/","logo":{"@type":"ImageObject","inLanguage":"id","@id":"https:\/\/talkpal.ai\/id\/#\/schema\/logo\/image\/","url":"https:\/\/talkpal.ai\/wp-content\/uploads\/2024\/03\/Talkpal-Logo-Icon.png","contentUrl":"https:\/\/talkpal.ai\/wp-content\/uploads\/2024\/03\/Talkpal-Logo-Icon.png","width":2880,"height":2880,"caption":"Talkpal, Inc."},"image":{"@id":"https:\/\/talkpal.ai\/id\/#\/schema\/logo\/image\/"},"sameAs":["https:\/\/www.facebook.com\/profile.php?id=100090733639311","https:\/\/x.com\/talkpalai","https:\/\/www.linkedin.com\/company\/talkpal\/","https:\/\/www.youtube.com\/@TalkPal\/","https:\/\/www.tiktok.com\/@talkpal","https:\/\/www.instagram.com\/talkpal_ai\/","https:\/\/www.crunchbase.com\/organization\/talkpal-9cde","https:\/\/www.g2.com\/products\/talkpal-for-business\/","https:\/\/www.trustpilot.com\/review\/talkpal.ai","https:\/\/www.capterra.com\/p\/10006800\/TalkPal\/"],"description":"Talkpal is a language learning web and mobile education app, powered by the latest AI technologies, that provides engaging experiences to its customers in many different languages to help them improve their language skills. Users can chat about unlimited amount of topics with the app and use other modes to practice their language learning.","email":"support@talkpal.ai","legalName":"Talkpal, Inc.","foundingDate":"2023-04-03","duns":"118989042","numberOfEmployees":{"@type":"QuantitativeValue","minValue":"11","maxValue":"50"},"publishingPrinciples":"https:\/\/talkpal.ai\/publishing-principles\/","actionableFeedbackPolicy":"https:\/\/talkpal.ai\/actionable-feedback-policy\/","correctionsPolicy":"https:\/\/talkpal.ai\/corrections-policy\/","ethicsPolicy":"https:\/\/talkpal.ai\/ethics-policy\/","diversityPolicy":"https:\/\/talkpal.ai\/diversity-policy\/","diversityStaffingReport":"https:\/\/talkpal.ai\/diversity-policy\/"}]}},"_links":{"self":[{"href":"https:\/\/talkpal.ai\/id\/wp-json\/wp\/v2\/pages\/1468668","targetHints":{"allow":["GET"]}}],"collection":[{"href":"https:\/\/talkpal.ai\/id\/wp-json\/wp\/v2\/pages"}],"about":[{"href":"https:\/\/talkpal.ai\/id\/wp-json\/wp\/v2\/types\/page"}],"author":[{"embeddable":true,"href":"https:\/\/talkpal.ai\/id\/wp-json\/wp\/v2\/users\/20"}],"replies":[{"embeddable":true,"href":"https:\/\/talkpal.ai\/id\/wp-json\/wp\/v2\/comments?post=1468668"}],"version-history":[{"count":0,"href":"https:\/\/talkpal.ai\/id\/wp-json\/wp\/v2\/pages\/1468668\/revisions"}],"wp:attachment":[{"href":"https:\/\/talkpal.ai\/id\/wp-json\/wp\/v2\/media?parent=1468668"}],"curies":[{"name":"wp","href":"https:\/\/api.w.org\/{rel}","templated":true}]}}