{"id":1468509,"date":"2025-11-12T16:44:57","date_gmt":"2025-11-12T16:44:57","guid":{"rendered":"https:\/\/talkpal.ai\/tata-bahasa-sinhala\/"},"modified":"2025-12-30T11:17:34","modified_gmt":"2025-12-30T11:17:34","slug":"tata-bahasa-sinhala","status":"publish","type":"page","link":"https:\/\/talkpal.ai\/id\/tata-bahasa-sinhala\/","title":{"rendered":"Tata Bahasa Sinhala"},"content":{"rendered":"\r\n\r\n\r\n<section class=\"languageChallengeSection\">\r\n    <div class=\"languageInfoWrapper\">\r\n        \r\n        <h1>Tata Bahasa Sinhala<\/h1>\r\n        <p><a href=\"https:\/\/talkpal.ai\/sinhala-grammar\/\">Tata bahasa Sinhala<\/a> mungkin tampak menantang pada awalnya, tetapi fitur uniknya membuat <a href=\"https:\/\/talkpal.ai\/pt-pt\/aprender-indonesio\/\">belajar bahasa<\/a> menjadi pengalaman yang bermanfaat. Dengan menjelajahi alfabet, mutasi, dan aturan tata bahasanya, Anda akan mendapatkan wawasan tentang tradisi linguistik yang kaya. Mulailah perjalanan Anda dan temukan keindahan <a href=\"https:\/\/talkpal.ai\/learn-sinhala\/\">Sinhala<\/a>!<\/p>\r\n\r\n                            <a class=\"getStartedHidden\" href=\"https:\/\/app.talkpal.ai\/id\/signup?lng=\">Mulai<\/a>\r\n        \r\n    <\/div>\r\n\r\n    <figure>\r\n    <img decoding=\"async\" width=\"768\" height=\"768\" src=\"https:\/\/talkpal.ai\/wp-content\/uploads\/2023\/06\/welsh-768x768.png\" class=\"languageImage no-lazy\" alt=\"Language learning for better cognitive abilities\" fetchpriority=\"high\" sizes=\"(max-width: 768px) 150px, 768px\" srcset=\"https:\/\/talkpal.ai\/wp-content\/uploads\/2023\/06\/welsh-768x768.png 768w, https:\/\/talkpal.ai\/wp-content\/uploads\/2023\/06\/welsh-300x300.png 300w\" \/>\r\n    \r\n\r\n    <\/figure>\r\n\r\n            <a class=\"getStartedVisible\" href=\"https:\/\/app.talkpal.ai\/id\/signup?lng=\">Mulai<\/a>\r\n    \r\n<\/section><section class=\"promotionalBanner\">\r\n    <p class=\"promotionalText\">Cara paling efisien untuk belajar bahasa<\/p>\r\n    <a class=\"promotionalLink\" href=\"https:\/\/app.talkpal.ai\/id\/signup?lng=\">Coba Talkpal gratis<\/a>\r\n<\/section>\n<div class=\"wp-block-group pageContainerStyle\"><div class=\"wp-block-group__inner-container is-layout-constrained wp-block-group-is-layout-constrained\">\n<h2 class=\"wp-block-heading\" id=\"h-navigating-the-intricacies-of-sinhala-grammar\">Menavigasi seluk-beluk tata bahasa Sinhala<\/h2>\n\n\n\n<p><a href=\"https:\/\/talkpal.ai\/id\/belajar-sinhala\/\">Sinhala<\/a>, bahasa Indo-Arya Sri Lanka dengan sejarah dan signifikansi budaya yang kaya, menawarkan pengalaman linguistik yang menarik bagi mereka yang ingin menjelajahi sistem tata bahasanya yang unik. Saat Anda menjelajah ke ranah Sinhala, Anda tidak hanya akan memperkaya repertoar linguistik Anda tetapi juga merangkul perjalanan budaya yang menarik. Meskipun <a href=\"https:\/\/talkpal.ai\/id\/latihan-tata-bahasa-malta\/\">tata bahasa<\/a> Sinhala mungkin tampak rumit pada awalnya, memecahnya menjadi komponen inti membuat belajar bahasa lebih mudah didekati. Pada artikel ini, <a href=\"https:\/\/talkpal.ai\/locations\/language-courses-in-kami\/\">kami<\/a> akan menjelajahi dunia tata bahasa Sinhala yang menawan dan memberikan tips tentang cara menguasai kompleksitasnya.<\/p>\n\n\n\n<h3 class=\"wp-block-heading\" id=\"h-1-sinhala-alphabet-and-phonetics\">1. Alfabet dan Fonetik Sinhala<\/h3>\n\n\n\n<p>Sistem penulisan Sinhala adalah abugida dengan set konsonan dan vokalnya sendiri, ditulis dari kiri ke kanan. Konsonan membawa vokal melekat yang dimodifikasi oleh diakritik, dan aksara menampilkan elemen khas seperti rakaransaya dan yansaya, serta konsonan prenase dan retrofleks yang unik untuk bahasa tersebut. Untuk mempelajari tata bahasa Sinhala, sangat penting untuk membiasakan diri dengan sistem penulisan yang khas ini dengan berlatih membaca dan menulis dalam bahasa Sinhala.<\/p>\n\n\n\n<h3 class=\"wp-block-heading\" id=\"h-2-mutations-a-peculiar-sinhala-feature\">2. Mutasi: Fitur Sinhala yang Aneh<\/h3>\n\n\n\n<p>Sinhala tidak menggunakan mutasi konsonan awal. Sebaliknya, fitur penting adalah sandhi fonologis dan asimilasi, termasuk penggabungan vokal dan geminasi konsonan melintasi batas morfem dan kata. Anda juga akan menemukan huruf konjungsi dan pergantian sistematis dalam bahasa Sinhala lisan yang memengaruhi pengucapan dan ritme. Memahami kapan dan bagaimana perubahan suara ini terjadi sangat penting untuk komunikasi yang akurat dalam bahasa Sinhala.<\/p>\n\n\n\n<h3 class=\"wp-block-heading\" id=\"h-3-nouns-and-pronouns-gender-and-cases\">3. Kata benda dan kata ganti: jenis kelamin dan kasus<\/h3>\n\n\n\n<p>Kata benda Sinhala tidak menandai gender tata bahasa seperti yang dilakukan banyak bahasa Eropa, tetapi mereka membedakan animasi dan menggunakan strategi jamak yang berbeda, seperti -l\u0101 untuk animates dan -val untuk banyak inanimates. Hubungan kasus dinyatakan dengan akhiran dan postposisi, misalnya -\u1e6da untuk datif, -ge untuk genitif, dan -in untuk fungsi instrumental atau ablatif. Kata ganti dalam bahasa Sinhala mencakup bentuk pribadi dengan tingkat formalitas dan rasa hormat (misalnya, mama I, oy\u0101 atau ob\u0101 you), posesif (mage my, ob\u0113 your), refleksif (tamange one&#8217;s own), demonstratif (me this, e that), dan interrogatives (kavuda who, mokakda what). Menjadi akrab dengan kata ganti ini dan bentuknya akan secara signifikan meningkatkan pemahaman Anda tentang tata bahasa Sinhala.<\/p>\n\n\n\n<h3 class=\"wp-block-heading\" id=\"h-4-verbs-structure-and-conjugation\">4. Kata kerja: struktur dan konjugasi<\/h3>\n\n\n\n<p>Sinhala terutama SOV, dan kata kerja berkonjugasi untuk tense dan polaritas daripada orang atau angka dalam bahasa sehari-hari. Core tenses meliputi masa kini-kebiasaan, masa lalu, dan masa depan, di samping suasana hati bersyarat dan imperatif. Masa kini umumnya dibentuk dengan -nava, banyak bentuk masa lalu berbasis batang, dan negatif dibangun secara analitis. Mempelajari pola konjugasi kata kerja dan peran participle dan auxiliaries akan meningkatkan kemampuan Anda untuk berkomunikasi secara efektif dalam bahasa Sinhala.<\/p>\n\n\n\n<h3 class=\"wp-block-heading\" id=\"h-5-adjectives-agreement-and-placement\">5. Kata sifat: Perjanjian dan Penempatan<\/h3>\n\n\n\n<p>Dalam tata bahasa Sinhala, kata sifat biasanya mendahului kata benda yang mereka modifikasi dan tidak sesuai dalam jumlah atau jenis kelamin dengan kata benda. Komparatif sering terbentuk dengan vada lebih banyak, dan superlatif dengan klitik -ma, yang penting untuk belajar berkomunikasi secara lebih alami.<\/p>\n\n\n\n<p><strong>Contoh:<\/strong><\/p>\n\n\n\n<p><strong>\u2013 Loku Ad\u0101re (Cinta Besar)<\/strong><\/p>\n\n\n\n<p><strong>\u2013 Podi Lamayi (Anak Kecil)<\/strong><\/p>\n\n\n\n<h3 class=\"wp-block-heading\" id=\"h-6-engaging-with-the-language\">6. Terlibat dengan Bahasa<\/h3>\n\n\n\n<p>Cara paling efektif untuk sepenuhnya memahami dan menginternalisasi tata bahasa Sinhala adalah dengan secara konsisten terlibat dengan bahasa tersebut. Dengan membaca literatur Sinhala, menonton film atau serial televisi Sinhala, dan secara aktif berkomunikasi dengan penutur asli, Anda akan memperkuat pemahaman Anda tentang tata bahasa sambil memperluas kosakata Anda.<\/p>\n\n\n\n<h3 class=\"wp-block-heading\" id=\"h-conclusion\">Kesimpulan<\/h3>\n\n\n\n<p>Meskipun tata bahasa Sinhala mungkin tampak rumit, Anda dapat menjadi mahir dalam bahasa yang indah ini dengan dedikasi, latihan, dan antusiasme. Dengan berfokus pada aturan dasar dan terlibat dengan bahasa di berbagai konteks, Anda akan dengan cepat meningkatkan <a href=\"https:\/\/talkpal.ai\/id\/tata-bahasa\/\">keterampilan tata bahasa<\/a> Sinhala Anda. Subha pathum (semoga berhasil) dengan perjalanan bahasa Sinhala Anda, dan nikmati mengungkap dunia tata bahasa Sinhala yang penuh teka-teki namun menawan!<\/p>\n<\/div><\/div>\n\r\n<section class=\"learnNavigationSection\">\r\n            \r\n        <a href=\"https:\/\/talkpal.ai\/id\/belajar-sinhala\/\">\r\n            <div class=\"learnNavigationWrapper\">\r\n                <div class=\"learnNavigationContent\">\r\n                    <img decoding=\"async\" src=\"https:\/\/talkpal.ai\/wp-content\/uploads\/2025\/11\/Sinhala.png\" alt=\"Sri Lankan Flag\">\r\n                    <div>\r\n                        <h4>Tentang Pembelajaran Sinhala<\/h4>\r\n                        <p>Cari tahu semua tentang Tata Bahasa Sinhala.<\/p>\r\n                    <\/div>\r\n                <\/div>\r\n            <\/div>\r\n        <\/a>\r\n\r\n        \r\n        <a href=\"https:\/\/talkpal.ai\/id\/latihan-tata-bahasa-sinhala\/\">\r\n            <div class=\"learnNavigationWrapper\">\r\n                <div class=\"learnNavigationContent\">\r\n                    <img decoding=\"async\" src=\"https:\/\/talkpal.ai\/wp-content\/uploads\/2025\/11\/Sinhala.png\" alt=\"Sri Lankan Flag\">\r\n                    <div>\r\n                        <h4>Latihan Tata Bahasa Sinhala<\/h4>\r\n                        <p>Berlatih tata bahasa Sinhala.<\/p>\r\n                    <\/div>\r\n                <\/div>\r\n            <\/div>\r\n        <\/a>\r\n\r\n            <\/section>","protected":false},"excerpt":{"rendered":"<p>Menavigasi seluk-beluk tata bahasa Sinhala Sinhala, bahasa Indo-Arya Sri Lanka dengan sejarah dan signifikansi budaya yang kaya, menawarkan pengalaman linguistik yang menarik bagi mereka yang ingin menjelajahi sistem tata bahasanya yang unik. Saat Anda menjelajah ke ranah Sinhala, Anda tidak hanya akan memperkaya repertoar linguistik Anda tetapi juga merangkul perjalanan budaya yang menarik. Meskipun tata [&hellip;]<\/p>\n","protected":false},"author":20,"featured_media":0,"parent":0,"menu_order":0,"comment_status":"closed","ping_status":"closed","template":"LearningContentPage.php","meta":{"_acf_changed":false,"footnotes":""},"class_list":["post-1468509","page","type-page","status-publish","hentry"],"acf":[],"yoast_head":"<!-- This site is optimized with the Yoast SEO Premium plugin v27.2 (Yoast SEO v27.2) - https:\/\/yoast.com\/product\/yoast-seo-premium-wordpress\/ -->\n<title>Tata Bahasa Sinhala - Talkpal<\/title>\n<meta name=\"description\" content=\"Kuasai aturan tata bahasa Sinhala dan tingkatkan kefasihan Anda dengan panduan bahasa yang komprehensif dan interaktif dari Talkpal AI.\" \/>\n<meta name=\"robots\" content=\"index, follow, max-snippet:-1, max-image-preview:large, max-video-preview:-1\" \/>\n<link rel=\"canonical\" href=\"https:\/\/talkpal.ai\/id\/tata-bahasa-sinhala\/\" \/>\n<meta property=\"og:locale\" content=\"id_ID\" \/>\n<meta property=\"og:type\" content=\"article\" \/>\n<meta property=\"og:title\" content=\"Tata Bahasa Sinhala\" \/>\n<meta property=\"og:description\" content=\"Menavigasi seluk-beluk tata bahasa Sinhala Sinhala, bahasa Indo-Arya Sri Lanka dengan sejarah dan signifikansi budaya yang kaya, menawarkan pengalaman\" \/>\n<meta property=\"og:url\" content=\"https:\/\/talkpal.ai\/id\/tata-bahasa-sinhala\/\" \/>\n<meta property=\"og:site_name\" content=\"Talkpal\" \/>\n<meta property=\"article:publisher\" content=\"https:\/\/www.facebook.com\/profile.php?id=100090733639311\" \/>\n<meta property=\"article:modified_time\" content=\"2025-12-30T11:17:34+00:00\" \/>\n<meta property=\"og:image\" content=\"https:\/\/talkpal.ai\/wp-content\/uploads\/2025\/02\/Progress-tab-16_9.png\" \/>\n\t<meta property=\"og:image:width\" content=\"2880\" \/>\n\t<meta property=\"og:image:height\" content=\"1620\" \/>\n\t<meta property=\"og:image:type\" content=\"image\/png\" \/>\n<meta name=\"twitter:card\" content=\"summary_large_image\" \/>\n<meta name=\"twitter:site\" content=\"@talkpalai\" \/>\n<meta name=\"twitter:label1\" content=\"Estimasi waktu membaca\" \/>\n\t<meta name=\"twitter:data1\" content=\"3 menit\" \/>\n<script type=\"application\/ld+json\" class=\"yoast-schema-graph\">{\"@context\":\"https:\/\/schema.org\",\"@graph\":[{\"@type\":\"WebPage\",\"@id\":\"https:\/\/talkpal.ai\/id\/tata-bahasa-sinhala\/\",\"url\":\"https:\/\/talkpal.ai\/id\/tata-bahasa-sinhala\/\",\"name\":\"Tata Bahasa Sinhala - Talkpal\",\"isPartOf\":{\"@id\":\"https:\/\/talkpal.ai\/id\/#website\"},\"datePublished\":\"2025-11-12T16:44:57+00:00\",\"dateModified\":\"2025-12-30T11:17:34+00:00\",\"description\":\"Kuasai aturan tata bahasa Sinhala dan tingkatkan kefasihan Anda dengan panduan bahasa yang komprehensif dan interaktif dari Talkpal AI.\",\"breadcrumb\":{\"@id\":\"https:\/\/talkpal.ai\/id\/tata-bahasa-sinhala\/#breadcrumb\"},\"inLanguage\":\"id\",\"potentialAction\":[{\"@type\":\"ReadAction\",\"target\":[\"https:\/\/talkpal.ai\/id\/tata-bahasa-sinhala\/\"]}]},{\"@type\":\"BreadcrumbList\",\"@id\":\"https:\/\/talkpal.ai\/id\/tata-bahasa-sinhala\/#breadcrumb\",\"itemListElement\":[{\"@type\":\"ListItem\",\"position\":1,\"name\":\"Homepage\",\"item\":\"https:\/\/talkpal.ai\/id\/\"},{\"@type\":\"ListItem\",\"position\":2,\"name\":\"Tata Bahasa Sinhala\"}]},{\"@type\":\"WebSite\",\"@id\":\"https:\/\/talkpal.ai\/id\/#website\",\"url\":\"https:\/\/talkpal.ai\/id\/\",\"name\":\"Talkpal\",\"description\":\"AI Language Learning\",\"publisher\":{\"@id\":\"https:\/\/talkpal.ai\/id\/#organization\"},\"alternateName\":\"Talkpal AI\",\"potentialAction\":[{\"@type\":\"SearchAction\",\"target\":{\"@type\":\"EntryPoint\",\"urlTemplate\":\"https:\/\/talkpal.ai\/id\/?s={search_term_string}\"},\"query-input\":{\"@type\":\"PropertyValueSpecification\",\"valueRequired\":true,\"valueName\":\"search_term_string\"}}],\"inLanguage\":\"id\"},{\"@type\":\"Organization\",\"@id\":\"https:\/\/talkpal.ai\/id\/#organization\",\"name\":\"Talkpal, Inc.\",\"alternateName\":\"Talkpal AI\",\"url\":\"https:\/\/talkpal.ai\/id\/\",\"logo\":{\"@type\":\"ImageObject\",\"inLanguage\":\"id\",\"@id\":\"https:\/\/talkpal.ai\/id\/#\/schema\/logo\/image\/\",\"url\":\"https:\/\/talkpal.ai\/wp-content\/uploads\/2024\/03\/Talkpal-Logo-Icon.png\",\"contentUrl\":\"https:\/\/talkpal.ai\/wp-content\/uploads\/2024\/03\/Talkpal-Logo-Icon.png\",\"width\":2880,\"height\":2880,\"caption\":\"Talkpal, Inc.\"},\"image\":{\"@id\":\"https:\/\/talkpal.ai\/id\/#\/schema\/logo\/image\/\"},\"sameAs\":[\"https:\/\/www.facebook.com\/profile.php?id=100090733639311\",\"https:\/\/x.com\/talkpalai\",\"https:\/\/www.linkedin.com\/company\/talkpal\/\",\"https:\/\/www.youtube.com\/@TalkPal\/\",\"https:\/\/www.tiktok.com\/@talkpal\",\"https:\/\/www.instagram.com\/talkpal_ai\/\",\"https:\/\/www.crunchbase.com\/organization\/talkpal-9cde\",\"https:\/\/www.g2.com\/products\/talkpal-for-business\/\",\"https:\/\/www.trustpilot.com\/review\/talkpal.ai\",\"https:\/\/www.capterra.com\/p\/10006800\/TalkPal\/\"],\"description\":\"Talkpal is a language learning web and mobile education app, powered by the latest AI technologies, that provides engaging experiences to its customers in many different languages to help them improve their language skills. Users can chat about unlimited amount of topics with the app and use other modes to practice their language learning.\",\"email\":\"support@talkpal.ai\",\"legalName\":\"Talkpal, Inc.\",\"foundingDate\":\"2023-04-03\",\"duns\":\"118989042\",\"numberOfEmployees\":{\"@type\":\"QuantitativeValue\",\"minValue\":\"11\",\"maxValue\":\"50\"},\"publishingPrinciples\":\"https:\/\/talkpal.ai\/publishing-principles\/\",\"actionableFeedbackPolicy\":\"https:\/\/talkpal.ai\/actionable-feedback-policy\/\",\"correctionsPolicy\":\"https:\/\/talkpal.ai\/corrections-policy\/\",\"ethicsPolicy\":\"https:\/\/talkpal.ai\/ethics-policy\/\",\"diversityPolicy\":\"https:\/\/talkpal.ai\/diversity-policy\/\",\"diversityStaffingReport\":\"https:\/\/talkpal.ai\/diversity-policy\/\"}]}<\/script>\n<!-- \/ Yoast SEO Premium plugin. -->","yoast_head_json":{"title":"Tata Bahasa Sinhala - Talkpal","description":"Kuasai aturan tata bahasa Sinhala dan tingkatkan kefasihan Anda dengan panduan bahasa yang komprehensif dan interaktif dari Talkpal AI.","robots":{"index":"index","follow":"follow","max-snippet":"max-snippet:-1","max-image-preview":"max-image-preview:large","max-video-preview":"max-video-preview:-1"},"canonical":"https:\/\/talkpal.ai\/id\/tata-bahasa-sinhala\/","og_locale":"id_ID","og_type":"article","og_title":"Tata Bahasa Sinhala","og_description":"Menavigasi seluk-beluk tata bahasa Sinhala Sinhala, bahasa Indo-Arya Sri Lanka dengan sejarah dan signifikansi budaya yang kaya, menawarkan pengalaman","og_url":"https:\/\/talkpal.ai\/id\/tata-bahasa-sinhala\/","og_site_name":"Talkpal","article_publisher":"https:\/\/www.facebook.com\/profile.php?id=100090733639311","article_modified_time":"2025-12-30T11:17:34+00:00","og_image":[{"width":2880,"height":1620,"url":"https:\/\/talkpal.ai\/wp-content\/uploads\/2025\/02\/Progress-tab-16_9.png","type":"image\/png"}],"twitter_card":"summary_large_image","twitter_site":"@talkpalai","twitter_misc":{"Estimasi waktu membaca":"3 menit"},"schema":{"@context":"https:\/\/schema.org","@graph":[{"@type":"WebPage","@id":"https:\/\/talkpal.ai\/id\/tata-bahasa-sinhala\/","url":"https:\/\/talkpal.ai\/id\/tata-bahasa-sinhala\/","name":"Tata Bahasa Sinhala - Talkpal","isPartOf":{"@id":"https:\/\/talkpal.ai\/id\/#website"},"datePublished":"2025-11-12T16:44:57+00:00","dateModified":"2025-12-30T11:17:34+00:00","description":"Kuasai aturan tata bahasa Sinhala dan tingkatkan kefasihan Anda dengan panduan bahasa yang komprehensif dan interaktif dari Talkpal AI.","breadcrumb":{"@id":"https:\/\/talkpal.ai\/id\/tata-bahasa-sinhala\/#breadcrumb"},"inLanguage":"id","potentialAction":[{"@type":"ReadAction","target":["https:\/\/talkpal.ai\/id\/tata-bahasa-sinhala\/"]}]},{"@type":"BreadcrumbList","@id":"https:\/\/talkpal.ai\/id\/tata-bahasa-sinhala\/#breadcrumb","itemListElement":[{"@type":"ListItem","position":1,"name":"Homepage","item":"https:\/\/talkpal.ai\/id\/"},{"@type":"ListItem","position":2,"name":"Tata Bahasa Sinhala"}]},{"@type":"WebSite","@id":"https:\/\/talkpal.ai\/id\/#website","url":"https:\/\/talkpal.ai\/id\/","name":"Talkpal","description":"AI Language Learning","publisher":{"@id":"https:\/\/talkpal.ai\/id\/#organization"},"alternateName":"Talkpal AI","potentialAction":[{"@type":"SearchAction","target":{"@type":"EntryPoint","urlTemplate":"https:\/\/talkpal.ai\/id\/?s={search_term_string}"},"query-input":{"@type":"PropertyValueSpecification","valueRequired":true,"valueName":"search_term_string"}}],"inLanguage":"id"},{"@type":"Organization","@id":"https:\/\/talkpal.ai\/id\/#organization","name":"Talkpal, Inc.","alternateName":"Talkpal AI","url":"https:\/\/talkpal.ai\/id\/","logo":{"@type":"ImageObject","inLanguage":"id","@id":"https:\/\/talkpal.ai\/id\/#\/schema\/logo\/image\/","url":"https:\/\/talkpal.ai\/wp-content\/uploads\/2024\/03\/Talkpal-Logo-Icon.png","contentUrl":"https:\/\/talkpal.ai\/wp-content\/uploads\/2024\/03\/Talkpal-Logo-Icon.png","width":2880,"height":2880,"caption":"Talkpal, Inc."},"image":{"@id":"https:\/\/talkpal.ai\/id\/#\/schema\/logo\/image\/"},"sameAs":["https:\/\/www.facebook.com\/profile.php?id=100090733639311","https:\/\/x.com\/talkpalai","https:\/\/www.linkedin.com\/company\/talkpal\/","https:\/\/www.youtube.com\/@TalkPal\/","https:\/\/www.tiktok.com\/@talkpal","https:\/\/www.instagram.com\/talkpal_ai\/","https:\/\/www.crunchbase.com\/organization\/talkpal-9cde","https:\/\/www.g2.com\/products\/talkpal-for-business\/","https:\/\/www.trustpilot.com\/review\/talkpal.ai","https:\/\/www.capterra.com\/p\/10006800\/TalkPal\/"],"description":"Talkpal is a language learning web and mobile education app, powered by the latest AI technologies, that provides engaging experiences to its customers in many different languages to help them improve their language skills. Users can chat about unlimited amount of topics with the app and use other modes to practice their language learning.","email":"support@talkpal.ai","legalName":"Talkpal, Inc.","foundingDate":"2023-04-03","duns":"118989042","numberOfEmployees":{"@type":"QuantitativeValue","minValue":"11","maxValue":"50"},"publishingPrinciples":"https:\/\/talkpal.ai\/publishing-principles\/","actionableFeedbackPolicy":"https:\/\/talkpal.ai\/actionable-feedback-policy\/","correctionsPolicy":"https:\/\/talkpal.ai\/corrections-policy\/","ethicsPolicy":"https:\/\/talkpal.ai\/ethics-policy\/","diversityPolicy":"https:\/\/talkpal.ai\/diversity-policy\/","diversityStaffingReport":"https:\/\/talkpal.ai\/diversity-policy\/"}]}},"_links":{"self":[{"href":"https:\/\/talkpal.ai\/id\/wp-json\/wp\/v2\/pages\/1468509","targetHints":{"allow":["GET"]}}],"collection":[{"href":"https:\/\/talkpal.ai\/id\/wp-json\/wp\/v2\/pages"}],"about":[{"href":"https:\/\/talkpal.ai\/id\/wp-json\/wp\/v2\/types\/page"}],"author":[{"embeddable":true,"href":"https:\/\/talkpal.ai\/id\/wp-json\/wp\/v2\/users\/20"}],"replies":[{"embeddable":true,"href":"https:\/\/talkpal.ai\/id\/wp-json\/wp\/v2\/comments?post=1468509"}],"version-history":[{"count":0,"href":"https:\/\/talkpal.ai\/id\/wp-json\/wp\/v2\/pages\/1468509\/revisions"}],"wp:attachment":[{"href":"https:\/\/talkpal.ai\/id\/wp-json\/wp\/v2\/media?parent=1468509"}],"curies":[{"name":"wp","href":"https:\/\/api.w.org\/{rel}","templated":true}]}}