{"id":146298,"date":"2023-05-14T14:10:42","date_gmt":"2023-05-14T14:10:42","guid":{"rendered":"http:\/\/talkpal.ai\/tata-bahasa-lithuania\/"},"modified":"2025-12-12T10:43:20","modified_gmt":"2025-12-12T10:43:20","slug":"tata-bahasa-lithuania","status":"publish","type":"page","link":"https:\/\/talkpal.ai\/id\/tata-bahasa-lithuania\/","title":{"rendered":"Tata Bahasa Lithuania"},"content":{"rendered":"\r\n\r\n\r\n<section class=\"languageChallengeSection\">\r\n    <div class=\"languageInfoWrapper\">\r\n        \r\n        <h1>Tata Bahasa Lithuania<\/h1>\r\n        <p>Mulailah perjalanan Anda ke dalam <a href=\"https:\/\/talkpal.ai\/id\/latihan-tata-bahasa-malta\/\">tata bahasa<\/a> <a href=\"https:\/\/talkpal.ai\/locations\/language-courses-in-lithuania\/\">Lithuania<\/a> dan temukan salah satu bahasa tertua dan paling menarik di Eropa. Pelajari aturan dan pola penting untuk membangun fondasi bahasa yang kuat. Terjunlah sekarang dan mulailah menguasai <a href=\"https:\/\/talkpal.ai\/ms\/belajar-bahasa-lithuania\/\">bahasa Lithuania<\/a> hari ini!<\/p>\r\n\r\n                            <a class=\"getStartedHidden\" href=\"https:\/\/app.talkpal.ai\/id\/signup?lng=\">Mulai<\/a>\r\n        \r\n    <\/div>\r\n\r\n    <figure>\r\n    <img decoding=\"async\" width=\"768\" height=\"768\" src=\"https:\/\/talkpal.ai\/wp-content\/uploads\/2023\/06\/lithuenian-768x768.png\" class=\"languageImage no-lazy\" alt=\"Language learning for boosting creativity\" fetchpriority=\"high\" sizes=\"(max-width: 768px) 150px, 768px\" srcset=\"https:\/\/talkpal.ai\/wp-content\/uploads\/2023\/06\/lithuenian-768x768.png 768w, https:\/\/talkpal.ai\/wp-content\/uploads\/2023\/06\/lithuenian-300x300.png 300w\" \/>\r\n    \r\n\r\n    <\/figure>\r\n\r\n            <a class=\"getStartedVisible\" href=\"https:\/\/app.talkpal.ai\/id\/signup?lng=\">Mulai<\/a>\r\n    \r\n<\/section>\r\n<section class=\"promotionalBanner\">\r\n    <p class=\"promotionalText\">Cara paling efisien untuk belajar bahasa<\/p>\r\n    <a class=\"promotionalLink\" href=\"https:\/\/app.talkpal.ai\/id\/signup?lng=\">Coba Talkpal gratis<\/a>\r\n<\/section>\n<div class=\"wp-block-group pageContainerStyle\"><div class=\"wp-block-group__inner-container is-layout-constrained wp-block-group-is-layout-constrained\">\n<h2 class=\"wp-block-heading\" id=\"h-lithuanian-grammar-a-fascinating-journey-through-language\">Tata Bahasa Lithuania: Perjalanan Menarik Melalui Bahasa<\/h2>\n\n\n\n<p>Pernahkah Anda mempertimbangkan untuk <a href=\"https:\/\/talkpal.ai\/learn-lithuanian\/\">belajar bahasa Lithuania<\/a> atau hanya tertarik dengan tata bahasanya yang unik? Nah, Anda akan mendapatkan hadiah yang luar biasa! <a href=\"https:\/\/talkpal.ai\/id\/latihan-tata-bahasa-malta\/\">Tata bahasa<\/a> Lithuania mungkin tampak aneh pada awalnya, tetapi jangan salah &#8211; ini menampilkan logika linguistik yang indah. Pada artikel ini, <a href=\"https:\/\/talkpal.ai\/locations\/language-courses-in-kami\/\">kami<\/a> akan mengungkap berbagai aspek tata bahasa <a href=\"https:\/\/talkpal.ai\/locations\/learn-english-in-lithuania\/\">Lithuania,<\/a> memberdayakan Anda untuk menghargai pesonanya.<\/p>\n\n\n\n<p>Pertama, latar belakang singkat: Lithuania adalah bahasa Baltik yang terutama digunakan di Lithuania tetapi juga ditemui di negara-negara tetangga. Sebagai salah satu bahasa Indo-Eropa tertua yang masih hidup, ia mempertahankan fitur kuno, memberikan wawasan tentang perkembangan bahasa lain dalam keluarga bahasa. Signifikansi historis ini membuat bahasa Lithuania sangat menawan bagi pecinta bahasa.<\/p>\n\n\n\n<p>Sekarang mari kita pelajari beberapa aspek penting dari tata bahasa Lithuania.<\/p>\n\n\n\n<h3 class=\"wp-block-heading\" id=\"h-1-nouns-cases-and-declensions\">1. Kata benda, kasus, dan kemerosotan<\/h3>\n\n\n\n<p>Salah satu fitur yang paling menonjol dari tata bahasa Lithuania adalah sistem kasusnya yang rumit. Kata benda mengadopsi bentuk yang berbeda tergantung pada fungsinya dalam kalimat dan apakah mereka mencerminkan subjek, objek, atau penerima tindakan. Bahasa Lithuania memiliki tujuh kasus: nominatif, genitif, datif, akusatif, instrumental, lokatif, dan vokatif.<\/p>\n\n\n\n<p>Ambil kata benda &#8220;vaikas&#8221; (anak) sebagai contoh. Kata ini dapat berubah menjadi &#8220;vaiko&#8221;, &#8220;vaikui&#8221;, &#8220;vaik\u0105&#8221;, dan seterusnya berdasarkan peran yang dimainkannya dalam kalimat. Selain <a href=\"https:\/\/talkpal.ai\/locations\/language-courses-in-itu\/\">itu<\/a>, akhiran dipengaruhi oleh jenis kelamin kata benda (maskulin atau feminin) dan dibagi lagi menjadi deklinasi, membuat bahasa ini semakin fleksibel.<\/p>\n\n\n\n<h3 class=\"wp-block-heading\" id=\"h-2-verb-conjugation-and-tenses\">2. Konjugasi dan tenses kata kerja<\/h3>\n\n\n\n<p>Kata kerja Lithuania mengubah ujungnya tergantung pada orang dan nomor (tunggal atau jamak) subjek. Sebagai contoh, kata kerja &#8220;eiti&#8221; (pergi) dapat menjadi &#8220;einu&#8221; (saya pergi), &#8220;einate&#8221; (kalian -jamak- pergi), &#8220;eina&#8221; (mereka pergi), di antara bentuk-bentuk lainnya.<\/p>\n\n\n\n<p>Bahasa Lithuania memiliki empat tenses utama: sekarang, masa lalu, iteratif masa lalu, dan masa depan. Menariknya, bahasa ini juga dilengkapi penanda aspek: sempurna dan tidak sempurna. Penanda ini memberikan informasi tambahan tentang apakah tindakan selesai atau sedang berlangsung. Misalnya, &#8220;ne\u0161ti&#8221; (membawa &#8211; imperfektif) versus &#8220;nat&#8221; (telah membawa &#8211; perfektif).<\/p>\n\n\n\n<h3 class=\"wp-block-heading\" id=\"h-3-sentence-structure-and-word-order\">3. Struktur kalimat dan urutan kata<\/h3>\n\n\n\n<p>Meskipun bahasa Lithuania umumnya mengikuti urutan kata SVO (subjek-kata kerja-objek), sistem kasusnya memungkinkan fleksibilitas yang cukup besar. Tidak seperti bahasa Inggris, di mana urutan kata biasanya menentukan arti kalimat, memindahkan kata dalam bahasa Lithuania tidak mengubah artinya. Contohnya, &#8220;kat\u0117 valgo \u017euv\u012f&#8221; (kucing memakan ikan) juga bisa menjadi &#8220;\u017euv\u012f valgo kat\u0117&#8221; tanpa kehilangan atau mengubah artinya.<\/p>\n\n\n\n<p>Fleksibilitas ini memungkinkan Anda untuk bermain dengan struktur kalimat, menekankan elemen-elemen tertentu, atau menghasilkan nuansa saat Anda menjadi lebih mahir dalam bahasa.<\/p>\n\n\n\n<h3 class=\"wp-block-heading\" id=\"h-4-adjectives-adverbs-and-agreement-rules\">4. Kata sifat, kata keterangan, dan aturan perjanjian<\/h3>\n\n\n\n<p>Seperti banyak bahasa, kata sifat dan kata keterangan dalam bahasa Lithuania menggambarkan kata benda dan kata kerja, tetapi mereka juga mengikuti aturan perjanjian tertentu. Secara khusus, kata sifat harus setuju dengan kata benda yang mereka modifikasi dalam kasus, jenis kelamin, dan nomor. Setelah Anda memahami kasus kata benda dan konjugasi kata kerja, aturan-aturan ini akan datang lebih alami.<\/p>\n\n\n\n<p>Jadi, apakah Anda siap untuk menyelami tata bahasa Lithuania? Dengan ketekunan, dedikasi, dan sumber daya yang tepat, belajar bahasa Lithuania \u2014 kaya akan sejarah dan warisan budaya \u2014 adalah pengalaman yang sangat berharga. Atasi bahasa selangkah demi selangkah, berlatih secara konsisten, dan tetap terbuka untuk belajar dari kesalahan Anda. S\u0117km\u0117s! (Semoga berhasil!)<\/p>\n<\/div><\/div>\n\r\n<section class=\"learnNavigationSection\">\r\n            \r\n        <a href=\"https:\/\/talkpal.ai\/id\/belajar-bahasa-lituania\/\">\r\n            <div class=\"learnNavigationWrapper\">\r\n                <div class=\"learnNavigationContent\">\r\n                    <img decoding=\"async\" src=\"https:\/\/talkpal.ai\/wp-content\/uploads\/2024\/08\/Lithuanian.jpg\" alt=\"Lithuanian Flag\">\r\n                    <div>\r\n                        <h4>Tentang Pembelajaran Bahasa Lituania<\/h4>\r\n                        <p>Cari tahu semua tentang tata bahasa Lithuania.<\/p>\r\n                    <\/div>\r\n                <\/div>\r\n            <\/div>\r\n        <\/a>\r\n\r\n        \r\n        <a href=\"https:\/\/talkpal.ai\/id\/latihan-tata-bahasa-lithuania\/\">\r\n            <div class=\"learnNavigationWrapper\">\r\n                <div class=\"learnNavigationContent\">\r\n                    <img decoding=\"async\" src=\"https:\/\/talkpal.ai\/wp-content\/uploads\/2024\/08\/Lithuanian.jpg\" alt=\"Lithuanian Flag\">\r\n                    <div>\r\n                        <h4>Latihan Tata Bahasa Lithuania<\/h4>\r\n                        <p>Berlatih tata bahasa Lithuania.<\/p>\r\n                    <\/div>\r\n                <\/div>\r\n            <\/div>\r\n        <\/a>\r\n\r\n        \r\n        <a href=\"https:\/\/talkpal.ai\/vocabulary_language\/lithuanian\/\">\r\n            <div class=\"learnNavigationWrapper\">\r\n                <div class=\"learnNavigationContent\">\r\n                    <img decoding=\"async\" src=\"https:\/\/talkpal.ai\/wp-content\/uploads\/2024\/08\/Lithuanian.jpg\" alt=\"Lithuanian Flag\">\r\n                    <div>\r\n                        <h4>Kosakata Bahasa Lithuania<\/h4>\r\n                        <p>Perbanyak kosakata bahasa Lithuania Anda.<\/p>\r\n                    <\/div>\r\n                <\/div>\r\n            <\/div>\r\n        <\/a>\r\n\r\n            <\/section>","protected":false},"excerpt":{"rendered":"<p>Tata Bahasa Lithuania: Perjalanan Menarik Melalui Bahasa Pernahkah Anda mempertimbangkan untuk belajar bahasa Lithuania atau hanya tertarik dengan tata bahasanya yang unik? Nah, Anda akan mendapatkan hadiah yang luar biasa! Tata bahasa Lithuania mungkin tampak aneh pada awalnya, tetapi jangan salah &#8211; ini menampilkan logika linguistik yang indah. Pada artikel ini, kami akan mengungkap berbagai [&hellip;]<\/p>\n","protected":false},"author":1,"featured_media":114980,"parent":0,"menu_order":0,"comment_status":"closed","ping_status":"closed","template":"LearningContentPage.php","meta":{"_acf_changed":false,"footnotes":""},"class_list":["post-146298","page","type-page","status-publish","has-post-thumbnail","hentry"],"acf":[],"yoast_head":"<!-- This site is optimized with the Yoast SEO Premium plugin v27.2 (Yoast SEO v27.2) - https:\/\/yoast.com\/product\/yoast-seo-premium-wordpress\/ -->\n<title>Tata Bahasa Lithuania - Talkpal<\/title>\n<meta name=\"description\" content=\"Temukan bagaimana tata bahasa Lithuania mencerminkan kekayaan sejarah dan logika, menjadikannya studi yang sempurna bagi para pecinta bahasa.\" \/>\n<meta name=\"robots\" content=\"index, follow, max-snippet:-1, max-image-preview:large, max-video-preview:-1\" \/>\n<link rel=\"canonical\" href=\"https:\/\/talkpal.ai\/id\/tata-bahasa-lithuania\/\" \/>\n<meta property=\"og:locale\" content=\"id_ID\" \/>\n<meta property=\"og:type\" content=\"article\" \/>\n<meta property=\"og:title\" content=\"Tata Bahasa Lithuania\" \/>\n<meta property=\"og:description\" content=\"Tata Bahasa Lithuania: Perjalanan Menarik Melalui Bahasa Pernahkah Anda mempertimbangkan untuk belajar bahasa Lithuania atau hanya tertarik dengan tata\" \/>\n<meta property=\"og:url\" content=\"https:\/\/talkpal.ai\/id\/tata-bahasa-lithuania\/\" \/>\n<meta property=\"og:site_name\" content=\"Talkpal\" \/>\n<meta property=\"article:publisher\" content=\"https:\/\/www.facebook.com\/profile.php?id=100090733639311\" \/>\n<meta property=\"article:modified_time\" content=\"2025-12-12T10:43:20+00:00\" \/>\n<meta property=\"og:image\" content=\"https:\/\/talkpal.ai\/wp-content\/uploads\/2023\/05\/Lithuanian.png\" \/>\n\t<meta property=\"og:image:width\" content=\"512\" \/>\n\t<meta property=\"og:image:height\" content=\"512\" \/>\n\t<meta property=\"og:image:type\" content=\"image\/png\" \/>\n<meta name=\"twitter:card\" content=\"summary_large_image\" \/>\n<meta name=\"twitter:site\" content=\"@talkpalai\" \/>\n<meta name=\"twitter:label1\" content=\"Estimasi waktu membaca\" \/>\n\t<meta name=\"twitter:data1\" content=\"3 menit\" \/>\n<script type=\"application\/ld+json\" class=\"yoast-schema-graph\">{\"@context\":\"https:\/\/schema.org\",\"@graph\":[{\"@type\":\"WebPage\",\"@id\":\"https:\/\/talkpal.ai\/id\/tata-bahasa-lithuania\/\",\"url\":\"https:\/\/talkpal.ai\/id\/tata-bahasa-lithuania\/\",\"name\":\"Tata Bahasa Lithuania - Talkpal\",\"isPartOf\":{\"@id\":\"https:\/\/talkpal.ai\/id\/#website\"},\"primaryImageOfPage\":{\"@id\":\"https:\/\/talkpal.ai\/id\/tata-bahasa-lithuania\/#primaryimage\"},\"image\":{\"@id\":\"https:\/\/talkpal.ai\/id\/tata-bahasa-lithuania\/#primaryimage\"},\"thumbnailUrl\":\"https:\/\/talkpal.ai\/wp-content\/uploads\/2023\/05\/Lithuanian.png\",\"datePublished\":\"2023-05-14T14:10:42+00:00\",\"dateModified\":\"2025-12-12T10:43:20+00:00\",\"description\":\"Temukan bagaimana tata bahasa Lithuania mencerminkan kekayaan sejarah dan logika, menjadikannya studi yang sempurna bagi para pecinta bahasa.\",\"breadcrumb\":{\"@id\":\"https:\/\/talkpal.ai\/id\/tata-bahasa-lithuania\/#breadcrumb\"},\"inLanguage\":\"id\",\"potentialAction\":[{\"@type\":\"ReadAction\",\"target\":[\"https:\/\/talkpal.ai\/id\/tata-bahasa-lithuania\/\"]}]},{\"@type\":\"ImageObject\",\"inLanguage\":\"id\",\"@id\":\"https:\/\/talkpal.ai\/id\/tata-bahasa-lithuania\/#primaryimage\",\"url\":\"https:\/\/talkpal.ai\/wp-content\/uploads\/2023\/05\/Lithuanian.png\",\"contentUrl\":\"https:\/\/talkpal.ai\/wp-content\/uploads\/2023\/05\/Lithuanian.png\",\"width\":512,\"height\":512},{\"@type\":\"BreadcrumbList\",\"@id\":\"https:\/\/talkpal.ai\/id\/tata-bahasa-lithuania\/#breadcrumb\",\"itemListElement\":[{\"@type\":\"ListItem\",\"position\":1,\"name\":\"Homepage\",\"item\":\"https:\/\/talkpal.ai\/id\/\"},{\"@type\":\"ListItem\",\"position\":2,\"name\":\"Tata Bahasa Lithuania\"}]},{\"@type\":\"WebSite\",\"@id\":\"https:\/\/talkpal.ai\/id\/#website\",\"url\":\"https:\/\/talkpal.ai\/id\/\",\"name\":\"Talkpal\",\"description\":\"AI Language Learning\",\"publisher\":{\"@id\":\"https:\/\/talkpal.ai\/id\/#organization\"},\"alternateName\":\"Talkpal AI\",\"potentialAction\":[{\"@type\":\"SearchAction\",\"target\":{\"@type\":\"EntryPoint\",\"urlTemplate\":\"https:\/\/talkpal.ai\/id\/?s={search_term_string}\"},\"query-input\":{\"@type\":\"PropertyValueSpecification\",\"valueRequired\":true,\"valueName\":\"search_term_string\"}}],\"inLanguage\":\"id\"},{\"@type\":\"Organization\",\"@id\":\"https:\/\/talkpal.ai\/id\/#organization\",\"name\":\"Talkpal, Inc.\",\"alternateName\":\"Talkpal AI\",\"url\":\"https:\/\/talkpal.ai\/id\/\",\"logo\":{\"@type\":\"ImageObject\",\"inLanguage\":\"id\",\"@id\":\"https:\/\/talkpal.ai\/id\/#\/schema\/logo\/image\/\",\"url\":\"https:\/\/talkpal.ai\/wp-content\/uploads\/2024\/03\/Talkpal-Logo-Icon.png\",\"contentUrl\":\"https:\/\/talkpal.ai\/wp-content\/uploads\/2024\/03\/Talkpal-Logo-Icon.png\",\"width\":2880,\"height\":2880,\"caption\":\"Talkpal, Inc.\"},\"image\":{\"@id\":\"https:\/\/talkpal.ai\/id\/#\/schema\/logo\/image\/\"},\"sameAs\":[\"https:\/\/www.facebook.com\/profile.php?id=100090733639311\",\"https:\/\/x.com\/talkpalai\",\"https:\/\/www.linkedin.com\/company\/talkpal\/\",\"https:\/\/www.youtube.com\/@TalkPal\/\",\"https:\/\/www.tiktok.com\/@talkpal\",\"https:\/\/www.instagram.com\/talkpal_ai\/\",\"https:\/\/www.crunchbase.com\/organization\/talkpal-9cde\",\"https:\/\/www.g2.com\/products\/talkpal-for-business\/\",\"https:\/\/www.trustpilot.com\/review\/talkpal.ai\",\"https:\/\/www.capterra.com\/p\/10006800\/TalkPal\/\"],\"description\":\"Talkpal is a language learning web and mobile education app, powered by the latest AI technologies, that provides engaging experiences to its customers in many different languages to help them improve their language skills. Users can chat about unlimited amount of topics with the app and use other modes to practice their language learning.\",\"email\":\"support@talkpal.ai\",\"legalName\":\"Talkpal, Inc.\",\"foundingDate\":\"2023-04-03\",\"duns\":\"118989042\",\"numberOfEmployees\":{\"@type\":\"QuantitativeValue\",\"minValue\":\"11\",\"maxValue\":\"50\"},\"publishingPrinciples\":\"https:\/\/talkpal.ai\/publishing-principles\/\",\"actionableFeedbackPolicy\":\"https:\/\/talkpal.ai\/actionable-feedback-policy\/\",\"correctionsPolicy\":\"https:\/\/talkpal.ai\/corrections-policy\/\",\"ethicsPolicy\":\"https:\/\/talkpal.ai\/ethics-policy\/\",\"diversityPolicy\":\"https:\/\/talkpal.ai\/diversity-policy\/\",\"diversityStaffingReport\":\"https:\/\/talkpal.ai\/diversity-policy\/\"}]}<\/script>\n<!-- \/ Yoast SEO Premium plugin. -->","yoast_head_json":{"title":"Tata Bahasa Lithuania - Talkpal","description":"Temukan bagaimana tata bahasa Lithuania mencerminkan kekayaan sejarah dan logika, menjadikannya studi yang sempurna bagi para pecinta bahasa.","robots":{"index":"index","follow":"follow","max-snippet":"max-snippet:-1","max-image-preview":"max-image-preview:large","max-video-preview":"max-video-preview:-1"},"canonical":"https:\/\/talkpal.ai\/id\/tata-bahasa-lithuania\/","og_locale":"id_ID","og_type":"article","og_title":"Tata Bahasa Lithuania","og_description":"Tata Bahasa Lithuania: Perjalanan Menarik Melalui Bahasa Pernahkah Anda mempertimbangkan untuk belajar bahasa Lithuania atau hanya tertarik dengan tata","og_url":"https:\/\/talkpal.ai\/id\/tata-bahasa-lithuania\/","og_site_name":"Talkpal","article_publisher":"https:\/\/www.facebook.com\/profile.php?id=100090733639311","article_modified_time":"2025-12-12T10:43:20+00:00","og_image":[{"width":512,"height":512,"url":"https:\/\/talkpal.ai\/wp-content\/uploads\/2023\/05\/Lithuanian.png","type":"image\/png"}],"twitter_card":"summary_large_image","twitter_site":"@talkpalai","twitter_misc":{"Estimasi waktu membaca":"3 menit"},"schema":{"@context":"https:\/\/schema.org","@graph":[{"@type":"WebPage","@id":"https:\/\/talkpal.ai\/id\/tata-bahasa-lithuania\/","url":"https:\/\/talkpal.ai\/id\/tata-bahasa-lithuania\/","name":"Tata Bahasa Lithuania - Talkpal","isPartOf":{"@id":"https:\/\/talkpal.ai\/id\/#website"},"primaryImageOfPage":{"@id":"https:\/\/talkpal.ai\/id\/tata-bahasa-lithuania\/#primaryimage"},"image":{"@id":"https:\/\/talkpal.ai\/id\/tata-bahasa-lithuania\/#primaryimage"},"thumbnailUrl":"https:\/\/talkpal.ai\/wp-content\/uploads\/2023\/05\/Lithuanian.png","datePublished":"2023-05-14T14:10:42+00:00","dateModified":"2025-12-12T10:43:20+00:00","description":"Temukan bagaimana tata bahasa Lithuania mencerminkan kekayaan sejarah dan logika, menjadikannya studi yang sempurna bagi para pecinta bahasa.","breadcrumb":{"@id":"https:\/\/talkpal.ai\/id\/tata-bahasa-lithuania\/#breadcrumb"},"inLanguage":"id","potentialAction":[{"@type":"ReadAction","target":["https:\/\/talkpal.ai\/id\/tata-bahasa-lithuania\/"]}]},{"@type":"ImageObject","inLanguage":"id","@id":"https:\/\/talkpal.ai\/id\/tata-bahasa-lithuania\/#primaryimage","url":"https:\/\/talkpal.ai\/wp-content\/uploads\/2023\/05\/Lithuanian.png","contentUrl":"https:\/\/talkpal.ai\/wp-content\/uploads\/2023\/05\/Lithuanian.png","width":512,"height":512},{"@type":"BreadcrumbList","@id":"https:\/\/talkpal.ai\/id\/tata-bahasa-lithuania\/#breadcrumb","itemListElement":[{"@type":"ListItem","position":1,"name":"Homepage","item":"https:\/\/talkpal.ai\/id\/"},{"@type":"ListItem","position":2,"name":"Tata Bahasa Lithuania"}]},{"@type":"WebSite","@id":"https:\/\/talkpal.ai\/id\/#website","url":"https:\/\/talkpal.ai\/id\/","name":"Talkpal","description":"AI Language Learning","publisher":{"@id":"https:\/\/talkpal.ai\/id\/#organization"},"alternateName":"Talkpal AI","potentialAction":[{"@type":"SearchAction","target":{"@type":"EntryPoint","urlTemplate":"https:\/\/talkpal.ai\/id\/?s={search_term_string}"},"query-input":{"@type":"PropertyValueSpecification","valueRequired":true,"valueName":"search_term_string"}}],"inLanguage":"id"},{"@type":"Organization","@id":"https:\/\/talkpal.ai\/id\/#organization","name":"Talkpal, Inc.","alternateName":"Talkpal AI","url":"https:\/\/talkpal.ai\/id\/","logo":{"@type":"ImageObject","inLanguage":"id","@id":"https:\/\/talkpal.ai\/id\/#\/schema\/logo\/image\/","url":"https:\/\/talkpal.ai\/wp-content\/uploads\/2024\/03\/Talkpal-Logo-Icon.png","contentUrl":"https:\/\/talkpal.ai\/wp-content\/uploads\/2024\/03\/Talkpal-Logo-Icon.png","width":2880,"height":2880,"caption":"Talkpal, Inc."},"image":{"@id":"https:\/\/talkpal.ai\/id\/#\/schema\/logo\/image\/"},"sameAs":["https:\/\/www.facebook.com\/profile.php?id=100090733639311","https:\/\/x.com\/talkpalai","https:\/\/www.linkedin.com\/company\/talkpal\/","https:\/\/www.youtube.com\/@TalkPal\/","https:\/\/www.tiktok.com\/@talkpal","https:\/\/www.instagram.com\/talkpal_ai\/","https:\/\/www.crunchbase.com\/organization\/talkpal-9cde","https:\/\/www.g2.com\/products\/talkpal-for-business\/","https:\/\/www.trustpilot.com\/review\/talkpal.ai","https:\/\/www.capterra.com\/p\/10006800\/TalkPal\/"],"description":"Talkpal is a language learning web and mobile education app, powered by the latest AI technologies, that provides engaging experiences to its customers in many different languages to help them improve their language skills. Users can chat about unlimited amount of topics with the app and use other modes to practice their language learning.","email":"support@talkpal.ai","legalName":"Talkpal, Inc.","foundingDate":"2023-04-03","duns":"118989042","numberOfEmployees":{"@type":"QuantitativeValue","minValue":"11","maxValue":"50"},"publishingPrinciples":"https:\/\/talkpal.ai\/publishing-principles\/","actionableFeedbackPolicy":"https:\/\/talkpal.ai\/actionable-feedback-policy\/","correctionsPolicy":"https:\/\/talkpal.ai\/corrections-policy\/","ethicsPolicy":"https:\/\/talkpal.ai\/ethics-policy\/","diversityPolicy":"https:\/\/talkpal.ai\/diversity-policy\/","diversityStaffingReport":"https:\/\/talkpal.ai\/diversity-policy\/"}]}},"_links":{"self":[{"href":"https:\/\/talkpal.ai\/id\/wp-json\/wp\/v2\/pages\/146298","targetHints":{"allow":["GET"]}}],"collection":[{"href":"https:\/\/talkpal.ai\/id\/wp-json\/wp\/v2\/pages"}],"about":[{"href":"https:\/\/talkpal.ai\/id\/wp-json\/wp\/v2\/types\/page"}],"author":[{"embeddable":true,"href":"https:\/\/talkpal.ai\/id\/wp-json\/wp\/v2\/users\/1"}],"replies":[{"embeddable":true,"href":"https:\/\/talkpal.ai\/id\/wp-json\/wp\/v2\/comments?post=146298"}],"version-history":[{"count":0,"href":"https:\/\/talkpal.ai\/id\/wp-json\/wp\/v2\/pages\/146298\/revisions"}],"wp:featuredmedia":[{"embeddable":true,"href":"https:\/\/talkpal.ai\/id\/wp-json\/wp\/v2\/media\/114980"}],"wp:attachment":[{"href":"https:\/\/talkpal.ai\/id\/wp-json\/wp\/v2\/media?parent=146298"}],"curies":[{"name":"wp","href":"https:\/\/api.w.org\/{rel}","templated":true}]}}